{"id":1957,"date":"2023-12-14T09:21:57","date_gmt":"2023-12-14T08:21:57","guid":{"rendered":"https:\/\/vapebulkp.com\/?post_type=product&#038;p=1957"},"modified":"2025-09-08T05:34:08","modified_gmt":"2025-09-08T03:34:08","slug":"prime-bar-8000-disposable-pod-device-wholesale-price","status":"publish","type":"product","link":"https:\/\/vapebulkp.com\/es\/product\/prime-bar-8000-disposable-pod-device-wholesale-price\/","title":{"rendered":"Precio al por Mayor del Dispositivo Pod Desechable Prime Bar 8000"},"content":{"rendered":"<h2>Precio al por Mayor del Dispositivo Pod Desechable Prime Bar 8000<\/h2>\n<p>Dise\u00f1ado para el vaper europeo exigente, el dispositivo de vapeo desechable Prime Bar 8000 establece un nuevo est\u00e1ndar de lujo y rendimiento en el vapeo desechable. Impulsado por una avanzada bater\u00eda integrada de 650 mAh y tecnolog\u00eda de bobina de malla de vanguardia, este dispositivo garantiza una producci\u00f3n de vapor excepcionalmente suave y rica desde la primera calada hasta la \u00faltima.<\/p>\n<p>Pre-cargado con l\u00edquido de sal de nicotina premium, ofrece una experiencia de sabor intensa y satisfactoria en una sofisticada gama de perfiles, desde tabaco refinado y mentol helado hasta frutas ex\u00f3ticas y deliciosas mezclas de postres. Cada variante est\u00e1 dise\u00f1ada para cumplir con las altas expectativas de los entusiastas modernos del vapeo europeo que valoran tanto el sabor como la consistencia.<\/p>\n<p>Con su dise\u00f1o ergon\u00f3mico y elegante, el vapeador desechable de 8000 caladas se mantiene sin esfuerzo port\u00e1til, lo que lo convierte en el compa\u00f1ero ideal para viajes, salidas nocturnas o uso diario. Su mecanismo f\u00e1cil de usar y activado por calada no requiere mantenimiento ni carga, lo que proporciona una satisfacci\u00f3n sin complicaciones en cualquier momento y lugar.<\/p>\n<p>Dise\u00f1ado para la longevidad y la fiabilidad, este dispositivo se destaca como la mejor opci\u00f3n tanto para usuarios individuales como para compradores mayoristas que buscan vapers desechables de primera calidad adaptados al mercado espa\u00f1ol. Experimenta un sabor y rendimiento inigualables con el Vape Desechable de 8000 Caladas, donde la innovaci\u00f3n se une a la elegancia.<\/p>\n<p><img decoding=\"async\" class=\"alignnone wp-image-1965\" src=\"http:\/\/vapebulkp.com\/wp-content\/uploads\/2023\/12\/PRIME-BAR-WHOLESALE-PRICE-PUFF-8000.jpg\" alt=\"PRECIO MAYORISTA PRIME BAR CALADAS 8000\" width=\"551\" height=\"551\" srcset=\"https:\/\/vapebulkp.com\/wp-content\/uploads\/2023\/12\/PRIME-BAR-WHOLESALE-PRICE-PUFF-8000.jpg 1001w, https:\/\/vapebulkp.com\/wp-content\/uploads\/2023\/12\/PRIME-BAR-WHOLESALE-PRICE-PUFF-8000-300x300.jpg 300w, https:\/\/vapebulkp.com\/wp-content\/uploads\/2023\/12\/PRIME-BAR-WHOLESALE-PRICE-PUFF-8000-150x150.jpg 150w, https:\/\/vapebulkp.com\/wp-content\/uploads\/2023\/12\/PRIME-BAR-WHOLESALE-PRICE-PUFF-8000-768x768.jpg 768w, https:\/\/vapebulkp.com\/wp-content\/uploads\/2023\/12\/PRIME-BAR-WHOLESALE-PRICE-PUFF-8000-600x600.jpg 600w, https:\/\/vapebulkp.com\/wp-content\/uploads\/2023\/12\/PRIME-BAR-WHOLESALE-PRICE-PUFF-8000-100x100.jpg 100w\" sizes=\"(max-width: 551px) 100vw, 551px\" \/><\/p>\n<p>&nbsp;<\/p>\n<h6 style=\"text-align: left\"><\/h6>\n<h6>Por favor, contacta con el WhatsApp de Mandy para obtener un precio con descuento<a href=\"https:\/\/wa.me\/8618077105796\">+8618077105796<\/a><\/h6>\n<p><img decoding=\"async\" class=\"alignnone wp-image-2151\" src=\"http:\/\/vapebulkp.com\/wp-content\/uploads\/2024\/04\/Mandy-WhatsApp-Randm.jpg\" alt=\"Mandy WhatsApp Aleatorio\" width=\"305\" height=\"325\" srcset=\"https:\/\/vapebulkp.com\/wp-content\/uploads\/2024\/04\/Mandy-WhatsApp-Randm.jpg 916w, https:\/\/vapebulkp.com\/wp-content\/uploads\/2024\/04\/Mandy-WhatsApp-Randm-282x300.jpg 282w, https:\/\/vapebulkp.com\/wp-content\/uploads\/2024\/04\/Mandy-WhatsApp-Randm-768x817.jpg 768w, https:\/\/vapebulkp.com\/wp-content\/uploads\/2024\/04\/Mandy-WhatsApp-Randm-600x638.jpg 600w\" sizes=\"(max-width: 305px) 100vw, 305px\" \/><\/p>\n<h2><span style=\"vertical-align: inherit\">Pensamos que te podr\u00eda interesar saber acerca de <\/span>Prime Bar 8000 <span style=\"vertical-align: inherit\">Vape desechable:<\/span><\/h2>\n<p>&nbsp;<\/p>\n<h5>1. Puede Prime Bar 8k caladas <span style=\"vertical-align: inherit\">Vaper Desechable <\/span>\u00bfEnv\u00edais a Espa\u00f1a?<\/h5>\n<p>\u00a1Por supuesto! Ofrecemos servicios de env\u00edo en varios pa\u00edses europeos, incluyendo los Pa\u00edses Bajos, Alemania, Francia, Espa\u00f1a, Italia, B\u00e9lgica, Luxemburgo, Austria, Rep\u00fablica Checa, Eslovaquia, Hungr\u00eda, Eslovenia, Ruman\u00eda, Bulgaria, Grecia, Polonia, Suecia, Irlanda, Portugal, Finlandia, Estonia, Letonia, Lituania y m\u00e1s.<\/p>\n<h5>2. \u00bfCu\u00e1l es el proceso de carga del Prime Bar 8k caladas?<\/h5>\n<p>Cargar el Prime Bar 8k caladas es muy f\u00e1cil. Simplemente use un cargador Android Tipo-C (no un cargador s\u00faper r\u00e1pido). Al cargar, una luz azul se iluminar\u00e1 en la parte inferior del dispositivo. La luz se apagar\u00e1 una vez que el dispositivo est\u00e9 completamente cargado y listo para usar.<\/p>\n<h5>3. \u00bfCu\u00e1nto tiempo se tarda en cargar completamente el Prime Bar de 8000 caladas?<\/h5>\n<p>La Prime Bar 8000 caladas suele tardar unos 30 minutos en cargarse por completo. Observa que la luz indicadora azul se apague, lo que indica que tu dispositivo de vapeo est\u00e1 completamente cargado y listo para usar.<\/p>\n<p><span style=\"color: #ff6600\">Aviso: \u00a1no recargar toda la noche!<\/span><\/p>\n<p>&nbsp;<\/p>\n<h3>Mejor Vape Prime Bar 8000 Caladas Caracter\u00edstica Clave:<\/h3>\n<p>Modelo: Barra Prime de luz RGB 8000 caladas<\/p>\n<p>Dimensiones: 110 mm x 25 mm x 15 mm<\/p>\n<p>Peso neto: 40g<\/p>\n<p>Nivel de nicotina: 20mg (2%)<\/p>\n<p>Capacidad de E-l\u00edquido: 2ml<\/p>\n<p>Capacidad de Bater\u00eda: 1500mAh<\/p>\n<p>Puerto de Carga: Tipo-C<\/p>\n<p>Caladas: Hasta 8000<\/p>\n<h3>Ventajas de la barra de vapeo Prime Bar 8000 caladas:<\/h3>\n<p>1. Lim\u00f3n Lima<br \/>\n2.Gominola de Oso<br \/>\n3.Polo Helado<br \/>\n4.Fresa Frambuesa Cereza Helado<br \/>\n5.Cereza con Gas<br \/>\n6.Ponche Tropical<br \/>\n7.Frambuesa Azul<br \/>\n8.Sr. Azul<br \/>\n9.Meta Luna<br \/>\n10.Fresa Sand\u00eda<br \/>\n11.Melocot\u00f3n Mango<br \/>\n12.Mango Naranja<br \/>\n13.Uva<br \/>\n14.Granizado Azul<br \/>\n15.Ar\u00e1ndano Cereza Ar\u00e1ndano Rojo<br \/>\n16.Granizado de Cereza<br \/>\n17. Hubba Bubba<br \/>\n18.Pi\u00f1a<br \/>\n19.Granizado de Frambuesa<br \/>\n20.Granizado de Fresa<br \/>\n21.Granizado de Sand\u00eda<\/p>\n<h3>Prime Bar 8000 Caladas <strong>Lista de Sabores:<\/strong><\/h3>\n<p>1. Ar\u00e1ndano Frambuesa<br \/>\n2.Uva y Baya<br \/>\n3.Chicle de Fresa y Sand\u00eda<br \/>\n4.Caramelo de Fresa y Frambuesa<br \/>\n5.Fresa y Pl\u00e1tano<br \/>\n6.Fresa y Mango<br \/>\n7.Melocot\u00f3n, Mango y Pi\u00f1a<br \/>\n8.Sand\u00eda Helada<br \/>\n9. Triple Mango<br \/>\n10.Cereza Helada<br \/>\n11.Maracuy\u00e1 Mel\u00f3n Helado<br \/>\n12.Kiwi Maracuy\u00e1 Guayaba<\/p>\n<p><a href=\"https:\/\/vapebulkp.com\/es\/product\/popular-randm-tornado-7000puffs-disposable-vape-best-price\/\">Randm tornado 7000 caladas<\/a><\/p>\n<p><span style=\"vertical-align: inherit\">Encuentra m\u00e1s productos que te puedan gustar:<\/span><em><a href=\"https:\/\/wa.me\/8618077105796\"><span style=\"vertical-align: inherit\">\u00a0C\u00f3mpralo ahora<\/span><\/a><\/em><\/p>\n<p><span style=\"vertical-align: inherit\">Otros vaporizadores que te pueden gustar:<\/span><a href=\"https:\/\/vapebulkp.com\/es\/product\/good-sale-randm-tornado-10000-puffs-plus\/\"><span style=\"vertical-align: inherit\">RandM 10000 caladas<\/span><\/a><span style=\"vertical-align: inherit\">\u2014Con una capacidad de 10,000 caladas, este dispositivo es uno de los favoritos entre los entusiastas del vapeo.<\/span><\/p>\n<p><a href=\"https:\/\/vapebulkp.com\/es\/product\/wholesale-randm-tornado-9000-puffs-germany\/\"><span style=\"vertical-align: inherit\">RandM Tornado 9000 caladas<\/span><\/a><span style=\"vertical-align: inherit\">\u2014Como el cigarrillo electr\u00f3nico m\u00e1s popular, Randm tiene 9,000 caladas para que disfrutes<\/span><\/p>\n<p><a href=\"https:\/\/vapebulkp.com\/es\/product\/popular-bang-king-10000-puffs-vape-good-price\/\"><span style=\"vertical-align: inherit\">Bang King 10000 caladas<\/span><\/a><span style=\"vertical-align: inherit\">\u2014Bang King es una marca popular con modelos \u00fanicos y 10000 caladas<\/span><\/p>\n<p><a href=\"https:\/\/vapebulkp.com\/es\/product\/bang-king-12000puffs\/\"><span style=\"vertical-align: inherit\">Bang King 12000 caladas<\/span><\/a>\u2014-Bang King 12000 caladas es una marca popular con modelos \u00fanicos y 12,000 caladas, otra opci\u00f3n para mejorar tus necesidades de vapeo<\/p>\n<p><span style=\"vertical-align: inherit\">Cigarrillo electr\u00f3nico con forma especial:<\/span><a href=\"https:\/\/vapebulkp.com\/es\/product\/popular-kulx-10000puffs-disposable-vape-good-price\/\"><span style=\"vertical-align: inherit\">Kulx 10000 caladas<\/span><\/a><span style=\"vertical-align: inherit\">\/ <\/span><a href=\"https:\/\/vapebulkp.com\/es\/product\/disposable-vape-crystal-600-puffs\/\"><span style=\"vertical-align: inherit\">Crystal Legend 600 caladas<\/span><\/a><span style=\"vertical-align: inherit\">\/<\/span><a href=\"https:\/\/vapebulkp.com\/es\/product\/bang-box-12000puffs-good-vape-sweden-wholesale-price\/\"><span style=\"vertical-align: inherit\">Bang Box vape 12000 caladas<\/span><\/a><\/p>\n<h4>Cosas que quiz\u00e1s quieras saber sobre los cigarrillos electr\u00f3nicos (e-cigarrillos):<\/h4>\n<p>P: \u00bfPor qu\u00e9 los cigarrillos electr\u00f3nicos gotean aceite?<br \/>\nR: La fuga de aceite del cigarrillo electr\u00f3nico puede ser causada por una instalaci\u00f3n incorrecta del n\u00facleo del atomizador o por un anillo de sellado da\u00f1ado durante el llenado. Aseg\u00farate de no apretar demasiado el aceite al llenar y revisa si el anillo de sellado est\u00e1 intacto, lo que puede reducir eficazmente la fuga de aceite.<\/p>\n<p>P: \u00bfPor qu\u00e9 huele a quemado el cigarrillo electr\u00f3nico?<br \/>\nR: El olor a quemado generalmente es causado por el quemado en seco del n\u00facleo del atomizador o por la falta de aceite. Se recomienda reemplazar el n\u00facleo del atomizador regularmente y asegurar suficiente aceite para evitar el quemado en seco.<\/p>\n<p>P: \u00bfPor qu\u00e9 la potencia de succi\u00f3n de los cigarrillos electr\u00f3nicos se vuelve m\u00e1s d\u00e9bil?<br \/>\nR: La succi\u00f3n d\u00e9bil puede deberse a la bater\u00eda insuficiente, al envejecimiento del n\u00facleo del atomizador o a la obstrucci\u00f3n del n\u00facleo del atomizador. Intenta recargar la bater\u00eda o reemplazar el n\u00facleo del atomizador por uno nuevo para resolver el problema de la succi\u00f3n d\u00e9bil.<\/p>\n<p>P: \u00bfC\u00f3mo limpiar el equipo del cigarrillo electr\u00f3nico?<br \/>\nR: Limpiar tu dispositivo de cigarrillo electr\u00f3nico regularmente mantendr\u00e1 su rendimiento y sabor. Usa un pa\u00f1o suave para limpiar suavemente la superficie del dispositivo y usa hisopos de algod\u00f3n para limpiar las conexiones o las superficies internas, pero ten cuidado de evitar da\u00f1os.<\/p>\n<p>P: \u00bfSon da\u00f1inos para la salud los cigarrillos electr\u00f3nicos?<br \/>\nR: Aunque los cigarrillos electr\u00f3nicos pueden contener menos sustancias nocivas que los cigarrillos tradicionales, eso no significa que sean completamente inofensivos. El uso prolongado de cigarrillos electr\u00f3nicos a\u00fan puede tener ciertos efectos en la salud. Lo mejor es limitar su uso y buscar el consejo de un profesional de la salud.<\/p>\n<h4>Detalle de env\u00edo:<\/h4>\n<p><span style=\"color: #ff6600\">Tiempo de producci\u00f3n: 5-10 d\u00edas laborables<\/span><br \/>\n<span style=\"color: #ff6600\">Tiempo de env\u00edo: 8-14 d\u00edas laborables<\/span><\/p>\n<p>Todos los productos en nuestra tienda son 100% originales y aut\u00e9nticos, por lo que la compensaci\u00f3n de diez veces por productos falsos es la pol\u00edtica de nuestra tienda. Utilizamos canales log\u00edsticos como UPS\/DHL\/FEDEX\/DPD para entregarle los productos.<\/p>\n<p>Para los paquetes enviados a Espa\u00f1a, generalmente tardan 12 a 15 d\u00edas laborables en llegar. Actualizaremos la informaci\u00f3n de log\u00edstica para usted en tiempo real.<\/p>\n<p>Cont\u00e1ctenos y le ofreceremos Hazebar 12000 caladas para llevar su negocio a lo m\u00e1s alto.<\/p>","protected":false},"excerpt":{"rendered":"<p>Disfruta vapeando sobre la marcha con el vaporizador desechable Prime Bar 8000 Puff al por mayor. Prime Bar 8000 Puffs es el cigarrillo electr\u00f3nico desechable que mereces.<\/p>\n<p><img decoding=\"async\" class=\"alignnone wp-image-2151\" src=\"http:\/\/vapebulkp.com\/wp-content\/uploads\/2024\/04\/Mandy-WhatsApp-Randm.jpg\" alt=\"Mandy WhatsApp Aleatorio\" width=\"310\" height=\"329\" srcset=\"https:\/\/vapebulkp.com\/wp-content\/uploads\/2024\/04\/Mandy-WhatsApp-Randm.jpg 916w, https:\/\/vapebulkp.com\/wp-content\/uploads\/2024\/04\/Mandy-WhatsApp-Randm-282x300.jpg 282w, https:\/\/vapebulkp.com\/wp-content\/uploads\/2024\/04\/Mandy-WhatsApp-Randm-768x817.jpg 768w, https:\/\/vapebulkp.com\/wp-content\/uploads\/2024\/04\/Mandy-WhatsApp-Randm-600x638.jpg 600w\" sizes=\"(max-width: 310px) 100vw, 310px\" \/><\/p>\n<p>Por favor, contacta con el WhatsApp de Mandy para obtener un precio con descuento<a href=\"https:\/\/wa.me\/8618077105796\">+8618077105796<\/a><\/p>\n<p><span style=\"color: #ff0000\">NOTA: Los precios en nuestro sitio web no incluyen los gastos de env\u00edo<\/span><\/p>","protected":false},"featured_media":1958,"comment_status":"open","ping_status":"closed","template":"","meta":{"_uag_custom_page_level_css":"","_lmt_disableupdate":"no","_lmt_disable":"","site-sidebar-layout":"default","site-content-layout":"content-boxed-container","ast-site-content-layout":"normal-width-container","site-content-style":"boxed","site-sidebar-style":"unboxed","ast-global-header-display":"","ast-banner-title-visibility":"","ast-main-header-display":"","ast-hfb-above-header-display":"","ast-hfb-below-header-display":"","ast-hfb-mobile-header-display":"","site-post-title":"","ast-breadcrumbs-content":"","ast-featured-img":"","footer-sml-layout":"","theme-transparent-header-meta":"default","adv-header-id-meta":"","stick-header-meta":"","header-above-stick-meta":"","header-main-stick-meta":"","header-below-stick-meta":"","astra-migrate-meta-layouts":"set","_joinchat":[]},"product_cat":[169,153,155,33,59,100,34,158,157,154,152,58,84,156,63,32],"product_tag":[52,36,37,91,41,71,40],"class_list":["post-1957","product","type-product","status-publish","has-post-thumbnail","hentry","product_cat-8000-puffs-disposable-vape","product_cat-hot-disposable-vapes","product_cat-belgium-hot-disposable-vapes","product_cat-france-vape-hot-sale","product_cat-germany-hot-disposable-vape","product_cat-germany-wholesale-vape-shop","product_cat-netherlands-vape-good-sale","product_cat-norway-hot-disposable-vapes","product_cat-poland-hot-disposable-vapes","product_cat-portugal-hot-disposable-vapes","product_cat-spain-hot-disposable-vapes","product_cat-sweden-hot-disposable-vape","product_cat-sweden-wholesale-vape","product_cat-switzerland-hot-disposable-vapes","product_cat-top-sale-disposable-vape","product_cat-vape-hot-sale-this-week","product_tag-8000-puffs","product_tag-good-vape","product_tag-hot-sale-disposable-vape","product_tag-italy-hot-vape","product_tag-poland-hot-vape","product_tag-randm","product_tag-sweden-hot-vape","desktop-align-left","tablet-align-left","mobile-align-left"],"yoast_head":"<!-- This site is optimized with the Yoast SEO plugin v21.1 - https:\/\/yoast.com\/wordpress\/plugins\/seo\/ -->\n<title>Prime Bar 8000 Disposable Pod Device Wholesale Price - vapebulkp.com<\/title>\n<meta name=\"description\" content=\"Elevate your vaping experience withPrime Bar 8000 Disposable Pod\u2014a premium disposable vape designed for flavour and reliability. Enjoy intense tastes and extended puffs with no charging needed. Your perfect everyday vaping companion in the EU.\" \/>\n<meta name=\"robots\" content=\"index, follow, max-snippet:-1, max-image-preview:large, max-video-preview:-1\" \/>\n<link rel=\"canonical\" href=\"https:\/\/vapebulkp.com\/es\/product\/prime-bar-8000-disposable-pod-device-wholesale-price\/\" \/>\n<meta property=\"og:locale\" content=\"es_ES\" \/>\n<meta property=\"og:type\" content=\"article\" \/>\n<meta property=\"og:title\" content=\"Prime Bar 8000 Disposable Pod Device Wholesale Price - vapebulkp.com\" \/>\n<meta property=\"og:description\" content=\"Elevate your vaping experience withPrime Bar 8000 Disposable Pod\u2014a premium disposable vape designed for flavour and reliability. Enjoy intense tastes and extended puffs with no charging needed. Your perfect everyday vaping companion in the EU.\" \/>\n<meta property=\"og:url\" content=\"https:\/\/vapebulkp.com\/es\/product\/prime-bar-8000-disposable-pod-device-wholesale-price\/\" \/>\n<meta property=\"og:site_name\" content=\"vapebulkp.com\" \/>\n<meta property=\"article:modified_time\" content=\"2025-09-08T03:34:08+00:00\" \/>\n<meta property=\"og:image\" content=\"http:\/\/vapebulkp.com\/wp-content\/uploads\/2023\/12\/PRIME-BAR-BULK-PRICE-PUFF-8000.jpg\" \/>\n\t<meta property=\"og:image:width\" content=\"1001\" \/>\n\t<meta property=\"og:image:height\" content=\"1001\" \/>\n\t<meta property=\"og:image:type\" content=\"image\/jpeg\" \/>\n<meta name=\"twitter:card\" content=\"summary_large_image\" \/>\n<meta name=\"twitter:label1\" content=\"Tiempo de lectura\" \/>\n\t<meta name=\"twitter:data1\" content=\"5 minutos\" \/>\n<script type=\"application\/ld+json\" class=\"yoast-schema-graph\">{\"@context\":\"https:\/\/schema.org\",\"@graph\":[{\"@type\":\"WebPage\",\"@id\":\"https:\/\/vapebulkp.com\/product\/prime-bar-8000-disposable-pod-device-wholesale-price\/\",\"url\":\"https:\/\/vapebulkp.com\/product\/prime-bar-8000-disposable-pod-device-wholesale-price\/\",\"name\":\"Prime Bar 8000 Disposable Pod Device Wholesale Price - vapebulkp.com\",\"isPartOf\":{\"@id\":\"https:\/\/vapebulkp.com\/#website\"},\"datePublished\":\"2023-12-14T08:21:57+00:00\",\"dateModified\":\"2025-09-08T03:34:08+00:00\",\"description\":\"Elevate your vaping experience withPrime Bar 8000 Disposable Pod\u2014a premium disposable vape designed for flavour and reliability. Enjoy intense tastes and extended puffs with no charging needed. Your perfect everyday vaping companion in the EU.\",\"breadcrumb\":{\"@id\":\"https:\/\/vapebulkp.com\/product\/prime-bar-8000-disposable-pod-device-wholesale-price\/#breadcrumb\"},\"inLanguage\":\"es\",\"potentialAction\":[{\"@type\":\"ReadAction\",\"target\":[\"https:\/\/vapebulkp.com\/product\/prime-bar-8000-disposable-pod-device-wholesale-price\/\"]}]},{\"@type\":\"BreadcrumbList\",\"@id\":\"https:\/\/vapebulkp.com\/product\/prime-bar-8000-disposable-pod-device-wholesale-price\/#breadcrumb\",\"itemListElement\":[{\"@type\":\"ListItem\",\"position\":1,\"name\":\"Home\",\"item\":\"https:\/\/vapebulkp.com\/\"},{\"@type\":\"ListItem\",\"position\":2,\"name\":\"Hot Trend Vapes\",\"item\":\"https:\/\/vapebulkp.com\/vape-shop\/\"},{\"@type\":\"ListItem\",\"position\":3,\"name\":\"Prime Bar 8000 Disposable Pod Device Wholesale Price\"}]},{\"@type\":\"WebSite\",\"@id\":\"https:\/\/vapebulkp.com\/#website\",\"url\":\"https:\/\/vapebulkp.com\/\",\"name\":\"vapebulkp.com\",\"description\":\"Buy Vape In Cheap Bulk Price Near you\",\"publisher\":{\"@id\":\"https:\/\/vapebulkp.com\/#organization\"},\"potentialAction\":[{\"@type\":\"SearchAction\",\"target\":{\"@type\":\"EntryPoint\",\"urlTemplate\":\"https:\/\/vapebulkp.com\/?s={search_term_string}\"},\"query-input\":\"required name=search_term_string\"}],\"inLanguage\":\"es\"},{\"@type\":\"Organization\",\"@id\":\"https:\/\/vapebulkp.com\/#organization\",\"name\":\"vapebulkp.com\",\"url\":\"https:\/\/vapebulkp.com\/\",\"logo\":{\"@type\":\"ImageObject\",\"inLanguage\":\"es\",\"@id\":\"https:\/\/vapebulkp.com\/#\/schema\/logo\/image\/\",\"url\":\"https:\/\/vapebulkp.com\/wp-content\/uploads\/2023\/09\/cropped-vapebulkp.png\",\"contentUrl\":\"https:\/\/vapebulkp.com\/wp-content\/uploads\/2023\/09\/cropped-vapebulkp.png\",\"width\":516,\"height\":163,\"caption\":\"vapebulkp.com\"},\"image\":{\"@id\":\"https:\/\/vapebulkp.com\/#\/schema\/logo\/image\/\"}}]}<\/script>\n<!-- \/ Yoast SEO plugin. -->","yoast_head_json":{"title":"Prime Bar 8000 Disposable Pod Device Wholesale Price - vapebulkp.com","description":"Elevate your vaping experience withPrime Bar 8000 Disposable Pod\u2014a premium disposable vape designed for flavour and reliability. Enjoy intense tastes and extended puffs with no charging needed. Your perfect everyday vaping companion in the EU.","robots":{"index":"index","follow":"follow","max-snippet":"max-snippet:-1","max-image-preview":"max-image-preview:large","max-video-preview":"max-video-preview:-1"},"canonical":"https:\/\/vapebulkp.com\/es\/product\/prime-bar-8000-disposable-pod-device-wholesale-price\/","og_locale":"es_ES","og_type":"article","og_title":"Prime Bar 8000 Disposable Pod Device Wholesale Price - vapebulkp.com","og_description":"Elevate your vaping experience withPrime Bar 8000 Disposable Pod\u2014a premium disposable vape designed for flavour and reliability. Enjoy intense tastes and extended puffs with no charging needed. Your perfect everyday vaping companion in the EU.","og_url":"https:\/\/vapebulkp.com\/es\/product\/prime-bar-8000-disposable-pod-device-wholesale-price\/","og_site_name":"vapebulkp.com","article_modified_time":"2025-09-08T03:34:08+00:00","og_image":[{"width":1001,"height":1001,"url":"http:\/\/vapebulkp.com\/wp-content\/uploads\/2023\/12\/PRIME-BAR-BULK-PRICE-PUFF-8000.jpg","type":"image\/jpeg"}],"twitter_card":"summary_large_image","twitter_misc":{"Tiempo de lectura":"5 minutos"},"schema":{"@context":"https:\/\/schema.org","@graph":[{"@type":"WebPage","@id":"https:\/\/vapebulkp.com\/product\/prime-bar-8000-disposable-pod-device-wholesale-price\/","url":"https:\/\/vapebulkp.com\/product\/prime-bar-8000-disposable-pod-device-wholesale-price\/","name":"Prime Bar 8000 Disposable Pod Device Wholesale Price - vapebulkp.com","isPartOf":{"@id":"https:\/\/vapebulkp.com\/#website"},"datePublished":"2023-12-14T08:21:57+00:00","dateModified":"2025-09-08T03:34:08+00:00","description":"Elevate your vaping experience withPrime Bar 8000 Disposable Pod\u2014a premium disposable vape designed for flavour and reliability. Enjoy intense tastes and extended puffs with no charging needed. Your perfect everyday vaping companion in the EU.","breadcrumb":{"@id":"https:\/\/vapebulkp.com\/product\/prime-bar-8000-disposable-pod-device-wholesale-price\/#breadcrumb"},"inLanguage":"es","potentialAction":[{"@type":"ReadAction","target":["https:\/\/vapebulkp.com\/product\/prime-bar-8000-disposable-pod-device-wholesale-price\/"]}]},{"@type":"BreadcrumbList","@id":"https:\/\/vapebulkp.com\/product\/prime-bar-8000-disposable-pod-device-wholesale-price\/#breadcrumb","itemListElement":[{"@type":"ListItem","position":1,"name":"Home","item":"https:\/\/vapebulkp.com\/"},{"@type":"ListItem","position":2,"name":"Hot Trend Vapes","item":"https:\/\/vapebulkp.com\/vape-shop\/"},{"@type":"ListItem","position":3,"name":"Prime Bar 8000 Disposable Pod Device Wholesale Price"}]},{"@type":"WebSite","@id":"https:\/\/vapebulkp.com\/#website","url":"https:\/\/vapebulkp.com\/","name":"vapebulkp.com","description":"Buy Vape In Cheap Bulk Price Near you","publisher":{"@id":"https:\/\/vapebulkp.com\/#organization"},"potentialAction":[{"@type":"SearchAction","target":{"@type":"EntryPoint","urlTemplate":"https:\/\/vapebulkp.com\/?s={search_term_string}"},"query-input":"required name=search_term_string"}],"inLanguage":"es"},{"@type":"Organization","@id":"https:\/\/vapebulkp.com\/#organization","name":"vapebulkp.com","url":"https:\/\/vapebulkp.com\/","logo":{"@type":"ImageObject","inLanguage":"es","@id":"https:\/\/vapebulkp.com\/#\/schema\/logo\/image\/","url":"https:\/\/vapebulkp.com\/wp-content\/uploads\/2023\/09\/cropped-vapebulkp.png","contentUrl":"https:\/\/vapebulkp.com\/wp-content\/uploads\/2023\/09\/cropped-vapebulkp.png","width":516,"height":163,"caption":"vapebulkp.com"},"image":{"@id":"https:\/\/vapebulkp.com\/#\/schema\/logo\/image\/"}}]}},"uagb_featured_image_src":{"full":["https:\/\/vapebulkp.com\/wp-content\/uploads\/2023\/12\/PRIME-BAR-BULK-PRICE-PUFF-8000.jpg",1001,1001,false],"thumbnail":["https:\/\/vapebulkp.com\/wp-content\/uploads\/2023\/12\/PRIME-BAR-BULK-PRICE-PUFF-8000-150x150.jpg",150,150,true],"medium":["https:\/\/vapebulkp.com\/wp-content\/uploads\/2023\/12\/PRIME-BAR-BULK-PRICE-PUFF-8000-300x300.jpg",300,300,true],"medium_large":["https:\/\/vapebulkp.com\/wp-content\/uploads\/2023\/12\/PRIME-BAR-BULK-PRICE-PUFF-8000-768x768.jpg",768,768,true],"large":["https:\/\/vapebulkp.com\/wp-content\/uploads\/2023\/12\/PRIME-BAR-BULK-PRICE-PUFF-8000.jpg",1001,1001,false],"1536x1536":["https:\/\/vapebulkp.com\/wp-content\/uploads\/2023\/12\/PRIME-BAR-BULK-PRICE-PUFF-8000.jpg",1001,1001,false],"2048x2048":["https:\/\/vapebulkp.com\/wp-content\/uploads\/2023\/12\/PRIME-BAR-BULK-PRICE-PUFF-8000.jpg",1001,1001,false],"trp-custom-language-flag":["https:\/\/vapebulkp.com\/wp-content\/uploads\/2023\/12\/PRIME-BAR-BULK-PRICE-PUFF-8000.jpg",12,12,false],"woocommerce_thumbnail":["https:\/\/vapebulkp.com\/wp-content\/uploads\/2023\/12\/PRIME-BAR-BULK-PRICE-PUFF-8000-300x300.jpg",300,300,true],"woocommerce_single":["https:\/\/vapebulkp.com\/wp-content\/uploads\/2023\/12\/PRIME-BAR-BULK-PRICE-PUFF-8000-600x600.jpg",600,600,true],"woocommerce_gallery_thumbnail":["https:\/\/vapebulkp.com\/wp-content\/uploads\/2023\/12\/PRIME-BAR-BULK-PRICE-PUFF-8000-100x100.jpg",100,100,true],"wcpr-photo-reviews":["https:\/\/vapebulkp.com\/wp-content\/uploads\/2023\/12\/PRIME-BAR-BULK-PRICE-PUFF-8000.jpg",500,500,false]},"uagb_author_info":{"display_name":"Mandy vape bulk price","author_link":"https:\/\/vapebulkp.com\/es\/author\/"},"uagb_comment_info":0,"uagb_excerpt":"Enjoy vaping on the go with the Prime Bar 8000 Disposable Vape Puff\u00a0 Wholesale. Prime Bar 8000 Puffs is the disposable e-cigarette you deserve. Pls Contact Mandy's WhatsApp For Discount Price+8618077105796 NOTE: Prices on our website does not include shipping costs","_links":{"self":[{"href":"https:\/\/vapebulkp.com\/es\/wp-json\/wp\/v2\/product\/1957","targetHints":{"allow":["GET"]}}],"collection":[{"href":"https:\/\/vapebulkp.com\/es\/wp-json\/wp\/v2\/product"}],"about":[{"href":"https:\/\/vapebulkp.com\/es\/wp-json\/wp\/v2\/types\/product"}],"replies":[{"embeddable":true,"href":"https:\/\/vapebulkp.com\/es\/wp-json\/wp\/v2\/comments?post=1957"}],"wp:featuredmedia":[{"embeddable":true,"href":"https:\/\/vapebulkp.com\/es\/wp-json\/wp\/v2\/media\/1958"}],"wp:attachment":[{"href":"https:\/\/vapebulkp.com\/es\/wp-json\/wp\/v2\/media?parent=1957"}],"wp:term":[{"taxonomy":"product_cat","embeddable":true,"href":"https:\/\/vapebulkp.com\/es\/wp-json\/wp\/v2\/product_cat?post=1957"},{"taxonomy":"product_tag","embeddable":true,"href":"https:\/\/vapebulkp.com\/es\/wp-json\/wp\/v2\/product_tag?post=1957"}],"curies":[{"name":"wp","href":"https:\/\/api.w.org\/{rel}","templated":true}]}}