{"id":2106,"date":"2024-03-21T09:56:58","date_gmt":"2024-03-21T08:56:58","guid":{"rendered":"https:\/\/vapebulkp.com\/?post_type=product&#038;p=2106"},"modified":"2025-09-24T05:42:13","modified_gmt":"2025-09-24T03:42:13","slug":"bang-with-a-vape-18000-puffs-crown-bar-hot-vape","status":"publish","type":"product","link":"https:\/\/vapebulkp.com\/es\/product\/bang-with-a-vape-18000-puffs-crown-bar-hot-vape\/","title":{"rendered":"Bang With A Vape 18000 caladas CROWN BAR Hot Vape"},"content":{"rendered":"<h2 style=\"text-align: left\">Bang With A Vape 18000 caladas CROWN BAR Hot Vape<\/h2>\n<p data-start=\"280\" data-end=\"543\">El <strong data-start=\"284\" data-end=\"330\">Vapeador desechable Bang CROWN BAR 18000 caladas<\/strong> combina alta capacidad, sabor suave y un dise\u00f1o moderno hecho a la medida para los vapeadores europeos. Con hasta <strong data-start=\"436\" data-end=\"452\">18.000 caladas<\/strong>, se destaca como una opci\u00f3n confiable para los usuarios que desean tanto resistencia como un sabor premium.<\/p>\n<p data-start=\"545\" data-end=\"918\">Este <strong data-start=\"550\" data-end=\"582\">vape desechable recargable<\/strong> est\u00e1 alimentado por una bater\u00eda de 650mAh con carga r\u00e1pida Tipo-C, lo que garantiza un rendimiento constante con un tiempo de inactividad m\u00ednimo. Un <strong data-start=\"698\" data-end=\"716\">bobina de malla de vapeo<\/strong> sistema mejora la entrega de sabor y la densidad del vapor, mientras que la funci\u00f3n <strong data-start=\"778\" data-end=\"816\">vapeador desechable con flujo de aire ajustable<\/strong> permite a los usuarios ajustar su calada, desde una fuerte y apretada hasta una m\u00e1s ligera y abierta.<\/p>\n<p data-start=\"920\" data-end=\"1289\">Precargado con 20ml de f\u00f3rmula de alta calidad <strong data-start=\"957\" data-end=\"982\">vape de sal de nicotina UE<\/strong> , ofrece un golpe de garganta suave y viene en concentraciones de nicotina de 2% y 5%. El indicador inteligente de bater\u00eda y e-l\u00edquido mantiene cada sesi\u00f3n predecible y sin estr\u00e9s. Con 16 sabores refinados, que van desde mezclas afrutadas hasta mentol refrescante, este vapeador se adapta a diversas preferencias en toda Europa.<\/p>\n<p data-start=\"1291\" data-end=\"1564\">Dise\u00f1ado para la portabilidad y la comodidad, el <strong data-start=\"1337\" data-end=\"1383\">Bar CROWN BANG <a href=\"https:\/\/vapebulkp.com\/es\/product-category\/18000-puffs-disposable-vape\/\">Vaper desechable de 18000 caladas<\/a><\/strong> no es solo el favorito de los consumidores, sino tambi\u00e9n una opci\u00f3n s\u00f3lida para <strong data-start=\"1445\" data-end=\"1470\">vape al por mayor Europa<\/strong>, proporcionando a los minoristas un producto rentable que ofrece tanto rendimiento como estilo.<\/p>\n<p><img decoding=\"async\" class=\"alignnone wp-image-2102\" src=\"http:\/\/vapebulkp.com\/wp-content\/uploads\/2024\/03\/Good-sale-vape-Bang-18000-puffs-top-sale-3.jpg\" alt=\"Buen precio vape Bang 18000 caladas top ventas\" width=\"421\" height=\"561\" srcset=\"https:\/\/vapebulkp.com\/wp-content\/uploads\/2024\/03\/Good-sale-vape-Bang-18000-puffs-top-sale-3.jpg 1080w, https:\/\/vapebulkp.com\/wp-content\/uploads\/2024\/03\/Good-sale-vape-Bang-18000-puffs-top-sale-3-225x300.jpg 225w, https:\/\/vapebulkp.com\/wp-content\/uploads\/2024\/03\/Good-sale-vape-Bang-18000-puffs-top-sale-3-769x1024.jpg 769w, https:\/\/vapebulkp.com\/wp-content\/uploads\/2024\/03\/Good-sale-vape-Bang-18000-puffs-top-sale-3-768x1023.jpg 768w, https:\/\/vapebulkp.com\/wp-content\/uploads\/2024\/03\/Good-sale-vape-Bang-18000-puffs-top-sale-3-600x799.jpg 600w\" sizes=\"(max-width: 421px) 100vw, 421px\" \/><\/p>\n<h6>Por favor, contacta con el WhatsApp de Mandy para obtener un precio con descuento<a href=\"https:\/\/wa.me\/8618077105796\">+8618077105796<\/a><\/h6>\n<p><img decoding=\"async\" class=\"alignnone wp-image-2151\" src=\"http:\/\/vapebulkp.com\/wp-content\/uploads\/2024\/04\/Mandy-WhatsApp-Randm.jpg\" alt=\"Mandy WhatsApp Aleatorio\" width=\"324\" height=\"330\" \/><\/p>\n<h2>Creemos que te gustar\u00eda saber sobre el vapeador desechable Bang 18000 caladas:<\/h2>\n<h5>1. \u00bfC\u00f3mo usar el vaporizador Bang 18k Puffs?<\/h5>\n<p>Paso 1. Antes de usar 18k caladas, desenchufe la pipa de pl\u00e1stico.<\/p>\n<p>Paso 2. Espere unos 3 minutos para que el l\u00edquido entre en la resistencia.<\/p>\n<p>Paso 3. Disfr\u00fatelo<\/p>\n<h5>2.\u00bfC\u00d3MO CARGAR EL VAPORIZADOR DESECHABLE Bang 18k PUFFS?<\/h5>\n<p>No se pueden utilizar cargadores de carga r\u00e1pida. La potencia segura est\u00e1ndar de los cigarrillos electr\u00f3nicos desechables es de 5V 1A.<\/p>\n<p>El tiempo de carga no puede exceder 1 hora. El tiempo de carga seguro es de media hora.<\/p>\n<p><span style=\"color: #ff6600\">Aviso: \u00a1no recargar toda la noche!<\/span><\/p>\n<h5>3.\u00bfCu\u00e1l es la capacidad de e-l\u00edquido del vaporizador Bang 18000 Puffs?<\/h5>\n<p>\u2014\u201320ml<\/p>\n<h5>4.\u00bfCu\u00e1ntas caladas puedo dar a este Bang 18000 Puffs?<\/h5>\n<p>\u2014\u201318k Caladas<\/p>\n<h3>Caracter\u00edsticas del Vaporizador Desechable Bang 18000 Puffs:<\/h3>\n<ul>\n<li>Caladas: HASTA 18000 caladas<\/li>\n<li>\u00a0L\u00edquido: Cartucho de e-l\u00edquido precargado de 20 ml<\/li>\n<li>Nicotina: 2\/5% Nicotina de Sal<\/li>\n<li>\u00a0Tipos: Desechable<\/li>\n<li>\u00a0bater\u00eda de 650 mAh<\/li>\n<li>\u00a00.6 Resistencia de malla, FLUJO DE AIRE AJUSTABLE<\/li>\n<li>\u00a0Recargable Tipo-c<\/li>\n<li>\u00a016 Sabores Disponibles<\/li>\n<\/ul>\n<p>&nbsp;<\/p>\n<h3><strong>\u00bfCu\u00e1les son los mejores sabores del vaporizador Bang 18000 Puffs?<\/strong><\/h3>\n<p>1.MELOCOT\u00d3N MANGO<br \/>\n2.MANZANA \u00c1CIDA<br \/>\n3.UVA<br \/>\n4.SANGRE DE TIGRE<br \/>\n5.AR\u00c1NDANO FRAMBUESA<br \/>\n6.AR\u00c1NDANOS UVAS<br \/>\n7.FRUTAS MIXTAS<br \/>\n8.FRESA SAND\u00cdA<br \/>\n9.FRESA KIWI<br \/>\n10.FRESA MANGO<br \/>\n11.PI\u00d1A COCO<br \/>\n12.MENTA HELADA<br \/>\n13.SAND\u00cdA<br \/>\n14.AR\u00c1NDANO HELADO<br \/>\n15.MELOCOT\u00d3N HELADO<br \/>\n16.CHICLE DE SAND\u00cdA<\/p>\n<p><a href=\"https:\/\/vapebulkp.com\/es\/product\/popular-randm-tornado-7000puffs-disposable-vape-best-price\/\"><span style=\"vertical-align: inherit\">RandM Tornado 7000 Caladas <\/span><\/a><\/p>\n<p><span style=\"vertical-align: inherit\">Encuentra m\u00e1s productos que te puedan gustar:<\/span><em><a href=\"https:\/\/wa.me\/8618077105796\"><span style=\"vertical-align: inherit\">\u00a0C\u00f3mpralo ahora<\/span><\/a><\/em><\/p>\n<p><span style=\"vertical-align: inherit\">Otros vaporizadores que te pueden gustar:<\/span><a href=\"https:\/\/vapebulkp.com\/es\/product\/joymy-ultra15000puffs-best-disposable-vape-2023\/\"><span style=\"vertical-align: inherit\">JOYMY 15000 caladas<\/span><\/a><span style=\"vertical-align: inherit\">\u3001<\/span><a href=\"https:\/\/vapebulkp.com\/es\/product\/wholesale-randm-tornado-9000-puffs-germany\/\"><span style=\"vertical-align: inherit\">RandM 9000 Caladas<\/span><\/a><span style=\"vertical-align: inherit\">\/ <\/span><a href=\"https:\/\/vapebulkp.com\/es\/product\/bang-king-12000puffs\/\"><span style=\"vertical-align: inherit\">Bang King 12000 caladas<\/span><\/a><span style=\"vertical-align: inherit\">\/ <\/span><a href=\"https:\/\/vapebulkp.com\/es\/product\/wholesale-tornado-rum-bar-9000-puffs-sweden\/\"><span style=\"vertical-align: inherit\">Rumbar 9000 Caladas<\/span><\/a><\/p>\n<p><span style=\"vertical-align: inherit\">Cigarrillo electr\u00f3nico con forma especial:<\/span><a href=\"https:\/\/vapebulkp.com\/es\/product\/original-vape-bang-tn-12000-puffs-bang-vape\/\"><span style=\"vertical-align: inherit\"> Bang TN 12000 caladas<\/span><\/a><span style=\"vertical-align: inherit\">\/ <\/span><a href=\"https:\/\/vapebulkp.com\/es\/product\/popular-bang-king-10000-puffs-vape-good-price\/\"><span style=\"vertical-align: inherit\">\u00a0Bang King 10000 caladas <\/span><\/a><span style=\"vertical-align: inherit\">\/<\/span><a href=\"https:\/\/vapebulkp.com\/es\/product\/bang-tornado-12000-puffs-rechargeable-disposable-pod\/\"><span style=\"vertical-align: inherit\"> Bang Tornado 12000 caladas<\/span><\/a><\/p>\n<h5>Cualificaci\u00f3n de la producci\u00f3n:<\/h5>\n<p><img decoding=\"async\" class=\"alignnone size-full wp-image-1841\" src=\"http:\/\/vapebulkp.com\/wp-content\/uploads\/2023\/11\/Vape-production-process-2.jpeg\" alt=\"Proceso de producci\u00f3n de vapes\" width=\"650\" height=\"434\" srcset=\"https:\/\/vapebulkp.com\/wp-content\/uploads\/2023\/11\/Vape-production-process-2.jpeg 650w, https:\/\/vapebulkp.com\/wp-content\/uploads\/2023\/11\/Vape-production-process-2-300x200.jpeg 300w, https:\/\/vapebulkp.com\/wp-content\/uploads\/2023\/11\/Vape-production-process-2-600x401.jpeg 600w\" sizes=\"(max-width: 650px) 100vw, 650px\" \/><\/p>\n<p><img decoding=\"async\" class=\"alignnone size-full wp-image-1843\" src=\"http:\/\/vapebulkp.com\/wp-content\/uploads\/2023\/11\/Vape-production-process.jpeg\" alt=\"Proceso de producci\u00f3n de vapes\" width=\"641\" height=\"1026\" srcset=\"https:\/\/vapebulkp.com\/wp-content\/uploads\/2023\/11\/Vape-production-process.jpeg 641w, https:\/\/vapebulkp.com\/wp-content\/uploads\/2023\/11\/Vape-production-process-187x300.jpeg 187w, https:\/\/vapebulkp.com\/wp-content\/uploads\/2023\/11\/Vape-production-process-640x1024.jpeg 640w, https:\/\/vapebulkp.com\/wp-content\/uploads\/2023\/11\/Vape-production-process-600x960.jpeg 600w\" sizes=\"(max-width: 641px) 100vw, 641px\" \/><\/p>\n<h5>Preguntas frecuentes:<\/h5>\n<p>P: \u00bfCu\u00e1l es la cantidad m\u00ednima de pedido de Bang 18000 Puffs?<br \/>\nR: El pedido m\u00ednimo es de 100 unidades.<br \/>\nP: \u00bfCu\u00e1l es el plazo de entrega para el vapeador pedido?<br \/>\nR: Generalmente son de 10 a 15 d\u00edas despu\u00e9s del env\u00edo.<br \/>\nP: \u00bfCu\u00e1nto cuesta el env\u00edo?R: El coste de env\u00edo depende del peso.diferentes cantidades tienen diferentes costes de env\u00edo, por favor cont\u00e1ctenos para confirmar el coste de env\u00edo.<\/p>\n<h4>Detalle de env\u00edo:<\/h4>\n<p><span style=\"color: #ff6600\">Tiempo de producci\u00f3n: 5-10 d\u00edas laborables<\/span><br \/>\n<span style=\"color: #ff6600\">Tiempo de env\u00edo: 8-14 d\u00edas laborables<\/span><\/p>\n<p>Todos los productos en nuestra tienda son 100% originales y aut\u00e9nticos, por lo que la compensaci\u00f3n de diez veces por productos falsos es la pol\u00edtica de nuestra tienda. Utilizamos canales log\u00edsticos como UPS\/DHL\/FEDEX\/DPD para entregarle los productos.<\/p>\n<p>Para los paquetes enviados a Espa\u00f1a, generalmente tardan 12 a 15 d\u00edas laborables en llegar. Actualizaremos la informaci\u00f3n de log\u00edstica para usted en tiempo real.<\/p>","protected":false},"excerpt":{"rendered":"<p>\u00a1El reci\u00e9n lanzado Bang with a vape 18000 caladas vale la pena!<\/p>\n<p>Por favor, contacta con el WhatsApp de Mandy para obtener un precio con descuento<a href=\"https:\/\/wa.me\/8618077105796\">+8618077105796<\/a><\/p>\n<p><img decoding=\"async\" class=\"alignnone wp-image-2151\" src=\"http:\/\/vapebulkp.com\/wp-content\/uploads\/2024\/04\/Mandy-WhatsApp-Randm.jpg\" alt=\"Mandy WhatsApp Aleatorio\" width=\"297\" height=\"316\" srcset=\"https:\/\/vapebulkp.com\/wp-content\/uploads\/2024\/04\/Mandy-WhatsApp-Randm.jpg 916w, https:\/\/vapebulkp.com\/wp-content\/uploads\/2024\/04\/Mandy-WhatsApp-Randm-282x300.jpg 282w, https:\/\/vapebulkp.com\/wp-content\/uploads\/2024\/04\/Mandy-WhatsApp-Randm-768x817.jpg 768w, https:\/\/vapebulkp.com\/wp-content\/uploads\/2024\/04\/Mandy-WhatsApp-Randm-600x638.jpg 600w\" sizes=\"(max-width: 297px) 100vw, 297px\" \/><\/p>\n<p><span style=\"color: #ff0000\">NOTA: Los precios en nuestro sitio web no incluyen los gastos de env\u00edo<\/span><\/p>\n<p>&nbsp;<\/p>","protected":false},"featured_media":2104,"comment_status":"open","ping_status":"closed","template":"","meta":{"_uag_custom_page_level_css":"","_lmt_disableupdate":"no","_lmt_disable":"","site-sidebar-layout":"default","site-content-layout":"content-boxed-container","ast-site-content-layout":"normal-width-container","site-content-style":"boxed","site-sidebar-style":"unboxed","ast-global-header-display":"","ast-banner-title-visibility":"","ast-main-header-display":"","ast-hfb-above-header-display":"","ast-hfb-below-header-display":"","ast-hfb-mobile-header-display":"","site-post-title":"","ast-breadcrumbs-content":"","ast-featured-img":"","footer-sml-layout":"","theme-transparent-header-meta":"default","adv-header-id-meta":"","stick-header-meta":"","header-above-stick-meta":"","header-main-stick-meta":"","header-below-stick-meta":"","astra-migrate-meta-layouts":"set","_joinchat":[]},"product_cat":[163,153,345,155,33,59,100,87,34,158,157,154,152,58,84,156,63,32],"product_tag":[111,36,37,41,40],"class_list":["post-2106","product","type-product","status-publish","has-post-thumbnail","hentry","product_cat-18000-puffs-disposable-vape","product_cat-hot-disposable-vapes","product_cat-bang-vapes","product_cat-belgium-hot-disposable-vapes","product_cat-france-vape-hot-sale","product_cat-germany-hot-disposable-vape","product_cat-germany-wholesale-vape-shop","product_cat-minimum-order-quantity-50pcs","product_cat-netherlands-vape-good-sale","product_cat-norway-hot-disposable-vapes","product_cat-poland-hot-disposable-vapes","product_cat-portugal-hot-disposable-vapes","product_cat-spain-hot-disposable-vapes","product_cat-sweden-hot-disposable-vape","product_cat-sweden-wholesale-vape","product_cat-switzerland-hot-disposable-vapes","product_cat-top-sale-disposable-vape","product_cat-vape-hot-sale-this-week","product_tag-18000puffs","product_tag-good-vape","product_tag-hot-sale-disposable-vape","product_tag-poland-hot-vape","product_tag-sweden-hot-vape","pa_brand-bang-king-vape","desktop-align-left","tablet-align-left","mobile-align-left"],"yoast_head":"<!-- This site is optimized with the Yoast SEO plugin v21.1 - https:\/\/yoast.com\/wordpress\/plugins\/seo\/ -->\n<title>Bang With A Vape 18000 puffs CROWN BAR Hot Vape - vapebulkp.com<\/title>\n<meta name=\"description\" content=\"Bang With A Vape 18000 puffs CROWN BAR Hot Vape, this disposable e-cigarette allows you to experience the unique e-cigarette flavor, and the new design will make you fall in love with it\" \/>\n<meta name=\"robots\" content=\"index, follow, max-snippet:-1, max-image-preview:large, max-video-preview:-1\" \/>\n<link rel=\"canonical\" href=\"https:\/\/vapebulkp.com\/es\/product\/bang-with-a-vape-18000-puffs-crown-bar-hot-vape\/\" \/>\n<meta property=\"og:locale\" content=\"es_ES\" \/>\n<meta property=\"og:type\" content=\"article\" \/>\n<meta property=\"og:title\" content=\"Bang With A Vape 18000 puffs CROWN BAR Hot Vape - vapebulkp.com\" \/>\n<meta property=\"og:description\" content=\"Bang With A Vape 18000 puffs CROWN BAR Hot Vape, this disposable e-cigarette allows you to experience the unique e-cigarette flavor, and the new design will make you fall in love with it\" \/>\n<meta property=\"og:url\" content=\"https:\/\/vapebulkp.com\/es\/product\/bang-with-a-vape-18000-puffs-crown-bar-hot-vape\/\" \/>\n<meta property=\"og:site_name\" content=\"vapebulkp.com\" \/>\n<meta property=\"article:modified_time\" content=\"2025-09-24T03:42:13+00:00\" \/>\n<meta property=\"og:image\" content=\"http:\/\/vapebulkp.com\/wp-content\/uploads\/2024\/03\/Good-sale-vape-Bang-18000-puffs-top-sale-5.jpg\" \/>\n\t<meta property=\"og:image:width\" content=\"1080\" \/>\n\t<meta property=\"og:image:height\" content=\"1555\" \/>\n\t<meta property=\"og:image:type\" content=\"image\/jpeg\" \/>\n<meta name=\"twitter:card\" content=\"summary_large_image\" \/>\n<meta name=\"twitter:label1\" content=\"Tiempo de lectura\" \/>\n\t<meta name=\"twitter:data1\" content=\"4 minutos\" \/>\n<script type=\"application\/ld+json\" class=\"yoast-schema-graph\">{\"@context\":\"https:\/\/schema.org\",\"@graph\":[{\"@type\":\"WebPage\",\"@id\":\"https:\/\/vapebulkp.com\/product\/bang-with-a-vape-18000-puffs-crown-bar-hot-vape\/\",\"url\":\"https:\/\/vapebulkp.com\/product\/bang-with-a-vape-18000-puffs-crown-bar-hot-vape\/\",\"name\":\"Bang With A Vape 18000 puffs CROWN BAR Hot Vape - vapebulkp.com\",\"isPartOf\":{\"@id\":\"https:\/\/vapebulkp.com\/#website\"},\"datePublished\":\"2024-03-21T08:56:58+00:00\",\"dateModified\":\"2025-09-24T03:42:13+00:00\",\"description\":\"Bang With A Vape 18000 puffs CROWN BAR Hot Vape, this disposable e-cigarette allows you to experience the unique e-cigarette flavor, and the new design will make you fall in love with it\",\"breadcrumb\":{\"@id\":\"https:\/\/vapebulkp.com\/product\/bang-with-a-vape-18000-puffs-crown-bar-hot-vape\/#breadcrumb\"},\"inLanguage\":\"es\",\"potentialAction\":[{\"@type\":\"ReadAction\",\"target\":[\"https:\/\/vapebulkp.com\/product\/bang-with-a-vape-18000-puffs-crown-bar-hot-vape\/\"]}]},{\"@type\":\"BreadcrumbList\",\"@id\":\"https:\/\/vapebulkp.com\/product\/bang-with-a-vape-18000-puffs-crown-bar-hot-vape\/#breadcrumb\",\"itemListElement\":[{\"@type\":\"ListItem\",\"position\":1,\"name\":\"Home\",\"item\":\"https:\/\/vapebulkp.com\/\"},{\"@type\":\"ListItem\",\"position\":2,\"name\":\"Hot Trend Vapes\",\"item\":\"https:\/\/vapebulkp.com\/vape-shop\/\"},{\"@type\":\"ListItem\",\"position\":3,\"name\":\"Bang With A Vape 18000 puffs CROWN BAR Hot Vape\"}]},{\"@type\":\"WebSite\",\"@id\":\"https:\/\/vapebulkp.com\/#website\",\"url\":\"https:\/\/vapebulkp.com\/\",\"name\":\"vapebulkp.com\",\"description\":\"Buy Vape In Cheap Bulk Price Near you\",\"publisher\":{\"@id\":\"https:\/\/vapebulkp.com\/#organization\"},\"potentialAction\":[{\"@type\":\"SearchAction\",\"target\":{\"@type\":\"EntryPoint\",\"urlTemplate\":\"https:\/\/vapebulkp.com\/?s={search_term_string}\"},\"query-input\":\"required name=search_term_string\"}],\"inLanguage\":\"es\"},{\"@type\":\"Organization\",\"@id\":\"https:\/\/vapebulkp.com\/#organization\",\"name\":\"vapebulkp.com\",\"url\":\"https:\/\/vapebulkp.com\/\",\"logo\":{\"@type\":\"ImageObject\",\"inLanguage\":\"es\",\"@id\":\"https:\/\/vapebulkp.com\/#\/schema\/logo\/image\/\",\"url\":\"https:\/\/vapebulkp.com\/wp-content\/uploads\/2023\/09\/cropped-vapebulkp.png\",\"contentUrl\":\"https:\/\/vapebulkp.com\/wp-content\/uploads\/2023\/09\/cropped-vapebulkp.png\",\"width\":516,\"height\":163,\"caption\":\"vapebulkp.com\"},\"image\":{\"@id\":\"https:\/\/vapebulkp.com\/#\/schema\/logo\/image\/\"}}]}<\/script>\n<!-- \/ Yoast SEO plugin. -->","yoast_head_json":{"title":"Bang With A Vape 18000 puffs CROWN BAR Hot Vape - vapebulkp.com","description":"Bang With A Vape 18000 puffs CROWN BAR Hot Vape, this disposable e-cigarette allows you to experience the unique e-cigarette flavor, and the new design will make you fall in love with it","robots":{"index":"index","follow":"follow","max-snippet":"max-snippet:-1","max-image-preview":"max-image-preview:large","max-video-preview":"max-video-preview:-1"},"canonical":"https:\/\/vapebulkp.com\/es\/product\/bang-with-a-vape-18000-puffs-crown-bar-hot-vape\/","og_locale":"es_ES","og_type":"article","og_title":"Bang With A Vape 18000 puffs CROWN BAR Hot Vape - vapebulkp.com","og_description":"Bang With A Vape 18000 puffs CROWN BAR Hot Vape, this disposable e-cigarette allows you to experience the unique e-cigarette flavor, and the new design will make you fall in love with it","og_url":"https:\/\/vapebulkp.com\/es\/product\/bang-with-a-vape-18000-puffs-crown-bar-hot-vape\/","og_site_name":"vapebulkp.com","article_modified_time":"2025-09-24T03:42:13+00:00","og_image":[{"width":1080,"height":1555,"url":"http:\/\/vapebulkp.com\/wp-content\/uploads\/2024\/03\/Good-sale-vape-Bang-18000-puffs-top-sale-5.jpg","type":"image\/jpeg"}],"twitter_card":"summary_large_image","twitter_misc":{"Tiempo de lectura":"4 minutos"},"schema":{"@context":"https:\/\/schema.org","@graph":[{"@type":"WebPage","@id":"https:\/\/vapebulkp.com\/product\/bang-with-a-vape-18000-puffs-crown-bar-hot-vape\/","url":"https:\/\/vapebulkp.com\/product\/bang-with-a-vape-18000-puffs-crown-bar-hot-vape\/","name":"Bang With A Vape 18000 puffs CROWN BAR Hot Vape - vapebulkp.com","isPartOf":{"@id":"https:\/\/vapebulkp.com\/#website"},"datePublished":"2024-03-21T08:56:58+00:00","dateModified":"2025-09-24T03:42:13+00:00","description":"Bang With A Vape 18000 puffs CROWN BAR Hot Vape, this disposable e-cigarette allows you to experience the unique e-cigarette flavor, and the new design will make you fall in love with it","breadcrumb":{"@id":"https:\/\/vapebulkp.com\/product\/bang-with-a-vape-18000-puffs-crown-bar-hot-vape\/#breadcrumb"},"inLanguage":"es","potentialAction":[{"@type":"ReadAction","target":["https:\/\/vapebulkp.com\/product\/bang-with-a-vape-18000-puffs-crown-bar-hot-vape\/"]}]},{"@type":"BreadcrumbList","@id":"https:\/\/vapebulkp.com\/product\/bang-with-a-vape-18000-puffs-crown-bar-hot-vape\/#breadcrumb","itemListElement":[{"@type":"ListItem","position":1,"name":"Home","item":"https:\/\/vapebulkp.com\/"},{"@type":"ListItem","position":2,"name":"Hot Trend Vapes","item":"https:\/\/vapebulkp.com\/vape-shop\/"},{"@type":"ListItem","position":3,"name":"Bang With A Vape 18000 puffs CROWN BAR Hot Vape"}]},{"@type":"WebSite","@id":"https:\/\/vapebulkp.com\/#website","url":"https:\/\/vapebulkp.com\/","name":"vapebulkp.com","description":"Buy Vape In Cheap Bulk Price Near you","publisher":{"@id":"https:\/\/vapebulkp.com\/#organization"},"potentialAction":[{"@type":"SearchAction","target":{"@type":"EntryPoint","urlTemplate":"https:\/\/vapebulkp.com\/?s={search_term_string}"},"query-input":"required name=search_term_string"}],"inLanguage":"es"},{"@type":"Organization","@id":"https:\/\/vapebulkp.com\/#organization","name":"vapebulkp.com","url":"https:\/\/vapebulkp.com\/","logo":{"@type":"ImageObject","inLanguage":"es","@id":"https:\/\/vapebulkp.com\/#\/schema\/logo\/image\/","url":"https:\/\/vapebulkp.com\/wp-content\/uploads\/2023\/09\/cropped-vapebulkp.png","contentUrl":"https:\/\/vapebulkp.com\/wp-content\/uploads\/2023\/09\/cropped-vapebulkp.png","width":516,"height":163,"caption":"vapebulkp.com"},"image":{"@id":"https:\/\/vapebulkp.com\/#\/schema\/logo\/image\/"}}]}},"uagb_featured_image_src":{"full":["https:\/\/vapebulkp.com\/wp-content\/uploads\/2024\/03\/Good-sale-vape-Bang-18000-puffs-top-sale-5.jpg",1080,1555,false],"thumbnail":["https:\/\/vapebulkp.com\/wp-content\/uploads\/2024\/03\/Good-sale-vape-Bang-18000-puffs-top-sale-5-150x150.jpg",150,150,true],"medium":["https:\/\/vapebulkp.com\/wp-content\/uploads\/2024\/03\/Good-sale-vape-Bang-18000-puffs-top-sale-5-208x300.jpg",208,300,true],"medium_large":["https:\/\/vapebulkp.com\/wp-content\/uploads\/2024\/03\/Good-sale-vape-Bang-18000-puffs-top-sale-5-768x1106.jpg",768,1106,true],"large":["https:\/\/vapebulkp.com\/wp-content\/uploads\/2024\/03\/Good-sale-vape-Bang-18000-puffs-top-sale-5-711x1024.jpg",711,1024,true],"1536x1536":["https:\/\/vapebulkp.com\/wp-content\/uploads\/2024\/03\/Good-sale-vape-Bang-18000-puffs-top-sale-5-1067x1536.jpg",1067,1536,true],"2048x2048":["https:\/\/vapebulkp.com\/wp-content\/uploads\/2024\/03\/Good-sale-vape-Bang-18000-puffs-top-sale-5.jpg",1080,1555,false],"trp-custom-language-flag":["https:\/\/vapebulkp.com\/wp-content\/uploads\/2024\/03\/Good-sale-vape-Bang-18000-puffs-top-sale-5.jpg",8,12,false],"woocommerce_thumbnail":["https:\/\/vapebulkp.com\/wp-content\/uploads\/2024\/03\/Good-sale-vape-Bang-18000-puffs-top-sale-5-300x300.jpg",300,300,true],"woocommerce_single":["https:\/\/vapebulkp.com\/wp-content\/uploads\/2024\/03\/Good-sale-vape-Bang-18000-puffs-top-sale-5-600x864.jpg",600,864,true],"woocommerce_gallery_thumbnail":["https:\/\/vapebulkp.com\/wp-content\/uploads\/2024\/03\/Good-sale-vape-Bang-18000-puffs-top-sale-5-100x100.jpg",100,100,true],"wcpr-photo-reviews":["https:\/\/vapebulkp.com\/wp-content\/uploads\/2024\/03\/Good-sale-vape-Bang-18000-puffs-top-sale-5.jpg",347,500,false]},"uagb_author_info":{"display_name":"Mandy vape bulk price","author_link":"https:\/\/vapebulkp.com\/es\/author\/"},"uagb_comment_info":2,"uagb_excerpt":"The newly launched Bang with a vape 18000 puffs is worth owning\uff01 Pls Contact Mandy's WhatsApp For Discount Price+8618077105796 NOTE: Prices on our website does not include shipping costs &nbsp;","_links":{"self":[{"href":"https:\/\/vapebulkp.com\/es\/wp-json\/wp\/v2\/product\/2106","targetHints":{"allow":["GET"]}}],"collection":[{"href":"https:\/\/vapebulkp.com\/es\/wp-json\/wp\/v2\/product"}],"about":[{"href":"https:\/\/vapebulkp.com\/es\/wp-json\/wp\/v2\/types\/product"}],"replies":[{"embeddable":true,"href":"https:\/\/vapebulkp.com\/es\/wp-json\/wp\/v2\/comments?post=2106"}],"wp:featuredmedia":[{"embeddable":true,"href":"https:\/\/vapebulkp.com\/es\/wp-json\/wp\/v2\/media\/2104"}],"wp:attachment":[{"href":"https:\/\/vapebulkp.com\/es\/wp-json\/wp\/v2\/media?parent=2106"}],"wp:term":[{"taxonomy":"product_cat","embeddable":true,"href":"https:\/\/vapebulkp.com\/es\/wp-json\/wp\/v2\/product_cat?post=2106"},{"taxonomy":"product_tag","embeddable":true,"href":"https:\/\/vapebulkp.com\/es\/wp-json\/wp\/v2\/product_tag?post=2106"}],"curies":[{"name":"wp","href":"https:\/\/api.w.org\/{rel}","templated":true}]}}