{"id":2152,"date":"2024-04-16T10:01:45","date_gmt":"2024-04-16T08:01:45","guid":{"rendered":"https:\/\/vapebulkp.com\/?post_type=product&#038;p=2152"},"modified":"2025-09-24T05:42:00","modified_gmt":"2025-09-24T03:42:00","slug":"good-vape-waspe-digital-box-12000-puffs-fumot-box-12k-puffs-wholeslae-price","status":"publish","type":"product","link":"https:\/\/vapebulkp.com\/es\/product\/good-vape-waspe-digital-box-12000-puffs-fumot-box-12k-puffs-wholeslae-price\/","title":{"rendered":"Buen Vape WASPE Digital Box 12000 Puffs Fumot Box 12K Puffs Precio al por Mayor"},"content":{"rendered":"<h2>Buen Vape WASPE Digital Box 12000 Puffs Fumot Box 12K Puffs Precio al por Mayor<\/h2>\n<p data-start=\"149\" data-end=\"463\">El WASPE Digital Box <strong>Vaper desechable de 12000 caladas<\/strong> ofrece un rendimiento potente, un sabor rico y la m\u00e1xima comodidad para los vapeadores europeos. Este <strong data-start=\"280\" data-end=\"312\">vape desechable recargable<\/strong> est\u00e1 equipado con una bater\u00eda duradera de 850mAh y <strong data-start=\"359\" data-end=\"388\">carga r\u00e1pida Tipo-C para vape<\/strong>, que proporciona sesiones de vapeo ininterrumpidas y una recarga r\u00e1pida cuando sea necesario.<\/p>\n<p data-start=\"465\" data-end=\"742\">Con una capacidad de e-l\u00edquido de 20ml <strong data-start=\"482\" data-end=\"516\">de larga duraci\u00f3n<\/strong> y dise\u00f1ado con precisi\u00f3n <strong data-start=\"542\" data-end=\"567\">dispositivo de vapeo de bobina de malla<\/strong>, produce un vapor suave y denso con un sabor constante de principio a fin. Las opciones de sal de nicotina del 2% y 5% permiten a los usuarios personalizar su golpe para que coincida con sus preferencias personales.<\/p>\n<p data-start=\"744\" data-end=\"975\">Compacto y ligero, el <a href=\"https:\/\/vapebulkp.com\/es\/product-category\/12000-puffs-disposable-vape\/\"><strong data-start=\"773\" data-end=\"804\">Vaper desechable de 12000 caladas<\/strong><\/a> es perfecto para vapear sobre la marcha, para uso diario o para pedidos a granel para <strong data-start=\"868\" data-end=\"893\">vape al por mayor Europa<\/strong>, ofreciendo una mezcla premium de comodidad, estilo y fiabilidad en cada unidad.<\/p>\n<h6 style=\"text-align: left\"><img decoding=\"async\" class=\"alignnone wp-image-2119\" src=\"http:\/\/vapebulkp.com\/wp-content\/uploads\/2024\/04\/Good-Sale-Vape-WASPE-Digital-box-12000-Puffs-6.jpg\" alt=\"Buena venta de vape WASPE Digital box 12000 caladas\" width=\"818\" height=\"491\" srcset=\"https:\/\/vapebulkp.com\/wp-content\/uploads\/2024\/04\/Good-Sale-Vape-WASPE-Digital-box-12000-Puffs-6.jpg 2500w, https:\/\/vapebulkp.com\/wp-content\/uploads\/2024\/04\/Good-Sale-Vape-WASPE-Digital-box-12000-Puffs-6-300x180.jpg 300w, https:\/\/vapebulkp.com\/wp-content\/uploads\/2024\/04\/Good-Sale-Vape-WASPE-Digital-box-12000-Puffs-6-1024x614.jpg 1024w, https:\/\/vapebulkp.com\/wp-content\/uploads\/2024\/04\/Good-Sale-Vape-WASPE-Digital-box-12000-Puffs-6-768x461.jpg 768w, https:\/\/vapebulkp.com\/wp-content\/uploads\/2024\/04\/Good-Sale-Vape-WASPE-Digital-box-12000-Puffs-6-1536x922.jpg 1536w, https:\/\/vapebulkp.com\/wp-content\/uploads\/2024\/04\/Good-Sale-Vape-WASPE-Digital-box-12000-Puffs-6-2048x1229.jpg 2048w, https:\/\/vapebulkp.com\/wp-content\/uploads\/2024\/04\/Good-Sale-Vape-WASPE-Digital-box-12000-Puffs-6-600x360.jpg 600w\" sizes=\"(max-width: 818px) 100vw, 818px\" \/><\/h6>\n<h6>Por favor, contacta con el WhatsApp de Mandy para obtener un precio con descuento<a href=\"https:\/\/wa.me\/8618077105796\">+8618077105796<\/a><\/h6>\n<p><img decoding=\"async\" class=\"alignnone wp-image-2151\" src=\"http:\/\/vapebulkp.com\/wp-content\/uploads\/2024\/04\/Mandy-WhatsApp-Randm.jpg\" alt=\"Mandy WhatsApp Aleatorio\" width=\"340\" height=\"361\" srcset=\"https:\/\/vapebulkp.com\/wp-content\/uploads\/2024\/04\/Mandy-WhatsApp-Randm.jpg 916w, https:\/\/vapebulkp.com\/wp-content\/uploads\/2024\/04\/Mandy-WhatsApp-Randm-282x300.jpg 282w, https:\/\/vapebulkp.com\/wp-content\/uploads\/2024\/04\/Mandy-WhatsApp-Randm-768x817.jpg 768w, https:\/\/vapebulkp.com\/wp-content\/uploads\/2024\/04\/Mandy-WhatsApp-Randm-600x638.jpg 600w\" sizes=\"(max-width: 340px) 100vw, 340px\" \/><\/p>\n<h2><span style=\"vertical-align: inherit\">Pens\u00e9 que te gustar\u00eda saber sobre el vape inteligente WASPE Digital box 12000 Puffs:<\/span><\/h2>\n<p>&nbsp;<\/p>\n<h5 class=\"style-scope ytd-watch-metadata\">1. \u00bfC\u00f3mo usar el bol\u00edgrafo de vape WASPE Digital Box 12K Puffs?<\/h5>\n<p>Paso 1. Antes de usar el vape de 12k caladas, desenchufe el tubo de pl\u00e1stico.<\/p>\n<p>Paso 2. Espere unos 3 minutos para que el l\u00edquido entre en la resistencia.<\/p>\n<p>Paso 3. Disfr\u00fatelo<\/p>\n<h5>2. \u00bfC\u00d3MO CARGAR EL DISPOSITIVO DE VAPEO DESECHABLE WASPE Digital box 12k puff?<\/h5>\n<p>No se pueden utilizar cargadores de carga r\u00e1pida. La potencia segura est\u00e1ndar de los cigarrillos electr\u00f3nicos desechables es de 5V 1A.<\/p>\n<p>El tiempo de carga no puede exceder 1 hora. El tiempo de carga seguro es de media hora.<\/p>\n<h5>3. \u00bfCU\u00c1NTAS CALADAS TIENE EL VAPE DESECHABLE WASPE Digital box 12000?<\/h5>\n<p>--12000 Caladas<\/p>\n<p><span style=\"color: #ff6600\">Aviso: \u00a1no recargar toda la noche!<\/span><\/p>\n<p>&nbsp;<\/p>\n<h3><strong><span style=\"vertical-align: inherit\">Especificaciones para WASPE Digital box 12000 Puff:<\/span><br \/>\n<\/strong><\/h3>\n<p>Bater\u00eda: 850 mAh (Tipo C)<br \/>\nCapacidad: 20 ml<br \/>\nResistencia: malla de 0,8 ohmios<br \/>\nVolumen de succi\u00f3n aproximado: 12000 caladas<br \/>\nNivel de nicotina: 2%, 5%<br \/>\nCantidad m\u00ednima de pedido: 100 unidades<\/p>\n<h3><strong>Vape al por mayor WASPE Digital Box 12000 Puffs Sabores:<\/strong><\/h3>\n<p>1. sand\u00eda helada<br \/>\n2. Uva Helada<br \/>\n3. Fresa Sand\u00eda<br \/>\n4. Baya Mixta<br \/>\n5. Donuts de Fresa<br \/>\n6. Frambuesa Ar\u00e1ndano<br \/>\n7. Sand\u00eda Mango Melocot\u00f3n<br \/>\n8. Fresa Frambuesa Cereza<br \/>\n9. Hielo de frambuesa azul<br \/>\n10. Zumo de Pera y Vino Tinto<\/p>\n<p><a href=\"https:\/\/vapebulkp.com\/es\/product\/popular-randm-tornado-7000puffs-disposable-vape-best-price\/\">https:\/\/vapebulkp.com\/product\/popular-randm-tornado-7000puffs-disposable-vape-best-price\/<\/a><\/p>\n<p><span style=\"vertical-align: inherit\">Encuentra m\u00e1s productos que te puedan gustar:<\/span><em><a href=\"https:\/\/wa.me\/8618077105796\"><span style=\"vertical-align: inherit\">\u00a0C\u00f3mpralo ahora<\/span><\/a><\/em><\/p>\n<p><span style=\"vertical-align: inherit\">Otros vaporizadores que te pueden gustar:<\/span><a href=\"https:\/\/vapebulkp.com\/es\/product\/good-sale-randm-tornado-10000-puffs-plus\/\"><span style=\"vertical-align: inherit\">RandM 10000 caladas<\/span><\/a><span style=\"vertical-align: inherit\">\u3001 <\/span><a href=\"https:\/\/vapebulkp.com\/es\/product\/wholesale-randm-tornado-9000-puffs-germany\/\"><span style=\"vertical-align: inherit\">RandM Tornado 9000 caladas<\/span><\/a><span style=\"vertical-align: inherit\">\/ <\/span><a href=\"https:\/\/vapebulkp.com\/es\/product\/popular-bang-king-10000-puffs-vape-good-price\/\"><span style=\"vertical-align: inherit\">Bang King 10000 caladas<\/span><\/a><span style=\"vertical-align: inherit\">\/ <\/span><a href=\"https:\/\/vapebulkp.com\/es\/product\/bang-with-a-vape-18000-puffs-crown-bar-hot-vape\/\"><span style=\"vertical-align: inherit\">Bang King 18000 caladas<\/span><\/a><\/p>\n<p><span style=\"vertical-align: inherit\">Cigarrillo electr\u00f3nico con forma especial:<\/span><a href=\"https:\/\/vapebulkp.com\/es\/product\/popular-kulx-10000puffs-disposable-vape-good-price\/\"><span style=\"vertical-align: inherit\">Kulx vape 10000 caladas <\/span><\/a><span style=\"vertical-align: inherit\">\/ <\/span><a href=\"https:\/\/vapebulkp.com\/es\/product\/bang-20000-puffs-hot-vape-top-sale-vape\/\"><span style=\"vertical-align: inherit\">Bang 20000 caladas <\/span><\/a><span style=\"vertical-align: inherit\">\/<\/span><a href=\"https:\/\/vapebulkp.com\/es\/product\/popular-vape-bang-king-15000-puffs-bang-vape\/\"><span style=\"vertical-align: inherit\">Bang King 15000 caladas<\/span><\/a><\/p>\n<h4>Detalle de env\u00edo:<\/h4>\n<p><span style=\"color: #ff6600\">Tiempo de producci\u00f3n: 5-10 d\u00edas laborables<\/span><br \/>\n<span style=\"color: #ff6600\">Tiempo de env\u00edo: 8-14 d\u00edas laborables<\/span><\/p>\n<p>Todos los productos en nuestra tienda son 100% originales y aut\u00e9nticos, por lo que la compensaci\u00f3n de diez veces por productos falsos es la pol\u00edtica de nuestra tienda. Utilizamos canales log\u00edsticos como UPS\/DHL\/FEDEX\/DPD para entregarle los productos.<\/p>\n<p>Para los paquetes enviados a Espa\u00f1a, generalmente tardan 12 a 15 d\u00edas laborables en llegar. Actualizaremos la informaci\u00f3n de log\u00edstica para usted en tiempo real.<\/p>","protected":false},"excerpt":{"rendered":"<p>Buena venta de vape WASPE Digital Box 12000 caladas esta semana<\/p>\n<p>Vape al por mayor WASPE Digital box 12k Puffs<\/p>\n<p><img decoding=\"async\" class=\"alignnone wp-image-2151\" src=\"http:\/\/vapebulkp.com\/wp-content\/uploads\/2024\/04\/Mandy-WhatsApp-Randm.jpg\" alt=\"Mandy WhatsApp Aleatorio\" width=\"274\" height=\"291\" srcset=\"https:\/\/vapebulkp.com\/wp-content\/uploads\/2024\/04\/Mandy-WhatsApp-Randm.jpg 916w, https:\/\/vapebulkp.com\/wp-content\/uploads\/2024\/04\/Mandy-WhatsApp-Randm-282x300.jpg 282w, https:\/\/vapebulkp.com\/wp-content\/uploads\/2024\/04\/Mandy-WhatsApp-Randm-768x817.jpg 768w, https:\/\/vapebulkp.com\/wp-content\/uploads\/2024\/04\/Mandy-WhatsApp-Randm-600x638.jpg 600w\" sizes=\"(max-width: 274px) 100vw, 274px\" \/><\/p>\n<p>Por favor, contacta con el WhatsApp de Mandy para obtener un precio con descuento<a href=\"https:\/\/wa.me\/8618077105796\">+8618077105796<\/a><\/p>\n<p><span style=\"color: #ff0000\">NOTA: Los precios en nuestro sitio web no incluyen los gastos de env\u00edo<\/span><\/p>","protected":false},"featured_media":2342,"comment_status":"open","ping_status":"closed","template":"","meta":{"_uag_custom_page_level_css":"","_lmt_disableupdate":"no","_lmt_disable":"","site-sidebar-layout":"default","site-content-layout":"content-boxed-container","ast-site-content-layout":"normal-width-container","site-content-style":"boxed","site-sidebar-style":"unboxed","ast-global-header-display":"","ast-banner-title-visibility":"","ast-main-header-display":"","ast-hfb-above-header-display":"","ast-hfb-below-header-display":"","ast-hfb-mobile-header-display":"","site-post-title":"","ast-breadcrumbs-content":"","ast-featured-img":"","footer-sml-layout":"","theme-transparent-header-meta":"default","adv-header-id-meta":"","stick-header-meta":"","header-above-stick-meta":"","header-main-stick-meta":"","header-below-stick-meta":"","astra-migrate-meta-layouts":"set","_joinchat":[]},"product_cat":[166,153,155,33,59,100,34,158,157,154,152,58,84,156,63,32,365],"product_tag":[45,36,37,41,71,40],"class_list":["post-2152","product","type-product","status-publish","has-post-thumbnail","hentry","product_cat-12000-puffs-disposable-vape","product_cat-hot-disposable-vapes","product_cat-belgium-hot-disposable-vapes","product_cat-france-vape-hot-sale","product_cat-germany-hot-disposable-vape","product_cat-germany-wholesale-vape-shop","product_cat-netherlands-vape-good-sale","product_cat-norway-hot-disposable-vapes","product_cat-poland-hot-disposable-vapes","product_cat-portugal-hot-disposable-vapes","product_cat-spain-hot-disposable-vapes","product_cat-sweden-hot-disposable-vape","product_cat-sweden-wholesale-vape","product_cat-switzerland-hot-disposable-vapes","product_cat-top-sale-disposable-vape","product_cat-vape-hot-sale-this-week","product_cat-waspe-vape","product_tag-12000puffs-good-vape","product_tag-good-vape","product_tag-hot-sale-disposable-vape","product_tag-poland-hot-vape","product_tag-randm","product_tag-sweden-hot-vape","pa_brand-waspe-vape","desktop-align-left","tablet-align-left","mobile-align-left"],"yoast_head":"<!-- This site is optimized with the Yoast SEO plugin v21.1 - https:\/\/yoast.com\/wordpress\/plugins\/seo\/ -->\n<title>Good Vape WASPE Digital Box 12000 Puffs Fumot Box 12K Puffs Wholeslae Price - vapebulkp.com<\/title>\n<meta name=\"description\" content=\"The wholesale price vape WASPE Digital box 12000 puffs features a display on the face and a unique design that fits easily into your pocket or purse.\" \/>\n<meta name=\"robots\" content=\"index, follow, max-snippet:-1, max-image-preview:large, max-video-preview:-1\" \/>\n<link rel=\"canonical\" href=\"https:\/\/vapebulkp.com\/es\/product\/good-vape-waspe-digital-box-12000-puffs-fumot-box-12k-puffs-wholeslae-price\/\" \/>\n<meta property=\"og:locale\" content=\"es_ES\" \/>\n<meta property=\"og:type\" content=\"article\" \/>\n<meta property=\"og:title\" content=\"Good Vape WASPE Digital Box 12000 Puffs Fumot Box 12K Puffs Wholeslae Price - vapebulkp.com\" \/>\n<meta property=\"og:description\" content=\"The wholesale price vape WASPE Digital box 12000 puffs features a display on the face and a unique design that fits easily into your pocket or purse.\" \/>\n<meta property=\"og:url\" content=\"https:\/\/vapebulkp.com\/es\/product\/good-vape-waspe-digital-box-12000-puffs-fumot-box-12k-puffs-wholeslae-price\/\" \/>\n<meta property=\"og:site_name\" content=\"vapebulkp.com\" \/>\n<meta property=\"article:modified_time\" content=\"2025-09-24T03:42:00+00:00\" \/>\n<meta property=\"og:image\" content=\"http:\/\/vapebulkp.com\/wp-content\/uploads\/2024\/04\/Good-Sale-Vape-WASPE-Digital-Box-12000-puffs.png\" \/>\n\t<meta property=\"og:image:width\" content=\"525\" \/>\n\t<meta property=\"og:image:height\" content=\"757\" \/>\n\t<meta property=\"og:image:type\" content=\"image\/png\" \/>\n<meta name=\"twitter:card\" content=\"summary_large_image\" \/>\n<meta name=\"twitter:label1\" content=\"Tiempo de lectura\" \/>\n\t<meta name=\"twitter:data1\" content=\"3 minutos\" \/>\n<script type=\"application\/ld+json\" class=\"yoast-schema-graph\">{\"@context\":\"https:\/\/schema.org\",\"@graph\":[{\"@type\":\"WebPage\",\"@id\":\"https:\/\/vapebulkp.com\/product\/good-vape-waspe-digital-box-12000-puffs-fumot-box-12k-puffs-wholeslae-price\/\",\"url\":\"https:\/\/vapebulkp.com\/product\/good-vape-waspe-digital-box-12000-puffs-fumot-box-12k-puffs-wholeslae-price\/\",\"name\":\"Good Vape WASPE Digital Box 12000 Puffs Fumot Box 12K Puffs Wholeslae Price - vapebulkp.com\",\"isPartOf\":{\"@id\":\"https:\/\/vapebulkp.com\/#website\"},\"datePublished\":\"2024-04-16T08:01:45+00:00\",\"dateModified\":\"2025-09-24T03:42:00+00:00\",\"description\":\"The wholesale price vape WASPE Digital box 12000 puffs features a display on the face and a unique design that fits easily into your pocket or purse.\",\"breadcrumb\":{\"@id\":\"https:\/\/vapebulkp.com\/product\/good-vape-waspe-digital-box-12000-puffs-fumot-box-12k-puffs-wholeslae-price\/#breadcrumb\"},\"inLanguage\":\"es\",\"potentialAction\":[{\"@type\":\"ReadAction\",\"target\":[\"https:\/\/vapebulkp.com\/product\/good-vape-waspe-digital-box-12000-puffs-fumot-box-12k-puffs-wholeslae-price\/\"]}]},{\"@type\":\"BreadcrumbList\",\"@id\":\"https:\/\/vapebulkp.com\/product\/good-vape-waspe-digital-box-12000-puffs-fumot-box-12k-puffs-wholeslae-price\/#breadcrumb\",\"itemListElement\":[{\"@type\":\"ListItem\",\"position\":1,\"name\":\"Home\",\"item\":\"https:\/\/vapebulkp.com\/\"},{\"@type\":\"ListItem\",\"position\":2,\"name\":\"Hot Trend Vapes\",\"item\":\"https:\/\/vapebulkp.com\/vape-shop\/\"},{\"@type\":\"ListItem\",\"position\":3,\"name\":\"Good Vape WASPE Digital Box 12000 Puffs Fumot Box 12K Puffs Wholeslae Price\"}]},{\"@type\":\"WebSite\",\"@id\":\"https:\/\/vapebulkp.com\/#website\",\"url\":\"https:\/\/vapebulkp.com\/\",\"name\":\"vapebulkp.com\",\"description\":\"Buy Vape In Cheap Bulk Price Near you\",\"publisher\":{\"@id\":\"https:\/\/vapebulkp.com\/#organization\"},\"potentialAction\":[{\"@type\":\"SearchAction\",\"target\":{\"@type\":\"EntryPoint\",\"urlTemplate\":\"https:\/\/vapebulkp.com\/?s={search_term_string}\"},\"query-input\":\"required name=search_term_string\"}],\"inLanguage\":\"es\"},{\"@type\":\"Organization\",\"@id\":\"https:\/\/vapebulkp.com\/#organization\",\"name\":\"vapebulkp.com\",\"url\":\"https:\/\/vapebulkp.com\/\",\"logo\":{\"@type\":\"ImageObject\",\"inLanguage\":\"es\",\"@id\":\"https:\/\/vapebulkp.com\/#\/schema\/logo\/image\/\",\"url\":\"https:\/\/vapebulkp.com\/wp-content\/uploads\/2023\/09\/cropped-vapebulkp.png\",\"contentUrl\":\"https:\/\/vapebulkp.com\/wp-content\/uploads\/2023\/09\/cropped-vapebulkp.png\",\"width\":516,\"height\":163,\"caption\":\"vapebulkp.com\"},\"image\":{\"@id\":\"https:\/\/vapebulkp.com\/#\/schema\/logo\/image\/\"}}]}<\/script>\n<!-- \/ Yoast SEO plugin. -->","yoast_head_json":{"title":"Good Vape WASPE Digital Box 12000 Puffs Fumot Box 12K Puffs Wholeslae Price - vapebulkp.com","description":"The wholesale price vape WASPE Digital box 12000 puffs features a display on the face and a unique design that fits easily into your pocket or purse.","robots":{"index":"index","follow":"follow","max-snippet":"max-snippet:-1","max-image-preview":"max-image-preview:large","max-video-preview":"max-video-preview:-1"},"canonical":"https:\/\/vapebulkp.com\/es\/product\/good-vape-waspe-digital-box-12000-puffs-fumot-box-12k-puffs-wholeslae-price\/","og_locale":"es_ES","og_type":"article","og_title":"Good Vape WASPE Digital Box 12000 Puffs Fumot Box 12K Puffs Wholeslae Price - vapebulkp.com","og_description":"The wholesale price vape WASPE Digital box 12000 puffs features a display on the face and a unique design that fits easily into your pocket or purse.","og_url":"https:\/\/vapebulkp.com\/es\/product\/good-vape-waspe-digital-box-12000-puffs-fumot-box-12k-puffs-wholeslae-price\/","og_site_name":"vapebulkp.com","article_modified_time":"2025-09-24T03:42:00+00:00","og_image":[{"width":525,"height":757,"url":"http:\/\/vapebulkp.com\/wp-content\/uploads\/2024\/04\/Good-Sale-Vape-WASPE-Digital-Box-12000-puffs.png","type":"image\/png"}],"twitter_card":"summary_large_image","twitter_misc":{"Tiempo de lectura":"3 minutos"},"schema":{"@context":"https:\/\/schema.org","@graph":[{"@type":"WebPage","@id":"https:\/\/vapebulkp.com\/product\/good-vape-waspe-digital-box-12000-puffs-fumot-box-12k-puffs-wholeslae-price\/","url":"https:\/\/vapebulkp.com\/product\/good-vape-waspe-digital-box-12000-puffs-fumot-box-12k-puffs-wholeslae-price\/","name":"Good Vape WASPE Digital Box 12000 Puffs Fumot Box 12K Puffs Wholeslae Price - vapebulkp.com","isPartOf":{"@id":"https:\/\/vapebulkp.com\/#website"},"datePublished":"2024-04-16T08:01:45+00:00","dateModified":"2025-09-24T03:42:00+00:00","description":"The wholesale price vape WASPE Digital box 12000 puffs features a display on the face and a unique design that fits easily into your pocket or purse.","breadcrumb":{"@id":"https:\/\/vapebulkp.com\/product\/good-vape-waspe-digital-box-12000-puffs-fumot-box-12k-puffs-wholeslae-price\/#breadcrumb"},"inLanguage":"es","potentialAction":[{"@type":"ReadAction","target":["https:\/\/vapebulkp.com\/product\/good-vape-waspe-digital-box-12000-puffs-fumot-box-12k-puffs-wholeslae-price\/"]}]},{"@type":"BreadcrumbList","@id":"https:\/\/vapebulkp.com\/product\/good-vape-waspe-digital-box-12000-puffs-fumot-box-12k-puffs-wholeslae-price\/#breadcrumb","itemListElement":[{"@type":"ListItem","position":1,"name":"Home","item":"https:\/\/vapebulkp.com\/"},{"@type":"ListItem","position":2,"name":"Hot Trend Vapes","item":"https:\/\/vapebulkp.com\/vape-shop\/"},{"@type":"ListItem","position":3,"name":"Good Vape WASPE Digital Box 12000 Puffs Fumot Box 12K Puffs Wholeslae Price"}]},{"@type":"WebSite","@id":"https:\/\/vapebulkp.com\/#website","url":"https:\/\/vapebulkp.com\/","name":"vapebulkp.com","description":"Buy Vape In Cheap Bulk Price Near you","publisher":{"@id":"https:\/\/vapebulkp.com\/#organization"},"potentialAction":[{"@type":"SearchAction","target":{"@type":"EntryPoint","urlTemplate":"https:\/\/vapebulkp.com\/?s={search_term_string}"},"query-input":"required name=search_term_string"}],"inLanguage":"es"},{"@type":"Organization","@id":"https:\/\/vapebulkp.com\/#organization","name":"vapebulkp.com","url":"https:\/\/vapebulkp.com\/","logo":{"@type":"ImageObject","inLanguage":"es","@id":"https:\/\/vapebulkp.com\/#\/schema\/logo\/image\/","url":"https:\/\/vapebulkp.com\/wp-content\/uploads\/2023\/09\/cropped-vapebulkp.png","contentUrl":"https:\/\/vapebulkp.com\/wp-content\/uploads\/2023\/09\/cropped-vapebulkp.png","width":516,"height":163,"caption":"vapebulkp.com"},"image":{"@id":"https:\/\/vapebulkp.com\/#\/schema\/logo\/image\/"}}]}},"uagb_featured_image_src":{"full":["https:\/\/vapebulkp.com\/wp-content\/uploads\/2024\/04\/Good-Sale-Vape-WASPE-Digital-Box-12000-puffs.png",525,757,false],"thumbnail":["https:\/\/vapebulkp.com\/wp-content\/uploads\/2024\/04\/Good-Sale-Vape-WASPE-Digital-Box-12000-puffs-150x150.png",150,150,true],"medium":["https:\/\/vapebulkp.com\/wp-content\/uploads\/2024\/04\/Good-Sale-Vape-WASPE-Digital-Box-12000-puffs-208x300.png",208,300,true],"medium_large":["https:\/\/vapebulkp.com\/wp-content\/uploads\/2024\/04\/Good-Sale-Vape-WASPE-Digital-Box-12000-puffs.png",525,757,false],"large":["https:\/\/vapebulkp.com\/wp-content\/uploads\/2024\/04\/Good-Sale-Vape-WASPE-Digital-Box-12000-puffs.png",525,757,false],"1536x1536":["https:\/\/vapebulkp.com\/wp-content\/uploads\/2024\/04\/Good-Sale-Vape-WASPE-Digital-Box-12000-puffs.png",525,757,false],"2048x2048":["https:\/\/vapebulkp.com\/wp-content\/uploads\/2024\/04\/Good-Sale-Vape-WASPE-Digital-Box-12000-puffs.png",525,757,false],"trp-custom-language-flag":["https:\/\/vapebulkp.com\/wp-content\/uploads\/2024\/04\/Good-Sale-Vape-WASPE-Digital-Box-12000-puffs.png",8,12,false],"woocommerce_thumbnail":["https:\/\/vapebulkp.com\/wp-content\/uploads\/2024\/04\/Good-Sale-Vape-WASPE-Digital-Box-12000-puffs-300x300.png",300,300,true],"woocommerce_single":["https:\/\/vapebulkp.com\/wp-content\/uploads\/2024\/04\/Good-Sale-Vape-WASPE-Digital-Box-12000-puffs.png",525,757,false],"woocommerce_gallery_thumbnail":["https:\/\/vapebulkp.com\/wp-content\/uploads\/2024\/04\/Good-Sale-Vape-WASPE-Digital-Box-12000-puffs-100x100.png",100,100,true],"wcpr-photo-reviews":["https:\/\/vapebulkp.com\/wp-content\/uploads\/2024\/04\/Good-Sale-Vape-WASPE-Digital-Box-12000-puffs.png",347,500,false]},"uagb_author_info":{"display_name":"Mandy vape bulk price","author_link":"https:\/\/vapebulkp.com\/es\/author\/"},"uagb_comment_info":3,"uagb_excerpt":"Good sale vape WASPE Digital Box 12000 puffs this week Wholesale Vape WASPE Digital box 12k Puffs Pls Contact Mandy's WhatsApp For Discount Price+8618077105796 NOTE: Prices on our website does not include shipping costs","_links":{"self":[{"href":"https:\/\/vapebulkp.com\/es\/wp-json\/wp\/v2\/product\/2152","targetHints":{"allow":["GET"]}}],"collection":[{"href":"https:\/\/vapebulkp.com\/es\/wp-json\/wp\/v2\/product"}],"about":[{"href":"https:\/\/vapebulkp.com\/es\/wp-json\/wp\/v2\/types\/product"}],"replies":[{"embeddable":true,"href":"https:\/\/vapebulkp.com\/es\/wp-json\/wp\/v2\/comments?post=2152"}],"wp:featuredmedia":[{"embeddable":true,"href":"https:\/\/vapebulkp.com\/es\/wp-json\/wp\/v2\/media\/2342"}],"wp:attachment":[{"href":"https:\/\/vapebulkp.com\/es\/wp-json\/wp\/v2\/media?parent=2152"}],"wp:term":[{"taxonomy":"product_cat","embeddable":true,"href":"https:\/\/vapebulkp.com\/es\/wp-json\/wp\/v2\/product_cat?post=2152"},{"taxonomy":"product_tag","embeddable":true,"href":"https:\/\/vapebulkp.com\/es\/wp-json\/wp\/v2\/product_tag?post=2152"}],"curies":[{"name":"wp","href":"https:\/\/api.w.org\/{rel}","templated":true}]}}