{"id":2261,"date":"2024-04-23T09:35:00","date_gmt":"2024-04-23T07:35:00","guid":{"rendered":"https:\/\/vapebulkp.com\/?post_type=product&#038;p=2261"},"modified":"2025-09-01T11:20:18","modified_gmt":"2025-09-01T09:20:18","slug":"top-sale-utco-tornado-9000-puffs-good-disposable-vape","status":"publish","type":"product","link":"https:\/\/vapebulkp.com\/es\/product\/top-sale-utco-tornado-9000-puffs-good-disposable-vape\/","title":{"rendered":"Top Venta UTCO Tornado 9000 Puffs Buen Vape Desechable"},"content":{"rendered":"<h2>Top Venta UTCO Tornado 9000 Puffs Buen Vape Desechable<\/h2>\n<p>El UTCO Tornado 9000 Puffs establece un nuevo est\u00e1ndar de rendimiento y conveniencia en la industria del vapeo. Dise\u00f1ado para aquellos que exigen excelencia, este <b>Vape Desechable de 9000 Puffs<\/b> ofrece un viaje de vapeo monumental sin compromiso. Cada dispositivo viene precargado con una extensa cantidad de <b>18 ml de e-l\u00edquido premium<\/b>, ofreciendo una experiencia fluida y duradera. El <b>Opciones de sal de nicotina 2% y 5%<\/b> garantiza un golpe de garganta suave y satisfactorio con cada calada.<\/p>\n<p>En su n\u00facleo, el UTCO 9000 est\u00e1 alimentado por un <b>bater\u00eda recargable de 850mAh<\/b>integrado, que garantiza una potencia fiable durante toda su vida \u00fatil. El innovador <b>bobina de malla<\/b> est\u00e1 meticulosamente dise\u00f1ado para producir vapor denso y una fidelidad de sabor \u00f3ptima. Con su <b>Puerto de carga Tipo-C<\/b>, el dispositivo garantiza una r\u00e1pida recuperaci\u00f3n de energ\u00eda, minimizando cualquier interrupci\u00f3n en su sesi\u00f3n de vapeo.<\/p>\n<p>Este dispositivo es una opci\u00f3n estrat\u00e9gica tanto para minoristas como para vapeadores exigentes. Su selecci\u00f3n de 12 sabores vibrantes satisface a una clientela diversa, desde frutas refrescantes hasta mentoles crujientes. El UTCO Tornado 9000 ofrece una combinaci\u00f3n inigualable de conveniencia, confiabilidad y sabor, solidificando su posici\u00f3n como l\u00edder del mercado.<\/p>\n<h3>Fotos del producto UTCO 9k Puffs:<\/h3>\n<p><img decoding=\"async\" class=\"alignnone wp-image-2257\" src=\"http:\/\/vapebulkp.com\/wp-content\/uploads\/2024\/04\/UTCO-Vape-9000PUFFS-Discount-price-France.jpg\" alt=\"UTCO Vape 9000PUFFS Precio de descuento Francia.\" width=\"625\" height=\"489\" srcset=\"https:\/\/vapebulkp.com\/wp-content\/uploads\/2024\/04\/UTCO-Vape-9000PUFFS-Discount-price-France.jpg 2058w, https:\/\/vapebulkp.com\/wp-content\/uploads\/2024\/04\/UTCO-Vape-9000PUFFS-Discount-price-France-300x235.jpg 300w, https:\/\/vapebulkp.com\/wp-content\/uploads\/2024\/04\/UTCO-Vape-9000PUFFS-Discount-price-France-1024x802.jpg 1024w, https:\/\/vapebulkp.com\/wp-content\/uploads\/2024\/04\/UTCO-Vape-9000PUFFS-Discount-price-France-768x601.jpg 768w, https:\/\/vapebulkp.com\/wp-content\/uploads\/2024\/04\/UTCO-Vape-9000PUFFS-Discount-price-France-1536x1202.jpg 1536w, https:\/\/vapebulkp.com\/wp-content\/uploads\/2024\/04\/UTCO-Vape-9000PUFFS-Discount-price-France-2048x1603.jpg 2048w, https:\/\/vapebulkp.com\/wp-content\/uploads\/2024\/04\/UTCO-Vape-9000PUFFS-Discount-price-France-600x470.jpg 600w\" sizes=\"(max-width: 625px) 100vw, 625px\" \/><\/p>\n<p>&nbsp;<\/p>\n<h6 style=\"text-align: left\"><\/h6>\n<h6>Por favor, contacta con el WhatsApp de Mandy para obtener un precio con descuento<a href=\"https:\/\/wa.me\/8618077105796\">+8618077105796<\/a><\/h6>\n<p><img decoding=\"async\" class=\"alignnone wp-image-2151\" src=\"http:\/\/vapebulkp.com\/wp-content\/uploads\/2024\/04\/Mandy-WhatsApp-Randm.jpg\" alt=\"Mandy WhatsApp Aleatorio\" width=\"301\" height=\"292\" \/><\/p>\n<h2><span style=\"vertical-align: inherit\">Pens\u00e9 que le gustar\u00eda saber sobre UTCO 9k Puffs Vape desechable:<\/span><\/h2>\n<p>&nbsp;<\/p>\n<h6>1. \u00bfCu\u00e1l es la capacidad de e-l\u00edquido de UTCO 9k puffs Vape desechable?<\/h6>\n<p>Este dispositivo tiene 18 ml de e-l\u00edquido.<\/p>\n<h6>2. Para este buen vape, \u00bfcu\u00e1nto dura UTCO tornado 9000 Puffs Vape?<\/h6>\n<p>(1) 500 caladas\/d\u00eda, puede durar 18 d\u00edas<br \/>\n(2) 1000 caladas\/d\u00eda, puede durar 9 d\u00edas<br \/>\n(3) 2000 inhalaciones\/d\u00eda, puede durar 4.5 d\u00edas<\/p>\n<h6>3. \u00bfC\u00f3mo cargar el buen vape desechable UTCO Tornado Vape 9k puffs?<\/h6>\n<p>No se pueden utilizar cargadores de carga r\u00e1pida, y la potencia de seguridad est\u00e1ndar de los cigarrillos electr\u00f3nicos desechables es de 5V 1A. Cada tiempo de carga no puede exceder 1 hora, y el tiempo de carga seguro es de media hora.<\/p>\n<p><span style=\"color: #ff6600\">Aviso: \u00a1no recargar toda la noche!<\/span><\/p>\n<h6>4. \u00bfC\u00f3mo usar el vape desechable UTCO Tornado 9k puffs?<\/h6>\n<p>Paso 1: Retire el tap\u00f3n de silicona<\/p>\n<p>Incline el dispositivo hacia los lados y tire del tap\u00f3n de silicona lentamente hacia arriba para que el orificio de la resistencia de calentamiento quede libre para el flujo de aceite.<\/p>\n<p>Paso 2: Quite la pegatina<\/p>\n<p>D\u00e9jelo reposar durante 2 minutos despu\u00e9s de quitar la pegatina, luego puede usarlo.<\/p>\n<h3><strong><span style=\"vertical-align: inherit\">Especificaci\u00f3n <\/span><\/strong>Para el mejor UTCO 9000 Tornado Vape:<\/h3>\n<h6><\/h6>\n<ul>\n<li>2\/5% Nicotina en Sal<\/li>\n<li>18 ml de E-l\u00edquido<\/li>\n<li>9000 inhalaciones por dispositivo<\/li>\n<li>Control de flujo de aire<\/li>\n<li>Recarga Tipo-C<\/li>\n<li>Bater\u00eda recargable<\/li>\n<li>Bater\u00eda integrada de 850mAh<\/li>\n<li>22 sabores disponibles<\/li>\n<li>10 unidades en una caja expositora<\/li>\n<\/ul>\n<h3><strong>Los mejores sabores de vape desechable UTCO 9k Puffs:<\/strong><\/h3>\n<p>1 Frambuesa Azul<br \/>\nSe\u00f1or Azul 2<br \/>\n3 Fresa Sand\u00eda<br \/>\n4 Refresco de Naranja<br \/>\n5 Chicle de Sand\u00eda<br \/>\n6 Caramelos del Arco Iris<br \/>\n7 Limonada Rosa<br \/>\n8 Pi\u00f1a, Mango y Melocot\u00f3n<br \/>\n9 Fresa Pl\u00e1tano<br \/>\n10 Hielo de Sand\u00eda<br \/>\n11 Hielo de Drag\u00f3n Negro<br \/>\n12 Uva de Aloe<br \/>\n13 Uva de Fresa<br \/>\n14 Lima Lim\u00f3n<br \/>\n15 Polo de Hielo<br \/>\n16 Ar\u00e1ndanos con Hielo<br \/>\n17 Hielo de Frambuesa Azul<br \/>\n18 Frutos Rojos<br \/>\nCereza Cola 19<br \/>\n20 Mango Fresa<br \/>\n21 Guayaba Maracuy\u00e1 Kiwi<br \/>\n22 Hielo Negro<\/p>\n<p><a href=\"https:\/\/vapebulkp.com\/es\/product\/top-sale-vape-vapme-crown-bar-18000-puffs-pro-max\/\"><span style=\"vertical-align: inherit\">Buena venta Vapme Crown bar 18000 inhalaciones <\/span><\/a><\/p>\n<p><span style=\"vertical-align: inherit\">Encuentra m\u00e1s productos que te puedan gustar:<\/span><em><a href=\"https:\/\/wa.me\/8618077105796\"><span style=\"vertical-align: inherit\">\u00a0C\u00f3mpralo ahora<\/span><\/a><\/em><\/p>\n<p><span style=\"vertical-align: inherit\">Otros vaporizadores que te pueden gustar:<\/span><a href=\"https:\/\/vapebulkp.com\/es\/product\/bang-with-a-vape-18000-puffs-crown-bar-hot-vape\/\"><span style=\"vertical-align: inherit\">Bang 18000Puffs<\/span><\/a><span style=\"vertical-align: inherit\">\u3001<\/span><a href=\"https:\/\/vapebulkp.com\/es\/product\/best-price-vape-randm-15000-puffs-good-vape\/\"><span style=\"vertical-align: inherit\">Randm Tornado 15000 inhalaciones<\/span><\/a><span style=\"vertical-align: inherit\">\/ <\/span><a href=\"https:\/\/vapebulkp.com\/it\/product\/bang-tornado-12000-puffs-rechargeable-disposable-pod\/\"><span style=\"vertical-align: inherit\">Bang Tornado 12000 caladas<\/span><\/a><span style=\"vertical-align: inherit\">\/ <\/span><a href=\"https:\/\/vapebulkp.com\/es\/product\/vapme-crystal-7000-puffs-original-vape-good-flavor\/\"><span style=\"vertical-align: inherit\">Vapme Crystal 7000 inhalaciones<\/span><\/a><\/p>\n<p><span style=\"vertical-align: inherit\">Cigarrillo electr\u00f3nico con forma especial:<\/span><a href=\"https:\/\/vapebulkp.com\/it\/product\/popular-kulx-10000puffs-disposable-vape-good-price\/\"><span style=\"vertical-align: inherit\">Kulx vape 10000 caladas<\/span><\/a><span style=\"vertical-align: inherit\">\/ <\/span><a href=\"https:\/\/vapebulkp.com\/it\/product\/randm-tornado-9000-puffs-disposable-vape-kit-18ml\/\"><span style=\"vertical-align: inherit\">Randm tornado 9000 caladas<\/span><\/a><span style=\"vertical-align: inherit\">\/<\/span><a href=\"https:\/\/vapebulkp.com\/it\/product\/randm-tornado-7000puffs-disposable-vape-pen-best-price\/\"><span style=\"vertical-align: inherit\">Randm tornado 7000 caladas <\/span><\/a><\/p>\n<h5>Cualificaci\u00f3n de la producci\u00f3n:<\/h5>\n<p><img decoding=\"async\" class=\"alignnone size-full wp-image-1841\" src=\"http:\/\/vapebulkp.com\/wp-content\/uploads\/2023\/11\/Vape-production-process-2.jpeg\" alt=\"Proceso de producci\u00f3n de vapes\" width=\"650\" height=\"434\" srcset=\"https:\/\/vapebulkp.com\/wp-content\/uploads\/2023\/11\/Vape-production-process-2.jpeg 650w, https:\/\/vapebulkp.com\/wp-content\/uploads\/2023\/11\/Vape-production-process-2-300x200.jpeg 300w, https:\/\/vapebulkp.com\/wp-content\/uploads\/2023\/11\/Vape-production-process-2-600x401.jpeg 600w\" sizes=\"(max-width: 650px) 100vw, 650px\" \/><\/p>\n<p><img decoding=\"async\" class=\"alignnone wp-image-1843\" src=\"http:\/\/vapebulkp.com\/wp-content\/uploads\/2023\/11\/Vape-production-process.jpeg\" alt=\"Proceso de producci\u00f3n de vapes\" width=\"648\" height=\"1037\" srcset=\"https:\/\/vapebulkp.com\/wp-content\/uploads\/2023\/11\/Vape-production-process.jpeg 641w, https:\/\/vapebulkp.com\/wp-content\/uploads\/2023\/11\/Vape-production-process-187x300.jpeg 187w, https:\/\/vapebulkp.com\/wp-content\/uploads\/2023\/11\/Vape-production-process-640x1024.jpeg 640w, https:\/\/vapebulkp.com\/wp-content\/uploads\/2023\/11\/Vape-production-process-600x960.jpeg 600w\" sizes=\"(max-width: 648px) 100vw, 648px\" \/><\/p>\n<p>&nbsp;<\/p>\n<h5>Preguntas frecuentes:<\/h5>\n<p>P: \u00bfCu\u00e1l es el MOQ de UTCO Tornado 9000 inhalaciones Buen Vape?<br \/>\nR: El pedido m\u00ednimo es de 50 unidades.<br \/>\nP: \u00bfCu\u00e1l es el plazo de entrega para el vapeador pedido?<br \/>\nR: Generalmente son de 10 a 15 d\u00edas despu\u00e9s del env\u00edo.<br \/>\nP: \u00bfCu\u00e1nto cuesta el env\u00edo?R: El coste de env\u00edo depende del peso.diferentes cantidades tienen diferentes costes de env\u00edo, por favor cont\u00e1ctenos para confirmar el coste de env\u00edo.<\/p>\n<h4>Detalle de env\u00edo:<\/h4>\n<p>Tiempo de producci\u00f3n: 5-10 d\u00edas laborables<br \/>\nTiempo de env\u00edo: 8-14 d\u00edas laborables<\/p>\n<p>Todos los productos en nuestra tienda son 100% originales y aut\u00e9nticos, por lo que la compensaci\u00f3n de diez veces por productos falsos es la pol\u00edtica de nuestra tienda. Utilizamos canales log\u00edsticos como UPS\/DHL\/FEDEX\/DPD para entregarle los productos.<\/p>\n<p>Para los paquetes enviados a Espa\u00f1a, generalmente tardan 12 a 15 d\u00edas laborables en llegar. Actualizaremos la informaci\u00f3n de log\u00edstica para usted en tiempo real.<\/p>\n<h3>Buen servicio postventa:<\/h3>\n<p>Aviso: No se admiten devoluciones ni cambios por problemas no relacionados con la calidad<br \/>\n1. Los clientes pueden elegir el sabor que deseen, pero si el sabor est\u00e1 agotado, el departamento de producci\u00f3n elegir\u00e1 un sabor popular para reemplazarlo. Los clientes no pueden solicitar reembolsos o cambios basados en los sabores.<\/p>\n<p>2. Cuando ocurran problemas de calidad, proporcione descripciones detalladas en video y foto.<br \/>\nSi no puede proporcionar pruebas como videos y fotos, los productos no podr\u00e1n ser reemplazados.<\/p>","protected":false},"excerpt":{"rendered":"<p>UTCO 9000 Puffs Buen vape Precio al por mayor<\/p>\n<p>Precio de descuento UTCO 9K Venta destacada de esta semana<\/p>\n<p>Pa\u00edses Bajos venta al por mayor Buen vape desechable UTCO 9000 Puffs<\/p>\n<p><img decoding=\"async\" class=\"alignnone wp-image-2151\" src=\"http:\/\/vapebulkp.com\/wp-content\/uploads\/2024\/04\/Mandy-WhatsApp-Randm.jpg\" alt=\"Mandy WhatsApp Aleatorio\" width=\"328\" height=\"348\" srcset=\"https:\/\/vapebulkp.com\/wp-content\/uploads\/2024\/04\/Mandy-WhatsApp-Randm.jpg 916w, https:\/\/vapebulkp.com\/wp-content\/uploads\/2024\/04\/Mandy-WhatsApp-Randm-282x300.jpg 282w, https:\/\/vapebulkp.com\/wp-content\/uploads\/2024\/04\/Mandy-WhatsApp-Randm-768x817.jpg 768w, https:\/\/vapebulkp.com\/wp-content\/uploads\/2024\/04\/Mandy-WhatsApp-Randm-600x638.jpg 600w\" sizes=\"(max-width: 328px) 100vw, 328px\" \/><\/p>\n<p>Por favor, contacta con el WhatsApp de Mandy para obtener un precio con descuento<a href=\"https:\/\/wa.me\/8618077105796\">+8618077105796<\/a><\/p>\n<p><span style=\"color: #ff0000\">NOTA: Los precios en nuestro sitio web no incluyen los gastos de env\u00edo<\/span><\/p>","protected":false},"featured_media":2250,"comment_status":"open","ping_status":"closed","template":"","meta":{"_uag_custom_page_level_css":"","_lmt_disableupdate":"no","_lmt_disable":"","site-sidebar-layout":"default","site-content-layout":"content-boxed-container","ast-site-content-layout":"normal-width-container","site-content-style":"boxed","site-sidebar-style":"unboxed","ast-global-header-display":"","ast-banner-title-visibility":"","ast-main-header-display":"","ast-hfb-above-header-display":"","ast-hfb-below-header-display":"","ast-hfb-mobile-header-display":"","site-post-title":"","ast-breadcrumbs-content":"","ast-featured-img":"","footer-sml-layout":"","theme-transparent-header-meta":"default","adv-header-id-meta":"","stick-header-meta":"","header-above-stick-meta":"","header-main-stick-meta":"","header-below-stick-meta":"","astra-migrate-meta-layouts":"set","_joinchat":[]},"product_cat":[168,153,155,33,59,100,87,34,158,157,154,152,58,84,156,63,32],"product_tag":[116,36,37,41,97,71,40],"class_list":["post-2261","product","type-product","status-publish","has-post-thumbnail","hentry","product_cat-9000-puffs-disposable-vape","product_cat-hot-disposable-vapes","product_cat-belgium-hot-disposable-vapes","product_cat-france-vape-hot-sale","product_cat-germany-hot-disposable-vape","product_cat-germany-wholesale-vape-shop","product_cat-minimum-order-quantity-50pcs","product_cat-netherlands-vape-good-sale","product_cat-norway-hot-disposable-vapes","product_cat-poland-hot-disposable-vapes","product_cat-portugal-hot-disposable-vapes","product_cat-spain-hot-disposable-vapes","product_cat-sweden-hot-disposable-vape","product_cat-sweden-wholesale-vape","product_cat-switzerland-hot-disposable-vapes","product_cat-top-sale-disposable-vape","product_cat-vape-hot-sale-this-week","product_tag-9000-puffs","product_tag-good-vape","product_tag-hot-sale-disposable-vape","product_tag-poland-hot-vape","product_tag-r-and-m-tornado-7k","product_tag-randm","product_tag-sweden-hot-vape","desktop-align-left","tablet-align-left","mobile-align-left"],"yoast_head":"<!-- This site is optimized with the Yoast SEO plugin v21.1 - https:\/\/yoast.com\/wordpress\/plugins\/seo\/ -->\n<title>Top Sale UTCO Tornado 9000 Puffs Good Disposable Vape - vapebulkp.com<\/title>\n<meta name=\"description\" content=\"Top Sale UTCO Tornado 9000 Puffs Good Disposable Vape is your best choice. This state-of-the-art device delivers an unparalleled experience and holds an impressive 9,000 puffs for longer flavor adventures.\" \/>\n<meta name=\"robots\" content=\"index, follow, max-snippet:-1, max-image-preview:large, max-video-preview:-1\" \/>\n<link rel=\"canonical\" href=\"https:\/\/vapebulkp.com\/es\/product\/top-sale-utco-tornado-9000-puffs-good-disposable-vape\/\" \/>\n<meta property=\"og:locale\" content=\"es_ES\" \/>\n<meta property=\"og:type\" content=\"article\" \/>\n<meta property=\"og:title\" content=\"Top Sale UTCO Tornado 9000 Puffs Good Disposable Vape - vapebulkp.com\" \/>\n<meta property=\"og:description\" content=\"Top Sale UTCO Tornado 9000 Puffs Good Disposable Vape is your best choice. This state-of-the-art device delivers an unparalleled experience and holds an impressive 9,000 puffs for longer flavor adventures.\" \/>\n<meta property=\"og:url\" content=\"https:\/\/vapebulkp.com\/es\/product\/top-sale-utco-tornado-9000-puffs-good-disposable-vape\/\" \/>\n<meta property=\"og:site_name\" content=\"vapebulkp.com\" \/>\n<meta property=\"article:modified_time\" content=\"2025-09-01T09:20:18+00:00\" \/>\n<meta property=\"og:image\" content=\"http:\/\/vapebulkp.com\/wp-content\/uploads\/2024\/04\/UTCO-9000PUFFS-Good-Sale-Germany.jpg\" \/>\n\t<meta property=\"og:image:width\" content=\"1600\" \/>\n\t<meta property=\"og:image:height\" content=\"1600\" \/>\n\t<meta property=\"og:image:type\" content=\"image\/jpeg\" \/>\n<meta name=\"twitter:card\" content=\"summary_large_image\" \/>\n<meta name=\"twitter:label1\" content=\"Tiempo de lectura\" \/>\n\t<meta name=\"twitter:data1\" content=\"5 minutos\" \/>\n<script type=\"application\/ld+json\" class=\"yoast-schema-graph\">{\"@context\":\"https:\/\/schema.org\",\"@graph\":[{\"@type\":\"WebPage\",\"@id\":\"https:\/\/vapebulkp.com\/product\/top-sale-utco-tornado-9000-puffs-good-disposable-vape\/\",\"url\":\"https:\/\/vapebulkp.com\/product\/top-sale-utco-tornado-9000-puffs-good-disposable-vape\/\",\"name\":\"Top Sale UTCO Tornado 9000 Puffs Good Disposable Vape - vapebulkp.com\",\"isPartOf\":{\"@id\":\"https:\/\/vapebulkp.com\/#website\"},\"datePublished\":\"2024-04-23T07:35:00+00:00\",\"dateModified\":\"2025-09-01T09:20:18+00:00\",\"description\":\"Top Sale UTCO Tornado 9000 Puffs Good Disposable Vape is your best choice. This state-of-the-art device delivers an unparalleled experience and holds an impressive 9,000 puffs for longer flavor adventures.\",\"breadcrumb\":{\"@id\":\"https:\/\/vapebulkp.com\/product\/top-sale-utco-tornado-9000-puffs-good-disposable-vape\/#breadcrumb\"},\"inLanguage\":\"es\",\"potentialAction\":[{\"@type\":\"ReadAction\",\"target\":[\"https:\/\/vapebulkp.com\/product\/top-sale-utco-tornado-9000-puffs-good-disposable-vape\/\"]}]},{\"@type\":\"BreadcrumbList\",\"@id\":\"https:\/\/vapebulkp.com\/product\/top-sale-utco-tornado-9000-puffs-good-disposable-vape\/#breadcrumb\",\"itemListElement\":[{\"@type\":\"ListItem\",\"position\":1,\"name\":\"Home\",\"item\":\"https:\/\/vapebulkp.com\/\"},{\"@type\":\"ListItem\",\"position\":2,\"name\":\"Hot Trend Vapes\",\"item\":\"https:\/\/vapebulkp.com\/vape-shop\/\"},{\"@type\":\"ListItem\",\"position\":3,\"name\":\"Top Sale UTCO Tornado 9000 Puffs Good Disposable Vape\"}]},{\"@type\":\"WebSite\",\"@id\":\"https:\/\/vapebulkp.com\/#website\",\"url\":\"https:\/\/vapebulkp.com\/\",\"name\":\"vapebulkp.com\",\"description\":\"Buy Vape In Cheap Bulk Price Near you\",\"publisher\":{\"@id\":\"https:\/\/vapebulkp.com\/#organization\"},\"potentialAction\":[{\"@type\":\"SearchAction\",\"target\":{\"@type\":\"EntryPoint\",\"urlTemplate\":\"https:\/\/vapebulkp.com\/?s={search_term_string}\"},\"query-input\":\"required name=search_term_string\"}],\"inLanguage\":\"es\"},{\"@type\":\"Organization\",\"@id\":\"https:\/\/vapebulkp.com\/#organization\",\"name\":\"vapebulkp.com\",\"url\":\"https:\/\/vapebulkp.com\/\",\"logo\":{\"@type\":\"ImageObject\",\"inLanguage\":\"es\",\"@id\":\"https:\/\/vapebulkp.com\/#\/schema\/logo\/image\/\",\"url\":\"https:\/\/vapebulkp.com\/wp-content\/uploads\/2023\/09\/cropped-vapebulkp.png\",\"contentUrl\":\"https:\/\/vapebulkp.com\/wp-content\/uploads\/2023\/09\/cropped-vapebulkp.png\",\"width\":516,\"height\":163,\"caption\":\"vapebulkp.com\"},\"image\":{\"@id\":\"https:\/\/vapebulkp.com\/#\/schema\/logo\/image\/\"}}]}<\/script>\n<!-- \/ Yoast SEO plugin. -->","yoast_head_json":{"title":"Top Sale UTCO Tornado 9000 Puffs Good Disposable Vape - vapebulkp.com","description":"Top Sale UTCO Tornado 9000 Puffs Good Disposable Vape is your best choice. This state-of-the-art device delivers an unparalleled experience and holds an impressive 9,000 puffs for longer flavor adventures.","robots":{"index":"index","follow":"follow","max-snippet":"max-snippet:-1","max-image-preview":"max-image-preview:large","max-video-preview":"max-video-preview:-1"},"canonical":"https:\/\/vapebulkp.com\/es\/product\/top-sale-utco-tornado-9000-puffs-good-disposable-vape\/","og_locale":"es_ES","og_type":"article","og_title":"Top Sale UTCO Tornado 9000 Puffs Good Disposable Vape - vapebulkp.com","og_description":"Top Sale UTCO Tornado 9000 Puffs Good Disposable Vape is your best choice. This state-of-the-art device delivers an unparalleled experience and holds an impressive 9,000 puffs for longer flavor adventures.","og_url":"https:\/\/vapebulkp.com\/es\/product\/top-sale-utco-tornado-9000-puffs-good-disposable-vape\/","og_site_name":"vapebulkp.com","article_modified_time":"2025-09-01T09:20:18+00:00","og_image":[{"width":1600,"height":1600,"url":"http:\/\/vapebulkp.com\/wp-content\/uploads\/2024\/04\/UTCO-9000PUFFS-Good-Sale-Germany.jpg","type":"image\/jpeg"}],"twitter_card":"summary_large_image","twitter_misc":{"Tiempo de lectura":"5 minutos"},"schema":{"@context":"https:\/\/schema.org","@graph":[{"@type":"WebPage","@id":"https:\/\/vapebulkp.com\/product\/top-sale-utco-tornado-9000-puffs-good-disposable-vape\/","url":"https:\/\/vapebulkp.com\/product\/top-sale-utco-tornado-9000-puffs-good-disposable-vape\/","name":"Top Sale UTCO Tornado 9000 Puffs Good Disposable Vape - vapebulkp.com","isPartOf":{"@id":"https:\/\/vapebulkp.com\/#website"},"datePublished":"2024-04-23T07:35:00+00:00","dateModified":"2025-09-01T09:20:18+00:00","description":"Top Sale UTCO Tornado 9000 Puffs Good Disposable Vape is your best choice. This state-of-the-art device delivers an unparalleled experience and holds an impressive 9,000 puffs for longer flavor adventures.","breadcrumb":{"@id":"https:\/\/vapebulkp.com\/product\/top-sale-utco-tornado-9000-puffs-good-disposable-vape\/#breadcrumb"},"inLanguage":"es","potentialAction":[{"@type":"ReadAction","target":["https:\/\/vapebulkp.com\/product\/top-sale-utco-tornado-9000-puffs-good-disposable-vape\/"]}]},{"@type":"BreadcrumbList","@id":"https:\/\/vapebulkp.com\/product\/top-sale-utco-tornado-9000-puffs-good-disposable-vape\/#breadcrumb","itemListElement":[{"@type":"ListItem","position":1,"name":"Home","item":"https:\/\/vapebulkp.com\/"},{"@type":"ListItem","position":2,"name":"Hot Trend Vapes","item":"https:\/\/vapebulkp.com\/vape-shop\/"},{"@type":"ListItem","position":3,"name":"Top Sale UTCO Tornado 9000 Puffs Good Disposable Vape"}]},{"@type":"WebSite","@id":"https:\/\/vapebulkp.com\/#website","url":"https:\/\/vapebulkp.com\/","name":"vapebulkp.com","description":"Buy Vape In Cheap Bulk Price Near you","publisher":{"@id":"https:\/\/vapebulkp.com\/#organization"},"potentialAction":[{"@type":"SearchAction","target":{"@type":"EntryPoint","urlTemplate":"https:\/\/vapebulkp.com\/?s={search_term_string}"},"query-input":"required name=search_term_string"}],"inLanguage":"es"},{"@type":"Organization","@id":"https:\/\/vapebulkp.com\/#organization","name":"vapebulkp.com","url":"https:\/\/vapebulkp.com\/","logo":{"@type":"ImageObject","inLanguage":"es","@id":"https:\/\/vapebulkp.com\/#\/schema\/logo\/image\/","url":"https:\/\/vapebulkp.com\/wp-content\/uploads\/2023\/09\/cropped-vapebulkp.png","contentUrl":"https:\/\/vapebulkp.com\/wp-content\/uploads\/2023\/09\/cropped-vapebulkp.png","width":516,"height":163,"caption":"vapebulkp.com"},"image":{"@id":"https:\/\/vapebulkp.com\/#\/schema\/logo\/image\/"}}]}},"uagb_featured_image_src":{"full":["https:\/\/vapebulkp.com\/wp-content\/uploads\/2024\/04\/UTCO-9000PUFFS-Good-Sale-Germany.jpg",1600,1600,false],"thumbnail":["https:\/\/vapebulkp.com\/wp-content\/uploads\/2024\/04\/UTCO-9000PUFFS-Good-Sale-Germany-150x150.jpg",150,150,true],"medium":["https:\/\/vapebulkp.com\/wp-content\/uploads\/2024\/04\/UTCO-9000PUFFS-Good-Sale-Germany-300x300.jpg",300,300,true],"medium_large":["https:\/\/vapebulkp.com\/wp-content\/uploads\/2024\/04\/UTCO-9000PUFFS-Good-Sale-Germany-768x768.jpg",768,768,true],"large":["https:\/\/vapebulkp.com\/wp-content\/uploads\/2024\/04\/UTCO-9000PUFFS-Good-Sale-Germany-1024x1024.jpg",1024,1024,true],"1536x1536":["https:\/\/vapebulkp.com\/wp-content\/uploads\/2024\/04\/UTCO-9000PUFFS-Good-Sale-Germany-1536x1536.jpg",1536,1536,true],"2048x2048":["https:\/\/vapebulkp.com\/wp-content\/uploads\/2024\/04\/UTCO-9000PUFFS-Good-Sale-Germany.jpg",1600,1600,false],"trp-custom-language-flag":["https:\/\/vapebulkp.com\/wp-content\/uploads\/2024\/04\/UTCO-9000PUFFS-Good-Sale-Germany.jpg",12,12,false],"woocommerce_thumbnail":["https:\/\/vapebulkp.com\/wp-content\/uploads\/2024\/04\/UTCO-9000PUFFS-Good-Sale-Germany-300x300.jpg",300,300,true],"woocommerce_single":["https:\/\/vapebulkp.com\/wp-content\/uploads\/2024\/04\/UTCO-9000PUFFS-Good-Sale-Germany-600x600.jpg",600,600,true],"woocommerce_gallery_thumbnail":["https:\/\/vapebulkp.com\/wp-content\/uploads\/2024\/04\/UTCO-9000PUFFS-Good-Sale-Germany-100x100.jpg",100,100,true],"wcpr-photo-reviews":["https:\/\/vapebulkp.com\/wp-content\/uploads\/2024\/04\/UTCO-9000PUFFS-Good-Sale-Germany.jpg",500,500,false]},"uagb_author_info":{"display_name":"Mandy vape bulk price","author_link":"https:\/\/vapebulkp.com\/es\/author\/"},"uagb_comment_info":0,"uagb_excerpt":"UTCO 9000 Puffs Good Vape Bulk Price Discount Price UTCO 9K Top Sale This Week Netherland\u00a0 wholesale Good\u00a0 disposable vape UTCO 9000 Puffs Pls Contact Mandy's WhatsApp For Discount Price+8618077105796 NOTE: Prices on our website does not include shipping costs","_links":{"self":[{"href":"https:\/\/vapebulkp.com\/es\/wp-json\/wp\/v2\/product\/2261","targetHints":{"allow":["GET"]}}],"collection":[{"href":"https:\/\/vapebulkp.com\/es\/wp-json\/wp\/v2\/product"}],"about":[{"href":"https:\/\/vapebulkp.com\/es\/wp-json\/wp\/v2\/types\/product"}],"replies":[{"embeddable":true,"href":"https:\/\/vapebulkp.com\/es\/wp-json\/wp\/v2\/comments?post=2261"}],"wp:featuredmedia":[{"embeddable":true,"href":"https:\/\/vapebulkp.com\/es\/wp-json\/wp\/v2\/media\/2250"}],"wp:attachment":[{"href":"https:\/\/vapebulkp.com\/es\/wp-json\/wp\/v2\/media?parent=2261"}],"wp:term":[{"taxonomy":"product_cat","embeddable":true,"href":"https:\/\/vapebulkp.com\/es\/wp-json\/wp\/v2\/product_cat?post=2261"},{"taxonomy":"product_tag","embeddable":true,"href":"https:\/\/vapebulkp.com\/es\/wp-json\/wp\/v2\/product_tag?post=2261"}],"curies":[{"name":"wp","href":"https:\/\/api.w.org\/{rel}","templated":true}]}}