{"id":2303,"date":"2024-04-24T11:58:02","date_gmt":"2024-04-24T09:58:02","guid":{"rendered":"https:\/\/vapebulkp.com\/?post_type=product&#038;p=2303"},"modified":"2025-09-24T05:19:58","modified_gmt":"2025-09-24T03:19:58","slug":"original-vape-bang-rocket-18000-puffs-good-sale","status":"publish","type":"product","link":"https:\/\/vapebulkp.com\/es\/product\/original-vape-bang-rocket-18000-puffs-good-sale\/","title":{"rendered":"Original Vape Bang Rocket 18000 Puffs Buena Venta"},"content":{"rendered":"<h2 style=\"text-align: left\">Original Vape Bang Rocket 18000 Puffs Buena Venta<\/h2>\n<p data-start=\"128\" data-end=\"456\">El <strong data-start=\"132\" data-end=\"173\">Vape Bang Rocket 18000 caladas original<\/strong> es un producto premium <a href=\"https:\/\/vapebulkp.com\/es\/product-category\/18000-puffs-disposable-vape\/\"><strong data-start=\"187\" data-end=\"218\">Vaper desechable de 18000 caladas<\/strong><\/a> dise\u00f1ado para un rendimiento duradero y caladas suaves y sabrosas. Equipado con una bater\u00eda recargable de 650 mAh, este <strong data-start=\"338\" data-end=\"370\">vape desechable recargable<\/strong> ofrece sesiones ininterrumpidas, lo que lo hace ideal para el uso diario o salidas prolongadas.<\/p>\n<p data-start=\"458\" data-end=\"745\">Su <strong data-start=\"462\" data-end=\"485\">vape de bobina de malla dual<\/strong> La configuraci\u00f3n mejora la densidad del vapor y la intensidad del sabor, produciendo nubes ricas y satisfactorias de principio a fin. La capacidad de e-l\u00edquido de 20 ml y las opciones de sal de nicotina del 0% al 5% garantizan una <strong data-start=\"669\" data-end=\"702\">vaporizador desechable de alta capacidad<\/strong> experiencia adaptada a cada preferencia.<\/p>\n<p data-start=\"747\" data-end=\"1012\">Compacto y elegante, el <strong data-start=\"770\" data-end=\"813\">Vape recargable Bang Rocket 18k caladas<\/strong> es perfecto para los compradores mayoristas de la UE que buscan un producto confiable y de alta demanda. Con una amplia gama de sabores y un dise\u00f1o moderno, es la mejor opci\u00f3n para los vapeadores europeos que valoran la calidad y la comodidad.<\/p>\n<p><img decoding=\"async\" class=\"alignnone size-full wp-image-2278\" src=\"http:\/\/vapebulkp.com\/wp-content\/uploads\/2024\/04\/Bang-Rocket-18000-Puffs-Disposable-Vape-Germany.png\" alt=\"Vaporizador Desechable Bang Rocket 18000 Puffs Espa\u00f1a\" width=\"1000\" height=\"1000\" srcset=\"https:\/\/vapebulkp.com\/wp-content\/uploads\/2024\/04\/Bang-Rocket-18000-Puffs-Disposable-Vape-Germany.png 1000w, https:\/\/vapebulkp.com\/wp-content\/uploads\/2024\/04\/Bang-Rocket-18000-Puffs-Disposable-Vape-Germany-300x300.png 300w, https:\/\/vapebulkp.com\/wp-content\/uploads\/2024\/04\/Bang-Rocket-18000-Puffs-Disposable-Vape-Germany-150x150.png 150w, https:\/\/vapebulkp.com\/wp-content\/uploads\/2024\/04\/Bang-Rocket-18000-Puffs-Disposable-Vape-Germany-768x768.png 768w, https:\/\/vapebulkp.com\/wp-content\/uploads\/2024\/04\/Bang-Rocket-18000-Puffs-Disposable-Vape-Germany-600x600.png 600w, https:\/\/vapebulkp.com\/wp-content\/uploads\/2024\/04\/Bang-Rocket-18000-Puffs-Disposable-Vape-Germany-100x100.png 100w\" sizes=\"(max-width: 1000px) 100vw, 1000px\" \/><\/p>\n<h6>Por favor, contacta con el WhatsApp de Mandy para obtener un precio con descuento<a href=\"https:\/\/wa.me\/8618077105796\">+8618077105796<\/a><\/h6>\n<p><img decoding=\"async\" class=\"alignnone wp-image-2151\" src=\"http:\/\/vapebulkp.com\/wp-content\/uploads\/2024\/04\/Mandy-WhatsApp-Randm.jpg\" alt=\"Mandy WhatsApp Aleatorio\" width=\"324\" height=\"330\" \/><\/p>\n<h2>Quiz\u00e1 le interese saber sobre el vaporizador desechable Bang Rocket 18000 caladas:<\/h2>\n<h5>1. \u00bfC\u00f3mo usar el vaporizador Bang Rocket 18k caladas?<\/h5>\n<p>Paso 1. Antes de usar 18k caladas, desenchufe la pipa de pl\u00e1stico.<\/p>\n<p>Paso 2. Espere unos 3 minutos para que el l\u00edquido entre en la resistencia.<\/p>\n<p>Paso 3. Disfr\u00fatelo<\/p>\n<h5>2. \u00bfC\u00f3mo cargar el vaporizador desechable Bang Rocket 18k caladas?<\/h5>\n<p>No se pueden utilizar cargadores de carga r\u00e1pida. La potencia segura est\u00e1ndar de los cigarrillos electr\u00f3nicos desechables es de 5V 1A.<\/p>\n<p>El tiempo de carga no puede exceder 1 hora. El tiempo de carga seguro es de media hora.<\/p>\n<p><span style=\"color: #ff6600\">Aviso: \u00a1no recargar toda la noche!<\/span><\/p>\n<h5>3. \u00bfCu\u00e1l es la capacidad de e-l\u00edquido del vaporizador Bang Rocket 18000 caladas?<\/h5>\n<p>\u2014\u201320ml<\/p>\n<h5>4. \u00bfCu\u00e1ntas caladas puedo dar a este Bang Rocket 18000 caladas?<\/h5>\n<p>\u2014\u20139000-18000 caladas<\/p>\n<h3>Caracter\u00edsticas del vaporizador desechable Bang Rocket 18000 caladas:<\/h3>\n<p>&nbsp;<\/p>\n<ul>\n<li>\u00a0L\u00edquido: Cartucho de e-l\u00edquido precargado de 20 ml<\/li>\n<li>Nicotina: 2\/5% Nicotina de Sal<\/li>\n<li>\u00a0Tipos: Desechable<\/li>\n<li>\u00a0bater\u00eda de 650 mAh<\/li>\n<li>\u00a00.6 Resistencia de malla, FLUJO DE AIRE AJUSTABLE<\/li>\n<li>\u00a0Recargable Tipo-c<\/li>\n<li>\u00a012 Sabores Disponibles<\/li>\n<\/ul>\n<p>&nbsp;<\/p>\n<h3><strong>Lista de mejores sabores del vaporizador Bang Rocket 18k caladas:<\/strong><\/h3>\n<p>1. Cereza bomba<br \/>\n2. Jugoso melocot\u00f3n helado<br \/>\n3.Frutas Tropicales<br \/>\nHielo de uva<br \/>\n5.Melocot\u00f3n Mango<br \/>\n6.Fresa Pl\u00e1tano<br \/>\n7.Fresa Mango<br \/>\n8.Hielo de Triple Baya<br \/>\n9. Fresa Sand\u00eda<br \/>\n10.Hielo de Sand\u00eda<br \/>\n11.Hielo de Frambuesa Azul<br \/>\n12.Hielo de Manzana \u00c1cida<\/p>\n<p><a href=\"https:\/\/vapebulkp.com\/es\/product\/popular-randm-tornado-7000puffs-disposable-vape-best-price\/\"><span style=\"vertical-align: inherit\">RandM Tornado 7000 Caladas <\/span><\/a><\/p>\n<p><span style=\"vertical-align: inherit\">Encuentra m\u00e1s productos que te puedan gustar:<\/span><em><a href=\"https:\/\/wa.me\/8618077105796\"><span style=\"vertical-align: inherit\">\u00a0C\u00f3mpralo ahora<\/span><\/a><\/em><\/p>\n<p><span style=\"vertical-align: inherit\">Otros vaporizadores que te pueden gustar:<\/span><a href=\"https:\/\/vapebulkp.com\/es\/product\/joymy-ultra15000puffs-best-disposable-vape-2023\/\"><span style=\"vertical-align: inherit\">JOYMY 15000 caladas<\/span><\/a><span style=\"vertical-align: inherit\">\u3001<\/span><a href=\"https:\/\/vapebulkp.com\/es\/product\/wholesale-randm-tornado-9000-puffs-germany\/\"><span style=\"vertical-align: inherit\">RandM 9000 Caladas<\/span><\/a><span style=\"vertical-align: inherit\">\/ <\/span><a href=\"https:\/\/vapebulkp.com\/es\/product\/bang-king-12000puffs\/\"><span style=\"vertical-align: inherit\">Bang King 12000 caladas<\/span><\/a><span style=\"vertical-align: inherit\">\/ <\/span><a href=\"https:\/\/vapebulkp.com\/es\/product\/wholesale-tornado-rum-bar-9000-puffs-sweden\/\"><span style=\"vertical-align: inherit\">Rumbar 9000 Caladas<\/span><\/a><\/p>\n<p><span style=\"vertical-align: inherit\">Cigarrillo electr\u00f3nico con forma especial:<\/span><a href=\"https:\/\/vapebulkp.com\/es\/product\/original-vape-bang-tn-12000-puffs-bang-vape\/\"><span style=\"vertical-align: inherit\"> Bang TN 12000 caladas<\/span><\/a><span style=\"vertical-align: inherit\">\/ <\/span><a href=\"https:\/\/vapebulkp.com\/es\/product\/popular-bang-king-10000-puffs-vape-good-price\/\"><span style=\"vertical-align: inherit\">\u00a0Bang King 10000 caladas <\/span><\/a><span style=\"vertical-align: inherit\">\/<\/span><a href=\"https:\/\/vapebulkp.com\/es\/product\/bang-tornado-12000-puffs-rechargeable-disposable-pod\/\"><span style=\"vertical-align: inherit\"> Bang Tornado 12000 caladas<\/span><\/a><\/p>\n<h5>Cualificaci\u00f3n de la producci\u00f3n:<\/h5>\n<p><img decoding=\"async\" class=\"alignnone size-full wp-image-1841\" src=\"http:\/\/vapebulkp.com\/wp-content\/uploads\/2023\/11\/Vape-production-process-2.jpeg\" alt=\"Proceso de producci\u00f3n de vapes\" width=\"650\" height=\"434\" srcset=\"https:\/\/vapebulkp.com\/wp-content\/uploads\/2023\/11\/Vape-production-process-2.jpeg 650w, https:\/\/vapebulkp.com\/wp-content\/uploads\/2023\/11\/Vape-production-process-2-300x200.jpeg 300w, https:\/\/vapebulkp.com\/wp-content\/uploads\/2023\/11\/Vape-production-process-2-600x401.jpeg 600w\" sizes=\"(max-width: 650px) 100vw, 650px\" \/><\/p>\n<p><img decoding=\"async\" class=\"alignnone size-full wp-image-1843\" src=\"http:\/\/vapebulkp.com\/wp-content\/uploads\/2023\/11\/Vape-production-process.jpeg\" alt=\"Proceso de producci\u00f3n de vapes\" width=\"641\" height=\"1026\" srcset=\"https:\/\/vapebulkp.com\/wp-content\/uploads\/2023\/11\/Vape-production-process.jpeg 641w, https:\/\/vapebulkp.com\/wp-content\/uploads\/2023\/11\/Vape-production-process-187x300.jpeg 187w, https:\/\/vapebulkp.com\/wp-content\/uploads\/2023\/11\/Vape-production-process-640x1024.jpeg 640w, https:\/\/vapebulkp.com\/wp-content\/uploads\/2023\/11\/Vape-production-process-600x960.jpeg 600w\" sizes=\"(max-width: 641px) 100vw, 641px\" \/><\/p>\n<h5>Preguntas frecuentes:<\/h5>\n<p>P: \u00bfCu\u00e1l es la cantidad m\u00ednima de pedido de Bang Rocket 18000 Puffs?<br \/>\nR: El pedido m\u00ednimo es de 100 unidades.<br \/>\nP: \u00bfCu\u00e1l es el plazo de entrega para el vapeador pedido?<br \/>\nR: Generalmente son de 10 a 15 d\u00edas despu\u00e9s del env\u00edo.<br \/>\nP: \u00bfCu\u00e1nto cuesta el env\u00edo?R: El coste de env\u00edo depende del peso.diferentes cantidades tienen diferentes costes de env\u00edo, por favor cont\u00e1ctenos para confirmar el coste de env\u00edo.<\/p>\n<h4>Detalle de env\u00edo:<\/h4>\n<p><span style=\"color: #ff6600\">Tiempo de producci\u00f3n: 5-10 d\u00edas laborables<\/span><br \/>\n<span style=\"color: #ff6600\">Tiempo de env\u00edo: 8-14 d\u00edas laborables<\/span><\/p>\n<p>Todos los productos en nuestra tienda son 100% originales y aut\u00e9nticos, por lo que la compensaci\u00f3n de diez veces por productos falsos es la pol\u00edtica de nuestra tienda. Utilizamos canales log\u00edsticos como UPS\/DHL\/FEDEX\/DPD para entregarle los productos.<\/p>\n<p>Para los paquetes enviados a Espa\u00f1a, generalmente tardan 12 a 15 d\u00edas laborables en llegar. Actualizaremos la informaci\u00f3n de log\u00edstica para usted en tiempo real.<\/p>","protected":false},"excerpt":{"rendered":"<p><a href=\"https:\/\/vapebulkp.com\/es\/product\/original-vape-bang-rocket-18000-puffs-good-sale\/\">\u00a1El buen vapeador Bang Rocket de 18000 caladas vale la pena!<\/a><\/p>\n<p>Por favor, contacta con el WhatsApp de Mandy para obtener un precio con descuento<a href=\"https:\/\/wa.me\/8618077105796\">+8618077105796<\/a><\/p>\n<p><img decoding=\"async\" class=\"alignnone wp-image-2151\" src=\"http:\/\/vapebulkp.com\/wp-content\/uploads\/2024\/04\/Mandy-WhatsApp-Randm.jpg\" alt=\"Mandy WhatsApp Aleatorio\" width=\"297\" height=\"316\" srcset=\"https:\/\/vapebulkp.com\/wp-content\/uploads\/2024\/04\/Mandy-WhatsApp-Randm.jpg 916w, https:\/\/vapebulkp.com\/wp-content\/uploads\/2024\/04\/Mandy-WhatsApp-Randm-282x300.jpg 282w, https:\/\/vapebulkp.com\/wp-content\/uploads\/2024\/04\/Mandy-WhatsApp-Randm-768x817.jpg 768w, https:\/\/vapebulkp.com\/wp-content\/uploads\/2024\/04\/Mandy-WhatsApp-Randm-600x638.jpg 600w\" sizes=\"(max-width: 297px) 100vw, 297px\" \/><\/p>\n<p><span style=\"color: #ff0000\">NOTA: Los precios en nuestro sitio web no incluyen los gastos de env\u00edo<\/span><\/p>\n<p>&nbsp;<\/p>","protected":false},"featured_media":2279,"comment_status":"open","ping_status":"closed","template":"","meta":{"_uag_custom_page_level_css":"","_lmt_disableupdate":"no","_lmt_disable":"","site-sidebar-layout":"default","site-content-layout":"content-boxed-container","ast-site-content-layout":"normal-width-container","site-content-style":"boxed","site-sidebar-style":"unboxed","ast-global-header-display":"","ast-banner-title-visibility":"","ast-main-header-display":"","ast-hfb-above-header-display":"","ast-hfb-below-header-display":"","ast-hfb-mobile-header-display":"","site-post-title":"","ast-breadcrumbs-content":"","ast-featured-img":"","footer-sml-layout":"","theme-transparent-header-meta":"default","adv-header-id-meta":"","stick-header-meta":"","header-above-stick-meta":"","header-main-stick-meta":"","header-below-stick-meta":"","astra-migrate-meta-layouts":"set","_joinchat":[]},"product_cat":[163,153,345,155,33,59,100,34,158,157,154,152,58,84,156,63,32],"product_tag":[111,36,37,41,40],"class_list":["post-2303","product","type-product","status-publish","has-post-thumbnail","hentry","product_cat-18000-puffs-disposable-vape","product_cat-hot-disposable-vapes","product_cat-bang-vapes","product_cat-belgium-hot-disposable-vapes","product_cat-france-vape-hot-sale","product_cat-germany-hot-disposable-vape","product_cat-germany-wholesale-vape-shop","product_cat-netherlands-vape-good-sale","product_cat-norway-hot-disposable-vapes","product_cat-poland-hot-disposable-vapes","product_cat-portugal-hot-disposable-vapes","product_cat-spain-hot-disposable-vapes","product_cat-sweden-hot-disposable-vape","product_cat-sweden-wholesale-vape","product_cat-switzerland-hot-disposable-vapes","product_cat-top-sale-disposable-vape","product_cat-vape-hot-sale-this-week","product_tag-18000puffs","product_tag-good-vape","product_tag-hot-sale-disposable-vape","product_tag-poland-hot-vape","product_tag-sweden-hot-vape","pa_brand-bang-vape","desktop-align-left","tablet-align-left","mobile-align-left"],"yoast_head":"<!-- This site is optimized with the Yoast SEO plugin v21.1 - https:\/\/yoast.com\/wordpress\/plugins\/seo\/ -->\n<title>Original Vape Bang Rocket 18000 Puffs Good Sale - vapebulkp.com<\/title>\n<meta name=\"description\" content=\"Bang Rocket 18000 Puffs vape with a robust 650mAh battery and a whopping 20ml e-liquid capacity, this device ensures long-lasting satisfaction..\" \/>\n<meta name=\"robots\" content=\"index, follow, max-snippet:-1, max-image-preview:large, max-video-preview:-1\" \/>\n<link rel=\"canonical\" href=\"https:\/\/vapebulkp.com\/es\/product\/original-vape-bang-rocket-18000-puffs-good-sale\/\" \/>\n<meta property=\"og:locale\" content=\"es_ES\" \/>\n<meta property=\"og:type\" content=\"article\" \/>\n<meta property=\"og:title\" content=\"Original Vape Bang Rocket 18000 Puffs Good Sale - vapebulkp.com\" \/>\n<meta property=\"og:description\" content=\"Bang Rocket 18000 Puffs vape with a robust 650mAh battery and a whopping 20ml e-liquid capacity, this device ensures long-lasting satisfaction..\" \/>\n<meta property=\"og:url\" content=\"https:\/\/vapebulkp.com\/es\/product\/original-vape-bang-rocket-18000-puffs-good-sale\/\" \/>\n<meta property=\"og:site_name\" content=\"vapebulkp.com\" \/>\n<meta property=\"article:modified_time\" content=\"2025-09-24T03:19:58+00:00\" \/>\n<meta property=\"og:image\" content=\"http:\/\/vapebulkp.com\/wp-content\/uploads\/2024\/04\/Bang-Rocket-18000-Puffs-Disposable-Vape-Nehterlands-1024x1024.png\" \/>\n\t<meta property=\"og:image:width\" content=\"1024\" \/>\n\t<meta property=\"og:image:height\" content=\"1024\" \/>\n\t<meta property=\"og:image:type\" content=\"image\/png\" \/>\n<meta name=\"twitter:card\" content=\"summary_large_image\" \/>\n<meta name=\"twitter:label1\" content=\"Tiempo de lectura\" \/>\n\t<meta name=\"twitter:data1\" content=\"4 minutos\" \/>\n<script type=\"application\/ld+json\" class=\"yoast-schema-graph\">{\"@context\":\"https:\/\/schema.org\",\"@graph\":[{\"@type\":\"WebPage\",\"@id\":\"https:\/\/vapebulkp.com\/product\/original-vape-bang-rocket-18000-puffs-good-sale\/\",\"url\":\"https:\/\/vapebulkp.com\/product\/original-vape-bang-rocket-18000-puffs-good-sale\/\",\"name\":\"Original Vape Bang Rocket 18000 Puffs Good Sale - vapebulkp.com\",\"isPartOf\":{\"@id\":\"https:\/\/vapebulkp.com\/#website\"},\"datePublished\":\"2024-04-24T09:58:02+00:00\",\"dateModified\":\"2025-09-24T03:19:58+00:00\",\"description\":\"Bang Rocket 18000 Puffs vape with a robust 650mAh battery and a whopping 20ml e-liquid capacity, this device ensures long-lasting satisfaction..\",\"breadcrumb\":{\"@id\":\"https:\/\/vapebulkp.com\/product\/original-vape-bang-rocket-18000-puffs-good-sale\/#breadcrumb\"},\"inLanguage\":\"es\",\"potentialAction\":[{\"@type\":\"ReadAction\",\"target\":[\"https:\/\/vapebulkp.com\/product\/original-vape-bang-rocket-18000-puffs-good-sale\/\"]}]},{\"@type\":\"BreadcrumbList\",\"@id\":\"https:\/\/vapebulkp.com\/product\/original-vape-bang-rocket-18000-puffs-good-sale\/#breadcrumb\",\"itemListElement\":[{\"@type\":\"ListItem\",\"position\":1,\"name\":\"Home\",\"item\":\"https:\/\/vapebulkp.com\/\"},{\"@type\":\"ListItem\",\"position\":2,\"name\":\"Hot Trend Vapes\",\"item\":\"https:\/\/vapebulkp.com\/vape-shop\/\"},{\"@type\":\"ListItem\",\"position\":3,\"name\":\"Original Vape Bang Rocket 18000 Puffs Good Sale\"}]},{\"@type\":\"WebSite\",\"@id\":\"https:\/\/vapebulkp.com\/#website\",\"url\":\"https:\/\/vapebulkp.com\/\",\"name\":\"vapebulkp.com\",\"description\":\"Buy Vape In Cheap Bulk Price Near you\",\"publisher\":{\"@id\":\"https:\/\/vapebulkp.com\/#organization\"},\"potentialAction\":[{\"@type\":\"SearchAction\",\"target\":{\"@type\":\"EntryPoint\",\"urlTemplate\":\"https:\/\/vapebulkp.com\/?s={search_term_string}\"},\"query-input\":\"required name=search_term_string\"}],\"inLanguage\":\"es\"},{\"@type\":\"Organization\",\"@id\":\"https:\/\/vapebulkp.com\/#organization\",\"name\":\"vapebulkp.com\",\"url\":\"https:\/\/vapebulkp.com\/\",\"logo\":{\"@type\":\"ImageObject\",\"inLanguage\":\"es\",\"@id\":\"https:\/\/vapebulkp.com\/#\/schema\/logo\/image\/\",\"url\":\"https:\/\/vapebulkp.com\/wp-content\/uploads\/2023\/09\/cropped-vapebulkp.png\",\"contentUrl\":\"https:\/\/vapebulkp.com\/wp-content\/uploads\/2023\/09\/cropped-vapebulkp.png\",\"width\":516,\"height\":163,\"caption\":\"vapebulkp.com\"},\"image\":{\"@id\":\"https:\/\/vapebulkp.com\/#\/schema\/logo\/image\/\"}}]}<\/script>\n<!-- \/ Yoast SEO plugin. -->","yoast_head_json":{"title":"Original Vape Bang Rocket 18000 Puffs Good Sale - vapebulkp.com","description":"Bang Rocket 18000 Puffs vape with a robust 650mAh battery and a whopping 20ml e-liquid capacity, this device ensures long-lasting satisfaction..","robots":{"index":"index","follow":"follow","max-snippet":"max-snippet:-1","max-image-preview":"max-image-preview:large","max-video-preview":"max-video-preview:-1"},"canonical":"https:\/\/vapebulkp.com\/es\/product\/original-vape-bang-rocket-18000-puffs-good-sale\/","og_locale":"es_ES","og_type":"article","og_title":"Original Vape Bang Rocket 18000 Puffs Good Sale - vapebulkp.com","og_description":"Bang Rocket 18000 Puffs vape with a robust 650mAh battery and a whopping 20ml e-liquid capacity, this device ensures long-lasting satisfaction..","og_url":"https:\/\/vapebulkp.com\/es\/product\/original-vape-bang-rocket-18000-puffs-good-sale\/","og_site_name":"vapebulkp.com","article_modified_time":"2025-09-24T03:19:58+00:00","og_image":[{"width":1024,"height":1024,"url":"http:\/\/vapebulkp.com\/wp-content\/uploads\/2024\/04\/Bang-Rocket-18000-Puffs-Disposable-Vape-Nehterlands-1024x1024.png","type":"image\/png"}],"twitter_card":"summary_large_image","twitter_misc":{"Tiempo de lectura":"4 minutos"},"schema":{"@context":"https:\/\/schema.org","@graph":[{"@type":"WebPage","@id":"https:\/\/vapebulkp.com\/product\/original-vape-bang-rocket-18000-puffs-good-sale\/","url":"https:\/\/vapebulkp.com\/product\/original-vape-bang-rocket-18000-puffs-good-sale\/","name":"Original Vape Bang Rocket 18000 Puffs Good Sale - vapebulkp.com","isPartOf":{"@id":"https:\/\/vapebulkp.com\/#website"},"datePublished":"2024-04-24T09:58:02+00:00","dateModified":"2025-09-24T03:19:58+00:00","description":"Bang Rocket 18000 Puffs vape with a robust 650mAh battery and a whopping 20ml e-liquid capacity, this device ensures long-lasting satisfaction..","breadcrumb":{"@id":"https:\/\/vapebulkp.com\/product\/original-vape-bang-rocket-18000-puffs-good-sale\/#breadcrumb"},"inLanguage":"es","potentialAction":[{"@type":"ReadAction","target":["https:\/\/vapebulkp.com\/product\/original-vape-bang-rocket-18000-puffs-good-sale\/"]}]},{"@type":"BreadcrumbList","@id":"https:\/\/vapebulkp.com\/product\/original-vape-bang-rocket-18000-puffs-good-sale\/#breadcrumb","itemListElement":[{"@type":"ListItem","position":1,"name":"Home","item":"https:\/\/vapebulkp.com\/"},{"@type":"ListItem","position":2,"name":"Hot Trend Vapes","item":"https:\/\/vapebulkp.com\/vape-shop\/"},{"@type":"ListItem","position":3,"name":"Original Vape Bang Rocket 18000 Puffs Good Sale"}]},{"@type":"WebSite","@id":"https:\/\/vapebulkp.com\/#website","url":"https:\/\/vapebulkp.com\/","name":"vapebulkp.com","description":"Buy Vape In Cheap Bulk Price Near you","publisher":{"@id":"https:\/\/vapebulkp.com\/#organization"},"potentialAction":[{"@type":"SearchAction","target":{"@type":"EntryPoint","urlTemplate":"https:\/\/vapebulkp.com\/?s={search_term_string}"},"query-input":"required name=search_term_string"}],"inLanguage":"es"},{"@type":"Organization","@id":"https:\/\/vapebulkp.com\/#organization","name":"vapebulkp.com","url":"https:\/\/vapebulkp.com\/","logo":{"@type":"ImageObject","inLanguage":"es","@id":"https:\/\/vapebulkp.com\/#\/schema\/logo\/image\/","url":"https:\/\/vapebulkp.com\/wp-content\/uploads\/2023\/09\/cropped-vapebulkp.png","contentUrl":"https:\/\/vapebulkp.com\/wp-content\/uploads\/2023\/09\/cropped-vapebulkp.png","width":516,"height":163,"caption":"vapebulkp.com"},"image":{"@id":"https:\/\/vapebulkp.com\/#\/schema\/logo\/image\/"}}]}},"uagb_featured_image_src":{"full":["https:\/\/vapebulkp.com\/wp-content\/uploads\/2024\/04\/Bang-Rocket-18000-Puffs-Disposable-Vape-Nehterlands.png",1500,1500,false],"thumbnail":["https:\/\/vapebulkp.com\/wp-content\/uploads\/2024\/04\/Bang-Rocket-18000-Puffs-Disposable-Vape-Nehterlands-150x150.png",150,150,true],"medium":["https:\/\/vapebulkp.com\/wp-content\/uploads\/2024\/04\/Bang-Rocket-18000-Puffs-Disposable-Vape-Nehterlands-300x300.png",300,300,true],"medium_large":["https:\/\/vapebulkp.com\/wp-content\/uploads\/2024\/04\/Bang-Rocket-18000-Puffs-Disposable-Vape-Nehterlands-768x768.png",768,768,true],"large":["https:\/\/vapebulkp.com\/wp-content\/uploads\/2024\/04\/Bang-Rocket-18000-Puffs-Disposable-Vape-Nehterlands-1024x1024.png",1024,1024,true],"1536x1536":["https:\/\/vapebulkp.com\/wp-content\/uploads\/2024\/04\/Bang-Rocket-18000-Puffs-Disposable-Vape-Nehterlands.png",1500,1500,false],"2048x2048":["https:\/\/vapebulkp.com\/wp-content\/uploads\/2024\/04\/Bang-Rocket-18000-Puffs-Disposable-Vape-Nehterlands.png",1500,1500,false],"trp-custom-language-flag":["https:\/\/vapebulkp.com\/wp-content\/uploads\/2024\/04\/Bang-Rocket-18000-Puffs-Disposable-Vape-Nehterlands.png",12,12,false],"woocommerce_thumbnail":["https:\/\/vapebulkp.com\/wp-content\/uploads\/2024\/04\/Bang-Rocket-18000-Puffs-Disposable-Vape-Nehterlands-300x300.png",300,300,true],"woocommerce_single":["https:\/\/vapebulkp.com\/wp-content\/uploads\/2024\/04\/Bang-Rocket-18000-Puffs-Disposable-Vape-Nehterlands-600x600.png",600,600,true],"woocommerce_gallery_thumbnail":["https:\/\/vapebulkp.com\/wp-content\/uploads\/2024\/04\/Bang-Rocket-18000-Puffs-Disposable-Vape-Nehterlands-100x100.png",100,100,true],"wcpr-photo-reviews":["https:\/\/vapebulkp.com\/wp-content\/uploads\/2024\/04\/Bang-Rocket-18000-Puffs-Disposable-Vape-Nehterlands.png",500,500,false]},"uagb_author_info":{"display_name":"Mandy vape bulk price","author_link":"https:\/\/vapebulkp.com\/es\/author\/"},"uagb_comment_info":2,"uagb_excerpt":"The Good Vape\u00a0 Bang Rocket 18000 puffs is worth owning\uff01 Pls Contact Mandy's WhatsApp For Discount Price+8618077105796 NOTE: Prices on our website does not include shipping costs &nbsp;","_links":{"self":[{"href":"https:\/\/vapebulkp.com\/es\/wp-json\/wp\/v2\/product\/2303","targetHints":{"allow":["GET"]}}],"collection":[{"href":"https:\/\/vapebulkp.com\/es\/wp-json\/wp\/v2\/product"}],"about":[{"href":"https:\/\/vapebulkp.com\/es\/wp-json\/wp\/v2\/types\/product"}],"replies":[{"embeddable":true,"href":"https:\/\/vapebulkp.com\/es\/wp-json\/wp\/v2\/comments?post=2303"}],"wp:featuredmedia":[{"embeddable":true,"href":"https:\/\/vapebulkp.com\/es\/wp-json\/wp\/v2\/media\/2279"}],"wp:attachment":[{"href":"https:\/\/vapebulkp.com\/es\/wp-json\/wp\/v2\/media?parent=2303"}],"wp:term":[{"taxonomy":"product_cat","embeddable":true,"href":"https:\/\/vapebulkp.com\/es\/wp-json\/wp\/v2\/product_cat?post=2303"},{"taxonomy":"product_tag","embeddable":true,"href":"https:\/\/vapebulkp.com\/es\/wp-json\/wp\/v2\/product_tag?post=2303"}],"curies":[{"name":"wp","href":"https:\/\/api.w.org\/{rel}","templated":true}]}}