{"id":2403,"date":"2024-04-29T11:11:35","date_gmt":"2024-04-29T09:11:35","guid":{"rendered":"https:\/\/vapebulkp.com\/?post_type=product&#038;p=2403"},"modified":"2025-09-24T05:46:13","modified_gmt":"2025-09-24T03:46:13","slug":"vopk-shisha-15k-puffs-original-vape-jnr-shisha","status":"publish","type":"product","link":"https:\/\/vapebulkp.com\/es\/product\/vopk-shisha-15k-puffs-original-vape-jnr-shisha\/","title":{"rendered":"VOPK SHISHA 15K PUFFS Vape Original JNR SHISHA"},"content":{"rendered":"<h1>VOPK SHISHA 15K PUFFS Vape Original JNR SHISHA<\/h1>\n<p>&nbsp;<\/p>\n<p data-start=\"378\" data-end=\"758\">La VOPK SHISHA 15K PUFFS Original Vape JNR SHISHA es un producto premium <a href=\"https:\/\/vapebulkp.com\/es\/product-category\/15000-puffs-disposable-vape\/\"><strong data-start=\"448\" data-end=\"479\">Vaper desechable de 15000 caladas<\/strong><\/a> con un elegante dise\u00f1o bicolor y impresi\u00f3n UV, que muestra una artesan\u00eda superior y una construcci\u00f3n de alta calidad. Equipada con una resistencia de malla de 0.6\u03a9, ofrece vapor denso y caladas suaves, lo que la convierte en una opci\u00f3n principal entre <strong data-start=\"697\" data-end=\"716\">vapes de resistencia de malla<\/strong> y un <strong data-start=\"721\" data-end=\"755\">vapers desechables de alta capacidad<\/strong>.<\/p>\n<p data-start=\"760\" data-end=\"1043\">Con un espacioso tanque de 20 ml de e-l\u00edquido y un n\u00facleo de resistencia de malla avanzado, este <strong data-start=\"829\" data-end=\"862\">vape desechable de sal de nicotina<\/strong> proporciona un sabor rico y consistente con cada calada. Alimentado por una bater\u00eda recargable de 600 mAh y carga r\u00e1pida tipo C, garantiza un rendimiento duradero y una experiencia de vapeo ininterrumpida.<\/p>\n<p data-start=\"1045\" data-end=\"1318\">Disponible en una variedad de sabores que incluyen Doble Manzana, Menta Uva, Melocot\u00f3n Jugoso y m\u00e1s, el <strong data-start=\"1142\" data-end=\"1169\">VOPK SHISHA 15000 Caladas<\/strong> satisface diversas preferencias de sabor. Compacto, elegante y port\u00e1til, es ideal para el uso diario, entornos sociales o <strong data-start=\"1285\" data-end=\"1308\">compradores mayoristas de vape<\/strong> pedidos.<\/p>\n<p data-start=\"1320\" data-end=\"1526\">Para minoristas y entusiastas que buscan <strong data-start=\"1358\" data-end=\"1386\">vapes desechables premium<\/strong>, el <strong data-start=\"1392\" data-end=\"1419\">VOPK SHISHA 15k Caladas<\/strong> ofrece un sabor, fiabilidad y comodidad inigualables: env\u00edo r\u00e1pido a la UE disponible para pedidos al por mayor.<\/p>\n<p><img decoding=\"async\" class=\"alignnone wp-image-2362\" src=\"http:\/\/vapebulkp.com\/wp-content\/uploads\/2024\/04\/VOPK-Shisha-Vape-15K-PUFFS-Discount-Price-scaled.jpg\" alt=\"VOPK Shisha Vape 15K PUFFS Precio de descuento\" width=\"538\" height=\"538\" srcset=\"https:\/\/vapebulkp.com\/wp-content\/uploads\/2024\/04\/VOPK-Shisha-Vape-15K-PUFFS-Discount-Price-scaled.jpg 2560w, https:\/\/vapebulkp.com\/wp-content\/uploads\/2024\/04\/VOPK-Shisha-Vape-15K-PUFFS-Discount-Price-300x300.jpg 300w, https:\/\/vapebulkp.com\/wp-content\/uploads\/2024\/04\/VOPK-Shisha-Vape-15K-PUFFS-Discount-Price-1024x1024.jpg 1024w, https:\/\/vapebulkp.com\/wp-content\/uploads\/2024\/04\/VOPK-Shisha-Vape-15K-PUFFS-Discount-Price-150x150.jpg 150w, https:\/\/vapebulkp.com\/wp-content\/uploads\/2024\/04\/VOPK-Shisha-Vape-15K-PUFFS-Discount-Price-768x768.jpg 768w, https:\/\/vapebulkp.com\/wp-content\/uploads\/2024\/04\/VOPK-Shisha-Vape-15K-PUFFS-Discount-Price-1536x1536.jpg 1536w, https:\/\/vapebulkp.com\/wp-content\/uploads\/2024\/04\/VOPK-Shisha-Vape-15K-PUFFS-Discount-Price-2048x2048.jpg 2048w, https:\/\/vapebulkp.com\/wp-content\/uploads\/2024\/04\/VOPK-Shisha-Vape-15K-PUFFS-Discount-Price-600x600.jpg 600w, https:\/\/vapebulkp.com\/wp-content\/uploads\/2024\/04\/VOPK-Shisha-Vape-15K-PUFFS-Discount-Price-100x100.jpg 100w\" sizes=\"(max-width: 538px) 100vw, 538px\" \/><\/p>\n<h6 style=\"text-align: left\"><\/h6>\n<h6>Por favor, contacta con el WhatsApp de Mandy para obtener un precio con descuento<a href=\"https:\/\/wa.me\/8618077105796\">+8618077105796<\/a><\/h6>\n<p><img decoding=\"async\" class=\"alignnone wp-image-2151\" src=\"http:\/\/vapebulkp.com\/wp-content\/uploads\/2024\/04\/Mandy-WhatsApp-Randm.jpg\" alt=\"Mandy WhatsApp Aleatorio\" width=\"263\" height=\"280\" srcset=\"https:\/\/vapebulkp.com\/wp-content\/uploads\/2024\/04\/Mandy-WhatsApp-Randm.jpg 916w, https:\/\/vapebulkp.com\/wp-content\/uploads\/2024\/04\/Mandy-WhatsApp-Randm-282x300.jpg 282w, https:\/\/vapebulkp.com\/wp-content\/uploads\/2024\/04\/Mandy-WhatsApp-Randm-768x817.jpg 768w, https:\/\/vapebulkp.com\/wp-content\/uploads\/2024\/04\/Mandy-WhatsApp-Randm-600x638.jpg 600w\" sizes=\"(max-width: 263px) 100vw, 263px\" \/><\/p>\n<h2><span style=\"vertical-align: inherit\">Pensamos que te gustar\u00eda saber sobre VOPK shisha 15k Puff JNR Vape:<\/span><\/h2>\n<p>&nbsp;<\/p>\n<h6 class=\"style-scope ytd-watch-metadata\">1. \u00bfC\u00f3mo usar el bol\u00edgrafo de vapeo JNR VOPK shisha 15000 Puffs SHISHA?<\/h6>\n<p>Uno: Rasga la bolsa sellada<br \/>\nDos: Rasga la pegatina<br \/>\nTres: Retire el tap\u00f3n de silicona y d\u00e9jelo reposar durante 10 minutos, luego podr\u00e1 usar el JNR Shisha Vape<\/p>\n<h6>2. \u00bfC\u00f3mo cargar el dispositivo Original Vape VOPK shisha 15000 Puffs?<\/h6>\n<p>No se pueden utilizar cargadores de carga r\u00e1pida. La potencia segura est\u00e1ndar de los cigarrillos electr\u00f3nicos desechables es de 5V 1A.<\/p>\n<p>El tiempo de carga no puede exceder 1 hora. El tiempo de carga seguro es de media hora.<\/p>\n<h6>3. \u00bfCu\u00e1ntas caladas tiene el VOPK JNR shisha vape 15k Puffs? vapeador desechable?<\/h6>\n<p>\u2014-15000 caladas<\/p>\n<p><span style=\"color: #ff6600\">Aviso: \u00a1no recargar toda la noche!<\/span><\/p>\n<h6>4. \u00bfPor qu\u00e9 elegir VOPK JNR shisha 15k Puffs JNR Vape?<\/h6>\n<p>&nbsp;<\/p>\n<p><span style=\"color: #ff0000\"><strong>Calidad Inigualable<\/strong><\/span>: El VOPK Shisha 15k Puffs JNR Vape est\u00e1 fabricado con una meticulosa atenci\u00f3n al detalle, garantizando una calidad y un rendimiento inigualables.<\/p>\n<p><span style=\"color: #ff0000\"><strong>Dise\u00f1o Innovador<\/strong><\/span>: Con un elegante dise\u00f1o bicolor con impresi\u00f3n UV, el VOPK shisha 15k Puffs JNR Vape destaca por su exquisita artesan\u00eda, diferenci\u00e1ndose del resto.<\/p>\n<p><span style=\"color: #ff0000\"><strong>Producci\u00f3n de Vapor Mejorada<\/strong>:<\/span> Equipado con una resistencia de malla de 0.6ohm, este vape garantiza una producci\u00f3n de vapor mejorada, ofreciendo una experiencia de vapeo suave y consistente con cada calada.<\/p>\n<p><span style=\"color: #ff0000\"><strong>Bater\u00eda de Larga Duraci\u00f3n<\/strong>:<\/span> Alimentado por una robusta bater\u00eda de 600mAh compatible con el modelo de bater\u00eda 18250 y un conveniente puerto de carga Tipo-C, el VOPK shisha 15k Puffs JNR Vape garantiza un uso prolongado para un disfrute duradero.<\/p>\n<p><span style=\"color: #ff0000\"><strong>Generosa Cantidad de Caladas<\/strong>:<\/span> Ofreciendo unas impresionantes 15.000 caladas, este vapeador desechable proporciona amplias sesiones de vapeo, lo que lo convierte en una opci\u00f3n fiable para los entusiastas del vapeo que buscan longevidad.<\/p>\n<p><span style=\"color: #ff0000\"><strong>Amplia selecci\u00f3n de sabores<\/strong>:<\/span> Disfrute de una diversa gama de tentadores sabores, que incluyen Doble Manzana, Uva Menta, Melocot\u00f3n Jugoso y m\u00e1s, satisfaciendo diversas preferencias de sabor y asegurando una experiencia de vapeo satisfactoria para todos.<\/p>\n<p><span style=\"color: #ff0000\"><strong>Inhalaci\u00f3n Directa a Pulm\u00f3n<\/strong>:<\/span> Dise\u00f1ado para la inhalaci\u00f3n directa a pulm\u00f3n, el VOPK shisha 15k Puffs JNR Vape ofrece una calada satisfactoria, perfecta para los vapeadores exigentes que aprecian una experiencia de vapeo con cuerpo completo.<\/p>\n<p><span style=\"color: #ff0000\"><strong>Opci\u00f3n de Venta al por Mayor<\/strong>:<\/span> Aproveche nuestra oferta de venta al por mayor y disfrute de ahorros mientras abastece este producto de vapeo de primera calidad, asegur\u00e1ndose de tener siempre un suministro a mano para usted o sus clientes.<\/p>\n<p>&nbsp;<\/p>\n<h3>Caracter\u00edstica del VOPK ShiSha Vape:<\/h3>\n<p>Modelo: VOPK SHISHA 15000 PUFFS Vape de buena venta<br \/>\nCaladas: 15000 caladas<br \/>\nCapacidad de la bater\u00eda: 650mAh<br \/>\nVolumen de E-l\u00edquido: 23ml<br \/>\nContenido de nicotina: 2%\/\/5% de sal de nicotina<br \/>\nEmpaque: 10 piezas en 1 caja expositora<br \/>\nCantidad m\u00ednima de pedido (MOQ): 50 piezas<\/p>\n<h3><strong>\u00a0Vape original VOPK JNR shisha<\/strong> 15000 caladas\u00a0 <strong>Lista de Sabores:<\/strong><\/h3>\n<p>1. Doble Manzana<br \/>\n2. Doble Mel\u00f3n Menta<br \/>\n3. Uva Menta<br \/>\n4. Melocot\u00f3n Jugoso<br \/>\n5.Dama Asesina<br \/>\n6.Mezcla de Hielo de Bayas<br \/>\n7.Pi\u00f1a Coco<br \/>\n8.Gr\u00e1nizado de Bayas Rojas<br \/>\n9.Sand\u00eda Ice<br \/>\n10.Mamba Blanca<\/p>\n<p><a href=\"https:\/\/vapebulkp.com\/es\/product\/popular-randm-tornado-7000puffs-disposable-vape-best-price\/\">Randm tornado 7000 caladas<\/a><\/p>\n<p><span style=\"vertical-align: inherit\">Encuentra m\u00e1s productos que te puedan gustar:<\/span><em><a href=\"https:\/\/wa.me\/8618077105796\"><span style=\"vertical-align: inherit\">\u00a0C\u00f3mpralo ahora<\/span><\/a><\/em><\/p>\n<p><span style=\"vertical-align: inherit\">Otros vaporizadores que te pueden gustar:<\/span><a href=\"https:\/\/vapebulkp.com\/es\/product\/good-sale-randm-tornado-10000-puffs-plus\/\"><span style=\"vertical-align: inherit\">RandM 10000 caladas<\/span><\/a><span style=\"vertical-align: inherit\">\u2014Con una capacidad de 10,000 caladas, este dispositivo es uno de los favoritos entre los entusiastas del vapeo.<\/span><\/p>\n<p><a href=\"https:\/\/vapebulkp.com\/es\/product\/wholesale-randm-tornado-9000-puffs-germany\/\"><span style=\"vertical-align: inherit\">RandM Tornado 9000 caladas<\/span><\/a><span style=\"vertical-align: inherit\">\u2014Como el cigarrillo electr\u00f3nico m\u00e1s popular, Randm tiene 9,000 caladas para que disfrutes<\/span><\/p>\n<p><a href=\"https:\/\/vapebulkp.com\/es\/product\/bang-20000-puffs-hot-vape-top-sale-vape\/\"><span style=\"vertical-align: inherit\">Bang\u00a0 \u00a020000 Caladas<\/span><\/a><span style=\"vertical-align: inherit\">\u2014Bang King es una marca popular con modelos \u00fanicos y 20000 caladas<\/span><\/p>\n<p><a href=\"https:\/\/vapebulkp.com\/es\/product\/bang-king-12000puffs\/\"><span style=\"vertical-align: inherit\">Bang King 12000 caladas<\/span><\/a>\u2014-Bang King 12000 caladas es una marca popular con modelos \u00fanicos y 12,000 caladas, otra opci\u00f3n para mejorar tus necesidades de vapeo<\/p>\n<p><span style=\"vertical-align: inherit\">Cigarrillo electr\u00f3nico con forma especial:<\/span><a href=\"https:\/\/vapebulkp.com\/es\/product\/original-vape-bang-tn-12000-puffs-bang-vape\/\"><span style=\"vertical-align: inherit\">Bang TN 12000 caladas<\/span><\/a><span style=\"vertical-align: inherit\">\/ <\/span><a href=\"https:\/\/vapebulkp.com\/es\/product\/vapme-crystal-7000-puffs-original-vape-good-flavor\/\"><span style=\"vertical-align: inherit\">Crystal\u00a0 7000 caladas<\/span><\/a><span style=\"vertical-align: inherit\">\/<\/span><a href=\"https:\/\/vapebulkp.com\/es\/product\/top-sale-waspe-12000puffs-disposable-vape-wholesale-france\/\"><span style=\"vertical-align: inherit\">WASPE 12000 Caladas<\/span><\/a><\/p>\n<p><a href=\"https:\/\/vapebulkp.com\/es\/product\/discount-price-cloud-bar-tn-15000-disposable-vape-raz-bar\/\">Cloud Bar TN 15000 Caladas Vape Original<\/a><\/p>\n<p><a href=\"https:\/\/vapebulkp.com\/es\/product\/vopk-shisha-15k-puffs-original-vape-jnr-shisha\/\">VOPK shisha JNR SHISHA 15K CALADAS<\/a><\/p>\n<p><a href=\"https:\/\/vapebulkp.com\/es\/product\/original-vape-bang-rocket-18000-puffs-good-sale\/\">Vape Bang Rocket Original 18000 caladas Buena Venta<\/a><\/p>\n<h4>Detalle de env\u00edo:<\/h4>\n<p><span style=\"color: #ff6600\">Tiempo de producci\u00f3n: 5-10 d\u00edas laborables<\/span><br \/>\n<span style=\"color: #ff6600\">Tiempo de env\u00edo: 8-14 d\u00edas laborables<\/span><\/p>\n<p>Todos los productos en nuestra tienda son 100% originales y aut\u00e9nticos, por lo que la compensaci\u00f3n de diez veces por productos falsos es la pol\u00edtica de nuestra tienda. Utilizamos canales log\u00edsticos como UPS\/DHL\/FEDEX\/DPD para entregarle los productos.<\/p>\n<p>Para los paquetes enviados a Espa\u00f1a, generalmente tardan 12 a 15 d\u00edas laborables en llegar. Actualizaremos la informaci\u00f3n de log\u00edstica para usted en tiempo real.<\/p>\n<p>Cont\u00e1ctenos y le ofreceremos Hazebar 12000 caladas para llevar su negocio a lo m\u00e1s alto.<\/p>","protected":false},"excerpt":{"rendered":"<p>Sum\u00e9rgete en una satisfacci\u00f3n y calidad sin igual con la VOPK Shisha Hookah 15000 Puffs<\/p>\n<p><img decoding=\"async\" class=\"alignnone wp-image-2151\" src=\"http:\/\/vapebulkp.com\/wp-content\/uploads\/2024\/04\/Mandy-WhatsApp-Randm.jpg\" alt=\"Mandy WhatsApp Aleatorio\" width=\"238\" height=\"253\" srcset=\"https:\/\/vapebulkp.com\/wp-content\/uploads\/2024\/04\/Mandy-WhatsApp-Randm.jpg 916w, https:\/\/vapebulkp.com\/wp-content\/uploads\/2024\/04\/Mandy-WhatsApp-Randm-282x300.jpg 282w, https:\/\/vapebulkp.com\/wp-content\/uploads\/2024\/04\/Mandy-WhatsApp-Randm-768x817.jpg 768w, https:\/\/vapebulkp.com\/wp-content\/uploads\/2024\/04\/Mandy-WhatsApp-Randm-600x638.jpg 600w\" sizes=\"(max-width: 238px) 100vw, 238px\" \/><\/p>\n<p>Por favor, contacta con el WhatsApp de Mandy para obtener un precio con descuento<a href=\"https:\/\/wa.me\/8618077105796\">+8618077105796<\/a><\/p>\n<p><span style=\"color: #ff0000\">NOTA: Los precios en nuestro sitio web no incluyen los gastos de env\u00edo<\/span><\/p>","protected":false},"featured_media":2375,"comment_status":"open","ping_status":"closed","template":"","meta":{"_uag_custom_page_level_css":"","_lmt_disableupdate":"no","_lmt_disable":"","site-sidebar-layout":"default","site-content-layout":"content-boxed-container","ast-site-content-layout":"normal-width-container","site-content-style":"boxed","site-sidebar-style":"unboxed","ast-global-header-display":"","ast-banner-title-visibility":"","ast-main-header-display":"","ast-hfb-above-header-display":"","ast-hfb-below-header-display":"","ast-hfb-mobile-header-display":"","site-post-title":"","ast-breadcrumbs-content":"","ast-featured-img":"","footer-sml-layout":"","theme-transparent-header-meta":"default","adv-header-id-meta":"","stick-header-meta":"","header-above-stick-meta":"","header-main-stick-meta":"","header-below-stick-meta":"","astra-migrate-meta-layouts":"set","_joinchat":[]},"product_cat":[165,153,155,33,59,100,87,34,158,157,154,152,58,84,156,363],"product_tag":[77,36,37,91,105,127,41,71,40],"class_list":["post-2403","product","type-product","status-publish","has-post-thumbnail","hentry","product_cat-15000-puffs-disposable-vape","product_cat-hot-disposable-vapes","product_cat-belgium-hot-disposable-vapes","product_cat-france-vape-hot-sale","product_cat-germany-hot-disposable-vape","product_cat-germany-wholesale-vape-shop","product_cat-minimum-order-quantity-50pcs","product_cat-netherlands-vape-good-sale","product_cat-norway-hot-disposable-vapes","product_cat-poland-hot-disposable-vapes","product_cat-portugal-hot-disposable-vapes","product_cat-spain-hot-disposable-vapes","product_cat-sweden-hot-disposable-vape","product_cat-sweden-wholesale-vape","product_cat-switzerland-hot-disposable-vapes","product_cat-vopk-vape","product_tag-15000-puffs","product_tag-good-vape","product_tag-hot-sale-disposable-vape","product_tag-italy-hot-vape","product_tag-jnr","product_tag-original-vape-inr-shisha","product_tag-poland-hot-vape","product_tag-randm","product_tag-sweden-hot-vape","pa_brand-vopk-vape","desktop-align-left","tablet-align-left","mobile-align-left"],"yoast_head":"<!-- This site is optimized with the Yoast SEO plugin v21.1 - https:\/\/yoast.com\/wordpress\/plugins\/seo\/ -->\n<title>VOPK SHISHA 15K PUFFS Original Vape JNR SHISHA - vapebulkp.com<\/title>\n<meta name=\"description\" content=\"Buy the VOPK SHISHA 15000 Puffs, a high-capacity 15000 Puffs Disposable Vape with mesh coil technology, rich nicotine salt flavors, and rechargeable battery. Perfect for daily use or wholesale orders \u2014 order now from EU warehouse!\" \/>\n<meta name=\"robots\" content=\"index, follow, max-snippet:-1, max-image-preview:large, max-video-preview:-1\" \/>\n<link rel=\"canonical\" href=\"https:\/\/vapebulkp.com\/es\/product\/vopk-shisha-15k-puffs-original-vape-jnr-shisha\/\" \/>\n<meta property=\"og:locale\" content=\"es_ES\" \/>\n<meta property=\"og:type\" content=\"article\" \/>\n<meta property=\"og:title\" content=\"VOPK SHISHA 15K PUFFS Original Vape JNR SHISHA - vapebulkp.com\" \/>\n<meta property=\"og:description\" content=\"Buy the VOPK SHISHA 15000 Puffs, a high-capacity 15000 Puffs Disposable Vape with mesh coil technology, rich nicotine salt flavors, and rechargeable battery. Perfect for daily use or wholesale orders \u2014 order now from EU warehouse!\" \/>\n<meta property=\"og:url\" content=\"https:\/\/vapebulkp.com\/es\/product\/vopk-shisha-15k-puffs-original-vape-jnr-shisha\/\" \/>\n<meta property=\"og:site_name\" content=\"vapebulkp.com\" \/>\n<meta property=\"article:modified_time\" content=\"2025-09-24T03:46:13+00:00\" \/>\n<meta property=\"og:image\" content=\"http:\/\/vapebulkp.com\/wp-content\/uploads\/2024\/04\/VOPK-SHISHA-15000-Puffs-Top-Sale.png\" \/>\n\t<meta property=\"og:image:width\" content=\"518\" \/>\n\t<meta property=\"og:image:height\" content=\"776\" \/>\n\t<meta property=\"og:image:type\" content=\"image\/png\" \/>\n<meta name=\"twitter:card\" content=\"summary_large_image\" \/>\n<meta name=\"twitter:label1\" content=\"Tiempo de lectura\" \/>\n\t<meta name=\"twitter:data1\" content=\"5 minutos\" \/>\n<script type=\"application\/ld+json\" class=\"yoast-schema-graph\">{\"@context\":\"https:\/\/schema.org\",\"@graph\":[{\"@type\":\"WebPage\",\"@id\":\"https:\/\/vapebulkp.com\/product\/vopk-shisha-15k-puffs-original-vape-jnr-shisha\/\",\"url\":\"https:\/\/vapebulkp.com\/product\/vopk-shisha-15k-puffs-original-vape-jnr-shisha\/\",\"name\":\"VOPK SHISHA 15K PUFFS Original Vape JNR SHISHA - vapebulkp.com\",\"isPartOf\":{\"@id\":\"https:\/\/vapebulkp.com\/#website\"},\"datePublished\":\"2024-04-29T09:11:35+00:00\",\"dateModified\":\"2025-09-24T03:46:13+00:00\",\"description\":\"Buy the VOPK SHISHA 15000 Puffs, a high-capacity 15000 Puffs Disposable Vape with mesh coil technology, rich nicotine salt flavors, and rechargeable battery. Perfect for daily use or wholesale orders \u2014 order now from EU warehouse!\",\"breadcrumb\":{\"@id\":\"https:\/\/vapebulkp.com\/product\/vopk-shisha-15k-puffs-original-vape-jnr-shisha\/#breadcrumb\"},\"inLanguage\":\"es\",\"potentialAction\":[{\"@type\":\"ReadAction\",\"target\":[\"https:\/\/vapebulkp.com\/product\/vopk-shisha-15k-puffs-original-vape-jnr-shisha\/\"]}]},{\"@type\":\"BreadcrumbList\",\"@id\":\"https:\/\/vapebulkp.com\/product\/vopk-shisha-15k-puffs-original-vape-jnr-shisha\/#breadcrumb\",\"itemListElement\":[{\"@type\":\"ListItem\",\"position\":1,\"name\":\"Home\",\"item\":\"https:\/\/vapebulkp.com\/\"},{\"@type\":\"ListItem\",\"position\":2,\"name\":\"Hot Trend Vapes\",\"item\":\"https:\/\/vapebulkp.com\/vape-shop\/\"},{\"@type\":\"ListItem\",\"position\":3,\"name\":\"VOPK SHISHA 15K PUFFS Original Vape JNR SHISHA\"}]},{\"@type\":\"WebSite\",\"@id\":\"https:\/\/vapebulkp.com\/#website\",\"url\":\"https:\/\/vapebulkp.com\/\",\"name\":\"vapebulkp.com\",\"description\":\"Buy Vape In Cheap Bulk Price Near you\",\"publisher\":{\"@id\":\"https:\/\/vapebulkp.com\/#organization\"},\"potentialAction\":[{\"@type\":\"SearchAction\",\"target\":{\"@type\":\"EntryPoint\",\"urlTemplate\":\"https:\/\/vapebulkp.com\/?s={search_term_string}\"},\"query-input\":\"required name=search_term_string\"}],\"inLanguage\":\"es\"},{\"@type\":\"Organization\",\"@id\":\"https:\/\/vapebulkp.com\/#organization\",\"name\":\"vapebulkp.com\",\"url\":\"https:\/\/vapebulkp.com\/\",\"logo\":{\"@type\":\"ImageObject\",\"inLanguage\":\"es\",\"@id\":\"https:\/\/vapebulkp.com\/#\/schema\/logo\/image\/\",\"url\":\"https:\/\/vapebulkp.com\/wp-content\/uploads\/2023\/09\/cropped-vapebulkp.png\",\"contentUrl\":\"https:\/\/vapebulkp.com\/wp-content\/uploads\/2023\/09\/cropped-vapebulkp.png\",\"width\":516,\"height\":163,\"caption\":\"vapebulkp.com\"},\"image\":{\"@id\":\"https:\/\/vapebulkp.com\/#\/schema\/logo\/image\/\"}}]}<\/script>\n<!-- \/ Yoast SEO plugin. -->","yoast_head_json":{"title":"VOPK SHISHA 15K PUFFS Original Vape JNR SHISHA - vapebulkp.com","description":"Buy the VOPK SHISHA 15000 Puffs, a high-capacity 15000 Puffs Disposable Vape with mesh coil technology, rich nicotine salt flavors, and rechargeable battery. Perfect for daily use or wholesale orders \u2014 order now from EU warehouse!","robots":{"index":"index","follow":"follow","max-snippet":"max-snippet:-1","max-image-preview":"max-image-preview:large","max-video-preview":"max-video-preview:-1"},"canonical":"https:\/\/vapebulkp.com\/es\/product\/vopk-shisha-15k-puffs-original-vape-jnr-shisha\/","og_locale":"es_ES","og_type":"article","og_title":"VOPK SHISHA 15K PUFFS Original Vape JNR SHISHA - vapebulkp.com","og_description":"Buy the VOPK SHISHA 15000 Puffs, a high-capacity 15000 Puffs Disposable Vape with mesh coil technology, rich nicotine salt flavors, and rechargeable battery. Perfect for daily use or wholesale orders \u2014 order now from EU warehouse!","og_url":"https:\/\/vapebulkp.com\/es\/product\/vopk-shisha-15k-puffs-original-vape-jnr-shisha\/","og_site_name":"vapebulkp.com","article_modified_time":"2025-09-24T03:46:13+00:00","og_image":[{"width":518,"height":776,"url":"http:\/\/vapebulkp.com\/wp-content\/uploads\/2024\/04\/VOPK-SHISHA-15000-Puffs-Top-Sale.png","type":"image\/png"}],"twitter_card":"summary_large_image","twitter_misc":{"Tiempo de lectura":"5 minutos"},"schema":{"@context":"https:\/\/schema.org","@graph":[{"@type":"WebPage","@id":"https:\/\/vapebulkp.com\/product\/vopk-shisha-15k-puffs-original-vape-jnr-shisha\/","url":"https:\/\/vapebulkp.com\/product\/vopk-shisha-15k-puffs-original-vape-jnr-shisha\/","name":"VOPK SHISHA 15K PUFFS Original Vape JNR SHISHA - vapebulkp.com","isPartOf":{"@id":"https:\/\/vapebulkp.com\/#website"},"datePublished":"2024-04-29T09:11:35+00:00","dateModified":"2025-09-24T03:46:13+00:00","description":"Buy the VOPK SHISHA 15000 Puffs, a high-capacity 15000 Puffs Disposable Vape with mesh coil technology, rich nicotine salt flavors, and rechargeable battery. Perfect for daily use or wholesale orders \u2014 order now from EU warehouse!","breadcrumb":{"@id":"https:\/\/vapebulkp.com\/product\/vopk-shisha-15k-puffs-original-vape-jnr-shisha\/#breadcrumb"},"inLanguage":"es","potentialAction":[{"@type":"ReadAction","target":["https:\/\/vapebulkp.com\/product\/vopk-shisha-15k-puffs-original-vape-jnr-shisha\/"]}]},{"@type":"BreadcrumbList","@id":"https:\/\/vapebulkp.com\/product\/vopk-shisha-15k-puffs-original-vape-jnr-shisha\/#breadcrumb","itemListElement":[{"@type":"ListItem","position":1,"name":"Home","item":"https:\/\/vapebulkp.com\/"},{"@type":"ListItem","position":2,"name":"Hot Trend Vapes","item":"https:\/\/vapebulkp.com\/vape-shop\/"},{"@type":"ListItem","position":3,"name":"VOPK SHISHA 15K PUFFS Original Vape JNR SHISHA"}]},{"@type":"WebSite","@id":"https:\/\/vapebulkp.com\/#website","url":"https:\/\/vapebulkp.com\/","name":"vapebulkp.com","description":"Buy Vape In Cheap Bulk Price Near you","publisher":{"@id":"https:\/\/vapebulkp.com\/#organization"},"potentialAction":[{"@type":"SearchAction","target":{"@type":"EntryPoint","urlTemplate":"https:\/\/vapebulkp.com\/?s={search_term_string}"},"query-input":"required name=search_term_string"}],"inLanguage":"es"},{"@type":"Organization","@id":"https:\/\/vapebulkp.com\/#organization","name":"vapebulkp.com","url":"https:\/\/vapebulkp.com\/","logo":{"@type":"ImageObject","inLanguage":"es","@id":"https:\/\/vapebulkp.com\/#\/schema\/logo\/image\/","url":"https:\/\/vapebulkp.com\/wp-content\/uploads\/2023\/09\/cropped-vapebulkp.png","contentUrl":"https:\/\/vapebulkp.com\/wp-content\/uploads\/2023\/09\/cropped-vapebulkp.png","width":516,"height":163,"caption":"vapebulkp.com"},"image":{"@id":"https:\/\/vapebulkp.com\/#\/schema\/logo\/image\/"}}]}},"uagb_featured_image_src":{"full":["https:\/\/vapebulkp.com\/wp-content\/uploads\/2024\/04\/VOPK-SHISHA-15000-Puffs-Top-Sale.png",518,776,false],"thumbnail":["https:\/\/vapebulkp.com\/wp-content\/uploads\/2024\/04\/VOPK-SHISHA-15000-Puffs-Top-Sale-150x150.png",150,150,true],"medium":["https:\/\/vapebulkp.com\/wp-content\/uploads\/2024\/04\/VOPK-SHISHA-15000-Puffs-Top-Sale-200x300.png",200,300,true],"medium_large":["https:\/\/vapebulkp.com\/wp-content\/uploads\/2024\/04\/VOPK-SHISHA-15000-Puffs-Top-Sale.png",518,776,false],"large":["https:\/\/vapebulkp.com\/wp-content\/uploads\/2024\/04\/VOPK-SHISHA-15000-Puffs-Top-Sale.png",518,776,false],"1536x1536":["https:\/\/vapebulkp.com\/wp-content\/uploads\/2024\/04\/VOPK-SHISHA-15000-Puffs-Top-Sale.png",518,776,false],"2048x2048":["https:\/\/vapebulkp.com\/wp-content\/uploads\/2024\/04\/VOPK-SHISHA-15000-Puffs-Top-Sale.png",518,776,false],"trp-custom-language-flag":["https:\/\/vapebulkp.com\/wp-content\/uploads\/2024\/04\/VOPK-SHISHA-15000-Puffs-Top-Sale.png",8,12,false],"woocommerce_thumbnail":["https:\/\/vapebulkp.com\/wp-content\/uploads\/2024\/04\/VOPK-SHISHA-15000-Puffs-Top-Sale-300x300.png",300,300,true],"woocommerce_single":["https:\/\/vapebulkp.com\/wp-content\/uploads\/2024\/04\/VOPK-SHISHA-15000-Puffs-Top-Sale.png",518,776,false],"woocommerce_gallery_thumbnail":["https:\/\/vapebulkp.com\/wp-content\/uploads\/2024\/04\/VOPK-SHISHA-15000-Puffs-Top-Sale-100x100.png",100,100,true],"wcpr-photo-reviews":["https:\/\/vapebulkp.com\/wp-content\/uploads\/2024\/04\/VOPK-SHISHA-15000-Puffs-Top-Sale.png",334,500,false]},"uagb_author_info":{"display_name":"Mandy vape bulk price","author_link":"https:\/\/vapebulkp.com\/es\/author\/"},"uagb_comment_info":0,"uagb_excerpt":"Immerse yourself in unparalleled satisfaction and quality with the VOPK Shisha Hookah 15000 Puffs Pls Contact Mandy's WhatsApp For Discount Price+8618077105796 NOTE: Prices on our website does not include shipping costs","_links":{"self":[{"href":"https:\/\/vapebulkp.com\/es\/wp-json\/wp\/v2\/product\/2403","targetHints":{"allow":["GET"]}}],"collection":[{"href":"https:\/\/vapebulkp.com\/es\/wp-json\/wp\/v2\/product"}],"about":[{"href":"https:\/\/vapebulkp.com\/es\/wp-json\/wp\/v2\/types\/product"}],"replies":[{"embeddable":true,"href":"https:\/\/vapebulkp.com\/es\/wp-json\/wp\/v2\/comments?post=2403"}],"wp:featuredmedia":[{"embeddable":true,"href":"https:\/\/vapebulkp.com\/es\/wp-json\/wp\/v2\/media\/2375"}],"wp:attachment":[{"href":"https:\/\/vapebulkp.com\/es\/wp-json\/wp\/v2\/media?parent=2403"}],"wp:term":[{"taxonomy":"product_cat","embeddable":true,"href":"https:\/\/vapebulkp.com\/es\/wp-json\/wp\/v2\/product_cat?post=2403"},{"taxonomy":"product_tag","embeddable":true,"href":"https:\/\/vapebulkp.com\/es\/wp-json\/wp\/v2\/product_tag?post=2403"}],"curies":[{"name":"wp","href":"https:\/\/api.w.org\/{rel}","templated":true}]}}