{"id":2419,"date":"2024-04-30T10:44:41","date_gmt":"2024-04-30T08:44:41","guid":{"rendered":"https:\/\/vapebulkp.com\/?post_type=product&#038;p=2419"},"modified":"2025-09-16T11:31:46","modified_gmt":"2025-09-16T09:31:46","slug":"vopk-tornado-15000-puffs-original-vape-randm-vape","status":"publish","type":"product","link":"https:\/\/vapebulkp.com\/es\/product\/vopk-tornado-15000-puffs-original-vape-randm-vape\/","title":{"rendered":"VOPK Tornado 15000 Caladas Vape Original Randm Vape"},"content":{"rendered":"<h2>VOPK Tornado 15000 Caladas Vape Original Randm Vape<\/h2>\n<p data-start=\"358\" data-end=\"641\">El <strong data-start=\"362\" data-end=\"405\">VOPK SHISHA 15000 Caladas Vape Desechable<\/strong> es un vape desechable de alta capacidad dise\u00f1ado para entusiastas del vapeo europeos que buscan rendimiento, conveniencia y estilo. Construido con un cuerpo ergon\u00f3mico y un acabado duradero, este dispositivo ofrece comodidad y fiabilidad duradera.<\/p>\n<p data-start=\"643\" data-end=\"944\">Con tecnolog\u00eda avanzada <strong data-start=\"662\" data-end=\"680\">bobina de malla de vapeo<\/strong> tecnolog\u00eda, el <a href=\"https:\/\/vapebulkp.com\/es\/product-category\/15000-puffs-disposable-vape\/\"><strong data-start=\"697\" data-end=\"728\">Vaper desechable de 15000 caladas<\/strong><\/a> produce vapor suave y sabroso y caladas satisfactorias con cada bocanada. Su gran capacidad de 25 ml de e-l\u00edquido garantiza sesiones de vapeo prolongadas sin recargas constantes, lo que lo hace perfecto para el uso diario o entornos sociales.<\/p>\n<p data-start=\"946\" data-end=\"1272\">Alimentado por una bater\u00eda recargable de 850 mAh con carga r\u00e1pida tipo C, este <strong data-start=\"1020\" data-end=\"1052\">vape desechable recargable<\/strong> minimiza el tiempo de inactividad y maximiza la conveniencia. El flujo de aire ajustable permite a los usuarios personalizar cada calada, desde caladas ajustadas hasta nubes aireadas, mientras que la pantalla dual de aceite y electricidad mantiene visibles los niveles de bater\u00eda y l\u00edquido de un vistazo.<\/p>\n<p data-start=\"1274\" data-end=\"1573\">Ideal para <strong data-start=\"1284\" data-end=\"1311\">mayoristas de vapeo europeos<\/strong> y entusiastas del sabor, este <strong data-start=\"1354\" data-end=\"1385\">vape desechable rico en sabor<\/strong> combina dise\u00f1o de vanguardia con alto rendimiento. Compacto, elegante y listo para usar, el <strong data-start=\"1478\" data-end=\"1521\">VOPK SHISHA 15000 Caladas Vape Desechable<\/strong> destaca como una opci\u00f3n premium para vapeadores modernos.<\/p>\n<p><img decoding=\"async\" class=\"alignnone wp-image-2379\" style=\"font-style: inherit;font-weight: inherit\" src=\"http:\/\/vapebulkp.com\/wp-content\/uploads\/2024\/04\/VOPK-Tornado-Vape-15K-PUFFS-Good-Sale.jpg\" alt=\"VOPK Tornado Vape 15K PUFFS Buena Venta\" width=\"857\" height=\"482\" srcset=\"https:\/\/vapebulkp.com\/wp-content\/uploads\/2024\/04\/VOPK-Tornado-Vape-15K-PUFFS-Good-Sale.jpg 1920w, https:\/\/vapebulkp.com\/wp-content\/uploads\/2024\/04\/VOPK-Tornado-Vape-15K-PUFFS-Good-Sale-300x169.jpg 300w, https:\/\/vapebulkp.com\/wp-content\/uploads\/2024\/04\/VOPK-Tornado-Vape-15K-PUFFS-Good-Sale-1024x576.jpg 1024w, https:\/\/vapebulkp.com\/wp-content\/uploads\/2024\/04\/VOPK-Tornado-Vape-15K-PUFFS-Good-Sale-768x432.jpg 768w, https:\/\/vapebulkp.com\/wp-content\/uploads\/2024\/04\/VOPK-Tornado-Vape-15K-PUFFS-Good-Sale-1536x864.jpg 1536w, https:\/\/vapebulkp.com\/wp-content\/uploads\/2024\/04\/VOPK-Tornado-Vape-15K-PUFFS-Good-Sale-600x338.jpg 600w\" sizes=\"(max-width: 857px) 100vw, 857px\" \/><\/p>\n<h6>Por favor, contacta con el WhatsApp de Mandy para obtener un precio con descuento<a href=\"https:\/\/wa.me\/8618077105796\">+8618077105796<\/a><\/h6>\n<p><img decoding=\"async\" class=\"alignnone wp-image-2151\" src=\"http:\/\/vapebulkp.com\/wp-content\/uploads\/2024\/04\/Mandy-WhatsApp-Randm.jpg\" alt=\"Mandy WhatsApp Aleatorio\" width=\"263\" height=\"280\" srcset=\"https:\/\/vapebulkp.com\/wp-content\/uploads\/2024\/04\/Mandy-WhatsApp-Randm.jpg 916w, https:\/\/vapebulkp.com\/wp-content\/uploads\/2024\/04\/Mandy-WhatsApp-Randm-282x300.jpg 282w, https:\/\/vapebulkp.com\/wp-content\/uploads\/2024\/04\/Mandy-WhatsApp-Randm-768x817.jpg 768w, https:\/\/vapebulkp.com\/wp-content\/uploads\/2024\/04\/Mandy-WhatsApp-Randm-600x638.jpg 600w\" sizes=\"(max-width: 263px) 100vw, 263px\" \/><\/p>\n<h2><span style=\"vertical-align: inherit\">Pensamos que te gustar\u00eda saber sobre el Vape Desechable VOPK Tornado 15k Caladas:<\/span><\/h2>\n<p>&nbsp;<\/p>\n<h6 class=\"style-scope ytd-watch-metadata\">1. \u00bfC\u00f3mo usar el VOPK Tornado 15000 Caladas Vape Pen de JNR?<\/h6>\n<p>Uno: Rasga la bolsa sellada<br \/>\nDos: Rasga la pegatina<br \/>\nTres: Retire el tap\u00f3n de silicona y d\u00e9jelo reposar durante 10 minutos, luego podr\u00e1 usar el JNR Shisha Vape<\/p>\n<h6>2. \u00bfC\u00f3mo cargar el dispositivo Original Vape VOPK Tornado 15000 Caladas?<\/h6>\n<p>No se pueden utilizar cargadores de carga r\u00e1pida. La potencia segura est\u00e1ndar de los cigarrillos electr\u00f3nicos desechables es de 5V 1A.<\/p>\n<p>El tiempo de carga no puede exceder 1 hora. El tiempo de carga seguro es de media hora.<\/p>\n<h6>3. \u00bfCu\u00e1ntas caladas tiene el vapeador desechable VOPK Tornado 15000 Caladas?<\/h6>\n<p>\u2014-15000 caladas<\/p>\n<p><span style=\"color: #ff6600\">Aviso: \u00a1no recargar toda la noche!<\/span><\/p>\n<h6>4. \u00bfPor qu\u00e9 elegir el Vape Caliente VOPK Tornado 15k Caladas?<\/h6>\n<p>&nbsp;<\/p>\n<p><strong>Longevidad<\/strong>: Con unas impresionantes 15000 caladas, proporciona una experiencia de vapeo duradera, lo que lo hace adecuado para vapeadores habituales o para aquellos que prefieren no reemplazar sus dispositivos con frecuencia.<\/p>\n<p><strong>Construcci\u00f3n Duradera<\/strong>: La varilla fabricada en PC (policarbonato) con una pegatina esmerilada a\u00f1ade durabilidad al dispositivo, asegurando que pueda soportar el desgaste diario.<\/p>\n<p><strong>Sabor Mejorado<\/strong>: Equipado con una bobina de malla de 1.0ohm, ofrece un sabor mejorado en comparaci\u00f3n con las bobinas tradicionales, proporcionando una experiencia de vapeo m\u00e1s satisfactoria.<\/p>\n<p><strong>Gran Capacidad del Atomizador<\/strong>: Con una capacidad de atomizador de 25ML, los usuarios pueden disfrutar de sesiones de vapeo prolongadas sin necesidad de recargas frecuentes.<\/p>\n<p><strong>Bater\u00eda Eficiente<\/strong>: La bater\u00eda de 850mAh, alimentada por un modelo 17350, garantiza un tiempo de uso prolongado entre cargas, lo que contribuye a una experiencia de vapeo m\u00e1s conveniente.<\/p>\n<p><strong>Carga Conveniente<\/strong>: Con un puerto de carga Tipo-C, ofrece una carga m\u00e1s r\u00e1pida y eficiente en comparaci\u00f3n con los m\u00e9todos de carga USB m\u00e1s antiguos.<\/p>\n<p><strong>Flujo de Aire Ajustable<\/strong>: La funci\u00f3n de gas ajustable en la parte inferior permite a los usuarios personalizar sus preferencias de flujo de aire, adapt\u00e1ndose a diferentes estilos y preferencias de vapeo.<\/p>\n<p><strong>Doble Pantalla<\/strong>: La doble pantalla de aceite y electricidad proporciona a los usuarios informaci\u00f3n clara y conveniente sobre el nivel de aceite restante y el nivel de bater\u00eda, lo que permite una mejor gesti\u00f3n de las sesiones de vapeo.<\/p>\n<p>&nbsp;<\/p>\n<h3>Caracter\u00edstica del Vape VOPK Tornado de 15k Caladas:<\/h3>\n<p>Modelo: VOPK Tornado 15000 Caladas Randm Vape<br \/>\nArtesan\u00eda del dispositivo: PC + pegatina esmerilada<br \/>\nResistencia: Bobina de malla \/ 1.0ohm<br \/>\nCapacidad del atomizador: 25ML<br \/>\nMaterial del n\u00facleo del atomizador: bobina de malla<br \/>\nCapacidad de la bater\u00eda: 850mah<br \/>\nModelo de bater\u00eda: 17350<br \/>\nPuerto de carga: tipo-c<br \/>\nCaladas: 15000 Caladas<br \/>\nGas ajustable inferior<br \/>\nPantalla: pantalla dual de aceite y electricidad<br \/>\nCantidad m\u00ednima de pedido (MOQ): 50 piezas<\/p>\n<h3><strong>\u00a0Vapeador original VOPK Tornado <\/strong>15000 caladas\u00a0 <strong>Lista de Sabores:<\/strong><\/h3>\n<p>1.Fresa Frambuesa<br \/>\n2. Fresa y Sand\u00eda<br \/>\n3. Sand\u00eda Hielo<br \/>\n4. Ar\u00e1ndano Frambuesa<br \/>\n5.Limonada de Ar\u00e1ndanos Rojos<br \/>\n6.Kiwi Maracuy\u00e1 Guayaba<br \/>\n7.Baya Mixta<br \/>\n8. Limonada Rosa<br \/>\n9.Melocot\u00f3n Mango<br \/>\n10.Manzana \u00c1cida<\/p>\n<p><span style=\"vertical-align: inherit\">Encuentra m\u00e1s productos que te puedan gustar:<\/span><em><a href=\"https:\/\/wa.me\/8618077105796\"><span style=\"vertical-align: inherit\">\u00a0C\u00f3mpralo ahora<\/span><\/a><\/em><\/p>\n<p><span style=\"vertical-align: inherit\">Otros vaporizadores que te pueden gustar:<\/span><a href=\"https:\/\/vapebulkp.com\/es\/product\/good-sale-randm-tornado-10000-puffs-plus\/\"><span style=\"vertical-align: inherit\">RandM 10000 caladas<\/span><\/a><span style=\"vertical-align: inherit\">\u2014Con una capacidad de 10,000 caladas, este dispositivo es uno de los favoritos entre los entusiastas del vapeo.<\/span><\/p>\n<p><a href=\"https:\/\/vapebulkp.com\/es\/product\/wholesale-randm-tornado-9000-puffs-germany\/\"><span style=\"vertical-align: inherit\">RandM Tornado 9000 caladas<\/span><\/a><span style=\"vertical-align: inherit\">\u2014Como el cigarrillo electr\u00f3nico m\u00e1s popular, Randm tiene 9,000 caladas para que disfrutes<\/span><\/p>\n<p><a href=\"https:\/\/vapebulkp.com\/es\/product\/bang-20000-puffs-hot-vape-top-sale-vape\/\"><span style=\"vertical-align: inherit\">Bang\u00a0 \u00a020000 Caladas<\/span><\/a><span style=\"vertical-align: inherit\">\u2014Bang King es una marca popular con modelos \u00fanicos y 20000 caladas<\/span><\/p>\n<p><a href=\"https:\/\/vapebulkp.com\/es\/product\/bang-king-12000puffs\/\"><span style=\"vertical-align: inherit\">Bang King 12000 caladas<\/span><\/a>\u2014-Bang King 12000 caladas es una marca popular con modelos \u00fanicos y 12,000 caladas, otra opci\u00f3n para mejorar tus necesidades de vapeo<\/p>\n<p><span style=\"vertical-align: inherit\">Cigarrillo electr\u00f3nico con forma especial:<\/span><a href=\"https:\/\/vapebulkp.com\/es\/product\/original-vape-bang-tn-12000-puffs-bang-vape\/\"><span style=\"vertical-align: inherit\">Bang TN 12000 caladas<\/span><\/a><span style=\"vertical-align: inherit\">\/ <\/span><a href=\"https:\/\/vapebulkp.com\/es\/product\/vapme-crystal-7000-puffs-original-vape-good-flavor\/\"><span style=\"vertical-align: inherit\">Crystal\u00a0 7000 caladas<\/span><\/a><span style=\"vertical-align: inherit\">\/<\/span><a href=\"https:\/\/vapebulkp.com\/es\/product\/top-sale-waspe-12000puffs-disposable-vape-wholesale-france\/\"><span style=\"vertical-align: inherit\">WASPE 12000 Caladas<\/span><\/a><\/p>\n<h4>Detalle de env\u00edo:<\/h4>\n<p><span style=\"color: #ff6600\">Tiempo de producci\u00f3n: 5-10 d\u00edas laborables<\/span><br \/>\n<span style=\"color: #ff6600\">Tiempo de env\u00edo: 8-14 d\u00edas laborables<\/span><\/p>\n<p>Todos los productos en nuestra tienda son 100% originales y aut\u00e9nticos, por lo que la compensaci\u00f3n de diez veces por productos falsos es la pol\u00edtica de nuestra tienda. Utilizamos canales log\u00edsticos como UPS\/DHL\/FEDEX\/DPD para entregarle los productos.<\/p>\n<p>Para los paquetes enviados a Espa\u00f1a, generalmente tardan 12 a 15 d\u00edas laborables en llegar. Actualizaremos la informaci\u00f3n de log\u00edstica para usted en tiempo real.<\/p>\n<p>Cont\u00e1ctenos y le ofreceremos Hazebar 12000 caladas para llevar su negocio a lo m\u00e1s alto.<\/p>","protected":false},"excerpt":{"rendered":"<p>El VOPK Tornado 15000 Puffs Vape ofrece una combinaci\u00f3n de longevidad, durabilidad, sabor mejorado y conveniencia, lo que lo convierte en una opci\u00f3n atractiva para los vapeadores que buscan un dispositivo de vapeo fiable y duradero.<\/p>\n<p><img decoding=\"async\" class=\"alignnone wp-image-2151\" src=\"http:\/\/vapebulkp.com\/wp-content\/uploads\/2024\/04\/Mandy-WhatsApp-Randm.jpg\" alt=\"Mandy WhatsApp Aleatorio\" width=\"238\" height=\"253\" srcset=\"https:\/\/vapebulkp.com\/wp-content\/uploads\/2024\/04\/Mandy-WhatsApp-Randm.jpg 916w, https:\/\/vapebulkp.com\/wp-content\/uploads\/2024\/04\/Mandy-WhatsApp-Randm-282x300.jpg 282w, https:\/\/vapebulkp.com\/wp-content\/uploads\/2024\/04\/Mandy-WhatsApp-Randm-768x817.jpg 768w, https:\/\/vapebulkp.com\/wp-content\/uploads\/2024\/04\/Mandy-WhatsApp-Randm-600x638.jpg 600w\" sizes=\"(max-width: 238px) 100vw, 238px\" \/><\/p>\n<p>Por favor, contacta con el WhatsApp de Mandy para obtener un precio con descuento<a href=\"https:\/\/wa.me\/8618077105796\">+8618077105796<\/a><\/p>\n<p><span style=\"color: #ff0000\">NOTA: Los precios en nuestro sitio web no incluyen los gastos de env\u00edo<\/span><\/p>","protected":false},"featured_media":2391,"comment_status":"open","ping_status":"closed","template":"","meta":{"_uag_custom_page_level_css":"","_lmt_disableupdate":"no","_lmt_disable":"","site-sidebar-layout":"default","site-content-layout":"content-boxed-container","ast-site-content-layout":"normal-width-container","site-content-style":"boxed","site-sidebar-style":"unboxed","ast-global-header-display":"","ast-banner-title-visibility":"","ast-main-header-display":"","ast-hfb-above-header-display":"","ast-hfb-below-header-display":"","ast-hfb-mobile-header-display":"","site-post-title":"","ast-breadcrumbs-content":"","ast-featured-img":"","footer-sml-layout":"","theme-transparent-header-meta":"default","adv-header-id-meta":"","stick-header-meta":"","header-above-stick-meta":"","header-main-stick-meta":"","header-below-stick-meta":"","astra-migrate-meta-layouts":"set","_joinchat":[]},"product_cat":[165,153,155,33,59,100,87,34,158,157,154,152,58,84,156,63,32,363],"product_tag":[77,36,37,91,105,127,41,71,40],"class_list":["post-2419","product","type-product","status-publish","has-post-thumbnail","hentry","product_cat-15000-puffs-disposable-vape","product_cat-hot-disposable-vapes","product_cat-belgium-hot-disposable-vapes","product_cat-france-vape-hot-sale","product_cat-germany-hot-disposable-vape","product_cat-germany-wholesale-vape-shop","product_cat-minimum-order-quantity-50pcs","product_cat-netherlands-vape-good-sale","product_cat-norway-hot-disposable-vapes","product_cat-poland-hot-disposable-vapes","product_cat-portugal-hot-disposable-vapes","product_cat-spain-hot-disposable-vapes","product_cat-sweden-hot-disposable-vape","product_cat-sweden-wholesale-vape","product_cat-switzerland-hot-disposable-vapes","product_cat-top-sale-disposable-vape","product_cat-vape-hot-sale-this-week","product_cat-vopk-vape","product_tag-15000-puffs","product_tag-good-vape","product_tag-hot-sale-disposable-vape","product_tag-italy-hot-vape","product_tag-jnr","product_tag-original-vape-inr-shisha","product_tag-poland-hot-vape","product_tag-randm","product_tag-sweden-hot-vape","pa_brand-vopk-vape","desktop-align-left","tablet-align-left","mobile-align-left"],"yoast_head":"<!-- This site is optimized with the Yoast SEO plugin v21.1 - https:\/\/yoast.com\/wordpress\/plugins\/seo\/ -->\n<title>VOPK Tornado 15000 Puffs Original Vape Randm Vape - vapebulkp.com<\/title>\n<meta name=\"description\" content=\"VOPK Tornado 15000 Puffs Vape offers a combination of longevity, durability, enhanced flavor, and convenience, making it a compelling choice for vapers looking for a reliable and long-lasting vaping device.\" \/>\n<meta name=\"robots\" content=\"index, follow, max-snippet:-1, max-image-preview:large, max-video-preview:-1\" \/>\n<link rel=\"canonical\" href=\"https:\/\/vapebulkp.com\/es\/product\/vopk-tornado-15000-puffs-original-vape-randm-vape\/\" \/>\n<meta property=\"og:locale\" content=\"es_ES\" \/>\n<meta property=\"og:type\" content=\"article\" \/>\n<meta property=\"og:title\" content=\"VOPK Tornado 15000 Puffs Original Vape Randm Vape - vapebulkp.com\" \/>\n<meta property=\"og:description\" content=\"VOPK Tornado 15000 Puffs Vape offers a combination of longevity, durability, enhanced flavor, and convenience, making it a compelling choice for vapers looking for a reliable and long-lasting vaping device.\" \/>\n<meta property=\"og:url\" content=\"https:\/\/vapebulkp.com\/es\/product\/vopk-tornado-15000-puffs-original-vape-randm-vape\/\" \/>\n<meta property=\"og:site_name\" content=\"vapebulkp.com\" \/>\n<meta property=\"article:modified_time\" content=\"2025-09-16T09:31:46+00:00\" \/>\n<meta property=\"og:image\" content=\"http:\/\/vapebulkp.com\/wp-content\/uploads\/2024\/04\/VOPK-Tornado-15000-Puffs-Good-Sale.png\" \/>\n\t<meta property=\"og:image:width\" content=\"519\" \/>\n\t<meta property=\"og:image:height\" content=\"688\" \/>\n\t<meta property=\"og:image:type\" content=\"image\/png\" \/>\n<meta name=\"twitter:card\" content=\"summary_large_image\" \/>\n<meta name=\"twitter:label1\" content=\"Tiempo de lectura\" \/>\n\t<meta name=\"twitter:data1\" content=\"4 minutos\" \/>\n<script type=\"application\/ld+json\" class=\"yoast-schema-graph\">{\"@context\":\"https:\/\/schema.org\",\"@graph\":[{\"@type\":\"WebPage\",\"@id\":\"https:\/\/vapebulkp.com\/product\/vopk-tornado-15000-puffs-original-vape-randm-vape\/\",\"url\":\"https:\/\/vapebulkp.com\/product\/vopk-tornado-15000-puffs-original-vape-randm-vape\/\",\"name\":\"VOPK Tornado 15000 Puffs Original Vape Randm Vape - vapebulkp.com\",\"isPartOf\":{\"@id\":\"https:\/\/vapebulkp.com\/#website\"},\"datePublished\":\"2024-04-30T08:44:41+00:00\",\"dateModified\":\"2025-09-16T09:31:46+00:00\",\"description\":\"VOPK Tornado 15000 Puffs Vape offers a combination of longevity, durability, enhanced flavor, and convenience, making it a compelling choice for vapers looking for a reliable and long-lasting vaping device.\",\"breadcrumb\":{\"@id\":\"https:\/\/vapebulkp.com\/product\/vopk-tornado-15000-puffs-original-vape-randm-vape\/#breadcrumb\"},\"inLanguage\":\"es\",\"potentialAction\":[{\"@type\":\"ReadAction\",\"target\":[\"https:\/\/vapebulkp.com\/product\/vopk-tornado-15000-puffs-original-vape-randm-vape\/\"]}]},{\"@type\":\"BreadcrumbList\",\"@id\":\"https:\/\/vapebulkp.com\/product\/vopk-tornado-15000-puffs-original-vape-randm-vape\/#breadcrumb\",\"itemListElement\":[{\"@type\":\"ListItem\",\"position\":1,\"name\":\"Home\",\"item\":\"https:\/\/vapebulkp.com\/\"},{\"@type\":\"ListItem\",\"position\":2,\"name\":\"Hot Trend Vapes\",\"item\":\"https:\/\/vapebulkp.com\/vape-shop\/\"},{\"@type\":\"ListItem\",\"position\":3,\"name\":\"VOPK Tornado 15000 Puffs Original Vape Randm Vape\"}]},{\"@type\":\"WebSite\",\"@id\":\"https:\/\/vapebulkp.com\/#website\",\"url\":\"https:\/\/vapebulkp.com\/\",\"name\":\"vapebulkp.com\",\"description\":\"Buy Vape In Cheap Bulk Price Near you\",\"publisher\":{\"@id\":\"https:\/\/vapebulkp.com\/#organization\"},\"potentialAction\":[{\"@type\":\"SearchAction\",\"target\":{\"@type\":\"EntryPoint\",\"urlTemplate\":\"https:\/\/vapebulkp.com\/?s={search_term_string}\"},\"query-input\":\"required name=search_term_string\"}],\"inLanguage\":\"es\"},{\"@type\":\"Organization\",\"@id\":\"https:\/\/vapebulkp.com\/#organization\",\"name\":\"vapebulkp.com\",\"url\":\"https:\/\/vapebulkp.com\/\",\"logo\":{\"@type\":\"ImageObject\",\"inLanguage\":\"es\",\"@id\":\"https:\/\/vapebulkp.com\/#\/schema\/logo\/image\/\",\"url\":\"https:\/\/vapebulkp.com\/wp-content\/uploads\/2023\/09\/cropped-vapebulkp.png\",\"contentUrl\":\"https:\/\/vapebulkp.com\/wp-content\/uploads\/2023\/09\/cropped-vapebulkp.png\",\"width\":516,\"height\":163,\"caption\":\"vapebulkp.com\"},\"image\":{\"@id\":\"https:\/\/vapebulkp.com\/#\/schema\/logo\/image\/\"}}]}<\/script>\n<!-- \/ Yoast SEO plugin. -->","yoast_head_json":{"title":"VOPK Tornado 15000 Puffs Original Vape Randm Vape - vapebulkp.com","description":"VOPK Tornado 15000 Puffs Vape offers a combination of longevity, durability, enhanced flavor, and convenience, making it a compelling choice for vapers looking for a reliable and long-lasting vaping device.","robots":{"index":"index","follow":"follow","max-snippet":"max-snippet:-1","max-image-preview":"max-image-preview:large","max-video-preview":"max-video-preview:-1"},"canonical":"https:\/\/vapebulkp.com\/es\/product\/vopk-tornado-15000-puffs-original-vape-randm-vape\/","og_locale":"es_ES","og_type":"article","og_title":"VOPK Tornado 15000 Puffs Original Vape Randm Vape - vapebulkp.com","og_description":"VOPK Tornado 15000 Puffs Vape offers a combination of longevity, durability, enhanced flavor, and convenience, making it a compelling choice for vapers looking for a reliable and long-lasting vaping device.","og_url":"https:\/\/vapebulkp.com\/es\/product\/vopk-tornado-15000-puffs-original-vape-randm-vape\/","og_site_name":"vapebulkp.com","article_modified_time":"2025-09-16T09:31:46+00:00","og_image":[{"width":519,"height":688,"url":"http:\/\/vapebulkp.com\/wp-content\/uploads\/2024\/04\/VOPK-Tornado-15000-Puffs-Good-Sale.png","type":"image\/png"}],"twitter_card":"summary_large_image","twitter_misc":{"Tiempo de lectura":"4 minutos"},"schema":{"@context":"https:\/\/schema.org","@graph":[{"@type":"WebPage","@id":"https:\/\/vapebulkp.com\/product\/vopk-tornado-15000-puffs-original-vape-randm-vape\/","url":"https:\/\/vapebulkp.com\/product\/vopk-tornado-15000-puffs-original-vape-randm-vape\/","name":"VOPK Tornado 15000 Puffs Original Vape Randm Vape - vapebulkp.com","isPartOf":{"@id":"https:\/\/vapebulkp.com\/#website"},"datePublished":"2024-04-30T08:44:41+00:00","dateModified":"2025-09-16T09:31:46+00:00","description":"VOPK Tornado 15000 Puffs Vape offers a combination of longevity, durability, enhanced flavor, and convenience, making it a compelling choice for vapers looking for a reliable and long-lasting vaping device.","breadcrumb":{"@id":"https:\/\/vapebulkp.com\/product\/vopk-tornado-15000-puffs-original-vape-randm-vape\/#breadcrumb"},"inLanguage":"es","potentialAction":[{"@type":"ReadAction","target":["https:\/\/vapebulkp.com\/product\/vopk-tornado-15000-puffs-original-vape-randm-vape\/"]}]},{"@type":"BreadcrumbList","@id":"https:\/\/vapebulkp.com\/product\/vopk-tornado-15000-puffs-original-vape-randm-vape\/#breadcrumb","itemListElement":[{"@type":"ListItem","position":1,"name":"Home","item":"https:\/\/vapebulkp.com\/"},{"@type":"ListItem","position":2,"name":"Hot Trend Vapes","item":"https:\/\/vapebulkp.com\/vape-shop\/"},{"@type":"ListItem","position":3,"name":"VOPK Tornado 15000 Puffs Original Vape Randm Vape"}]},{"@type":"WebSite","@id":"https:\/\/vapebulkp.com\/#website","url":"https:\/\/vapebulkp.com\/","name":"vapebulkp.com","description":"Buy Vape In Cheap Bulk Price Near you","publisher":{"@id":"https:\/\/vapebulkp.com\/#organization"},"potentialAction":[{"@type":"SearchAction","target":{"@type":"EntryPoint","urlTemplate":"https:\/\/vapebulkp.com\/?s={search_term_string}"},"query-input":"required name=search_term_string"}],"inLanguage":"es"},{"@type":"Organization","@id":"https:\/\/vapebulkp.com\/#organization","name":"vapebulkp.com","url":"https:\/\/vapebulkp.com\/","logo":{"@type":"ImageObject","inLanguage":"es","@id":"https:\/\/vapebulkp.com\/#\/schema\/logo\/image\/","url":"https:\/\/vapebulkp.com\/wp-content\/uploads\/2023\/09\/cropped-vapebulkp.png","contentUrl":"https:\/\/vapebulkp.com\/wp-content\/uploads\/2023\/09\/cropped-vapebulkp.png","width":516,"height":163,"caption":"vapebulkp.com"},"image":{"@id":"https:\/\/vapebulkp.com\/#\/schema\/logo\/image\/"}}]}},"uagb_featured_image_src":{"full":["https:\/\/vapebulkp.com\/wp-content\/uploads\/2024\/04\/VOPK-Tornado-15000-Puffs-Good-Sale.png",519,688,false],"thumbnail":["https:\/\/vapebulkp.com\/wp-content\/uploads\/2024\/04\/VOPK-Tornado-15000-Puffs-Good-Sale-150x150.png",150,150,true],"medium":["https:\/\/vapebulkp.com\/wp-content\/uploads\/2024\/04\/VOPK-Tornado-15000-Puffs-Good-Sale-226x300.png",226,300,true],"medium_large":["https:\/\/vapebulkp.com\/wp-content\/uploads\/2024\/04\/VOPK-Tornado-15000-Puffs-Good-Sale.png",519,688,false],"large":["https:\/\/vapebulkp.com\/wp-content\/uploads\/2024\/04\/VOPK-Tornado-15000-Puffs-Good-Sale.png",519,688,false],"1536x1536":["https:\/\/vapebulkp.com\/wp-content\/uploads\/2024\/04\/VOPK-Tornado-15000-Puffs-Good-Sale.png",519,688,false],"2048x2048":["https:\/\/vapebulkp.com\/wp-content\/uploads\/2024\/04\/VOPK-Tornado-15000-Puffs-Good-Sale.png",519,688,false],"trp-custom-language-flag":["https:\/\/vapebulkp.com\/wp-content\/uploads\/2024\/04\/VOPK-Tornado-15000-Puffs-Good-Sale.png",9,12,false],"woocommerce_thumbnail":["https:\/\/vapebulkp.com\/wp-content\/uploads\/2024\/04\/VOPK-Tornado-15000-Puffs-Good-Sale-300x300.png",300,300,true],"woocommerce_single":["https:\/\/vapebulkp.com\/wp-content\/uploads\/2024\/04\/VOPK-Tornado-15000-Puffs-Good-Sale.png",519,688,false],"woocommerce_gallery_thumbnail":["https:\/\/vapebulkp.com\/wp-content\/uploads\/2024\/04\/VOPK-Tornado-15000-Puffs-Good-Sale-100x100.png",100,100,true],"wcpr-photo-reviews":["https:\/\/vapebulkp.com\/wp-content\/uploads\/2024\/04\/VOPK-Tornado-15000-Puffs-Good-Sale.png",377,500,false]},"uagb_author_info":{"display_name":"Mandy vape bulk price","author_link":"https:\/\/vapebulkp.com\/es\/author\/"},"uagb_comment_info":2,"uagb_excerpt":"VOPK Tornado 15000 Puffs Vape offers a combination of longevity, durability, enhanced flavor, and convenience, making it a compelling choice for vapers looking for a reliable and long-lasting vaping device. Pls Contact Mandy's WhatsApp For Discount Price+8618077105796 NOTE: Prices on our website does not include shipping costs","_links":{"self":[{"href":"https:\/\/vapebulkp.com\/es\/wp-json\/wp\/v2\/product\/2419","targetHints":{"allow":["GET"]}}],"collection":[{"href":"https:\/\/vapebulkp.com\/es\/wp-json\/wp\/v2\/product"}],"about":[{"href":"https:\/\/vapebulkp.com\/es\/wp-json\/wp\/v2\/types\/product"}],"replies":[{"embeddable":true,"href":"https:\/\/vapebulkp.com\/es\/wp-json\/wp\/v2\/comments?post=2419"}],"wp:featuredmedia":[{"embeddable":true,"href":"https:\/\/vapebulkp.com\/es\/wp-json\/wp\/v2\/media\/2391"}],"wp:attachment":[{"href":"https:\/\/vapebulkp.com\/es\/wp-json\/wp\/v2\/media?parent=2419"}],"wp:term":[{"taxonomy":"product_cat","embeddable":true,"href":"https:\/\/vapebulkp.com\/es\/wp-json\/wp\/v2\/product_cat?post=2419"},{"taxonomy":"product_tag","embeddable":true,"href":"https:\/\/vapebulkp.com\/es\/wp-json\/wp\/v2\/product_tag?post=2419"}],"curies":[{"name":"wp","href":"https:\/\/api.w.org\/{rel}","templated":true}]}}