{"id":2482,"date":"2024-05-24T10:56:32","date_gmt":"2024-05-24T08:56:32","guid":{"rendered":"https:\/\/vapebulkp.com\/?post_type=product&#038;p=2482"},"modified":"2025-09-16T11:30:41","modified_gmt":"2025-09-16T09:30:41","slug":"uzy-bang-king-12k-disposable-vape-affordable-price","status":"publish","type":"product","link":"https:\/\/vapebulkp.com\/es\/product\/uzy-bang-king-12k-disposable-vape-affordable-price\/","title":{"rendered":"UZY Bang King 12k Vape Desechable Precio Asequible"},"content":{"rendered":"<h2>UZY Bang King 12k Vape Desechable Precio Asequible<\/h2>\n<p data-start=\"137\" data-end=\"457\">El UZY Bang King 12k Puffs es un dispositivo de alto rendimiento <a href=\"https:\/\/vapebulkp.com\/es\/product-category\/12000-puffs-disposable-vape\/\"><strong data-start=\"185\" data-end=\"216\">Vaper desechable de 12000 caladas<\/strong> <\/a>dise\u00f1ado para vapeadores europeos que buscan sabor, fiabilidad y conveniencia. Con 23ml de l\u00edquido premium de <strong data-start=\"319\" data-end=\"345\">sal de nicotina<\/strong> y una <strong data-start=\"359\" data-end=\"389\">bater\u00eda de vaporizador de alta capacidad<\/strong>de 650mAh, ofrece vapor duradero y suave en cada sesi\u00f3n.<\/p>\n<p data-start=\"459\" data-end=\"807\">Equipado con un avanzado <strong data-start=\"482\" data-end=\"500\">bobina de malla de vapeo<\/strong> tecnolog\u00eda, este dispositivo produce nubes densas y un rico sabor, lo que lo convierte en la mejor opci\u00f3n para aquellos que disfrutan de caladas intensas y satisfactorias. Su dise\u00f1o ergon\u00f3mico garantiza comodidad para el uso diario, viajes o entornos sociales, mientras que el <strong data-start=\"724\" data-end=\"756\">vape desechable de larga duraci\u00f3n<\/strong> formato significa que no es necesario rellenar ni cargar.<\/p>\n<p data-start=\"809\" data-end=\"1054\">Enviado directamente desde almacenes de la UE, el <strong data-start=\"850\" data-end=\"899\">Vape Desechable UZY Bang King 12k Puffs<\/strong> es una soluci\u00f3n ideal para minoristas y compradores a granel que buscan un <strong data-start=\"965\" data-end=\"1001\">vape desechable con sabor premium<\/strong> que combine rendimiento, conveniencia y estilo.<\/p>\n<p><img decoding=\"async\" class=\"alignnone size-full wp-image-2481\" src=\"http:\/\/vapebulkp.com\/wp-content\/uploads\/2024\/05\/UZY-Bang-King-12000-Puffs.png\" alt=\"UZY Bang King 12000 caladas\" width=\"826\" height=\"641\" srcset=\"https:\/\/vapebulkp.com\/wp-content\/uploads\/2024\/05\/UZY-Bang-King-12000-Puffs.png 826w, https:\/\/vapebulkp.com\/wp-content\/uploads\/2024\/05\/UZY-Bang-King-12000-Puffs-300x233.png 300w, https:\/\/vapebulkp.com\/wp-content\/uploads\/2024\/05\/UZY-Bang-King-12000-Puffs-768x596.png 768w, https:\/\/vapebulkp.com\/wp-content\/uploads\/2024\/05\/UZY-Bang-King-12000-Puffs-600x466.png 600w\" sizes=\"(max-width: 826px) 100vw, 826px\" \/><\/p>\n<h6>Por favor, contacta con el WhatsApp de Mandy para obtener un precio con descuento<a href=\"https:\/\/wa.me\/8618077105796\">+8618077105796<\/a><\/h6>\n<h3><img decoding=\"async\" class=\"alignnone wp-image-2151\" src=\"http:\/\/vapebulkp.com\/wp-content\/uploads\/2024\/04\/Mandy-WhatsApp-Randm.jpg\" alt=\"Mandy WhatsApp Aleatorio\" width=\"288\" height=\"306\" srcset=\"https:\/\/vapebulkp.com\/wp-content\/uploads\/2024\/04\/Mandy-WhatsApp-Randm.jpg 916w, https:\/\/vapebulkp.com\/wp-content\/uploads\/2024\/04\/Mandy-WhatsApp-Randm-282x300.jpg 282w, https:\/\/vapebulkp.com\/wp-content\/uploads\/2024\/04\/Mandy-WhatsApp-Randm-768x817.jpg 768w, https:\/\/vapebulkp.com\/wp-content\/uploads\/2024\/04\/Mandy-WhatsApp-Randm-600x638.jpg 600w\" sizes=\"(max-width: 288px) 100vw, 288px\" \/><\/h3>\n<h2>Quiz\u00e1s te interese saber sobre el Bang Vape UZY Bang King 12000 Puffs:<\/h2>\n<p>&nbsp;<\/p>\n<h4>1. \u00bfC\u00d3MO CARGAR EL VAPE DESECHABLE UZY BANG King 12k PUFFS?<\/h4>\n<p>No se pueden usar cargadores de carga r\u00e1pida. La potencia segura est\u00e1ndar de los cigarrillos electr\u00f3nicos desechables es de 5V 1A. Cada tiempo de carga no puede exceder 1 hora, y el tiempo de carga seguro es de media hora.<\/p>\n<p>Aviso: \u00a1no recargar toda la noche!<\/p>\n<h4>2. \u00bfC\u00f3mo usar el vape desechable UZY Bang Vape 12000 Puffs?<\/h4>\n<p>1: Por favor, abra el embalaje antes de usar 12k Puffs.<br \/>\n2: Luego coloque el sello en la parte inferior del Vaporizador<br \/>\n3: Empiece a disfrutarlo<\/p>\n<h3>3. Puede que tenga m\u00e1s preguntas sobre los cigarrillos electr\u00f3nicos, como las siguientes:<\/h3>\n<p>&nbsp;<\/p>\n<h6>1. \u00bfSon perjudiciales para la salud los cigarrillos electr\u00f3nicos?<\/h6>\n<p>Aunque los cigarrillos electr\u00f3nicos pueden ser menos perjudiciales que los cigarrillos tradicionales, las investigaciones demuestran que a\u00fan conllevan algunos riesgos potenciales para la salud. Estos riesgos se centran en la dependencia de la nicotina, la exposici\u00f3n a sustancias qu\u00edmicas y los efectos a largo plazo en la salud.<\/p>\n<h6>2. \u00bfPueden los cigarrillos electr\u00f3nicos ayudar a dejar de fumar?<\/h6>\n<p>Algunas personas creen que los cigarrillos electr\u00f3nicos pueden ayudar a dejar de fumar porque suministran nicotina mientras simulan la experiencia de fumar. Sin embargo, la eficacia para dejar de fumar var\u00eda de una persona a otra, y el \u00e9xito puede verse afectado por muchos factores.<\/p>\n<h6>3. \u00bfC\u00f3mo elegir el contenido de nicotina adecuado?<\/h6>\n<p>La elecci\u00f3n del contenido de nicotina del l\u00edquido para cigarrillos electr\u00f3nicos suele depender de la cantidad de tabaco que se fume y del grado de dependencia de la nicotina de la persona. En general, los grandes fumadores pueden elegir un contenido m\u00e1s alto, mientras que los fumadores ocasionales pueden elegir un contenido m\u00e1s bajo, o elegir un l\u00edquido sin nicotina.<\/p>\n<h6>4. \u00bfQu\u00e9 son el PG y el VG?<\/h6>\n<p>El PG (propilenglicol) y el VG (glicerina vegetal) son ingredientes base comunes en los l\u00edquidos para cigarrillos electr\u00f3nicos. El PG proporciona un golpe de garganta m\u00e1s fuerte y una mejor entrega del sabor, mientras que el VG proporciona un vapor m\u00e1s denso. La proporci\u00f3n de la mezcla afectar\u00e1 al sabor y a la cantidad de vapor del l\u00edquido.<\/p>\n<h6>5. \u00bfQu\u00e9 son la calada boca-pulm\u00f3n y la calada directa a pulm\u00f3n?<\/h6>\n<p>La calada boca-pulm\u00f3n y la calada directa a pulm\u00f3n son las dos principales formas de inhalaci\u00f3n. La calada boca-pulm\u00f3n (MTL) simula la sensaci\u00f3n de fumar de forma tradicional, mientras que la calada directa a pulm\u00f3n (DL) es m\u00e1s adecuada para grandes vol\u00famenes de vapor y la inhalaci\u00f3n directa a los pulmones.<\/p>\n<h6>6. \u00bfCu\u00e1nto dura la vida \u00fatil de un cigarrillo electr\u00f3nico?<\/h6>\n<p>La vida \u00fatil de un cigarrillo electr\u00f3nico depende de la frecuencia de uso y de la marca. En general, la vida \u00fatil de un cigarrillo electr\u00f3nico puede durar desde unos pocos meses hasta un a\u00f1o.<\/p>\n<h3><strong style=\"font-size: 1.3em\"><span style=\"vertical-align: inherit\">Especificaci\u00f3n para UZY Bang King 120<\/span><\/strong><span style=\"font-size: 1.3em;font-weight: bold\">00 Caladas<\/span><strong style=\"font-size: 1.3em\"><span style=\"vertical-align: inherit\">\uff1a<\/span><\/strong><\/h3>\n<blockquote><p>0% 2% 3% 5% Nicotina<br \/>\n\u2611 Caladas: 12000 Caladas<br \/>\n\u2611 Capacidad: 23ml<br \/>\n\u2611 20 sabores disponibles<br \/>\n\u2611 Recargable de 650mah<br \/>\n\u2611 Bobina de malla 1.0 \u03a9, Puerto de entrada: Tipo-C<\/p>\n<p>&nbsp;<\/p><\/blockquote>\n<h3><strong>\u00a0UZY Bang King Vape 12k<\/strong>\u00a0Inhalaciones <strong>Lista de Sabores:<\/strong><\/h3>\n<p>&nbsp;<\/p>\n<blockquote><p>1. Sand\u00eda con fresa<br \/>\n2. Ar\u00e1ndanos sobre hielo<br \/>\n3. Melocot\u00f3n, Mango, Pi\u00f1a<br \/>\n4. Hielo de melocot\u00f3n<br \/>\n5. Sand\u00eda helada<br \/>\n6. Hielo de uva<br \/>\n7. Fresa kiwi<br \/>\n8. Ar\u00e1ndano frambuesa<br \/>\n9. Kiwipassion<br \/>\n10. Hielo de cereza<br \/>\n11. Mr Blue<br \/>\n12. Hielo de cola<br \/>\n13. Triple mango<br \/>\n14. Hielo de fresa<br \/>\n15. Bebida energ\u00e9tica<br \/>\n16. Mezcla de bayas<br \/>\n17. Manzana doble<br \/>\n18. Osito de goma<br \/>\n19. Limonada rosa<br \/>\n20. Melocot\u00f3n y bayas<\/p><\/blockquote>\n<p>&nbsp;<\/p>\n<p><a href=\"https:\/\/vapebulkp.com\/es\/product\/popular-randm-tornado-7000puffs-disposable-vape-best-price\/\"><span style=\"vertical-align: inherit\">RandM Tornado 7000 Caladas <\/span><\/a><\/p>\n<p><span style=\"vertical-align: inherit\">Encuentra m\u00e1s productos que te puedan gustar:<\/span><em><a href=\"https:\/\/wa.me\/8618077105796\"><span style=\"vertical-align: inherit\">\u00a0C\u00f3mpralo ahora<\/span><\/a><\/em><\/p>\n<p><span style=\"vertical-align: inherit\">Otros vaporizadores que te pueden gustar:<\/span><a href=\"https:\/\/vapebulkp.com\/sv\/product\/fluumbox-digital-box-15k-puffs-rechargeable-vape-geek-bar\/\"><span style=\"vertical-align: inherit\">Caja Digital FLUUMBOX 15000 Caladas<\/span><\/a><span style=\"vertical-align: inherit\">\u3001<\/span><a href=\"https:\/\/vapebulkp.com\/es\/product\/good-vape-waspe-digital-box-12000-puffs-fumot-box-12k-puffs-wholeslae-price\/\"><span style=\"vertical-align: inherit\">Caja Digital WASPE 12000 Caladas<\/span><\/a><span style=\"vertical-align: inherit\">\/ <\/span><a href=\"https:\/\/vapebulkp.com\/es\/product\/wholesale-randm-tornado-9000-puffs-germany\/\"><span style=\"vertical-align: inherit\">RandM Tornado 9000 caladas<\/span><\/a><span style=\"vertical-align: inherit\">\/ <\/span><a href=\"https:\/\/vapebulkp.com\/es\/product\/discount-price-bang-shisha-15k-puffs-jnr-shisha-disposable-vape\/\"><span style=\"vertical-align: inherit\">Bang shisha JNR SHISHA 15000 caladas <\/span><\/a><\/p>\n<p><span style=\"vertical-align: inherit\">Cigarrillo electr\u00f3nico con forma especial:<\/span><a href=\"https:\/\/vapebulkp.com\/es\/product\/good-sale-randm-tornado-10000-puffs-plus\/\"><span style=\"vertical-align: inherit\">RandM Tornado 10000 Caladas Plus <\/span><\/a><span style=\"vertical-align: inherit\">\/<a href=\"https:\/\/vapebulkp.com\/sv\/product\/wholesale-price-randm-15k-waspe-15000-puffs-best-vape\/\"> Randm Tornado 15000 Caladas<\/a><\/span><\/p>\n<h4>Cualificaci\u00f3n de la producci\u00f3n:<\/h4>\n<p><img decoding=\"async\" class=\"alignnone wp-image-1842\" src=\"http:\/\/vapebulkp.com\/wp-content\/uploads\/2023\/11\/Vape-production-process-2.jpg\" alt=\"Proceso de producci\u00f3n de vapes\" width=\"671\" height=\"301\" srcset=\"https:\/\/vapebulkp.com\/wp-content\/uploads\/2023\/11\/Vape-production-process-2.jpg 800w, https:\/\/vapebulkp.com\/wp-content\/uploads\/2023\/11\/Vape-production-process-2-300x135.jpg 300w, https:\/\/vapebulkp.com\/wp-content\/uploads\/2023\/11\/Vape-production-process-2-768x345.jpg 768w, https:\/\/vapebulkp.com\/wp-content\/uploads\/2023\/11\/Vape-production-process-2-600x269.jpg 600w\" sizes=\"(max-width: 671px) 100vw, 671px\" \/><\/p>\n<p><img decoding=\"async\" class=\"alignnone wp-image-1843\" src=\"http:\/\/vapebulkp.com\/wp-content\/uploads\/2023\/11\/Vape-production-process.jpeg\" alt=\"Proceso de producci\u00f3n de vapes\" width=\"671\" height=\"1074\" srcset=\"https:\/\/vapebulkp.com\/wp-content\/uploads\/2023\/11\/Vape-production-process.jpeg 641w, https:\/\/vapebulkp.com\/wp-content\/uploads\/2023\/11\/Vape-production-process-187x300.jpeg 187w, https:\/\/vapebulkp.com\/wp-content\/uploads\/2023\/11\/Vape-production-process-640x1024.jpeg 640w, https:\/\/vapebulkp.com\/wp-content\/uploads\/2023\/11\/Vape-production-process-600x960.jpeg 600w\" sizes=\"(max-width: 671px) 100vw, 671px\" \/><\/p>\n<h5>Preguntas frecuentes:<\/h5>\n<p>P: \u00bfCu\u00e1l es el MOQ de UZY Bang King 12000 Puffs?<br \/>\nR: El pedido m\u00ednimo es de 100 unidades.<br \/>\nP: \u00bfCu\u00e1l es el plazo de entrega para el vapeador pedido?<br \/>\nR: Generalmente son de 10 a 15 d\u00edas despu\u00e9s del env\u00edo.<br \/>\nP: \u00bfCu\u00e1nto cuesta el env\u00edo?R: El coste de env\u00edo depende del peso.diferentes cantidades tienen diferentes costes de env\u00edo, por favor cont\u00e1ctenos para confirmar el coste de env\u00edo.<\/p>\n<p>&nbsp;<\/p>\n<h4>Detalle de env\u00edo:<\/h4>\n<p><span style=\"color: #ff6600\">Tiempo de producci\u00f3n: 5-10 d\u00edas laborables<\/span><br \/>\n<span style=\"color: #ff6600\">Tiempo de env\u00edo: 8-14 d\u00edas laborables<\/span><\/p>\n<p>Todos los productos en nuestra tienda son 100% originales y aut\u00e9nticos, por lo que la compensaci\u00f3n de diez veces por productos falsos es la pol\u00edtica de nuestra tienda. Utilizamos canales log\u00edsticos como UPS\/DHL\/FEDEX\/DPD para entregarle los productos.<\/p>\n<p>Para los paquetes enviados a Espa\u00f1a, generalmente tardan 12 a 15 d\u00edas laborables en llegar. Actualizaremos la informaci\u00f3n de log\u00edstica para usted en tiempo real.<\/p>","protected":false},"excerpt":{"rendered":"<p>UZY Bang King 12000 Puffs Precio Mayorista<\/p>\n<p><img decoding=\"async\" class=\"alignnone wp-image-2151\" src=\"http:\/\/vapebulkp.com\/wp-content\/uploads\/2024\/04\/Mandy-WhatsApp-Randm.jpg\" alt=\"Mandy WhatsApp Aleatorio\" width=\"232\" height=\"247\" srcset=\"https:\/\/vapebulkp.com\/wp-content\/uploads\/2024\/04\/Mandy-WhatsApp-Randm.jpg 916w, https:\/\/vapebulkp.com\/wp-content\/uploads\/2024\/04\/Mandy-WhatsApp-Randm-282x300.jpg 282w, https:\/\/vapebulkp.com\/wp-content\/uploads\/2024\/04\/Mandy-WhatsApp-Randm-768x817.jpg 768w, https:\/\/vapebulkp.com\/wp-content\/uploads\/2024\/04\/Mandy-WhatsApp-Randm-600x638.jpg 600w\" sizes=\"(max-width: 232px) 100vw, 232px\" \/><\/p>\n<p>Por favor, contacta con el WhatsApp de Mandy para obtener un precio con descuento<a href=\"https:\/\/wa.me\/8618077105796\">+8618077105796<\/a><\/p>\n<p><span style=\"color: #ff0000\">NOTA: Los precios en nuestro sitio web no incluyen los gastos de env\u00edo<\/span><\/p>","protected":false},"featured_media":2481,"comment_status":"open","ping_status":"closed","template":"","meta":{"_uag_custom_page_level_css":"","_lmt_disableupdate":"no","_lmt_disable":"","site-sidebar-layout":"default","site-content-layout":"content-boxed-container","ast-site-content-layout":"normal-width-container","site-content-style":"boxed","site-sidebar-style":"unboxed","ast-global-header-display":"","ast-banner-title-visibility":"","ast-main-header-display":"","ast-hfb-above-header-display":"","ast-hfb-below-header-display":"","ast-hfb-mobile-header-display":"","site-post-title":"","ast-breadcrumbs-content":"","ast-featured-img":"","footer-sml-layout":"","theme-transparent-header-meta":"default","adv-header-id-meta":"","stick-header-meta":"","header-above-stick-meta":"","header-main-stick-meta":"","header-below-stick-meta":"","astra-migrate-meta-layouts":"set","_joinchat":[]},"product_cat":[166,153,344,155,33,59,100,34,158,157,154,152,58,84,156,63,32],"product_tag":[135,36,37,41,73,40],"class_list":["post-2482","product","type-product","status-publish","has-post-thumbnail","hentry","product_cat-12000-puffs-disposable-vape","product_cat-hot-disposable-vapes","product_cat-bang-king-vape","product_cat-belgium-hot-disposable-vapes","product_cat-france-vape-hot-sale","product_cat-germany-hot-disposable-vape","product_cat-germany-wholesale-vape-shop","product_cat-netherlands-vape-good-sale","product_cat-norway-hot-disposable-vapes","product_cat-poland-hot-disposable-vapes","product_cat-portugal-hot-disposable-vapes","product_cat-spain-hot-disposable-vapes","product_cat-sweden-hot-disposable-vape","product_cat-sweden-wholesale-vape","product_cat-switzerland-hot-disposable-vapes","product_cat-top-sale-disposable-vape","product_cat-vape-hot-sale-this-week","product_tag-12000puffs","product_tag-good-vape","product_tag-hot-sale-disposable-vape","product_tag-poland-hot-vape","product_tag-randm-10000puffs-vape","product_tag-sweden-hot-vape","pa_brand-uzy-vape","desktop-align-left","tablet-align-left","mobile-align-left"],"yoast_head":"<!-- This site is optimized with the Yoast SEO plugin v21.1 - https:\/\/yoast.com\/wordpress\/plugins\/seo\/ -->\n<title>UZY Bang King 12k Disposable Vape Affordable Price - vapebulkp.com<\/title>\n<meta name=\"description\" content=\"UZY Bang King 12k Disposable Vape Affordable Price, a high-capacity disposable vape delivering up to 12,000 puffs of delicious vapor. Featuring a 650mAh battery and a large 23ml pre-filled e-liquid tank, it promises a lasting and enjoyable vaping journey.\" \/>\n<meta name=\"robots\" content=\"index, follow, max-snippet:-1, max-image-preview:large, max-video-preview:-1\" \/>\n<link rel=\"canonical\" href=\"https:\/\/vapebulkp.com\/es\/product\/uzy-bang-king-12k-disposable-vape-affordable-price\/\" \/>\n<meta property=\"og:locale\" content=\"es_ES\" \/>\n<meta property=\"og:type\" content=\"article\" \/>\n<meta property=\"og:title\" content=\"UZY Bang King 12k Disposable Vape Affordable Price - vapebulkp.com\" \/>\n<meta property=\"og:description\" content=\"UZY Bang King 12k Disposable Vape Affordable Price, a high-capacity disposable vape delivering up to 12,000 puffs of delicious vapor. Featuring a 650mAh battery and a large 23ml pre-filled e-liquid tank, it promises a lasting and enjoyable vaping journey.\" \/>\n<meta property=\"og:url\" content=\"https:\/\/vapebulkp.com\/es\/product\/uzy-bang-king-12k-disposable-vape-affordable-price\/\" \/>\n<meta property=\"og:site_name\" content=\"vapebulkp.com\" \/>\n<meta property=\"article:modified_time\" content=\"2025-09-16T09:30:41+00:00\" \/>\n<meta property=\"og:image\" content=\"http:\/\/vapebulkp.com\/wp-content\/uploads\/2024\/05\/UZY-Bang-King-12000-Puffs.png\" \/>\n\t<meta property=\"og:image:width\" content=\"826\" \/>\n\t<meta property=\"og:image:height\" content=\"641\" \/>\n\t<meta property=\"og:image:type\" content=\"image\/png\" \/>\n<meta name=\"twitter:card\" content=\"summary_large_image\" \/>\n<meta name=\"twitter:label1\" content=\"Tiempo de lectura\" \/>\n\t<meta name=\"twitter:data1\" content=\"4 minutos\" \/>\n<script type=\"application\/ld+json\" class=\"yoast-schema-graph\">{\"@context\":\"https:\/\/schema.org\",\"@graph\":[{\"@type\":\"WebPage\",\"@id\":\"https:\/\/vapebulkp.com\/product\/uzy-bang-king-12k-disposable-vape-affordable-price\/\",\"url\":\"https:\/\/vapebulkp.com\/product\/uzy-bang-king-12k-disposable-vape-affordable-price\/\",\"name\":\"UZY Bang King 12k Disposable Vape Affordable Price - vapebulkp.com\",\"isPartOf\":{\"@id\":\"https:\/\/vapebulkp.com\/#website\"},\"datePublished\":\"2024-05-24T08:56:32+00:00\",\"dateModified\":\"2025-09-16T09:30:41+00:00\",\"description\":\"UZY Bang King 12k Disposable Vape Affordable Price, a high-capacity disposable vape delivering up to 12,000 puffs of delicious vapor. Featuring a 650mAh battery and a large 23ml pre-filled e-liquid tank, it promises a lasting and enjoyable vaping journey.\",\"breadcrumb\":{\"@id\":\"https:\/\/vapebulkp.com\/product\/uzy-bang-king-12k-disposable-vape-affordable-price\/#breadcrumb\"},\"inLanguage\":\"es\",\"potentialAction\":[{\"@type\":\"ReadAction\",\"target\":[\"https:\/\/vapebulkp.com\/product\/uzy-bang-king-12k-disposable-vape-affordable-price\/\"]}]},{\"@type\":\"BreadcrumbList\",\"@id\":\"https:\/\/vapebulkp.com\/product\/uzy-bang-king-12k-disposable-vape-affordable-price\/#breadcrumb\",\"itemListElement\":[{\"@type\":\"ListItem\",\"position\":1,\"name\":\"Home\",\"item\":\"https:\/\/vapebulkp.com\/\"},{\"@type\":\"ListItem\",\"position\":2,\"name\":\"Hot Trend Vapes\",\"item\":\"https:\/\/vapebulkp.com\/vape-shop\/\"},{\"@type\":\"ListItem\",\"position\":3,\"name\":\"UZY Bang King 12k Disposable Vape Affordable Price\"}]},{\"@type\":\"WebSite\",\"@id\":\"https:\/\/vapebulkp.com\/#website\",\"url\":\"https:\/\/vapebulkp.com\/\",\"name\":\"vapebulkp.com\",\"description\":\"Buy Vape In Cheap Bulk Price Near you\",\"publisher\":{\"@id\":\"https:\/\/vapebulkp.com\/#organization\"},\"potentialAction\":[{\"@type\":\"SearchAction\",\"target\":{\"@type\":\"EntryPoint\",\"urlTemplate\":\"https:\/\/vapebulkp.com\/?s={search_term_string}\"},\"query-input\":\"required name=search_term_string\"}],\"inLanguage\":\"es\"},{\"@type\":\"Organization\",\"@id\":\"https:\/\/vapebulkp.com\/#organization\",\"name\":\"vapebulkp.com\",\"url\":\"https:\/\/vapebulkp.com\/\",\"logo\":{\"@type\":\"ImageObject\",\"inLanguage\":\"es\",\"@id\":\"https:\/\/vapebulkp.com\/#\/schema\/logo\/image\/\",\"url\":\"https:\/\/vapebulkp.com\/wp-content\/uploads\/2023\/09\/cropped-vapebulkp.png\",\"contentUrl\":\"https:\/\/vapebulkp.com\/wp-content\/uploads\/2023\/09\/cropped-vapebulkp.png\",\"width\":516,\"height\":163,\"caption\":\"vapebulkp.com\"},\"image\":{\"@id\":\"https:\/\/vapebulkp.com\/#\/schema\/logo\/image\/\"}}]}<\/script>\n<!-- \/ Yoast SEO plugin. -->","yoast_head_json":{"title":"UZY Bang King 12k Disposable Vape Affordable Price - vapebulkp.com","description":"UZY Bang King 12k Disposable Vape Affordable Price, a high-capacity disposable vape delivering up to 12,000 puffs of delicious vapor. Featuring a 650mAh battery and a large 23ml pre-filled e-liquid tank, it promises a lasting and enjoyable vaping journey.","robots":{"index":"index","follow":"follow","max-snippet":"max-snippet:-1","max-image-preview":"max-image-preview:large","max-video-preview":"max-video-preview:-1"},"canonical":"https:\/\/vapebulkp.com\/es\/product\/uzy-bang-king-12k-disposable-vape-affordable-price\/","og_locale":"es_ES","og_type":"article","og_title":"UZY Bang King 12k Disposable Vape Affordable Price - vapebulkp.com","og_description":"UZY Bang King 12k Disposable Vape Affordable Price, a high-capacity disposable vape delivering up to 12,000 puffs of delicious vapor. Featuring a 650mAh battery and a large 23ml pre-filled e-liquid tank, it promises a lasting and enjoyable vaping journey.","og_url":"https:\/\/vapebulkp.com\/es\/product\/uzy-bang-king-12k-disposable-vape-affordable-price\/","og_site_name":"vapebulkp.com","article_modified_time":"2025-09-16T09:30:41+00:00","og_image":[{"width":826,"height":641,"url":"http:\/\/vapebulkp.com\/wp-content\/uploads\/2024\/05\/UZY-Bang-King-12000-Puffs.png","type":"image\/png"}],"twitter_card":"summary_large_image","twitter_misc":{"Tiempo de lectura":"4 minutos"},"schema":{"@context":"https:\/\/schema.org","@graph":[{"@type":"WebPage","@id":"https:\/\/vapebulkp.com\/product\/uzy-bang-king-12k-disposable-vape-affordable-price\/","url":"https:\/\/vapebulkp.com\/product\/uzy-bang-king-12k-disposable-vape-affordable-price\/","name":"UZY Bang King 12k Disposable Vape Affordable Price - vapebulkp.com","isPartOf":{"@id":"https:\/\/vapebulkp.com\/#website"},"datePublished":"2024-05-24T08:56:32+00:00","dateModified":"2025-09-16T09:30:41+00:00","description":"UZY Bang King 12k Disposable Vape Affordable Price, a high-capacity disposable vape delivering up to 12,000 puffs of delicious vapor. Featuring a 650mAh battery and a large 23ml pre-filled e-liquid tank, it promises a lasting and enjoyable vaping journey.","breadcrumb":{"@id":"https:\/\/vapebulkp.com\/product\/uzy-bang-king-12k-disposable-vape-affordable-price\/#breadcrumb"},"inLanguage":"es","potentialAction":[{"@type":"ReadAction","target":["https:\/\/vapebulkp.com\/product\/uzy-bang-king-12k-disposable-vape-affordable-price\/"]}]},{"@type":"BreadcrumbList","@id":"https:\/\/vapebulkp.com\/product\/uzy-bang-king-12k-disposable-vape-affordable-price\/#breadcrumb","itemListElement":[{"@type":"ListItem","position":1,"name":"Home","item":"https:\/\/vapebulkp.com\/"},{"@type":"ListItem","position":2,"name":"Hot Trend Vapes","item":"https:\/\/vapebulkp.com\/vape-shop\/"},{"@type":"ListItem","position":3,"name":"UZY Bang King 12k Disposable Vape Affordable Price"}]},{"@type":"WebSite","@id":"https:\/\/vapebulkp.com\/#website","url":"https:\/\/vapebulkp.com\/","name":"vapebulkp.com","description":"Buy Vape In Cheap Bulk Price Near you","publisher":{"@id":"https:\/\/vapebulkp.com\/#organization"},"potentialAction":[{"@type":"SearchAction","target":{"@type":"EntryPoint","urlTemplate":"https:\/\/vapebulkp.com\/?s={search_term_string}"},"query-input":"required name=search_term_string"}],"inLanguage":"es"},{"@type":"Organization","@id":"https:\/\/vapebulkp.com\/#organization","name":"vapebulkp.com","url":"https:\/\/vapebulkp.com\/","logo":{"@type":"ImageObject","inLanguage":"es","@id":"https:\/\/vapebulkp.com\/#\/schema\/logo\/image\/","url":"https:\/\/vapebulkp.com\/wp-content\/uploads\/2023\/09\/cropped-vapebulkp.png","contentUrl":"https:\/\/vapebulkp.com\/wp-content\/uploads\/2023\/09\/cropped-vapebulkp.png","width":516,"height":163,"caption":"vapebulkp.com"},"image":{"@id":"https:\/\/vapebulkp.com\/#\/schema\/logo\/image\/"}}]}},"uagb_featured_image_src":{"full":["https:\/\/vapebulkp.com\/wp-content\/uploads\/2024\/05\/UZY-Bang-King-12000-Puffs.png",826,641,false],"thumbnail":["https:\/\/vapebulkp.com\/wp-content\/uploads\/2024\/05\/UZY-Bang-King-12000-Puffs-150x150.png",150,150,true],"medium":["https:\/\/vapebulkp.com\/wp-content\/uploads\/2024\/05\/UZY-Bang-King-12000-Puffs-300x233.png",300,233,true],"medium_large":["https:\/\/vapebulkp.com\/wp-content\/uploads\/2024\/05\/UZY-Bang-King-12000-Puffs-768x596.png",768,596,true],"large":["https:\/\/vapebulkp.com\/wp-content\/uploads\/2024\/05\/UZY-Bang-King-12000-Puffs.png",826,641,false],"1536x1536":["https:\/\/vapebulkp.com\/wp-content\/uploads\/2024\/05\/UZY-Bang-King-12000-Puffs.png",826,641,false],"2048x2048":["https:\/\/vapebulkp.com\/wp-content\/uploads\/2024\/05\/UZY-Bang-King-12000-Puffs.png",826,641,false],"trp-custom-language-flag":["https:\/\/vapebulkp.com\/wp-content\/uploads\/2024\/05\/UZY-Bang-King-12000-Puffs.png",15,12,false],"woocommerce_thumbnail":["https:\/\/vapebulkp.com\/wp-content\/uploads\/2024\/05\/UZY-Bang-King-12000-Puffs-300x300.png",300,300,true],"woocommerce_single":["https:\/\/vapebulkp.com\/wp-content\/uploads\/2024\/05\/UZY-Bang-King-12000-Puffs-600x466.png",600,466,true],"woocommerce_gallery_thumbnail":["https:\/\/vapebulkp.com\/wp-content\/uploads\/2024\/05\/UZY-Bang-King-12000-Puffs-100x100.png",100,100,true],"wcpr-photo-reviews":["https:\/\/vapebulkp.com\/wp-content\/uploads\/2024\/05\/UZY-Bang-King-12000-Puffs.png",500,388,false]},"uagb_author_info":{"display_name":"Mandy vape bulk price","author_link":"https:\/\/vapebulkp.com\/es\/author\/"},"uagb_comment_info":1,"uagb_excerpt":"UZY Bang King 12000 Puffs Wholesale Price Pls Contact Mandy's WhatsApp For Discount Price+8618077105796 NOTE: Prices on our website does not include shipping costs","_links":{"self":[{"href":"https:\/\/vapebulkp.com\/es\/wp-json\/wp\/v2\/product\/2482","targetHints":{"allow":["GET"]}}],"collection":[{"href":"https:\/\/vapebulkp.com\/es\/wp-json\/wp\/v2\/product"}],"about":[{"href":"https:\/\/vapebulkp.com\/es\/wp-json\/wp\/v2\/types\/product"}],"replies":[{"embeddable":true,"href":"https:\/\/vapebulkp.com\/es\/wp-json\/wp\/v2\/comments?post=2482"}],"wp:featuredmedia":[{"embeddable":true,"href":"https:\/\/vapebulkp.com\/es\/wp-json\/wp\/v2\/media\/2481"}],"wp:attachment":[{"href":"https:\/\/vapebulkp.com\/es\/wp-json\/wp\/v2\/media?parent=2482"}],"wp:term":[{"taxonomy":"product_cat","embeddable":true,"href":"https:\/\/vapebulkp.com\/es\/wp-json\/wp\/v2\/product_cat?post=2482"},{"taxonomy":"product_tag","embeddable":true,"href":"https:\/\/vapebulkp.com\/es\/wp-json\/wp\/v2\/product_tag?post=2482"}],"curies":[{"name":"wp","href":"https:\/\/api.w.org\/{rel}","templated":true}]}}