{"id":2542,"date":"2024-06-07T11:26:21","date_gmt":"2024-06-07T09:26:21","guid":{"rendered":"https:\/\/vapebulkp.com\/?post_type=product&#038;p=2542"},"modified":"2025-09-16T11:29:33","modified_gmt":"2025-09-16T09:29:33","slug":"bang-30k-puffs-new-double-taste-good-vape","status":"publish","type":"product","link":"https:\/\/vapebulkp.com\/es\/producto\/bang-30k-puffs-new-double-taste-good-vape\/","title":{"rendered":"Bang 30k Caladas Nuevo Doble Sabor Buen Vape"},"content":{"rendered":"<h2 style=\"text-align: left\">Bang 30k Caladas Nuevo Doble Sabor Buen Vape<\/h2>\n<p>&nbsp;<\/p>\n<p>Bang 30k Puffs Nuevo Doble Sabor Buen Vape dise\u00f1ado para mejorar tu experiencia de vapeo. Con una incre\u00edble capacidad de 30.000 caladas, este <a href=\"https:\/\/vapebulkp.com\/es\/categoria-producto\/30000-puff-disposable-vape\/\"><strong>Vape Desechable de 30000 Puffs<\/strong><\/a> es perfecto para vapeadores dedicados que buscan durabilidad.<\/p>\n<p>Con una avanzada resistencia de malla de 1.0ohm, el Bang 30000 ofrece un vapor suave y consistente, realzando el sabor de cada calada. Con una sustancial capacidad de 36ml de e-l\u00edquido, no tendr\u00e1s que preocuparte por recargas frecuentes, lo que permite un uso prolongado. Disponible en concentraciones de nicotina de 0%, 2%, 3% y 5%, este vapeador se adapta a diversas preferencias.<\/p>\n<p>El dispositivo est\u00e1 alimentado por una robusta bater\u00eda de 550mAh, lo que garantiza sesiones de vapeo ininterrumpidas. El puerto de carga Tipo-C ofrece recargas r\u00e1pidas y eficientes, para que nunca tengas que esperar. Adem\u00e1s, la pantalla digital LED te mantiene informado sobre la duraci\u00f3n de la bater\u00eda y los niveles de e-l\u00edquido, asegurando que siempre est\u00e9s al tanto.<\/p>\n<p>Una de las caracter\u00edsticas destacadas del Bang 30000 es su tecnolog\u00eda de Doble Sabor, que te permite cambiar entre dos sabores distintos para una experiencia de vapeo din\u00e1mica. Esta caracter\u00edstica a\u00f1ade versatilidad y disfrute a tus sesiones.<\/p>\n<p>Combinando conveniencia con alto rendimiento, el Vapeador Desechable de Doble Sabor Bang 30000 Puffs es ideal tanto para principiantes como para vapeadores experimentados. Su gran capacidad, facilidad de uso y sabor superior lo convierten en una opci\u00f3n l\u00edder en el mercado. Opta por el Bang 30000 para un viaje de vapeo personalizable y sabroso.<\/p>\n<p><img decoding=\"async\" class=\"alignnone wp-image-2537\" src=\"http:\/\/vapebulkp.com\/wp-content\/uploads\/2024\/06\/Bang-30000-Puffs-Discount-Price-Sweden.jpg\" alt=\"Vape Bang 30000 Puffs Precio de Oferta Suecia\" width=\"515\" height=\"515\" srcset=\"https:\/\/vapebulkp.com\/wp-content\/uploads\/2024\/06\/Bang-30000-Puffs-Discount-Price-Sweden.jpg 1080w, https:\/\/vapebulkp.com\/wp-content\/uploads\/2024\/06\/Bang-30000-Puffs-Discount-Price-Sweden-300x300.jpg 300w, https:\/\/vapebulkp.com\/wp-content\/uploads\/2024\/06\/Bang-30000-Puffs-Discount-Price-Sweden-1024x1024.jpg 1024w, https:\/\/vapebulkp.com\/wp-content\/uploads\/2024\/06\/Bang-30000-Puffs-Discount-Price-Sweden-150x150.jpg 150w, https:\/\/vapebulkp.com\/wp-content\/uploads\/2024\/06\/Bang-30000-Puffs-Discount-Price-Sweden-768x768.jpg 768w, https:\/\/vapebulkp.com\/wp-content\/uploads\/2024\/06\/Bang-30000-Puffs-Discount-Price-Sweden-600x600.jpg 600w, https:\/\/vapebulkp.com\/wp-content\/uploads\/2024\/06\/Bang-30000-Puffs-Discount-Price-Sweden-100x100.jpg 100w\" sizes=\"(max-width: 515px) 100vw, 515px\" \/><\/p>\n<h6>Por favor, contacta con el WhatsApp de Mandy para obtener un precio con descuento<a href=\"https:\/\/wa.me\/8618077105796\">+8618077105796<\/a><\/h6>\n<p><img decoding=\"async\" class=\"alignnone wp-image-2151\" src=\"http:\/\/vapebulkp.com\/wp-content\/uploads\/2024\/04\/Mandy-WhatsApp-Randm.jpg\" alt=\"Mandy WhatsApp Aleatorio\" width=\"324\" height=\"330\" \/><\/p>\n<h2>Pensamos que te gustar\u00eda saber sobre Bang con un vapeador de 30000Puffs E-cigarettes:<\/h2>\n<h5>1.\u00bfC\u00f3mo usar el Vapeador Bang 30k Puffs?<\/h5>\n<p>Paso 1. Antes de usar las 30k caladas, retire el tubo de pl\u00e1stico.<\/p>\n<p>Paso 2. Espere unos 3 minutos para que el l\u00edquido entre en la resistencia.<\/p>\n<p>Paso 3. Disfr\u00fatelo<\/p>\n<h5>2.\u00bfC\u00f3mo cargar el vapeador desechable Bang King Vape 30k Puffs?<\/h5>\n<p>No se pueden utilizar cargadores de carga r\u00e1pida. La potencia segura est\u00e1ndar de los cigarrillos electr\u00f3nicos desechables es de 5V 1A.<\/p>\n<p>El tiempo de carga no puede exceder 1 hora. El tiempo de carga seguro es de media hora.<\/p>\n<p><span style=\"color: #ff6600\">Aviso: \u00a1no recargar toda la noche!<\/span><\/p>\n<h5>3.\u00bfCu\u00e1l es la capacidad de e-l\u00edquido del Vapeador Recargable Bang 30000 Puffs Top Sale?<\/h5>\n<p>30 ml<\/p>\n<h5>4.\u00bfCu\u00e1ntas caladas puedo dar de este Big Bang 30k Puffs?<\/h5>\n<p>\u2014\u201330000 caladas<\/p>\n<h3>Caracter\u00edsticas del Vapeador Desechable Bang Con un Vapeador 30000 Puffs:<\/h3>\n<p>&nbsp;<\/p>\n<ul>\n<li>\u00a0L\u00edquido: cartucho de e-l\u00edquido prellenado de 36 ml<\/li>\n<li>Nicotina: 2\/5% Nicotina de Sal<\/li>\n<li>Cargador <strong>:\u00a0<\/strong>Tipo C<\/li>\n<li>\u00a0Bater\u00eda de 550 mAh<\/li>\n<li>\u00a0Resistencia de malla 1.0<\/li>\n<li>\u00a0Recargable Tipo-c<\/li>\n<li>\u00a012 Sabores Disponibles<\/li>\n<\/ul>\n<p>&nbsp;<\/p>\n<h3><strong>Venta al por mayor Bang Vape Desechable 30k Caladas Sabores:<\/strong><\/h3>\n<p>1. sand\u00eda con hielo<br \/>\n2. sand\u00eda con hielo<br \/>\n3. fresa y sand\u00eda<br \/>\n4. fresa y sand\u00eda<br \/>\n5. ar\u00e1ndano con hielo<br \/>\n6. ar\u00e1ndano con hielo<br \/>\n7. red bull<br \/>\n8. red bull<br \/>\n9. ar\u00e1ndano y frambuesa<br \/>\n10. ar\u00e1ndano y frambuesa<br \/>\n11. fresa y kiwi<br \/>\n12. fresa y kiwi<\/p>\n<p><a href=\"https:\/\/vapebulkp.com\/es\/producto\/popular-randm-tornado-7000puffs-disposable-vape-best-price\/\"><span style=\"vertical-align: inherit\">RandM Tornado 7000 Caladas <\/span><\/a><\/p>\n<p><span style=\"vertical-align: inherit\">Encuentra m\u00e1s productos que te puedan gustar:<\/span><em><a href=\"https:\/\/wa.me\/8618077105796\"><span style=\"vertical-align: inherit\">\u00a0C\u00f3mpralo ahora<\/span><\/a><\/em><\/p>\n<p><span style=\"vertical-align: inherit\">Otros vaporizadores que te pueden gustar:<\/span><a href=\"https:\/\/vapebulkp.com\/es\/producto\/bang-with-a-vape-gear-20000-puffs-discount-price\/\"><span style=\"vertical-align: inherit\">Bang Gear Vape 20000 Caladas<\/span><\/a><span style=\"vertical-align: inherit\">\u3001<\/span><a href=\"https:\/\/vapebulkp.com\/es\/producto\/wholesale-randm-tornado-9000-puffs-germany\/\"><span style=\"vertical-align: inherit\">RandM 9000 Caladas<\/span><\/a><span style=\"vertical-align: inherit\">\/ <\/span><a href=\"https:\/\/vapebulkp.com\/es\/producto\/bang-king-12000puffs\/\"><span style=\"vertical-align: inherit\">Bang King 12000 caladas<\/span><\/a><span style=\"vertical-align: inherit\">\/ <\/span><a href=\"https:\/\/vapebulkp.com\/es\/producto\/uzy-qute-800-puffs-original-disposable-vape\/\"><span style=\"vertical-align: inherit\">UZY QUTE 800 caladas<\/span><\/a><\/p>\n<p><span style=\"vertical-align: inherit\">Cigarrillo electr\u00f3nico con forma especial:<\/span><a href=\"https:\/\/vapebulkp.com\/es\/producto\/original-vape-bang-tn-12000-puffs-bang-vape\/\"><span style=\"vertical-align: inherit\"> Bang TN 12000 caladas<\/span><\/a><span style=\"vertical-align: inherit\">\/ <\/span><a href=\"https:\/\/vapebulkp.com\/es\/fi\/producto\/best-price-wga-crystal-pro-max-15k-puffs-original-vape\/\"><span style=\"vertical-align: inherit\">\u00a0WGA Crystal pro max 15k caladas <\/span><\/a><span style=\"vertical-align: inherit\">\/<\/span><a href=\"https:\/\/vapebulkp.com\/es\/producto\/bang-tornado-12000-puffs-rechargeable-disposable-pod\/\"><span style=\"vertical-align: inherit\"> Bang Tornado 12000 caladas<\/span><\/a><\/p>\n<h5>Cualificaci\u00f3n de la producci\u00f3n:<\/h5>\n<p><img decoding=\"async\" class=\"alignnone size-full wp-image-1841\" src=\"http:\/\/vapebulkp.com\/wp-content\/uploads\/2023\/11\/Vape-production-process-2.jpeg\" alt=\"Proceso de producci\u00f3n de vapes\" width=\"650\" height=\"434\" srcset=\"https:\/\/vapebulkp.com\/wp-content\/uploads\/2023\/11\/Vape-production-process-2.jpeg 650w, https:\/\/vapebulkp.com\/wp-content\/uploads\/2023\/11\/Vape-production-process-2-300x200.jpeg 300w, https:\/\/vapebulkp.com\/wp-content\/uploads\/2023\/11\/Vape-production-process-2-600x401.jpeg 600w\" sizes=\"(max-width: 650px) 100vw, 650px\" \/><\/p>\n<p><img decoding=\"async\" class=\"alignnone size-full wp-image-1843\" src=\"http:\/\/vapebulkp.com\/wp-content\/uploads\/2023\/11\/Vape-production-process.jpeg\" alt=\"Proceso de producci\u00f3n de vapes\" width=\"641\" height=\"1026\" srcset=\"https:\/\/vapebulkp.com\/wp-content\/uploads\/2023\/11\/Vape-production-process.jpeg 641w, https:\/\/vapebulkp.com\/wp-content\/uploads\/2023\/11\/Vape-production-process-187x300.jpeg 187w, https:\/\/vapebulkp.com\/wp-content\/uploads\/2023\/11\/Vape-production-process-640x1024.jpeg 640w, https:\/\/vapebulkp.com\/wp-content\/uploads\/2023\/11\/Vape-production-process-600x960.jpeg 600w\" sizes=\"(max-width: 641px) 100vw, 641px\" \/><\/p>\n<h4>Preguntas frecuentes:<\/h4>\n<p>P: \u00bfCu\u00e1l es el MOQ de Best Sale Bang Vape 30000 caladas?<br \/>\nR: El pedido m\u00ednimo es de 100 unidades.<br \/>\nP: \u00bfCu\u00e1l es el plazo de entrega para el vapeador pedido?<br \/>\nR: Generalmente son de 10 a 15 d\u00edas despu\u00e9s del env\u00edo.<br \/>\nP: \u00bfCu\u00e1nto cuesta el env\u00edo?R: El coste de env\u00edo depende del peso.diferentes cantidades tienen diferentes costes de env\u00edo, por favor cont\u00e1ctenos para confirmar el coste de env\u00edo.<\/p>\n<h4>Detalle de env\u00edo:<\/h4>\n<p><span style=\"color: #ff6600\">Tiempo de producci\u00f3n: 5-10 d\u00edas laborables<\/span><br \/>\n<span style=\"color: #ff6600\">Tiempo de env\u00edo: 8-14 d\u00edas laborables<\/span><\/p>\n<p>Todos los productos en nuestra tienda son 100% originales y aut\u00e9nticos, por lo que la compensaci\u00f3n de diez veces por productos falsos es la pol\u00edtica de nuestra tienda. Utilizamos canales log\u00edsticos como UPS\/DHL\/FEDEX\/DPD para entregarle los productos.<\/p>\n<p>Para los paquetes enviados a Espa\u00f1a, generalmente tardan 12 a 15 d\u00edas laborables en llegar. Actualizaremos la informaci\u00f3n de log\u00edstica para usted en tiempo real.<\/p>","protected":false},"excerpt":{"rendered":"<p><strong>Bang 30000 caladas<\/strong> Vapeador Desechable de Doble Sabor Bang Vape 30k Puffs<\/p>\n<p>Por favor, contacta con el WhatsApp de Mandy para obtener un precio con descuento<a href=\"https:\/\/wa.me\/8618077105796\">+8618077105796<\/a><\/p>\n<p><img decoding=\"async\" class=\"alignnone wp-image-2151\" src=\"http:\/\/vapebulkp.com\/wp-content\/uploads\/2024\/04\/Mandy-WhatsApp-Randm.jpg\" alt=\"Mandy WhatsApp Aleatorio\" width=\"297\" height=\"316\" srcset=\"https:\/\/vapebulkp.com\/wp-content\/uploads\/2024\/04\/Mandy-WhatsApp-Randm.jpg 916w, https:\/\/vapebulkp.com\/wp-content\/uploads\/2024\/04\/Mandy-WhatsApp-Randm-282x300.jpg 282w, https:\/\/vapebulkp.com\/wp-content\/uploads\/2024\/04\/Mandy-WhatsApp-Randm-768x817.jpg 768w, https:\/\/vapebulkp.com\/wp-content\/uploads\/2024\/04\/Mandy-WhatsApp-Randm-600x638.jpg 600w\" sizes=\"(max-width: 297px) 100vw, 297px\" \/><\/p>\n<p><span style=\"color: #ff0000\">NOTA: Los precios en nuestro sitio web no incluyen los gastos de env\u00edo<\/span><\/p>\n<p>&nbsp;<\/p>","protected":false},"featured_media":2539,"comment_status":"open","ping_status":"closed","template":"","meta":{"_uag_custom_page_level_css":"","_lmt_disableupdate":"no","_lmt_disable":"","site-sidebar-layout":"default","site-content-layout":"content-boxed-container","ast-site-content-layout":"normal-width-container","site-content-style":"boxed","site-sidebar-style":"unboxed","ast-global-header-display":"","ast-banner-title-visibility":"","ast-main-header-display":"","ast-hfb-above-header-display":"","ast-hfb-below-header-display":"","ast-hfb-mobile-header-display":"","site-post-title":"","ast-breadcrumbs-content":"","ast-featured-img":"","footer-sml-layout":"","theme-transparent-header-meta":"default","adv-header-id-meta":"","stick-header-meta":"","header-above-stick-meta":"","header-main-stick-meta":"","header-below-stick-meta":"","astra-migrate-meta-layouts":"set","_joinchat":[]},"product_cat":[160,153,345,155,33,59,100,34,158,157,154,152,58,84,156,63,32],"product_tag":[139,36,37,41,40],"class_list":["post-2542","product","type-product","status-publish","has-post-thumbnail","hentry","product_cat-30000-puff-disposable-vape","product_cat-hot-disposable-vapes","product_cat-bang-vapes","product_cat-belgium-hot-disposable-vapes","product_cat-france-vape-hot-sale","product_cat-germany-hot-disposable-vape","product_cat-germany-wholesale-vape-shop","product_cat-netherlands-vape-good-sale","product_cat-norway-hot-disposable-vapes","product_cat-poland-hot-disposable-vapes","product_cat-portugal-hot-disposable-vapes","product_cat-spain-hot-disposable-vapes","product_cat-sweden-hot-disposable-vape","product_cat-sweden-wholesale-vape","product_cat-switzerland-hot-disposable-vapes","product_cat-top-sale-disposable-vape","product_cat-vape-hot-sale-this-week","product_tag-30k-puffs","product_tag-good-vape","product_tag-hot-sale-disposable-vape","product_tag-poland-hot-vape","product_tag-sweden-hot-vape","pa_brand-bang-king-vape","desktop-align-left","tablet-align-left","mobile-align-left"],"yoast_head":"<!-- This site is optimized with the Yoast SEO plugin v21.1 - https:\/\/yoast.com\/wordpress\/plugins\/seo\/ -->\n<title>Bang 30k Puffs New Double Taste Good Vape - vapebulkp.com<\/title>\n<meta name=\"description\" content=\"The latest to hit the market is the Bang 30k Puffs New Double Taste Good Vape, a cutting-edge device designed for ultimate vaping enjoyment. This disposable electronic cigarette pen has an amazing 30,000 puffs suction power to ensure long-lasting use.\" \/>\n<meta name=\"robots\" content=\"index, follow, max-snippet:-1, max-image-preview:large, max-video-preview:-1\" \/>\n<link rel=\"canonical\" href=\"https:\/\/vapebulkp.com\/es\/producto\/bang-30k-puffs-new-double-taste-good-vape\/\" \/>\n<meta property=\"og:locale\" content=\"es_ES\" \/>\n<meta property=\"og:type\" content=\"article\" \/>\n<meta property=\"og:title\" content=\"Bang 30k Puffs New Double Taste Good Vape - vapebulkp.com\" \/>\n<meta property=\"og:description\" content=\"The latest to hit the market is the Bang 30k Puffs New Double Taste Good Vape, a cutting-edge device designed for ultimate vaping enjoyment. This disposable electronic cigarette pen has an amazing 30,000 puffs suction power to ensure long-lasting use.\" \/>\n<meta property=\"og:url\" content=\"https:\/\/vapebulkp.com\/es\/producto\/bang-30k-puffs-new-double-taste-good-vape\/\" \/>\n<meta property=\"og:site_name\" content=\"vapebulkp.com\" \/>\n<meta property=\"article:modified_time\" content=\"2025-09-16T09:29:33+00:00\" \/>\n<meta property=\"og:image\" content=\"http:\/\/vapebulkp.com\/wp-content\/uploads\/2024\/06\/Bang-30000-Puffs-Good-Sale-Vape.jpg\" \/>\n\t<meta property=\"og:image:width\" content=\"1080\" \/>\n\t<meta property=\"og:image:height\" content=\"1517\" \/>\n\t<meta property=\"og:image:type\" content=\"image\/jpeg\" \/>\n<meta name=\"twitter:card\" content=\"summary_large_image\" \/>\n<meta name=\"twitter:label1\" content=\"Tiempo de lectura\" \/>\n\t<meta name=\"twitter:data1\" content=\"4 minutos\" \/>\n<script type=\"application\/ld+json\" class=\"yoast-schema-graph\">{\"@context\":\"https:\/\/schema.org\",\"@graph\":[{\"@type\":\"WebPage\",\"@id\":\"https:\/\/vapebulkp.com\/product\/bang-30k-puffs-new-double-taste-good-vape\/\",\"url\":\"https:\/\/vapebulkp.com\/product\/bang-30k-puffs-new-double-taste-good-vape\/\",\"name\":\"Bang 30k Puffs New Double Taste Good Vape - vapebulkp.com\",\"isPartOf\":{\"@id\":\"https:\/\/vapebulkp.com\/#website\"},\"datePublished\":\"2024-06-07T09:26:21+00:00\",\"dateModified\":\"2025-09-16T09:29:33+00:00\",\"description\":\"The latest to hit the market is the Bang 30k Puffs New Double Taste Good Vape, a cutting-edge device designed for ultimate vaping enjoyment. This disposable electronic cigarette pen has an amazing 30,000 puffs suction power to ensure long-lasting use.\",\"breadcrumb\":{\"@id\":\"https:\/\/vapebulkp.com\/product\/bang-30k-puffs-new-double-taste-good-vape\/#breadcrumb\"},\"inLanguage\":\"es\",\"potentialAction\":[{\"@type\":\"ReadAction\",\"target\":[\"https:\/\/vapebulkp.com\/product\/bang-30k-puffs-new-double-taste-good-vape\/\"]}]},{\"@type\":\"BreadcrumbList\",\"@id\":\"https:\/\/vapebulkp.com\/product\/bang-30k-puffs-new-double-taste-good-vape\/#breadcrumb\",\"itemListElement\":[{\"@type\":\"ListItem\",\"position\":1,\"name\":\"Home\",\"item\":\"https:\/\/vapebulkp.com\/\"},{\"@type\":\"ListItem\",\"position\":2,\"name\":\"Hot Trend Vapes\",\"item\":\"https:\/\/vapebulkp.com\/vape-shop\/\"},{\"@type\":\"ListItem\",\"position\":3,\"name\":\"Bang 30k Puffs New Double Taste Good Vape\"}]},{\"@type\":\"WebSite\",\"@id\":\"https:\/\/vapebulkp.com\/#website\",\"url\":\"https:\/\/vapebulkp.com\/\",\"name\":\"vapebulkp.com\",\"description\":\"Buy Vape In Cheap Bulk Price Near you\",\"publisher\":{\"@id\":\"https:\/\/vapebulkp.com\/#organization\"},\"potentialAction\":[{\"@type\":\"SearchAction\",\"target\":{\"@type\":\"EntryPoint\",\"urlTemplate\":\"https:\/\/vapebulkp.com\/?s={search_term_string}\"},\"query-input\":\"required name=search_term_string\"}],\"inLanguage\":\"es\"},{\"@type\":\"Organization\",\"@id\":\"https:\/\/vapebulkp.com\/#organization\",\"name\":\"vapebulkp.com\",\"url\":\"https:\/\/vapebulkp.com\/\",\"logo\":{\"@type\":\"ImageObject\",\"inLanguage\":\"es\",\"@id\":\"https:\/\/vapebulkp.com\/#\/schema\/logo\/image\/\",\"url\":\"https:\/\/vapebulkp.com\/wp-content\/uploads\/2023\/09\/cropped-vapebulkp.png\",\"contentUrl\":\"https:\/\/vapebulkp.com\/wp-content\/uploads\/2023\/09\/cropped-vapebulkp.png\",\"width\":516,\"height\":163,\"caption\":\"vapebulkp.com\"},\"image\":{\"@id\":\"https:\/\/vapebulkp.com\/#\/schema\/logo\/image\/\"}}]}<\/script>\n<!-- \/ Yoast SEO plugin. -->","yoast_head_json":{"title":"Bang 30k Puffs New Double Taste Good Vape - vapebulkp.com","description":"The latest to hit the market is the Bang 30k Puffs New Double Taste Good Vape, a cutting-edge device designed for ultimate vaping enjoyment. This disposable electronic cigarette pen has an amazing 30,000 puffs suction power to ensure long-lasting use.","robots":{"index":"index","follow":"follow","max-snippet":"max-snippet:-1","max-image-preview":"max-image-preview:large","max-video-preview":"max-video-preview:-1"},"canonical":"https:\/\/vapebulkp.com\/es\/producto\/bang-30k-puffs-new-double-taste-good-vape\/","og_locale":"es_ES","og_type":"article","og_title":"Bang 30k Puffs New Double Taste Good Vape - vapebulkp.com","og_description":"The latest to hit the market is the Bang 30k Puffs New Double Taste Good Vape, a cutting-edge device designed for ultimate vaping enjoyment. This disposable electronic cigarette pen has an amazing 30,000 puffs suction power to ensure long-lasting use.","og_url":"https:\/\/vapebulkp.com\/es\/producto\/bang-30k-puffs-new-double-taste-good-vape\/","og_site_name":"vapebulkp.com","article_modified_time":"2025-09-16T09:29:33+00:00","og_image":[{"width":1080,"height":1517,"url":"http:\/\/vapebulkp.com\/wp-content\/uploads\/2024\/06\/Bang-30000-Puffs-Good-Sale-Vape.jpg","type":"image\/jpeg"}],"twitter_card":"summary_large_image","twitter_misc":{"Tiempo de lectura":"4 minutos"},"schema":{"@context":"https:\/\/schema.org","@graph":[{"@type":"WebPage","@id":"https:\/\/vapebulkp.com\/product\/bang-30k-puffs-new-double-taste-good-vape\/","url":"https:\/\/vapebulkp.com\/product\/bang-30k-puffs-new-double-taste-good-vape\/","name":"Bang 30k Puffs New Double Taste Good Vape - vapebulkp.com","isPartOf":{"@id":"https:\/\/vapebulkp.com\/#website"},"datePublished":"2024-06-07T09:26:21+00:00","dateModified":"2025-09-16T09:29:33+00:00","description":"The latest to hit the market is the Bang 30k Puffs New Double Taste Good Vape, a cutting-edge device designed for ultimate vaping enjoyment. This disposable electronic cigarette pen has an amazing 30,000 puffs suction power to ensure long-lasting use.","breadcrumb":{"@id":"https:\/\/vapebulkp.com\/product\/bang-30k-puffs-new-double-taste-good-vape\/#breadcrumb"},"inLanguage":"es","potentialAction":[{"@type":"ReadAction","target":["https:\/\/vapebulkp.com\/product\/bang-30k-puffs-new-double-taste-good-vape\/"]}]},{"@type":"BreadcrumbList","@id":"https:\/\/vapebulkp.com\/product\/bang-30k-puffs-new-double-taste-good-vape\/#breadcrumb","itemListElement":[{"@type":"ListItem","position":1,"name":"Home","item":"https:\/\/vapebulkp.com\/"},{"@type":"ListItem","position":2,"name":"Hot Trend Vapes","item":"https:\/\/vapebulkp.com\/vape-shop\/"},{"@type":"ListItem","position":3,"name":"Bang 30k Puffs New Double Taste Good Vape"}]},{"@type":"WebSite","@id":"https:\/\/vapebulkp.com\/#website","url":"https:\/\/vapebulkp.com\/","name":"vapebulkp.com","description":"Buy Vape In Cheap Bulk Price Near you","publisher":{"@id":"https:\/\/vapebulkp.com\/#organization"},"potentialAction":[{"@type":"SearchAction","target":{"@type":"EntryPoint","urlTemplate":"https:\/\/vapebulkp.com\/?s={search_term_string}"},"query-input":"required name=search_term_string"}],"inLanguage":"es"},{"@type":"Organization","@id":"https:\/\/vapebulkp.com\/#organization","name":"vapebulkp.com","url":"https:\/\/vapebulkp.com\/","logo":{"@type":"ImageObject","inLanguage":"es","@id":"https:\/\/vapebulkp.com\/#\/schema\/logo\/image\/","url":"https:\/\/vapebulkp.com\/wp-content\/uploads\/2023\/09\/cropped-vapebulkp.png","contentUrl":"https:\/\/vapebulkp.com\/wp-content\/uploads\/2023\/09\/cropped-vapebulkp.png","width":516,"height":163,"caption":"vapebulkp.com"},"image":{"@id":"https:\/\/vapebulkp.com\/#\/schema\/logo\/image\/"}}]}},"uagb_featured_image_src":{"full":["https:\/\/vapebulkp.com\/wp-content\/uploads\/2024\/06\/Bang-30000-Puffs-Good-Sale-Vape.jpg",1080,1517,false],"thumbnail":["https:\/\/vapebulkp.com\/wp-content\/uploads\/2024\/06\/Bang-30000-Puffs-Good-Sale-Vape-150x150.jpg",150,150,true],"medium":["https:\/\/vapebulkp.com\/wp-content\/uploads\/2024\/06\/Bang-30000-Puffs-Good-Sale-Vape-214x300.jpg",214,300,true],"medium_large":["https:\/\/vapebulkp.com\/wp-content\/uploads\/2024\/06\/Bang-30000-Puffs-Good-Sale-Vape-768x1079.jpg",768,1079,true],"large":["https:\/\/vapebulkp.com\/wp-content\/uploads\/2024\/06\/Bang-30000-Puffs-Good-Sale-Vape-729x1024.jpg",729,1024,true],"1536x1536":["https:\/\/vapebulkp.com\/wp-content\/uploads\/2024\/06\/Bang-30000-Puffs-Good-Sale-Vape.jpg",1080,1517,false],"2048x2048":["https:\/\/vapebulkp.com\/wp-content\/uploads\/2024\/06\/Bang-30000-Puffs-Good-Sale-Vape.jpg",1080,1517,false],"trp-custom-language-flag":["https:\/\/vapebulkp.com\/wp-content\/uploads\/2024\/06\/Bang-30000-Puffs-Good-Sale-Vape.jpg",9,12,false],"woocommerce_thumbnail":["https:\/\/vapebulkp.com\/wp-content\/uploads\/2024\/06\/Bang-30000-Puffs-Good-Sale-Vape-300x300.jpg",300,300,true],"woocommerce_single":["https:\/\/vapebulkp.com\/wp-content\/uploads\/2024\/06\/Bang-30000-Puffs-Good-Sale-Vape-600x843.jpg",600,843,true],"woocommerce_gallery_thumbnail":["https:\/\/vapebulkp.com\/wp-content\/uploads\/2024\/06\/Bang-30000-Puffs-Good-Sale-Vape-100x100.jpg",100,100,true],"wcpr-photo-reviews":["https:\/\/vapebulkp.com\/wp-content\/uploads\/2024\/06\/Bang-30000-Puffs-Good-Sale-Vape.jpg",356,500,false]},"uagb_author_info":{"display_name":"Mandy vape bulk price","author_link":"https:\/\/vapebulkp.com\/es\/author\/"},"uagb_comment_info":0,"uagb_excerpt":"Bang 30000 Puffs Double Taste Disposable Vape Bang Vape 30k Puffs Pls Contact Mandy's WhatsApp For Discount Price+8618077105796 NOTE: Prices on our website does not include shipping costs &nbsp;","_links":{"self":[{"href":"https:\/\/vapebulkp.com\/es\/wp-json\/wp\/v2\/product\/2542","targetHints":{"allow":["GET"]}}],"collection":[{"href":"https:\/\/vapebulkp.com\/es\/wp-json\/wp\/v2\/product"}],"about":[{"href":"https:\/\/vapebulkp.com\/es\/wp-json\/wp\/v2\/types\/product"}],"replies":[{"embeddable":true,"href":"https:\/\/vapebulkp.com\/es\/wp-json\/wp\/v2\/comments?post=2542"}],"wp:featuredmedia":[{"embeddable":true,"href":"https:\/\/vapebulkp.com\/es\/wp-json\/wp\/v2\/media\/2539"}],"wp:attachment":[{"href":"https:\/\/vapebulkp.com\/es\/wp-json\/wp\/v2\/media?parent=2542"}],"wp:term":[{"taxonomy":"product_cat","embeddable":true,"href":"https:\/\/vapebulkp.com\/es\/wp-json\/wp\/v2\/product_cat?post=2542"},{"taxonomy":"product_tag","embeddable":true,"href":"https:\/\/vapebulkp.com\/es\/wp-json\/wp\/v2\/product_tag?post=2542"}],"curies":[{"name":"wp","href":"https:\/\/api.w.org\/{rel}","templated":true}]}}