{"id":2677,"date":"2024-07-23T03:02:16","date_gmt":"2024-07-23T01:02:16","guid":{"rendered":"https:\/\/vapebulkp.com\/?post_type=product&#038;p=2677"},"modified":"2025-09-24T05:22:37","modified_gmt":"2025-09-24T03:22:37","slug":"hot-selling-brand-vape-mesii-visual-16000puffs-wholesale-price","status":"publish","type":"product","link":"https:\/\/vapebulkp.com\/es\/product\/hot-selling-brand-vape-mesii-visual-16000puffs-wholesale-price\/","title":{"rendered":"Marca de Vape de Venta Caliente Mesii Visual 16000 Caladas Precio al Por Mayor"},"content":{"rendered":"<h2>Marca de Vape de Venta Caliente Mesii Visual 16000 Caladas Precio al Por Mayor<\/h2>\n<p>El Mesii Visual 16000 caladas es un vapeador desechable de alto rendimiento y gran capacidad, dise\u00f1ado para los entusiastas del vapeo en Espa\u00f1a que buscan estilo, comodidad y un sabor consistente. Equipado con una potente bater\u00eda de 600 mAh y una avanzada tecnolog\u00eda de bobina de malla, produce un vapor suave y denso hasta por 16,000 caladas.<\/p>\n<p>Con una gran pantalla digital, el vapeador desechable de 16000 caladas proporciona informaci\u00f3n en tiempo real sobre el nivel de la bater\u00eda, el n\u00famero de caladas y el voltaje ajustable, lo que permite a los vapeadores afinar sus sesiones para obtener la calada perfecta. Viene precargado con e-l\u00edquidos de sal de nicotina de primera calidad y ofrece una amplia gama de sabores, desde el cl\u00e1sico tabaco y mentol hasta mezclas de frutas y postres, para una experiencia de vapeo satisfactoria y duradera.<\/p>\n<p>Compacto y port\u00e1til, este vapeador desechable de larga duraci\u00f3n es ideal para el uso diario, viajes o en entornos sociales. Combinando un dise\u00f1o elegante, funcionalidad avanzada y una bater\u00eda de mayor duraci\u00f3n, el vapeador desechable Mesii 16000 caladas ofrece una soluci\u00f3n vers\u00e1til y confiable tanto para vapeadores nuevos como experimentados.<\/p>\n<p><img decoding=\"async\" class=\"alignnone size-full wp-image-2667\" src=\"http:\/\/vapebulkp.com\/wp-content\/uploads\/2024\/07\/Hot-Vape-MESii-VISUAL-BOX-16000Puffs.jpg\" alt=\"Vape caliente MESii VISUAL BOX 16000Puffs\" width=\"800\" height=\"800\" srcset=\"https:\/\/vapebulkp.com\/wp-content\/uploads\/2024\/07\/Hot-Vape-MESii-VISUAL-BOX-16000Puffs.jpg 800w, https:\/\/vapebulkp.com\/wp-content\/uploads\/2024\/07\/Hot-Vape-MESii-VISUAL-BOX-16000Puffs-300x300.jpg 300w, https:\/\/vapebulkp.com\/wp-content\/uploads\/2024\/07\/Hot-Vape-MESii-VISUAL-BOX-16000Puffs-150x150.jpg 150w, https:\/\/vapebulkp.com\/wp-content\/uploads\/2024\/07\/Hot-Vape-MESii-VISUAL-BOX-16000Puffs-768x768.jpg 768w, https:\/\/vapebulkp.com\/wp-content\/uploads\/2024\/07\/Hot-Vape-MESii-VISUAL-BOX-16000Puffs-600x600.jpg 600w, https:\/\/vapebulkp.com\/wp-content\/uploads\/2024\/07\/Hot-Vape-MESii-VISUAL-BOX-16000Puffs-100x100.jpg 100w\" sizes=\"(max-width: 800px) 100vw, 800px\" \/><\/p>\n<h6>Por favor, contacta con el WhatsApp de Mandy para obtener un precio con descuento<a href=\"https:\/\/wa.me\/8618077105796\">+8618077105796<\/a><\/h6>\n<p><img decoding=\"async\" class=\"alignnone wp-image-2151\" src=\"http:\/\/vapebulkp.com\/wp-content\/uploads\/2024\/04\/Mandy-WhatsApp-Randm.jpg\" alt=\"Mandy WhatsApp Aleatorio\" width=\"263\" height=\"280\" srcset=\"https:\/\/vapebulkp.com\/wp-content\/uploads\/2024\/04\/Mandy-WhatsApp-Randm.jpg 916w, https:\/\/vapebulkp.com\/wp-content\/uploads\/2024\/04\/Mandy-WhatsApp-Randm-282x300.jpg 282w, https:\/\/vapebulkp.com\/wp-content\/uploads\/2024\/04\/Mandy-WhatsApp-Randm-768x817.jpg 768w, https:\/\/vapebulkp.com\/wp-content\/uploads\/2024\/04\/Mandy-WhatsApp-Randm-600x638.jpg 600w\" sizes=\"(max-width: 263px) 100vw, 263px\" \/><\/p>\n<h2><span style=\"vertical-align: inherit\">Creemos que te gustar\u00eda saber m\u00e1s sobre el vapeador popular Mesii 16k caladas:<\/span><\/h2>\n<p>&nbsp;<\/p>\n<h6>1.\u00bfC\u00f3mo usar el vapeador Mesii Visual 16000 caladas con pantalla: Una gu\u00eda paso a paso?<\/h6>\n<p>Usar el vapeador Mesii Visual 16000 caladas es muy f\u00e1cil. Sigue estos sencillos pasos para una experiencia de vapeo \u00f3ptima:<\/p>\n<p>Abre el paquete sellado: Comienza rasgando el envoltorio protector para asegurarte de que el dispositivo se mantenga fresco y listo para usar.<\/p>\n<p>Retira la etiqueta: Despega con cuidado la etiqueta protectora que cubre el vapeador para activarlo.<\/p>\n<p>Prepara el vapeador: Retira suavemente el tap\u00f3n de silicona de la boquilla y deja que el dispositivo repose por unos 10 minutos. Esto permite que el e-l\u00edquido sature completamente la bobina, asegurando un vapor suave desde tu primera calada.<\/p>\n<p>Despu\u00e9s de estos r\u00e1pidos pasos, \u00a1tu vapeador Mesii Visual 16000 caladas con pantalla est\u00e1 listo para usar!<\/p>\n<h6>2.\u00bfC\u00f3mo cargar el dispositivo Mesii Visual 16k caladas?<\/h6>\n<p>Cargar el dispositivo Mesii Visual 16000 caladas: Pautas de seguridad<\/p>\n<p>Cargar tu vapeador Mesii correctamente garantiza su longevidad y uso seguro. Aqu\u00ed tienes los consejos importantes para la carga:<\/p>\n<p>Evita los cargadores r\u00e1pidos: Los adaptadores de carga r\u00e1pida no son adecuados para los vapeadores desechables. En su lugar, usa un cargador est\u00e1ndar con una salida de potencia segura de 5V y 1A.<\/p>\n<p>Supervisa el tiempo de carga: Para evitar el sobrecalentamiento o da\u00f1os a la bater\u00eda, limita cada sesi\u00f3n de carga a 30 minutos. Nunca excedas una hora por carga para m\u00e1xima seguridad y salud de la bater\u00eda.<\/p>\n<p>Seguir estas pautas asegurar\u00e1 que tu dispositivo se mantenga en las mejores condiciones de funcionamiento.<\/p>\n<h6>3.\u00bfCu\u00e1ntas caladas puedes obtener del vapeador Mesii Visual 16000 caladas?<\/h6>\n<p>Como su nombre lo indica, el vapeador Mesii Visual ofrece unas impresionantes 16,000 caladas por dispositivo, lo que lo convierte en uno de los vapeadores desechables m\u00e1s duraderos del mercado. Ya seas un usuario ligero o moderado, este vapeador est\u00e1 dise\u00f1ado para durar, proporcionando una experiencia confiable y llena de sabor.<\/p>\n<p><span style=\"color: #ff6600\">Aviso: \u00a1no recargar toda la noche!<\/span><\/p>\n<h6>4.\u00bfPor qu\u00e9 elegir el vapeador MESii VISUAL 16k Puffs?<\/h6>\n<ul>\n<li><strong>Alta capacidad de caladas<\/strong>: Con 16,000 caladas, ofrece una extensa experiencia de vapeo sin la necesidad de reemplazos frecuentes.<\/li>\n<li><strong>Gran volumen de l\u00edquido<\/strong>: La capacidad de 16ml de l\u00edquido significa menos recargas, brindando conveniencia para usuarios que prefieren menos mantenimiento.<\/li>\n<li><strong>Opciones de nicotina<\/strong>: Ofrece flexibilidad con el contenido de nicotina, variando de 0% (libre de nicotina) a 5% de nicotina de sales l\u00edquidas, atendiendo a diversas preferencias y niveles de tolerancia a la nicotina.<\/li>\n<li><strong>Duraci\u00f3n de la Bater\u00eda<\/strong>: La bater\u00eda de 600mAh proporciona suficiente energ\u00eda para soportar el alto conteo de caladas, asegurando un rendimiento confiable a lo largo de su vida \u00fatil.<\/li>\n<li><strong>Desechable y conveniente<\/strong>: Como un vapeador desechable, elimina la necesidad de recargar o llenar, haci\u00e9ndolo ideal para viajes o situaciones donde la conveniencia es primordial.<\/li>\n<li><strong>Calidad y fiabilidad<\/strong>: Dise\u00f1ado con materiales de calidad y posiblemente con protecciones de seguridad, asegura una experiencia de vapeo segura y placentera.<\/li>\n<\/ul>\n<h3>Caracter\u00edstica del vapeador MESII VISUAL 16k:<\/h3>\n<p>Modelo: MESII VISUAL 16000 Puffs Vapeador de buena venta<br \/>\nCaladas: 16000 caladas<br \/>\nCapacidad de la bater\u00eda: 600mAh<br \/>\nVolumen de l\u00edquido: 16ml<br \/>\nContenido de nicotina: 2%\/\/5% de sal de nicotina<br \/>\nEmpaque: 10 piezas en 1 caja expositora<br \/>\nCantidad m\u00ednima de pedido (MOQ): 100 piezas<\/p>\n<h3><strong>\u00a0Vapeador original MESII VISUAL<\/strong> 16000 Caladas\u00a0 <strong>Lista de Sabores:<\/strong><\/h3>\n<p>1.Tormenta de ar\u00e1ndanos<br \/>\n2.Ar\u00e1ndano Frambuesa Hielo<br \/>\n3.Menta de Miami<br \/>\n4.Melocot\u00f3n helado<br \/>\n5. Sand\u00eda Helada<br \/>\n6. Fruta de drag\u00f3n, pl\u00e1tano y cereza<br \/>\n7. Bayas mixtas<br \/>\n8. Manzana \u00e1cida con hielo<br \/>\n9. Pi\u00f1a y coco<br \/>\n10. Frambuesa y sand\u00eda<br \/>\n11. Sand\u00eda y chicle<br \/>\n12.Fresa sand\u00eda<br \/>\n13. Fresa, frambuesa y cereza<br \/>\n14. Hielo de uva<br \/>\n15.Fresa Kiwi<\/p>\n<p><a href=\"https:\/\/vapebulkp.com\/es\/product\/popular-randm-tornado-7000puffs-disposable-vape-best-price\/\">Randm tornado 7000 caladas<\/a><\/p>\n<p><span style=\"vertical-align: inherit\">Encuentra m\u00e1s productos que te puedan gustar:<\/span><em><a href=\"https:\/\/wa.me\/8618077105796\"><span style=\"vertical-align: inherit\">\u00a0C\u00f3mpralo ahora<\/span><\/a><\/em><\/p>\n<p><span style=\"vertical-align: inherit\">Otros vaporizadores que te pueden gustar:<\/span><a href=\"https:\/\/vapebulkp.com\/es\/product\/good-sale-randm-tornado-10000-puffs-plus\/\"><span style=\"vertical-align: inherit\">RandM 10000 caladas<\/span><\/a><span style=\"vertical-align: inherit\">\u2014Con una capacidad de 10,000 caladas, este dispositivo es uno de los favoritos entre los entusiastas del vapeo.<\/span><\/p>\n<p><a href=\"https:\/\/vapebulkp.com\/es\/product\/wholesale-randm-tornado-9000-puffs-germany\/\"><span style=\"vertical-align: inherit\">RandM Tornado 9000 caladas<\/span><\/a><span style=\"vertical-align: inherit\">\u2014Como el cigarrillo electr\u00f3nico m\u00e1s popular, Randm tiene 9,000 caladas para que disfrutes<\/span><\/p>\n<p><a href=\"https:\/\/vapebulkp.com\/es\/product\/bang-20000-puffs-hot-vape-top-sale-vape\/\"><span style=\"vertical-align: inherit\">Bang\u00a0 \u00a020000 Caladas<\/span><\/a><span style=\"vertical-align: inherit\">\u2014Bang King es una marca popular con modelos \u00fanicos y 20000 caladas<\/span><\/p>\n<p><a href=\"https:\/\/vapebulkp.com\/es\/product\/bang-king-12000puffs\/\"><span style=\"vertical-align: inherit\">Bang King 12000 caladas<\/span><\/a>\u2014-Bang King 12000 caladas es una marca popular con modelos \u00fanicos y 12,000 caladas, otra opci\u00f3n para mejorar tus necesidades de vapeo<\/p>\n<p><span style=\"vertical-align: inherit\">Cigarrillo electr\u00f3nico con forma especial:<\/span><a href=\"https:\/\/vapebulkp.com\/es\/product\/original-vape-bang-tn-12000-puffs-bang-vape\/\"><span style=\"vertical-align: inherit\">Bang TN 12000 caladas<\/span><\/a><span style=\"vertical-align: inherit\">\/ <\/span><a href=\"https:\/\/vapebulkp.com\/es\/product\/vapme-crystal-7000-puffs-original-vape-good-flavor\/\"><span style=\"vertical-align: inherit\">Crystal\u00a0 7000 caladas<\/span><\/a><span style=\"vertical-align: inherit\">\/<\/span><a href=\"https:\/\/vapebulkp.com\/es\/product\/top-sale-waspe-12000puffs-disposable-vape-wholesale-france\/\"><span style=\"vertical-align: inherit\">WASPE 12000 Caladas<\/span><\/a><\/p>\n<p><a href=\"https:\/\/vapebulkp.com\/es\/product\/discount-price-cloud-bar-tn-15000-disposable-vape-raz-bar\/\">Cloud Bar TN 15000 Caladas Vape Original<\/a><\/p>\n<h4>Detalle de env\u00edo:<\/h4>\n<p><span style=\"color: #ff6600\">Tiempo de producci\u00f3n: 5-10 d\u00edas laborables<\/span><br \/>\n<span style=\"color: #ff6600\">Tiempo de env\u00edo: 8-14 d\u00edas laborables<\/span><\/p>\n<p>Todos los productos en nuestra tienda son 100% originales y aut\u00e9nticos, por lo que la compensaci\u00f3n de diez veces por productos falsos es la pol\u00edtica de nuestra tienda. Utilizamos canales log\u00edsticos como UPS\/DHL\/FEDEX\/DPD para entregarle los productos.<\/p>\n<p>Para los paquetes enviados a Espa\u00f1a, generalmente tardan 12 a 15 d\u00edas laborables en llegar. Actualizaremos la informaci\u00f3n de log\u00edstica para usted en tiempo real.<\/p>\n<p>Cont\u00e1ctenos y le ofreceremos Hazebar 12000 caladas para llevar su negocio a lo m\u00e1s alto.<\/p>","protected":false},"excerpt":{"rendered":"<p>Vapeador desechable Mesii Visual 16000 caladas, precio al por mayor<\/p>\n<p><img decoding=\"async\" class=\"alignnone wp-image-2151\" src=\"http:\/\/vapebulkp.com\/wp-content\/uploads\/2024\/04\/Mandy-WhatsApp-Randm.jpg\" alt=\"Mandy WhatsApp Aleatorio\" width=\"238\" height=\"253\" srcset=\"https:\/\/vapebulkp.com\/wp-content\/uploads\/2024\/04\/Mandy-WhatsApp-Randm.jpg 916w, https:\/\/vapebulkp.com\/wp-content\/uploads\/2024\/04\/Mandy-WhatsApp-Randm-282x300.jpg 282w, https:\/\/vapebulkp.com\/wp-content\/uploads\/2024\/04\/Mandy-WhatsApp-Randm-768x817.jpg 768w, https:\/\/vapebulkp.com\/wp-content\/uploads\/2024\/04\/Mandy-WhatsApp-Randm-600x638.jpg 600w\" sizes=\"(max-width: 238px) 100vw, 238px\" \/><\/p>\n<p>Por favor, contacta con el WhatsApp de Mandy para obtener un precio con descuento<a href=\"https:\/\/wa.me\/8618077105796\">+8618077105796<\/a><\/p>\n<p><span style=\"color: #ff0000\">NOTA: Los precios en nuestro sitio web no incluyen los gastos de env\u00edo<\/span><\/p>","protected":false},"featured_media":2664,"comment_status":"open","ping_status":"closed","template":"","meta":{"_uag_custom_page_level_css":"","_lmt_disableupdate":"no","_lmt_disable":"","site-sidebar-layout":"default","site-content-layout":"content-boxed-container","ast-site-content-layout":"normal-width-container","site-content-style":"boxed","site-sidebar-style":"unboxed","ast-global-header-display":"","ast-banner-title-visibility":"","ast-main-header-display":"","ast-hfb-above-header-display":"","ast-hfb-below-header-display":"","ast-hfb-mobile-header-display":"","site-post-title":"","ast-breadcrumbs-content":"","ast-featured-img":"","footer-sml-layout":"","theme-transparent-header-meta":"default","adv-header-id-meta":"","stick-header-meta":"","header-above-stick-meta":"","header-main-stick-meta":"","header-below-stick-meta":"","astra-migrate-meta-layouts":"set","_joinchat":[]},"product_cat":[164,153,155,33,59,100,354,87,34,158,157,154,152,58,84,156,63,32],"product_tag":[36,37,91,105,127,41,71,40],"class_list":["post-2677","product","type-product","status-publish","has-post-thumbnail","hentry","product_cat-16000-puffs-disposable-vape","product_cat-hot-disposable-vapes","product_cat-belgium-hot-disposable-vapes","product_cat-france-vape-hot-sale","product_cat-germany-hot-disposable-vape","product_cat-germany-wholesale-vape-shop","product_cat-mesii-vape","product_cat-minimum-order-quantity-50pcs","product_cat-netherlands-vape-good-sale","product_cat-norway-hot-disposable-vapes","product_cat-poland-hot-disposable-vapes","product_cat-portugal-hot-disposable-vapes","product_cat-spain-hot-disposable-vapes","product_cat-sweden-hot-disposable-vape","product_cat-sweden-wholesale-vape","product_cat-switzerland-hot-disposable-vapes","product_cat-top-sale-disposable-vape","product_cat-vape-hot-sale-this-week","product_tag-good-vape","product_tag-hot-sale-disposable-vape","product_tag-italy-hot-vape","product_tag-jnr","product_tag-original-vape-inr-shisha","product_tag-poland-hot-vape","product_tag-randm","product_tag-sweden-hot-vape","pa_brand-mesii-vape","desktop-align-left","tablet-align-left","mobile-align-left"],"yoast_head":"<!-- This site is optimized with the Yoast SEO plugin v21.1 - https:\/\/yoast.com\/wordpress\/plugins\/seo\/ -->\n<title>Hot Selling Brand Vape Mesii Visual 16000Puffs Wholesale Price - vapebulkp.com<\/title>\n<meta name=\"description\" content=\"Get the Mesii 16000 Puffs Disposable Vape \u2014 a sleek, high-capacity vape with long-lasting battery, adjustable controls, and premium flavors. Perfect for European vaping enthusiasts seeking style and performance.\" \/>\n<meta name=\"robots\" content=\"index, follow, max-snippet:-1, max-image-preview:large, max-video-preview:-1\" \/>\n<link rel=\"canonical\" href=\"https:\/\/vapebulkp.com\/es\/product\/hot-selling-brand-vape-mesii-visual-16000puffs-wholesale-price\/\" \/>\n<meta property=\"og:locale\" content=\"es_ES\" \/>\n<meta property=\"og:type\" content=\"article\" \/>\n<meta property=\"og:title\" content=\"Hot Selling Brand Vape Mesii Visual 16000Puffs Wholesale Price - vapebulkp.com\" \/>\n<meta property=\"og:description\" content=\"Get the Mesii 16000 Puffs Disposable Vape \u2014 a sleek, high-capacity vape with long-lasting battery, adjustable controls, and premium flavors. Perfect for European vaping enthusiasts seeking style and performance.\" \/>\n<meta property=\"og:url\" content=\"https:\/\/vapebulkp.com\/es\/product\/hot-selling-brand-vape-mesii-visual-16000puffs-wholesale-price\/\" \/>\n<meta property=\"og:site_name\" content=\"vapebulkp.com\" \/>\n<meta property=\"article:modified_time\" content=\"2025-09-24T03:22:37+00:00\" \/>\n<meta property=\"og:image\" content=\"http:\/\/vapebulkp.com\/wp-content\/uploads\/2024\/07\/Best-Vape-MESii-VISUAL-BOX-16000Puffs.jpg\" \/>\n\t<meta property=\"og:image:width\" content=\"800\" \/>\n\t<meta property=\"og:image:height\" content=\"800\" \/>\n\t<meta property=\"og:image:type\" content=\"image\/jpeg\" \/>\n<meta name=\"twitter:card\" content=\"summary_large_image\" \/>\n<meta name=\"twitter:label1\" content=\"Tiempo de lectura\" \/>\n\t<meta name=\"twitter:data1\" content=\"5 minutos\" \/>\n<script type=\"application\/ld+json\" class=\"yoast-schema-graph\">{\"@context\":\"https:\/\/schema.org\",\"@graph\":[{\"@type\":\"WebPage\",\"@id\":\"https:\/\/vapebulkp.com\/product\/hot-selling-brand-vape-mesii-visual-16000puffs-wholesale-price\/\",\"url\":\"https:\/\/vapebulkp.com\/product\/hot-selling-brand-vape-mesii-visual-16000puffs-wholesale-price\/\",\"name\":\"Hot Selling Brand Vape Mesii Visual 16000Puffs Wholesale Price - vapebulkp.com\",\"isPartOf\":{\"@id\":\"https:\/\/vapebulkp.com\/#website\"},\"datePublished\":\"2024-07-23T01:02:16+00:00\",\"dateModified\":\"2025-09-24T03:22:37+00:00\",\"description\":\"Get the Mesii 16000 Puffs Disposable Vape \u2014 a sleek, high-capacity vape with long-lasting battery, adjustable controls, and premium flavors. Perfect for European vaping enthusiasts seeking style and performance.\",\"breadcrumb\":{\"@id\":\"https:\/\/vapebulkp.com\/product\/hot-selling-brand-vape-mesii-visual-16000puffs-wholesale-price\/#breadcrumb\"},\"inLanguage\":\"es\",\"potentialAction\":[{\"@type\":\"ReadAction\",\"target\":[\"https:\/\/vapebulkp.com\/product\/hot-selling-brand-vape-mesii-visual-16000puffs-wholesale-price\/\"]}]},{\"@type\":\"BreadcrumbList\",\"@id\":\"https:\/\/vapebulkp.com\/product\/hot-selling-brand-vape-mesii-visual-16000puffs-wholesale-price\/#breadcrumb\",\"itemListElement\":[{\"@type\":\"ListItem\",\"position\":1,\"name\":\"Home\",\"item\":\"https:\/\/vapebulkp.com\/\"},{\"@type\":\"ListItem\",\"position\":2,\"name\":\"Hot Trend Vapes\",\"item\":\"https:\/\/vapebulkp.com\/vape-shop\/\"},{\"@type\":\"ListItem\",\"position\":3,\"name\":\"Hot Selling Brand Vape Mesii Visual 16000Puffs Wholesale Price\"}]},{\"@type\":\"WebSite\",\"@id\":\"https:\/\/vapebulkp.com\/#website\",\"url\":\"https:\/\/vapebulkp.com\/\",\"name\":\"vapebulkp.com\",\"description\":\"Buy Vape In Cheap Bulk Price Near you\",\"publisher\":{\"@id\":\"https:\/\/vapebulkp.com\/#organization\"},\"potentialAction\":[{\"@type\":\"SearchAction\",\"target\":{\"@type\":\"EntryPoint\",\"urlTemplate\":\"https:\/\/vapebulkp.com\/?s={search_term_string}\"},\"query-input\":\"required name=search_term_string\"}],\"inLanguage\":\"es\"},{\"@type\":\"Organization\",\"@id\":\"https:\/\/vapebulkp.com\/#organization\",\"name\":\"vapebulkp.com\",\"url\":\"https:\/\/vapebulkp.com\/\",\"logo\":{\"@type\":\"ImageObject\",\"inLanguage\":\"es\",\"@id\":\"https:\/\/vapebulkp.com\/#\/schema\/logo\/image\/\",\"url\":\"https:\/\/vapebulkp.com\/wp-content\/uploads\/2023\/09\/cropped-vapebulkp.png\",\"contentUrl\":\"https:\/\/vapebulkp.com\/wp-content\/uploads\/2023\/09\/cropped-vapebulkp.png\",\"width\":516,\"height\":163,\"caption\":\"vapebulkp.com\"},\"image\":{\"@id\":\"https:\/\/vapebulkp.com\/#\/schema\/logo\/image\/\"}}]}<\/script>\n<!-- \/ Yoast SEO plugin. -->","yoast_head_json":{"title":"Hot Selling Brand Vape Mesii Visual 16000Puffs Wholesale Price - vapebulkp.com","description":"Get the Mesii 16000 Puffs Disposable Vape \u2014 a sleek, high-capacity vape with long-lasting battery, adjustable controls, and premium flavors. Perfect for European vaping enthusiasts seeking style and performance.","robots":{"index":"index","follow":"follow","max-snippet":"max-snippet:-1","max-image-preview":"max-image-preview:large","max-video-preview":"max-video-preview:-1"},"canonical":"https:\/\/vapebulkp.com\/es\/product\/hot-selling-brand-vape-mesii-visual-16000puffs-wholesale-price\/","og_locale":"es_ES","og_type":"article","og_title":"Hot Selling Brand Vape Mesii Visual 16000Puffs Wholesale Price - vapebulkp.com","og_description":"Get the Mesii 16000 Puffs Disposable Vape \u2014 a sleek, high-capacity vape with long-lasting battery, adjustable controls, and premium flavors. Perfect for European vaping enthusiasts seeking style and performance.","og_url":"https:\/\/vapebulkp.com\/es\/product\/hot-selling-brand-vape-mesii-visual-16000puffs-wholesale-price\/","og_site_name":"vapebulkp.com","article_modified_time":"2025-09-24T03:22:37+00:00","og_image":[{"width":800,"height":800,"url":"http:\/\/vapebulkp.com\/wp-content\/uploads\/2024\/07\/Best-Vape-MESii-VISUAL-BOX-16000Puffs.jpg","type":"image\/jpeg"}],"twitter_card":"summary_large_image","twitter_misc":{"Tiempo de lectura":"5 minutos"},"schema":{"@context":"https:\/\/schema.org","@graph":[{"@type":"WebPage","@id":"https:\/\/vapebulkp.com\/product\/hot-selling-brand-vape-mesii-visual-16000puffs-wholesale-price\/","url":"https:\/\/vapebulkp.com\/product\/hot-selling-brand-vape-mesii-visual-16000puffs-wholesale-price\/","name":"Hot Selling Brand Vape Mesii Visual 16000Puffs Wholesale Price - vapebulkp.com","isPartOf":{"@id":"https:\/\/vapebulkp.com\/#website"},"datePublished":"2024-07-23T01:02:16+00:00","dateModified":"2025-09-24T03:22:37+00:00","description":"Get the Mesii 16000 Puffs Disposable Vape \u2014 a sleek, high-capacity vape with long-lasting battery, adjustable controls, and premium flavors. Perfect for European vaping enthusiasts seeking style and performance.","breadcrumb":{"@id":"https:\/\/vapebulkp.com\/product\/hot-selling-brand-vape-mesii-visual-16000puffs-wholesale-price\/#breadcrumb"},"inLanguage":"es","potentialAction":[{"@type":"ReadAction","target":["https:\/\/vapebulkp.com\/product\/hot-selling-brand-vape-mesii-visual-16000puffs-wholesale-price\/"]}]},{"@type":"BreadcrumbList","@id":"https:\/\/vapebulkp.com\/product\/hot-selling-brand-vape-mesii-visual-16000puffs-wholesale-price\/#breadcrumb","itemListElement":[{"@type":"ListItem","position":1,"name":"Home","item":"https:\/\/vapebulkp.com\/"},{"@type":"ListItem","position":2,"name":"Hot Trend Vapes","item":"https:\/\/vapebulkp.com\/vape-shop\/"},{"@type":"ListItem","position":3,"name":"Hot Selling Brand Vape Mesii Visual 16000Puffs Wholesale Price"}]},{"@type":"WebSite","@id":"https:\/\/vapebulkp.com\/#website","url":"https:\/\/vapebulkp.com\/","name":"vapebulkp.com","description":"Buy Vape In Cheap Bulk Price Near you","publisher":{"@id":"https:\/\/vapebulkp.com\/#organization"},"potentialAction":[{"@type":"SearchAction","target":{"@type":"EntryPoint","urlTemplate":"https:\/\/vapebulkp.com\/?s={search_term_string}"},"query-input":"required name=search_term_string"}],"inLanguage":"es"},{"@type":"Organization","@id":"https:\/\/vapebulkp.com\/#organization","name":"vapebulkp.com","url":"https:\/\/vapebulkp.com\/","logo":{"@type":"ImageObject","inLanguage":"es","@id":"https:\/\/vapebulkp.com\/#\/schema\/logo\/image\/","url":"https:\/\/vapebulkp.com\/wp-content\/uploads\/2023\/09\/cropped-vapebulkp.png","contentUrl":"https:\/\/vapebulkp.com\/wp-content\/uploads\/2023\/09\/cropped-vapebulkp.png","width":516,"height":163,"caption":"vapebulkp.com"},"image":{"@id":"https:\/\/vapebulkp.com\/#\/schema\/logo\/image\/"}}]}},"uagb_featured_image_src":{"full":["https:\/\/vapebulkp.com\/wp-content\/uploads\/2024\/07\/Best-Vape-MESii-VISUAL-BOX-16000Puffs.jpg",800,800,false],"thumbnail":["https:\/\/vapebulkp.com\/wp-content\/uploads\/2024\/07\/Best-Vape-MESii-VISUAL-BOX-16000Puffs-150x150.jpg",150,150,true],"medium":["https:\/\/vapebulkp.com\/wp-content\/uploads\/2024\/07\/Best-Vape-MESii-VISUAL-BOX-16000Puffs-300x300.jpg",300,300,true],"medium_large":["https:\/\/vapebulkp.com\/wp-content\/uploads\/2024\/07\/Best-Vape-MESii-VISUAL-BOX-16000Puffs-768x768.jpg",768,768,true],"large":["https:\/\/vapebulkp.com\/wp-content\/uploads\/2024\/07\/Best-Vape-MESii-VISUAL-BOX-16000Puffs.jpg",800,800,false],"1536x1536":["https:\/\/vapebulkp.com\/wp-content\/uploads\/2024\/07\/Best-Vape-MESii-VISUAL-BOX-16000Puffs.jpg",800,800,false],"2048x2048":["https:\/\/vapebulkp.com\/wp-content\/uploads\/2024\/07\/Best-Vape-MESii-VISUAL-BOX-16000Puffs.jpg",800,800,false],"trp-custom-language-flag":["https:\/\/vapebulkp.com\/wp-content\/uploads\/2024\/07\/Best-Vape-MESii-VISUAL-BOX-16000Puffs.jpg",12,12,false],"woocommerce_thumbnail":["https:\/\/vapebulkp.com\/wp-content\/uploads\/2024\/07\/Best-Vape-MESii-VISUAL-BOX-16000Puffs-300x300.jpg",300,300,true],"woocommerce_single":["https:\/\/vapebulkp.com\/wp-content\/uploads\/2024\/07\/Best-Vape-MESii-VISUAL-BOX-16000Puffs-600x600.jpg",600,600,true],"woocommerce_gallery_thumbnail":["https:\/\/vapebulkp.com\/wp-content\/uploads\/2024\/07\/Best-Vape-MESii-VISUAL-BOX-16000Puffs-100x100.jpg",100,100,true],"wcpr-photo-reviews":["https:\/\/vapebulkp.com\/wp-content\/uploads\/2024\/07\/Best-Vape-MESii-VISUAL-BOX-16000Puffs.jpg",500,500,false]},"uagb_author_info":{"display_name":"Mandy vape bulk price","author_link":"https:\/\/vapebulkp.com\/es\/author\/"},"uagb_comment_info":0,"uagb_excerpt":"Mesii Visual 16000Puffs Wholesale Price Disposable Vape Pls Contact Mandy's WhatsApp For Discount Price+8618077105796 NOTE: Prices on our website does not include shipping costs","_links":{"self":[{"href":"https:\/\/vapebulkp.com\/es\/wp-json\/wp\/v2\/product\/2677","targetHints":{"allow":["GET"]}}],"collection":[{"href":"https:\/\/vapebulkp.com\/es\/wp-json\/wp\/v2\/product"}],"about":[{"href":"https:\/\/vapebulkp.com\/es\/wp-json\/wp\/v2\/types\/product"}],"replies":[{"embeddable":true,"href":"https:\/\/vapebulkp.com\/es\/wp-json\/wp\/v2\/comments?post=2677"}],"wp:featuredmedia":[{"embeddable":true,"href":"https:\/\/vapebulkp.com\/es\/wp-json\/wp\/v2\/media\/2664"}],"wp:attachment":[{"href":"https:\/\/vapebulkp.com\/es\/wp-json\/wp\/v2\/media?parent=2677"}],"wp:term":[{"taxonomy":"product_cat","embeddable":true,"href":"https:\/\/vapebulkp.com\/es\/wp-json\/wp\/v2\/product_cat?post=2677"},{"taxonomy":"product_tag","embeddable":true,"href":"https:\/\/vapebulkp.com\/es\/wp-json\/wp\/v2\/product_tag?post=2677"}],"curies":[{"name":"wp","href":"https:\/\/api.w.org\/{rel}","templated":true}]}}