{"id":2713,"date":"2024-08-07T10:58:18","date_gmt":"2024-08-07T08:58:18","guid":{"rendered":"https:\/\/vapebulkp.com\/?post_type=product&#038;p=2713"},"modified":"2025-09-24T05:24:25","modified_gmt":"2025-09-24T03:24:25","slug":"best-elfworld-i15-pro-disposable-vape-12k-puffs","status":"publish","type":"product","link":"https:\/\/vapebulkp.com\/es\/product\/best-elfworld-i15-pro-disposable-vape-12k-puffs\/","title":{"rendered":"Mejor vaporizador desechable ELFWORLD I15 Pro 12k Puffs"},"content":{"rendered":"<h2 style=\"text-align: left\">Mejor vaporizador desechable ELFWORLD I15 Pro 12k Puffs<\/h2>\n<p data-start=\"396\" data-end=\"774\">El ELFWORLD I15 Pro Vape Desechable 12k Caladas es un <strong data-start=\"454\" data-end=\"487\">vaporizador desechable de alta capacidad<\/strong> dise\u00f1ado para <strong data-start=\"498\" data-end=\"529\">entusiastas del vapeo en Espa\u00f1a<\/strong> que exigen un rendimiento duradero y un sabor premium. Precargado con 18ml de e-l\u00edquido y equipado con una bater\u00eda de 600mAh, <strong data-start=\"646\" data-end=\"678\">vape desechable recargable<\/strong> ofrece alrededor de 12,000 caladas suaves, asegurando un uso prolongado sin interrupciones.<\/p>\n<p data-start=\"776\" data-end=\"1182\">Este dispositivo utiliza tecnolog\u00eda <strong data-start=\"802\" data-end=\"820\">bobina de malla de vapeo<\/strong> avanzada para un vapor rico y denso y un sabor consistente con cada calada. Dise\u00f1ado como un dispositivo de vapeo <strong data-start=\"907\" data-end=\"928\">MTL<\/strong>, ofrece un golpe de garganta satisfactorio y una entrega suave de nicotina al 5% (50mg). La pantalla incorporada muestra claramente la duraci\u00f3n de la bater\u00eda y los niveles de e-l\u00edquido, mientras que la funcionalidad de vapeo recargable r\u00e1pida con <strong data-start=\"1089\" data-end=\"1121\">USB Tipo-C<\/strong> lo mantiene con energ\u00eda de forma r\u00e1pida y eficiente.<\/p>\n<p data-start=\"1184\" data-end=\"1471\">Compacto y ergon\u00f3mico, el I15 Pro es perfecto para el uso diario, viajes o entornos sociales. Combinando un dise\u00f1o elegante con un alto rendimiento, el <a href=\"https:\/\/vapebulkp.com\/es\/product-category\/12000-puffs-disposable-vape\/\"><strong data-start=\"1323\" data-end=\"1354\">Vaper desechable de 12000 caladas<\/strong><\/a> de ELFWORLD es una soluci\u00f3n fiable y premium para los vapeadores que buscan comodidad, estilo y sabor en un solo dispositivo.<\/p>\n<p><img decoding=\"async\" class=\"alignnone wp-image-2706\" src=\"http:\/\/vapebulkp.com\/wp-content\/uploads\/2024\/08\/ELF-WORLD-I15PRO-12k-Puffs-Wholeale-Vape.jpg\" alt=\"ELF WORLD I15PRO 12k Puffs Vape al por mayor\" width=\"426\" height=\"558\" srcset=\"https:\/\/vapebulkp.com\/wp-content\/uploads\/2024\/08\/ELF-WORLD-I15PRO-12k-Puffs-Wholeale-Vape.jpg 1416w, https:\/\/vapebulkp.com\/wp-content\/uploads\/2024\/08\/ELF-WORLD-I15PRO-12k-Puffs-Wholeale-Vape-229x300.jpg 229w, https:\/\/vapebulkp.com\/wp-content\/uploads\/2024\/08\/ELF-WORLD-I15PRO-12k-Puffs-Wholeale-Vape-781x1024.jpg 781w, https:\/\/vapebulkp.com\/wp-content\/uploads\/2024\/08\/ELF-WORLD-I15PRO-12k-Puffs-Wholeale-Vape-768x1007.jpg 768w, https:\/\/vapebulkp.com\/wp-content\/uploads\/2024\/08\/ELF-WORLD-I15PRO-12k-Puffs-Wholeale-Vape-1172x1536.jpg 1172w, https:\/\/vapebulkp.com\/wp-content\/uploads\/2024\/08\/ELF-WORLD-I15PRO-12k-Puffs-Wholeale-Vape-600x786.jpg 600w\" sizes=\"(max-width: 426px) 100vw, 426px\" \/><\/p>\n<h6>Por favor, contacta con el WhatsApp de Mandy para obtener un precio con descuento<a href=\"https:\/\/wa.me\/8618077105796\">+8618077105796<\/a><\/h6>\n<p><img decoding=\"async\" class=\"alignnone wp-image-2151\" src=\"http:\/\/vapebulkp.com\/wp-content\/uploads\/2024\/04\/Mandy-WhatsApp-Randm.jpg\" alt=\"Mandy WhatsApp Aleatorio\" width=\"324\" height=\"330\" \/><\/p>\n<h2>Pensamos que podr\u00eda interesarte saber sobre ELFWORLD Vape 12k Caladas\uff1a<\/h2>\n<h5>1.\u00bfC\u00f3mo usar ELFWORLD I15 Pro Vape 12k Caladas?<\/h5>\n<p>Paso 1. Antes de usar el vape de 12k caladas, desenchufe el tubo de pl\u00e1stico.<\/p>\n<p>Paso 2. Espere unos 3 minutos para que el l\u00edquido entre en la resistencia.<\/p>\n<p>Paso 3. Disfr\u00fatelo<\/p>\n<h5>2.\u00bfC\u00f3mo cargar el Nuevo VAPE ELFWORLD Vape Desechable 12k Caladas?<\/h5>\n<p>No se pueden utilizar cargadores de carga r\u00e1pida. La potencia segura est\u00e1ndar de los cigarrillos electr\u00f3nicos desechables es de 5V 1A.<\/p>\n<p>El tiempo de carga no puede exceder 1 hora. El tiempo de carga seguro es de media hora.<\/p>\n<p><span style=\"color: #ff6600\">Aviso: \u00a1no recargar toda la noche!<\/span><\/p>\n<h5>3.\u00bfCu\u00e1l es la capacidad de e-l\u00edquido del ELFWORLD I15 Pro 12k Caladas?<\/h5>\n<p>18 ml<\/p>\n<h5>4.\u00bfCu\u00e1ntas caladas puedo dar a este dispositivo de vapeo al por mayor ELFWORLD I15 Pro 12000 Puffs?<\/h5>\n<p>\u2014\u201312000 caladas<\/p>\n<h3>Caracter\u00edsticas del vapeador al por mayor ELFWORLD I15 Pro 12k Puffs:<\/h3>\n<p>&nbsp;<\/p>\n<ul>\n<li>18ml de l\u00edquido precargado<\/li>\n<li>5% (50mg) de concentraci\u00f3n de nicotina<\/li>\n<li>Tecnolog\u00eda de bobina de malla<\/li>\n<li>Aproximadamente 12.000 caladas<\/li>\n<li>Bater\u00eda recargable de 600mAh<\/li>\n<li>Pantalla para el nivel de bater\u00eda y de l\u00edquido<\/li>\n<li>Carga USB Tipo-C (cable no incluido)<\/li>\n<li>Mecanismo activado por inhalaci\u00f3n<\/li>\n<li>Vapeo MTL (boca a pulm\u00f3n)<\/li>\n<\/ul>\n<h3><strong>Sabores de vapeador en oferta ELFWORLD I15 Pro 12k Puffs:<\/strong><\/h3>\n<p>1. Sand\u00eda con hielo<br \/>\n2.Ar\u00e1ndano Frambuesa Hielo<br \/>\n3.Fresa helada<br \/>\n4.Vainilla Casta Tabaco<br \/>\n5.Fruta del drag\u00f3n baya<br \/>\n6.Uva de Sakura<br \/>\n7.Melocot\u00f3n mango<br \/>\n8.Caramelo arco\u00edris<br \/>\n9.Menta<br \/>\n10.Frutas del bosque variadas<\/p>\n<p><a href=\"https:\/\/vapebulkp.com\/es\/product\/popular-randm-tornado-7000puffs-disposable-vape-best-price\/\"><span style=\"vertical-align: inherit\">RandM Tornado 7000 Caladas <\/span><\/a><\/p>\n<p><span style=\"vertical-align: inherit\">Encuentra m\u00e1s productos que te puedan gustar:<\/span><em><a href=\"https:\/\/wa.me\/8618077105796\"><span style=\"vertical-align: inherit\">\u00a0C\u00f3mpralo ahora<\/span><\/a><\/em><\/p>\n<p><span style=\"vertical-align: inherit\">Otros vaporizadores que te pueden gustar:<\/span><a href=\"https:\/\/vapebulkp.com\/es\/product\/bang-with-a-vape-gear-20000-puffs-discount-price\/\"><span style=\"vertical-align: inherit\">Bang Gear Vape 20000 Caladas<\/span><\/a><span style=\"vertical-align: inherit\">\u3001<\/span><a href=\"https:\/\/vapebulkp.com\/es\/product\/wholesale-randm-tornado-9000-puffs-germany\/\"><span style=\"vertical-align: inherit\">RandM 9000 Caladas<\/span><\/a><span style=\"vertical-align: inherit\">\/ <\/span><a href=\"https:\/\/vapebulkp.com\/es\/fi\/product\/bang-30k-puffs-new-double-taste-good-vape\/\"><span style=\"vertical-align: inherit\">Vaper Bang 30000 Caladas<\/span><\/a><span style=\"vertical-align: inherit\">\/ <\/span><a href=\"https:\/\/vapebulkp.com\/es\/fi\/product\/uzy-bang-digital-12000puffs-led-display-e-cigarettes\/\"><span style=\"vertical-align: inherit\">UZY Bang Digital 15000 Caladas<\/span><\/a><\/p>\n<p><span style=\"vertical-align: inherit\">Cigarrillo electr\u00f3nico con forma especial:<\/span><a href=\"https:\/\/vapebulkp.com\/es\/product\/uzy-bang-king-12k-disposable-vape-affordable-price\/\"><span style=\"vertical-align: inherit\"> Bang King 12k caladas<\/span><\/a><span style=\"vertical-align: inherit\">\/ <\/span><a href=\"https:\/\/vapebulkp.com\/es\/fi\/product\/best-price-wga-crystal-pro-max-15k-puffs-original-vape\/\"><span style=\"vertical-align: inherit\">\u00a0WGA Crystal pro max 15k caladas <\/span><\/a><span style=\"vertical-align: inherit\">\/<\/span><a href=\"https:\/\/vapebulkp.com\/es\/product\/bang-tornado-12000-puffs-rechargeable-disposable-pod\/\"><span style=\"vertical-align: inherit\"> Bang Tornado 12000 caladas<\/span><\/a><\/p>\n<h5>Cualificaci\u00f3n de la producci\u00f3n:<\/h5>\n<p><img decoding=\"async\" class=\"alignnone size-full wp-image-1841\" src=\"http:\/\/vapebulkp.com\/wp-content\/uploads\/2023\/11\/Vape-production-process-2.jpeg\" alt=\"Proceso de producci\u00f3n de vapes\" width=\"650\" height=\"434\" srcset=\"https:\/\/vapebulkp.com\/wp-content\/uploads\/2023\/11\/Vape-production-process-2.jpeg 650w, https:\/\/vapebulkp.com\/wp-content\/uploads\/2023\/11\/Vape-production-process-2-300x200.jpeg 300w, https:\/\/vapebulkp.com\/wp-content\/uploads\/2023\/11\/Vape-production-process-2-600x401.jpeg 600w\" sizes=\"(max-width: 650px) 100vw, 650px\" \/><\/p>\n<p><img decoding=\"async\" class=\"alignnone size-full wp-image-1843\" src=\"http:\/\/vapebulkp.com\/wp-content\/uploads\/2023\/11\/Vape-production-process.jpeg\" alt=\"Proceso de producci\u00f3n de vapes\" width=\"641\" height=\"1026\" srcset=\"https:\/\/vapebulkp.com\/wp-content\/uploads\/2023\/11\/Vape-production-process.jpeg 641w, https:\/\/vapebulkp.com\/wp-content\/uploads\/2023\/11\/Vape-production-process-187x300.jpeg 187w, https:\/\/vapebulkp.com\/wp-content\/uploads\/2023\/11\/Vape-production-process-640x1024.jpeg 640w, https:\/\/vapebulkp.com\/wp-content\/uploads\/2023\/11\/Vape-production-process-600x960.jpeg 600w\" sizes=\"(max-width: 641px) 100vw, 641px\" \/><\/p>\n<h4>Preguntas frecuentes:<\/h4>\n<p>P: \u00bfCu\u00e1l es el MOQ de EUR Hot Sale Vape ELFWORLD I15 Pro 12k puffs?<br \/>\nR: El pedido m\u00ednimo es de 100 unidades.<br \/>\nP: \u00bfCu\u00e1l es el plazo de entrega para el vapeador pedido?<br \/>\nR: Generalmente son de 10 a 15 d\u00edas despu\u00e9s del env\u00edo.<br \/>\nP: \u00bfCu\u00e1nto cuesta el env\u00edo? R: El costo de env\u00edo depende del peso. Diferentes cantidades tienen diferentes costos de env\u00edo, por favor cont\u00e1ctenos para confirmar el costo de env\u00edo.<\/p>\n<h4>Detalle de env\u00edo:<\/h4>\n<p><span style=\"color: #ff6600\">Tiempo de producci\u00f3n: 5-10 d\u00edas laborables<\/span><br \/>\n<span style=\"color: #ff6600\">Tiempo de env\u00edo: 8-14 d\u00edas laborables<\/span><\/p>\n<p>Todos los productos en nuestra tienda son 100% originales y aut\u00e9nticos, por lo que la compensaci\u00f3n de diez veces por productos falsos es la pol\u00edtica de nuestra tienda. Utilizamos canales log\u00edsticos como UPS\/DHL\/FEDEX\/DPD para entregarle los productos.<\/p>\n<p>Para los paquetes enviados a Espa\u00f1a, generalmente tardan 12 a 15 d\u00edas laborables en llegar. Actualizaremos la informaci\u00f3n de log\u00edstica para usted en tiempo real.<\/p>","protected":false},"excerpt":{"rendered":"<p>El mejor ELFWORLD I15 Pro Vape Desechable 12k Caladas cuenta con un dep\u00f3sito de 18ml de e-l\u00edquido precargado y una bater\u00eda recargable de 600mAh. Tambi\u00e9n incluye una pantalla que muestra tanto la duraci\u00f3n de la bater\u00eda como los niveles de e-l\u00edquido, y puede ofrecer unas impresionantes 12,000 caladas.<\/p>\n<p>Por favor, contacta con el WhatsApp de Mandy para obtener un precio con descuento<a href=\"https:\/\/wa.me\/8618077105796\">+8618077105796<\/a><\/p>\n<p><img decoding=\"async\" class=\"alignnone wp-image-2151\" src=\"http:\/\/vapebulkp.com\/wp-content\/uploads\/2024\/04\/Mandy-WhatsApp-Randm.jpg\" alt=\"Mandy WhatsApp Aleatorio\" width=\"297\" height=\"316\" srcset=\"https:\/\/vapebulkp.com\/wp-content\/uploads\/2024\/04\/Mandy-WhatsApp-Randm.jpg 916w, https:\/\/vapebulkp.com\/wp-content\/uploads\/2024\/04\/Mandy-WhatsApp-Randm-282x300.jpg 282w, https:\/\/vapebulkp.com\/wp-content\/uploads\/2024\/04\/Mandy-WhatsApp-Randm-768x817.jpg 768w, https:\/\/vapebulkp.com\/wp-content\/uploads\/2024\/04\/Mandy-WhatsApp-Randm-600x638.jpg 600w\" sizes=\"(max-width: 297px) 100vw, 297px\" \/><\/p>\n<p><span style=\"color: #ff0000\">NOTA: Los precios en nuestro sitio web no incluyen los gastos de env\u00edo<\/span><\/p>\n<p>&nbsp;<\/p>","protected":false},"featured_media":2707,"comment_status":"open","ping_status":"closed","template":"","meta":{"_uag_custom_page_level_css":"","_lmt_disableupdate":"no","_lmt_disable":"","site-sidebar-layout":"default","site-content-layout":"content-boxed-container","ast-site-content-layout":"normal-width-container","site-content-style":"boxed","site-sidebar-style":"unboxed","ast-global-header-display":"","ast-banner-title-visibility":"","ast-main-header-display":"","ast-hfb-above-header-display":"","ast-hfb-below-header-display":"","ast-hfb-mobile-header-display":"","site-post-title":"","ast-breadcrumbs-content":"","ast-featured-img":"","footer-sml-layout":"","theme-transparent-header-meta":"default","adv-header-id-meta":"","stick-header-meta":"","header-above-stick-meta":"","header-main-stick-meta":"","header-below-stick-meta":"","astra-migrate-meta-layouts":"set","_joinchat":[]},"product_cat":[166,348,33,59,100,87,34,158,157,154,152,58,84,156,63,32],"product_tag":[36,37,41,40],"class_list":["post-2713","product","type-product","status-publish","has-post-thumbnail","hentry","product_cat-12000-puffs-disposable-vape","product_cat-elf-world-vape","product_cat-france-vape-hot-sale","product_cat-germany-hot-disposable-vape","product_cat-germany-wholesale-vape-shop","product_cat-minimum-order-quantity-50pcs","product_cat-netherlands-vape-good-sale","product_cat-norway-hot-disposable-vapes","product_cat-poland-hot-disposable-vapes","product_cat-portugal-hot-disposable-vapes","product_cat-spain-hot-disposable-vapes","product_cat-sweden-hot-disposable-vape","product_cat-sweden-wholesale-vape","product_cat-switzerland-hot-disposable-vapes","product_cat-top-sale-disposable-vape","product_cat-vape-hot-sale-this-week","product_tag-good-vape","product_tag-hot-sale-disposable-vape","product_tag-poland-hot-vape","product_tag-sweden-hot-vape","pa_brand-elf-world-vape","desktop-align-left","tablet-align-left","mobile-align-left"],"yoast_head":"<!-- This site is optimized with the Yoast SEO plugin v21.1 - https:\/\/yoast.com\/wordpress\/plugins\/seo\/ -->\n<title>Best ELFWORLD I15 Pro Disposable Vape 12k Puffs - vapebulkp.com<\/title>\n<meta name=\"description\" content=\"Best ELFWORLD I15 Pro Disposable Vape 12k Puffs features 18ml of pre-filled vape juice, a rechargeable 600mAh battery, and a screen that displays both battery life and juice level. It is capable of delivering up to 12,000 puffs.\" \/>\n<meta name=\"robots\" content=\"index, follow, max-snippet:-1, max-image-preview:large, max-video-preview:-1\" \/>\n<link rel=\"canonical\" href=\"https:\/\/vapebulkp.com\/es\/product\/best-elfworld-i15-pro-disposable-vape-12k-puffs\/\" \/>\n<meta property=\"og:locale\" content=\"es_ES\" \/>\n<meta property=\"og:type\" content=\"article\" \/>\n<meta property=\"og:title\" content=\"Best ELFWORLD I15 Pro Disposable Vape 12k Puffs - vapebulkp.com\" \/>\n<meta property=\"og:description\" content=\"Best ELFWORLD I15 Pro Disposable Vape 12k Puffs features 18ml of pre-filled vape juice, a rechargeable 600mAh battery, and a screen that displays both battery life and juice level. It is capable of delivering up to 12,000 puffs.\" \/>\n<meta property=\"og:url\" content=\"https:\/\/vapebulkp.com\/es\/product\/best-elfworld-i15-pro-disposable-vape-12k-puffs\/\" \/>\n<meta property=\"og:site_name\" content=\"vapebulkp.com\" \/>\n<meta property=\"article:modified_time\" content=\"2025-09-24T03:24:25+00:00\" \/>\n<meta property=\"og:image\" content=\"http:\/\/vapebulkp.com\/wp-content\/uploads\/2024\/08\/ELF-WORLD-I15PRO-12k-Top-Sale-Vape-12k-Puffs-scaled.jpg\" \/>\n\t<meta property=\"og:image:width\" content=\"2560\" \/>\n\t<meta property=\"og:image:height\" content=\"2434\" \/>\n\t<meta property=\"og:image:type\" content=\"image\/jpeg\" \/>\n<meta name=\"twitter:card\" content=\"summary_large_image\" \/>\n<meta name=\"twitter:label1\" content=\"Tiempo de lectura\" \/>\n\t<meta name=\"twitter:data1\" content=\"4 minutos\" \/>\n<script type=\"application\/ld+json\" class=\"yoast-schema-graph\">{\"@context\":\"https:\/\/schema.org\",\"@graph\":[{\"@type\":\"WebPage\",\"@id\":\"https:\/\/vapebulkp.com\/product\/best-elfworld-i15-pro-disposable-vape-12k-puffs\/\",\"url\":\"https:\/\/vapebulkp.com\/product\/best-elfworld-i15-pro-disposable-vape-12k-puffs\/\",\"name\":\"Best ELFWORLD I15 Pro Disposable Vape 12k Puffs - vapebulkp.com\",\"isPartOf\":{\"@id\":\"https:\/\/vapebulkp.com\/#website\"},\"datePublished\":\"2024-08-07T08:58:18+00:00\",\"dateModified\":\"2025-09-24T03:24:25+00:00\",\"description\":\"Best ELFWORLD I15 Pro Disposable Vape 12k Puffs features 18ml of pre-filled vape juice, a rechargeable 600mAh battery, and a screen that displays both battery life and juice level. It is capable of delivering up to 12,000 puffs.\",\"breadcrumb\":{\"@id\":\"https:\/\/vapebulkp.com\/product\/best-elfworld-i15-pro-disposable-vape-12k-puffs\/#breadcrumb\"},\"inLanguage\":\"es\",\"potentialAction\":[{\"@type\":\"ReadAction\",\"target\":[\"https:\/\/vapebulkp.com\/product\/best-elfworld-i15-pro-disposable-vape-12k-puffs\/\"]}]},{\"@type\":\"BreadcrumbList\",\"@id\":\"https:\/\/vapebulkp.com\/product\/best-elfworld-i15-pro-disposable-vape-12k-puffs\/#breadcrumb\",\"itemListElement\":[{\"@type\":\"ListItem\",\"position\":1,\"name\":\"Home\",\"item\":\"https:\/\/vapebulkp.com\/\"},{\"@type\":\"ListItem\",\"position\":2,\"name\":\"Hot Trend Vapes\",\"item\":\"https:\/\/vapebulkp.com\/vape-shop\/\"},{\"@type\":\"ListItem\",\"position\":3,\"name\":\"Best ELFWORLD I15 Pro Disposable Vape 12k Puffs\"}]},{\"@type\":\"WebSite\",\"@id\":\"https:\/\/vapebulkp.com\/#website\",\"url\":\"https:\/\/vapebulkp.com\/\",\"name\":\"vapebulkp.com\",\"description\":\"Buy Vape In Cheap Bulk Price Near you\",\"publisher\":{\"@id\":\"https:\/\/vapebulkp.com\/#organization\"},\"potentialAction\":[{\"@type\":\"SearchAction\",\"target\":{\"@type\":\"EntryPoint\",\"urlTemplate\":\"https:\/\/vapebulkp.com\/?s={search_term_string}\"},\"query-input\":\"required name=search_term_string\"}],\"inLanguage\":\"es\"},{\"@type\":\"Organization\",\"@id\":\"https:\/\/vapebulkp.com\/#organization\",\"name\":\"vapebulkp.com\",\"url\":\"https:\/\/vapebulkp.com\/\",\"logo\":{\"@type\":\"ImageObject\",\"inLanguage\":\"es\",\"@id\":\"https:\/\/vapebulkp.com\/#\/schema\/logo\/image\/\",\"url\":\"https:\/\/vapebulkp.com\/wp-content\/uploads\/2023\/09\/cropped-vapebulkp.png\",\"contentUrl\":\"https:\/\/vapebulkp.com\/wp-content\/uploads\/2023\/09\/cropped-vapebulkp.png\",\"width\":516,\"height\":163,\"caption\":\"vapebulkp.com\"},\"image\":{\"@id\":\"https:\/\/vapebulkp.com\/#\/schema\/logo\/image\/\"}}]}<\/script>\n<!-- \/ Yoast SEO plugin. -->","yoast_head_json":{"title":"Best ELFWORLD I15 Pro Disposable Vape 12k Puffs - vapebulkp.com","description":"Best ELFWORLD I15 Pro Disposable Vape 12k Puffs features 18ml of pre-filled vape juice, a rechargeable 600mAh battery, and a screen that displays both battery life and juice level. It is capable of delivering up to 12,000 puffs.","robots":{"index":"index","follow":"follow","max-snippet":"max-snippet:-1","max-image-preview":"max-image-preview:large","max-video-preview":"max-video-preview:-1"},"canonical":"https:\/\/vapebulkp.com\/es\/product\/best-elfworld-i15-pro-disposable-vape-12k-puffs\/","og_locale":"es_ES","og_type":"article","og_title":"Best ELFWORLD I15 Pro Disposable Vape 12k Puffs - vapebulkp.com","og_description":"Best ELFWORLD I15 Pro Disposable Vape 12k Puffs features 18ml of pre-filled vape juice, a rechargeable 600mAh battery, and a screen that displays both battery life and juice level. It is capable of delivering up to 12,000 puffs.","og_url":"https:\/\/vapebulkp.com\/es\/product\/best-elfworld-i15-pro-disposable-vape-12k-puffs\/","og_site_name":"vapebulkp.com","article_modified_time":"2025-09-24T03:24:25+00:00","og_image":[{"width":2560,"height":2434,"url":"http:\/\/vapebulkp.com\/wp-content\/uploads\/2024\/08\/ELF-WORLD-I15PRO-12k-Top-Sale-Vape-12k-Puffs-scaled.jpg","type":"image\/jpeg"}],"twitter_card":"summary_large_image","twitter_misc":{"Tiempo de lectura":"4 minutos"},"schema":{"@context":"https:\/\/schema.org","@graph":[{"@type":"WebPage","@id":"https:\/\/vapebulkp.com\/product\/best-elfworld-i15-pro-disposable-vape-12k-puffs\/","url":"https:\/\/vapebulkp.com\/product\/best-elfworld-i15-pro-disposable-vape-12k-puffs\/","name":"Best ELFWORLD I15 Pro Disposable Vape 12k Puffs - vapebulkp.com","isPartOf":{"@id":"https:\/\/vapebulkp.com\/#website"},"datePublished":"2024-08-07T08:58:18+00:00","dateModified":"2025-09-24T03:24:25+00:00","description":"Best ELFWORLD I15 Pro Disposable Vape 12k Puffs features 18ml of pre-filled vape juice, a rechargeable 600mAh battery, and a screen that displays both battery life and juice level. It is capable of delivering up to 12,000 puffs.","breadcrumb":{"@id":"https:\/\/vapebulkp.com\/product\/best-elfworld-i15-pro-disposable-vape-12k-puffs\/#breadcrumb"},"inLanguage":"es","potentialAction":[{"@type":"ReadAction","target":["https:\/\/vapebulkp.com\/product\/best-elfworld-i15-pro-disposable-vape-12k-puffs\/"]}]},{"@type":"BreadcrumbList","@id":"https:\/\/vapebulkp.com\/product\/best-elfworld-i15-pro-disposable-vape-12k-puffs\/#breadcrumb","itemListElement":[{"@type":"ListItem","position":1,"name":"Home","item":"https:\/\/vapebulkp.com\/"},{"@type":"ListItem","position":2,"name":"Hot Trend Vapes","item":"https:\/\/vapebulkp.com\/vape-shop\/"},{"@type":"ListItem","position":3,"name":"Best ELFWORLD I15 Pro Disposable Vape 12k Puffs"}]},{"@type":"WebSite","@id":"https:\/\/vapebulkp.com\/#website","url":"https:\/\/vapebulkp.com\/","name":"vapebulkp.com","description":"Buy Vape In Cheap Bulk Price Near you","publisher":{"@id":"https:\/\/vapebulkp.com\/#organization"},"potentialAction":[{"@type":"SearchAction","target":{"@type":"EntryPoint","urlTemplate":"https:\/\/vapebulkp.com\/?s={search_term_string}"},"query-input":"required name=search_term_string"}],"inLanguage":"es"},{"@type":"Organization","@id":"https:\/\/vapebulkp.com\/#organization","name":"vapebulkp.com","url":"https:\/\/vapebulkp.com\/","logo":{"@type":"ImageObject","inLanguage":"es","@id":"https:\/\/vapebulkp.com\/#\/schema\/logo\/image\/","url":"https:\/\/vapebulkp.com\/wp-content\/uploads\/2023\/09\/cropped-vapebulkp.png","contentUrl":"https:\/\/vapebulkp.com\/wp-content\/uploads\/2023\/09\/cropped-vapebulkp.png","width":516,"height":163,"caption":"vapebulkp.com"},"image":{"@id":"https:\/\/vapebulkp.com\/#\/schema\/logo\/image\/"}}]}},"uagb_featured_image_src":{"full":["https:\/\/vapebulkp.com\/wp-content\/uploads\/2024\/08\/ELF-WORLD-I15PRO-12k-Top-Sale-Vape-12k-Puffs-scaled.jpg",2560,2434,false],"thumbnail":["https:\/\/vapebulkp.com\/wp-content\/uploads\/2024\/08\/ELF-WORLD-I15PRO-12k-Top-Sale-Vape-12k-Puffs-150x150.jpg",150,150,true],"medium":["https:\/\/vapebulkp.com\/wp-content\/uploads\/2024\/08\/ELF-WORLD-I15PRO-12k-Top-Sale-Vape-12k-Puffs-300x285.jpg",300,285,true],"medium_large":["https:\/\/vapebulkp.com\/wp-content\/uploads\/2024\/08\/ELF-WORLD-I15PRO-12k-Top-Sale-Vape-12k-Puffs-768x730.jpg",768,730,true],"large":["https:\/\/vapebulkp.com\/wp-content\/uploads\/2024\/08\/ELF-WORLD-I15PRO-12k-Top-Sale-Vape-12k-Puffs-1024x974.jpg",1024,974,true],"1536x1536":["https:\/\/vapebulkp.com\/wp-content\/uploads\/2024\/08\/ELF-WORLD-I15PRO-12k-Top-Sale-Vape-12k-Puffs-1536x1461.jpg",1536,1461,true],"2048x2048":["https:\/\/vapebulkp.com\/wp-content\/uploads\/2024\/08\/ELF-WORLD-I15PRO-12k-Top-Sale-Vape-12k-Puffs-2048x1947.jpg",2048,1947,true],"trp-custom-language-flag":["https:\/\/vapebulkp.com\/wp-content\/uploads\/2024\/08\/ELF-WORLD-I15PRO-12k-Top-Sale-Vape-12k-Puffs-scaled.jpg",13,12,false],"woocommerce_thumbnail":["https:\/\/vapebulkp.com\/wp-content\/uploads\/2024\/08\/ELF-WORLD-I15PRO-12k-Top-Sale-Vape-12k-Puffs-300x300.jpg",300,300,true],"woocommerce_single":["https:\/\/vapebulkp.com\/wp-content\/uploads\/2024\/08\/ELF-WORLD-I15PRO-12k-Top-Sale-Vape-12k-Puffs-600x571.jpg",600,571,true],"woocommerce_gallery_thumbnail":["https:\/\/vapebulkp.com\/wp-content\/uploads\/2024\/08\/ELF-WORLD-I15PRO-12k-Top-Sale-Vape-12k-Puffs-100x100.jpg",100,100,true],"wcpr-photo-reviews":["https:\/\/vapebulkp.com\/wp-content\/uploads\/2024\/08\/ELF-WORLD-I15PRO-12k-Top-Sale-Vape-12k-Puffs-scaled.jpg",500,475,false]},"uagb_author_info":{"display_name":"Mandy vape bulk price","author_link":"https:\/\/vapebulkp.com\/es\/author\/"},"uagb_comment_info":0,"uagb_excerpt":"Best ELFWORLD I15 Pro Disposable Vape 12k Puffs features an 18ml reservoir of pre-filled vape juice and a rechargeable 600mAh battery. It also includes a screen that displays both battery life and juice levels, and it can deliver an impressive 12,000 puffs. Pls Contact Mandy's WhatsApp For Discount Price+8618077105796 NOTE: Prices on our website does&hellip;","_links":{"self":[{"href":"https:\/\/vapebulkp.com\/es\/wp-json\/wp\/v2\/product\/2713","targetHints":{"allow":["GET"]}}],"collection":[{"href":"https:\/\/vapebulkp.com\/es\/wp-json\/wp\/v2\/product"}],"about":[{"href":"https:\/\/vapebulkp.com\/es\/wp-json\/wp\/v2\/types\/product"}],"replies":[{"embeddable":true,"href":"https:\/\/vapebulkp.com\/es\/wp-json\/wp\/v2\/comments?post=2713"}],"wp:featuredmedia":[{"embeddable":true,"href":"https:\/\/vapebulkp.com\/es\/wp-json\/wp\/v2\/media\/2707"}],"wp:attachment":[{"href":"https:\/\/vapebulkp.com\/es\/wp-json\/wp\/v2\/media?parent=2713"}],"wp:term":[{"taxonomy":"product_cat","embeddable":true,"href":"https:\/\/vapebulkp.com\/es\/wp-json\/wp\/v2\/product_cat?post=2713"},{"taxonomy":"product_tag","embeddable":true,"href":"https:\/\/vapebulkp.com\/es\/wp-json\/wp\/v2\/product_tag?post=2713"}],"curies":[{"name":"wp","href":"https:\/\/api.w.org\/{rel}","templated":true}]}}