{"id":2944,"date":"2024-09-25T11:22:53","date_gmt":"2024-09-25T09:22:53","guid":{"rendered":"https:\/\/vapebulkp.com\/?post_type=product&#038;p=2944"},"modified":"2025-09-24T05:18:39","modified_gmt":"2025-09-24T03:18:39","slug":"bang-box-s1-15000puff-europe-warehouse-bulk-price-vape","status":"publish","type":"product","link":"https:\/\/vapebulkp.com\/es\/product\/bang-box-s1-15000puff-europe-warehouse-bulk-price-vape\/","title":{"rendered":"Bang Box S1-15000 Caladas Vape con Precio al por Mayor en Almac\u00e9n Europeo"},"content":{"rendered":"<h2 style=\"text-align: left\">Bang Box S1-15000 Caladas Vape con Precio al por Mayor en Almac\u00e9n Europeo<\/h2>\n<p data-start=\"405\" data-end=\"707\">El <strong data-start=\"459\" data-end=\"484\">Bang Box S1-15000puffs<\/strong> es un <strong data-start=\"490\" data-end=\"529\">Vape Desechable Premium de 15000 Puffs<\/strong> dise\u00f1ado para el mercado de vapeo europeo. Alimentado por una bater\u00eda de cobalto puro de 13450-650 con descarga de 5A, garantiza una salida estable y un rendimiento fiable para un vapeo de alta capacidad.<\/p>\n<p data-start=\"709\" data-end=\"961\">Con tecnolog\u00eda avanzada <strong data-start=\"728\" data-end=\"752\">bobina de malla<\/strong> y un n\u00facleo de 0.8\u03a9, ofrece una producci\u00f3n de vapor suave, un rico sabor a sal de nicotina y golpes de garganta consistentes. La gran capacidad de 25ml de e-l\u00edquido soporta <strong data-start=\"904\" data-end=\"934\">sesiones de vapeo de larga duraci\u00f3n<\/strong> con hasta 15.000 caladas.<\/p>\n<p data-start=\"963\" data-end=\"1199\">Disponible en m\u00faltiples <strong data-start=\"985\" data-end=\"1014\">\u00a0sabores de vapeo<\/strong> como Fresa Kiwi, Sand\u00eda Hielo, Ar\u00e1ndano \u00c1cido Hielo y Mango Melocot\u00f3n Sand\u00eda, el <strong data-start=\"1103\" data-end=\"1128\">Bang Box S1-15000puffs<\/strong> est\u00e1 dise\u00f1ado para vapeadores que valoran la variedad de sabores y la calidad premium.<\/p>\n<p data-start=\"1201\" data-end=\"1415\">Perfecto para <a href=\"https:\/\/vapebulkp.com\/es\/ot-disposable-vapes-europe\/\"><strong data-start=\"1213\" data-end=\"1248\">pedidos al por mayor de vapeo en Europa<\/strong><\/a>, este <a href=\"https:\/\/vapebulkp.com\/es\/product-category\/15000-puffs-disposable-vape\/\"><strong>Vaper desechable de 15000 caladas<\/strong><\/a> combina conveniencia, rendimiento y estilo. Enviado directamente desde almacenes de la UE para una entrega r\u00e1pida y una fiabilidad de confianza.<\/p>\n<h6 style=\"text-align: left\"><img decoding=\"async\" class=\"alignnone wp-image-2932\" src=\"http:\/\/vapebulkp.com\/wp-content\/uploads\/2024\/09\/Bang-Box-15k-puff-New-Bang-Vape-Germany.png\" alt=\"Bang Box 15k puff Nuevo Bang Vape Espa\u00f1a\" width=\"848\" height=\"477\" srcset=\"https:\/\/vapebulkp.com\/wp-content\/uploads\/2024\/09\/Bang-Box-15k-puff-New-Bang-Vape-Germany.png 1500w, https:\/\/vapebulkp.com\/wp-content\/uploads\/2024\/09\/Bang-Box-15k-puff-New-Bang-Vape-Germany-300x169.png 300w, https:\/\/vapebulkp.com\/wp-content\/uploads\/2024\/09\/Bang-Box-15k-puff-New-Bang-Vape-Germany-1024x576.png 1024w, https:\/\/vapebulkp.com\/wp-content\/uploads\/2024\/09\/Bang-Box-15k-puff-New-Bang-Vape-Germany-768x432.png 768w, https:\/\/vapebulkp.com\/wp-content\/uploads\/2024\/09\/Bang-Box-15k-puff-New-Bang-Vape-Germany-600x338.png 600w\" sizes=\"(max-width: 848px) 100vw, 848px\" \/><\/h6>\n<h6><\/h6>\n<h6>Por favor, contacta con el WhatsApp de Mandy para obtener un precio con descuento<a href=\"https:\/\/wa.me\/8618077105796\">+8618077105796<\/a><\/h6>\n<p><img decoding=\"async\" class=\"alignnone wp-image-2151\" src=\"http:\/\/vapebulkp.com\/wp-content\/uploads\/2024\/04\/Mandy-WhatsApp-Randm.jpg\" alt=\"Mandy WhatsApp Aleatorio\" width=\"287\" height=\"305\" srcset=\"https:\/\/vapebulkp.com\/wp-content\/uploads\/2024\/04\/Mandy-WhatsApp-Randm.jpg 916w, https:\/\/vapebulkp.com\/wp-content\/uploads\/2024\/04\/Mandy-WhatsApp-Randm-282x300.jpg 282w, https:\/\/vapebulkp.com\/wp-content\/uploads\/2024\/04\/Mandy-WhatsApp-Randm-768x817.jpg 768w, https:\/\/vapebulkp.com\/wp-content\/uploads\/2024\/04\/Mandy-WhatsApp-Randm-600x638.jpg 600w\" sizes=\"(max-width: 287px) 100vw, 287px\" \/><\/p>\n<h2>Pensamos que te gustar\u00eda saber sobre los kits de vapeo port\u00e1tiles Bang Box S1-15000puffs Kits de Vapeo:<\/h2>\n<p>&nbsp;<\/p>\n<h6><span style=\"color: #ff0000\"><strong>P1: \u00bfQu\u00e9 hace que el Bang Box S1-15000 Puff destaque en el mercado de vapeo desechable?<\/strong><\/span><\/h6>\n<p>&nbsp;<\/p>\n<p><strong>A:<\/strong> El Bang Box S1-15000 Puff se distingue por su robusta bater\u00eda de cobalto puro de 13450-650, que ofrece una potente descarga de 5A. Esto, combinado con su generosa capacidad de aceite de 25ml y su avanzado n\u00facleo de malla de 0.8 ohm, garantiza una experiencia de vapeo duradera y sabrosa.<\/p>\n<h6><span style=\"color: #ff0000\">P2: \u00bfCu\u00e1ntas caladas puedo esperar del Bang Box S1-15000 Puff?<\/span><\/h6>\n<p>&nbsp;<\/p>\n<p><strong>A:<\/strong> Como su nombre indica, este kit de vapeo ofrece unas impresionantes 15.000 caladas, lo que lo convierte en una excelente opci\u00f3n para aquellos que buscan un<strong> vaporizador desechable de alta capacidad<\/strong> que dure m\u00e1s que las opciones t\u00edpicas disponibles en Europa.<\/p>\n<h6><span style=\"color: #ff0000\"><strong>P3: \u00bfEs el Bang Box S1-15000 Puff f\u00e1cil de usar para principiantes?<\/strong><\/span><\/h6>\n<p><strong>A:<\/strong> \u00a1Absolutamente! Dise\u00f1ado para la comodidad, este <strong>Vaper Bang<\/strong> kit es perfecto tanto para principiantes como para usuarios experimentados. Su funcionamiento sencillo lo convierte en una opci\u00f3n popular para quienes se inician en el vapeo en Europa.<\/p>\n<h6><span style=\"color: #ff0000\"><strong>P4: \u00bfD\u00f3nde puedo comprar el kit de vapeo Bang Box S1-15000 Puff en Europa?<\/strong><\/span><\/h6>\n<p><strong>A:<\/strong> Puedes encontrar el Bang Box S1-15000 Puff en varios minoristas en l\u00ednea y tiendas de vapeo locales. Busca proveedores de confianza que se centren en <strong>vapeadores desechables de alta calidad<\/strong> para asegurarte de obtener la mejor experiencia.<\/p>\n<h6><span style=\"color: #ff0000\"><strong>P5: \u00bfHay alguna caracter\u00edstica especial para mejorar mi experiencia de vapeo?<\/strong><\/span><\/h6>\n<p><strong>A:<\/strong> \u00a1S\u00ed! El Bang Box S1-15000 Puff cuenta con un n\u00facleo de malla de \u00faltima generaci\u00f3n, que mejora la entrega de sabor y la producci\u00f3n de vapor. Esta tecnolog\u00eda innovadora lo convierte en uno de los favoritos entre los vapeadores que buscan sabores ricos y satisfactorios.<\/p>\n<h3>\u00a0Caracter\u00edsticas del Pod de Vapeo al por Mayor Bang Box S1-15000 Puffs:<\/h3>\n<p>Hasta 15000 caladas<br \/>\nL\u00edquido: 25 ml de e-l\u00edquido<br \/>\nNic: 0% 2% 3% 5%<br \/>\nTipos: Desechable<br \/>\nbater\u00eda de 650 mAh<br \/>\nRecargable Tipo-c<br \/>\nBobina de malla de 1.0<br \/>\nLuz LED de color<\/p>\n<p>&nbsp;<\/p>\n<h3><strong>Sabores de vapeo duraderos <\/strong>Variedad de sabores del Bang Box S1-15000 puff:<\/h3>\n<p>1.Fresa kiwi<br \/>\n2. Melocot\u00f3n helado<br \/>\n3. Fresa Sand\u00eda<br \/>\n4.Frambuesa sand\u00eda<br \/>\n5.Triple baya helada<br \/>\n6.Sand\u00eda helada<br \/>\n7. mango fresa<br \/>\n8.Mango melocot\u00f3n sand\u00eda<br \/>\n9.Hielo de frambuesa azul<br \/>\n10.Sr. Azul<br \/>\n11.Hielo de drag\u00f3n negro<br \/>\n12. Fresa UVA<\/p>\n<p><a href=\"https:\/\/vapebulkp.com\/es\/product\/popular-randm-tornado-7000puffs-disposable-vape-best-price\/\"><span style=\"vertical-align: inherit\">RandM Tornado 7000 Caladas <\/span><\/a><\/p>\n<p><span style=\"vertical-align: inherit\">Encuentra m\u00e1s productos que te puedan gustar:<\/span><em><a href=\"https:\/\/wa.me\/8618077105796\"><span style=\"vertical-align: inherit\">\u00a0C\u00f3mpralo ahora<\/span><\/a><\/em><\/p>\n<p><span style=\"vertical-align: inherit\">Otros vaporizadores que te pueden gustar:<\/span><a href=\"https:\/\/vapebulkp.com\/es\/product\/joymy-ultra15000puffs-best-disposable-vape-2023\/\"><span style=\"vertical-align: inherit\">JOYMY 15000 caladas<\/span><\/a><span style=\"vertical-align: inherit\">\u3001<\/span><a href=\"https:\/\/vapebulkp.com\/es\/product\/wholesale-randm-tornado-9000-puffs-germany\/\"><span style=\"vertical-align: inherit\">RandM 9000 Caladas<\/span><\/a><span style=\"vertical-align: inherit\">\/ <\/span><a href=\"https:\/\/vapebulkp.com\/es\/product\/bang-king-12000puffs\/\"><span style=\"vertical-align: inherit\">Bang King 12000 caladas<\/span><\/a><span style=\"vertical-align: inherit\">\/ <\/span><a href=\"https:\/\/vapebulkp.com\/es\/product\/wholesale-tornado-rum-bar-9000-puffs-sweden\/\"><span style=\"vertical-align: inherit\">Rumbar 9000 Caladas<\/span><\/a><\/p>\n<p><span style=\"vertical-align: inherit\">Cigarrillo electr\u00f3nico con forma especial:<\/span><a href=\"https:\/\/vapebulkp.com\/es\/product\/wholesale-kulx-8000-puffs-disposable-vape\/\"><span style=\"vertical-align: inherit\">\u00a0Kulx 8000 Caladas<\/span><\/a><span style=\"vertical-align: inherit\">\/ <\/span><a href=\"https:\/\/vapebulkp.com\/es\/product\/popular-bang-king-10000-puffs-vape-good-price\/\"><span style=\"vertical-align: inherit\">\u00a0Bang King 10000 caladas <\/span><\/a><span style=\"vertical-align: inherit\">\/<\/span><a href=\"https:\/\/vapebulkp.com\/es\/product\/disposable-vape-crystal-600-puffs\/\"><span style=\"vertical-align: inherit\"> Cristal 600 caladas<\/span><\/a><\/p>\n<h5>Cualificaci\u00f3n de la producci\u00f3n:<\/h5>\n<p><img decoding=\"async\" class=\"alignnone size-full wp-image-1841\" src=\"http:\/\/vapebulkp.com\/wp-content\/uploads\/2023\/11\/Vape-production-process-2.jpeg\" alt=\"Proceso de producci\u00f3n de vapes\" width=\"650\" height=\"434\" srcset=\"https:\/\/vapebulkp.com\/wp-content\/uploads\/2023\/11\/Vape-production-process-2.jpeg 650w, https:\/\/vapebulkp.com\/wp-content\/uploads\/2023\/11\/Vape-production-process-2-300x200.jpeg 300w, https:\/\/vapebulkp.com\/wp-content\/uploads\/2023\/11\/Vape-production-process-2-600x401.jpeg 600w\" sizes=\"(max-width: 650px) 100vw, 650px\" \/><\/p>\n<p><img decoding=\"async\" class=\"alignnone size-full wp-image-1843\" src=\"http:\/\/vapebulkp.com\/wp-content\/uploads\/2023\/11\/Vape-production-process.jpeg\" alt=\"Proceso de producci\u00f3n de vapes\" width=\"641\" height=\"1026\" srcset=\"https:\/\/vapebulkp.com\/wp-content\/uploads\/2023\/11\/Vape-production-process.jpeg 641w, https:\/\/vapebulkp.com\/wp-content\/uploads\/2023\/11\/Vape-production-process-187x300.jpeg 187w, https:\/\/vapebulkp.com\/wp-content\/uploads\/2023\/11\/Vape-production-process-640x1024.jpeg 640w, https:\/\/vapebulkp.com\/wp-content\/uploads\/2023\/11\/Vape-production-process-600x960.jpeg 600w\" sizes=\"(max-width: 641px) 100vw, 641px\" \/><\/p>\n<h5>Preguntas frecuentes:<\/h5>\n<p>P: \u00bfCu\u00e1l es el MOQ de los dispositivos de vapeo para principiantes Bang Box S1-15000 caladas?<br \/>\nR: El pedido m\u00ednimo es de 50 unidades.<br \/>\nP: \u00bfCu\u00e1l es el plazo de entrega para el vapeador pedido?<br \/>\nR: Generalmente son de 10 a 15 d\u00edas despu\u00e9s del env\u00edo.<br \/>\nP: \u00bfCu\u00e1nto cuesta el env\u00edo?R: El coste de env\u00edo depende del peso.diferentes cantidades tienen diferentes costes de env\u00edo, por favor cont\u00e1ctenos para confirmar el coste de env\u00edo.<\/p>\n<h4>Detalle de env\u00edo:<\/h4>\n<p><span style=\"color: #ff6600\">Tiempo de producci\u00f3n: 5-10 d\u00edas laborables<\/span><br \/>\n<span style=\"color: #ff6600\">Tiempo de env\u00edo: 8-14 d\u00edas laborables<\/span><\/p>\n<p>Todos los productos en nuestra tienda son 100% originales y aut\u00e9nticos, por lo que la compensaci\u00f3n de diez veces por productos falsos es la pol\u00edtica de nuestra tienda. Utilizamos canales log\u00edsticos como UPS\/DHL\/FEDEX\/DPD para entregarle los productos.<\/p>\n<p>Para los paquetes enviados a Espa\u00f1a, generalmente tardan 12 a 15 d\u00edas laborables en llegar. Actualizaremos la informaci\u00f3n de log\u00edstica para usted en tiempo real.<\/p>","protected":false},"excerpt":{"rendered":"<p>Conveniente empaque de vape kits de 15000 caladas de Bang Box<\/p>\n<p>Bang Box S1-15000puff vapeo f\u00e1cil de usar<\/p>\n<p>&nbsp;<\/p>\n<p><img decoding=\"async\" class=\"alignnone wp-image-2151\" src=\"http:\/\/vapebulkp.com\/wp-content\/uploads\/2024\/04\/Mandy-WhatsApp-Randm.jpg\" alt=\"Mandy WhatsApp Aleatorio\" width=\"234\" height=\"249\" srcset=\"https:\/\/vapebulkp.com\/wp-content\/uploads\/2024\/04\/Mandy-WhatsApp-Randm.jpg 916w, https:\/\/vapebulkp.com\/wp-content\/uploads\/2024\/04\/Mandy-WhatsApp-Randm-282x300.jpg 282w, https:\/\/vapebulkp.com\/wp-content\/uploads\/2024\/04\/Mandy-WhatsApp-Randm-768x817.jpg 768w, https:\/\/vapebulkp.com\/wp-content\/uploads\/2024\/04\/Mandy-WhatsApp-Randm-600x638.jpg 600w\" sizes=\"(max-width: 234px) 100vw, 234px\" \/><\/p>\n<p>Por favor, contacta con el WhatsApp de Mandy para obtener un precio con descuento<a href=\"https:\/\/wa.me\/8618077105796\">+8618077105796<\/a><\/p>\n<p><span style=\"color: #ff0000\">NOTA: Los precios en nuestro sitio web no incluyen los gastos de env\u00edo<\/span><\/p>\n<p>&nbsp;<\/p>","protected":false},"featured_media":2932,"comment_status":"open","ping_status":"closed","template":"","meta":{"_uag_custom_page_level_css":"","_lmt_disableupdate":"no","_lmt_disable":"","site-sidebar-layout":"default","site-content-layout":"content-boxed-container","ast-site-content-layout":"normal-width-container","site-content-style":"boxed","site-sidebar-style":"unboxed","ast-global-header-display":"","ast-banner-title-visibility":"","ast-main-header-display":"","ast-hfb-above-header-display":"","ast-hfb-below-header-display":"","ast-hfb-mobile-header-display":"","site-post-title":"","ast-breadcrumbs-content":"","ast-featured-img":"","footer-sml-layout":"","theme-transparent-header-meta":"default","adv-header-id-meta":"","stick-header-meta":"","header-above-stick-meta":"","header-main-stick-meta":"","header-below-stick-meta":"","astra-migrate-meta-layouts":"set","_joinchat":[]},"product_cat":[165,153,345,155,33,59,100,34,158,157,154,152,58,84,156,63,32],"product_tag":[36,37,41,40],"class_list":["post-2944","product","type-product","status-publish","has-post-thumbnail","hentry","product_cat-15000-puffs-disposable-vape","product_cat-hot-disposable-vapes","product_cat-bang-vapes","product_cat-belgium-hot-disposable-vapes","product_cat-france-vape-hot-sale","product_cat-germany-hot-disposable-vape","product_cat-germany-wholesale-vape-shop","product_cat-netherlands-vape-good-sale","product_cat-norway-hot-disposable-vapes","product_cat-poland-hot-disposable-vapes","product_cat-portugal-hot-disposable-vapes","product_cat-spain-hot-disposable-vapes","product_cat-sweden-hot-disposable-vape","product_cat-sweden-wholesale-vape","product_cat-switzerland-hot-disposable-vapes","product_cat-top-sale-disposable-vape","product_cat-vape-hot-sale-this-week","product_tag-good-vape","product_tag-hot-sale-disposable-vape","product_tag-poland-hot-vape","product_tag-sweden-hot-vape","pa_brand-bang-vape","desktop-align-left","tablet-align-left","mobile-align-left"],"yoast_head":"<!-- This site is optimized with the Yoast SEO plugin v21.1 - https:\/\/yoast.com\/wordpress\/plugins\/seo\/ -->\n<title>Bang Box S1-15000puff Europe Warehouse Bulk Price Vape - vapebulkp.com<\/title>\n<meta name=\"description\" content=\"Order the Bang Box S1-15000puff, a premium 15000 Puffs Disposable Vape with mesh coil and rich flavors. EU warehouse shipping \u2014 buy wholesale today!\" \/>\n<meta name=\"robots\" content=\"index, follow, max-snippet:-1, max-image-preview:large, max-video-preview:-1\" \/>\n<link rel=\"canonical\" href=\"https:\/\/vapebulkp.com\/es\/product\/bang-box-s1-15000puff-europe-warehouse-bulk-price-vape\/\" \/>\n<meta property=\"og:locale\" content=\"es_ES\" \/>\n<meta property=\"og:type\" content=\"article\" \/>\n<meta property=\"og:title\" content=\"Bang Box S1-15000puff Europe Warehouse Bulk Price Vape - vapebulkp.com\" \/>\n<meta property=\"og:description\" content=\"Order the Bang Box S1-15000puff, a premium 15000 Puffs Disposable Vape with mesh coil and rich flavors. EU warehouse shipping \u2014 buy wholesale today!\" \/>\n<meta property=\"og:url\" content=\"https:\/\/vapebulkp.com\/es\/product\/bang-box-s1-15000puff-europe-warehouse-bulk-price-vape\/\" \/>\n<meta property=\"og:site_name\" content=\"vapebulkp.com\" \/>\n<meta property=\"article:modified_time\" content=\"2025-09-24T03:18:39+00:00\" \/>\n<meta property=\"og:image\" content=\"http:\/\/vapebulkp.com\/wp-content\/uploads\/2024\/09\/Bang-Box-15k-puff-New-Bang-Vape-Germany.png\" \/>\n\t<meta property=\"og:image:width\" content=\"1500\" \/>\n\t<meta property=\"og:image:height\" content=\"844\" \/>\n\t<meta property=\"og:image:type\" content=\"image\/png\" \/>\n<meta name=\"twitter:card\" content=\"summary_large_image\" \/>\n<meta name=\"twitter:label1\" content=\"Tiempo de lectura\" \/>\n\t<meta name=\"twitter:data1\" content=\"4 minutos\" \/>\n<script type=\"application\/ld+json\" class=\"yoast-schema-graph\">{\"@context\":\"https:\/\/schema.org\",\"@graph\":[{\"@type\":\"WebPage\",\"@id\":\"https:\/\/vapebulkp.com\/product\/bang-box-s1-15000puff-europe-warehouse-bulk-price-vape\/\",\"url\":\"https:\/\/vapebulkp.com\/product\/bang-box-s1-15000puff-europe-warehouse-bulk-price-vape\/\",\"name\":\"Bang Box S1-15000puff Europe Warehouse Bulk Price Vape - vapebulkp.com\",\"isPartOf\":{\"@id\":\"https:\/\/vapebulkp.com\/#website\"},\"datePublished\":\"2024-09-25T09:22:53+00:00\",\"dateModified\":\"2025-09-24T03:18:39+00:00\",\"description\":\"Order the Bang Box S1-15000puff, a premium 15000 Puffs Disposable Vape with mesh coil and rich flavors. EU warehouse shipping \u2014 buy wholesale today!\",\"breadcrumb\":{\"@id\":\"https:\/\/vapebulkp.com\/product\/bang-box-s1-15000puff-europe-warehouse-bulk-price-vape\/#breadcrumb\"},\"inLanguage\":\"es\",\"potentialAction\":[{\"@type\":\"ReadAction\",\"target\":[\"https:\/\/vapebulkp.com\/product\/bang-box-s1-15000puff-europe-warehouse-bulk-price-vape\/\"]}]},{\"@type\":\"BreadcrumbList\",\"@id\":\"https:\/\/vapebulkp.com\/product\/bang-box-s1-15000puff-europe-warehouse-bulk-price-vape\/#breadcrumb\",\"itemListElement\":[{\"@type\":\"ListItem\",\"position\":1,\"name\":\"Home\",\"item\":\"https:\/\/vapebulkp.com\/\"},{\"@type\":\"ListItem\",\"position\":2,\"name\":\"Hot Trend Vapes\",\"item\":\"https:\/\/vapebulkp.com\/vape-shop\/\"},{\"@type\":\"ListItem\",\"position\":3,\"name\":\"Bang Box S1-15000puff Europe Warehouse Bulk Price Vape\"}]},{\"@type\":\"WebSite\",\"@id\":\"https:\/\/vapebulkp.com\/#website\",\"url\":\"https:\/\/vapebulkp.com\/\",\"name\":\"vapebulkp.com\",\"description\":\"Buy Vape In Cheap Bulk Price Near you\",\"publisher\":{\"@id\":\"https:\/\/vapebulkp.com\/#organization\"},\"potentialAction\":[{\"@type\":\"SearchAction\",\"target\":{\"@type\":\"EntryPoint\",\"urlTemplate\":\"https:\/\/vapebulkp.com\/?s={search_term_string}\"},\"query-input\":\"required name=search_term_string\"}],\"inLanguage\":\"es\"},{\"@type\":\"Organization\",\"@id\":\"https:\/\/vapebulkp.com\/#organization\",\"name\":\"vapebulkp.com\",\"url\":\"https:\/\/vapebulkp.com\/\",\"logo\":{\"@type\":\"ImageObject\",\"inLanguage\":\"es\",\"@id\":\"https:\/\/vapebulkp.com\/#\/schema\/logo\/image\/\",\"url\":\"https:\/\/vapebulkp.com\/wp-content\/uploads\/2023\/09\/cropped-vapebulkp.png\",\"contentUrl\":\"https:\/\/vapebulkp.com\/wp-content\/uploads\/2023\/09\/cropped-vapebulkp.png\",\"width\":516,\"height\":163,\"caption\":\"vapebulkp.com\"},\"image\":{\"@id\":\"https:\/\/vapebulkp.com\/#\/schema\/logo\/image\/\"}}]}<\/script>\n<!-- \/ Yoast SEO plugin. -->","yoast_head_json":{"title":"Bang Box S1-15000puff Europe Warehouse Bulk Price Vape - vapebulkp.com","description":"Order the Bang Box S1-15000puff, a premium 15000 Puffs Disposable Vape with mesh coil and rich flavors. EU warehouse shipping \u2014 buy wholesale today!","robots":{"index":"index","follow":"follow","max-snippet":"max-snippet:-1","max-image-preview":"max-image-preview:large","max-video-preview":"max-video-preview:-1"},"canonical":"https:\/\/vapebulkp.com\/es\/product\/bang-box-s1-15000puff-europe-warehouse-bulk-price-vape\/","og_locale":"es_ES","og_type":"article","og_title":"Bang Box S1-15000puff Europe Warehouse Bulk Price Vape - vapebulkp.com","og_description":"Order the Bang Box S1-15000puff, a premium 15000 Puffs Disposable Vape with mesh coil and rich flavors. EU warehouse shipping \u2014 buy wholesale today!","og_url":"https:\/\/vapebulkp.com\/es\/product\/bang-box-s1-15000puff-europe-warehouse-bulk-price-vape\/","og_site_name":"vapebulkp.com","article_modified_time":"2025-09-24T03:18:39+00:00","og_image":[{"width":1500,"height":844,"url":"http:\/\/vapebulkp.com\/wp-content\/uploads\/2024\/09\/Bang-Box-15k-puff-New-Bang-Vape-Germany.png","type":"image\/png"}],"twitter_card":"summary_large_image","twitter_misc":{"Tiempo de lectura":"4 minutos"},"schema":{"@context":"https:\/\/schema.org","@graph":[{"@type":"WebPage","@id":"https:\/\/vapebulkp.com\/product\/bang-box-s1-15000puff-europe-warehouse-bulk-price-vape\/","url":"https:\/\/vapebulkp.com\/product\/bang-box-s1-15000puff-europe-warehouse-bulk-price-vape\/","name":"Bang Box S1-15000puff Europe Warehouse Bulk Price Vape - vapebulkp.com","isPartOf":{"@id":"https:\/\/vapebulkp.com\/#website"},"datePublished":"2024-09-25T09:22:53+00:00","dateModified":"2025-09-24T03:18:39+00:00","description":"Order the Bang Box S1-15000puff, a premium 15000 Puffs Disposable Vape with mesh coil and rich flavors. EU warehouse shipping \u2014 buy wholesale today!","breadcrumb":{"@id":"https:\/\/vapebulkp.com\/product\/bang-box-s1-15000puff-europe-warehouse-bulk-price-vape\/#breadcrumb"},"inLanguage":"es","potentialAction":[{"@type":"ReadAction","target":["https:\/\/vapebulkp.com\/product\/bang-box-s1-15000puff-europe-warehouse-bulk-price-vape\/"]}]},{"@type":"BreadcrumbList","@id":"https:\/\/vapebulkp.com\/product\/bang-box-s1-15000puff-europe-warehouse-bulk-price-vape\/#breadcrumb","itemListElement":[{"@type":"ListItem","position":1,"name":"Home","item":"https:\/\/vapebulkp.com\/"},{"@type":"ListItem","position":2,"name":"Hot Trend Vapes","item":"https:\/\/vapebulkp.com\/vape-shop\/"},{"@type":"ListItem","position":3,"name":"Bang Box S1-15000puff Europe Warehouse Bulk Price Vape"}]},{"@type":"WebSite","@id":"https:\/\/vapebulkp.com\/#website","url":"https:\/\/vapebulkp.com\/","name":"vapebulkp.com","description":"Buy Vape In Cheap Bulk Price Near you","publisher":{"@id":"https:\/\/vapebulkp.com\/#organization"},"potentialAction":[{"@type":"SearchAction","target":{"@type":"EntryPoint","urlTemplate":"https:\/\/vapebulkp.com\/?s={search_term_string}"},"query-input":"required name=search_term_string"}],"inLanguage":"es"},{"@type":"Organization","@id":"https:\/\/vapebulkp.com\/#organization","name":"vapebulkp.com","url":"https:\/\/vapebulkp.com\/","logo":{"@type":"ImageObject","inLanguage":"es","@id":"https:\/\/vapebulkp.com\/#\/schema\/logo\/image\/","url":"https:\/\/vapebulkp.com\/wp-content\/uploads\/2023\/09\/cropped-vapebulkp.png","contentUrl":"https:\/\/vapebulkp.com\/wp-content\/uploads\/2023\/09\/cropped-vapebulkp.png","width":516,"height":163,"caption":"vapebulkp.com"},"image":{"@id":"https:\/\/vapebulkp.com\/#\/schema\/logo\/image\/"}}]}},"uagb_featured_image_src":{"full":["https:\/\/vapebulkp.com\/wp-content\/uploads\/2024\/09\/Bang-Box-15k-puff-New-Bang-Vape-Germany.png",1500,844,false],"thumbnail":["https:\/\/vapebulkp.com\/wp-content\/uploads\/2024\/09\/Bang-Box-15k-puff-New-Bang-Vape-Germany-150x150.png",150,150,true],"medium":["https:\/\/vapebulkp.com\/wp-content\/uploads\/2024\/09\/Bang-Box-15k-puff-New-Bang-Vape-Germany-300x169.png",300,169,true],"medium_large":["https:\/\/vapebulkp.com\/wp-content\/uploads\/2024\/09\/Bang-Box-15k-puff-New-Bang-Vape-Germany-768x432.png",768,432,true],"large":["https:\/\/vapebulkp.com\/wp-content\/uploads\/2024\/09\/Bang-Box-15k-puff-New-Bang-Vape-Germany-1024x576.png",1024,576,true],"1536x1536":["https:\/\/vapebulkp.com\/wp-content\/uploads\/2024\/09\/Bang-Box-15k-puff-New-Bang-Vape-Germany.png",1500,844,false],"2048x2048":["https:\/\/vapebulkp.com\/wp-content\/uploads\/2024\/09\/Bang-Box-15k-puff-New-Bang-Vape-Germany.png",1500,844,false],"trp-custom-language-flag":["https:\/\/vapebulkp.com\/wp-content\/uploads\/2024\/09\/Bang-Box-15k-puff-New-Bang-Vape-Germany.png",18,10,false],"woocommerce_thumbnail":["https:\/\/vapebulkp.com\/wp-content\/uploads\/2024\/09\/Bang-Box-15k-puff-New-Bang-Vape-Germany-300x300.png",300,300,true],"woocommerce_single":["https:\/\/vapebulkp.com\/wp-content\/uploads\/2024\/09\/Bang-Box-15k-puff-New-Bang-Vape-Germany-600x338.png",600,338,true],"woocommerce_gallery_thumbnail":["https:\/\/vapebulkp.com\/wp-content\/uploads\/2024\/09\/Bang-Box-15k-puff-New-Bang-Vape-Germany-100x100.png",100,100,true],"wcpr-photo-reviews":["https:\/\/vapebulkp.com\/wp-content\/uploads\/2024\/09\/Bang-Box-15k-puff-New-Bang-Vape-Germany.png",500,281,false]},"uagb_author_info":{"display_name":"Mandy vape bulk price","author_link":"https:\/\/vapebulkp.com\/es\/author\/"},"uagb_comment_info":0,"uagb_excerpt":"Convenient vape packaging Bang Box\u00a0 15000 puff vape kits Bang Box\u00a0S1-15000puff\u00a0User-friendly vaping &nbsp; Pls Contact Mandy's WhatsApp For Discount Price+8618077105796 NOTE: Prices on our website does not include shipping costs &nbsp;","_links":{"self":[{"href":"https:\/\/vapebulkp.com\/es\/wp-json\/wp\/v2\/product\/2944","targetHints":{"allow":["GET"]}}],"collection":[{"href":"https:\/\/vapebulkp.com\/es\/wp-json\/wp\/v2\/product"}],"about":[{"href":"https:\/\/vapebulkp.com\/es\/wp-json\/wp\/v2\/types\/product"}],"replies":[{"embeddable":true,"href":"https:\/\/vapebulkp.com\/es\/wp-json\/wp\/v2\/comments?post=2944"}],"wp:featuredmedia":[{"embeddable":true,"href":"https:\/\/vapebulkp.com\/es\/wp-json\/wp\/v2\/media\/2932"}],"wp:attachment":[{"href":"https:\/\/vapebulkp.com\/es\/wp-json\/wp\/v2\/media?parent=2944"}],"wp:term":[{"taxonomy":"product_cat","embeddable":true,"href":"https:\/\/vapebulkp.com\/es\/wp-json\/wp\/v2\/product_cat?post=2944"},{"taxonomy":"product_tag","embeddable":true,"href":"https:\/\/vapebulkp.com\/es\/wp-json\/wp\/v2\/product_tag?post=2944"}],"curies":[{"name":"wp","href":"https:\/\/api.w.org\/{rel}","templated":true}]}}