{"id":2954,"date":"2024-09-26T09:30:48","date_gmt":"2024-09-26T07:30:48","guid":{"rendered":"https:\/\/vapebulkp.com\/?post_type=product&#038;p=2954"},"modified":"2025-09-24T05:15:54","modified_gmt":"2025-09-24T03:15:54","slug":"waspe-aiviou-25000-puffs-high-capacity-disposable-vape","status":"publish","type":"product","link":"https:\/\/vapebulkp.com\/es\/product\/waspe-aiviou-25000-puffs-high-capacity-disposable-vape\/","title":{"rendered":"WASPE AIVIOU 25000 Caladas Vape Desechable de Alta Capacidad"},"content":{"rendered":"<h1 style=\"text-align: left\">WASPE AIVIOU 25000 Caladas Vape Desechable de Alta Capacidad<\/h1>\n<p data-start=\"322\" data-end=\"651\">El <strong data-start=\"366\" data-end=\"394\">WASPE AIVIOU 25.000 caladas<\/strong> es un producto premium <a href=\"https:\/\/vapebulkp.com\/es\/product-category\/25000-puffs-disposable-vape\/\"><strong data-start=\"408\" data-end=\"439\">Vaporizador Desechable de 25000 Caladas<\/strong><\/a> dise\u00f1ado para j\u00f3venes europeos que desean un rendimiento duradero y un sabor fuerte. Alimentado por una bater\u00eda recargable de 650mAh con carga r\u00e1pida Tipo-C, ofrece hasta 25,000 inhalaciones sin recargas frecuentes.<\/p>\n<p data-start=\"653\" data-end=\"933\">Con un tanque de e-l\u00edquido de 25ml y opciones de nicotina de 0%, 2% o 5%, ofrece flexibilidad tanto para preferencias ligeras como fuertes. La tecnolog\u00eda de doble resistencia de malla asegura un vapor denso y un sabor consistente, mientras que la pantalla LCD te mantiene actualizado sobre la bater\u00eda, el conteo de inhalaciones y los niveles de e-l\u00edquido.<\/p>\n<p data-start=\"935\" data-end=\"1168\">Compacto, potente y sin complicaciones, el <strong data-start=\"975\" data-end=\"1003\">WASPE AIVIOU 25.000 caladas<\/strong> est\u00e1 disponible en 10 sabores populares. Enviado desde almacenes de la UE, es el <strong data-start=\"1083\" data-end=\"1129\">vape desechable recargable de alta capacidad<\/strong> ideal para mayoristas y consumidores por igual.<\/p>\n<p><img decoding=\"async\" class=\"alignnone size-full wp-image-2952\" src=\"http:\/\/vapebulkp.com\/wp-content\/uploads\/2024\/09\/WASPE-AIVIOU-25000-Puffs-Tornado-Vape-25k.png\" alt=\"WASPE AIVIOU 25000 caladas Vape Tornado 25k\" width=\"520\" height=\"550\" srcset=\"https:\/\/vapebulkp.com\/wp-content\/uploads\/2024\/09\/WASPE-AIVIOU-25000-Puffs-Tornado-Vape-25k.png 520w, https:\/\/vapebulkp.com\/wp-content\/uploads\/2024\/09\/WASPE-AIVIOU-25000-Puffs-Tornado-Vape-25k-284x300.png 284w\" sizes=\"(max-width: 520px) 100vw, 520px\" \/><\/p>\n<h6>Por favor, contacta con el WhatsApp de Mandy para obtener un precio con descuento<a href=\"https:\/\/wa.me\/8618077105796\">+8618077105796<\/a><\/h6>\n<p><img decoding=\"async\" class=\"alignnone wp-image-2151\" src=\"http:\/\/vapebulkp.com\/wp-content\/uploads\/2024\/04\/Mandy-WhatsApp-Randm.jpg\" alt=\"Mandy WhatsApp Aleatorio\" width=\"324\" height=\"330\" \/><\/p>\n<h2>Pens\u00e9 que te gustar\u00eda saber sobre Vape al por mayor <strong>WASPE AIVIOU 25.000 caladas<\/strong>\u00a0 \uff1a<\/h2>\n<p>&nbsp;<\/p>\n<p><strong>P: \u00bfQu\u00e9 hace que el WASPE AIVIOU 25000 Puffs destaque en el mercado de vapeo desechable?<\/strong><br \/>\nR: El WASPE AIVIOU 25k puff Vape Kits ofrece unas impresionantes 25,000 inhalaciones, lo que lo convierte en una de las opciones m\u00e1s duraderas disponibles, ideal para usuarios que buscan durabilidad y valor.<\/p>\n<p><strong>P: \u00bfExisten varias opciones de sabor para el WASPE AIVIOU 25000 Puff?<\/strong><br \/>\nR: S\u00ed, presenta una amplia gama de sabores, desde opciones frutales como Mango Mel\u00f3n hasta opciones refrescantes como Menta Fresca, que satisfacen diferentes preferencias de sabor.<\/p>\n<p><strong>P: \u00bfC\u00f3mo se compara la duraci\u00f3n de la bater\u00eda del WASPE AIVIOU 25k Puff con otros vapes desechables?<\/strong><br \/>\nR: Con su robusto dise\u00f1o de bater\u00eda, el WASPE AIVIOU garantiza un rendimiento constante durante toda su vida \u00fatil, lo que lo convierte en la mejor opci\u00f3n para aquellos que buscan vapes desechables de larga duraci\u00f3n.<\/p>\n<p><strong>P: \u00bfEs el AIVIOU 25k Puffs, ambientalmente responsable, f\u00e1cil de usar para principiantes?<\/strong><br \/>\nR: \u00a1Absolutamente! Su dise\u00f1o f\u00e1cil de usar lo hace perfecto para los reci\u00e9n llegados al vapeo, ofreciendo una experiencia sin complicaciones y sin configuraciones complicadas.<\/p>\n<p><strong>P: \u00bfD\u00f3nde puedo encontrar las mejores ofertas en WASPE AIVIOU 25000 Puffs?<\/strong><br \/>\nR: S\u00ed, puedes comprar el WASPE AIVIOU 25000 Puffs en <a href=\"https:\/\/vapebulkp.com\/es\/\">vapebulkp.com.<\/a> Normalmente ofrecen una variedad de sabores y opciones de embalaje, lo que lo convierte en una opci\u00f3n conveniente para tus necesidades de vapeo.<\/p>\n<h3>\u00a0Caracter\u00edsticas del vape WAPE AIVIOU Vape 25k Puffs al por mayor:<\/h3>\n<p>&nbsp;<\/p>\n<ul>\n<li><strong>Opciones de nicotina:\u00a0 <\/strong><span style=\"font-size: 16px\">Disponible en niveles de nicotina de 0%, 2% y 5%, que se adaptan a diversas preferencias de vapeo tanto para principiantes como para usuarios experimentados.<\/span><\/li>\n<li><strong>N\u00famero de caladas:<\/strong> Un impresionante n\u00famero de 25,000 inhalaciones, lo que garantiza una experiencia de vapeo duradera, ideal para aquellos que buscan vapes desechables duraderos.<\/li>\n<li><strong>Capacidad de e-l\u00edquido:<\/strong> Cuenta con una generosa capacidad de 25 ml de e-l\u00edquido, lo que permite un uso prolongado sin reemplazos frecuentes.<\/li>\n<li><strong>Embalaje:<\/strong> Cada caja contiene 200 piezas, lo que la convierte en una excelente opci\u00f3n para minoristas o \u00e1vidos vapeadores que buscan abastecerse.<\/li>\n<li><strong>Variedad de sabores:<\/strong> Ofrece 10 deliciosos sabores, incluidas opciones populares que atraen a los clientes europeos, lo que garantiza que haya algo para todos.<\/li>\n<li><strong>Tecnolog\u00eda de malla dual:<\/strong><span style=\"font-size: 16px\">Equipado con bobinas de malla dual avanzadas para mejorar el sabor y la producci\u00f3n de vapor, brindando una experiencia de vapeo superior.<\/span><\/li>\n<li><strong>Pantalla LCD:<\/strong> Incluye una pantalla LCD incorporada para el monitoreo en tiempo real del conteo de inhalaciones y la duraci\u00f3n de la bater\u00eda, lo que agrega comodidad para los usuarios.<\/li>\n<li><strong>Puerto de carga tipo C:<\/strong> Cuenta con un moderno puerto de carga tipo C para una recarga r\u00e1pida y eficiente, perfecto para usar mientras viajas.<\/li>\n<li><strong>Capacidad de la Bater\u00eda:<\/strong> Alimentado por una bater\u00eda confiable de 650 mAh, lo que garantiza un rendimiento constante durante toda su vida \u00fatil.<\/li>\n<li><strong>Dise\u00f1o de la bobina:<\/strong> Utiliza una bobina de malla de alta calidad para una \u00f3ptima entrega de sabor y caladas suaves.<\/li>\n<li><strong>Especificaciones del cart\u00f3n:<\/strong> Cada cart\u00f3n pesa 21 kg y mide 685 mm x 330 mm x 230 mm, lo que facilita su manipulaci\u00f3n y almacenamiento.<\/li>\n<\/ul>\n<h3><strong>Vape de precio barato WASPE AIVIOU 25000 inhalaciones Sabores org\u00e1nicos:<\/strong><\/h3>\n<p>1 Hielo de sand\u00eda<br \/>\n2 Ar\u00e1ndanos sobre hielo<br \/>\n3 Sand\u00eda de fresa<br \/>\n4 Limonada de frambuesa y ar\u00e1ndanos<br \/>\n5 Hielo de cereza<br \/>\n6 Sand\u00eda de mango y melocot\u00f3n<br \/>\n7 Frutos rojos mixtos<br \/>\n8 hielo de melocot\u00f3n<br \/>\n9 Fresa Kiwi<br \/>\n10 hielo de uva<\/p>\n<p><a href=\"https:\/\/vapebulkp.com\/es\/product\/popular-randm-tornado-7000puffs-disposable-vape-best-price\/\"><span style=\"vertical-align: inherit\">RandM Tornado 7000 Caladas <\/span><\/a><\/p>\n<p><span style=\"vertical-align: inherit\">Encuentra m\u00e1s productos que te puedan gustar:<\/span><em><a href=\"https:\/\/wa.me\/8618077105796\"><span style=\"vertical-align: inherit\">\u00a0C\u00f3mpralo ahora<\/span><\/a><\/em><\/p>\n<p><span style=\"vertical-align: inherit\">Otros vaporizadores que te pueden gustar:<\/span><a href=\"https:\/\/vapebulkp.com\/es\/product\/bang-with-a-vape-gear-20000-puffs-discount-price\/\"><span style=\"vertical-align: inherit\">Bang Gear Vape 20000 Caladas<\/span><\/a><span style=\"vertical-align: inherit\">\u3001<\/span><a href=\"https:\/\/vapebulkp.com\/es\/product\/wholesale-randm-tornado-9000-puffs-germany\/\"><span style=\"vertical-align: inherit\">RandM 9000 Caladas<\/span><\/a><span style=\"vertical-align: inherit\">\/ <\/span><a href=\"https:\/\/vapebulkp.com\/es\/product\/bang-king-12000puffs\/\"><span style=\"vertical-align: inherit\">Bang King 12000 caladas<\/span><\/a><span style=\"vertical-align: inherit\">\/ <\/span><a href=\"https:\/\/vapebulkp.com\/es\/product\/uzy-qute-800-puffs-original-disposable-vape\/\"><span style=\"vertical-align: inherit\">UZY QUTE 800 caladas<\/span><\/a><\/p>\n<p><span style=\"vertical-align: inherit\">Cigarrillo electr\u00f3nico con forma especial:<\/span><a href=\"https:\/\/vapebulkp.com\/es\/product\/original-vape-bang-tn-12000-puffs-bang-vape\/\"><span style=\"vertical-align: inherit\"> Bang TN 12000 caladas<\/span><\/a><span style=\"vertical-align: inherit\">\/ <\/span><a href=\"https:\/\/vapebulkp.com\/es\/fi\/product\/best-price-wga-crystal-pro-max-15k-puffs-original-vape\/\"><span style=\"vertical-align: inherit\">\u00a0WGA Crystal pro max 15k caladas <\/span><\/a><span style=\"vertical-align: inherit\">\/<\/span><a href=\"https:\/\/vapebulkp.com\/es\/product\/bang-tornado-12000-puffs-rechargeable-disposable-pod\/\"><span style=\"vertical-align: inherit\"> Bang Tornado 12000 caladas<\/span><\/a><\/p>\n<h5>Cualificaci\u00f3n de la producci\u00f3n:<\/h5>\n<p><img decoding=\"async\" class=\"alignnone size-full wp-image-1841\" src=\"http:\/\/vapebulkp.com\/wp-content\/uploads\/2023\/11\/Vape-production-process-2.jpeg\" alt=\"Proceso de producci\u00f3n de vapes\" width=\"650\" height=\"434\" srcset=\"https:\/\/vapebulkp.com\/wp-content\/uploads\/2023\/11\/Vape-production-process-2.jpeg 650w, https:\/\/vapebulkp.com\/wp-content\/uploads\/2023\/11\/Vape-production-process-2-300x200.jpeg 300w, https:\/\/vapebulkp.com\/wp-content\/uploads\/2023\/11\/Vape-production-process-2-600x401.jpeg 600w\" sizes=\"(max-width: 650px) 100vw, 650px\" \/><\/p>\n<p><img decoding=\"async\" class=\"alignnone size-full wp-image-1843\" src=\"http:\/\/vapebulkp.com\/wp-content\/uploads\/2023\/11\/Vape-production-process.jpeg\" alt=\"Proceso de producci\u00f3n de vapes\" width=\"641\" height=\"1026\" srcset=\"https:\/\/vapebulkp.com\/wp-content\/uploads\/2023\/11\/Vape-production-process.jpeg 641w, https:\/\/vapebulkp.com\/wp-content\/uploads\/2023\/11\/Vape-production-process-187x300.jpeg 187w, https:\/\/vapebulkp.com\/wp-content\/uploads\/2023\/11\/Vape-production-process-640x1024.jpeg 640w, https:\/\/vapebulkp.com\/wp-content\/uploads\/2023\/11\/Vape-production-process-600x960.jpeg 600w\" sizes=\"(max-width: 641px) 100vw, 641px\" \/><\/p>\n<h5>Preguntas frecuentes:<\/h5>\n<p>P: \u00bfCu\u00e1l es el MOQ de WASPE AIVIOU 25000 Puffs para vapear de forma saludable?<br \/>\nR: El pedido m\u00ednimo es de 5 unidades.<br \/>\nP: \u00bfCu\u00e1l es el plazo de entrega para el vapeador pedido?<br \/>\nR: Generalmente son de 10 a 15 d\u00edas despu\u00e9s del env\u00edo.<br \/>\nP: \u00bfCu\u00e1nto cuesta el env\u00edo?R: El coste de env\u00edo depende del peso.diferentes cantidades tienen diferentes costes de env\u00edo, por favor cont\u00e1ctenos para confirmar el coste de env\u00edo.<\/p>\n<h4>Detalle de env\u00edo:<\/h4>\n<p><span style=\"color: #ff6600\">Tiempo de producci\u00f3n: 5-10 d\u00edas laborables<\/span><br \/>\n<span style=\"color: #ff6600\">Tiempo de env\u00edo: 8-14 d\u00edas laborables<\/span><\/p>\n<p>Todos los productos en nuestra tienda son 100% originales y aut\u00e9nticos, por lo que la compensaci\u00f3n de diez veces por productos falsos es la pol\u00edtica de nuestra tienda. Utilizamos canales log\u00edsticos como UPS\/DHL\/FEDEX\/DPD para entregarle los productos.<\/p>\n<p>Para los paquetes enviados a Espa\u00f1a, generalmente tardan 12 a 15 d\u00edas laborables en llegar. Actualizaremos la informaci\u00f3n de log\u00edstica para usted en tiempo real.<\/p>","protected":false},"excerpt":{"rendered":"<p>Materiales ecol\u00f3gicos <strong>WASPE AIVIOU 25000 Puffs Vape Desechable<\/strong><\/p>\n<p>Tecnolog\u00eda de vapeo limpio\u00a0 <strong>WASPE AIVIOU 25.000 caladas<\/strong><\/p>\n<p>Por favor, contacta con el WhatsApp de Mandy para obtener un precio con descuento<a href=\"https:\/\/wa.me\/8618077105796\">+8618077105796<\/a><\/p>\n<p><img decoding=\"async\" class=\"alignnone wp-image-2151\" src=\"http:\/\/vapebulkp.com\/wp-content\/uploads\/2024\/04\/Mandy-WhatsApp-Randm.jpg\" alt=\"Mandy WhatsApp Aleatorio\" width=\"297\" height=\"316\" srcset=\"https:\/\/vapebulkp.com\/wp-content\/uploads\/2024\/04\/Mandy-WhatsApp-Randm.jpg 916w, https:\/\/vapebulkp.com\/wp-content\/uploads\/2024\/04\/Mandy-WhatsApp-Randm-282x300.jpg 282w, https:\/\/vapebulkp.com\/wp-content\/uploads\/2024\/04\/Mandy-WhatsApp-Randm-768x817.jpg 768w, https:\/\/vapebulkp.com\/wp-content\/uploads\/2024\/04\/Mandy-WhatsApp-Randm-600x638.jpg 600w\" sizes=\"(max-width: 297px) 100vw, 297px\" \/><\/p>\n<p><span style=\"color: #ff0000\">NOTA: Los precios en nuestro sitio web no incluyen los gastos de env\u00edo<\/span><\/p>\n<p>&nbsp;<\/p>","protected":false},"featured_media":2952,"comment_status":"open","ping_status":"closed","template":"","meta":{"_uag_custom_page_level_css":"","_lmt_disableupdate":"no","_lmt_disable":"","site-sidebar-layout":"default","site-content-layout":"content-boxed-container","ast-site-content-layout":"normal-width-container","site-content-style":"boxed","site-sidebar-style":"unboxed","ast-global-header-display":"","ast-banner-title-visibility":"","ast-main-header-display":"","ast-hfb-above-header-display":"","ast-hfb-below-header-display":"","ast-hfb-mobile-header-display":"","site-post-title":"","ast-breadcrumbs-content":"","ast-featured-img":"","footer-sml-layout":"","theme-transparent-header-meta":"default","adv-header-id-meta":"","stick-header-meta":"","header-above-stick-meta":"","header-main-stick-meta":"","header-below-stick-meta":"","astra-migrate-meta-layouts":"set","_joinchat":[]},"product_cat":[161,153,155,33,59,100,34,158,157,154,152,58,84,156,63,32,365],"product_tag":[139,36,37,41,40],"class_list":["post-2954","product","type-product","status-publish","has-post-thumbnail","hentry","product_cat-25000-puffs-disposable-vape","product_cat-hot-disposable-vapes","product_cat-belgium-hot-disposable-vapes","product_cat-france-vape-hot-sale","product_cat-germany-hot-disposable-vape","product_cat-germany-wholesale-vape-shop","product_cat-netherlands-vape-good-sale","product_cat-norway-hot-disposable-vapes","product_cat-poland-hot-disposable-vapes","product_cat-portugal-hot-disposable-vapes","product_cat-spain-hot-disposable-vapes","product_cat-sweden-hot-disposable-vape","product_cat-sweden-wholesale-vape","product_cat-switzerland-hot-disposable-vapes","product_cat-top-sale-disposable-vape","product_cat-vape-hot-sale-this-week","product_cat-waspe-vape","product_tag-30k-puffs","product_tag-good-vape","product_tag-hot-sale-disposable-vape","product_tag-poland-hot-vape","product_tag-sweden-hot-vape","pa_brand-waspe-vape","desktop-align-left","tablet-align-left","mobile-align-left"],"yoast_head":"<!-- This site is optimized with the Yoast SEO plugin v21.1 - https:\/\/yoast.com\/wordpress\/plugins\/seo\/ -->\n<title>WASPE AIVIOU 25000 Puffs High-capacity Disposable Vape - vapebulkp.com<\/title>\n<meta name=\"description\" content=\"Order the WASPE AIVIOU 25000 Puffs, a high-capacity 25000 Puffs Disposable Vape with dual mesh coils and LCD display. Fast EU shipping \u2014 buy now!\" \/>\n<meta name=\"robots\" content=\"index, follow, max-snippet:-1, max-image-preview:large, max-video-preview:-1\" \/>\n<link rel=\"canonical\" href=\"https:\/\/vapebulkp.com\/es\/product\/waspe-aiviou-25000-puffs-high-capacity-disposable-vape\/\" \/>\n<meta property=\"og:locale\" content=\"es_ES\" \/>\n<meta property=\"og:type\" content=\"article\" \/>\n<meta property=\"og:title\" content=\"WASPE AIVIOU 25000 Puffs High-capacity Disposable Vape - vapebulkp.com\" \/>\n<meta property=\"og:description\" content=\"Order the WASPE AIVIOU 25000 Puffs, a high-capacity 25000 Puffs Disposable Vape with dual mesh coils and LCD display. Fast EU shipping \u2014 buy now!\" \/>\n<meta property=\"og:url\" content=\"https:\/\/vapebulkp.com\/es\/product\/waspe-aiviou-25000-puffs-high-capacity-disposable-vape\/\" \/>\n<meta property=\"og:site_name\" content=\"vapebulkp.com\" \/>\n<meta property=\"article:modified_time\" content=\"2025-09-24T03:15:54+00:00\" \/>\n<meta property=\"og:image\" content=\"http:\/\/vapebulkp.com\/wp-content\/uploads\/2024\/09\/WASPE-AIVIOU-25000-Puffs-Tornado-Vape-25k.png\" \/>\n\t<meta property=\"og:image:width\" content=\"520\" \/>\n\t<meta property=\"og:image:height\" content=\"550\" \/>\n\t<meta property=\"og:image:type\" content=\"image\/png\" \/>\n<meta name=\"twitter:card\" content=\"summary_large_image\" \/>\n<meta name=\"twitter:label1\" content=\"Tiempo de lectura\" \/>\n\t<meta name=\"twitter:data1\" content=\"5 minutos\" \/>\n<script type=\"application\/ld+json\" class=\"yoast-schema-graph\">{\"@context\":\"https:\/\/schema.org\",\"@graph\":[{\"@type\":\"WebPage\",\"@id\":\"https:\/\/vapebulkp.com\/product\/waspe-aiviou-25000-puffs-high-capacity-disposable-vape\/\",\"url\":\"https:\/\/vapebulkp.com\/product\/waspe-aiviou-25000-puffs-high-capacity-disposable-vape\/\",\"name\":\"WASPE AIVIOU 25000 Puffs High-capacity Disposable Vape - vapebulkp.com\",\"isPartOf\":{\"@id\":\"https:\/\/vapebulkp.com\/#website\"},\"datePublished\":\"2024-09-26T07:30:48+00:00\",\"dateModified\":\"2025-09-24T03:15:54+00:00\",\"description\":\"Order the WASPE AIVIOU 25000 Puffs, a high-capacity 25000 Puffs Disposable Vape with dual mesh coils and LCD display. Fast EU shipping \u2014 buy now!\",\"breadcrumb\":{\"@id\":\"https:\/\/vapebulkp.com\/product\/waspe-aiviou-25000-puffs-high-capacity-disposable-vape\/#breadcrumb\"},\"inLanguage\":\"es\",\"potentialAction\":[{\"@type\":\"ReadAction\",\"target\":[\"https:\/\/vapebulkp.com\/product\/waspe-aiviou-25000-puffs-high-capacity-disposable-vape\/\"]}]},{\"@type\":\"BreadcrumbList\",\"@id\":\"https:\/\/vapebulkp.com\/product\/waspe-aiviou-25000-puffs-high-capacity-disposable-vape\/#breadcrumb\",\"itemListElement\":[{\"@type\":\"ListItem\",\"position\":1,\"name\":\"Home\",\"item\":\"https:\/\/vapebulkp.com\/\"},{\"@type\":\"ListItem\",\"position\":2,\"name\":\"Hot Trend Vapes\",\"item\":\"https:\/\/vapebulkp.com\/vape-shop\/\"},{\"@type\":\"ListItem\",\"position\":3,\"name\":\"WASPE AIVIOU 25000 Puffs High-capacity Disposable Vape\"}]},{\"@type\":\"WebSite\",\"@id\":\"https:\/\/vapebulkp.com\/#website\",\"url\":\"https:\/\/vapebulkp.com\/\",\"name\":\"vapebulkp.com\",\"description\":\"Buy Vape In Cheap Bulk Price Near you\",\"publisher\":{\"@id\":\"https:\/\/vapebulkp.com\/#organization\"},\"potentialAction\":[{\"@type\":\"SearchAction\",\"target\":{\"@type\":\"EntryPoint\",\"urlTemplate\":\"https:\/\/vapebulkp.com\/?s={search_term_string}\"},\"query-input\":\"required name=search_term_string\"}],\"inLanguage\":\"es\"},{\"@type\":\"Organization\",\"@id\":\"https:\/\/vapebulkp.com\/#organization\",\"name\":\"vapebulkp.com\",\"url\":\"https:\/\/vapebulkp.com\/\",\"logo\":{\"@type\":\"ImageObject\",\"inLanguage\":\"es\",\"@id\":\"https:\/\/vapebulkp.com\/#\/schema\/logo\/image\/\",\"url\":\"https:\/\/vapebulkp.com\/wp-content\/uploads\/2023\/09\/cropped-vapebulkp.png\",\"contentUrl\":\"https:\/\/vapebulkp.com\/wp-content\/uploads\/2023\/09\/cropped-vapebulkp.png\",\"width\":516,\"height\":163,\"caption\":\"vapebulkp.com\"},\"image\":{\"@id\":\"https:\/\/vapebulkp.com\/#\/schema\/logo\/image\/\"}}]}<\/script>\n<!-- \/ Yoast SEO plugin. -->","yoast_head_json":{"title":"WASPE AIVIOU 25000 Puffs High-capacity Disposable Vape - vapebulkp.com","description":"Order the WASPE AIVIOU 25000 Puffs, a high-capacity 25000 Puffs Disposable Vape with dual mesh coils and LCD display. Fast EU shipping \u2014 buy now!","robots":{"index":"index","follow":"follow","max-snippet":"max-snippet:-1","max-image-preview":"max-image-preview:large","max-video-preview":"max-video-preview:-1"},"canonical":"https:\/\/vapebulkp.com\/es\/product\/waspe-aiviou-25000-puffs-high-capacity-disposable-vape\/","og_locale":"es_ES","og_type":"article","og_title":"WASPE AIVIOU 25000 Puffs High-capacity Disposable Vape - vapebulkp.com","og_description":"Order the WASPE AIVIOU 25000 Puffs, a high-capacity 25000 Puffs Disposable Vape with dual mesh coils and LCD display. Fast EU shipping \u2014 buy now!","og_url":"https:\/\/vapebulkp.com\/es\/product\/waspe-aiviou-25000-puffs-high-capacity-disposable-vape\/","og_site_name":"vapebulkp.com","article_modified_time":"2025-09-24T03:15:54+00:00","og_image":[{"width":520,"height":550,"url":"http:\/\/vapebulkp.com\/wp-content\/uploads\/2024\/09\/WASPE-AIVIOU-25000-Puffs-Tornado-Vape-25k.png","type":"image\/png"}],"twitter_card":"summary_large_image","twitter_misc":{"Tiempo de lectura":"5 minutos"},"schema":{"@context":"https:\/\/schema.org","@graph":[{"@type":"WebPage","@id":"https:\/\/vapebulkp.com\/product\/waspe-aiviou-25000-puffs-high-capacity-disposable-vape\/","url":"https:\/\/vapebulkp.com\/product\/waspe-aiviou-25000-puffs-high-capacity-disposable-vape\/","name":"WASPE AIVIOU 25000 Puffs High-capacity Disposable Vape - vapebulkp.com","isPartOf":{"@id":"https:\/\/vapebulkp.com\/#website"},"datePublished":"2024-09-26T07:30:48+00:00","dateModified":"2025-09-24T03:15:54+00:00","description":"Order the WASPE AIVIOU 25000 Puffs, a high-capacity 25000 Puffs Disposable Vape with dual mesh coils and LCD display. Fast EU shipping \u2014 buy now!","breadcrumb":{"@id":"https:\/\/vapebulkp.com\/product\/waspe-aiviou-25000-puffs-high-capacity-disposable-vape\/#breadcrumb"},"inLanguage":"es","potentialAction":[{"@type":"ReadAction","target":["https:\/\/vapebulkp.com\/product\/waspe-aiviou-25000-puffs-high-capacity-disposable-vape\/"]}]},{"@type":"BreadcrumbList","@id":"https:\/\/vapebulkp.com\/product\/waspe-aiviou-25000-puffs-high-capacity-disposable-vape\/#breadcrumb","itemListElement":[{"@type":"ListItem","position":1,"name":"Home","item":"https:\/\/vapebulkp.com\/"},{"@type":"ListItem","position":2,"name":"Hot Trend Vapes","item":"https:\/\/vapebulkp.com\/vape-shop\/"},{"@type":"ListItem","position":3,"name":"WASPE AIVIOU 25000 Puffs High-capacity Disposable Vape"}]},{"@type":"WebSite","@id":"https:\/\/vapebulkp.com\/#website","url":"https:\/\/vapebulkp.com\/","name":"vapebulkp.com","description":"Buy Vape In Cheap Bulk Price Near you","publisher":{"@id":"https:\/\/vapebulkp.com\/#organization"},"potentialAction":[{"@type":"SearchAction","target":{"@type":"EntryPoint","urlTemplate":"https:\/\/vapebulkp.com\/?s={search_term_string}"},"query-input":"required name=search_term_string"}],"inLanguage":"es"},{"@type":"Organization","@id":"https:\/\/vapebulkp.com\/#organization","name":"vapebulkp.com","url":"https:\/\/vapebulkp.com\/","logo":{"@type":"ImageObject","inLanguage":"es","@id":"https:\/\/vapebulkp.com\/#\/schema\/logo\/image\/","url":"https:\/\/vapebulkp.com\/wp-content\/uploads\/2023\/09\/cropped-vapebulkp.png","contentUrl":"https:\/\/vapebulkp.com\/wp-content\/uploads\/2023\/09\/cropped-vapebulkp.png","width":516,"height":163,"caption":"vapebulkp.com"},"image":{"@id":"https:\/\/vapebulkp.com\/#\/schema\/logo\/image\/"}}]}},"uagb_featured_image_src":{"full":["https:\/\/vapebulkp.com\/wp-content\/uploads\/2024\/09\/WASPE-AIVIOU-25000-Puffs-Tornado-Vape-25k.png",520,550,false],"thumbnail":["https:\/\/vapebulkp.com\/wp-content\/uploads\/2024\/09\/WASPE-AIVIOU-25000-Puffs-Tornado-Vape-25k-150x150.png",150,150,true],"medium":["https:\/\/vapebulkp.com\/wp-content\/uploads\/2024\/09\/WASPE-AIVIOU-25000-Puffs-Tornado-Vape-25k-284x300.png",284,300,true],"medium_large":["https:\/\/vapebulkp.com\/wp-content\/uploads\/2024\/09\/WASPE-AIVIOU-25000-Puffs-Tornado-Vape-25k.png",520,550,false],"large":["https:\/\/vapebulkp.com\/wp-content\/uploads\/2024\/09\/WASPE-AIVIOU-25000-Puffs-Tornado-Vape-25k.png",520,550,false],"1536x1536":["https:\/\/vapebulkp.com\/wp-content\/uploads\/2024\/09\/WASPE-AIVIOU-25000-Puffs-Tornado-Vape-25k.png",520,550,false],"2048x2048":["https:\/\/vapebulkp.com\/wp-content\/uploads\/2024\/09\/WASPE-AIVIOU-25000-Puffs-Tornado-Vape-25k.png",520,550,false],"trp-custom-language-flag":["https:\/\/vapebulkp.com\/wp-content\/uploads\/2024\/09\/WASPE-AIVIOU-25000-Puffs-Tornado-Vape-25k.png",11,12,false],"woocommerce_thumbnail":["https:\/\/vapebulkp.com\/wp-content\/uploads\/2024\/09\/WASPE-AIVIOU-25000-Puffs-Tornado-Vape-25k-300x300.png",300,300,true],"woocommerce_single":["https:\/\/vapebulkp.com\/wp-content\/uploads\/2024\/09\/WASPE-AIVIOU-25000-Puffs-Tornado-Vape-25k.png",520,550,false],"woocommerce_gallery_thumbnail":["https:\/\/vapebulkp.com\/wp-content\/uploads\/2024\/09\/WASPE-AIVIOU-25000-Puffs-Tornado-Vape-25k-100x100.png",100,100,true],"wcpr-photo-reviews":["https:\/\/vapebulkp.com\/wp-content\/uploads\/2024\/09\/WASPE-AIVIOU-25000-Puffs-Tornado-Vape-25k.png",473,500,false]},"uagb_author_info":{"display_name":"Mandy vape bulk price","author_link":"https:\/\/vapebulkp.com\/es\/author\/"},"uagb_comment_info":0,"uagb_excerpt":"Eco-friendly materials WASPE AIVIOU 25000 Puffs Disposable Vape Clean vaping technology\u00a0 WASPE AIVIOU 25k Puffs Pls Contact Mandy's WhatsApp For Discount Price+8618077105796 NOTE: Prices on our website does not include shipping costs &nbsp;","_links":{"self":[{"href":"https:\/\/vapebulkp.com\/es\/wp-json\/wp\/v2\/product\/2954","targetHints":{"allow":["GET"]}}],"collection":[{"href":"https:\/\/vapebulkp.com\/es\/wp-json\/wp\/v2\/product"}],"about":[{"href":"https:\/\/vapebulkp.com\/es\/wp-json\/wp\/v2\/types\/product"}],"replies":[{"embeddable":true,"href":"https:\/\/vapebulkp.com\/es\/wp-json\/wp\/v2\/comments?post=2954"}],"wp:featuredmedia":[{"embeddable":true,"href":"https:\/\/vapebulkp.com\/es\/wp-json\/wp\/v2\/media\/2952"}],"wp:attachment":[{"href":"https:\/\/vapebulkp.com\/es\/wp-json\/wp\/v2\/media?parent=2954"}],"wp:term":[{"taxonomy":"product_cat","embeddable":true,"href":"https:\/\/vapebulkp.com\/es\/wp-json\/wp\/v2\/product_cat?post=2954"},{"taxonomy":"product_tag","embeddable":true,"href":"https:\/\/vapebulkp.com\/es\/wp-json\/wp\/v2\/product_tag?post=2954"}],"curies":[{"name":"wp","href":"https:\/\/api.w.org\/{rel}","templated":true}]}}