{"id":3006,"date":"2024-10-14T08:38:55","date_gmt":"2024-10-14T06:38:55","guid":{"rendered":"https:\/\/vapebulkp.com\/?post_type=product&#038;p=3006"},"modified":"2025-09-24T05:06:26","modified_gmt":"2025-09-24T03:06:26","slug":"bang-vape-36k-puffs-lcd-screen-fingerprint-recognition-disposable-vape","status":"publish","type":"product","link":"https:\/\/vapebulkp.com\/es\/product\/bang-vape-36k-puffs-lcd-screen-fingerprint-recognition-disposable-vape\/","title":{"rendered":"Bang Vape 36k Caladas Vape Desechable con Pantalla LCD y Reconocimiento de Huellas"},"content":{"rendered":"<h2 style=\"text-align: left\">Bang Vape 36k Caladas Vape Desechable con Pantalla LCD y Reconocimiento de Huellas<\/h2>\n<p>&nbsp;<\/p>\n<div class=\"flex max-w-full flex-col flex-grow\">\n<div class=\"min-h-8 text-message flex w-full flex-col items-end gap-2 whitespace-normal break-words [.text-message+&amp;]:mt-5\" dir=\"auto\" data-message-author-role=\"assistant\" data-message-id=\"804b3ea8-e167-4bec-b4d0-906786e28244\" data-message-model-slug=\"gpt-4o-mini\">\n<div class=\"flex w-full flex-col gap-1 empty:hidden first:pt-[3px]\">\n<div class=\"markdown prose w-full break-words dark:prose-invert light\">\n<p>El Bang Vape 36k Puffs es un dispositivo de vanguardia <a href=\"https:\/\/vapebulkp.com\/es\/product-category\/36000-puff-disposable-vape\/\">Vapeador Desechable de 36000 Puffs<\/a> dise\u00f1ado para vapeadores de Espa\u00f1a que exigen un alto rendimiento y comodidad. Equipado con un cartucho de e-l\u00edquido de sal de nicotina precargado de 36ml, ofrece un vapor suave y con mucho sabor para sesiones de larga duraci\u00f3n. Con opciones de nicotina del 2% o 5%, este dispositivo garantiza una calada satisfactoria en todo momento.<\/p>\n<p>Este vaporizador desechable recargable premium 36K PUFF VAPE Pods cuenta con una bater\u00eda de 850mAh con carga r\u00e1pida Tipo-C, manteniendo su dispositivo encendido para un vapeo ininterrumpido. La pantalla LCD de vapeo integrada muestra el recuento de caladas, el nivel de bater\u00eda y la informaci\u00f3n de uso de un vistazo, mientras que la tecnolog\u00eda de vapeo con reconocimiento de huellas dactilares a\u00f1ade una experiencia segura y personalizada.<\/p>\n<p>Dise\u00f1ado para aquellos que buscan un vaporizador de alta capacidad, combina portabilidad con estilo, haci\u00e9ndolo perfecto para el uso diario, entornos sociales o viajes. Elegante, fiable y lleno de tecnolog\u00eda, el vaporizador desechable de 36000 caladas es una opci\u00f3n ideal para minoristas y compradores al por mayor de Espa\u00f1a que buscan soluciones de vapeo de larga duraci\u00f3n y con tecnolog\u00eda avanzada.<\/p>\n<\/div>\n<\/div>\n<\/div>\n<\/div>\n<div class=\"mb-2 flex gap-3 empty:hidden -ml-2\">\n<div class=\"items-center justify-start rounded-xl p-1 flex\">\n<div class=\"flex items-center\">\n<div class=\"flex items-center pb-0\"><\/div>\n<\/div>\n<\/div>\n<\/div>\n<p><img decoding=\"async\" class=\"alignnone wp-image-2991\" src=\"http:\/\/vapebulkp.com\/wp-content\/uploads\/2024\/10\/Bang-36000-Puffs-Best-Vape-LCD-screen-Crystal-Vape.jpg\" alt=\"Bang 36000 Puffs Mejor Vape pantalla LCD Vape de cristal\" width=\"573\" height=\"573\" srcset=\"https:\/\/vapebulkp.com\/wp-content\/uploads\/2024\/10\/Bang-36000-Puffs-Best-Vape-LCD-screen-Crystal-Vape.jpg 1000w, https:\/\/vapebulkp.com\/wp-content\/uploads\/2024\/10\/Bang-36000-Puffs-Best-Vape-LCD-screen-Crystal-Vape-300x300.jpg 300w, https:\/\/vapebulkp.com\/wp-content\/uploads\/2024\/10\/Bang-36000-Puffs-Best-Vape-LCD-screen-Crystal-Vape-150x150.jpg 150w, https:\/\/vapebulkp.com\/wp-content\/uploads\/2024\/10\/Bang-36000-Puffs-Best-Vape-LCD-screen-Crystal-Vape-768x768.jpg 768w, https:\/\/vapebulkp.com\/wp-content\/uploads\/2024\/10\/Bang-36000-Puffs-Best-Vape-LCD-screen-Crystal-Vape-600x600.jpg 600w, https:\/\/vapebulkp.com\/wp-content\/uploads\/2024\/10\/Bang-36000-Puffs-Best-Vape-LCD-screen-Crystal-Vape-100x100.jpg 100w\" sizes=\"(max-width: 573px) 100vw, 573px\" \/><\/p>\n<h6>Por favor, contacta con el WhatsApp de Mandy para obtener un precio con descuento<a href=\"https:\/\/wa.me\/8618077105796\">+8618077105796<\/a><\/h6>\n<p>&nbsp;<\/p>\n<p><img decoding=\"async\" class=\"alignnone wp-image-2151\" src=\"http:\/\/vapebulkp.com\/wp-content\/uploads\/2024\/04\/Mandy-WhatsApp-Randm.jpg\" alt=\"Mandy WhatsApp Aleatorio\" width=\"261\" height=\"277\" srcset=\"https:\/\/vapebulkp.com\/wp-content\/uploads\/2024\/04\/Mandy-WhatsApp-Randm.jpg 916w, https:\/\/vapebulkp.com\/wp-content\/uploads\/2024\/04\/Mandy-WhatsApp-Randm-282x300.jpg 282w, https:\/\/vapebulkp.com\/wp-content\/uploads\/2024\/04\/Mandy-WhatsApp-Randm-768x817.jpg 768w, https:\/\/vapebulkp.com\/wp-content\/uploads\/2024\/04\/Mandy-WhatsApp-Randm-600x638.jpg 600w\" sizes=\"(max-width: 261px) 100vw, 261px\" \/><\/p>\n<h4>Pensamos que le gustar\u00eda conocer las tendencias de vapeo en Espa\u00f1a de Bang con un vaporizador 36k Puffs:<\/h4>\n<h6>1. <strong>\u00bfC\u00f3mo funciona la funci\u00f3n de reconocimiento de huellas dactilares en el Bang Vape 36k Puffs?<\/strong><\/h6>\n<p><strong>Respuesta:<\/strong>La funci\u00f3n de reconocimiento de huellas dactilares a\u00f1ade una capa de seguridad a su vaporizador, asegurando que solo usted pueda activarlo. Esta funci\u00f3n est\u00e1 dise\u00f1ada para evitar el uso no autorizado, lo que la hace ideal para usuarios que valoran la privacidad y la seguridad en su experiencia de vapeo.<\/p>\n<h6>2. <strong>\u00bfEs realmente necesario el reconocimiento de huellas dactilares en Bang con un vaporizador?<\/strong><\/h6>\n<p><strong>Respuesta:<\/strong>Aunque no es esencial, la funci\u00f3n de reconocimiento de huellas dactilares se est\u00e1 convirtiendo en una tendencia popular entre los vapeadores expertos en tecnolog\u00eda que aprecian la innovaci\u00f3n y la seguridad mejorada. Asegura que su vaporizador est\u00e9 protegido de un uso indebido, especialmente en entornos sociales donde los dispositivos pueden ser f\u00e1cilmente compartidos o extraviados.<\/p>\n<h6>3. <strong>\u00bfAfecta la funci\u00f3n de huellas dactilares al rendimiento del Bang Vape 36k Puffs?<\/strong><\/h6>\n<p><strong>Respuesta<\/strong>: No, el reconocimiento de huellas dactilares no afecta al rendimiento. Funciona sin problemas en segundo plano, permiti\u00e9ndole desbloquear el dispositivo con un escaneo r\u00e1pido mientras disfruta de la misma experiencia de alta calidad de rendimiento y sabor por hasta 36,000 caladas.<\/p>\n<h6>4. \u00bfLa funci\u00f3n de huellas dactilares agota la bater\u00eda del Bang 36k Puffs m\u00e1s r\u00e1pido?<\/h6>\n<p><strong>Respuesta:<\/strong>El <strong>bater\u00eda de 850mAh<\/strong> est\u00e1 dise\u00f1ado para manejar los requisitos de energ\u00eda tanto del sensor de huellas dactilares como de la pantalla LCD sin un impacto significativo en la vida \u00fatil de la bater\u00eda. Puede disfrutar de un uso prolongado antes de necesitar una recarga.<\/p>\n<h5>Caracter\u00edsticas de Bang LCD Vape 36000 Puffs north vapes:<\/h5>\n<p><img decoding=\"async\" class=\"alignnone size-full wp-image-3008\" src=\"http:\/\/vapebulkp.com\/wp-content\/uploads\/2024\/10\/Bang-LCD-Vape-36000-Puffs-north-vapes-Features.png\" alt=\"Caracter\u00edsticas del Vape Bang LCD 36000 Puffs Espa\u00f1a\" width=\"797\" height=\"295\" srcset=\"https:\/\/vapebulkp.com\/wp-content\/uploads\/2024\/10\/Bang-LCD-Vape-36000-Puffs-north-vapes-Features.png 797w, https:\/\/vapebulkp.com\/wp-content\/uploads\/2024\/10\/Bang-LCD-Vape-36000-Puffs-north-vapes-Features-300x111.png 300w, https:\/\/vapebulkp.com\/wp-content\/uploads\/2024\/10\/Bang-LCD-Vape-36000-Puffs-north-vapes-Features-768x284.png 768w, https:\/\/vapebulkp.com\/wp-content\/uploads\/2024\/10\/Bang-LCD-Vape-36000-Puffs-north-vapes-Features-600x222.png 600w\" sizes=\"(max-width: 797px) 100vw, 797px\" \/><\/p>\n<p>&nbsp;<\/p>\n<h5><strong>Nuevo Estilo <\/strong><strong>36k Caladas Bang Vape sabores del norte:<\/strong><\/h5>\n<p>1.FRUTAS MEZCLADAS<br \/>\n2.TRIPLE BAYA<br \/>\n3.MELOCOT\u00d3N MANGO SAND\u00cdA<br \/>\n4.AR\u00c1NDANO FRAMBUESA<br \/>\n5.HIELO DE DRAG\u00d3N NEGRO<br \/>\n6.HIELO DE UVA<br \/>\n7.HIELO DE AR\u00c1NDANO<br \/>\n8.FRESA SAND\u00cdA<br \/>\n9.FRESA PL\u00c1TANO<br \/>\n10.FRESA KIWI<br \/>\n11.FRESA MANGO<br \/>\n12.HIELO DE SAND\u00cdA<\/p>\n<p><a href=\"https:\/\/vapebulkp.com\/es\/product\/popular-randm-tornado-7000puffs-disposable-vape-best-price\/\"><span style=\"vertical-align: inherit\">RandM Tornado 7000 Caladas <\/span><\/a><\/p>\n<p><span style=\"vertical-align: inherit\">Encuentra m\u00e1s productos que te puedan gustar:<\/span><em><a href=\"https:\/\/wa.me\/8618077105796\"><span style=\"vertical-align: inherit\">\u00a0C\u00f3mpralo ahora<\/span><\/a><\/em><\/p>\n<p><span style=\"vertical-align: inherit\">Otros vaporizadores que te pueden gustar:<\/span><a href=\"https:\/\/vapebulkp.com\/es\/product\/joymy-ultra15000puffs-best-disposable-vape-2023\/\"><span style=\"vertical-align: inherit\">JOYMY 15000 caladas<\/span><\/a><span style=\"vertical-align: inherit\">\u3001<\/span><a href=\"https:\/\/vapebulkp.com\/es\/product\/wholesale-randm-tornado-9000-puffs-germany\/\"><span style=\"vertical-align: inherit\">RandM 9000 Caladas<\/span><\/a><span style=\"vertical-align: inherit\">\/ <\/span><a href=\"https:\/\/vapebulkp.com\/es\/product\/bang-king-12000puffs\/\"><span style=\"vertical-align: inherit\">Bang King 12000 caladas<\/span><\/a><span style=\"vertical-align: inherit\">\/ <\/span><a href=\"https:\/\/vapebulkp.com\/es\/product\/wholesale-tornado-rum-bar-9000-puffs-sweden\/\"><span style=\"vertical-align: inherit\">Rumbar 9000 Caladas<\/span><\/a><\/p>\n<h5>Preguntas frecuentes:<\/h5>\n<p>P: \u00bfCu\u00e1l es el MOQ del vape ecol\u00f3gico Bang 36000 Puffs?<br \/>\nR: El pedido m\u00ednimo es de 100 unidades.<br \/>\nP: \u00bfCu\u00e1l es el tiempo de entrega para el vape de fume pedido?<br \/>\nR: Generalmente son de 10 a 15 d\u00edas despu\u00e9s del env\u00edo.<br \/>\nP: \u00bfCu\u00e1nto cuesta el env\u00edo? R: El costo de env\u00edo depende del peso. Diferentes cantidades tienen diferentes costos de env\u00edo, por favor cont\u00e1ctenos para confirmar el costo de env\u00edo.<\/p>\n<h4>Detalle de env\u00edo:<\/h4>\n<p><span style=\"color: #ff6600\">Tiempo de producci\u00f3n: 5-10 d\u00edas laborables<\/span><br \/>\n<span style=\"color: #ff6600\">Tiempo de env\u00edo: 8-14 d\u00edas laborables<\/span><\/p>\n<p>Todos los productos en nuestra tienda son 100% originales y aut\u00e9nticos, por lo que la compensaci\u00f3n de diez veces por productos falsos es la pol\u00edtica de nuestra tienda. Utilizamos canales log\u00edsticos como UPS\/DHL\/FEDEX\/DPD para entregarle los productos.<\/p>\n<p>Para los paquetes enviados a Espa\u00f1a, generalmente tardan 12 a 15 d\u00edas laborables en llegar. Actualizaremos la informaci\u00f3n de log\u00edstica para usted en tiempo real.<\/p>","protected":false},"excerpt":{"rendered":"<p>Mejor Vape Desechable 2025 Bang 36k caladas Precio al por Mayor Vape<\/p>\n<p><img decoding=\"async\" class=\"alignnone wp-image-2151\" src=\"http:\/\/vapebulkp.com\/wp-content\/uploads\/2024\/04\/Mandy-WhatsApp-Randm.jpg\" alt=\"Mandy WhatsApp Aleatorio\" width=\"281\" height=\"299\" srcset=\"https:\/\/vapebulkp.com\/wp-content\/uploads\/2024\/04\/Mandy-WhatsApp-Randm.jpg 916w, https:\/\/vapebulkp.com\/wp-content\/uploads\/2024\/04\/Mandy-WhatsApp-Randm-282x300.jpg 282w, https:\/\/vapebulkp.com\/wp-content\/uploads\/2024\/04\/Mandy-WhatsApp-Randm-768x817.jpg 768w, https:\/\/vapebulkp.com\/wp-content\/uploads\/2024\/04\/Mandy-WhatsApp-Randm-600x638.jpg 600w\" sizes=\"(max-width: 281px) 100vw, 281px\" \/><\/p>\n<p>Por favor, contacta con el WhatsApp de Mandy para obtener un precio con descuento<a href=\"https:\/\/wa.me\/8618077105796\">+8618077105796<\/a><\/p>\n<p><span style=\"color: #ff0000\">NOTA: Los precios en nuestro sitio web no incluyen los gastos de env\u00edo<\/span><\/p>\n<p>&nbsp;<\/p>","protected":false},"featured_media":3003,"comment_status":"open","ping_status":"closed","template":"","meta":{"_uag_custom_page_level_css":"","_lmt_disableupdate":"no","_lmt_disable":"","site-sidebar-layout":"default","site-content-layout":"content-boxed-container","ast-site-content-layout":"normal-width-container","site-content-style":"boxed","site-sidebar-style":"unboxed","ast-global-header-display":"","ast-banner-title-visibility":"","ast-main-header-display":"","ast-hfb-above-header-display":"","ast-hfb-below-header-display":"","ast-hfb-mobile-header-display":"","site-post-title":"","ast-breadcrumbs-content":"","ast-featured-img":"","footer-sml-layout":"","theme-transparent-header-meta":"default","adv-header-id-meta":"","stick-header-meta":"","header-above-stick-meta":"","header-main-stick-meta":"","header-below-stick-meta":"","astra-migrate-meta-layouts":"set","_joinchat":[]},"product_cat":[159,153,345,155,33,59,100,87,34,158,157,154,152,58,84,156,63,32],"product_tag":[130,93,36,37,91,41,40],"class_list":["post-3006","product","type-product","status-publish","has-post-thumbnail","hentry","product_cat-36000-puff-disposable-vape","product_cat-hot-disposable-vapes","product_cat-bang-vapes","product_cat-belgium-hot-disposable-vapes","product_cat-france-vape-hot-sale","product_cat-germany-hot-disposable-vape","product_cat-germany-wholesale-vape-shop","product_cat-minimum-order-quantity-50pcs","product_cat-netherlands-vape-good-sale","product_cat-norway-hot-disposable-vapes","product_cat-poland-hot-disposable-vapes","product_cat-portugal-hot-disposable-vapes","product_cat-spain-hot-disposable-vapes","product_cat-sweden-hot-disposable-vape","product_cat-sweden-wholesale-vape","product_cat-switzerland-hot-disposable-vapes","product_cat-top-sale-disposable-vape","product_cat-vape-hot-sale-this-week","product_tag-36000puffs","product_tag-bang-vape","product_tag-good-vape","product_tag-hot-sale-disposable-vape","product_tag-italy-hot-vape","product_tag-poland-hot-vape","product_tag-sweden-hot-vape","pa_brand-bang-vape","desktop-align-left","tablet-align-left","mobile-align-left"],"yoast_head":"<!-- This site is optimized with the Yoast SEO plugin v21.1 - https:\/\/yoast.com\/wordpress\/plugins\/seo\/ -->\n<title>Bang Vape 36k Puffs LCD Screen Fingerprint Recognition Disposable Vape - vapebulkp.com<\/title>\n<meta name=\"description\" content=\"Wholesale Price Bang Vape 36k Puffs Disposable Vape with LCD screen, fingerprint recognition, 850mAh rechargeable battery, 12 flavors, and 2\u20135% nicotine. Buy now!\" \/>\n<meta name=\"robots\" content=\"index, follow, max-snippet:-1, max-image-preview:large, max-video-preview:-1\" \/>\n<link rel=\"canonical\" href=\"https:\/\/vapebulkp.com\/es\/product\/bang-vape-36k-puffs-lcd-screen-fingerprint-recognition-disposable-vape\/\" \/>\n<meta property=\"og:locale\" content=\"es_ES\" \/>\n<meta property=\"og:type\" content=\"article\" \/>\n<meta property=\"og:title\" content=\"Bang Vape 36k Puffs LCD Screen Fingerprint Recognition Disposable Vape - vapebulkp.com\" \/>\n<meta property=\"og:description\" content=\"Wholesale Price Bang Vape 36k Puffs Disposable Vape with LCD screen, fingerprint recognition, 850mAh rechargeable battery, 12 flavors, and 2\u20135% nicotine. Buy now!\" \/>\n<meta property=\"og:url\" content=\"https:\/\/vapebulkp.com\/es\/product\/bang-vape-36k-puffs-lcd-screen-fingerprint-recognition-disposable-vape\/\" \/>\n<meta property=\"og:site_name\" content=\"vapebulkp.com\" \/>\n<meta property=\"article:modified_time\" content=\"2025-09-24T03:06:26+00:00\" \/>\n<meta property=\"og:image\" content=\"http:\/\/vapebulkp.com\/wp-content\/uploads\/2024\/10\/Bang-Vape-36000-Puffs-Disposable-Vape-LCD-screen-Big-Puffs-Tornado-Vape.jpg\" \/>\n\t<meta property=\"og:image:width\" content=\"1000\" \/>\n\t<meta property=\"og:image:height\" content=\"1000\" \/>\n\t<meta property=\"og:image:type\" content=\"image\/jpeg\" \/>\n<meta name=\"twitter:card\" content=\"summary_large_image\" \/>\n<meta name=\"twitter:label1\" content=\"Tiempo de lectura\" \/>\n\t<meta name=\"twitter:data1\" content=\"4 minutos\" \/>\n<script type=\"application\/ld+json\" class=\"yoast-schema-graph\">{\"@context\":\"https:\/\/schema.org\",\"@graph\":[{\"@type\":\"WebPage\",\"@id\":\"https:\/\/vapebulkp.com\/product\/bang-vape-36k-puffs-lcd-screen-fingerprint-recognition-disposable-vape\/\",\"url\":\"https:\/\/vapebulkp.com\/product\/bang-vape-36k-puffs-lcd-screen-fingerprint-recognition-disposable-vape\/\",\"name\":\"Bang Vape 36k Puffs LCD Screen Fingerprint Recognition Disposable Vape - vapebulkp.com\",\"isPartOf\":{\"@id\":\"https:\/\/vapebulkp.com\/#website\"},\"datePublished\":\"2024-10-14T06:38:55+00:00\",\"dateModified\":\"2025-09-24T03:06:26+00:00\",\"description\":\"Wholesale Price Bang Vape 36k Puffs Disposable Vape with LCD screen, fingerprint recognition, 850mAh rechargeable battery, 12 flavors, and 2\u20135% nicotine. Buy now!\",\"breadcrumb\":{\"@id\":\"https:\/\/vapebulkp.com\/product\/bang-vape-36k-puffs-lcd-screen-fingerprint-recognition-disposable-vape\/#breadcrumb\"},\"inLanguage\":\"es\",\"potentialAction\":[{\"@type\":\"ReadAction\",\"target\":[\"https:\/\/vapebulkp.com\/product\/bang-vape-36k-puffs-lcd-screen-fingerprint-recognition-disposable-vape\/\"]}]},{\"@type\":\"BreadcrumbList\",\"@id\":\"https:\/\/vapebulkp.com\/product\/bang-vape-36k-puffs-lcd-screen-fingerprint-recognition-disposable-vape\/#breadcrumb\",\"itemListElement\":[{\"@type\":\"ListItem\",\"position\":1,\"name\":\"Home\",\"item\":\"https:\/\/vapebulkp.com\/\"},{\"@type\":\"ListItem\",\"position\":2,\"name\":\"Hot Trend Vapes\",\"item\":\"https:\/\/vapebulkp.com\/vape-shop\/\"},{\"@type\":\"ListItem\",\"position\":3,\"name\":\"Bang Vape 36k Puffs LCD Screen Fingerprint Recognition Disposable Vape\"}]},{\"@type\":\"WebSite\",\"@id\":\"https:\/\/vapebulkp.com\/#website\",\"url\":\"https:\/\/vapebulkp.com\/\",\"name\":\"vapebulkp.com\",\"description\":\"Buy Vape In Cheap Bulk Price Near you\",\"publisher\":{\"@id\":\"https:\/\/vapebulkp.com\/#organization\"},\"potentialAction\":[{\"@type\":\"SearchAction\",\"target\":{\"@type\":\"EntryPoint\",\"urlTemplate\":\"https:\/\/vapebulkp.com\/?s={search_term_string}\"},\"query-input\":\"required name=search_term_string\"}],\"inLanguage\":\"es\"},{\"@type\":\"Organization\",\"@id\":\"https:\/\/vapebulkp.com\/#organization\",\"name\":\"vapebulkp.com\",\"url\":\"https:\/\/vapebulkp.com\/\",\"logo\":{\"@type\":\"ImageObject\",\"inLanguage\":\"es\",\"@id\":\"https:\/\/vapebulkp.com\/#\/schema\/logo\/image\/\",\"url\":\"https:\/\/vapebulkp.com\/wp-content\/uploads\/2023\/09\/cropped-vapebulkp.png\",\"contentUrl\":\"https:\/\/vapebulkp.com\/wp-content\/uploads\/2023\/09\/cropped-vapebulkp.png\",\"width\":516,\"height\":163,\"caption\":\"vapebulkp.com\"},\"image\":{\"@id\":\"https:\/\/vapebulkp.com\/#\/schema\/logo\/image\/\"}}]}<\/script>\n<!-- \/ Yoast SEO plugin. -->","yoast_head_json":{"title":"Bang Vape 36k Puffs LCD Screen Fingerprint Recognition Disposable Vape - vapebulkp.com","description":"Wholesale Price Bang Vape 36k Puffs Disposable Vape with LCD screen, fingerprint recognition, 850mAh rechargeable battery, 12 flavors, and 2\u20135% nicotine. Buy now!","robots":{"index":"index","follow":"follow","max-snippet":"max-snippet:-1","max-image-preview":"max-image-preview:large","max-video-preview":"max-video-preview:-1"},"canonical":"https:\/\/vapebulkp.com\/es\/product\/bang-vape-36k-puffs-lcd-screen-fingerprint-recognition-disposable-vape\/","og_locale":"es_ES","og_type":"article","og_title":"Bang Vape 36k Puffs LCD Screen Fingerprint Recognition Disposable Vape - vapebulkp.com","og_description":"Wholesale Price Bang Vape 36k Puffs Disposable Vape with LCD screen, fingerprint recognition, 850mAh rechargeable battery, 12 flavors, and 2\u20135% nicotine. Buy now!","og_url":"https:\/\/vapebulkp.com\/es\/product\/bang-vape-36k-puffs-lcd-screen-fingerprint-recognition-disposable-vape\/","og_site_name":"vapebulkp.com","article_modified_time":"2025-09-24T03:06:26+00:00","og_image":[{"width":1000,"height":1000,"url":"http:\/\/vapebulkp.com\/wp-content\/uploads\/2024\/10\/Bang-Vape-36000-Puffs-Disposable-Vape-LCD-screen-Big-Puffs-Tornado-Vape.jpg","type":"image\/jpeg"}],"twitter_card":"summary_large_image","twitter_misc":{"Tiempo de lectura":"4 minutos"},"schema":{"@context":"https:\/\/schema.org","@graph":[{"@type":"WebPage","@id":"https:\/\/vapebulkp.com\/product\/bang-vape-36k-puffs-lcd-screen-fingerprint-recognition-disposable-vape\/","url":"https:\/\/vapebulkp.com\/product\/bang-vape-36k-puffs-lcd-screen-fingerprint-recognition-disposable-vape\/","name":"Bang Vape 36k Puffs LCD Screen Fingerprint Recognition Disposable Vape - vapebulkp.com","isPartOf":{"@id":"https:\/\/vapebulkp.com\/#website"},"datePublished":"2024-10-14T06:38:55+00:00","dateModified":"2025-09-24T03:06:26+00:00","description":"Wholesale Price Bang Vape 36k Puffs Disposable Vape with LCD screen, fingerprint recognition, 850mAh rechargeable battery, 12 flavors, and 2\u20135% nicotine. Buy now!","breadcrumb":{"@id":"https:\/\/vapebulkp.com\/product\/bang-vape-36k-puffs-lcd-screen-fingerprint-recognition-disposable-vape\/#breadcrumb"},"inLanguage":"es","potentialAction":[{"@type":"ReadAction","target":["https:\/\/vapebulkp.com\/product\/bang-vape-36k-puffs-lcd-screen-fingerprint-recognition-disposable-vape\/"]}]},{"@type":"BreadcrumbList","@id":"https:\/\/vapebulkp.com\/product\/bang-vape-36k-puffs-lcd-screen-fingerprint-recognition-disposable-vape\/#breadcrumb","itemListElement":[{"@type":"ListItem","position":1,"name":"Home","item":"https:\/\/vapebulkp.com\/"},{"@type":"ListItem","position":2,"name":"Hot Trend Vapes","item":"https:\/\/vapebulkp.com\/vape-shop\/"},{"@type":"ListItem","position":3,"name":"Bang Vape 36k Puffs LCD Screen Fingerprint Recognition Disposable Vape"}]},{"@type":"WebSite","@id":"https:\/\/vapebulkp.com\/#website","url":"https:\/\/vapebulkp.com\/","name":"vapebulkp.com","description":"Buy Vape In Cheap Bulk Price Near you","publisher":{"@id":"https:\/\/vapebulkp.com\/#organization"},"potentialAction":[{"@type":"SearchAction","target":{"@type":"EntryPoint","urlTemplate":"https:\/\/vapebulkp.com\/?s={search_term_string}"},"query-input":"required name=search_term_string"}],"inLanguage":"es"},{"@type":"Organization","@id":"https:\/\/vapebulkp.com\/#organization","name":"vapebulkp.com","url":"https:\/\/vapebulkp.com\/","logo":{"@type":"ImageObject","inLanguage":"es","@id":"https:\/\/vapebulkp.com\/#\/schema\/logo\/image\/","url":"https:\/\/vapebulkp.com\/wp-content\/uploads\/2023\/09\/cropped-vapebulkp.png","contentUrl":"https:\/\/vapebulkp.com\/wp-content\/uploads\/2023\/09\/cropped-vapebulkp.png","width":516,"height":163,"caption":"vapebulkp.com"},"image":{"@id":"https:\/\/vapebulkp.com\/#\/schema\/logo\/image\/"}}]}},"uagb_featured_image_src":{"full":["https:\/\/vapebulkp.com\/wp-content\/uploads\/2024\/10\/Bang-Vape-36000-Puffs-Disposable-Vape-LCD-screen-Big-Puffs-Tornado-Vape.jpg",1000,1000,false],"thumbnail":["https:\/\/vapebulkp.com\/wp-content\/uploads\/2024\/10\/Bang-Vape-36000-Puffs-Disposable-Vape-LCD-screen-Big-Puffs-Tornado-Vape-150x150.jpg",150,150,true],"medium":["https:\/\/vapebulkp.com\/wp-content\/uploads\/2024\/10\/Bang-Vape-36000-Puffs-Disposable-Vape-LCD-screen-Big-Puffs-Tornado-Vape-300x300.jpg",300,300,true],"medium_large":["https:\/\/vapebulkp.com\/wp-content\/uploads\/2024\/10\/Bang-Vape-36000-Puffs-Disposable-Vape-LCD-screen-Big-Puffs-Tornado-Vape-768x768.jpg",768,768,true],"large":["https:\/\/vapebulkp.com\/wp-content\/uploads\/2024\/10\/Bang-Vape-36000-Puffs-Disposable-Vape-LCD-screen-Big-Puffs-Tornado-Vape.jpg",1000,1000,false],"1536x1536":["https:\/\/vapebulkp.com\/wp-content\/uploads\/2024\/10\/Bang-Vape-36000-Puffs-Disposable-Vape-LCD-screen-Big-Puffs-Tornado-Vape.jpg",1000,1000,false],"2048x2048":["https:\/\/vapebulkp.com\/wp-content\/uploads\/2024\/10\/Bang-Vape-36000-Puffs-Disposable-Vape-LCD-screen-Big-Puffs-Tornado-Vape.jpg",1000,1000,false],"trp-custom-language-flag":["https:\/\/vapebulkp.com\/wp-content\/uploads\/2024\/10\/Bang-Vape-36000-Puffs-Disposable-Vape-LCD-screen-Big-Puffs-Tornado-Vape.jpg",12,12,false],"woocommerce_thumbnail":["https:\/\/vapebulkp.com\/wp-content\/uploads\/2024\/10\/Bang-Vape-36000-Puffs-Disposable-Vape-LCD-screen-Big-Puffs-Tornado-Vape-300x300.jpg",300,300,true],"woocommerce_single":["https:\/\/vapebulkp.com\/wp-content\/uploads\/2024\/10\/Bang-Vape-36000-Puffs-Disposable-Vape-LCD-screen-Big-Puffs-Tornado-Vape-600x600.jpg",600,600,true],"woocommerce_gallery_thumbnail":["https:\/\/vapebulkp.com\/wp-content\/uploads\/2024\/10\/Bang-Vape-36000-Puffs-Disposable-Vape-LCD-screen-Big-Puffs-Tornado-Vape-100x100.jpg",100,100,true],"wcpr-photo-reviews":["https:\/\/vapebulkp.com\/wp-content\/uploads\/2024\/10\/Bang-Vape-36000-Puffs-Disposable-Vape-LCD-screen-Big-Puffs-Tornado-Vape.jpg",500,500,false]},"uagb_author_info":{"display_name":"Mandy vape bulk price","author_link":"https:\/\/vapebulkp.com\/es\/author\/"},"uagb_comment_info":0,"uagb_excerpt":"Best Disposable Vape 2025 Bang 36k puffs Wholesale Price Vape Pls Contact Mandy's WhatsApp For Discount Price+8618077105796 NOTE: Prices on our website does not include shipping costs &nbsp;","_links":{"self":[{"href":"https:\/\/vapebulkp.com\/es\/wp-json\/wp\/v2\/product\/3006","targetHints":{"allow":["GET"]}}],"collection":[{"href":"https:\/\/vapebulkp.com\/es\/wp-json\/wp\/v2\/product"}],"about":[{"href":"https:\/\/vapebulkp.com\/es\/wp-json\/wp\/v2\/types\/product"}],"replies":[{"embeddable":true,"href":"https:\/\/vapebulkp.com\/es\/wp-json\/wp\/v2\/comments?post=3006"}],"wp:featuredmedia":[{"embeddable":true,"href":"https:\/\/vapebulkp.com\/es\/wp-json\/wp\/v2\/media\/3003"}],"wp:attachment":[{"href":"https:\/\/vapebulkp.com\/es\/wp-json\/wp\/v2\/media?parent=3006"}],"wp:term":[{"taxonomy":"product_cat","embeddable":true,"href":"https:\/\/vapebulkp.com\/es\/wp-json\/wp\/v2\/product_cat?post=3006"},{"taxonomy":"product_tag","embeddable":true,"href":"https:\/\/vapebulkp.com\/es\/wp-json\/wp\/v2\/product_tag?post=3006"}],"curies":[{"name":"wp","href":"https:\/\/api.w.org\/{rel}","templated":true}]}}