{"id":3047,"date":"2024-10-23T09:54:46","date_gmt":"2024-10-23T07:54:46","guid":{"rendered":"https:\/\/vapebulkp.com\/?post_type=product&#038;p=3047"},"modified":"2025-09-08T05:08:08","modified_gmt":"2025-09-08T03:08:08","slug":"vapme-shisha-pro-max-20k-type-c-rechargeable-vape","status":"publish","type":"product","link":"https:\/\/vapebulkp.com\/es\/product\/vapme-shisha-pro-max-20k-type-c-rechargeable-vape\/","title":{"rendered":"Vapme Shisha PRO Max 20k Vape Recargable Tipo-C"},"content":{"rendered":"<h2>Vapme Shisha PRO Max 20k Vape Recargable Tipo-C<\/h2>\n<div class=\"flex max-w-full flex-col flex-grow\">\n<div class=\"min-h-8 text-message flex w-full flex-col items-end gap-2 whitespace-normal break-words [.text-message+&amp;]:mt-5\" dir=\"auto\" data-message-author-role=\"assistant\" data-message-id=\"d4e5856e-b87d-43e1-bf1b-fe5b0e62d5d8\" data-message-model-slug=\"gpt-4o\">\n<div class=\"flex w-full flex-col gap-1 empty:hidden first:pt-[3px]\">\n<div class=\"markdown prose w-full break-words dark:prose-invert light\">\n<p>El Vapme Shisha PRO Max 20k es un dispositivo de alto rendimiento <a href=\"https:\/\/vapebulkp.com\/es\/product-category\/20000-puffs-disposable-vape\/\">Vaper desechable de 20000 caladas<\/a> dise\u00f1ado para vapeadores europeos que exigen sabor y fiabilidad. Como vapeador recargable, cuenta con una bater\u00eda Tipo-C para una carga r\u00e1pida, asegurando sesiones ininterrumpidas durante todo el d\u00eda.<\/p>\n<p>Este vape shisha pre-llenado de alta capacidad con 20000 caladas viene con un dep\u00f3sito de e-l\u00edquido de 28 ml y una resistencia de malla de 0.6\u03a9, que ofrece vapor suave y sabor constante con cada calada. Su dise\u00f1o DTL (Directo a Pulm\u00f3n) lo hace perfecto para los entusiastas del vapeo que buscan grandes nubes, produciendo densas nubes y un intenso golpe de garganta con cada calada.<\/p>\n<p>Disponible en 24 sabores premium con una concentraci\u00f3n de nicotina del 2%, este dispositivo de vapeo port\u00e1til europeo premium satisface una amplia gama de preferencias de sabor. Ligero, ergon\u00f3mico y elegante, el Vapme Shisha PRO Max 20k combina comodidad, estilo y rendimiento. Ideal para minoristas europeos y compradores a granel, destaca en el mercado de vapes recargables de un solo uso por su alta capacidad y sus capacidades de producci\u00f3n de nubes.<\/p>\n<\/div>\n<\/div>\n<\/div>\n<\/div>\n<p><img decoding=\"async\" class=\"alignnone wp-image-3044\" src=\"http:\/\/vapebulkp.com\/wp-content\/uploads\/2024\/10\/Original-Vapme-Shisha-PRO-Max-20000-Puffs-Disposable-Vape.jpg\" alt=\"Vapeador Desechable Original Vapme Shisha PRO Max 20000 Caladas\" width=\"544\" height=\"374\" srcset=\"https:\/\/vapebulkp.com\/wp-content\/uploads\/2024\/10\/Original-Vapme-Shisha-PRO-Max-20000-Puffs-Disposable-Vape.jpg 1060w, https:\/\/vapebulkp.com\/wp-content\/uploads\/2024\/10\/Original-Vapme-Shisha-PRO-Max-20000-Puffs-Disposable-Vape-300x206.jpg 300w, https:\/\/vapebulkp.com\/wp-content\/uploads\/2024\/10\/Original-Vapme-Shisha-PRO-Max-20000-Puffs-Disposable-Vape-1024x704.jpg 1024w, https:\/\/vapebulkp.com\/wp-content\/uploads\/2024\/10\/Original-Vapme-Shisha-PRO-Max-20000-Puffs-Disposable-Vape-768x528.jpg 768w, https:\/\/vapebulkp.com\/wp-content\/uploads\/2024\/10\/Original-Vapme-Shisha-PRO-Max-20000-Puffs-Disposable-Vape-600x413.jpg 600w\" sizes=\"(max-width: 544px) 100vw, 544px\" \/><\/p>\n<h6 style=\"text-align: left\"><\/h6>\n<h6>Por favor, contacta con el WhatsApp de Mandy para obtener un precio con descuento<a href=\"https:\/\/wa.me\/8618077105796\">+8618077105796<\/a><\/h6>\n<p><img decoding=\"async\" class=\"alignnone wp-image-2151\" src=\"http:\/\/vapebulkp.com\/wp-content\/uploads\/2024\/04\/Mandy-WhatsApp-Randm.jpg\" alt=\"Mandy WhatsApp Aleatorio\" width=\"263\" height=\"280\" srcset=\"https:\/\/vapebulkp.com\/wp-content\/uploads\/2024\/04\/Mandy-WhatsApp-Randm.jpg 916w, https:\/\/vapebulkp.com\/wp-content\/uploads\/2024\/04\/Mandy-WhatsApp-Randm-282x300.jpg 282w, https:\/\/vapebulkp.com\/wp-content\/uploads\/2024\/04\/Mandy-WhatsApp-Randm-768x817.jpg 768w, https:\/\/vapebulkp.com\/wp-content\/uploads\/2024\/04\/Mandy-WhatsApp-Randm-600x638.jpg 600w\" sizes=\"(max-width: 263px) 100vw, 263px\" \/><\/p>\n<h2><span style=\"vertical-align: inherit\">Piensa que te gustar\u00eda saber sobre Vapme shisha Pro Max 20k Caladas:<\/span><\/h2>\n<p>&nbsp;<\/p>\n<h5><strong>1. \u00bfSe puede recargar el Vapme Shisha Pro Max 20k Caladas?<\/strong><\/h5>\n<p><strong>Respuesta: <\/strong>S\u00ed, el Vapme Shisha Pro Max 20k cuenta con un puerto de carga Tipo-C para una recarga r\u00e1pida y conveniente. Esto te permite mantener el dispositivo encendido durante toda su vida \u00fatil.<\/p>\n<h5><strong>2. \u00bfC\u00f3mo recargo el Vapme Shisha Pro Max 20k Caladas?<\/strong><\/h5>\n<p><strong>Respuesta: <\/strong>Para recargar el dispositivo, simplemente conecta un cable Tipo-C al puerto y ench\u00fafalo a una fuente de alimentaci\u00f3n USB. Se recomienda usar un cargador est\u00e1ndar para evitar la sobrecarga o da\u00f1ar la bater\u00eda.<\/p>\n<h5><strong>3. \u00bfQu\u00e9 debo tener en cuenta al recargar mi Vape Desechable de Larga Duraci\u00f3n 20000 Caladas Vapme shisha?<\/strong><\/h5>\n<p><strong>Respuesta: <\/strong>Aseg\u00farate de usar un cable de carga Tipo-C compatible y evita la sobrecarga de la bater\u00eda. Es mejor desconectar el cargador una vez que el dispositivo est\u00e9 completamente cargado para preservar la vida \u00fatil de la bater\u00eda.<\/p>\n<h5><strong>4. \u00bfQu\u00e9 tipo de resistencia se utiliza en el Vapme shisha Pro Max 20000 Caladas?<\/strong><\/h5>\n<p><strong>Respuesta: <\/strong>Este dispositivo est\u00e1 equipado con una resistencia de malla de 0.6\u03a9, dise\u00f1ada para mejorar tanto el sabor como la producci\u00f3n de vapor, ofreciendo una experiencia de vapeo suave y satisfactoria.<\/p>\n<h5><strong>5. \u00bfEl Vape Port\u00e1til con Resistencia de Malla Europa Vapme shisha vape Pro Max 20k soporta el vapeo Directo a Pulm\u00f3n (DTL)?<\/strong><\/h5>\n<p><strong>Respuesta: <\/strong>S\u00ed, el Vapme Shisha Pro Max 20k est\u00e1 dise\u00f1ado espec\u00edficamente para un estilo de vapeo Directo a Pulm\u00f3n (DTL), ofreciendo sabores intensos y nubes de vapor m\u00e1s grandes.<\/p>\n<h5><strong>6. \u00bfCu\u00e1les son los sabores disponibles y las concentraciones de nicotina para los Vapes Vapme shisha 20k Caladas?<\/strong><\/h5>\n<p><strong>Respuesta: <\/strong>El Vapme Shisha Pro Max 20k viene en 24 sabores diferentes, que van desde frutales hasta mentolados y mezclas ricas. Ofrece una concentraci\u00f3n de nicotina del 5%, dirigida a vapeadores que buscan un contenido de nicotina moderado.<\/p>\n<h5><strong>7. \u00bfC\u00f3mo s\u00e9 cu\u00e1ndo recargar mi JNR SHISHA Vapme shisha Pro Max 20000 Puffs?<\/strong><\/h5>\n<p><strong>Respuesta:<\/strong> Si notas una disminuci\u00f3n en la producci\u00f3n de vapor o un sabor m\u00e1s d\u00e9bil, puede que sea hora de recargar. Simplemente conecta el dispositivo usando el cable Tipo-C para asegurarte de que est\u00e9 listo para usar.<\/p>\n<p><span style=\"color: #ff6600\">Aviso: \u00a1no recargar toda la noche!<\/span><\/p>\n<p>&nbsp;<\/p>\n<h3><strong>Mejor Vaper Desechable Directo a Pulm\u00f3n Vapme shisha Pro Max 20000 Puffs \u2013 Especificaciones del Producto:<\/strong><\/h3>\n<ul>\n<li><strong>Capacidad de Caladas<\/strong>: 20.000+ caladas<\/li>\n<li><strong>Bater\u00eda<\/strong>: 850mAh, equipado con un puerto Tipo-C para una recarga r\u00e1pida y conveniente<\/li>\n<li><strong>Capacidad de e-l\u00edquido<\/strong>: 28mL de l\u00edquido de vapeo<\/li>\n<li><strong>Tecnolog\u00eda de la bobina<\/strong>: Resistencia de malla de 0.6\u03a9 para un sabor y producci\u00f3n de vapor mejorados<\/li>\n<li><strong>Concentraci\u00f3n de nicotina<\/strong>: 2%<\/li>\n<li><strong>Sabores<\/strong>: 24 opciones disponibles<\/li>\n<li><strong>Estilo de Vapeo<\/strong>: Experiencia directo a pulm\u00f3n (DTL) para un sabor intenso y mayor producci\u00f3n de nubes<\/li>\n<li><strong>Embalaje<\/strong>: 160 piezas por caja, con un peso total de 19.2 kg por caja<\/li>\n<\/ul>\n<h5>Vaper de Resistencia de Malla con Sabor Intenso para Amantes de Vapme shisha 20k Puffs:<\/h5>\n<p>1.Chicle de ar\u00e1ndanos<br \/>\n2. Maracuy\u00e1, kiwi y guayaba<br \/>\n3.Limonada de frambuesa azul<br \/>\n4.Fresa kiwi<br \/>\n5.Bayas mixtas<br \/>\n6.Fresa sand\u00eda<br \/>\n7.Pu\u00f1etazo de uva<br \/>\n8.Hielo de sand\u00eda<br \/>\n9.Melocot\u00f3n mango pi\u00f1a<br \/>\n10.Hielo de fresa<br \/>\n11.Melocot\u00f3n jugoso<br \/>\n12. Dama Asesina<br \/>\n13.Cereza y bayas<br \/>\n14.Ar\u00e1ndano y frambuesa<br \/>\n15. Amor 66<br \/>\n16.Toro de sand\u00eda<br \/>\n17.Uva de fresa<br \/>\n18.Caramelo de fresa y frambuesa<br \/>\n19.Mamba blanca<br \/>\n20.Sand\u00eda y cereza<br \/>\n21.Manzana congelada<br \/>\n22.Menta de lim\u00f3n<br \/>\n23.Hielo de grosella negra<br \/>\n24.Batido de pi\u00f1a<\/p>\n<p><span style=\"vertical-align: inherit\">Encuentra m\u00e1s productos que te puedan gustar:<\/span><em><a href=\"https:\/\/wa.me\/8618077105796\"><span style=\"vertical-align: inherit\">\u00a0C\u00f3mpralo ahora<\/span><\/a><\/em><\/p>\n<p><span style=\"vertical-align: inherit\">Otros vaporizadores que te pueden gustar:<\/span><a href=\"https:\/\/vapebulkp.com\/es\/product\/fumot-tornado-25k-puffs-cheap-price-disposable-vape\/\"><span style=\"vertical-align: inherit\">RandM Fumot Tornado 25000 Caladas<\/span><\/a><\/p>\n<p><a href=\"https:\/\/vapebulkp.com\/es\/product\/wholesale-randm-tornado-9000-puffs-germany\/\"><span style=\"vertical-align: inherit\">RandM Tornado 9000 caladas<\/span><\/a><\/p>\n<p><a href=\"https:\/\/vapebulkp.com\/es\/product\/uwin-crystal-10k-puff-long-lasting-disposable-vape-for-europe\/\"><span style=\"vertical-align: inherit\">UWIN Crystal 10000 Caladas<\/span><\/a><\/p>\n<p><a href=\"https:\/\/vapebulkp.com\/es\/product\/randm-fumot-tornado-30k-puffs-rechargeable-vapes-best-sale\/\"><span style=\"vertical-align: inherit\">Randm Vape 30k Caladas<\/span><\/a><\/p>\n<p><span style=\"vertical-align: inherit\">Cigarrillo electr\u00f3nico con forma especial:<\/span><a href=\"https:\/\/vapebulkp.com\/es\/product\/bang-king-pro-30k-puffs-top-selling-vape-in-europe\/\"><span style=\"vertical-align: inherit\">Bang King Pro 30000 Caladas<\/span><\/a><span style=\"vertical-align: inherit\">\/ <\/span><a href=\"https:\/\/vapebulkp.com\/es\/product\/waspe-tornado-vape-30k-puffs-fihp-best-long-lasting-vape\/\"><span style=\"vertical-align: inherit\">WASPE Tornado 30000 Caladas<\/span><\/a><span style=\"vertical-align: inherit\">\/<\/span><a href=\"https:\/\/vapebulkp.com\/es\/product\/uzy-bang-digital-15000puffs-led-display-e-cigarettes\/\"><span style=\"vertical-align: inherit\">UZY Bang Digital Box 15000 Caladas<\/span><\/a><\/p>\n<h4>Detalle de env\u00edo:<\/h4>\n<p><span style=\"color: #ff6600\">Tiempo de producci\u00f3n: 5-10 d\u00edas laborables<\/span><br \/>\n<span style=\"color: #ff6600\">Tiempo de env\u00edo: 8-14 d\u00edas laborables<\/span><\/p>\n<p>Todos los productos en nuestra tienda son 100% originales y aut\u00e9nticos, por lo que la compensaci\u00f3n de diez veces por productos falsos es la pol\u00edtica de nuestra tienda. Utilizamos canales log\u00edsticos como UPS\/DHL\/FEDEX\/DPD para entregarle los productos.<\/p>\n<p>Para los paquetes enviados a Espa\u00f1a, generalmente tardan 12 a 15 d\u00edas laborables en llegar. Actualizaremos la informaci\u00f3n de log\u00edstica para usted en tiempo real.<\/p>\n<p>Cont\u00e1ctenos y le ofreceremos Hazebar 12000 caladas para llevar su negocio a lo m\u00e1s alto.<\/p>","protected":false},"excerpt":{"rendered":"<p>Vapme Shisha Pro Max 20k Caladas para Minoristas Europeos<\/p>\n<p>Vape Vapme Shisha Recargable de 850 mAh, 20000 Caladas<br \/>\n<img decoding=\"async\" class=\"alignnone wp-image-2151\" src=\"http:\/\/vapebulkp.com\/wp-content\/uploads\/2024\/04\/Mandy-WhatsApp-Randm.jpg\" alt=\"Mandy WhatsApp Aleatorio\" width=\"238\" height=\"253\" srcset=\"https:\/\/vapebulkp.com\/wp-content\/uploads\/2024\/04\/Mandy-WhatsApp-Randm.jpg 916w, https:\/\/vapebulkp.com\/wp-content\/uploads\/2024\/04\/Mandy-WhatsApp-Randm-282x300.jpg 282w, https:\/\/vapebulkp.com\/wp-content\/uploads\/2024\/04\/Mandy-WhatsApp-Randm-768x817.jpg 768w, https:\/\/vapebulkp.com\/wp-content\/uploads\/2024\/04\/Mandy-WhatsApp-Randm-600x638.jpg 600w\" sizes=\"(max-width: 238px) 100vw, 238px\" \/><\/p>\n<p>Por favor, contacta con el WhatsApp de Mandy para obtener un precio con descuento<a href=\"https:\/\/wa.me\/8618077105796\">+8618077105796<\/a><\/p>\n<p><span style=\"color: #ff0000\">NOTA: Los precios en nuestro sitio web no incluyen los gastos de env\u00edo<\/span><\/p>","protected":false},"featured_media":3045,"comment_status":"open","ping_status":"closed","template":"","meta":{"_uag_custom_page_level_css":"","_lmt_disableupdate":"no","_lmt_disable":"","site-sidebar-layout":"default","site-content-layout":"content-boxed-container","ast-site-content-layout":"normal-width-container","site-content-style":"boxed","site-sidebar-style":"unboxed","ast-global-header-display":"","ast-banner-title-visibility":"","ast-main-header-display":"","ast-hfb-above-header-display":"","ast-hfb-below-header-display":"","ast-hfb-mobile-header-display":"","site-post-title":"","ast-breadcrumbs-content":"","ast-featured-img":"","footer-sml-layout":"","theme-transparent-header-meta":"default","adv-header-id-meta":"","stick-header-meta":"","header-above-stick-meta":"","header-main-stick-meta":"","header-below-stick-meta":"","astra-migrate-meta-layouts":"set","_joinchat":[]},"product_cat":[162,153,155,33,59,100,34,158,157,154,152,58,84,156,63,32],"product_tag":[77,36,37,91,105,41,71,40],"class_list":["post-3047","product","type-product","status-publish","has-post-thumbnail","hentry","product_cat-20000-puffs-disposable-vape","product_cat-hot-disposable-vapes","product_cat-belgium-hot-disposable-vapes","product_cat-france-vape-hot-sale","product_cat-germany-hot-disposable-vape","product_cat-germany-wholesale-vape-shop","product_cat-netherlands-vape-good-sale","product_cat-norway-hot-disposable-vapes","product_cat-poland-hot-disposable-vapes","product_cat-portugal-hot-disposable-vapes","product_cat-spain-hot-disposable-vapes","product_cat-sweden-hot-disposable-vape","product_cat-sweden-wholesale-vape","product_cat-switzerland-hot-disposable-vapes","product_cat-top-sale-disposable-vape","product_cat-vape-hot-sale-this-week","product_tag-15000-puffs","product_tag-good-vape","product_tag-hot-sale-disposable-vape","product_tag-italy-hot-vape","product_tag-jnr","product_tag-poland-hot-vape","product_tag-randm","product_tag-sweden-hot-vape","desktop-align-left","tablet-align-left","mobile-align-left"],"yoast_head":"<!-- This site is optimized with the Yoast SEO plugin v21.1 - https:\/\/yoast.com\/wordpress\/plugins\/seo\/ -->\n<title>Vapme Shisha PRO Max 20k Type-C Rechargeable Vape - vapebulkp.com<\/title>\n<meta name=\"description\" content=\"Vapme Shisha Pro Max 20k Puffs is a high-capacity rechargeable vape pen with 28mL e-liquid, 24 flavors, and 2% nicotine. Featuring mesh coil and DTL design for rich clouds, it\u2019s perfect for European retailers and cloud-chasing enthusiasts.\" \/>\n<meta name=\"robots\" content=\"index, follow, max-snippet:-1, max-image-preview:large, max-video-preview:-1\" \/>\n<link rel=\"canonical\" href=\"https:\/\/vapebulkp.com\/es\/product\/vapme-shisha-pro-max-20k-type-c-rechargeable-vape\/\" \/>\n<meta property=\"og:locale\" content=\"es_ES\" \/>\n<meta property=\"og:type\" content=\"article\" \/>\n<meta property=\"og:title\" content=\"Vapme Shisha PRO Max 20k Type-C Rechargeable Vape - vapebulkp.com\" \/>\n<meta property=\"og:description\" content=\"Vapme Shisha Pro Max 20k Puffs is a high-capacity rechargeable vape pen with 28mL e-liquid, 24 flavors, and 2% nicotine. Featuring mesh coil and DTL design for rich clouds, it\u2019s perfect for European retailers and cloud-chasing enthusiasts.\" \/>\n<meta property=\"og:url\" content=\"https:\/\/vapebulkp.com\/es\/product\/vapme-shisha-pro-max-20k-type-c-rechargeable-vape\/\" \/>\n<meta property=\"og:site_name\" content=\"vapebulkp.com\" \/>\n<meta property=\"article:modified_time\" content=\"2025-09-08T03:08:08+00:00\" \/>\n<meta property=\"og:image\" content=\"http:\/\/vapebulkp.com\/wp-content\/uploads\/2024\/10\/Vapme-Shisha-PRO-Max-20000-Puffs-Disposable-Vape-20k-Puffs-Vape.jpg\" \/>\n\t<meta property=\"og:image:width\" content=\"550\" \/>\n\t<meta property=\"og:image:height\" content=\"550\" \/>\n\t<meta property=\"og:image:type\" content=\"image\/jpeg\" \/>\n<meta name=\"twitter:card\" content=\"summary_large_image\" \/>\n<meta name=\"twitter:label1\" content=\"Tiempo de lectura\" \/>\n\t<meta name=\"twitter:data1\" content=\"4 minutos\" \/>\n<script type=\"application\/ld+json\" class=\"yoast-schema-graph\">{\"@context\":\"https:\/\/schema.org\",\"@graph\":[{\"@type\":\"WebPage\",\"@id\":\"https:\/\/vapebulkp.com\/product\/vapme-shisha-pro-max-20k-type-c-rechargeable-vape\/\",\"url\":\"https:\/\/vapebulkp.com\/product\/vapme-shisha-pro-max-20k-type-c-rechargeable-vape\/\",\"name\":\"Vapme Shisha PRO Max 20k Type-C Rechargeable Vape - vapebulkp.com\",\"isPartOf\":{\"@id\":\"https:\/\/vapebulkp.com\/#website\"},\"datePublished\":\"2024-10-23T07:54:46+00:00\",\"dateModified\":\"2025-09-08T03:08:08+00:00\",\"description\":\"Vapme Shisha Pro Max 20k Puffs is a high-capacity rechargeable vape pen with 28mL e-liquid, 24 flavors, and 2% nicotine. Featuring mesh coil and DTL design for rich clouds, it\u2019s perfect for European retailers and cloud-chasing enthusiasts.\",\"breadcrumb\":{\"@id\":\"https:\/\/vapebulkp.com\/product\/vapme-shisha-pro-max-20k-type-c-rechargeable-vape\/#breadcrumb\"},\"inLanguage\":\"es\",\"potentialAction\":[{\"@type\":\"ReadAction\",\"target\":[\"https:\/\/vapebulkp.com\/product\/vapme-shisha-pro-max-20k-type-c-rechargeable-vape\/\"]}]},{\"@type\":\"BreadcrumbList\",\"@id\":\"https:\/\/vapebulkp.com\/product\/vapme-shisha-pro-max-20k-type-c-rechargeable-vape\/#breadcrumb\",\"itemListElement\":[{\"@type\":\"ListItem\",\"position\":1,\"name\":\"Home\",\"item\":\"https:\/\/vapebulkp.com\/\"},{\"@type\":\"ListItem\",\"position\":2,\"name\":\"Hot Trend Vapes\",\"item\":\"https:\/\/vapebulkp.com\/vape-shop\/\"},{\"@type\":\"ListItem\",\"position\":3,\"name\":\"Vapme Shisha PRO Max 20k Type-C Rechargeable Vape\"}]},{\"@type\":\"WebSite\",\"@id\":\"https:\/\/vapebulkp.com\/#website\",\"url\":\"https:\/\/vapebulkp.com\/\",\"name\":\"vapebulkp.com\",\"description\":\"Buy Vape In Cheap Bulk Price Near you\",\"publisher\":{\"@id\":\"https:\/\/vapebulkp.com\/#organization\"},\"potentialAction\":[{\"@type\":\"SearchAction\",\"target\":{\"@type\":\"EntryPoint\",\"urlTemplate\":\"https:\/\/vapebulkp.com\/?s={search_term_string}\"},\"query-input\":\"required name=search_term_string\"}],\"inLanguage\":\"es\"},{\"@type\":\"Organization\",\"@id\":\"https:\/\/vapebulkp.com\/#organization\",\"name\":\"vapebulkp.com\",\"url\":\"https:\/\/vapebulkp.com\/\",\"logo\":{\"@type\":\"ImageObject\",\"inLanguage\":\"es\",\"@id\":\"https:\/\/vapebulkp.com\/#\/schema\/logo\/image\/\",\"url\":\"https:\/\/vapebulkp.com\/wp-content\/uploads\/2023\/09\/cropped-vapebulkp.png\",\"contentUrl\":\"https:\/\/vapebulkp.com\/wp-content\/uploads\/2023\/09\/cropped-vapebulkp.png\",\"width\":516,\"height\":163,\"caption\":\"vapebulkp.com\"},\"image\":{\"@id\":\"https:\/\/vapebulkp.com\/#\/schema\/logo\/image\/\"}}]}<\/script>\n<!-- \/ Yoast SEO plugin. -->","yoast_head_json":{"title":"Vapme Shisha PRO Max 20k Type-C Rechargeable Vape - vapebulkp.com","description":"Vapme Shisha Pro Max 20k Puffs is a high-capacity rechargeable vape pen with 28mL e-liquid, 24 flavors, and 2% nicotine. Featuring mesh coil and DTL design for rich clouds, it\u2019s perfect for European retailers and cloud-chasing enthusiasts.","robots":{"index":"index","follow":"follow","max-snippet":"max-snippet:-1","max-image-preview":"max-image-preview:large","max-video-preview":"max-video-preview:-1"},"canonical":"https:\/\/vapebulkp.com\/es\/product\/vapme-shisha-pro-max-20k-type-c-rechargeable-vape\/","og_locale":"es_ES","og_type":"article","og_title":"Vapme Shisha PRO Max 20k Type-C Rechargeable Vape - vapebulkp.com","og_description":"Vapme Shisha Pro Max 20k Puffs is a high-capacity rechargeable vape pen with 28mL e-liquid, 24 flavors, and 2% nicotine. Featuring mesh coil and DTL design for rich clouds, it\u2019s perfect for European retailers and cloud-chasing enthusiasts.","og_url":"https:\/\/vapebulkp.com\/es\/product\/vapme-shisha-pro-max-20k-type-c-rechargeable-vape\/","og_site_name":"vapebulkp.com","article_modified_time":"2025-09-08T03:08:08+00:00","og_image":[{"width":550,"height":550,"url":"http:\/\/vapebulkp.com\/wp-content\/uploads\/2024\/10\/Vapme-Shisha-PRO-Max-20000-Puffs-Disposable-Vape-20k-Puffs-Vape.jpg","type":"image\/jpeg"}],"twitter_card":"summary_large_image","twitter_misc":{"Tiempo de lectura":"4 minutos"},"schema":{"@context":"https:\/\/schema.org","@graph":[{"@type":"WebPage","@id":"https:\/\/vapebulkp.com\/product\/vapme-shisha-pro-max-20k-type-c-rechargeable-vape\/","url":"https:\/\/vapebulkp.com\/product\/vapme-shisha-pro-max-20k-type-c-rechargeable-vape\/","name":"Vapme Shisha PRO Max 20k Type-C Rechargeable Vape - vapebulkp.com","isPartOf":{"@id":"https:\/\/vapebulkp.com\/#website"},"datePublished":"2024-10-23T07:54:46+00:00","dateModified":"2025-09-08T03:08:08+00:00","description":"Vapme Shisha Pro Max 20k Puffs is a high-capacity rechargeable vape pen with 28mL e-liquid, 24 flavors, and 2% nicotine. Featuring mesh coil and DTL design for rich clouds, it\u2019s perfect for European retailers and cloud-chasing enthusiasts.","breadcrumb":{"@id":"https:\/\/vapebulkp.com\/product\/vapme-shisha-pro-max-20k-type-c-rechargeable-vape\/#breadcrumb"},"inLanguage":"es","potentialAction":[{"@type":"ReadAction","target":["https:\/\/vapebulkp.com\/product\/vapme-shisha-pro-max-20k-type-c-rechargeable-vape\/"]}]},{"@type":"BreadcrumbList","@id":"https:\/\/vapebulkp.com\/product\/vapme-shisha-pro-max-20k-type-c-rechargeable-vape\/#breadcrumb","itemListElement":[{"@type":"ListItem","position":1,"name":"Home","item":"https:\/\/vapebulkp.com\/"},{"@type":"ListItem","position":2,"name":"Hot Trend Vapes","item":"https:\/\/vapebulkp.com\/vape-shop\/"},{"@type":"ListItem","position":3,"name":"Vapme Shisha PRO Max 20k Type-C Rechargeable Vape"}]},{"@type":"WebSite","@id":"https:\/\/vapebulkp.com\/#website","url":"https:\/\/vapebulkp.com\/","name":"vapebulkp.com","description":"Buy Vape In Cheap Bulk Price Near you","publisher":{"@id":"https:\/\/vapebulkp.com\/#organization"},"potentialAction":[{"@type":"SearchAction","target":{"@type":"EntryPoint","urlTemplate":"https:\/\/vapebulkp.com\/?s={search_term_string}"},"query-input":"required name=search_term_string"}],"inLanguage":"es"},{"@type":"Organization","@id":"https:\/\/vapebulkp.com\/#organization","name":"vapebulkp.com","url":"https:\/\/vapebulkp.com\/","logo":{"@type":"ImageObject","inLanguage":"es","@id":"https:\/\/vapebulkp.com\/#\/schema\/logo\/image\/","url":"https:\/\/vapebulkp.com\/wp-content\/uploads\/2023\/09\/cropped-vapebulkp.png","contentUrl":"https:\/\/vapebulkp.com\/wp-content\/uploads\/2023\/09\/cropped-vapebulkp.png","width":516,"height":163,"caption":"vapebulkp.com"},"image":{"@id":"https:\/\/vapebulkp.com\/#\/schema\/logo\/image\/"}}]}},"uagb_featured_image_src":{"full":["https:\/\/vapebulkp.com\/wp-content\/uploads\/2024\/10\/Vapme-Shisha-PRO-Max-20000-Puffs-Disposable-Vape-20k-Puffs-Vape.jpg",550,550,false],"thumbnail":["https:\/\/vapebulkp.com\/wp-content\/uploads\/2024\/10\/Vapme-Shisha-PRO-Max-20000-Puffs-Disposable-Vape-20k-Puffs-Vape-150x150.jpg",150,150,true],"medium":["https:\/\/vapebulkp.com\/wp-content\/uploads\/2024\/10\/Vapme-Shisha-PRO-Max-20000-Puffs-Disposable-Vape-20k-Puffs-Vape-300x300.jpg",300,300,true],"medium_large":["https:\/\/vapebulkp.com\/wp-content\/uploads\/2024\/10\/Vapme-Shisha-PRO-Max-20000-Puffs-Disposable-Vape-20k-Puffs-Vape.jpg",550,550,false],"large":["https:\/\/vapebulkp.com\/wp-content\/uploads\/2024\/10\/Vapme-Shisha-PRO-Max-20000-Puffs-Disposable-Vape-20k-Puffs-Vape.jpg",550,550,false],"1536x1536":["https:\/\/vapebulkp.com\/wp-content\/uploads\/2024\/10\/Vapme-Shisha-PRO-Max-20000-Puffs-Disposable-Vape-20k-Puffs-Vape.jpg",550,550,false],"2048x2048":["https:\/\/vapebulkp.com\/wp-content\/uploads\/2024\/10\/Vapme-Shisha-PRO-Max-20000-Puffs-Disposable-Vape-20k-Puffs-Vape.jpg",550,550,false],"trp-custom-language-flag":["https:\/\/vapebulkp.com\/wp-content\/uploads\/2024\/10\/Vapme-Shisha-PRO-Max-20000-Puffs-Disposable-Vape-20k-Puffs-Vape.jpg",12,12,false],"woocommerce_thumbnail":["https:\/\/vapebulkp.com\/wp-content\/uploads\/2024\/10\/Vapme-Shisha-PRO-Max-20000-Puffs-Disposable-Vape-20k-Puffs-Vape-300x300.jpg",300,300,true],"woocommerce_single":["https:\/\/vapebulkp.com\/wp-content\/uploads\/2024\/10\/Vapme-Shisha-PRO-Max-20000-Puffs-Disposable-Vape-20k-Puffs-Vape.jpg",550,550,false],"woocommerce_gallery_thumbnail":["https:\/\/vapebulkp.com\/wp-content\/uploads\/2024\/10\/Vapme-Shisha-PRO-Max-20000-Puffs-Disposable-Vape-20k-Puffs-Vape-100x100.jpg",100,100,true],"wcpr-photo-reviews":["https:\/\/vapebulkp.com\/wp-content\/uploads\/2024\/10\/Vapme-Shisha-PRO-Max-20000-Puffs-Disposable-Vape-20k-Puffs-Vape.jpg",500,500,false]},"uagb_author_info":{"display_name":"Mandy vape bulk price","author_link":"https:\/\/vapebulkp.com\/es\/author\/"},"uagb_comment_info":0,"uagb_excerpt":"Vapme Shisha Pro Max 20k Puffs for European Retailers 850mAh Rechargeable VAPME shisha Vape 20000 Puffs Pls Contact Mandy's WhatsApp For Discount Price+8618077105796 NOTE: Prices on our website does not include shipping costs","_links":{"self":[{"href":"https:\/\/vapebulkp.com\/es\/wp-json\/wp\/v2\/product\/3047","targetHints":{"allow":["GET"]}}],"collection":[{"href":"https:\/\/vapebulkp.com\/es\/wp-json\/wp\/v2\/product"}],"about":[{"href":"https:\/\/vapebulkp.com\/es\/wp-json\/wp\/v2\/types\/product"}],"replies":[{"embeddable":true,"href":"https:\/\/vapebulkp.com\/es\/wp-json\/wp\/v2\/comments?post=3047"}],"wp:featuredmedia":[{"embeddable":true,"href":"https:\/\/vapebulkp.com\/es\/wp-json\/wp\/v2\/media\/3045"}],"wp:attachment":[{"href":"https:\/\/vapebulkp.com\/es\/wp-json\/wp\/v2\/media?parent=3047"}],"wp:term":[{"taxonomy":"product_cat","embeddable":true,"href":"https:\/\/vapebulkp.com\/es\/wp-json\/wp\/v2\/product_cat?post=3047"},{"taxonomy":"product_tag","embeddable":true,"href":"https:\/\/vapebulkp.com\/es\/wp-json\/wp\/v2\/product_tag?post=3047"}],"curies":[{"name":"wp","href":"https:\/\/api.w.org\/{rel}","templated":true}]}}