{"id":3118,"date":"2024-11-14T03:50:51","date_gmt":"2024-11-14T02:50:51","guid":{"rendered":"https:\/\/vapebulkp.com\/?post_type=product&#038;p=3118"},"modified":"2025-09-24T05:37:29","modified_gmt":"2025-09-24T03:37:29","slug":"jnr-media-max-40000-puffs-high-capacity-1000mah-disposable-vape","status":"publish","type":"product","link":"https:\/\/vapebulkp.com\/es\/product\/jnr-media-max-40000-puffs-high-capacity-1000mah-disposable-vape\/","title":{"rendered":"JNR Media Max 40000 Caladas Vaporizador Desechable de Alta Capacidad 1000mAh"},"content":{"rendered":"<h1 style=\"text-align: left\">JNR Media Max 40000 Caladas Vaporizador Desechable de Alta Capacidad 1000mAh<\/h1>\n<p data-start=\"342\" data-end=\"608\">El <strong data-start=\"386\" data-end=\"415\">JNR Media Max 40000 caladas<\/strong> es un dispositivo de alta capacidad <a href=\"https:\/\/vapebulkp.com\/es\/product-category\/40000-puffs-disposable-vape\/\"><strong data-start=\"435\" data-end=\"466\">Vaper desechable de 40000 caladas<\/strong><\/a> dise\u00f1ado para j\u00f3venes europeos. Con 21ml de e-l\u00edquido precargado y 5% de sal de nicotina, ofrece un vapor rico y suave para sesiones duraderas.<\/p>\n<p data-start=\"610\" data-end=\"957\">Alimentado por una bater\u00eda recargable de 1000mAh, soporta el Modo Regular hasta 40,000 caladas y el Modo Pulso alrededor de 20,000 caladas, asegurando un vapeo prolongado sin necesidad de recargas frecuentes. La pantalla t\u00e1ctil HD de 2.4 pulgadas muestra el contador de caladas, la bater\u00eda y las notificaciones. Caracter\u00edsticas inteligentes como el control remoto de la c\u00e1mara y la funci\u00f3n \u201cEncontrar Tu Tel\u00e9fono\u201d a\u00f1aden funcionalidad pr\u00e1ctica.<\/p>\n<p data-start=\"959\" data-end=\"1231\">Compacto, elegante y con tecnolog\u00eda avanzada, el <strong data-start=\"999\" data-end=\"1028\">JNR Media Max 40000 caladas<\/strong> ofrece un rendimiento fiable y comodidad. Enviado desde almacenes en la UE para una entrega r\u00e1pida y de alta calidad. Perfecto para aquellos que buscan un <strong data-start=\"1173\" data-end=\"1205\">vape desechable recargable<\/strong> con caracter\u00edsticas avanzadas.<\/p>\n<p><img decoding=\"async\" class=\"wp-image-3112\" src=\"http:\/\/vapebulkp.com\/wp-content\/uploads\/2024\/11\/Experience-40000-Puffs-with-JNR-MediaMax-Long-Lasting-1000mAh-Battery.jpg\" alt=\"Experimenta 40000 Caladas con JNR MediaMax Bater\u00eda de Larga Duraci\u00f3n de 1000mAh\" width=\"633\" height=\"633\" srcset=\"https:\/\/vapebulkp.com\/wp-content\/uploads\/2024\/11\/Experience-40000-Puffs-with-JNR-MediaMax-Long-Lasting-1000mAh-Battery.jpg 800w, https:\/\/vapebulkp.com\/wp-content\/uploads\/2024\/11\/Experience-40000-Puffs-with-JNR-MediaMax-Long-Lasting-1000mAh-Battery-300x300.jpg 300w, https:\/\/vapebulkp.com\/wp-content\/uploads\/2024\/11\/Experience-40000-Puffs-with-JNR-MediaMax-Long-Lasting-1000mAh-Battery-150x150.jpg 150w, https:\/\/vapebulkp.com\/wp-content\/uploads\/2024\/11\/Experience-40000-Puffs-with-JNR-MediaMax-Long-Lasting-1000mAh-Battery-768x768.jpg 768w, https:\/\/vapebulkp.com\/wp-content\/uploads\/2024\/11\/Experience-40000-Puffs-with-JNR-MediaMax-Long-Lasting-1000mAh-Battery-600x600.jpg 600w, https:\/\/vapebulkp.com\/wp-content\/uploads\/2024\/11\/Experience-40000-Puffs-with-JNR-MediaMax-Long-Lasting-1000mAh-Battery-100x100.jpg 100w\" sizes=\"(max-width: 633px) 100vw, 633px\" \/><\/p>\n<p>&nbsp;<\/p>\n<h6>Por favor, contacta con el WhatsApp de Mandy para obtener un precio con descuento<a href=\"https:\/\/wa.me\/8618077105796\">+8618077105796<\/a><\/h6>\n<p><img decoding=\"async\" class=\"alignnone wp-image-2151\" src=\"http:\/\/vapebulkp.com\/wp-content\/uploads\/2024\/04\/Mandy-WhatsApp-Randm.jpg\" alt=\"Mandy WhatsApp Aleatorio\" width=\"287\" height=\"305\" srcset=\"https:\/\/vapebulkp.com\/wp-content\/uploads\/2024\/04\/Mandy-WhatsApp-Randm.jpg 916w, https:\/\/vapebulkp.com\/wp-content\/uploads\/2024\/04\/Mandy-WhatsApp-Randm-282x300.jpg 282w, https:\/\/vapebulkp.com\/wp-content\/uploads\/2024\/04\/Mandy-WhatsApp-Randm-768x817.jpg 768w, https:\/\/vapebulkp.com\/wp-content\/uploads\/2024\/04\/Mandy-WhatsApp-Randm-600x638.jpg 600w\" sizes=\"(max-width: 287px) 100vw, 287px\" \/><\/p>\n<h3><strong>Por Qu\u00e9 Elegir Comprar JNR Media Max 40000 Puffs en <a href=\"https:\/\/vapebulkp.com\/es\/\">Vapebulkp.com<\/a>?<\/strong><\/h3>\n<p>En Vapebulkp.com, ofrecemos una selecci\u00f3n excepcional de vapes desechables de alta calidad, y el JNR Media Max 40000 Puffs no es una excepci\u00f3n. Al adquirir este avanzado dispositivo en nuestra plataforma, se le garantiza no solo productos de primera, sino tambi\u00e9n precios competitivos, entrega r\u00e1pida y una experiencia de compra fluida. <a href=\"https:\/\/vapebulkp.com\/es\/\">Vapebulkp.com<\/a> proporciona un entorno seguro y f\u00e1cil de usar para los entusiastas del vapeo que buscan dispositivos premium, incluyendo el JNR Media Max 40000 Puffs con sus impresionantes caracter\u00edsticas como una capacidad de 21ml de e-l\u00edquido, una bater\u00eda recargable de 1000mAh y 40,000 caladas en Modo Regular.<\/p>\n<p>Adem\u00e1s, Vapebulkp.com ofrece una amplia gama de otras marcas populares para adaptarse a sus preferencias de vapeo. Algunos de nuestros productos m\u00e1s vendidos incluyen el <a href=\"https:\/\/vapebulkp.com\/es\/product\/bang-king-pro-30k-puffs-top-selling-vape-in-europe\/\"><strong>Bang King 30000 caladas<\/strong><\/a>, el <strong>Vapme Crystal 20000 caladas<\/strong>y los <a href=\"https:\/\/vapebulkp.com\/es\/product\/fumot-tornado-25k-puffs-cheap-price-disposable-vape\/\"><strong>Fumot Tornado 25000 Caladas<\/strong><\/a>. Tambi\u00e9n contamos con <strong>Waspe Aivou 25000 caladas<\/strong>, el <strong>FIHP 9000 caladas<\/strong>y los <a href=\"https:\/\/vapebulkp.com\/es\/product\/vapsolo-super-15k-puffs-wholesale-price-e-cigarette\/\"><strong>Vapsolo S\u00faper 15000 Caladas<\/strong><\/a> vapes desechables. Con nuestra amplia selecci\u00f3n, precios competitivos y excelente servicio al cliente, Vapebulkp.com es el destino ideal para todas sus necesidades de vapeo.<\/p>\n<p>&nbsp;<\/p>\n<h3><strong>Precio al por Mayor JNR Media Max 40000 Puff Especificaciones:<\/strong><\/h3>\n<ul>\n<li><strong>Capacidad de Caladas<\/strong>: Hasta 40,000 caladas en Modo Regular \/ 20,000 caladas en Modo Pulso<\/li>\n<li><strong>Volumen de e-l\u00edquido<\/strong>: 21ml de e-l\u00edquido precargado para un uso duradero<\/li>\n<li><strong>Concentraci\u00f3n de nicotina<\/strong>5% (50mg)<\/li>\n<li><strong>Bater\u00eda<\/strong>: Bater\u00eda recargable de 1000mAh para una potencia prolongada<\/li>\n<li><strong>Pantalla<\/strong>: Pantalla t\u00e1ctil HD de 2.4 pulgadas para una f\u00e1cil navegaci\u00f3n<\/li>\n<li><strong>Modos<\/strong>: Modo Regular y Pulse para una experiencia de vapeo personalizable<\/li>\n<li><strong>Conectividad<\/strong>: Notificaciones de llamadas y mensajes<\/li>\n<li><strong>Funci\u00f3n de C\u00e1mara<\/strong>: Control remoto de la c\u00e1mara para fotos sin manos<\/li>\n<li><strong>Funci\u00f3n de Seguimiento<\/strong>: Funci\u00f3n 'Encuentra tu tel\u00e9fono' para mayor comodidad<\/li>\n<li><strong>Estilo de Vapeo<\/strong>: Dise\u00f1ado para vapeo MTL (boca-a-pulm\u00f3n)<\/li>\n<\/ul>\n<h3><strong>Long Last JNR Vape Media Max 40k Caladas<\/strong>\u00a0<strong>Lista de sabores:<\/strong><\/h3>\n<p>1. Blue Razz Hielo<br \/>\n2. Fresa Hielo<br \/>\n3. Sand\u00eda Hielo<br \/>\n4.Menta de Miami<br \/>\n5. Manzana \u00c1cida Hielo<br \/>\n6. Ar\u00e1ndano Sand\u00eda<br \/>\n7. Malditamente Fabuloso<br \/>\n8.Cereza, fresa, frambuesa<br \/>\n9.Melocot\u00f3n, mango, sand\u00eda<br \/>\n10.Fresa, pl\u00e1tano<\/p>\n<p><a href=\"https:\/\/vapebulkp.com\/es\/product\/popular-randm-tornado-7000puffs-disposable-vape-best-price\/\"><span style=\"vertical-align: inherit\">RandM Tornado 7000 Caladas <\/span><\/a><\/p>\n<p><span style=\"vertical-align: inherit\">Encuentra m\u00e1s productos que te puedan gustar:<\/span><em><a href=\"https:\/\/wa.me\/8618077105796\"><span style=\"vertical-align: inherit\">\u00a0C\u00f3mpralo ahora<\/span><\/a><\/em><\/p>\n<p><span style=\"vertical-align: inherit\">Otros vaporizadores que te pueden gustar:<\/span><a href=\"https:\/\/vapebulkp.com\/es\/product\/uzy-bang-king-12k-disposable-vape-affordable-price\/\"><span style=\"vertical-align: inherit\">UZY Bang King 12000 Caladas<\/span><\/a><span style=\"vertical-align: inherit\">\u3001<\/span><a href=\"https:\/\/vapebulkp.com\/es\/product\/wholesale-randm-tornado-9000-puffs-germany\/\"><span style=\"vertical-align: inherit\">RandM 9000 Caladas<\/span><\/a><span style=\"vertical-align: inherit\">\/ <\/span><a href=\"https:\/\/vapebulkp.com\/es\/product\/bang-king-12000puffs\/\"><span style=\"vertical-align: inherit\">Bang King 12000 caladas<\/span><\/a><span style=\"vertical-align: inherit\">\/ <\/span><a href=\"https:\/\/vapebulkp.com\/es\/product\/wholesale-tornado-rum-bar-9000-puffs-sweden\/\"><span style=\"vertical-align: inherit\">Rumbar 9000 Caladas<\/span><\/a><\/p>\n<p><span style=\"vertical-align: inherit\">Cigarrillo electr\u00f3nico con forma especial:<\/span><a href=\"https:\/\/vapebulkp.com\/es\/product\/wholesale-kulx-8000-puffs-disposable-vape\/\"><span style=\"vertical-align: inherit\">\u00a0Kulx 8000 Caladas<\/span><\/a><span style=\"vertical-align: inherit\">\/ <\/span><a href=\"https:\/\/vapebulkp.com\/es\/product\/original-bang-vape-box-20k-puff-disposable-vape\/\"><span style=\"vertical-align: inherit\">\u00a0Bang Box 20000 Caladas <\/span><\/a><span style=\"vertical-align: inherit\">\/<\/span><a href=\"https:\/\/vapebulkp.com\/es\/product\/wga-crystal-plus-16000-puffs-led-light-disposable-vape\/\"><span style=\"vertical-align: inherit\"> WGA Crystal 16000 Caladas<\/span><\/a><\/p>\n<h5><\/h5>\n<h5>Preguntas frecuentes:<\/h5>\n<ul>\n<li><strong>\u00bfCu\u00e1nto tiempo dura el vapeador desechable JNR Media Max 40000 Puffs?<\/strong><br \/>\nEl JNR Media Max ofrece hasta 40.000 caladas en modo normal y aproximadamente 20.000 caladas en modo Pulse, lo que lo convierte en uno de los vapes desechables de mayor duraci\u00f3n disponibles.<\/li>\n<li><strong>\u00bfCu\u00e1l es la concentraci\u00f3n de nicotina del JNR Media Max 40k Puffs?<\/strong><br \/>\nEl JNR Media Max viene con una concentraci\u00f3n de nicotina del 5% (50 mg), lo que proporciona un golpe de garganta satisfactorio para aquellos que prefieren una mayor concentraci\u00f3n de nicotina.<\/li>\n<li><strong>\u00bfCu\u00e1nto l\u00edquido de vapeo contiene el JNR Media Max 40000 Puffs?<\/strong><br \/>\nEste vapeador desechable contiene 21 ml de l\u00edquido precargado, dise\u00f1ado para un uso prolongado sin necesidad de recargas.<\/li>\n<li><strong>\u00bfC\u00f3mo se carga el JNR Media Max 40000 Puffs?<\/strong><br \/>\nEl dispositivo est\u00e1 equipado con una bater\u00eda recargable de 1000 mAh. Simplemente c\u00e1rguelo a trav\u00e9s del puerto USB-C para disfrutar de sesiones de vapeo prolongadas.<\/li>\n<\/ul>\n<h4>Detalle de env\u00edo:<\/h4>\n<p><span style=\"color: #ff6600\">Tiempo de producci\u00f3n: 5-10 d\u00edas laborables<\/span><br \/>\n<span style=\"color: #ff6600\">Tiempo de env\u00edo: 8-14 d\u00edas laborables<\/span><\/p>\n<p>Todos los productos en nuestra tienda son 100% originales y aut\u00e9nticos, por lo que la compensaci\u00f3n de diez veces por productos falsos es la pol\u00edtica de nuestra tienda. Utilizamos canales log\u00edsticos como UPS\/DHL\/FEDEX\/DPD para entregarle los productos.<\/p>\n<p>Para los paquetes enviados a Espa\u00f1a, generalmente tardan 12 a 15 d\u00edas laborables en llegar. Actualizaremos la informaci\u00f3n de log\u00edstica para usted en tiempo real.<\/p>","protected":false},"excerpt":{"rendered":"<p>Vape Desechable JNR Media Max 40000 Puffs, un dispositivo de alta capacidad y con tecnolog\u00eda incorporada que incluye 5% de nicotina, 21ml de e-l\u00edquido y caracter\u00edsticas innovadoras para una experiencia de vapeo sin igual.<\/p>\n<p><img decoding=\"async\" class=\"alignnone wp-image-2151\" src=\"http:\/\/vapebulkp.com\/wp-content\/uploads\/2024\/04\/Mandy-WhatsApp-Randm.jpg\" alt=\"Mandy WhatsApp Aleatorio\" width=\"234\" height=\"249\" srcset=\"https:\/\/vapebulkp.com\/wp-content\/uploads\/2024\/04\/Mandy-WhatsApp-Randm.jpg 916w, https:\/\/vapebulkp.com\/wp-content\/uploads\/2024\/04\/Mandy-WhatsApp-Randm-282x300.jpg 282w, https:\/\/vapebulkp.com\/wp-content\/uploads\/2024\/04\/Mandy-WhatsApp-Randm-768x817.jpg 768w, https:\/\/vapebulkp.com\/wp-content\/uploads\/2024\/04\/Mandy-WhatsApp-Randm-600x638.jpg 600w\" sizes=\"(max-width: 234px) 100vw, 234px\" \/><\/p>\n<p>&nbsp;<\/p>\n<p>Por favor, contacta con el WhatsApp de Mandy para obtener un precio con descuento<a href=\"https:\/\/wa.me\/8618077105796\">+8618077105796<\/a><\/p>\n<p><span style=\"color: #ff0000\">NOTA: Los precios en nuestro sitio web no incluyen los gastos de env\u00edo<\/span><\/p>\n<p>&nbsp;<\/p>","protected":false},"featured_media":3112,"comment_status":"open","ping_status":"closed","template":"","meta":{"_uag_custom_page_level_css":"","_lmt_disableupdate":"no","_lmt_disable":"","site-sidebar-layout":"default","site-content-layout":"content-boxed-container","ast-site-content-layout":"normal-width-container","site-content-style":"boxed","site-sidebar-style":"unboxed","ast-global-header-display":"","ast-banner-title-visibility":"","ast-main-header-display":"","ast-hfb-above-header-display":"","ast-hfb-below-header-display":"","ast-hfb-mobile-header-display":"","site-post-title":"","ast-breadcrumbs-content":"","ast-featured-img":"","footer-sml-layout":"","theme-transparent-header-meta":"default","adv-header-id-meta":"","stick-header-meta":"","header-above-stick-meta":"","header-main-stick-meta":"","header-below-stick-meta":"","astra-migrate-meta-layouts":"set","_joinchat":[]},"product_cat":[182,153,155,33,59,100,353,34,158,157,154,152,58,84,156,63,32],"product_tag":[109,36,37,41,40],"class_list":["post-3118","product","type-product","status-publish","has-post-thumbnail","hentry","product_cat-40000-puffs-disposable-vape","product_cat-hot-disposable-vapes","product_cat-belgium-hot-disposable-vapes","product_cat-france-vape-hot-sale","product_cat-germany-hot-disposable-vape","product_cat-germany-wholesale-vape-shop","product_cat-jnr-vape","product_cat-netherlands-vape-good-sale","product_cat-norway-hot-disposable-vapes","product_cat-poland-hot-disposable-vapes","product_cat-portugal-hot-disposable-vapes","product_cat-spain-hot-disposable-vapes","product_cat-sweden-hot-disposable-vape","product_cat-sweden-wholesale-vape","product_cat-switzerland-hot-disposable-vapes","product_cat-top-sale-disposable-vape","product_cat-vape-hot-sale-this-week","product_tag-20000-puffs","product_tag-good-vape","product_tag-hot-sale-disposable-vape","product_tag-poland-hot-vape","product_tag-sweden-hot-vape","pa_brand-jnr-vape","desktop-align-left","tablet-align-left","mobile-align-left"],"yoast_head":"<!-- This site is optimized with the Yoast SEO plugin v21.1 - https:\/\/yoast.com\/wordpress\/plugins\/seo\/ -->\n<title>JNR Media Max 40000 Puffs High Capacity 1000mAh Disposable Vape - vapebulkp.com % %<\/title>\n<meta name=\"description\" content=\"Buy the JNR Media Max 40000 Puffs, a high-capacity 40000 Puffs Disposable Vape with 1000mAh battery and 21ml e-liquid. Fast EU shipping \u2014 order yours today!\" \/>\n<meta name=\"robots\" content=\"index, follow, max-snippet:-1, max-image-preview:large, max-video-preview:-1\" \/>\n<link rel=\"canonical\" href=\"https:\/\/vapebulkp.com\/es\/product\/jnr-media-max-40000-puffs-high-capacity-1000mah-disposable-vape\/\" \/>\n<meta property=\"og:locale\" content=\"es_ES\" \/>\n<meta property=\"og:type\" content=\"article\" \/>\n<meta property=\"og:title\" content=\"JNR Media Max 40000 Puffs High Capacity 1000mAh Disposable Vape - vapebulkp.com % %\" \/>\n<meta property=\"og:description\" content=\"Buy the JNR Media Max 40000 Puffs, a high-capacity 40000 Puffs Disposable Vape with 1000mAh battery and 21ml e-liquid. Fast EU shipping \u2014 order yours today!\" \/>\n<meta property=\"og:url\" content=\"https:\/\/vapebulkp.com\/es\/product\/jnr-media-max-40000-puffs-high-capacity-1000mah-disposable-vape\/\" \/>\n<meta property=\"og:site_name\" content=\"vapebulkp.com\" \/>\n<meta property=\"article:modified_time\" content=\"2025-09-24T03:37:29+00:00\" \/>\n<meta property=\"og:image\" content=\"http:\/\/vapebulkp.com\/wp-content\/uploads\/2024\/11\/Experience-40000-Puffs-with-JNR-MediaMax-Long-Lasting-1000mAh-Battery.jpg\" \/>\n\t<meta property=\"og:image:width\" content=\"800\" \/>\n\t<meta property=\"og:image:height\" content=\"800\" \/>\n\t<meta property=\"og:image:type\" content=\"image\/jpeg\" \/>\n<meta name=\"twitter:card\" content=\"summary_large_image\" \/>\n<meta name=\"twitter:label1\" content=\"Tiempo de lectura\" \/>\n\t<meta name=\"twitter:data1\" content=\"4 minutos\" \/>\n<script type=\"application\/ld+json\" class=\"yoast-schema-graph\">{\"@context\":\"https:\/\/schema.org\",\"@graph\":[{\"@type\":\"WebPage\",\"@id\":\"https:\/\/vapebulkp.com\/product\/jnr-media-max-40000-puffs-high-capacity-1000mah-disposable-vape\/\",\"url\":\"https:\/\/vapebulkp.com\/product\/jnr-media-max-40000-puffs-high-capacity-1000mah-disposable-vape\/\",\"name\":\"JNR Media Max 40000 Puffs High Capacity 1000mAh Disposable Vape - vapebulkp.com % %\",\"isPartOf\":{\"@id\":\"https:\/\/vapebulkp.com\/#website\"},\"datePublished\":\"2024-11-14T02:50:51+00:00\",\"dateModified\":\"2025-09-24T03:37:29+00:00\",\"description\":\"Buy the JNR Media Max 40000 Puffs, a high-capacity 40000 Puffs Disposable Vape with 1000mAh battery and 21ml e-liquid. Fast EU shipping \u2014 order yours today!\",\"breadcrumb\":{\"@id\":\"https:\/\/vapebulkp.com\/product\/jnr-media-max-40000-puffs-high-capacity-1000mah-disposable-vape\/#breadcrumb\"},\"inLanguage\":\"es\",\"potentialAction\":[{\"@type\":\"ReadAction\",\"target\":[\"https:\/\/vapebulkp.com\/product\/jnr-media-max-40000-puffs-high-capacity-1000mah-disposable-vape\/\"]}]},{\"@type\":\"BreadcrumbList\",\"@id\":\"https:\/\/vapebulkp.com\/product\/jnr-media-max-40000-puffs-high-capacity-1000mah-disposable-vape\/#breadcrumb\",\"itemListElement\":[{\"@type\":\"ListItem\",\"position\":1,\"name\":\"Home\",\"item\":\"https:\/\/vapebulkp.com\/\"},{\"@type\":\"ListItem\",\"position\":2,\"name\":\"Hot Trend Vapes\",\"item\":\"https:\/\/vapebulkp.com\/vape-shop\/\"},{\"@type\":\"ListItem\",\"position\":3,\"name\":\"JNR Media Max 40000 Puffs High Capacity 1000mAh Disposable Vape\"}]},{\"@type\":\"WebSite\",\"@id\":\"https:\/\/vapebulkp.com\/#website\",\"url\":\"https:\/\/vapebulkp.com\/\",\"name\":\"vapebulkp.com\",\"description\":\"Buy Vape In Cheap Bulk Price Near you\",\"publisher\":{\"@id\":\"https:\/\/vapebulkp.com\/#organization\"},\"potentialAction\":[{\"@type\":\"SearchAction\",\"target\":{\"@type\":\"EntryPoint\",\"urlTemplate\":\"https:\/\/vapebulkp.com\/?s={search_term_string}\"},\"query-input\":\"required name=search_term_string\"}],\"inLanguage\":\"es\"},{\"@type\":\"Organization\",\"@id\":\"https:\/\/vapebulkp.com\/#organization\",\"name\":\"vapebulkp.com\",\"url\":\"https:\/\/vapebulkp.com\/\",\"logo\":{\"@type\":\"ImageObject\",\"inLanguage\":\"es\",\"@id\":\"https:\/\/vapebulkp.com\/#\/schema\/logo\/image\/\",\"url\":\"https:\/\/vapebulkp.com\/wp-content\/uploads\/2023\/09\/cropped-vapebulkp.png\",\"contentUrl\":\"https:\/\/vapebulkp.com\/wp-content\/uploads\/2023\/09\/cropped-vapebulkp.png\",\"width\":516,\"height\":163,\"caption\":\"vapebulkp.com\"},\"image\":{\"@id\":\"https:\/\/vapebulkp.com\/#\/schema\/logo\/image\/\"}}]}<\/script>\n<!-- \/ Yoast SEO plugin. -->","yoast_head_json":{"title":"JNR Media Max 40000 Puffs High Capacity 1000mAh Disposable Vape - vapebulkp.com % %","description":"Buy the JNR Media Max 40000 Puffs, a high-capacity 40000 Puffs Disposable Vape with 1000mAh battery and 21ml e-liquid. Fast EU shipping \u2014 order yours today!","robots":{"index":"index","follow":"follow","max-snippet":"max-snippet:-1","max-image-preview":"max-image-preview:large","max-video-preview":"max-video-preview:-1"},"canonical":"https:\/\/vapebulkp.com\/es\/product\/jnr-media-max-40000-puffs-high-capacity-1000mah-disposable-vape\/","og_locale":"es_ES","og_type":"article","og_title":"JNR Media Max 40000 Puffs High Capacity 1000mAh Disposable Vape - vapebulkp.com % %","og_description":"Buy the JNR Media Max 40000 Puffs, a high-capacity 40000 Puffs Disposable Vape with 1000mAh battery and 21ml e-liquid. Fast EU shipping \u2014 order yours today!","og_url":"https:\/\/vapebulkp.com\/es\/product\/jnr-media-max-40000-puffs-high-capacity-1000mah-disposable-vape\/","og_site_name":"vapebulkp.com","article_modified_time":"2025-09-24T03:37:29+00:00","og_image":[{"width":800,"height":800,"url":"http:\/\/vapebulkp.com\/wp-content\/uploads\/2024\/11\/Experience-40000-Puffs-with-JNR-MediaMax-Long-Lasting-1000mAh-Battery.jpg","type":"image\/jpeg"}],"twitter_card":"summary_large_image","twitter_misc":{"Tiempo de lectura":"4 minutos"},"schema":{"@context":"https:\/\/schema.org","@graph":[{"@type":"WebPage","@id":"https:\/\/vapebulkp.com\/product\/jnr-media-max-40000-puffs-high-capacity-1000mah-disposable-vape\/","url":"https:\/\/vapebulkp.com\/product\/jnr-media-max-40000-puffs-high-capacity-1000mah-disposable-vape\/","name":"JNR Media Max 40000 Puffs High Capacity 1000mAh Disposable Vape - vapebulkp.com % %","isPartOf":{"@id":"https:\/\/vapebulkp.com\/#website"},"datePublished":"2024-11-14T02:50:51+00:00","dateModified":"2025-09-24T03:37:29+00:00","description":"Buy the JNR Media Max 40000 Puffs, a high-capacity 40000 Puffs Disposable Vape with 1000mAh battery and 21ml e-liquid. Fast EU shipping \u2014 order yours today!","breadcrumb":{"@id":"https:\/\/vapebulkp.com\/product\/jnr-media-max-40000-puffs-high-capacity-1000mah-disposable-vape\/#breadcrumb"},"inLanguage":"es","potentialAction":[{"@type":"ReadAction","target":["https:\/\/vapebulkp.com\/product\/jnr-media-max-40000-puffs-high-capacity-1000mah-disposable-vape\/"]}]},{"@type":"BreadcrumbList","@id":"https:\/\/vapebulkp.com\/product\/jnr-media-max-40000-puffs-high-capacity-1000mah-disposable-vape\/#breadcrumb","itemListElement":[{"@type":"ListItem","position":1,"name":"Home","item":"https:\/\/vapebulkp.com\/"},{"@type":"ListItem","position":2,"name":"Hot Trend Vapes","item":"https:\/\/vapebulkp.com\/vape-shop\/"},{"@type":"ListItem","position":3,"name":"JNR Media Max 40000 Puffs High Capacity 1000mAh Disposable Vape"}]},{"@type":"WebSite","@id":"https:\/\/vapebulkp.com\/#website","url":"https:\/\/vapebulkp.com\/","name":"vapebulkp.com","description":"Buy Vape In Cheap Bulk Price Near you","publisher":{"@id":"https:\/\/vapebulkp.com\/#organization"},"potentialAction":[{"@type":"SearchAction","target":{"@type":"EntryPoint","urlTemplate":"https:\/\/vapebulkp.com\/?s={search_term_string}"},"query-input":"required name=search_term_string"}],"inLanguage":"es"},{"@type":"Organization","@id":"https:\/\/vapebulkp.com\/#organization","name":"vapebulkp.com","url":"https:\/\/vapebulkp.com\/","logo":{"@type":"ImageObject","inLanguage":"es","@id":"https:\/\/vapebulkp.com\/#\/schema\/logo\/image\/","url":"https:\/\/vapebulkp.com\/wp-content\/uploads\/2023\/09\/cropped-vapebulkp.png","contentUrl":"https:\/\/vapebulkp.com\/wp-content\/uploads\/2023\/09\/cropped-vapebulkp.png","width":516,"height":163,"caption":"vapebulkp.com"},"image":{"@id":"https:\/\/vapebulkp.com\/#\/schema\/logo\/image\/"}}]}},"uagb_featured_image_src":{"full":["https:\/\/vapebulkp.com\/wp-content\/uploads\/2024\/11\/Experience-40000-Puffs-with-JNR-MediaMax-Long-Lasting-1000mAh-Battery.jpg",800,800,false],"thumbnail":["https:\/\/vapebulkp.com\/wp-content\/uploads\/2024\/11\/Experience-40000-Puffs-with-JNR-MediaMax-Long-Lasting-1000mAh-Battery-150x150.jpg",150,150,true],"medium":["https:\/\/vapebulkp.com\/wp-content\/uploads\/2024\/11\/Experience-40000-Puffs-with-JNR-MediaMax-Long-Lasting-1000mAh-Battery-300x300.jpg",300,300,true],"medium_large":["https:\/\/vapebulkp.com\/wp-content\/uploads\/2024\/11\/Experience-40000-Puffs-with-JNR-MediaMax-Long-Lasting-1000mAh-Battery-768x768.jpg",768,768,true],"large":["https:\/\/vapebulkp.com\/wp-content\/uploads\/2024\/11\/Experience-40000-Puffs-with-JNR-MediaMax-Long-Lasting-1000mAh-Battery.jpg",800,800,false],"1536x1536":["https:\/\/vapebulkp.com\/wp-content\/uploads\/2024\/11\/Experience-40000-Puffs-with-JNR-MediaMax-Long-Lasting-1000mAh-Battery.jpg",800,800,false],"2048x2048":["https:\/\/vapebulkp.com\/wp-content\/uploads\/2024\/11\/Experience-40000-Puffs-with-JNR-MediaMax-Long-Lasting-1000mAh-Battery.jpg",800,800,false],"trp-custom-language-flag":["https:\/\/vapebulkp.com\/wp-content\/uploads\/2024\/11\/Experience-40000-Puffs-with-JNR-MediaMax-Long-Lasting-1000mAh-Battery.jpg",12,12,false],"woocommerce_thumbnail":["https:\/\/vapebulkp.com\/wp-content\/uploads\/2024\/11\/Experience-40000-Puffs-with-JNR-MediaMax-Long-Lasting-1000mAh-Battery-300x300.jpg",300,300,true],"woocommerce_single":["https:\/\/vapebulkp.com\/wp-content\/uploads\/2024\/11\/Experience-40000-Puffs-with-JNR-MediaMax-Long-Lasting-1000mAh-Battery-600x600.jpg",600,600,true],"woocommerce_gallery_thumbnail":["https:\/\/vapebulkp.com\/wp-content\/uploads\/2024\/11\/Experience-40000-Puffs-with-JNR-MediaMax-Long-Lasting-1000mAh-Battery-100x100.jpg",100,100,true],"wcpr-photo-reviews":["https:\/\/vapebulkp.com\/wp-content\/uploads\/2024\/11\/Experience-40000-Puffs-with-JNR-MediaMax-Long-Lasting-1000mAh-Battery.jpg",500,500,false]},"uagb_author_info":{"display_name":"Mandy vape bulk price","author_link":"https:\/\/vapebulkp.com\/es\/author\/"},"uagb_comment_info":0,"uagb_excerpt":"JNR Media Max 40000 Puffs Disposable Vapea ,high-capacity, tech-infused device with 5% nicotine, 21ml e-liquid, and innovative features for an unparalleled vaping experience. &nbsp; Pls Contact Mandy's WhatsApp For Discount Price+8618077105796 NOTE: Prices on our website does not include shipping costs &nbsp;","_links":{"self":[{"href":"https:\/\/vapebulkp.com\/es\/wp-json\/wp\/v2\/product\/3118","targetHints":{"allow":["GET"]}}],"collection":[{"href":"https:\/\/vapebulkp.com\/es\/wp-json\/wp\/v2\/product"}],"about":[{"href":"https:\/\/vapebulkp.com\/es\/wp-json\/wp\/v2\/types\/product"}],"replies":[{"embeddable":true,"href":"https:\/\/vapebulkp.com\/es\/wp-json\/wp\/v2\/comments?post=3118"}],"wp:featuredmedia":[{"embeddable":true,"href":"https:\/\/vapebulkp.com\/es\/wp-json\/wp\/v2\/media\/3112"}],"wp:attachment":[{"href":"https:\/\/vapebulkp.com\/es\/wp-json\/wp\/v2\/media?parent=3118"}],"wp:term":[{"taxonomy":"product_cat","embeddable":true,"href":"https:\/\/vapebulkp.com\/es\/wp-json\/wp\/v2\/product_cat?post=3118"},{"taxonomy":"product_tag","embeddable":true,"href":"https:\/\/vapebulkp.com\/es\/wp-json\/wp\/v2\/product_tag?post=3118"}],"curies":[{"name":"wp","href":"https:\/\/api.w.org\/{rel}","templated":true}]}}