{"id":3207,"date":"2024-12-02T04:31:56","date_gmt":"2024-12-02T03:31:56","guid":{"rendered":"https:\/\/vapebulkp.com\/?post_type=product&#038;p=3207"},"modified":"2025-09-24T05:17:27","modified_gmt":"2025-09-24T03:17:27","slug":"wholesale-price-bang-kingdoms-rex-32000-puffs-vape-pod","status":"publish","type":"product","link":"https:\/\/vapebulkp.com\/es\/product\/wholesale-price-bang-kingdoms-rex-32000-puffs-vape-pod\/","title":{"rendered":"Precio al por mayor Bang Kingdoms rex 32000 Puffs Vape Pod"},"content":{"rendered":"<h2 style=\"text-align: left\">Precio al por mayor Bang Kingdoms rex 32000 Puffs Vape Pod<\/h2>\n<p>&nbsp;<\/p>\n<p data-start=\"244\" data-end=\"534\">El <strong data-start=\"248\" data-end=\"297\">Vaper desechable Bang Kingdoms rex 32000 Puffs<\/strong> est\u00e1 dise\u00f1ado para un rendimiento duradero y una satisfacci\u00f3n de vapeo de primera calidad. Con <strong data-start=\"379\" data-end=\"410\">c\u00e1maras duales de 28 ml de e-l\u00edquido<\/strong> y opciones de <strong data-start=\"426\" data-end=\"456\">2% o 5% de concentraci\u00f3n de nicotina<\/strong>, ofrece un golpe suave y potente adaptado a las preferencias de los adultos j\u00f3venes.<\/p>\n<p data-start=\"536\" data-end=\"815\">Equipado con una <strong data-start=\"552\" data-end=\"583\">bater\u00eda recargable de 650 mAh<\/strong> y un <strong data-start=\"588\" data-end=\"612\">carga r\u00e1pida Tipo-C<\/strong>, este dispositivo garantiza sesiones de vapeo ininterrumpidas. El <strong data-start=\"669\" data-end=\"702\">sistema de calentamiento de bobina de malla de 1.0\u03a9<\/strong> garantiza un vapor consistente y un sabor intenso, lo que lo convierte en una opci\u00f3n fiable para el uso diario u ocasiones sociales.<\/p>\n<p data-start=\"817\" data-end=\"1123\">Dise\u00f1ado pensando en mayoristas y minoristas, el <a href=\"https:\/\/vapebulkp.com\/es\/product\/wholesale-price-bang-kingdoms-rex-32000-puffs-vape-pod\/\">Bang Kingdoms rex 32000 caladas<\/a> permite <strong data-start=\"909\" data-end=\"938\">personalizaci\u00f3n OEM y ODM<\/strong>, proporcionando soluciones flexibles para el mercado europeo.<\/p>\n<p data-start=\"1125\" data-end=\"1329\">Junto con otros modelos populares como Bang Kingdoms rex 32000 Puffs y <a href=\"https:\/\/vapebulkp.com\/es\/product-category\/32000-puffs-disposable-vape\/\"><strong>Vaper desechable de 32000 caladas<\/strong><\/a>, el Bang Kingdoms rex 32000 Puffs refuerza su posici\u00f3n como un producto de alta venta en todos los mercados de la UE.<\/p>\n<p><img decoding=\"async\" class=\"wp-image-3206\" src=\"http:\/\/vapebulkp.com\/wp-content\/uploads\/2024\/12\/bang-kingdoms-rex-32000-Puffs-good-Vape-pod-Bulk-price.jpg\" alt=\"bang kingdoms rex 32000 Puffs buen Vape pod precio al por mayor\" width=\"508\" height=\"508\" srcset=\"https:\/\/vapebulkp.com\/wp-content\/uploads\/2024\/12\/bang-kingdoms-rex-32000-Puffs-good-Vape-pod-Bulk-price.jpg 800w, https:\/\/vapebulkp.com\/wp-content\/uploads\/2024\/12\/bang-kingdoms-rex-32000-Puffs-good-Vape-pod-Bulk-price-300x300.jpg 300w, https:\/\/vapebulkp.com\/wp-content\/uploads\/2024\/12\/bang-kingdoms-rex-32000-Puffs-good-Vape-pod-Bulk-price-150x150.jpg 150w, https:\/\/vapebulkp.com\/wp-content\/uploads\/2024\/12\/bang-kingdoms-rex-32000-Puffs-good-Vape-pod-Bulk-price-768x768.jpg 768w, https:\/\/vapebulkp.com\/wp-content\/uploads\/2024\/12\/bang-kingdoms-rex-32000-Puffs-good-Vape-pod-Bulk-price-600x600.jpg 600w, https:\/\/vapebulkp.com\/wp-content\/uploads\/2024\/12\/bang-kingdoms-rex-32000-Puffs-good-Vape-pod-Bulk-price-100x100.jpg 100w\" sizes=\"(max-width: 508px) 100vw, 508px\" \/><\/p>\n<h6><\/h6>\n<p><img decoding=\"async\" class=\"alignnone wp-image-2151\" src=\"http:\/\/vapebulkp.com\/wp-content\/uploads\/2024\/04\/Mandy-WhatsApp-Randm.jpg\" alt=\"Mandy WhatsApp Aleatorio\" width=\"324\" height=\"330\" \/><\/p>\n<h6>Por favor, contacta con el WhatsApp de Mandy para obtener un precio con descuento<a href=\"https:\/\/wa.me\/8618077105796\">+8618077105796<\/a><\/h6>\n<p>&nbsp;<\/p>\n<h2>\u00bfPor qu\u00e9 elegir el Vaper de gran calada Bang Kingdoms Rex 32,000 Puffs de precio econ\u00f3mico de Vapebulkp.com?<\/h2>\n<h3><\/h3>\n<ul>\n<li><strong>Cantidad de caladas inmejorable<\/strong><br \/>\nCon <strong>32.000 caladas<\/strong>, este dispositivo garantiza una satisfacci\u00f3n duradera, lo que lo convierte en una opci\u00f3n rentable y conveniente para los usuarios habituales.<\/li>\n<li><strong>Capacidad dual de e-l\u00edquido<\/strong><br \/>\nEquipado con tecnolog\u00eda de <strong>2 dep\u00f3sitos de 28 ml de e-l\u00edquido<\/strong>, este dispositivo ofrece un sabor consistente y un uso prolongado sin recargas frecuentes.<\/li>\n<li><strong>Opciones de nicotina<\/strong><br \/>\nDisponible en <strong>concentraciones de nicotina de 2% y 5%<\/strong>, el Bang Kingdoms Rex satisface una amplia gama de preferencias, asegurando una experiencia de vapeo personalizada.<\/li>\n<li><strong>Potente Bater\u00eda<\/strong><br \/>\nEl <strong>n\u00facleo de bater\u00eda de 13300<\/strong> emparejado con un <strong>bater\u00eda recargable de 650 mAh<\/strong> garantiza un uso prolongado, respaldado por una salida de energ\u00eda eficiente y fiable.<\/li>\n<li><strong>Tecnolog\u00eda de Calentamiento Avanzada<\/strong><br \/>\nCon una <strong>bobina de malla de 1.0\u03a9<\/strong>, este vaporizador asegura un calentamiento uniforme para una producci\u00f3n de vapor m\u00e1s suave y una entrega de sabor mejorada.<\/li>\n<\/ul>\n<p>Ya seas un vapeador experimentado o est\u00e9s explorando dispositivos desechables por primera vez, el <strong>Bang Kingdoms Rex 32.000 caladas<\/strong> es tu soluci\u00f3n ideal para una experiencia de vapeo premium. \u00a1Compra ahora en Vapebulkp.com para obtener las mejores ofertas!<\/p>\n<h3><\/h3>\n<h3>Preguntas Frecuentes sobre la compra al por mayor de Bang Vapes Kingdoms Rex 32,000 Puffs:<\/h3>\n<p><strong>P: \u00bfCu\u00e1l es la cantidad m\u00ednima de pedido (MOQ) para los vaporizadores Bang Vape Kingdoms Rex 32,000 Puff?<\/strong><br \/>\nR: El pedido m\u00ednimo es de 50 unidades.<\/p>\n<p><strong>P: \u00bfCu\u00e1nto tiempo tarda la entrega de los Bang Kingdoms Rex 32k Puffs?<\/strong><br \/>\nR: La entrega suele tardar entre 10 y 15 d\u00edas desde la fecha de env\u00edo.<\/p>\n<p><strong>P: \u00bfCu\u00e1l es el costo de env\u00edo para el Top Ventas Bang Vape Kingdoms Rex 32,000 Puffs?<\/strong><br \/>\nR: Los costos de env\u00edo var\u00edan seg\u00fan el peso total del pedido. Las cantidades mayores pueden tener tarifas diferentes. Por favor, cont\u00e1ctanos para un presupuesto de env\u00edo exacto.<\/p>\n<p><strong>P: \u00bfQu\u00e9 sabores est\u00e1n disponibles para el vaporizador de larga duraci\u00f3n Bang Vape Kingdoms Rex 32k Puffs al por mayor?<\/strong><br \/>\nR: Este modelo ofrece una gama de sabores premium, incluyendo frutas tropicales, mentol refrescante y opciones inspiradas en postres. Cont\u00e1ctanos para una lista completa de sabores disponibles.<\/p>\n<p><strong>P: \u00bfEs el Bang Vape Kingdoms Rex 32,000 Puffs adecuado para compradores mayoristas?<\/strong><br \/>\nR: S\u00ed, es una excelente opci\u00f3n para compras al por mayor. Ofrecemos precios competitivos para pedidos a granel. Por favor, ponte en contacto para m\u00e1s detalles.<\/p>\n<p>&nbsp;<\/p>\n<h3><strong>Bang Vape Kingdoms Rex 32.000 caladas\u00a0 <\/strong>Caracter\u00edsticas del producto<\/h3>\n<ul>\n<li><strong>N\u00famero de caladas inigualable:<\/strong> 32,000 caladas para una satisfacci\u00f3n de vapeo prolongada.<\/li>\n<li><strong>Doble dep\u00f3sito de E-l\u00edquido:<\/strong> Capacidad de 28ml x 2 para una consistencia perfecta de sabor y vapor.<\/li>\n<li><strong>Bater\u00eda recargable:<\/strong> Bater\u00eda de 650mAh con puerto Type-C Huawei para una carga r\u00e1pida y fiable.<\/li>\n<li><strong>Tecnolog\u00eda avanzada de n\u00facleo de malla:<\/strong> Cable de calentamiento de 1.0\u03a9 para un vapor suave y rico.<\/li>\n<li><strong>Soluciones personalizables:<\/strong> Soporte OEM\/ODM para empresas que buscan oportunidades de marca \u00fanicas.<\/li>\n<\/ul>\n<h3><strong>Bang Kingdoms rex 32000 Puffs Vapes baratos Sabor:<\/strong><\/h3>\n<p>1. HIELO DE SAND\u00cdA, MENTA DE AR\u00c1NDANO<br \/>\n2. HIELO DE SAND\u00cdA, FRESA Y MANGO<br \/>\n3. FRESA Y SAND\u00cdA, KIWI FRUTA DE LA PASI\u00d3N GUAYABA<br \/>\n4. FRESA Y SAND\u00cdA, HIELO DE UVA<br \/>\n5. AR\u00c1NDANO FRAMBUESA, MELOCOT\u00d3N MANGO SAND\u00cdA<br \/>\n6. AR\u00c1NDANO SAND\u00cdA, FRESA MANGO<br \/>\n7. HIELO DE AR\u00c1NDANO, HIELO DE DRAG\u00d3N NEGRO<br \/>\n8. HIELO DE AR\u00c1NDANO, FRESA Y PL\u00c1TANO<br \/>\n9. RED BULL, AR\u00c1NDANO SAND\u00cdA<br \/>\n10. RED BULL, CHICLE DE SAND\u00cdA<br \/>\n11. FRESA KIWI, HIELO DE MELOCOT\u00d3N<br \/>\n12. FRESA KIWI, FRAMBUESA DE MANZANA AGRIA<\/p>\n<p><a href=\"https:\/\/vapebulkp.com\/es\/product\/best-price-vape-randm-15000-puffs-good-vape\/\"><span style=\"vertical-align: inherit\">RandM Tornado 15000 Caladas <\/span><\/a><\/p>\n<p><span style=\"vertical-align: inherit\">Encuentra m\u00e1s productos que te puedan gustar:<\/span><em><a href=\"https:\/\/wa.me\/8618077105796\"><span style=\"vertical-align: inherit\">\u00a0C\u00f3mpralo ahora<\/span><\/a><\/em><\/p>\n<p><span style=\"vertical-align: inherit\">Otros vaporizadores que te pueden gustar:<\/span><a href=\"https:\/\/vapebulkp.com\/es\/product\/wga-legend-30000-puffs-factory-price-disposable-vape-europe-warehouse\/\"><span style=\"vertical-align: inherit\">WGA 30K Caladas <\/span><\/a><span style=\"vertical-align: inherit\">\u3001<\/span><a href=\"https:\/\/vapebulkp.com\/es\/product\/wholesale-randm-tornado-9000-puffs-germany\/\"><span style=\"vertical-align: inherit\">RandM 9000 Caladas<\/span><\/a><span style=\"vertical-align: inherit\">\/ <\/span><a href=\"https:\/\/vapebulkp.com\/es\/product\/vozol-vista-20000-puff-rechargeable-vape-cheap-price-today\/\"><span style=\"vertical-align: inherit\">Vozol vista 20000 Caladas<\/span><\/a><span style=\"vertical-align: inherit\">\/ <\/span><a href=\"https:\/\/vapebulkp.com\/es\/product\/wga-crystal-plus-16000-puffs-led-light-disposable-vape\/\"><span style=\"vertical-align: inherit\">WGA Crystal 16000 Caladas<\/span><\/a><\/p>\n<p><span style=\"vertical-align: inherit\">Cigarrillo electr\u00f3nico con forma especial:<\/span><a href=\"https:\/\/vapebulkp.com\/es\/product\/bang-beach-20k-puffs-led-display-vape-discount-price\/\"><span style=\"vertical-align: inherit\"> Bang Beach 20000 Caladas<\/span><\/a><span style=\"vertical-align: inherit\">\/ <\/span><a href=\"https:\/\/vapebulkp.com\/es\/product\/jnr-vape-watch-18-30k-puffs-2-nic-wholesale-price-disposable-vape\/\"><span style=\"vertical-align: inherit\">\u00a0JNR Watch Caladas <\/span><\/a><span style=\"vertical-align: inherit\">\/<\/span><a href=\"https:\/\/vapebulkp.com\/es\/product\/uzy-bang-digital-15000puffs-led-display-e-cigarettes\/\"><span style=\"vertical-align: inherit\">UZY Bang Digital Box 15000 Caladas<\/span><\/a><\/p>\n<h5>Cualificaci\u00f3n de la producci\u00f3n:<\/h5>\n<p><img decoding=\"async\" class=\"alignnone size-full wp-image-1841\" src=\"http:\/\/vapebulkp.com\/wp-content\/uploads\/2023\/11\/Vape-production-process-2.jpeg\" alt=\"Proceso de producci\u00f3n de vapes\" width=\"650\" height=\"434\" srcset=\"https:\/\/vapebulkp.com\/wp-content\/uploads\/2023\/11\/Vape-production-process-2.jpeg 650w, https:\/\/vapebulkp.com\/wp-content\/uploads\/2023\/11\/Vape-production-process-2-300x200.jpeg 300w, https:\/\/vapebulkp.com\/wp-content\/uploads\/2023\/11\/Vape-production-process-2-600x401.jpeg 600w\" sizes=\"(max-width: 650px) 100vw, 650px\" \/><\/p>\n<h4>Detalle de env\u00edo:<\/h4>\n<p><span style=\"color: #ff6600\">Tiempo de producci\u00f3n: 5-10 d\u00edas laborables<\/span><br \/>\n<span style=\"color: #ff6600\">Tiempo de env\u00edo: 8-14 d\u00edas laborables<\/span><\/p>\n<p>Todos los productos en nuestra tienda son 100% originales y aut\u00e9nticos, por lo que la compensaci\u00f3n de diez veces por productos falsos es la pol\u00edtica de nuestra tienda. Utilizamos canales log\u00edsticos como UPS\/DHL\/FEDEX\/DPD para entregarle los productos.<\/p>\n<p>Para los paquetes enviados a Espa\u00f1a, generalmente tardan 12 a 15 d\u00edas laborables en llegar. Actualizaremos la informaci\u00f3n de log\u00edstica para usted en tiempo real.<\/p>","protected":false},"excerpt":{"rendered":"<p>Bang Kingdoms Rex 32,000 Puffs Vape Pod recargable al por mayor, c\u00e1maras duales de 28 ml, sabores intensos, rendimiento duradero. \u00a1Compra al por mayor ahora!<\/p>\n<p>Por favor, contacta con el WhatsApp de Mandy para obtener un precio con descuento<a href=\"https:\/\/wa.me\/8618077105796\">+8618077105796<\/a><\/p>\n<p><img decoding=\"async\" class=\"alignnone wp-image-2151\" src=\"http:\/\/vapebulkp.com\/wp-content\/uploads\/2024\/04\/Mandy-WhatsApp-Randm.jpg\" alt=\"Mandy WhatsApp Aleatorio\" width=\"297\" height=\"316\" srcset=\"https:\/\/vapebulkp.com\/wp-content\/uploads\/2024\/04\/Mandy-WhatsApp-Randm.jpg 916w, https:\/\/vapebulkp.com\/wp-content\/uploads\/2024\/04\/Mandy-WhatsApp-Randm-282x300.jpg 282w, https:\/\/vapebulkp.com\/wp-content\/uploads\/2024\/04\/Mandy-WhatsApp-Randm-768x817.jpg 768w, https:\/\/vapebulkp.com\/wp-content\/uploads\/2024\/04\/Mandy-WhatsApp-Randm-600x638.jpg 600w\" sizes=\"(max-width: 297px) 100vw, 297px\" \/><\/p>\n<p><span style=\"color: #ff0000\">NOTA: Los precios en nuestro sitio web no incluyen los gastos de env\u00edo<\/span><\/p>\n<p>&nbsp;<\/p>","protected":false},"featured_media":3206,"comment_status":"open","ping_status":"closed","template":"","meta":{"_uag_custom_page_level_css":"","_lmt_disableupdate":"no","_lmt_disable":"","site-sidebar-layout":"default","site-content-layout":"content-boxed-container","ast-site-content-layout":"normal-width-container","site-content-style":"boxed","site-sidebar-style":"unboxed","ast-global-header-display":"","ast-banner-title-visibility":"","ast-main-header-display":"","ast-hfb-above-header-display":"","ast-hfb-below-header-display":"","ast-hfb-mobile-header-display":"","site-post-title":"","ast-breadcrumbs-content":"","ast-featured-img":"","footer-sml-layout":"","theme-transparent-header-meta":"default","adv-header-id-meta":"","stick-header-meta":"","header-above-stick-meta":"","header-main-stick-meta":"","header-below-stick-meta":"","astra-migrate-meta-layouts":"set","_joinchat":[]},"product_cat":[188,153,345,155,33,59,100,34,158,157,154,152,58,84,156,63,32],"product_tag":[189,36,37,41,40],"class_list":["post-3207","product","type-product","status-publish","has-post-thumbnail","hentry","product_cat-32000-puffs-disposable-vape","product_cat-hot-disposable-vapes","product_cat-bang-vapes","product_cat-belgium-hot-disposable-vapes","product_cat-france-vape-hot-sale","product_cat-germany-hot-disposable-vape","product_cat-germany-wholesale-vape-shop","product_cat-netherlands-vape-good-sale","product_cat-norway-hot-disposable-vapes","product_cat-poland-hot-disposable-vapes","product_cat-portugal-hot-disposable-vapes","product_cat-spain-hot-disposable-vapes","product_cat-sweden-hot-disposable-vape","product_cat-sweden-wholesale-vape","product_cat-switzerland-hot-disposable-vapes","product_cat-top-sale-disposable-vape","product_cat-vape-hot-sale-this-week","product_tag-32000-puffs","product_tag-good-vape","product_tag-hot-sale-disposable-vape","product_tag-poland-hot-vape","product_tag-sweden-hot-vape","pa_brand-bang-king-vape","desktop-align-left","tablet-align-left","mobile-align-left"],"yoast_head":"<!-- This site is optimized with the Yoast SEO plugin v21.1 - https:\/\/yoast.com\/wordpress\/plugins\/seo\/ -->\n<title>Wholesale Price Bang Kingdoms rex 32000 Puffs Vape Pod - vapebulkp.com<\/title>\n<meta name=\"description\" content=\"Wholesale Bang Kingdoms rex 32000 Puffs Disposable Vape. 32,000 puffs, rechargeable, OEM\/ODM options. Ideal for EU distributors\u2014place your bulk order today!\" \/>\n<meta name=\"robots\" content=\"index, follow, max-snippet:-1, max-image-preview:large, max-video-preview:-1\" \/>\n<link rel=\"canonical\" href=\"https:\/\/vapebulkp.com\/es\/product\/wholesale-price-bang-kingdoms-rex-32000-puffs-vape-pod\/\" \/>\n<meta property=\"og:locale\" content=\"es_ES\" \/>\n<meta property=\"og:type\" content=\"article\" \/>\n<meta property=\"og:title\" content=\"Wholesale Price Bang Kingdoms rex 32000 Puffs Vape Pod - vapebulkp.com\" \/>\n<meta property=\"og:description\" content=\"Wholesale Bang Kingdoms rex 32000 Puffs Disposable Vape. 32,000 puffs, rechargeable, OEM\/ODM options. Ideal for EU distributors\u2014place your bulk order today!\" \/>\n<meta property=\"og:url\" content=\"https:\/\/vapebulkp.com\/es\/product\/wholesale-price-bang-kingdoms-rex-32000-puffs-vape-pod\/\" \/>\n<meta property=\"og:site_name\" content=\"vapebulkp.com\" \/>\n<meta property=\"article:modified_time\" content=\"2025-09-24T03:17:27+00:00\" \/>\n<meta property=\"og:image\" content=\"http:\/\/vapebulkp.com\/wp-content\/uploads\/2024\/12\/bang-kingdoms-rex-32000-Puffs-good-Vape-pod-Bulk-price.jpg\" \/>\n\t<meta property=\"og:image:width\" content=\"800\" \/>\n\t<meta property=\"og:image:height\" content=\"800\" \/>\n\t<meta property=\"og:image:type\" content=\"image\/jpeg\" \/>\n<meta name=\"twitter:card\" content=\"summary_large_image\" \/>\n<meta name=\"twitter:label1\" content=\"Tiempo de lectura\" \/>\n\t<meta name=\"twitter:data1\" content=\"4 minutos\" \/>\n<script type=\"application\/ld+json\" class=\"yoast-schema-graph\">{\"@context\":\"https:\/\/schema.org\",\"@graph\":[{\"@type\":\"WebPage\",\"@id\":\"https:\/\/vapebulkp.com\/product\/wholesale-price-bang-kingdoms-rex-32000-puffs-vape-pod\/\",\"url\":\"https:\/\/vapebulkp.com\/product\/wholesale-price-bang-kingdoms-rex-32000-puffs-vape-pod\/\",\"name\":\"Wholesale Price Bang Kingdoms rex 32000 Puffs Vape Pod - vapebulkp.com\",\"isPartOf\":{\"@id\":\"https:\/\/vapebulkp.com\/#website\"},\"datePublished\":\"2024-12-02T03:31:56+00:00\",\"dateModified\":\"2025-09-24T03:17:27+00:00\",\"description\":\"Wholesale Bang Kingdoms rex 32000 Puffs Disposable Vape. 32,000 puffs, rechargeable, OEM\/ODM options. Ideal for EU distributors\u2014place your bulk order today!\",\"breadcrumb\":{\"@id\":\"https:\/\/vapebulkp.com\/product\/wholesale-price-bang-kingdoms-rex-32000-puffs-vape-pod\/#breadcrumb\"},\"inLanguage\":\"es\",\"potentialAction\":[{\"@type\":\"ReadAction\",\"target\":[\"https:\/\/vapebulkp.com\/product\/wholesale-price-bang-kingdoms-rex-32000-puffs-vape-pod\/\"]}]},{\"@type\":\"BreadcrumbList\",\"@id\":\"https:\/\/vapebulkp.com\/product\/wholesale-price-bang-kingdoms-rex-32000-puffs-vape-pod\/#breadcrumb\",\"itemListElement\":[{\"@type\":\"ListItem\",\"position\":1,\"name\":\"Home\",\"item\":\"https:\/\/vapebulkp.com\/\"},{\"@type\":\"ListItem\",\"position\":2,\"name\":\"Hot Trend Vapes\",\"item\":\"https:\/\/vapebulkp.com\/vape-shop\/\"},{\"@type\":\"ListItem\",\"position\":3,\"name\":\"Wholesale Price Bang Kingdoms rex 32000 Puffs Vape Pod\"}]},{\"@type\":\"WebSite\",\"@id\":\"https:\/\/vapebulkp.com\/#website\",\"url\":\"https:\/\/vapebulkp.com\/\",\"name\":\"vapebulkp.com\",\"description\":\"Buy Vape In Cheap Bulk Price Near you\",\"publisher\":{\"@id\":\"https:\/\/vapebulkp.com\/#organization\"},\"potentialAction\":[{\"@type\":\"SearchAction\",\"target\":{\"@type\":\"EntryPoint\",\"urlTemplate\":\"https:\/\/vapebulkp.com\/?s={search_term_string}\"},\"query-input\":\"required name=search_term_string\"}],\"inLanguage\":\"es\"},{\"@type\":\"Organization\",\"@id\":\"https:\/\/vapebulkp.com\/#organization\",\"name\":\"vapebulkp.com\",\"url\":\"https:\/\/vapebulkp.com\/\",\"logo\":{\"@type\":\"ImageObject\",\"inLanguage\":\"es\",\"@id\":\"https:\/\/vapebulkp.com\/#\/schema\/logo\/image\/\",\"url\":\"https:\/\/vapebulkp.com\/wp-content\/uploads\/2023\/09\/cropped-vapebulkp.png\",\"contentUrl\":\"https:\/\/vapebulkp.com\/wp-content\/uploads\/2023\/09\/cropped-vapebulkp.png\",\"width\":516,\"height\":163,\"caption\":\"vapebulkp.com\"},\"image\":{\"@id\":\"https:\/\/vapebulkp.com\/#\/schema\/logo\/image\/\"}}]}<\/script>\n<!-- \/ Yoast SEO plugin. -->","yoast_head_json":{"title":"Wholesale Price Bang Kingdoms rex 32000 Puffs Vape Pod - vapebulkp.com","description":"Wholesale Bang Kingdoms rex 32000 Puffs Disposable Vape. 32,000 puffs, rechargeable, OEM\/ODM options. Ideal for EU distributors\u2014place your bulk order today!","robots":{"index":"index","follow":"follow","max-snippet":"max-snippet:-1","max-image-preview":"max-image-preview:large","max-video-preview":"max-video-preview:-1"},"canonical":"https:\/\/vapebulkp.com\/es\/product\/wholesale-price-bang-kingdoms-rex-32000-puffs-vape-pod\/","og_locale":"es_ES","og_type":"article","og_title":"Wholesale Price Bang Kingdoms rex 32000 Puffs Vape Pod - vapebulkp.com","og_description":"Wholesale Bang Kingdoms rex 32000 Puffs Disposable Vape. 32,000 puffs, rechargeable, OEM\/ODM options. Ideal for EU distributors\u2014place your bulk order today!","og_url":"https:\/\/vapebulkp.com\/es\/product\/wholesale-price-bang-kingdoms-rex-32000-puffs-vape-pod\/","og_site_name":"vapebulkp.com","article_modified_time":"2025-09-24T03:17:27+00:00","og_image":[{"width":800,"height":800,"url":"http:\/\/vapebulkp.com\/wp-content\/uploads\/2024\/12\/bang-kingdoms-rex-32000-Puffs-good-Vape-pod-Bulk-price.jpg","type":"image\/jpeg"}],"twitter_card":"summary_large_image","twitter_misc":{"Tiempo de lectura":"4 minutos"},"schema":{"@context":"https:\/\/schema.org","@graph":[{"@type":"WebPage","@id":"https:\/\/vapebulkp.com\/product\/wholesale-price-bang-kingdoms-rex-32000-puffs-vape-pod\/","url":"https:\/\/vapebulkp.com\/product\/wholesale-price-bang-kingdoms-rex-32000-puffs-vape-pod\/","name":"Wholesale Price Bang Kingdoms rex 32000 Puffs Vape Pod - vapebulkp.com","isPartOf":{"@id":"https:\/\/vapebulkp.com\/#website"},"datePublished":"2024-12-02T03:31:56+00:00","dateModified":"2025-09-24T03:17:27+00:00","description":"Wholesale Bang Kingdoms rex 32000 Puffs Disposable Vape. 32,000 puffs, rechargeable, OEM\/ODM options. Ideal for EU distributors\u2014place your bulk order today!","breadcrumb":{"@id":"https:\/\/vapebulkp.com\/product\/wholesale-price-bang-kingdoms-rex-32000-puffs-vape-pod\/#breadcrumb"},"inLanguage":"es","potentialAction":[{"@type":"ReadAction","target":["https:\/\/vapebulkp.com\/product\/wholesale-price-bang-kingdoms-rex-32000-puffs-vape-pod\/"]}]},{"@type":"BreadcrumbList","@id":"https:\/\/vapebulkp.com\/product\/wholesale-price-bang-kingdoms-rex-32000-puffs-vape-pod\/#breadcrumb","itemListElement":[{"@type":"ListItem","position":1,"name":"Home","item":"https:\/\/vapebulkp.com\/"},{"@type":"ListItem","position":2,"name":"Hot Trend Vapes","item":"https:\/\/vapebulkp.com\/vape-shop\/"},{"@type":"ListItem","position":3,"name":"Wholesale Price Bang Kingdoms rex 32000 Puffs Vape Pod"}]},{"@type":"WebSite","@id":"https:\/\/vapebulkp.com\/#website","url":"https:\/\/vapebulkp.com\/","name":"vapebulkp.com","description":"Buy Vape In Cheap Bulk Price Near you","publisher":{"@id":"https:\/\/vapebulkp.com\/#organization"},"potentialAction":[{"@type":"SearchAction","target":{"@type":"EntryPoint","urlTemplate":"https:\/\/vapebulkp.com\/?s={search_term_string}"},"query-input":"required name=search_term_string"}],"inLanguage":"es"},{"@type":"Organization","@id":"https:\/\/vapebulkp.com\/#organization","name":"vapebulkp.com","url":"https:\/\/vapebulkp.com\/","logo":{"@type":"ImageObject","inLanguage":"es","@id":"https:\/\/vapebulkp.com\/#\/schema\/logo\/image\/","url":"https:\/\/vapebulkp.com\/wp-content\/uploads\/2023\/09\/cropped-vapebulkp.png","contentUrl":"https:\/\/vapebulkp.com\/wp-content\/uploads\/2023\/09\/cropped-vapebulkp.png","width":516,"height":163,"caption":"vapebulkp.com"},"image":{"@id":"https:\/\/vapebulkp.com\/#\/schema\/logo\/image\/"}}]}},"uagb_featured_image_src":{"full":["https:\/\/vapebulkp.com\/wp-content\/uploads\/2024\/12\/bang-kingdoms-rex-32000-Puffs-good-Vape-pod-Bulk-price.jpg",800,800,false],"thumbnail":["https:\/\/vapebulkp.com\/wp-content\/uploads\/2024\/12\/bang-kingdoms-rex-32000-Puffs-good-Vape-pod-Bulk-price-150x150.jpg",150,150,true],"medium":["https:\/\/vapebulkp.com\/wp-content\/uploads\/2024\/12\/bang-kingdoms-rex-32000-Puffs-good-Vape-pod-Bulk-price-300x300.jpg",300,300,true],"medium_large":["https:\/\/vapebulkp.com\/wp-content\/uploads\/2024\/12\/bang-kingdoms-rex-32000-Puffs-good-Vape-pod-Bulk-price-768x768.jpg",768,768,true],"large":["https:\/\/vapebulkp.com\/wp-content\/uploads\/2024\/12\/bang-kingdoms-rex-32000-Puffs-good-Vape-pod-Bulk-price.jpg",800,800,false],"1536x1536":["https:\/\/vapebulkp.com\/wp-content\/uploads\/2024\/12\/bang-kingdoms-rex-32000-Puffs-good-Vape-pod-Bulk-price.jpg",800,800,false],"2048x2048":["https:\/\/vapebulkp.com\/wp-content\/uploads\/2024\/12\/bang-kingdoms-rex-32000-Puffs-good-Vape-pod-Bulk-price.jpg",800,800,false],"trp-custom-language-flag":["https:\/\/vapebulkp.com\/wp-content\/uploads\/2024\/12\/bang-kingdoms-rex-32000-Puffs-good-Vape-pod-Bulk-price.jpg",12,12,false],"woocommerce_thumbnail":["https:\/\/vapebulkp.com\/wp-content\/uploads\/2024\/12\/bang-kingdoms-rex-32000-Puffs-good-Vape-pod-Bulk-price-300x300.jpg",300,300,true],"woocommerce_single":["https:\/\/vapebulkp.com\/wp-content\/uploads\/2024\/12\/bang-kingdoms-rex-32000-Puffs-good-Vape-pod-Bulk-price-600x600.jpg",600,600,true],"woocommerce_gallery_thumbnail":["https:\/\/vapebulkp.com\/wp-content\/uploads\/2024\/12\/bang-kingdoms-rex-32000-Puffs-good-Vape-pod-Bulk-price-100x100.jpg",100,100,true],"wcpr-photo-reviews":["https:\/\/vapebulkp.com\/wp-content\/uploads\/2024\/12\/bang-kingdoms-rex-32000-Puffs-good-Vape-pod-Bulk-price.jpg",500,500,false]},"uagb_author_info":{"display_name":"Mandy vape bulk price","author_link":"https:\/\/vapebulkp.com\/es\/author\/"},"uagb_comment_info":0,"uagb_excerpt":"Wholesale Bang Kingdoms Rex 32,000 Puffs Rechargeable Vape Pod, dual 28ml chambers, rich flavors, long-lasting performance. Buy in bulk now! Pls Contact Mandy's WhatsApp For Discount Price+8618077105796 NOTE: Prices on our website does not include shipping costs &nbsp;","_links":{"self":[{"href":"https:\/\/vapebulkp.com\/es\/wp-json\/wp\/v2\/product\/3207","targetHints":{"allow":["GET"]}}],"collection":[{"href":"https:\/\/vapebulkp.com\/es\/wp-json\/wp\/v2\/product"}],"about":[{"href":"https:\/\/vapebulkp.com\/es\/wp-json\/wp\/v2\/types\/product"}],"replies":[{"embeddable":true,"href":"https:\/\/vapebulkp.com\/es\/wp-json\/wp\/v2\/comments?post=3207"}],"wp:featuredmedia":[{"embeddable":true,"href":"https:\/\/vapebulkp.com\/es\/wp-json\/wp\/v2\/media\/3206"}],"wp:attachment":[{"href":"https:\/\/vapebulkp.com\/es\/wp-json\/wp\/v2\/media?parent=3207"}],"wp:term":[{"taxonomy":"product_cat","embeddable":true,"href":"https:\/\/vapebulkp.com\/es\/wp-json\/wp\/v2\/product_cat?post=3207"},{"taxonomy":"product_tag","embeddable":true,"href":"https:\/\/vapebulkp.com\/es\/wp-json\/wp\/v2\/product_tag?post=3207"}],"curies":[{"name":"wp","href":"https:\/\/api.w.org\/{rel}","templated":true}]}}