{"id":3268,"date":"2024-12-20T09:24:34","date_gmt":"2024-12-20T08:24:34","guid":{"rendered":"https:\/\/vapebulkp.com\/?post_type=product&#038;p=3268"},"modified":"2025-09-03T05:31:08","modified_gmt":"2025-09-03T03:31:08","slug":"vookbar-30000-puffs-touch-screen-disposable-vapes-wholesale-price","status":"publish","type":"product","link":"https:\/\/vapebulkp.com\/es\/product\/vookbar-30000-puffs-touch-screen-disposable-vapes-wholesale-price\/","title":{"rendered":"Vookbar 30000 Puffs Vapes Desechables con Pantalla T\u00e1ctil Precio al por mayor"},"content":{"rendered":"<h1 style=\"text-align: left\">Vookbar 30000 Puffs Vapes Desechables con Pantalla T\u00e1ctil Precio al por mayor<\/h1>\n<p>&nbsp;<\/p>\n<p>El <strong>Vookbar Cyber PRO 30,000 Puffs Vape desechable con pantalla t\u00e1ctil<\/strong> es la mejor opci\u00f3n para los vapeadores que buscan innovaci\u00f3n, rendimiento y conveniencia. Con una avanzada <strong>pantalla t\u00e1ctil de 2.01 pulgadas<\/strong>, este dispositivo ofrece un control preciso sobre la configuraci\u00f3n, mientras que su <strong>tecnolog\u00eda de doble resistencia de malla<\/strong> asegura un sabor intenso y nubes suaves. Precargado con <strong>22ML de e-l\u00edquido premium<\/strong> y ofreciendo <strong>5% de concentraci\u00f3n de sal de nicotina<\/strong>, el Vookbar ofrece hasta <strong>30,000 caladas<\/strong> en Modo Normal o <strong>15,000 caladas<\/strong> en Modo Potencia. Dise\u00f1ado con una <strong>bater\u00eda recargable de 850mAh<\/strong> y un <strong>carga r\u00e1pida Tipo-C<\/strong>, combina una potencia duradera con recargas r\u00e1pidas. Perfecto tanto para uso personal como para <strong>compradores al por mayor<\/strong>, el Vookbar Cyber PRO destaca por su tama\u00f1o compacto, dise\u00f1o elegante y rendimiento inmejorable. \u00a1Encuentra tu <strong>Vookbar Cyber PRO al por mayor <a href=\"https:\/\/vapebulkp.com\/es\/product-category\/30000-puff-disposable-vape\/\">Vape Desechable de 30000 Puffs <\/a><\/strong>\u00a0a precios competitivos hoy mismo!<\/p>\n<p>&nbsp;<\/p>\n<h6>Por favor, contacta con el WhatsApp de Mandy para obtener un precio con descuento<a href=\"https:\/\/wa.me\/8618077105796\">+8618077105796<\/a><\/h6>\n<p>&nbsp;<\/p>\n<p><img decoding=\"async\" class=\"alignnone wp-image-2151\" src=\"http:\/\/vapebulkp.com\/wp-content\/uploads\/2024\/04\/Mandy-WhatsApp-Randm.jpg\" alt=\"Mandy WhatsApp Aleatorio\" width=\"324\" height=\"330\" \/><\/p>\n<div class=\"flex max-w-full flex-col flex-grow\">\n<div class=\"min-h-8 text-message flex w-full flex-col items-end gap-2 whitespace-normal break-words text-start [.text-message+&amp;]:mt-5\" dir=\"auto\" data-message-author-role=\"assistant\" data-message-id=\"1fe1b7df-f0be-476c-874a-f466adf11ab9\" data-message-model-slug=\"gpt-4o\">\n<div class=\"flex w-full flex-col gap-1 empty:hidden first:pt-[3px]\">\n<div class=\"markdown prose w-full break-words dark:prose-invert light\">\n<h2>\u00bfPor qu\u00e9 comprar el Vape Vookbar Cyber PRO 30k Puffs al por mayor en Vapebulkp.com?<\/h2>\n<p><strong>1. Gran cantidad de caladas:<\/strong><br \/>\nCon un impresionante <strong>30,000 caladas en Modo Normal<\/strong> y un <strong>15,000 caladas en Modo Potencia<\/strong>, este dispositivo est\u00e1 dise\u00f1ado para un uso prolongado sin concesiones.<\/p>\n<p><strong>2. Tecnolog\u00eda de vanguardia:<\/strong><br \/>\nEl <strong>sistema de doble resistencia de malla<\/strong> ofrece un sabor excepcional y un vapor denso, mientras que la <strong>pantalla HD de 2.01 pulgadas<\/strong> mejora la usabilidad con ajustes y notificaciones en tiempo real.<\/p>\n<p><strong>3. Generosa capacidad de e-l\u00edquido:<\/strong><br \/>\nCon <strong>22ML de e-l\u00edquido premium<\/strong> y un <strong>concentraci\u00f3n de nicotina del 5%<\/strong>, asegurando caladas suaves y satisfactorias en cada aspiraci\u00f3n.<\/p>\n<p><strong>4. Bater\u00eda de larga duraci\u00f3n:<\/strong><br \/>\nEl <strong>bater\u00eda recargable de 850mAh<\/strong> proporciona energ\u00eda confiable, complementada por <strong>carga r\u00e1pida Tipo-C<\/strong> para recargas r\u00e1pidas y eficientes.<\/p>\n<p><strong>5. Funciones inteligentes:<\/strong><br \/>\nIncluye <strong>compatibilidad con Bluetooth<\/strong>, <strong>modo de movimiento<\/strong>, y <strong>control con bot\u00f3n lateral<\/strong>, lo que lo hace vers\u00e1til y conveniente para los usuarios modernos.<\/p>\n<p><strong>6. Compacto y port\u00e1til:<\/strong><br \/>\nSus elegantes dimensiones (<strong>49x24x93mm<\/strong>) lo hacen f\u00e1cil de transportar, perfecto para el vapeo diario o para viajar.<\/p>\n<p><strong>7. Ventajas exclusivas en Vapebulkp.com:<\/strong><\/p>\n<ul>\n<li><strong>Precios asequibles<\/strong> con descuentos por volumen disponibles.<\/li>\n<li><strong>Env\u00edo r\u00e1pido y fiable<\/strong> a todos los pa\u00edses europeos.<\/li>\n<li>Atenci\u00f3n al cliente completa para resolver todas sus necesidades.<\/li>\n<\/ul>\n<p>Para una soluci\u00f3n de vapeo fiable y con multitud de funciones, conf\u00ede en Vapebulkp.com <strong>Vookbar Cyber PRO 30k caladas<\/strong> a un valor imbatible!<\/p>\n<\/div>\n<\/div>\n<\/div>\n<\/div>\n<h3>Especificaciones del vaporizador desechable Vookbar de 30000 caladas<\/h3>\n<ul>\n<li><strong>Dimensiones:<\/strong> 49mm x 24mm x 93mm (compacto y port\u00e1til).<\/li>\n<li><strong>Pantalla:<\/strong> Pantalla HD de 2.01 pulgadas para im\u00e1genes claras y f\u00e1cil navegaci\u00f3n.<\/li>\n<li><strong>Tipo de Bobina:<\/strong> Doble bobina de malla para un sabor intenso y vapor denso.<\/li>\n<li><strong>Capacidad de e-l\u00edquido:<\/strong> 22ML de l\u00edquido de vapeo premium precargado.<\/li>\n<li><strong>Concentraci\u00f3n de nicotina:<\/strong> 5%, ofreciendo una experiencia suave y satisfactoria.<\/li>\n<li><strong>Bater\u00eda:<\/strong> Bater\u00eda recargable de 850mAh con carga r\u00e1pida Tipo-C.<\/li>\n<li><strong>Modos de calada:<\/strong>\n<ul>\n<li>Modo normal: hasta 30,000 caladas.<\/li>\n<li>Modo de potencia: hasta 15,000 caladas.<\/li>\n<\/ul>\n<\/li>\n<li><strong>Funcionamiento:<\/strong> F\u00e1cil control con bot\u00f3n lateral para encendido y ajustes.<\/li>\n<li><strong>Puerto de Carga:<\/strong> Tipo-C para una carga r\u00e1pida y eficiente.<\/li>\n<li><strong>Caracter\u00edsticas avanzadas:<\/strong>\n<ul>\n<li>Conectividad Bluetooth.<\/li>\n<li>Modo de movimiento para una funcionalidad mejorada.<\/li>\n<li>Ajustes de vapeo personalizables.<\/li>\n<\/ul>\n<\/li>\n<li><strong>Dise\u00f1o:<\/strong> Dise\u00f1o elegante, duradero y f\u00e1cil de transportar.<\/li>\n<\/ul>\n<h3>Sabor de las c\u00e1psulas de vapeo Vookbar 30000 Puffs<\/h3>\n<p>1.Hielo de frambuesa azul<br \/>\n2. Melocot\u00f3n helado<br \/>\n3.Hielo de uva<br \/>\n4.Fresa sand\u00eda<br \/>\n5.Fresa pl\u00e1tano<br \/>\n6.Cereza sand\u00eda<br \/>\n7.Hielo de sand\u00eda<br \/>\n8.Melocot\u00f3n mango<br \/>\n9.Kiwi de fresa<br \/>\n10.Hielo de fresa blanca<br \/>\n11.Hielo de gominola blanca<br \/>\n12.Pi\u00f1a colada helada<br \/>\nJodidamente genial<br \/>\n14.Mojito de bayas mixtas<\/p>\n<p><a href=\"https:\/\/vapebulkp.com\/es\/product\/jnr-vape-mega-box-25000-puff-discount-price-vape-pods\/\"><span style=\"vertical-align: inherit\">Vaper JNR Mega Box 25000 Caladas <\/span><\/a><\/p>\n<p><span style=\"vertical-align: inherit\">Encuentra m\u00e1s productos que te puedan gustar:<\/span><em><a href=\"https:\/\/wa.me\/8618077105796\"><span style=\"vertical-align: inherit\">\u00a0C\u00f3mpralo ahora<\/span><\/a><\/em><\/p>\n<p><span style=\"vertical-align: inherit\">Otros vaporizadores que te pueden gustar:<\/span><a href=\"https:\/\/vapebulkp.com\/es\/product\/waspe-vape-40000-puff-fihp-double-flavour-disposable-vape\/\"><span style=\"vertical-align: inherit\">Vaper WASPE FIHP 40000 Caladas<\/span><\/a><span style=\"vertical-align: inherit\">\u3001<\/span><a href=\"https:\/\/vapebulkp.com\/es\/product\/wholesale-randm-tornado-9000-puffs-germany\/\"><span style=\"vertical-align: inherit\">RandM 9000 Caladas<\/span><\/a><span style=\"vertical-align: inherit\">\/ <\/span><a href=\"https:\/\/vapebulkp.com\/es\/fi\/product\/bang-30k-puffs-new-double-taste-good-vape\/\"><span style=\"vertical-align: inherit\">Vaper Bang 30000 Caladas<\/span><\/a><span style=\"vertical-align: inherit\">\/ <\/span><a href=\"https:\/\/vapebulkp.com\/es\/product\/jnr-alien-10000-puffs-randm-vape-wholesale-price\/\"><span style=\"vertical-align: inherit\">Vaper JNR Alien 10000 Caladas<\/span><\/a><\/p>\n<p>&nbsp;<\/p>\n<p>&nbsp;<\/p>\n<h3><strong>Preguntas frecuentes sobre los vapes m\u00e1s vendidos <\/strong>Vookbar 30000 Caladas<\/h3>\n<p><strong>1. \u00bfCu\u00e1ntas caladas puedo obtener del Vookbar Vape 30,000 Puffs?<\/strong><\/p>\n<ul>\n<li>El Vookbar ofrece hasta <strong>30,000 caladas<\/strong> in <strong>Modo normal<\/strong> y un <strong>15,000 caladas<\/strong> in <strong>Modo de Energ\u00eda<\/strong>, lo que proporciona un uso duradero.<\/li>\n<\/ul>\n<p><strong>2. \u00bfCu\u00e1l es la concentraci\u00f3n de nicotina del Vookbar 30,000 Puffs?<\/strong><\/p>\n<ul>\n<li>El dispositivo contiene <strong>sal de nicotina 5%<\/strong>, que proporciona una calada suave y satisfactoria con cada inhalaci\u00f3n.<\/li>\n<\/ul>\n<p><strong>3. \u00bfCu\u00e1nto dura la bater\u00eda del Vookbar?<\/strong><\/p>\n<ul>\n<li>Con una <strong>bater\u00eda recargable de 850mAh<\/strong> y un <strong>carga r\u00e1pida Tipo-C<\/strong>, el Vookbar proporciona energ\u00eda confiable y recargas r\u00e1pidas para un uso continuo.<\/li>\n<\/ul>\n<p><strong>4. \u00bfQu\u00e9 tipo de bobina utiliza el Vookbar 30,000 Puffs?<\/strong><\/p>\n<ul>\n<li>El dispositivo est\u00e1 equipado con una <strong>doble resistencia de malla<\/strong>, lo que garantiza un sabor intenso y un vapor denso con cada calada.<\/li>\n<\/ul>\n<p><strong>5. \u00bfPuedo personalizar la configuraci\u00f3n del Vookbar 30,000 Puffs?<\/strong><\/p>\n<ul>\n<li>S\u00ed, el dispositivo cuenta con una <strong>pantalla t\u00e1ctil de 2.01 pulgadas<\/strong>, lo que le permite ajustar f\u00e1cilmente la configuraci\u00f3n y controlar su experiencia de vapeo.<\/li>\n<\/ul>\n<h3>Detalle de env\u00edo:<\/h3>\n<p><span style=\"color: #ff6600\">Tiempo de producci\u00f3n: 5-10 d\u00edas laborables<\/span><br \/>\n<span style=\"color: #ff6600\">Tiempo de env\u00edo: 8-14 d\u00edas laborables<\/span><\/p>\n<p>Todos los productos en nuestra tienda son 100% originales y aut\u00e9nticos, por lo que la compensaci\u00f3n de diez veces por productos falsos es la pol\u00edtica de nuestra tienda. Utilizamos canales log\u00edsticos como UPS\/DHL\/FEDEX\/DPD para entregarle los productos.<\/p>\n<p>Para los paquetes enviados a Espa\u00f1a, generalmente tardan 12 a 15 d\u00edas laborables en llegar. Actualizaremos la informaci\u00f3n de log\u00edstica para usted en tiempo real.<\/p>","protected":false},"excerpt":{"rendered":"<p>Vookbar 30000 Puffs Vapes desechables con pantalla t\u00e1ctil a precios al por mayor. Soluci\u00f3n de vapeo duradera, de alta calidad e innovadora. Pedidos a granel disponibles.<\/p>\n<p>Por favor, contacta con el WhatsApp de Mandy para obtener un precio con descuento<a href=\"https:\/\/wa.me\/8618077105796\">+8618077105796<\/a><\/p>\n<p>&nbsp;<\/p>\n<p><img decoding=\"async\" class=\"alignnone wp-image-2151\" src=\"http:\/\/vapebulkp.com\/wp-content\/uploads\/2024\/04\/Mandy-WhatsApp-Randm.jpg\" alt=\"Mandy WhatsApp Aleatorio\" width=\"297\" height=\"316\" srcset=\"https:\/\/vapebulkp.com\/wp-content\/uploads\/2024\/04\/Mandy-WhatsApp-Randm.jpg 916w, https:\/\/vapebulkp.com\/wp-content\/uploads\/2024\/04\/Mandy-WhatsApp-Randm-282x300.jpg 282w, https:\/\/vapebulkp.com\/wp-content\/uploads\/2024\/04\/Mandy-WhatsApp-Randm-768x817.jpg 768w, https:\/\/vapebulkp.com\/wp-content\/uploads\/2024\/04\/Mandy-WhatsApp-Randm-600x638.jpg 600w\" sizes=\"(max-width: 297px) 100vw, 297px\" \/><\/p>\n<p><span style=\"color: #ff0000\">NOTA: Los precios en nuestro sitio web no incluyen los gastos de env\u00edo<\/span><\/p>\n<p>&nbsp;<\/p>","protected":false},"featured_media":3266,"comment_status":"open","ping_status":"closed","template":"","meta":{"_uag_custom_page_level_css":"","_lmt_disableupdate":"no","_lmt_disable":"","site-sidebar-layout":"default","site-content-layout":"content-boxed-container","ast-site-content-layout":"normal-width-container","site-content-style":"boxed","site-sidebar-style":"unboxed","ast-global-header-display":"","ast-banner-title-visibility":"","ast-main-header-display":"","ast-hfb-above-header-display":"","ast-hfb-below-header-display":"","ast-hfb-mobile-header-display":"","site-post-title":"","ast-breadcrumbs-content":"","ast-featured-img":"","footer-sml-layout":"","theme-transparent-header-meta":"default","adv-header-id-meta":"","stick-header-meta":"","header-above-stick-meta":"","header-main-stick-meta":"","header-below-stick-meta":"","astra-migrate-meta-layouts":"set","_joinchat":[]},"product_cat":[160,153,155,33,59,100,87,34,158,157,154,152,58,84,156,63,32],"product_tag":[36,37,41,40,193],"class_list":["post-3268","product","type-product","status-publish","has-post-thumbnail","hentry","product_cat-30000-puff-disposable-vape","product_cat-hot-disposable-vapes","product_cat-belgium-hot-disposable-vapes","product_cat-france-vape-hot-sale","product_cat-germany-hot-disposable-vape","product_cat-germany-wholesale-vape-shop","product_cat-minimum-order-quantity-50pcs","product_cat-netherlands-vape-good-sale","product_cat-norway-hot-disposable-vapes","product_cat-poland-hot-disposable-vapes","product_cat-portugal-hot-disposable-vapes","product_cat-spain-hot-disposable-vapes","product_cat-sweden-hot-disposable-vape","product_cat-sweden-wholesale-vape","product_cat-switzerland-hot-disposable-vapes","product_cat-top-sale-disposable-vape","product_cat-vape-hot-sale-this-week","product_tag-good-vape","product_tag-hot-sale-disposable-vape","product_tag-poland-hot-vape","product_tag-sweden-hot-vape","product_tag-vookbar-30000-puffs","desktop-align-left","tablet-align-left","mobile-align-left"],"yoast_head":"<!-- This site is optimized with the Yoast SEO plugin v21.1 - https:\/\/yoast.com\/wordpress\/plugins\/seo\/ -->\n<title>Vookbar 30000 Puffs Touch Screen Disposable Vapes Wholesale Price - vapebulkp.com<\/title>\n<meta name=\"description\" content=\"Shop Vookbar 30000 Puffs Touch Screen Disposable Vapes at wholesale prices. High-capacity, sleek design, and advanced features for premium vaping.\" \/>\n<meta name=\"robots\" content=\"index, follow, max-snippet:-1, max-image-preview:large, max-video-preview:-1\" \/>\n<link rel=\"canonical\" href=\"https:\/\/vapebulkp.com\/es\/product\/vookbar-30000-puffs-touch-screen-disposable-vapes-wholesale-price\/\" \/>\n<meta property=\"og:locale\" content=\"es_ES\" \/>\n<meta property=\"og:type\" content=\"article\" \/>\n<meta property=\"og:title\" content=\"Vookbar 30000 Puffs Touch Screen Disposable Vapes Wholesale Price - vapebulkp.com\" \/>\n<meta property=\"og:description\" content=\"Shop Vookbar 30000 Puffs Touch Screen Disposable Vapes at wholesale prices. High-capacity, sleek design, and advanced features for premium vaping.\" \/>\n<meta property=\"og:url\" content=\"https:\/\/vapebulkp.com\/es\/product\/vookbar-30000-puffs-touch-screen-disposable-vapes-wholesale-price\/\" \/>\n<meta property=\"og:site_name\" content=\"vapebulkp.com\" \/>\n<meta property=\"article:modified_time\" content=\"2025-09-03T03:31:08+00:00\" \/>\n<meta property=\"og:image\" content=\"http:\/\/vapebulkp.com\/wp-content\/uploads\/2024\/12\/Vookbar-30000-Puffs-Top-Sale-Vape.png\" \/>\n\t<meta property=\"og:image:width\" content=\"800\" \/>\n\t<meta property=\"og:image:height\" content=\"800\" \/>\n\t<meta property=\"og:image:type\" content=\"image\/png\" \/>\n<meta name=\"twitter:card\" content=\"summary_large_image\" \/>\n<meta name=\"twitter:label1\" content=\"Tiempo de lectura\" \/>\n\t<meta name=\"twitter:data1\" content=\"4 minutos\" \/>\n<script type=\"application\/ld+json\" class=\"yoast-schema-graph\">{\"@context\":\"https:\/\/schema.org\",\"@graph\":[{\"@type\":\"WebPage\",\"@id\":\"https:\/\/vapebulkp.com\/product\/vookbar-30000-puffs-touch-screen-disposable-vapes-wholesale-price\/\",\"url\":\"https:\/\/vapebulkp.com\/product\/vookbar-30000-puffs-touch-screen-disposable-vapes-wholesale-price\/\",\"name\":\"Vookbar 30000 Puffs Touch Screen Disposable Vapes Wholesale Price - vapebulkp.com\",\"isPartOf\":{\"@id\":\"https:\/\/vapebulkp.com\/#website\"},\"datePublished\":\"2024-12-20T08:24:34+00:00\",\"dateModified\":\"2025-09-03T03:31:08+00:00\",\"description\":\"Shop Vookbar 30000 Puffs Touch Screen Disposable Vapes at wholesale prices. High-capacity, sleek design, and advanced features for premium vaping.\",\"breadcrumb\":{\"@id\":\"https:\/\/vapebulkp.com\/product\/vookbar-30000-puffs-touch-screen-disposable-vapes-wholesale-price\/#breadcrumb\"},\"inLanguage\":\"es\",\"potentialAction\":[{\"@type\":\"ReadAction\",\"target\":[\"https:\/\/vapebulkp.com\/product\/vookbar-30000-puffs-touch-screen-disposable-vapes-wholesale-price\/\"]}]},{\"@type\":\"BreadcrumbList\",\"@id\":\"https:\/\/vapebulkp.com\/product\/vookbar-30000-puffs-touch-screen-disposable-vapes-wholesale-price\/#breadcrumb\",\"itemListElement\":[{\"@type\":\"ListItem\",\"position\":1,\"name\":\"Home\",\"item\":\"https:\/\/vapebulkp.com\/\"},{\"@type\":\"ListItem\",\"position\":2,\"name\":\"Hot Trend Vapes\",\"item\":\"https:\/\/vapebulkp.com\/vape-shop\/\"},{\"@type\":\"ListItem\",\"position\":3,\"name\":\"Vookbar 30000 Puffs Touch Screen Disposable Vapes Wholesale Price\"}]},{\"@type\":\"WebSite\",\"@id\":\"https:\/\/vapebulkp.com\/#website\",\"url\":\"https:\/\/vapebulkp.com\/\",\"name\":\"vapebulkp.com\",\"description\":\"Buy Vape In Cheap Bulk Price Near you\",\"publisher\":{\"@id\":\"https:\/\/vapebulkp.com\/#organization\"},\"potentialAction\":[{\"@type\":\"SearchAction\",\"target\":{\"@type\":\"EntryPoint\",\"urlTemplate\":\"https:\/\/vapebulkp.com\/?s={search_term_string}\"},\"query-input\":\"required name=search_term_string\"}],\"inLanguage\":\"es\"},{\"@type\":\"Organization\",\"@id\":\"https:\/\/vapebulkp.com\/#organization\",\"name\":\"vapebulkp.com\",\"url\":\"https:\/\/vapebulkp.com\/\",\"logo\":{\"@type\":\"ImageObject\",\"inLanguage\":\"es\",\"@id\":\"https:\/\/vapebulkp.com\/#\/schema\/logo\/image\/\",\"url\":\"https:\/\/vapebulkp.com\/wp-content\/uploads\/2023\/09\/cropped-vapebulkp.png\",\"contentUrl\":\"https:\/\/vapebulkp.com\/wp-content\/uploads\/2023\/09\/cropped-vapebulkp.png\",\"width\":516,\"height\":163,\"caption\":\"vapebulkp.com\"},\"image\":{\"@id\":\"https:\/\/vapebulkp.com\/#\/schema\/logo\/image\/\"}}]}<\/script>\n<!-- \/ Yoast SEO plugin. -->","yoast_head_json":{"title":"Vookbar 30000 Puffs Touch Screen Disposable Vapes Wholesale Price - vapebulkp.com","description":"Shop Vookbar 30000 Puffs Touch Screen Disposable Vapes at wholesale prices. High-capacity, sleek design, and advanced features for premium vaping.","robots":{"index":"index","follow":"follow","max-snippet":"max-snippet:-1","max-image-preview":"max-image-preview:large","max-video-preview":"max-video-preview:-1"},"canonical":"https:\/\/vapebulkp.com\/es\/product\/vookbar-30000-puffs-touch-screen-disposable-vapes-wholesale-price\/","og_locale":"es_ES","og_type":"article","og_title":"Vookbar 30000 Puffs Touch Screen Disposable Vapes Wholesale Price - vapebulkp.com","og_description":"Shop Vookbar 30000 Puffs Touch Screen Disposable Vapes at wholesale prices. High-capacity, sleek design, and advanced features for premium vaping.","og_url":"https:\/\/vapebulkp.com\/es\/product\/vookbar-30000-puffs-touch-screen-disposable-vapes-wholesale-price\/","og_site_name":"vapebulkp.com","article_modified_time":"2025-09-03T03:31:08+00:00","og_image":[{"width":800,"height":800,"url":"http:\/\/vapebulkp.com\/wp-content\/uploads\/2024\/12\/Vookbar-30000-Puffs-Top-Sale-Vape.png","type":"image\/png"}],"twitter_card":"summary_large_image","twitter_misc":{"Tiempo de lectura":"4 minutos"},"schema":{"@context":"https:\/\/schema.org","@graph":[{"@type":"WebPage","@id":"https:\/\/vapebulkp.com\/product\/vookbar-30000-puffs-touch-screen-disposable-vapes-wholesale-price\/","url":"https:\/\/vapebulkp.com\/product\/vookbar-30000-puffs-touch-screen-disposable-vapes-wholesale-price\/","name":"Vookbar 30000 Puffs Touch Screen Disposable Vapes Wholesale Price - vapebulkp.com","isPartOf":{"@id":"https:\/\/vapebulkp.com\/#website"},"datePublished":"2024-12-20T08:24:34+00:00","dateModified":"2025-09-03T03:31:08+00:00","description":"Shop Vookbar 30000 Puffs Touch Screen Disposable Vapes at wholesale prices. High-capacity, sleek design, and advanced features for premium vaping.","breadcrumb":{"@id":"https:\/\/vapebulkp.com\/product\/vookbar-30000-puffs-touch-screen-disposable-vapes-wholesale-price\/#breadcrumb"},"inLanguage":"es","potentialAction":[{"@type":"ReadAction","target":["https:\/\/vapebulkp.com\/product\/vookbar-30000-puffs-touch-screen-disposable-vapes-wholesale-price\/"]}]},{"@type":"BreadcrumbList","@id":"https:\/\/vapebulkp.com\/product\/vookbar-30000-puffs-touch-screen-disposable-vapes-wholesale-price\/#breadcrumb","itemListElement":[{"@type":"ListItem","position":1,"name":"Home","item":"https:\/\/vapebulkp.com\/"},{"@type":"ListItem","position":2,"name":"Hot Trend Vapes","item":"https:\/\/vapebulkp.com\/vape-shop\/"},{"@type":"ListItem","position":3,"name":"Vookbar 30000 Puffs Touch Screen Disposable Vapes Wholesale Price"}]},{"@type":"WebSite","@id":"https:\/\/vapebulkp.com\/#website","url":"https:\/\/vapebulkp.com\/","name":"vapebulkp.com","description":"Buy Vape In Cheap Bulk Price Near you","publisher":{"@id":"https:\/\/vapebulkp.com\/#organization"},"potentialAction":[{"@type":"SearchAction","target":{"@type":"EntryPoint","urlTemplate":"https:\/\/vapebulkp.com\/?s={search_term_string}"},"query-input":"required name=search_term_string"}],"inLanguage":"es"},{"@type":"Organization","@id":"https:\/\/vapebulkp.com\/#organization","name":"vapebulkp.com","url":"https:\/\/vapebulkp.com\/","logo":{"@type":"ImageObject","inLanguage":"es","@id":"https:\/\/vapebulkp.com\/#\/schema\/logo\/image\/","url":"https:\/\/vapebulkp.com\/wp-content\/uploads\/2023\/09\/cropped-vapebulkp.png","contentUrl":"https:\/\/vapebulkp.com\/wp-content\/uploads\/2023\/09\/cropped-vapebulkp.png","width":516,"height":163,"caption":"vapebulkp.com"},"image":{"@id":"https:\/\/vapebulkp.com\/#\/schema\/logo\/image\/"}}]}},"uagb_featured_image_src":{"full":["https:\/\/vapebulkp.com\/wp-content\/uploads\/2024\/12\/Vookbar-30000-Puffs-Top-Sale-Vape.png",800,800,false],"thumbnail":["https:\/\/vapebulkp.com\/wp-content\/uploads\/2024\/12\/Vookbar-30000-Puffs-Top-Sale-Vape-150x150.png",150,150,true],"medium":["https:\/\/vapebulkp.com\/wp-content\/uploads\/2024\/12\/Vookbar-30000-Puffs-Top-Sale-Vape-300x300.png",300,300,true],"medium_large":["https:\/\/vapebulkp.com\/wp-content\/uploads\/2024\/12\/Vookbar-30000-Puffs-Top-Sale-Vape-768x768.png",768,768,true],"large":["https:\/\/vapebulkp.com\/wp-content\/uploads\/2024\/12\/Vookbar-30000-Puffs-Top-Sale-Vape.png",800,800,false],"1536x1536":["https:\/\/vapebulkp.com\/wp-content\/uploads\/2024\/12\/Vookbar-30000-Puffs-Top-Sale-Vape.png",800,800,false],"2048x2048":["https:\/\/vapebulkp.com\/wp-content\/uploads\/2024\/12\/Vookbar-30000-Puffs-Top-Sale-Vape.png",800,800,false],"trp-custom-language-flag":["https:\/\/vapebulkp.com\/wp-content\/uploads\/2024\/12\/Vookbar-30000-Puffs-Top-Sale-Vape.png",12,12,false],"woocommerce_thumbnail":["https:\/\/vapebulkp.com\/wp-content\/uploads\/2024\/12\/Vookbar-30000-Puffs-Top-Sale-Vape-300x300.png",300,300,true],"woocommerce_single":["https:\/\/vapebulkp.com\/wp-content\/uploads\/2024\/12\/Vookbar-30000-Puffs-Top-Sale-Vape-600x600.png",600,600,true],"woocommerce_gallery_thumbnail":["https:\/\/vapebulkp.com\/wp-content\/uploads\/2024\/12\/Vookbar-30000-Puffs-Top-Sale-Vape-100x100.png",100,100,true],"wcpr-photo-reviews":["https:\/\/vapebulkp.com\/wp-content\/uploads\/2024\/12\/Vookbar-30000-Puffs-Top-Sale-Vape.png",500,500,false]},"uagb_author_info":{"display_name":"Mandy vape bulk price","author_link":"https:\/\/vapebulkp.com\/es\/author\/"},"uagb_comment_info":0,"uagb_excerpt":"Vookbar 30000 Puffs Touch Screen Disposable Vapes at wholesale prices. Long-lasting, high-quality, and innovative vaping solution. Bulk orders available. Pls Contact Mandy's WhatsApp For Discount Price+8618077105796 &nbsp; NOTE: Prices on our website does not include shipping costs &nbsp;","_links":{"self":[{"href":"https:\/\/vapebulkp.com\/es\/wp-json\/wp\/v2\/product\/3268","targetHints":{"allow":["GET"]}}],"collection":[{"href":"https:\/\/vapebulkp.com\/es\/wp-json\/wp\/v2\/product"}],"about":[{"href":"https:\/\/vapebulkp.com\/es\/wp-json\/wp\/v2\/types\/product"}],"replies":[{"embeddable":true,"href":"https:\/\/vapebulkp.com\/es\/wp-json\/wp\/v2\/comments?post=3268"}],"wp:featuredmedia":[{"embeddable":true,"href":"https:\/\/vapebulkp.com\/es\/wp-json\/wp\/v2\/media\/3266"}],"wp:attachment":[{"href":"https:\/\/vapebulkp.com\/es\/wp-json\/wp\/v2\/media?parent=3268"}],"wp:term":[{"taxonomy":"product_cat","embeddable":true,"href":"https:\/\/vapebulkp.com\/es\/wp-json\/wp\/v2\/product_cat?post=3268"},{"taxonomy":"product_tag","embeddable":true,"href":"https:\/\/vapebulkp.com\/es\/wp-json\/wp\/v2\/product_tag?post=3268"}],"curies":[{"name":"wp","href":"https:\/\/api.w.org\/{rel}","templated":true}]}}