{"id":3285,"date":"2024-12-26T10:32:38","date_gmt":"2024-12-26T09:32:38","guid":{"rendered":"https:\/\/vapebulkp.com\/?post_type=product&#038;p=3285"},"modified":"2025-09-24T05:21:36","modified_gmt":"2025-09-24T03:21:36","slug":"bood-pulse-pro-25k-50k-disposable-vape-bar-5000-puffs-nicotine-free","status":"publish","type":"product","link":"https:\/\/vapebulkp.com\/es\/product\/bood-pulse-pro-25k-50k-disposable-vape-bar-5000-puffs-nicotine-free\/","title":{"rendered":"Bood Pulse Pro 25k\/50k Barra de Vape Desechable 5000 Puffs Sin Nicotina"},"content":{"rendered":"<h2 style=\"text-align: left\">Bood Pulse Pro 25k\/50k Barra de Vape Desechable 5000 Puffs Sin Nicotina<\/h2>\n<p>&nbsp;<\/p>\n<p data-start=\"347\" data-end=\"692\">El <strong>Bood Pulse Pro 25k\/50k Barra de Vape Desechable 5000 Caladas<\/strong>\u00a0es una verdadera <strong data-start=\"408\" data-end=\"433\">barra de vape de larga duraci\u00f3n<\/strong> dise\u00f1ada para usuarios europeos que exigen fiabilidad, sabor y capacidad en un solo dispositivo. Ofreciendo hasta 50.000 caladas, combina ingenier\u00eda avanzada con comodidad, lo que la convierte en una opci\u00f3n destacada tanto para clientes minoristas como para el mercado de la <strong data-start=\"661\" data-end=\"682\">vapeo al por mayor en la UE<\/strong> distribuci\u00f3n.<\/p>\n<p data-start=\"694\" data-end=\"983\">Cada dispositivo viene precargado con 38ml de <strong data-start=\"736\" data-end=\"761\">l\u00edquido de vape premium<\/strong>, ofreciendo un sabor constante y vapor suave durante toda su vida \u00fatil. Con concentraciones de sal de nicotina disponibles en 2% y 5%, se adapta tanto a preferencias moderadas como m\u00e1s fuertes, asegurando la satisfacci\u00f3n de una amplia audiencia.<\/p>\n<p data-start=\"985\" data-end=\"1297\">Alimentado por una bater\u00eda recargable de 850 mAh y equipado con carga r\u00e1pida Tipo-C, este <strong data-start=\"1072\" data-end=\"1104\">vape desechable recargable<\/strong> minimiza el tiempo de inactividad y maximiza el rendimiento. La tecnolog\u00eda integrada <strong data-start=\"1166\" data-end=\"1184\">bobina de malla de vapeo<\/strong> mejora la intensidad del sabor y la densidad del vapor, proporcionando a cada calada un golpe de garganta refinado y satisfactorio.<\/p>\n<p data-start=\"1299\" data-end=\"1565\">Compacto y elegante, el <strong data-start=\"1324\" data-end=\"1370\">Pulso de Vida Pro <a href=\"https:\/\/vapebulkp.com\/es\/product-category\/50000-puffs-disposable-vape\/\">Vaper desechable de 50000 caladas<\/a><\/strong> es perfecto para el uso diario, viajes y ocasiones sociales. Para distribuidores y minoristas, su alta demanda y dise\u00f1o listo para venta al por mayor lo convierten en una de las opciones m\u00e1s rentables en el mercado europeo.<\/p>\n<h6>Por favor, contacta con el WhatsApp de Mandy para obtener un precio con descuento<a href=\"https:\/\/wa.me\/8618077105796\">+8618077105796<\/a><\/h6>\n<p><img decoding=\"async\" class=\"alignnone wp-image-2151\" src=\"http:\/\/vapebulkp.com\/wp-content\/uploads\/2024\/04\/Mandy-WhatsApp-Randm.jpg\" alt=\"Mandy WhatsApp Aleatorio\" width=\"324\" height=\"330\" \/><\/p>\n<div class=\"flex max-w-full flex-col flex-grow\">\n<div class=\"min-h-8 text-message flex w-full flex-col items-end gap-2 whitespace-normal break-words text-start [.text-message+&amp;]:mt-5\" dir=\"auto\" data-message-author-role=\"assistant\" data-message-id=\"d24cf626-c018-4805-80f5-44de047f2ba0\" data-message-model-slug=\"gpt-4o\">\n<div class=\"flex w-full flex-col gap-1 empty:hidden first:pt-[3px]\">\n<div class=\"markdown prose w-full break-words dark:prose-invert light\">\n<h2>\u00bfPor qu\u00e9 elegir el cigarrillo electr\u00f3nico Bood Pulse Pro de 50000 caladas?<\/h2>\n<p>Dise\u00f1ado pensando en la comodidad y el rendimiento, el <strong>Pulso de Vida Pro<\/strong> ofrece una potente experiencia de vapeo sin la molestia del mantenimiento. Ya seas un usuario ocasional o un vapeador \u00e1vido, este dispositivo es ideal para un uso prolongado, proporcionando una calada limpia, consistente y sabrosa con cada calada.<\/p>\n<p>&nbsp;<\/p>\n<\/div>\n<\/div>\n<\/div>\n<\/div>\n<h3>Especificaciones clave del vapeador sin nicotina Bood Pulse Pro de 50000 caladas:<\/h3>\n<ul>\n<li><strong>Capacidad de e-l\u00edquido<\/strong>: 38ml precargado para uso prolongado<\/li>\n<li><strong>Concentraci\u00f3n de nicotina<\/strong>: Disponible en opciones de 2% y 5% para satisfacer diversas preferencias<\/li>\n<li><strong>Potencia de la bater\u00eda<\/strong>: Una robusta bater\u00eda recargable de 850 mAh garantiza una salida constante<\/li>\n<li><strong>Tecnolog\u00eda de la bobina<\/strong>: Bobina de malla avanzada para una producci\u00f3n de vapor suave y un sabor intenso<\/li>\n<\/ul>\n<p>&nbsp;<\/p>\n<h3><strong>Dispositivo de vapeo con bobina de malla de larga duraci\u00f3n <\/strong>Bood Pulse Pro 25k 50k Caladas <strong>Lista de Sabores<\/strong><\/h3>\n<p>1.MEL\u00d3N PI\u00d1A NARANJA<br \/>\n2.AR\u00c1NDANO FRAMBUESA \u00c1CIDA<br \/>\n3.MEL\u00d3N KIWI<br \/>\n4.AR\u00c1NDANO MEL\u00d3N<br \/>\n5.MORAS CON HIELO<br \/>\n6.MEL\u00d3N TRIPLE<br \/>\n7.FRESA CON HIELO<br \/>\n8.FRESA MEL\u00d3N CON HIELO<br \/>\n9.DOBLE LIMONADA<br \/>\n10.UVA AR\u00c1NDANO ROJO FRAMBUESA<\/p>\n<p><a href=\"https:\/\/vapebulkp.com\/es\/product\/aivono-curved-smart-screen-35000-puffs-disposable-vape-wholesale-price\/\"><span style=\"vertical-align: inherit\">Aivono 35000 Caladas <\/span><\/a><\/p>\n<p><span style=\"vertical-align: inherit\">Encuentra m\u00e1s productos que te puedan gustar:<\/span><em><a href=\"https:\/\/wa.me\/8618077105796\"><span style=\"vertical-align: inherit\">\u00a0C\u00f3mpralo ahora<\/span><\/a><\/em><\/p>\n<p><span style=\"vertical-align: inherit\">Otros vaporizadores que te pueden gustar:<\/span><a href=\"https:\/\/vapebulkp.com\/es\/product\/wholesale-price-bang-kingdoms-rex-32000-puffs-vape-pod\/\"><span style=\"vertical-align: inherit\">Bang Kingdoms 32000 caladas<\/span><\/a><span style=\"vertical-align: inherit\">\u3001<\/span><a href=\"https:\/\/vapebulkp.com\/es\/product\/vookbar-30000-puffs-touch-screen-disposable-vapes-wholesale-price\/\"><span style=\"vertical-align: inherit\">Vookbar 30000 Caladas<\/span><\/a><span style=\"vertical-align: inherit\">\/ <\/span><a href=\"https:\/\/vapebulkp.com\/es\/product\/vapsolo-best-quality-viking-12k-puffs-disposable-vapes\/\"><span style=\"vertical-align: inherit\">Vapsolo viking 12000 Caladas<\/span><\/a><span style=\"vertical-align: inherit\">\/ <\/span><a href=\"https:\/\/vapebulkp.com\/es\/product\/waspe-vape-40000-puff-fihp-double-flavour-disposable-vape\/\"><span style=\"vertical-align: inherit\">WASPE 40000 caladas<\/span><\/a><\/p>\n<p>&nbsp;<\/p>\n<h3>Preguntas frecuentes sobre los vaporizadores desechables Bood Pulse Pro 25K\/50K de 50000 caladas<\/h3>\n<p><strong>P: \u00bfCu\u00e1l es la cantidad m\u00ednima de pedido (MOQ) para el Bood Pulse Pro 25K\/50K de 50000 caladas?<\/strong><br \/>\nR: La cantidad m\u00ednima de pedido es <strong>50 unidades<\/strong>.<\/p>\n<p><strong>P: \u00bfCu\u00e1nto tiempo tarda la entrega despu\u00e9s de realizar un pedido?<\/strong><br \/>\nR: El tiempo de entrega suele ser de <strong>10-15 d\u00edas<\/strong> despu\u00e9s del env\u00edo.<\/p>\n<p><strong>P: \u00bfCu\u00e1nto costar\u00e1 el env\u00edo?<\/strong><br \/>\nR: Los costos de env\u00edo dependen del peso total de su pedido. Para conocer las tarifas espec\u00edficas, p\u00f3ngase en contacto con nosotros para obtener informaci\u00f3n detallada basada en su cantidad y ubicaci\u00f3n.<\/p>\n<p><strong>P: \u00bfHacen env\u00edos internacionales?<\/strong><br \/>\nR: S\u00ed, enviamos a la mayor\u00eda de los pa\u00edses europeos, incluyendo, entre otros: <strong>Pa\u00edses Bajos, Alemania, Francia, Espa\u00f1a, Italia, B\u00e9lgica, Austria, Polonia, Suecia, Irlanda, Finlandia y Portugal<\/strong>.<\/p>\n<p><strong>P: \u00bfEst\u00e1 disponible el seguimiento de pedidos?<\/strong><br \/>\nR: \u00a1Absolutamente! Una vez que su pedido sea enviado, le proporcionaremos un n\u00famero de seguimiento y un enlace para rastrear su env\u00edo.<\/p>\n<h3>Detalle de env\u00edo:<\/h3>\n<p><span style=\"color: #ff6600\">Tiempo de producci\u00f3n: 5-10 d\u00edas laborables<\/span><br \/>\n<span style=\"color: #ff6600\">Tiempo de env\u00edo: 8-14 d\u00edas laborables<\/span><\/p>\n<p>Todos los productos en nuestra tienda son 100% originales y aut\u00e9nticos, por lo que la compensaci\u00f3n de diez veces por productos falsos es la pol\u00edtica de nuestra tienda. Utilizamos canales log\u00edsticos como UPS\/DHL\/FEDEX\/DPD para entregarle los productos.<\/p>\n<p>Para los paquetes enviados a Espa\u00f1a, generalmente tardan 12 a 15 d\u00edas laborables en llegar. Actualizaremos la informaci\u00f3n de log\u00edstica para usted en tiempo real.<\/p>","protected":false},"excerpt":{"rendered":"<ul>\n<li><strong>Bood Pulse Pro 50K Vape Desechable Sin Nicotina<\/strong><\/li>\n<li><strong>25K\/50K Caladas Bood Pulse Pro Barra de Vape Recargable<\/strong><\/li>\n<li><strong>Bood Pulse Pro 50000 Caladas Vape Desechable Sin Nicotina Bobina de Malla<\/strong><\/li>\n<\/ul>\n<p>Por favor, contacta con el WhatsApp de Mandy para obtener un precio con descuento<a href=\"https:\/\/wa.me\/8618077105796\">+8618077105796<\/a><\/p>\n<p><img decoding=\"async\" class=\"alignnone wp-image-2151\" src=\"http:\/\/vapebulkp.com\/wp-content\/uploads\/2024\/04\/Mandy-WhatsApp-Randm.jpg\" alt=\"Mandy WhatsApp Aleatorio\" width=\"297\" height=\"316\" srcset=\"https:\/\/vapebulkp.com\/wp-content\/uploads\/2024\/04\/Mandy-WhatsApp-Randm.jpg 916w, https:\/\/vapebulkp.com\/wp-content\/uploads\/2024\/04\/Mandy-WhatsApp-Randm-282x300.jpg 282w, https:\/\/vapebulkp.com\/wp-content\/uploads\/2024\/04\/Mandy-WhatsApp-Randm-768x817.jpg 768w, https:\/\/vapebulkp.com\/wp-content\/uploads\/2024\/04\/Mandy-WhatsApp-Randm-600x638.jpg 600w\" sizes=\"(max-width: 297px) 100vw, 297px\" \/><\/p>\n<p><span style=\"color: #ff0000\">NOTA: Los precios en nuestro sitio web no incluyen los gastos de env\u00edo<\/span><\/p>\n<p>&nbsp;<\/p>","protected":false},"featured_media":3286,"comment_status":"open","ping_status":"closed","template":"","meta":{"_uag_custom_page_level_css":"","_lmt_disableupdate":"no","_lmt_disable":"","site-sidebar-layout":"default","site-content-layout":"content-boxed-container","ast-site-content-layout":"normal-width-container","site-content-style":"boxed","site-sidebar-style":"unboxed","ast-global-header-display":"","ast-banner-title-visibility":"","ast-main-header-display":"","ast-hfb-above-header-display":"","ast-hfb-below-header-display":"","ast-hfb-mobile-header-display":"","site-post-title":"","ast-breadcrumbs-content":"","ast-featured-img":"","footer-sml-layout":"","theme-transparent-header-meta":"default","adv-header-id-meta":"","stick-header-meta":"","header-above-stick-meta":"","header-main-stick-meta":"","header-below-stick-meta":"","astra-migrate-meta-layouts":"set","_joinchat":[]},"product_cat":[194,153,155,346,33,59,100,87,34,158,157,154,152,58,84,156,63,32],"product_tag":[195,36,37,41,40],"class_list":["post-3285","product","type-product","status-publish","has-post-thumbnail","hentry","product_cat-50000-puffs-disposable-vape","product_cat-hot-disposable-vapes","product_cat-belgium-hot-disposable-vapes","product_cat-bood-vapes","product_cat-france-vape-hot-sale","product_cat-germany-hot-disposable-vape","product_cat-germany-wholesale-vape-shop","product_cat-minimum-order-quantity-50pcs","product_cat-netherlands-vape-good-sale","product_cat-norway-hot-disposable-vapes","product_cat-poland-hot-disposable-vapes","product_cat-portugal-hot-disposable-vapes","product_cat-spain-hot-disposable-vapes","product_cat-sweden-hot-disposable-vape","product_cat-sweden-wholesale-vape","product_cat-switzerland-hot-disposable-vapes","product_cat-top-sale-disposable-vape","product_cat-vape-hot-sale-this-week","product_tag-50000-puffs","product_tag-good-vape","product_tag-hot-sale-disposable-vape","product_tag-poland-hot-vape","product_tag-sweden-hot-vape","pa_brand-bood-vape","desktop-align-left","tablet-align-left","mobile-align-left"],"yoast_head":"<!-- This site is optimized with the Yoast SEO plugin v21.1 - https:\/\/yoast.com\/wordpress\/plugins\/seo\/ -->\n<title>Bood Pulse Pro 25k\/50k Disposable Vape Bar 5000 Puffs Nicotine Free - vapebulkp.com<\/title>\n<meta name=\"description\" content=\"Wholesale Bood Pulse Pro 25K\/50K Disposable Vape Bar, 5000 puffs, nicotine-free, sleek design, long-lasting performance for a smooth vaping experience.\" \/>\n<meta name=\"robots\" content=\"index, follow, max-snippet:-1, max-image-preview:large, max-video-preview:-1\" \/>\n<link rel=\"canonical\" href=\"https:\/\/vapebulkp.com\/es\/product\/bood-pulse-pro-25k-50k-disposable-vape-bar-5000-puffs-nicotine-free\/\" \/>\n<meta property=\"og:locale\" content=\"es_ES\" \/>\n<meta property=\"og:type\" content=\"article\" \/>\n<meta property=\"og:title\" content=\"Bood Pulse Pro 25k\/50k Disposable Vape Bar 5000 Puffs Nicotine Free - vapebulkp.com\" \/>\n<meta property=\"og:description\" content=\"Wholesale Bood Pulse Pro 25K\/50K Disposable Vape Bar, 5000 puffs, nicotine-free, sleek design, long-lasting performance for a smooth vaping experience.\" \/>\n<meta property=\"og:url\" content=\"https:\/\/vapebulkp.com\/es\/product\/bood-pulse-pro-25k-50k-disposable-vape-bar-5000-puffs-nicotine-free\/\" \/>\n<meta property=\"og:site_name\" content=\"vapebulkp.com\" \/>\n<meta property=\"article:modified_time\" content=\"2025-09-24T03:21:36+00:00\" \/>\n<meta property=\"og:image\" content=\"http:\/\/vapebulkp.com\/wp-content\/uploads\/2024\/12\/Bood-pulse-pro-25k-Puffs-50k-Puffs-bulk-price-vape-sweden.png\" \/>\n\t<meta property=\"og:image:width\" content=\"800\" \/>\n\t<meta property=\"og:image:height\" content=\"800\" \/>\n\t<meta property=\"og:image:type\" content=\"image\/png\" \/>\n<meta name=\"twitter:card\" content=\"summary_large_image\" \/>\n<meta name=\"twitter:label1\" content=\"Tiempo de lectura\" \/>\n\t<meta name=\"twitter:data1\" content=\"3 minutos\" \/>\n<script type=\"application\/ld+json\" class=\"yoast-schema-graph\">{\"@context\":\"https:\/\/schema.org\",\"@graph\":[{\"@type\":\"WebPage\",\"@id\":\"https:\/\/vapebulkp.com\/product\/bood-pulse-pro-25k-50k-disposable-vape-bar-5000-puffs-nicotine-free\/\",\"url\":\"https:\/\/vapebulkp.com\/product\/bood-pulse-pro-25k-50k-disposable-vape-bar-5000-puffs-nicotine-free\/\",\"name\":\"Bood Pulse Pro 25k\/50k Disposable Vape Bar 5000 Puffs Nicotine Free - vapebulkp.com\",\"isPartOf\":{\"@id\":\"https:\/\/vapebulkp.com\/#website\"},\"datePublished\":\"2024-12-26T09:32:38+00:00\",\"dateModified\":\"2025-09-24T03:21:36+00:00\",\"description\":\"Wholesale Bood Pulse Pro 25K\/50K Disposable Vape Bar, 5000 puffs, nicotine-free, sleek design, long-lasting performance for a smooth vaping experience.\",\"breadcrumb\":{\"@id\":\"https:\/\/vapebulkp.com\/product\/bood-pulse-pro-25k-50k-disposable-vape-bar-5000-puffs-nicotine-free\/#breadcrumb\"},\"inLanguage\":\"es\",\"potentialAction\":[{\"@type\":\"ReadAction\",\"target\":[\"https:\/\/vapebulkp.com\/product\/bood-pulse-pro-25k-50k-disposable-vape-bar-5000-puffs-nicotine-free\/\"]}]},{\"@type\":\"BreadcrumbList\",\"@id\":\"https:\/\/vapebulkp.com\/product\/bood-pulse-pro-25k-50k-disposable-vape-bar-5000-puffs-nicotine-free\/#breadcrumb\",\"itemListElement\":[{\"@type\":\"ListItem\",\"position\":1,\"name\":\"Home\",\"item\":\"https:\/\/vapebulkp.com\/\"},{\"@type\":\"ListItem\",\"position\":2,\"name\":\"Hot Trend Vapes\",\"item\":\"https:\/\/vapebulkp.com\/vape-shop\/\"},{\"@type\":\"ListItem\",\"position\":3,\"name\":\"Bood Pulse Pro 25k\/50k Disposable Vape Bar 5000 Puffs Nicotine Free\"}]},{\"@type\":\"WebSite\",\"@id\":\"https:\/\/vapebulkp.com\/#website\",\"url\":\"https:\/\/vapebulkp.com\/\",\"name\":\"vapebulkp.com\",\"description\":\"Buy Vape In Cheap Bulk Price Near you\",\"publisher\":{\"@id\":\"https:\/\/vapebulkp.com\/#organization\"},\"potentialAction\":[{\"@type\":\"SearchAction\",\"target\":{\"@type\":\"EntryPoint\",\"urlTemplate\":\"https:\/\/vapebulkp.com\/?s={search_term_string}\"},\"query-input\":\"required name=search_term_string\"}],\"inLanguage\":\"es\"},{\"@type\":\"Organization\",\"@id\":\"https:\/\/vapebulkp.com\/#organization\",\"name\":\"vapebulkp.com\",\"url\":\"https:\/\/vapebulkp.com\/\",\"logo\":{\"@type\":\"ImageObject\",\"inLanguage\":\"es\",\"@id\":\"https:\/\/vapebulkp.com\/#\/schema\/logo\/image\/\",\"url\":\"https:\/\/vapebulkp.com\/wp-content\/uploads\/2023\/09\/cropped-vapebulkp.png\",\"contentUrl\":\"https:\/\/vapebulkp.com\/wp-content\/uploads\/2023\/09\/cropped-vapebulkp.png\",\"width\":516,\"height\":163,\"caption\":\"vapebulkp.com\"},\"image\":{\"@id\":\"https:\/\/vapebulkp.com\/#\/schema\/logo\/image\/\"}}]}<\/script>\n<!-- \/ Yoast SEO plugin. -->","yoast_head_json":{"title":"Bood Pulse Pro 25k\/50k Disposable Vape Bar 5000 Puffs Nicotine Free - vapebulkp.com","description":"Wholesale Bood Pulse Pro 25K\/50K Disposable Vape Bar, 5000 puffs, nicotine-free, sleek design, long-lasting performance for a smooth vaping experience.","robots":{"index":"index","follow":"follow","max-snippet":"max-snippet:-1","max-image-preview":"max-image-preview:large","max-video-preview":"max-video-preview:-1"},"canonical":"https:\/\/vapebulkp.com\/es\/product\/bood-pulse-pro-25k-50k-disposable-vape-bar-5000-puffs-nicotine-free\/","og_locale":"es_ES","og_type":"article","og_title":"Bood Pulse Pro 25k\/50k Disposable Vape Bar 5000 Puffs Nicotine Free - vapebulkp.com","og_description":"Wholesale Bood Pulse Pro 25K\/50K Disposable Vape Bar, 5000 puffs, nicotine-free, sleek design, long-lasting performance for a smooth vaping experience.","og_url":"https:\/\/vapebulkp.com\/es\/product\/bood-pulse-pro-25k-50k-disposable-vape-bar-5000-puffs-nicotine-free\/","og_site_name":"vapebulkp.com","article_modified_time":"2025-09-24T03:21:36+00:00","og_image":[{"width":800,"height":800,"url":"http:\/\/vapebulkp.com\/wp-content\/uploads\/2024\/12\/Bood-pulse-pro-25k-Puffs-50k-Puffs-bulk-price-vape-sweden.png","type":"image\/png"}],"twitter_card":"summary_large_image","twitter_misc":{"Tiempo de lectura":"3 minutos"},"schema":{"@context":"https:\/\/schema.org","@graph":[{"@type":"WebPage","@id":"https:\/\/vapebulkp.com\/product\/bood-pulse-pro-25k-50k-disposable-vape-bar-5000-puffs-nicotine-free\/","url":"https:\/\/vapebulkp.com\/product\/bood-pulse-pro-25k-50k-disposable-vape-bar-5000-puffs-nicotine-free\/","name":"Bood Pulse Pro 25k\/50k Disposable Vape Bar 5000 Puffs Nicotine Free - vapebulkp.com","isPartOf":{"@id":"https:\/\/vapebulkp.com\/#website"},"datePublished":"2024-12-26T09:32:38+00:00","dateModified":"2025-09-24T03:21:36+00:00","description":"Wholesale Bood Pulse Pro 25K\/50K Disposable Vape Bar, 5000 puffs, nicotine-free, sleek design, long-lasting performance for a smooth vaping experience.","breadcrumb":{"@id":"https:\/\/vapebulkp.com\/product\/bood-pulse-pro-25k-50k-disposable-vape-bar-5000-puffs-nicotine-free\/#breadcrumb"},"inLanguage":"es","potentialAction":[{"@type":"ReadAction","target":["https:\/\/vapebulkp.com\/product\/bood-pulse-pro-25k-50k-disposable-vape-bar-5000-puffs-nicotine-free\/"]}]},{"@type":"BreadcrumbList","@id":"https:\/\/vapebulkp.com\/product\/bood-pulse-pro-25k-50k-disposable-vape-bar-5000-puffs-nicotine-free\/#breadcrumb","itemListElement":[{"@type":"ListItem","position":1,"name":"Home","item":"https:\/\/vapebulkp.com\/"},{"@type":"ListItem","position":2,"name":"Hot Trend Vapes","item":"https:\/\/vapebulkp.com\/vape-shop\/"},{"@type":"ListItem","position":3,"name":"Bood Pulse Pro 25k\/50k Disposable Vape Bar 5000 Puffs Nicotine Free"}]},{"@type":"WebSite","@id":"https:\/\/vapebulkp.com\/#website","url":"https:\/\/vapebulkp.com\/","name":"vapebulkp.com","description":"Buy Vape In Cheap Bulk Price Near you","publisher":{"@id":"https:\/\/vapebulkp.com\/#organization"},"potentialAction":[{"@type":"SearchAction","target":{"@type":"EntryPoint","urlTemplate":"https:\/\/vapebulkp.com\/?s={search_term_string}"},"query-input":"required name=search_term_string"}],"inLanguage":"es"},{"@type":"Organization","@id":"https:\/\/vapebulkp.com\/#organization","name":"vapebulkp.com","url":"https:\/\/vapebulkp.com\/","logo":{"@type":"ImageObject","inLanguage":"es","@id":"https:\/\/vapebulkp.com\/#\/schema\/logo\/image\/","url":"https:\/\/vapebulkp.com\/wp-content\/uploads\/2023\/09\/cropped-vapebulkp.png","contentUrl":"https:\/\/vapebulkp.com\/wp-content\/uploads\/2023\/09\/cropped-vapebulkp.png","width":516,"height":163,"caption":"vapebulkp.com"},"image":{"@id":"https:\/\/vapebulkp.com\/#\/schema\/logo\/image\/"}}]}},"uagb_featured_image_src":{"full":["https:\/\/vapebulkp.com\/wp-content\/uploads\/2024\/12\/Bood-pulse-pro-25k-Puffs-50k-Puffs-bulk-price-vape-sweden.png",800,800,false],"thumbnail":["https:\/\/vapebulkp.com\/wp-content\/uploads\/2024\/12\/Bood-pulse-pro-25k-Puffs-50k-Puffs-bulk-price-vape-sweden-150x150.png",150,150,true],"medium":["https:\/\/vapebulkp.com\/wp-content\/uploads\/2024\/12\/Bood-pulse-pro-25k-Puffs-50k-Puffs-bulk-price-vape-sweden-300x300.png",300,300,true],"medium_large":["https:\/\/vapebulkp.com\/wp-content\/uploads\/2024\/12\/Bood-pulse-pro-25k-Puffs-50k-Puffs-bulk-price-vape-sweden-768x768.png",768,768,true],"large":["https:\/\/vapebulkp.com\/wp-content\/uploads\/2024\/12\/Bood-pulse-pro-25k-Puffs-50k-Puffs-bulk-price-vape-sweden.png",800,800,false],"1536x1536":["https:\/\/vapebulkp.com\/wp-content\/uploads\/2024\/12\/Bood-pulse-pro-25k-Puffs-50k-Puffs-bulk-price-vape-sweden.png",800,800,false],"2048x2048":["https:\/\/vapebulkp.com\/wp-content\/uploads\/2024\/12\/Bood-pulse-pro-25k-Puffs-50k-Puffs-bulk-price-vape-sweden.png",800,800,false],"trp-custom-language-flag":["https:\/\/vapebulkp.com\/wp-content\/uploads\/2024\/12\/Bood-pulse-pro-25k-Puffs-50k-Puffs-bulk-price-vape-sweden.png",12,12,false],"woocommerce_thumbnail":["https:\/\/vapebulkp.com\/wp-content\/uploads\/2024\/12\/Bood-pulse-pro-25k-Puffs-50k-Puffs-bulk-price-vape-sweden-300x300.png",300,300,true],"woocommerce_single":["https:\/\/vapebulkp.com\/wp-content\/uploads\/2024\/12\/Bood-pulse-pro-25k-Puffs-50k-Puffs-bulk-price-vape-sweden-600x600.png",600,600,true],"woocommerce_gallery_thumbnail":["https:\/\/vapebulkp.com\/wp-content\/uploads\/2024\/12\/Bood-pulse-pro-25k-Puffs-50k-Puffs-bulk-price-vape-sweden-100x100.png",100,100,true],"wcpr-photo-reviews":["https:\/\/vapebulkp.com\/wp-content\/uploads\/2024\/12\/Bood-pulse-pro-25k-Puffs-50k-Puffs-bulk-price-vape-sweden.png",500,500,false]},"uagb_author_info":{"display_name":"Mandy vape bulk price","author_link":"https:\/\/vapebulkp.com\/es\/author\/"},"uagb_comment_info":0,"uagb_excerpt":"Bood Pulse Pro 50K Disposable Vape Nicotine-Free &amp; Long-Lasting 25K\/50K Puffs Bood Pulse Pro Vape Bar Rechargeable &amp; Smooth Draw Bood Pulse Pro 50000 Puffs Disposable Nicotine-Free Mesh Coil Vape Pls Contact Mandy's WhatsApp For Discount Price+8618077105796 NOTE: Prices on our website does not include shipping costs &nbsp;","_links":{"self":[{"href":"https:\/\/vapebulkp.com\/es\/wp-json\/wp\/v2\/product\/3285","targetHints":{"allow":["GET"]}}],"collection":[{"href":"https:\/\/vapebulkp.com\/es\/wp-json\/wp\/v2\/product"}],"about":[{"href":"https:\/\/vapebulkp.com\/es\/wp-json\/wp\/v2\/types\/product"}],"replies":[{"embeddable":true,"href":"https:\/\/vapebulkp.com\/es\/wp-json\/wp\/v2\/comments?post=3285"}],"wp:featuredmedia":[{"embeddable":true,"href":"https:\/\/vapebulkp.com\/es\/wp-json\/wp\/v2\/media\/3286"}],"wp:attachment":[{"href":"https:\/\/vapebulkp.com\/es\/wp-json\/wp\/v2\/media?parent=3285"}],"wp:term":[{"taxonomy":"product_cat","embeddable":true,"href":"https:\/\/vapebulkp.com\/es\/wp-json\/wp\/v2\/product_cat?post=3285"},{"taxonomy":"product_tag","embeddable":true,"href":"https:\/\/vapebulkp.com\/es\/wp-json\/wp\/v2\/product_tag?post=3285"}],"curies":[{"name":"wp","href":"https:\/\/api.w.org\/{rel}","templated":true}]}}