{"id":3391,"date":"2025-02-01T09:07:22","date_gmt":"2025-02-01T08:07:22","guid":{"rendered":"https:\/\/vapebulkp.com\/?post_type=product&#038;p=3391"},"modified":"2025-09-16T11:28:40","modified_gmt":"2025-09-16T09:28:40","slug":"waspe-crystal-vape-40000-puffs-disposable-e-cigarette-dual-flavors-wholesale-price","status":"publish","type":"product","link":"https:\/\/vapebulkp.com\/es\/product\/waspe-crystal-vape-40000-puffs-disposable-e-cigarette-dual-flavors-wholesale-price\/","title":{"rendered":"Waspe Crystal Vape 40000 Puffs Cigarrillo Electr\u00f3nico Desechable Doble Sabores Precio al por Mayor"},"content":{"rendered":"<h2 style=\"text-align: left\">Waspe Crystal Vape 40000 Puffs Cigarrillo Electr\u00f3nico Desechable Doble Sabores Precio al por Mayor<\/h2>\n<div class=\"flex max-w-full flex-col flex-grow\">\n<div class=\"min-h-8 text-message flex w-full flex-col items-end gap-2 whitespace-normal break-words text-start [.text-message+&amp;]:mt-5\" dir=\"auto\" data-message-author-role=\"assistant\" data-message-id=\"ebeef09e-6d27-4a31-bd63-f94c3e7cadb1\" data-message-model-slug=\"gpt-4o\">\n<div class=\"flex w-full flex-col gap-1 empty:hidden first:pt-[3px]\">\n<div class=\"markdown prose w-full break-words dark:prose-invert light\">\n<p>El <strong>Cigarrillo Electr\u00f3nico Desechable Waspe Crystal Vape 40000 Caladas <\/strong>redefine la conveniencia y la innovaci\u00f3n en el vaporeo. Dise\u00f1ado tanto para vaporeadores ocasionales como experimentados, este dispositivo ofrece <strong>sabores dobles<\/strong> con hasta <strong>20000 caladas por sabor<\/strong>, proporcionando una experiencia de vaporeo fluida y sabrosa. Con una <strong>capacidad de e-l\u00edquido precargado de 32mL<\/strong> y concentraciones de nicotina personalizables de <strong>\u00a02% y 5%<\/strong>, el vaper waspe crystal 40000 caladas se adapta a diversas preferencias.<\/p>\n<p>Equipado con una <strong>bater\u00eda recargable de 850mAh<\/strong> y un <strong>carga USB Tipo-C<\/strong>, el vaper Waspe Crystal garantiza un rendimiento duradero y recargas r\u00e1pidas. La avanzada <strong>doble resistencia de malla de 0.9\u03a9<\/strong> mejora la producci\u00f3n de vapor y la claridad del sabor, mientras que el <strong>funcionamiento activado por extracci\u00f3n<\/strong> garantiza la facilidad de uso. La <strong>pantalla LED<\/strong> integrada te mantiene informado sobre los niveles de bater\u00eda y e-l\u00edquido, a\u00f1adiendo un toque de funcionalidad moderna a su elegante dise\u00f1o.<\/p>\n<p>Perfecto para <strong>viajes, reuniones sociales o uso diario<\/strong>, este WASPE <a href=\"https:\/\/vapebulkp.com\/es\/product-category\/40000-puffs-disposable-vape\/\">Vaper desechable de 40000 caladas<\/a> combina estilo, rendimiento y practicidad, convirti\u00e9ndolo en una opci\u00f3n destacada para los vapes desechables. Los precios al por mayor tambi\u00e9n est\u00e1n disponibles, ideal para minoristas que buscan abastecerse de este producto de alta demanda.<\/p>\n<\/div>\n<\/div>\n<\/div>\n<\/div>\n<h6>Por favor, contacta con el WhatsApp de Mandy para obtener un precio con descuento<a href=\"https:\/\/wa.me\/8618077105796\">+8618077105796<\/a><\/h6>\n<p><img decoding=\"async\" class=\"alignnone wp-image-2151\" src=\"http:\/\/vapebulkp.com\/wp-content\/uploads\/2024\/04\/Mandy-WhatsApp-Randm.jpg\" alt=\"Mandy WhatsApp Aleatorio\" width=\"324\" height=\"330\" \/><\/p>\n<div class=\"flex max-w-full flex-col flex-grow\">\n<div class=\"min-h-8 text-message flex w-full flex-col items-end gap-2 whitespace-normal break-words text-start [.text-message+&amp;]:mt-5\" dir=\"auto\" data-message-author-role=\"assistant\" data-message-id=\"d24cf626-c018-4805-80f5-44de047f2ba0\" data-message-model-slug=\"gpt-4o\">\n<div class=\"flex w-full flex-col gap-1 empty:hidden first:pt-[3px]\">\n<div class=\"markdown prose w-full break-words dark:prose-invert light\">\n<h2>Por qu\u00e9 elegir el WASPE CRYSTAL de 40k caladas a bajo precio<strong>\u00a0<\/strong>at <a href=\"https:\/\/vapebulkp.com\/es\/vape-shop\/\">Vapebulkp.com<\/a>?<\/h2>\n<p>Cuando se trata de vapes desechables de alta calidad, el <strong>WASPE CRISTAL 40.000 caladas<\/strong> se destaca como una opci\u00f3n premium. Disponible en <strong>Vapebulkp.com<\/strong>, este innovador cigarrillo electr\u00f3nico ofrece un rendimiento inigualable, variedad de sabores y caracter\u00edsticas f\u00e1ciles de usar. He aqu\u00ed por qu\u00e9 es la mejor opci\u00f3n para los entusiastas del vapeo:<\/p>\n<ol>\n<li><strong>Recuento de caladas excepcional<\/strong>: Disfruta de hasta <strong>40,000 caladas<\/strong>, divididas en <strong>20,000 caladas por sabor<\/strong>, lo que garantiza un uso prolongado y un valor incre\u00edble.<\/li>\n<li><strong>Tecnolog\u00eda de Doble Sabor<\/strong>: Cambia entre dos sabores distintos sin interrupciones, ofreciendo una experiencia de vapeo vers\u00e1til adaptada a tu estado de \u00e1nimo.<\/li>\n<li><strong>Niveles de Nicotina Personalizables<\/strong>: Elige entre <strong>0%, 2%, 3%, o 5% de nicotina<\/strong> para adaptarse a tus preferencias personales y estilo de vida.<\/li>\n<li><strong>Enorme Capacidad de E-L\u00edquido<\/strong>: Con un <strong>tanque precargado de 32mL<\/strong>, este vapeador proporciona un disfrute duradero sin necesidad de reemplazos frecuentes.<\/li>\n<li><strong>Bater\u00eda Recargable<\/strong>: Alimentado por una <strong>bater\u00eda recargable USB tipo C de 850 mAh<\/strong>, el dispositivo ofrece un rendimiento fiable con recargas r\u00e1pidas y convenientes.<\/li>\n<li><strong>Caracter\u00edsticas avanzadas<\/strong>: El <strong>doble resistencia de malla de 0.9\u03a9<\/strong> garantiza una rica producci\u00f3n de vapor, mientras que el <strong>pantalla LED<\/strong> lo mantiene informado sobre los niveles de bater\u00eda y e-l\u00edquido.<\/li>\n<li><strong>Opciones al por mayor<\/strong>: Vapebulkp.com ofrece precios mayoristas competitivos, lo que lo convierte en la plataforma ideal tanto para compradores individuales como para minoristas.<\/li>\n<li><strong>Env\u00edo r\u00e1pido y confiable a toda Europa<\/strong>: Centr\u00e1ndose en los clientes europeos, Vapebulkp.com garantiza una entrega r\u00e1pida y un servicio al cliente excepcional.<\/li>\n<\/ol>\n<p>Ya sea que est\u00e9 buscando un <strong>vape desechable de larga duraci\u00f3n<\/strong> o quiera abastecerse de un producto de gran venta, el <strong>WASPE CRISTAL 40.000 caladas<\/strong> en Vapebulkp.com es la mejor opci\u00f3n en cuanto a sabor, calidad y conveniencia.<\/p>\n<h3>WASPE CRYSTAL Vapes 40000 Puff Caracter\u00edsticas<\/h3>\n<ul>\n<li><strong>Inhalaciones<\/strong>: Hasta 40,000 (20,000 por sabor)<\/li>\n<li><strong>Nicotina<\/strong>: 0%, 2%, 3%, 5%<\/li>\n<li><strong>E-L\u00edquido<\/strong>: Capacidad precargada de 32 ml<\/li>\n<li><strong>Bater\u00eda<\/strong>: 850mAh, carga USB Tipo-C<\/li>\n<li><strong>Resistencia<\/strong>: Resistencia de malla dual de 0.9\u03a9<\/li>\n<li><strong>Operaci\u00f3n<\/strong>: Activado por calada<\/li>\n<li><strong>Caracter\u00edsticas<\/strong>: Pantalla LED, bater\u00eda<\/li>\n<\/ul>\n<h3>Lista de Sabores de Vaper Desechable WASPE CRYSTAL 40000 Puffs<\/h3>\n<\/div>\n<\/div>\n<\/div>\n<\/div>\n<p>1. Sand\u00eda Helada<br \/>\n2. Toro Rojo Helado<br \/>\n3. Fresa Toro Rojo<br \/>\n4. Caramelo de Ar\u00e1ndanos<br \/>\n5. Fresa Kiwi<br \/>\n6. Ar\u00e1ndano Frambuesa<br \/>\n7. Fresa Frambuesa Cereza<br \/>\n8. Melocot\u00f3n Helado<br \/>\n9. Fresa Pl\u00e1tano<br \/>\n10. Uva Helada<br \/>\n11. Frutos Rojos Mixtos<br \/>\n12. Hielo de ar\u00e1ndano<\/p>\n<p><a href=\"https:\/\/vapebulkp.com\/es\/product\/bang-king-35000-puffs-wholesale-puff-tornado-vape\/\"><span style=\"vertical-align: inherit\">Bang King 35000 Caladas <\/span><\/a><\/p>\n<p><span style=\"vertical-align: inherit\">Encuentra m\u00e1s productos que te puedan gustar:<\/span><em><a href=\"https:\/\/wa.me\/8618077105796\"><span style=\"vertical-align: inherit\">\u00a0C\u00f3mpralo ahora<\/span><\/a><\/em><\/p>\n<p><span style=\"vertical-align: inherit\">Otros vaporizadores que te pueden gustar:<\/span><a href=\"https:\/\/vapebulkp.com\/es\/product\/wholesale-price-bang-kingdoms-rex-32000-puffs-vape-pod\/\"><span style=\"vertical-align: inherit\">Bang Kingdoms 32000 caladas<\/span><\/a><span style=\"vertical-align: inherit\">\u3001<\/span><a href=\"https:\/\/vapebulkp.com\/es\/product\/razz-bar-25000-puffs-wholesale-price-vape-eu-warehouse\/\"><span style=\"vertical-align: inherit\">RAZZBAR 25000 Caladas<\/span><\/a><span style=\"vertical-align: inherit\">\/ <\/span><a href=\"https:\/\/vapebulkp.com\/es\/product\/vapsolo-best-quality-viking-12k-puffs-disposable-vapes\/\"><span style=\"vertical-align: inherit\">Vapsolo viking 12000 Caladas<\/span><\/a><span style=\"vertical-align: inherit\">\/ <\/span><a href=\"https:\/\/vapebulkp.com\/es\/product\/uwin-tornado-music-35k-puffs-vape-wholesale-nicotine-free\/\"><span style=\"vertical-align: inherit\">UWIN Tornado Music 35000 Caladas<\/span><\/a><\/p>\n<h4>Preguntas frecuentes para la venta al por mayor de Vaper WASPE CRYSTAL 40000 Caladas<\/h4>\n<div class=\"flex max-w-full flex-col flex-grow\">\n<div class=\"min-h-8 text-message flex w-full flex-col items-end gap-2 whitespace-normal break-words text-start [.text-message+&amp;]:mt-5\" dir=\"auto\" data-message-author-role=\"assistant\" data-message-id=\"67b557fa-6250-453f-85c1-f724d371f19e\" data-message-model-slug=\"gpt-4o-mini\">\n<div class=\"flex w-full flex-col gap-1 empty:hidden first:pt-[3px]\">\n<div class=\"markdown prose w-full break-words dark:prose-invert light\">\n<p><strong>1. \u00bfCu\u00e1l es el n\u00famero de caladas de WASPE CRYSTAL 40,000 Caladas?<\/strong><br \/>\nEl <strong>WASPE CRISTAL 40.000 caladas<\/strong> ofrece una impresionante <strong>40,000 caladas<\/strong>, con <strong>20,000 caladas por sabor<\/strong>, proporcionando una experiencia de vapeo prolongada que dura m\u00e1s que la mayor\u00eda de los vapers desechables.<\/p>\n<p><strong>2. \u00bfQu\u00e9 opciones de nicotina est\u00e1n disponibles para el vapeador WASPE CRYSTAL de 40.000 caladas?<\/strong><br \/>\nEl <strong>CRISTAL WASPE<\/strong> ofrece concentraciones de nicotina flexibles para satisfacer sus preferencias, incluyendo <strong>0%, 2%, 3% y 5% de nicotina<\/strong> opciones, lo que le permite personalizar su experiencia de vapeo.<\/p>\n<p><strong>3. \u00bfEl vapeador WASPE CRYSTAL 40.000 Puffs es adecuado para uso a largo plazo?<\/strong><br \/>\nS\u00ed, con su <strong>sistema de doble sabor<\/strong>, <strong>gran capacidad de e-l\u00edquido<\/strong>y un recuento de caladas extendido, el <strong>CRISTAL WASPE<\/strong> est\u00e1 dise\u00f1ado para un uso a largo plazo, ofreciendo una <strong>soluci\u00f3n de vapeo conveniente y confiable<\/strong> para el disfrute diario.<\/p>\n<p><strong>4. \u00bfCu\u00e1les son los beneficios de elegir el precio al por mayor de WASPE CRYSTAL 40.000 Puffs de Vapebulkp.com?<\/strong><br \/>\nAl comprar en <strong>Vapebulkp.com<\/strong>, obtienes <strong>precios mayoristas competitivos<\/strong>, <strong>excelente servicio al cliente<\/strong>, y <strong>env\u00edo r\u00e1pido<\/strong> en toda Europa. Adem\u00e1s, el <strong>WASPE CRISTAL 40.000 caladas<\/strong> ofrece una calidad inigualable <strong>calidad<\/strong>, <strong>variedad de sabores<\/strong>, y <strong>rendimiento duradero<\/strong>.<\/p>\n<p>Tanto si eres un vapeador ocasional como un minorista que busca un producto de alta calidad y duradero, el <strong>WASPE CRISTAL 40.000 caladas<\/strong> es la mejor opci\u00f3n disponible en <strong>Vapebulkp.com<\/strong><\/p>\n<\/div>\n<\/div>\n<\/div>\n<\/div>\n<h4>Detalle de env\u00edo:<\/h4>\n<p><span style=\"color: #ff6600\">Tiempo de producci\u00f3n: 5-10 d\u00edas laborables<\/span><br \/>\n<span style=\"color: #ff6600\">Tiempo de env\u00edo: 8-14 d\u00edas laborables<\/span><\/p>\n<p>Todos los productos en nuestra tienda son 100% originales y aut\u00e9nticos, por lo que la compensaci\u00f3n de diez veces por productos falsos es la pol\u00edtica de nuestra tienda. Utilizamos canales log\u00edsticos como UPS\/DHL\/FEDEX\/DPD para entregarle los productos.<\/p>\n<p>Para los paquetes enviados a Espa\u00f1a, generalmente tardan 12 a 15 d\u00edas laborables en llegar. Actualizaremos la informaci\u00f3n de log\u00edstica para usted en tiempo real.<\/p>","protected":false},"excerpt":{"rendered":"<div class=\"flex-shrink-0 flex flex-col relative items-end\">\n<div class=\"pt-0\">\n<div class=\"gizmo-bot-avatar flex h-8 w-8 items-center justify-center overflow-hidden rounded-full\">\n<div class=\"relative p-1 rounded-sm flex items-center justify-center bg-token-main-surface-primary text-token-text-primary h-8 w-8\">\n<ul>\n<li><strong>Vaper WASPE CRYSTAL 40000 Caladas con Sabores Dobles para Sesiones Duraderas<\/strong><\/li>\n<li><strong>Cigarrillo Electr\u00f3nico Desechable Recargable WASPE CRYSTAL 40.000 Caladas para Vaporeo Prolongado<\/strong><\/li>\n<li><strong>Vaper Electr\u00f3nico WASPE CRYSTAL 40k Caladas con Nicotina Ajustable y Sabores Refrescantes<\/strong><\/li>\n<\/ul>\n<\/div>\n<\/div>\n<\/div>\n<\/div>\n<p>Por favor, contacta con el WhatsApp de Mandy para obtener un precio con descuento<a href=\"https:\/\/wa.me\/8618077105796\">+8618077105796<\/a><\/p>\n<p><img decoding=\"async\" class=\"alignnone wp-image-2151\" src=\"http:\/\/vapebulkp.com\/wp-content\/uploads\/2024\/04\/Mandy-WhatsApp-Randm.jpg\" alt=\"Mandy WhatsApp Aleatorio\" width=\"297\" height=\"316\" srcset=\"https:\/\/vapebulkp.com\/wp-content\/uploads\/2024\/04\/Mandy-WhatsApp-Randm.jpg 916w, https:\/\/vapebulkp.com\/wp-content\/uploads\/2024\/04\/Mandy-WhatsApp-Randm-282x300.jpg 282w, https:\/\/vapebulkp.com\/wp-content\/uploads\/2024\/04\/Mandy-WhatsApp-Randm-768x817.jpg 768w, https:\/\/vapebulkp.com\/wp-content\/uploads\/2024\/04\/Mandy-WhatsApp-Randm-600x638.jpg 600w\" sizes=\"(max-width: 297px) 100vw, 297px\" \/><\/p>\n<p><span style=\"color: #ff0000\">NOTA: Los precios en nuestro sitio web no incluyen los gastos de env\u00edo<\/span><\/p>\n<p>&nbsp;<\/p>","protected":false},"featured_media":3389,"comment_status":"open","ping_status":"closed","template":"","meta":{"_uag_custom_page_level_css":"","_lmt_disableupdate":"no","_lmt_disable":"","site-sidebar-layout":"default","site-content-layout":"content-boxed-container","ast-site-content-layout":"normal-width-container","site-content-style":"boxed","site-sidebar-style":"unboxed","ast-global-header-display":"","ast-banner-title-visibility":"","ast-main-header-display":"","ast-hfb-above-header-display":"","ast-hfb-below-header-display":"","ast-hfb-mobile-header-display":"","site-post-title":"","ast-breadcrumbs-content":"","ast-featured-img":"","footer-sml-layout":"","theme-transparent-header-meta":"default","adv-header-id-meta":"","stick-header-meta":"","header-above-stick-meta":"","header-main-stick-meta":"","header-below-stick-meta":"","astra-migrate-meta-layouts":"set","_joinchat":[]},"product_cat":[182,153,155,33,59,100,87,34,158,157,154,152,58,84,156,63,32,365],"product_tag":[36,37,41,40,203],"class_list":["post-3391","product","type-product","status-publish","has-post-thumbnail","hentry","product_cat-40000-puffs-disposable-vape","product_cat-hot-disposable-vapes","product_cat-belgium-hot-disposable-vapes","product_cat-france-vape-hot-sale","product_cat-germany-hot-disposable-vape","product_cat-germany-wholesale-vape-shop","product_cat-minimum-order-quantity-50pcs","product_cat-netherlands-vape-good-sale","product_cat-norway-hot-disposable-vapes","product_cat-poland-hot-disposable-vapes","product_cat-portugal-hot-disposable-vapes","product_cat-spain-hot-disposable-vapes","product_cat-sweden-hot-disposable-vape","product_cat-sweden-wholesale-vape","product_cat-switzerland-hot-disposable-vapes","product_cat-top-sale-disposable-vape","product_cat-vape-hot-sale-this-week","product_cat-waspe-vape","product_tag-good-vape","product_tag-hot-sale-disposable-vape","product_tag-poland-hot-vape","product_tag-sweden-hot-vape","product_tag-waspe-crystal-vape-40000-puffs","pa_brand-waspe-vape","desktop-align-left","tablet-align-left","mobile-align-left"],"yoast_head":"<!-- This site is optimized with the Yoast SEO plugin v21.1 - https:\/\/yoast.com\/wordpress\/plugins\/seo\/ -->\n<title>Waspe Crystal Vape 40000 Puffs Disposable E-Cigarette Dual Flavors Wholesale Price - vapebulkp.com<\/title>\n<meta name=\"description\" content=\"Shop Waspe Crystal Vape 40000 Puffs with dual flavors, rechargeable design, and wholesale pricing at Vapebulkp.com!\" \/>\n<meta name=\"robots\" content=\"index, follow, max-snippet:-1, max-image-preview:large, max-video-preview:-1\" \/>\n<link rel=\"canonical\" href=\"https:\/\/vapebulkp.com\/es\/product\/waspe-crystal-vape-40000-puffs-disposable-e-cigarette-dual-flavors-wholesale-price\/\" \/>\n<meta property=\"og:locale\" content=\"es_ES\" \/>\n<meta property=\"og:type\" content=\"article\" \/>\n<meta property=\"og:title\" content=\"Waspe Crystal Vape 40000 Puffs Disposable E-Cigarette Dual Flavors Wholesale Price - vapebulkp.com\" \/>\n<meta property=\"og:description\" content=\"Shop Waspe Crystal Vape 40000 Puffs with dual flavors, rechargeable design, and wholesale pricing at Vapebulkp.com!\" \/>\n<meta property=\"og:url\" content=\"https:\/\/vapebulkp.com\/es\/product\/waspe-crystal-vape-40000-puffs-disposable-e-cigarette-dual-flavors-wholesale-price\/\" \/>\n<meta property=\"og:site_name\" content=\"vapebulkp.com\" \/>\n<meta property=\"article:modified_time\" content=\"2025-09-16T09:28:40+00:00\" \/>\n<meta property=\"og:image\" content=\"http:\/\/vapebulkp.com\/wp-content\/uploads\/2025\/01\/WASPE-CRYSTAL-VAPE-40000-PUFF-VAPE-PODS.jpg\" \/>\n\t<meta property=\"og:image:width\" content=\"800\" \/>\n\t<meta property=\"og:image:height\" content=\"800\" \/>\n\t<meta property=\"og:image:type\" content=\"image\/jpeg\" \/>\n<meta name=\"twitter:card\" content=\"summary_large_image\" \/>\n<meta name=\"twitter:label1\" content=\"Tiempo de lectura\" \/>\n\t<meta name=\"twitter:data1\" content=\"4 minutos\" \/>\n<script type=\"application\/ld+json\" class=\"yoast-schema-graph\">{\"@context\":\"https:\/\/schema.org\",\"@graph\":[{\"@type\":\"WebPage\",\"@id\":\"https:\/\/vapebulkp.com\/product\/waspe-crystal-vape-40000-puffs-disposable-e-cigarette-dual-flavors-wholesale-price\/\",\"url\":\"https:\/\/vapebulkp.com\/product\/waspe-crystal-vape-40000-puffs-disposable-e-cigarette-dual-flavors-wholesale-price\/\",\"name\":\"Waspe Crystal Vape 40000 Puffs Disposable E-Cigarette Dual Flavors Wholesale Price - vapebulkp.com\",\"isPartOf\":{\"@id\":\"https:\/\/vapebulkp.com\/#website\"},\"datePublished\":\"2025-02-01T08:07:22+00:00\",\"dateModified\":\"2025-09-16T09:28:40+00:00\",\"description\":\"Shop Waspe Crystal Vape 40000 Puffs with dual flavors, rechargeable design, and wholesale pricing at Vapebulkp.com!\",\"breadcrumb\":{\"@id\":\"https:\/\/vapebulkp.com\/product\/waspe-crystal-vape-40000-puffs-disposable-e-cigarette-dual-flavors-wholesale-price\/#breadcrumb\"},\"inLanguage\":\"es\",\"potentialAction\":[{\"@type\":\"ReadAction\",\"target\":[\"https:\/\/vapebulkp.com\/product\/waspe-crystal-vape-40000-puffs-disposable-e-cigarette-dual-flavors-wholesale-price\/\"]}]},{\"@type\":\"BreadcrumbList\",\"@id\":\"https:\/\/vapebulkp.com\/product\/waspe-crystal-vape-40000-puffs-disposable-e-cigarette-dual-flavors-wholesale-price\/#breadcrumb\",\"itemListElement\":[{\"@type\":\"ListItem\",\"position\":1,\"name\":\"Home\",\"item\":\"https:\/\/vapebulkp.com\/\"},{\"@type\":\"ListItem\",\"position\":2,\"name\":\"Hot Trend Vapes\",\"item\":\"https:\/\/vapebulkp.com\/vape-shop\/\"},{\"@type\":\"ListItem\",\"position\":3,\"name\":\"Waspe Crystal Vape 40000 Puffs Disposable E-Cigarette Dual Flavors Wholesale Price\"}]},{\"@type\":\"WebSite\",\"@id\":\"https:\/\/vapebulkp.com\/#website\",\"url\":\"https:\/\/vapebulkp.com\/\",\"name\":\"vapebulkp.com\",\"description\":\"Buy Vape In Cheap Bulk Price Near you\",\"publisher\":{\"@id\":\"https:\/\/vapebulkp.com\/#organization\"},\"potentialAction\":[{\"@type\":\"SearchAction\",\"target\":{\"@type\":\"EntryPoint\",\"urlTemplate\":\"https:\/\/vapebulkp.com\/?s={search_term_string}\"},\"query-input\":\"required name=search_term_string\"}],\"inLanguage\":\"es\"},{\"@type\":\"Organization\",\"@id\":\"https:\/\/vapebulkp.com\/#organization\",\"name\":\"vapebulkp.com\",\"url\":\"https:\/\/vapebulkp.com\/\",\"logo\":{\"@type\":\"ImageObject\",\"inLanguage\":\"es\",\"@id\":\"https:\/\/vapebulkp.com\/#\/schema\/logo\/image\/\",\"url\":\"https:\/\/vapebulkp.com\/wp-content\/uploads\/2023\/09\/cropped-vapebulkp.png\",\"contentUrl\":\"https:\/\/vapebulkp.com\/wp-content\/uploads\/2023\/09\/cropped-vapebulkp.png\",\"width\":516,\"height\":163,\"caption\":\"vapebulkp.com\"},\"image\":{\"@id\":\"https:\/\/vapebulkp.com\/#\/schema\/logo\/image\/\"}}]}<\/script>\n<!-- \/ Yoast SEO plugin. -->","yoast_head_json":{"title":"Waspe Crystal Vape 40000 Puffs Disposable E-Cigarette Dual Flavors Wholesale Price - vapebulkp.com","description":"Shop Waspe Crystal Vape 40000 Puffs with dual flavors, rechargeable design, and wholesale pricing at Vapebulkp.com!","robots":{"index":"index","follow":"follow","max-snippet":"max-snippet:-1","max-image-preview":"max-image-preview:large","max-video-preview":"max-video-preview:-1"},"canonical":"https:\/\/vapebulkp.com\/es\/product\/waspe-crystal-vape-40000-puffs-disposable-e-cigarette-dual-flavors-wholesale-price\/","og_locale":"es_ES","og_type":"article","og_title":"Waspe Crystal Vape 40000 Puffs Disposable E-Cigarette Dual Flavors Wholesale Price - vapebulkp.com","og_description":"Shop Waspe Crystal Vape 40000 Puffs with dual flavors, rechargeable design, and wholesale pricing at Vapebulkp.com!","og_url":"https:\/\/vapebulkp.com\/es\/product\/waspe-crystal-vape-40000-puffs-disposable-e-cigarette-dual-flavors-wholesale-price\/","og_site_name":"vapebulkp.com","article_modified_time":"2025-09-16T09:28:40+00:00","og_image":[{"width":800,"height":800,"url":"http:\/\/vapebulkp.com\/wp-content\/uploads\/2025\/01\/WASPE-CRYSTAL-VAPE-40000-PUFF-VAPE-PODS.jpg","type":"image\/jpeg"}],"twitter_card":"summary_large_image","twitter_misc":{"Tiempo de lectura":"4 minutos"},"schema":{"@context":"https:\/\/schema.org","@graph":[{"@type":"WebPage","@id":"https:\/\/vapebulkp.com\/product\/waspe-crystal-vape-40000-puffs-disposable-e-cigarette-dual-flavors-wholesale-price\/","url":"https:\/\/vapebulkp.com\/product\/waspe-crystal-vape-40000-puffs-disposable-e-cigarette-dual-flavors-wholesale-price\/","name":"Waspe Crystal Vape 40000 Puffs Disposable E-Cigarette Dual Flavors Wholesale Price - vapebulkp.com","isPartOf":{"@id":"https:\/\/vapebulkp.com\/#website"},"datePublished":"2025-02-01T08:07:22+00:00","dateModified":"2025-09-16T09:28:40+00:00","description":"Shop Waspe Crystal Vape 40000 Puffs with dual flavors, rechargeable design, and wholesale pricing at Vapebulkp.com!","breadcrumb":{"@id":"https:\/\/vapebulkp.com\/product\/waspe-crystal-vape-40000-puffs-disposable-e-cigarette-dual-flavors-wholesale-price\/#breadcrumb"},"inLanguage":"es","potentialAction":[{"@type":"ReadAction","target":["https:\/\/vapebulkp.com\/product\/waspe-crystal-vape-40000-puffs-disposable-e-cigarette-dual-flavors-wholesale-price\/"]}]},{"@type":"BreadcrumbList","@id":"https:\/\/vapebulkp.com\/product\/waspe-crystal-vape-40000-puffs-disposable-e-cigarette-dual-flavors-wholesale-price\/#breadcrumb","itemListElement":[{"@type":"ListItem","position":1,"name":"Home","item":"https:\/\/vapebulkp.com\/"},{"@type":"ListItem","position":2,"name":"Hot Trend Vapes","item":"https:\/\/vapebulkp.com\/vape-shop\/"},{"@type":"ListItem","position":3,"name":"Waspe Crystal Vape 40000 Puffs Disposable E-Cigarette Dual Flavors Wholesale Price"}]},{"@type":"WebSite","@id":"https:\/\/vapebulkp.com\/#website","url":"https:\/\/vapebulkp.com\/","name":"vapebulkp.com","description":"Buy Vape In Cheap Bulk Price Near you","publisher":{"@id":"https:\/\/vapebulkp.com\/#organization"},"potentialAction":[{"@type":"SearchAction","target":{"@type":"EntryPoint","urlTemplate":"https:\/\/vapebulkp.com\/?s={search_term_string}"},"query-input":"required name=search_term_string"}],"inLanguage":"es"},{"@type":"Organization","@id":"https:\/\/vapebulkp.com\/#organization","name":"vapebulkp.com","url":"https:\/\/vapebulkp.com\/","logo":{"@type":"ImageObject","inLanguage":"es","@id":"https:\/\/vapebulkp.com\/#\/schema\/logo\/image\/","url":"https:\/\/vapebulkp.com\/wp-content\/uploads\/2023\/09\/cropped-vapebulkp.png","contentUrl":"https:\/\/vapebulkp.com\/wp-content\/uploads\/2023\/09\/cropped-vapebulkp.png","width":516,"height":163,"caption":"vapebulkp.com"},"image":{"@id":"https:\/\/vapebulkp.com\/#\/schema\/logo\/image\/"}}]}},"uagb_featured_image_src":{"full":["https:\/\/vapebulkp.com\/wp-content\/uploads\/2025\/01\/WASPE-CRYSTAL-VAPE-40000-PUFF-VAPE-PODS.jpg",800,800,false],"thumbnail":["https:\/\/vapebulkp.com\/wp-content\/uploads\/2025\/01\/WASPE-CRYSTAL-VAPE-40000-PUFF-VAPE-PODS-150x150.jpg",150,150,true],"medium":["https:\/\/vapebulkp.com\/wp-content\/uploads\/2025\/01\/WASPE-CRYSTAL-VAPE-40000-PUFF-VAPE-PODS-300x300.jpg",300,300,true],"medium_large":["https:\/\/vapebulkp.com\/wp-content\/uploads\/2025\/01\/WASPE-CRYSTAL-VAPE-40000-PUFF-VAPE-PODS-768x768.jpg",768,768,true],"large":["https:\/\/vapebulkp.com\/wp-content\/uploads\/2025\/01\/WASPE-CRYSTAL-VAPE-40000-PUFF-VAPE-PODS.jpg",800,800,false],"1536x1536":["https:\/\/vapebulkp.com\/wp-content\/uploads\/2025\/01\/WASPE-CRYSTAL-VAPE-40000-PUFF-VAPE-PODS.jpg",800,800,false],"2048x2048":["https:\/\/vapebulkp.com\/wp-content\/uploads\/2025\/01\/WASPE-CRYSTAL-VAPE-40000-PUFF-VAPE-PODS.jpg",800,800,false],"trp-custom-language-flag":["https:\/\/vapebulkp.com\/wp-content\/uploads\/2025\/01\/WASPE-CRYSTAL-VAPE-40000-PUFF-VAPE-PODS.jpg",12,12,false],"woocommerce_thumbnail":["https:\/\/vapebulkp.com\/wp-content\/uploads\/2025\/01\/WASPE-CRYSTAL-VAPE-40000-PUFF-VAPE-PODS-300x300.jpg",300,300,true],"woocommerce_single":["https:\/\/vapebulkp.com\/wp-content\/uploads\/2025\/01\/WASPE-CRYSTAL-VAPE-40000-PUFF-VAPE-PODS-600x600.jpg",600,600,true],"woocommerce_gallery_thumbnail":["https:\/\/vapebulkp.com\/wp-content\/uploads\/2025\/01\/WASPE-CRYSTAL-VAPE-40000-PUFF-VAPE-PODS-100x100.jpg",100,100,true],"wcpr-photo-reviews":["https:\/\/vapebulkp.com\/wp-content\/uploads\/2025\/01\/WASPE-CRYSTAL-VAPE-40000-PUFF-VAPE-PODS.jpg",500,500,false]},"uagb_author_info":{"display_name":"Mandy vape bulk price","author_link":"https:\/\/vapebulkp.com\/es\/author\/"},"uagb_comment_info":0,"uagb_excerpt":"WASPE CRYSTAL 40000 Puffs Vape Pen with Dual Flavors for Long-Lasting Sessions Rechargeable WASPE CRYSTAL 40,000 Puff Disposable E-Cigarette for Prolonged Vaping WASPE CRYSTAL 40k Puffs Electronic Vape with Adjustable Nicotine and Cooling Flavors Pls Contact Mandy's WhatsApp For Discount Price+8618077105796 NOTE: Prices on our website does not include shipping costs &nbsp;","_links":{"self":[{"href":"https:\/\/vapebulkp.com\/es\/wp-json\/wp\/v2\/product\/3391","targetHints":{"allow":["GET"]}}],"collection":[{"href":"https:\/\/vapebulkp.com\/es\/wp-json\/wp\/v2\/product"}],"about":[{"href":"https:\/\/vapebulkp.com\/es\/wp-json\/wp\/v2\/types\/product"}],"replies":[{"embeddable":true,"href":"https:\/\/vapebulkp.com\/es\/wp-json\/wp\/v2\/comments?post=3391"}],"wp:featuredmedia":[{"embeddable":true,"href":"https:\/\/vapebulkp.com\/es\/wp-json\/wp\/v2\/media\/3389"}],"wp:attachment":[{"href":"https:\/\/vapebulkp.com\/es\/wp-json\/wp\/v2\/media?parent=3391"}],"wp:term":[{"taxonomy":"product_cat","embeddable":true,"href":"https:\/\/vapebulkp.com\/es\/wp-json\/wp\/v2\/product_cat?post=3391"},{"taxonomy":"product_tag","embeddable":true,"href":"https:\/\/vapebulkp.com\/es\/wp-json\/wp\/v2\/product_tag?post=3391"}],"curies":[{"name":"wp","href":"https:\/\/api.w.org\/{rel}","templated":true}]}}