{"id":3470,"date":"2025-02-18T07:36:23","date_gmt":"2025-02-18T06:36:23","guid":{"rendered":"https:\/\/vapebulkp.com\/?post_type=product&#038;p=3470"},"modified":"2025-09-16T11:26:37","modified_gmt":"2025-09-16T09:26:37","slug":"top-selling-bang-vape-32000-puffs-with-intense-flavor-and-impressive-durability","status":"publish","type":"product","link":"https:\/\/vapebulkp.com\/es\/product\/top-selling-bang-vape-32000-puffs-with-intense-flavor-and-impressive-durability\/","title":{"rendered":"Vape Bang 32000 caladas m\u00e1s vendido Sabor intenso Durabilidad impresionante"},"content":{"rendered":"<h2>Vape Bang 32000 caladas m\u00e1s vendido Sabor intenso Durabilidad impresionante<\/h2>\n<p data-start=\"85\" data-end=\"552\">El <strong data-start=\"89\" data-end=\"114\">Bang 32000 caladas<\/strong> es la opci\u00f3n definitiva para los vapeadores que exigen ambas cosas <strong data-start=\"165\" data-end=\"193\">rendimiento duradero<\/strong> y un <strong data-start=\"198\" data-end=\"216\">sabor intenso<\/strong>. Con una excepcional <strong data-start=\"238\" data-end=\"264\">capacidad de e-l\u00edquido de 32ml<\/strong> y una poderosa <strong data-start=\"280\" data-end=\"298\">bater\u00eda de 650 mAh<\/strong>, este <strong data-start=\"305\" data-end=\"338\">vaporizador desechable de alta capacidad<\/strong> ofrece un <strong data-start=\"348\" data-end=\"364\">32.000 caladas<\/strong> de vapor suave y consistente. La <strong data-start=\"398\" data-end=\"417\">resistencia de 0.5\u03a9<\/strong> de la bobina asegura un <strong data-start=\"433\" data-end=\"461\">sabor rico y con cuerpo<\/strong> con cada calada, haci\u00e9ndolo perfecto para aquellos que aprecian una experiencia de vapeo elevada.<\/p>\n<p data-start=\"554\" data-end=\"882\">Dise\u00f1ados para <strong data-start=\"567\" data-end=\"588\">entusiastas del vapor<\/strong>, el m\u00e1s vendido <strong data-start=\"594\" data-end=\"619\">Bang <a href=\"https:\/\/vapebulkp.com\/es\/product-category\/32000-puffs-disposable-vape\/\">32000 Puffs Vape Desechable<\/a><\/strong> cuenta con un <strong data-start=\"631\" data-end=\"655\">Puerto de carga Tipo-C<\/strong> para <strong data-start=\"660\" data-end=\"679\">recarga r\u00e1pida<\/strong>, asegurando que nunca te quedes sin energ\u00eda por mucho tiempo. Esta <strong data-start=\"732\" data-end=\"751\">vapeador desechable<\/strong> es un <strong data-start=\"757\" data-end=\"791\">opci\u00f3n conveniente y sin complicaciones<\/strong> para los usuarios que buscan un <strong data-start=\"812\" data-end=\"841\">experiencia de vapeo premium<\/strong> sin necesidad de recargas o mantenimiento.<\/p>\n<p data-start=\"884\" data-end=\"1198\">Ya sea que est\u00e9 buscando un <strong data-start=\"913\" data-end=\"934\">sesiones de vapeo duraderas<\/strong> para el uso diario o una opci\u00f3n confiable para reuniones sociales, el <strong data-start=\"1000\" data-end=\"1025\">Bang Vape 32000 Puffs<\/strong>\u00a0est\u00e1 dise\u00f1ado para impresionar. Su dise\u00f1o elegante y port\u00e1til lo convierte en la opci\u00f3n ideal para <strong data-start=\"1107\" data-end=\"1133\">vapeo f\u00e1cil de viajar<\/strong> sin comprometer la <strong data-start=\"1158\" data-end=\"1178\">intensidad del sabor<\/strong> or <strong data-start=\"1182\" data-end=\"1196\">durabilidad<\/strong>.<\/p>\n<p>&nbsp;<\/p>\n<h6>Por favor, contacta con el WhatsApp de Mandy para obtener un precio con descuento<a href=\"https:\/\/wa.me\/8618077105796\">+8618077105796<\/a><\/h6>\n<p><img decoding=\"async\" class=\"alignnone wp-image-2151\" src=\"http:\/\/vapebulkp.com\/wp-content\/uploads\/2024\/04\/Mandy-WhatsApp-Randm.jpg\" alt=\"Mandy WhatsApp Aleatorio\" width=\"229\" height=\"244\" srcset=\"https:\/\/vapebulkp.com\/wp-content\/uploads\/2024\/04\/Mandy-WhatsApp-Randm.jpg 916w, https:\/\/vapebulkp.com\/wp-content\/uploads\/2024\/04\/Mandy-WhatsApp-Randm-282x300.jpg 282w, https:\/\/vapebulkp.com\/wp-content\/uploads\/2024\/04\/Mandy-WhatsApp-Randm-768x817.jpg 768w, https:\/\/vapebulkp.com\/wp-content\/uploads\/2024\/04\/Mandy-WhatsApp-Randm-600x638.jpg 600w\" sizes=\"(max-width: 229px) 100vw, 229px\" \/><\/p>\n<h2><span style=\"vertical-align: inherit\">Preguntas frecuentes sobre Bang con un vpae 32000 Puffs:<\/span><\/h2>\n<h4 data-start=\"39\" data-end=\"128\"><strong data-start=\"44\" data-end=\"126\">1. \u00bfQu\u00e9 hace que el Bang Vape 32000 Puffs se destaque de otros vapes desechables?<\/strong><\/h4>\n<p data-start=\"129\" data-end=\"418\">El <strong data-start=\"133\" data-end=\"158\">Bang Vape 32000 Caladas<\/strong> ofrece una excepcional <strong data-start=\"181\" data-end=\"197\">32.000 caladas<\/strong>, combinado con un <strong data-start=\"215\" data-end=\"241\">capacidad de e-l\u00edquido de 32ml<\/strong>, lo que lo convierte en uno de los <strong data-start=\"264\" data-end=\"300\">vapes desechables de mayor duraci\u00f3n<\/strong> en el mercado. El <strong data-start=\"320\" data-end=\"339\">resistencia de 0.5\u03a9<\/strong> asegura un vapor suave y una entrega de sabor consistente durante toda su vida \u00fatil.<\/p>\n<h4 data-start=\"420\" data-end=\"479\"><strong data-start=\"425\" data-end=\"477\">2. \u00bfCu\u00e1nto dura el vape Bang 32k puffs de larga duraci\u00f3n?<\/strong><\/h4>\n<p data-start=\"480\" data-end=\"715\">Con <strong data-start=\"485\" data-end=\"501\">32.000 caladas<\/strong>, este vape desechable est\u00e1 dise\u00f1ado para <strong data-start=\"540\" data-end=\"556\">un uso prolongado<\/strong>, ideal para vapers pesados. El <strong data-start=\"586\" data-end=\"604\">bater\u00eda de 650 mAh<\/strong> proporciona energ\u00eda duradera y, con <strong data-start=\"643\" data-end=\"662\">carga Tipo-C<\/strong>, puede recargarlo r\u00e1pidamente para seguir disfrutando.<\/p>\n<h4 data-start=\"717\" data-end=\"773\"><strong data-start=\"722\" data-end=\"771\">3. \u00bfEl Bang Vape 32000 Puff es recargable?<\/strong><\/h4>\n<p data-start=\"774\" data-end=\"918\">S\u00ed, el dispositivo est\u00e1 equipado con una <strong data-start=\"809\" data-end=\"833\">Puerto de carga Tipo-C<\/strong>, lo que le permite recargar el <strong data-start=\"864\" data-end=\"882\">bater\u00eda de 650 mAh<\/strong> para <strong data-start=\"887\" data-end=\"915\">sesiones de vapeo prolongadas<\/strong>.<\/p>\n<h4 data-start=\"920\" data-end=\"990\"><strong data-start=\"925\" data-end=\"988\">4. \u00bfQu\u00e9 sabores est\u00e1n disponibles en el vaporizador desechable Bang Vape 32000?<\/strong><\/h4>\n<p data-start=\"991\" data-end=\"1139\">El <strong data-start=\"995\" data-end=\"1020\">Bang Vape 32000 Caladas<\/strong> viene en una variedad de sabores premium, ofreciendo una <strong data-start=\"1071\" data-end=\"1105\">experiencia rica y satisfactoria<\/strong> para vapeadores con gustos diversos.<\/p>\n<h3 data-start=\"0\" data-end=\"62\"><strong data-start=\"0\" data-end=\"60\">Especificaciones de Bang Vape 32k Puffs:<\/strong><\/h3>\n<ul>\n<li data-start=\"46\" data-end=\"138\"><strong data-start=\"48\" data-end=\"57\">Inhalaciones<\/strong>: 32,000 \u2013 Experimente una sesi\u00f3n de vapeo prolongada con un impresionante recuento de caladas.<\/li>\n<li data-start=\"139\" data-end=\"230\"><strong data-start=\"141\" data-end=\"162\">Capacidad de E-L\u00edquido<\/strong>: 32ml \u2013 Un tanque grande para un uso m\u00e1s prolongado sin recargas frecuentes.<\/li>\n<li data-start=\"231\" data-end=\"312\"><strong data-start=\"233\" data-end=\"247\">Resistencia<\/strong>: 0.5\u03a9 \u2013 Optimizado para una producci\u00f3n de vapor suave y un sabor rico.<\/li>\n<li data-start=\"313\" data-end=\"395\"><strong data-start=\"315\" data-end=\"326\">Bater\u00eda<\/strong>: 650mAh \u2013 Bater\u00eda de larga duraci\u00f3n para soportar sesiones de vapeo extensas.<\/li>\n<li data-start=\"396\" data-end=\"479\"><strong data-start=\"398\" data-end=\"415\">Puerto de carga<\/strong>: Type-C - Recarga r\u00e1pida y eficiente para un tiempo de inactividad m\u00ednimo.<\/li>\n<\/ul>\n<h3><strong>30k vape bang para una m\u00e1xima capacidad de caladas, lista de sabores:<\/strong><\/h3>\n<p>1.sand\u00eda cereza<br \/>\n2.ar\u00e1ndano frambuesa<br \/>\n3.sand\u00eda hielo<br \/>\n4.fresa sand\u00eda<br \/>\n5.fresa kiwi<br \/>\n6.bebida energ\u00e9tica<br \/>\n7.chicle de sand\u00eda<br \/>\n8.uva hielo<br \/>\n9.melocot\u00f3n mango<br \/>\n10.melocot\u00f3n hielo<br \/>\n11.hielo de ar\u00e1ndano<br \/>\n12.frutas mixtas<\/p>\n<p><a href=\"https:\/\/vapebulkp.com\/es\/product\/bang-box-35000-puffs-touch-switch-digital-screen-rechargeable-vape\/\"><span style=\"vertical-align: inherit\">\u00a0Bang Box 35000 caladas <\/span><\/a><\/p>\n<p><span style=\"vertical-align: inherit\">Encuentra m\u00e1s productos que te puedan gustar:<\/span><em><a href=\"https:\/\/wa.me\/8618077105796\"><span style=\"vertical-align: inherit\">\u00a0C\u00f3mpralo ahora<\/span><\/a><\/em><\/p>\n<p><span style=\"vertical-align: inherit\">Otros vaporizadores que te pueden gustar:<\/span><a href=\"https:\/\/vapebulkp.com\/es\/product\/buying-bood-twins-46000-puffs-vape-bar-wholesale-price\/\"><span style=\"vertical-align: inherit\">Bood twins 46000 Puffs<\/span><\/a><span style=\"vertical-align: inherit\">\u3001<\/span><a href=\"https:\/\/vapebulkp.com\/es\/product\/fihp-digital-12000-puffs-disposable-e-cigarette-stylish-reliable-vape\/\"><span style=\"vertical-align: inherit\">FIHP Digital Box 12000 caladas<\/span><\/a><span style=\"vertical-align: inherit\">\/ <\/span><a href=\"https:\/\/vapebulkp.com\/es\/product\/waspe-crystal-vape-40000-puffs-disposable-e-cigarette-dual-flavors-wholesale-price\/\"><span style=\"vertical-align: inherit\">WAPE Crystal 40000 Caladas<\/span><\/a><span style=\"vertical-align: inherit\">\/ <\/span><a href=\"https:\/\/vapebulkp.com\/es\/product\/fihp-36k-puffs-double-flavor-next-gen-nicotine-alternatives-europe-vape\/\"><span style=\"vertical-align: inherit\">FIHP Vape 36000 caladas<\/span><\/a><\/p>\n<p><span style=\"vertical-align: inherit\">Cigarrillo electr\u00f3nico con forma especial:<\/span><a href=\"https:\/\/vapebulkp.com\/es\/product\/fumot-randm-shisha-10k-puffs-hot-sale-vape-pen\/\"><span style=\"vertical-align: inherit\">Fumot Randm shisha 10000 caladas <\/span><\/a><span style=\"vertical-align: inherit\">\/ <\/span><a href=\"https:\/\/vapebulkp.com\/es\/product\/razz-bar-25000-puffs-wholesale-price-vape-eu-warehouse\/\"><span style=\"vertical-align: inherit\">RAZZ BAR 25000 caladas <\/span><\/a><span style=\"vertical-align: inherit\">\/<\/span><a href=\"https:\/\/vapebulkp.com\/es\/product\/bang-refillable-40000-puffs-long-lasting-vape-adjustable-airflow\/\"><span style=\"vertical-align: inherit\">Bang Vape 40000 caladas <\/span><\/a><\/p>\n<h4>Detalle de env\u00edo:<\/h4>\n<p>Tiempo de producci\u00f3n: 5-10 d\u00edas laborables<br \/>\nTiempo de env\u00edo: 8-14 d\u00edas laborables<\/p>\n<p>Todos los productos en nuestra tienda son 100% originales y aut\u00e9nticos, por lo que la compensaci\u00f3n de diez veces por productos falsos es la pol\u00edtica de nuestra tienda. Utilizamos canales log\u00edsticos como UPS\/DHL\/FEDEX\/DPD para entregarle los productos.<\/p>\n<p>Para los paquetes enviados a Espa\u00f1a, generalmente tardan 12 a 15 d\u00edas laborables en llegar. Actualizaremos la informaci\u00f3n de log\u00edstica para usted en tiempo real.<\/p>\n<h3>Buen servicio postventa:<\/h3>\n<p>Aviso: No se admiten devoluciones ni cambios por problemas no relacionados con la calidad<br \/>\n1. Los clientes pueden elegir el sabor que deseen, pero si el sabor est\u00e1 agotado, el departamento de producci\u00f3n elegir\u00e1 un sabor popular para reemplazarlo. Los clientes no pueden solicitar reembolsos o cambios basados en los sabores.<\/p>\n<p>2. Cuando ocurran problemas de calidad, proporcione descripciones detalladas en video y foto.<br \/>\nSi no puede proporcionar pruebas como videos y fotos, los productos no podr\u00e1n ser reemplazados.<\/p>","protected":false},"excerpt":{"rendered":"<p>El <strong data-start=\"4\" data-end=\"29\">Bang Vape 32000 Caladas<\/strong> ofertas <strong data-start=\"37\" data-end=\"65\">rendimiento duradero<\/strong>, <strong data-start=\"67\" data-end=\"85\">sabor intenso<\/strong>, y una <strong data-start=\"93\" data-end=\"120\">tanque de alta capacidad de 32 ml<\/strong>, perfecto para un <strong data-start=\"136\" data-end=\"165\">experiencia de vapeo premium<\/strong>.<\/p>\n<p><img decoding=\"async\" class=\"alignnone wp-image-2151\" src=\"http:\/\/vapebulkp.com\/wp-content\/uploads\/2024\/04\/Mandy-WhatsApp-Randm.jpg\" alt=\"Mandy WhatsApp Aleatorio\" width=\"286\" height=\"304\" srcset=\"https:\/\/vapebulkp.com\/wp-content\/uploads\/2024\/04\/Mandy-WhatsApp-Randm.jpg 916w, https:\/\/vapebulkp.com\/wp-content\/uploads\/2024\/04\/Mandy-WhatsApp-Randm-282x300.jpg 282w, https:\/\/vapebulkp.com\/wp-content\/uploads\/2024\/04\/Mandy-WhatsApp-Randm-768x817.jpg 768w, https:\/\/vapebulkp.com\/wp-content\/uploads\/2024\/04\/Mandy-WhatsApp-Randm-600x638.jpg 600w\" sizes=\"(max-width: 286px) 100vw, 286px\" \/><\/p>\n<p>Por favor, contacta con el WhatsApp de Mandy para obtener un precio con descuento<a href=\"https:\/\/wa.me\/8618077105796\">+8618077105796<\/a><\/p>\n<p><span style=\"color: #ff0000\">NOTA: Los precios en nuestro sitio web no incluyen los gastos de env\u00edo<\/span><\/p>","protected":false},"featured_media":3475,"comment_status":"open","ping_status":"closed","template":"","meta":{"_uag_custom_page_level_css":"","_lmt_disableupdate":"no","_lmt_disable":"","site-sidebar-layout":"default","site-content-layout":"content-boxed-container","ast-site-content-layout":"normal-width-container","site-content-style":"boxed","site-sidebar-style":"unboxed","ast-global-header-display":"","ast-banner-title-visibility":"","ast-main-header-display":"","ast-hfb-above-header-display":"","ast-hfb-below-header-display":"","ast-hfb-mobile-header-display":"","site-post-title":"","ast-breadcrumbs-content":"","ast-featured-img":"","footer-sml-layout":"","theme-transparent-header-meta":"default","adv-header-id-meta":"","stick-header-meta":"","header-above-stick-meta":"","header-main-stick-meta":"","header-below-stick-meta":"","astra-migrate-meta-layouts":"set","_joinchat":[]},"product_cat":[188,153,345,155,33,59,100,87,34,158,157,154,152,58,84,156,63,32],"product_tag":[189,36,37,41,71,40],"class_list":["post-3470","product","type-product","status-publish","has-post-thumbnail","hentry","product_cat-32000-puffs-disposable-vape","product_cat-hot-disposable-vapes","product_cat-bang-vapes","product_cat-belgium-hot-disposable-vapes","product_cat-france-vape-hot-sale","product_cat-germany-hot-disposable-vape","product_cat-germany-wholesale-vape-shop","product_cat-minimum-order-quantity-50pcs","product_cat-netherlands-vape-good-sale","product_cat-norway-hot-disposable-vapes","product_cat-poland-hot-disposable-vapes","product_cat-portugal-hot-disposable-vapes","product_cat-spain-hot-disposable-vapes","product_cat-sweden-hot-disposable-vape","product_cat-sweden-wholesale-vape","product_cat-switzerland-hot-disposable-vapes","product_cat-top-sale-disposable-vape","product_cat-vape-hot-sale-this-week","product_tag-32000-puffs","product_tag-good-vape","product_tag-hot-sale-disposable-vape","product_tag-poland-hot-vape","product_tag-randm","product_tag-sweden-hot-vape","pa_brand-bang-vape","desktop-align-left","tablet-align-left","mobile-align-left"],"yoast_head":"<!-- This site is optimized with the Yoast SEO plugin v21.1 - https:\/\/yoast.com\/wordpress\/plugins\/seo\/ -->\n<title>Top-Selling Bang Vape 32000 Puffs Intense Flavor Impressive Durability - vapebulkp.com<\/title>\n<meta name=\"description\" content=\"Bulk Price Bang Vape 32000 Puffs with intense flavor, 32ml e-liquid capacity, and impressive durability. A premium disposable vape for lasting satisfaction.\" \/>\n<meta name=\"robots\" content=\"index, follow, max-snippet:-1, max-image-preview:large, max-video-preview:-1\" \/>\n<link rel=\"canonical\" href=\"https:\/\/vapebulkp.com\/es\/product\/top-selling-bang-vape-32000-puffs-with-intense-flavor-and-impressive-durability\/\" \/>\n<meta property=\"og:locale\" content=\"es_ES\" \/>\n<meta property=\"og:type\" content=\"article\" \/>\n<meta property=\"og:title\" content=\"Top-Selling Bang Vape 32000 Puffs Intense Flavor Impressive Durability - vapebulkp.com\" \/>\n<meta property=\"og:description\" content=\"Bulk Price Bang Vape 32000 Puffs with intense flavor, 32ml e-liquid capacity, and impressive durability. A premium disposable vape for lasting satisfaction.\" \/>\n<meta property=\"og:url\" content=\"https:\/\/vapebulkp.com\/es\/product\/top-selling-bang-vape-32000-puffs-with-intense-flavor-and-impressive-durability\/\" \/>\n<meta property=\"og:site_name\" content=\"vapebulkp.com\" \/>\n<meta property=\"article:modified_time\" content=\"2025-09-16T09:26:37+00:00\" \/>\n<meta property=\"og:image\" content=\"http:\/\/vapebulkp.com\/wp-content\/uploads\/2025\/02\/Bang-Vape-32000Puffs-Top-Sale-Vape.webp\" \/>\n\t<meta property=\"og:image:width\" content=\"800\" \/>\n\t<meta property=\"og:image:height\" content=\"800\" \/>\n\t<meta property=\"og:image:type\" content=\"image\/webp\" \/>\n<meta name=\"twitter:card\" content=\"summary_large_image\" \/>\n<meta name=\"twitter:label1\" content=\"Tiempo de lectura\" \/>\n\t<meta name=\"twitter:data1\" content=\"4 minutos\" \/>\n<script type=\"application\/ld+json\" class=\"yoast-schema-graph\">{\"@context\":\"https:\/\/schema.org\",\"@graph\":[{\"@type\":\"WebPage\",\"@id\":\"https:\/\/vapebulkp.com\/product\/top-selling-bang-vape-32000-puffs-with-intense-flavor-and-impressive-durability\/\",\"url\":\"https:\/\/vapebulkp.com\/product\/top-selling-bang-vape-32000-puffs-with-intense-flavor-and-impressive-durability\/\",\"name\":\"Top-Selling Bang Vape 32000 Puffs Intense Flavor Impressive Durability - vapebulkp.com\",\"isPartOf\":{\"@id\":\"https:\/\/vapebulkp.com\/#website\"},\"datePublished\":\"2025-02-18T06:36:23+00:00\",\"dateModified\":\"2025-09-16T09:26:37+00:00\",\"description\":\"Bulk Price Bang Vape 32000 Puffs with intense flavor, 32ml e-liquid capacity, and impressive durability. A premium disposable vape for lasting satisfaction.\",\"breadcrumb\":{\"@id\":\"https:\/\/vapebulkp.com\/product\/top-selling-bang-vape-32000-puffs-with-intense-flavor-and-impressive-durability\/#breadcrumb\"},\"inLanguage\":\"es\",\"potentialAction\":[{\"@type\":\"ReadAction\",\"target\":[\"https:\/\/vapebulkp.com\/product\/top-selling-bang-vape-32000-puffs-with-intense-flavor-and-impressive-durability\/\"]}]},{\"@type\":\"BreadcrumbList\",\"@id\":\"https:\/\/vapebulkp.com\/product\/top-selling-bang-vape-32000-puffs-with-intense-flavor-and-impressive-durability\/#breadcrumb\",\"itemListElement\":[{\"@type\":\"ListItem\",\"position\":1,\"name\":\"Home\",\"item\":\"https:\/\/vapebulkp.com\/\"},{\"@type\":\"ListItem\",\"position\":2,\"name\":\"Hot Trend Vapes\",\"item\":\"https:\/\/vapebulkp.com\/vape-shop\/\"},{\"@type\":\"ListItem\",\"position\":3,\"name\":\"Top-Selling Bang Vape 32000 Puffs Intense Flavor Impressive Durability\"}]},{\"@type\":\"WebSite\",\"@id\":\"https:\/\/vapebulkp.com\/#website\",\"url\":\"https:\/\/vapebulkp.com\/\",\"name\":\"vapebulkp.com\",\"description\":\"Buy Vape In Cheap Bulk Price Near you\",\"publisher\":{\"@id\":\"https:\/\/vapebulkp.com\/#organization\"},\"potentialAction\":[{\"@type\":\"SearchAction\",\"target\":{\"@type\":\"EntryPoint\",\"urlTemplate\":\"https:\/\/vapebulkp.com\/?s={search_term_string}\"},\"query-input\":\"required name=search_term_string\"}],\"inLanguage\":\"es\"},{\"@type\":\"Organization\",\"@id\":\"https:\/\/vapebulkp.com\/#organization\",\"name\":\"vapebulkp.com\",\"url\":\"https:\/\/vapebulkp.com\/\",\"logo\":{\"@type\":\"ImageObject\",\"inLanguage\":\"es\",\"@id\":\"https:\/\/vapebulkp.com\/#\/schema\/logo\/image\/\",\"url\":\"https:\/\/vapebulkp.com\/wp-content\/uploads\/2023\/09\/cropped-vapebulkp.png\",\"contentUrl\":\"https:\/\/vapebulkp.com\/wp-content\/uploads\/2023\/09\/cropped-vapebulkp.png\",\"width\":516,\"height\":163,\"caption\":\"vapebulkp.com\"},\"image\":{\"@id\":\"https:\/\/vapebulkp.com\/#\/schema\/logo\/image\/\"}}]}<\/script>\n<!-- \/ Yoast SEO plugin. -->","yoast_head_json":{"title":"Top-Selling Bang Vape 32000 Puffs Intense Flavor Impressive Durability - vapebulkp.com","description":"Bulk Price Bang Vape 32000 Puffs with intense flavor, 32ml e-liquid capacity, and impressive durability. A premium disposable vape for lasting satisfaction.","robots":{"index":"index","follow":"follow","max-snippet":"max-snippet:-1","max-image-preview":"max-image-preview:large","max-video-preview":"max-video-preview:-1"},"canonical":"https:\/\/vapebulkp.com\/es\/product\/top-selling-bang-vape-32000-puffs-with-intense-flavor-and-impressive-durability\/","og_locale":"es_ES","og_type":"article","og_title":"Top-Selling Bang Vape 32000 Puffs Intense Flavor Impressive Durability - vapebulkp.com","og_description":"Bulk Price Bang Vape 32000 Puffs with intense flavor, 32ml e-liquid capacity, and impressive durability. A premium disposable vape for lasting satisfaction.","og_url":"https:\/\/vapebulkp.com\/es\/product\/top-selling-bang-vape-32000-puffs-with-intense-flavor-and-impressive-durability\/","og_site_name":"vapebulkp.com","article_modified_time":"2025-09-16T09:26:37+00:00","og_image":[{"width":800,"height":800,"url":"http:\/\/vapebulkp.com\/wp-content\/uploads\/2025\/02\/Bang-Vape-32000Puffs-Top-Sale-Vape.webp","type":"image\/webp"}],"twitter_card":"summary_large_image","twitter_misc":{"Tiempo de lectura":"4 minutos"},"schema":{"@context":"https:\/\/schema.org","@graph":[{"@type":"WebPage","@id":"https:\/\/vapebulkp.com\/product\/top-selling-bang-vape-32000-puffs-with-intense-flavor-and-impressive-durability\/","url":"https:\/\/vapebulkp.com\/product\/top-selling-bang-vape-32000-puffs-with-intense-flavor-and-impressive-durability\/","name":"Top-Selling Bang Vape 32000 Puffs Intense Flavor Impressive Durability - vapebulkp.com","isPartOf":{"@id":"https:\/\/vapebulkp.com\/#website"},"datePublished":"2025-02-18T06:36:23+00:00","dateModified":"2025-09-16T09:26:37+00:00","description":"Bulk Price Bang Vape 32000 Puffs with intense flavor, 32ml e-liquid capacity, and impressive durability. A premium disposable vape for lasting satisfaction.","breadcrumb":{"@id":"https:\/\/vapebulkp.com\/product\/top-selling-bang-vape-32000-puffs-with-intense-flavor-and-impressive-durability\/#breadcrumb"},"inLanguage":"es","potentialAction":[{"@type":"ReadAction","target":["https:\/\/vapebulkp.com\/product\/top-selling-bang-vape-32000-puffs-with-intense-flavor-and-impressive-durability\/"]}]},{"@type":"BreadcrumbList","@id":"https:\/\/vapebulkp.com\/product\/top-selling-bang-vape-32000-puffs-with-intense-flavor-and-impressive-durability\/#breadcrumb","itemListElement":[{"@type":"ListItem","position":1,"name":"Home","item":"https:\/\/vapebulkp.com\/"},{"@type":"ListItem","position":2,"name":"Hot Trend Vapes","item":"https:\/\/vapebulkp.com\/vape-shop\/"},{"@type":"ListItem","position":3,"name":"Top-Selling Bang Vape 32000 Puffs Intense Flavor Impressive Durability"}]},{"@type":"WebSite","@id":"https:\/\/vapebulkp.com\/#website","url":"https:\/\/vapebulkp.com\/","name":"vapebulkp.com","description":"Buy Vape In Cheap Bulk Price Near you","publisher":{"@id":"https:\/\/vapebulkp.com\/#organization"},"potentialAction":[{"@type":"SearchAction","target":{"@type":"EntryPoint","urlTemplate":"https:\/\/vapebulkp.com\/?s={search_term_string}"},"query-input":"required name=search_term_string"}],"inLanguage":"es"},{"@type":"Organization","@id":"https:\/\/vapebulkp.com\/#organization","name":"vapebulkp.com","url":"https:\/\/vapebulkp.com\/","logo":{"@type":"ImageObject","inLanguage":"es","@id":"https:\/\/vapebulkp.com\/#\/schema\/logo\/image\/","url":"https:\/\/vapebulkp.com\/wp-content\/uploads\/2023\/09\/cropped-vapebulkp.png","contentUrl":"https:\/\/vapebulkp.com\/wp-content\/uploads\/2023\/09\/cropped-vapebulkp.png","width":516,"height":163,"caption":"vapebulkp.com"},"image":{"@id":"https:\/\/vapebulkp.com\/#\/schema\/logo\/image\/"}}]}},"uagb_featured_image_src":{"full":["https:\/\/vapebulkp.com\/wp-content\/uploads\/2025\/02\/Bang-Vape-32000Puffs-Top-Sale-Vape.webp",800,800,false],"thumbnail":["https:\/\/vapebulkp.com\/wp-content\/uploads\/2025\/02\/Bang-Vape-32000Puffs-Top-Sale-Vape-150x150.webp",150,150,true],"medium":["https:\/\/vapebulkp.com\/wp-content\/uploads\/2025\/02\/Bang-Vape-32000Puffs-Top-Sale-Vape-300x300.webp",300,300,true],"medium_large":["https:\/\/vapebulkp.com\/wp-content\/uploads\/2025\/02\/Bang-Vape-32000Puffs-Top-Sale-Vape-768x768.webp",768,768,true],"large":["https:\/\/vapebulkp.com\/wp-content\/uploads\/2025\/02\/Bang-Vape-32000Puffs-Top-Sale-Vape.webp",800,800,false],"1536x1536":["https:\/\/vapebulkp.com\/wp-content\/uploads\/2025\/02\/Bang-Vape-32000Puffs-Top-Sale-Vape.webp",800,800,false],"2048x2048":["https:\/\/vapebulkp.com\/wp-content\/uploads\/2025\/02\/Bang-Vape-32000Puffs-Top-Sale-Vape.webp",800,800,false],"trp-custom-language-flag":["https:\/\/vapebulkp.com\/wp-content\/uploads\/2025\/02\/Bang-Vape-32000Puffs-Top-Sale-Vape.webp",12,12,false],"woocommerce_thumbnail":["https:\/\/vapebulkp.com\/wp-content\/uploads\/2025\/02\/Bang-Vape-32000Puffs-Top-Sale-Vape-300x300.webp",300,300,true],"woocommerce_single":["https:\/\/vapebulkp.com\/wp-content\/uploads\/2025\/02\/Bang-Vape-32000Puffs-Top-Sale-Vape-600x600.webp",600,600,true],"woocommerce_gallery_thumbnail":["https:\/\/vapebulkp.com\/wp-content\/uploads\/2025\/02\/Bang-Vape-32000Puffs-Top-Sale-Vape-100x100.webp",100,100,true],"wcpr-photo-reviews":["https:\/\/vapebulkp.com\/wp-content\/uploads\/2025\/02\/Bang-Vape-32000Puffs-Top-Sale-Vape.webp",500,500,false]},"uagb_author_info":{"display_name":"Mandy vape bulk price","author_link":"https:\/\/vapebulkp.com\/es\/author\/"},"uagb_comment_info":0,"uagb_excerpt":"The Bang Vape 32000 Puffs offers long-lasting performance, intense flavor, and a high-capacity 32ml tank, perfect for a premium vaping experience. Pls Contact Mandy's WhatsApp For Discount Price+8618077105796 NOTE: Prices on our website does not include shipping costs","_links":{"self":[{"href":"https:\/\/vapebulkp.com\/es\/wp-json\/wp\/v2\/product\/3470","targetHints":{"allow":["GET"]}}],"collection":[{"href":"https:\/\/vapebulkp.com\/es\/wp-json\/wp\/v2\/product"}],"about":[{"href":"https:\/\/vapebulkp.com\/es\/wp-json\/wp\/v2\/types\/product"}],"replies":[{"embeddable":true,"href":"https:\/\/vapebulkp.com\/es\/wp-json\/wp\/v2\/comments?post=3470"}],"wp:featuredmedia":[{"embeddable":true,"href":"https:\/\/vapebulkp.com\/es\/wp-json\/wp\/v2\/media\/3475"}],"wp:attachment":[{"href":"https:\/\/vapebulkp.com\/es\/wp-json\/wp\/v2\/media?parent=3470"}],"wp:term":[{"taxonomy":"product_cat","embeddable":true,"href":"https:\/\/vapebulkp.com\/es\/wp-json\/wp\/v2\/product_cat?post=3470"},{"taxonomy":"product_tag","embeddable":true,"href":"https:\/\/vapebulkp.com\/es\/wp-json\/wp\/v2\/product_tag?post=3470"}],"curies":[{"name":"wp","href":"https:\/\/api.w.org\/{rel}","templated":true}]}}