{"id":3526,"date":"2025-03-04T10:06:46","date_gmt":"2025-03-04T09:06:46","guid":{"rendered":"https:\/\/vapebulkp.com\/?post_type=product&#038;p=3526"},"modified":"2025-09-24T05:12:01","modified_gmt":"2025-09-24T03:12:01","slug":"razz-bar-40000-puffs-wholesale-vape-factory-price-eu-warehouse-fast-shipping","status":"publish","type":"product","link":"https:\/\/vapebulkp.com\/es\/product\/razz-bar-40000-puffs-wholesale-vape-factory-price-eu-warehouse-fast-shipping\/","title":{"rendered":"RAZZ BAR 40000 Puffs Vape Mayorista Precio de F\u00e1brica Almac\u00e9n en la UE Env\u00edo R\u00e1pido"},"content":{"rendered":"<h2 style=\"text-align: left\">RAZZ BAR 40000 Puffs Vape Mayorista Precio de F\u00e1brica Almac\u00e9n en la UE Env\u00edo R\u00e1pido<\/h2>\n<p>El vapeador desechable de compra a granel RAZZ BAR 40000 Puffs es un vapeador desechable recargable de gran capacidad y doble sabor, perfecto para los compradores mayoristas de Europa. Con 40.000 caladas, una bater\u00eda de 650mAh y tecnolog\u00eda de bobina de malla de doble tanque, ofrece un vapor suave y duradero. Disfruta de 10 combinaciones \u00fanicas de doble sabor para mayor variedad en cada calada. El env\u00edo r\u00e1pido desde el almac\u00e9n de la UE garantiza una entrega r\u00e1pida para los pedidos al por mayor de shisha vape y pedidos a granel. El precio competitivo de f\u00e1brica maximiza los beneficios manteniendo la calidad. Abastece tu tienda con el RAZZ BAR <a href=\"https:\/\/vapebulkp.com\/es\/product-category\/40000-puffs-disposable-vape\/\">Vaper desechable de 40000 caladas<\/a>, un fiable vaper de sales de nicotina para clientes que buscan rendimiento y sabor de gran capacidad.<\/p>\n<h6>Por favor, contacta con el WhatsApp de Mandy para obtener un precio con descuento<a href=\"https:\/\/wa.me\/8618077105796\">+8618077105796<\/a><\/h6>\n<p><img decoding=\"async\" class=\"alignnone wp-image-2151\" src=\"http:\/\/vapebulkp.com\/wp-content\/uploads\/2024\/04\/Mandy-WhatsApp-Randm.jpg\" alt=\"Mandy WhatsApp Aleatorio\" width=\"324\" height=\"330\" \/><\/p>\n<div class=\"flex max-w-full flex-col flex-grow\">\n<div class=\"min-h-8 text-message flex w-full flex-col items-end gap-2 whitespace-normal break-words text-start [.text-message+&amp;]:mt-5\" dir=\"auto\" data-message-author-role=\"assistant\" data-message-id=\"d24cf626-c018-4805-80f5-44de047f2ba0\" data-message-model-slug=\"gpt-4o\">\n<div class=\"flex w-full flex-col gap-1 empty:hidden first:pt-[3px]\">\n<div class=\"markdown prose w-full break-words dark:prose-invert light\">\n<h2>\u00bfPor qu\u00e9 elegir el innovador dise\u00f1o de vaper RAZZ BAR 40000 Puffs en <a href=\"https:\/\/vapebulkp.com\/es\/vape-shop\/\">Vapebulkp.com<\/a>?<\/h2>\n<h4 data-start=\"61\" data-end=\"99\">\u2705 <strong data-start=\"68\" data-end=\"97\">Rendimiento de gran capacidad<\/strong><\/h4>\n<p data-start=\"100\" data-end=\"262\">Con un impresionante <strong data-start=\"119\" data-end=\"135\">40,000 caladas<\/strong>, el RAZZ BAR ofrece sesiones de vapeo prolongadas, lo que lo convierte en una opci\u00f3n perfecta para un uso a largo plazo sin necesidad de reemplazos frecuentes.<\/p>\n<h4 data-start=\"264\" data-end=\"299\">\u2705 <strong data-start=\"271\" data-end=\"297\">Experiencia de doble sabor<\/strong><\/h4>\n<p data-start=\"300\" data-end=\"459\">Disfruta de <strong data-start=\"306\" data-end=\"339\">10 combinaciones de doble sabor<\/strong>, lo que permite a los usuarios alternar entre dos sabores en un solo dispositivo para una experiencia de vapeo m\u00e1s din\u00e1mica y satisfactoria.<\/p>\n<h4 data-start=\"461\" data-end=\"514\">\u2705 <strong data-start=\"468\" data-end=\"512\">Bobina de malla de primera calidad<\/strong><\/h4>\n<p data-start=\"515\" data-end=\"652\">Equipado con tecnolog\u00eda de <strong data-start=\"529\" data-end=\"563\">tecnolog\u00eda de doble tanque con bobina de malla<\/strong>, este vaper mejora la producci\u00f3n de vapor y asegura sabores suaves y ricos en cada calada.<\/p>\n<h4 data-start=\"654\" data-end=\"695\">\u2705 <strong data-start=\"661\" data-end=\"693\">Recargable<\/strong><\/h4>\n<p data-start=\"696\" data-end=\"852\">Con una <strong data-start=\"708\" data-end=\"739\">bater\u00eda recargable de 650 mAh<\/strong> con <strong data-start=\"745\" data-end=\"769\">carga r\u00e1pida Tipo-C<\/strong>, garantizando un vapeo ininterrumpido sin la molestia del agotamiento frecuente de la bater\u00eda.<\/p>\n<\/div>\n<\/div>\n<\/div>\n<\/div>\n<h2>Calidad de vapor premium Razz Bar 40k Puffs Especificaciones clave:<\/h2>\n<ul>\n<li><strong data-start=\"467\" data-end=\"482\">40000 Caladas<\/strong> \u2013 Sesiones de vapeo prolongadas con un rendimiento fiable<\/li>\n<li><strong data-start=\"540\" data-end=\"561\">10 Doble Sabores<\/strong> \u2013 Cambia entre dos sabores en un solo dispositivo<\/li>\n<li><strong data-start=\"609\" data-end=\"632\">Doble Dep\u00f3sito con Bobina de Malla<\/strong> \u2013 Producci\u00f3n de vapor mejorada y pureza de sabor<\/li>\n<li><strong data-start=\"683\" data-end=\"714\">Bater\u00eda Recargable de 650mAh<\/strong> \u2013 Soporta carga r\u00e1pida Tipo-C<\/li>\n<li><strong data-start=\"751\" data-end=\"777\">Nicotina de Sal: 2% \/ 5%<\/strong> \u2013 Satisface diferentes preferencias de nicotina<\/li>\n<li><strong data-start=\"825\" data-end=\"848\">Embalaje al por mayor<\/strong> \u2013 <strong data-start=\"851\" data-end=\"873\">200 unidades por caja<\/strong> para suministro a granel<\/li>\n<\/ul>\n<h2><strong>RAZZ BAR 40000 Puffs Larga Duraci\u00f3n Lista de Sabores<\/strong><\/h2>\n<p>1.Lima Lim\u00f3n \/ Hielo Exuberante<br \/>\n2.Hielo de Fresa \/ Bayas Mixtas<br \/>\n3.Hielo de Frambuesa Azul \/ Chicle de Sand\u00eda y Fresa<br \/>\n4.Bayas Mixtas \/ Hielo de Sand\u00eda<br \/>\n5.Pl\u00e1tano de Fresa \/ Hielo de Red Bull<br \/>\n6.Hielo de Ar\u00e1ndano \/ Amor 66<br \/>\n7.Hielo de Melocot\u00f3n \/ Hielo de Ar\u00e1ndano<br \/>\n8.Kiwi de Fresa \/ Frambuesa \u00c1cida de Ar\u00e1ndano<br \/>\n9.Hielo de Sand\u00eda \/ Hielo de Cola<br \/>\n10.Sand\u00eda Fresa \/ Hielo de Uva<\/p>\n<p><a href=\"https:\/\/vapebulkp.com\/es\/product\/aivono-curved-smart-screen-35000-puffs-disposable-vape-wholesale-price\/\"><span style=\"vertical-align: inherit\">Aivono 35000 Caladas <\/span><\/a><\/p>\n<p><span style=\"vertical-align: inherit\">Encuentra m\u00e1s productos que te puedan gustar:<\/span><em><a href=\"https:\/\/wa.me\/8618077105796\"><span style=\"vertical-align: inherit\">\u00a0C\u00f3mpralo ahora<\/span><\/a><\/em><\/p>\n<p><span style=\"vertical-align: inherit\">Otros vaporizadores que te pueden gustar:<\/span><a href=\"https:\/\/vapebulkp.com\/es\/product\/wholesale-price-bang-kingdoms-rex-32000-puffs-vape-pod\/\"><span style=\"vertical-align: inherit\">Bang Kingdoms 32000 caladas<\/span><\/a><span style=\"vertical-align: inherit\">\u3001<\/span><a href=\"https:\/\/vapebulkp.com\/es\/product\/bood-pulse-pro-25k-50k-disposable-vape-bar-5000-puffs-nicotine-free\/\"><span style=\"vertical-align: inherit\">Bood pulse pro 50000 Caladas<\/span><\/a><span style=\"vertical-align: inherit\">\/ <\/span><a href=\"https:\/\/vapebulkp.com\/es\/product\/vapsolo-best-quality-viking-12k-puffs-disposable-vapes\/\"><span style=\"vertical-align: inherit\">Vapsolo viking 12000 Caladas<\/span><\/a><span style=\"vertical-align: inherit\">\/ <\/span><a href=\"https:\/\/vapebulkp.com\/es\/product\/waspe-vape-40000-puff-fihp-double-flavour-disposable-vape\/\"><span style=\"vertical-align: inherit\">WASPE 40000 caladas<\/span><\/a><\/p>\n<h2>Preguntas frecuentes sobre los vaporizadores desechables RAZZ BAR 40000 caladas<\/h2>\n<p>&nbsp;<\/p>\n<h4 data-start=\"56\" data-end=\"117\"><strong data-start=\"61\" data-end=\"115\">1. \u00bfCu\u00e1ntas caladas proporciona el RAZZ BAR 40k puffs?<\/strong><\/h4>\n<p data-start=\"118\" data-end=\"244\">El <strong data-start=\"122\" data-end=\"146\">RAZZ BAR 40000 Caladas<\/strong> ofrece hasta <strong data-start=\"160\" data-end=\"176\">40,000 caladas<\/strong>, lo que lo convierte en uno de los vapes desechables de mayor duraci\u00f3n disponibles.<\/p>\n<h4 data-start=\"410\" data-end=\"479\"><strong data-start=\"415\" data-end=\"477\">2. \u00bfEl RAZZ BAR 40k Puffs admite el cambio de sabor?<\/strong><\/h4>\n<p data-start=\"480\" data-end=\"620\">\u00a1S\u00ed! Cuenta con un <strong data-start=\"499\" data-end=\"521\">sistema de doble sabor<\/strong>, lo que permite a los usuarios cambiar entre <strong data-start=\"556\" data-end=\"585\">dos sabores en un dispositivo<\/strong> para una experiencia m\u00e1s placentera.<\/p>\n<h4 data-start=\"788\" data-end=\"843\"><strong data-start=\"793\" data-end=\"841\">3. \u00bfEs recargable el vaporizador desechable RAZZ BAR 40000 Puff?<\/strong><\/h4>\n<p data-start=\"844\" data-end=\"964\">S\u00ed, incluye un <strong data-start=\"863\" data-end=\"894\">bater\u00eda recargable de 650 mAh<\/strong> con un <strong data-start=\"902\" data-end=\"926\">Puerto de carga Tipo-C<\/strong> para una recarga r\u00e1pida y c\u00f3moda.<\/p>\n<h4 data-start=\"1311\" data-end=\"1391\"><strong data-start=\"1316\" data-end=\"1389\">4. \u00bfD\u00f3nde puedo comprar los vaporizadores RAZZ BAR 40000 Puffs a precios mayoristas?<\/strong><\/h4>\n<p data-start=\"1392\" data-end=\"1523\">Puedes hacer tu pedido directamente desde <strong data-start=\"1420\" data-end=\"1437\">Vapebulkp.com<\/strong>, donde ofrecemos <strong data-start=\"1454\" data-end=\"1520\">precios directos de f\u00e1brica, descuentos por volumen y log\u00edstica fiable<\/strong>.<\/p>\n<h3>Detalle de env\u00edo:<\/h3>\n<p><span style=\"color: #ff6600\">Tiempo de producci\u00f3n: 5-10 d\u00edas laborables<\/span><br \/>\n<span style=\"color: #ff6600\">Tiempo de env\u00edo: 8-14 d\u00edas laborables<\/span><\/p>\n<p>Todos los productos en nuestra tienda son 100% originales y aut\u00e9nticos, por lo que la compensaci\u00f3n de diez veces por productos falsos es la pol\u00edtica de nuestra tienda. Utilizamos canales log\u00edsticos como UPS\/DHL\/FEDEX\/DPD para entregarle los productos.<\/p>\n<p>Para los paquetes enviados a Espa\u00f1a, generalmente tardan 12 a 15 d\u00edas laborables en llegar. Actualizaremos la informaci\u00f3n de log\u00edstica para usted en tiempo real.<\/p>","protected":false},"excerpt":{"rendered":"<div class=\"flex-shrink-0 flex flex-col relative items-end\">\n<div class=\"pt-0\">\n<div class=\"gizmo-bot-avatar flex h-8 w-8 items-center justify-center overflow-hidden rounded-full\">\n<div class=\"relative p-1 rounded-sm flex items-center justify-center bg-token-main-surface-primary text-token-text-primary h-8 w-8\">\n<ul>\n<li data-start=\"0\" data-end=\"101\"><strong data-start=\"3\" data-end=\"99\" data-is-only-node=\"\">RAZZ BAR 40k Puffs Vaper Desechable Doble Sabor, Recargable<\/strong><\/li>\n<li data-start=\"102\" data-end=\"188\"><strong data-start=\"105\" data-end=\"186\" data-is-only-node=\"\">RAZZ BAR 40000 Puff Venta al por mayor Gran capacidad, Bobina de malla, Vaper de sales de nicotina<\/strong><\/li>\n<li data-start=\"189\" data-end=\"285\" data-is-last-node=\"\"><strong data-start=\"192\" data-end=\"283\" data-is-only-node=\"\">RAZZ BAR 40000 Puffs Vaper Doble Sabor, Bater\u00eda Recargable de 650mAh, Env\u00edo r\u00e1pido desde la UE<\/strong><\/li>\n<\/ul>\n<\/div>\n<\/div>\n<\/div>\n<\/div>\n<p>Por favor, contacta con el WhatsApp de Mandy para obtener un precio con descuento<a href=\"https:\/\/wa.me\/8618077105796\">+8618077105796<\/a><\/p>\n<p><img decoding=\"async\" class=\"alignnone wp-image-2151\" src=\"http:\/\/vapebulkp.com\/wp-content\/uploads\/2024\/04\/Mandy-WhatsApp-Randm.jpg\" alt=\"Mandy WhatsApp Aleatorio\" width=\"297\" height=\"316\" srcset=\"https:\/\/vapebulkp.com\/wp-content\/uploads\/2024\/04\/Mandy-WhatsApp-Randm.jpg 916w, https:\/\/vapebulkp.com\/wp-content\/uploads\/2024\/04\/Mandy-WhatsApp-Randm-282x300.jpg 282w, https:\/\/vapebulkp.com\/wp-content\/uploads\/2024\/04\/Mandy-WhatsApp-Randm-768x817.jpg 768w, https:\/\/vapebulkp.com\/wp-content\/uploads\/2024\/04\/Mandy-WhatsApp-Randm-600x638.jpg 600w\" sizes=\"(max-width: 297px) 100vw, 297px\" \/><\/p>\n<p><span style=\"color: #ff0000\">NOTA: Los precios en nuestro sitio web no incluyen los gastos de env\u00edo<\/span><\/p>\n<p>&nbsp;<\/p>","protected":false},"featured_media":3525,"comment_status":"open","ping_status":"closed","template":"","meta":{"_uag_custom_page_level_css":"","_lmt_disableupdate":"no","_lmt_disable":"","site-sidebar-layout":"default","site-content-layout":"content-boxed-container","ast-site-content-layout":"normal-width-container","site-content-style":"boxed","site-sidebar-style":"unboxed","ast-global-header-display":"","ast-banner-title-visibility":"","ast-main-header-display":"","ast-hfb-above-header-display":"","ast-hfb-below-header-display":"","ast-hfb-mobile-header-display":"","site-post-title":"","ast-breadcrumbs-content":"","ast-featured-img":"","footer-sml-layout":"","theme-transparent-header-meta":"default","adv-header-id-meta":"","stick-header-meta":"","header-above-stick-meta":"","header-main-stick-meta":"","header-below-stick-meta":"","astra-migrate-meta-layouts":"set","_joinchat":[]},"product_cat":[182,153,155,33,59,100,87,34,158,157,154,358,152,58,84,156,63,32],"product_tag":[36,37,41,286,219,40],"class_list":["post-3526","product","type-product","status-publish","has-post-thumbnail","hentry","product_cat-40000-puffs-disposable-vape","product_cat-hot-disposable-vapes","product_cat-belgium-hot-disposable-vapes","product_cat-france-vape-hot-sale","product_cat-germany-hot-disposable-vape","product_cat-germany-wholesale-vape-shop","product_cat-minimum-order-quantity-50pcs","product_cat-netherlands-vape-good-sale","product_cat-norway-hot-disposable-vapes","product_cat-poland-hot-disposable-vapes","product_cat-portugal-hot-disposable-vapes","product_cat-razzbar-vape","product_cat-spain-hot-disposable-vapes","product_cat-sweden-hot-disposable-vape","product_cat-sweden-wholesale-vape","product_cat-switzerland-hot-disposable-vapes","product_cat-top-sale-disposable-vape","product_cat-vape-hot-sale-this-week","product_tag-good-vape","product_tag-hot-sale-disposable-vape","product_tag-poland-hot-vape","product_tag-puffs-stock-in-europe","product_tag-razz-bar-40000-puffs","product_tag-sweden-hot-vape","pa_brand-razzbar-vape","desktop-align-left","tablet-align-left","mobile-align-left"],"yoast_head":"<!-- This site is optimized with the Yoast SEO plugin v21.1 - https:\/\/yoast.com\/wordpress\/plugins\/seo\/ -->\n<title>RAZZ BAR 40000 Puffs Wholesale Vape Factory Price EU Warehouse Fast Shipping - vapebulkp.com<\/title>\n<meta name=\"description\" content=\"RAZZ BAR 40000 Puffs disposable vape, wholesale prices, EU warehouse, fast shipping, premium quality, long-lasting, 2% &amp; 5% nicotine options, trendy design.\" \/>\n<meta name=\"robots\" content=\"index, follow, max-snippet:-1, max-image-preview:large, max-video-preview:-1\" \/>\n<link rel=\"canonical\" href=\"https:\/\/vapebulkp.com\/es\/product\/razz-bar-40000-puffs-wholesale-vape-factory-price-eu-warehouse-fast-shipping\/\" \/>\n<meta property=\"og:locale\" content=\"es_ES\" \/>\n<meta property=\"og:type\" content=\"article\" \/>\n<meta property=\"og:title\" content=\"RAZZ BAR 40000 Puffs Wholesale Vape Factory Price EU Warehouse Fast Shipping - vapebulkp.com\" \/>\n<meta property=\"og:description\" content=\"RAZZ BAR 40000 Puffs disposable vape, wholesale prices, EU warehouse, fast shipping, premium quality, long-lasting, 2% &amp; 5% nicotine options, trendy design.\" \/>\n<meta property=\"og:url\" content=\"https:\/\/vapebulkp.com\/es\/product\/razz-bar-40000-puffs-wholesale-vape-factory-price-eu-warehouse-fast-shipping\/\" \/>\n<meta property=\"og:site_name\" content=\"vapebulkp.com\" \/>\n<meta property=\"article:modified_time\" content=\"2025-09-24T03:12:01+00:00\" \/>\n<meta property=\"og:image\" content=\"http:\/\/vapebulkp.com\/wp-content\/uploads\/2025\/03\/Wholesale-RAZZ-BAR-40000-Puffs-Factory-Price-High-Capacity-Nicotine-Salt-Vape-in-Europe.webp\" \/>\n\t<meta property=\"og:image:width\" content=\"800\" \/>\n\t<meta property=\"og:image:height\" content=\"800\" \/>\n\t<meta property=\"og:image:type\" content=\"image\/webp\" \/>\n<meta name=\"twitter:card\" content=\"summary_large_image\" \/>\n<meta name=\"twitter:label1\" content=\"Tiempo de lectura\" \/>\n\t<meta name=\"twitter:data1\" content=\"3 minutos\" \/>\n<script type=\"application\/ld+json\" class=\"yoast-schema-graph\">{\"@context\":\"https:\/\/schema.org\",\"@graph\":[{\"@type\":\"WebPage\",\"@id\":\"https:\/\/vapebulkp.com\/product\/razz-bar-40000-puffs-wholesale-vape-factory-price-eu-warehouse-fast-shipping\/\",\"url\":\"https:\/\/vapebulkp.com\/product\/razz-bar-40000-puffs-wholesale-vape-factory-price-eu-warehouse-fast-shipping\/\",\"name\":\"RAZZ BAR 40000 Puffs Wholesale Vape Factory Price EU Warehouse Fast Shipping - vapebulkp.com\",\"isPartOf\":{\"@id\":\"https:\/\/vapebulkp.com\/#website\"},\"datePublished\":\"2025-03-04T09:06:46+00:00\",\"dateModified\":\"2025-09-24T03:12:01+00:00\",\"description\":\"RAZZ BAR 40000 Puffs disposable vape, wholesale prices, EU warehouse, fast shipping, premium quality, long-lasting, 2% & 5% nicotine options, trendy design.\",\"breadcrumb\":{\"@id\":\"https:\/\/vapebulkp.com\/product\/razz-bar-40000-puffs-wholesale-vape-factory-price-eu-warehouse-fast-shipping\/#breadcrumb\"},\"inLanguage\":\"es\",\"potentialAction\":[{\"@type\":\"ReadAction\",\"target\":[\"https:\/\/vapebulkp.com\/product\/razz-bar-40000-puffs-wholesale-vape-factory-price-eu-warehouse-fast-shipping\/\"]}]},{\"@type\":\"BreadcrumbList\",\"@id\":\"https:\/\/vapebulkp.com\/product\/razz-bar-40000-puffs-wholesale-vape-factory-price-eu-warehouse-fast-shipping\/#breadcrumb\",\"itemListElement\":[{\"@type\":\"ListItem\",\"position\":1,\"name\":\"Home\",\"item\":\"https:\/\/vapebulkp.com\/\"},{\"@type\":\"ListItem\",\"position\":2,\"name\":\"Hot Trend Vapes\",\"item\":\"https:\/\/vapebulkp.com\/vape-shop\/\"},{\"@type\":\"ListItem\",\"position\":3,\"name\":\"RAZZ BAR 40000 Puffs Wholesale Vape Factory Price EU Warehouse Fast Shipping\"}]},{\"@type\":\"WebSite\",\"@id\":\"https:\/\/vapebulkp.com\/#website\",\"url\":\"https:\/\/vapebulkp.com\/\",\"name\":\"vapebulkp.com\",\"description\":\"Buy Vape In Cheap Bulk Price Near you\",\"publisher\":{\"@id\":\"https:\/\/vapebulkp.com\/#organization\"},\"potentialAction\":[{\"@type\":\"SearchAction\",\"target\":{\"@type\":\"EntryPoint\",\"urlTemplate\":\"https:\/\/vapebulkp.com\/?s={search_term_string}\"},\"query-input\":\"required name=search_term_string\"}],\"inLanguage\":\"es\"},{\"@type\":\"Organization\",\"@id\":\"https:\/\/vapebulkp.com\/#organization\",\"name\":\"vapebulkp.com\",\"url\":\"https:\/\/vapebulkp.com\/\",\"logo\":{\"@type\":\"ImageObject\",\"inLanguage\":\"es\",\"@id\":\"https:\/\/vapebulkp.com\/#\/schema\/logo\/image\/\",\"url\":\"https:\/\/vapebulkp.com\/wp-content\/uploads\/2023\/09\/cropped-vapebulkp.png\",\"contentUrl\":\"https:\/\/vapebulkp.com\/wp-content\/uploads\/2023\/09\/cropped-vapebulkp.png\",\"width\":516,\"height\":163,\"caption\":\"vapebulkp.com\"},\"image\":{\"@id\":\"https:\/\/vapebulkp.com\/#\/schema\/logo\/image\/\"}}]}<\/script>\n<!-- \/ Yoast SEO plugin. -->","yoast_head_json":{"title":"RAZZ BAR 40000 Puffs Wholesale Vape Factory Price EU Warehouse Fast Shipping - vapebulkp.com","description":"RAZZ BAR 40000 Puffs disposable vape, wholesale prices, EU warehouse, fast shipping, premium quality, long-lasting, 2% & 5% nicotine options, trendy design.","robots":{"index":"index","follow":"follow","max-snippet":"max-snippet:-1","max-image-preview":"max-image-preview:large","max-video-preview":"max-video-preview:-1"},"canonical":"https:\/\/vapebulkp.com\/es\/product\/razz-bar-40000-puffs-wholesale-vape-factory-price-eu-warehouse-fast-shipping\/","og_locale":"es_ES","og_type":"article","og_title":"RAZZ BAR 40000 Puffs Wholesale Vape Factory Price EU Warehouse Fast Shipping - vapebulkp.com","og_description":"RAZZ BAR 40000 Puffs disposable vape, wholesale prices, EU warehouse, fast shipping, premium quality, long-lasting, 2% & 5% nicotine options, trendy design.","og_url":"https:\/\/vapebulkp.com\/es\/product\/razz-bar-40000-puffs-wholesale-vape-factory-price-eu-warehouse-fast-shipping\/","og_site_name":"vapebulkp.com","article_modified_time":"2025-09-24T03:12:01+00:00","og_image":[{"width":800,"height":800,"url":"http:\/\/vapebulkp.com\/wp-content\/uploads\/2025\/03\/Wholesale-RAZZ-BAR-40000-Puffs-Factory-Price-High-Capacity-Nicotine-Salt-Vape-in-Europe.webp","type":"image\/webp"}],"twitter_card":"summary_large_image","twitter_misc":{"Tiempo de lectura":"3 minutos"},"schema":{"@context":"https:\/\/schema.org","@graph":[{"@type":"WebPage","@id":"https:\/\/vapebulkp.com\/product\/razz-bar-40000-puffs-wholesale-vape-factory-price-eu-warehouse-fast-shipping\/","url":"https:\/\/vapebulkp.com\/product\/razz-bar-40000-puffs-wholesale-vape-factory-price-eu-warehouse-fast-shipping\/","name":"RAZZ BAR 40000 Puffs Wholesale Vape Factory Price EU Warehouse Fast Shipping - vapebulkp.com","isPartOf":{"@id":"https:\/\/vapebulkp.com\/#website"},"datePublished":"2025-03-04T09:06:46+00:00","dateModified":"2025-09-24T03:12:01+00:00","description":"RAZZ BAR 40000 Puffs disposable vape, wholesale prices, EU warehouse, fast shipping, premium quality, long-lasting, 2% & 5% nicotine options, trendy design.","breadcrumb":{"@id":"https:\/\/vapebulkp.com\/product\/razz-bar-40000-puffs-wholesale-vape-factory-price-eu-warehouse-fast-shipping\/#breadcrumb"},"inLanguage":"es","potentialAction":[{"@type":"ReadAction","target":["https:\/\/vapebulkp.com\/product\/razz-bar-40000-puffs-wholesale-vape-factory-price-eu-warehouse-fast-shipping\/"]}]},{"@type":"BreadcrumbList","@id":"https:\/\/vapebulkp.com\/product\/razz-bar-40000-puffs-wholesale-vape-factory-price-eu-warehouse-fast-shipping\/#breadcrumb","itemListElement":[{"@type":"ListItem","position":1,"name":"Home","item":"https:\/\/vapebulkp.com\/"},{"@type":"ListItem","position":2,"name":"Hot Trend Vapes","item":"https:\/\/vapebulkp.com\/vape-shop\/"},{"@type":"ListItem","position":3,"name":"RAZZ BAR 40000 Puffs Wholesale Vape Factory Price EU Warehouse Fast Shipping"}]},{"@type":"WebSite","@id":"https:\/\/vapebulkp.com\/#website","url":"https:\/\/vapebulkp.com\/","name":"vapebulkp.com","description":"Buy Vape In Cheap Bulk Price Near you","publisher":{"@id":"https:\/\/vapebulkp.com\/#organization"},"potentialAction":[{"@type":"SearchAction","target":{"@type":"EntryPoint","urlTemplate":"https:\/\/vapebulkp.com\/?s={search_term_string}"},"query-input":"required name=search_term_string"}],"inLanguage":"es"},{"@type":"Organization","@id":"https:\/\/vapebulkp.com\/#organization","name":"vapebulkp.com","url":"https:\/\/vapebulkp.com\/","logo":{"@type":"ImageObject","inLanguage":"es","@id":"https:\/\/vapebulkp.com\/#\/schema\/logo\/image\/","url":"https:\/\/vapebulkp.com\/wp-content\/uploads\/2023\/09\/cropped-vapebulkp.png","contentUrl":"https:\/\/vapebulkp.com\/wp-content\/uploads\/2023\/09\/cropped-vapebulkp.png","width":516,"height":163,"caption":"vapebulkp.com"},"image":{"@id":"https:\/\/vapebulkp.com\/#\/schema\/logo\/image\/"}}]}},"uagb_featured_image_src":{"full":["https:\/\/vapebulkp.com\/wp-content\/uploads\/2025\/03\/Wholesale-RAZZ-BAR-40000-Puffs-Factory-Price-High-Capacity-Nicotine-Salt-Vape-in-Europe.webp",800,800,false],"thumbnail":["https:\/\/vapebulkp.com\/wp-content\/uploads\/2025\/03\/Wholesale-RAZZ-BAR-40000-Puffs-Factory-Price-High-Capacity-Nicotine-Salt-Vape-in-Europe-150x150.webp",150,150,true],"medium":["https:\/\/vapebulkp.com\/wp-content\/uploads\/2025\/03\/Wholesale-RAZZ-BAR-40000-Puffs-Factory-Price-High-Capacity-Nicotine-Salt-Vape-in-Europe-300x300.webp",300,300,true],"medium_large":["https:\/\/vapebulkp.com\/wp-content\/uploads\/2025\/03\/Wholesale-RAZZ-BAR-40000-Puffs-Factory-Price-High-Capacity-Nicotine-Salt-Vape-in-Europe-768x768.webp",768,768,true],"large":["https:\/\/vapebulkp.com\/wp-content\/uploads\/2025\/03\/Wholesale-RAZZ-BAR-40000-Puffs-Factory-Price-High-Capacity-Nicotine-Salt-Vape-in-Europe.webp",800,800,false],"1536x1536":["https:\/\/vapebulkp.com\/wp-content\/uploads\/2025\/03\/Wholesale-RAZZ-BAR-40000-Puffs-Factory-Price-High-Capacity-Nicotine-Salt-Vape-in-Europe.webp",800,800,false],"2048x2048":["https:\/\/vapebulkp.com\/wp-content\/uploads\/2025\/03\/Wholesale-RAZZ-BAR-40000-Puffs-Factory-Price-High-Capacity-Nicotine-Salt-Vape-in-Europe.webp",800,800,false],"trp-custom-language-flag":["https:\/\/vapebulkp.com\/wp-content\/uploads\/2025\/03\/Wholesale-RAZZ-BAR-40000-Puffs-Factory-Price-High-Capacity-Nicotine-Salt-Vape-in-Europe.webp",12,12,false],"woocommerce_thumbnail":["https:\/\/vapebulkp.com\/wp-content\/uploads\/2025\/03\/Wholesale-RAZZ-BAR-40000-Puffs-Factory-Price-High-Capacity-Nicotine-Salt-Vape-in-Europe-300x300.webp",300,300,true],"woocommerce_single":["https:\/\/vapebulkp.com\/wp-content\/uploads\/2025\/03\/Wholesale-RAZZ-BAR-40000-Puffs-Factory-Price-High-Capacity-Nicotine-Salt-Vape-in-Europe-600x600.webp",600,600,true],"woocommerce_gallery_thumbnail":["https:\/\/vapebulkp.com\/wp-content\/uploads\/2025\/03\/Wholesale-RAZZ-BAR-40000-Puffs-Factory-Price-High-Capacity-Nicotine-Salt-Vape-in-Europe-100x100.webp",100,100,true],"wcpr-photo-reviews":["https:\/\/vapebulkp.com\/wp-content\/uploads\/2025\/03\/Wholesale-RAZZ-BAR-40000-Puffs-Factory-Price-High-Capacity-Nicotine-Salt-Vape-in-Europe.webp",500,500,false]},"uagb_author_info":{"display_name":"Mandy vape bulk price","author_link":"https:\/\/vapebulkp.com\/es\/author\/"},"uagb_comment_info":0,"uagb_excerpt":"RAZZ BAR 40k Puffs Disposable Vape\u00a0 Dual Flavors, Rechargeable &amp; Long-lasting Performance RAZZ BAR 40000 Puff Wholesale\u00a0 High-Capacity, Mesh Coil, Nicotine Salt Vape RAZZ BAR 40000 Puffs Vape\u00a0 Dual Flavors, 650mAh Rechargeable Battery, Fast EU Shipping Pls Contact Mandy's WhatsApp For Discount Price+8618077105796 NOTE: Prices on our website does not include shipping costs &nbsp;","_links":{"self":[{"href":"https:\/\/vapebulkp.com\/es\/wp-json\/wp\/v2\/product\/3526","targetHints":{"allow":["GET"]}}],"collection":[{"href":"https:\/\/vapebulkp.com\/es\/wp-json\/wp\/v2\/product"}],"about":[{"href":"https:\/\/vapebulkp.com\/es\/wp-json\/wp\/v2\/types\/product"}],"replies":[{"embeddable":true,"href":"https:\/\/vapebulkp.com\/es\/wp-json\/wp\/v2\/comments?post=3526"}],"wp:featuredmedia":[{"embeddable":true,"href":"https:\/\/vapebulkp.com\/es\/wp-json\/wp\/v2\/media\/3525"}],"wp:attachment":[{"href":"https:\/\/vapebulkp.com\/es\/wp-json\/wp\/v2\/media?parent=3526"}],"wp:term":[{"taxonomy":"product_cat","embeddable":true,"href":"https:\/\/vapebulkp.com\/es\/wp-json\/wp\/v2\/product_cat?post=3526"},{"taxonomy":"product_tag","embeddable":true,"href":"https:\/\/vapebulkp.com\/es\/wp-json\/wp\/v2\/product_tag?post=3526"}],"curies":[{"name":"wp","href":"https:\/\/api.w.org\/{rel}","templated":true}]}}