{"id":3768,"date":"2025-05-19T04:59:45","date_gmt":"2025-05-19T02:59:45","guid":{"rendered":"https:\/\/vapebulkp.com\/?post_type=product&#038;p=3768"},"modified":"2025-09-24T05:01:41","modified_gmt":"2025-09-24T03:01:41","slug":"wholesale-price-bang-leader-80000-puffs-vape-device","status":"publish","type":"product","link":"https:\/\/vapebulkp.com\/es\/producto\/wholesale-price-bang-leader-80000-puffs-vape-device\/","title":{"rendered":"Precio al por Mayor Bang LEADER 80000 Puffs Vape"},"content":{"rendered":"<h2 style=\"text-align: left\">Precio al por Mayor Bang LEADER 80000 Puffs Vape<\/h2>\n<p>&nbsp;<\/p>\n<p data-start=\"126\" data-end=\"436\">El <strong data-start=\"130\" data-end=\"173\">L\u00cdDER DE BANG <a href=\"https:\/\/vapebulkp.com\/es\/categoria-producto\/80000-puffs-disposable-vape\/\">Vaper Desechable de 80000 Caladas<\/a><\/strong> es un <strong data-start=\"179\" data-end=\"201\">vape de alta capacidad<\/strong> dise\u00f1ado para vapeadores europeos que exigen un rendimiento duradero y un sabor premium. Dise\u00f1ado como un <strong data-start=\"303\" data-end=\"335\">vape desechable recargable<\/strong>, viene con una bater\u00eda de 850mAh y carga r\u00e1pida Tipo-C, asegurando sesiones de vapeo ininterrumpidas.<\/p>\n<p data-start=\"438\" data-end=\"738\">Este <strong data-start=\"443\" data-end=\"465\">vapeador de triple sabor<\/strong> permite a los usuarios cambiar entre sabores sin esfuerzo, mientras que el <strong data-start=\"529\" data-end=\"551\">contador de caladas inteligente<\/strong> rastrea el uso para un control preciso. Con <strong data-start=\"596\" data-end=\"618\">vapeo de sal de nicotina<\/strong> formulaciones y <strong data-start=\"636\" data-end=\"660\">bobina de malla<\/strong>, ofrece un vapor suave y denso y un sabor constante a lo largo de 80.000 caladas.<\/p>\n<p data-start=\"740\" data-end=\"1037\">Perfecto para <strong data-start=\"752\" data-end=\"773\">vapeo al por mayor en la UE<\/strong> compradores, minoristas y distribuidores, el Bang LEADER 80000 caladas combina un dise\u00f1o elegante, portabilidad y caracter\u00edsticas de vanguardia. Almacenar este dispositivo a\u00f1ade un producto rentable y de alta demanda a cualquier inventario, atendiendo a los vapeadores modernos que buscan tanto estilo como rendimiento.<\/p>\n<h6>Por favor, contacta con el WhatsApp de Mandy para obtener un precio con descuento<a href=\"https:\/\/wa.me\/8618077105796\">+8618077105796<\/a><\/h6>\n<p><img decoding=\"async\" class=\"alignnone wp-image-2151\" src=\"http:\/\/vapebulkp.com\/wp-content\/uploads\/2024\/04\/Mandy-WhatsApp-Randm.jpg\" alt=\"Mandy WhatsApp Aleatorio\" width=\"324\" height=\"330\" \/><\/p>\n<div class=\"flex max-w-full flex-col flex-grow\">\n<div class=\"min-h-8 text-message flex w-full flex-col items-end gap-2 whitespace-normal break-words text-start [.text-message+&amp;]:mt-5\" dir=\"auto\" data-message-author-role=\"assistant\" data-message-id=\"d24cf626-c018-4805-80f5-44de047f2ba0\" data-message-model-slug=\"gpt-4o\">\n<div class=\"flex w-full flex-col gap-1 empty:hidden first:pt-[3px]\">\n<div class=\"markdown prose w-full break-words dark:prose-invert light\">\n<h2>Por qu\u00e9 comprar al por mayor Vape Bang Leader 80000 caladas en <a href=\"https:\/\/vapebulkp.com\/es\/vape-shop\/\">Vapebulkp.com<\/a>?<\/h2>\n<p class=\"\" data-start=\"141\" data-end=\"330\"><strong data-start=\"141\" data-end=\"177\">1. Precios al por mayor competitivos<\/strong><br data-start=\"177\" data-end=\"180\" \/>Vapebulkp.com ofrece precios inmejorables directamente de f\u00e1brica en el Bang LEADER 80000 Puffs, maximizando sus m\u00e1rgenes de beneficio sin comprometer la calidad.<\/p>\n<p class=\"\" data-start=\"332\" data-end=\"578\"><strong data-start=\"332\" data-end=\"373\">2. Genuino<\/strong><br data-start=\"373\" data-end=\"376\" \/>Cada unidad cuenta con 80.000 caladas, 3 sabores intercambiables, una bater\u00eda recargable de 850mAh, bobina de malla, contador de caladas inteligente y desbloqueo por huella dactilar, ofreciendo una experiencia de vapeo premium para clientes exigentes.<\/p>\n<p class=\"\" data-start=\"580\" data-end=\"789\"><strong data-start=\"580\" data-end=\"620\">3. Disponibilidad a granel<\/strong><br data-start=\"620\" data-end=\"623\" \/>Con altos niveles de stock y log\u00edstica eficiente, Vapebulkp.com asegura una entrega a tiempo en toda Europa y m\u00e1s all\u00e1. Ideal para minoristas, revendedores y tiendas de vapeo en l\u00ednea.<\/p>\n<p class=\"\" data-start=\"791\" data-end=\"991\"><strong data-start=\"791\" data-end=\"835\">4. Proveedor de confianza para los mercados europeos<\/strong><br data-start=\"835\" data-end=\"838\" \/>Vapebulkp es un socio fiable conocido por la calidad constante del producto y selecciones de vapeo adaptadas al mercado que cumplen con los est\u00e1ndares de la UE y las preferencias del cliente.<\/p>\n<p class=\"\" data-start=\"993\" data-end=\"1186\"><strong data-start=\"993\" data-end=\"1032\">5. Empaque Optimizado para SEO<\/strong><br data-start=\"1032\" data-end=\"1035\" \/>El empaque llamativo, las etiquetas de sabor multiling\u00fces y los c\u00f3digos de barras listos para el cumplimiento de normativas facilitan la comercializaci\u00f3n y venta en entornos minoristas competitivos.<\/p>\n<p class=\"\" data-start=\"1188\" data-end=\"1383\"><strong data-start=\"1188\" data-end=\"1233\">6. Soporte Dedicado<\/strong><br data-start=\"1233\" data-end=\"1236\" \/>Obtenga acceso a soporte B2B personalizado, bajo MOQ (cantidad m\u00ednima de pedido), opciones de personalizaci\u00f3n del producto y las \u00faltimas novedades en tecnolog\u00eda de vapes desechables.<\/p>\n<\/div>\n<\/div>\n<\/div>\n<\/div>\n<h2><strong>\u00a0<\/strong>Especificaciones Clave del Dispositivo Vape Bang Leader 80000 Puffs:<\/h2>\n<ul>\n<li class=\"\" data-start=\"157\" data-end=\"243\">\n<p class=\"\" data-start=\"159\" data-end=\"243\"><strong data-start=\"159\" data-end=\"182\">Concentraciones de nicotina:<\/strong> 2%, 3% o 5% \u2013 adaptado para caladas suaves, intensas o potentes<\/p>\n<\/li>\n<li class=\"\" data-start=\"244\" data-end=\"315\">\n<p class=\"\" data-start=\"246\" data-end=\"315\"><strong data-start=\"246\" data-end=\"261\">N\u00famero de caladas:<\/strong> Hasta 80,000 caladas \u2013 rendimiento de ultra larga duraci\u00f3n<\/p>\n<\/li>\n<li class=\"\" data-start=\"316\" data-end=\"384\">\n<p class=\"\" data-start=\"318\" data-end=\"384\"><strong data-start=\"318\" data-end=\"330\">Sabores:<\/strong> Sabores 3 en 1 intercambiables \u2013 vers\u00e1til y placentero<\/p>\n<\/li>\n<li class=\"\" data-start=\"385\" data-end=\"451\">\n<p class=\"\" data-start=\"387\" data-end=\"451\"><strong data-start=\"387\" data-end=\"399\">Bater\u00eda:<\/strong> 850mAh recargable \u2013 carga r\u00e1pida, uso confiable<\/p>\n<\/li>\n<li class=\"\" data-start=\"452\" data-end=\"507\">\n<p class=\"\" data-start=\"454\" data-end=\"507\"><strong data-start=\"454\" data-end=\"463\">Resistencia:<\/strong> Resistencia de malla de 1.0\u03a9 \u2013 vapor denso, sabor intenso<\/p>\n<\/li>\n<li class=\"\" data-start=\"508\" data-end=\"570\">\n<p class=\"\" data-start=\"510\" data-end=\"570\"><strong data-start=\"510\" data-end=\"522\">Flujo de Aire:<\/strong> Flujo de aire ajustable \u2013 calada suave personalizada<\/p>\n<\/li>\n<li class=\"\" data-start=\"571\" data-end=\"627\">\n<p class=\"\" data-start=\"573\" data-end=\"627\"><strong data-start=\"573\" data-end=\"585\">Pantalla:<\/strong> Contador de caladas inteligente \u2013 siga el uso f\u00e1cilmente<\/p>\n<\/li>\n<li class=\"\" data-start=\"628\" data-end=\"678\">\n<p class=\"\" data-start=\"630\" data-end=\"678\"><strong data-start=\"630\" data-end=\"641\">Dise\u00f1o:<\/strong> Construcci\u00f3n compacta, lista para viajar, premium<\/p>\n<\/li>\n<\/ul>\n<h2><strong>\u00a0Lista de Sabores Bang Leader 80000 Puffs<\/strong><\/h2>\n<p>1. Sand\u00eda Hielo<br \/>\n2. Mojito de Frambuesa Durazno Hielo<br \/>\n3. Fresa Sand\u00eda<br \/>\n4. Cola Hielo<br \/>\n5. Ar\u00e1ndano Sand\u00eda<br \/>\n6.Hielo de ar\u00e1ndano<br \/>\n7.Hielo de ar\u00e1ndano<br \/>\n8.Toro rojo<br \/>\n9.Toro rojo<br \/>\n10.Fresa y kiwi<br \/>\n11.Kiwi y guayaba<br \/>\n12.Hielo de aguacate<\/p>\n<p><span style=\"vertical-align: inherit\">Encuentra m\u00e1s productos que te puedan gustar:<\/span><em><a href=\"https:\/\/wa.me\/8618077105796\"><span style=\"vertical-align: inherit\">\u00a0C\u00f3mpralo ahora<\/span><\/a><\/em><\/p>\n<p><span style=\"vertical-align: inherit\">Otros vaporizadores que te pueden gustar:<\/span><a href=\"https:\/\/vapebulkp.com\/es\/producto\/wholesale-price-bang-kingdoms-rex-32000-puffs-vape-pod\/\"><span style=\"vertical-align: inherit\">Bang Kingdoms 32000 caladas<\/span><\/a><span style=\"vertical-align: inherit\">\u3001<\/span><a href=\"https:\/\/vapebulkp.com\/es\/producto\/uzy-crystal-twin-50000-puffs-rechargeable-vape-with-led-display\/\"><span style=\"vertical-align: inherit\">UZY Crystal Twin 50000 Caladas<\/span><\/a><span style=\"vertical-align: inherit\">\/ <\/span><a href=\"https:\/\/vapebulkp.com\/es\/producto\/waspe-3in1-60000-puffs-disposable-vape-high-capacity\/\"><span style=\"vertical-align: inherit\">WASPE 3 en 1 60000 caladas<\/span><\/a><\/p>\n<p><a href=\"https:\/\/vapebulkp.com\/es\/producto\/vapsolo-feed-bar-shisha-vape-15000-puffs-wholesale-price\/\"><span style=\"vertical-align: inherit\">\u00a0Vapsolo shisha 15000 Caladas<\/span><\/a><span style=\"vertical-align: inherit\">\/ <\/span><a href=\"https:\/\/vapebulkp.com\/es\/producto\/bang-box-35000-puffs-touch-switch-digital-screen-rechargeable-vape\/\"><span style=\"vertical-align: inherit\">Bang Box 35000 Caladas<\/span><\/a><\/p>\n<h2>Preguntas frecuentes sobre los vapes desechables Bang Leader de 80000 caladas<\/h2>\n<p class=\"\" data-start=\"170\" data-end=\"363\"><strong data-start=\"170\" data-end=\"236\">P1: \u00bfCu\u00e1ntas caladas ofrece el vape desechable Bang LEADER?<\/strong><br data-start=\"236\" data-end=\"239\" \/><strong data-start=\"239\" data-end=\"245\">A:<\/strong> El Bang LEADER ofrece hasta <strong data-start=\"277\" data-end=\"293\">80,000 caladas<\/strong>, lo que lo convierte en uno de los vapes desechables m\u00e1s duraderos del mercado.<\/p>\n<p class=\"\" data-start=\"365\" data-end=\"539\"><strong data-start=\"365\" data-end=\"420\">P2: \u00bfPuedo recargar el vapeador Bang LEADER 80000 Puffs?<\/strong><br data-start=\"420\" data-end=\"423\" \/><strong data-start=\"423\" data-end=\"429\">A:<\/strong> S\u00ed, viene con un <strong data-start=\"452\" data-end=\"483\">bater\u00eda recargable de 850mAh<\/strong> y admite <strong data-start=\"497\" data-end=\"521\">carga r\u00e1pida Tipo-C<\/strong> para un uso prolongado.<\/p>\n<p class=\"\" data-start=\"541\" data-end=\"710\"><strong data-start=\"541\" data-end=\"582\">P3: \u00bfEs compatible con m\u00faltiples sabores?<\/strong><br data-start=\"582\" data-end=\"585\" \/><strong data-start=\"585\" data-end=\"591\">A:<\/strong> \u00a1Absolutamente! El Bang LEADER cuenta con <strong data-start=\"629\" data-end=\"658\">3 sabores intercambiables en 1<\/strong>, lo que permite a los usuarios cambiar de perfil de sabor con facilidad.<\/p>\n<p class=\"\" data-start=\"856\" data-end=\"1079\"><strong data-start=\"856\" data-end=\"915\">P4: \u00bfEs el Bang LEADER adecuado para la compra al por mayor?<\/strong><br data-start=\"915\" data-end=\"918\" \/><strong data-start=\"918\" data-end=\"924\">A:<\/strong> S\u00ed, este producto es muy recomendado para <strong data-start=\"969\" data-end=\"998\">pedidos a granel y al por mayor<\/strong>. Es uno de los m\u00e1s vendidos con excelentes m\u00e1rgenes de beneficio para revendedores y distribuidores en Espa\u00f1a.<\/p>\n<h3>Detalle de env\u00edo:<\/h3>\n<p><span style=\"color: #ff6600\">Tiempo de producci\u00f3n: 5-10 d\u00edas laborables<\/span><br \/>\n<span style=\"color: #ff6600\">Tiempo de env\u00edo: 8-14 d\u00edas laborables<\/span><\/p>\n<p>Todos los productos en nuestra tienda son 100% originales y aut\u00e9nticos, por lo que la compensaci\u00f3n de diez veces por productos falsos es la pol\u00edtica de nuestra tienda. Utilizamos canales log\u00edsticos como UPS\/DHL\/FEDEX\/DPD para entregarle los productos.<\/p>\n<p>Para los paquetes enviados a Espa\u00f1a, generalmente tardan 12 a 15 d\u00edas laborables en llegar. Actualizaremos la informaci\u00f3n de log\u00edstica para usted en tiempo real.<\/p>","protected":false},"excerpt":{"rendered":"<p>Bang LEADER 80000 Puffs 3-en-1 Vape desechable con sabores intercambiables, bobina de malla, contador de caladas LED<\/p>\n<p>Por favor, contacta con el WhatsApp de Mandy para obtener un precio con descuento<a href=\"https:\/\/wa.me\/8618077105796\">+8618077105796<\/a><\/p>\n<p><img decoding=\"async\" class=\"alignnone wp-image-2151\" src=\"http:\/\/vapebulkp.com\/wp-content\/uploads\/2024\/04\/Mandy-WhatsApp-Randm.jpg\" alt=\"Mandy WhatsApp Aleatorio\" width=\"297\" height=\"316\" srcset=\"https:\/\/vapebulkp.com\/wp-content\/uploads\/2024\/04\/Mandy-WhatsApp-Randm.jpg 916w, https:\/\/vapebulkp.com\/wp-content\/uploads\/2024\/04\/Mandy-WhatsApp-Randm-282x300.jpg 282w, https:\/\/vapebulkp.com\/wp-content\/uploads\/2024\/04\/Mandy-WhatsApp-Randm-768x817.jpg 768w, https:\/\/vapebulkp.com\/wp-content\/uploads\/2024\/04\/Mandy-WhatsApp-Randm-600x638.jpg 600w\" sizes=\"(max-width: 297px) 100vw, 297px\" \/><\/p>\n<p><span style=\"color: #ff0000\">NOTA: Los precios en nuestro sitio web no incluyen los gastos de env\u00edo<\/span><\/p>\n<p>&nbsp;<\/p>","protected":false},"featured_media":3762,"comment_status":"open","ping_status":"closed","template":"","meta":{"_uag_custom_page_level_css":"","_lmt_disableupdate":"no","_lmt_disable":"","site-sidebar-layout":"default","site-content-layout":"content-boxed-container","ast-site-content-layout":"normal-width-container","site-content-style":"boxed","site-sidebar-style":"unboxed","ast-global-header-display":"","ast-banner-title-visibility":"","ast-main-header-display":"","ast-hfb-above-header-display":"","ast-hfb-below-header-display":"","ast-hfb-mobile-header-display":"","site-post-title":"","ast-breadcrumbs-content":"","ast-featured-img":"","footer-sml-layout":"","theme-transparent-header-meta":"default","adv-header-id-meta":"","stick-header-meta":"","header-above-stick-meta":"","header-main-stick-meta":"","header-below-stick-meta":"","astra-migrate-meta-layouts":"set","_joinchat":[]},"product_cat":[247,153,345,155,33,59,100,87,34,158,157,154,152,58,84,156,63,32],"product_tag":[248,36,37,41,40],"class_list":["post-3768","product","type-product","status-publish","has-post-thumbnail","hentry","product_cat-80000-puffs-disposable-vape","product_cat-hot-disposable-vapes","product_cat-bang-vapes","product_cat-belgium-hot-disposable-vapes","product_cat-france-vape-hot-sale","product_cat-germany-hot-disposable-vape","product_cat-germany-wholesale-vape-shop","product_cat-minimum-order-quantity-50pcs","product_cat-netherlands-vape-good-sale","product_cat-norway-hot-disposable-vapes","product_cat-poland-hot-disposable-vapes","product_cat-portugal-hot-disposable-vapes","product_cat-spain-hot-disposable-vapes","product_cat-sweden-hot-disposable-vape","product_cat-sweden-wholesale-vape","product_cat-switzerland-hot-disposable-vapes","product_cat-top-sale-disposable-vape","product_cat-vape-hot-sale-this-week","product_tag-bang-leader-80000-puffs","product_tag-good-vape","product_tag-hot-sale-disposable-vape","product_tag-poland-hot-vape","product_tag-sweden-hot-vape","pa_brand-bang-vape","desktop-align-left","tablet-align-left","mobile-align-left"],"yoast_head":"<!-- This site is optimized with the Yoast SEO plugin v21.1 - https:\/\/yoast.com\/wordpress\/plugins\/seo\/ -->\n<title>Wholesale Price Bang LEADER 80000 Puffs Vape Device - vapebulkp.com<\/title>\n<meta name=\"description\" content=\"Shop Bang LEADER 80000 Puffs 3-in-1 Disposable Vape at Vapebulkp.com. Features 3 flavors, 850mAh rechargeable battery\uff0cWholesale pricing available.\" \/>\n<meta name=\"robots\" content=\"index, follow, max-snippet:-1, max-image-preview:large, max-video-preview:-1\" \/>\n<link rel=\"canonical\" href=\"https:\/\/vapebulkp.com\/es\/producto\/wholesale-price-bang-leader-80000-puffs-vape-device\/\" \/>\n<meta property=\"og:locale\" content=\"es_ES\" \/>\n<meta property=\"og:type\" content=\"article\" \/>\n<meta property=\"og:title\" content=\"Wholesale Price Bang LEADER 80000 Puffs Vape Device - vapebulkp.com\" \/>\n<meta property=\"og:description\" content=\"Shop Bang LEADER 80000 Puffs 3-in-1 Disposable Vape at Vapebulkp.com. Features 3 flavors, 850mAh rechargeable battery\uff0cWholesale pricing available.\" \/>\n<meta property=\"og:url\" content=\"https:\/\/vapebulkp.com\/es\/producto\/wholesale-price-bang-leader-80000-puffs-vape-device\/\" \/>\n<meta property=\"og:site_name\" content=\"vapebulkp.com\" \/>\n<meta property=\"article:modified_time\" content=\"2025-09-24T03:01:41+00:00\" \/>\n<meta property=\"og:image\" content=\"http:\/\/vapebulkp.com\/wp-content\/uploads\/2025\/05\/Bang-LEADER-80000-Puff-Wholesale-Disposable-Vape.webp\" \/>\n\t<meta property=\"og:image:width\" content=\"800\" \/>\n\t<meta property=\"og:image:height\" content=\"800\" \/>\n\t<meta property=\"og:image:type\" content=\"image\/webp\" \/>\n<meta name=\"twitter:card\" content=\"summary_large_image\" \/>\n<meta name=\"twitter:label1\" content=\"Tiempo de lectura\" \/>\n\t<meta name=\"twitter:data1\" content=\"4 minutos\" \/>\n<script type=\"application\/ld+json\" class=\"yoast-schema-graph\">{\"@context\":\"https:\/\/schema.org\",\"@graph\":[{\"@type\":\"WebPage\",\"@id\":\"https:\/\/vapebulkp.com\/product\/wholesale-price-bang-leader-80000-puffs-vape-device\/\",\"url\":\"https:\/\/vapebulkp.com\/product\/wholesale-price-bang-leader-80000-puffs-vape-device\/\",\"name\":\"Wholesale Price Bang LEADER 80000 Puffs Vape Device - vapebulkp.com\",\"isPartOf\":{\"@id\":\"https:\/\/vapebulkp.com\/#website\"},\"datePublished\":\"2025-05-19T02:59:45+00:00\",\"dateModified\":\"2025-09-24T03:01:41+00:00\",\"description\":\"Shop Bang LEADER 80000 Puffs 3-in-1 Disposable Vape at Vapebulkp.com. Features 3 flavors, 850mAh rechargeable battery\uff0cWholesale pricing available.\",\"breadcrumb\":{\"@id\":\"https:\/\/vapebulkp.com\/product\/wholesale-price-bang-leader-80000-puffs-vape-device\/#breadcrumb\"},\"inLanguage\":\"es\",\"potentialAction\":[{\"@type\":\"ReadAction\",\"target\":[\"https:\/\/vapebulkp.com\/product\/wholesale-price-bang-leader-80000-puffs-vape-device\/\"]}]},{\"@type\":\"BreadcrumbList\",\"@id\":\"https:\/\/vapebulkp.com\/product\/wholesale-price-bang-leader-80000-puffs-vape-device\/#breadcrumb\",\"itemListElement\":[{\"@type\":\"ListItem\",\"position\":1,\"name\":\"Home\",\"item\":\"https:\/\/vapebulkp.com\/\"},{\"@type\":\"ListItem\",\"position\":2,\"name\":\"Hot Trend Vapes\",\"item\":\"https:\/\/vapebulkp.com\/vape-shop\/\"},{\"@type\":\"ListItem\",\"position\":3,\"name\":\"Wholesale Price Bang LEADER 80000 Puffs Vape Device\"}]},{\"@type\":\"WebSite\",\"@id\":\"https:\/\/vapebulkp.com\/#website\",\"url\":\"https:\/\/vapebulkp.com\/\",\"name\":\"vapebulkp.com\",\"description\":\"Buy Vape In Cheap Bulk Price Near you\",\"publisher\":{\"@id\":\"https:\/\/vapebulkp.com\/#organization\"},\"potentialAction\":[{\"@type\":\"SearchAction\",\"target\":{\"@type\":\"EntryPoint\",\"urlTemplate\":\"https:\/\/vapebulkp.com\/?s={search_term_string}\"},\"query-input\":\"required name=search_term_string\"}],\"inLanguage\":\"es\"},{\"@type\":\"Organization\",\"@id\":\"https:\/\/vapebulkp.com\/#organization\",\"name\":\"vapebulkp.com\",\"url\":\"https:\/\/vapebulkp.com\/\",\"logo\":{\"@type\":\"ImageObject\",\"inLanguage\":\"es\",\"@id\":\"https:\/\/vapebulkp.com\/#\/schema\/logo\/image\/\",\"url\":\"https:\/\/vapebulkp.com\/wp-content\/uploads\/2023\/09\/cropped-vapebulkp.png\",\"contentUrl\":\"https:\/\/vapebulkp.com\/wp-content\/uploads\/2023\/09\/cropped-vapebulkp.png\",\"width\":516,\"height\":163,\"caption\":\"vapebulkp.com\"},\"image\":{\"@id\":\"https:\/\/vapebulkp.com\/#\/schema\/logo\/image\/\"}}]}<\/script>\n<!-- \/ Yoast SEO plugin. -->","yoast_head_json":{"title":"Wholesale Price Bang LEADER 80000 Puffs Vape Device - vapebulkp.com","description":"Shop Bang LEADER 80000 Puffs 3-in-1 Disposable Vape at Vapebulkp.com. Features 3 flavors, 850mAh rechargeable battery\uff0cWholesale pricing available.","robots":{"index":"index","follow":"follow","max-snippet":"max-snippet:-1","max-image-preview":"max-image-preview:large","max-video-preview":"max-video-preview:-1"},"canonical":"https:\/\/vapebulkp.com\/es\/producto\/wholesale-price-bang-leader-80000-puffs-vape-device\/","og_locale":"es_ES","og_type":"article","og_title":"Wholesale Price Bang LEADER 80000 Puffs Vape Device - vapebulkp.com","og_description":"Shop Bang LEADER 80000 Puffs 3-in-1 Disposable Vape at Vapebulkp.com. Features 3 flavors, 850mAh rechargeable battery\uff0cWholesale pricing available.","og_url":"https:\/\/vapebulkp.com\/es\/producto\/wholesale-price-bang-leader-80000-puffs-vape-device\/","og_site_name":"vapebulkp.com","article_modified_time":"2025-09-24T03:01:41+00:00","og_image":[{"width":800,"height":800,"url":"http:\/\/vapebulkp.com\/wp-content\/uploads\/2025\/05\/Bang-LEADER-80000-Puff-Wholesale-Disposable-Vape.webp","type":"image\/webp"}],"twitter_card":"summary_large_image","twitter_misc":{"Tiempo de lectura":"4 minutos"},"schema":{"@context":"https:\/\/schema.org","@graph":[{"@type":"WebPage","@id":"https:\/\/vapebulkp.com\/product\/wholesale-price-bang-leader-80000-puffs-vape-device\/","url":"https:\/\/vapebulkp.com\/product\/wholesale-price-bang-leader-80000-puffs-vape-device\/","name":"Wholesale Price Bang LEADER 80000 Puffs Vape Device - vapebulkp.com","isPartOf":{"@id":"https:\/\/vapebulkp.com\/#website"},"datePublished":"2025-05-19T02:59:45+00:00","dateModified":"2025-09-24T03:01:41+00:00","description":"Shop Bang LEADER 80000 Puffs 3-in-1 Disposable Vape at Vapebulkp.com. Features 3 flavors, 850mAh rechargeable battery\uff0cWholesale pricing available.","breadcrumb":{"@id":"https:\/\/vapebulkp.com\/product\/wholesale-price-bang-leader-80000-puffs-vape-device\/#breadcrumb"},"inLanguage":"es","potentialAction":[{"@type":"ReadAction","target":["https:\/\/vapebulkp.com\/product\/wholesale-price-bang-leader-80000-puffs-vape-device\/"]}]},{"@type":"BreadcrumbList","@id":"https:\/\/vapebulkp.com\/product\/wholesale-price-bang-leader-80000-puffs-vape-device\/#breadcrumb","itemListElement":[{"@type":"ListItem","position":1,"name":"Home","item":"https:\/\/vapebulkp.com\/"},{"@type":"ListItem","position":2,"name":"Hot Trend Vapes","item":"https:\/\/vapebulkp.com\/vape-shop\/"},{"@type":"ListItem","position":3,"name":"Wholesale Price Bang LEADER 80000 Puffs Vape Device"}]},{"@type":"WebSite","@id":"https:\/\/vapebulkp.com\/#website","url":"https:\/\/vapebulkp.com\/","name":"vapebulkp.com","description":"Buy Vape In Cheap Bulk Price Near you","publisher":{"@id":"https:\/\/vapebulkp.com\/#organization"},"potentialAction":[{"@type":"SearchAction","target":{"@type":"EntryPoint","urlTemplate":"https:\/\/vapebulkp.com\/?s={search_term_string}"},"query-input":"required name=search_term_string"}],"inLanguage":"es"},{"@type":"Organization","@id":"https:\/\/vapebulkp.com\/#organization","name":"vapebulkp.com","url":"https:\/\/vapebulkp.com\/","logo":{"@type":"ImageObject","inLanguage":"es","@id":"https:\/\/vapebulkp.com\/#\/schema\/logo\/image\/","url":"https:\/\/vapebulkp.com\/wp-content\/uploads\/2023\/09\/cropped-vapebulkp.png","contentUrl":"https:\/\/vapebulkp.com\/wp-content\/uploads\/2023\/09\/cropped-vapebulkp.png","width":516,"height":163,"caption":"vapebulkp.com"},"image":{"@id":"https:\/\/vapebulkp.com\/#\/schema\/logo\/image\/"}}]}},"uagb_featured_image_src":{"full":["https:\/\/vapebulkp.com\/wp-content\/uploads\/2025\/05\/Bang-LEADER-80000-Puff-Wholesale-Disposable-Vape.webp",800,800,false],"thumbnail":["https:\/\/vapebulkp.com\/wp-content\/uploads\/2025\/05\/Bang-LEADER-80000-Puff-Wholesale-Disposable-Vape-150x150.webp",150,150,true],"medium":["https:\/\/vapebulkp.com\/wp-content\/uploads\/2025\/05\/Bang-LEADER-80000-Puff-Wholesale-Disposable-Vape-300x300.webp",300,300,true],"medium_large":["https:\/\/vapebulkp.com\/wp-content\/uploads\/2025\/05\/Bang-LEADER-80000-Puff-Wholesale-Disposable-Vape-768x768.webp",768,768,true],"large":["https:\/\/vapebulkp.com\/wp-content\/uploads\/2025\/05\/Bang-LEADER-80000-Puff-Wholesale-Disposable-Vape.webp",800,800,false],"1536x1536":["https:\/\/vapebulkp.com\/wp-content\/uploads\/2025\/05\/Bang-LEADER-80000-Puff-Wholesale-Disposable-Vape.webp",800,800,false],"2048x2048":["https:\/\/vapebulkp.com\/wp-content\/uploads\/2025\/05\/Bang-LEADER-80000-Puff-Wholesale-Disposable-Vape.webp",800,800,false],"trp-custom-language-flag":["https:\/\/vapebulkp.com\/wp-content\/uploads\/2025\/05\/Bang-LEADER-80000-Puff-Wholesale-Disposable-Vape.webp",12,12,false],"woocommerce_thumbnail":["https:\/\/vapebulkp.com\/wp-content\/uploads\/2025\/05\/Bang-LEADER-80000-Puff-Wholesale-Disposable-Vape-300x300.webp",300,300,true],"woocommerce_single":["https:\/\/vapebulkp.com\/wp-content\/uploads\/2025\/05\/Bang-LEADER-80000-Puff-Wholesale-Disposable-Vape-600x600.webp",600,600,true],"woocommerce_gallery_thumbnail":["https:\/\/vapebulkp.com\/wp-content\/uploads\/2025\/05\/Bang-LEADER-80000-Puff-Wholesale-Disposable-Vape-100x100.webp",100,100,true],"wcpr-photo-reviews":["https:\/\/vapebulkp.com\/wp-content\/uploads\/2025\/05\/Bang-LEADER-80000-Puff-Wholesale-Disposable-Vape.webp",500,500,false]},"uagb_author_info":{"display_name":"Mandy vape bulk price","author_link":"https:\/\/vapebulkp.com\/es\/author\/"},"uagb_comment_info":0,"uagb_excerpt":"Bang LEADER 80000 Puffs 3-in-1 Disposable Vape with switchable flavors, mesh coil, LED puff counter &amp; 850mAh rechargeable battery. Ideal for long use, wholesale orders, and EU vape resellers. Pls Contact Mandy's WhatsApp For Discount Price+8618077105796 NOTE: Prices on our website does not include shipping costs &nbsp;","_links":{"self":[{"href":"https:\/\/vapebulkp.com\/es\/wp-json\/wp\/v2\/product\/3768","targetHints":{"allow":["GET"]}}],"collection":[{"href":"https:\/\/vapebulkp.com\/es\/wp-json\/wp\/v2\/product"}],"about":[{"href":"https:\/\/vapebulkp.com\/es\/wp-json\/wp\/v2\/types\/product"}],"replies":[{"embeddable":true,"href":"https:\/\/vapebulkp.com\/es\/wp-json\/wp\/v2\/comments?post=3768"}],"wp:featuredmedia":[{"embeddable":true,"href":"https:\/\/vapebulkp.com\/es\/wp-json\/wp\/v2\/media\/3762"}],"wp:attachment":[{"href":"https:\/\/vapebulkp.com\/es\/wp-json\/wp\/v2\/media?parent=3768"}],"wp:term":[{"taxonomy":"product_cat","embeddable":true,"href":"https:\/\/vapebulkp.com\/es\/wp-json\/wp\/v2\/product_cat?post=3768"},{"taxonomy":"product_tag","embeddable":true,"href":"https:\/\/vapebulkp.com\/es\/wp-json\/wp\/v2\/product_tag?post=3768"}],"curies":[{"name":"wp","href":"https:\/\/api.w.org\/{rel}","templated":true}]}}