{"id":3831,"date":"2025-06-11T05:45:24","date_gmt":"2025-06-11T03:45:24","guid":{"rendered":"https:\/\/vapebulkp.com\/?post_type=product&#038;p=3831"},"modified":"2025-09-24T05:49:52","modified_gmt":"2025-09-24T03:49:52","slug":"fizzy-max-60000-puffs-6-in-1-high-capacity-vaping-device","status":"publish","type":"product","link":"https:\/\/vapebulkp.com\/es\/product\/fizzy-max-60000-puffs-6-in-1-high-capacity-vaping-device\/","title":{"rendered":"Fizzy Max 60000 PUFFS Dispositivo de Vapeo 6 EN 1 de Alta Capacidad"},"content":{"rendered":"<h2 style=\"text-align: left\">Fizzy Max III 60000 CALADAS Dispositivo de Vapeo de Alta Capacidad 6 EN 1<\/h2>\n<p data-start=\"142\" data-end=\"417\">El <strong data-start=\"146\" data-end=\"191\">Fizzy Max III 60000 Caladas Venta de Vape\u00a0<\/strong> est\u00e1 dise\u00f1ado para los entusiastas del vapeo europeos que buscan <strong data-start=\"244\" data-end=\"279\">vapes recargables de alta capacidad<\/strong> rendimiento y sabor premium. Con una bater\u00eda de 850mAh y carga r\u00e1pida Tipo-C, ofrece sesiones de larga duraci\u00f3n con un tiempo de inactividad m\u00ednimo.<\/p>\n<p data-start=\"419\" data-end=\"741\">Su tanque de e-l\u00edquido de 60ml ofrece hasta <a href=\"https:\/\/vapebulkp.com\/es\/product-category\/60000-puffs-disposable-vape\/\"><strong data-start=\"457\" data-end=\"488\">Vaper Desechable de 60000 Caladas<\/strong><\/a>, asegurando un vapor suave y consistente en todo momento. Construido con avanzada <strong data-start=\"559\" data-end=\"588\">bobina de malla de vapeo<\/strong> tecnolog\u00eda, cada calada est\u00e1 llena de rico sabor y densas nubes. Elija entre opciones de 2% y 5% <strong data-start=\"682\" data-end=\"704\">vapeo de sal de nicotina<\/strong> para una experiencia a medida.<\/p>\n<p data-start=\"743\" data-end=\"1029\">Ergon\u00f3micamente dise\u00f1ado y port\u00e1til, este <strong data-start=\"785\" data-end=\"817\">vapes desechables de larga duraci\u00f3n<\/strong> combina conveniencia, estilo y potencia en un solo dispositivo. Ideal para usuarios intensivos, cazadores de sabores o compradores al por mayor, el Fizzy Max III proporciona una soluci\u00f3n de vapeo premium y sin complicaciones para la Venta al por Mayor<\/p>\n<h6>Por favor, contacta con el WhatsApp de Mandy para obtener un precio con descuento<a href=\"https:\/\/wa.me\/8618077105796\">+8618077105796<\/a><\/h6>\n<p><img decoding=\"async\" class=\"alignnone wp-image-2151\" src=\"http:\/\/vapebulkp.com\/wp-content\/uploads\/2024\/04\/Mandy-WhatsApp-Randm.jpg\" alt=\"Mandy WhatsApp Aleatorio\" width=\"324\" height=\"330\" \/><\/p>\n<div class=\"flex max-w-full flex-col flex-grow\">\n<div class=\"min-h-8 text-message flex w-full flex-col items-end gap-2 whitespace-normal break-words text-start [.text-message+&amp;]:mt-5\" dir=\"auto\" data-message-author-role=\"assistant\" data-message-id=\"d24cf626-c018-4805-80f5-44de047f2ba0\" data-message-model-slug=\"gpt-4o\">\n<div class=\"flex w-full flex-col gap-1 empty:hidden first:pt-[3px]\">\n<div class=\"markdown prose w-full break-words dark:prose-invert light\">\n<h2>Por qu\u00e9 comprar vapes grandes Fizzy Max 60000 caladas en <a href=\"https:\/\/vapebulkp.com\/es\/vape-shop\/\">Vapebulkp.com<\/a>?<\/h2>\n<p data-start=\"266\" data-end=\"579\">At <strong data-start=\"247\" data-end=\"264\">Vapebulkp.com<\/strong>, ofrecemos el <strong data-start=\"279\" data-end=\"330\">aut\u00e9ntico Vape Desechable Fizzy Max 60000 CALADAS<\/strong> a precios al por mayor inmejorables. Como distribuidor de vapeo de confianza, garantizamos <strong data-start=\"407\" data-end=\"432\">productos 100% genuinos<\/strong>, env\u00edo r\u00e1pido y excelente servicio al cliente. Cada dispositivo viene con un <strong data-start=\"506\" data-end=\"551\">bater\u00eda recargable de alta capacidad de 850mAh<\/strong>, <strong data-start=\"553\" data-end=\"574\">bobina de malla premium<\/strong>, y un masivo <strong data-start=\"590\" data-end=\"612\">tanque de e-l\u00edquido de 60ml<\/strong>, proporcionando una satisfacci\u00f3n duradera con cada calada. Ya sea que se est\u00e9 abasteciendo para uso personal o al por menor, Vapebulkp.com asegura el mejor valor, descuentos por volumen y los \u00faltimos modelos. Compre con confianza con pago seguro y actualizaciones de inventario en tiempo real.<\/p>\n<\/div>\n<\/div>\n<\/div>\n<\/div>\n<h2>Especificaciones clave del Vape Desechable Fizzy Max III 60k Puffs:<\/h2>\n<p><strong data-start=\"248\" data-end=\"257\">Inhalaciones<\/strong>: 60000 Puffs \u2013 Ultra alta capacidad para una satisfacci\u00f3n de vapeo duradera<br data-start=\"329\" data-end=\"332\" \/><strong data-start=\"332\" data-end=\"342\">Dise\u00f1o<\/strong>: Dise\u00f1o Modular Compacto 6 en 1 \u2013 Innovador y eficiente en espacio<br data-start=\"406\" data-end=\"409\" \/><strong data-start=\"409\" data-end=\"422\">Tipo de Bobina<\/strong>: Bobina de Malla Avanzada \u2013 Ofrece caladas m\u00e1s suaves y una producci\u00f3n de sabor m\u00e1s rica<br data-start=\"496\" data-end=\"499\" \/><strong data-start=\"499\" data-end=\"520\" data-is-only-node=\"\">Capacidad de e-l\u00edquido<\/strong>: 60ml de E-l\u00edquido de Grado Premium \u2013 Sabor consistente y con cuerpo<br data-start=\"587\" data-end=\"590\" \/><strong data-start=\"590\" data-end=\"610\">Capacidad de la bater\u00eda<\/strong>: Bater\u00eda de Alto Rendimiento de 850mAh Incorporada \u2013 Recargable v\u00eda Tipo-C<br data-start=\"678\" data-end=\"681\" \/><strong data-start=\"681\" data-end=\"702\">Concentraci\u00f3n de nicotina<\/strong>: Disponible en 2% y 5% \u2013 Se adapta tanto a vapeadores casuales como experimentados<br data-start=\"769\" data-end=\"772\" \/><strong data-start=\"772\" data-end=\"789\">Puerto de carga<\/strong>: Carga R\u00e1pida Tipo-C \u2013 Entrega de energ\u00eda r\u00e1pida y confiable<br data-start=\"847\" data-end=\"850\" \/><strong data-start=\"850\" data-end=\"861\">Pantalla<\/strong>: Pantalla LED Inteligente \u2013 Monitoreo en tiempo real de los niveles de bater\u00eda y e-l\u00edquido<\/p>\n<h2><strong>Lista de Sabores de Fizzy Max III 60000 PUFFS<\/strong><\/h2>\n<p>1\uff1aSand\u00eda Fresa<br \/>\n2\uff1aHielo de Ar\u00e1ndanos<br \/>\n3\uff1aHielo de Sand\u00eda<br \/>\n4\uff1aFruta del Drag\u00f3n Fresa<br \/>\n5\uff1aFrambuesa Fresa<br \/>\n6\uff1aUva Fresa<br \/>\n7\uff1aFrambuesa Ar\u00e1ndano<br \/>\n8\uff1aFrutos Rojos Mixtos<br \/>\n9\uff1aKiwi Fresa<br \/>\n10\uff1aHielo de Frambuesa Azul<\/p>\n<p><span style=\"vertical-align: inherit\">Encuentra m\u00e1s productos que te puedan gustar:<\/span><em><a href=\"https:\/\/wa.me\/8618077105796\"><span style=\"vertical-align: inherit\">\u00a0C\u00f3mpralo ahora<\/span><\/a><\/em><\/p>\n<p><span style=\"vertical-align: inherit\">Otros vaporizadores que te pueden gustar:<\/span><a href=\"https:\/\/vapebulkp.com\/es\/product\/wholesale-price-bang-kingdoms-rex-32000-puffs-vape-pod\/\"><span style=\"vertical-align: inherit\">Bang Kingdoms 32000 caladas<\/span><\/a><span style=\"vertical-align: inherit\">\u3001<\/span><a href=\"https:\/\/vapebulkp.com\/es\/product\/bang-blaze-60000-puffs-4-in1-disposable-vape-for-wholesale-price\/\"><span style=\"vertical-align: inherit\">Bang Blaze 60000 Caladas<\/span><\/a><span style=\"vertical-align: inherit\">\/ <\/span><a href=\"https:\/\/vapebulkp.com\/es\/product\/waspe-3in1-60000-puffs-disposable-vape-high-capacity\/\"><span style=\"vertical-align: inherit\">WASPE 3 en 1 60000 caladas<\/span><\/a><span style=\"vertical-align: inherit\">\/ <\/span><a href=\"https:\/\/vapebulkp.com\/es\/product\/waspe-vape-40000-puff-fihp-double-flavour-disposable-vape\/\"><span style=\"vertical-align: inherit\">WASPE 40000 caladas<\/span><\/a><\/p>\n<p>&nbsp;<\/p>\n<h2>Preguntas frecuentes sobre el vape con bobina de malla Fizzy Max 60000 PUFFS 6 EN 1<\/h2>\n<p data-start=\"237\" data-end=\"567\"><strong data-start=\"237\" data-end=\"297\">1. \u00bfQu\u00e9 es el dispositivo de vapeo Fizzy Max 60000 Puffs 6 en 1?<\/strong><br data-start=\"297\" data-end=\"300\" \/>El Fizzy Max 60000 Puffs es un dispositivo de alta capacidad <strong data-start=\"345\" data-end=\"371\">dispositivo de vapeo desechable<\/strong> con un dise\u00f1o 6 en 1. Combina un rendimiento potente con comodidad, ofreciendo hasta <strong data-start=\"467\" data-end=\"483\">60,000 caladas<\/strong> a trav\u00e9s de premium <strong data-start=\"500\" data-end=\"524\">bobina de malla<\/strong> y un masivo <strong data-start=\"539\" data-end=\"556\">60 ml de e-l\u00edquido<\/strong> reservorio.<\/p>\n<p data-start=\"569\" data-end=\"795\"><strong data-start=\"569\" data-end=\"623\">2. \u00bfEs recargable el vaporizador Fizzy Max 60000 Puffs?<\/strong><br data-start=\"623\" data-end=\"626\" \/>S\u00ed, el dispositivo es <strong data-start=\"645\" data-end=\"688\">recargable a trav\u00e9s de un puerto de carga Tipo-C<\/strong>. Viene con una <strong data-start=\"707\" data-end=\"734\">bater\u00eda incorporada de 850 mAh<\/strong> que admite una carga r\u00e1pida y eficiente para un uso prolongado.<\/p>\n<p data-start=\"797\" data-end=\"994\"><strong data-start=\"797\" data-end=\"844\">3. \u00bfCu\u00e1ntas opciones de nicotina est\u00e1n disponibles para el vaporizador fizzy de 60000 caladas?<\/strong><br data-start=\"844\" data-end=\"847\" \/>El vaporizador Fizzy Max 60000 est\u00e1 disponible en <strong data-start=\"888\" data-end=\"920\">concentraciones de nicotina de 2% y 5%<\/strong>, lo que permite a los usuarios elegir su nivel preferido de satisfacci\u00f3n de nicotina.<\/p>\n<p data-start=\"996\" data-end=\"1248\"><strong data-start=\"996\" data-end=\"1059\">4. \u00bfQu\u00e9 sabores est\u00e1n disponibles en el vaporizador Fizzy Max 6 en 1?<\/strong><br data-start=\"1059\" data-end=\"1062\" \/>El sistema 6 en 1 normalmente incluye <strong data-start=\"1099\" data-end=\"1132\">seis opciones de sabor precargadas<\/strong> en un dispositivo, que ofrece una variedad de experiencias de sabor. La disponibilidad de sabores puede variar seg\u00fan el inventario y la regi\u00f3n.<\/p>\n<h3>Detalle de env\u00edo:<\/h3>\n<p><span style=\"color: #ff6600\">Tiempo de producci\u00f3n: 5-10 d\u00edas laborables<\/span><br \/>\n<span style=\"color: #ff6600\">Tiempo de env\u00edo: 8-14 d\u00edas laborables<\/span><\/p>\n<p>Todos los productos en nuestra tienda son 100% originales y aut\u00e9nticos, por lo que la compensaci\u00f3n de diez veces por productos falsos es la pol\u00edtica de nuestra tienda. Utilizamos canales log\u00edsticos como UPS\/DHL\/FEDEX\/DPD para entregarle los productos.<\/p>\n<p>Para los paquetes enviados a Espa\u00f1a, generalmente tardan 12 a 15 d\u00edas laborables en llegar. Actualizaremos la informaci\u00f3n de log\u00edstica para usted en tiempo real.<\/p>","protected":false},"excerpt":{"rendered":"<p>Satisfacci\u00f3n duradera con el vape desechable Fizzy Max 60000 Caladas. Ultra alta capacidad, amplia variedad de sabores: sin cargar, sin rellenar, \u00a1solo vapea y disfruta!<\/p>\n<p>Por favor, contacta con el WhatsApp de Mandy para obtener un precio con descuento<a href=\"https:\/\/wa.me\/8618077105796\">+8618077105796<\/a><\/p>\n<p><img decoding=\"async\" class=\"alignnone wp-image-2151\" src=\"http:\/\/vapebulkp.com\/wp-content\/uploads\/2024\/04\/Mandy-WhatsApp-Randm.jpg\" alt=\"Mandy WhatsApp Aleatorio\" width=\"297\" height=\"316\" srcset=\"https:\/\/vapebulkp.com\/wp-content\/uploads\/2024\/04\/Mandy-WhatsApp-Randm.jpg 916w, https:\/\/vapebulkp.com\/wp-content\/uploads\/2024\/04\/Mandy-WhatsApp-Randm-282x300.jpg 282w, https:\/\/vapebulkp.com\/wp-content\/uploads\/2024\/04\/Mandy-WhatsApp-Randm-768x817.jpg 768w, https:\/\/vapebulkp.com\/wp-content\/uploads\/2024\/04\/Mandy-WhatsApp-Randm-600x638.jpg 600w\" sizes=\"(max-width: 297px) 100vw, 297px\" \/><\/p>\n<p><span style=\"color: #ff0000\">NOTA: Los precios en nuestro sitio web no incluyen los gastos de env\u00edo<\/span><\/p>\n<p>&nbsp;<\/p>","protected":false},"featured_media":3830,"comment_status":"open","ping_status":"closed","template":"","meta":{"_uag_custom_page_level_css":"","_lmt_disableupdate":"no","_lmt_disable":"","site-sidebar-layout":"default","site-content-layout":"content-boxed-container","ast-site-content-layout":"normal-width-container","site-content-style":"boxed","site-sidebar-style":"unboxed","ast-global-header-display":"","ast-banner-title-visibility":"","ast-main-header-display":"","ast-hfb-above-header-display":"","ast-hfb-below-header-display":"","ast-hfb-mobile-header-display":"","site-post-title":"","ast-breadcrumbs-content":"","ast-featured-img":"","footer-sml-layout":"","theme-transparent-header-meta":"default","adv-header-id-meta":"","stick-header-meta":"","header-above-stick-meta":"","header-main-stick-meta":"","header-below-stick-meta":"","astra-migrate-meta-layouts":"set","_joinchat":[]},"product_cat":[234,153,155,351,33,59,100,87,34,158,157,154,152,58,84,156,63,32],"product_tag":[254,36,37,41,286],"class_list":["post-3831","product","type-product","status-publish","has-post-thumbnail","hentry","product_cat-60000-puffs-disposable-vape","product_cat-hot-disposable-vapes","product_cat-belgium-hot-disposable-vapes","product_cat-fizzy-vape","product_cat-france-vape-hot-sale","product_cat-germany-hot-disposable-vape","product_cat-germany-wholesale-vape-shop","product_cat-minimum-order-quantity-50pcs","product_cat-netherlands-vape-good-sale","product_cat-norway-hot-disposable-vapes","product_cat-poland-hot-disposable-vapes","product_cat-portugal-hot-disposable-vapes","product_cat-spain-hot-disposable-vapes","product_cat-sweden-hot-disposable-vape","product_cat-sweden-wholesale-vape","product_cat-switzerland-hot-disposable-vapes","product_cat-top-sale-disposable-vape","product_cat-vape-hot-sale-this-week","product_tag-fizzy-max-60000-puffs","product_tag-good-vape","product_tag-hot-sale-disposable-vape","product_tag-poland-hot-vape","product_tag-puffs-stock-in-europe","pa_brand-fizzy-vape","desktop-align-left","tablet-align-left","mobile-align-left"],"yoast_head":"<!-- This site is optimized with the Yoast SEO plugin v21.1 - https:\/\/yoast.com\/wordpress\/plugins\/seo\/ -->\n<title>Fizzy Max 60000 PUFFS 6 IN 1 High Capacity Vaping Device - vapebulkp.com<\/title>\n<meta name=\"description\" content=\"Buy Fizzy Max 60000 Puffs 6 in 1 Disposable Vape at Vapebulkp.com. Premium flavor, LED display, rechargeable battery, and high-capacity design in one device.\" \/>\n<meta name=\"robots\" content=\"index, follow, max-snippet:-1, max-image-preview:large, max-video-preview:-1\" \/>\n<link rel=\"canonical\" href=\"https:\/\/vapebulkp.com\/es\/product\/fizzy-max-60000-puffs-6-in-1-high-capacity-vaping-device\/\" \/>\n<meta property=\"og:locale\" content=\"es_ES\" \/>\n<meta property=\"og:type\" content=\"article\" \/>\n<meta property=\"og:title\" content=\"Fizzy Max 60000 PUFFS 6 IN 1 High Capacity Vaping Device - vapebulkp.com\" \/>\n<meta property=\"og:description\" content=\"Buy Fizzy Max 60000 Puffs 6 in 1 Disposable Vape at Vapebulkp.com. Premium flavor, LED display, rechargeable battery, and high-capacity design in one device.\" \/>\n<meta property=\"og:url\" content=\"https:\/\/vapebulkp.com\/es\/product\/fizzy-max-60000-puffs-6-in-1-high-capacity-vaping-device\/\" \/>\n<meta property=\"og:site_name\" content=\"vapebulkp.com\" \/>\n<meta property=\"article:modified_time\" content=\"2025-09-24T03:49:52+00:00\" \/>\n<meta property=\"og:image\" content=\"http:\/\/vapebulkp.com\/wp-content\/uploads\/2025\/06\/Long-Lasting-Fizzy-Max-III-Vape-60000-Puff-Disposable-Vape-Pen.webp\" \/>\n\t<meta property=\"og:image:width\" content=\"800\" \/>\n\t<meta property=\"og:image:height\" content=\"800\" \/>\n\t<meta property=\"og:image:type\" content=\"image\/webp\" \/>\n<meta name=\"twitter:card\" content=\"summary_large_image\" \/>\n<meta name=\"twitter:label1\" content=\"Tiempo de lectura\" \/>\n\t<meta name=\"twitter:data1\" content=\"4 minutos\" \/>\n<script type=\"application\/ld+json\" class=\"yoast-schema-graph\">{\"@context\":\"https:\/\/schema.org\",\"@graph\":[{\"@type\":\"WebPage\",\"@id\":\"https:\/\/vapebulkp.com\/product\/fizzy-max-60000-puffs-6-in-1-high-capacity-vaping-device\/\",\"url\":\"https:\/\/vapebulkp.com\/product\/fizzy-max-60000-puffs-6-in-1-high-capacity-vaping-device\/\",\"name\":\"Fizzy Max 60000 PUFFS 6 IN 1 High Capacity Vaping Device - vapebulkp.com\",\"isPartOf\":{\"@id\":\"https:\/\/vapebulkp.com\/#website\"},\"datePublished\":\"2025-06-11T03:45:24+00:00\",\"dateModified\":\"2025-09-24T03:49:52+00:00\",\"description\":\"Buy Fizzy Max 60000 Puffs 6 in 1 Disposable Vape at Vapebulkp.com. Premium flavor, LED display, rechargeable battery, and high-capacity design in one device.\",\"breadcrumb\":{\"@id\":\"https:\/\/vapebulkp.com\/product\/fizzy-max-60000-puffs-6-in-1-high-capacity-vaping-device\/#breadcrumb\"},\"inLanguage\":\"es\",\"potentialAction\":[{\"@type\":\"ReadAction\",\"target\":[\"https:\/\/vapebulkp.com\/product\/fizzy-max-60000-puffs-6-in-1-high-capacity-vaping-device\/\"]}]},{\"@type\":\"BreadcrumbList\",\"@id\":\"https:\/\/vapebulkp.com\/product\/fizzy-max-60000-puffs-6-in-1-high-capacity-vaping-device\/#breadcrumb\",\"itemListElement\":[{\"@type\":\"ListItem\",\"position\":1,\"name\":\"Home\",\"item\":\"https:\/\/vapebulkp.com\/\"},{\"@type\":\"ListItem\",\"position\":2,\"name\":\"Hot Trend Vapes\",\"item\":\"https:\/\/vapebulkp.com\/vape-shop\/\"},{\"@type\":\"ListItem\",\"position\":3,\"name\":\"Fizzy Max 60000 PUFFS 6 IN 1 High Capacity Vaping Device\"}]},{\"@type\":\"WebSite\",\"@id\":\"https:\/\/vapebulkp.com\/#website\",\"url\":\"https:\/\/vapebulkp.com\/\",\"name\":\"vapebulkp.com\",\"description\":\"Buy Vape In Cheap Bulk Price Near you\",\"publisher\":{\"@id\":\"https:\/\/vapebulkp.com\/#organization\"},\"potentialAction\":[{\"@type\":\"SearchAction\",\"target\":{\"@type\":\"EntryPoint\",\"urlTemplate\":\"https:\/\/vapebulkp.com\/?s={search_term_string}\"},\"query-input\":\"required name=search_term_string\"}],\"inLanguage\":\"es\"},{\"@type\":\"Organization\",\"@id\":\"https:\/\/vapebulkp.com\/#organization\",\"name\":\"vapebulkp.com\",\"url\":\"https:\/\/vapebulkp.com\/\",\"logo\":{\"@type\":\"ImageObject\",\"inLanguage\":\"es\",\"@id\":\"https:\/\/vapebulkp.com\/#\/schema\/logo\/image\/\",\"url\":\"https:\/\/vapebulkp.com\/wp-content\/uploads\/2023\/09\/cropped-vapebulkp.png\",\"contentUrl\":\"https:\/\/vapebulkp.com\/wp-content\/uploads\/2023\/09\/cropped-vapebulkp.png\",\"width\":516,\"height\":163,\"caption\":\"vapebulkp.com\"},\"image\":{\"@id\":\"https:\/\/vapebulkp.com\/#\/schema\/logo\/image\/\"}}]}<\/script>\n<!-- \/ Yoast SEO plugin. -->","yoast_head_json":{"title":"Fizzy Max 60000 PUFFS 6 IN 1 High Capacity Vaping Device - vapebulkp.com","description":"Buy Fizzy Max 60000 Puffs 6 in 1 Disposable Vape at Vapebulkp.com. Premium flavor, LED display, rechargeable battery, and high-capacity design in one device.","robots":{"index":"index","follow":"follow","max-snippet":"max-snippet:-1","max-image-preview":"max-image-preview:large","max-video-preview":"max-video-preview:-1"},"canonical":"https:\/\/vapebulkp.com\/es\/product\/fizzy-max-60000-puffs-6-in-1-high-capacity-vaping-device\/","og_locale":"es_ES","og_type":"article","og_title":"Fizzy Max 60000 PUFFS 6 IN 1 High Capacity Vaping Device - vapebulkp.com","og_description":"Buy Fizzy Max 60000 Puffs 6 in 1 Disposable Vape at Vapebulkp.com. Premium flavor, LED display, rechargeable battery, and high-capacity design in one device.","og_url":"https:\/\/vapebulkp.com\/es\/product\/fizzy-max-60000-puffs-6-in-1-high-capacity-vaping-device\/","og_site_name":"vapebulkp.com","article_modified_time":"2025-09-24T03:49:52+00:00","og_image":[{"width":800,"height":800,"url":"http:\/\/vapebulkp.com\/wp-content\/uploads\/2025\/06\/Long-Lasting-Fizzy-Max-III-Vape-60000-Puff-Disposable-Vape-Pen.webp","type":"image\/webp"}],"twitter_card":"summary_large_image","twitter_misc":{"Tiempo de lectura":"4 minutos"},"schema":{"@context":"https:\/\/schema.org","@graph":[{"@type":"WebPage","@id":"https:\/\/vapebulkp.com\/product\/fizzy-max-60000-puffs-6-in-1-high-capacity-vaping-device\/","url":"https:\/\/vapebulkp.com\/product\/fizzy-max-60000-puffs-6-in-1-high-capacity-vaping-device\/","name":"Fizzy Max 60000 PUFFS 6 IN 1 High Capacity Vaping Device - vapebulkp.com","isPartOf":{"@id":"https:\/\/vapebulkp.com\/#website"},"datePublished":"2025-06-11T03:45:24+00:00","dateModified":"2025-09-24T03:49:52+00:00","description":"Buy Fizzy Max 60000 Puffs 6 in 1 Disposable Vape at Vapebulkp.com. Premium flavor, LED display, rechargeable battery, and high-capacity design in one device.","breadcrumb":{"@id":"https:\/\/vapebulkp.com\/product\/fizzy-max-60000-puffs-6-in-1-high-capacity-vaping-device\/#breadcrumb"},"inLanguage":"es","potentialAction":[{"@type":"ReadAction","target":["https:\/\/vapebulkp.com\/product\/fizzy-max-60000-puffs-6-in-1-high-capacity-vaping-device\/"]}]},{"@type":"BreadcrumbList","@id":"https:\/\/vapebulkp.com\/product\/fizzy-max-60000-puffs-6-in-1-high-capacity-vaping-device\/#breadcrumb","itemListElement":[{"@type":"ListItem","position":1,"name":"Home","item":"https:\/\/vapebulkp.com\/"},{"@type":"ListItem","position":2,"name":"Hot Trend Vapes","item":"https:\/\/vapebulkp.com\/vape-shop\/"},{"@type":"ListItem","position":3,"name":"Fizzy Max 60000 PUFFS 6 IN 1 High Capacity Vaping Device"}]},{"@type":"WebSite","@id":"https:\/\/vapebulkp.com\/#website","url":"https:\/\/vapebulkp.com\/","name":"vapebulkp.com","description":"Buy Vape In Cheap Bulk Price Near you","publisher":{"@id":"https:\/\/vapebulkp.com\/#organization"},"potentialAction":[{"@type":"SearchAction","target":{"@type":"EntryPoint","urlTemplate":"https:\/\/vapebulkp.com\/?s={search_term_string}"},"query-input":"required name=search_term_string"}],"inLanguage":"es"},{"@type":"Organization","@id":"https:\/\/vapebulkp.com\/#organization","name":"vapebulkp.com","url":"https:\/\/vapebulkp.com\/","logo":{"@type":"ImageObject","inLanguage":"es","@id":"https:\/\/vapebulkp.com\/#\/schema\/logo\/image\/","url":"https:\/\/vapebulkp.com\/wp-content\/uploads\/2023\/09\/cropped-vapebulkp.png","contentUrl":"https:\/\/vapebulkp.com\/wp-content\/uploads\/2023\/09\/cropped-vapebulkp.png","width":516,"height":163,"caption":"vapebulkp.com"},"image":{"@id":"https:\/\/vapebulkp.com\/#\/schema\/logo\/image\/"}}]}},"uagb_featured_image_src":{"full":["https:\/\/vapebulkp.com\/wp-content\/uploads\/2025\/06\/Long-Lasting-Fizzy-Max-III-Vape-60000-Puff-Disposable-Vape-Pen.webp",800,800,false],"thumbnail":["https:\/\/vapebulkp.com\/wp-content\/uploads\/2025\/06\/Long-Lasting-Fizzy-Max-III-Vape-60000-Puff-Disposable-Vape-Pen-150x150.webp",150,150,true],"medium":["https:\/\/vapebulkp.com\/wp-content\/uploads\/2025\/06\/Long-Lasting-Fizzy-Max-III-Vape-60000-Puff-Disposable-Vape-Pen-300x300.webp",300,300,true],"medium_large":["https:\/\/vapebulkp.com\/wp-content\/uploads\/2025\/06\/Long-Lasting-Fizzy-Max-III-Vape-60000-Puff-Disposable-Vape-Pen-768x768.webp",768,768,true],"large":["https:\/\/vapebulkp.com\/wp-content\/uploads\/2025\/06\/Long-Lasting-Fizzy-Max-III-Vape-60000-Puff-Disposable-Vape-Pen.webp",800,800,false],"1536x1536":["https:\/\/vapebulkp.com\/wp-content\/uploads\/2025\/06\/Long-Lasting-Fizzy-Max-III-Vape-60000-Puff-Disposable-Vape-Pen.webp",800,800,false],"2048x2048":["https:\/\/vapebulkp.com\/wp-content\/uploads\/2025\/06\/Long-Lasting-Fizzy-Max-III-Vape-60000-Puff-Disposable-Vape-Pen.webp",800,800,false],"trp-custom-language-flag":["https:\/\/vapebulkp.com\/wp-content\/uploads\/2025\/06\/Long-Lasting-Fizzy-Max-III-Vape-60000-Puff-Disposable-Vape-Pen.webp",12,12,false],"woocommerce_thumbnail":["https:\/\/vapebulkp.com\/wp-content\/uploads\/2025\/06\/Long-Lasting-Fizzy-Max-III-Vape-60000-Puff-Disposable-Vape-Pen-300x300.webp",300,300,true],"woocommerce_single":["https:\/\/vapebulkp.com\/wp-content\/uploads\/2025\/06\/Long-Lasting-Fizzy-Max-III-Vape-60000-Puff-Disposable-Vape-Pen-600x600.webp",600,600,true],"woocommerce_gallery_thumbnail":["https:\/\/vapebulkp.com\/wp-content\/uploads\/2025\/06\/Long-Lasting-Fizzy-Max-III-Vape-60000-Puff-Disposable-Vape-Pen-100x100.webp",100,100,true],"wcpr-photo-reviews":["https:\/\/vapebulkp.com\/wp-content\/uploads\/2025\/06\/Long-Lasting-Fizzy-Max-III-Vape-60000-Puff-Disposable-Vape-Pen.webp",500,500,false]},"uagb_author_info":{"display_name":"Mandy vape bulk price","author_link":"https:\/\/vapebulkp.com\/es\/author\/"},"uagb_comment_info":0,"uagb_excerpt":"Long-lasting satisfaction with the Fizzy Max 60000 Puffs disposable vape. Ultra-high capacity, wide variety of flavors\u2014no charging, no refilling, just puff and enjoy! Pls Contact Mandy's WhatsApp For Discount Price+8618077105796 NOTE: Prices on our website does not include shipping costs &nbsp;","_links":{"self":[{"href":"https:\/\/vapebulkp.com\/es\/wp-json\/wp\/v2\/product\/3831","targetHints":{"allow":["GET"]}}],"collection":[{"href":"https:\/\/vapebulkp.com\/es\/wp-json\/wp\/v2\/product"}],"about":[{"href":"https:\/\/vapebulkp.com\/es\/wp-json\/wp\/v2\/types\/product"}],"replies":[{"embeddable":true,"href":"https:\/\/vapebulkp.com\/es\/wp-json\/wp\/v2\/comments?post=3831"}],"wp:featuredmedia":[{"embeddable":true,"href":"https:\/\/vapebulkp.com\/es\/wp-json\/wp\/v2\/media\/3830"}],"wp:attachment":[{"href":"https:\/\/vapebulkp.com\/es\/wp-json\/wp\/v2\/media?parent=3831"}],"wp:term":[{"taxonomy":"product_cat","embeddable":true,"href":"https:\/\/vapebulkp.com\/es\/wp-json\/wp\/v2\/product_cat?post=3831"},{"taxonomy":"product_tag","embeddable":true,"href":"https:\/\/vapebulkp.com\/es\/wp-json\/wp\/v2\/product_tag?post=3831"}],"curies":[{"name":"wp","href":"https:\/\/api.w.org\/{rel}","templated":true}]}}