{"id":3874,"date":"2025-06-23T11:12:44","date_gmt":"2025-06-23T09:12:44","guid":{"rendered":"https:\/\/vapebulkp.com\/?post_type=product&#038;p=3874"},"modified":"2025-09-24T04:57:44","modified_gmt":"2025-09-24T02:57:44","slug":"wholesale-vape-okso-60000-puffs-dual-flavor-disposable-device","status":"publish","type":"product","link":"https:\/\/vapebulkp.com\/es\/product\/wholesale-vape-okso-60000-puffs-dual-flavor-disposable-device\/","title":{"rendered":"Vape Mayorista OKSO 60000 Puffs Dispositivo Desechable de Doble Sabor"},"content":{"rendered":"<h2>Vape Mayorista OKSO 60000 Puffs Dispositivo Desechable de Doble Sabor<\/h2>\n<p data-start=\"153\" data-end=\"449\">El <strong data-start=\"157\" data-end=\"193\">OKSO 60000 inhalaciones Vape desechable<\/strong> es un <strong data-start=\"199\" data-end=\"232\">vaporizador desechable de alta capacidad<\/strong> construido para vapeadores europeos que buscan un rendimiento duradero y un sabor premium. Con c\u00e1maras dobles de e-l\u00edquido de sal de nicotina de 25 ml, permite cambiar sin esfuerzo entre dos sabores, lo que lo hace ideal para los amantes de la variedad.<\/p>\n<p data-start=\"451\" data-end=\"782\">Este <strong data-start=\"456\" data-end=\"488\">vape desechable recargable<\/strong> cuenta con una bater\u00eda de 650 mAh y tecnolog\u00eda avanzada <strong data-start=\"528\" data-end=\"546\">bobina de malla de vapeo<\/strong> tecnolog\u00eda, que ofrece un flujo de aire suave, vapor denso y un sabor consistente en cada calada. Disponible en concentraciones de nicotina de 2% y 5%, este <strong data-start=\"686\" data-end=\"708\">vapeo de sal de nicotina<\/strong> proporciona un golpe de garganta satisfactorio tanto para usuarios ocasionales como experimentados.<\/p>\n<p data-start=\"784\" data-end=\"1185\">Dise\u00f1ado para ser compacto y port\u00e1til, el <strong data-start=\"825\" data-end=\"861\">OKSO <a href=\"https:\/\/vapebulkp.com\/es\/product-category\/60000-puffs-disposable-vape\/\">Vaper Desechable de 60000 Caladas<\/a><\/strong> es un <strong data-start=\"867\" data-end=\"902\">vape desechable de viaje<\/strong> perfecto para usar sobre la marcha. Con una pantalla LED que muestra los niveles de bater\u00eda y e-l\u00edquido, combina comodidad y usabilidad. El embalaje listo para la venta al por mayor lo convierte en una excelente opci\u00f3n para <strong data-start=\"1085\" data-end=\"1112\">atractivo del vapeo al por mayor en Europa<\/strong> distribuci\u00f3n, asegurando que los minoristas puedan satisfacer la alta demanda con confianza.<\/p>\n<p data-start=\"1187\" data-end=\"1355\">Fiable, vers\u00e1til y construido para un disfrute duradero, el <strong data-start=\"1250\" data-end=\"1286\">Kit de Vape OKSO 60k Puffs<\/strong> establece un nuevo est\u00e1ndar en vapes desechables recargables de doble sabor.<\/p>\n<h6>Por favor, contacta con el WhatsApp de Mandy para obtener un precio con descuento<a href=\"https:\/\/wa.me\/8618077105796\">+8618077105796<\/a><\/h6>\n<p><img decoding=\"async\" class=\"alignnone wp-image-2151\" src=\"http:\/\/vapebulkp.com\/wp-content\/uploads\/2024\/04\/Mandy-WhatsApp-Randm.jpg\" alt=\"Mandy WhatsApp Aleatorio\" width=\"271\" height=\"289\" srcset=\"https:\/\/vapebulkp.com\/wp-content\/uploads\/2024\/04\/Mandy-WhatsApp-Randm.jpg 916w, https:\/\/vapebulkp.com\/wp-content\/uploads\/2024\/04\/Mandy-WhatsApp-Randm-282x300.jpg 282w, https:\/\/vapebulkp.com\/wp-content\/uploads\/2024\/04\/Mandy-WhatsApp-Randm-768x817.jpg 768w, https:\/\/vapebulkp.com\/wp-content\/uploads\/2024\/04\/Mandy-WhatsApp-Randm-600x638.jpg 600w\" sizes=\"(max-width: 271px) 100vw, 271px\" \/><\/p>\n<h2><strong>Por qu\u00e9 comprar OKSO Doble Sabor 60k inhalaciones en <a href=\"https:\/\/vapebulkp.com\/es\/\">Vapebulkp.com<\/a>?<\/strong><\/h2>\n<p>En Vapebulkp.com, ofrecemos el aut\u00e9ntico Vape Desechable OKSO Doble Sabor 60K Puffs con calidad garantizada y precios al por mayor inmejorables. Nuestra plataforma se especializa en vapes premium dise\u00f1ados tanto para minoristas como para vapeadores individuales en Espa\u00f1a y m\u00e1s all\u00e1. Cuando compra con nosotros, se beneficia de env\u00edo r\u00e1pido, excelente atenci\u00f3n al cliente y opciones de pago seguras. Nos aseguramos de que cada dispositivo sea 100% genuino, con tecnolog\u00eda avanzada de resistencia de malla, tanques dobles de e-l\u00edquido de 25 ml y una bater\u00eda recargable para un rendimiento duradero. Elija Vapebulkp.com para sus necesidades de vape OKSO y disfrute de la combinaci\u00f3n perfecta de sabor, conveniencia y valor, todo en una tienda confiable.<\/p>\n<div class=\"faqs-answer\">\n<h3><strong>Preguntas frecuentes sobre el elegante Vape OKSO 60000 Puffs <\/strong><strong>:<\/strong><\/h3>\n<p data-start=\"208\" data-end=\"370\"><strong data-start=\"208\" data-end=\"256\">1. \u00bfCu\u00e1ntas inhalaciones ofrece el OKSO Vape 60000 Puffs?<\/strong><br data-start=\"256\" data-end=\"259\" \/>El OKSO proporciona hasta <strong data-start=\"283\" data-end=\"299\">60,000 caladas<\/strong>, lo que lo convierte en uno de los vapes desechables de mayor capacidad en el mercado.<\/p>\n<p data-start=\"372\" data-end=\"529\"><strong data-start=\"372\" data-end=\"409\">2. \u00bfQu\u00e9 tipo de resistencia utiliza el vape okso box 60k puffs?<\/strong><br data-start=\"409\" data-end=\"412\" \/>Cuenta con <strong data-start=\"424\" data-end=\"448\">bobina de malla<\/strong>, que ofrece un vapor m\u00e1s suave, un calentamiento m\u00e1s r\u00e1pido y un sabor m\u00e1s rico en cada calada.<\/p>\n<p data-start=\"1034\" data-end=\"1191\"><strong data-start=\"1034\" data-end=\"1071\">3. \u00bfEl vape al por mayor okso puffs 60k tiene pantalla?<\/strong><br data-start=\"1071\" data-end=\"1074\" \/>S\u00ed, el OKSO 60K incluye una <strong data-start=\"1104\" data-end=\"1119\">pantalla LED<\/strong> que muestra la duraci\u00f3n de la bater\u00eda y los niveles de e-l\u00edquido, lo que le ayuda a controlar el uso.<\/p>\n<\/div>\n<h4><\/h4>\n<h4><span style=\"vertical-align: inherit\"><strong>Precio al por mayor Vape OKSO Doble Sabor 60000 Puffs S<\/strong>pecificaci\u00f3n:<\/span><strong><br \/>\n<\/strong><\/h4>\n<ul>\n<li data-start=\"105\" data-end=\"220\">\n<p data-start=\"107\" data-end=\"220\"><strong data-start=\"107\" data-end=\"132\">Gran capacidad de caladas<\/strong> \u2013 Disfrute de hasta 60000 caladas para una satisfacci\u00f3n duradera sin reemplazos frecuentes<\/p>\n<\/li>\n<li data-start=\"221\" data-end=\"332\">\n<p data-start=\"223\" data-end=\"332\"><strong data-start=\"223\" data-end=\"256\">Tecnolog\u00eda avanzada de bobina de malla<\/strong> \u2013 Proporciona un vapor m\u00e1s suave, un sabor m\u00e1s rico y un rendimiento m\u00e1s constante<\/p>\n<\/li>\n<li data-start=\"333\" data-end=\"453\">\n<p data-start=\"335\" data-end=\"453\"><strong data-start=\"335\" data-end=\"355\">Pods de doble sabor<\/strong> \u2013 Viene con dos c\u00e1maras de e-l\u00edquido separadas de 25 ml, lo que permite cambiar de sabor sin esfuerzo<\/p>\n<\/li>\n<li data-start=\"454\" data-end=\"574\">\n<p data-start=\"456\" data-end=\"574\"><strong data-start=\"456\" data-end=\"488\">Niveles de Nicotina Personalizables<\/strong> \u2013 Disponible en opciones de nicotina 0%, 2%, 3% y 5% para adaptarse a sus preferencias personales<\/p>\n<\/li>\n<li data-start=\"575\" data-end=\"663\">\n<p data-start=\"577\" data-end=\"663\"><strong data-start=\"577\" data-end=\"608\">Bater\u00eda recargable de 650 mAh<\/strong> \u2013 Potencia fiable para soportar sesiones de vapeo prolongadas<\/p>\n<\/li>\n<li data-start=\"664\" data-end=\"771\">\n<p data-start=\"666\" data-end=\"771\"><strong data-start=\"666\" data-end=\"687\">Pantalla LED inteligente<\/strong> \u2013 Muestra claramente los niveles de bater\u00eda y e-l\u00edquido para una experiencia de vapeo m\u00e1s informada<\/p>\n<\/li>\n<\/ul>\n<h4>Lista de sabores de vape de doble sabor OKSO 60000 Puff:<\/h4>\n<p>1.Blue Razz<br \/>\n2.Strawberry Cherry<br \/>\n3.Watermelon Bubble Gum<br \/>\n4. Pl\u00e1tano y fresa<br \/>\n5. Hielo de sand\u00eda<br \/>\n6. Limonada de frambuesa azul<br \/>\n7. Hielo de energ\u00eda roja<br \/>\n8. Sand\u00eda y fresa<br \/>\n9. Ar\u00e1ndano rojo, cereza y frambuesa azul<br \/>\n10. Hielo de ar\u00e1ndanos<\/p>\n<p><span style=\"vertical-align: inherit\">Encuentra m\u00e1s productos que te puedan gustar:<\/span><em><a href=\"https:\/\/wa.me\/8618077105796\"><span style=\"vertical-align: inherit\">\u00a0C\u00f3mpralo ahora<\/span><\/a><\/em><\/p>\n<p><span style=\"vertical-align: inherit\">Otros vaporizadores que te pueden gustar:<\/span><a href=\"https:\/\/vapebulkp.com\/es\/product\/bang-de-60000-puffs-3in1-rechargeable-mesh-coil-disposable-vape\/\"><span style=\"vertical-align: inherit\">Bang DE 60000 Caladas<\/span><\/a><span style=\"vertical-align: inherit\">\u3001<\/span><a href=\"https:\/\/vapebulkp.com\/es\/product\/vozol-rave-40000-puffs-hot-sale-nicotine-salt-disposable-vaporizer\/\"><span style=\"vertical-align: inherit\">Vozol Rave 40000 Caladas<\/span><\/a><span style=\"vertical-align: inherit\">\/ <\/span><a href=\"https:\/\/vapebulkp.com\/es\/product\/waspe-3in1-60000-puffs-disposable-vape-high-capacity\/\"><span style=\"vertical-align: inherit\">Vape WASPE 60000 inhalaciones<\/span><\/a><span style=\"vertical-align: inherit\">\/ <\/span><a href=\"https:\/\/vapebulkp.com\/es\/product\/fizzy-twins-50000-puffs-high-puff-count-vape-kits-bulk-price\/\"><span style=\"vertical-align: inherit\">Fizzy twins 50000 Caladas<\/span><\/a><\/p>\n<p>&nbsp;<\/p>\n<h4>Detalle de env\u00edo:<\/h4>\n<p><span style=\"color: #ff6600\">Tiempo de producci\u00f3n: 5-10 d\u00edas laborables<\/span><br \/>\n<span style=\"color: #ff6600\">Tiempo de env\u00edo: 8-14 d\u00edas laborables<\/span><\/p>\n<p>Todos los productos en nuestra tienda son 100% originales y aut\u00e9nticos, por lo que la compensaci\u00f3n de diez veces por productos falsos es la pol\u00edtica de nuestra tienda. Utilizamos canales log\u00edsticos como UPS\/DHL\/FEDEX\/DPD para entregarle los productos.<\/p>\n<p>Para los paquetes enviados a Espa\u00f1a, generalmente tardan 12 a 15 d\u00edas laborables en llegar. Actualizaremos la informaci\u00f3n de log\u00edstica para usted en tiempo real.<\/p>","protected":false},"excerpt":{"rendered":"<p>Compre el vape desechable recargable OKSO 60k Puffs con dise\u00f1o de doble sabor, resistencia de malla y 50 ml de e-l\u00edquido. Un vape de nicotina de larga duraci\u00f3n ideal para clientes de la UE que buscan un sabor rico y nubes suaves.<\/p>\n<p>Por favor, contacta con el WhatsApp de Mandy para obtener un precio con descuento<a href=\"https:\/\/wa.me\/8618077105796\">+8618077105796<\/a><\/p>\n<p><img decoding=\"async\" class=\"alignnone wp-image-2151\" src=\"http:\/\/vapebulkp.com\/wp-content\/uploads\/2024\/04\/Mandy-WhatsApp-Randm.jpg\" alt=\"Mandy WhatsApp Aleatorio\" width=\"297\" height=\"316\" srcset=\"https:\/\/vapebulkp.com\/wp-content\/uploads\/2024\/04\/Mandy-WhatsApp-Randm.jpg 916w, https:\/\/vapebulkp.com\/wp-content\/uploads\/2024\/04\/Mandy-WhatsApp-Randm-282x300.jpg 282w, https:\/\/vapebulkp.com\/wp-content\/uploads\/2024\/04\/Mandy-WhatsApp-Randm-768x817.jpg 768w, https:\/\/vapebulkp.com\/wp-content\/uploads\/2024\/04\/Mandy-WhatsApp-Randm-600x638.jpg 600w\" sizes=\"(max-width: 297px) 100vw, 297px\" \/><\/p>\n<p><span style=\"color: #ff0000\">NOTA: Los precios en nuestro sitio web no incluyen los gastos de env\u00edo<\/span><\/p>\n<p>Motivo principal de la compra<br \/>\n1. Excelente calidad y rendimiento inigualable.<\/p>\n<p>2. Precio competitivo y valor r\u00e1pido.<\/p>\n<p>3. M\u00faltiples opciones y entrega oportuna.<\/p>\n<p>4. Una experiencia de compra satisfactoria<\/p>","protected":false},"featured_media":3869,"comment_status":"open","ping_status":"closed","template":"","meta":{"_uag_custom_page_level_css":"","_lmt_disableupdate":"no","_lmt_disable":"","site-sidebar-layout":"default","site-content-layout":"content-boxed-container","ast-site-content-layout":"normal-width-container","site-content-style":"boxed","site-sidebar-style":"unboxed","ast-global-header-display":"","ast-banner-title-visibility":"","ast-main-header-display":"","ast-hfb-above-header-display":"","ast-hfb-below-header-display":"","ast-hfb-mobile-header-display":"","site-post-title":"","ast-breadcrumbs-content":"","ast-featured-img":"","footer-sml-layout":"","theme-transparent-header-meta":"default","adv-header-id-meta":"","stick-header-meta":"","header-above-stick-meta":"","header-main-stick-meta":"","header-below-stick-meta":"","astra-migrate-meta-layouts":"set","_joinchat":[]},"product_cat":[234,153,155,33,59,100,87,34,158,356,157,154,152,58,84,156,63,32],"product_tag":[36,37,259,41,286],"class_list":["post-3874","product","type-product","status-publish","has-post-thumbnail","hentry","product_cat-60000-puffs-disposable-vape","product_cat-hot-disposable-vapes","product_cat-belgium-hot-disposable-vapes","product_cat-france-vape-hot-sale","product_cat-germany-hot-disposable-vape","product_cat-germany-wholesale-vape-shop","product_cat-minimum-order-quantity-50pcs","product_cat-netherlands-vape-good-sale","product_cat-norway-hot-disposable-vapes","product_cat-okso-vape","product_cat-poland-hot-disposable-vapes","product_cat-portugal-hot-disposable-vapes","product_cat-spain-hot-disposable-vapes","product_cat-sweden-hot-disposable-vape","product_cat-sweden-wholesale-vape","product_cat-switzerland-hot-disposable-vapes","product_cat-top-sale-disposable-vape","product_cat-vape-hot-sale-this-week","product_tag-good-vape","product_tag-hot-sale-disposable-vape","product_tag-okso-60000-puffs","product_tag-poland-hot-vape","product_tag-puffs-stock-in-europe","pa_brand-okso-vape","desktop-align-left","tablet-align-left","mobile-align-left"],"yoast_head":"<!-- This site is optimized with the Yoast SEO plugin v21.1 - https:\/\/yoast.com\/wordpress\/plugins\/seo\/ -->\n<title>Wholesale Vape OKSO 60000 Puffs Dual Flavor Disposable Device - vapebulkp.com<\/title>\n<meta name=\"description\" content=\"Get the OKSO 60000 Puffs Disposable Vape with dual flavors, mesh coil vape technology, and long-lasting performance. Available in 2% and 5% nicotine, perfect for European vapers seeking a high-capacity disposable vape.\" \/>\n<meta name=\"robots\" content=\"index, follow, max-snippet:-1, max-image-preview:large, max-video-preview:-1\" \/>\n<link rel=\"canonical\" href=\"https:\/\/vapebulkp.com\/es\/product\/wholesale-vape-okso-60000-puffs-dual-flavor-disposable-device\/\" \/>\n<meta property=\"og:locale\" content=\"es_ES\" \/>\n<meta property=\"og:type\" content=\"article\" \/>\n<meta property=\"og:title\" content=\"Wholesale Vape OKSO 60000 Puffs Dual Flavor Disposable Device - vapebulkp.com\" \/>\n<meta property=\"og:description\" content=\"Get the OKSO 60000 Puffs Disposable Vape with dual flavors, mesh coil vape technology, and long-lasting performance. Available in 2% and 5% nicotine, perfect for European vapers seeking a high-capacity disposable vape.\" \/>\n<meta property=\"og:url\" content=\"https:\/\/vapebulkp.com\/es\/product\/wholesale-vape-okso-60000-puffs-dual-flavor-disposable-device\/\" \/>\n<meta property=\"og:site_name\" content=\"vapebulkp.com\" \/>\n<meta property=\"article:modified_time\" content=\"2025-09-24T02:57:44+00:00\" \/>\n<meta property=\"og:image\" content=\"http:\/\/vapebulkp.com\/wp-content\/uploads\/2025\/06\/OKSO-60K-Puff-Vape-Dual-Flavor-Wholesale-Vape.webp\" \/>\n\t<meta property=\"og:image:width\" content=\"800\" \/>\n\t<meta property=\"og:image:height\" content=\"800\" \/>\n\t<meta property=\"og:image:type\" content=\"image\/webp\" \/>\n<meta name=\"twitter:card\" content=\"summary_large_image\" \/>\n<meta name=\"twitter:label1\" content=\"Tiempo de lectura\" \/>\n\t<meta name=\"twitter:data1\" content=\"4 minutos\" \/>\n<script type=\"application\/ld+json\" class=\"yoast-schema-graph\">{\"@context\":\"https:\/\/schema.org\",\"@graph\":[{\"@type\":\"WebPage\",\"@id\":\"https:\/\/vapebulkp.com\/product\/wholesale-vape-okso-60000-puffs-dual-flavor-disposable-device\/\",\"url\":\"https:\/\/vapebulkp.com\/product\/wholesale-vape-okso-60000-puffs-dual-flavor-disposable-device\/\",\"name\":\"Wholesale Vape OKSO 60000 Puffs Dual Flavor Disposable Device - vapebulkp.com\",\"isPartOf\":{\"@id\":\"https:\/\/vapebulkp.com\/#website\"},\"datePublished\":\"2025-06-23T09:12:44+00:00\",\"dateModified\":\"2025-09-24T02:57:44+00:00\",\"description\":\"Get the OKSO 60000 Puffs Disposable Vape with dual flavors, mesh coil vape technology, and long-lasting performance. Available in 2% and 5% nicotine, perfect for European vapers seeking a high-capacity disposable vape.\",\"breadcrumb\":{\"@id\":\"https:\/\/vapebulkp.com\/product\/wholesale-vape-okso-60000-puffs-dual-flavor-disposable-device\/#breadcrumb\"},\"inLanguage\":\"es\",\"potentialAction\":[{\"@type\":\"ReadAction\",\"target\":[\"https:\/\/vapebulkp.com\/product\/wholesale-vape-okso-60000-puffs-dual-flavor-disposable-device\/\"]}]},{\"@type\":\"BreadcrumbList\",\"@id\":\"https:\/\/vapebulkp.com\/product\/wholesale-vape-okso-60000-puffs-dual-flavor-disposable-device\/#breadcrumb\",\"itemListElement\":[{\"@type\":\"ListItem\",\"position\":1,\"name\":\"Home\",\"item\":\"https:\/\/vapebulkp.com\/\"},{\"@type\":\"ListItem\",\"position\":2,\"name\":\"Hot Trend Vapes\",\"item\":\"https:\/\/vapebulkp.com\/vape-shop\/\"},{\"@type\":\"ListItem\",\"position\":3,\"name\":\"Wholesale Vape OKSO 60000 Puffs Dual Flavor Disposable Device\"}]},{\"@type\":\"WebSite\",\"@id\":\"https:\/\/vapebulkp.com\/#website\",\"url\":\"https:\/\/vapebulkp.com\/\",\"name\":\"vapebulkp.com\",\"description\":\"Buy Vape In Cheap Bulk Price Near you\",\"publisher\":{\"@id\":\"https:\/\/vapebulkp.com\/#organization\"},\"potentialAction\":[{\"@type\":\"SearchAction\",\"target\":{\"@type\":\"EntryPoint\",\"urlTemplate\":\"https:\/\/vapebulkp.com\/?s={search_term_string}\"},\"query-input\":\"required name=search_term_string\"}],\"inLanguage\":\"es\"},{\"@type\":\"Organization\",\"@id\":\"https:\/\/vapebulkp.com\/#organization\",\"name\":\"vapebulkp.com\",\"url\":\"https:\/\/vapebulkp.com\/\",\"logo\":{\"@type\":\"ImageObject\",\"inLanguage\":\"es\",\"@id\":\"https:\/\/vapebulkp.com\/#\/schema\/logo\/image\/\",\"url\":\"https:\/\/vapebulkp.com\/wp-content\/uploads\/2023\/09\/cropped-vapebulkp.png\",\"contentUrl\":\"https:\/\/vapebulkp.com\/wp-content\/uploads\/2023\/09\/cropped-vapebulkp.png\",\"width\":516,\"height\":163,\"caption\":\"vapebulkp.com\"},\"image\":{\"@id\":\"https:\/\/vapebulkp.com\/#\/schema\/logo\/image\/\"}}]}<\/script>\n<!-- \/ Yoast SEO plugin. -->","yoast_head_json":{"title":"Wholesale Vape OKSO 60000 Puffs Dual Flavor Disposable Device - vapebulkp.com","description":"Get the OKSO 60000 Puffs Disposable Vape with dual flavors, mesh coil vape technology, and long-lasting performance. Available in 2% and 5% nicotine, perfect for European vapers seeking a high-capacity disposable vape.","robots":{"index":"index","follow":"follow","max-snippet":"max-snippet:-1","max-image-preview":"max-image-preview:large","max-video-preview":"max-video-preview:-1"},"canonical":"https:\/\/vapebulkp.com\/es\/product\/wholesale-vape-okso-60000-puffs-dual-flavor-disposable-device\/","og_locale":"es_ES","og_type":"article","og_title":"Wholesale Vape OKSO 60000 Puffs Dual Flavor Disposable Device - vapebulkp.com","og_description":"Get the OKSO 60000 Puffs Disposable Vape with dual flavors, mesh coil vape technology, and long-lasting performance. Available in 2% and 5% nicotine, perfect for European vapers seeking a high-capacity disposable vape.","og_url":"https:\/\/vapebulkp.com\/es\/product\/wholesale-vape-okso-60000-puffs-dual-flavor-disposable-device\/","og_site_name":"vapebulkp.com","article_modified_time":"2025-09-24T02:57:44+00:00","og_image":[{"width":800,"height":800,"url":"http:\/\/vapebulkp.com\/wp-content\/uploads\/2025\/06\/OKSO-60K-Puff-Vape-Dual-Flavor-Wholesale-Vape.webp","type":"image\/webp"}],"twitter_card":"summary_large_image","twitter_misc":{"Tiempo de lectura":"4 minutos"},"schema":{"@context":"https:\/\/schema.org","@graph":[{"@type":"WebPage","@id":"https:\/\/vapebulkp.com\/product\/wholesale-vape-okso-60000-puffs-dual-flavor-disposable-device\/","url":"https:\/\/vapebulkp.com\/product\/wholesale-vape-okso-60000-puffs-dual-flavor-disposable-device\/","name":"Wholesale Vape OKSO 60000 Puffs Dual Flavor Disposable Device - vapebulkp.com","isPartOf":{"@id":"https:\/\/vapebulkp.com\/#website"},"datePublished":"2025-06-23T09:12:44+00:00","dateModified":"2025-09-24T02:57:44+00:00","description":"Get the OKSO 60000 Puffs Disposable Vape with dual flavors, mesh coil vape technology, and long-lasting performance. Available in 2% and 5% nicotine, perfect for European vapers seeking a high-capacity disposable vape.","breadcrumb":{"@id":"https:\/\/vapebulkp.com\/product\/wholesale-vape-okso-60000-puffs-dual-flavor-disposable-device\/#breadcrumb"},"inLanguage":"es","potentialAction":[{"@type":"ReadAction","target":["https:\/\/vapebulkp.com\/product\/wholesale-vape-okso-60000-puffs-dual-flavor-disposable-device\/"]}]},{"@type":"BreadcrumbList","@id":"https:\/\/vapebulkp.com\/product\/wholesale-vape-okso-60000-puffs-dual-flavor-disposable-device\/#breadcrumb","itemListElement":[{"@type":"ListItem","position":1,"name":"Home","item":"https:\/\/vapebulkp.com\/"},{"@type":"ListItem","position":2,"name":"Hot Trend Vapes","item":"https:\/\/vapebulkp.com\/vape-shop\/"},{"@type":"ListItem","position":3,"name":"Wholesale Vape OKSO 60000 Puffs Dual Flavor Disposable Device"}]},{"@type":"WebSite","@id":"https:\/\/vapebulkp.com\/#website","url":"https:\/\/vapebulkp.com\/","name":"vapebulkp.com","description":"Buy Vape In Cheap Bulk Price Near you","publisher":{"@id":"https:\/\/vapebulkp.com\/#organization"},"potentialAction":[{"@type":"SearchAction","target":{"@type":"EntryPoint","urlTemplate":"https:\/\/vapebulkp.com\/?s={search_term_string}"},"query-input":"required name=search_term_string"}],"inLanguage":"es"},{"@type":"Organization","@id":"https:\/\/vapebulkp.com\/#organization","name":"vapebulkp.com","url":"https:\/\/vapebulkp.com\/","logo":{"@type":"ImageObject","inLanguage":"es","@id":"https:\/\/vapebulkp.com\/#\/schema\/logo\/image\/","url":"https:\/\/vapebulkp.com\/wp-content\/uploads\/2023\/09\/cropped-vapebulkp.png","contentUrl":"https:\/\/vapebulkp.com\/wp-content\/uploads\/2023\/09\/cropped-vapebulkp.png","width":516,"height":163,"caption":"vapebulkp.com"},"image":{"@id":"https:\/\/vapebulkp.com\/#\/schema\/logo\/image\/"}}]}},"uagb_featured_image_src":{"full":["https:\/\/vapebulkp.com\/wp-content\/uploads\/2025\/06\/OKSO-60K-Puff-Vape-Dual-Flavor-Wholesale-Vape.webp",800,800,false],"thumbnail":["https:\/\/vapebulkp.com\/wp-content\/uploads\/2025\/06\/OKSO-60K-Puff-Vape-Dual-Flavor-Wholesale-Vape-150x150.webp",150,150,true],"medium":["https:\/\/vapebulkp.com\/wp-content\/uploads\/2025\/06\/OKSO-60K-Puff-Vape-Dual-Flavor-Wholesale-Vape-300x300.webp",300,300,true],"medium_large":["https:\/\/vapebulkp.com\/wp-content\/uploads\/2025\/06\/OKSO-60K-Puff-Vape-Dual-Flavor-Wholesale-Vape-768x768.webp",768,768,true],"large":["https:\/\/vapebulkp.com\/wp-content\/uploads\/2025\/06\/OKSO-60K-Puff-Vape-Dual-Flavor-Wholesale-Vape.webp",800,800,false],"1536x1536":["https:\/\/vapebulkp.com\/wp-content\/uploads\/2025\/06\/OKSO-60K-Puff-Vape-Dual-Flavor-Wholesale-Vape.webp",800,800,false],"2048x2048":["https:\/\/vapebulkp.com\/wp-content\/uploads\/2025\/06\/OKSO-60K-Puff-Vape-Dual-Flavor-Wholesale-Vape.webp",800,800,false],"trp-custom-language-flag":["https:\/\/vapebulkp.com\/wp-content\/uploads\/2025\/06\/OKSO-60K-Puff-Vape-Dual-Flavor-Wholesale-Vape.webp",12,12,false],"woocommerce_thumbnail":["https:\/\/vapebulkp.com\/wp-content\/uploads\/2025\/06\/OKSO-60K-Puff-Vape-Dual-Flavor-Wholesale-Vape-300x300.webp",300,300,true],"woocommerce_single":["https:\/\/vapebulkp.com\/wp-content\/uploads\/2025\/06\/OKSO-60K-Puff-Vape-Dual-Flavor-Wholesale-Vape-600x600.webp",600,600,true],"woocommerce_gallery_thumbnail":["https:\/\/vapebulkp.com\/wp-content\/uploads\/2025\/06\/OKSO-60K-Puff-Vape-Dual-Flavor-Wholesale-Vape-100x100.webp",100,100,true],"wcpr-photo-reviews":["https:\/\/vapebulkp.com\/wp-content\/uploads\/2025\/06\/OKSO-60K-Puff-Vape-Dual-Flavor-Wholesale-Vape.webp",500,500,false]},"uagb_author_info":{"display_name":"Mandy vape bulk price","author_link":"https:\/\/vapebulkp.com\/es\/author\/"},"uagb_comment_info":0,"uagb_excerpt":"Shop the OKSO 60k Puffs rechargeable disposable vape with dual flavour design, mesh coil, and 50ml e-liquid. A long-lasting nicotine vape ideal for EU customers seeking rich taste and smooth clouds. Pls Contact Mandy's WhatsApp For Discount Price+8618077105796 NOTE: Prices on our website does not include shipping costs Main reason for purchase 1. Excellent quality&hellip;","_links":{"self":[{"href":"https:\/\/vapebulkp.com\/es\/wp-json\/wp\/v2\/product\/3874","targetHints":{"allow":["GET"]}}],"collection":[{"href":"https:\/\/vapebulkp.com\/es\/wp-json\/wp\/v2\/product"}],"about":[{"href":"https:\/\/vapebulkp.com\/es\/wp-json\/wp\/v2\/types\/product"}],"replies":[{"embeddable":true,"href":"https:\/\/vapebulkp.com\/es\/wp-json\/wp\/v2\/comments?post=3874"}],"wp:featuredmedia":[{"embeddable":true,"href":"https:\/\/vapebulkp.com\/es\/wp-json\/wp\/v2\/media\/3869"}],"wp:attachment":[{"href":"https:\/\/vapebulkp.com\/es\/wp-json\/wp\/v2\/media?parent=3874"}],"wp:term":[{"taxonomy":"product_cat","embeddable":true,"href":"https:\/\/vapebulkp.com\/es\/wp-json\/wp\/v2\/product_cat?post=3874"},{"taxonomy":"product_tag","embeddable":true,"href":"https:\/\/vapebulkp.com\/es\/wp-json\/wp\/v2\/product_tag?post=3874"}],"curies":[{"name":"wp","href":"https:\/\/api.w.org\/{rel}","templated":true}]}}