{"id":1512,"date":"2023-09-20T04:47:12","date_gmt":"2023-09-20T02:47:12","guid":{"rendered":"https:\/\/vapebulkp.com\/?post_type=product&#038;p=1512"},"modified":"2025-09-16T11:25:51","modified_gmt":"2025-09-16T09:25:51","slug":"good-sale-bang-king-12000-puffs-disposable-vape-wholesale-2","status":"publish","type":"product","link":"https:\/\/vapebulkp.com\/et\/product\/good-sale-bang-king-12000-puffs-disposable-vape-wholesale-2\/","title":{"rendered":"Hea m\u00fc\u00fck Bang King 12000 Puffs \u00fchekordselt kasutatav vape hulgim\u00fc\u00fck 2%"},"content":{"rendered":"<h2>Bang King 12000 Puffs \u00fchekordselt kasutatava vape hulgim\u00fc\u00fcgihind<\/h2>\n<p data-start=\"158\" data-end=\"488\">Veip <strong data-start=\"162\" data-end=\"203\">Bang King 12000 Puffs \u00fchekordselt kasutatav vape<\/strong> \u00fchendab suure mahutavusega j\u00f5udluse kaasaskantavusega Euroopa veipimishuvilistele, kes otsivad mugavust ja rikkalikku maitset. 650 mAh laetava aku ja C-t\u00fc\u00fcpi kiirlaadimisega tagab see <strong data-start=\"397\" data-end=\"429\">laetav <a href=\"https:\/\/vapebulkp.com\/et\/product-category\/12000-puffs-disposable-vape\/\">12000 Puffs \u00fchekordselt kasutatav vape<\/a><\/strong> sujuva ja \u00fchtlase t\u00f5mbamise kuni 12 000 pahvi jooksul.<\/p>\n<p data-start=\"490\" data-end=\"781\">Varustatud 0,8\u03a9 <strong data-start=\"511\" data-end=\"529\">v\u00f5rgusilma m\u00e4hisega vape'iga<\/strong> ja 23 ml <strong data-start=\"542\" data-end=\"578\">esmaklassilise e-vedeliku \u00fchekordselt kasutatava vape'iga<\/strong>, annab see tiheda auru ja t\u00e4idlase maitse esimesest pahvist viimaseni. Saadaval 2% ja 5% nikotiinisisaldusega <strong data-start=\"696\" data-end=\"729\">suure mahutavusega \u00fchekordselt kasutatav vape<\/strong> rahuldab nii m\u00f5\u00f5dukaid kui ka tugevamaid eelistusi.<\/p>\n<p data-start=\"783\" data-end=\"1045\">Kompaktne, stiilne ja kasutusvalmis <strong data-start=\"823\" data-end=\"864\">Bang King 12k Puffs Hulgim\u00fc\u00fck Veip<\/strong> sobib ideaalselt reisimiseks, igap\u00e4evaseks kasutamiseks v\u00f5i seltskondlikeks s\u00fcndmusteks. Hulgim\u00fc\u00fcgitellimused on saadaval minimaalse 100 \u00fchiku kogusega, mis teeb sellest ideaalse valiku jaem\u00fc\u00fcjatele kogu Euroopas.<\/p>\n<h6 style=\"text-align: left\"><img decoding=\"async\" class=\"alignnone wp-image-1640\" src=\"http:\/\/vapebulkp.com\/wp-content\/uploads\/2023\/09\/bang-king-12000-puffs-Hot-Sale-1024x1024.jpg\" alt=\"bang king 12000 pahvi Kuum M\u00fc\u00fck\" width=\"408\" height=\"408\" srcset=\"https:\/\/vapebulkp.com\/wp-content\/uploads\/2023\/09\/bang-king-12000-puffs-Hot-Sale-1024x1024.jpg 1024w, https:\/\/vapebulkp.com\/wp-content\/uploads\/2023\/09\/bang-king-12000-puffs-Hot-Sale-300x300.jpg 300w, https:\/\/vapebulkp.com\/wp-content\/uploads\/2023\/09\/bang-king-12000-puffs-Hot-Sale-150x150.jpg 150w, https:\/\/vapebulkp.com\/wp-content\/uploads\/2023\/09\/bang-king-12000-puffs-Hot-Sale-768x768.jpg 768w, https:\/\/vapebulkp.com\/wp-content\/uploads\/2023\/09\/bang-king-12000-puffs-Hot-Sale-600x600.jpg 600w, https:\/\/vapebulkp.com\/wp-content\/uploads\/2023\/09\/bang-king-12000-puffs-Hot-Sale-100x100.jpg 100w, https:\/\/vapebulkp.com\/wp-content\/uploads\/2023\/09\/bang-king-12000-puffs-Hot-Sale.jpg 1280w\" sizes=\"(max-width: 408px) 100vw, 408px\" \/><\/h6>\n<h6><\/h6>\n<p>&nbsp;<\/p>\n<h2><span style=\"vertical-align: inherit\">M\u00f5tlesime, et teile v\u00f5iks huvi pakkuda teave Bang King 12000 Puffs Parima M\u00fc\u00fcgi Veibikarbi kohta:<\/span><\/h2>\n<h6>1.Milline on Bang King 12000 Puffs'i e-vedeliku maht?<\/h6>\n<p>Sellel seadmel on 23ml e-vedelikku.<\/p>\n<h6>2.Kui kaua see veip kestab?<\/h6>\n<p>500 pahvi p\u00e4evas, kestab 24 p\u00e4eva<br \/>\n1000 pahvi p\u00e4evas, kestab 12 p\u00e4eva<br \/>\n2000 pahvi p\u00e4evas, kestab 6 p\u00e4eva<\/p>\n<h6>3.Kuidas laadida Bang King 12000Puffs \u00fchekordset veibi?<\/h6>\n<p>Kiirlaadimislaadijaid ei tohi kasutada. \u00dchekordselt kasutatavate e-sigarettide standardne ohutu v\u00f5imsus on 5V 1A. Iga laadimisaeg ei tohi \u00fcletada 1 tundi ja ohutu laadimisaeg on pool tundi.<\/p>\n<p><span style=\"color: #ff0000\">M\u00e4rkus: ei tohi laadida terve \u00f6\u00f6!<\/span><\/p>\n<h3><strong><span style=\"vertical-align: inherit\">Bang King 12000 Puffs \u00dchekordse Veibi Spetsifikatsioon:<\/span><br \/>\n<\/strong><\/h3>\n<ul data-start=\"161\" data-end=\"731\">\n<li data-start=\"161\" data-end=\"209\">\n<p data-start=\"163\" data-end=\"209\"><strong data-start=\"163\" data-end=\"178\">Pahvide arv:<\/strong> 12 000 pahvi \u00dchekordne Veip<\/p>\n<\/li>\n<li data-start=\"210\" data-end=\"263\">\n<p data-start=\"212\" data-end=\"263\"><strong data-start=\"212\" data-end=\"233\">Aku mahtuvus:<\/strong> 650mAh laetav aku<\/p>\n<\/li>\n<li data-start=\"264\" data-end=\"302\">\n<p data-start=\"266\" data-end=\"302\"><strong data-start=\"266\" data-end=\"279\">Laadimine:<\/strong> Type-C kiirlaadimisega<\/p>\n<\/li>\n<li data-start=\"303\" data-end=\"351\">\n<p data-start=\"305\" data-end=\"351\"><strong data-start=\"305\" data-end=\"327\">E-vedeliku maht:<\/strong> 23ml premium e-vedelikku<\/p>\n<\/li>\n<li data-start=\"352\" data-end=\"390\">\n<p data-start=\"354\" data-end=\"390\"><strong data-start=\"354\" data-end=\"368\">M\u00e4hise t\u00fc\u00fcp:<\/strong> 0.8\u03a9 v\u00f5rgum\u00e4hisega veip<\/p>\n<\/li>\n<li data-start=\"391\" data-end=\"447\">\n<p data-start=\"393\" data-end=\"447\"><strong data-start=\"393\" data-end=\"415\">Nikotiini kangus:<\/strong> 2% \/ 5% nikotiinisoola valikud<\/p>\n<\/li>\n<li data-start=\"448\" data-end=\"516\">\n<p data-start=\"450\" data-end=\"516\"><strong data-start=\"450\" data-end=\"461\">Disain:<\/strong> Stiilne, kompaktne ja kaasaskantav igap\u00e4evaseks kasutamiseks v\u00f5i reisimiseks<\/p>\n<\/li>\n<li data-start=\"517\" data-end=\"598\">\n<p data-start=\"519\" data-end=\"598\"><strong data-start=\"519\" data-end=\"536\">Veipimisstiil:<\/strong> Suure mahutavusega \u00fchekordne veip sujuvate ja \u00fchtlaste t\u00f5mmetega<\/p>\n<\/li>\n<li data-start=\"599\" data-end=\"683\">\n<p data-start=\"601\" data-end=\"683\"><strong data-start=\"601\" data-end=\"618\">Sihtkasutajad:<\/strong> Eesti veipimishuvilised, sobib hulgim\u00fc\u00fcgiks ja jaem\u00fc\u00fcgiks<\/p>\n<\/li>\n<li data-start=\"684\" data-end=\"731\">\n<p data-start=\"686\" data-end=\"731\"><strong data-start=\"686\" data-end=\"719\">Minimaalne tellimiskogus (MOQ):<\/strong> 50 \u00fchikut<\/p>\n<\/li>\n<\/ul>\n<h3><strong><span style=\"vertical-align: inherit\">Bang King 12k Puffs e-sigarettide maitsevalikud hulgim\u00fc\u00fcgiks:<\/span><\/strong><\/h3>\n<p>1.Ananassi-kookose j\u00e4\u00e4<\/p>\n<p>2.Arbuusi n\u00e4rimiskumm<\/p>\n<p>3.Kolmekordne marjaj\u00e4\u00e4<\/p>\n<p>4.Virsiku j\u00e4\u00e4<\/p>\n<p>5.Granaat\u00f5un<\/p>\n<p>6.Sinise vaarika j\u00e4\u00e4<\/p>\n<p>7.Maasika-arbuus<\/p>\n<p>8.Meloni-m\u00fcnt<\/p>\n<p>9.Vikerkaare sorbett<\/p>\n<p>10.Maasika-mango<\/p>\n<p>11.Kuninglik viinamari<\/p>\n<p>12.Kirglik suudlus<\/p>\n<p>13.Topelt \u00f5un<\/p>\n<p>14.Virsiku-mango<\/p>\n<p>15.Maasika-kiivi<\/p>\n<p>16.Arbuusi j\u00e4\u00e4<\/p>\n<p>17.Meloni-sinine<\/p>\n<p>18. Armastus 66<\/p>\n<p>19. Seks rannal<\/p>\n<p>20. Virsiku marja<\/p>\n<p><a href=\"https:\/\/vapebulkp.com\/et\/product\/popular-randm-tornado-7000puffs-disposable-vape-best-price\/\"><span style=\"vertical-align: inherit\">Populaarne E-sigaret RandM Tornado 7000 T\u00f5mmet <\/span><\/a><\/p>\n<p><span style=\"vertical-align: inherit\">Leia rohkem tooteid, mis sulle meeldida v\u00f5iksid:<\/span><em><a href=\"https:\/\/wa.me\/8618077105796\"><span style=\"vertical-align: inherit\">\u00a0Osta kohe<\/span><\/a><\/em><\/p>\n<p><span style=\"vertical-align: inherit\">Teised e-sigaretid, mis sulle meeldida v\u00f5ivad:<\/span><a href=\"https:\/\/vapebulkp.com\/et\/product\/popular-bang-king-10000-puffs-vape-good-price\/\"><span style=\"vertical-align: inherit\">Bang King 10000 T\u00f5mmet<\/span><\/a><span style=\"vertical-align: inherit\">\u3001<\/span><a href=\"https:\/\/vapebulkp.com\/et\/product\/bulk-buy-kulx-8800-puffs-disposable-vape-wholesale-germany\/\"><span style=\"vertical-align: inherit\">Kulx 8800 T\u00f5mmet<\/span><\/a><span style=\"vertical-align: inherit\">\/ <\/span><a href=\"https:\/\/vapebulkp.com\/et\/product\/bang-box-12000puffs-good-vape-sweden-wholesale-price\/\"><span style=\"vertical-align: inherit\">Bang Box 12000 T\u00f5mmet<\/span><\/a><span style=\"vertical-align: inherit\">\/ <\/span><a href=\"https:\/\/vapebulkp.com\/et\/product\/popular-randm-tornado-7000puffs-disposable-vape-best-price\/\"><span style=\"vertical-align: inherit\">RandM Tornado 7000 T\u00f5mmet<\/span><\/a><\/p>\n<p><span style=\"vertical-align: inherit\">Erilise kujuga e-sigareti pudel:<\/span><a href=\"https:\/\/vapebulkp.com\/et\/product\/bang-tornado-12000-puffs-rechargeable-disposable-pod\/\"><span style=\"vertical-align: inherit\">Bang Tornado 12K T\u00f5mmet <\/span><\/a><span style=\"vertical-align: inherit\">\/ <\/span><a href=\"https:\/\/vapebulkp.com\/et\/product\/good-randm-tornado-7000-puffs-disposable-vape-kit-1000mah\/\"><span style=\"vertical-align: inherit\">Randm tornado 7000 T\u00f5mmet <\/span><\/a><span style=\"vertical-align: inherit\">\/<\/span><a href=\"https:\/\/vapebulkp.com\/et\/product\/popular-kulx-10000puffs-disposable-vape-good-price\/\"><span style=\"vertical-align: inherit\">Kulx 10000 T\u00f5mmet<\/span><\/a><\/p>\n<h4>Asjad, mida v\u00f5iksite teada e-sigarettide kohta:<\/h4>\n<p>K: Miks e-sigaretid lekivad \u00f5li?<br \/>\nV: E-sigareti \u00f5lileke v\u00f5ib olla p\u00f5hjustatud valesti paigaldatud atomiseerimis s\u00fcdamikust v\u00f5i t\u00e4itmise k\u00e4igus kahjustatud tihendr\u00f5ngast. Veenduge, et te ei suru \u00f5li t\u00e4itmisel liiga tugevalt ja kontrollige, kas tihendr\u00f5ngas on terve, mis aitab lekkeid t\u00f5husalt v\u00e4hendada.<\/p>\n<p>K: Miks e-sigaretil on k\u00f5rbenud l\u00f5hn?<br \/>\nV: K\u00f5rbenud l\u00f5hn on tavaliselt p\u00f5hjustatud atomiseerimis s\u00fcdamiku kuivp\u00f5lemisest v\u00f5i ebapiisavast \u00f5likogusest. Soovitatav on atomiseerimis s\u00fcdamikku regulaarselt vahetada ja veenduda, et \u00f5li on piisavalt, et v\u00e4ltida kuivp\u00f5lemist.<\/p>\n<p>K: Miks e-sigareti t\u00f5mbej\u00f5ud muutub n\u00f5rgemaks?<br \/>\nV: N\u00f5rk t\u00f5mbej\u00f5ud v\u00f5ib olla tingitud ebapiisavast aku laetusest, atomiseerimis s\u00fcdamiku vananemisest v\u00f5i selle ummistumisest. Proovige akut laadida v\u00f5i asendage atomiseerimis s\u00fcdamik uuega, et lahendada n\u00f5rga t\u00f5mbej\u00f5u probleem.<\/p>\n<p>K: Kuidas e-sigareti seadmeid puhastada?<br \/>\nV: E-sigareti seadme regulaarne puhastamine aitab s\u00e4ilitada selle j\u00f5udlust ja maitset. Kasutage seadme pinna \u00f5rnalt p\u00fchkimiseks pehmet lappi ja puhastage \u00fchendusi v\u00f5i sisepindu vatitikkudega, kuid olge ettevaatlik, et v\u00e4ltida kahjustusi.<\/p>\n<p>K: Kas e-sigaretid on tervisele kahjulikud?<br \/>\nV: Kuigi e-sigaretid v\u00f5ivad sisaldada v\u00e4hem kahjulikke aineid kui traditsioonilised sigaretid, ei t\u00e4henda see, et need oleksid t\u00e4iesti kahjutud. E-sigarettide pikaajaline kasutamine v\u00f5ib siiski avaldada teatud m\u00f5ju tervisele. Parim on kasutamist piirata ja k\u00fcsida n\u00f5u meditsiinit\u00f6\u00f6tajalt.<\/p>\n<h4>Saatmisinfo:<\/h4>\n<p>Tootmisaeg: 3-5 t\u00f6\u00f6p\u00e4eva<br \/>\nSaatmisaeg: 8-14 t\u00f6\u00f6p\u00e4eva<\/p>\n<p>K\u00f5ik meie poe tooted on 100% originaalsed ja autentsed, seega on v\u00f5ltsitud kaupade eest k\u00fcmnekordne h\u00fcvitis meie poe poliitika. Kasutame kaupade teile tarnimiseks logistikakanaleid nagu UPS\/DHL\/FEDEX\/DPD.<\/p>","protected":false},"excerpt":{"rendered":"<p>Bang King 12000Puffs \u00fchekordselt kasutatava e-sigareti ergonoomiline disain sobib ideaalselt teie k\u00e4tte ja on piisavalt kompaktne, et libiseda taskusse v\u00f5i rahakotti. Olenemata sellest, kas olete h\u00f5ivatud t\u00f6\u00f6p\u00e4eval v\u00f5i reisite, see \u00fchekordselt kasutatav e-sigaret tagab, et saate oma lemmikmaitseid nautida k\u00f5ikjal.<\/p>\n<p><img decoding=\"async\" class=\"alignnone wp-image-2151\" src=\"http:\/\/vapebulkp.com\/wp-content\/uploads\/2024\/04\/Mandy-WhatsApp-Randm.jpg\" alt=\"Mandy WhatsAppi tutvustus\" width=\"377\" height=\"401\" srcset=\"https:\/\/vapebulkp.com\/wp-content\/uploads\/2024\/04\/Mandy-WhatsApp-Randm.jpg 916w, https:\/\/vapebulkp.com\/wp-content\/uploads\/2024\/04\/Mandy-WhatsApp-Randm-282x300.jpg 282w, https:\/\/vapebulkp.com\/wp-content\/uploads\/2024\/04\/Mandy-WhatsApp-Randm-768x817.jpg 768w, https:\/\/vapebulkp.com\/wp-content\/uploads\/2024\/04\/Mandy-WhatsApp-Randm-600x638.jpg 600w\" sizes=\"(max-width: 377px) 100vw, 377px\" \/><\/p>\n<p>Soodushinna saamiseks v\u00f5tke \u00fchendust Mandy WhatsAppiga<a href=\"https:\/\/wa.me\/8618077105796\">+8618077105796<\/a><\/p>\n<p><span style=\"color: #ff0000\">M\u00c4RKUS: Meie veebisaidi hinnad ei sisalda saatmiskulusid<\/span><\/p>","protected":false},"featured_media":1635,"comment_status":"open","ping_status":"closed","template":"","meta":{"_uag_custom_page_level_css":"","_lmt_disableupdate":"no","_lmt_disable":"","site-sidebar-layout":"default","site-content-layout":"content-boxed-container","ast-site-content-layout":"normal-width-container","site-content-style":"boxed","site-sidebar-style":"unboxed","ast-global-header-display":"","ast-banner-title-visibility":"","ast-main-header-display":"","ast-hfb-above-header-display":"","ast-hfb-below-header-display":"","ast-hfb-mobile-header-display":"","site-post-title":"","ast-breadcrumbs-content":"","ast-featured-img":"","footer-sml-layout":"","theme-transparent-header-meta":"default","adv-header-id-meta":"","stick-header-meta":"","header-above-stick-meta":"","header-main-stick-meta":"","header-below-stick-meta":"","astra-migrate-meta-layouts":"set","_joinchat":[]},"product_cat":[166,153,344,155,33,59,100,87,34,158,157,154,152,58,84,156,63,32],"product_tag":[45,36,37,41,71,40],"class_list":["post-1512","product","type-product","status-publish","has-post-thumbnail","hentry","product_cat-12000-puffs-disposable-vape","product_cat-hot-disposable-vapes","product_cat-bang-king-vape","product_cat-belgium-hot-disposable-vapes","product_cat-france-vape-hot-sale","product_cat-germany-hot-disposable-vape","product_cat-germany-wholesale-vape-shop","product_cat-minimum-order-quantity-50pcs","product_cat-netherlands-vape-good-sale","product_cat-norway-hot-disposable-vapes","product_cat-poland-hot-disposable-vapes","product_cat-portugal-hot-disposable-vapes","product_cat-spain-hot-disposable-vapes","product_cat-sweden-hot-disposable-vape","product_cat-sweden-wholesale-vape","product_cat-switzerland-hot-disposable-vapes","product_cat-top-sale-disposable-vape","product_cat-vape-hot-sale-this-week","product_tag-12000puffs-good-vape","product_tag-good-vape","product_tag-hot-sale-disposable-vape","product_tag-poland-hot-vape","product_tag-randm","product_tag-sweden-hot-vape","desktop-align-left","tablet-align-left","mobile-align-left"],"yoast_head":"<!-- This site is optimized with the Yoast SEO plugin v21.1 - https:\/\/yoast.com\/wordpress\/plugins\/seo\/ -->\n<title>Good Sale Bang King 12000 Puffs Disposable Vape Wholesale 2% - vapebulkp.com<\/title>\n<meta name=\"description\" content=\"The Bang King 12000Puffs Disposable Vape ergonomic design fits perfectly in your hand and is compact enough to slip into your pocket or purse.\" \/>\n<meta name=\"robots\" content=\"index, follow, max-snippet:-1, max-image-preview:large, max-video-preview:-1\" \/>\n<link rel=\"canonical\" href=\"https:\/\/vapebulkp.com\/et\/product\/good-sale-bang-king-12000-puffs-disposable-vape-wholesale-2\/\" \/>\n<meta property=\"og:locale\" content=\"et_EE\" \/>\n<meta property=\"og:type\" content=\"article\" \/>\n<meta property=\"og:title\" content=\"Good Sale Bang King 12000 Puffs Disposable Vape Wholesale 2% - vapebulkp.com\" \/>\n<meta property=\"og:description\" content=\"The Bang King 12000Puffs Disposable Vape ergonomic design fits perfectly in your hand and is compact enough to slip into your pocket or purse.\" \/>\n<meta property=\"og:url\" content=\"https:\/\/vapebulkp.com\/et\/product\/good-sale-bang-king-12000-puffs-disposable-vape-wholesale-2\/\" \/>\n<meta property=\"og:site_name\" content=\"vapebulkp.com\" \/>\n<meta property=\"article:modified_time\" content=\"2025-09-16T09:25:51+00:00\" \/>\n<meta property=\"og:image\" content=\"http:\/\/vapebulkp.com\/wp-content\/uploads\/2023\/09\/bang-king-12000-puffs-best-flavours.jpg\" \/>\n\t<meta property=\"og:image:width\" content=\"1280\" \/>\n\t<meta property=\"og:image:height\" content=\"1280\" \/>\n\t<meta property=\"og:image:type\" content=\"image\/jpeg\" \/>\n<meta name=\"twitter:card\" content=\"summary_large_image\" \/>\n<meta name=\"twitter:label1\" content=\"Est. reading time\" \/>\n\t<meta name=\"twitter:data1\" content=\"4 minutit\" \/>\n<script type=\"application\/ld+json\" class=\"yoast-schema-graph\">{\"@context\":\"https:\/\/schema.org\",\"@graph\":[{\"@type\":\"WebPage\",\"@id\":\"https:\/\/vapebulkp.com\/product\/good-sale-bang-king-12000-puffs-disposable-vape-wholesale-2\/\",\"url\":\"https:\/\/vapebulkp.com\/product\/good-sale-bang-king-12000-puffs-disposable-vape-wholesale-2\/\",\"name\":\"Good Sale Bang King 12000 Puffs Disposable Vape Wholesale 2% - vapebulkp.com\",\"isPartOf\":{\"@id\":\"https:\/\/vapebulkp.com\/#website\"},\"datePublished\":\"2023-09-20T02:47:12+00:00\",\"dateModified\":\"2025-09-16T09:25:51+00:00\",\"description\":\"The Bang King 12000Puffs Disposable Vape ergonomic design fits perfectly in your hand and is compact enough to slip into your pocket or purse.\",\"breadcrumb\":{\"@id\":\"https:\/\/vapebulkp.com\/product\/good-sale-bang-king-12000-puffs-disposable-vape-wholesale-2\/#breadcrumb\"},\"inLanguage\":\"et\",\"potentialAction\":[{\"@type\":\"ReadAction\",\"target\":[\"https:\/\/vapebulkp.com\/product\/good-sale-bang-king-12000-puffs-disposable-vape-wholesale-2\/\"]}]},{\"@type\":\"BreadcrumbList\",\"@id\":\"https:\/\/vapebulkp.com\/product\/good-sale-bang-king-12000-puffs-disposable-vape-wholesale-2\/#breadcrumb\",\"itemListElement\":[{\"@type\":\"ListItem\",\"position\":1,\"name\":\"Home\",\"item\":\"https:\/\/vapebulkp.com\/\"},{\"@type\":\"ListItem\",\"position\":2,\"name\":\"Hot Trend Vapes\",\"item\":\"https:\/\/vapebulkp.com\/vape-shop\/\"},{\"@type\":\"ListItem\",\"position\":3,\"name\":\"Good Sale Bang King 12000 Puffs Disposable Vape Wholesale 2%\"}]},{\"@type\":\"WebSite\",\"@id\":\"https:\/\/vapebulkp.com\/#website\",\"url\":\"https:\/\/vapebulkp.com\/\",\"name\":\"vapebulkp.com\",\"description\":\"Buy Vape In Cheap Bulk Price Near you\",\"publisher\":{\"@id\":\"https:\/\/vapebulkp.com\/#organization\"},\"potentialAction\":[{\"@type\":\"SearchAction\",\"target\":{\"@type\":\"EntryPoint\",\"urlTemplate\":\"https:\/\/vapebulkp.com\/?s={search_term_string}\"},\"query-input\":\"required name=search_term_string\"}],\"inLanguage\":\"et\"},{\"@type\":\"Organization\",\"@id\":\"https:\/\/vapebulkp.com\/#organization\",\"name\":\"vapebulkp.com\",\"url\":\"https:\/\/vapebulkp.com\/\",\"logo\":{\"@type\":\"ImageObject\",\"inLanguage\":\"et\",\"@id\":\"https:\/\/vapebulkp.com\/#\/schema\/logo\/image\/\",\"url\":\"https:\/\/vapebulkp.com\/wp-content\/uploads\/2023\/09\/cropped-vapebulkp.png\",\"contentUrl\":\"https:\/\/vapebulkp.com\/wp-content\/uploads\/2023\/09\/cropped-vapebulkp.png\",\"width\":516,\"height\":163,\"caption\":\"vapebulkp.com\"},\"image\":{\"@id\":\"https:\/\/vapebulkp.com\/#\/schema\/logo\/image\/\"}}]}<\/script>\n<!-- \/ Yoast SEO plugin. -->","yoast_head_json":{"title":"Good Sale Bang King 12000 Puffs Disposable Vape Wholesale 2% - vapebulkp.com","description":"The Bang King 12000Puffs Disposable Vape ergonomic design fits perfectly in your hand and is compact enough to slip into your pocket or purse.","robots":{"index":"index","follow":"follow","max-snippet":"max-snippet:-1","max-image-preview":"max-image-preview:large","max-video-preview":"max-video-preview:-1"},"canonical":"https:\/\/vapebulkp.com\/et\/product\/good-sale-bang-king-12000-puffs-disposable-vape-wholesale-2\/","og_locale":"et_EE","og_type":"article","og_title":"Good Sale Bang King 12000 Puffs Disposable Vape Wholesale 2% - vapebulkp.com","og_description":"The Bang King 12000Puffs Disposable Vape ergonomic design fits perfectly in your hand and is compact enough to slip into your pocket or purse.","og_url":"https:\/\/vapebulkp.com\/et\/product\/good-sale-bang-king-12000-puffs-disposable-vape-wholesale-2\/","og_site_name":"vapebulkp.com","article_modified_time":"2025-09-16T09:25:51+00:00","og_image":[{"width":1280,"height":1280,"url":"http:\/\/vapebulkp.com\/wp-content\/uploads\/2023\/09\/bang-king-12000-puffs-best-flavours.jpg","type":"image\/jpeg"}],"twitter_card":"summary_large_image","twitter_misc":{"Est. reading time":"4 minutit"},"schema":{"@context":"https:\/\/schema.org","@graph":[{"@type":"WebPage","@id":"https:\/\/vapebulkp.com\/product\/good-sale-bang-king-12000-puffs-disposable-vape-wholesale-2\/","url":"https:\/\/vapebulkp.com\/product\/good-sale-bang-king-12000-puffs-disposable-vape-wholesale-2\/","name":"Good Sale Bang King 12000 Puffs Disposable Vape Wholesale 2% - vapebulkp.com","isPartOf":{"@id":"https:\/\/vapebulkp.com\/#website"},"datePublished":"2023-09-20T02:47:12+00:00","dateModified":"2025-09-16T09:25:51+00:00","description":"The Bang King 12000Puffs Disposable Vape ergonomic design fits perfectly in your hand and is compact enough to slip into your pocket or purse.","breadcrumb":{"@id":"https:\/\/vapebulkp.com\/product\/good-sale-bang-king-12000-puffs-disposable-vape-wholesale-2\/#breadcrumb"},"inLanguage":"et","potentialAction":[{"@type":"ReadAction","target":["https:\/\/vapebulkp.com\/product\/good-sale-bang-king-12000-puffs-disposable-vape-wholesale-2\/"]}]},{"@type":"BreadcrumbList","@id":"https:\/\/vapebulkp.com\/product\/good-sale-bang-king-12000-puffs-disposable-vape-wholesale-2\/#breadcrumb","itemListElement":[{"@type":"ListItem","position":1,"name":"Home","item":"https:\/\/vapebulkp.com\/"},{"@type":"ListItem","position":2,"name":"Hot Trend Vapes","item":"https:\/\/vapebulkp.com\/vape-shop\/"},{"@type":"ListItem","position":3,"name":"Good Sale Bang King 12000 Puffs Disposable Vape Wholesale 2%"}]},{"@type":"WebSite","@id":"https:\/\/vapebulkp.com\/#website","url":"https:\/\/vapebulkp.com\/","name":"vapebulkp.com","description":"Buy Vape In Cheap Bulk Price Near you","publisher":{"@id":"https:\/\/vapebulkp.com\/#organization"},"potentialAction":[{"@type":"SearchAction","target":{"@type":"EntryPoint","urlTemplate":"https:\/\/vapebulkp.com\/?s={search_term_string}"},"query-input":"required name=search_term_string"}],"inLanguage":"et"},{"@type":"Organization","@id":"https:\/\/vapebulkp.com\/#organization","name":"vapebulkp.com","url":"https:\/\/vapebulkp.com\/","logo":{"@type":"ImageObject","inLanguage":"et","@id":"https:\/\/vapebulkp.com\/#\/schema\/logo\/image\/","url":"https:\/\/vapebulkp.com\/wp-content\/uploads\/2023\/09\/cropped-vapebulkp.png","contentUrl":"https:\/\/vapebulkp.com\/wp-content\/uploads\/2023\/09\/cropped-vapebulkp.png","width":516,"height":163,"caption":"vapebulkp.com"},"image":{"@id":"https:\/\/vapebulkp.com\/#\/schema\/logo\/image\/"}}]}},"uagb_featured_image_src":{"full":["https:\/\/vapebulkp.com\/wp-content\/uploads\/2023\/09\/bang-king-12000-puffs-best-flavours.jpg",1280,1280,false],"thumbnail":["https:\/\/vapebulkp.com\/wp-content\/uploads\/2023\/09\/bang-king-12000-puffs-best-flavours-150x150.jpg",150,150,true],"medium":["https:\/\/vapebulkp.com\/wp-content\/uploads\/2023\/09\/bang-king-12000-puffs-best-flavours-300x300.jpg",300,300,true],"medium_large":["https:\/\/vapebulkp.com\/wp-content\/uploads\/2023\/09\/bang-king-12000-puffs-best-flavours-768x768.jpg",768,768,true],"large":["https:\/\/vapebulkp.com\/wp-content\/uploads\/2023\/09\/bang-king-12000-puffs-best-flavours-1024x1024.jpg",1024,1024,true],"1536x1536":["https:\/\/vapebulkp.com\/wp-content\/uploads\/2023\/09\/bang-king-12000-puffs-best-flavours.jpg",1280,1280,false],"2048x2048":["https:\/\/vapebulkp.com\/wp-content\/uploads\/2023\/09\/bang-king-12000-puffs-best-flavours.jpg",1280,1280,false],"trp-custom-language-flag":["https:\/\/vapebulkp.com\/wp-content\/uploads\/2023\/09\/bang-king-12000-puffs-best-flavours.jpg",12,12,false],"woocommerce_thumbnail":["https:\/\/vapebulkp.com\/wp-content\/uploads\/2023\/09\/bang-king-12000-puffs-best-flavours-300x300.jpg",300,300,true],"woocommerce_single":["https:\/\/vapebulkp.com\/wp-content\/uploads\/2023\/09\/bang-king-12000-puffs-best-flavours-600x600.jpg",600,600,true],"woocommerce_gallery_thumbnail":["https:\/\/vapebulkp.com\/wp-content\/uploads\/2023\/09\/bang-king-12000-puffs-best-flavours-100x100.jpg",100,100,true],"wcpr-photo-reviews":["https:\/\/vapebulkp.com\/wp-content\/uploads\/2023\/09\/bang-king-12000-puffs-best-flavours.jpg",500,500,false]},"uagb_author_info":{"display_name":"Mandy vape bulk price","author_link":"https:\/\/vapebulkp.com\/et\/author\/"},"uagb_comment_info":3,"uagb_excerpt":"The Bang King 12000Puffs Disposable E-Cigarette's ergonomic design fits perfectly in your hand and is compact enough to slip into your pocket or purse. Whether you're on a busy day at work or traveling, this disposable e-cigarette ensures you can enjoy your favorite flavors wherever you are. Pls Contact Mandy's WhatsApp For Discount Price+8618077105796 NOTE:&hellip;","_links":{"self":[{"href":"https:\/\/vapebulkp.com\/et\/wp-json\/wp\/v2\/product\/1512","targetHints":{"allow":["GET"]}}],"collection":[{"href":"https:\/\/vapebulkp.com\/et\/wp-json\/wp\/v2\/product"}],"about":[{"href":"https:\/\/vapebulkp.com\/et\/wp-json\/wp\/v2\/types\/product"}],"replies":[{"embeddable":true,"href":"https:\/\/vapebulkp.com\/et\/wp-json\/wp\/v2\/comments?post=1512"}],"wp:featuredmedia":[{"embeddable":true,"href":"https:\/\/vapebulkp.com\/et\/wp-json\/wp\/v2\/media\/1635"}],"wp:attachment":[{"href":"https:\/\/vapebulkp.com\/et\/wp-json\/wp\/v2\/media?parent=1512"}],"wp:term":[{"taxonomy":"product_cat","embeddable":true,"href":"https:\/\/vapebulkp.com\/et\/wp-json\/wp\/v2\/product_cat?post=1512"},{"taxonomy":"product_tag","embeddable":true,"href":"https:\/\/vapebulkp.com\/et\/wp-json\/wp\/v2\/product_tag?post=1512"}],"curies":[{"name":"wp","href":"https:\/\/api.w.org\/{rel}","templated":true}]}}