{"id":1546,"date":"2023-09-20T11:32:23","date_gmt":"2023-09-20T09:32:23","guid":{"rendered":"https:\/\/vapebulkp.com\/?post_type=product&#038;p=1546"},"modified":"2025-09-24T05:04:03","modified_gmt":"2025-09-24T03:04:03","slug":"good-sale-bang-de-8500puffs-wholesale-price","status":"publish","type":"product","link":"https:\/\/vapebulkp.com\/et\/product\/good-sale-bang-de-8500puffs-wholesale-price\/","title":{"rendered":"Hea m\u00fc\u00fck Bang DE 8500Puffs Hulgihind"},"content":{"rendered":"<h2 style=\"text-align: left\">Hea m\u00fc\u00fck Veip Bang DE 8500Puffs<\/h2>\n<p>Hea m\u00fc\u00fck Veip Bang DE 8500Puffs on suure j\u00f5udlusega 8500 pahvi \u00fchekordselt kasutatav veip, mis on loodud Eesti veipimishuvilistele, kes soovivad mugavust, maitset ja t\u00f6\u00f6kindlust \u00fches seadmes. Sellel laetaval \u00fchekordsel veibil on 650 mAh C-t\u00fc\u00fcpi aku ja 20 ml e-vedeliku mahutavus, mis v\u00f5imaldab kuni 8500 \u00fchtlast pahvi ilma sagedase laadimise v\u00f5i spiraalide vahetamise vaevata.<\/p>\n<p>Varustatud 0,8 \u03a9 v\u00f5rgusilma m\u00e4hisega, toodab see tihedat ja maitserikast auru, millel on pehme kurgul\u00f6\u00f6k. Valige 2% v\u00f5i 5% nikotiinisoola valikute vahel, et saada oma eelistustele kohandatud rahuldust pakkuv nikotiinisoola veipimiskogemus. Selle ergonoomiline, kerge disain muudab selle ideaalseks liikvel olles veipimiseks v\u00f5i sotsiaalsetes olukordades.<\/p>\n<p>See suure mahutavusega \u00fchekordselt kasutatav veip on saadaval mitme maitseprofiiliga, alates puuviljadest kuni mentooli ja joogist inspireeritud segudeni, tagades, et iga pahv on rikkalik ja nauditav. Ideaalne Eesti hulgim\u00fc\u00fcgiklientidele, Hea m\u00fc\u00fck Bang DE 8500Puffs pakub hulgiostu v\u00f5imalusi ja kiiret saatmist Eestis, muutes selle kasumlikuks t\u00e4ienduseks veipipoodidele.<\/p>\n<h6 style=\"text-align: left\"><img decoding=\"async\" class=\"wp-image-1699 alignleft\" src=\"http:\/\/vapebulkp.com\/wp-content\/uploads\/2023\/09\/BANG-8500-PUFF-VAPE-KIT-FACTORY-1.jpg\" alt=\"BANG 8500 PUFF VAPE KOMPLEKTI TEHAS\" width=\"514\" height=\"514\" srcset=\"https:\/\/vapebulkp.com\/wp-content\/uploads\/2023\/09\/BANG-8500-PUFF-VAPE-KIT-FACTORY-1.jpg 1000w, https:\/\/vapebulkp.com\/wp-content\/uploads\/2023\/09\/BANG-8500-PUFF-VAPE-KIT-FACTORY-1-300x300.jpg 300w, https:\/\/vapebulkp.com\/wp-content\/uploads\/2023\/09\/BANG-8500-PUFF-VAPE-KIT-FACTORY-1-150x150.jpg 150w, https:\/\/vapebulkp.com\/wp-content\/uploads\/2023\/09\/BANG-8500-PUFF-VAPE-KIT-FACTORY-1-768x768.jpg 768w, https:\/\/vapebulkp.com\/wp-content\/uploads\/2023\/09\/BANG-8500-PUFF-VAPE-KIT-FACTORY-1-600x600.jpg 600w, https:\/\/vapebulkp.com\/wp-content\/uploads\/2023\/09\/BANG-8500-PUFF-VAPE-KIT-FACTORY-1-100x100.jpg 100w\" sizes=\"(max-width: 514px) 100vw, 514px\" \/><\/h6>\n<h6>Soodushinna saamiseks v\u00f5tke \u00fchendust Mandy WhatsAppiga<a href=\"https:\/\/wa.me\/8618077105796\">+8618077105796<\/a><\/h6>\n<p><img decoding=\"async\" class=\"alignnone wp-image-2151\" src=\"http:\/\/vapebulkp.com\/wp-content\/uploads\/2024\/04\/Mandy-WhatsApp-Randm.jpg\" alt=\"Mandy WhatsAppi tutvustus\" width=\"280\" height=\"298\" srcset=\"https:\/\/vapebulkp.com\/wp-content\/uploads\/2024\/04\/Mandy-WhatsApp-Randm.jpg 916w, https:\/\/vapebulkp.com\/wp-content\/uploads\/2024\/04\/Mandy-WhatsApp-Randm-282x300.jpg 282w, https:\/\/vapebulkp.com\/wp-content\/uploads\/2024\/04\/Mandy-WhatsApp-Randm-768x817.jpg 768w, https:\/\/vapebulkp.com\/wp-content\/uploads\/2024\/04\/Mandy-WhatsApp-Randm-600x638.jpg 600w\" sizes=\"(max-width: 280px) 100vw, 280px\" \/><\/p>\n<h2><span style=\"vertical-align: inherit\">Arvasin, et v\u00f5iksite teada Bang pahvide DE8500 Puffs kohta:<\/span><\/h2>\n<p class=\"style-scope ytd-watch-metadata\">1.Kuidas kasutada Bang DE 8500 pahvi veibipliiatsit?<\/p>\n<p>Samm 1. Enne 8,5k pahvi kasutamist \u00fchendage plasttoru lahti.<\/p>\n<p>2. samm. Oodake umbes 3 minutit, et mahl j\u00f5uaks spiraali sisse.<\/p>\n<p>3. samm. Nautige<\/p>\n<p>2.KUIDAS LAADIDA \u00dcHEKORDSELT KASUTATAVAT VEIPI SEADET Bang DE 8500 PUFFS?<\/p>\n<p>Kiirlaadijaid ei saa kasutada. \u00dchekordsete e-sigarettide ohutu standardv\u00f5imsus on 5V 1A. Iga laadimisaeg ei tohi \u00fcletada 1 tund ja ohutu laadimisaeg on pool tundi.<\/p>\n<p><span style=\"color: #ff6600\">M\u00e4rkus: ei tohi laadida terve \u00f6\u00f6!<\/span><\/p>\n<p>3.Mis on Bang DE 8500 Puffs WAPE e-vedeliku maht?<\/p>\n<p>\u2014\u201320ml<\/p>\n<p>4.Mitu pahvi saan selle Bang DE 8500 pahvist v\u00f5tta?<\/p>\n<p>\u2014\u20138500 pahvi<\/p>\n<h3><strong><span style=\"vertical-align: inherit\">Spetsifikatsioon Bang DE 8500 pahvi veipipodidele:<\/span><br \/>\n<\/strong><\/h3>\n<p>Aku: 650mAh (Type C)<br \/>\nMahutavus: 20 ml<br \/>\nKoil: 0.8 ohm v\u00f5rk<br \/>\nLigikaudne imemismaht: 8500 pahvi<br \/>\nBang nikotiini kangus: 2%,5%<br \/>\nMOQ: 100 tk<\/p>\n<h3><strong>Mis on ebameeldivaim baari parim veip Bang DE 8500 pahvi maitse?<\/strong><\/h3>\n<p>1.mustika j\u00e4\u00e4<\/p>\n<p>2.KOOLA J\u00c4\u00c4<\/p>\n<p>3.maasikas arbuus<\/p>\n<p>4. maasika j\u00e4\u00e4tis<\/p>\n<p>5.maasikas banaan<\/p>\n<p>6.jahe m\u00fcnt<\/p>\n<p>7. arbuusi j\u00e4\u00e4<\/p>\n<p>8.hapu \u00f5un<\/p>\n<p>9.mango virsik<\/p>\n<p>10. maasikas kiivi<\/p>\n<p>11.sakura viinamari j\u00e4\u00e4<\/p>\n<p>12.segamarjad<\/p>\n<p><a href=\"https:\/\/vapebulkp.com\/et\/product\/popular-randm-tornado-7000puffs-disposable-vape-best-price\/\"><span style=\"vertical-align: inherit\">RandM Tornado 7000 Puhvrit <\/span><\/a><\/p>\n<p><span style=\"vertical-align: inherit\">Leia rohkem tooteid, mis sulle meeldida v\u00f5iksid:<\/span><em><a href=\"https:\/\/wa.me\/8618077105796\"><span style=\"vertical-align: inherit\">\u00a0Osta kohe<\/span><\/a><\/em><\/p>\n<p><span style=\"vertical-align: inherit\">Teised e-sigaretid, mis sulle meeldida v\u00f5ivad:<\/span><a href=\"https:\/\/vapebulkp.com\/et\/product\/wholesale-price-aroma-king-7000puffs-disposable-vape\/\"><span style=\"vertical-align: inherit\">Roma King 7000 mahvi<\/span><\/a><span style=\"vertical-align: inherit\">\/ <\/span><a href=\"https:\/\/vapebulkp.com\/et\/product\/popular-kulx-10000puffs-disposable-vape-good-price\/\"><span style=\"vertical-align: inherit\">Kulx 10000 T\u00f5mmet<\/span><\/a><span style=\"vertical-align: inherit\">\/ <\/span><a href=\"https:\/\/vapebulkp.com\/et\/product\/disposable-vape-crystal-600-puffs\/\"><span style=\"vertical-align: inherit\">Crystal 600 Puhvetit<\/span><\/a><\/p>\n<p><span style=\"vertical-align: inherit\">Erilise kujuga e-sigareti pudel:<\/span><a href=\"https:\/\/vapebulkp.com\/et\/product\/top-sale-waspe-12000puffs-disposable-vape-wholesale-france\/\"><span style=\"vertical-align: inherit\">Waspe 12000 mahvi hulgihind Eesti <\/span><\/a><span style=\"vertical-align: inherit\">\/ <\/span><a href=\"https:\/\/vapebulkp.com\/et\/product\/bang-king-12000puffs\/\"><span style=\"vertical-align: inherit\">Bang King 12000 suitsu <\/span><\/a><span style=\"vertical-align: inherit\">\/<\/span><a href=\"https:\/\/vapebulkp.com\/et\/product\/good-sale-randm-tornado-10000-puffs-plus\/\"><span style=\"vertical-align: inherit\">Randm tornado 10000 mahvi pluss<\/span><\/a><\/p>\n<h4>Tootmise kvalifikatsioon:<\/h4>\n<p><img decoding=\"async\" class=\"alignnone size-full wp-image-1841\" src=\"http:\/\/vapebulkp.com\/wp-content\/uploads\/2023\/11\/Vape-production-process-2.jpeg\" alt=\"Veibi tootmisprotsess\" width=\"650\" height=\"434\" srcset=\"https:\/\/vapebulkp.com\/wp-content\/uploads\/2023\/11\/Vape-production-process-2.jpeg 650w, https:\/\/vapebulkp.com\/wp-content\/uploads\/2023\/11\/Vape-production-process-2-300x200.jpeg 300w, https:\/\/vapebulkp.com\/wp-content\/uploads\/2023\/11\/Vape-production-process-2-600x401.jpeg 600w\" sizes=\"(max-width: 650px) 100vw, 650px\" \/><\/p>\n<p><img decoding=\"async\" class=\"alignnone size-full wp-image-1843\" src=\"http:\/\/vapebulkp.com\/wp-content\/uploads\/2023\/11\/Vape-production-process.jpeg\" alt=\"Veibi tootmisprotsess\" width=\"641\" height=\"1026\" srcset=\"https:\/\/vapebulkp.com\/wp-content\/uploads\/2023\/11\/Vape-production-process.jpeg 641w, https:\/\/vapebulkp.com\/wp-content\/uploads\/2023\/11\/Vape-production-process-187x300.jpeg 187w, https:\/\/vapebulkp.com\/wp-content\/uploads\/2023\/11\/Vape-production-process-640x1024.jpeg 640w, https:\/\/vapebulkp.com\/wp-content\/uploads\/2023\/11\/Vape-production-process-600x960.jpeg 600w\" sizes=\"(max-width: 641px) 100vw, 641px\" \/><\/p>\n<h4>KKK:<\/h4>\n<p>K: Mis on Bang DE 8500 mahvi MOQ?<br \/>\nA: Minu tellimus on 100 tk.<br \/>\nK: Mis on tellitud vape'i tarneaeg?<br \/>\nV: Tavaliselt 10-15 p\u00e4eva p\u00e4rast v\u00e4ljasaatmist<br \/>\nK: Kui palju on saatmiskulu?V: Saatmiskaal s\u00f5ltub kaalust. Erinevatel kogustel on erinevad saatmiskulud, saatmiskulu kinnitamiseks v\u00f5tke meiega \u00fchendust.<\/p>\n<h4>Saatmisinfo:<\/h4>\n<p><span style=\"color: #ff6600\">Tootmisaeg: 5-10 t\u00f6\u00f6p\u00e4eva<\/span><br \/>\n<span style=\"color: #ff6600\">Saatmisaeg: 8-14 t\u00f6\u00f6p\u00e4eva<\/span><\/p>\n<p>K\u00f5ik meie poe tooted on 100% originaalsed ja autentsed, seega on v\u00f5ltsitud kaupade eest k\u00fcmnekordne h\u00fcvitis meie poe poliitika. Kasutame kaupade teile tarnimiseks logistikakanaleid nagu UPS\/DHL\/FEDEX\/DPD.<\/p>\n<p>Eestisse saadetud pakkide kohalej\u00f5udmine v\u00f5tab tavaliselt aega 10 t\u00f6\u00f6p\u00e4eva. Euroopa riikidesse saatmine v\u00f5tab tavaliselt aega 12 kuni 15 t\u00f6\u00f6p\u00e4eva. Uuendame logistikainfot teie jaoks reaalajas.<\/p>","protected":false},"excerpt":{"rendered":"<p>Bang DE8500 Puffs pakub laia valikut maitseid, mis sobivad teie isudega, alates klassikalisest tubakast kuni v\u00e4rskendava mentooli ning mitmesuguste suussulavate puuvilja- ja magustoiduvalikutega. T\u00e4nu sisseehitatud t\u00f5mbeaktiveerimismehhanismile annab iga pahv stabiilse ja meeldiva auru.<\/p>\n<p><img decoding=\"async\" class=\"alignnone wp-image-2151\" src=\"http:\/\/vapebulkp.com\/wp-content\/uploads\/2024\/04\/Mandy-WhatsApp-Randm.jpg\" alt=\"Mandy WhatsAppi tutvustus\" width=\"243\" height=\"258\" srcset=\"https:\/\/vapebulkp.com\/wp-content\/uploads\/2024\/04\/Mandy-WhatsApp-Randm.jpg 916w, https:\/\/vapebulkp.com\/wp-content\/uploads\/2024\/04\/Mandy-WhatsApp-Randm-282x300.jpg 282w, https:\/\/vapebulkp.com\/wp-content\/uploads\/2024\/04\/Mandy-WhatsApp-Randm-768x817.jpg 768w, https:\/\/vapebulkp.com\/wp-content\/uploads\/2024\/04\/Mandy-WhatsApp-Randm-600x638.jpg 600w\" sizes=\"(max-width: 243px) 100vw, 243px\" \/><\/p>\n<p>Soodushinna saamiseks v\u00f5tke \u00fchendust Mandy WhatsAppiga<a href=\"https:\/\/wa.me\/8618077105796\">+8618077105796<\/a><\/p>\n<p><span style=\"color: #ff0000\">M\u00c4RKUS: Meie veebisaidi hinnad ei sisalda saatmiskulusid<\/span><\/p>","protected":false},"featured_media":1666,"comment_status":"open","ping_status":"closed","template":"","meta":{"_uag_custom_page_level_css":"","_lmt_disableupdate":"no","_lmt_disable":"","site-sidebar-layout":"default","site-content-layout":"content-boxed-container","ast-site-content-layout":"normal-width-container","site-content-style":"boxed","site-sidebar-style":"unboxed","ast-global-header-display":"","ast-banner-title-visibility":"","ast-main-header-display":"","ast-hfb-above-header-display":"","ast-hfb-below-header-display":"","ast-hfb-mobile-header-display":"","site-post-title":"","ast-breadcrumbs-content":"","ast-featured-img":"","footer-sml-layout":"","theme-transparent-header-meta":"default","adv-header-id-meta":"","stick-header-meta":"","header-above-stick-meta":"","header-main-stick-meta":"","header-below-stick-meta":"","astra-migrate-meta-layouts":"set","_joinchat":[]},"product_cat":[153,345,155,33,59,100,87,34,158,157,154,152,58,84,156,63,32,368],"product_tag":[50,93,36,37,41,74,40],"class_list":["post-1546","product","type-product","status-publish","has-post-thumbnail","hentry","product_cat-hot-disposable-vapes","product_cat-bang-vapes","product_cat-belgium-hot-disposable-vapes","product_cat-france-vape-hot-sale","product_cat-germany-hot-disposable-vape","product_cat-germany-wholesale-vape-shop","product_cat-minimum-order-quantity-50pcs","product_cat-netherlands-vape-good-sale","product_cat-norway-hot-disposable-vapes","product_cat-poland-hot-disposable-vapes","product_cat-portugal-hot-disposable-vapes","product_cat-spain-hot-disposable-vapes","product_cat-sweden-hot-disposable-vape","product_cat-sweden-wholesale-vape","product_cat-switzerland-hot-disposable-vapes","product_cat-top-sale-disposable-vape","product_cat-vape-hot-sale-this-week","product_cat-vapme-vape","product_tag-8500-puffs","product_tag-bang-vape","product_tag-good-vape","product_tag-hot-sale-disposable-vape","product_tag-poland-hot-vape","product_tag-randm-vape","product_tag-sweden-hot-vape","desktop-align-left","tablet-align-left","mobile-align-left"],"yoast_head":"<!-- This site is optimized with the Yoast SEO plugin v21.1 - https:\/\/yoast.com\/wordpress\/plugins\/seo\/ -->\n<title>Good Sale Bang DE 8500Puffs Wholesale Price - vapebulkp.com<\/title>\n<meta name=\"description\" content=\"The Wholesale Vape Bang DE8500 Puffs offers a wide variety of delectable flavors to cater to every taste preference. Elevate your vaping game with the Bang DE8500 Puffs .\" \/>\n<meta name=\"robots\" content=\"index, follow, max-snippet:-1, max-image-preview:large, max-video-preview:-1\" \/>\n<link rel=\"canonical\" href=\"https:\/\/vapebulkp.com\/et\/product\/good-sale-bang-de-8500puffs-wholesale-price\/\" \/>\n<meta property=\"og:locale\" content=\"et_EE\" \/>\n<meta property=\"og:type\" content=\"article\" \/>\n<meta property=\"og:title\" content=\"Good Sale Bang DE 8500Puffs Wholesale Price - vapebulkp.com\" \/>\n<meta property=\"og:description\" content=\"The Wholesale Vape Bang DE8500 Puffs offers a wide variety of delectable flavors to cater to every taste preference. Elevate your vaping game with the Bang DE8500 Puffs .\" \/>\n<meta property=\"og:url\" content=\"https:\/\/vapebulkp.com\/et\/product\/good-sale-bang-de-8500puffs-wholesale-price\/\" \/>\n<meta property=\"og:site_name\" content=\"vapebulkp.com\" \/>\n<meta property=\"article:modified_time\" content=\"2025-09-24T03:04:03+00:00\" \/>\n<meta property=\"og:image\" content=\"http:\/\/vapebulkp.com\/wp-content\/uploads\/2023\/09\/bang-8500-1-scaled.jpg\" \/>\n\t<meta property=\"og:image:width\" content=\"2560\" \/>\n\t<meta property=\"og:image:height\" content=\"1810\" \/>\n\t<meta property=\"og:image:type\" content=\"image\/jpeg\" \/>\n<meta name=\"twitter:card\" content=\"summary_large_image\" \/>\n<meta name=\"twitter:label1\" content=\"Est. reading time\" \/>\n\t<meta name=\"twitter:data1\" content=\"4 minutit\" \/>\n<script type=\"application\/ld+json\" class=\"yoast-schema-graph\">{\"@context\":\"https:\/\/schema.org\",\"@graph\":[{\"@type\":\"WebPage\",\"@id\":\"https:\/\/vapebulkp.com\/product\/good-sale-bang-de-8500puffs-wholesale-price\/\",\"url\":\"https:\/\/vapebulkp.com\/product\/good-sale-bang-de-8500puffs-wholesale-price\/\",\"name\":\"Good Sale Bang DE 8500Puffs Wholesale Price - vapebulkp.com\",\"isPartOf\":{\"@id\":\"https:\/\/vapebulkp.com\/#website\"},\"datePublished\":\"2023-09-20T09:32:23+00:00\",\"dateModified\":\"2025-09-24T03:04:03+00:00\",\"description\":\"The Wholesale Vape Bang DE8500 Puffs offers a wide variety of delectable flavors to cater to every taste preference. Elevate your vaping game with the Bang DE8500 Puffs .\",\"breadcrumb\":{\"@id\":\"https:\/\/vapebulkp.com\/product\/good-sale-bang-de-8500puffs-wholesale-price\/#breadcrumb\"},\"inLanguage\":\"et\",\"potentialAction\":[{\"@type\":\"ReadAction\",\"target\":[\"https:\/\/vapebulkp.com\/product\/good-sale-bang-de-8500puffs-wholesale-price\/\"]}]},{\"@type\":\"BreadcrumbList\",\"@id\":\"https:\/\/vapebulkp.com\/product\/good-sale-bang-de-8500puffs-wholesale-price\/#breadcrumb\",\"itemListElement\":[{\"@type\":\"ListItem\",\"position\":1,\"name\":\"Home\",\"item\":\"https:\/\/vapebulkp.com\/\"},{\"@type\":\"ListItem\",\"position\":2,\"name\":\"Hot Trend Vapes\",\"item\":\"https:\/\/vapebulkp.com\/vape-shop\/\"},{\"@type\":\"ListItem\",\"position\":3,\"name\":\"Good Sale Bang DE 8500Puffs Wholesale Price\"}]},{\"@type\":\"WebSite\",\"@id\":\"https:\/\/vapebulkp.com\/#website\",\"url\":\"https:\/\/vapebulkp.com\/\",\"name\":\"vapebulkp.com\",\"description\":\"Buy Vape In Cheap Bulk Price Near you\",\"publisher\":{\"@id\":\"https:\/\/vapebulkp.com\/#organization\"},\"potentialAction\":[{\"@type\":\"SearchAction\",\"target\":{\"@type\":\"EntryPoint\",\"urlTemplate\":\"https:\/\/vapebulkp.com\/?s={search_term_string}\"},\"query-input\":\"required name=search_term_string\"}],\"inLanguage\":\"et\"},{\"@type\":\"Organization\",\"@id\":\"https:\/\/vapebulkp.com\/#organization\",\"name\":\"vapebulkp.com\",\"url\":\"https:\/\/vapebulkp.com\/\",\"logo\":{\"@type\":\"ImageObject\",\"inLanguage\":\"et\",\"@id\":\"https:\/\/vapebulkp.com\/#\/schema\/logo\/image\/\",\"url\":\"https:\/\/vapebulkp.com\/wp-content\/uploads\/2023\/09\/cropped-vapebulkp.png\",\"contentUrl\":\"https:\/\/vapebulkp.com\/wp-content\/uploads\/2023\/09\/cropped-vapebulkp.png\",\"width\":516,\"height\":163,\"caption\":\"vapebulkp.com\"},\"image\":{\"@id\":\"https:\/\/vapebulkp.com\/#\/schema\/logo\/image\/\"}}]}<\/script>\n<!-- \/ Yoast SEO plugin. -->","yoast_head_json":{"title":"Good Sale Bang DE 8500Puffs Wholesale Price - vapebulkp.com","description":"The Wholesale Vape Bang DE8500 Puffs offers a wide variety of delectable flavors to cater to every taste preference. Elevate your vaping game with the Bang DE8500 Puffs .","robots":{"index":"index","follow":"follow","max-snippet":"max-snippet:-1","max-image-preview":"max-image-preview:large","max-video-preview":"max-video-preview:-1"},"canonical":"https:\/\/vapebulkp.com\/et\/product\/good-sale-bang-de-8500puffs-wholesale-price\/","og_locale":"et_EE","og_type":"article","og_title":"Good Sale Bang DE 8500Puffs Wholesale Price - vapebulkp.com","og_description":"The Wholesale Vape Bang DE8500 Puffs offers a wide variety of delectable flavors to cater to every taste preference. Elevate your vaping game with the Bang DE8500 Puffs .","og_url":"https:\/\/vapebulkp.com\/et\/product\/good-sale-bang-de-8500puffs-wholesale-price\/","og_site_name":"vapebulkp.com","article_modified_time":"2025-09-24T03:04:03+00:00","og_image":[{"width":2560,"height":1810,"url":"http:\/\/vapebulkp.com\/wp-content\/uploads\/2023\/09\/bang-8500-1-scaled.jpg","type":"image\/jpeg"}],"twitter_card":"summary_large_image","twitter_misc":{"Est. reading time":"4 minutit"},"schema":{"@context":"https:\/\/schema.org","@graph":[{"@type":"WebPage","@id":"https:\/\/vapebulkp.com\/product\/good-sale-bang-de-8500puffs-wholesale-price\/","url":"https:\/\/vapebulkp.com\/product\/good-sale-bang-de-8500puffs-wholesale-price\/","name":"Good Sale Bang DE 8500Puffs Wholesale Price - vapebulkp.com","isPartOf":{"@id":"https:\/\/vapebulkp.com\/#website"},"datePublished":"2023-09-20T09:32:23+00:00","dateModified":"2025-09-24T03:04:03+00:00","description":"The Wholesale Vape Bang DE8500 Puffs offers a wide variety of delectable flavors to cater to every taste preference. Elevate your vaping game with the Bang DE8500 Puffs .","breadcrumb":{"@id":"https:\/\/vapebulkp.com\/product\/good-sale-bang-de-8500puffs-wholesale-price\/#breadcrumb"},"inLanguage":"et","potentialAction":[{"@type":"ReadAction","target":["https:\/\/vapebulkp.com\/product\/good-sale-bang-de-8500puffs-wholesale-price\/"]}]},{"@type":"BreadcrumbList","@id":"https:\/\/vapebulkp.com\/product\/good-sale-bang-de-8500puffs-wholesale-price\/#breadcrumb","itemListElement":[{"@type":"ListItem","position":1,"name":"Home","item":"https:\/\/vapebulkp.com\/"},{"@type":"ListItem","position":2,"name":"Hot Trend Vapes","item":"https:\/\/vapebulkp.com\/vape-shop\/"},{"@type":"ListItem","position":3,"name":"Good Sale Bang DE 8500Puffs Wholesale Price"}]},{"@type":"WebSite","@id":"https:\/\/vapebulkp.com\/#website","url":"https:\/\/vapebulkp.com\/","name":"vapebulkp.com","description":"Buy Vape In Cheap Bulk Price Near you","publisher":{"@id":"https:\/\/vapebulkp.com\/#organization"},"potentialAction":[{"@type":"SearchAction","target":{"@type":"EntryPoint","urlTemplate":"https:\/\/vapebulkp.com\/?s={search_term_string}"},"query-input":"required name=search_term_string"}],"inLanguage":"et"},{"@type":"Organization","@id":"https:\/\/vapebulkp.com\/#organization","name":"vapebulkp.com","url":"https:\/\/vapebulkp.com\/","logo":{"@type":"ImageObject","inLanguage":"et","@id":"https:\/\/vapebulkp.com\/#\/schema\/logo\/image\/","url":"https:\/\/vapebulkp.com\/wp-content\/uploads\/2023\/09\/cropped-vapebulkp.png","contentUrl":"https:\/\/vapebulkp.com\/wp-content\/uploads\/2023\/09\/cropped-vapebulkp.png","width":516,"height":163,"caption":"vapebulkp.com"},"image":{"@id":"https:\/\/vapebulkp.com\/#\/schema\/logo\/image\/"}}]}},"uagb_featured_image_src":{"full":["https:\/\/vapebulkp.com\/wp-content\/uploads\/2023\/09\/bang-8500-1-scaled.jpg",2560,1810,false],"thumbnail":["https:\/\/vapebulkp.com\/wp-content\/uploads\/2023\/09\/bang-8500-1-150x150.jpg",150,150,true],"medium":["https:\/\/vapebulkp.com\/wp-content\/uploads\/2023\/09\/bang-8500-1-300x212.jpg",300,212,true],"medium_large":["https:\/\/vapebulkp.com\/wp-content\/uploads\/2023\/09\/bang-8500-1-768x543.jpg",768,543,true],"large":["https:\/\/vapebulkp.com\/wp-content\/uploads\/2023\/09\/bang-8500-1-1024x724.jpg",1024,724,true],"1536x1536":["https:\/\/vapebulkp.com\/wp-content\/uploads\/2023\/09\/bang-8500-1-1536x1086.jpg",1536,1086,true],"2048x2048":["https:\/\/vapebulkp.com\/wp-content\/uploads\/2023\/09\/bang-8500-1-2048x1448.jpg",2048,1448,true],"trp-custom-language-flag":["https:\/\/vapebulkp.com\/wp-content\/uploads\/2023\/09\/bang-8500-1-scaled.jpg",18,12,false],"woocommerce_thumbnail":["https:\/\/vapebulkp.com\/wp-content\/uploads\/2023\/09\/bang-8500-1-300x300.jpg",300,300,true],"woocommerce_single":["https:\/\/vapebulkp.com\/wp-content\/uploads\/2023\/09\/bang-8500-1-600x424.jpg",600,424,true],"woocommerce_gallery_thumbnail":["https:\/\/vapebulkp.com\/wp-content\/uploads\/2023\/09\/bang-8500-1-100x100.jpg",100,100,true],"wcpr-photo-reviews":["https:\/\/vapebulkp.com\/wp-content\/uploads\/2023\/09\/bang-8500-1-scaled.jpg",500,354,false]},"uagb_author_info":{"display_name":"Mandy vape bulk price","author_link":"https:\/\/vapebulkp.com\/et\/author\/"},"uagb_comment_info":2,"uagb_excerpt":"The Bang DE8500 Puffs boasts a wide range of flavors to suit your cravings, from classic tobacco to refreshing menthol and a variety of mouthwatering fruit and dessert options. Each puff delivers a consistent and delightful vapor, thanks to the built-in draw-activated mechanism. Pls Contact Mandy's WhatsApp For Discount Price+8618077105796 NOTE: Prices on our website&hellip;","_links":{"self":[{"href":"https:\/\/vapebulkp.com\/et\/wp-json\/wp\/v2\/product\/1546","targetHints":{"allow":["GET"]}}],"collection":[{"href":"https:\/\/vapebulkp.com\/et\/wp-json\/wp\/v2\/product"}],"about":[{"href":"https:\/\/vapebulkp.com\/et\/wp-json\/wp\/v2\/types\/product"}],"replies":[{"embeddable":true,"href":"https:\/\/vapebulkp.com\/et\/wp-json\/wp\/v2\/comments?post=1546"}],"wp:featuredmedia":[{"embeddable":true,"href":"https:\/\/vapebulkp.com\/et\/wp-json\/wp\/v2\/media\/1666"}],"wp:attachment":[{"href":"https:\/\/vapebulkp.com\/et\/wp-json\/wp\/v2\/media?parent=1546"}],"wp:term":[{"taxonomy":"product_cat","embeddable":true,"href":"https:\/\/vapebulkp.com\/et\/wp-json\/wp\/v2\/product_cat?post=1546"},{"taxonomy":"product_tag","embeddable":true,"href":"https:\/\/vapebulkp.com\/et\/wp-json\/wp\/v2\/product_tag?post=1546"}],"curies":[{"name":"wp","href":"https:\/\/api.w.org\/{rel}","templated":true}]}}