{"id":1547,"date":"2023-09-20T11:39:19","date_gmt":"2023-09-20T09:39:19","guid":{"rendered":"https:\/\/vapebulkp.com\/?post_type=product&#038;p=1547"},"modified":"2025-09-08T05:39:48","modified_gmt":"2025-09-08T03:39:48","slug":"wholesale-kulx-8000-puffs-disposable-vape","status":"publish","type":"product","link":"https:\/\/vapebulkp.com\/et\/product\/wholesale-kulx-8000-puffs-disposable-vape\/","title":{"rendered":"Hulgim\u00fc\u00fck Kulx 8000 Puhviga \u00dchekordne Vape 2% 5% Nikotiin"},"content":{"rendered":"<h2>Mis on parim m\u00fc\u00fcgihitt Kulx 8000 Puffs \u00dchekordselt kasutatav E-sigaret?<\/h2>\n<p>Kulx 8000 Puffs \u00dchekordselt kasutatav E-sigaret on suure mahutavusega \u00fchekordselt kasutatav e-sigaret, mis on m\u00f5eldud Eesti veipimishuvilistele, kes hindavad mugavust, stiili ja j\u00f5udlust. 16 ml eelt\u00e4idetud e-vedeliku paagi ja nikotiinisoola valikutega 0%, 2%, 3% v\u00f5i 5% annab see sujuva ja rahuldust pakkuva t\u00f5mbe kuni 8000 pahvi ulatuses.<\/p>\n<p>T\u00e4iustatud v\u00f5rgusilma m\u00e4hise tehnoloogiaga toodab see kauakestev \u00fchekordselt kasutatav e-sigaret iga pahviga tihedat auru ja rikkalikku maitset. Selle kompaktne, kaasaskantav disain teeb selle t\u00e4iuslikuks reisimiseks, igap\u00e4evaseks kasutamiseks v\u00f5i sotsiaalsetes olukordades.<\/p>\n<p>Saadaval on erinevaid esmaklassilisi maitseid, alates v\u00e4rskendavast mentoolist kuni magusate magustoitude segudeni, 8000 Puffs \u00dchekordselt kasutatav E-sigaret tagab j\u00e4rjepideva ja nauditava veipimise kogemuse. Kasutamiseks valmis otse pakendist, see \u00fchendab kaasaskantavuse, k\u00f5rge j\u00f5udluse ja keeruka disaini, muutes selle ideaalseks valikuks nii \u00fcksikkasutajatele kui ka hulgim\u00fc\u00fcgiklientidele kogu Eestis.<\/p>\n<h5><\/h5>\n<p><img decoding=\"async\" class=\"alignnone wp-image-1654\" src=\"http:\/\/vapebulkp.com\/wp-content\/uploads\/2023\/09\/kULX-8000-PUFF-8-1024x1024.jpg\" alt=\"kULX 8000 PUHVI\" width=\"438\" height=\"438\" srcset=\"https:\/\/vapebulkp.com\/wp-content\/uploads\/2023\/09\/kULX-8000-PUFF-8-1024x1024.jpg 1024w, https:\/\/vapebulkp.com\/wp-content\/uploads\/2023\/09\/kULX-8000-PUFF-8-300x300.jpg 300w, https:\/\/vapebulkp.com\/wp-content\/uploads\/2023\/09\/kULX-8000-PUFF-8-150x150.jpg 150w, https:\/\/vapebulkp.com\/wp-content\/uploads\/2023\/09\/kULX-8000-PUFF-8-768x768.jpg 768w, https:\/\/vapebulkp.com\/wp-content\/uploads\/2023\/09\/kULX-8000-PUFF-8-1536x1536.jpg 1536w, https:\/\/vapebulkp.com\/wp-content\/uploads\/2023\/09\/kULX-8000-PUFF-8-2048x2048.jpg 2048w, https:\/\/vapebulkp.com\/wp-content\/uploads\/2023\/09\/kULX-8000-PUFF-8-600x600.jpg 600w, https:\/\/vapebulkp.com\/wp-content\/uploads\/2023\/09\/kULX-8000-PUFF-8-100x100.jpg 100w\" sizes=\"(max-width: 438px) 100vw, 438px\" \/><\/p>\n<h6>Soodushinna saamiseks v\u00f5tke \u00fchendust Mandy WhatsAppiga<a href=\"https:\/\/wa.me\/8618077105796\">+8618077105796<\/a><\/h6>\n<p><img decoding=\"async\" class=\"alignnone wp-image-2151\" src=\"http:\/\/vapebulkp.com\/wp-content\/uploads\/2024\/04\/Mandy-WhatsApp-Randm.jpg\" alt=\"Mandy WhatsAppi tutvustus\" width=\"246\" height=\"262\" srcset=\"https:\/\/vapebulkp.com\/wp-content\/uploads\/2024\/04\/Mandy-WhatsApp-Randm.jpg 916w, https:\/\/vapebulkp.com\/wp-content\/uploads\/2024\/04\/Mandy-WhatsApp-Randm-282x300.jpg 282w, https:\/\/vapebulkp.com\/wp-content\/uploads\/2024\/04\/Mandy-WhatsApp-Randm-768x817.jpg 768w, https:\/\/vapebulkp.com\/wp-content\/uploads\/2024\/04\/Mandy-WhatsApp-Randm-600x638.jpg 600w\" sizes=\"(max-width: 246px) 100vw, 246px\" \/><\/p>\n<h2>KKK Kulx Vape 8k pahvi kohta:<\/h2>\n<p class=\"style-scope ytd-watch-metadata\">1. Kuidas kasutada Good Vape Kulx 8000 Vape Pen'i?<\/p>\n<p>1. samm. Enne 8k pahvi kasutamist eemaldage plastiktoru.<\/p>\n<p>2. samm. Oodake umbes 3 minutit, et mahl j\u00f5uaks spiraali sisse.<\/p>\n<p>3. samm. Nautige seda.<\/p>\n<p>2. KUIDAS LAADIDA \u00dcHEKORDSELT KASUTATAVAT E-SIGARETI KULX 8000 PUFFS SEADET?<\/p>\n<p>Kiirlaadijaid ei saa kasutada. \u00dchekordsete e-sigarettide ohutu standardv\u00f5imsus on 5V 1A. Iga laadimisaeg ei tohi \u00fcletada 1 tund ja ohutu laadimisaeg on pool tundi.<\/p>\n<p>3. Mitu pahvi saan sellest Kulx 8000 Puffs v\u00f5tta?<\/p>\n<p>\u2014\u20138000 Pahvi<\/p>\n<p><span style=\"color: #ff6600\">M\u00e4rkus: ei tohi laadida terve \u00f6\u00f6!<\/span><\/p>\n<h2>Spetsifikatsioonid Kulx 8000Puffs kohta:<\/h2>\n<ul>\n<li>Aku: 650mAh (Type C)<br \/>\nMahutavus: 18 ml<br \/>\nKoil: 0.8 ohm v\u00f5rk<br \/>\nLigikaudne t\u00f5mmete arv: 8000 pahvi<br \/>\nNikotiini tugevus: 21mg,51mg<br \/>\nMOQ: 100 tk<\/li>\n<\/ul>\n<h2><strong>Millised on parimad Kulx 8000 Puffs maitsed?<\/strong><\/h2>\n<p>&nbsp;<\/p>\n<p>1. J\u00e4\u00e4 M\u00fcndi<\/p>\n<p>2. Roheline \u00d5un J\u00e4\u00e4ga<\/p>\n<p>3. Virsikuj\u00e4\u00e4<\/p>\n<p>4. J\u00e4\u00e4vaarikas J\u00e4\u00e4<\/p>\n<p>5. Arbuusi j\u00e4\u00e4<\/p>\n<p>6. Mangoj\u00e4\u00e4<\/p>\n<p>7. Koolaj\u00e4\u00e4<\/p>\n<p>8. Puuviljad<\/p>\n<p>9. Maasika-arbuusi j\u00e4\u00e4<\/p>\n<p>10. Kommivatt<\/p>\n<p>11. Virsiku-sidruni j\u00e4\u00e4<\/p>\n<p>12. Sidrunitee j\u00e4\u00e4<\/p>\n<p>13. Lit\u0161ij\u00e4\u00e4<\/p>\n<p>14. Maasika-kiivi<\/p>\n<p><a href=\"https:\/\/vapebulkp.com\/et\/product\/wholesale-price-disposable-vape-crystal-600-puffs\/\"><span style=\"vertical-align: inherit\">Hea m\u00fc\u00fck Kristall 600 Puffs <\/span><\/a><\/p>\n<p><span style=\"vertical-align: inherit\">Leia rohkem tooteid, mis sulle meeldida v\u00f5iksid:<\/span><em><a href=\"https:\/\/wa.me\/8618077105796\"><span style=\"vertical-align: inherit\">\u00a0Osta kohe<\/span><\/a><\/em><\/p>\n<p><span style=\"vertical-align: inherit\">Teised e-sigaretid, mis sulle meeldida v\u00f5ivad:<\/span><a href=\"https:\/\/vapebulkp.com\/et\/product\/good-sale-bang-de-8500puffs-wholesale-price\/\"><span style=\"vertical-align: inherit\">Bang DE 8500 T\u00f5mmet<\/span><\/a><span style=\"vertical-align: inherit\">\u3001<\/span><a href=\"https:\/\/vapebulkp.com\/et\/product\/elf-box-14000-puffs-2-5-nicotine-rechargeable-vape-sweden-wholesale\/\"><span style=\"vertical-align: inherit\">\u00a0ELF BOX 14000 Mahvi<\/span><\/a><span style=\"vertical-align: inherit\">\/ <\/span><a href=\"https:\/\/vapebulkp.com\/et\/product\/popular-kulx-10000puffs-disposable-vape-good-price\/\"><span style=\"vertical-align: inherit\">Kulx 10000 T\u00f5mmet<\/span><\/a><span style=\"vertical-align: inherit\">\/ <\/span><a href=\"https:\/\/vapebulkp.com\/et\/product\/good-randm-tornado-7000-puffs-disposable-vape-kit-1000mah\/\"><span style=\"vertical-align: inherit\">Randm Tornado 7000 Mahvi<\/span><\/a><\/p>\n<p><span style=\"vertical-align: inherit\">Erilise kujuga e-sigareti pudel:<\/span><a href=\"https:\/\/vapebulkp.com\/et\/product\/bulk-buy-kulx-vape-8800-puffs-wholesale-germany\/\"><span style=\"vertical-align: inherit\">Kulx vape 10000 Mahvi<\/span><\/a><span style=\"vertical-align: inherit\">\/ <\/span><a href=\"https:\/\/vapebulkp.com\/et\/product\/bang-tornado-12000-puffs-rechargeable-disposable-pod\/\"><span style=\"vertical-align: inherit\">Bang Tornado 12000 Puhangut <\/span><\/a><span style=\"vertical-align: inherit\">\/<\/span><a href=\"https:\/\/vapebulkp.com\/et\/product\/fumot-digital-box-12000-disposable-vape-wholesale\/\"><span style=\"vertical-align: inherit\">Fomot Digital box 12000 Mahvi <\/span><\/a><\/p>\n<h4>Pakendi kuvamine:<\/h4>\n<p><a href=\"http:\/\/vapebulkp.com\/wp-content\/uploads\/2023\/09\/Kulx-8000.jpg\"><img decoding=\"async\" class=\"alignleft wp-image-1724\" src=\"http:\/\/vapebulkp.com\/wp-content\/uploads\/2023\/09\/Kulx-8000.jpg\" alt=\"Hea m\u00fc\u00fck Kulx 8000 VAPE\" width=\"296\" height=\"526\" srcset=\"https:\/\/vapebulkp.com\/wp-content\/uploads\/2023\/09\/Kulx-8000.jpg 1080w, https:\/\/vapebulkp.com\/wp-content\/uploads\/2023\/09\/Kulx-8000-169x300.jpg 169w, https:\/\/vapebulkp.com\/wp-content\/uploads\/2023\/09\/Kulx-8000-576x1024.jpg 576w, https:\/\/vapebulkp.com\/wp-content\/uploads\/2023\/09\/Kulx-8000-768x1365.jpg 768w, https:\/\/vapebulkp.com\/wp-content\/uploads\/2023\/09\/Kulx-8000-864x1536.jpg 864w, https:\/\/vapebulkp.com\/wp-content\/uploads\/2023\/09\/Kulx-8000-600x1067.jpg 600w\" sizes=\"(max-width: 296px) 100vw, 296px\" \/><\/a><\/p>\n<h4>Saatmisinfo:<\/h4>\n<p><span style=\"color: #ff6600\">Tootmisaeg: 5-10 t\u00f6\u00f6p\u00e4eva<\/span><br \/>\n<span style=\"color: #ff6600\">Saatmisaeg: 8-14 t\u00f6\u00f6p\u00e4eva<\/span><\/p>\n<p>K\u00f5ik meie poe tooted on 100% originaalsed ja autentsed, seega on v\u00f5ltsitud kaupade eest k\u00fcmnekordne h\u00fcvitis meie poe poliitika. Kasutame kaupade teile tarnimiseks logistikakanaleid nagu UPS\/DHL\/FEDEX\/DPD.<\/p>\n<p>Eestisse saadetud pakkide kohalej\u00f5udmine v\u00f5tab tavaliselt aega 10 t\u00f6\u00f6p\u00e4eva. Euroopa riikidesse saatmine v\u00f5tab tavaliselt aega 12 kuni 15 t\u00f6\u00f6p\u00e4eva. Uuendame logistikainfot teie jaoks reaalajas.<\/p>\n<h4>Hea m\u00fc\u00fcgij\u00e4rgne teenindus:<\/h4>\n<p>Teade: Kvaliteediprobleemide puudumisel raha ei tagastata ega vahetata<br \/>\n1. Kliendid saavad valida soovitud maitse, kuid kui maitset pole laos, valib tootmisosakond asenduseks populaarse maitse. Kliendid ei saa maitsete alusel taotleda raha tagastamist ega vahetamist.<\/p>\n<p>2. Kvaliteediprobleemide ilmnemisel esitage \u00fcksikasjalikud video- ja pildikirjeldused.<br \/>\nKui te ei saa esitada t\u00f5endeid, nagu videod ja fotod, ei saa kaupa vahetada.<\/p>\n<p>&nbsp;<\/p>","protected":false},"excerpt":{"rendered":"<p>Kulx 8000 puffs \u00dchekordselt kasutatavate e-sigarettide tulek on e-sigarettide esirinnas. See \u00fchekordselt kasutatav e-sigaret mahutab 8000 pahvi, nii et sa ei pea muretsema, et pikkade reiside ajal toide otsa saab.<\/p>\n<p><img decoding=\"async\" class=\"alignnone wp-image-2151\" src=\"http:\/\/vapebulkp.com\/wp-content\/uploads\/2024\/04\/Mandy-WhatsApp-Randm.jpg\" alt=\"Mandy WhatsAppi tutvustus\" width=\"256\" height=\"272\" srcset=\"https:\/\/vapebulkp.com\/wp-content\/uploads\/2024\/04\/Mandy-WhatsApp-Randm.jpg 916w, https:\/\/vapebulkp.com\/wp-content\/uploads\/2024\/04\/Mandy-WhatsApp-Randm-282x300.jpg 282w, https:\/\/vapebulkp.com\/wp-content\/uploads\/2024\/04\/Mandy-WhatsApp-Randm-768x817.jpg 768w, https:\/\/vapebulkp.com\/wp-content\/uploads\/2024\/04\/Mandy-WhatsApp-Randm-600x638.jpg 600w\" sizes=\"(max-width: 256px) 100vw, 256px\" \/><\/p>\n<p>Soodushinna saamiseks v\u00f5tke \u00fchendust Mandy WhatsAppiga<a href=\"https:\/\/wa.me\/8618077105796\">+8618077105796<\/a><\/p>\n<p><span style=\"color: #ff0000\">M\u00c4RKUS: Meie veebisaidi hinnad ei sisalda saatmiskulusid<\/span><\/p>","protected":false},"featured_media":1554,"comment_status":"open","ping_status":"closed","template":"","meta":{"_uag_custom_page_level_css":"","_lmt_disableupdate":"no","_lmt_disable":"","site-sidebar-layout":"default","site-content-layout":"content-boxed-container","ast-site-content-layout":"normal-width-container","site-content-style":"boxed","site-sidebar-style":"unboxed","ast-global-header-display":"","ast-banner-title-visibility":"","ast-main-header-display":"","ast-hfb-above-header-display":"","ast-hfb-below-header-display":"","ast-hfb-mobile-header-display":"","site-post-title":"","ast-breadcrumbs-content":"","ast-featured-img":"","footer-sml-layout":"","theme-transparent-header-meta":"default","adv-header-id-meta":"","stick-header-meta":"","header-above-stick-meta":"","header-main-stick-meta":"","header-below-stick-meta":"","astra-migrate-meta-layouts":"set","_joinchat":[]},"product_cat":[169,153,155,33,59,100,34,158,157,154,152,58,84,156,63,32],"product_tag":[52,36,37,94,41,40],"class_list":["post-1547","product","type-product","status-publish","has-post-thumbnail","hentry","product_cat-8000-puffs-disposable-vape","product_cat-hot-disposable-vapes","product_cat-belgium-hot-disposable-vapes","product_cat-france-vape-hot-sale","product_cat-germany-hot-disposable-vape","product_cat-germany-wholesale-vape-shop","product_cat-netherlands-vape-good-sale","product_cat-norway-hot-disposable-vapes","product_cat-poland-hot-disposable-vapes","product_cat-portugal-hot-disposable-vapes","product_cat-spain-hot-disposable-vapes","product_cat-sweden-hot-disposable-vape","product_cat-sweden-wholesale-vape","product_cat-switzerland-hot-disposable-vapes","product_cat-top-sale-disposable-vape","product_cat-vape-hot-sale-this-week","product_tag-8000-puffs","product_tag-good-vape","product_tag-hot-sale-disposable-vape","product_tag-kulx-vapes","product_tag-poland-hot-vape","product_tag-sweden-hot-vape","desktop-align-left","tablet-align-left","mobile-align-left"],"yoast_head":"<!-- This site is optimized with the Yoast SEO plugin v21.1 - https:\/\/yoast.com\/wordpress\/plugins\/seo\/ -->\n<title>Wholesale Kulx 8000 Puffs Disposable Vape 2% 5% Nicotine - vapebulkp.com<\/title>\n<meta name=\"description\" content=\"Wholesale Kulx 8000 Puffs Disposable Vape Germany Vape ergonomic design fits perfectly in your hand and is compact enough to slip into your pocket or purse.\" \/>\n<meta name=\"robots\" content=\"index, follow, max-snippet:-1, max-image-preview:large, max-video-preview:-1\" \/>\n<link rel=\"canonical\" href=\"https:\/\/vapebulkp.com\/et\/product\/wholesale-kulx-8000-puffs-disposable-vape\/\" \/>\n<meta property=\"og:locale\" content=\"et_EE\" \/>\n<meta property=\"og:type\" content=\"article\" \/>\n<meta property=\"og:title\" content=\"Wholesale Kulx 8000 Puffs Disposable Vape 2% 5% Nicotine - vapebulkp.com\" \/>\n<meta property=\"og:description\" content=\"Wholesale Kulx 8000 Puffs Disposable Vape Germany Vape ergonomic design fits perfectly in your hand and is compact enough to slip into your pocket or purse.\" \/>\n<meta property=\"og:url\" content=\"https:\/\/vapebulkp.com\/et\/product\/wholesale-kulx-8000-puffs-disposable-vape\/\" \/>\n<meta property=\"og:site_name\" content=\"vapebulkp.com\" \/>\n<meta property=\"article:modified_time\" content=\"2025-09-08T03:39:48+00:00\" \/>\n<meta property=\"og:image\" content=\"http:\/\/vapebulkp.com\/wp-content\/uploads\/2023\/09\/kULX-8000-PUFF-6-scaled.jpg\" \/>\n\t<meta property=\"og:image:width\" content=\"2560\" \/>\n\t<meta property=\"og:image:height\" content=\"2560\" \/>\n\t<meta property=\"og:image:type\" content=\"image\/jpeg\" \/>\n<meta name=\"twitter:card\" content=\"summary_large_image\" \/>\n<meta name=\"twitter:label1\" content=\"Est. reading time\" \/>\n\t<meta name=\"twitter:data1\" content=\"3 minutit\" \/>\n<script type=\"application\/ld+json\" class=\"yoast-schema-graph\">{\"@context\":\"https:\/\/schema.org\",\"@graph\":[{\"@type\":\"WebPage\",\"@id\":\"https:\/\/vapebulkp.com\/product\/wholesale-kulx-8000-puffs-disposable-vape\/\",\"url\":\"https:\/\/vapebulkp.com\/product\/wholesale-kulx-8000-puffs-disposable-vape\/\",\"name\":\"Wholesale Kulx 8000 Puffs Disposable Vape 2% 5% Nicotine - vapebulkp.com\",\"isPartOf\":{\"@id\":\"https:\/\/vapebulkp.com\/#website\"},\"datePublished\":\"2023-09-20T09:39:19+00:00\",\"dateModified\":\"2025-09-08T03:39:48+00:00\",\"description\":\"Wholesale Kulx 8000 Puffs Disposable Vape Germany Vape ergonomic design fits perfectly in your hand and is compact enough to slip into your pocket or purse.\",\"breadcrumb\":{\"@id\":\"https:\/\/vapebulkp.com\/product\/wholesale-kulx-8000-puffs-disposable-vape\/#breadcrumb\"},\"inLanguage\":\"et\",\"potentialAction\":[{\"@type\":\"ReadAction\",\"target\":[\"https:\/\/vapebulkp.com\/product\/wholesale-kulx-8000-puffs-disposable-vape\/\"]}]},{\"@type\":\"BreadcrumbList\",\"@id\":\"https:\/\/vapebulkp.com\/product\/wholesale-kulx-8000-puffs-disposable-vape\/#breadcrumb\",\"itemListElement\":[{\"@type\":\"ListItem\",\"position\":1,\"name\":\"Home\",\"item\":\"https:\/\/vapebulkp.com\/\"},{\"@type\":\"ListItem\",\"position\":2,\"name\":\"Hot Trend Vapes\",\"item\":\"https:\/\/vapebulkp.com\/vape-shop\/\"},{\"@type\":\"ListItem\",\"position\":3,\"name\":\"Wholesale Kulx 8000 Puffs Disposable Vape 2% 5% Nicotine\"}]},{\"@type\":\"WebSite\",\"@id\":\"https:\/\/vapebulkp.com\/#website\",\"url\":\"https:\/\/vapebulkp.com\/\",\"name\":\"vapebulkp.com\",\"description\":\"Buy Vape In Cheap Bulk Price Near you\",\"publisher\":{\"@id\":\"https:\/\/vapebulkp.com\/#organization\"},\"potentialAction\":[{\"@type\":\"SearchAction\",\"target\":{\"@type\":\"EntryPoint\",\"urlTemplate\":\"https:\/\/vapebulkp.com\/?s={search_term_string}\"},\"query-input\":\"required name=search_term_string\"}],\"inLanguage\":\"et\"},{\"@type\":\"Organization\",\"@id\":\"https:\/\/vapebulkp.com\/#organization\",\"name\":\"vapebulkp.com\",\"url\":\"https:\/\/vapebulkp.com\/\",\"logo\":{\"@type\":\"ImageObject\",\"inLanguage\":\"et\",\"@id\":\"https:\/\/vapebulkp.com\/#\/schema\/logo\/image\/\",\"url\":\"https:\/\/vapebulkp.com\/wp-content\/uploads\/2023\/09\/cropped-vapebulkp.png\",\"contentUrl\":\"https:\/\/vapebulkp.com\/wp-content\/uploads\/2023\/09\/cropped-vapebulkp.png\",\"width\":516,\"height\":163,\"caption\":\"vapebulkp.com\"},\"image\":{\"@id\":\"https:\/\/vapebulkp.com\/#\/schema\/logo\/image\/\"}}]}<\/script>\n<!-- \/ Yoast SEO plugin. -->","yoast_head_json":{"title":"Wholesale Kulx 8000 Puffs Disposable Vape 2% 5% Nicotine - vapebulkp.com","description":"Wholesale Kulx 8000 Puffs Disposable Vape Germany Vape ergonomic design fits perfectly in your hand and is compact enough to slip into your pocket or purse.","robots":{"index":"index","follow":"follow","max-snippet":"max-snippet:-1","max-image-preview":"max-image-preview:large","max-video-preview":"max-video-preview:-1"},"canonical":"https:\/\/vapebulkp.com\/et\/product\/wholesale-kulx-8000-puffs-disposable-vape\/","og_locale":"et_EE","og_type":"article","og_title":"Wholesale Kulx 8000 Puffs Disposable Vape 2% 5% Nicotine - vapebulkp.com","og_description":"Wholesale Kulx 8000 Puffs Disposable Vape Germany Vape ergonomic design fits perfectly in your hand and is compact enough to slip into your pocket or purse.","og_url":"https:\/\/vapebulkp.com\/et\/product\/wholesale-kulx-8000-puffs-disposable-vape\/","og_site_name":"vapebulkp.com","article_modified_time":"2025-09-08T03:39:48+00:00","og_image":[{"width":2560,"height":2560,"url":"http:\/\/vapebulkp.com\/wp-content\/uploads\/2023\/09\/kULX-8000-PUFF-6-scaled.jpg","type":"image\/jpeg"}],"twitter_card":"summary_large_image","twitter_misc":{"Est. reading time":"3 minutit"},"schema":{"@context":"https:\/\/schema.org","@graph":[{"@type":"WebPage","@id":"https:\/\/vapebulkp.com\/product\/wholesale-kulx-8000-puffs-disposable-vape\/","url":"https:\/\/vapebulkp.com\/product\/wholesale-kulx-8000-puffs-disposable-vape\/","name":"Wholesale Kulx 8000 Puffs Disposable Vape 2% 5% Nicotine - vapebulkp.com","isPartOf":{"@id":"https:\/\/vapebulkp.com\/#website"},"datePublished":"2023-09-20T09:39:19+00:00","dateModified":"2025-09-08T03:39:48+00:00","description":"Wholesale Kulx 8000 Puffs Disposable Vape Germany Vape ergonomic design fits perfectly in your hand and is compact enough to slip into your pocket or purse.","breadcrumb":{"@id":"https:\/\/vapebulkp.com\/product\/wholesale-kulx-8000-puffs-disposable-vape\/#breadcrumb"},"inLanguage":"et","potentialAction":[{"@type":"ReadAction","target":["https:\/\/vapebulkp.com\/product\/wholesale-kulx-8000-puffs-disposable-vape\/"]}]},{"@type":"BreadcrumbList","@id":"https:\/\/vapebulkp.com\/product\/wholesale-kulx-8000-puffs-disposable-vape\/#breadcrumb","itemListElement":[{"@type":"ListItem","position":1,"name":"Home","item":"https:\/\/vapebulkp.com\/"},{"@type":"ListItem","position":2,"name":"Hot Trend Vapes","item":"https:\/\/vapebulkp.com\/vape-shop\/"},{"@type":"ListItem","position":3,"name":"Wholesale Kulx 8000 Puffs Disposable Vape 2% 5% Nicotine"}]},{"@type":"WebSite","@id":"https:\/\/vapebulkp.com\/#website","url":"https:\/\/vapebulkp.com\/","name":"vapebulkp.com","description":"Buy Vape In Cheap Bulk Price Near you","publisher":{"@id":"https:\/\/vapebulkp.com\/#organization"},"potentialAction":[{"@type":"SearchAction","target":{"@type":"EntryPoint","urlTemplate":"https:\/\/vapebulkp.com\/?s={search_term_string}"},"query-input":"required name=search_term_string"}],"inLanguage":"et"},{"@type":"Organization","@id":"https:\/\/vapebulkp.com\/#organization","name":"vapebulkp.com","url":"https:\/\/vapebulkp.com\/","logo":{"@type":"ImageObject","inLanguage":"et","@id":"https:\/\/vapebulkp.com\/#\/schema\/logo\/image\/","url":"https:\/\/vapebulkp.com\/wp-content\/uploads\/2023\/09\/cropped-vapebulkp.png","contentUrl":"https:\/\/vapebulkp.com\/wp-content\/uploads\/2023\/09\/cropped-vapebulkp.png","width":516,"height":163,"caption":"vapebulkp.com"},"image":{"@id":"https:\/\/vapebulkp.com\/#\/schema\/logo\/image\/"}}]}},"uagb_featured_image_src":{"full":["https:\/\/vapebulkp.com\/wp-content\/uploads\/2023\/09\/kULX-8000-PUFF-6-scaled.jpg",2560,2560,false],"thumbnail":["https:\/\/vapebulkp.com\/wp-content\/uploads\/2023\/09\/kULX-8000-PUFF-6-150x150.jpg",150,150,true],"medium":["https:\/\/vapebulkp.com\/wp-content\/uploads\/2023\/09\/kULX-8000-PUFF-6-300x300.jpg",300,300,true],"medium_large":["https:\/\/vapebulkp.com\/wp-content\/uploads\/2023\/09\/kULX-8000-PUFF-6-768x768.jpg",768,768,true],"large":["https:\/\/vapebulkp.com\/wp-content\/uploads\/2023\/09\/kULX-8000-PUFF-6-1024x1024.jpg",1024,1024,true],"1536x1536":["https:\/\/vapebulkp.com\/wp-content\/uploads\/2023\/09\/kULX-8000-PUFF-6-1536x1536.jpg",1536,1536,true],"2048x2048":["https:\/\/vapebulkp.com\/wp-content\/uploads\/2023\/09\/kULX-8000-PUFF-6-2048x2048.jpg",2048,2048,true],"trp-custom-language-flag":["https:\/\/vapebulkp.com\/wp-content\/uploads\/2023\/09\/kULX-8000-PUFF-6-scaled.jpg",12,12,false],"woocommerce_thumbnail":["https:\/\/vapebulkp.com\/wp-content\/uploads\/2023\/09\/kULX-8000-PUFF-6-300x300.jpg",300,300,true],"woocommerce_single":["https:\/\/vapebulkp.com\/wp-content\/uploads\/2023\/09\/kULX-8000-PUFF-6-600x600.jpg",600,600,true],"woocommerce_gallery_thumbnail":["https:\/\/vapebulkp.com\/wp-content\/uploads\/2023\/09\/kULX-8000-PUFF-6-100x100.jpg",100,100,true],"wcpr-photo-reviews":["https:\/\/vapebulkp.com\/wp-content\/uploads\/2023\/09\/kULX-8000-PUFF-6-scaled.jpg",500,500,false]},"uagb_author_info":{"display_name":"Mandy vape bulk price","author_link":"https:\/\/vapebulkp.com\/et\/author\/"},"uagb_comment_info":1,"uagb_excerpt":"kulx 8000 puffs The emergence of disposable e-cigarettes is far ahead of the forefront of e-cigarettes. This disposable e-cigarette can hold 8,000 puffs, so you don\u2019t have to worry about running out of power during long journeys. Pls Contact Mandy's WhatsApp For Discount Price+8618077105796 NOTE: Prices on our website does not include shipping costs","_links":{"self":[{"href":"https:\/\/vapebulkp.com\/et\/wp-json\/wp\/v2\/product\/1547","targetHints":{"allow":["GET"]}}],"collection":[{"href":"https:\/\/vapebulkp.com\/et\/wp-json\/wp\/v2\/product"}],"about":[{"href":"https:\/\/vapebulkp.com\/et\/wp-json\/wp\/v2\/types\/product"}],"replies":[{"embeddable":true,"href":"https:\/\/vapebulkp.com\/et\/wp-json\/wp\/v2\/comments?post=1547"}],"wp:featuredmedia":[{"embeddable":true,"href":"https:\/\/vapebulkp.com\/et\/wp-json\/wp\/v2\/media\/1554"}],"wp:attachment":[{"href":"https:\/\/vapebulkp.com\/et\/wp-json\/wp\/v2\/media?parent=1547"}],"wp:term":[{"taxonomy":"product_cat","embeddable":true,"href":"https:\/\/vapebulkp.com\/et\/wp-json\/wp\/v2\/product_cat?post=1547"},{"taxonomy":"product_tag","embeddable":true,"href":"https:\/\/vapebulkp.com\/et\/wp-json\/wp\/v2\/product_tag?post=1547"}],"curies":[{"name":"wp","href":"https:\/\/api.w.org\/{rel}","templated":true}]}}