{"id":1560,"date":"2023-09-21T05:19:59","date_gmt":"2023-09-21T03:19:59","guid":{"rendered":"https:\/\/vapebulkp.com\/?post_type=product&#038;p=1560"},"modified":"2025-09-08T05:45:47","modified_gmt":"2025-09-08T03:45:47","slug":"wholesale-price-aroma-king-7000puffs-disposable-vape","status":"publish","type":"product","link":"https:\/\/vapebulkp.com\/et\/product\/wholesale-price-aroma-king-7000puffs-disposable-vape\/","title":{"rendered":"Hulgihind Aroma King 7000Puffs \u00fchekordselt kasutatav vape"},"content":{"rendered":"<h2>Hulgihind Aroma King 7000Puffs \u00fchekordselt kasutatav vape<\/h2>\n<p>Aroma King 7000 Puffs \u00fchekordselt kasutatav E-sigaret on suure j\u00f5udlusega ja kauakestev \u00fchekordselt kasutatav aurusti, mis on loodud Euroopa aurustamisentusiastidele, kes hindavad maitset, mugavust ja usaldusv\u00e4\u00e4rsust. See on konstrueeritud 0,8\u03a9 v\u00f5rgusilma m\u00e4hisega ja pakub umbes 7000 pahvi siledat ja tihedat auru.<\/p>\n<p>Eelt\u00e4idetud 18 ml esmaklassilise nikotiinisoola e-vedelikuga, pakub seade rahuldavaid tabamusi 2% v\u00f5i 5% nikotiinitugevusega. Selle ergonoomiline disain tagab mugava haarde, samas kui kompaktne vorm muudab selle kaasaskantavaks aurustiks, mis mahub kergesti taskutesse v\u00f5i kottidesse, sobides ideaalselt teel olles aurustamiseks.<\/p>\n<p>Elegantselt ja kasutajas\u00f5bralikult disainitud ergonoomiline \u00fchekordselt kasutatav aurusti pakub j\u00e4rjepidevat j\u00f5udlust ja esmaklassilisi maitseid alates puuviljadest kuni mentoolisegudeni, muutes iga pahvi nauditavaks ja maitsvaks. Kerge, kasutusvalmis ja vastupidavaks ehitatud 7000 Puffs \u00fchekordselt kasutatav E-sigaret sobib ideaalselt isiklikuks kasutamiseks v\u00f5i hulgim\u00fc\u00fcjale.<\/p>\n<p><img decoding=\"async\" class=\"alignnone wp-image-1726\" style=\"font-size: 1.1em;font-style: inherit;font-weight: bold\" src=\"http:\/\/vapebulkp.com\/wp-content\/uploads\/2023\/09\/Roma-King-7000-Puffs-Good-Vape.jpg\" alt=\"Roma King 7000 pihustiga hea vape\" width=\"284\" height=\"378\" srcset=\"https:\/\/vapebulkp.com\/wp-content\/uploads\/2023\/09\/Roma-King-7000-Puffs-Good-Vape.jpg 1280w, https:\/\/vapebulkp.com\/wp-content\/uploads\/2023\/09\/Roma-King-7000-Puffs-Good-Vape-225x300.jpg 225w, https:\/\/vapebulkp.com\/wp-content\/uploads\/2023\/09\/Roma-King-7000-Puffs-Good-Vape-769x1024.jpg 769w, https:\/\/vapebulkp.com\/wp-content\/uploads\/2023\/09\/Roma-King-7000-Puffs-Good-Vape-768x1022.jpg 768w, https:\/\/vapebulkp.com\/wp-content\/uploads\/2023\/09\/Roma-King-7000-Puffs-Good-Vape-1154x1536.jpg 1154w, https:\/\/vapebulkp.com\/wp-content\/uploads\/2023\/09\/Roma-King-7000-Puffs-Good-Vape-600x799.jpg 600w\" sizes=\"(max-width: 284px) 100vw, 284px\" \/><\/p>\n<h6>Soodushinna saamiseks v\u00f5tke \u00fchendust Mandy WhatsAppiga<a href=\"https:\/\/wa.me\/8618077105796\">+8618077105796<\/a><\/h6>\n<p><img decoding=\"async\" class=\"alignnone wp-image-2151\" src=\"http:\/\/vapebulkp.com\/wp-content\/uploads\/2024\/04\/Mandy-WhatsApp-Randm.jpg\" alt=\"Mandy WhatsAppi tutvustus\" width=\"303\" height=\"322\" srcset=\"https:\/\/vapebulkp.com\/wp-content\/uploads\/2024\/04\/Mandy-WhatsApp-Randm.jpg 916w, https:\/\/vapebulkp.com\/wp-content\/uploads\/2024\/04\/Mandy-WhatsApp-Randm-282x300.jpg 282w, https:\/\/vapebulkp.com\/wp-content\/uploads\/2024\/04\/Mandy-WhatsApp-Randm-768x817.jpg 768w, https:\/\/vapebulkp.com\/wp-content\/uploads\/2024\/04\/Mandy-WhatsApp-Randm-600x638.jpg 600w\" sizes=\"(max-width: 303px) 100vw, 303px\" \/><\/p>\n<h2><span style=\"vertical-align: inherit\">Arvasime, et teile v\u00f5iks meeldida teada saada Aroma King 7000 Puffs kohta:<\/span><\/h2>\n<h5 class=\"style-scope ytd-watch-metadata\">1. Kuidas kasutada hulgiostetavat Roma King 7000 Puffs aurustit?<\/h5>\n<p>1. samm: Enne 7k pahvi kasutamist eemaldage plastikust toru.<\/p>\n<p>2. samm. Oodake umbes 3 minutit, et mahl j\u00f5uaks spiraali sisse.<\/p>\n<p>3. samm. Nautige<\/p>\n<h5>2. Kuidas laadida \u00fchekordselt kasutatavat Roma King 7000 pahvi seadet?<\/h5>\n<p>Kiirlaadimise laadijaid ei saa kasutada, ja \u00fchekordselt kasutatavate e-sigarettide standardne ohutu v\u00f5imsus on 5V 1A.<\/p>\n<p>Iga laadimisaeg ei tohi \u00fcletada 1 tund ja ohutu laadimisaeg on pool tundi.<\/p>\n<p>M\u00e4rkus: ei tohi laadida terve \u00f6\u00f6!<\/p>\n<h5>3. Mis on Roma King 7000 Puffs WAPE e-vedeliku maht?<\/h5>\n<p>\u2014\u201418ml<\/p>\n<h5>4. Mitu pahvi saan ma Roma King 7000 Puffsiga teha?<\/h5>\n<p>\u2014\u20137000 pahvi<\/p>\n<h3><strong><span style=\"vertical-align: inherit\">Roma King 7000 Puffs aurustite spetsifikatsioon:<\/span><br \/>\n<\/strong><\/h3>\n<p>Aku: 850mAh (Type C)<br \/>\nMahutavus: 18 ml<br \/>\nKoil: 0.8 ohm v\u00f5rk<br \/>\nLigikaudne pahvide arv: 7000 pahvi<br \/>\nNikotiini tugevus: 21mg,51mg<br \/>\nMOQ: 50 tk<\/p>\n<h3><strong>Hulgihind Vape Roma King 7000 Puffs maitsete nimekiri:<\/strong><\/h3>\n<p><strong>1. Segamarjad<\/strong><\/p>\n<p><strong>2. Maasikas arbuus<\/strong><\/p>\n<p><strong>3. Suhkrustatud vatt<\/strong><\/p>\n<p><strong>4. Maasikas kiivi<\/strong><\/p>\n<p><strong>5.H\u00e4rra sinine<\/strong><\/p>\n<p><strong>6.\u00d5un Virsik Pirn<\/strong><\/p>\n<p><strong>7.Mustika Granaat\u00f5un<\/strong><\/p>\n<p><strong>8.Kiivi Passionivilja Guajaav<\/strong><\/p>\n<p><strong>9.Kirsi Koola<\/strong><\/p>\n<p><strong>10.Virsiku Mustika Kommid<\/strong><\/p>\n<p><strong>11.Maasikavee melon<\/strong><\/p>\n<p><strong>12.Sinise Vaarika Kirss<\/strong><\/p>\n<p><strong>13.Sinine Vaarikas<\/strong><\/p>\n<p><strong>14.Kummikaru<\/strong><\/p>\n<p><strong>15.Punane Energia J\u00e4\u00e4<\/strong><\/p>\n<p><strong>16.Punane \u00d5una J\u00e4\u00e4<\/strong><\/p>\n<p><strong>17.Mustikabuumikumm<\/strong><\/p>\n<p><strong>18.Sinine Hapukas Vaarikas<\/strong><\/p>\n<p><strong>19.Skittles<\/strong><\/p>\n<p><a href=\"https:\/\/vapebulkp.com\/et\/product\/wholesale-price-disposable-vape-crystal-600-puffs\/\"><span style=\"vertical-align: inherit\">Hea m\u00fc\u00fck Kristall 600 Puffs <\/span><\/a><\/p>\n<p><span style=\"vertical-align: inherit\">Leia rohkem tooteid, mis sulle meeldida v\u00f5iksid:<\/span><em><a href=\"https:\/\/wa.me\/8618077105796\"><span style=\"vertical-align: inherit\">\u00a0Osta kohe<\/span><\/a><\/em><\/p>\n<p><span style=\"vertical-align: inherit\">Teised e-sigaretid, mis sulle meeldida v\u00f5ivad:<\/span><a href=\"https:\/\/vapebulkp.com\/et\/product\/popular-randm-tornado-7000puffs-disposable-vape-best-price\/\"><span style=\"vertical-align: inherit\">RandM Tornado 7000 T\u00f5mmet<\/span><\/a><span style=\"vertical-align: inherit\">\u3001<\/span><a href=\"https:\/\/vapebulkp.com\/et\/product\/good-sale-randm-tornado-10000-puffs-plus\/\"><span style=\"vertical-align: inherit\">Tornado 10000 t\u00f5mmet<\/span><\/a><span style=\"vertical-align: inherit\">\/ <\/span><a href=\"https:\/\/vapebulkp.com\/et\/product\/popular-kulx-10000puffs-disposable-vape-good-price\/\"><span style=\"vertical-align: inherit\">Kulx 10000 T\u00f5mmet<\/span><\/a><span style=\"vertical-align: inherit\">\/ <\/span><a href=\"https:\/\/vapebulkp.com\/et\/product\/wholesale-kulx-8000-puffs-disposable-vape\/\"><span style=\"vertical-align: inherit\">Kulx 8000 t\u00f5mmet<\/span><\/a><\/p>\n<p><span style=\"vertical-align: inherit\">Erilise kujuga e-sigareti pudel:<\/span><a href=\"https:\/\/vapebulkp.com\/et\/product\/bang-king-12000puffs\/\"><span style=\"vertical-align: inherit\">Bang King 12000 Puhvi<\/span><\/a><span style=\"vertical-align: inherit\">\/ <\/span><a href=\"https:\/\/vapebulkp.com\/et\/product\/popular-vape-bang-king-15000-puffs-bang-vape\/\"><span style=\"vertical-align: inherit\">Bang King 15000 pahvi <\/span><\/a><span style=\"vertical-align: inherit\">\/<\/span><a href=\"https:\/\/vapebulkp.com\/et\/product\/bulk-buy-vapetop-sale-breze-7500-puffs-sweden\/\"><span style=\"vertical-align: inherit\">Breze 7500 t\u00f5mmet<\/span><\/a><\/p>\n<h4>Saatmisinfo:<\/h4>\n<p><span style=\"color: #ff6600\">Tootmisaeg: 5-10 t\u00f6\u00f6p\u00e4eva<\/span><br \/>\n<span style=\"color: #ff6600\">Saatmisaeg: 8-14 t\u00f6\u00f6p\u00e4eva<\/span><\/p>\n<p>K\u00f5ik meie poe tooted on 100% originaalsed ja autentsed, seega on v\u00f5ltsitud kaupade eest k\u00fcmnekordne h\u00fcvitis meie poe poliitika. Kasutame kaupade teile tarnimiseks logistikakanaleid nagu UPS\/DHL\/FEDEX\/DPD.<\/p>\n<p>Eestisse saadetud pakkide kohalej\u00f5udmine v\u00f5tab tavaliselt aega 10 t\u00f6\u00f6p\u00e4eva. Euroopa riikidesse saatmine v\u00f5tab tavaliselt aega 12 kuni 15 t\u00f6\u00f6p\u00e4eva. Uuendame logistikainfot teie jaoks reaalajas.<\/p>\n<h5>Hea m\u00fc\u00fcgij\u00e4rgne teenindus:<\/h5>\n<p><span style=\"color: #ff6600\">Teade: Kvaliteediprobleemide puudumisel raha ei tagastata ega vahetata<\/span><br \/>\n1. Kliendid saavad valida soovitud maitse, kuid kui maitset pole laos, valib tootmisosakond asenduseks populaarse maitse. Kliendid ei saa maitsete alusel taotleda raha tagastamist ega vahetamist.<\/p>\n<p>2. Kvaliteediprobleemide ilmnemisel esitage \u00fcksikasjalikud video- ja pildikirjeldused.<br \/>\nKui te ei saa esitada t\u00f5endeid, nagu videod ja fotod, ei saa kaupa vahetada.<\/p>\n<h5>Asjad, mida v\u00f5iksite teada e-sigarettide kohta:<\/h5>\n<p>K: Mis on elektrooniline sigaret (e-sigaret)?<br \/>\nV: Elektrooniline sigaret, tuntud ka kui e-sigaret, on akutoitega seade, mis on loodud vedela lahuse aurustamiseks, sisaldades sageli nikotiini v\u00f5i nikotiinivabu aineid, sissehingamiseks. Erinevalt traditsioonilistest sigarettidest toodavad e-sigaretid suitsu asemel auru.<\/p>\n<p>K: Kuidas e-sigaretid t\u00f6\u00f6tavad?<br \/>\nV: E-sigaretid toimivad kassetis v\u00f5i paagis oleva e-vedeliku kuumutamise teel. See kuumutusprotsess muudab vedeliku auruks, mida kasutajad sisse hingavad. See aur sisaldab nikotiini (erinevates kontsentratsioonides) ja maitseaineid.<\/p>\n<p>K: Kas e-sigarettide jaoks on olemas erinevaid maitsevalikuid?<br \/>\nV: Jah, e-sigaretid pakuvad laias valikus maitseid, sealhulgas puuvilja-, magustoidu-, mentooli-, tubaka- ja paljusid teisi. Need mitmekesised maitsevalikud vastavad erinevatele eelistustele.<\/p>\n<p>K: Millise nikotiinitugevuse peaksin valima?<br \/>\nV: Nikotiini tugevuse valik s\u00f5ltub indiviidi suitsetamisharjumustest. Need, kes on harjunud tugevalt suitsetama, v\u00f5ivad valida k\u00f5rgema nikotiinisisaldusega tooted, samas kui kerged suitsetajad v\u00f5i need, kes soovivad suitsetamisest loobuda, v\u00f5ivad alustada madalama kontsentratsiooniga.<\/p>\n<p>K: Kas e-sigaretid aitavad suitsetamisest loobuda?<br \/>\nV: M\u00f5ned inimesed kasutavad e-sigarette abivahendina suitsetamisest loobumisel. Need pakuvad alternatiivset nikotiini allikat, v\u00e4hendades samal ajal kokkupuudet traditsioonilistes sigarettides leiduvate kahjulike ainetega. Siiski on e-sigarettide kasutamise edukus suitsetamisest loobumisel inimestel erinev. Enne kui toetute suitsetamisest loobumisel ainult e-sigarettidele, on soovitatav k\u00fcsida n\u00f5u tervishoiut\u00f6\u00f6tajalt.<\/p>\n<p>K: Kas e-sigaretid vajavad hooldust?<br \/>\nV: Enamik e-sigarette on loodud olema v\u00e4hese hooldusega. Need v\u00f5ivad olla \u00fchekordselt kasutatavad v\u00f5i laetavad. \u00dcldiselt peavad kasutajad e-vedeliku padrunit vahetama v\u00f5i akut laadima, ilma et peaksid sagedaste osade vahetustega vaeva n\u00e4gema.<\/p>\n<p>&nbsp;<\/p>","protected":false},"excerpt":{"rendered":"<p>Kui otsite \u00fclimat aurustamise mugavust maitses ohverdamata, on Roma King 7000 Puffs \u00fchekordselt kasutatav e-sigaret teie vastus. See uuenduslik seade pakub 8500 pahvi puhast naudingut elegantses ja \u00fchekordselt kasutatavas pakendis.<\/p>\n<p><img decoding=\"async\" class=\"alignnone wp-image-2151\" src=\"http:\/\/vapebulkp.com\/wp-content\/uploads\/2024\/04\/Mandy-WhatsApp-Randm.jpg\" alt=\"Mandy WhatsAppi tutvustus\" width=\"289\" height=\"307\" srcset=\"https:\/\/vapebulkp.com\/wp-content\/uploads\/2024\/04\/Mandy-WhatsApp-Randm.jpg 916w, https:\/\/vapebulkp.com\/wp-content\/uploads\/2024\/04\/Mandy-WhatsApp-Randm-282x300.jpg 282w, https:\/\/vapebulkp.com\/wp-content\/uploads\/2024\/04\/Mandy-WhatsApp-Randm-768x817.jpg 768w, https:\/\/vapebulkp.com\/wp-content\/uploads\/2024\/04\/Mandy-WhatsApp-Randm-600x638.jpg 600w\" sizes=\"(max-width: 289px) 100vw, 289px\" \/><\/p>\n<p>Soodushinna saamiseks v\u00f5tke \u00fchendust Mandy WhatsAppiga<a href=\"https:\/\/wa.me\/8618077105796\">+8618077105796<\/a><\/p>\n<p><span style=\"color: #ff0000\">M\u00c4RKUS: Meie veebisaidi hinnad ei sisalda saatmiskulusid<\/span><\/p>","protected":false},"featured_media":1726,"comment_status":"open","ping_status":"closed","template":"","meta":{"_uag_custom_page_level_css":"","_lmt_disableupdate":"no","_lmt_disable":"","site-sidebar-layout":"default","site-content-layout":"content-boxed-container","ast-site-content-layout":"normal-width-container","site-content-style":"boxed","site-sidebar-style":"unboxed","ast-global-header-display":"","ast-banner-title-visibility":"","ast-main-header-display":"","ast-hfb-above-header-display":"","ast-hfb-below-header-display":"","ast-hfb-mobile-header-display":"","site-post-title":"","ast-breadcrumbs-content":"","ast-featured-img":"","footer-sml-layout":"","theme-transparent-header-meta":"default","adv-header-id-meta":"","stick-header-meta":"","header-above-stick-meta":"","header-main-stick-meta":"","header-below-stick-meta":"","astra-migrate-meta-layouts":"set","_joinchat":[]},"product_cat":[170,153,155,33,59,100,34,158,157,154,152,58,84,156,63,32],"product_tag":[54,36,37,41,40,95],"class_list":["post-1560","product","type-product","status-publish","has-post-thumbnail","hentry","product_cat-7000-puffs-disposable-vape","product_cat-hot-disposable-vapes","product_cat-belgium-hot-disposable-vapes","product_cat-france-vape-hot-sale","product_cat-germany-hot-disposable-vape","product_cat-germany-wholesale-vape-shop","product_cat-netherlands-vape-good-sale","product_cat-norway-hot-disposable-vapes","product_cat-poland-hot-disposable-vapes","product_cat-portugal-hot-disposable-vapes","product_cat-spain-hot-disposable-vapes","product_cat-sweden-hot-disposable-vape","product_cat-sweden-wholesale-vape","product_cat-switzerland-hot-disposable-vapes","product_cat-top-sale-disposable-vape","product_cat-vape-hot-sale-this-week","product_tag-7000puffs","product_tag-good-vape","product_tag-hot-sale-disposable-vape","product_tag-poland-hot-vape","product_tag-sweden-hot-vape","product_tag-wholeasle-vape-aroma-king-7000-puffs","desktop-align-left","tablet-align-left","mobile-align-left"],"yoast_head":"<!-- This site is optimized with the Yoast SEO plugin v21.1 - https:\/\/yoast.com\/wordpress\/plugins\/seo\/ -->\n<title>Wholesale Price Aroma King 7000Puffs Disposable Vape - vapebulkp.com<\/title>\n<meta name=\"description\" content=\"Wholesale Price Aroma King 7000Puffs Disposable Vape Elevate your vaping game with the Puffs Disposable E-Cigarette and experience vaping like never before.\" \/>\n<meta name=\"robots\" content=\"index, follow, max-snippet:-1, max-image-preview:large, max-video-preview:-1\" \/>\n<link rel=\"canonical\" href=\"https:\/\/vapebulkp.com\/et\/product\/wholesale-price-aroma-king-7000puffs-disposable-vape\/\" \/>\n<meta property=\"og:locale\" content=\"et_EE\" \/>\n<meta property=\"og:type\" content=\"article\" \/>\n<meta property=\"og:title\" content=\"Wholesale Price Aroma King 7000Puffs Disposable Vape - vapebulkp.com\" \/>\n<meta property=\"og:description\" content=\"Wholesale Price Aroma King 7000Puffs Disposable Vape Elevate your vaping game with the Puffs Disposable E-Cigarette and experience vaping like never before.\" \/>\n<meta property=\"og:url\" content=\"https:\/\/vapebulkp.com\/et\/product\/wholesale-price-aroma-king-7000puffs-disposable-vape\/\" \/>\n<meta property=\"og:site_name\" content=\"vapebulkp.com\" \/>\n<meta property=\"article:modified_time\" content=\"2025-09-08T03:45:47+00:00\" \/>\n<meta property=\"og:image\" content=\"http:\/\/vapebulkp.com\/wp-content\/uploads\/2023\/09\/Roma-King-7000-Puffs-Good-Vape.jpg\" \/>\n\t<meta property=\"og:image:width\" content=\"1280\" \/>\n\t<meta property=\"og:image:height\" content=\"1704\" \/>\n\t<meta property=\"og:image:type\" content=\"image\/jpeg\" \/>\n<meta name=\"twitter:card\" content=\"summary_large_image\" \/>\n<meta name=\"twitter:label1\" content=\"Est. reading time\" \/>\n\t<meta name=\"twitter:data1\" content=\"5 minutit\" \/>\n<script type=\"application\/ld+json\" class=\"yoast-schema-graph\">{\"@context\":\"https:\/\/schema.org\",\"@graph\":[{\"@type\":\"WebPage\",\"@id\":\"https:\/\/vapebulkp.com\/product\/wholesale-price-aroma-king-7000puffs-disposable-vape\/\",\"url\":\"https:\/\/vapebulkp.com\/product\/wholesale-price-aroma-king-7000puffs-disposable-vape\/\",\"name\":\"Wholesale Price Aroma King 7000Puffs Disposable Vape - vapebulkp.com\",\"isPartOf\":{\"@id\":\"https:\/\/vapebulkp.com\/#website\"},\"datePublished\":\"2023-09-21T03:19:59+00:00\",\"dateModified\":\"2025-09-08T03:45:47+00:00\",\"description\":\"Wholesale Price Aroma King 7000Puffs Disposable Vape Elevate your vaping game with the Puffs Disposable E-Cigarette and experience vaping like never before.\",\"breadcrumb\":{\"@id\":\"https:\/\/vapebulkp.com\/product\/wholesale-price-aroma-king-7000puffs-disposable-vape\/#breadcrumb\"},\"inLanguage\":\"et\",\"potentialAction\":[{\"@type\":\"ReadAction\",\"target\":[\"https:\/\/vapebulkp.com\/product\/wholesale-price-aroma-king-7000puffs-disposable-vape\/\"]}]},{\"@type\":\"BreadcrumbList\",\"@id\":\"https:\/\/vapebulkp.com\/product\/wholesale-price-aroma-king-7000puffs-disposable-vape\/#breadcrumb\",\"itemListElement\":[{\"@type\":\"ListItem\",\"position\":1,\"name\":\"Home\",\"item\":\"https:\/\/vapebulkp.com\/\"},{\"@type\":\"ListItem\",\"position\":2,\"name\":\"Hot Trend Vapes\",\"item\":\"https:\/\/vapebulkp.com\/vape-shop\/\"},{\"@type\":\"ListItem\",\"position\":3,\"name\":\"Wholesale Price Aroma King 7000Puffs Disposable Vape\"}]},{\"@type\":\"WebSite\",\"@id\":\"https:\/\/vapebulkp.com\/#website\",\"url\":\"https:\/\/vapebulkp.com\/\",\"name\":\"vapebulkp.com\",\"description\":\"Buy Vape In Cheap Bulk Price Near you\",\"publisher\":{\"@id\":\"https:\/\/vapebulkp.com\/#organization\"},\"potentialAction\":[{\"@type\":\"SearchAction\",\"target\":{\"@type\":\"EntryPoint\",\"urlTemplate\":\"https:\/\/vapebulkp.com\/?s={search_term_string}\"},\"query-input\":\"required name=search_term_string\"}],\"inLanguage\":\"et\"},{\"@type\":\"Organization\",\"@id\":\"https:\/\/vapebulkp.com\/#organization\",\"name\":\"vapebulkp.com\",\"url\":\"https:\/\/vapebulkp.com\/\",\"logo\":{\"@type\":\"ImageObject\",\"inLanguage\":\"et\",\"@id\":\"https:\/\/vapebulkp.com\/#\/schema\/logo\/image\/\",\"url\":\"https:\/\/vapebulkp.com\/wp-content\/uploads\/2023\/09\/cropped-vapebulkp.png\",\"contentUrl\":\"https:\/\/vapebulkp.com\/wp-content\/uploads\/2023\/09\/cropped-vapebulkp.png\",\"width\":516,\"height\":163,\"caption\":\"vapebulkp.com\"},\"image\":{\"@id\":\"https:\/\/vapebulkp.com\/#\/schema\/logo\/image\/\"}}]}<\/script>\n<!-- \/ Yoast SEO plugin. -->","yoast_head_json":{"title":"Wholesale Price Aroma King 7000Puffs Disposable Vape - vapebulkp.com","description":"Wholesale Price Aroma King 7000Puffs Disposable Vape Elevate your vaping game with the Puffs Disposable E-Cigarette and experience vaping like never before.","robots":{"index":"index","follow":"follow","max-snippet":"max-snippet:-1","max-image-preview":"max-image-preview:large","max-video-preview":"max-video-preview:-1"},"canonical":"https:\/\/vapebulkp.com\/et\/product\/wholesale-price-aroma-king-7000puffs-disposable-vape\/","og_locale":"et_EE","og_type":"article","og_title":"Wholesale Price Aroma King 7000Puffs Disposable Vape - vapebulkp.com","og_description":"Wholesale Price Aroma King 7000Puffs Disposable Vape Elevate your vaping game with the Puffs Disposable E-Cigarette and experience vaping like never before.","og_url":"https:\/\/vapebulkp.com\/et\/product\/wholesale-price-aroma-king-7000puffs-disposable-vape\/","og_site_name":"vapebulkp.com","article_modified_time":"2025-09-08T03:45:47+00:00","og_image":[{"width":1280,"height":1704,"url":"http:\/\/vapebulkp.com\/wp-content\/uploads\/2023\/09\/Roma-King-7000-Puffs-Good-Vape.jpg","type":"image\/jpeg"}],"twitter_card":"summary_large_image","twitter_misc":{"Est. reading time":"5 minutit"},"schema":{"@context":"https:\/\/schema.org","@graph":[{"@type":"WebPage","@id":"https:\/\/vapebulkp.com\/product\/wholesale-price-aroma-king-7000puffs-disposable-vape\/","url":"https:\/\/vapebulkp.com\/product\/wholesale-price-aroma-king-7000puffs-disposable-vape\/","name":"Wholesale Price Aroma King 7000Puffs Disposable Vape - vapebulkp.com","isPartOf":{"@id":"https:\/\/vapebulkp.com\/#website"},"datePublished":"2023-09-21T03:19:59+00:00","dateModified":"2025-09-08T03:45:47+00:00","description":"Wholesale Price Aroma King 7000Puffs Disposable Vape Elevate your vaping game with the Puffs Disposable E-Cigarette and experience vaping like never before.","breadcrumb":{"@id":"https:\/\/vapebulkp.com\/product\/wholesale-price-aroma-king-7000puffs-disposable-vape\/#breadcrumb"},"inLanguage":"et","potentialAction":[{"@type":"ReadAction","target":["https:\/\/vapebulkp.com\/product\/wholesale-price-aroma-king-7000puffs-disposable-vape\/"]}]},{"@type":"BreadcrumbList","@id":"https:\/\/vapebulkp.com\/product\/wholesale-price-aroma-king-7000puffs-disposable-vape\/#breadcrumb","itemListElement":[{"@type":"ListItem","position":1,"name":"Home","item":"https:\/\/vapebulkp.com\/"},{"@type":"ListItem","position":2,"name":"Hot Trend Vapes","item":"https:\/\/vapebulkp.com\/vape-shop\/"},{"@type":"ListItem","position":3,"name":"Wholesale Price Aroma King 7000Puffs Disposable Vape"}]},{"@type":"WebSite","@id":"https:\/\/vapebulkp.com\/#website","url":"https:\/\/vapebulkp.com\/","name":"vapebulkp.com","description":"Buy Vape In Cheap Bulk Price Near you","publisher":{"@id":"https:\/\/vapebulkp.com\/#organization"},"potentialAction":[{"@type":"SearchAction","target":{"@type":"EntryPoint","urlTemplate":"https:\/\/vapebulkp.com\/?s={search_term_string}"},"query-input":"required name=search_term_string"}],"inLanguage":"et"},{"@type":"Organization","@id":"https:\/\/vapebulkp.com\/#organization","name":"vapebulkp.com","url":"https:\/\/vapebulkp.com\/","logo":{"@type":"ImageObject","inLanguage":"et","@id":"https:\/\/vapebulkp.com\/#\/schema\/logo\/image\/","url":"https:\/\/vapebulkp.com\/wp-content\/uploads\/2023\/09\/cropped-vapebulkp.png","contentUrl":"https:\/\/vapebulkp.com\/wp-content\/uploads\/2023\/09\/cropped-vapebulkp.png","width":516,"height":163,"caption":"vapebulkp.com"},"image":{"@id":"https:\/\/vapebulkp.com\/#\/schema\/logo\/image\/"}}]}},"uagb_featured_image_src":{"full":["https:\/\/vapebulkp.com\/wp-content\/uploads\/2023\/09\/Roma-King-7000-Puffs-Good-Vape.jpg",1280,1704,false],"thumbnail":["https:\/\/vapebulkp.com\/wp-content\/uploads\/2023\/09\/Roma-King-7000-Puffs-Good-Vape-150x150.jpg",150,150,true],"medium":["https:\/\/vapebulkp.com\/wp-content\/uploads\/2023\/09\/Roma-King-7000-Puffs-Good-Vape-225x300.jpg",225,300,true],"medium_large":["https:\/\/vapebulkp.com\/wp-content\/uploads\/2023\/09\/Roma-King-7000-Puffs-Good-Vape-768x1022.jpg",768,1022,true],"large":["https:\/\/vapebulkp.com\/wp-content\/uploads\/2023\/09\/Roma-King-7000-Puffs-Good-Vape-769x1024.jpg",769,1024,true],"1536x1536":["https:\/\/vapebulkp.com\/wp-content\/uploads\/2023\/09\/Roma-King-7000-Puffs-Good-Vape-1154x1536.jpg",1154,1536,true],"2048x2048":["https:\/\/vapebulkp.com\/wp-content\/uploads\/2023\/09\/Roma-King-7000-Puffs-Good-Vape.jpg",1280,1704,false],"trp-custom-language-flag":["https:\/\/vapebulkp.com\/wp-content\/uploads\/2023\/09\/Roma-King-7000-Puffs-Good-Vape.jpg",9,12,false],"woocommerce_thumbnail":["https:\/\/vapebulkp.com\/wp-content\/uploads\/2023\/09\/Roma-King-7000-Puffs-Good-Vape-300x300.jpg",300,300,true],"woocommerce_single":["https:\/\/vapebulkp.com\/wp-content\/uploads\/2023\/09\/Roma-King-7000-Puffs-Good-Vape-600x799.jpg",600,799,true],"woocommerce_gallery_thumbnail":["https:\/\/vapebulkp.com\/wp-content\/uploads\/2023\/09\/Roma-King-7000-Puffs-Good-Vape-100x100.jpg",100,100,true],"wcpr-photo-reviews":["https:\/\/vapebulkp.com\/wp-content\/uploads\/2023\/09\/Roma-King-7000-Puffs-Good-Vape.jpg",376,500,false]},"uagb_author_info":{"display_name":"Mandy vape bulk price","author_link":"https:\/\/vapebulkp.com\/et\/author\/"},"uagb_comment_info":1,"uagb_excerpt":"If you're seeking the ultimate vaping convenience without sacrificing flavor, the Roma King 7000 Puffs Disposable E-Cigarette is your answer. This innovative device offers an astounding 8500 puffs of pure satisfaction in a sleek and disposable package. Pls Contact Mandy's WhatsApp For Discount Price+8618077105796 NOTE: Prices on our website does not include shipping costs","_links":{"self":[{"href":"https:\/\/vapebulkp.com\/et\/wp-json\/wp\/v2\/product\/1560","targetHints":{"allow":["GET"]}}],"collection":[{"href":"https:\/\/vapebulkp.com\/et\/wp-json\/wp\/v2\/product"}],"about":[{"href":"https:\/\/vapebulkp.com\/et\/wp-json\/wp\/v2\/types\/product"}],"replies":[{"embeddable":true,"href":"https:\/\/vapebulkp.com\/et\/wp-json\/wp\/v2\/comments?post=1560"}],"wp:featuredmedia":[{"embeddable":true,"href":"https:\/\/vapebulkp.com\/et\/wp-json\/wp\/v2\/media\/1726"}],"wp:attachment":[{"href":"https:\/\/vapebulkp.com\/et\/wp-json\/wp\/v2\/media?parent=1560"}],"wp:term":[{"taxonomy":"product_cat","embeddable":true,"href":"https:\/\/vapebulkp.com\/et\/wp-json\/wp\/v2\/product_cat?post=1560"},{"taxonomy":"product_tag","embeddable":true,"href":"https:\/\/vapebulkp.com\/et\/wp-json\/wp\/v2\/product_tag?post=1560"}],"curies":[{"name":"wp","href":"https:\/\/api.w.org\/{rel}","templated":true}]}}