{"id":1607,"date":"2023-09-28T06:04:12","date_gmt":"2023-09-28T04:04:12","guid":{"rendered":"https:\/\/vapebulkp.com\/?post_type=product&#038;p=1607"},"modified":"2025-09-01T05:22:24","modified_gmt":"2025-09-01T03:22:24","slug":"wholesale-price-og-super-smash-10000-puffs-disposable-vape","status":"publish","type":"product","link":"https:\/\/vapebulkp.com\/et\/product\/wholesale-price-og-super-smash-10000-puffs-disposable-vape\/","title":{"rendered":"Hulgim\u00fc\u00fcgihind OG Super Smash 10000 Puffs \u00dchekordne Vape"},"content":{"rendered":"<h2>Mis on OG Super Smash 10000 pahvi \u00fchekordselt kasutatava e-sigareti hulgim\u00fc\u00fcgihind?<\/h2>\n<p data-start=\"113\" data-end=\"430\">Veip <strong data-start=\"117\" data-end=\"163\">OG Super Smash <a href=\"https:\/\/vapebulkp.com\/et\/product-category\/10000-puffs-disposable-vape\/\">10000 pahvi \u00fchekordselt kasutatav e-sigaret<\/a>e<\/strong> on esmaklassiline <strong data-start=\"177\" data-end=\"200\">\u00fchekordselt kasutatav e-sigareti seade<\/strong> loodud sujuvaks ja maitsvaks veipimiseks esimesest kuni viimase pahvini. Kompaktse disainiga seadmel on 650 mAh Type-C laetav aku ja 18 ml eelt\u00e4idetud nikotiinisoolaga e-vedelik, mis tagab kuni 10 000 pahvi.<\/p>\n<p data-start=\"432\" data-end=\"681\">0,8\u03a9 v\u00f5rgusilma m\u00e4hisega varustatud seade tagab igal t\u00f5mbel rikkaliku, \u00fchtlase maitse ja tiheda auru. Vali eelistuste j\u00e4rgi 2% v\u00f5i 5% nikotiini tugevus. Selle elegantne, kaasaskantav disain teeb selle ideaalseks igap\u00e4evaseks v\u00f5i liikvel olles veipimiseks.<\/p>\n<p data-start=\"683\" data-end=\"888\">Ideaalne hulgim\u00fc\u00fcgiks v\u00f5i jaem\u00fc\u00fcgiks Eestis, see <strong data-start=\"729\" data-end=\"759\">OG Super Smash 10000 pahviga veipimise seade <\/strong>\u00fchendab suure mahutavusega veipimise, pikaajalise j\u00f5udluse ja suurep\u00e4rase maitse \u00fches usaldusv\u00e4\u00e4rses seadmes. <strong data-start=\"853\" data-end=\"885\">laetav \u00fchekordselt kasutatav vape<\/strong>.<\/p>\n<h6 style=\"text-align: left\"><img decoding=\"async\" class=\"alignnone size-full wp-image-1742\" src=\"http:\/\/vapebulkp.com\/wp-content\/uploads\/2023\/09\/OG-SUPER-SMASH-10000-VAPE-POD-Bulk-Price-1.jpg\" alt=\"OG SUPER SMASH 10000 VAPE POD Hulgihind\" width=\"500\" height=\"500\" srcset=\"https:\/\/vapebulkp.com\/wp-content\/uploads\/2023\/09\/OG-SUPER-SMASH-10000-VAPE-POD-Bulk-Price-1.jpg 500w, https:\/\/vapebulkp.com\/wp-content\/uploads\/2023\/09\/OG-SUPER-SMASH-10000-VAPE-POD-Bulk-Price-1-300x300.jpg 300w, https:\/\/vapebulkp.com\/wp-content\/uploads\/2023\/09\/OG-SUPER-SMASH-10000-VAPE-POD-Bulk-Price-1-150x150.jpg 150w, https:\/\/vapebulkp.com\/wp-content\/uploads\/2023\/09\/OG-SUPER-SMASH-10000-VAPE-POD-Bulk-Price-1-100x100.jpg 100w\" sizes=\"(max-width: 500px) 100vw, 500px\" \/><\/h6>\n<h6>Soodushinna saamiseks v\u00f5tke \u00fchendust Mandy WhatsAppiga<a href=\"https:\/\/wa.me\/8618077105796\">+8618077105796<\/a><\/h6>\n<p><img decoding=\"async\" class=\"alignnone wp-image-2151\" src=\"http:\/\/vapebulkp.com\/wp-content\/uploads\/2024\/04\/Mandy-WhatsApp-Randm.jpg\" alt=\"Mandy WhatsAppi tutvustus\" width=\"260\" height=\"276\" srcset=\"https:\/\/vapebulkp.com\/wp-content\/uploads\/2024\/04\/Mandy-WhatsApp-Randm.jpg 916w, https:\/\/vapebulkp.com\/wp-content\/uploads\/2024\/04\/Mandy-WhatsApp-Randm-282x300.jpg 282w, https:\/\/vapebulkp.com\/wp-content\/uploads\/2024\/04\/Mandy-WhatsApp-Randm-768x817.jpg 768w, https:\/\/vapebulkp.com\/wp-content\/uploads\/2024\/04\/Mandy-WhatsApp-Randm-600x638.jpg 600w\" sizes=\"(max-width: 260px) 100vw, 260px\" \/><\/p>\n<h2><span style=\"vertical-align: inherit\">Arvasime, et v\u00f5iksite teada saada OG Super Smash 10k pahvi kohta:<\/span><\/h2>\n<ol>\n<li>Mis on OG Super Smash 10000 pahvi hulgim\u00fc\u00fcgi e-vedeliku maht?\u00a0 \u00a0 \u00a0 \u00a0 \u00a0 \u00a0\u2014-Sisaldab 20 ml kvaliteetset e-vedelikku<\/li>\n<li>Millised on saadaolevad nikotiini tugevuse valikud OG Smash 10000 pahvi hulgim\u00fc\u00fcgi e-sigaretil?\u00a0 \u00a0 \u00a0 \u00a0 \u00a0 \u00a0 \u00a0\u20142% 5%<\/li>\n<li>Mitu pahvi saan sellest OG Super Smash 10000 pahvi hulgim\u00fc\u00fcgi seadmest v\u00f5tta?\u00a0 \u00a0 \u00a0 \u00a0 \u00a0 \u00a0 \u00a0 \u00a0 \u00a0 \u00a0 \u00a0\u2013Kasutamiseks on saadaval 10 000 pahvi.<\/li>\n<li>Kuidas laadida OG Super Smash 10k pahvi hulgim\u00fc\u00fcgi e-sigareti KOMPLEKTI?\u00a0 \u00a0 \u00a0 \u00a0 \u00a0 \u00a0 \u00a0 \u00a0 \u00a0 \u00a0\u2014-Kiirlaadimislaadijaid ei saa kasutada. \u00dchekordselt kasutatavate e-sigarettide standardne ohutu v\u00f5imsus on 5V 1A. Iga laadimisaeg ei tohi \u00fcletada 1 tundi ja ohutu laadimisaeg on pool tundi.<\/li>\n<li>Mis on OG Super Smash 10000 hulgim\u00fc\u00fcgi seadme aku mahutavus?\u00a0 \u00a0 \u00a0 \u00a0 \u00a0 \u00a0 \u00a0 \u00a0 \u00a0 \u2014-650 mAh aku mahtuvus<\/li>\n<li>Mis on OG Super Smash 10000 pahvi VAPE BAR hulgim\u00fc\u00fcgi minimaalne tellimiskogus (MOQ)?\u00a0 \u00a0 \u00a0 \u00a0 \u00a0 \u00a0 \u00a0 \u00a0\u2014Selle toote puhul on minimaalne tellimiskogus 100 tk.<\/li>\n<\/ol>\n<h3><span style=\"vertical-align: inherit\">Enimm\u00fc\u00fcdud e-sigaret OG Super Smash 10000 pahvi toode <\/span><strong><span style=\"vertical-align: inherit\">Spetsifikatsioon\uff1a<\/span><br \/>\n<\/strong><\/h3>\n<p>Aku: 650mAh (Type C)<br \/>\nMahutavus: 20 ml<br \/>\nKoil: 0.8 ohm v\u00f5rk<br \/>\nLigikaudne imemisv\u00f5imsus: 10000 pihustust<br \/>\nNikotiini tugevus: 21mg,51mg<br \/>\nMOQ: 100 tk<\/p>\n<h3><strong>Mis on parim veip\u00a0<\/strong><span style=\"vertical-align: inherit\">OG Super Smash 10 000 suitsu<\/span><strong>?<\/strong><\/h3>\n<p>&nbsp;<\/p>\n<p>1.Sinine vaarikas kirss<br \/>\n2. Sinine vaarikas j\u00e4\u00e4<br \/>\n3.Mustikas kirss j\u00f5hvikas<br \/>\n4. Mustika-vaarikas<br \/>\n5.Mustikas hapukas vaarikas<br \/>\n6.Kirss koola<br \/>\n7.Kirss j\u00e4\u00e4<br \/>\n8.Vahuvein kirss<br \/>\n9.Vahuvein koola pudelid j\u00e4\u00e4<br \/>\n10.V\u00e4rske m\u00fcndi j\u00e4\u00e4<br \/>\n11.Kummikaru<br \/>\n12. Hubba Bubba<br \/>\n13.Sidrun<br \/>\n14.Hr Must j\u00e4\u00e4pulk<br \/>\n15.Hr Sinine<br \/>\n16.Virsiku j\u00e4\u00e4<br \/>\n17.Ananassi j\u00e4\u00e4<br \/>\n18.Prime j\u00e4\u00e4pulk<br \/>\n19.Vikerkaar Skittz<br \/>\n20.Punane \u00f5un j\u00e4\u00e4<br \/>\n21.Maasika vaarika kirsi j\u00e4\u00e4<br \/>\n22.Maasika j\u00e4\u00e4jook<br \/>\n23.Troopiliste saarte puuviljad<br \/>\n24. Vim Energy Ice<br \/>\n25.Arbuusi j\u00e4\u00e4<\/p>\n<p><a href=\"https:\/\/vapebulkp.com\/et\/product\/wholesale-price-disposable-vape-crystal-600-puffs\/\"><span style=\"vertical-align: inherit\">Hea m\u00fc\u00fck Kristall 600 Puffs <\/span><\/a><\/p>\n<p><span style=\"vertical-align: inherit\">Leia rohkem tooteid, mis sulle meeldida v\u00f5iksid:<\/span><em><a href=\"https:\/\/wa.me\/8618077105796\"><span style=\"vertical-align: inherit\">\u00a0Osta kohe<\/span><\/a><\/em><\/p>\n<p><span style=\"vertical-align: inherit\">Teised e-sigaretid, mis sulle meeldida v\u00f5ivad:<\/span><a href=\"https:\/\/vapebulkp.com\/et\/product\/good-sale-bang-de-8500puffs-wholesale-price\/\"><span style=\"vertical-align: inherit\">Bang DE 8500 T\u00f5mmet<\/span><\/a><span style=\"vertical-align: inherit\">\u3001<\/span><a href=\"https:\/\/vapebulkp.com\/et\/product\/good-sale-randm-tornado-10000-puffs-plus\/\"><span style=\"vertical-align: inherit\">Tornado 10000 t\u00f5mmet<\/span><\/a><span style=\"vertical-align: inherit\">\/ <\/span><a href=\"https:\/\/vapebulkp.com\/et\/product\/popular-kulx-10000puffs-disposable-vape-good-price\/\"><span style=\"vertical-align: inherit\">Kulx 10000 T\u00f5mmet<\/span><\/a><span style=\"vertical-align: inherit\">\/ <\/span><a href=\"https:\/\/vapebulkp.com\/et\/product\/fumot-digital-box-12000-disposable-vape-wholesale\/\"><span style=\"vertical-align: inherit\">Fumot Digital Box 12000 Puffs<\/span><\/a><\/p>\n<p><span style=\"vertical-align: inherit\">Erilise kujuga e-sigareti pudel:<\/span><a href=\"https:\/\/vapebulkp.com\/et\/product\/wholesale-kulx-8000-puffs-disposable-vape\/\"><span style=\"vertical-align: inherit\">Kulx 8000 pahvi <\/span><\/a><span style=\"vertical-align: inherit\">\/ <\/span><a href=\"https:\/\/vapebulkp.com\/et\/product\/popular-bang-king-10000-puffs-vape-good-price\/\"><span style=\"vertical-align: inherit\">Bang King 10000 Puhangut <\/span><\/a><span style=\"vertical-align: inherit\">\/<\/span><a href=\"https:\/\/vapebulkp.com\/et\/product\/joymy-ultra15000puffs-best-disposable-vape-2023\/\"><span style=\"vertical-align: inherit\">Joymy Ultra 15000 t\u00f5mmet <\/span><\/a><\/p>\n<h4>Tootmise kvalifikatsioon:<\/h4>\n<p><img decoding=\"async\" class=\"alignnone size-full wp-image-1841\" src=\"http:\/\/vapebulkp.com\/wp-content\/uploads\/2023\/11\/Vape-production-process-2.jpeg\" alt=\"Veibi tootmisprotsess\" width=\"650\" height=\"434\" srcset=\"https:\/\/vapebulkp.com\/wp-content\/uploads\/2023\/11\/Vape-production-process-2.jpeg 650w, https:\/\/vapebulkp.com\/wp-content\/uploads\/2023\/11\/Vape-production-process-2-300x200.jpeg 300w, https:\/\/vapebulkp.com\/wp-content\/uploads\/2023\/11\/Vape-production-process-2-600x401.jpeg 600w\" sizes=\"(max-width: 650px) 100vw, 650px\" \/><\/p>\n<p><img decoding=\"async\" class=\"alignnone size-full wp-image-1843\" src=\"http:\/\/vapebulkp.com\/wp-content\/uploads\/2023\/11\/Vape-production-process.jpeg\" alt=\"Veibi tootmisprotsess\" width=\"641\" height=\"1026\" srcset=\"https:\/\/vapebulkp.com\/wp-content\/uploads\/2023\/11\/Vape-production-process.jpeg 641w, https:\/\/vapebulkp.com\/wp-content\/uploads\/2023\/11\/Vape-production-process-187x300.jpeg 187w, https:\/\/vapebulkp.com\/wp-content\/uploads\/2023\/11\/Vape-production-process-640x1024.jpeg 640w, https:\/\/vapebulkp.com\/wp-content\/uploads\/2023\/11\/Vape-production-process-600x960.jpeg 600w\" sizes=\"(max-width: 641px) 100vw, 641px\" \/><\/p>\n<p>&nbsp;<\/p>\n<h5>KKK:<\/h5>\n<p>K: Mis on OG Super Smash 10000 t\u00f5mbe vape hulgim\u00fc\u00fcgi MOQ?<br \/>\nA: Minu tellimus on 100 tk.<br \/>\nK: Mis on tellitud vape'i tarneaeg?<br \/>\nV: Tavaliselt 10-15 p\u00e4eva p\u00e4rast v\u00e4ljasaatmist<br \/>\nK: Kui palju on saatmiskulu?V: Saatmiskiirused s\u00f5ltuvad kaalust. Saatmiskiirused varieeruvad s\u00f5ltuvalt kogusest ja saatmiskiirused igas riigis on erinevad. Enne tellimuse esitamist v\u00f5tke meiega \u00fchendust, et kinnitada saatmiskulu. Pakume teile rahuldavat ostukogemust.<\/p>\n<h4>Saatmisinfo:<\/h4>\n<p>Tootmisaeg: 5-10 t\u00f6\u00f6p\u00e4eva<br \/>\nSaatmisaeg: 8-14 t\u00f6\u00f6p\u00e4eva<\/p>\n<p>K\u00f5ik meie poe tooted on 100% originaalsed ja autentsed, seega on v\u00f5ltsitud kaupade eest k\u00fcmnekordne h\u00fcvitis meie poe poliitika. Kasutame kaupade teile tarnimiseks logistikakanaleid nagu UPS\/DHL\/FEDEX\/DPD.<\/p>\n<p>Eestisse saadetud pakkide kohalej\u00f5udmine v\u00f5tab tavaliselt aega 10 t\u00f6\u00f6p\u00e4eva. Euroopa riikidesse saatmine v\u00f5tab tavaliselt aega 12 kuni 15 t\u00f6\u00f6p\u00e4eva. Uuendame logistikainfot teie jaoks reaalajas.<\/p>\n<h3>Hea m\u00fc\u00fcgij\u00e4rgne teenindus:<\/h3>\n<p>Teade: Kvaliteediprobleemide puudumisel raha ei tagastata ega vahetata<br \/>\n1. Kliendid saavad valida soovitud maitse, kuid kui maitset pole laos, valib tootmisosakond asenduseks populaarse maitse. Kliendid ei saa maitsete alusel taotleda raha tagastamist ega vahetamist.<\/p>\n<p>2. Kvaliteediprobleemide ilmnemisel esitage \u00fcksikasjalikud video- ja pildikirjeldused.<br \/>\nKui te ei saa esitada t\u00f5endeid, nagu videod ja fotod, ei saa kaupa vahetada.<\/p>","protected":false},"excerpt":{"rendered":"<p>OG Super Smash 10000 pahviga \u00fchekordselt kasutatav e-sigaret on ainulaadne e-sigaret. See seade pakub uskumatut 10 000 pahvi mahutavust stiilses \u00fchekordselt kasutatavas formaadis, mis on varustatud \u0161iki tuubiga, muutes selle parimaks valikuks veipijatele, kes hindavad mugavust ja maitset.<\/p>\n<p><img decoding=\"async\" class=\"alignnone wp-image-2151\" src=\"http:\/\/vapebulkp.com\/wp-content\/uploads\/2024\/04\/Mandy-WhatsApp-Randm.jpg\" alt=\"Mandy WhatsAppi tutvustus\" width=\"274\" height=\"291\" srcset=\"https:\/\/vapebulkp.com\/wp-content\/uploads\/2024\/04\/Mandy-WhatsApp-Randm.jpg 916w, https:\/\/vapebulkp.com\/wp-content\/uploads\/2024\/04\/Mandy-WhatsApp-Randm-282x300.jpg 282w, https:\/\/vapebulkp.com\/wp-content\/uploads\/2024\/04\/Mandy-WhatsApp-Randm-768x817.jpg 768w, https:\/\/vapebulkp.com\/wp-content\/uploads\/2024\/04\/Mandy-WhatsApp-Randm-600x638.jpg 600w\" sizes=\"(max-width: 274px) 100vw, 274px\" \/><\/p>\n<p>Soodushinna saamiseks v\u00f5tke \u00fchendust Mandy WhatsAppiga<a href=\"https:\/\/wa.me\/8618077105796\">+8618077105796<\/a><\/p>\n<p><span style=\"color: #ff0000\">M\u00c4RKUS: Meie veebisaidi hinnad ei sisalda saatmiskulusid<\/span><\/p>","protected":false},"featured_media":1743,"comment_status":"open","ping_status":"closed","template":"","meta":{"_uag_custom_page_level_css":"","_lmt_disableupdate":"no","_lmt_disable":"","site-sidebar-layout":"default","site-content-layout":"content-boxed-container","ast-site-content-layout":"normal-width-container","site-content-style":"boxed","site-sidebar-style":"unboxed","ast-global-header-display":"","ast-banner-title-visibility":"","ast-main-header-display":"","ast-hfb-above-header-display":"","ast-hfb-below-header-display":"","ast-hfb-mobile-header-display":"","site-post-title":"","ast-breadcrumbs-content":"","ast-featured-img":"","footer-sml-layout":"","theme-transparent-header-meta":"default","adv-header-id-meta":"","stick-header-meta":"","header-above-stick-meta":"","header-main-stick-meta":"","header-below-stick-meta":"","astra-migrate-meta-layouts":"set","_joinchat":[]},"product_cat":[167,153,155,33,59,100,34,158,157,154,152,58,84,156,63,32],"product_tag":[66,36,37,41,40],"class_list":["post-1607","product","type-product","status-publish","has-post-thumbnail","hentry","product_cat-10000-puffs-disposable-vape","product_cat-hot-disposable-vapes","product_cat-belgium-hot-disposable-vapes","product_cat-france-vape-hot-sale","product_cat-germany-hot-disposable-vape","product_cat-germany-wholesale-vape-shop","product_cat-netherlands-vape-good-sale","product_cat-norway-hot-disposable-vapes","product_cat-poland-hot-disposable-vapes","product_cat-portugal-hot-disposable-vapes","product_cat-spain-hot-disposable-vapes","product_cat-sweden-hot-disposable-vape","product_cat-sweden-wholesale-vape","product_cat-switzerland-hot-disposable-vapes","product_cat-top-sale-disposable-vape","product_cat-vape-hot-sale-this-week","product_tag-10000-puffs","product_tag-good-vape","product_tag-hot-sale-disposable-vape","product_tag-poland-hot-vape","product_tag-sweden-hot-vape","desktop-align-left","tablet-align-left","mobile-align-left"],"yoast_head":"<!-- This site is optimized with the Yoast SEO plugin v21.1 - https:\/\/yoast.com\/wordpress\/plugins\/seo\/ -->\n<title>Wholesale Price OG Super Smash 10000 Puffs Disposable Vape - vapebulkp.com<\/title>\n<meta name=\"description\" content=\"Wholesale Price OG Super Smash 10000 Puffs Disposable Vape is a unique e-cigarette. This device offers an incredible 10,000 puff capacity in a stylish disposable format with a chic tube, making it the ultimate choice for vapers .\" \/>\n<meta name=\"robots\" content=\"index, follow, max-snippet:-1, max-image-preview:large, max-video-preview:-1\" \/>\n<link rel=\"canonical\" href=\"https:\/\/vapebulkp.com\/et\/product\/wholesale-price-og-super-smash-10000-puffs-disposable-vape\/\" \/>\n<meta property=\"og:locale\" content=\"et_EE\" \/>\n<meta property=\"og:type\" content=\"article\" \/>\n<meta property=\"og:title\" content=\"Wholesale Price OG Super Smash 10000 Puffs Disposable Vape - vapebulkp.com\" \/>\n<meta property=\"og:description\" content=\"Wholesale Price OG Super Smash 10000 Puffs Disposable Vape is a unique e-cigarette. This device offers an incredible 10,000 puff capacity in a stylish disposable format with a chic tube, making it the ultimate choice for vapers .\" \/>\n<meta property=\"og:url\" content=\"https:\/\/vapebulkp.com\/et\/product\/wholesale-price-og-super-smash-10000-puffs-disposable-vape\/\" \/>\n<meta property=\"og:site_name\" content=\"vapebulkp.com\" \/>\n<meta property=\"article:modified_time\" content=\"2025-09-01T03:22:24+00:00\" \/>\n<meta property=\"og:image\" content=\"http:\/\/vapebulkp.com\/wp-content\/uploads\/2023\/09\/OG-SUPER-SMASH-10000-VAPE-BAR-NEAR-ME.jpg\" \/>\n\t<meta property=\"og:image:width\" content=\"1290\" \/>\n\t<meta property=\"og:image:height\" content=\"1289\" \/>\n\t<meta property=\"og:image:type\" content=\"image\/jpeg\" \/>\n<meta name=\"twitter:card\" content=\"summary_large_image\" \/>\n<meta name=\"twitter:label1\" content=\"Est. reading time\" \/>\n\t<meta name=\"twitter:data1\" content=\"4 minutit\" \/>\n<script type=\"application\/ld+json\" class=\"yoast-schema-graph\">{\"@context\":\"https:\/\/schema.org\",\"@graph\":[{\"@type\":\"WebPage\",\"@id\":\"https:\/\/vapebulkp.com\/product\/wholesale-price-og-super-smash-10000-puffs-disposable-vape\/\",\"url\":\"https:\/\/vapebulkp.com\/product\/wholesale-price-og-super-smash-10000-puffs-disposable-vape\/\",\"name\":\"Wholesale Price OG Super Smash 10000 Puffs Disposable Vape - vapebulkp.com\",\"isPartOf\":{\"@id\":\"https:\/\/vapebulkp.com\/#website\"},\"datePublished\":\"2023-09-28T04:04:12+00:00\",\"dateModified\":\"2025-09-01T03:22:24+00:00\",\"description\":\"Wholesale Price OG Super Smash 10000 Puffs Disposable Vape is a unique e-cigarette. This device offers an incredible 10,000 puff capacity in a stylish disposable format with a chic tube, making it the ultimate choice for vapers .\",\"breadcrumb\":{\"@id\":\"https:\/\/vapebulkp.com\/product\/wholesale-price-og-super-smash-10000-puffs-disposable-vape\/#breadcrumb\"},\"inLanguage\":\"et\",\"potentialAction\":[{\"@type\":\"ReadAction\",\"target\":[\"https:\/\/vapebulkp.com\/product\/wholesale-price-og-super-smash-10000-puffs-disposable-vape\/\"]}]},{\"@type\":\"BreadcrumbList\",\"@id\":\"https:\/\/vapebulkp.com\/product\/wholesale-price-og-super-smash-10000-puffs-disposable-vape\/#breadcrumb\",\"itemListElement\":[{\"@type\":\"ListItem\",\"position\":1,\"name\":\"Home\",\"item\":\"https:\/\/vapebulkp.com\/\"},{\"@type\":\"ListItem\",\"position\":2,\"name\":\"Hot Trend Vapes\",\"item\":\"https:\/\/vapebulkp.com\/vape-shop\/\"},{\"@type\":\"ListItem\",\"position\":3,\"name\":\"Wholesale Price OG Super Smash 10000 Puffs Disposable Vape\"}]},{\"@type\":\"WebSite\",\"@id\":\"https:\/\/vapebulkp.com\/#website\",\"url\":\"https:\/\/vapebulkp.com\/\",\"name\":\"vapebulkp.com\",\"description\":\"Buy Vape In Cheap Bulk Price Near you\",\"publisher\":{\"@id\":\"https:\/\/vapebulkp.com\/#organization\"},\"potentialAction\":[{\"@type\":\"SearchAction\",\"target\":{\"@type\":\"EntryPoint\",\"urlTemplate\":\"https:\/\/vapebulkp.com\/?s={search_term_string}\"},\"query-input\":\"required name=search_term_string\"}],\"inLanguage\":\"et\"},{\"@type\":\"Organization\",\"@id\":\"https:\/\/vapebulkp.com\/#organization\",\"name\":\"vapebulkp.com\",\"url\":\"https:\/\/vapebulkp.com\/\",\"logo\":{\"@type\":\"ImageObject\",\"inLanguage\":\"et\",\"@id\":\"https:\/\/vapebulkp.com\/#\/schema\/logo\/image\/\",\"url\":\"https:\/\/vapebulkp.com\/wp-content\/uploads\/2023\/09\/cropped-vapebulkp.png\",\"contentUrl\":\"https:\/\/vapebulkp.com\/wp-content\/uploads\/2023\/09\/cropped-vapebulkp.png\",\"width\":516,\"height\":163,\"caption\":\"vapebulkp.com\"},\"image\":{\"@id\":\"https:\/\/vapebulkp.com\/#\/schema\/logo\/image\/\"}}]}<\/script>\n<!-- \/ Yoast SEO plugin. -->","yoast_head_json":{"title":"Wholesale Price OG Super Smash 10000 Puffs Disposable Vape - vapebulkp.com","description":"Wholesale Price OG Super Smash 10000 Puffs Disposable Vape is a unique e-cigarette. This device offers an incredible 10,000 puff capacity in a stylish disposable format with a chic tube, making it the ultimate choice for vapers .","robots":{"index":"index","follow":"follow","max-snippet":"max-snippet:-1","max-image-preview":"max-image-preview:large","max-video-preview":"max-video-preview:-1"},"canonical":"https:\/\/vapebulkp.com\/et\/product\/wholesale-price-og-super-smash-10000-puffs-disposable-vape\/","og_locale":"et_EE","og_type":"article","og_title":"Wholesale Price OG Super Smash 10000 Puffs Disposable Vape - vapebulkp.com","og_description":"Wholesale Price OG Super Smash 10000 Puffs Disposable Vape is a unique e-cigarette. This device offers an incredible 10,000 puff capacity in a stylish disposable format with a chic tube, making it the ultimate choice for vapers .","og_url":"https:\/\/vapebulkp.com\/et\/product\/wholesale-price-og-super-smash-10000-puffs-disposable-vape\/","og_site_name":"vapebulkp.com","article_modified_time":"2025-09-01T03:22:24+00:00","og_image":[{"width":1290,"height":1289,"url":"http:\/\/vapebulkp.com\/wp-content\/uploads\/2023\/09\/OG-SUPER-SMASH-10000-VAPE-BAR-NEAR-ME.jpg","type":"image\/jpeg"}],"twitter_card":"summary_large_image","twitter_misc":{"Est. reading time":"4 minutit"},"schema":{"@context":"https:\/\/schema.org","@graph":[{"@type":"WebPage","@id":"https:\/\/vapebulkp.com\/product\/wholesale-price-og-super-smash-10000-puffs-disposable-vape\/","url":"https:\/\/vapebulkp.com\/product\/wholesale-price-og-super-smash-10000-puffs-disposable-vape\/","name":"Wholesale Price OG Super Smash 10000 Puffs Disposable Vape - vapebulkp.com","isPartOf":{"@id":"https:\/\/vapebulkp.com\/#website"},"datePublished":"2023-09-28T04:04:12+00:00","dateModified":"2025-09-01T03:22:24+00:00","description":"Wholesale Price OG Super Smash 10000 Puffs Disposable Vape is a unique e-cigarette. This device offers an incredible 10,000 puff capacity in a stylish disposable format with a chic tube, making it the ultimate choice for vapers .","breadcrumb":{"@id":"https:\/\/vapebulkp.com\/product\/wholesale-price-og-super-smash-10000-puffs-disposable-vape\/#breadcrumb"},"inLanguage":"et","potentialAction":[{"@type":"ReadAction","target":["https:\/\/vapebulkp.com\/product\/wholesale-price-og-super-smash-10000-puffs-disposable-vape\/"]}]},{"@type":"BreadcrumbList","@id":"https:\/\/vapebulkp.com\/product\/wholesale-price-og-super-smash-10000-puffs-disposable-vape\/#breadcrumb","itemListElement":[{"@type":"ListItem","position":1,"name":"Home","item":"https:\/\/vapebulkp.com\/"},{"@type":"ListItem","position":2,"name":"Hot Trend Vapes","item":"https:\/\/vapebulkp.com\/vape-shop\/"},{"@type":"ListItem","position":3,"name":"Wholesale Price OG Super Smash 10000 Puffs Disposable Vape"}]},{"@type":"WebSite","@id":"https:\/\/vapebulkp.com\/#website","url":"https:\/\/vapebulkp.com\/","name":"vapebulkp.com","description":"Buy Vape In Cheap Bulk Price Near you","publisher":{"@id":"https:\/\/vapebulkp.com\/#organization"},"potentialAction":[{"@type":"SearchAction","target":{"@type":"EntryPoint","urlTemplate":"https:\/\/vapebulkp.com\/?s={search_term_string}"},"query-input":"required name=search_term_string"}],"inLanguage":"et"},{"@type":"Organization","@id":"https:\/\/vapebulkp.com\/#organization","name":"vapebulkp.com","url":"https:\/\/vapebulkp.com\/","logo":{"@type":"ImageObject","inLanguage":"et","@id":"https:\/\/vapebulkp.com\/#\/schema\/logo\/image\/","url":"https:\/\/vapebulkp.com\/wp-content\/uploads\/2023\/09\/cropped-vapebulkp.png","contentUrl":"https:\/\/vapebulkp.com\/wp-content\/uploads\/2023\/09\/cropped-vapebulkp.png","width":516,"height":163,"caption":"vapebulkp.com"},"image":{"@id":"https:\/\/vapebulkp.com\/#\/schema\/logo\/image\/"}}]}},"uagb_featured_image_src":{"full":["https:\/\/vapebulkp.com\/wp-content\/uploads\/2023\/09\/OG-SUPER-SMASH-10000-VAPE-BAR-NEAR-ME.jpg",1290,1289,false],"thumbnail":["https:\/\/vapebulkp.com\/wp-content\/uploads\/2023\/09\/OG-SUPER-SMASH-10000-VAPE-BAR-NEAR-ME-150x150.jpg",150,150,true],"medium":["https:\/\/vapebulkp.com\/wp-content\/uploads\/2023\/09\/OG-SUPER-SMASH-10000-VAPE-BAR-NEAR-ME-300x300.jpg",300,300,true],"medium_large":["https:\/\/vapebulkp.com\/wp-content\/uploads\/2023\/09\/OG-SUPER-SMASH-10000-VAPE-BAR-NEAR-ME-768x767.jpg",768,767,true],"large":["https:\/\/vapebulkp.com\/wp-content\/uploads\/2023\/09\/OG-SUPER-SMASH-10000-VAPE-BAR-NEAR-ME-1024x1024.jpg",1024,1024,true],"1536x1536":["https:\/\/vapebulkp.com\/wp-content\/uploads\/2023\/09\/OG-SUPER-SMASH-10000-VAPE-BAR-NEAR-ME.jpg",1290,1289,false],"2048x2048":["https:\/\/vapebulkp.com\/wp-content\/uploads\/2023\/09\/OG-SUPER-SMASH-10000-VAPE-BAR-NEAR-ME.jpg",1290,1289,false],"trp-custom-language-flag":["https:\/\/vapebulkp.com\/wp-content\/uploads\/2023\/09\/OG-SUPER-SMASH-10000-VAPE-BAR-NEAR-ME.jpg",12,12,false],"woocommerce_thumbnail":["https:\/\/vapebulkp.com\/wp-content\/uploads\/2023\/09\/OG-SUPER-SMASH-10000-VAPE-BAR-NEAR-ME-300x300.jpg",300,300,true],"woocommerce_single":["https:\/\/vapebulkp.com\/wp-content\/uploads\/2023\/09\/OG-SUPER-SMASH-10000-VAPE-BAR-NEAR-ME-600x600.jpg",600,600,true],"woocommerce_gallery_thumbnail":["https:\/\/vapebulkp.com\/wp-content\/uploads\/2023\/09\/OG-SUPER-SMASH-10000-VAPE-BAR-NEAR-ME-100x100.jpg",100,100,true],"wcpr-photo-reviews":["https:\/\/vapebulkp.com\/wp-content\/uploads\/2023\/09\/OG-SUPER-SMASH-10000-VAPE-BAR-NEAR-ME.jpg",500,500,false]},"uagb_author_info":{"display_name":"Mandy vape bulk price","author_link":"https:\/\/vapebulkp.com\/et\/author\/"},"uagb_comment_info":1,"uagb_excerpt":"OG super smash 10000 Puffs disposable e-cigarette is a unique e-cigarette. This device offers an incredible 10,000 puff capacity in a stylish disposable format with a chic tube, making it the ultimate choice for vapers who value convenience and flavor. Pls Contact Mandy's WhatsApp For Discount Price+8618077105796 NOTE: Prices on our website does not include&hellip;","_links":{"self":[{"href":"https:\/\/vapebulkp.com\/et\/wp-json\/wp\/v2\/product\/1607","targetHints":{"allow":["GET"]}}],"collection":[{"href":"https:\/\/vapebulkp.com\/et\/wp-json\/wp\/v2\/product"}],"about":[{"href":"https:\/\/vapebulkp.com\/et\/wp-json\/wp\/v2\/types\/product"}],"replies":[{"embeddable":true,"href":"https:\/\/vapebulkp.com\/et\/wp-json\/wp\/v2\/comments?post=1607"}],"wp:featuredmedia":[{"embeddable":true,"href":"https:\/\/vapebulkp.com\/et\/wp-json\/wp\/v2\/media\/1743"}],"wp:attachment":[{"href":"https:\/\/vapebulkp.com\/et\/wp-json\/wp\/v2\/media?parent=1607"}],"wp:term":[{"taxonomy":"product_cat","embeddable":true,"href":"https:\/\/vapebulkp.com\/et\/wp-json\/wp\/v2\/product_cat?post=1607"},{"taxonomy":"product_tag","embeddable":true,"href":"https:\/\/vapebulkp.com\/et\/wp-json\/wp\/v2\/product_tag?post=1607"}],"curies":[{"name":"wp","href":"https:\/\/api.w.org\/{rel}","templated":true}]}}