{"id":1622,"date":"2023-09-28T09:40:29","date_gmt":"2023-09-28T07:40:29","guid":{"rendered":"https:\/\/vapebulkp.com\/?post_type=product&#038;p=1622"},"modified":"2025-09-01T05:11:02","modified_gmt":"2025-09-01T03:11:02","slug":"wholesale-disposable-vape-sidia-12000puffs","status":"publish","type":"product","link":"https:\/\/vapebulkp.com\/et\/product\/wholesale-disposable-vape-sidia-12000puffs\/","title":{"rendered":"Hulgim\u00fc\u00fck \u00fchekordselt kasutatav vape SIDIA 12000Puffs"},"content":{"rendered":"<h2>Mis on hulgim\u00fc\u00fck \u00fchekordselt kasutatav vape SIDIA 12000Puffs?<\/h2>\n<p>&nbsp;<\/p>\n<p data-start=\"299\" data-end=\"613\">Kuum m\u00fc\u00fck Vape <strong data-start=\"343\" data-end=\"363\">SIDIA 12000 Puhangut<\/strong> on suure mahutavusega <a href=\"https:\/\/vapebulkp.com\/et\/product-category\/12000-puffs-disposable-vape\/\"><strong data-start=\"383\" data-end=\"414\">12000 pahviga \u00fchekordselt kasutatav e-sigaret<\/strong><\/a> ehitatud Euroopa kasutajatele, kes n\u00f5uavad pikaajalist j\u00f5udlust ja rikkalikku maitset. T\u00e4iustatud m\u00e4histehnoloogia ja 20 ml e-vedeliku paagiga pakub see iga pihustiga sujuvat ja \u00fchtlast auru.<\/p>\n<p data-start=\"615\" data-end=\"887\">Mugavuse jaoks disainitud see <strong data-start=\"646\" data-end=\"678\">laetav \u00fchekordselt kasutatav vape<\/strong> omab kompaktset, ergonoomilist korpust, mida on lihtne kaasas kanda, muutes selle ideaalseks igap\u00e4evaseks kasutamiseks v\u00f5i liikvel olles. Nikotiinisoola valikutega 2% kuni 5%, see rahuldab nii m\u00f5\u00f5duka kui ka tugeva l\u00f6\u00f6gi eelistusi.<\/p>\n<p data-start=\"889\" data-end=\"1163\">Klassikalisest tubakast mentooli ja eksootiliste maitseainete segudeni <strong data-start=\"951\" data-end=\"971\">SIDIA 12000 Puhangut<\/strong> toodab tihedaid pilvi ja autentset maitset rahuldava vape-seansi jaoks. Ideaalne jaem\u00fc\u00fcjatele ja hulgiostjatele, see <strong data-start=\"1087\" data-end=\"1108\">hulgim\u00fc\u00fck vape EL<\/strong> valik on valmis laevatamiseks Euroopa ladudest.<\/p>\n<p>&nbsp;<\/p>\n<p><img decoding=\"async\" class=\"alignnone wp-image-1732\" src=\"http:\/\/vapebulkp.com\/wp-content\/uploads\/2023\/09\/Hot-Selling-Sidia-12000-Puffs-20-Ml-Disposable_yyth-8-1.png\" alt=\"Kuumalt m\u00fc\u00fcdav Sidia 12000 pahvi 20 ml \u00fchekordne_yyth (8)\" width=\"706\" height=\"431\" srcset=\"https:\/\/vapebulkp.com\/wp-content\/uploads\/2023\/09\/Hot-Selling-Sidia-12000-Puffs-20-Ml-Disposable_yyth-8-1.png 1060w, https:\/\/vapebulkp.com\/wp-content\/uploads\/2023\/09\/Hot-Selling-Sidia-12000-Puffs-20-Ml-Disposable_yyth-8-1-300x183.png 300w, https:\/\/vapebulkp.com\/wp-content\/uploads\/2023\/09\/Hot-Selling-Sidia-12000-Puffs-20-Ml-Disposable_yyth-8-1-1024x625.png 1024w, https:\/\/vapebulkp.com\/wp-content\/uploads\/2023\/09\/Hot-Selling-Sidia-12000-Puffs-20-Ml-Disposable_yyth-8-1-768x469.png 768w, https:\/\/vapebulkp.com\/wp-content\/uploads\/2023\/09\/Hot-Selling-Sidia-12000-Puffs-20-Ml-Disposable_yyth-8-1-600x366.png 600w\" sizes=\"(max-width: 706px) 100vw, 706px\" \/><\/p>\n<h5 class=\"style-scope ytd-watch-metadata\">1.Kuidas kasutada hulgim\u00fc\u00fcki SIDIA 12000Puffs Vape Pen?<\/h5>\n<p>1. samm. Enne 12 000 puhviga kasutamist eemaldage plasttoru.<\/p>\n<p>2. samm. Oodake umbes 3 minutit, et mahl j\u00f5uaks spiraali sisse.<\/p>\n<p>3. samm. Nautige<\/p>\n<h5>2.KUIDAS LAADIDA \u00dcHEKORDSELT KASUTATAVAT VAPE SIDIA 12000 PUFFS SEADET?<\/h5>\n<p>Kiirlaadimise laadijaid ei saa kasutada, ja \u00fchekordselt kasutatavate e-sigarettide standardne ohutu v\u00f5imsus on 5V 1A.<\/p>\n<p>Iga laadimisaeg ei tohi \u00fcletada 1 tund ja ohutu laadimisaeg on pool tundi.<\/p>\n<p><span style=\"color: #ff6600\">M\u00e4rkus: ei tohi laadida terve \u00f6\u00f6!<\/span><\/p>\n<h6 style=\"text-align: left\"><\/h6>\n<h6>Soodushinna saamiseks v\u00f5tke \u00fchendust Mandy WhatsAppiga<a href=\"https:\/\/wa.me\/8618077105796\">+8618077105796<\/a><\/h6>\n<p><img decoding=\"async\" class=\"alignnone wp-image-2151\" src=\"http:\/\/vapebulkp.com\/wp-content\/uploads\/2024\/04\/Mandy-WhatsApp-Randm.jpg\" alt=\"Mandy WhatsAppi tutvustus\" width=\"329\" height=\"350\" srcset=\"https:\/\/vapebulkp.com\/wp-content\/uploads\/2024\/04\/Mandy-WhatsApp-Randm.jpg 916w, https:\/\/vapebulkp.com\/wp-content\/uploads\/2024\/04\/Mandy-WhatsApp-Randm-282x300.jpg 282w, https:\/\/vapebulkp.com\/wp-content\/uploads\/2024\/04\/Mandy-WhatsApp-Randm-768x817.jpg 768w, https:\/\/vapebulkp.com\/wp-content\/uploads\/2024\/04\/Mandy-WhatsApp-Randm-600x638.jpg 600w\" sizes=\"(max-width: 329px) 100vw, 329px\" \/><\/p>\n<p>&nbsp;<\/p>\n<h3><strong><span style=\"vertical-align: inherit\">Toote spetsifikatsioon hulgim\u00fc\u00fcgi vape SIDIA 12K PUFF jaoks:<\/span><br \/>\n<\/strong><\/h3>\n<ul>\n<li>Aku: 650mAh (Type C)<br \/>\nMahutavus: 20 ml<br \/>\nKoil: 0.8 ohm v\u00f5rk<br \/>\nLigikaudne imemaht: 12000 pihustust<br \/>\nNikotiini tugevus: 21mg,51mg<br \/>\nMOQ: 100 tk<\/li>\n<\/ul>\n<h3><strong>Mis on parimad vape SIDIA 12000 Puffs maitsed?<\/strong><\/h3>\n<p>&nbsp;<\/p>\n<p>1.Mahlane j\u00e4\u00e4<br \/>\n2.Mustikas j\u00e4\u00e4ga<br \/>\n3. Virsikuj\u00e4\u00e4<br \/>\n4. Viinamarjaj\u00e4\u00e4<br \/>\n5. Segumarjad<br \/>\n6. Maasikas Arbuus<br \/>\n7. Maasikas Banaan<br \/>\n8. Maasikas Kiwi<br \/>\n9. Punane Energia J\u00e4\u00e4<br \/>\n10. Sinine Vaarika Limonaad<br \/>\n11. Kiwi Passion Puuvili Guajaav<\/p>\n<p><a href=\"https:\/\/vapebulkp.com\/et\/product\/wholesale-price-disposable-vape-crystal-600-puffs\/\"><span style=\"vertical-align: inherit\">Hea m\u00fc\u00fck Kristall 600 Puffs <\/span><\/a><\/p>\n<p><span style=\"vertical-align: inherit\">Leia rohkem tooteid, mis sulle meeldida v\u00f5iksid:<\/span><em><a href=\"https:\/\/wa.me\/8618077105796\"><span style=\"vertical-align: inherit\">\u00a0Osta kohe<\/span><\/a><\/em><\/p>\n<p><span style=\"vertical-align: inherit\">Teised e-sigaretid, mis sulle meeldida v\u00f5ivad:<\/span><a href=\"https:\/\/vapebulkp.com\/et\/product\/good-sale-bang-de-8500puffs-wholesale-price\/\"><span style=\"vertical-align: inherit\">Bang DE 8500 T\u00f5mmet<\/span><\/a><span style=\"vertical-align: inherit\">\u3001<\/span><a href=\"https:\/\/vapebulkp.com\/et\/product\/good-sale-randm-tornado-10000-puffs-plus\/\"><span style=\"vertical-align: inherit\">Tornado 10000 Puhangut Pluss<\/span><\/a><span style=\"vertical-align: inherit\">\/ <\/span><a href=\"https:\/\/vapebulkp.com\/et\/product\/popular-randm-tornado-7000puffs-disposable-vape-best-price\/\"><span style=\"vertical-align: inherit\">RandM Tornado 7000 T\u00f5mmet<\/span><\/a><span style=\"vertical-align: inherit\">\/ <\/span><a href=\"https:\/\/vapebulkp.com\/et\/product\/wholesale-randm-tornado-9000-puffs-germany\/\"><span style=\"vertical-align: inherit\">RandM Tornado 9000 Puffs<\/span><\/a><\/p>\n<p><span style=\"vertical-align: inherit\">Erilise kujuga e-sigareti pudel:<\/span><a href=\"https:\/\/vapebulkp.com\/et\/product\/bulk-buy-kulx-8800-puffs-disposable-vape-wholesale-germany\/\"><span style=\"vertical-align: inherit\">Kulx 8800 Puhangut <\/span><\/a><span style=\"vertical-align: inherit\">\/ <\/span><a href=\"https:\/\/vapebulkp.com\/et\/product\/popular-bang-king-10000-puffs-vape-good-price\/\"><span style=\"vertical-align: inherit\">Bang King 12000 suitsu <\/span><\/a><span style=\"vertical-align: inherit\">\/<\/span><a href=\"https:\/\/vapebulkp.com\/et\/product\/popular-kulx-10000puffs-disposable-vape-good-price\/\"><span style=\"vertical-align: inherit\">Kulx 10000 Puffs<\/span><\/a><\/p>\n<h5>Tootmise kvalifikatsioon:<\/h5>\n<p><img decoding=\"async\" class=\"alignnone size-full wp-image-1841\" src=\"http:\/\/vapebulkp.com\/wp-content\/uploads\/2023\/11\/Vape-production-process-2.jpeg\" alt=\"Veibi tootmisprotsess\" width=\"650\" height=\"434\" srcset=\"https:\/\/vapebulkp.com\/wp-content\/uploads\/2023\/11\/Vape-production-process-2.jpeg 650w, https:\/\/vapebulkp.com\/wp-content\/uploads\/2023\/11\/Vape-production-process-2-300x200.jpeg 300w, https:\/\/vapebulkp.com\/wp-content\/uploads\/2023\/11\/Vape-production-process-2-600x401.jpeg 600w\" sizes=\"(max-width: 650px) 100vw, 650px\" \/><\/p>\n<p><img decoding=\"async\" class=\"alignnone size-full wp-image-1843\" src=\"http:\/\/vapebulkp.com\/wp-content\/uploads\/2023\/11\/Vape-production-process.jpeg\" alt=\"Veibi tootmisprotsess\" width=\"641\" height=\"1026\" srcset=\"https:\/\/vapebulkp.com\/wp-content\/uploads\/2023\/11\/Vape-production-process.jpeg 641w, https:\/\/vapebulkp.com\/wp-content\/uploads\/2023\/11\/Vape-production-process-187x300.jpeg 187w, https:\/\/vapebulkp.com\/wp-content\/uploads\/2023\/11\/Vape-production-process-640x1024.jpeg 640w, https:\/\/vapebulkp.com\/wp-content\/uploads\/2023\/11\/Vape-production-process-600x960.jpeg 600w\" sizes=\"(max-width: 641px) 100vw, 641px\" \/><\/p>\n<h5>KKK:<\/h5>\n<p>K: Mis on SIDIA 12000Puffs MOQ?<br \/>\nA: Minu tellimus on 100 tk.<br \/>\nK: Mis on tellitud vape'i tarneaeg?<br \/>\nV: Tavaliselt 10-15 p\u00e4eva p\u00e4rast v\u00e4ljasaatmist<br \/>\nK: Kui palju on saatmiskulu?V: Saatmiskiirused s\u00f5ltuvad kaalust. Saatmiskiirused varieeruvad s\u00f5ltuvalt kogusest ja saatmiskiirused igas riigis on erinevad. Enne tellimuse esitamist v\u00f5tke meiega \u00fchendust, et kinnitada saatmiskulu. Pakume teile rahuldavat ostukogemust.<\/p>\n<p>&nbsp;<\/p>\n<h4>Saatmisinfo:<\/h4>\n<p><span style=\"color: #ff6600\">Tootmisaeg: 5-10 t\u00f6\u00f6p\u00e4eva<\/span><br \/>\n<span style=\"color: #ff6600\">Saatmisaeg: 8-14 t\u00f6\u00f6p\u00e4eva<\/span><\/p>\n<p>K\u00f5ik meie poe tooted on 100% originaalsed ja autentsed, seega on v\u00f5ltsitud kaupade eest k\u00fcmnekordne h\u00fcvitis meie poe poliitika. Kasutame kaupade teile tarnimiseks logistikakanaleid nagu UPS\/DHL\/FEDEX\/DPD.<\/p>\n<p>Eestisse saadetud pakkide kohalej\u00f5udmine v\u00f5tab tavaliselt aega 10 t\u00f6\u00f6p\u00e4eva. Euroopa riikidesse saatmine v\u00f5tab tavaliselt aega 12 kuni 15 t\u00f6\u00f6p\u00e4eva. Uuendame logistikainfot teie jaoks reaalajas.<\/p>\n<h3>Hea m\u00fc\u00fcgij\u00e4rgne teenindus:<\/h3>\n<p>Teade: Kvaliteediprobleemide puudumisel raha ei tagastata ega vahetata<br \/>\n1. Kliendid saavad valida soovitud maitse, kuid kui maitset pole laos, valib tootmisosakond asenduseks populaarse maitse. Kliendid ei saa maitsete alusel taotleda raha tagastamist ega vahetamist.<\/p>\n<p>2. Kvaliteediprobleemide ilmnemisel esitage \u00fcksikasjalikud video- ja pildikirjeldused.<br \/>\nKui te ei saa esitada t\u00f5endeid, nagu videod ja fotod, ei saa kaupa vahetada.<\/p>","protected":false},"excerpt":{"rendered":"<p>SIDIA 12000Puffs Top Sale pakub jaem\u00fc\u00fcjatele m\u00e4rkimisv\u00e4\u00e4rset kasumimarginaali. Oma muljetavaldava 12 000 pihustiga seadme kohta tulevad kliendid ikka ja j\u00e4lle tagasi. See t\u00e4hendab suurenenud m\u00fc\u00fcki ja klientide lojaalsust, mis t\u00e4hendab teie ettev\u00f5tte jaoks suuremat tulu.<\/p>\n<p><img decoding=\"async\" class=\"alignnone wp-image-2151\" src=\"http:\/\/vapebulkp.com\/wp-content\/uploads\/2024\/04\/Mandy-WhatsApp-Randm.jpg\" alt=\"Mandy WhatsAppi tutvustus\" width=\"276\" height=\"293\" srcset=\"https:\/\/vapebulkp.com\/wp-content\/uploads\/2024\/04\/Mandy-WhatsApp-Randm.jpg 916w, https:\/\/vapebulkp.com\/wp-content\/uploads\/2024\/04\/Mandy-WhatsApp-Randm-282x300.jpg 282w, https:\/\/vapebulkp.com\/wp-content\/uploads\/2024\/04\/Mandy-WhatsApp-Randm-768x817.jpg 768w, https:\/\/vapebulkp.com\/wp-content\/uploads\/2024\/04\/Mandy-WhatsApp-Randm-600x638.jpg 600w\" sizes=\"(max-width: 276px) 100vw, 276px\" \/><\/p>\n<p>Soodushinna saamiseks v\u00f5tke \u00fchendust Mandy WhatsAppiga<a href=\"https:\/\/wa.me\/8618077105796\">+8618077105796<\/a><\/p>\n<p><span style=\"color: #ff0000\">M\u00c4RKUS: Meie veebisaidi hinnad ei sisalda saatmiskulusid<\/span><\/p>","protected":false},"featured_media":1727,"comment_status":"open","ping_status":"closed","template":"","meta":{"_uag_custom_page_level_css":"","_lmt_disableupdate":"no","_lmt_disable":"","site-sidebar-layout":"default","site-content-layout":"content-boxed-container","ast-site-content-layout":"normal-width-container","site-content-style":"boxed","site-sidebar-style":"unboxed","ast-global-header-display":"","ast-banner-title-visibility":"","ast-main-header-display":"","ast-hfb-above-header-display":"","ast-hfb-below-header-display":"","ast-hfb-mobile-header-display":"","site-post-title":"","ast-breadcrumbs-content":"","ast-featured-img":"","footer-sml-layout":"","theme-transparent-header-meta":"default","adv-header-id-meta":"","stick-header-meta":"","header-above-stick-meta":"","header-main-stick-meta":"","header-below-stick-meta":"","astra-migrate-meta-layouts":"set","_joinchat":[]},"product_cat":[166,153,155,33,59,100,34,158,157,154,152,58,84,156,63,32],"product_tag":[68,36,37,41,74,40],"class_list":["post-1622","product","type-product","status-publish","has-post-thumbnail","hentry","product_cat-12000-puffs-disposable-vape","product_cat-hot-disposable-vapes","product_cat-belgium-hot-disposable-vapes","product_cat-france-vape-hot-sale","product_cat-germany-hot-disposable-vape","product_cat-germany-wholesale-vape-shop","product_cat-netherlands-vape-good-sale","product_cat-norway-hot-disposable-vapes","product_cat-poland-hot-disposable-vapes","product_cat-portugal-hot-disposable-vapes","product_cat-spain-hot-disposable-vapes","product_cat-sweden-hot-disposable-vape","product_cat-sweden-wholesale-vape","product_cat-switzerland-hot-disposable-vapes","product_cat-top-sale-disposable-vape","product_cat-vape-hot-sale-this-week","product_tag-12000-puffs","product_tag-good-vape","product_tag-hot-sale-disposable-vape","product_tag-poland-hot-vape","product_tag-randm-vape","product_tag-sweden-hot-vape","desktop-align-left","tablet-align-left","mobile-align-left"],"yoast_head":"<!-- This site is optimized with the Yoast SEO plugin v21.1 - https:\/\/yoast.com\/wordpress\/plugins\/seo\/ -->\n<title>Wholesale Disposable Vape SIDIA 12000Puffs - vapebulkp.com<\/title>\n<meta name=\"description\" content=\"Wholesale Disposable Vape SIDIA 12000Puffs Top Sale is not just a high-performing product; it&#039;s also a visual delight. Its sleek design and attractive packaging make it a standout on your store shelves.\" \/>\n<meta name=\"robots\" content=\"index, follow, max-snippet:-1, max-image-preview:large, max-video-preview:-1\" \/>\n<link rel=\"canonical\" href=\"https:\/\/vapebulkp.com\/et\/product\/wholesale-disposable-vape-sidia-12000puffs\/\" \/>\n<meta property=\"og:locale\" content=\"et_EE\" \/>\n<meta property=\"og:type\" content=\"article\" \/>\n<meta property=\"og:title\" content=\"Wholesale Disposable Vape SIDIA 12000Puffs - vapebulkp.com\" \/>\n<meta property=\"og:description\" content=\"Wholesale Disposable Vape SIDIA 12000Puffs Top Sale is not just a high-performing product; it&#039;s also a visual delight. Its sleek design and attractive packaging make it a standout on your store shelves.\" \/>\n<meta property=\"og:url\" content=\"https:\/\/vapebulkp.com\/et\/product\/wholesale-disposable-vape-sidia-12000puffs\/\" \/>\n<meta property=\"og:site_name\" content=\"vapebulkp.com\" \/>\n<meta property=\"article:modified_time\" content=\"2025-09-01T03:11:02+00:00\" \/>\n<meta property=\"og:image\" content=\"http:\/\/vapebulkp.com\/wp-content\/uploads\/2023\/09\/Hot-Selling-Sidia-12000-Puffs-20-Ml-Disposable_yyth-8.png\" \/>\n\t<meta property=\"og:image:width\" content=\"1060\" \/>\n\t<meta property=\"og:image:height\" content=\"647\" \/>\n\t<meta property=\"og:image:type\" content=\"image\/png\" \/>\n<meta name=\"twitter:card\" content=\"summary_large_image\" \/>\n<meta name=\"twitter:label1\" content=\"Est. reading time\" \/>\n\t<meta name=\"twitter:data1\" content=\"4 minutit\" \/>\n<script type=\"application\/ld+json\" class=\"yoast-schema-graph\">{\"@context\":\"https:\/\/schema.org\",\"@graph\":[{\"@type\":\"WebPage\",\"@id\":\"https:\/\/vapebulkp.com\/product\/wholesale-disposable-vape-sidia-12000puffs\/\",\"url\":\"https:\/\/vapebulkp.com\/product\/wholesale-disposable-vape-sidia-12000puffs\/\",\"name\":\"Wholesale Disposable Vape SIDIA 12000Puffs - vapebulkp.com\",\"isPartOf\":{\"@id\":\"https:\/\/vapebulkp.com\/#website\"},\"datePublished\":\"2023-09-28T07:40:29+00:00\",\"dateModified\":\"2025-09-01T03:11:02+00:00\",\"description\":\"Wholesale Disposable Vape SIDIA 12000Puffs Top Sale is not just a high-performing product; it's also a visual delight. Its sleek design and attractive packaging make it a standout on your store shelves.\",\"breadcrumb\":{\"@id\":\"https:\/\/vapebulkp.com\/product\/wholesale-disposable-vape-sidia-12000puffs\/#breadcrumb\"},\"inLanguage\":\"et\",\"potentialAction\":[{\"@type\":\"ReadAction\",\"target\":[\"https:\/\/vapebulkp.com\/product\/wholesale-disposable-vape-sidia-12000puffs\/\"]}]},{\"@type\":\"BreadcrumbList\",\"@id\":\"https:\/\/vapebulkp.com\/product\/wholesale-disposable-vape-sidia-12000puffs\/#breadcrumb\",\"itemListElement\":[{\"@type\":\"ListItem\",\"position\":1,\"name\":\"Home\",\"item\":\"https:\/\/vapebulkp.com\/\"},{\"@type\":\"ListItem\",\"position\":2,\"name\":\"Hot Trend Vapes\",\"item\":\"https:\/\/vapebulkp.com\/vape-shop\/\"},{\"@type\":\"ListItem\",\"position\":3,\"name\":\"Wholesale Disposable Vape SIDIA 12000Puffs\"}]},{\"@type\":\"WebSite\",\"@id\":\"https:\/\/vapebulkp.com\/#website\",\"url\":\"https:\/\/vapebulkp.com\/\",\"name\":\"vapebulkp.com\",\"description\":\"Buy Vape In Cheap Bulk Price Near you\",\"publisher\":{\"@id\":\"https:\/\/vapebulkp.com\/#organization\"},\"potentialAction\":[{\"@type\":\"SearchAction\",\"target\":{\"@type\":\"EntryPoint\",\"urlTemplate\":\"https:\/\/vapebulkp.com\/?s={search_term_string}\"},\"query-input\":\"required name=search_term_string\"}],\"inLanguage\":\"et\"},{\"@type\":\"Organization\",\"@id\":\"https:\/\/vapebulkp.com\/#organization\",\"name\":\"vapebulkp.com\",\"url\":\"https:\/\/vapebulkp.com\/\",\"logo\":{\"@type\":\"ImageObject\",\"inLanguage\":\"et\",\"@id\":\"https:\/\/vapebulkp.com\/#\/schema\/logo\/image\/\",\"url\":\"https:\/\/vapebulkp.com\/wp-content\/uploads\/2023\/09\/cropped-vapebulkp.png\",\"contentUrl\":\"https:\/\/vapebulkp.com\/wp-content\/uploads\/2023\/09\/cropped-vapebulkp.png\",\"width\":516,\"height\":163,\"caption\":\"vapebulkp.com\"},\"image\":{\"@id\":\"https:\/\/vapebulkp.com\/#\/schema\/logo\/image\/\"}}]}<\/script>\n<!-- \/ Yoast SEO plugin. -->","yoast_head_json":{"title":"Wholesale Disposable Vape SIDIA 12000Puffs - vapebulkp.com","description":"Wholesale Disposable Vape SIDIA 12000Puffs Top Sale is not just a high-performing product; it's also a visual delight. Its sleek design and attractive packaging make it a standout on your store shelves.","robots":{"index":"index","follow":"follow","max-snippet":"max-snippet:-1","max-image-preview":"max-image-preview:large","max-video-preview":"max-video-preview:-1"},"canonical":"https:\/\/vapebulkp.com\/et\/product\/wholesale-disposable-vape-sidia-12000puffs\/","og_locale":"et_EE","og_type":"article","og_title":"Wholesale Disposable Vape SIDIA 12000Puffs - vapebulkp.com","og_description":"Wholesale Disposable Vape SIDIA 12000Puffs Top Sale is not just a high-performing product; it's also a visual delight. Its sleek design and attractive packaging make it a standout on your store shelves.","og_url":"https:\/\/vapebulkp.com\/et\/product\/wholesale-disposable-vape-sidia-12000puffs\/","og_site_name":"vapebulkp.com","article_modified_time":"2025-09-01T03:11:02+00:00","og_image":[{"width":1060,"height":647,"url":"http:\/\/vapebulkp.com\/wp-content\/uploads\/2023\/09\/Hot-Selling-Sidia-12000-Puffs-20-Ml-Disposable_yyth-8.png","type":"image\/png"}],"twitter_card":"summary_large_image","twitter_misc":{"Est. reading time":"4 minutit"},"schema":{"@context":"https:\/\/schema.org","@graph":[{"@type":"WebPage","@id":"https:\/\/vapebulkp.com\/product\/wholesale-disposable-vape-sidia-12000puffs\/","url":"https:\/\/vapebulkp.com\/product\/wholesale-disposable-vape-sidia-12000puffs\/","name":"Wholesale Disposable Vape SIDIA 12000Puffs - vapebulkp.com","isPartOf":{"@id":"https:\/\/vapebulkp.com\/#website"},"datePublished":"2023-09-28T07:40:29+00:00","dateModified":"2025-09-01T03:11:02+00:00","description":"Wholesale Disposable Vape SIDIA 12000Puffs Top Sale is not just a high-performing product; it's also a visual delight. Its sleek design and attractive packaging make it a standout on your store shelves.","breadcrumb":{"@id":"https:\/\/vapebulkp.com\/product\/wholesale-disposable-vape-sidia-12000puffs\/#breadcrumb"},"inLanguage":"et","potentialAction":[{"@type":"ReadAction","target":["https:\/\/vapebulkp.com\/product\/wholesale-disposable-vape-sidia-12000puffs\/"]}]},{"@type":"BreadcrumbList","@id":"https:\/\/vapebulkp.com\/product\/wholesale-disposable-vape-sidia-12000puffs\/#breadcrumb","itemListElement":[{"@type":"ListItem","position":1,"name":"Home","item":"https:\/\/vapebulkp.com\/"},{"@type":"ListItem","position":2,"name":"Hot Trend Vapes","item":"https:\/\/vapebulkp.com\/vape-shop\/"},{"@type":"ListItem","position":3,"name":"Wholesale Disposable Vape SIDIA 12000Puffs"}]},{"@type":"WebSite","@id":"https:\/\/vapebulkp.com\/#website","url":"https:\/\/vapebulkp.com\/","name":"vapebulkp.com","description":"Buy Vape In Cheap Bulk Price Near you","publisher":{"@id":"https:\/\/vapebulkp.com\/#organization"},"potentialAction":[{"@type":"SearchAction","target":{"@type":"EntryPoint","urlTemplate":"https:\/\/vapebulkp.com\/?s={search_term_string}"},"query-input":"required name=search_term_string"}],"inLanguage":"et"},{"@type":"Organization","@id":"https:\/\/vapebulkp.com\/#organization","name":"vapebulkp.com","url":"https:\/\/vapebulkp.com\/","logo":{"@type":"ImageObject","inLanguage":"et","@id":"https:\/\/vapebulkp.com\/#\/schema\/logo\/image\/","url":"https:\/\/vapebulkp.com\/wp-content\/uploads\/2023\/09\/cropped-vapebulkp.png","contentUrl":"https:\/\/vapebulkp.com\/wp-content\/uploads\/2023\/09\/cropped-vapebulkp.png","width":516,"height":163,"caption":"vapebulkp.com"},"image":{"@id":"https:\/\/vapebulkp.com\/#\/schema\/logo\/image\/"}}]}},"uagb_featured_image_src":{"full":["https:\/\/vapebulkp.com\/wp-content\/uploads\/2023\/09\/Hot-Selling-Sidia-12000-Puffs-20-Ml-Disposable_yyth-8.png",1060,647,false],"thumbnail":["https:\/\/vapebulkp.com\/wp-content\/uploads\/2023\/09\/Hot-Selling-Sidia-12000-Puffs-20-Ml-Disposable_yyth-8-150x150.png",150,150,true],"medium":["https:\/\/vapebulkp.com\/wp-content\/uploads\/2023\/09\/Hot-Selling-Sidia-12000-Puffs-20-Ml-Disposable_yyth-8-300x183.png",300,183,true],"medium_large":["https:\/\/vapebulkp.com\/wp-content\/uploads\/2023\/09\/Hot-Selling-Sidia-12000-Puffs-20-Ml-Disposable_yyth-8-768x469.png",768,469,true],"large":["https:\/\/vapebulkp.com\/wp-content\/uploads\/2023\/09\/Hot-Selling-Sidia-12000-Puffs-20-Ml-Disposable_yyth-8-1024x625.png",1024,625,true],"1536x1536":["https:\/\/vapebulkp.com\/wp-content\/uploads\/2023\/09\/Hot-Selling-Sidia-12000-Puffs-20-Ml-Disposable_yyth-8.png",1060,647,false],"2048x2048":["https:\/\/vapebulkp.com\/wp-content\/uploads\/2023\/09\/Hot-Selling-Sidia-12000-Puffs-20-Ml-Disposable_yyth-8.png",1060,647,false],"trp-custom-language-flag":["https:\/\/vapebulkp.com\/wp-content\/uploads\/2023\/09\/Hot-Selling-Sidia-12000-Puffs-20-Ml-Disposable_yyth-8.png",18,12,false],"woocommerce_thumbnail":["https:\/\/vapebulkp.com\/wp-content\/uploads\/2023\/09\/Hot-Selling-Sidia-12000-Puffs-20-Ml-Disposable_yyth-8-300x300.png",300,300,true],"woocommerce_single":["https:\/\/vapebulkp.com\/wp-content\/uploads\/2023\/09\/Hot-Selling-Sidia-12000-Puffs-20-Ml-Disposable_yyth-8-600x366.png",600,366,true],"woocommerce_gallery_thumbnail":["https:\/\/vapebulkp.com\/wp-content\/uploads\/2023\/09\/Hot-Selling-Sidia-12000-Puffs-20-Ml-Disposable_yyth-8-100x100.png",100,100,true],"wcpr-photo-reviews":["https:\/\/vapebulkp.com\/wp-content\/uploads\/2023\/09\/Hot-Selling-Sidia-12000-Puffs-20-Ml-Disposable_yyth-8.png",500,305,false]},"uagb_author_info":{"display_name":"Mandy vape bulk price","author_link":"https:\/\/vapebulkp.com\/et\/author\/"},"uagb_comment_info":1,"uagb_excerpt":"The SIDIA 12000Puffs Top Sale offers a significant profit margin for retailers. With its impressive 12,000 puffs per device, customers will keep coming back for more. This means increased sales and customer loyalty, translating into higher revenue for your business. Pls Contact Mandy's WhatsApp For Discount Price+8618077105796 NOTE: Prices on our website does not include&hellip;","_links":{"self":[{"href":"https:\/\/vapebulkp.com\/et\/wp-json\/wp\/v2\/product\/1622","targetHints":{"allow":["GET"]}}],"collection":[{"href":"https:\/\/vapebulkp.com\/et\/wp-json\/wp\/v2\/product"}],"about":[{"href":"https:\/\/vapebulkp.com\/et\/wp-json\/wp\/v2\/types\/product"}],"replies":[{"embeddable":true,"href":"https:\/\/vapebulkp.com\/et\/wp-json\/wp\/v2\/comments?post=1622"}],"wp:featuredmedia":[{"embeddable":true,"href":"https:\/\/vapebulkp.com\/et\/wp-json\/wp\/v2\/media\/1727"}],"wp:attachment":[{"href":"https:\/\/vapebulkp.com\/et\/wp-json\/wp\/v2\/media?parent=1622"}],"wp:term":[{"taxonomy":"product_cat","embeddable":true,"href":"https:\/\/vapebulkp.com\/et\/wp-json\/wp\/v2\/product_cat?post=1622"},{"taxonomy":"product_tag","embeddable":true,"href":"https:\/\/vapebulkp.com\/et\/wp-json\/wp\/v2\/product_tag?post=1622"}],"curies":[{"name":"wp","href":"https:\/\/api.w.org\/{rel}","templated":true}]}}