{"id":1810,"date":"2023-10-26T08:51:36","date_gmt":"2023-10-26T06:51:36","guid":{"rendered":"https:\/\/vapebulkp.com\/?post_type=product&#038;p=1810"},"modified":"2025-09-08T06:04:57","modified_gmt":"2025-09-08T04:04:57","slug":"joymy-ultra15000puffs-best-disposable-vape-2023","status":"publish","type":"product","link":"https:\/\/vapebulkp.com\/et\/product\/joymy-ultra15000puffs-best-disposable-vape-2023\/","title":{"rendered":"JOYMY ULTRA15000Puffs Parim \u00dchekordne Vape 2023"},"content":{"rendered":"<h2>JOYMY ULTRA 15000Puhvi parim \u00fchekordselt kasutatav vape 2023<\/h2>\n<p>JOYMY ULTRA \u00a0<a href=\"https:\/\/vapebulkp.com\/et\/product-category\/15000-puffs-disposable-vape\/\">15000Puhvi \u00fchekordselt kasutatav vape<\/a> on suure mahutavusega \u00fchekordselt kasutatav vape, mis on loodud Euroopa veipimishuvilistele, kes hindavad j\u00f5udlust, maitset ja mugavust. Tugeva 650 mAh akuga ja Type-C kiirlaadimisega see kauakestev \u00fchekordselt kasutatav vape tagab katkematud seansid, pakkudes samal ajal sujuvat ja \u00fchtlast auru.<\/p>\n<p>Suure 20 ml e-vedeliku mahuti ja t\u00e4iustatud v\u00f5rkspiraali vape-tehnoloogiaga toodab 15000 Puhvi \u00fchekordselt kasutatav vape tihedaid pilvi ja rikkalikku maitset algusest l\u00f5puni. Saadaval laias valikus esmaklassilisi maitseid ja nikotiinisoola vape tugevusi, rahuldab see nii juhukliente kui ka kogenud veipere, kes otsivad rahuldavaid t\u00f5mbeid.<\/p>\n<p>Kompaktne ja kaasaskantav JOYMY ULTRA 15000 Puhvi laetav vape mahub vaevata teie taskusse v\u00f5i kotti, muutes selle ideaalseks reisimiseks, seltskondlikeks s\u00fcndmusteks v\u00f5i igap\u00e4evaseks kasutamiseks. Ideaalne nii \u00fcksikkasutajatele kui ka hulgim\u00fc\u00fcjatele, see suure mahutavusega \u00fchekordselt kasutatav vape pakub madalat minimaalset tellimiskogust, muutes selle atraktiivseks valikuks jaem\u00fc\u00fcjatele kogu Euroopas.<\/p>\n<p>T\u00e4iustage oma kollektsiooni JOYMY ULTRA 15000Puhvi Vape Bariga \u2013 kasutusvalmis, usaldusv\u00e4\u00e4rne ja stiilne seade, mis on loodud pikaajaliseks rahuloluks.<\/p>\n<p><img decoding=\"async\" class=\"alignnone size-full wp-image-1815\" src=\"http:\/\/vapebulkp.com\/wp-content\/uploads\/2023\/10\/Good-Sale-JOYMY-15000-Puffs-Hot-vape.png\" alt=\"Hea m\u00fc\u00fck JOYMY 15000 Puffs kuum vape\" width=\"680\" height=\"340\" srcset=\"https:\/\/vapebulkp.com\/wp-content\/uploads\/2023\/10\/Good-Sale-JOYMY-15000-Puffs-Hot-vape.png 680w, https:\/\/vapebulkp.com\/wp-content\/uploads\/2023\/10\/Good-Sale-JOYMY-15000-Puffs-Hot-vape-300x150.png 300w, https:\/\/vapebulkp.com\/wp-content\/uploads\/2023\/10\/Good-Sale-JOYMY-15000-Puffs-Hot-vape-600x300.png 600w\" sizes=\"(max-width: 680px) 100vw, 680px\" \/><\/p>\n<h6>Soodushinna saamiseks v\u00f5tke \u00fchendust Mandy WhatsAppiga<a href=\"https:\/\/wa.me\/8618077105796\">+8618077105796<\/a><\/h6>\n<p><img decoding=\"async\" class=\"alignnone wp-image-2151\" src=\"http:\/\/vapebulkp.com\/wp-content\/uploads\/2024\/04\/Mandy-WhatsApp-Randm.jpg\" alt=\"Mandy WhatsAppi tutvustus\" width=\"267\" height=\"284\" srcset=\"https:\/\/vapebulkp.com\/wp-content\/uploads\/2024\/04\/Mandy-WhatsApp-Randm.jpg 916w, https:\/\/vapebulkp.com\/wp-content\/uploads\/2024\/04\/Mandy-WhatsApp-Randm-282x300.jpg 282w, https:\/\/vapebulkp.com\/wp-content\/uploads\/2024\/04\/Mandy-WhatsApp-Randm-768x817.jpg 768w, https:\/\/vapebulkp.com\/wp-content\/uploads\/2024\/04\/Mandy-WhatsApp-Randm-600x638.jpg 600w\" sizes=\"(max-width: 267px) 100vw, 267px\" \/><\/p>\n<h2>Arvasime, et v\u00f5iksite teada JOYMY ULTRA 15000Puhvist:<\/h2>\n<p>&nbsp;<\/p>\n<h6>1. MIS ON Vape JOYMY 15000 Puhvi E-VEDELIKU MAHT?<\/h6>\n<p>Selles seadmes on 20 ml e-vedelikku.<\/p>\n<h6>2. KUI KAUA SEE VAPE KESTAB?<\/h6>\n<p>500 puhvi\/p\u00e4ev, v\u00f5ib kesta 30 p\u00e4eva<br \/>\n1000 puhvi\/p\u00e4ev, v\u00f5ib kesta 15 p\u00e4eva<br \/>\n2000 puhvi\/p\u00e4ev, v\u00f5ib kesta 8 p\u00e4eva<\/p>\n<h6>3. KUIDAS LAADIDA \u00dcHEKORDSELT KASUTATAVAT VAPE JOYMY ULTRA 15000Puhvi SEADET?<\/h6>\n<p>Kiirlaadimislaadijaid ei tohi kasutada. \u00dchekordselt kasutatavate e-sigarettide standardne ohutu v\u00f5imsus on 5V 1A. Iga laadimisaeg ei tohi \u00fcletada 1 tundi ja ohutu laadimisaeg on pool tundi.<\/p>\n<p><span style=\"color: #ff6600\">M\u00e4rkus: ei tohi laadida terve \u00f6\u00f6!<\/span><\/p>\n<h6>4. Kuidas kasutada <strong><span style=\"vertical-align: inherit\">JOYMY ULTRA 15000 Puhvetit<\/span><\/strong>?<\/h6>\n<p>1: Enne 15k puhveti kasutamist eemaldage plasttoru.<br \/>\n2: Oodake umbes 3 minutit, lastes mahlal imbuda spiraali.<br \/>\n3: Alustage nautimist<\/p>\n<h2><strong><span style=\"vertical-align: inherit\">Spetsifikatsioon JOYMY 15000 Puhvetile<\/span><\/strong><strong><span style=\"vertical-align: inherit\">\uff1a<\/span><br \/>\n<\/strong><\/h2>\n<ul>\n<li>Aku: 650mAh (Type C)<br \/>\nMahutavus: 20 ml<br \/>\nKoil: 0.8 ohm v\u00f5rk<br \/>\nLigikaudne imemaht: 15000 puhvetit<br \/>\nNikotiini tugevus: 21mg,51mg<\/li>\n<li>T\u00f5hus ja \u00fchtlane v\u00f5imsuse edastamine<\/li>\n<li>MOQ: 100 tk<\/li>\n<\/ul>\n<h2><strong>Mis on parimad JOYMY 15000 Puhveti maitsed?<\/strong><\/h2>\n<p>&nbsp;<\/p>\n<p><strong>1. mustikas <\/strong><\/p>\n<p><strong>2. must j\u00e4\u00e4 <\/strong><\/p>\n<p><strong>3. arbuus<\/strong><\/p>\n<p><strong> 4. sidrunim\u00fcnt<\/strong><\/p>\n<p><strong> 5. n\u00e4tsum\u00fcnt <\/strong><\/p>\n<p><strong>6.viinamarjaj\u00e4\u00e4 <\/strong><\/p>\n<p><strong>7. maasikas mango<\/strong><\/p>\n<p><strong> 8. topelt\u00f5un <\/strong><\/p>\n<p><strong>9. meloni mesi <\/strong><\/p>\n<p><strong>10. maasikas kiivi<\/strong><\/p>\n<p>&nbsp;<\/p>\n<p><a href=\"https:\/\/vapebulkp.com\/et\/product\/popular-randm-tornado-7000puffs-disposable-vape-best-price\/\"><span style=\"vertical-align: inherit\">RandM Tornado 7000 Puhvrit <\/span><\/a><\/p>\n<p><span style=\"vertical-align: inherit\">Leia rohkem tooteid, mis sulle meeldida v\u00f5iksid:<\/span><em><a href=\"https:\/\/wa.me\/8618077105796\"><span style=\"vertical-align: inherit\">\u00a0Osta kohe<\/span><\/a><\/em><\/p>\n<p><span style=\"vertical-align: inherit\">Teised e-sigaretid, mis sulle meeldida v\u00f5ivad:<\/span><a href=\"https:\/\/vapebulkp.com\/et\/product\/bang-box-12000puffs-good-vape-sweden-wholesale-price\/\"><span style=\"vertical-align: inherit\">Bang Box 12000 T\u00f5mmet<\/span><\/a><span style=\"vertical-align: inherit\">\u3001<\/span><a href=\"https:\/\/vapebulkp.com\/et\/product\/top-sale-waspe-12000puffs-disposable-vape-wholesale-france\/\"><span style=\"vertical-align: inherit\">WASPE 12000 suitsu<\/span><\/a><span style=\"vertical-align: inherit\">\/ <\/span><a href=\"https:\/\/vapebulkp.com\/et\/product\/wholesale-randm-tornado-9000-puffs-germany\/\"><span style=\"vertical-align: inherit\">RandM Tornado 9000 Mahvi<\/span><\/a><span style=\"vertical-align: inherit\">\/ <\/span><a href=\"https:\/\/vapebulkp.com\/et\/product\/disposable-vape-crystal-600-puffs\/\"><span style=\"vertical-align: inherit\">Crystal 600 Puhvetit<\/span><\/a><\/p>\n<p><span style=\"vertical-align: inherit\">Erilise kujuga e-sigareti pudel:<\/span><a href=\"https:\/\/vapebulkp.com\/et\/product\/good-sale-randm-tornado-10000-puffs-plus\/\"><span style=\"vertical-align: inherit\">RandM Tornado 10000 Puhvi Plus <\/span><\/a><span style=\"vertical-align: inherit\">\/<\/span><a href=\"https:\/\/vapebulkp.com\/et\/product\/wholesale-price-og-super-smash-10000-puffs-disposable-vape\/\"><span style=\"vertical-align: inherit\">OG Super smash 10000 Puhvetit<\/span><\/a><\/p>\n<h3>Tootmise kvalifikatsioon:<\/h3>\n<p><img decoding=\"async\" class=\"alignnone size-full wp-image-1841\" src=\"http:\/\/vapebulkp.com\/wp-content\/uploads\/2023\/11\/Vape-production-process-2.jpeg\" alt=\"Veibi tootmisprotsess\" width=\"650\" height=\"434\" srcset=\"https:\/\/vapebulkp.com\/wp-content\/uploads\/2023\/11\/Vape-production-process-2.jpeg 650w, https:\/\/vapebulkp.com\/wp-content\/uploads\/2023\/11\/Vape-production-process-2-300x200.jpeg 300w, https:\/\/vapebulkp.com\/wp-content\/uploads\/2023\/11\/Vape-production-process-2-600x401.jpeg 600w\" sizes=\"(max-width: 650px) 100vw, 650px\" \/><\/p>\n<p><img decoding=\"async\" class=\"alignnone wp-image-1843\" src=\"http:\/\/vapebulkp.com\/wp-content\/uploads\/2023\/11\/Vape-production-process.jpeg\" alt=\"Veibi tootmisprotsess\" width=\"647\" height=\"1036\" srcset=\"https:\/\/vapebulkp.com\/wp-content\/uploads\/2023\/11\/Vape-production-process.jpeg 641w, https:\/\/vapebulkp.com\/wp-content\/uploads\/2023\/11\/Vape-production-process-187x300.jpeg 187w, https:\/\/vapebulkp.com\/wp-content\/uploads\/2023\/11\/Vape-production-process-640x1024.jpeg 640w, https:\/\/vapebulkp.com\/wp-content\/uploads\/2023\/11\/Vape-production-process-600x960.jpeg 600w\" sizes=\"(max-width: 647px) 100vw, 647px\" \/><\/p>\n<h3>KKK:<\/h3>\n<p>K: Mis on hulgim\u00fc\u00fcgi Vape JOYMY ULTRA 15000 Puhveti MOQ?<br \/>\nV: Minimaalne tellimiskogus on 50 tk.<br \/>\nK: Mis on tellitud vape'i tarneaeg?<br \/>\nV: Tavaliselt 10-15 p\u00e4eva p\u00e4rast v\u00e4ljasaatmist<br \/>\nK: Kui palju on saatmiskulu?V: Saatmiskaal s\u00f5ltub kaalust. Erinevatel kogustel on erinevad saatmiskulud, saatmiskulu kinnitamiseks v\u00f5tke meiega \u00fchendust.<\/p>\n<h4>Saatmisinfo:<\/h4>\n<p><span style=\"color: #ff6600\">Tootmisaeg: 5-10 t\u00f6\u00f6p\u00e4eva<\/span><br \/>\n<span style=\"color: #ff6600\">Saatmisaeg: 8-14 t\u00f6\u00f6p\u00e4eva<\/span><\/p>\n<p>K\u00f5ik meie poe tooted on 100% originaalsed ja autentsed, seega on v\u00f5ltsitud kaupade eest k\u00fcmnekordne h\u00fcvitis meie poe poliitika. Kasutame kaupade teile tarnimiseks logistikakanaleid nagu UPS\/DHL\/FEDEX\/DPD.<\/p>\n<p>Eestisse saadetud pakkide kohalej\u00f5udmine v\u00f5tab tavaliselt aega 10 t\u00f6\u00f6p\u00e4eva. Euroopa riikidesse saatmine v\u00f5tab tavaliselt aega 12 kuni 15 t\u00f6\u00f6p\u00e4eva. Uuendame logistikainfot teie jaoks reaalajas.<\/p>\n<h3>Hea m\u00fc\u00fcgij\u00e4rgne teenindus:<\/h3>\n<p><span style=\"color: #ff6600\">Teade: Kvaliteediprobleemide puudumisel raha ei tagastata ega vahetata<\/span><br \/>\n1. Kliendid saavad valida soovitud maitse, kuid kui maitset pole laos, valib tootmisosakond asenduseks populaarse maitse. Kliendid ei saa maitsete alusel taotleda raha tagastamist ega vahetamist.<\/p>\n<p>2. Kvaliteediprobleemide ilmnemisel esitage \u00fcksikasjalikud video- ja pildikirjeldused.<br \/>\nKui te ei saa esitada t\u00f5endeid, nagu videod ja fotod, ei saa kaupa vahetada.<\/p>","protected":false},"excerpt":{"rendered":"<p>Hea m\u00fc\u00fck Vape JOYMY 15000Puhvi kuum m\u00fc\u00fck Vape Prantsusmaa<br \/>\nJOYMY 15000Puhvi VAPE KIT Rootsi<br \/>\nPopulaarne Vape JOYMY 15000Puhvi VAPE BAR<br \/>\nPopulaarne JOYMY 15000Puhvi VAPE Prantsusmaa<br \/>\nHea Vape JOYMY 15000Puhvi parim m\u00fc\u00fck Vape<\/p>\n<p><img decoding=\"async\" class=\"alignnone wp-image-2151\" src=\"http:\/\/vapebulkp.com\/wp-content\/uploads\/2024\/04\/Mandy-WhatsApp-Randm.jpg\" alt=\"Mandy WhatsAppi tutvustus\" width=\"294\" height=\"313\" srcset=\"https:\/\/vapebulkp.com\/wp-content\/uploads\/2024\/04\/Mandy-WhatsApp-Randm.jpg 916w, https:\/\/vapebulkp.com\/wp-content\/uploads\/2024\/04\/Mandy-WhatsApp-Randm-282x300.jpg 282w, https:\/\/vapebulkp.com\/wp-content\/uploads\/2024\/04\/Mandy-WhatsApp-Randm-768x817.jpg 768w, https:\/\/vapebulkp.com\/wp-content\/uploads\/2024\/04\/Mandy-WhatsApp-Randm-600x638.jpg 600w\" sizes=\"(max-width: 294px) 100vw, 294px\" \/><\/p>\n<p>Soodushinna saamiseks v\u00f5tke \u00fchendust Mandy WhatsAppiga<a href=\"https:\/\/wa.me\/8618077105796\">+8618077105796<\/a><\/p>\n<p><span style=\"color: #ff0000\">M\u00c4RKUS: Meie veebisaidi hinnad ei sisalda saatmiskulusid<\/span><\/p>","protected":false},"featured_media":1811,"comment_status":"open","ping_status":"closed","template":"","meta":{"_uag_custom_page_level_css":"","_lmt_disableupdate":"no","_lmt_disable":"","site-sidebar-layout":"default","site-content-layout":"content-boxed-container","ast-site-content-layout":"normal-width-container","site-content-style":"boxed","site-sidebar-style":"unboxed","ast-global-header-display":"","ast-banner-title-visibility":"","ast-main-header-display":"","ast-hfb-above-header-display":"","ast-hfb-below-header-display":"","ast-hfb-mobile-header-display":"","site-post-title":"","ast-breadcrumbs-content":"","ast-featured-img":"","footer-sml-layout":"","theme-transparent-header-meta":"default","adv-header-id-meta":"","stick-header-meta":"","header-above-stick-meta":"","header-main-stick-meta":"","header-below-stick-meta":"","astra-migrate-meta-layouts":"set","_joinchat":[]},"product_cat":[165,153,155,33,59,100,87,34,158,157,154,152,58,84,156,63,32],"product_tag":[77,36,37,41,73,40],"class_list":["post-1810","product","type-product","status-publish","has-post-thumbnail","hentry","product_cat-15000-puffs-disposable-vape","product_cat-hot-disposable-vapes","product_cat-belgium-hot-disposable-vapes","product_cat-france-vape-hot-sale","product_cat-germany-hot-disposable-vape","product_cat-germany-wholesale-vape-shop","product_cat-minimum-order-quantity-50pcs","product_cat-netherlands-vape-good-sale","product_cat-norway-hot-disposable-vapes","product_cat-poland-hot-disposable-vapes","product_cat-portugal-hot-disposable-vapes","product_cat-spain-hot-disposable-vapes","product_cat-sweden-hot-disposable-vape","product_cat-sweden-wholesale-vape","product_cat-switzerland-hot-disposable-vapes","product_cat-top-sale-disposable-vape","product_cat-vape-hot-sale-this-week","product_tag-15000-puffs","product_tag-good-vape","product_tag-hot-sale-disposable-vape","product_tag-poland-hot-vape","product_tag-randm-10000puffs-vape","product_tag-sweden-hot-vape","desktop-align-left","tablet-align-left","mobile-align-left"],"yoast_head":"<!-- This site is optimized with the Yoast SEO plugin v21.1 - https:\/\/yoast.com\/wordpress\/plugins\/seo\/ -->\n<title>JOYMY ULTRA15000Puffs Best Disposable Vape 2023 - vapebulkp.com<\/title>\n<meta name=\"description\" content=\"Join the Vaping Revolution with JOYMY ULTRA15000Puffs Best Disposable Vape 2023Disposable E-CigaretteIt&#039;s time to join the vaping revolution with the JOYMY ULTRA15k Puffs .\" \/>\n<meta name=\"robots\" content=\"index, follow, max-snippet:-1, max-image-preview:large, max-video-preview:-1\" \/>\n<link rel=\"canonical\" href=\"https:\/\/vapebulkp.com\/et\/product\/joymy-ultra15000puffs-best-disposable-vape-2023\/\" \/>\n<meta property=\"og:locale\" content=\"et_EE\" \/>\n<meta property=\"og:type\" content=\"article\" \/>\n<meta property=\"og:title\" content=\"JOYMY ULTRA15000Puffs Best Disposable Vape 2023 - vapebulkp.com\" \/>\n<meta property=\"og:description\" content=\"Join the Vaping Revolution with JOYMY ULTRA15000Puffs Best Disposable Vape 2023Disposable E-CigaretteIt&#039;s time to join the vaping revolution with the JOYMY ULTRA15k Puffs .\" \/>\n<meta property=\"og:url\" content=\"https:\/\/vapebulkp.com\/et\/product\/joymy-ultra15000puffs-best-disposable-vape-2023\/\" \/>\n<meta property=\"og:site_name\" content=\"vapebulkp.com\" \/>\n<meta property=\"article:modified_time\" content=\"2025-09-08T04:04:57+00:00\" \/>\n<meta property=\"og:image\" content=\"http:\/\/vapebulkp.com\/wp-content\/uploads\/2023\/10\/Ploand-Good-JOYMY-15000-Puffs-Vape-2-768x1024.png\" \/>\n\t<meta property=\"og:image:width\" content=\"768\" \/>\n\t<meta property=\"og:image:height\" content=\"1024\" \/>\n\t<meta property=\"og:image:type\" content=\"image\/png\" \/>\n<meta name=\"twitter:card\" content=\"summary_large_image\" \/>\n<meta name=\"twitter:label1\" content=\"Est. reading time\" \/>\n\t<meta name=\"twitter:data1\" content=\"4 minutit\" \/>\n<script type=\"application\/ld+json\" class=\"yoast-schema-graph\">{\"@context\":\"https:\/\/schema.org\",\"@graph\":[{\"@type\":\"WebPage\",\"@id\":\"https:\/\/vapebulkp.com\/product\/joymy-ultra15000puffs-best-disposable-vape-2023\/\",\"url\":\"https:\/\/vapebulkp.com\/product\/joymy-ultra15000puffs-best-disposable-vape-2023\/\",\"name\":\"JOYMY ULTRA15000Puffs Best Disposable Vape 2023 - vapebulkp.com\",\"isPartOf\":{\"@id\":\"https:\/\/vapebulkp.com\/#website\"},\"datePublished\":\"2023-10-26T06:51:36+00:00\",\"dateModified\":\"2025-09-08T04:04:57+00:00\",\"description\":\"Join the Vaping Revolution with JOYMY ULTRA15000Puffs Best Disposable Vape 2023Disposable E-CigaretteIt's time to join the vaping revolution with the JOYMY ULTRA15k Puffs .\",\"breadcrumb\":{\"@id\":\"https:\/\/vapebulkp.com\/product\/joymy-ultra15000puffs-best-disposable-vape-2023\/#breadcrumb\"},\"inLanguage\":\"et\",\"potentialAction\":[{\"@type\":\"ReadAction\",\"target\":[\"https:\/\/vapebulkp.com\/product\/joymy-ultra15000puffs-best-disposable-vape-2023\/\"]}]},{\"@type\":\"BreadcrumbList\",\"@id\":\"https:\/\/vapebulkp.com\/product\/joymy-ultra15000puffs-best-disposable-vape-2023\/#breadcrumb\",\"itemListElement\":[{\"@type\":\"ListItem\",\"position\":1,\"name\":\"Home\",\"item\":\"https:\/\/vapebulkp.com\/\"},{\"@type\":\"ListItem\",\"position\":2,\"name\":\"Hot Trend Vapes\",\"item\":\"https:\/\/vapebulkp.com\/vape-shop\/\"},{\"@type\":\"ListItem\",\"position\":3,\"name\":\"JOYMY ULTRA15000Puffs Best Disposable Vape 2023\"}]},{\"@type\":\"WebSite\",\"@id\":\"https:\/\/vapebulkp.com\/#website\",\"url\":\"https:\/\/vapebulkp.com\/\",\"name\":\"vapebulkp.com\",\"description\":\"Buy Vape In Cheap Bulk Price Near you\",\"publisher\":{\"@id\":\"https:\/\/vapebulkp.com\/#organization\"},\"potentialAction\":[{\"@type\":\"SearchAction\",\"target\":{\"@type\":\"EntryPoint\",\"urlTemplate\":\"https:\/\/vapebulkp.com\/?s={search_term_string}\"},\"query-input\":\"required name=search_term_string\"}],\"inLanguage\":\"et\"},{\"@type\":\"Organization\",\"@id\":\"https:\/\/vapebulkp.com\/#organization\",\"name\":\"vapebulkp.com\",\"url\":\"https:\/\/vapebulkp.com\/\",\"logo\":{\"@type\":\"ImageObject\",\"inLanguage\":\"et\",\"@id\":\"https:\/\/vapebulkp.com\/#\/schema\/logo\/image\/\",\"url\":\"https:\/\/vapebulkp.com\/wp-content\/uploads\/2023\/09\/cropped-vapebulkp.png\",\"contentUrl\":\"https:\/\/vapebulkp.com\/wp-content\/uploads\/2023\/09\/cropped-vapebulkp.png\",\"width\":516,\"height\":163,\"caption\":\"vapebulkp.com\"},\"image\":{\"@id\":\"https:\/\/vapebulkp.com\/#\/schema\/logo\/image\/\"}}]}<\/script>\n<!-- \/ Yoast SEO plugin. -->","yoast_head_json":{"title":"JOYMY ULTRA15000Puffs Best Disposable Vape 2023 - vapebulkp.com","description":"Join the Vaping Revolution with JOYMY ULTRA15000Puffs Best Disposable Vape 2023Disposable E-CigaretteIt's time to join the vaping revolution with the JOYMY ULTRA15k Puffs .","robots":{"index":"index","follow":"follow","max-snippet":"max-snippet:-1","max-image-preview":"max-image-preview:large","max-video-preview":"max-video-preview:-1"},"canonical":"https:\/\/vapebulkp.com\/et\/product\/joymy-ultra15000puffs-best-disposable-vape-2023\/","og_locale":"et_EE","og_type":"article","og_title":"JOYMY ULTRA15000Puffs Best Disposable Vape 2023 - vapebulkp.com","og_description":"Join the Vaping Revolution with JOYMY ULTRA15000Puffs Best Disposable Vape 2023Disposable E-CigaretteIt's time to join the vaping revolution with the JOYMY ULTRA15k Puffs .","og_url":"https:\/\/vapebulkp.com\/et\/product\/joymy-ultra15000puffs-best-disposable-vape-2023\/","og_site_name":"vapebulkp.com","article_modified_time":"2025-09-08T04:04:57+00:00","og_image":[{"width":768,"height":1024,"url":"http:\/\/vapebulkp.com\/wp-content\/uploads\/2023\/10\/Ploand-Good-JOYMY-15000-Puffs-Vape-2-768x1024.png","type":"image\/png"}],"twitter_card":"summary_large_image","twitter_misc":{"Est. reading time":"4 minutit"},"schema":{"@context":"https:\/\/schema.org","@graph":[{"@type":"WebPage","@id":"https:\/\/vapebulkp.com\/product\/joymy-ultra15000puffs-best-disposable-vape-2023\/","url":"https:\/\/vapebulkp.com\/product\/joymy-ultra15000puffs-best-disposable-vape-2023\/","name":"JOYMY ULTRA15000Puffs Best Disposable Vape 2023 - vapebulkp.com","isPartOf":{"@id":"https:\/\/vapebulkp.com\/#website"},"datePublished":"2023-10-26T06:51:36+00:00","dateModified":"2025-09-08T04:04:57+00:00","description":"Join the Vaping Revolution with JOYMY ULTRA15000Puffs Best Disposable Vape 2023Disposable E-CigaretteIt's time to join the vaping revolution with the JOYMY ULTRA15k Puffs .","breadcrumb":{"@id":"https:\/\/vapebulkp.com\/product\/joymy-ultra15000puffs-best-disposable-vape-2023\/#breadcrumb"},"inLanguage":"et","potentialAction":[{"@type":"ReadAction","target":["https:\/\/vapebulkp.com\/product\/joymy-ultra15000puffs-best-disposable-vape-2023\/"]}]},{"@type":"BreadcrumbList","@id":"https:\/\/vapebulkp.com\/product\/joymy-ultra15000puffs-best-disposable-vape-2023\/#breadcrumb","itemListElement":[{"@type":"ListItem","position":1,"name":"Home","item":"https:\/\/vapebulkp.com\/"},{"@type":"ListItem","position":2,"name":"Hot Trend Vapes","item":"https:\/\/vapebulkp.com\/vape-shop\/"},{"@type":"ListItem","position":3,"name":"JOYMY ULTRA15000Puffs Best Disposable Vape 2023"}]},{"@type":"WebSite","@id":"https:\/\/vapebulkp.com\/#website","url":"https:\/\/vapebulkp.com\/","name":"vapebulkp.com","description":"Buy Vape In Cheap Bulk Price Near you","publisher":{"@id":"https:\/\/vapebulkp.com\/#organization"},"potentialAction":[{"@type":"SearchAction","target":{"@type":"EntryPoint","urlTemplate":"https:\/\/vapebulkp.com\/?s={search_term_string}"},"query-input":"required name=search_term_string"}],"inLanguage":"et"},{"@type":"Organization","@id":"https:\/\/vapebulkp.com\/#organization","name":"vapebulkp.com","url":"https:\/\/vapebulkp.com\/","logo":{"@type":"ImageObject","inLanguage":"et","@id":"https:\/\/vapebulkp.com\/#\/schema\/logo\/image\/","url":"https:\/\/vapebulkp.com\/wp-content\/uploads\/2023\/09\/cropped-vapebulkp.png","contentUrl":"https:\/\/vapebulkp.com\/wp-content\/uploads\/2023\/09\/cropped-vapebulkp.png","width":516,"height":163,"caption":"vapebulkp.com"},"image":{"@id":"https:\/\/vapebulkp.com\/#\/schema\/logo\/image\/"}}]}},"uagb_featured_image_src":{"full":["https:\/\/vapebulkp.com\/wp-content\/uploads\/2023\/10\/Ploand-Good-JOYMY-15000-Puffs-Vape-2.png",1536,2048,false],"thumbnail":["https:\/\/vapebulkp.com\/wp-content\/uploads\/2023\/10\/Ploand-Good-JOYMY-15000-Puffs-Vape-2-150x150.png",150,150,true],"medium":["https:\/\/vapebulkp.com\/wp-content\/uploads\/2023\/10\/Ploand-Good-JOYMY-15000-Puffs-Vape-2-225x300.png",225,300,true],"medium_large":["https:\/\/vapebulkp.com\/wp-content\/uploads\/2023\/10\/Ploand-Good-JOYMY-15000-Puffs-Vape-2-768x1024.png",768,1024,true],"large":["https:\/\/vapebulkp.com\/wp-content\/uploads\/2023\/10\/Ploand-Good-JOYMY-15000-Puffs-Vape-2-768x1024.png",768,1024,true],"1536x1536":["https:\/\/vapebulkp.com\/wp-content\/uploads\/2023\/10\/Ploand-Good-JOYMY-15000-Puffs-Vape-2-1152x1536.png",1152,1536,true],"2048x2048":["https:\/\/vapebulkp.com\/wp-content\/uploads\/2023\/10\/Ploand-Good-JOYMY-15000-Puffs-Vape-2.png",1536,2048,false],"trp-custom-language-flag":["https:\/\/vapebulkp.com\/wp-content\/uploads\/2023\/10\/Ploand-Good-JOYMY-15000-Puffs-Vape-2.png",9,12,false],"woocommerce_thumbnail":["https:\/\/vapebulkp.com\/wp-content\/uploads\/2023\/10\/Ploand-Good-JOYMY-15000-Puffs-Vape-2-300x300.png",300,300,true],"woocommerce_single":["https:\/\/vapebulkp.com\/wp-content\/uploads\/2023\/10\/Ploand-Good-JOYMY-15000-Puffs-Vape-2-600x800.png",600,800,true],"woocommerce_gallery_thumbnail":["https:\/\/vapebulkp.com\/wp-content\/uploads\/2023\/10\/Ploand-Good-JOYMY-15000-Puffs-Vape-2-100x100.png",100,100,true],"wcpr-photo-reviews":["https:\/\/vapebulkp.com\/wp-content\/uploads\/2023\/10\/Ploand-Good-JOYMY-15000-Puffs-Vape-2.png",375,500,false]},"uagb_author_info":{"display_name":"Mandy vape bulk price","author_link":"https:\/\/vapebulkp.com\/et\/author\/"},"uagb_comment_info":0,"uagb_excerpt":"Good Sale Vape JOYMY 15000Puffs Hot Sale Vape France JOYMY 15000Puffs VAPE KIT Sweden Popular Vape JOYMY 15000Puffs VAPE BAR Popular JOYMY 15000Puffs VAPE\u00a0 France Good Vape JOYMY 15000Puffs Top Sale Vape Pls Contact Mandy's WhatsApp For Discount Price+8618077105796 NOTE: Prices on our website does not include shipping costs","_links":{"self":[{"href":"https:\/\/vapebulkp.com\/et\/wp-json\/wp\/v2\/product\/1810","targetHints":{"allow":["GET"]}}],"collection":[{"href":"https:\/\/vapebulkp.com\/et\/wp-json\/wp\/v2\/product"}],"about":[{"href":"https:\/\/vapebulkp.com\/et\/wp-json\/wp\/v2\/types\/product"}],"replies":[{"embeddable":true,"href":"https:\/\/vapebulkp.com\/et\/wp-json\/wp\/v2\/comments?post=1810"}],"wp:featuredmedia":[{"embeddable":true,"href":"https:\/\/vapebulkp.com\/et\/wp-json\/wp\/v2\/media\/1811"}],"wp:attachment":[{"href":"https:\/\/vapebulkp.com\/et\/wp-json\/wp\/v2\/media?parent=1810"}],"wp:term":[{"taxonomy":"product_cat","embeddable":true,"href":"https:\/\/vapebulkp.com\/et\/wp-json\/wp\/v2\/product_cat?post=1810"},{"taxonomy":"product_tag","embeddable":true,"href":"https:\/\/vapebulkp.com\/et\/wp-json\/wp\/v2\/product_tag?post=1810"}],"curies":[{"name":"wp","href":"https:\/\/api.w.org\/{rel}","templated":true}]}}