{"id":1849,"date":"2023-11-09T08:16:47","date_gmt":"2023-11-09T07:16:47","guid":{"rendered":"https:\/\/vapebulkp.com\/?post_type=product&#038;p=1849"},"modified":"2025-09-24T05:13:26","modified_gmt":"2025-09-24T03:13:26","slug":"popular-vape-bang-king-15000-puffs-bang-vape","status":"publish","type":"product","link":"https:\/\/vapebulkp.com\/et\/product\/popular-vape-bang-king-15000-puffs-bang-vape\/","title":{"rendered":"Populaarne Vape Bang King 15000 Puffs Bang Vape"},"content":{"rendered":"<h2>Populaarne Vape Bang King 15000 Puffs Bang Vape<\/h2>\n<p data-start=\"118\" data-end=\"446\">Veip <strong data-start=\"122\" data-end=\"141\">Bang King 15000 pahvi<\/strong>\u00a0on suure mahutavusega <strong data-start=\"161\" data-end=\"193\">laetav \u00fchekordselt kasutatav vape<\/strong> disainitud sujuvaks ja kauakestvaks toimimiseks. Kompaktne ja kaasaskantav, selle elegantne pudelikujundus muudab selle igale poole kaasav\u00f5tmise lihtsaks. 25 ml e-vedeliku paagi ja 2% v\u00f5i 5% nikotiinisoola valikutega pakub see rikkalikku, rahuldustpakkuvat maitset kuni 15 000 t\u00f5mbeni.<\/p>\n<p data-start=\"448\" data-end=\"749\">Varustatud 650 mAh suure j\u00f5udlusega akuga, tagab <strong data-start=\"501\" data-end=\"543\">Bang King 15000 \u00fchekordne e-sigaret<\/strong> \u00fchtlase auru ja usaldusv\u00e4\u00e4rsed t\u00f5mbed kogu p\u00e4eva v\u00e4ltel. Selle RGB valgustuss\u00fcsteem muudab d\u00fcnaamiliselt v\u00e4rvi vastavalt aku tasemele ja valitud maitsele, pakkudes kasutajatele visuaalselt pilkup\u00fc\u00fcdvat puudutust.<\/p>\n<p data-start=\"751\" data-end=\"971\">Ideaalne nii igap\u00e4evaseks veipimiseks kui ka seltskondlikeks \u00fcritusteks, see <strong data-start=\"805\" data-end=\"838\">suure mahutavusega <a href=\"https:\/\/vapebulkp.com\/et\/product-category\/15000-puffs-disposable-vape\/\">15000 pahviga \u00fchekordselt kasutatav e-sigaret<\/a><\/strong> \u00fchendab stiili, v\u00f5imsuse ja t\u00e4iustatud funktsionaalsuse, muutes selle parimaks valikuks Eesti tarbijatele ja hulgim\u00fc\u00fcjatele.<\/p>\n<p><img decoding=\"async\" class=\"alignnone wp-image-1853\" src=\"http:\/\/vapebulkp.com\/wp-content\/uploads\/2023\/11\/Bang-King-15000-puffs-Germany-Vape.png\" alt=\"Bang King 15000 mahvi Eesti Vape\" width=\"938\" height=\"528\" srcset=\"https:\/\/vapebulkp.com\/wp-content\/uploads\/2023\/11\/Bang-King-15000-puffs-Germany-Vape.png 1920w, https:\/\/vapebulkp.com\/wp-content\/uploads\/2023\/11\/Bang-King-15000-puffs-Germany-Vape-300x169.png 300w, https:\/\/vapebulkp.com\/wp-content\/uploads\/2023\/11\/Bang-King-15000-puffs-Germany-Vape-1024x576.png 1024w, https:\/\/vapebulkp.com\/wp-content\/uploads\/2023\/11\/Bang-King-15000-puffs-Germany-Vape-768x432.png 768w, https:\/\/vapebulkp.com\/wp-content\/uploads\/2023\/11\/Bang-King-15000-puffs-Germany-Vape-1536x864.png 1536w, https:\/\/vapebulkp.com\/wp-content\/uploads\/2023\/11\/Bang-King-15000-puffs-Germany-Vape-600x338.png 600w\" sizes=\"(max-width: 938px) 100vw, 938px\" \/><\/p>\n<h6>Soodushinna saamiseks v\u00f5tke \u00fchendust Mandy WhatsAppiga<a href=\"https:\/\/wa.me\/8618077105796\">+8618077105796<\/a><\/h6>\n<h3><img decoding=\"async\" class=\"alignnone wp-image-2151\" src=\"http:\/\/vapebulkp.com\/wp-content\/uploads\/2024\/04\/Mandy-WhatsApp-Randm.jpg\" alt=\"Mandy WhatsAppi tutvustus\" width=\"225\" height=\"239\" srcset=\"https:\/\/vapebulkp.com\/wp-content\/uploads\/2024\/04\/Mandy-WhatsApp-Randm.jpg 916w, https:\/\/vapebulkp.com\/wp-content\/uploads\/2024\/04\/Mandy-WhatsApp-Randm-282x300.jpg 282w, https:\/\/vapebulkp.com\/wp-content\/uploads\/2024\/04\/Mandy-WhatsApp-Randm-768x817.jpg 768w, https:\/\/vapebulkp.com\/wp-content\/uploads\/2024\/04\/Mandy-WhatsApp-Randm-600x638.jpg 600w\" sizes=\"(max-width: 225px) 100vw, 225px\" \/><\/h3>\n<h2>Arvasime, et teile v\u00f5iks meeldida teada saada Bang \u00fchekordsetest veipidest 15000 t\u00f5mbega:<\/h2>\n<p>&nbsp;<\/p>\n<h6>1. MIS ON Bang Vape 15000 t\u00f5mbega e-vedeliku maht?<\/h6>\n<p>Sellel seadmel on 25 ml e-vedelikku.<\/p>\n<h6>2.Kui kaua see puff bang king kestab?<\/h6>\n<p>500 puhvi\/p\u00e4ev, v\u00f5ib kesta 30 p\u00e4eva<br \/>\n1000 puhvi\/p\u00e4ev, v\u00f5ib kesta 15 p\u00e4eva<br \/>\n2000 t\u00f5mmet\/p\u00e4evas, kestab 7.5 p\u00e4eva<\/p>\n<h6>3. KUIDAS LAADIDA \u00dcHEKORDSET VEIPI Bang Vape 15000 t\u00f5mbega SEADET?<\/h6>\n<p>Kiirlaadimislaadijaid ei tohi kasutada. \u00dchekordselt kasutatavate e-sigarettide standardne ohutu v\u00f5imsus on 5V 1A. Iga laadimisaeg ei tohi \u00fcletada 1 tundi ja ohutu laadimisaeg on pool tundi.<\/p>\n<p><span style=\"color: #ff6600\">M\u00e4rkus: ei tohi laadida terve \u00f6\u00f6!<\/span><\/p>\n<h6>4. Kuidas kasutada Bang Vape 15000 t\u00f5mbega pudelit?<\/h6>\n<p>1: Palun rebige pakend lahti enne 15k t\u00f5mbega seadme kasutamist.<br \/>\n2: Seej\u00e4rel pange tihend veipimisseadme p\u00f5hja<br \/>\n3: Alustage nautimist<\/p>\n<h3><strong><span style=\"vertical-align: inherit\">Spetsifikatsioonid hulgim\u00fc\u00fcgiks m\u00f5eldud veibile Bang King 15000<\/span><\/strong>Mahvi<strong><span style=\"vertical-align: inherit\">\uff1a<\/span><br \/>\n<\/strong><\/h3>\n<ul>\n<li>650mAh sisseehitatud aku<\/li>\n<li>Laetav<\/li>\n<li>T\u00f5hus ja \u00fchtlane v\u00f5imsuse edastamine<\/li>\n<li>25ml eelt\u00e4idetud e-vedelikku<\/li>\n<li>2% 5% nikotiinisisaldus<\/li>\n<li>Rahulik kuni 15000 t\u00f5mmet<\/li>\n<li>Reguleeritav \u00f5huvool<\/li>\n<li>MOQ: 100 tk<\/li>\n<\/ul>\n<h3><strong>Mis on parim Bang vape<\/strong> 15k mahvi maitseained 15000 mahvi?<strong>15k mahvi maitseained 15000 mahvi?<\/strong><\/h3>\n<p>1. Maasika arbuus<br \/>\n2.Kolmekordne marjaj\u00e4\u00e4<br \/>\n3.Lopsakas j\u00e4\u00e4<br \/>\n4.Viriskuj\u00e4\u00e4<br \/>\n5.Maasika kiivi<br \/>\n6.Sinise vaarika j\u00e4\u00e4<br \/>\n7.Aaloe viinamari<br \/>\n8.Virsiku-mango<br \/>\n9.Topelt\u00f5un<br \/>\n10.Troopiline puuvili<\/p>\n<p><span style=\"vertical-align: inherit\">Leia rohkem tooteid, mis sulle meeldida v\u00f5iksid:<\/span><em><a href=\"https:\/\/wa.me\/8618077105796\"><span style=\"vertical-align: inherit\">\u00a0Osta kohe<\/span><\/a><\/em><\/p>\n<p><span style=\"vertical-align: inherit\">Teised e-sigaretid, mis sulle meeldida v\u00f5ivad:<\/span><a href=\"https:\/\/vapebulkp.com\/et\/product\/bang-box-12000puffs-good-vape-sweden-wholesale-price\/\"><span style=\"vertical-align: inherit\">Bang Box 12000 T\u00f5mmet<\/span><\/a><span style=\"vertical-align: inherit\">\u3001<\/span><a href=\"https:\/\/vapebulkp.com\/et\/product\/top-sale-waspe-12000puffs-disposable-vape-wholesale-france\/\"><span style=\"vertical-align: inherit\">WASPE 12000 suitsu<\/span><\/a><span style=\"vertical-align: inherit\">\/ <\/span><a href=\"https:\/\/vapebulkp.com\/et\/product\/wholesale-randm-tornado-9000-puffs-germany\/\"><span style=\"vertical-align: inherit\">RandM Tornado 9000 Mahvi<\/span><\/a><span style=\"vertical-align: inherit\">\/ <\/span><a href=\"https:\/\/vapebulkp.com\/et\/product\/wholesale-price-og-super-smash-10000-puffs-disposable-vape\/\"><span style=\"vertical-align: inherit\">Og Super samsh 10000 Puffs<\/span><\/a><\/p>\n<p><span style=\"vertical-align: inherit\">Erilise kujuga e-sigareti pudel:<\/span><a href=\"https:\/\/vapebulkp.com\/et\/product\/good-sale-randm-tornado-10000-puffs-plus\/\"><span style=\"vertical-align: inherit\">RandM Tornado 10000 Puhvi Plus <\/span><\/a><span style=\"vertical-align: inherit\">\/<\/span><a href=\"https:\/\/vapebulkp.com\/et\/product\/fumot-digital-box-12000-disposable-vape-wholesale\/\"><span style=\"vertical-align: inherit\">Fumot Vape digitaalne karp 12000 mahvi<\/span><\/a><\/p>\n<h4>Tootmise kvalifikatsioon:<\/h4>\n<p><img decoding=\"async\" class=\"alignnone wp-image-1842\" src=\"http:\/\/vapebulkp.com\/wp-content\/uploads\/2023\/11\/Vape-production-process-2.jpg\" alt=\"Veibi tootmisprotsess\" width=\"671\" height=\"301\" srcset=\"https:\/\/vapebulkp.com\/wp-content\/uploads\/2023\/11\/Vape-production-process-2.jpg 800w, https:\/\/vapebulkp.com\/wp-content\/uploads\/2023\/11\/Vape-production-process-2-300x135.jpg 300w, https:\/\/vapebulkp.com\/wp-content\/uploads\/2023\/11\/Vape-production-process-2-768x345.jpg 768w, https:\/\/vapebulkp.com\/wp-content\/uploads\/2023\/11\/Vape-production-process-2-600x269.jpg 600w\" sizes=\"(max-width: 671px) 100vw, 671px\" \/><\/p>\n<p><img decoding=\"async\" class=\"alignnone wp-image-1843\" src=\"http:\/\/vapebulkp.com\/wp-content\/uploads\/2023\/11\/Vape-production-process.jpeg\" alt=\"Veibi tootmisprotsess\" width=\"671\" height=\"1074\" srcset=\"https:\/\/vapebulkp.com\/wp-content\/uploads\/2023\/11\/Vape-production-process.jpeg 641w, https:\/\/vapebulkp.com\/wp-content\/uploads\/2023\/11\/Vape-production-process-187x300.jpeg 187w, https:\/\/vapebulkp.com\/wp-content\/uploads\/2023\/11\/Vape-production-process-640x1024.jpeg 640w, https:\/\/vapebulkp.com\/wp-content\/uploads\/2023\/11\/Vape-production-process-600x960.jpeg 600w\" sizes=\"(max-width: 671px) 100vw, 671px\" \/><\/p>\n<h5>KKK:<\/h5>\n<p>K: Mis on Bang King 15000 mahvi minimaalne tellimiskogus?<br \/>\nA: Minu tellimus on 100 tk.<br \/>\nK: Mis on tellitud vape'i tarneaeg?<br \/>\nV: Tavaliselt 10-15 p\u00e4eva p\u00e4rast v\u00e4ljasaatmist<br \/>\nK: Kui palju on saatmiskulu?V: Saatmiskaal s\u00f5ltub kaalust. Erinevatel kogustel on erinevad saatmiskulud, saatmiskulu kinnitamiseks v\u00f5tke meiega \u00fchendust.<\/p>\n<p>&nbsp;<\/p>\n<h4>Saatmisinfo:<\/h4>\n<p><span style=\"color: #ff6600\">Tootmisaeg: 5-10 t\u00f6\u00f6p\u00e4eva<\/span><br \/>\n<span style=\"color: #ff6600\">Saatmisaeg: 8-14 t\u00f6\u00f6p\u00e4eva<\/span><\/p>\n<p>K\u00f5ik meie poe tooted on 100% originaalsed ja autentsed, seega on v\u00f5ltsitud kaupade eest k\u00fcmnekordne h\u00fcvitis meie poe poliitika. Kasutame kaupade teile tarnimiseks logistikakanaleid nagu UPS\/DHL\/FEDEX\/DPD.<\/p>\n<p>Eestisse saadetud pakkide kohalej\u00f5udmine v\u00f5tab tavaliselt aega 10 t\u00f6\u00f6p\u00e4eva. Euroopa riikidesse saatmine v\u00f5tab tavaliselt aega 12 kuni 15 t\u00f6\u00f6p\u00e4eva. Uuendame logistikainfot teie jaoks reaalajas.<\/p>\n<h3>Hea m\u00fc\u00fcgij\u00e4rgne teenindus:<\/h3>\n<p><span style=\"color: #ff6600\">Teade: Kvaliteediprobleemide puudumisel raha ei tagastata ega vahetata<\/span><br \/>\n1. Kliendid saavad valida soovitud maitse, kuid kui maitset pole laos, valib tootmisosakond asenduseks populaarse maitse. Kliendid ei saa maitsete alusel taotleda raha tagastamist ega vahetamist.<\/p>\n<p>2. Kvaliteediprobleemide ilmnemisel esitage \u00fcksikasjalikud video- ja pildikirjeldused.<br \/>\nKui te ei saa esitada t\u00f5endeid, nagu videod ja fotod, ei saa kaupa vahetada.<\/p>","protected":false},"excerpt":{"rendered":"<p>\u00c4sja turule toodud populaarne e-sigaret Bang King 15000 Puffs Bang Vape on klientide seas armastatud. See e-sigaret suudab pakkuda kuni 15 000 mahvi sujuvat ja rahuldust pakkuvat suitsu ning on laetav seade, mida sa v\u00e4\u00e4rid.<\/p>\n<p><img decoding=\"async\" class=\"alignnone wp-image-2151\" src=\"http:\/\/vapebulkp.com\/wp-content\/uploads\/2024\/04\/Mandy-WhatsApp-Randm.jpg\" alt=\"Mandy WhatsAppi tutvustus\" width=\"249\" height=\"265\" srcset=\"https:\/\/vapebulkp.com\/wp-content\/uploads\/2024\/04\/Mandy-WhatsApp-Randm.jpg 916w, https:\/\/vapebulkp.com\/wp-content\/uploads\/2024\/04\/Mandy-WhatsApp-Randm-282x300.jpg 282w, https:\/\/vapebulkp.com\/wp-content\/uploads\/2024\/04\/Mandy-WhatsApp-Randm-768x817.jpg 768w, https:\/\/vapebulkp.com\/wp-content\/uploads\/2024\/04\/Mandy-WhatsApp-Randm-600x638.jpg 600w\" sizes=\"(max-width: 249px) 100vw, 249px\" \/><\/p>\n<p>Soodushinna saamiseks v\u00f5tke \u00fchendust Mandy WhatsAppiga<a href=\"https:\/\/wa.me\/8618077105796\">+8618077105796<\/a><\/p>\n<p><span style=\"color: #ff0000\">M\u00c4RKUS: Meie veebisaidi hinnad ei sisalda saatmiskulusid<\/span><\/p>","protected":false},"featured_media":1851,"comment_status":"open","ping_status":"closed","template":"","meta":{"_uag_custom_page_level_css":"","_lmt_disableupdate":"no","_lmt_disable":"","site-sidebar-layout":"default","site-content-layout":"content-boxed-container","ast-site-content-layout":"normal-width-container","site-content-style":"boxed","site-sidebar-style":"unboxed","ast-global-header-display":"","ast-banner-title-visibility":"","ast-main-header-display":"","ast-hfb-above-header-display":"","ast-hfb-below-header-display":"","ast-hfb-mobile-header-display":"","site-post-title":"","ast-breadcrumbs-content":"","ast-featured-img":"","footer-sml-layout":"","theme-transparent-header-meta":"default","adv-header-id-meta":"","stick-header-meta":"","header-above-stick-meta":"","header-main-stick-meta":"","header-below-stick-meta":"","astra-migrate-meta-layouts":"set","_joinchat":[]},"product_cat":[165,153,344,155,33,59,100,98,34,158,157,154,152,58,84,156,63,32],"product_tag":[77,36,37,41,73,40],"class_list":["post-1849","product","type-product","status-publish","has-post-thumbnail","hentry","product_cat-15000-puffs-disposable-vape","product_cat-hot-disposable-vapes","product_cat-bang-king-vape","product_cat-belgium-hot-disposable-vapes","product_cat-france-vape-hot-sale","product_cat-germany-hot-disposable-vape","product_cat-germany-wholesale-vape-shop","product_cat-moq-100pcs","product_cat-netherlands-vape-good-sale","product_cat-norway-hot-disposable-vapes","product_cat-poland-hot-disposable-vapes","product_cat-portugal-hot-disposable-vapes","product_cat-spain-hot-disposable-vapes","product_cat-sweden-hot-disposable-vape","product_cat-sweden-wholesale-vape","product_cat-switzerland-hot-disposable-vapes","product_cat-top-sale-disposable-vape","product_cat-vape-hot-sale-this-week","product_tag-15000-puffs","product_tag-good-vape","product_tag-hot-sale-disposable-vape","product_tag-poland-hot-vape","product_tag-randm-10000puffs-vape","product_tag-sweden-hot-vape","pa_brand-bang-king-vape","desktop-align-left","tablet-align-left","mobile-align-left"],"yoast_head":"<!-- This site is optimized with the Yoast SEO plugin v21.1 - https:\/\/yoast.com\/wordpress\/plugins\/seo\/ -->\n<title>Popular Vape Bang King 15000 Puffs Bang Vape - vapebulkp.com<\/title>\n<meta name=\"description\" content=\"The newly launched Popular Vape Bang King 15000 Puffs Bang Vape is loved by customers. This e-cigarette can provide up to 15,000 puffs of smooth and satisfying smoke, and it is a rechargeable device that you deserve.\" \/>\n<meta name=\"robots\" content=\"index, follow, max-snippet:-1, max-image-preview:large, max-video-preview:-1\" \/>\n<link rel=\"canonical\" href=\"https:\/\/vapebulkp.com\/et\/product\/popular-vape-bang-king-15000-puffs-bang-vape\/\" \/>\n<meta property=\"og:locale\" content=\"et_EE\" \/>\n<meta property=\"og:type\" content=\"article\" \/>\n<meta property=\"og:title\" content=\"Popular Vape Bang King 15000 Puffs Bang Vape - vapebulkp.com\" \/>\n<meta property=\"og:description\" content=\"The newly launched Popular Vape Bang King 15000 Puffs Bang Vape is loved by customers. This e-cigarette can provide up to 15,000 puffs of smooth and satisfying smoke, and it is a rechargeable device that you deserve.\" \/>\n<meta property=\"og:url\" content=\"https:\/\/vapebulkp.com\/et\/product\/popular-vape-bang-king-15000-puffs-bang-vape\/\" \/>\n<meta property=\"og:site_name\" content=\"vapebulkp.com\" \/>\n<meta property=\"article:modified_time\" content=\"2025-09-24T03:13:26+00:00\" \/>\n<meta property=\"og:image\" content=\"http:\/\/vapebulkp.com\/wp-content\/uploads\/2023\/11\/Bang-King-15000-puffs-Top-Sale-Vape.png\" \/>\n\t<meta property=\"og:image:width\" content=\"800\" \/>\n\t<meta property=\"og:image:height\" content=\"544\" \/>\n\t<meta property=\"og:image:type\" content=\"image\/png\" \/>\n<meta name=\"twitter:card\" content=\"summary_large_image\" \/>\n<meta name=\"twitter:label1\" content=\"Est. reading time\" \/>\n\t<meta name=\"twitter:data1\" content=\"4 minutit\" \/>\n<script type=\"application\/ld+json\" class=\"yoast-schema-graph\">{\"@context\":\"https:\/\/schema.org\",\"@graph\":[{\"@type\":\"WebPage\",\"@id\":\"https:\/\/vapebulkp.com\/product\/popular-vape-bang-king-15000-puffs-bang-vape\/\",\"url\":\"https:\/\/vapebulkp.com\/product\/popular-vape-bang-king-15000-puffs-bang-vape\/\",\"name\":\"Popular Vape Bang King 15000 Puffs Bang Vape - vapebulkp.com\",\"isPartOf\":{\"@id\":\"https:\/\/vapebulkp.com\/#website\"},\"datePublished\":\"2023-11-09T07:16:47+00:00\",\"dateModified\":\"2025-09-24T03:13:26+00:00\",\"description\":\"The newly launched Popular Vape Bang King 15000 Puffs Bang Vape is loved by customers. This e-cigarette can provide up to 15,000 puffs of smooth and satisfying smoke, and it is a rechargeable device that you deserve.\",\"breadcrumb\":{\"@id\":\"https:\/\/vapebulkp.com\/product\/popular-vape-bang-king-15000-puffs-bang-vape\/#breadcrumb\"},\"inLanguage\":\"et\",\"potentialAction\":[{\"@type\":\"ReadAction\",\"target\":[\"https:\/\/vapebulkp.com\/product\/popular-vape-bang-king-15000-puffs-bang-vape\/\"]}]},{\"@type\":\"BreadcrumbList\",\"@id\":\"https:\/\/vapebulkp.com\/product\/popular-vape-bang-king-15000-puffs-bang-vape\/#breadcrumb\",\"itemListElement\":[{\"@type\":\"ListItem\",\"position\":1,\"name\":\"Home\",\"item\":\"https:\/\/vapebulkp.com\/\"},{\"@type\":\"ListItem\",\"position\":2,\"name\":\"Hot Trend Vapes\",\"item\":\"https:\/\/vapebulkp.com\/vape-shop\/\"},{\"@type\":\"ListItem\",\"position\":3,\"name\":\"Popular Vape Bang King 15000 Puffs Bang Vape\"}]},{\"@type\":\"WebSite\",\"@id\":\"https:\/\/vapebulkp.com\/#website\",\"url\":\"https:\/\/vapebulkp.com\/\",\"name\":\"vapebulkp.com\",\"description\":\"Buy Vape In Cheap Bulk Price Near you\",\"publisher\":{\"@id\":\"https:\/\/vapebulkp.com\/#organization\"},\"potentialAction\":[{\"@type\":\"SearchAction\",\"target\":{\"@type\":\"EntryPoint\",\"urlTemplate\":\"https:\/\/vapebulkp.com\/?s={search_term_string}\"},\"query-input\":\"required name=search_term_string\"}],\"inLanguage\":\"et\"},{\"@type\":\"Organization\",\"@id\":\"https:\/\/vapebulkp.com\/#organization\",\"name\":\"vapebulkp.com\",\"url\":\"https:\/\/vapebulkp.com\/\",\"logo\":{\"@type\":\"ImageObject\",\"inLanguage\":\"et\",\"@id\":\"https:\/\/vapebulkp.com\/#\/schema\/logo\/image\/\",\"url\":\"https:\/\/vapebulkp.com\/wp-content\/uploads\/2023\/09\/cropped-vapebulkp.png\",\"contentUrl\":\"https:\/\/vapebulkp.com\/wp-content\/uploads\/2023\/09\/cropped-vapebulkp.png\",\"width\":516,\"height\":163,\"caption\":\"vapebulkp.com\"},\"image\":{\"@id\":\"https:\/\/vapebulkp.com\/#\/schema\/logo\/image\/\"}}]}<\/script>\n<!-- \/ Yoast SEO plugin. -->","yoast_head_json":{"title":"Popular Vape Bang King 15000 Puffs Bang Vape - vapebulkp.com","description":"The newly launched Popular Vape Bang King 15000 Puffs Bang Vape is loved by customers. This e-cigarette can provide up to 15,000 puffs of smooth and satisfying smoke, and it is a rechargeable device that you deserve.","robots":{"index":"index","follow":"follow","max-snippet":"max-snippet:-1","max-image-preview":"max-image-preview:large","max-video-preview":"max-video-preview:-1"},"canonical":"https:\/\/vapebulkp.com\/et\/product\/popular-vape-bang-king-15000-puffs-bang-vape\/","og_locale":"et_EE","og_type":"article","og_title":"Popular Vape Bang King 15000 Puffs Bang Vape - vapebulkp.com","og_description":"The newly launched Popular Vape Bang King 15000 Puffs Bang Vape is loved by customers. This e-cigarette can provide up to 15,000 puffs of smooth and satisfying smoke, and it is a rechargeable device that you deserve.","og_url":"https:\/\/vapebulkp.com\/et\/product\/popular-vape-bang-king-15000-puffs-bang-vape\/","og_site_name":"vapebulkp.com","article_modified_time":"2025-09-24T03:13:26+00:00","og_image":[{"width":800,"height":544,"url":"http:\/\/vapebulkp.com\/wp-content\/uploads\/2023\/11\/Bang-King-15000-puffs-Top-Sale-Vape.png","type":"image\/png"}],"twitter_card":"summary_large_image","twitter_misc":{"Est. reading time":"4 minutit"},"schema":{"@context":"https:\/\/schema.org","@graph":[{"@type":"WebPage","@id":"https:\/\/vapebulkp.com\/product\/popular-vape-bang-king-15000-puffs-bang-vape\/","url":"https:\/\/vapebulkp.com\/product\/popular-vape-bang-king-15000-puffs-bang-vape\/","name":"Popular Vape Bang King 15000 Puffs Bang Vape - vapebulkp.com","isPartOf":{"@id":"https:\/\/vapebulkp.com\/#website"},"datePublished":"2023-11-09T07:16:47+00:00","dateModified":"2025-09-24T03:13:26+00:00","description":"The newly launched Popular Vape Bang King 15000 Puffs Bang Vape is loved by customers. This e-cigarette can provide up to 15,000 puffs of smooth and satisfying smoke, and it is a rechargeable device that you deserve.","breadcrumb":{"@id":"https:\/\/vapebulkp.com\/product\/popular-vape-bang-king-15000-puffs-bang-vape\/#breadcrumb"},"inLanguage":"et","potentialAction":[{"@type":"ReadAction","target":["https:\/\/vapebulkp.com\/product\/popular-vape-bang-king-15000-puffs-bang-vape\/"]}]},{"@type":"BreadcrumbList","@id":"https:\/\/vapebulkp.com\/product\/popular-vape-bang-king-15000-puffs-bang-vape\/#breadcrumb","itemListElement":[{"@type":"ListItem","position":1,"name":"Home","item":"https:\/\/vapebulkp.com\/"},{"@type":"ListItem","position":2,"name":"Hot Trend Vapes","item":"https:\/\/vapebulkp.com\/vape-shop\/"},{"@type":"ListItem","position":3,"name":"Popular Vape Bang King 15000 Puffs Bang Vape"}]},{"@type":"WebSite","@id":"https:\/\/vapebulkp.com\/#website","url":"https:\/\/vapebulkp.com\/","name":"vapebulkp.com","description":"Buy Vape In Cheap Bulk Price Near you","publisher":{"@id":"https:\/\/vapebulkp.com\/#organization"},"potentialAction":[{"@type":"SearchAction","target":{"@type":"EntryPoint","urlTemplate":"https:\/\/vapebulkp.com\/?s={search_term_string}"},"query-input":"required name=search_term_string"}],"inLanguage":"et"},{"@type":"Organization","@id":"https:\/\/vapebulkp.com\/#organization","name":"vapebulkp.com","url":"https:\/\/vapebulkp.com\/","logo":{"@type":"ImageObject","inLanguage":"et","@id":"https:\/\/vapebulkp.com\/#\/schema\/logo\/image\/","url":"https:\/\/vapebulkp.com\/wp-content\/uploads\/2023\/09\/cropped-vapebulkp.png","contentUrl":"https:\/\/vapebulkp.com\/wp-content\/uploads\/2023\/09\/cropped-vapebulkp.png","width":516,"height":163,"caption":"vapebulkp.com"},"image":{"@id":"https:\/\/vapebulkp.com\/#\/schema\/logo\/image\/"}}]}},"uagb_featured_image_src":{"full":["https:\/\/vapebulkp.com\/wp-content\/uploads\/2023\/11\/Bang-King-15000-puffs-Top-Sale-Vape.png",800,544,false],"thumbnail":["https:\/\/vapebulkp.com\/wp-content\/uploads\/2023\/11\/Bang-King-15000-puffs-Top-Sale-Vape-150x150.png",150,150,true],"medium":["https:\/\/vapebulkp.com\/wp-content\/uploads\/2023\/11\/Bang-King-15000-puffs-Top-Sale-Vape-300x204.png",300,204,true],"medium_large":["https:\/\/vapebulkp.com\/wp-content\/uploads\/2023\/11\/Bang-King-15000-puffs-Top-Sale-Vape-768x522.png",768,522,true],"large":["https:\/\/vapebulkp.com\/wp-content\/uploads\/2023\/11\/Bang-King-15000-puffs-Top-Sale-Vape.png",800,544,false],"1536x1536":["https:\/\/vapebulkp.com\/wp-content\/uploads\/2023\/11\/Bang-King-15000-puffs-Top-Sale-Vape.png",800,544,false],"2048x2048":["https:\/\/vapebulkp.com\/wp-content\/uploads\/2023\/11\/Bang-King-15000-puffs-Top-Sale-Vape.png",800,544,false],"trp-custom-language-flag":["https:\/\/vapebulkp.com\/wp-content\/uploads\/2023\/11\/Bang-King-15000-puffs-Top-Sale-Vape.png",18,12,false],"woocommerce_thumbnail":["https:\/\/vapebulkp.com\/wp-content\/uploads\/2023\/11\/Bang-King-15000-puffs-Top-Sale-Vape-300x300.png",300,300,true],"woocommerce_single":["https:\/\/vapebulkp.com\/wp-content\/uploads\/2023\/11\/Bang-King-15000-puffs-Top-Sale-Vape-600x408.png",600,408,true],"woocommerce_gallery_thumbnail":["https:\/\/vapebulkp.com\/wp-content\/uploads\/2023\/11\/Bang-King-15000-puffs-Top-Sale-Vape-100x100.png",100,100,true],"wcpr-photo-reviews":["https:\/\/vapebulkp.com\/wp-content\/uploads\/2023\/11\/Bang-King-15000-puffs-Top-Sale-Vape.png",500,340,false]},"uagb_author_info":{"display_name":"Mandy vape bulk price","author_link":"https:\/\/vapebulkp.com\/et\/author\/"},"uagb_comment_info":1,"uagb_excerpt":"The newly launched Popular Vape Bang King 15000 Puffs Bang Vape is loved by customers. This e-cigarette can provide up to 15,000 puffs of smooth and satisfying smoke, and it is a rechargeable device that you deserve. Pls Contact Mandy's WhatsApp For Discount Price+8618077105796 NOTE: Prices on our website does not include shipping costs","_links":{"self":[{"href":"https:\/\/vapebulkp.com\/et\/wp-json\/wp\/v2\/product\/1849","targetHints":{"allow":["GET"]}}],"collection":[{"href":"https:\/\/vapebulkp.com\/et\/wp-json\/wp\/v2\/product"}],"about":[{"href":"https:\/\/vapebulkp.com\/et\/wp-json\/wp\/v2\/types\/product"}],"replies":[{"embeddable":true,"href":"https:\/\/vapebulkp.com\/et\/wp-json\/wp\/v2\/comments?post=1849"}],"wp:featuredmedia":[{"embeddable":true,"href":"https:\/\/vapebulkp.com\/et\/wp-json\/wp\/v2\/media\/1851"}],"wp:attachment":[{"href":"https:\/\/vapebulkp.com\/et\/wp-json\/wp\/v2\/media?parent=1849"}],"wp:term":[{"taxonomy":"product_cat","embeddable":true,"href":"https:\/\/vapebulkp.com\/et\/wp-json\/wp\/v2\/product_cat?post=1849"},{"taxonomy":"product_tag","embeddable":true,"href":"https:\/\/vapebulkp.com\/et\/wp-json\/wp\/v2\/product_tag?post=1849"}],"curies":[{"name":"wp","href":"https:\/\/api.w.org\/{rel}","templated":true}]}}