{"id":1883,"date":"2023-11-22T10:39:51","date_gmt":"2023-11-22T09:39:51","guid":{"rendered":"https:\/\/vapebulkp.com\/?post_type=product&#038;p=1883"},"modified":"2025-09-01T09:09:34","modified_gmt":"2025-09-01T07:09:34","slug":"puff-flex-2800-puffs-authentic-vape-wholesale-italy","status":"publish","type":"product","link":"https:\/\/vapebulkp.com\/et\/product\/puff-flex-2800-puffs-authentic-vape-wholesale-italy\/","title":{"rendered":"Puff Flex 2800 Puhviga Autentne Vape Hulgim\u00fc\u00fck Eestis"},"content":{"rendered":"<h2>Mis on Puff Flex 2800 Puffs Authentic Vape Hulgim\u00fc\u00fck Eesti?<\/h2>\n<p data-start=\"157\" data-end=\"486\">Veip <strong data-start=\"161\" data-end=\"201\">Puff Flex 2800 Puffs \u00dchekordne Vape<\/strong> on kvaliteetne ja t\u00f6\u00f6kindel e-sigaret, mis on loodud Euroopa veipimishuvilistele, kes hindavad maitset, mugavust ja j\u00f5udlust. Valmistatud esmaklassiliselt segatud e-vedelikega, pakub iga seade sujuvat, j\u00e4rjepidevat auru ja rikkalikku maitset 2800 mahvi jooksul, j\u00e4ttes v\u00e4rskendava j\u00e4relmaitse.<\/p>\n<p data-start=\"488\" data-end=\"772\">Kerge ja kaasaskantav, <strong data-start=\"518\" data-end=\"558\">Puff Flex 2800 Puffs \u00dchekordne Vape<\/strong> sellel on unikaalne ergonoomiline huulik mugavaks kasutamiseks igal ajal ja igal pool. 850mAh eelnevalt laetud akuga ei vaja see laadimist, mis teeb selle ideaalseks reisimiseks, sotsiaalseteks koosviibimisteks v\u00f5i igap\u00e4evaseks veipimiseks.<\/p>\n<p data-start=\"774\" data-end=\"1107\">Saadaval laias valikus maitseid, alates klassikalisest tubakast ja mentoolist kuni puuvilja- ja magustoidusegudeni, see \u00fchekordne veip vastab mitmekesistele eelistustele. Usaldusv\u00e4\u00e4rne hulgiostjate seas kogu Eestis ja Euroopas, <strong data-start=\"983\" data-end=\"1023\">Puff Flex 2800 Puffs \u00dchekordne Vape<\/strong> kombineerib mugavuse, stiili ja esmaklassilise kvaliteedi elegantses, kasutusvalmis seadmes.<\/p>\n<h6 style=\"text-align: left\"><img decoding=\"async\" class=\"alignnone wp-image-1884\" src=\"http:\/\/vapebulkp.com\/wp-content\/uploads\/2023\/11\/Italy-Wholesale-Puff-Flex-2800-puffs-good-sale.png\" alt=\"Itaalia Hulgim\u00fc\u00fck Puff Flex 2800 mahvi hea m\u00fc\u00fck\" width=\"456\" height=\"456\" srcset=\"https:\/\/vapebulkp.com\/wp-content\/uploads\/2023\/11\/Italy-Wholesale-Puff-Flex-2800-puffs-good-sale.png 800w, https:\/\/vapebulkp.com\/wp-content\/uploads\/2023\/11\/Italy-Wholesale-Puff-Flex-2800-puffs-good-sale-300x300.png 300w, https:\/\/vapebulkp.com\/wp-content\/uploads\/2023\/11\/Italy-Wholesale-Puff-Flex-2800-puffs-good-sale-150x150.png 150w, https:\/\/vapebulkp.com\/wp-content\/uploads\/2023\/11\/Italy-Wholesale-Puff-Flex-2800-puffs-good-sale-768x768.png 768w, https:\/\/vapebulkp.com\/wp-content\/uploads\/2023\/11\/Italy-Wholesale-Puff-Flex-2800-puffs-good-sale-600x600.png 600w, https:\/\/vapebulkp.com\/wp-content\/uploads\/2023\/11\/Italy-Wholesale-Puff-Flex-2800-puffs-good-sale-100x100.png 100w\" sizes=\"(max-width: 456px) 100vw, 456px\" \/><\/h6>\n<h6>Soodushinna saamiseks v\u00f5tke \u00fchendust Mandy WhatsAppiga<a href=\"https:\/\/wa.me\/8618077105796\">+8618077105796<\/a><\/h6>\n<p><img decoding=\"async\" class=\"alignnone wp-image-2151\" src=\"http:\/\/vapebulkp.com\/wp-content\/uploads\/2024\/04\/Mandy-WhatsApp-Randm.jpg\" alt=\"Mandy WhatsAppi tutvustus\" width=\"265\" height=\"282\" srcset=\"https:\/\/vapebulkp.com\/wp-content\/uploads\/2024\/04\/Mandy-WhatsApp-Randm.jpg 916w, https:\/\/vapebulkp.com\/wp-content\/uploads\/2024\/04\/Mandy-WhatsApp-Randm-282x300.jpg 282w, https:\/\/vapebulkp.com\/wp-content\/uploads\/2024\/04\/Mandy-WhatsApp-Randm-768x817.jpg 768w, https:\/\/vapebulkp.com\/wp-content\/uploads\/2024\/04\/Mandy-WhatsApp-Randm-600x638.jpg 600w\" sizes=\"(max-width: 265px) 100vw, 265px\" \/><\/p>\n<h2><\/h2>\n<h2>M\u00f5ned asjad, mida v\u00f5iksite teada Puff flex 2800 \u00fchekordse veibi kohta:<\/h2>\n<p><strong>1. Milliseid maitseid on saadaval Puff Flex 2800 \u00fchekordse e-sigareti jaoks?<\/strong><\/p>\n<p>Vastus: Puff Flex 2800 \u00fchekordne e-sigaret on saadaval erinevates maitsetes, sealhulgas mentool, tubakas, puuviljasegud ja magustoidumaitsed nagu maasikas, mango, arbuus ja palju muud.<\/p>\n<p><strong>2. Kui kaua kestab Puff Flex 2800 aku?<\/strong><\/p>\n<p>Vastus: Puff Flex 2800 \u00fchekordse e-sigareti aku eluiga varieerub s\u00f5ltuvalt kasutusest, kuid keskmiselt v\u00f5ib see kesta kuni 2800 mahvi, pakkudes pikendatud veipimiskogemust.<\/p>\n<p><strong>3. Kas Puff Flex 2800 e-sigaret on laetav v\u00f5i uuesti t\u00e4idetav?<\/strong><\/p>\n<p>Vastus: Ei, Puff Flex 2800 on \u00fchekordne e-sigaret ja ei ole laetav ega uuesti t\u00e4idetav. Kui e-vedelik on otsa saanud v\u00f5i aku eluiga l\u00f5peb, visatakse see \u00e4ra ja asendatakse uuega.<\/p>\n<p><strong>4. Millised nikotiinitugevused on saadaval Puff Flex 2800 jaoks?<\/strong><\/p>\n<p>Vastus: Puff Flex 2800 \u00fchekordne e-sigaret on saadaval erinevates nikotiinitugevustes, mis vastavad erinevatele eelistustele, sealhulgas valikud k\u00f5rgemate nikotiinikontsentratsioonide ja madalama nikotiinisisalduse v\u00f5i nikotiinivabade valikute jaoks.<\/p>\n<p><strong>5. Kas Puff Flex 2800 e-sigaretil on mingeid turvafunktsioone?<\/strong><\/p>\n<p>Vastus: Jah, Puff Flex 2800 \u00fchekordselt kasutatav e-sigaret on loodud turvafunktsioonidega, nagu \u00fclekuumenemiskaitse ja l\u00fchisekaitse, et tagada kasutajatele ohutu veipimiskogemus.<\/p>\n<p>&nbsp;<\/p>\n<p><span style=\"color: #ff6600\">M\u00e4rkus: ei tohi laadida terve \u00f6\u00f6!<\/span><\/p>\n<p>&nbsp;<\/p>\n<h3>Eesti turu Vape Puff Flex 2800 Puffs Toote omadused:<\/h3>\n<ul>\n<li>850mAh sisseehitatud aku<\/li>\n<li>Laetav<\/li>\n<li>T\u00f5hus, \u00fchtlane energia\u00fclekanne<\/li>\n<li>8 ml eelt\u00e4idetud e-vedelikku<\/li>\n<li>\u00a05% Nikotiini tase<\/li>\n<\/ul>\n<h3><strong>\u00a0Parimad Vape Puff Flex 2800 PuffS maitsed?<\/strong><\/h3>\n<p>1)Arbuusij\u00e4\u00e4<br \/>\n2)Maasika-banaani<br \/>\n3)Banaani j\u00e4\u00e4<br \/>\n4)Sinise vaarika limonaad<br \/>\n5)Mahlaselt j\u00e4ine<br \/>\n6)Mango j\u00e4\u00e4<br \/>\n7) Pina Colada<br \/>\n8)Virsikuj\u00e4\u00e4<br \/>\n9)Marjasegu<br \/>\n10)Maasika-arbuusi<br \/>\n11) Mamba<br \/>\n12)Jahe m\u00fcnt<br \/>\n13)Mustikas j\u00e4\u00e4l<br \/>\n14) Red Bull<br \/>\n15)Kummikaru j\u00e4\u00e4<br \/>\n16)Viinamarja limonaadi j\u00e4\u00e4<br \/>\n17)Kokteili j\u00e4\u00e4<br \/>\n18)Suhkruvatt<br \/>\n19)Kommivikerkaar<br \/>\n20)Energiajook<br \/>\n21)Koola j\u00e4\u00e4<br \/>\n22)Maasika j\u00e4\u00e4<br \/>\n23)Maasika mango j\u00e4\u00e4<br \/>\n24) Viinamari<br \/>\n25) Maasika j\u00e4\u00e4tis<\/p>\n<p><a href=\"https:\/\/vapebulkp.com\/et\/product\/popular-randm-tornado-7000puffs-disposable-vape-best-price\/\">Randm Tornado 7000 mahvi<\/a><\/p>\n<p><span style=\"vertical-align: inherit\">Leia rohkem tooteid, mis sulle meeldida v\u00f5iksid:<\/span><em><a href=\"https:\/\/wa.me\/8618077105796\"><span style=\"vertical-align: inherit\">\u00a0Osta kohe<\/span><\/a><\/em><\/p>\n<p><span style=\"vertical-align: inherit\">Teised e-sigaretid, mis sulle meeldida v\u00f5ivad:<\/span><a href=\"https:\/\/vapebulkp.com\/et\/product\/good-sale-randm-tornado-10000-puffs-plus\/\"><span style=\"vertical-align: inherit\">RandM 10000 mahvi<\/span><\/a><span style=\"vertical-align: inherit\">\u3001 <\/span><a href=\"https:\/\/vapebulkp.com\/et\/product\/wholesale-randm-tornado-9000-puffs-germany\/\"><span style=\"vertical-align: inherit\">RandM Tornado 9000 Mahvi<\/span><\/a><span style=\"vertical-align: inherit\">\/ <\/span><a href=\"https:\/\/vapebulkp.com\/et\/product\/popular-bang-king-10000-puffs-vape-good-price\/\"><span style=\"vertical-align: inherit\">Bang King 10000 Mahvi<\/span><\/a><span style=\"vertical-align: inherit\">\/ <\/span><a href=\"https:\/\/vapebulkp.com\/et\/product\/bang-king-12000puffs\/\"><span style=\"vertical-align: inherit\">Bang King 12000 Mahvi<\/span><\/a><\/p>\n<p><span style=\"vertical-align: inherit\">Erilise kujuga e-sigareti pudel:<\/span><a href=\"https:\/\/vapebulkp.com\/et\/product\/popular-kulx-10000puffs-disposable-vape-good-price\/\"><span style=\"vertical-align: inherit\">Kulx 10000 T\u00f5mmet<\/span><\/a><span style=\"vertical-align: inherit\">\/ <\/span><a href=\"https:\/\/vapebulkp.com\/et\/product\/disposable-vape-crystal-600-puffs\/\"><span style=\"vertical-align: inherit\">Crystal Legend 600 mahvi<\/span><\/a><span style=\"vertical-align: inherit\">\/<\/span><a href=\"https:\/\/vapebulkp.com\/et\/product\/bang-box-12000puffs-good-vape-sweden-wholesale-price\/\"><span style=\"vertical-align: inherit\">Bang Box vape 12000 Mahvi<\/span><\/a><\/p>\n<h4>Saatmisinfo:<\/h4>\n<p><span style=\"color: #ff6600\">Tootmisaeg: 5-10 t\u00f6\u00f6p\u00e4eva<\/span><br \/>\n<span style=\"color: #ff6600\">Saatmisaeg: 8-14 t\u00f6\u00f6p\u00e4eva<\/span><\/p>\n<p>K\u00f5ik meie poe tooted on 100% originaalsed ja autentsed, seega on v\u00f5ltsitud kaupade eest k\u00fcmnekordne h\u00fcvitis meie poe poliitika. Kasutame kaupade teile tarnimiseks logistikakanaleid nagu UPS\/DHL\/FEDEX\/DPD.<\/p>\n<p>Eestisse saadetud pakkide kohalej\u00f5udmine v\u00f5tab tavaliselt aega 10 t\u00f6\u00f6p\u00e4eva. Euroopa riikidesse saatmine v\u00f5tab tavaliselt aega 12 kuni 15 t\u00f6\u00f6p\u00e4eva. Uuendame logistikainfot teie jaoks reaalajas.<\/p>","protected":false},"excerpt":{"rendered":"<p>PUFF FLXE \u00fchekordne e-sigaret on \u00fcks populaarsemaid kaubam\u00e4rke. See e-sigaret v\u00f5imaldab teil suitsetada ilma laadimiseta. P\u00e4rast PUFF FLXE 2800 \u00fchekordse e-sigareti suitsetamist j\u00e4tab see teie suhu kauakestva aroomi, mis annab teile omase tunde.<\/p>\n<p><img decoding=\"async\" class=\"alignnone wp-image-2151\" src=\"http:\/\/vapebulkp.com\/wp-content\/uploads\/2024\/04\/Mandy-WhatsApp-Randm.jpg\" alt=\"Mandy WhatsAppi tutvustus\" width=\"280\" height=\"298\" srcset=\"https:\/\/vapebulkp.com\/wp-content\/uploads\/2024\/04\/Mandy-WhatsApp-Randm.jpg 916w, https:\/\/vapebulkp.com\/wp-content\/uploads\/2024\/04\/Mandy-WhatsApp-Randm-282x300.jpg 282w, https:\/\/vapebulkp.com\/wp-content\/uploads\/2024\/04\/Mandy-WhatsApp-Randm-768x817.jpg 768w, https:\/\/vapebulkp.com\/wp-content\/uploads\/2024\/04\/Mandy-WhatsApp-Randm-600x638.jpg 600w\" sizes=\"(max-width: 280px) 100vw, 280px\" \/><\/p>\n<p>Soodushinna saamiseks v\u00f5tke \u00fchendust Mandy WhatsAppiga<a href=\"https:\/\/wa.me\/8618077105796\">+8618077105796<\/a><\/p>\n<p><span style=\"color: #ff0000\">M\u00c4RKUS: Meie veebisaidi hinnad ei sisalda saatmiskulusid<\/span><\/p>","protected":false},"featured_media":1895,"comment_status":"open","ping_status":"closed","template":"","meta":{"_uag_custom_page_level_css":"","_lmt_disableupdate":"no","_lmt_disable":"","site-sidebar-layout":"default","site-content-layout":"content-boxed-container","ast-site-content-layout":"normal-width-container","site-content-style":"boxed","site-sidebar-style":"unboxed","ast-global-header-display":"","ast-banner-title-visibility":"","ast-main-header-display":"","ast-hfb-above-header-display":"","ast-hfb-below-header-display":"","ast-hfb-mobile-header-display":"","site-post-title":"","ast-breadcrumbs-content":"","ast-featured-img":"","footer-sml-layout":"","theme-transparent-header-meta":"default","adv-header-id-meta":"","stick-header-meta":"","header-above-stick-meta":"","header-main-stick-meta":"","header-below-stick-meta":"","astra-migrate-meta-layouts":"set","_joinchat":[]},"product_cat":[153,155,33,59,100,34,158,157,154,152,58,84,156,63,32],"product_tag":[86,36,37,91,41,71,40],"class_list":["post-1883","product","type-product","status-publish","has-post-thumbnail","hentry","product_cat-hot-disposable-vapes","product_cat-belgium-hot-disposable-vapes","product_cat-france-vape-hot-sale","product_cat-germany-hot-disposable-vape","product_cat-germany-wholesale-vape-shop","product_cat-netherlands-vape-good-sale","product_cat-norway-hot-disposable-vapes","product_cat-poland-hot-disposable-vapes","product_cat-portugal-hot-disposable-vapes","product_cat-spain-hot-disposable-vapes","product_cat-sweden-hot-disposable-vape","product_cat-sweden-wholesale-vape","product_cat-switzerland-hot-disposable-vapes","product_cat-top-sale-disposable-vape","product_cat-vape-hot-sale-this-week","product_tag-2800-puffs","product_tag-good-vape","product_tag-hot-sale-disposable-vape","product_tag-italy-hot-vape","product_tag-poland-hot-vape","product_tag-randm","product_tag-sweden-hot-vape","desktop-align-left","tablet-align-left","mobile-align-left"],"yoast_head":"<!-- This site is optimized with the Yoast SEO plugin v21.1 - https:\/\/yoast.com\/wordpress\/plugins\/seo\/ -->\n<title>Puff Flex 2800 Puffs Authentic Vape Wholesale Italy - vapebulkp.com<\/title>\n<meta name=\"description\" content=\"Puff flex 2800 disposable e-cigarette is one of the most popular brands. This e-cigarette allows you to smoke without charging. After smoking Puff flex 2.8 puffs disposable e-cigarette, it can leave a lingering fragrance in your mouth, making you feel owned.\" \/>\n<meta name=\"robots\" content=\"index, follow, max-snippet:-1, max-image-preview:large, max-video-preview:-1\" \/>\n<link rel=\"canonical\" href=\"https:\/\/vapebulkp.com\/et\/product\/puff-flex-2800-puffs-authentic-vape-wholesale-italy\/\" \/>\n<meta property=\"og:locale\" content=\"et_EE\" \/>\n<meta property=\"og:type\" content=\"article\" \/>\n<meta property=\"og:title\" content=\"Puff Flex 2800 Puffs Authentic Vape Wholesale Italy - vapebulkp.com\" \/>\n<meta property=\"og:description\" content=\"Puff flex 2800 disposable e-cigarette is one of the most popular brands. This e-cigarette allows you to smoke without charging. After smoking Puff flex 2.8 puffs disposable e-cigarette, it can leave a lingering fragrance in your mouth, making you feel owned.\" \/>\n<meta property=\"og:url\" content=\"https:\/\/vapebulkp.com\/et\/product\/puff-flex-2800-puffs-authentic-vape-wholesale-italy\/\" \/>\n<meta property=\"og:site_name\" content=\"vapebulkp.com\" \/>\n<meta property=\"article:modified_time\" content=\"2025-09-01T07:09:34+00:00\" \/>\n<meta property=\"og:image\" content=\"http:\/\/vapebulkp.com\/wp-content\/uploads\/2023\/11\/Wholesale-Puff-Flex-2800-puffs-1.jpg\" \/>\n\t<meta property=\"og:image:width\" content=\"1000\" \/>\n\t<meta property=\"og:image:height\" content=\"1000\" \/>\n\t<meta property=\"og:image:type\" content=\"image\/jpeg\" \/>\n<meta name=\"twitter:card\" content=\"summary_large_image\" \/>\n<meta name=\"twitter:label1\" content=\"Est. reading time\" \/>\n\t<meta name=\"twitter:data1\" content=\"3 minutit\" \/>\n<script type=\"application\/ld+json\" class=\"yoast-schema-graph\">{\"@context\":\"https:\/\/schema.org\",\"@graph\":[{\"@type\":\"WebPage\",\"@id\":\"https:\/\/vapebulkp.com\/product\/puff-flex-2800-puffs-authentic-vape-wholesale-italy\/\",\"url\":\"https:\/\/vapebulkp.com\/product\/puff-flex-2800-puffs-authentic-vape-wholesale-italy\/\",\"name\":\"Puff Flex 2800 Puffs Authentic Vape Wholesale Italy - vapebulkp.com\",\"isPartOf\":{\"@id\":\"https:\/\/vapebulkp.com\/#website\"},\"datePublished\":\"2023-11-22T09:39:51+00:00\",\"dateModified\":\"2025-09-01T07:09:34+00:00\",\"description\":\"Puff flex 2800 disposable e-cigarette is one of the most popular brands. This e-cigarette allows you to smoke without charging. After smoking Puff flex 2.8 puffs disposable e-cigarette, it can leave a lingering fragrance in your mouth, making you feel owned.\",\"breadcrumb\":{\"@id\":\"https:\/\/vapebulkp.com\/product\/puff-flex-2800-puffs-authentic-vape-wholesale-italy\/#breadcrumb\"},\"inLanguage\":\"et\",\"potentialAction\":[{\"@type\":\"ReadAction\",\"target\":[\"https:\/\/vapebulkp.com\/product\/puff-flex-2800-puffs-authentic-vape-wholesale-italy\/\"]}]},{\"@type\":\"BreadcrumbList\",\"@id\":\"https:\/\/vapebulkp.com\/product\/puff-flex-2800-puffs-authentic-vape-wholesale-italy\/#breadcrumb\",\"itemListElement\":[{\"@type\":\"ListItem\",\"position\":1,\"name\":\"Home\",\"item\":\"https:\/\/vapebulkp.com\/\"},{\"@type\":\"ListItem\",\"position\":2,\"name\":\"Hot Trend Vapes\",\"item\":\"https:\/\/vapebulkp.com\/vape-shop\/\"},{\"@type\":\"ListItem\",\"position\":3,\"name\":\"Puff Flex 2800 Puffs Authentic Vape Wholesale Italy\"}]},{\"@type\":\"WebSite\",\"@id\":\"https:\/\/vapebulkp.com\/#website\",\"url\":\"https:\/\/vapebulkp.com\/\",\"name\":\"vapebulkp.com\",\"description\":\"Buy Vape In Cheap Bulk Price Near you\",\"publisher\":{\"@id\":\"https:\/\/vapebulkp.com\/#organization\"},\"potentialAction\":[{\"@type\":\"SearchAction\",\"target\":{\"@type\":\"EntryPoint\",\"urlTemplate\":\"https:\/\/vapebulkp.com\/?s={search_term_string}\"},\"query-input\":\"required name=search_term_string\"}],\"inLanguage\":\"et\"},{\"@type\":\"Organization\",\"@id\":\"https:\/\/vapebulkp.com\/#organization\",\"name\":\"vapebulkp.com\",\"url\":\"https:\/\/vapebulkp.com\/\",\"logo\":{\"@type\":\"ImageObject\",\"inLanguage\":\"et\",\"@id\":\"https:\/\/vapebulkp.com\/#\/schema\/logo\/image\/\",\"url\":\"https:\/\/vapebulkp.com\/wp-content\/uploads\/2023\/09\/cropped-vapebulkp.png\",\"contentUrl\":\"https:\/\/vapebulkp.com\/wp-content\/uploads\/2023\/09\/cropped-vapebulkp.png\",\"width\":516,\"height\":163,\"caption\":\"vapebulkp.com\"},\"image\":{\"@id\":\"https:\/\/vapebulkp.com\/#\/schema\/logo\/image\/\"}}]}<\/script>\n<!-- \/ Yoast SEO plugin. -->","yoast_head_json":{"title":"Puff Flex 2800 Puffs Authentic Vape Wholesale Italy - vapebulkp.com","description":"Puff flex 2800 disposable e-cigarette is one of the most popular brands. This e-cigarette allows you to smoke without charging. After smoking Puff flex 2.8 puffs disposable e-cigarette, it can leave a lingering fragrance in your mouth, making you feel owned.","robots":{"index":"index","follow":"follow","max-snippet":"max-snippet:-1","max-image-preview":"max-image-preview:large","max-video-preview":"max-video-preview:-1"},"canonical":"https:\/\/vapebulkp.com\/et\/product\/puff-flex-2800-puffs-authentic-vape-wholesale-italy\/","og_locale":"et_EE","og_type":"article","og_title":"Puff Flex 2800 Puffs Authentic Vape Wholesale Italy - vapebulkp.com","og_description":"Puff flex 2800 disposable e-cigarette is one of the most popular brands. This e-cigarette allows you to smoke without charging. After smoking Puff flex 2.8 puffs disposable e-cigarette, it can leave a lingering fragrance in your mouth, making you feel owned.","og_url":"https:\/\/vapebulkp.com\/et\/product\/puff-flex-2800-puffs-authentic-vape-wholesale-italy\/","og_site_name":"vapebulkp.com","article_modified_time":"2025-09-01T07:09:34+00:00","og_image":[{"width":1000,"height":1000,"url":"http:\/\/vapebulkp.com\/wp-content\/uploads\/2023\/11\/Wholesale-Puff-Flex-2800-puffs-1.jpg","type":"image\/jpeg"}],"twitter_card":"summary_large_image","twitter_misc":{"Est. reading time":"3 minutit"},"schema":{"@context":"https:\/\/schema.org","@graph":[{"@type":"WebPage","@id":"https:\/\/vapebulkp.com\/product\/puff-flex-2800-puffs-authentic-vape-wholesale-italy\/","url":"https:\/\/vapebulkp.com\/product\/puff-flex-2800-puffs-authentic-vape-wholesale-italy\/","name":"Puff Flex 2800 Puffs Authentic Vape Wholesale Italy - vapebulkp.com","isPartOf":{"@id":"https:\/\/vapebulkp.com\/#website"},"datePublished":"2023-11-22T09:39:51+00:00","dateModified":"2025-09-01T07:09:34+00:00","description":"Puff flex 2800 disposable e-cigarette is one of the most popular brands. This e-cigarette allows you to smoke without charging. After smoking Puff flex 2.8 puffs disposable e-cigarette, it can leave a lingering fragrance in your mouth, making you feel owned.","breadcrumb":{"@id":"https:\/\/vapebulkp.com\/product\/puff-flex-2800-puffs-authentic-vape-wholesale-italy\/#breadcrumb"},"inLanguage":"et","potentialAction":[{"@type":"ReadAction","target":["https:\/\/vapebulkp.com\/product\/puff-flex-2800-puffs-authentic-vape-wholesale-italy\/"]}]},{"@type":"BreadcrumbList","@id":"https:\/\/vapebulkp.com\/product\/puff-flex-2800-puffs-authentic-vape-wholesale-italy\/#breadcrumb","itemListElement":[{"@type":"ListItem","position":1,"name":"Home","item":"https:\/\/vapebulkp.com\/"},{"@type":"ListItem","position":2,"name":"Hot Trend Vapes","item":"https:\/\/vapebulkp.com\/vape-shop\/"},{"@type":"ListItem","position":3,"name":"Puff Flex 2800 Puffs Authentic Vape Wholesale Italy"}]},{"@type":"WebSite","@id":"https:\/\/vapebulkp.com\/#website","url":"https:\/\/vapebulkp.com\/","name":"vapebulkp.com","description":"Buy Vape In Cheap Bulk Price Near you","publisher":{"@id":"https:\/\/vapebulkp.com\/#organization"},"potentialAction":[{"@type":"SearchAction","target":{"@type":"EntryPoint","urlTemplate":"https:\/\/vapebulkp.com\/?s={search_term_string}"},"query-input":"required name=search_term_string"}],"inLanguage":"et"},{"@type":"Organization","@id":"https:\/\/vapebulkp.com\/#organization","name":"vapebulkp.com","url":"https:\/\/vapebulkp.com\/","logo":{"@type":"ImageObject","inLanguage":"et","@id":"https:\/\/vapebulkp.com\/#\/schema\/logo\/image\/","url":"https:\/\/vapebulkp.com\/wp-content\/uploads\/2023\/09\/cropped-vapebulkp.png","contentUrl":"https:\/\/vapebulkp.com\/wp-content\/uploads\/2023\/09\/cropped-vapebulkp.png","width":516,"height":163,"caption":"vapebulkp.com"},"image":{"@id":"https:\/\/vapebulkp.com\/#\/schema\/logo\/image\/"}}]}},"uagb_featured_image_src":{"full":["https:\/\/vapebulkp.com\/wp-content\/uploads\/2023\/11\/Wholesale-Puff-Flex-2800-puffs-1.jpg",1000,1000,false],"thumbnail":["https:\/\/vapebulkp.com\/wp-content\/uploads\/2023\/11\/Wholesale-Puff-Flex-2800-puffs-1-150x150.jpg",150,150,true],"medium":["https:\/\/vapebulkp.com\/wp-content\/uploads\/2023\/11\/Wholesale-Puff-Flex-2800-puffs-1-300x300.jpg",300,300,true],"medium_large":["https:\/\/vapebulkp.com\/wp-content\/uploads\/2023\/11\/Wholesale-Puff-Flex-2800-puffs-1-768x768.jpg",768,768,true],"large":["https:\/\/vapebulkp.com\/wp-content\/uploads\/2023\/11\/Wholesale-Puff-Flex-2800-puffs-1.jpg",1000,1000,false],"1536x1536":["https:\/\/vapebulkp.com\/wp-content\/uploads\/2023\/11\/Wholesale-Puff-Flex-2800-puffs-1.jpg",1000,1000,false],"2048x2048":["https:\/\/vapebulkp.com\/wp-content\/uploads\/2023\/11\/Wholesale-Puff-Flex-2800-puffs-1.jpg",1000,1000,false],"trp-custom-language-flag":["https:\/\/vapebulkp.com\/wp-content\/uploads\/2023\/11\/Wholesale-Puff-Flex-2800-puffs-1.jpg",12,12,false],"woocommerce_thumbnail":["https:\/\/vapebulkp.com\/wp-content\/uploads\/2023\/11\/Wholesale-Puff-Flex-2800-puffs-1-300x300.jpg",300,300,true],"woocommerce_single":["https:\/\/vapebulkp.com\/wp-content\/uploads\/2023\/11\/Wholesale-Puff-Flex-2800-puffs-1-600x600.jpg",600,600,true],"woocommerce_gallery_thumbnail":["https:\/\/vapebulkp.com\/wp-content\/uploads\/2023\/11\/Wholesale-Puff-Flex-2800-puffs-1-100x100.jpg",100,100,true],"wcpr-photo-reviews":["https:\/\/vapebulkp.com\/wp-content\/uploads\/2023\/11\/Wholesale-Puff-Flex-2800-puffs-1.jpg",500,500,false]},"uagb_author_info":{"display_name":"Mandy vape bulk price","author_link":"https:\/\/vapebulkp.com\/et\/author\/"},"uagb_comment_info":0,"uagb_excerpt":"PUFF FLXE disposable e-cigarette is one of the most popular brands. This e-cigarette allows you to smoke without charging. After smoking PUFF FLXE 2800 disposable e-cigarette, it can leave a lingering fragrance in your mouth, making you feel owned. Pls Contact Mandy's WhatsApp For Discount Price+8618077105796 NOTE: Prices on our website does not include shipping&hellip;","_links":{"self":[{"href":"https:\/\/vapebulkp.com\/et\/wp-json\/wp\/v2\/product\/1883","targetHints":{"allow":["GET"]}}],"collection":[{"href":"https:\/\/vapebulkp.com\/et\/wp-json\/wp\/v2\/product"}],"about":[{"href":"https:\/\/vapebulkp.com\/et\/wp-json\/wp\/v2\/types\/product"}],"replies":[{"embeddable":true,"href":"https:\/\/vapebulkp.com\/et\/wp-json\/wp\/v2\/comments?post=1883"}],"wp:featuredmedia":[{"embeddable":true,"href":"https:\/\/vapebulkp.com\/et\/wp-json\/wp\/v2\/media\/1895"}],"wp:attachment":[{"href":"https:\/\/vapebulkp.com\/et\/wp-json\/wp\/v2\/media?parent=1883"}],"wp:term":[{"taxonomy":"product_cat","embeddable":true,"href":"https:\/\/vapebulkp.com\/et\/wp-json\/wp\/v2\/product_cat?post=1883"},{"taxonomy":"product_tag","embeddable":true,"href":"https:\/\/vapebulkp.com\/et\/wp-json\/wp\/v2\/product_tag?post=1883"}],"curies":[{"name":"wp","href":"https:\/\/api.w.org\/{rel}","templated":true}]}}