{"id":2047,"date":"2024-02-23T04:43:11","date_gmt":"2024-02-23T03:43:11","guid":{"rendered":"https:\/\/vapebulkp.com\/?post_type=product&#038;p=2047"},"modified":"2025-09-24T05:44:54","modified_gmt":"2025-09-24T03:44:54","slug":"top-sale-bang-king-digital-box15k-puffs-bang-vape","status":"publish","type":"product","link":"https:\/\/vapebulkp.com\/et\/product\/top-sale-bang-king-digital-box15k-puffs-bang-vape\/","title":{"rendered":"Enim m\u00fc\u00fcdud Bang King Digital box 15k Puffs Bang Vape"},"content":{"rendered":"<h2>Enim m\u00fc\u00fcdud Bang King Digital box 15k Puffs Bang Vape<\/h2>\n<div class=\"flex-1 overflow-hidden\">\n<div class=\"react-scroll-to-bottom--css-jqipn-79elbk h-full\">\n<div class=\"react-scroll-to-bottom--css-jqipn-1n7m0yu\">\n<div class=\"flex flex-col pb-9 text-sm\">\n<div class=\"w-full text-token-text-primary\" data-testid=\"conversation-turn-3\">\n<div class=\"px-4 py-2 justify-center text-base md:gap-6 m-auto\">\n<div class=\"flex flex-1 text-base mx-auto gap-3 md:px-5 lg:px-1 xl:px-5 md:max-w-3xl lg:max-w-[40rem] xl:max-w-[48rem] group final-completion\">\n<div class=\"relative flex w-full flex-col agent-turn\">\n<div class=\"flex-col gap-1 md:gap-3\">\n<div class=\"flex flex-grow flex-col max-w-full\">\n<div class=\"min-h-[20px] text-message flex flex-col items-start gap-3 whitespace-pre-wrap break-words [.text-message+&amp;]:mt-5 overflow-x-auto\" data-message-author-role=\"assistant\" data-message-id=\"9a8e65ba-92ac-4923-990c-b23dc8c2bd86\">\n<div class=\"markdown prose w-full break-words dark:prose-invert light\">\n<p>Bang King Digital box15k Puffs m\u00e4\u00e4ratleb uuesti kaasaegsete e-sigarettide standardi. See on silmapaistev toode, mis on loodud n\u00f5udlikele veipijatele, kes eeldavad nii arenenud tehnoloogiat kui ka t\u00e4iustatud j\u00f5udlust. See seade on l\u00f5plik lahendus neile, kes otsivad <strong>premium<\/strong> <b>\u00fchekordne vape<\/b> mis \u00fchendab pika eluea pingevaba keerukusega.<\/p>\n<p>Oma monumentaalse <b>15000 mahvi mahutavusega<\/b>, tagab see veipimisseade uskumatult kauakestva kogemuse, tegemata j\u00e4releandmisi maitse terviklikkuses. Selle tuumaks on integreeritud 650 mAh suure efektiivsusega toiteelement, mis tagab usaldusv\u00e4\u00e4rse ja katkematu j\u00f5udluse, mida saab h\u00f5lpsalt laadida kaasaegse Type-C pordi kaudu. See j\u00e4tkusuutlikkuse tase teeb sellest esimese valiku veipimise entusiastidele <b>UK<\/b>, <strong>Eestis ja kogu Euroopas.<\/strong><\/p>\n<p>Hulgim\u00fc\u00fck Veip Bang King Digital Box eristub intuitiivse digitaalse ekraaniga, mis annab reaalajas andmeid mahvide arvu ja aku eluea kohta, et tagada t\u00e4ielik kontroll sessiooni \u00fcle. Asjatundlikult segatud e-vedelik, mis on saadaval <b>2% ja 5% nikotiini tugevusega<\/b>, on t\u00e4iuslikult pihustatud t\u00e4pselt konstrueeritud m\u00e4hisega, pakkudes erakordselt sujuvat ja j\u00e4rjepidevat auru.<\/p>\n<p>Konnoisseuridele, kes loovad suure mahutavusega portfelli, on Bang veibiseade nurgakiviks, pakkudes lisaks valikuid nagu <a href=\"https:\/\/vapebulkp.com\/et\/product-category\/15000-puffs-disposable-vape\/\"><strong>15<\/strong><b>000 mahvi \u00fchekordselt kasutatavat vape<\/b><\/a>, pakkudes tipptasemel kvaliteeti ja turuliidri j\u00f5udlust. See on parim valik igale <b>veibipood<\/b> kes soovib pakkuda v\u00f5rratut kliendikogemust.<\/p>\n<\/div>\n<\/div>\n<\/div>\n<div class=\"mt-1 flex justify-start gap-3 empty:hidden\">\n<div class=\"text-gray-400 flex self-end lg:self-center justify-center lg:justify-start mt-0 -ml-1 h-7 visible\">\n<p>&nbsp;<\/p>\n<div class=\"flex\"><img decoding=\"async\" class=\"alignnone size-full wp-image-2048\" src=\"http:\/\/vapebulkp.com\/wp-content\/uploads\/2024\/02\/Good-sale-Bang-King-Digital-box-15000-puffs.jpg\" alt=\"Hea m\u00fc\u00fcgi Bang King Digital box 15000 pahvi\" width=\"1001\" height=\"469\" srcset=\"https:\/\/vapebulkp.com\/wp-content\/uploads\/2024\/02\/Good-sale-Bang-King-Digital-box-15000-puffs.jpg 1001w, https:\/\/vapebulkp.com\/wp-content\/uploads\/2024\/02\/Good-sale-Bang-King-Digital-box-15000-puffs-300x141.jpg 300w, https:\/\/vapebulkp.com\/wp-content\/uploads\/2024\/02\/Good-sale-Bang-King-Digital-box-15000-puffs-768x360.jpg 768w, https:\/\/vapebulkp.com\/wp-content\/uploads\/2024\/02\/Good-sale-Bang-King-Digital-box-15000-puffs-600x281.jpg 600w\" sizes=\"(max-width: 1001px) 100vw, 1001px\" \/><\/div>\n<\/div>\n<\/div>\n<\/div>\n<div class=\"absolute\">\n<div class=\"flex w-full gap-2 items-center justify-center\"><\/div>\n<\/div>\n<\/div>\n<\/div>\n<\/div>\n<\/div>\n<\/div>\n<\/div>\n<\/div>\n<\/div>\n<div class=\"w-full pt-2 md:pt-0 dark:border-white\/20 md:border-transparent md:dark:border-transparent md:w-[calc(100%-.5rem)]\">\n<div class=\"relative flex h-full flex-1 flex-col\">\n<div class=\"flex w-full items-center\"><\/div>\n<\/div>\n<\/div>\n<p>&nbsp;<\/p>\n<h6>Soodushinna saamiseks v\u00f5tke \u00fchendust Mandy WhatsAppiga<a href=\"https:\/\/wa.me\/8618077105796\">+8618077105796<\/a><\/h6>\n<h3><img decoding=\"async\" class=\"alignnone wp-image-2151\" src=\"http:\/\/vapebulkp.com\/wp-content\/uploads\/2024\/04\/Mandy-WhatsApp-Randm.jpg\" alt=\"Mandy WhatsAppi tutvustus\" width=\"243\" height=\"259\" srcset=\"https:\/\/vapebulkp.com\/wp-content\/uploads\/2024\/04\/Mandy-WhatsApp-Randm.jpg 916w, https:\/\/vapebulkp.com\/wp-content\/uploads\/2024\/04\/Mandy-WhatsApp-Randm-282x300.jpg 282w, https:\/\/vapebulkp.com\/wp-content\/uploads\/2024\/04\/Mandy-WhatsApp-Randm-768x817.jpg 768w, https:\/\/vapebulkp.com\/wp-content\/uploads\/2024\/04\/Mandy-WhatsApp-Randm-600x638.jpg 600w\" sizes=\"(max-width: 243px) 100vw, 243px\" \/><\/h3>\n<h2>Arvasin, et v\u00f5iksite teada Bang \u00fchekordse 15000 mahvi kohta:<\/h2>\n<p>&nbsp;<\/p>\n<h5>1. MIS ON Bang Vape 15000Puffs maitsega E-sigareti E-vedeliku MAHT?<\/h5>\n<p>Sellel seadmel on 25 ml e-vedelikku.<\/p>\n<h5>2.Kui kaua see puff bang king kestab?<\/h5>\n<p>500 puhvi\/p\u00e4ev, v\u00f5ib kesta 30 p\u00e4eva<br \/>\n1000 puhvi\/p\u00e4ev, v\u00f5ib kesta 15 p\u00e4eva<br \/>\n2000 t\u00f5mmet\/p\u00e4evas, kestab 7.5 p\u00e4eva<\/p>\n<h5>3. KUIDAS LAADIDA \u00dcHEKORDSET VEIPI Bang Vape 15000 t\u00f5mbega SEADET?<\/h5>\n<p>Kiirlaadimislaadijaid ei tohi kasutada. \u00dchekordselt kasutatavate e-sigarettide standardne ohutu v\u00f5imsus on 5V 1A. Iga laadimisaeg ei tohi \u00fcletada 1 tundi ja ohutu laadimisaeg on pool tundi.<\/p>\n<p><span style=\"color: #ff6600\">M\u00e4rkus: ei tohi laadida terve \u00f6\u00f6!<\/span><\/p>\n<h5>4. Kuidas kasutada Bang Digital box Vape 15000 Puff pudelit?<\/h5>\n<p>1: Palun rebige pakend lahti enne 15k t\u00f5mbega seadme kasutamist.<br \/>\n2: Seej\u00e4rel pange tihend veipimisseadme p\u00f5hja<br \/>\n3: Alustage nautimist<\/p>\n<h3><strong><span style=\"vertical-align: inherit\">Spetsifikatsioon odava hinnaga \u00fchekordsetele veipidele Bang King Digital box 15000<\/span><\/strong>Mahvi<strong><span style=\"vertical-align: inherit\">\uff1a<\/span><br \/>\n<\/strong><\/h3>\n<ul>\n<li>650mAh sisseehitatud aku<\/li>\n<li>Laetav<\/li>\n<li>T\u00f5hus ja \u00fchtlane v\u00f5imsuse edastamine<\/li>\n<li>25ml eelt\u00e4idetud e-vedelikku<\/li>\n<li>0% 2% 3% 5% Nikotiini tase<\/li>\n<li>Rahulik kuni 15000 t\u00f5mmet<\/li>\n<li>Reguleeritav \u00f5huvool<\/li>\n<li>MOQ: 100 tk<\/li>\n<\/ul>\n<h3><strong>K\u00f5ik-\u00fches \u00fchekordne veip Parim Bang king Digital box <\/strong>15k mahvi maitseained 15000 mahvi?<strong>Maitsed :<\/strong><\/h3>\n<p>&nbsp;<\/p>\n<p>1.sinine k\u00fclmutus<br \/>\n2.marja PLAHVATUS<br \/>\n3.sinine kirsi sidrun<br \/>\n4.virsiku k\u00fclmutus<br \/>\n5.viinamarja k\u00fclmutus<br \/>\n6.virsiku marja<br \/>\n7.hapu \u00f5una mustikas<br \/>\n8.troopiline puuvili<br \/>\n9.rikkalik j\u00e4\u00e4<br \/>\n10. Maasika-arbuusi<br \/>\n11.jahe m\u00fcnt<br \/>\n12.maasika lit\u0161i<\/p>\n<p><a href=\"https:\/\/vapebulkp.com\/et\/product\/popular-randm-tornado-7000puffs-disposable-vape-best-price\/\"><span style=\"vertical-align: inherit\">RandM Tornado 7000 Puhvrit <\/span><\/a><\/p>\n<p><span style=\"vertical-align: inherit\">Leia rohkem tooteid, mis sulle meeldida v\u00f5iksid:<\/span><em><a href=\"https:\/\/wa.me\/8618077105796\"><span style=\"vertical-align: inherit\">\u00a0Osta kohe<\/span><\/a><\/em><\/p>\n<p><span style=\"vertical-align: inherit\">Teised e-sigaretid, mis sulle meeldida v\u00f5ivad:<\/span><a href=\"https:\/\/vapebulkp.com\/et\/product\/bang-box-12000puffs-good-vape-sweden-wholesale-price\/\"><span style=\"vertical-align: inherit\">Bang Box 12000 T\u00f5mmet<\/span><\/a><span style=\"vertical-align: inherit\">\u3001<\/span><a href=\"https:\/\/vapebulkp.com\/et\/product\/top-sale-waspe-12000puffs-disposable-vape-wholesale-france\/\"><span style=\"vertical-align: inherit\">WASPE 12000 suitsu<\/span><\/a><span style=\"vertical-align: inherit\">\/ <\/span><a href=\"https:\/\/vapebulkp.com\/et\/product\/wholesale-randm-tornado-9000-puffs-germany\/\"><span style=\"vertical-align: inherit\">RandM Tornado 9000 Mahvi<\/span><\/a><span style=\"vertical-align: inherit\">\/ <\/span><a href=\"https:\/\/vapebulkp.com\/et\/product\/wholesale-price-og-super-smash-10000-puffs-disposable-vape\/\"><span style=\"vertical-align: inherit\">Og Super samsh 10000 Puffs<\/span><\/a><\/p>\n<p><span style=\"vertical-align: inherit\">Erilise kujuga e-sigareti pudel:<\/span><a href=\"https:\/\/vapebulkp.com\/et\/product\/good-sale-randm-tornado-10000-puffs-plus\/\"><span style=\"vertical-align: inherit\">RandM Tornado 10000 Puhvi Plus <\/span><\/a><span style=\"vertical-align: inherit\">\/<\/span><a href=\"https:\/\/vapebulkp.com\/et\/product\/fumot-digital-box-12000-disposable-vape-wholesale\/\"><span style=\"vertical-align: inherit\">Fumot Digital Box 12000 Puffs<\/span><\/a><\/p>\n<h4>Tootmise kvalifikatsioon:<\/h4>\n<p><img decoding=\"async\" class=\"alignnone wp-image-1842\" src=\"http:\/\/vapebulkp.com\/wp-content\/uploads\/2023\/11\/Vape-production-process-2.jpg\" alt=\"Veibi tootmisprotsess\" width=\"671\" height=\"301\" srcset=\"https:\/\/vapebulkp.com\/wp-content\/uploads\/2023\/11\/Vape-production-process-2.jpg 800w, https:\/\/vapebulkp.com\/wp-content\/uploads\/2023\/11\/Vape-production-process-2-300x135.jpg 300w, https:\/\/vapebulkp.com\/wp-content\/uploads\/2023\/11\/Vape-production-process-2-768x345.jpg 768w, https:\/\/vapebulkp.com\/wp-content\/uploads\/2023\/11\/Vape-production-process-2-600x269.jpg 600w\" sizes=\"(max-width: 671px) 100vw, 671px\" \/><\/p>\n<p><img decoding=\"async\" class=\"alignnone wp-image-1843\" src=\"http:\/\/vapebulkp.com\/wp-content\/uploads\/2023\/11\/Vape-production-process.jpeg\" alt=\"Veibi tootmisprotsess\" width=\"671\" height=\"1074\" srcset=\"https:\/\/vapebulkp.com\/wp-content\/uploads\/2023\/11\/Vape-production-process.jpeg 641w, https:\/\/vapebulkp.com\/wp-content\/uploads\/2023\/11\/Vape-production-process-187x300.jpeg 187w, https:\/\/vapebulkp.com\/wp-content\/uploads\/2023\/11\/Vape-production-process-640x1024.jpeg 640w, https:\/\/vapebulkp.com\/wp-content\/uploads\/2023\/11\/Vape-production-process-600x960.jpeg 600w\" sizes=\"(max-width: 671px) 100vw, 671px\" \/><\/p>\n<h5>KKK:<\/h5>\n<p>K: Mis on Bang King Digital box 15000Puffs'i MOQ?<br \/>\nA: Minu tellimus on 100 tk.<br \/>\nK: Mis on tellitud vape'i tarneaeg?<br \/>\nV: Tavaliselt 10-15 p\u00e4eva p\u00e4rast v\u00e4ljasaatmist<br \/>\nK: Kui palju on saatmiskulu?V: Saatmiskaal s\u00f5ltub kaalust. Erinevatel kogustel on erinevad saatmiskulud, saatmiskulu kinnitamiseks v\u00f5tke meiega \u00fchendust.<\/p>\n<p>&nbsp;<\/p>\n<h4>Saatmisinfo:<\/h4>\n<p><span style=\"color: #ff6600\">Tootmisaeg: 5-10 t\u00f6\u00f6p\u00e4eva<\/span><br \/>\n<span style=\"color: #ff6600\">Saatmisaeg: 8-14 t\u00f6\u00f6p\u00e4eva<\/span><\/p>\n<p>K\u00f5ik meie poe tooted on 100% originaalsed ja autentsed, seega on v\u00f5ltsitud kaupade eest k\u00fcmnekordne h\u00fcvitis meie poe poliitika. Kasutame kaupade teile tarnimiseks logistikakanaleid nagu UPS\/DHL\/FEDEX\/DPD.<\/p>\n<p>Eestisse saadetud pakkide kohalej\u00f5udmine v\u00f5tab tavaliselt aega 10 t\u00f6\u00f6p\u00e4eva. Euroopa riikidesse saatmine v\u00f5tab tavaliselt aega 12 kuni 15 t\u00f6\u00f6p\u00e4eva. Uuendame logistikainfot teie jaoks reaalajas.<\/p>\n<h3>Hea m\u00fc\u00fcgij\u00e4rgne teenindus:<\/h3>\n<p><span style=\"color: #ff6600\">Teade: Kvaliteediprobleemide puudumisel raha ei tagastata ega vahetata<\/span><br \/>\n1. Kliendid saavad valida soovitud maitse, kuid kui maitset pole laos, valib tootmisosakond asenduseks populaarse maitse. Kliendid ei saa maitsete alusel taotleda raha tagastamist ega vahetamist.<\/p>\n<p>2. Kvaliteediprobleemide ilmnemisel esitage \u00fcksikasjalikud video- ja pildikirjeldused.<br \/>\nKui te ei saa esitada t\u00f5endeid, nagu videod ja fotod, ei saa kaupa vahetada.<\/p>","protected":false},"excerpt":{"rendered":"<p>See populaarne e-sigaret Bang King digital box 15000 Puffs on klientide seas v\u00e4ga populaarne. See e-sigaret, mis pakub kuni 15 000 sujuvat ja rahuldust pakkuvat mahvi, on laetav seade, mida sa v\u00e4\u00e4rid.<\/p>\n<p><img decoding=\"async\" class=\"alignnone wp-image-2151\" src=\"http:\/\/vapebulkp.com\/wp-content\/uploads\/2024\/04\/Mandy-WhatsApp-Randm.jpg\" alt=\"Mandy WhatsAppi tutvustus\" width=\"264\" height=\"281\" srcset=\"https:\/\/vapebulkp.com\/wp-content\/uploads\/2024\/04\/Mandy-WhatsApp-Randm.jpg 916w, https:\/\/vapebulkp.com\/wp-content\/uploads\/2024\/04\/Mandy-WhatsApp-Randm-282x300.jpg 282w, https:\/\/vapebulkp.com\/wp-content\/uploads\/2024\/04\/Mandy-WhatsApp-Randm-768x817.jpg 768w, https:\/\/vapebulkp.com\/wp-content\/uploads\/2024\/04\/Mandy-WhatsApp-Randm-600x638.jpg 600w\" sizes=\"(max-width: 264px) 100vw, 264px\" \/><\/p>\n<p>Soodushinna saamiseks v\u00f5tke \u00fchendust Mandy WhatsAppiga<a href=\"https:\/\/wa.me\/8618077105796\">+8618077105796<\/a><\/p>\n<p><span style=\"color: #ff0000\">M\u00c4RKUS: Meie veebisaidi hinnad ei sisalda saatmiskulusid<\/span><\/p>","protected":false},"featured_media":2048,"comment_status":"open","ping_status":"closed","template":"","meta":{"_uag_custom_page_level_css":"","_lmt_disableupdate":"no","_lmt_disable":"","site-sidebar-layout":"default","site-content-layout":"content-boxed-container","ast-site-content-layout":"normal-width-container","site-content-style":"boxed","site-sidebar-style":"unboxed","ast-global-header-display":"","ast-banner-title-visibility":"","ast-main-header-display":"","ast-hfb-above-header-display":"","ast-hfb-below-header-display":"","ast-hfb-mobile-header-display":"","site-post-title":"","ast-breadcrumbs-content":"","ast-featured-img":"","footer-sml-layout":"","theme-transparent-header-meta":"default","adv-header-id-meta":"","stick-header-meta":"","header-above-stick-meta":"","header-main-stick-meta":"","header-below-stick-meta":"","astra-migrate-meta-layouts":"set","_joinchat":[]},"product_cat":[165,153,344,155,33,59,100,34,158,157,154,152,58,84,156,63,32],"product_tag":[77,36,37,41,40],"class_list":["post-2047","product","type-product","status-publish","has-post-thumbnail","hentry","product_cat-15000-puffs-disposable-vape","product_cat-hot-disposable-vapes","product_cat-bang-king-vape","product_cat-belgium-hot-disposable-vapes","product_cat-france-vape-hot-sale","product_cat-germany-hot-disposable-vape","product_cat-germany-wholesale-vape-shop","product_cat-netherlands-vape-good-sale","product_cat-norway-hot-disposable-vapes","product_cat-poland-hot-disposable-vapes","product_cat-portugal-hot-disposable-vapes","product_cat-spain-hot-disposable-vapes","product_cat-sweden-hot-disposable-vape","product_cat-sweden-wholesale-vape","product_cat-switzerland-hot-disposable-vapes","product_cat-top-sale-disposable-vape","product_cat-vape-hot-sale-this-week","product_tag-15000-puffs","product_tag-good-vape","product_tag-hot-sale-disposable-vape","product_tag-poland-hot-vape","product_tag-sweden-hot-vape","pa_brand-bang-king-vape","desktop-align-left","tablet-align-left","mobile-align-left"],"yoast_head":"<!-- This site is optimized with the Yoast SEO plugin v21.1 - https:\/\/yoast.com\/wordpress\/plugins\/seo\/ -->\n<title>Top sale Bang King Digital box15k Puffs Bang Vape - vapebulkp.com<\/title>\n<meta name=\"description\" content=\"This popular electronic cigarette Bang King digital box 15000 Puffs is very popular among customers. Delivering up to 15,000 smooth, satisfying puffs, this e-cigarette is a rechargeable device you deserve.\" \/>\n<meta name=\"robots\" content=\"index, follow, max-snippet:-1, max-image-preview:large, max-video-preview:-1\" \/>\n<link rel=\"canonical\" href=\"https:\/\/vapebulkp.com\/et\/product\/top-sale-bang-king-digital-box15k-puffs-bang-vape\/\" \/>\n<meta property=\"og:locale\" content=\"et_EE\" \/>\n<meta property=\"og:type\" content=\"article\" \/>\n<meta property=\"og:title\" content=\"Top sale Bang King Digital box15k Puffs Bang Vape - vapebulkp.com\" \/>\n<meta property=\"og:description\" content=\"This popular electronic cigarette Bang King digital box 15000 Puffs is very popular among customers. Delivering up to 15,000 smooth, satisfying puffs, this e-cigarette is a rechargeable device you deserve.\" \/>\n<meta property=\"og:url\" content=\"https:\/\/vapebulkp.com\/et\/product\/top-sale-bang-king-digital-box15k-puffs-bang-vape\/\" \/>\n<meta property=\"og:site_name\" content=\"vapebulkp.com\" \/>\n<meta property=\"article:modified_time\" content=\"2025-09-24T03:44:54+00:00\" \/>\n<meta property=\"og:image\" content=\"http:\/\/vapebulkp.com\/wp-content\/uploads\/2024\/02\/Good-sale-Bang-King-Digital-box-15000-puffs.jpg\" \/>\n\t<meta property=\"og:image:width\" content=\"1001\" \/>\n\t<meta property=\"og:image:height\" content=\"469\" \/>\n\t<meta property=\"og:image:type\" content=\"image\/jpeg\" \/>\n<meta name=\"twitter:card\" content=\"summary_large_image\" \/>\n<meta name=\"twitter:label1\" content=\"Est. reading time\" \/>\n\t<meta name=\"twitter:data1\" content=\"4 minutit\" \/>\n<script type=\"application\/ld+json\" class=\"yoast-schema-graph\">{\"@context\":\"https:\/\/schema.org\",\"@graph\":[{\"@type\":\"WebPage\",\"@id\":\"https:\/\/vapebulkp.com\/product\/top-sale-bang-king-digital-box15k-puffs-bang-vape\/\",\"url\":\"https:\/\/vapebulkp.com\/product\/top-sale-bang-king-digital-box15k-puffs-bang-vape\/\",\"name\":\"Top sale Bang King Digital box15k Puffs Bang Vape - vapebulkp.com\",\"isPartOf\":{\"@id\":\"https:\/\/vapebulkp.com\/#website\"},\"datePublished\":\"2024-02-23T03:43:11+00:00\",\"dateModified\":\"2025-09-24T03:44:54+00:00\",\"description\":\"This popular electronic cigarette Bang King digital box 15000 Puffs is very popular among customers. Delivering up to 15,000 smooth, satisfying puffs, this e-cigarette is a rechargeable device you deserve.\",\"breadcrumb\":{\"@id\":\"https:\/\/vapebulkp.com\/product\/top-sale-bang-king-digital-box15k-puffs-bang-vape\/#breadcrumb\"},\"inLanguage\":\"et\",\"potentialAction\":[{\"@type\":\"ReadAction\",\"target\":[\"https:\/\/vapebulkp.com\/product\/top-sale-bang-king-digital-box15k-puffs-bang-vape\/\"]}]},{\"@type\":\"BreadcrumbList\",\"@id\":\"https:\/\/vapebulkp.com\/product\/top-sale-bang-king-digital-box15k-puffs-bang-vape\/#breadcrumb\",\"itemListElement\":[{\"@type\":\"ListItem\",\"position\":1,\"name\":\"Home\",\"item\":\"https:\/\/vapebulkp.com\/\"},{\"@type\":\"ListItem\",\"position\":2,\"name\":\"Hot Trend Vapes\",\"item\":\"https:\/\/vapebulkp.com\/vape-shop\/\"},{\"@type\":\"ListItem\",\"position\":3,\"name\":\"Top sale Bang King Digital box15k Puffs Bang Vape\"}]},{\"@type\":\"WebSite\",\"@id\":\"https:\/\/vapebulkp.com\/#website\",\"url\":\"https:\/\/vapebulkp.com\/\",\"name\":\"vapebulkp.com\",\"description\":\"Buy Vape In Cheap Bulk Price Near you\",\"publisher\":{\"@id\":\"https:\/\/vapebulkp.com\/#organization\"},\"potentialAction\":[{\"@type\":\"SearchAction\",\"target\":{\"@type\":\"EntryPoint\",\"urlTemplate\":\"https:\/\/vapebulkp.com\/?s={search_term_string}\"},\"query-input\":\"required name=search_term_string\"}],\"inLanguage\":\"et\"},{\"@type\":\"Organization\",\"@id\":\"https:\/\/vapebulkp.com\/#organization\",\"name\":\"vapebulkp.com\",\"url\":\"https:\/\/vapebulkp.com\/\",\"logo\":{\"@type\":\"ImageObject\",\"inLanguage\":\"et\",\"@id\":\"https:\/\/vapebulkp.com\/#\/schema\/logo\/image\/\",\"url\":\"https:\/\/vapebulkp.com\/wp-content\/uploads\/2023\/09\/cropped-vapebulkp.png\",\"contentUrl\":\"https:\/\/vapebulkp.com\/wp-content\/uploads\/2023\/09\/cropped-vapebulkp.png\",\"width\":516,\"height\":163,\"caption\":\"vapebulkp.com\"},\"image\":{\"@id\":\"https:\/\/vapebulkp.com\/#\/schema\/logo\/image\/\"}}]}<\/script>\n<!-- \/ Yoast SEO plugin. -->","yoast_head_json":{"title":"Top sale Bang King Digital box15k Puffs Bang Vape - vapebulkp.com","description":"This popular electronic cigarette Bang King digital box 15000 Puffs is very popular among customers. Delivering up to 15,000 smooth, satisfying puffs, this e-cigarette is a rechargeable device you deserve.","robots":{"index":"index","follow":"follow","max-snippet":"max-snippet:-1","max-image-preview":"max-image-preview:large","max-video-preview":"max-video-preview:-1"},"canonical":"https:\/\/vapebulkp.com\/et\/product\/top-sale-bang-king-digital-box15k-puffs-bang-vape\/","og_locale":"et_EE","og_type":"article","og_title":"Top sale Bang King Digital box15k Puffs Bang Vape - vapebulkp.com","og_description":"This popular electronic cigarette Bang King digital box 15000 Puffs is very popular among customers. Delivering up to 15,000 smooth, satisfying puffs, this e-cigarette is a rechargeable device you deserve.","og_url":"https:\/\/vapebulkp.com\/et\/product\/top-sale-bang-king-digital-box15k-puffs-bang-vape\/","og_site_name":"vapebulkp.com","article_modified_time":"2025-09-24T03:44:54+00:00","og_image":[{"width":1001,"height":469,"url":"http:\/\/vapebulkp.com\/wp-content\/uploads\/2024\/02\/Good-sale-Bang-King-Digital-box-15000-puffs.jpg","type":"image\/jpeg"}],"twitter_card":"summary_large_image","twitter_misc":{"Est. reading time":"4 minutit"},"schema":{"@context":"https:\/\/schema.org","@graph":[{"@type":"WebPage","@id":"https:\/\/vapebulkp.com\/product\/top-sale-bang-king-digital-box15k-puffs-bang-vape\/","url":"https:\/\/vapebulkp.com\/product\/top-sale-bang-king-digital-box15k-puffs-bang-vape\/","name":"Top sale Bang King Digital box15k Puffs Bang Vape - vapebulkp.com","isPartOf":{"@id":"https:\/\/vapebulkp.com\/#website"},"datePublished":"2024-02-23T03:43:11+00:00","dateModified":"2025-09-24T03:44:54+00:00","description":"This popular electronic cigarette Bang King digital box 15000 Puffs is very popular among customers. Delivering up to 15,000 smooth, satisfying puffs, this e-cigarette is a rechargeable device you deserve.","breadcrumb":{"@id":"https:\/\/vapebulkp.com\/product\/top-sale-bang-king-digital-box15k-puffs-bang-vape\/#breadcrumb"},"inLanguage":"et","potentialAction":[{"@type":"ReadAction","target":["https:\/\/vapebulkp.com\/product\/top-sale-bang-king-digital-box15k-puffs-bang-vape\/"]}]},{"@type":"BreadcrumbList","@id":"https:\/\/vapebulkp.com\/product\/top-sale-bang-king-digital-box15k-puffs-bang-vape\/#breadcrumb","itemListElement":[{"@type":"ListItem","position":1,"name":"Home","item":"https:\/\/vapebulkp.com\/"},{"@type":"ListItem","position":2,"name":"Hot Trend Vapes","item":"https:\/\/vapebulkp.com\/vape-shop\/"},{"@type":"ListItem","position":3,"name":"Top sale Bang King Digital box15k Puffs Bang Vape"}]},{"@type":"WebSite","@id":"https:\/\/vapebulkp.com\/#website","url":"https:\/\/vapebulkp.com\/","name":"vapebulkp.com","description":"Buy Vape In Cheap Bulk Price Near you","publisher":{"@id":"https:\/\/vapebulkp.com\/#organization"},"potentialAction":[{"@type":"SearchAction","target":{"@type":"EntryPoint","urlTemplate":"https:\/\/vapebulkp.com\/?s={search_term_string}"},"query-input":"required name=search_term_string"}],"inLanguage":"et"},{"@type":"Organization","@id":"https:\/\/vapebulkp.com\/#organization","name":"vapebulkp.com","url":"https:\/\/vapebulkp.com\/","logo":{"@type":"ImageObject","inLanguage":"et","@id":"https:\/\/vapebulkp.com\/#\/schema\/logo\/image\/","url":"https:\/\/vapebulkp.com\/wp-content\/uploads\/2023\/09\/cropped-vapebulkp.png","contentUrl":"https:\/\/vapebulkp.com\/wp-content\/uploads\/2023\/09\/cropped-vapebulkp.png","width":516,"height":163,"caption":"vapebulkp.com"},"image":{"@id":"https:\/\/vapebulkp.com\/#\/schema\/logo\/image\/"}}]}},"uagb_featured_image_src":{"full":["https:\/\/vapebulkp.com\/wp-content\/uploads\/2024\/02\/Good-sale-Bang-King-Digital-box-15000-puffs.jpg",1001,469,false],"thumbnail":["https:\/\/vapebulkp.com\/wp-content\/uploads\/2024\/02\/Good-sale-Bang-King-Digital-box-15000-puffs-150x150.jpg",150,150,true],"medium":["https:\/\/vapebulkp.com\/wp-content\/uploads\/2024\/02\/Good-sale-Bang-King-Digital-box-15000-puffs-300x141.jpg",300,141,true],"medium_large":["https:\/\/vapebulkp.com\/wp-content\/uploads\/2024\/02\/Good-sale-Bang-King-Digital-box-15000-puffs-768x360.jpg",768,360,true],"large":["https:\/\/vapebulkp.com\/wp-content\/uploads\/2024\/02\/Good-sale-Bang-King-Digital-box-15000-puffs.jpg",1001,469,false],"1536x1536":["https:\/\/vapebulkp.com\/wp-content\/uploads\/2024\/02\/Good-sale-Bang-King-Digital-box-15000-puffs.jpg",1001,469,false],"2048x2048":["https:\/\/vapebulkp.com\/wp-content\/uploads\/2024\/02\/Good-sale-Bang-King-Digital-box-15000-puffs.jpg",1001,469,false],"trp-custom-language-flag":["https:\/\/vapebulkp.com\/wp-content\/uploads\/2024\/02\/Good-sale-Bang-King-Digital-box-15000-puffs.jpg",18,8,false],"woocommerce_thumbnail":["https:\/\/vapebulkp.com\/wp-content\/uploads\/2024\/02\/Good-sale-Bang-King-Digital-box-15000-puffs-300x300.jpg",300,300,true],"woocommerce_single":["https:\/\/vapebulkp.com\/wp-content\/uploads\/2024\/02\/Good-sale-Bang-King-Digital-box-15000-puffs-600x281.jpg",600,281,true],"woocommerce_gallery_thumbnail":["https:\/\/vapebulkp.com\/wp-content\/uploads\/2024\/02\/Good-sale-Bang-King-Digital-box-15000-puffs-100x100.jpg",100,100,true],"wcpr-photo-reviews":["https:\/\/vapebulkp.com\/wp-content\/uploads\/2024\/02\/Good-sale-Bang-King-Digital-box-15000-puffs.jpg",500,234,false]},"uagb_author_info":{"display_name":"Mandy vape bulk price","author_link":"https:\/\/vapebulkp.com\/et\/author\/"},"uagb_comment_info":2,"uagb_excerpt":"This popular electronic cigarette Bang King digital box 15000 Puffs is very popular among customers. Delivering up to 15,000 smooth, satisfying puffs, this e-cigarette is a rechargeable device you deserve. Pls Contact Mandy's WhatsApp For Discount Price+8618077105796 NOTE: Prices on our website does not include shipping costs","_links":{"self":[{"href":"https:\/\/vapebulkp.com\/et\/wp-json\/wp\/v2\/product\/2047","targetHints":{"allow":["GET"]}}],"collection":[{"href":"https:\/\/vapebulkp.com\/et\/wp-json\/wp\/v2\/product"}],"about":[{"href":"https:\/\/vapebulkp.com\/et\/wp-json\/wp\/v2\/types\/product"}],"replies":[{"embeddable":true,"href":"https:\/\/vapebulkp.com\/et\/wp-json\/wp\/v2\/comments?post=2047"}],"wp:featuredmedia":[{"embeddable":true,"href":"https:\/\/vapebulkp.com\/et\/wp-json\/wp\/v2\/media\/2048"}],"wp:attachment":[{"href":"https:\/\/vapebulkp.com\/et\/wp-json\/wp\/v2\/media?parent=2047"}],"wp:term":[{"taxonomy":"product_cat","embeddable":true,"href":"https:\/\/vapebulkp.com\/et\/wp-json\/wp\/v2\/product_cat?post=2047"},{"taxonomy":"product_tag","embeddable":true,"href":"https:\/\/vapebulkp.com\/et\/wp-json\/wp\/v2\/product_tag?post=2047"}],"curies":[{"name":"wp","href":"https:\/\/api.w.org\/{rel}","templated":true}]}}