{"id":2066,"date":"2024-02-23T08:39:29","date_gmt":"2024-02-23T07:39:29","guid":{"rendered":"https:\/\/vapebulkp.com\/?post_type=product&#038;p=2066"},"modified":"2025-09-24T05:44:18","modified_gmt":"2025-09-24T03:44:18","slug":"good-vape-bang-box-9000puffs-sweden-wholesale-price","status":"publish","type":"product","link":"https:\/\/vapebulkp.com\/et\/product\/good-vape-bang-box-9000puffs-sweden-wholesale-price\/","title":{"rendered":"Hea Vape Bang Box 9000 t\u00f5mmet Eesti hulgihind"},"content":{"rendered":"<h2 style=\"text-align: left\">Hea Vape Bang Box 9000Puffs hulgihind Eestis<\/h2>\n<p data-start=\"509\" data-end=\"834\">Veip <strong data-start=\"513\" data-end=\"563\">Hea Vape Bang Box 9000 Puffs \u00fchekordne veip<\/strong> on disainitud Euroopa veipijatele, kes hindavad j\u00f5udlust, mugavust ja esmaklassilist disaini. Ehitatud 650 mAh laetava aku ja Type-C kiirlaadimise abil, see <strong data-start=\"724\" data-end=\"756\">laetav \u00fchekordselt kasutatav vape<\/strong> pakub p\u00fcsivat v\u00f5imsust ja usaldusv\u00e4\u00e4rset kasutust esimesest pahvist viimaseni.<\/p>\n<p data-start=\"836\" data-end=\"1127\">Varustatud t\u00e4iustatud <strong data-start=\"859\" data-end=\"877\">v\u00f5rgusilma m\u00e4hisega vape'iga<\/strong> tehnoloogia, see toodab tihedat auru ja julget maitset l\u00e4bi muljetavaldava 9000 pahvi. Iga seade on eelt\u00e4idetud 14 ml k\u00f5rgekvaliteedilise <strong data-start=\"1020\" data-end=\"1042\">nikotiinisoola vape<\/strong> e-vedelikuga, saadaval 0%, 2%, 3% v\u00f5i 5% nikotiinitasemetega, et sobida igale eelistusele.<\/p>\n<p data-start=\"1129\" data-end=\"1414\">Valmistatud elegantse metallist viimistluse ja ergonoomiliste proportsioonidega, Bang Box on rohkem kui lihtsalt a <strong data-start=\"1223\" data-end=\"1250\">esmaklassiline \u00fchekordselt kasutatav veip<\/strong>\u2014see on vastupidav ja stiilne valik igap\u00e4evaseks kasutamiseks v\u00f5i sotsiaalseteks s\u00fcndmusteks. 10 maitse valikuga vastab see sordi n\u00f5udlusele ilma kvaliteeti ohverdamata.<\/p>\n<p data-start=\"1416\" data-end=\"1659\">Saadaval <strong data-start=\"1430\" data-end=\"1455\">hulgim\u00fc\u00fck vape Eesti<\/strong>, <strong>Nic Vape Bang Box 9000 Puffs \u00fchekordne veip<\/strong> pakub jaem\u00fc\u00fcjatele ja edasim\u00fc\u00fcjatele kasumlikku, kiirelt liikuvat toodet, mis on koosk\u00f5las kasvava n\u00f5udlusega suure v\u00f5imsusega veipide j\u00e4rele EL turul.<\/p>\n<p><img decoding=\"async\" class=\"alignnone wp-image-2067\" src=\"http:\/\/vapebulkp.com\/wp-content\/uploads\/2024\/02\/Good-Sale-Bang-Box-9000-puffs-Germany-8.png\" alt=\"Hea m\u00fc\u00fck Bang Box 9000 pihustit Eestis\" width=\"530\" height=\"489\" srcset=\"https:\/\/vapebulkp.com\/wp-content\/uploads\/2024\/02\/Good-Sale-Bang-Box-9000-puffs-Germany-8.png 1903w, https:\/\/vapebulkp.com\/wp-content\/uploads\/2024\/02\/Good-Sale-Bang-Box-9000-puffs-Germany-8-300x277.png 300w, https:\/\/vapebulkp.com\/wp-content\/uploads\/2024\/02\/Good-Sale-Bang-Box-9000-puffs-Germany-8-1024x944.png 1024w, https:\/\/vapebulkp.com\/wp-content\/uploads\/2024\/02\/Good-Sale-Bang-Box-9000-puffs-Germany-8-768x708.png 768w, https:\/\/vapebulkp.com\/wp-content\/uploads\/2024\/02\/Good-Sale-Bang-Box-9000-puffs-Germany-8-1536x1416.png 1536w, https:\/\/vapebulkp.com\/wp-content\/uploads\/2024\/02\/Good-Sale-Bang-Box-9000-puffs-Germany-8-600x553.png 600w\" sizes=\"(max-width: 530px) 100vw, 530px\" \/><\/p>\n<h6>Soodushinna saamiseks v\u00f5tke \u00fchendust Mandy WhatsAppiga<a href=\"https:\/\/wa.me\/8618077105796\">+8618077105796<\/a><\/h6>\n<p><img decoding=\"async\" class=\"alignnone wp-image-2151\" src=\"http:\/\/vapebulkp.com\/wp-content\/uploads\/2024\/04\/Mandy-WhatsApp-Randm.jpg\" alt=\"Mandy WhatsAppi tutvustus\" width=\"295\" height=\"313\" srcset=\"https:\/\/vapebulkp.com\/wp-content\/uploads\/2024\/04\/Mandy-WhatsApp-Randm.jpg 916w, https:\/\/vapebulkp.com\/wp-content\/uploads\/2024\/04\/Mandy-WhatsApp-Randm-282x300.jpg 282w, https:\/\/vapebulkp.com\/wp-content\/uploads\/2024\/04\/Mandy-WhatsApp-Randm-768x817.jpg 768w, https:\/\/vapebulkp.com\/wp-content\/uploads\/2024\/04\/Mandy-WhatsApp-Randm-600x638.jpg 600w\" sizes=\"(max-width: 295px) 100vw, 295px\" \/><\/p>\n<h2>Arvasin, et v\u00f5iksite Bang Box 9000 Puffs \u00fchekordsest veibist teada saada:<\/h2>\n<h5>1. Kuidas kasutada Bang Box 9000 Puffs Vape Pen\u2019i?<\/h5>\n<p>Samm 1. Enne 9k puhvi kasutamist eemaldage plasttoru.<\/p>\n<p>2. samm. Oodake umbes 3 minutit, et mahl j\u00f5uaks spiraali sisse.<\/p>\n<p>3. samm. Nautige<\/p>\n<h5>2. KUIDAS LAADIDA \u00dcHEKORDSET VEIPI BANG BOX 9000 PUFFS SEADET?<\/h5>\n<p>Kiirlaadimise laadijaid ei saa kasutada, ja \u00fchekordselt kasutatavate e-sigarettide standardne ohutu v\u00f5imsus on 5V 1A.<\/p>\n<p>Iga laadimisaeg ei tohi \u00fcletada 1 tund ja ohutu laadimisaeg on pool tundi.<\/p>\n<p><span style=\"color: #ff6600\">M\u00e4rkus: ei tohi laadida terve \u00f6\u00f6!<\/span><\/p>\n<h5>3. Mis on Bang Box 9000 Puffs WAPE e-vedeliku maht?<\/h5>\n<p>\u2014\u201423 ml<\/p>\n<h5>4. Mitu pahvi saan ma Bang Box 9000 Puffs\u2019ist v\u00f5tta?<\/h5>\n<p>\u2014\u20139000Puhvi<\/p>\n<h3>Bang Box 9000 Puffs originaal \u00fchekordse veibi Podi omadused:<\/h3>\n<ul>\n<li>Pahvid: KUNI 9000 pahvi<\/li>\n<li>\u00a0Vedelik: 14 ml eelnevalt t\u00e4idetud e-vedeliku kassett<\/li>\n<li>Nikotiin: 0\/2\/3\/5%Nikotiinisool<\/li>\n<li>\u00a0T\u00fc\u00fcbid: \u00dchekordne<\/li>\n<li>\u00a0650 mAh aku<\/li>\n<li>\u00a0V\u00f5rgusilma m\u00e4his<\/li>\n<li>\u00a0Type-c laetav<\/li>\n<li>\u00a0Saadaval 10 maitset<\/li>\n<\/ul>\n<h3><strong>Parimad Bang Box 9000 Puffs maitsed:<\/strong><\/h3>\n<p>1. Virsiku-mango<br \/>\n2. Kolmekordne marja-j\u00e4\u00e4<br \/>\n3. maasika-arbuus<br \/>\n4. LUSHICE<br \/>\n5. Sinine vaarika-j\u00e4\u00e4<br \/>\n6. Aloe viinamari<br \/>\n7. Maasika j\u00e4\u00e4tis<br \/>\n8. Virsiku-j\u00e4\u00e4<br \/>\n9. KUMMIKARU<br \/>\n10. Troopiline puuvili (\u6df7\u5408\u9709\u679c)<\/p>\n<p><a href=\"https:\/\/vapebulkp.com\/et\/product\/popular-randm-tornado-7000puffs-disposable-vape-best-price\/\"><span style=\"vertical-align: inherit\">RandM Tornado 7000 Puhvrit <\/span><\/a><\/p>\n<p><span style=\"vertical-align: inherit\">Leia rohkem tooteid, mis sulle meeldida v\u00f5iksid:<\/span><em><a href=\"https:\/\/wa.me\/8618077105796\"><span style=\"vertical-align: inherit\">\u00a0Osta kohe<\/span><\/a><\/em><\/p>\n<p><span style=\"vertical-align: inherit\">Teised e-sigaretid, mis sulle meeldida v\u00f5ivad:<\/span><a href=\"https:\/\/vapebulkp.com\/et\/product\/joymy-ultra15000puffs-best-disposable-vape-2023\/\"><span style=\"vertical-align: inherit\">JOYMY 15000 pahvi<\/span><\/a><span style=\"vertical-align: inherit\">\u3001<\/span><a href=\"https:\/\/vapebulkp.com\/et\/product\/wholesale-randm-tornado-9000-puffs-germany\/\"><span style=\"vertical-align: inherit\">RandM 9000 Pahvi<\/span><\/a><span style=\"vertical-align: inherit\">\/ <\/span><a href=\"https:\/\/vapebulkp.com\/et\/product\/bang-king-12000puffs\/\"><span style=\"vertical-align: inherit\">Bang King 12000 Mahvi<\/span><\/a><span style=\"vertical-align: inherit\">\/ <\/span><a href=\"https:\/\/vapebulkp.com\/et\/product\/wholesale-tornado-rum-bar-9000-puffs-sweden\/\"><span style=\"vertical-align: inherit\">Rumbar 9000 pahvi<\/span><\/a><\/p>\n<p><span style=\"vertical-align: inherit\">Erilise kujuga e-sigareti pudel:<\/span><a href=\"https:\/\/vapebulkp.com\/et\/product\/wholesale-kulx-8000-puffs-disposable-vape\/\"><span style=\"vertical-align: inherit\">\u00a0Kulx 8000 pahvi<\/span><\/a><span style=\"vertical-align: inherit\">\/ <\/span><a href=\"https:\/\/vapebulkp.com\/et\/product\/popular-bang-king-10000-puffs-vape-good-price\/\"><span style=\"vertical-align: inherit\">\u00a0Bang King 10000 Puhangut <\/span><\/a><span style=\"vertical-align: inherit\">\/<\/span><a href=\"https:\/\/vapebulkp.com\/et\/product\/disposable-vape-crystal-600-puffs\/\"><span style=\"vertical-align: inherit\"> Crystal 600 pahvi<\/span><\/a><\/p>\n<h5>Tootmise kvalifikatsioon:<\/h5>\n<p><img decoding=\"async\" class=\"alignnone size-full wp-image-1841\" src=\"http:\/\/vapebulkp.com\/wp-content\/uploads\/2023\/11\/Vape-production-process-2.jpeg\" alt=\"Veibi tootmisprotsess\" width=\"650\" height=\"434\" srcset=\"https:\/\/vapebulkp.com\/wp-content\/uploads\/2023\/11\/Vape-production-process-2.jpeg 650w, https:\/\/vapebulkp.com\/wp-content\/uploads\/2023\/11\/Vape-production-process-2-300x200.jpeg 300w, https:\/\/vapebulkp.com\/wp-content\/uploads\/2023\/11\/Vape-production-process-2-600x401.jpeg 600w\" sizes=\"(max-width: 650px) 100vw, 650px\" \/><\/p>\n<p><img decoding=\"async\" class=\"alignnone size-full wp-image-1843\" src=\"http:\/\/vapebulkp.com\/wp-content\/uploads\/2023\/11\/Vape-production-process.jpeg\" alt=\"Veibi tootmisprotsess\" width=\"641\" height=\"1026\" srcset=\"https:\/\/vapebulkp.com\/wp-content\/uploads\/2023\/11\/Vape-production-process.jpeg 641w, https:\/\/vapebulkp.com\/wp-content\/uploads\/2023\/11\/Vape-production-process-187x300.jpeg 187w, https:\/\/vapebulkp.com\/wp-content\/uploads\/2023\/11\/Vape-production-process-640x1024.jpeg 640w, https:\/\/vapebulkp.com\/wp-content\/uploads\/2023\/11\/Vape-production-process-600x960.jpeg 600w\" sizes=\"(max-width: 641px) 100vw, 641px\" \/><\/p>\n<h5>KKK:<\/h5>\n<p>K: Mis on Bang Box 9000Puffs MOQ?<br \/>\nA: Minu tellimus on 100 tk.<br \/>\nK: Mis on tellitud vape'i tarneaeg?<br \/>\nV: Tavaliselt 10-15 p\u00e4eva p\u00e4rast v\u00e4ljasaatmist<br \/>\nK: Kui palju on saatmiskulu?V: Saatmiskaal s\u00f5ltub kaalust. Erinevatel kogustel on erinevad saatmiskulud, saatmiskulu kinnitamiseks v\u00f5tke meiega \u00fchendust.<\/p>\n<h4>Saatmisinfo:<\/h4>\n<p><span style=\"color: #ff6600\">Tootmisaeg: 5-10 t\u00f6\u00f6p\u00e4eva<\/span><br \/>\n<span style=\"color: #ff6600\">Saatmisaeg: 8-14 t\u00f6\u00f6p\u00e4eva<\/span><\/p>\n<p>K\u00f5ik meie poe tooted on 100% originaalsed ja autentsed, seega on v\u00f5ltsitud kaupade eest k\u00fcmnekordne h\u00fcvitis meie poe poliitika. Kasutame kaupade teile tarnimiseks logistikakanaleid nagu UPS\/DHL\/FEDEX\/DPD.<\/p>\n<p>Eestisse saadetud pakkide kohalej\u00f5udmine v\u00f5tab tavaliselt aega 10 t\u00f6\u00f6p\u00e4eva. Euroopa riikidesse saatmine v\u00f5tab tavaliselt aega 12 kuni 15 t\u00f6\u00f6p\u00e4eva. Uuendame logistikainfot teie jaoks reaalajas.<\/p>","protected":false},"excerpt":{"rendered":"<p>Bang BOX 9000 PUFFS uhkeldab v\u00e4ikseima elektroonilise sigaretiseadmega, millel on k\u00f5ige pikem aku kestvus. Selle j\u00e4rjepidev maitse on eristav tunnus, mis eristab seda teistest turul olevatest toodetest.<\/p>\n<p><img decoding=\"async\" class=\"alignnone wp-image-2151\" src=\"http:\/\/vapebulkp.com\/wp-content\/uploads\/2024\/04\/Mandy-WhatsApp-Randm.jpg\" alt=\"Mandy WhatsAppi tutvustus\" width=\"323\" height=\"343\" srcset=\"https:\/\/vapebulkp.com\/wp-content\/uploads\/2024\/04\/Mandy-WhatsApp-Randm.jpg 916w, https:\/\/vapebulkp.com\/wp-content\/uploads\/2024\/04\/Mandy-WhatsApp-Randm-282x300.jpg 282w, https:\/\/vapebulkp.com\/wp-content\/uploads\/2024\/04\/Mandy-WhatsApp-Randm-768x817.jpg 768w, https:\/\/vapebulkp.com\/wp-content\/uploads\/2024\/04\/Mandy-WhatsApp-Randm-600x638.jpg 600w\" sizes=\"(max-width: 323px) 100vw, 323px\" \/><\/p>\n<p>Soodushinna saamiseks v\u00f5tke \u00fchendust Mandy WhatsAppiga<a href=\"https:\/\/wa.me\/8618077105796\">+8618077105796<\/a><\/p>\n<p><span style=\"color: #ff0000\">M\u00c4RKUS: Meie veebisaidi hinnad ei sisalda saatmiskulusid<\/span><\/p>\n<p>&nbsp;<\/p>","protected":false},"featured_media":2067,"comment_status":"open","ping_status":"closed","template":"","meta":{"_uag_custom_page_level_css":"","_lmt_disableupdate":"no","_lmt_disable":"","site-sidebar-layout":"default","site-content-layout":"content-boxed-container","ast-site-content-layout":"normal-width-container","site-content-style":"boxed","site-sidebar-style":"unboxed","ast-global-header-display":"","ast-banner-title-visibility":"","ast-main-header-display":"","ast-hfb-above-header-display":"","ast-hfb-below-header-display":"","ast-hfb-mobile-header-display":"","site-post-title":"","ast-breadcrumbs-content":"","ast-featured-img":"","footer-sml-layout":"","theme-transparent-header-meta":"default","adv-header-id-meta":"","stick-header-meta":"","header-above-stick-meta":"","header-main-stick-meta":"","header-below-stick-meta":"","astra-migrate-meta-layouts":"set","_joinchat":[]},"product_cat":[168,153,345,155,33,59,100,34,158,157,154,152,58,84,156,63,32],"product_tag":[47,36,37,41,40],"class_list":["post-2066","product","type-product","status-publish","has-post-thumbnail","hentry","product_cat-9000-puffs-disposable-vape","product_cat-hot-disposable-vapes","product_cat-bang-vapes","product_cat-belgium-hot-disposable-vapes","product_cat-france-vape-hot-sale","product_cat-germany-hot-disposable-vape","product_cat-germany-wholesale-vape-shop","product_cat-netherlands-vape-good-sale","product_cat-norway-hot-disposable-vapes","product_cat-poland-hot-disposable-vapes","product_cat-portugal-hot-disposable-vapes","product_cat-spain-hot-disposable-vapes","product_cat-sweden-hot-disposable-vape","product_cat-sweden-wholesale-vape","product_cat-switzerland-hot-disposable-vapes","product_cat-top-sale-disposable-vape","product_cat-vape-hot-sale-this-week","product_tag-9000puffs","product_tag-good-vape","product_tag-hot-sale-disposable-vape","product_tag-poland-hot-vape","product_tag-sweden-hot-vape","pa_brand-bang-vape","desktop-align-left","tablet-align-left","mobile-align-left"],"yoast_head":"<!-- This site is optimized with the Yoast SEO plugin v21.1 - https:\/\/yoast.com\/wordpress\/plugins\/seo\/ -->\n<title>Good Vape Bang Box 9000Puffs Sweden Wholesale Price - vapebulkp.com<\/title>\n<meta name=\"description\" content=\"Bang BOX 9000 boasts the smallest electronic cigarette device with the longest battery life. Its consistent taste is a distinctive feature that distinguishes it from other products on the market.\" \/>\n<meta name=\"robots\" content=\"index, follow, max-snippet:-1, max-image-preview:large, max-video-preview:-1\" \/>\n<link rel=\"canonical\" href=\"https:\/\/vapebulkp.com\/et\/product\/good-vape-bang-box-9000puffs-sweden-wholesale-price\/\" \/>\n<meta property=\"og:locale\" content=\"et_EE\" \/>\n<meta property=\"og:type\" content=\"article\" \/>\n<meta property=\"og:title\" content=\"Good Vape Bang Box 9000Puffs Sweden Wholesale Price - vapebulkp.com\" \/>\n<meta property=\"og:description\" content=\"Bang BOX 9000 boasts the smallest electronic cigarette device with the longest battery life. Its consistent taste is a distinctive feature that distinguishes it from other products on the market.\" \/>\n<meta property=\"og:url\" content=\"https:\/\/vapebulkp.com\/et\/product\/good-vape-bang-box-9000puffs-sweden-wholesale-price\/\" \/>\n<meta property=\"og:site_name\" content=\"vapebulkp.com\" \/>\n<meta property=\"article:modified_time\" content=\"2025-09-24T03:44:18+00:00\" \/>\n<meta property=\"og:image\" content=\"http:\/\/vapebulkp.com\/wp-content\/uploads\/2024\/02\/Good-Sale-Bang-Box-9000-puffs-Germany-8-1024x944.png\" \/>\n\t<meta property=\"og:image:width\" content=\"1024\" \/>\n\t<meta property=\"og:image:height\" content=\"944\" \/>\n\t<meta property=\"og:image:type\" content=\"image\/png\" \/>\n<meta name=\"twitter:card\" content=\"summary_large_image\" \/>\n<meta name=\"twitter:label1\" content=\"Est. reading time\" \/>\n\t<meta name=\"twitter:data1\" content=\"4 minutit\" \/>\n<script type=\"application\/ld+json\" class=\"yoast-schema-graph\">{\"@context\":\"https:\/\/schema.org\",\"@graph\":[{\"@type\":\"WebPage\",\"@id\":\"https:\/\/vapebulkp.com\/product\/good-vape-bang-box-9000puffs-sweden-wholesale-price\/\",\"url\":\"https:\/\/vapebulkp.com\/product\/good-vape-bang-box-9000puffs-sweden-wholesale-price\/\",\"name\":\"Good Vape Bang Box 9000Puffs Sweden Wholesale Price - vapebulkp.com\",\"isPartOf\":{\"@id\":\"https:\/\/vapebulkp.com\/#website\"},\"datePublished\":\"2024-02-23T07:39:29+00:00\",\"dateModified\":\"2025-09-24T03:44:18+00:00\",\"description\":\"Bang BOX 9000 boasts the smallest electronic cigarette device with the longest battery life. Its consistent taste is a distinctive feature that distinguishes it from other products on the market.\",\"breadcrumb\":{\"@id\":\"https:\/\/vapebulkp.com\/product\/good-vape-bang-box-9000puffs-sweden-wholesale-price\/#breadcrumb\"},\"inLanguage\":\"et\",\"potentialAction\":[{\"@type\":\"ReadAction\",\"target\":[\"https:\/\/vapebulkp.com\/product\/good-vape-bang-box-9000puffs-sweden-wholesale-price\/\"]}]},{\"@type\":\"BreadcrumbList\",\"@id\":\"https:\/\/vapebulkp.com\/product\/good-vape-bang-box-9000puffs-sweden-wholesale-price\/#breadcrumb\",\"itemListElement\":[{\"@type\":\"ListItem\",\"position\":1,\"name\":\"Home\",\"item\":\"https:\/\/vapebulkp.com\/\"},{\"@type\":\"ListItem\",\"position\":2,\"name\":\"Hot Trend Vapes\",\"item\":\"https:\/\/vapebulkp.com\/vape-shop\/\"},{\"@type\":\"ListItem\",\"position\":3,\"name\":\"Good Vape Bang Box 9000Puffs Sweden Wholesale Price\"}]},{\"@type\":\"WebSite\",\"@id\":\"https:\/\/vapebulkp.com\/#website\",\"url\":\"https:\/\/vapebulkp.com\/\",\"name\":\"vapebulkp.com\",\"description\":\"Buy Vape In Cheap Bulk Price Near you\",\"publisher\":{\"@id\":\"https:\/\/vapebulkp.com\/#organization\"},\"potentialAction\":[{\"@type\":\"SearchAction\",\"target\":{\"@type\":\"EntryPoint\",\"urlTemplate\":\"https:\/\/vapebulkp.com\/?s={search_term_string}\"},\"query-input\":\"required name=search_term_string\"}],\"inLanguage\":\"et\"},{\"@type\":\"Organization\",\"@id\":\"https:\/\/vapebulkp.com\/#organization\",\"name\":\"vapebulkp.com\",\"url\":\"https:\/\/vapebulkp.com\/\",\"logo\":{\"@type\":\"ImageObject\",\"inLanguage\":\"et\",\"@id\":\"https:\/\/vapebulkp.com\/#\/schema\/logo\/image\/\",\"url\":\"https:\/\/vapebulkp.com\/wp-content\/uploads\/2023\/09\/cropped-vapebulkp.png\",\"contentUrl\":\"https:\/\/vapebulkp.com\/wp-content\/uploads\/2023\/09\/cropped-vapebulkp.png\",\"width\":516,\"height\":163,\"caption\":\"vapebulkp.com\"},\"image\":{\"@id\":\"https:\/\/vapebulkp.com\/#\/schema\/logo\/image\/\"}}]}<\/script>\n<!-- \/ Yoast SEO plugin. -->","yoast_head_json":{"title":"Good Vape Bang Box 9000Puffs Sweden Wholesale Price - vapebulkp.com","description":"Bang BOX 9000 boasts the smallest electronic cigarette device with the longest battery life. Its consistent taste is a distinctive feature that distinguishes it from other products on the market.","robots":{"index":"index","follow":"follow","max-snippet":"max-snippet:-1","max-image-preview":"max-image-preview:large","max-video-preview":"max-video-preview:-1"},"canonical":"https:\/\/vapebulkp.com\/et\/product\/good-vape-bang-box-9000puffs-sweden-wholesale-price\/","og_locale":"et_EE","og_type":"article","og_title":"Good Vape Bang Box 9000Puffs Sweden Wholesale Price - vapebulkp.com","og_description":"Bang BOX 9000 boasts the smallest electronic cigarette device with the longest battery life. Its consistent taste is a distinctive feature that distinguishes it from other products on the market.","og_url":"https:\/\/vapebulkp.com\/et\/product\/good-vape-bang-box-9000puffs-sweden-wholesale-price\/","og_site_name":"vapebulkp.com","article_modified_time":"2025-09-24T03:44:18+00:00","og_image":[{"width":1024,"height":944,"url":"http:\/\/vapebulkp.com\/wp-content\/uploads\/2024\/02\/Good-Sale-Bang-Box-9000-puffs-Germany-8-1024x944.png","type":"image\/png"}],"twitter_card":"summary_large_image","twitter_misc":{"Est. reading time":"4 minutit"},"schema":{"@context":"https:\/\/schema.org","@graph":[{"@type":"WebPage","@id":"https:\/\/vapebulkp.com\/product\/good-vape-bang-box-9000puffs-sweden-wholesale-price\/","url":"https:\/\/vapebulkp.com\/product\/good-vape-bang-box-9000puffs-sweden-wholesale-price\/","name":"Good Vape Bang Box 9000Puffs Sweden Wholesale Price - vapebulkp.com","isPartOf":{"@id":"https:\/\/vapebulkp.com\/#website"},"datePublished":"2024-02-23T07:39:29+00:00","dateModified":"2025-09-24T03:44:18+00:00","description":"Bang BOX 9000 boasts the smallest electronic cigarette device with the longest battery life. Its consistent taste is a distinctive feature that distinguishes it from other products on the market.","breadcrumb":{"@id":"https:\/\/vapebulkp.com\/product\/good-vape-bang-box-9000puffs-sweden-wholesale-price\/#breadcrumb"},"inLanguage":"et","potentialAction":[{"@type":"ReadAction","target":["https:\/\/vapebulkp.com\/product\/good-vape-bang-box-9000puffs-sweden-wholesale-price\/"]}]},{"@type":"BreadcrumbList","@id":"https:\/\/vapebulkp.com\/product\/good-vape-bang-box-9000puffs-sweden-wholesale-price\/#breadcrumb","itemListElement":[{"@type":"ListItem","position":1,"name":"Home","item":"https:\/\/vapebulkp.com\/"},{"@type":"ListItem","position":2,"name":"Hot Trend Vapes","item":"https:\/\/vapebulkp.com\/vape-shop\/"},{"@type":"ListItem","position":3,"name":"Good Vape Bang Box 9000Puffs Sweden Wholesale Price"}]},{"@type":"WebSite","@id":"https:\/\/vapebulkp.com\/#website","url":"https:\/\/vapebulkp.com\/","name":"vapebulkp.com","description":"Buy Vape In Cheap Bulk Price Near you","publisher":{"@id":"https:\/\/vapebulkp.com\/#organization"},"potentialAction":[{"@type":"SearchAction","target":{"@type":"EntryPoint","urlTemplate":"https:\/\/vapebulkp.com\/?s={search_term_string}"},"query-input":"required name=search_term_string"}],"inLanguage":"et"},{"@type":"Organization","@id":"https:\/\/vapebulkp.com\/#organization","name":"vapebulkp.com","url":"https:\/\/vapebulkp.com\/","logo":{"@type":"ImageObject","inLanguage":"et","@id":"https:\/\/vapebulkp.com\/#\/schema\/logo\/image\/","url":"https:\/\/vapebulkp.com\/wp-content\/uploads\/2023\/09\/cropped-vapebulkp.png","contentUrl":"https:\/\/vapebulkp.com\/wp-content\/uploads\/2023\/09\/cropped-vapebulkp.png","width":516,"height":163,"caption":"vapebulkp.com"},"image":{"@id":"https:\/\/vapebulkp.com\/#\/schema\/logo\/image\/"}}]}},"uagb_featured_image_src":{"full":["https:\/\/vapebulkp.com\/wp-content\/uploads\/2024\/02\/Good-Sale-Bang-Box-9000-puffs-Germany-8.png",1903,1754,false],"thumbnail":["https:\/\/vapebulkp.com\/wp-content\/uploads\/2024\/02\/Good-Sale-Bang-Box-9000-puffs-Germany-8-150x150.png",150,150,true],"medium":["https:\/\/vapebulkp.com\/wp-content\/uploads\/2024\/02\/Good-Sale-Bang-Box-9000-puffs-Germany-8-300x277.png",300,277,true],"medium_large":["https:\/\/vapebulkp.com\/wp-content\/uploads\/2024\/02\/Good-Sale-Bang-Box-9000-puffs-Germany-8-768x708.png",768,708,true],"large":["https:\/\/vapebulkp.com\/wp-content\/uploads\/2024\/02\/Good-Sale-Bang-Box-9000-puffs-Germany-8-1024x944.png",1024,944,true],"1536x1536":["https:\/\/vapebulkp.com\/wp-content\/uploads\/2024\/02\/Good-Sale-Bang-Box-9000-puffs-Germany-8-1536x1416.png",1536,1416,true],"2048x2048":["https:\/\/vapebulkp.com\/wp-content\/uploads\/2024\/02\/Good-Sale-Bang-Box-9000-puffs-Germany-8.png",1903,1754,false],"trp-custom-language-flag":["https:\/\/vapebulkp.com\/wp-content\/uploads\/2024\/02\/Good-Sale-Bang-Box-9000-puffs-Germany-8.png",13,12,false],"woocommerce_thumbnail":["https:\/\/vapebulkp.com\/wp-content\/uploads\/2024\/02\/Good-Sale-Bang-Box-9000-puffs-Germany-8-300x300.png",300,300,true],"woocommerce_single":["https:\/\/vapebulkp.com\/wp-content\/uploads\/2024\/02\/Good-Sale-Bang-Box-9000-puffs-Germany-8-600x553.png",600,553,true],"woocommerce_gallery_thumbnail":["https:\/\/vapebulkp.com\/wp-content\/uploads\/2024\/02\/Good-Sale-Bang-Box-9000-puffs-Germany-8-100x100.png",100,100,true],"wcpr-photo-reviews":["https:\/\/vapebulkp.com\/wp-content\/uploads\/2024\/02\/Good-Sale-Bang-Box-9000-puffs-Germany-8.png",500,461,false]},"uagb_author_info":{"display_name":"Mandy vape bulk price","author_link":"https:\/\/vapebulkp.com\/et\/author\/"},"uagb_comment_info":0,"uagb_excerpt":"Bang BOX 9000 PUFFS boasts the smallest electronic cigarette device with the longest battery life. Its consistent taste is a distinctive feature that distinguishes it from other products on the market. Pls Contact Mandy's WhatsApp For Discount Price+8618077105796 NOTE: Prices on our website does not include shipping costs &nbsp;","_links":{"self":[{"href":"https:\/\/vapebulkp.com\/et\/wp-json\/wp\/v2\/product\/2066","targetHints":{"allow":["GET"]}}],"collection":[{"href":"https:\/\/vapebulkp.com\/et\/wp-json\/wp\/v2\/product"}],"about":[{"href":"https:\/\/vapebulkp.com\/et\/wp-json\/wp\/v2\/types\/product"}],"replies":[{"embeddable":true,"href":"https:\/\/vapebulkp.com\/et\/wp-json\/wp\/v2\/comments?post=2066"}],"wp:featuredmedia":[{"embeddable":true,"href":"https:\/\/vapebulkp.com\/et\/wp-json\/wp\/v2\/media\/2067"}],"wp:attachment":[{"href":"https:\/\/vapebulkp.com\/et\/wp-json\/wp\/v2\/media?parent=2066"}],"wp:term":[{"taxonomy":"product_cat","embeddable":true,"href":"https:\/\/vapebulkp.com\/et\/wp-json\/wp\/v2\/product_cat?post=2066"},{"taxonomy":"product_tag","embeddable":true,"href":"https:\/\/vapebulkp.com\/et\/wp-json\/wp\/v2\/product_tag?post=2066"}],"curies":[{"name":"wp","href":"https:\/\/api.w.org\/{rel}","templated":true}]}}