{"id":2106,"date":"2024-03-21T09:56:58","date_gmt":"2024-03-21T08:56:58","guid":{"rendered":"https:\/\/vapebulkp.com\/?post_type=product&#038;p=2106"},"modified":"2025-09-24T05:42:13","modified_gmt":"2025-09-24T03:42:13","slug":"bang-with-a-vape-18000-puffs-crown-bar-hot-vape","status":"publish","type":"product","link":"https:\/\/vapebulkp.com\/et\/product\/bang-with-a-vape-18000-puffs-crown-bar-hot-vape\/","title":{"rendered":"Bang koos vape'iga 18000 suitsu CROWN BAR kuum vape"},"content":{"rendered":"<h2 style=\"text-align: left\">Bang koos vape'iga 18000 suitsu CROWN BAR kuum vape<\/h2>\n<p data-start=\"280\" data-end=\"543\">Veip <strong data-start=\"284\" data-end=\"330\">Bang CROWN BAR 18000 t\u00f5mmet \u00fchekordselt kasutatav e-sigaret<\/strong> koondab endas suure mahutavuse, pehme maitse ja moodsa disaini, mis on kohandatud Euroopa veipijatele. Kuni <strong data-start=\"436\" data-end=\"452\">18 000 pahvi<\/strong>, paistab see silma kui usaldusv\u00e4\u00e4rne valik kasutajatele, kes soovivad nii vastupidavust kui ka esmaklassilist maitset.<\/p>\n<p data-start=\"545\" data-end=\"918\">See <strong data-start=\"550\" data-end=\"582\">laetav \u00fchekordselt kasutatav vape<\/strong> toiteallikaks on 650 mAh aku Type-C kiirlaadimise abil, tagades \u00fchtlase j\u00f5udluse minimaalse seisakuajaga. A <strong data-start=\"698\" data-end=\"716\">v\u00f5rgusilma m\u00e4hisega vape'iga<\/strong> s\u00fcsteem parandab maitse edastust ja auru tihedust, samas kui <strong data-start=\"778\" data-end=\"816\">reguleeritav \u00f5huvoolu \u00fchekordselt kasutatav e-sigaret<\/strong> funktsioon v\u00f5imaldab kasutajatel oma t\u00f5mmet peenh\u00e4\u00e4lestada \u2013 alates tihedast, tugevast t\u00f5mbest kuni kergema, avatuma sissehingamiseni.<\/p>\n<p data-start=\"920\" data-end=\"1289\">Eelnevalt t\u00e4idetud 20 ml kvaliteetse <strong data-start=\"957\" data-end=\"982\">nikotiinisoola veip EL<\/strong> valemiga, pakub see pehmet kurgul\u00f6\u00f6ki ja on saadaval 2% ja 5% nikotiinitugevusega. Intelligentne aku ja e-vedeliku indikaator muudab iga seansi ettearvatavaks ja stressivabaks. 16 viimistletud maitsega, ulatudes puuviljalistest segudest jahutava mentoolini, sobib see e-sigaret Euroopas erinevatele eelistustele.<\/p>\n<p data-start=\"1291\" data-end=\"1564\">Loodud kaasaskantavuse ja mugavuse jaoks, <strong data-start=\"1337\" data-end=\"1383\">Bang CROWN BAR <a href=\"https:\/\/vapebulkp.com\/et\/product-category\/18000-puffs-disposable-vape\/\">18000 pahviga \u00fchekordselt kasutatav e-sigaret<\/a><\/strong> ei ole mitte ainult tarbijate lemmik, vaid ka tugev valik <strong data-start=\"1445\" data-end=\"1470\">hulgim\u00fc\u00fck vape Eesti<\/strong>, pakkudes jaem\u00fc\u00fcjatele kasumlikku toodet, mis pakub nii j\u00f5udlust kui ka stiili.<\/p>\n<p><img decoding=\"async\" class=\"alignnone wp-image-2102\" src=\"http:\/\/vapebulkp.com\/wp-content\/uploads\/2024\/03\/Good-sale-vape-Bang-18000-puffs-top-sale-3.jpg\" alt=\"Hea m\u00fc\u00fck vape Bang 18000 puffs top m\u00fc\u00fck\" width=\"421\" height=\"561\" srcset=\"https:\/\/vapebulkp.com\/wp-content\/uploads\/2024\/03\/Good-sale-vape-Bang-18000-puffs-top-sale-3.jpg 1080w, https:\/\/vapebulkp.com\/wp-content\/uploads\/2024\/03\/Good-sale-vape-Bang-18000-puffs-top-sale-3-225x300.jpg 225w, https:\/\/vapebulkp.com\/wp-content\/uploads\/2024\/03\/Good-sale-vape-Bang-18000-puffs-top-sale-3-769x1024.jpg 769w, https:\/\/vapebulkp.com\/wp-content\/uploads\/2024\/03\/Good-sale-vape-Bang-18000-puffs-top-sale-3-768x1023.jpg 768w, https:\/\/vapebulkp.com\/wp-content\/uploads\/2024\/03\/Good-sale-vape-Bang-18000-puffs-top-sale-3-600x799.jpg 600w\" sizes=\"(max-width: 421px) 100vw, 421px\" \/><\/p>\n<h6>Soodushinna saamiseks v\u00f5tke \u00fchendust Mandy WhatsAppiga<a href=\"https:\/\/wa.me\/8618077105796\">+8618077105796<\/a><\/h6>\n<p><img decoding=\"async\" class=\"alignnone wp-image-2151\" src=\"http:\/\/vapebulkp.com\/wp-content\/uploads\/2024\/04\/Mandy-WhatsApp-Randm.jpg\" alt=\"Mandy WhatsAppi tutvustus\" width=\"324\" height=\"330\" \/><\/p>\n<h2>Arvasite, et soovite teada Bang 18000 t\u00f5mmet \u00fchekordselt kasutatavast e-sigaretist:<\/h2>\n<h5>1. Kuidas kasutada Bang 18k t\u00f5mmet e-sigareti pliiatsit?<\/h5>\n<p>Samm 1. Enne 18k puhvide kasutamist eemaldage kiletoru.<\/p>\n<p>2. samm. Oodake umbes 3 minutit, et mahl j\u00f5uaks spiraali sisse.<\/p>\n<p>3. samm. Nautige<\/p>\n<h5>2. KUIDAS LAADIDA \u00dcHEKORDSELT KASUTATAVAT E-SIGARET Bang 18k t\u00f5mmet SEADET?<\/h5>\n<p>Kiirlaadimise laadijaid ei saa kasutada, ja \u00fchekordselt kasutatavate e-sigarettide standardne ohutu v\u00f5imsus on 5V 1A.<\/p>\n<p>Iga laadimisaeg ei tohi \u00fcletada 1 tund ja ohutu laadimisaeg on pool tundi.<\/p>\n<p><span style=\"color: #ff6600\">M\u00e4rkus: ei tohi laadida terve \u00f6\u00f6!<\/span><\/p>\n<h5>3. Mis on Bang 18000 t\u00f5mmet e-sigareti e-vedeliku maht?<\/h5>\n<p>\u2014\u201320ml<\/p>\n<h5>4. Mitu t\u00f5mmet ma selle Bang 18000 t\u00f5mmet e-sigaretiga teha saan?<\/h5>\n<p>\u2014\u201318k T\u00f5mmet<\/p>\n<h3>Bang 18000 Puffs \u00fchekordse e-sigareti omadused:<\/h3>\n<ul>\n<li>T\u00f5mbeid: KUNI 18000 t\u00f5mmet<\/li>\n<li>\u00a0Vedelik: 20 ml eelt\u00e4idetud e-vedeliku kassett<\/li>\n<li>Nikotiin: 2\/5% Nikotiinisool<\/li>\n<li>\u00a0T\u00fc\u00fcbid: \u00dchekordne<\/li>\n<li>\u00a0650 mAh aku<\/li>\n<li>\u00a00.6 Mesh Coil, REGULEERITAV \u00d5HUVool<\/li>\n<li>\u00a0Type-c laetav<\/li>\n<li>\u00a0Saadaval 16 maitset<\/li>\n<\/ul>\n<p>&nbsp;<\/p>\n<h3><strong>Milline on parim Bang 18000 Puffs maitse?<\/strong><\/h3>\n<p>1.VIRSIK MANGO<br \/>\n2.HAPU \u00d5UN<br \/>\n3.VIINAMARI<br \/>\n4.TIIH\u00c4\u00c4L VERI<br \/>\n5. BLUEBERRY RASPBERRY<br \/>\n6.MUSTIKA VIINAMARI<br \/>\n7.SEGA PUUVILJAD<br \/>\n8.MAASIKAS, ARBUUS<br \/>\n9.MAASIKA KIIVI<br \/>\n10.MAASIKA MANGO<br \/>\n11.ANANASSI KOOKOS<br \/>\n12.M\u00dcNDIJ\u00c4\u00c4<br \/>\n13.ARBUUS<br \/>\n14.MUSTIKAJ\u00c4\u00c4<br \/>\n15.VIRSIKUJ\u00c4\u00c4<br \/>\n16.ARBUUSI N\u00c4RIMISKUMM<\/p>\n<p><a href=\"https:\/\/vapebulkp.com\/et\/product\/popular-randm-tornado-7000puffs-disposable-vape-best-price\/\"><span style=\"vertical-align: inherit\">RandM Tornado 7000 Puhvrit <\/span><\/a><\/p>\n<p><span style=\"vertical-align: inherit\">Leia rohkem tooteid, mis sulle meeldida v\u00f5iksid:<\/span><em><a href=\"https:\/\/wa.me\/8618077105796\"><span style=\"vertical-align: inherit\">\u00a0Osta kohe<\/span><\/a><\/em><\/p>\n<p><span style=\"vertical-align: inherit\">Teised e-sigaretid, mis sulle meeldida v\u00f5ivad:<\/span><a href=\"https:\/\/vapebulkp.com\/et\/product\/joymy-ultra15000puffs-best-disposable-vape-2023\/\"><span style=\"vertical-align: inherit\">JOYMY 15000 pahvi<\/span><\/a><span style=\"vertical-align: inherit\">\u3001<\/span><a href=\"https:\/\/vapebulkp.com\/et\/product\/wholesale-randm-tornado-9000-puffs-germany\/\"><span style=\"vertical-align: inherit\">RandM 9000 Pahvi<\/span><\/a><span style=\"vertical-align: inherit\">\/ <\/span><a href=\"https:\/\/vapebulkp.com\/et\/product\/bang-king-12000puffs\/\"><span style=\"vertical-align: inherit\">Bang King 12000 Mahvi<\/span><\/a><span style=\"vertical-align: inherit\">\/ <\/span><a href=\"https:\/\/vapebulkp.com\/et\/product\/wholesale-tornado-rum-bar-9000-puffs-sweden\/\"><span style=\"vertical-align: inherit\">Rumbar 9000 pahvi<\/span><\/a><\/p>\n<p><span style=\"vertical-align: inherit\">Erilise kujuga e-sigareti pudel:<\/span><a href=\"https:\/\/vapebulkp.com\/et\/product\/original-vape-bang-tn-12000-puffs-bang-vape\/\"><span style=\"vertical-align: inherit\"> Bang TN 12000 Puhviga<\/span><\/a><span style=\"vertical-align: inherit\">\/ <\/span><a href=\"https:\/\/vapebulkp.com\/et\/product\/popular-bang-king-10000-puffs-vape-good-price\/\"><span style=\"vertical-align: inherit\">\u00a0Bang King 10000 Puhangut <\/span><\/a><span style=\"vertical-align: inherit\">\/<\/span><a href=\"https:\/\/vapebulkp.com\/et\/product\/bang-tornado-12000-puffs-rechargeable-disposable-pod\/\"><span style=\"vertical-align: inherit\"> Bang Tornado 12000 Puhangut<\/span><\/a><\/p>\n<h5>Tootmise kvalifikatsioon:<\/h5>\n<p><img decoding=\"async\" class=\"alignnone size-full wp-image-1841\" src=\"http:\/\/vapebulkp.com\/wp-content\/uploads\/2023\/11\/Vape-production-process-2.jpeg\" alt=\"Veibi tootmisprotsess\" width=\"650\" height=\"434\" srcset=\"https:\/\/vapebulkp.com\/wp-content\/uploads\/2023\/11\/Vape-production-process-2.jpeg 650w, https:\/\/vapebulkp.com\/wp-content\/uploads\/2023\/11\/Vape-production-process-2-300x200.jpeg 300w, https:\/\/vapebulkp.com\/wp-content\/uploads\/2023\/11\/Vape-production-process-2-600x401.jpeg 600w\" sizes=\"(max-width: 650px) 100vw, 650px\" \/><\/p>\n<p><img decoding=\"async\" class=\"alignnone size-full wp-image-1843\" src=\"http:\/\/vapebulkp.com\/wp-content\/uploads\/2023\/11\/Vape-production-process.jpeg\" alt=\"Veibi tootmisprotsess\" width=\"641\" height=\"1026\" srcset=\"https:\/\/vapebulkp.com\/wp-content\/uploads\/2023\/11\/Vape-production-process.jpeg 641w, https:\/\/vapebulkp.com\/wp-content\/uploads\/2023\/11\/Vape-production-process-187x300.jpeg 187w, https:\/\/vapebulkp.com\/wp-content\/uploads\/2023\/11\/Vape-production-process-640x1024.jpeg 640w, https:\/\/vapebulkp.com\/wp-content\/uploads\/2023\/11\/Vape-production-process-600x960.jpeg 600w\" sizes=\"(max-width: 641px) 100vw, 641px\" \/><\/p>\n<h5>KKK:<\/h5>\n<p>K: Mis on Bang 18000 Puffs minimaalne tellimiskogus?<br \/>\nA: Minu tellimus on 100 tk.<br \/>\nK: Mis on tellitud vape'i tarneaeg?<br \/>\nV: Tavaliselt 10-15 p\u00e4eva p\u00e4rast v\u00e4ljasaatmist<br \/>\nK: Kui palju on saatmiskulu?V: Saatmiskaal s\u00f5ltub kaalust. Erinevatel kogustel on erinevad saatmiskulud, saatmiskulu kinnitamiseks v\u00f5tke meiega \u00fchendust.<\/p>\n<h4>Saatmisinfo:<\/h4>\n<p><span style=\"color: #ff6600\">Tootmisaeg: 5-10 t\u00f6\u00f6p\u00e4eva<\/span><br \/>\n<span style=\"color: #ff6600\">Saatmisaeg: 8-14 t\u00f6\u00f6p\u00e4eva<\/span><\/p>\n<p>K\u00f5ik meie poe tooted on 100% originaalsed ja autentsed, seega on v\u00f5ltsitud kaupade eest k\u00fcmnekordne h\u00fcvitis meie poe poliitika. Kasutame kaupade teile tarnimiseks logistikakanaleid nagu UPS\/DHL\/FEDEX\/DPD.<\/p>\n<p>Eestisse saadetud pakkide kohalej\u00f5udmine v\u00f5tab tavaliselt aega 10 t\u00f6\u00f6p\u00e4eva. Euroopa riikidesse saatmine v\u00f5tab tavaliselt aega 12 kuni 15 t\u00f6\u00f6p\u00e4eva. Uuendame logistikainfot teie jaoks reaalajas.<\/p>","protected":false},"excerpt":{"rendered":"<p>\u00c4sja turule toodud Bang with a vape 18000 t\u00f5mmet on omamist v\u00e4\u00e4rt!<\/p>\n<p>Soodushinna saamiseks v\u00f5tke \u00fchendust Mandy WhatsAppiga<a href=\"https:\/\/wa.me\/8618077105796\">+8618077105796<\/a><\/p>\n<p><img decoding=\"async\" class=\"alignnone wp-image-2151\" src=\"http:\/\/vapebulkp.com\/wp-content\/uploads\/2024\/04\/Mandy-WhatsApp-Randm.jpg\" alt=\"Mandy WhatsAppi tutvustus\" width=\"297\" height=\"316\" srcset=\"https:\/\/vapebulkp.com\/wp-content\/uploads\/2024\/04\/Mandy-WhatsApp-Randm.jpg 916w, https:\/\/vapebulkp.com\/wp-content\/uploads\/2024\/04\/Mandy-WhatsApp-Randm-282x300.jpg 282w, https:\/\/vapebulkp.com\/wp-content\/uploads\/2024\/04\/Mandy-WhatsApp-Randm-768x817.jpg 768w, https:\/\/vapebulkp.com\/wp-content\/uploads\/2024\/04\/Mandy-WhatsApp-Randm-600x638.jpg 600w\" sizes=\"(max-width: 297px) 100vw, 297px\" \/><\/p>\n<p><span style=\"color: #ff0000\">M\u00c4RKUS: Meie veebisaidi hinnad ei sisalda saatmiskulusid<\/span><\/p>\n<p>&nbsp;<\/p>","protected":false},"featured_media":2104,"comment_status":"open","ping_status":"closed","template":"","meta":{"_uag_custom_page_level_css":"","_lmt_disableupdate":"no","_lmt_disable":"","site-sidebar-layout":"default","site-content-layout":"content-boxed-container","ast-site-content-layout":"normal-width-container","site-content-style":"boxed","site-sidebar-style":"unboxed","ast-global-header-display":"","ast-banner-title-visibility":"","ast-main-header-display":"","ast-hfb-above-header-display":"","ast-hfb-below-header-display":"","ast-hfb-mobile-header-display":"","site-post-title":"","ast-breadcrumbs-content":"","ast-featured-img":"","footer-sml-layout":"","theme-transparent-header-meta":"default","adv-header-id-meta":"","stick-header-meta":"","header-above-stick-meta":"","header-main-stick-meta":"","header-below-stick-meta":"","astra-migrate-meta-layouts":"set","_joinchat":[]},"product_cat":[163,153,345,155,33,59,100,87,34,158,157,154,152,58,84,156,63,32],"product_tag":[111,36,37,41,40],"class_list":["post-2106","product","type-product","status-publish","has-post-thumbnail","hentry","product_cat-18000-puffs-disposable-vape","product_cat-hot-disposable-vapes","product_cat-bang-vapes","product_cat-belgium-hot-disposable-vapes","product_cat-france-vape-hot-sale","product_cat-germany-hot-disposable-vape","product_cat-germany-wholesale-vape-shop","product_cat-minimum-order-quantity-50pcs","product_cat-netherlands-vape-good-sale","product_cat-norway-hot-disposable-vapes","product_cat-poland-hot-disposable-vapes","product_cat-portugal-hot-disposable-vapes","product_cat-spain-hot-disposable-vapes","product_cat-sweden-hot-disposable-vape","product_cat-sweden-wholesale-vape","product_cat-switzerland-hot-disposable-vapes","product_cat-top-sale-disposable-vape","product_cat-vape-hot-sale-this-week","product_tag-18000puffs","product_tag-good-vape","product_tag-hot-sale-disposable-vape","product_tag-poland-hot-vape","product_tag-sweden-hot-vape","pa_brand-bang-king-vape","desktop-align-left","tablet-align-left","mobile-align-left"],"yoast_head":"<!-- This site is optimized with the Yoast SEO plugin v21.1 - https:\/\/yoast.com\/wordpress\/plugins\/seo\/ -->\n<title>Bang With A Vape 18000 puffs CROWN BAR Hot Vape - vapebulkp.com<\/title>\n<meta name=\"description\" content=\"Bang With A Vape 18000 puffs CROWN BAR Hot Vape, this disposable e-cigarette allows you to experience the unique e-cigarette flavor, and the new design will make you fall in love with it\" \/>\n<meta name=\"robots\" content=\"index, follow, max-snippet:-1, max-image-preview:large, max-video-preview:-1\" \/>\n<link rel=\"canonical\" href=\"https:\/\/vapebulkp.com\/et\/product\/bang-with-a-vape-18000-puffs-crown-bar-hot-vape\/\" \/>\n<meta property=\"og:locale\" content=\"et_EE\" \/>\n<meta property=\"og:type\" content=\"article\" \/>\n<meta property=\"og:title\" content=\"Bang With A Vape 18000 puffs CROWN BAR Hot Vape - vapebulkp.com\" \/>\n<meta property=\"og:description\" content=\"Bang With A Vape 18000 puffs CROWN BAR Hot Vape, this disposable e-cigarette allows you to experience the unique e-cigarette flavor, and the new design will make you fall in love with it\" \/>\n<meta property=\"og:url\" content=\"https:\/\/vapebulkp.com\/et\/product\/bang-with-a-vape-18000-puffs-crown-bar-hot-vape\/\" \/>\n<meta property=\"og:site_name\" content=\"vapebulkp.com\" \/>\n<meta property=\"article:modified_time\" content=\"2025-09-24T03:42:13+00:00\" \/>\n<meta property=\"og:image\" content=\"http:\/\/vapebulkp.com\/wp-content\/uploads\/2024\/03\/Good-sale-vape-Bang-18000-puffs-top-sale-5.jpg\" \/>\n\t<meta property=\"og:image:width\" content=\"1080\" \/>\n\t<meta property=\"og:image:height\" content=\"1555\" \/>\n\t<meta property=\"og:image:type\" content=\"image\/jpeg\" \/>\n<meta name=\"twitter:card\" content=\"summary_large_image\" \/>\n<meta name=\"twitter:label1\" content=\"Est. reading time\" \/>\n\t<meta name=\"twitter:data1\" content=\"4 minutit\" \/>\n<script type=\"application\/ld+json\" class=\"yoast-schema-graph\">{\"@context\":\"https:\/\/schema.org\",\"@graph\":[{\"@type\":\"WebPage\",\"@id\":\"https:\/\/vapebulkp.com\/product\/bang-with-a-vape-18000-puffs-crown-bar-hot-vape\/\",\"url\":\"https:\/\/vapebulkp.com\/product\/bang-with-a-vape-18000-puffs-crown-bar-hot-vape\/\",\"name\":\"Bang With A Vape 18000 puffs CROWN BAR Hot Vape - vapebulkp.com\",\"isPartOf\":{\"@id\":\"https:\/\/vapebulkp.com\/#website\"},\"datePublished\":\"2024-03-21T08:56:58+00:00\",\"dateModified\":\"2025-09-24T03:42:13+00:00\",\"description\":\"Bang With A Vape 18000 puffs CROWN BAR Hot Vape, this disposable e-cigarette allows you to experience the unique e-cigarette flavor, and the new design will make you fall in love with it\",\"breadcrumb\":{\"@id\":\"https:\/\/vapebulkp.com\/product\/bang-with-a-vape-18000-puffs-crown-bar-hot-vape\/#breadcrumb\"},\"inLanguage\":\"et\",\"potentialAction\":[{\"@type\":\"ReadAction\",\"target\":[\"https:\/\/vapebulkp.com\/product\/bang-with-a-vape-18000-puffs-crown-bar-hot-vape\/\"]}]},{\"@type\":\"BreadcrumbList\",\"@id\":\"https:\/\/vapebulkp.com\/product\/bang-with-a-vape-18000-puffs-crown-bar-hot-vape\/#breadcrumb\",\"itemListElement\":[{\"@type\":\"ListItem\",\"position\":1,\"name\":\"Home\",\"item\":\"https:\/\/vapebulkp.com\/\"},{\"@type\":\"ListItem\",\"position\":2,\"name\":\"Hot Trend Vapes\",\"item\":\"https:\/\/vapebulkp.com\/vape-shop\/\"},{\"@type\":\"ListItem\",\"position\":3,\"name\":\"Bang With A Vape 18000 puffs CROWN BAR Hot Vape\"}]},{\"@type\":\"WebSite\",\"@id\":\"https:\/\/vapebulkp.com\/#website\",\"url\":\"https:\/\/vapebulkp.com\/\",\"name\":\"vapebulkp.com\",\"description\":\"Buy Vape In Cheap Bulk Price Near you\",\"publisher\":{\"@id\":\"https:\/\/vapebulkp.com\/#organization\"},\"potentialAction\":[{\"@type\":\"SearchAction\",\"target\":{\"@type\":\"EntryPoint\",\"urlTemplate\":\"https:\/\/vapebulkp.com\/?s={search_term_string}\"},\"query-input\":\"required name=search_term_string\"}],\"inLanguage\":\"et\"},{\"@type\":\"Organization\",\"@id\":\"https:\/\/vapebulkp.com\/#organization\",\"name\":\"vapebulkp.com\",\"url\":\"https:\/\/vapebulkp.com\/\",\"logo\":{\"@type\":\"ImageObject\",\"inLanguage\":\"et\",\"@id\":\"https:\/\/vapebulkp.com\/#\/schema\/logo\/image\/\",\"url\":\"https:\/\/vapebulkp.com\/wp-content\/uploads\/2023\/09\/cropped-vapebulkp.png\",\"contentUrl\":\"https:\/\/vapebulkp.com\/wp-content\/uploads\/2023\/09\/cropped-vapebulkp.png\",\"width\":516,\"height\":163,\"caption\":\"vapebulkp.com\"},\"image\":{\"@id\":\"https:\/\/vapebulkp.com\/#\/schema\/logo\/image\/\"}}]}<\/script>\n<!-- \/ Yoast SEO plugin. -->","yoast_head_json":{"title":"Bang With A Vape 18000 puffs CROWN BAR Hot Vape - vapebulkp.com","description":"Bang With A Vape 18000 puffs CROWN BAR Hot Vape, this disposable e-cigarette allows you to experience the unique e-cigarette flavor, and the new design will make you fall in love with it","robots":{"index":"index","follow":"follow","max-snippet":"max-snippet:-1","max-image-preview":"max-image-preview:large","max-video-preview":"max-video-preview:-1"},"canonical":"https:\/\/vapebulkp.com\/et\/product\/bang-with-a-vape-18000-puffs-crown-bar-hot-vape\/","og_locale":"et_EE","og_type":"article","og_title":"Bang With A Vape 18000 puffs CROWN BAR Hot Vape - vapebulkp.com","og_description":"Bang With A Vape 18000 puffs CROWN BAR Hot Vape, this disposable e-cigarette allows you to experience the unique e-cigarette flavor, and the new design will make you fall in love with it","og_url":"https:\/\/vapebulkp.com\/et\/product\/bang-with-a-vape-18000-puffs-crown-bar-hot-vape\/","og_site_name":"vapebulkp.com","article_modified_time":"2025-09-24T03:42:13+00:00","og_image":[{"width":1080,"height":1555,"url":"http:\/\/vapebulkp.com\/wp-content\/uploads\/2024\/03\/Good-sale-vape-Bang-18000-puffs-top-sale-5.jpg","type":"image\/jpeg"}],"twitter_card":"summary_large_image","twitter_misc":{"Est. reading time":"4 minutit"},"schema":{"@context":"https:\/\/schema.org","@graph":[{"@type":"WebPage","@id":"https:\/\/vapebulkp.com\/product\/bang-with-a-vape-18000-puffs-crown-bar-hot-vape\/","url":"https:\/\/vapebulkp.com\/product\/bang-with-a-vape-18000-puffs-crown-bar-hot-vape\/","name":"Bang With A Vape 18000 puffs CROWN BAR Hot Vape - vapebulkp.com","isPartOf":{"@id":"https:\/\/vapebulkp.com\/#website"},"datePublished":"2024-03-21T08:56:58+00:00","dateModified":"2025-09-24T03:42:13+00:00","description":"Bang With A Vape 18000 puffs CROWN BAR Hot Vape, this disposable e-cigarette allows you to experience the unique e-cigarette flavor, and the new design will make you fall in love with it","breadcrumb":{"@id":"https:\/\/vapebulkp.com\/product\/bang-with-a-vape-18000-puffs-crown-bar-hot-vape\/#breadcrumb"},"inLanguage":"et","potentialAction":[{"@type":"ReadAction","target":["https:\/\/vapebulkp.com\/product\/bang-with-a-vape-18000-puffs-crown-bar-hot-vape\/"]}]},{"@type":"BreadcrumbList","@id":"https:\/\/vapebulkp.com\/product\/bang-with-a-vape-18000-puffs-crown-bar-hot-vape\/#breadcrumb","itemListElement":[{"@type":"ListItem","position":1,"name":"Home","item":"https:\/\/vapebulkp.com\/"},{"@type":"ListItem","position":2,"name":"Hot Trend Vapes","item":"https:\/\/vapebulkp.com\/vape-shop\/"},{"@type":"ListItem","position":3,"name":"Bang With A Vape 18000 puffs CROWN BAR Hot Vape"}]},{"@type":"WebSite","@id":"https:\/\/vapebulkp.com\/#website","url":"https:\/\/vapebulkp.com\/","name":"vapebulkp.com","description":"Buy Vape In Cheap Bulk Price Near you","publisher":{"@id":"https:\/\/vapebulkp.com\/#organization"},"potentialAction":[{"@type":"SearchAction","target":{"@type":"EntryPoint","urlTemplate":"https:\/\/vapebulkp.com\/?s={search_term_string}"},"query-input":"required name=search_term_string"}],"inLanguage":"et"},{"@type":"Organization","@id":"https:\/\/vapebulkp.com\/#organization","name":"vapebulkp.com","url":"https:\/\/vapebulkp.com\/","logo":{"@type":"ImageObject","inLanguage":"et","@id":"https:\/\/vapebulkp.com\/#\/schema\/logo\/image\/","url":"https:\/\/vapebulkp.com\/wp-content\/uploads\/2023\/09\/cropped-vapebulkp.png","contentUrl":"https:\/\/vapebulkp.com\/wp-content\/uploads\/2023\/09\/cropped-vapebulkp.png","width":516,"height":163,"caption":"vapebulkp.com"},"image":{"@id":"https:\/\/vapebulkp.com\/#\/schema\/logo\/image\/"}}]}},"uagb_featured_image_src":{"full":["https:\/\/vapebulkp.com\/wp-content\/uploads\/2024\/03\/Good-sale-vape-Bang-18000-puffs-top-sale-5.jpg",1080,1555,false],"thumbnail":["https:\/\/vapebulkp.com\/wp-content\/uploads\/2024\/03\/Good-sale-vape-Bang-18000-puffs-top-sale-5-150x150.jpg",150,150,true],"medium":["https:\/\/vapebulkp.com\/wp-content\/uploads\/2024\/03\/Good-sale-vape-Bang-18000-puffs-top-sale-5-208x300.jpg",208,300,true],"medium_large":["https:\/\/vapebulkp.com\/wp-content\/uploads\/2024\/03\/Good-sale-vape-Bang-18000-puffs-top-sale-5-768x1106.jpg",768,1106,true],"large":["https:\/\/vapebulkp.com\/wp-content\/uploads\/2024\/03\/Good-sale-vape-Bang-18000-puffs-top-sale-5-711x1024.jpg",711,1024,true],"1536x1536":["https:\/\/vapebulkp.com\/wp-content\/uploads\/2024\/03\/Good-sale-vape-Bang-18000-puffs-top-sale-5-1067x1536.jpg",1067,1536,true],"2048x2048":["https:\/\/vapebulkp.com\/wp-content\/uploads\/2024\/03\/Good-sale-vape-Bang-18000-puffs-top-sale-5.jpg",1080,1555,false],"trp-custom-language-flag":["https:\/\/vapebulkp.com\/wp-content\/uploads\/2024\/03\/Good-sale-vape-Bang-18000-puffs-top-sale-5.jpg",8,12,false],"woocommerce_thumbnail":["https:\/\/vapebulkp.com\/wp-content\/uploads\/2024\/03\/Good-sale-vape-Bang-18000-puffs-top-sale-5-300x300.jpg",300,300,true],"woocommerce_single":["https:\/\/vapebulkp.com\/wp-content\/uploads\/2024\/03\/Good-sale-vape-Bang-18000-puffs-top-sale-5-600x864.jpg",600,864,true],"woocommerce_gallery_thumbnail":["https:\/\/vapebulkp.com\/wp-content\/uploads\/2024\/03\/Good-sale-vape-Bang-18000-puffs-top-sale-5-100x100.jpg",100,100,true],"wcpr-photo-reviews":["https:\/\/vapebulkp.com\/wp-content\/uploads\/2024\/03\/Good-sale-vape-Bang-18000-puffs-top-sale-5.jpg",347,500,false]},"uagb_author_info":{"display_name":"Mandy vape bulk price","author_link":"https:\/\/vapebulkp.com\/et\/author\/"},"uagb_comment_info":2,"uagb_excerpt":"The newly launched Bang with a vape 18000 puffs is worth owning\uff01 Pls Contact Mandy's WhatsApp For Discount Price+8618077105796 NOTE: Prices on our website does not include shipping costs &nbsp;","_links":{"self":[{"href":"https:\/\/vapebulkp.com\/et\/wp-json\/wp\/v2\/product\/2106","targetHints":{"allow":["GET"]}}],"collection":[{"href":"https:\/\/vapebulkp.com\/et\/wp-json\/wp\/v2\/product"}],"about":[{"href":"https:\/\/vapebulkp.com\/et\/wp-json\/wp\/v2\/types\/product"}],"replies":[{"embeddable":true,"href":"https:\/\/vapebulkp.com\/et\/wp-json\/wp\/v2\/comments?post=2106"}],"wp:featuredmedia":[{"embeddable":true,"href":"https:\/\/vapebulkp.com\/et\/wp-json\/wp\/v2\/media\/2104"}],"wp:attachment":[{"href":"https:\/\/vapebulkp.com\/et\/wp-json\/wp\/v2\/media?parent=2106"}],"wp:term":[{"taxonomy":"product_cat","embeddable":true,"href":"https:\/\/vapebulkp.com\/et\/wp-json\/wp\/v2\/product_cat?post=2106"},{"taxonomy":"product_tag","embeddable":true,"href":"https:\/\/vapebulkp.com\/et\/wp-json\/wp\/v2\/product_tag?post=2106"}],"curies":[{"name":"wp","href":"https:\/\/api.w.org\/{rel}","templated":true}]}}