{"id":2152,"date":"2024-04-16T10:01:45","date_gmt":"2024-04-16T08:01:45","guid":{"rendered":"https:\/\/vapebulkp.com\/?post_type=product&#038;p=2152"},"modified":"2025-09-24T05:42:00","modified_gmt":"2025-09-24T03:42:00","slug":"good-vape-waspe-digital-box-12000-puffs-fumot-box-12k-puffs-wholeslae-price","status":"publish","type":"product","link":"https:\/\/vapebulkp.com\/et\/product\/good-vape-waspe-digital-box-12000-puffs-fumot-box-12k-puffs-wholeslae-price\/","title":{"rendered":"Good Vape WASPE Digital Box 12000 pahvi Fumot Box 12K pahvi hulgim\u00fc\u00fcgihinnaga"},"content":{"rendered":"<h2>Good Vape WASPE Digital Box 12000 pahvi Fumot Box 12K pahvi hulgim\u00fc\u00fcgihinnaga<\/h2>\n<p data-start=\"149\" data-end=\"463\">WASPE digiboks <strong>12000 pahviga \u00fchekordselt kasutatav e-sigaret<\/strong> pakub v\u00f5imsat j\u00f5udlust, rikkalikku maitset ja \u00fclimat mugavust Euroopa veipijatele. See <strong data-start=\"280\" data-end=\"312\">laetav \u00fchekordselt kasutatav vape<\/strong> on varustatud vastupidava 850 mAh akuga ja <strong data-start=\"359\" data-end=\"388\">C-t\u00fc\u00fcpi kiirlaadimisega vape<\/strong>, pakkudes katkematuid veipimisseansse ja vajaduse korral kiiret laadimist.<\/p>\n<p data-start=\"465\" data-end=\"742\">Sellel on 20 ml <strong data-start=\"482\" data-end=\"516\">kauakestev e-vedeliku maht<\/strong> ja t\u00e4ppistehnoloogia <strong data-start=\"542\" data-end=\"567\">v\u00f5rgusilmaga m\u00e4hisega vape-seade<\/strong>, see toodab \u00fchtlast ja tihedat auru \u00fchtlase maitsega algusest l\u00f5puni. 2% ja 5% nikotiinisoola valikud v\u00f5imaldavad kasutajatel kohandada oma l\u00f6\u00f6ki vastavalt isiklikele eelistustele.<\/p>\n<p data-start=\"744\" data-end=\"975\">Kompaktne ja kerge, <a href=\"https:\/\/vapebulkp.com\/et\/product-category\/12000-puffs-disposable-vape\/\"><strong data-start=\"773\" data-end=\"804\">12000 pahviga \u00fchekordselt kasutatav e-sigaret<\/strong><\/a> sobib ideaalselt liikvel olles veipimiseks, igap\u00e4evaseks kasutamiseks v\u00f5i hulgitellimusteks <strong data-start=\"868\" data-end=\"893\">hulgim\u00fc\u00fck vape Eesti<\/strong>, pakkudes igas seadmes esmaklassilist segu mugavusest, stiilist ja t\u00f6\u00f6kindlusest.<\/p>\n<h6 style=\"text-align: left\"><img decoding=\"async\" class=\"alignnone wp-image-2119\" src=\"http:\/\/vapebulkp.com\/wp-content\/uploads\/2024\/04\/Good-Sale-Vape-WASPE-Digital-box-12000-Puffs-6.jpg\" alt=\"Hea m\u00fc\u00fck Vape WASPE Digitaalne karp 12000 mahvi\" width=\"818\" height=\"491\" srcset=\"https:\/\/vapebulkp.com\/wp-content\/uploads\/2024\/04\/Good-Sale-Vape-WASPE-Digital-box-12000-Puffs-6.jpg 2500w, https:\/\/vapebulkp.com\/wp-content\/uploads\/2024\/04\/Good-Sale-Vape-WASPE-Digital-box-12000-Puffs-6-300x180.jpg 300w, https:\/\/vapebulkp.com\/wp-content\/uploads\/2024\/04\/Good-Sale-Vape-WASPE-Digital-box-12000-Puffs-6-1024x614.jpg 1024w, https:\/\/vapebulkp.com\/wp-content\/uploads\/2024\/04\/Good-Sale-Vape-WASPE-Digital-box-12000-Puffs-6-768x461.jpg 768w, https:\/\/vapebulkp.com\/wp-content\/uploads\/2024\/04\/Good-Sale-Vape-WASPE-Digital-box-12000-Puffs-6-1536x922.jpg 1536w, https:\/\/vapebulkp.com\/wp-content\/uploads\/2024\/04\/Good-Sale-Vape-WASPE-Digital-box-12000-Puffs-6-2048x1229.jpg 2048w, https:\/\/vapebulkp.com\/wp-content\/uploads\/2024\/04\/Good-Sale-Vape-WASPE-Digital-box-12000-Puffs-6-600x360.jpg 600w\" sizes=\"(max-width: 818px) 100vw, 818px\" \/><\/h6>\n<h6>Soodushinna saamiseks v\u00f5tke \u00fchendust Mandy WhatsAppiga<a href=\"https:\/\/wa.me\/8618077105796\">+8618077105796<\/a><\/h6>\n<p><img decoding=\"async\" class=\"alignnone wp-image-2151\" src=\"http:\/\/vapebulkp.com\/wp-content\/uploads\/2024\/04\/Mandy-WhatsApp-Randm.jpg\" alt=\"Mandy WhatsAppi tutvustus\" width=\"340\" height=\"361\" srcset=\"https:\/\/vapebulkp.com\/wp-content\/uploads\/2024\/04\/Mandy-WhatsApp-Randm.jpg 916w, https:\/\/vapebulkp.com\/wp-content\/uploads\/2024\/04\/Mandy-WhatsApp-Randm-282x300.jpg 282w, https:\/\/vapebulkp.com\/wp-content\/uploads\/2024\/04\/Mandy-WhatsApp-Randm-768x817.jpg 768w, https:\/\/vapebulkp.com\/wp-content\/uploads\/2024\/04\/Mandy-WhatsApp-Randm-600x638.jpg 600w\" sizes=\"(max-width: 340px) 100vw, 340px\" \/><\/p>\n<h2><span style=\"vertical-align: inherit\">Arvasin, et v\u00f5iksite teada saada nutikast vape WASPE Digital box 12000 Puffs kohta:<\/span><\/h2>\n<p>&nbsp;<\/p>\n<h5 class=\"style-scope ytd-watch-metadata\">1. Kuidas kasutada WASPE Digital Box 12K Puffs Vape Pen'i?<\/h5>\n<p>1. samm. Enne 12 000 puhviga kasutamist eemaldage plasttoru.<\/p>\n<p>2. samm. Oodake umbes 3 minutit, et mahl j\u00f5uaks spiraali sisse.<\/p>\n<p>3. samm. Nautige<\/p>\n<h5>2. KUIDAS LAADIDA \u00dcHEKORDSELT KASUTATAVAT VAPE WASPE Digital box 12k puff VAPE SEADET?<\/h5>\n<p>Kiirlaadimise laadijaid ei saa kasutada, ja \u00fchekordselt kasutatavate e-sigarettide standardne ohutu v\u00f5imsus on 5V 1A.<\/p>\n<p>Iga laadimisaeg ei tohi \u00fcletada 1 tund ja ohutu laadimisaeg on pool tundi.<\/p>\n<h5>3. MITU PAHVI ON WASPE Digital box 12000 \u00dcHEKORDSELT KASUTATAVAL VAPE'IL?<\/h5>\n<p>\u2014-12 000 puhvi<\/p>\n<p><span style=\"color: #ff6600\">M\u00e4rkus: ei tohi laadida terve \u00f6\u00f6!<\/span><\/p>\n<p>&nbsp;<\/p>\n<h3><strong><span style=\"vertical-align: inherit\">WASPE digiboksi 12000 mahvi spetsifikatsioon:<\/span><br \/>\n<\/strong><\/h3>\n<p>Aku: 850mAh (Type C)<br \/>\nMahutavus: 20 ml<br \/>\nKoil: 0.8 ohm v\u00f5rk<br \/>\nLigikaudne imemaht: 12000 pihustust<br \/>\nNikotiini tugevus: 21mg,51mg<br \/>\nMOQ: 100 tk<\/p>\n<h3><strong>Vape hulgim\u00fc\u00fck WASPE digiboks 12000 mahvi maitseid:<\/strong><\/h3>\n<p>1. Arbuisij\u00e4\u00e4<br \/>\n2. Viinamarjaj\u00e4\u00e4<br \/>\n3.Maasika arbuus<br \/>\n4. Marjasegu<br \/>\n5. Maasika s\u00f5\u00f5rikud<br \/>\n6. Mustika vaarikas<br \/>\n7. Arbuusi mango virsik<br \/>\n8. Maasika vaarika kirss<br \/>\n9. Sinine vaarika j\u00e4\u00e4<br \/>\n10. Punase veini pirnimahl<\/p>\n<p><a href=\"https:\/\/vapebulkp.com\/et\/product\/popular-randm-tornado-7000puffs-disposable-vape-best-price\/\">https:\/\/vapebulkp.com\/product\/popular-randm-tornado-7000puffs-disposable-vape-best-price\/<\/a><\/p>\n<p><span style=\"vertical-align: inherit\">Leia rohkem tooteid, mis sulle meeldida v\u00f5iksid:<\/span><em><a href=\"https:\/\/wa.me\/8618077105796\"><span style=\"vertical-align: inherit\">\u00a0Osta kohe<\/span><\/a><\/em><\/p>\n<p><span style=\"vertical-align: inherit\">Teised e-sigaretid, mis sulle meeldida v\u00f5ivad:<\/span><a href=\"https:\/\/vapebulkp.com\/et\/product\/good-sale-randm-tornado-10000-puffs-plus\/\"><span style=\"vertical-align: inherit\">RandM 10000 mahvi<\/span><\/a><span style=\"vertical-align: inherit\">\u3001 <\/span><a href=\"https:\/\/vapebulkp.com\/et\/product\/wholesale-randm-tornado-9000-puffs-germany\/\"><span style=\"vertical-align: inherit\">RandM Tornado 9000 Mahvi<\/span><\/a><span style=\"vertical-align: inherit\">\/ <\/span><a href=\"https:\/\/vapebulkp.com\/et\/product\/popular-bang-king-10000-puffs-vape-good-price\/\"><span style=\"vertical-align: inherit\">Bang King 10000 Mahvi<\/span><\/a><span style=\"vertical-align: inherit\">\/ <\/span><a href=\"https:\/\/vapebulkp.com\/et\/product\/bang-with-a-vape-18000-puffs-crown-bar-hot-vape\/\"><span style=\"vertical-align: inherit\">Bang King 18000 mahvi<\/span><\/a><\/p>\n<p><span style=\"vertical-align: inherit\">Erilise kujuga e-sigareti pudel:<\/span><a href=\"https:\/\/vapebulkp.com\/et\/product\/popular-kulx-10000puffs-disposable-vape-good-price\/\"><span style=\"vertical-align: inherit\">Kulx vape 10000 pihustust <\/span><\/a><span style=\"vertical-align: inherit\">\/ <\/span><a href=\"https:\/\/vapebulkp.com\/et\/product\/bang-20000-puffs-hot-vape-top-sale-vape\/\"><span style=\"vertical-align: inherit\">Bang 20000 mahvi <\/span><\/a><span style=\"vertical-align: inherit\">\/<\/span><a href=\"https:\/\/vapebulkp.com\/et\/product\/popular-vape-bang-king-15000-puffs-bang-vape\/\"><span style=\"vertical-align: inherit\">Bang King 15000 pahvi<\/span><\/a><\/p>\n<h4>Saatmisinfo:<\/h4>\n<p><span style=\"color: #ff6600\">Tootmisaeg: 5-10 t\u00f6\u00f6p\u00e4eva<\/span><br \/>\n<span style=\"color: #ff6600\">Saatmisaeg: 8-14 t\u00f6\u00f6p\u00e4eva<\/span><\/p>\n<p>K\u00f5ik meie poe tooted on 100% originaalsed ja autentsed, seega on v\u00f5ltsitud kaupade eest k\u00fcmnekordne h\u00fcvitis meie poe poliitika. Kasutame kaupade teile tarnimiseks logistikakanaleid nagu UPS\/DHL\/FEDEX\/DPD.<\/p>\n<p>Eestisse saadetud pakkide kohalej\u00f5udmine v\u00f5tab tavaliselt aega 10 t\u00f6\u00f6p\u00e4eva. Euroopa riikidesse saatmine v\u00f5tab tavaliselt aega 12 kuni 15 t\u00f6\u00f6p\u00e4eva. Uuendame logistikainfot teie jaoks reaalajas.<\/p>","protected":false},"excerpt":{"rendered":"<p>Selle n\u00e4dala hea m\u00fc\u00fcgi vape WASPE Digital Box 12000 puffs<\/p>\n<p>Hulgim\u00fc\u00fck Vape WASPE Digital box 12k Puffs<\/p>\n<p><img decoding=\"async\" class=\"alignnone wp-image-2151\" src=\"http:\/\/vapebulkp.com\/wp-content\/uploads\/2024\/04\/Mandy-WhatsApp-Randm.jpg\" alt=\"Mandy WhatsAppi tutvustus\" width=\"274\" height=\"291\" srcset=\"https:\/\/vapebulkp.com\/wp-content\/uploads\/2024\/04\/Mandy-WhatsApp-Randm.jpg 916w, https:\/\/vapebulkp.com\/wp-content\/uploads\/2024\/04\/Mandy-WhatsApp-Randm-282x300.jpg 282w, https:\/\/vapebulkp.com\/wp-content\/uploads\/2024\/04\/Mandy-WhatsApp-Randm-768x817.jpg 768w, https:\/\/vapebulkp.com\/wp-content\/uploads\/2024\/04\/Mandy-WhatsApp-Randm-600x638.jpg 600w\" sizes=\"(max-width: 274px) 100vw, 274px\" \/><\/p>\n<p>Soodushinna saamiseks v\u00f5tke \u00fchendust Mandy WhatsAppiga<a href=\"https:\/\/wa.me\/8618077105796\">+8618077105796<\/a><\/p>\n<p><span style=\"color: #ff0000\">M\u00c4RKUS: Meie veebisaidi hinnad ei sisalda saatmiskulusid<\/span><\/p>","protected":false},"featured_media":2342,"comment_status":"open","ping_status":"closed","template":"","meta":{"_uag_custom_page_level_css":"","_lmt_disableupdate":"no","_lmt_disable":"","site-sidebar-layout":"default","site-content-layout":"content-boxed-container","ast-site-content-layout":"normal-width-container","site-content-style":"boxed","site-sidebar-style":"unboxed","ast-global-header-display":"","ast-banner-title-visibility":"","ast-main-header-display":"","ast-hfb-above-header-display":"","ast-hfb-below-header-display":"","ast-hfb-mobile-header-display":"","site-post-title":"","ast-breadcrumbs-content":"","ast-featured-img":"","footer-sml-layout":"","theme-transparent-header-meta":"default","adv-header-id-meta":"","stick-header-meta":"","header-above-stick-meta":"","header-main-stick-meta":"","header-below-stick-meta":"","astra-migrate-meta-layouts":"set","_joinchat":[]},"product_cat":[166,153,155,33,59,100,34,158,157,154,152,58,84,156,63,32,365],"product_tag":[45,36,37,41,71,40],"class_list":["post-2152","product","type-product","status-publish","has-post-thumbnail","hentry","product_cat-12000-puffs-disposable-vape","product_cat-hot-disposable-vapes","product_cat-belgium-hot-disposable-vapes","product_cat-france-vape-hot-sale","product_cat-germany-hot-disposable-vape","product_cat-germany-wholesale-vape-shop","product_cat-netherlands-vape-good-sale","product_cat-norway-hot-disposable-vapes","product_cat-poland-hot-disposable-vapes","product_cat-portugal-hot-disposable-vapes","product_cat-spain-hot-disposable-vapes","product_cat-sweden-hot-disposable-vape","product_cat-sweden-wholesale-vape","product_cat-switzerland-hot-disposable-vapes","product_cat-top-sale-disposable-vape","product_cat-vape-hot-sale-this-week","product_cat-waspe-vape","product_tag-12000puffs-good-vape","product_tag-good-vape","product_tag-hot-sale-disposable-vape","product_tag-poland-hot-vape","product_tag-randm","product_tag-sweden-hot-vape","pa_brand-waspe-vape","desktop-align-left","tablet-align-left","mobile-align-left"],"yoast_head":"<!-- This site is optimized with the Yoast SEO plugin v21.1 - https:\/\/yoast.com\/wordpress\/plugins\/seo\/ -->\n<title>Good Vape WASPE Digital Box 12000 Puffs Fumot Box 12K Puffs Wholeslae Price - vapebulkp.com<\/title>\n<meta name=\"description\" content=\"The wholesale price vape WASPE Digital box 12000 puffs features a display on the face and a unique design that fits easily into your pocket or purse.\" \/>\n<meta name=\"robots\" content=\"index, follow, max-snippet:-1, max-image-preview:large, max-video-preview:-1\" \/>\n<link rel=\"canonical\" href=\"https:\/\/vapebulkp.com\/et\/product\/good-vape-waspe-digital-box-12000-puffs-fumot-box-12k-puffs-wholeslae-price\/\" \/>\n<meta property=\"og:locale\" content=\"et_EE\" \/>\n<meta property=\"og:type\" content=\"article\" \/>\n<meta property=\"og:title\" content=\"Good Vape WASPE Digital Box 12000 Puffs Fumot Box 12K Puffs Wholeslae Price - vapebulkp.com\" \/>\n<meta property=\"og:description\" content=\"The wholesale price vape WASPE Digital box 12000 puffs features a display on the face and a unique design that fits easily into your pocket or purse.\" \/>\n<meta property=\"og:url\" content=\"https:\/\/vapebulkp.com\/et\/product\/good-vape-waspe-digital-box-12000-puffs-fumot-box-12k-puffs-wholeslae-price\/\" \/>\n<meta property=\"og:site_name\" content=\"vapebulkp.com\" \/>\n<meta property=\"article:modified_time\" content=\"2025-09-24T03:42:00+00:00\" \/>\n<meta property=\"og:image\" content=\"http:\/\/vapebulkp.com\/wp-content\/uploads\/2024\/04\/Good-Sale-Vape-WASPE-Digital-Box-12000-puffs.png\" \/>\n\t<meta property=\"og:image:width\" content=\"525\" \/>\n\t<meta property=\"og:image:height\" content=\"757\" \/>\n\t<meta property=\"og:image:type\" content=\"image\/png\" \/>\n<meta name=\"twitter:card\" content=\"summary_large_image\" \/>\n<meta name=\"twitter:label1\" content=\"Est. reading time\" \/>\n\t<meta name=\"twitter:data1\" content=\"3 minutit\" \/>\n<script type=\"application\/ld+json\" class=\"yoast-schema-graph\">{\"@context\":\"https:\/\/schema.org\",\"@graph\":[{\"@type\":\"WebPage\",\"@id\":\"https:\/\/vapebulkp.com\/product\/good-vape-waspe-digital-box-12000-puffs-fumot-box-12k-puffs-wholeslae-price\/\",\"url\":\"https:\/\/vapebulkp.com\/product\/good-vape-waspe-digital-box-12000-puffs-fumot-box-12k-puffs-wholeslae-price\/\",\"name\":\"Good Vape WASPE Digital Box 12000 Puffs Fumot Box 12K Puffs Wholeslae Price - vapebulkp.com\",\"isPartOf\":{\"@id\":\"https:\/\/vapebulkp.com\/#website\"},\"datePublished\":\"2024-04-16T08:01:45+00:00\",\"dateModified\":\"2025-09-24T03:42:00+00:00\",\"description\":\"The wholesale price vape WASPE Digital box 12000 puffs features a display on the face and a unique design that fits easily into your pocket or purse.\",\"breadcrumb\":{\"@id\":\"https:\/\/vapebulkp.com\/product\/good-vape-waspe-digital-box-12000-puffs-fumot-box-12k-puffs-wholeslae-price\/#breadcrumb\"},\"inLanguage\":\"et\",\"potentialAction\":[{\"@type\":\"ReadAction\",\"target\":[\"https:\/\/vapebulkp.com\/product\/good-vape-waspe-digital-box-12000-puffs-fumot-box-12k-puffs-wholeslae-price\/\"]}]},{\"@type\":\"BreadcrumbList\",\"@id\":\"https:\/\/vapebulkp.com\/product\/good-vape-waspe-digital-box-12000-puffs-fumot-box-12k-puffs-wholeslae-price\/#breadcrumb\",\"itemListElement\":[{\"@type\":\"ListItem\",\"position\":1,\"name\":\"Home\",\"item\":\"https:\/\/vapebulkp.com\/\"},{\"@type\":\"ListItem\",\"position\":2,\"name\":\"Hot Trend Vapes\",\"item\":\"https:\/\/vapebulkp.com\/vape-shop\/\"},{\"@type\":\"ListItem\",\"position\":3,\"name\":\"Good Vape WASPE Digital Box 12000 Puffs Fumot Box 12K Puffs Wholeslae Price\"}]},{\"@type\":\"WebSite\",\"@id\":\"https:\/\/vapebulkp.com\/#website\",\"url\":\"https:\/\/vapebulkp.com\/\",\"name\":\"vapebulkp.com\",\"description\":\"Buy Vape In Cheap Bulk Price Near you\",\"publisher\":{\"@id\":\"https:\/\/vapebulkp.com\/#organization\"},\"potentialAction\":[{\"@type\":\"SearchAction\",\"target\":{\"@type\":\"EntryPoint\",\"urlTemplate\":\"https:\/\/vapebulkp.com\/?s={search_term_string}\"},\"query-input\":\"required name=search_term_string\"}],\"inLanguage\":\"et\"},{\"@type\":\"Organization\",\"@id\":\"https:\/\/vapebulkp.com\/#organization\",\"name\":\"vapebulkp.com\",\"url\":\"https:\/\/vapebulkp.com\/\",\"logo\":{\"@type\":\"ImageObject\",\"inLanguage\":\"et\",\"@id\":\"https:\/\/vapebulkp.com\/#\/schema\/logo\/image\/\",\"url\":\"https:\/\/vapebulkp.com\/wp-content\/uploads\/2023\/09\/cropped-vapebulkp.png\",\"contentUrl\":\"https:\/\/vapebulkp.com\/wp-content\/uploads\/2023\/09\/cropped-vapebulkp.png\",\"width\":516,\"height\":163,\"caption\":\"vapebulkp.com\"},\"image\":{\"@id\":\"https:\/\/vapebulkp.com\/#\/schema\/logo\/image\/\"}}]}<\/script>\n<!-- \/ Yoast SEO plugin. -->","yoast_head_json":{"title":"Good Vape WASPE Digital Box 12000 Puffs Fumot Box 12K Puffs Wholeslae Price - vapebulkp.com","description":"The wholesale price vape WASPE Digital box 12000 puffs features a display on the face and a unique design that fits easily into your pocket or purse.","robots":{"index":"index","follow":"follow","max-snippet":"max-snippet:-1","max-image-preview":"max-image-preview:large","max-video-preview":"max-video-preview:-1"},"canonical":"https:\/\/vapebulkp.com\/et\/product\/good-vape-waspe-digital-box-12000-puffs-fumot-box-12k-puffs-wholeslae-price\/","og_locale":"et_EE","og_type":"article","og_title":"Good Vape WASPE Digital Box 12000 Puffs Fumot Box 12K Puffs Wholeslae Price - vapebulkp.com","og_description":"The wholesale price vape WASPE Digital box 12000 puffs features a display on the face and a unique design that fits easily into your pocket or purse.","og_url":"https:\/\/vapebulkp.com\/et\/product\/good-vape-waspe-digital-box-12000-puffs-fumot-box-12k-puffs-wholeslae-price\/","og_site_name":"vapebulkp.com","article_modified_time":"2025-09-24T03:42:00+00:00","og_image":[{"width":525,"height":757,"url":"http:\/\/vapebulkp.com\/wp-content\/uploads\/2024\/04\/Good-Sale-Vape-WASPE-Digital-Box-12000-puffs.png","type":"image\/png"}],"twitter_card":"summary_large_image","twitter_misc":{"Est. reading time":"3 minutit"},"schema":{"@context":"https:\/\/schema.org","@graph":[{"@type":"WebPage","@id":"https:\/\/vapebulkp.com\/product\/good-vape-waspe-digital-box-12000-puffs-fumot-box-12k-puffs-wholeslae-price\/","url":"https:\/\/vapebulkp.com\/product\/good-vape-waspe-digital-box-12000-puffs-fumot-box-12k-puffs-wholeslae-price\/","name":"Good Vape WASPE Digital Box 12000 Puffs Fumot Box 12K Puffs Wholeslae Price - vapebulkp.com","isPartOf":{"@id":"https:\/\/vapebulkp.com\/#website"},"datePublished":"2024-04-16T08:01:45+00:00","dateModified":"2025-09-24T03:42:00+00:00","description":"The wholesale price vape WASPE Digital box 12000 puffs features a display on the face and a unique design that fits easily into your pocket or purse.","breadcrumb":{"@id":"https:\/\/vapebulkp.com\/product\/good-vape-waspe-digital-box-12000-puffs-fumot-box-12k-puffs-wholeslae-price\/#breadcrumb"},"inLanguage":"et","potentialAction":[{"@type":"ReadAction","target":["https:\/\/vapebulkp.com\/product\/good-vape-waspe-digital-box-12000-puffs-fumot-box-12k-puffs-wholeslae-price\/"]}]},{"@type":"BreadcrumbList","@id":"https:\/\/vapebulkp.com\/product\/good-vape-waspe-digital-box-12000-puffs-fumot-box-12k-puffs-wholeslae-price\/#breadcrumb","itemListElement":[{"@type":"ListItem","position":1,"name":"Home","item":"https:\/\/vapebulkp.com\/"},{"@type":"ListItem","position":2,"name":"Hot Trend Vapes","item":"https:\/\/vapebulkp.com\/vape-shop\/"},{"@type":"ListItem","position":3,"name":"Good Vape WASPE Digital Box 12000 Puffs Fumot Box 12K Puffs Wholeslae Price"}]},{"@type":"WebSite","@id":"https:\/\/vapebulkp.com\/#website","url":"https:\/\/vapebulkp.com\/","name":"vapebulkp.com","description":"Buy Vape In Cheap Bulk Price Near you","publisher":{"@id":"https:\/\/vapebulkp.com\/#organization"},"potentialAction":[{"@type":"SearchAction","target":{"@type":"EntryPoint","urlTemplate":"https:\/\/vapebulkp.com\/?s={search_term_string}"},"query-input":"required name=search_term_string"}],"inLanguage":"et"},{"@type":"Organization","@id":"https:\/\/vapebulkp.com\/#organization","name":"vapebulkp.com","url":"https:\/\/vapebulkp.com\/","logo":{"@type":"ImageObject","inLanguage":"et","@id":"https:\/\/vapebulkp.com\/#\/schema\/logo\/image\/","url":"https:\/\/vapebulkp.com\/wp-content\/uploads\/2023\/09\/cropped-vapebulkp.png","contentUrl":"https:\/\/vapebulkp.com\/wp-content\/uploads\/2023\/09\/cropped-vapebulkp.png","width":516,"height":163,"caption":"vapebulkp.com"},"image":{"@id":"https:\/\/vapebulkp.com\/#\/schema\/logo\/image\/"}}]}},"uagb_featured_image_src":{"full":["https:\/\/vapebulkp.com\/wp-content\/uploads\/2024\/04\/Good-Sale-Vape-WASPE-Digital-Box-12000-puffs.png",525,757,false],"thumbnail":["https:\/\/vapebulkp.com\/wp-content\/uploads\/2024\/04\/Good-Sale-Vape-WASPE-Digital-Box-12000-puffs-150x150.png",150,150,true],"medium":["https:\/\/vapebulkp.com\/wp-content\/uploads\/2024\/04\/Good-Sale-Vape-WASPE-Digital-Box-12000-puffs-208x300.png",208,300,true],"medium_large":["https:\/\/vapebulkp.com\/wp-content\/uploads\/2024\/04\/Good-Sale-Vape-WASPE-Digital-Box-12000-puffs.png",525,757,false],"large":["https:\/\/vapebulkp.com\/wp-content\/uploads\/2024\/04\/Good-Sale-Vape-WASPE-Digital-Box-12000-puffs.png",525,757,false],"1536x1536":["https:\/\/vapebulkp.com\/wp-content\/uploads\/2024\/04\/Good-Sale-Vape-WASPE-Digital-Box-12000-puffs.png",525,757,false],"2048x2048":["https:\/\/vapebulkp.com\/wp-content\/uploads\/2024\/04\/Good-Sale-Vape-WASPE-Digital-Box-12000-puffs.png",525,757,false],"trp-custom-language-flag":["https:\/\/vapebulkp.com\/wp-content\/uploads\/2024\/04\/Good-Sale-Vape-WASPE-Digital-Box-12000-puffs.png",8,12,false],"woocommerce_thumbnail":["https:\/\/vapebulkp.com\/wp-content\/uploads\/2024\/04\/Good-Sale-Vape-WASPE-Digital-Box-12000-puffs-300x300.png",300,300,true],"woocommerce_single":["https:\/\/vapebulkp.com\/wp-content\/uploads\/2024\/04\/Good-Sale-Vape-WASPE-Digital-Box-12000-puffs.png",525,757,false],"woocommerce_gallery_thumbnail":["https:\/\/vapebulkp.com\/wp-content\/uploads\/2024\/04\/Good-Sale-Vape-WASPE-Digital-Box-12000-puffs-100x100.png",100,100,true],"wcpr-photo-reviews":["https:\/\/vapebulkp.com\/wp-content\/uploads\/2024\/04\/Good-Sale-Vape-WASPE-Digital-Box-12000-puffs.png",347,500,false]},"uagb_author_info":{"display_name":"Mandy vape bulk price","author_link":"https:\/\/vapebulkp.com\/et\/author\/"},"uagb_comment_info":3,"uagb_excerpt":"Good sale vape WASPE Digital Box 12000 puffs this week Wholesale Vape WASPE Digital box 12k Puffs Pls Contact Mandy's WhatsApp For Discount Price+8618077105796 NOTE: Prices on our website does not include shipping costs","_links":{"self":[{"href":"https:\/\/vapebulkp.com\/et\/wp-json\/wp\/v2\/product\/2152","targetHints":{"allow":["GET"]}}],"collection":[{"href":"https:\/\/vapebulkp.com\/et\/wp-json\/wp\/v2\/product"}],"about":[{"href":"https:\/\/vapebulkp.com\/et\/wp-json\/wp\/v2\/types\/product"}],"replies":[{"embeddable":true,"href":"https:\/\/vapebulkp.com\/et\/wp-json\/wp\/v2\/comments?post=2152"}],"wp:featuredmedia":[{"embeddable":true,"href":"https:\/\/vapebulkp.com\/et\/wp-json\/wp\/v2\/media\/2342"}],"wp:attachment":[{"href":"https:\/\/vapebulkp.com\/et\/wp-json\/wp\/v2\/media?parent=2152"}],"wp:term":[{"taxonomy":"product_cat","embeddable":true,"href":"https:\/\/vapebulkp.com\/et\/wp-json\/wp\/v2\/product_cat?post=2152"},{"taxonomy":"product_tag","embeddable":true,"href":"https:\/\/vapebulkp.com\/et\/wp-json\/wp\/v2\/product_tag?post=2152"}],"curies":[{"name":"wp","href":"https:\/\/api.w.org\/{rel}","templated":true}]}}