{"id":2302,"date":"2024-04-24T11:32:17","date_gmt":"2024-04-24T09:32:17","guid":{"rendered":"https:\/\/vapebulkp.com\/?post_type=product&#038;p=2302"},"modified":"2025-09-01T11:34:40","modified_gmt":"2025-09-01T09:34:40","slug":"discount-price-bang-shisha-15k-puffs-jnr-shisha-disposable-vape","status":"publish","type":"product","link":"https:\/\/vapebulkp.com\/et\/product\/discount-price-bang-shisha-15k-puffs-jnr-shisha-disposable-vape\/","title":{"rendered":"Soodushinnaga Bang shisha 15k mahvi JNR shisha \u00fchekordne vape"},"content":{"rendered":"<h2>Soodushinnaga Bang shisha 15k mahvi JNR shisha \u00fchekordne vape<\/h2>\n<p data-start=\"159\" data-end=\"409\">Bang shisha 15k Puffs <strong data-start=\"163\" data-end=\"206\">\u00dchekordselt Kasutatav Vape<\/strong> pakub kauakestvat maitset ja mahedat auru Eesti veipimisentusiastidele. Mahuka 23 ml e-vedeliku mahutavusega pakub see kuni 15 000 pahvi, tagades pikema naudingu ilma katkestusteta.<\/p>\n<p data-start=\"411\" data-end=\"734\">Valige 20 hoolikalt valmistatud maitse hulgast, sealhulgas puuvilja segud, jahutavad m\u00fcndid ja rikkalikud magustoidu profiilid, mis on loodud vastama erinevatele eelistustele. Saadaval nikotiinisoola tugevustega 0%, 2%, 3% ja 5%, hulgim\u00fc\u00fck Vape <strong data-start=\"630\" data-end=\"673\">Bang Shisha 15k Puffs Vape Pen<\/strong> sobib nii m\u00f5\u00f5dukateks kui ka tugevamateks t\u00f5mmeteks igale veipijale.<\/p>\n<p data-start=\"736\" data-end=\"968\">Varustatud 600 mAh eellaetud akuga, on see \u00fchekordselt kasutatav e-sigaret igal ajal ja igal pool kasutamiseks valmis. Kompaktne ja kaasaskantav, see on pakendatud 10-osalisse vitriinkarpi, mis muudab selle ideaalseks hulgim\u00fc\u00fcgitellimusteks v\u00f5i hulgim\u00fc\u00fcgiks kogu Eestis.<\/p>\n<p data-start=\"970\" data-end=\"1211\">Ideaalne neile, kes hindavad mugavust, maitsevalikut ja esmaklassilist kvaliteeti, <strong data-start=\"1052\" data-end=\"1095\">Paugu vesipiip<a href=\"https:\/\/vapebulkp.com\/et\/product-category\/15000-puffs-disposable-vape\/\"> 15000 pahviga \u00fchekordselt kasutatav e-sigaret<\/a><\/strong> \u00fchendab suure mahutavusega j\u00f5udluse kaasaegse disainiga, muutes selle \u00fchekordselt kasutatavate e-sigarettide turul silmapaistvaks valikuks.<\/p>\n<p><img decoding=\"async\" class=\"alignnone wp-image-2300\" src=\"http:\/\/vapebulkp.com\/wp-content\/uploads\/2024\/04\/Original-Good-Sale-Vape-Bang-Shisha-15k.png\" alt=\"Originaal hea m\u00fc\u00fck Vape Bang Shisha 15k\" width=\"525\" height=\"525\" srcset=\"https:\/\/vapebulkp.com\/wp-content\/uploads\/2024\/04\/Original-Good-Sale-Vape-Bang-Shisha-15k.png 1060w, https:\/\/vapebulkp.com\/wp-content\/uploads\/2024\/04\/Original-Good-Sale-Vape-Bang-Shisha-15k-300x300.png 300w, https:\/\/vapebulkp.com\/wp-content\/uploads\/2024\/04\/Original-Good-Sale-Vape-Bang-Shisha-15k-1024x1024.png 1024w, https:\/\/vapebulkp.com\/wp-content\/uploads\/2024\/04\/Original-Good-Sale-Vape-Bang-Shisha-15k-150x150.png 150w, https:\/\/vapebulkp.com\/wp-content\/uploads\/2024\/04\/Original-Good-Sale-Vape-Bang-Shisha-15k-768x768.png 768w, https:\/\/vapebulkp.com\/wp-content\/uploads\/2024\/04\/Original-Good-Sale-Vape-Bang-Shisha-15k-600x600.png 600w, https:\/\/vapebulkp.com\/wp-content\/uploads\/2024\/04\/Original-Good-Sale-Vape-Bang-Shisha-15k-100x100.png 100w\" sizes=\"(max-width: 525px) 100vw, 525px\" \/><\/p>\n<h6 style=\"text-align: left\"><\/h6>\n<h6>Soodushinna saamiseks v\u00f5tke \u00fchendust Mandy WhatsAppiga<a href=\"https:\/\/wa.me\/8618077105796\">+8618077105796<\/a><\/h6>\n<p><img decoding=\"async\" class=\"alignnone wp-image-2151\" src=\"http:\/\/vapebulkp.com\/wp-content\/uploads\/2024\/04\/Mandy-WhatsApp-Randm.jpg\" alt=\"Mandy WhatsAppi tutvustus\" width=\"263\" height=\"280\" srcset=\"https:\/\/vapebulkp.com\/wp-content\/uploads\/2024\/04\/Mandy-WhatsApp-Randm.jpg 916w, https:\/\/vapebulkp.com\/wp-content\/uploads\/2024\/04\/Mandy-WhatsApp-Randm-282x300.jpg 282w, https:\/\/vapebulkp.com\/wp-content\/uploads\/2024\/04\/Mandy-WhatsApp-Randm-768x817.jpg 768w, https:\/\/vapebulkp.com\/wp-content\/uploads\/2024\/04\/Mandy-WhatsApp-Randm-600x638.jpg 600w\" sizes=\"(max-width: 263px) 100vw, 263px\" \/><\/p>\n<h2><span style=\"vertical-align: inherit\">Arvasime, et teile v\u00f5iks meeldida teada Bang shisha 15k Puff \u00fchekordselt kasutatava e-sigareti kohta:<\/span><\/h2>\n<p>&nbsp;<\/p>\n<h6 class=\"style-scope ytd-watch-metadata\">1. Kuidas kasutada JNR Bang shisha 15000 Puff Vape Pen-i?<\/h6>\n<p>1: Rebi avada suletud kott<br \/>\n2: Rebi maha kleebis<br \/>\n3: T\u00f5mba v\u00e4lja silikoonkork ja lase seista 10 min, siis saad seda kasutada<\/p>\n<h6>2. Kuidas laadida enimm\u00fc\u00fcdud \u00fchekordselt kasutatavat e-sigaretti Bang shisha 15000 Puffs?<\/h6>\n<p>Kiirlaadimise laadijaid ei saa kasutada, ja \u00fchekordselt kasutatavate e-sigarettide standardne ohutu v\u00f5imsus on 5V 1A.<\/p>\n<p>Iga laadimisaeg ei tohi \u00fcletada 1 tund ja ohutu laadimisaeg on pool tundi.<\/p>\n<h6>3. Mitu pahvi on Bang shisha 15000 Puffs \u00fchekordselt kasutataval e-sigaretil?<\/h6>\n<p>---15000 Pahvi<\/p>\n<p><span style=\"color: #ff6600\">M\u00e4rkus: ei tohi laadida terve \u00f6\u00f6!<\/span><\/p>\n<h6>4. Miks valida Bang Shisha 15000 Puffs?<\/h6>\n<ul>\n<li><strong>Mugavus<\/strong>: Ei ole vaja pidevalt t\u00e4ita ega laadida; Bang Shisha 15000 Puffs on loodud mugavuseks liikvel olles.<\/li>\n<li><strong>Maitsete Mitmekesisus<\/strong>: 20 erineva maitsega on iga pahv uus seiklus.<\/li>\n<li><strong>Pikaealisus<\/strong>: Nautige 15000 mahvi seadme kohta, mis tagab kauakestva naudingu.<\/li>\n<li><strong>Kohandamine<\/strong>: Kohandage oma kogemust erinevate nikotiinitugevustega vastavalt oma eelistustele.<\/li>\n<\/ul>\n<p>Kogege Bang Shisha 15000 Puffs e-sigarettide uut p\u00f5lvkonda. Olenemata sellest, kas l\u00f5\u00f5gastute kodus, olete v\u00e4ljas s\u00f5pradega v\u00f5i liikvel, on see seade teie kaaslane maitsvate ja rahuldustpakkuvate aurustamissessioonide jaoks. Uuendage oma aurutamism\u00e4ngu juba t\u00e4na Bang Shisha 15000 Puffsiga!<\/p>\n<p>&nbsp;<\/p>\n<h3>Hulgim\u00fc\u00fcgi Bang Shisha 15k Puffs Toote omadused:<\/h3>\n<p>Mudel: Bang SHISHA 15000 PUFFS<br \/>\nPahvid: 15000<br \/>\nAku mahutavus: 600mAh<br \/>\nE-vedeliku maht: 23ml<br \/>\nNikotiini sisaldus: 2%\/\/5% nikotiinisool<br \/>\nPakend: 10 t\u00fckki 1 esinduskarbis<br \/>\nMinimaalne tellimiskogus (MOQ): 50 t\u00fckki<\/p>\n<h5><strong>Mis on originaal Bang Shisha?<\/strong>\u00a015000 mahvi <strong>Maitsed?<\/strong><\/h5>\n<p>1, Mustika j\u00e4\u00e4<br \/>\n2, Sinine vaarika j\u00e4\u00e4<br \/>\n3, Kirsi arbuus<br \/>\n4, K\u00fclmutatud \u00f5un<br \/>\n5, Nektariin mentool<br \/>\n6, Mango banaan<br \/>\n7, Segatud marja j\u00e4\u00e4<br \/>\n8, Ananassi kookos<br \/>\n9, Punane marja j\u00e4\u00e4jook<br \/>\n10, Kiivi kannatuslill guaava<br \/>\n11, J\u00f5hvika viinamarja<br \/>\n12, Maasika j\u00e4\u00e4<br \/>\n13,Maasika-Kiivi<br \/>\n14,Maasika-Vaarika kommid<br \/>\n15,Arbuusi j\u00e4\u00e4<br \/>\n16,Mahlased virsikud<br \/>\n17,Armastus 66<br \/>\n18,Virsiku-mango<br \/>\n19,Punane S\u00f5nn<br \/>\n20,Arbuusi-maasika n\u00e4rimiskumm<\/p>\n<p><a href=\"https:\/\/vapebulkp.com\/et\/product\/popular-randm-tornado-7000puffs-disposable-vape-best-price\/\">Randm Tornado 7000 mahvi<\/a><\/p>\n<p><span style=\"vertical-align: inherit\">Leia rohkem tooteid, mis sulle meeldida v\u00f5iksid:<\/span><em><a href=\"https:\/\/wa.me\/8618077105796\"><span style=\"vertical-align: inherit\">\u00a0Osta kohe<\/span><\/a><\/em><\/p>\n<p><span style=\"vertical-align: inherit\">Teised e-sigaretid, mis sulle meeldida v\u00f5ivad:<\/span><a href=\"https:\/\/vapebulkp.com\/et\/product\/good-sale-randm-tornado-10000-puffs-plus\/\"><span style=\"vertical-align: inherit\">RandM 10000 Mahvi<\/span><\/a><span style=\"vertical-align: inherit\">\u201410 000 mahvi mahutavusega on see seade veipimishuviliste lemmik.<\/span><\/p>\n<p><a href=\"https:\/\/vapebulkp.com\/et\/product\/wholesale-randm-tornado-9000-puffs-germany\/\"><span style=\"vertical-align: inherit\">RandM Tornado 9000 Mahvi<\/span><\/a><span style=\"vertical-align: inherit\">\u2014K\u00f5ige populaarseima e-sigaretina pakub Randm 9000 mahvi, mida saad nautida.<\/span><\/p>\n<p><a href=\"https:\/\/vapebulkp.com\/et\/product\/bang-20000-puffs-hot-vape-top-sale-vape\/\"><span style=\"vertical-align: inherit\">Bang 20000 t\u00f5mmet<\/span><\/a><span style=\"vertical-align: inherit\">\u2014Bang King on populaarne kaubam\u00e4rk unikaalsete mudelite ja 20000 t\u00f5mbega<\/span><\/p>\n<p><a href=\"https:\/\/vapebulkp.com\/et\/product\/bang-king-12000puffs\/\"><span style=\"vertical-align: inherit\">Bang King 12000 Mahvi<\/span><\/a>\u2014Bang King 12000 mahvi on populaarne kaubam\u00e4rk oma ainulaadsete mudelite ja 12 000 mahviga, mis on veel \u00fcks valik sinu veipimisvajaduste parandamiseks.<\/p>\n<p><span style=\"vertical-align: inherit\">Erilise kujuga e-sigareti pudel:<\/span><a href=\"https:\/\/vapebulkp.com\/et\/product\/original-vape-bang-tn-12000-puffs-bang-vape\/\"><span style=\"vertical-align: inherit\">Bang TN 12000 Puhviga<\/span><\/a><span style=\"vertical-align: inherit\">\/ <\/span><a href=\"https:\/\/vapebulkp.com\/et\/product\/vapme-crystal-7000-puffs-original-vape-good-flavor\/\"><span style=\"vertical-align: inherit\">Crystal 7000 mahvi<\/span><\/a><span style=\"vertical-align: inherit\">\/<\/span><a href=\"https:\/\/vapebulkp.com\/et\/product\/top-sale-waspe-12000puffs-disposable-vape-wholesale-france\/\"><span style=\"vertical-align: inherit\">WASPE 12000 suitsu<\/span><\/a><\/p>\n<p>&nbsp;<\/p>\n<h4>Saatmisinfo:<\/h4>\n<p><span style=\"color: #ff6600\">Tootmisaeg: 5-10 t\u00f6\u00f6p\u00e4eva<\/span><br \/>\n<span style=\"color: #ff6600\">Saatmisaeg: 8-14 t\u00f6\u00f6p\u00e4eva<\/span><\/p>\n<p>K\u00f5ik meie poe tooted on 100% originaalsed ja autentsed, seega on v\u00f5ltsitud kaupade eest k\u00fcmnekordne h\u00fcvitis meie poe poliitika. Kasutame kaupade teile tarnimiseks logistikakanaleid nagu UPS\/DHL\/FEDEX\/DPD.<\/p>\n<p>Eestisse saadetud pakkide kohalej\u00f5udmine v\u00f5tab tavaliselt aega 10 t\u00f6\u00f6p\u00e4eva. Euroopa riikidesse saatmine v\u00f5tab tavaliselt aega 12 kuni 15 t\u00f6\u00f6p\u00e4eva. Uuendame logistikainfot teie jaoks reaalajas.<\/p>\n<p>V\u00f5ta meiega \u00fchendust ja me saame pakkuda sulle Hazebar 12000 mahvi ning viia sinu \u00e4ri uutele k\u00f5rgustele!<\/p>","protected":false},"excerpt":{"rendered":"<p>Hea hind Bang SHISHA 15000 PUFFS<\/p>\n<p>Bang Vape SHISHA 15000 PUFFS JNR Shisha<\/p>\n<p>Populaarne Bang shisha 15k Puffs enimm\u00fc\u00fcdud<\/p>\n<p><img decoding=\"async\" class=\"alignnone wp-image-2151\" src=\"http:\/\/vapebulkp.com\/wp-content\/uploads\/2024\/04\/Mandy-WhatsApp-Randm.jpg\" alt=\"Mandy WhatsAppi tutvustus\" width=\"238\" height=\"253\" srcset=\"https:\/\/vapebulkp.com\/wp-content\/uploads\/2024\/04\/Mandy-WhatsApp-Randm.jpg 916w, https:\/\/vapebulkp.com\/wp-content\/uploads\/2024\/04\/Mandy-WhatsApp-Randm-282x300.jpg 282w, https:\/\/vapebulkp.com\/wp-content\/uploads\/2024\/04\/Mandy-WhatsApp-Randm-768x817.jpg 768w, https:\/\/vapebulkp.com\/wp-content\/uploads\/2024\/04\/Mandy-WhatsApp-Randm-600x638.jpg 600w\" sizes=\"(max-width: 238px) 100vw, 238px\" \/><\/p>\n<p>Soodushinna saamiseks v\u00f5tke \u00fchendust Mandy WhatsAppiga<a href=\"https:\/\/wa.me\/8618077105796\">+8618077105796<\/a><\/p>\n<p><span style=\"color: #ff0000\">M\u00c4RKUS: Meie veebisaidi hinnad ei sisalda saatmiskulusid<\/span><\/p>","protected":false},"featured_media":2286,"comment_status":"open","ping_status":"closed","template":"","meta":{"_uag_custom_page_level_css":"","_lmt_disableupdate":"no","_lmt_disable":"","site-sidebar-layout":"default","site-content-layout":"content-boxed-container","ast-site-content-layout":"normal-width-container","site-content-style":"boxed","site-sidebar-style":"unboxed","ast-global-header-display":"","ast-banner-title-visibility":"","ast-main-header-display":"","ast-hfb-above-header-display":"","ast-hfb-below-header-display":"","ast-hfb-mobile-header-display":"","site-post-title":"","ast-breadcrumbs-content":"","ast-featured-img":"","footer-sml-layout":"","theme-transparent-header-meta":"default","adv-header-id-meta":"","stick-header-meta":"","header-above-stick-meta":"","header-main-stick-meta":"","header-below-stick-meta":"","astra-migrate-meta-layouts":"set","_joinchat":[]},"product_cat":[165,153,155,33,59,100,98,34,158,157,154,152,58,84,156,63,32],"product_tag":[77,36,37,91,105,41,71,40],"class_list":["post-2302","product","type-product","status-publish","has-post-thumbnail","hentry","product_cat-15000-puffs-disposable-vape","product_cat-hot-disposable-vapes","product_cat-belgium-hot-disposable-vapes","product_cat-france-vape-hot-sale","product_cat-germany-hot-disposable-vape","product_cat-germany-wholesale-vape-shop","product_cat-moq-100pcs","product_cat-netherlands-vape-good-sale","product_cat-norway-hot-disposable-vapes","product_cat-poland-hot-disposable-vapes","product_cat-portugal-hot-disposable-vapes","product_cat-spain-hot-disposable-vapes","product_cat-sweden-hot-disposable-vape","product_cat-sweden-wholesale-vape","product_cat-switzerland-hot-disposable-vapes","product_cat-top-sale-disposable-vape","product_cat-vape-hot-sale-this-week","product_tag-15000-puffs","product_tag-good-vape","product_tag-hot-sale-disposable-vape","product_tag-italy-hot-vape","product_tag-jnr","product_tag-poland-hot-vape","product_tag-randm","product_tag-sweden-hot-vape","pa_brand-bang-vape","desktop-align-left","tablet-align-left","mobile-align-left"],"yoast_head":"<!-- This site is optimized with the Yoast SEO plugin v21.1 - https:\/\/yoast.com\/wordpress\/plugins\/seo\/ -->\n<title>Discount Price Bang shisha 15k Puffs JNR shisha Disposable Vape - vapebulkp.com<\/title>\n<meta name=\"description\" content=\"With a powerful 600mAh battery, Bang Shisha 15000 Puffs Disposable Vape ensures long-lasting performance, allowing you to enjoy uninterrupted vaping sessions. Say goodbye to frequent recharging and hello to extended enjoyment.\" \/>\n<meta name=\"robots\" content=\"index, follow, max-snippet:-1, max-image-preview:large, max-video-preview:-1\" \/>\n<link rel=\"canonical\" href=\"https:\/\/vapebulkp.com\/et\/product\/discount-price-bang-shisha-15k-puffs-jnr-shisha-disposable-vape\/\" \/>\n<meta property=\"og:locale\" content=\"et_EE\" \/>\n<meta property=\"og:type\" content=\"article\" \/>\n<meta property=\"og:title\" content=\"Discount Price Bang shisha 15k Puffs JNR shisha Disposable Vape - vapebulkp.com\" \/>\n<meta property=\"og:description\" content=\"With a powerful 600mAh battery, Bang Shisha 15000 Puffs Disposable Vape ensures long-lasting performance, allowing you to enjoy uninterrupted vaping sessions. Say goodbye to frequent recharging and hello to extended enjoyment.\" \/>\n<meta property=\"og:url\" content=\"https:\/\/vapebulkp.com\/et\/product\/discount-price-bang-shisha-15k-puffs-jnr-shisha-disposable-vape\/\" \/>\n<meta property=\"og:site_name\" content=\"vapebulkp.com\" \/>\n<meta property=\"article:modified_time\" content=\"2025-09-01T09:34:40+00:00\" \/>\n<meta property=\"og:image\" content=\"http:\/\/vapebulkp.com\/wp-content\/uploads\/2024\/04\/Bang-shisha-15k-PUFFS-Vape-585x1024.png\" \/>\n\t<meta property=\"og:image:width\" content=\"585\" \/>\n\t<meta property=\"og:image:height\" content=\"1024\" \/>\n\t<meta property=\"og:image:type\" content=\"image\/png\" \/>\n<meta name=\"twitter:card\" content=\"summary_large_image\" \/>\n<meta name=\"twitter:label1\" content=\"Est. reading time\" \/>\n\t<meta name=\"twitter:data1\" content=\"4 minutit\" \/>\n<script type=\"application\/ld+json\" class=\"yoast-schema-graph\">{\"@context\":\"https:\/\/schema.org\",\"@graph\":[{\"@type\":\"WebPage\",\"@id\":\"https:\/\/vapebulkp.com\/product\/discount-price-bang-shisha-15k-puffs-jnr-shisha-disposable-vape\/\",\"url\":\"https:\/\/vapebulkp.com\/product\/discount-price-bang-shisha-15k-puffs-jnr-shisha-disposable-vape\/\",\"name\":\"Discount Price Bang shisha 15k Puffs JNR shisha Disposable Vape - vapebulkp.com\",\"isPartOf\":{\"@id\":\"https:\/\/vapebulkp.com\/#website\"},\"datePublished\":\"2024-04-24T09:32:17+00:00\",\"dateModified\":\"2025-09-01T09:34:40+00:00\",\"description\":\"With a powerful 600mAh battery, Bang Shisha 15000 Puffs Disposable Vape ensures long-lasting performance, allowing you to enjoy uninterrupted vaping sessions. Say goodbye to frequent recharging and hello to extended enjoyment.\",\"breadcrumb\":{\"@id\":\"https:\/\/vapebulkp.com\/product\/discount-price-bang-shisha-15k-puffs-jnr-shisha-disposable-vape\/#breadcrumb\"},\"inLanguage\":\"et\",\"potentialAction\":[{\"@type\":\"ReadAction\",\"target\":[\"https:\/\/vapebulkp.com\/product\/discount-price-bang-shisha-15k-puffs-jnr-shisha-disposable-vape\/\"]}]},{\"@type\":\"BreadcrumbList\",\"@id\":\"https:\/\/vapebulkp.com\/product\/discount-price-bang-shisha-15k-puffs-jnr-shisha-disposable-vape\/#breadcrumb\",\"itemListElement\":[{\"@type\":\"ListItem\",\"position\":1,\"name\":\"Home\",\"item\":\"https:\/\/vapebulkp.com\/\"},{\"@type\":\"ListItem\",\"position\":2,\"name\":\"Hot Trend Vapes\",\"item\":\"https:\/\/vapebulkp.com\/vape-shop\/\"},{\"@type\":\"ListItem\",\"position\":3,\"name\":\"Discount Price Bang shisha 15k Puffs JNR shisha Disposable Vape\"}]},{\"@type\":\"WebSite\",\"@id\":\"https:\/\/vapebulkp.com\/#website\",\"url\":\"https:\/\/vapebulkp.com\/\",\"name\":\"vapebulkp.com\",\"description\":\"Buy Vape In Cheap Bulk Price Near you\",\"publisher\":{\"@id\":\"https:\/\/vapebulkp.com\/#organization\"},\"potentialAction\":[{\"@type\":\"SearchAction\",\"target\":{\"@type\":\"EntryPoint\",\"urlTemplate\":\"https:\/\/vapebulkp.com\/?s={search_term_string}\"},\"query-input\":\"required name=search_term_string\"}],\"inLanguage\":\"et\"},{\"@type\":\"Organization\",\"@id\":\"https:\/\/vapebulkp.com\/#organization\",\"name\":\"vapebulkp.com\",\"url\":\"https:\/\/vapebulkp.com\/\",\"logo\":{\"@type\":\"ImageObject\",\"inLanguage\":\"et\",\"@id\":\"https:\/\/vapebulkp.com\/#\/schema\/logo\/image\/\",\"url\":\"https:\/\/vapebulkp.com\/wp-content\/uploads\/2023\/09\/cropped-vapebulkp.png\",\"contentUrl\":\"https:\/\/vapebulkp.com\/wp-content\/uploads\/2023\/09\/cropped-vapebulkp.png\",\"width\":516,\"height\":163,\"caption\":\"vapebulkp.com\"},\"image\":{\"@id\":\"https:\/\/vapebulkp.com\/#\/schema\/logo\/image\/\"}}]}<\/script>\n<!-- \/ Yoast SEO plugin. -->","yoast_head_json":{"title":"Discount Price Bang shisha 15k Puffs JNR shisha Disposable Vape - vapebulkp.com","description":"With a powerful 600mAh battery, Bang Shisha 15000 Puffs Disposable Vape ensures long-lasting performance, allowing you to enjoy uninterrupted vaping sessions. Say goodbye to frequent recharging and hello to extended enjoyment.","robots":{"index":"index","follow":"follow","max-snippet":"max-snippet:-1","max-image-preview":"max-image-preview:large","max-video-preview":"max-video-preview:-1"},"canonical":"https:\/\/vapebulkp.com\/et\/product\/discount-price-bang-shisha-15k-puffs-jnr-shisha-disposable-vape\/","og_locale":"et_EE","og_type":"article","og_title":"Discount Price Bang shisha 15k Puffs JNR shisha Disposable Vape - vapebulkp.com","og_description":"With a powerful 600mAh battery, Bang Shisha 15000 Puffs Disposable Vape ensures long-lasting performance, allowing you to enjoy uninterrupted vaping sessions. Say goodbye to frequent recharging and hello to extended enjoyment.","og_url":"https:\/\/vapebulkp.com\/et\/product\/discount-price-bang-shisha-15k-puffs-jnr-shisha-disposable-vape\/","og_site_name":"vapebulkp.com","article_modified_time":"2025-09-01T09:34:40+00:00","og_image":[{"width":585,"height":1024,"url":"http:\/\/vapebulkp.com\/wp-content\/uploads\/2024\/04\/Bang-shisha-15k-PUFFS-Vape-585x1024.png","type":"image\/png"}],"twitter_card":"summary_large_image","twitter_misc":{"Est. reading time":"4 minutit"},"schema":{"@context":"https:\/\/schema.org","@graph":[{"@type":"WebPage","@id":"https:\/\/vapebulkp.com\/product\/discount-price-bang-shisha-15k-puffs-jnr-shisha-disposable-vape\/","url":"https:\/\/vapebulkp.com\/product\/discount-price-bang-shisha-15k-puffs-jnr-shisha-disposable-vape\/","name":"Discount Price Bang shisha 15k Puffs JNR shisha Disposable Vape - vapebulkp.com","isPartOf":{"@id":"https:\/\/vapebulkp.com\/#website"},"datePublished":"2024-04-24T09:32:17+00:00","dateModified":"2025-09-01T09:34:40+00:00","description":"With a powerful 600mAh battery, Bang Shisha 15000 Puffs Disposable Vape ensures long-lasting performance, allowing you to enjoy uninterrupted vaping sessions. Say goodbye to frequent recharging and hello to extended enjoyment.","breadcrumb":{"@id":"https:\/\/vapebulkp.com\/product\/discount-price-bang-shisha-15k-puffs-jnr-shisha-disposable-vape\/#breadcrumb"},"inLanguage":"et","potentialAction":[{"@type":"ReadAction","target":["https:\/\/vapebulkp.com\/product\/discount-price-bang-shisha-15k-puffs-jnr-shisha-disposable-vape\/"]}]},{"@type":"BreadcrumbList","@id":"https:\/\/vapebulkp.com\/product\/discount-price-bang-shisha-15k-puffs-jnr-shisha-disposable-vape\/#breadcrumb","itemListElement":[{"@type":"ListItem","position":1,"name":"Home","item":"https:\/\/vapebulkp.com\/"},{"@type":"ListItem","position":2,"name":"Hot Trend Vapes","item":"https:\/\/vapebulkp.com\/vape-shop\/"},{"@type":"ListItem","position":3,"name":"Discount Price Bang shisha 15k Puffs JNR shisha Disposable Vape"}]},{"@type":"WebSite","@id":"https:\/\/vapebulkp.com\/#website","url":"https:\/\/vapebulkp.com\/","name":"vapebulkp.com","description":"Buy Vape In Cheap Bulk Price Near you","publisher":{"@id":"https:\/\/vapebulkp.com\/#organization"},"potentialAction":[{"@type":"SearchAction","target":{"@type":"EntryPoint","urlTemplate":"https:\/\/vapebulkp.com\/?s={search_term_string}"},"query-input":"required name=search_term_string"}],"inLanguage":"et"},{"@type":"Organization","@id":"https:\/\/vapebulkp.com\/#organization","name":"vapebulkp.com","url":"https:\/\/vapebulkp.com\/","logo":{"@type":"ImageObject","inLanguage":"et","@id":"https:\/\/vapebulkp.com\/#\/schema\/logo\/image\/","url":"https:\/\/vapebulkp.com\/wp-content\/uploads\/2023\/09\/cropped-vapebulkp.png","contentUrl":"https:\/\/vapebulkp.com\/wp-content\/uploads\/2023\/09\/cropped-vapebulkp.png","width":516,"height":163,"caption":"vapebulkp.com"},"image":{"@id":"https:\/\/vapebulkp.com\/#\/schema\/logo\/image\/"}}]}},"uagb_featured_image_src":{"full":["https:\/\/vapebulkp.com\/wp-content\/uploads\/2024\/04\/Bang-shisha-15k-PUFFS-Vape.png",900,1575,false],"thumbnail":["https:\/\/vapebulkp.com\/wp-content\/uploads\/2024\/04\/Bang-shisha-15k-PUFFS-Vape-150x150.png",150,150,true],"medium":["https:\/\/vapebulkp.com\/wp-content\/uploads\/2024\/04\/Bang-shisha-15k-PUFFS-Vape-171x300.png",171,300,true],"medium_large":["https:\/\/vapebulkp.com\/wp-content\/uploads\/2024\/04\/Bang-shisha-15k-PUFFS-Vape-768x1344.png",768,1344,true],"large":["https:\/\/vapebulkp.com\/wp-content\/uploads\/2024\/04\/Bang-shisha-15k-PUFFS-Vape-585x1024.png",585,1024,true],"1536x1536":["https:\/\/vapebulkp.com\/wp-content\/uploads\/2024\/04\/Bang-shisha-15k-PUFFS-Vape-878x1536.png",878,1536,true],"2048x2048":["https:\/\/vapebulkp.com\/wp-content\/uploads\/2024\/04\/Bang-shisha-15k-PUFFS-Vape.png",900,1575,false],"trp-custom-language-flag":["https:\/\/vapebulkp.com\/wp-content\/uploads\/2024\/04\/Bang-shisha-15k-PUFFS-Vape.png",7,12,false],"woocommerce_thumbnail":["https:\/\/vapebulkp.com\/wp-content\/uploads\/2024\/04\/Bang-shisha-15k-PUFFS-Vape-300x300.png",300,300,true],"woocommerce_single":["https:\/\/vapebulkp.com\/wp-content\/uploads\/2024\/04\/Bang-shisha-15k-PUFFS-Vape-600x1050.png",600,1050,true],"woocommerce_gallery_thumbnail":["https:\/\/vapebulkp.com\/wp-content\/uploads\/2024\/04\/Bang-shisha-15k-PUFFS-Vape-100x100.png",100,100,true],"wcpr-photo-reviews":["https:\/\/vapebulkp.com\/wp-content\/uploads\/2024\/04\/Bang-shisha-15k-PUFFS-Vape.png",286,500,false]},"uagb_author_info":{"display_name":"Mandy vape bulk price","author_link":"https:\/\/vapebulkp.com\/et\/author\/"},"uagb_comment_info":1,"uagb_excerpt":"Good\u00a0 Price Bang SHISHA 15000 PUFFS Bang Vape\u00a0 SHISHA 15000 PUFFS\u00a0 JNR Shisha Popular Bang\u00a0 shisha 15k Puffs top sale Pls Contact Mandy's WhatsApp For Discount Price+8618077105796 NOTE: Prices on our website does not include shipping costs","_links":{"self":[{"href":"https:\/\/vapebulkp.com\/et\/wp-json\/wp\/v2\/product\/2302","targetHints":{"allow":["GET"]}}],"collection":[{"href":"https:\/\/vapebulkp.com\/et\/wp-json\/wp\/v2\/product"}],"about":[{"href":"https:\/\/vapebulkp.com\/et\/wp-json\/wp\/v2\/types\/product"}],"replies":[{"embeddable":true,"href":"https:\/\/vapebulkp.com\/et\/wp-json\/wp\/v2\/comments?post=2302"}],"wp:featuredmedia":[{"embeddable":true,"href":"https:\/\/vapebulkp.com\/et\/wp-json\/wp\/v2\/media\/2286"}],"wp:attachment":[{"href":"https:\/\/vapebulkp.com\/et\/wp-json\/wp\/v2\/media?parent=2302"}],"wp:term":[{"taxonomy":"product_cat","embeddable":true,"href":"https:\/\/vapebulkp.com\/et\/wp-json\/wp\/v2\/product_cat?post=2302"},{"taxonomy":"product_tag","embeddable":true,"href":"https:\/\/vapebulkp.com\/et\/wp-json\/wp\/v2\/product_tag?post=2302"}],"curies":[{"name":"wp","href":"https:\/\/api.w.org\/{rel}","templated":true}]}}