{"id":2336,"date":"2024-04-28T08:11:05","date_gmt":"2024-04-28T06:11:05","guid":{"rendered":"https:\/\/vapebulkp.com\/?post_type=product&#038;p=2336"},"modified":"2025-09-17T10:34:35","modified_gmt":"2025-09-17T08:34:35","slug":"best-price-wga-crystal-pro-max-15k-puffs-original-vape","status":"publish","type":"product","link":"https:\/\/vapebulkp.com\/et\/product\/best-price-wga-crystal-pro-max-15k-puffs-original-vape\/","title":{"rendered":"Parim hind WGA Crystal Pro Max 15k pihustiga originaal vape"},"content":{"rendered":"<h2>Parim hind WGA Crystal Pro Max 15k pihustiga originaal vape<\/h2>\n<p data-start=\"170\" data-end=\"465\">Veip <strong data-start=\"174\" data-end=\"201\">WGA Crystal Pro Max 15k Puhangut<\/strong> on suure j\u00f5udlusega <a href=\"https:\/\/vapebulkp.com\/et\/product-category\/15000-puffs-disposable-vape\/\"><strong data-start=\"224\" data-end=\"255\">15000 pahviga \u00fchekordselt kasutatav e-sigaret<\/strong><\/a> loodud Euroopa veipimise entusiastidele, kes hindavad pikaajalist v\u00f5imsust ja esmaklassilist maitset. Disainitud <strong data-start=\"359\" data-end=\"383\">v\u00f5rgusilma spiraaltehnoloogiaga<\/strong>, see pakub sujuvat, tihedat auru ja \u00fchtlast maitset k\u00f5igi 15 000 pahvi jooksul.<\/p>\n<p data-start=\"467\" data-end=\"732\">See <strong data-start=\"472\" data-end=\"505\">suure mahutavusega \u00fchekordselt kasutatav vape<\/strong> omab 650 mAh akut, tagades pikad seansid katkestusteta. 30 hoolikalt valitud <strong data-start=\"609\" data-end=\"628\">esmaklassilise maitsega<\/strong>, alates jahutavast mentoolist ja v\u00e4rsketest puuviljadest kuni magustoidu-inspireeritud segudeni, rahuldab see iga maitset.<\/p>\n<p data-start=\"734\" data-end=\"1055\">Kompaktne ja <strong data-start=\"746\" data-end=\"765\">reisile sobiv<\/strong>, <strong data-start=\"771\" data-end=\"820\">WGA Crystal Pro Max 15k Puffs parim \u00fchekordne vape<\/strong> on kergesti kaasaskantav ja kasutusvalmis, ideaalne igap\u00e4evaseks kasutamiseks, seltskondlikeks kogunemisteks v\u00f5i liikvel olles veipimiseks. Kombineerides stiili, mugavust ja usaldusv\u00e4\u00e4rset j\u00f5udlust, on see esmaklassiline valik nii juhuslikele kui ka kogenud Euroopa veipijatele.<\/p>\n<p>&nbsp;<\/p>\n<h6 style=\"text-align: left\"><img decoding=\"async\" class=\"alignnone wp-image-2318\" src=\"http:\/\/vapebulkp.com\/wp-content\/uploads\/2024\/04\/WGA-crystal-Pro-Max-Extra-15k-puffs-France.png\" alt=\"WGA crystal Pro Max Extra 15k pahvi Eesti\" width=\"520\" height=\"641\" srcset=\"https:\/\/vapebulkp.com\/wp-content\/uploads\/2024\/04\/WGA-crystal-Pro-Max-Extra-15k-puffs-France.png 535w, https:\/\/vapebulkp.com\/wp-content\/uploads\/2024\/04\/WGA-crystal-Pro-Max-Extra-15k-puffs-France-244x300.png 244w\" sizes=\"(max-width: 520px) 100vw, 520px\" \/>\u3002<\/h6>\n<h6>Soodushinna saamiseks v\u00f5tke \u00fchendust Mandy WhatsAppiga<a href=\"https:\/\/wa.me\/8618077105796\">+8618077105796<\/a><\/h6>\n<p><img decoding=\"async\" class=\"alignnone wp-image-2151\" src=\"http:\/\/vapebulkp.com\/wp-content\/uploads\/2024\/04\/Mandy-WhatsApp-Randm.jpg\" alt=\"Mandy WhatsAppi tutvustus\" width=\"271\" height=\"289\" srcset=\"https:\/\/vapebulkp.com\/wp-content\/uploads\/2024\/04\/Mandy-WhatsApp-Randm.jpg 916w, https:\/\/vapebulkp.com\/wp-content\/uploads\/2024\/04\/Mandy-WhatsApp-Randm-282x300.jpg 282w, https:\/\/vapebulkp.com\/wp-content\/uploads\/2024\/04\/Mandy-WhatsApp-Randm-768x817.jpg 768w, https:\/\/vapebulkp.com\/wp-content\/uploads\/2024\/04\/Mandy-WhatsApp-Randm-600x638.jpg 600w\" sizes=\"(max-width: 271px) 100vw, 271px\" \/><\/p>\n<h2><span style=\"vertical-align: inherit\">Arvasime, et v\u00f5iksite teada WGA Crystal Pro Max Extra puff 15k Crystal Vapes kohta:<\/span><\/h2>\n<p>&nbsp;<\/p>\n<h6 class=\"style-scope ytd-watch-metadata\">1. Kuidas kasutada 15000 WGA Crystal Pro Max 15k Puffs Vape'i?<\/h6>\n<p>See WGA Crystal Pro Max Extra 15k pahviga \u00fchekordne e-sigaret kasutab \u00f5li-tuuma eraldamise tehnoloogiat, palun kasutage seda vastavalt juhistele.<br \/>\nJuhised:<br \/>\n1: Rebige toote pakend lahti<br \/>\n2: Rebige alumine kleebis \u00e4ra<br \/>\n3: Lase seista 3 minutit enne kasutamist.<\/p>\n<h6>2. Kuidas laadida WGA Crystal 15000 Puffs Crystal Vape'i:<\/h6>\n<p>Kiirlaadimise laadijaid ei saa kasutada, ja \u00fchekordselt kasutatavate e-sigarettide standardne ohutu v\u00f5imsus on 5V 1A.<\/p>\n<p>Iga laadimisaeg ei tohi \u00fcletada 1 tund ja ohutu laadimisaeg on pool tundi.<\/p>\n<p><span style=\"color: #ff6600\">M\u00e4rkus: ei tohi laadida terve \u00f6\u00f6!<\/span><\/p>\n<h6>3. Mis on WGA Crystal Pro Max Extra 15000 Puffs vape e-vedeliku maht?<\/h6>\n<p>\u2014\u201425ml<\/p>\n<h6>4. Kui kaua WGA Crystal Pro Max 15000 puffs vape kestab:<\/h6>\n<p>\u2014\u201315000 t\u00f5mmet<\/p>\n<h3 class=\"faqs-answer\"><\/h3>\n<h3><span style=\"vertical-align: inherit\">WGA Crystal Pro Max Extra 15000 Puffs spetsifikatsioon:<\/span><strong><br \/>\n<\/strong><\/h3>\n<ul>\n<li>Hea aku: 650mAh (Type C)<\/li>\n<li>Suur mahtuvus: 25ml<\/li>\n<li>Kvaliteetne spiraal: 0,8 oomi v\u00f5rk<\/li>\n<li>Kuni 15000 Puffs<\/li>\n<li>MTL Vaping ja Triple Mesh Coil<\/li>\n<li>Reguleeritav \u00f5huvool ja LED-ekraan<\/li>\n<li>Mugav ja kaasaskantav, kompaktne seade<\/li>\n<li>20mg (2%) nikotiini sisaldus<\/li>\n<\/ul>\n<h3>\u00a0Parimad vape WGA Crystal Pro Max Extra 15000 puffs maitsed:<\/h3>\n<p>&nbsp;<\/p>\n<p>1. Mullikirsid<br \/>\n2. Arbuisij\u00e4\u00e4<br \/>\n3. Kummikaru<br \/>\n4. Mustika-vaarikas<br \/>\n5. Sidruni-laim<br \/>\n6.Maasika j\u00e4\u00e4<br \/>\n7.Mustika hapu vaarikas<br \/>\n8.Sinise vaarika j\u00e4\u00e4<br \/>\n9.Kommikarp<br \/>\n10.Mustika kirsi j\u00f5hvikas<br \/>\n11. Kirsi j\u00e4\u00e4<br \/>\n12.Kolmekordne mango<br \/>\n13.Ananassi j\u00e4\u00e4<br \/>\n14.Banaani j\u00e4\u00e4<br \/>\n15.Suvine unistus<br \/>\n16.V\u00e4rske m\u00fcnt<br \/>\n17.Pohlad, mustikad, vaarikad<br \/>\n18.Mogu Mogu lit\u0161i<br \/>\n19.Maasika j\u00e4\u00e4tisepulk<br \/>\n20.Maasikas, kirss, n\u00e4ts<br \/>\n21.Oaas Slush<br \/>\n22.WGA Sinine<br \/>\n23.WGA Roosa<br \/>\n24.Prime Maasikas, Arbuus<br \/>\n25. Hubba Bubba<br \/>\n26.Mahlane virsik<br \/>\n27.Mustika j\u00e4\u00e4tisepulk<br \/>\n28.Maasikas, vaarikas, kirss, j\u00e4\u00e4<br \/>\n29.Pohlad, mustikad, vaarikad<br \/>\n30.Vaarikas, kirss, j\u00e4\u00e4<\/p>\n<p><a href=\"https:\/\/vapebulkp.com\/et\/product\/cloud-bar-tornado-9000puffs-randm-vape-original-vape\/\"><span style=\"vertical-align: inherit\">Hea m\u00fc\u00fck Vape Cloud Bar 9000 pahvi<\/span><\/a><\/p>\n<p><span style=\"vertical-align: inherit\">Leia rohkem tooteid, mis sulle meeldida v\u00f5iksid:<\/span><em><a href=\"https:\/\/wa.me\/8618077105796\"><span style=\"vertical-align: inherit\">\u00a0Osta kohe<\/span><\/a><\/em><\/p>\n<p><span style=\"vertical-align: inherit\">Teised e-sigaretid, mis sulle meeldida v\u00f5ivad:<\/span><a href=\"https:\/\/vapebulkp.com\/et\/product\/good-vape-jnr-shisha-15000-puffs-wholesale-vapme-shisha\/\"><span style=\"vertical-align: inherit\">JNR Vapme shisha 15000 pahvi<\/span><\/a><span style=\"vertical-align: inherit\">\u3001<\/span><a href=\"https:\/\/vapebulkp.com\/et\/product\/good-sale-randm-tornado-10000-puffs-plus\/\"><span style=\"vertical-align: inherit\">Randm 10000 pahvi<\/span><\/a><span style=\"vertical-align: inherit\">\/ <\/span><a href=\"https:\/\/vapebulkp.com\/et\/product\/popular-vape-bang-king-15000-puffs-bang-vape\/\"><span style=\"vertical-align: inherit\">Bang King 15000 pahvi<\/span><\/a><span style=\"vertical-align: inherit\">\/ <\/span><a href=\"https:\/\/vapebulkp.com\/et\/product\/popular-randm-tornado-7000puffs-disposable-vape-best-price\/\"><span style=\"vertical-align: inherit\">RandM Tornado 7000 T\u00f5mmet<\/span><\/a><\/p>\n<p><span style=\"vertical-align: inherit\">Erilise kujuga e-sigareti pudel:<\/span><a href=\"https:\/\/vapebulkp.com\/et\/product\/bang-tornado-12000-puffs-rechargeable-disposable-pod\/\"><span style=\"vertical-align: inherit\">Bang Tornado 12000 pahvi <\/span><\/a><span style=\"vertical-align: inherit\">\/ <\/span><a href=\"https:\/\/vapebulkp.com\/et\/product\/wholesale-tornado-rum-bar-9000-puffs-sweden\/\"><span style=\"vertical-align: inherit\">Rumbar 9000 pahvi<\/span><\/a><span style=\"vertical-align: inherit\">\/<\/span><a href=\"https:\/\/vapebulkp.com\/et\/product\/top-sale-waspe-12000puffs-disposable-vape-wholesale-france\/\"><span style=\"vertical-align: inherit\">WASPE 12000 suitsu<\/span><\/a><\/p>\n<h4>Tootmise kvalifikatsioon:<\/h4>\n<p><img decoding=\"async\" class=\"alignnone size-full wp-image-1841\" src=\"http:\/\/vapebulkp.com\/wp-content\/uploads\/2023\/11\/Vape-production-process-2.jpeg\" alt=\"Veibi tootmisprotsess\" width=\"650\" height=\"434\" srcset=\"https:\/\/vapebulkp.com\/wp-content\/uploads\/2023\/11\/Vape-production-process-2.jpeg 650w, https:\/\/vapebulkp.com\/wp-content\/uploads\/2023\/11\/Vape-production-process-2-300x200.jpeg 300w, https:\/\/vapebulkp.com\/wp-content\/uploads\/2023\/11\/Vape-production-process-2-600x401.jpeg 600w\" sizes=\"(max-width: 650px) 100vw, 650px\" \/><\/p>\n<p><img decoding=\"async\" class=\"alignnone size-full wp-image-1843\" src=\"http:\/\/vapebulkp.com\/wp-content\/uploads\/2023\/11\/Vape-production-process.jpeg\" alt=\"Veibi tootmisprotsess\" width=\"641\" height=\"1026\" srcset=\"https:\/\/vapebulkp.com\/wp-content\/uploads\/2023\/11\/Vape-production-process.jpeg 641w, https:\/\/vapebulkp.com\/wp-content\/uploads\/2023\/11\/Vape-production-process-187x300.jpeg 187w, https:\/\/vapebulkp.com\/wp-content\/uploads\/2023\/11\/Vape-production-process-640x1024.jpeg 640w, https:\/\/vapebulkp.com\/wp-content\/uploads\/2023\/11\/Vape-production-process-600x960.jpeg 600w\" sizes=\"(max-width: 641px) 100vw, 641px\" \/><\/p>\n<p>&nbsp;<\/p>\n<h4>Saatmisinfo:<\/h4>\n<p><span style=\"color: #ff6600\">Tootmisaeg: 5-10 t\u00f6\u00f6p\u00e4eva<\/span><br \/>\n<span style=\"color: #ff6600\">Saatmisaeg: 8-14 t\u00f6\u00f6p\u00e4eva<\/span><\/p>\n<p>K\u00f5ik meie poe tooted on 100% originaalsed ja autentsed, seega on v\u00f5ltsitud kaupade eest k\u00fcmnekordne h\u00fcvitis meie poe poliitika. Kasutame kaupade teile tarnimiseks logistikakanaleid nagu UPS\/DHL\/FEDEX\/DPD.<\/p>\n<p>Eestisse saadetud pakkide kohalej\u00f5udmine v\u00f5tab tavaliselt aega 10 t\u00f6\u00f6p\u00e4eva. Euroopa riikidesse saatmine v\u00f5tab tavaliselt aega 12 kuni 15 t\u00f6\u00f6p\u00e4eva. Uuendame logistikainfot teie jaoks reaalajas.<\/p>","protected":false},"excerpt":{"rendered":"<p>Parim m\u00fc\u00fck Vape WGA Crystal Pro Max 15k Puffs<\/p>\n<p>Soodushinna saamiseks v\u00f5tke \u00fchendust Mandy WhatsAppiga<a href=\"https:\/\/wa.me\/8618077105796\">+8618077105796<\/a><\/p>\n<p><img decoding=\"async\" class=\"alignnone wp-image-2151\" src=\"http:\/\/vapebulkp.com\/wp-content\/uploads\/2024\/04\/Mandy-WhatsApp-Randm.jpg\" alt=\"Mandy WhatsAppi tutvustus\" width=\"297\" height=\"316\" srcset=\"https:\/\/vapebulkp.com\/wp-content\/uploads\/2024\/04\/Mandy-WhatsApp-Randm.jpg 916w, https:\/\/vapebulkp.com\/wp-content\/uploads\/2024\/04\/Mandy-WhatsApp-Randm-282x300.jpg 282w, https:\/\/vapebulkp.com\/wp-content\/uploads\/2024\/04\/Mandy-WhatsApp-Randm-768x817.jpg 768w, https:\/\/vapebulkp.com\/wp-content\/uploads\/2024\/04\/Mandy-WhatsApp-Randm-600x638.jpg 600w\" sizes=\"(max-width: 297px) 100vw, 297px\" \/><\/p>\n<p><span style=\"color: #ff0000\">M\u00c4RKUS: Meie veebisaidi hinnad ei sisalda saatmiskulusid<\/span><\/p>\n<p>Peamine ostup\u00f5hjus<br \/>\n1. Suurep\u00e4rane kvaliteet ja v\u00f5rreldamatu j\u00f5udlus.<\/p>\n<p>2. Konkurentsiv\u00f5imeline hind ja kiire v\u00e4\u00e4rtus.<\/p>\n<p>3. Mitmed valikud ja \u00f5igeaegne kohaletoimetamine.<\/p>\n<p>4. Rahulolu pakkuv ostukogemus<\/p>","protected":false},"featured_media":2322,"comment_status":"open","ping_status":"closed","template":"","meta":{"_uag_custom_page_level_css":"","_lmt_disableupdate":"no","_lmt_disable":"","site-sidebar-layout":"default","site-content-layout":"content-boxed-container","ast-site-content-layout":"normal-width-container","site-content-style":"boxed","site-sidebar-style":"unboxed","ast-global-header-display":"","ast-banner-title-visibility":"","ast-main-header-display":"","ast-hfb-above-header-display":"","ast-hfb-below-header-display":"","ast-hfb-mobile-header-display":"","site-post-title":"","ast-breadcrumbs-content":"","ast-featured-img":"","footer-sml-layout":"","theme-transparent-header-meta":"default","adv-header-id-meta":"","stick-header-meta":"","header-above-stick-meta":"","header-main-stick-meta":"","header-below-stick-meta":"","astra-migrate-meta-layouts":"set","_joinchat":[]},"product_cat":[165,153,155,33,59,100,87,34,158,157,154,152,58,84,156,63,32,366],"product_tag":[77,36,37,41,75,40],"class_list":["post-2336","product","type-product","status-publish","has-post-thumbnail","hentry","product_cat-15000-puffs-disposable-vape","product_cat-hot-disposable-vapes","product_cat-belgium-hot-disposable-vapes","product_cat-france-vape-hot-sale","product_cat-germany-hot-disposable-vape","product_cat-germany-wholesale-vape-shop","product_cat-minimum-order-quantity-50pcs","product_cat-netherlands-vape-good-sale","product_cat-norway-hot-disposable-vapes","product_cat-poland-hot-disposable-vapes","product_cat-portugal-hot-disposable-vapes","product_cat-spain-hot-disposable-vapes","product_cat-sweden-hot-disposable-vape","product_cat-sweden-wholesale-vape","product_cat-switzerland-hot-disposable-vapes","product_cat-top-sale-disposable-vape","product_cat-vape-hot-sale-this-week","product_cat-wga-vape","product_tag-15000-puffs","product_tag-good-vape","product_tag-hot-sale-disposable-vape","product_tag-poland-hot-vape","product_tag-randm-vape-9000-puffs","product_tag-sweden-hot-vape","pa_brand-wga-vape","desktop-align-left","tablet-align-left","mobile-align-left"],"yoast_head":"<!-- This site is optimized with the Yoast SEO plugin v21.1 - https:\/\/yoast.com\/wordpress\/plugins\/seo\/ -->\n<title>Best Price WGA Crystal Pro Max 15k Puffs Original Vape - vapebulkp.com<\/title>\n<meta name=\"description\" content=\"Best Price WGA Crystal Pro Max 15k Puffs Original Vape , setting a new standard in disposable vaping. With an impressive puff count of 15,000 and a selection of 30 distinct flavors,\" \/>\n<meta name=\"robots\" content=\"index, follow, max-snippet:-1, max-image-preview:large, max-video-preview:-1\" \/>\n<link rel=\"canonical\" href=\"https:\/\/vapebulkp.com\/et\/product\/best-price-wga-crystal-pro-max-15k-puffs-original-vape\/\" \/>\n<meta property=\"og:locale\" content=\"et_EE\" \/>\n<meta property=\"og:type\" content=\"article\" \/>\n<meta property=\"og:title\" content=\"Best Price WGA Crystal Pro Max 15k Puffs Original Vape - vapebulkp.com\" \/>\n<meta property=\"og:description\" content=\"Best Price WGA Crystal Pro Max 15k Puffs Original Vape , setting a new standard in disposable vaping. With an impressive puff count of 15,000 and a selection of 30 distinct flavors,\" \/>\n<meta property=\"og:url\" content=\"https:\/\/vapebulkp.com\/et\/product\/best-price-wga-crystal-pro-max-15k-puffs-original-vape\/\" \/>\n<meta property=\"og:site_name\" content=\"vapebulkp.com\" \/>\n<meta property=\"article:modified_time\" content=\"2025-09-17T08:34:35+00:00\" \/>\n<meta property=\"og:image\" content=\"http:\/\/vapebulkp.com\/wp-content\/uploads\/2024\/04\/WGA-crystal-Pro-Max-Extra-15000-puff-Discount-Price-scaled.jpg\" \/>\n\t<meta property=\"og:image:width\" content=\"1922\" \/>\n\t<meta property=\"og:image:height\" content=\"2560\" \/>\n\t<meta property=\"og:image:type\" content=\"image\/jpeg\" \/>\n<meta name=\"twitter:card\" content=\"summary_large_image\" \/>\n<meta name=\"twitter:label1\" content=\"Est. reading time\" \/>\n\t<meta name=\"twitter:data1\" content=\"4 minutit\" \/>\n<script type=\"application\/ld+json\" class=\"yoast-schema-graph\">{\"@context\":\"https:\/\/schema.org\",\"@graph\":[{\"@type\":\"WebPage\",\"@id\":\"https:\/\/vapebulkp.com\/product\/best-price-wga-crystal-pro-max-15k-puffs-original-vape\/\",\"url\":\"https:\/\/vapebulkp.com\/product\/best-price-wga-crystal-pro-max-15k-puffs-original-vape\/\",\"name\":\"Best Price WGA Crystal Pro Max 15k Puffs Original Vape - vapebulkp.com\",\"isPartOf\":{\"@id\":\"https:\/\/vapebulkp.com\/#website\"},\"datePublished\":\"2024-04-28T06:11:05+00:00\",\"dateModified\":\"2025-09-17T08:34:35+00:00\",\"description\":\"Best Price WGA Crystal Pro Max 15k Puffs Original Vape , setting a new standard in disposable vaping. With an impressive puff count of 15,000 and a selection of 30 distinct flavors,\",\"breadcrumb\":{\"@id\":\"https:\/\/vapebulkp.com\/product\/best-price-wga-crystal-pro-max-15k-puffs-original-vape\/#breadcrumb\"},\"inLanguage\":\"et\",\"potentialAction\":[{\"@type\":\"ReadAction\",\"target\":[\"https:\/\/vapebulkp.com\/product\/best-price-wga-crystal-pro-max-15k-puffs-original-vape\/\"]}]},{\"@type\":\"BreadcrumbList\",\"@id\":\"https:\/\/vapebulkp.com\/product\/best-price-wga-crystal-pro-max-15k-puffs-original-vape\/#breadcrumb\",\"itemListElement\":[{\"@type\":\"ListItem\",\"position\":1,\"name\":\"Home\",\"item\":\"https:\/\/vapebulkp.com\/\"},{\"@type\":\"ListItem\",\"position\":2,\"name\":\"Hot Trend Vapes\",\"item\":\"https:\/\/vapebulkp.com\/vape-shop\/\"},{\"@type\":\"ListItem\",\"position\":3,\"name\":\"Best Price WGA Crystal Pro Max 15k Puffs Original Vape\"}]},{\"@type\":\"WebSite\",\"@id\":\"https:\/\/vapebulkp.com\/#website\",\"url\":\"https:\/\/vapebulkp.com\/\",\"name\":\"vapebulkp.com\",\"description\":\"Buy Vape In Cheap Bulk Price Near you\",\"publisher\":{\"@id\":\"https:\/\/vapebulkp.com\/#organization\"},\"potentialAction\":[{\"@type\":\"SearchAction\",\"target\":{\"@type\":\"EntryPoint\",\"urlTemplate\":\"https:\/\/vapebulkp.com\/?s={search_term_string}\"},\"query-input\":\"required name=search_term_string\"}],\"inLanguage\":\"et\"},{\"@type\":\"Organization\",\"@id\":\"https:\/\/vapebulkp.com\/#organization\",\"name\":\"vapebulkp.com\",\"url\":\"https:\/\/vapebulkp.com\/\",\"logo\":{\"@type\":\"ImageObject\",\"inLanguage\":\"et\",\"@id\":\"https:\/\/vapebulkp.com\/#\/schema\/logo\/image\/\",\"url\":\"https:\/\/vapebulkp.com\/wp-content\/uploads\/2023\/09\/cropped-vapebulkp.png\",\"contentUrl\":\"https:\/\/vapebulkp.com\/wp-content\/uploads\/2023\/09\/cropped-vapebulkp.png\",\"width\":516,\"height\":163,\"caption\":\"vapebulkp.com\"},\"image\":{\"@id\":\"https:\/\/vapebulkp.com\/#\/schema\/logo\/image\/\"}}]}<\/script>\n<!-- \/ Yoast SEO plugin. -->","yoast_head_json":{"title":"Best Price WGA Crystal Pro Max 15k Puffs Original Vape - vapebulkp.com","description":"Best Price WGA Crystal Pro Max 15k Puffs Original Vape , setting a new standard in disposable vaping. With an impressive puff count of 15,000 and a selection of 30 distinct flavors,","robots":{"index":"index","follow":"follow","max-snippet":"max-snippet:-1","max-image-preview":"max-image-preview:large","max-video-preview":"max-video-preview:-1"},"canonical":"https:\/\/vapebulkp.com\/et\/product\/best-price-wga-crystal-pro-max-15k-puffs-original-vape\/","og_locale":"et_EE","og_type":"article","og_title":"Best Price WGA Crystal Pro Max 15k Puffs Original Vape - vapebulkp.com","og_description":"Best Price WGA Crystal Pro Max 15k Puffs Original Vape , setting a new standard in disposable vaping. With an impressive puff count of 15,000 and a selection of 30 distinct flavors,","og_url":"https:\/\/vapebulkp.com\/et\/product\/best-price-wga-crystal-pro-max-15k-puffs-original-vape\/","og_site_name":"vapebulkp.com","article_modified_time":"2025-09-17T08:34:35+00:00","og_image":[{"width":1922,"height":2560,"url":"http:\/\/vapebulkp.com\/wp-content\/uploads\/2024\/04\/WGA-crystal-Pro-Max-Extra-15000-puff-Discount-Price-scaled.jpg","type":"image\/jpeg"}],"twitter_card":"summary_large_image","twitter_misc":{"Est. reading time":"4 minutit"},"schema":{"@context":"https:\/\/schema.org","@graph":[{"@type":"WebPage","@id":"https:\/\/vapebulkp.com\/product\/best-price-wga-crystal-pro-max-15k-puffs-original-vape\/","url":"https:\/\/vapebulkp.com\/product\/best-price-wga-crystal-pro-max-15k-puffs-original-vape\/","name":"Best Price WGA Crystal Pro Max 15k Puffs Original Vape - vapebulkp.com","isPartOf":{"@id":"https:\/\/vapebulkp.com\/#website"},"datePublished":"2024-04-28T06:11:05+00:00","dateModified":"2025-09-17T08:34:35+00:00","description":"Best Price WGA Crystal Pro Max 15k Puffs Original Vape , setting a new standard in disposable vaping. With an impressive puff count of 15,000 and a selection of 30 distinct flavors,","breadcrumb":{"@id":"https:\/\/vapebulkp.com\/product\/best-price-wga-crystal-pro-max-15k-puffs-original-vape\/#breadcrumb"},"inLanguage":"et","potentialAction":[{"@type":"ReadAction","target":["https:\/\/vapebulkp.com\/product\/best-price-wga-crystal-pro-max-15k-puffs-original-vape\/"]}]},{"@type":"BreadcrumbList","@id":"https:\/\/vapebulkp.com\/product\/best-price-wga-crystal-pro-max-15k-puffs-original-vape\/#breadcrumb","itemListElement":[{"@type":"ListItem","position":1,"name":"Home","item":"https:\/\/vapebulkp.com\/"},{"@type":"ListItem","position":2,"name":"Hot Trend Vapes","item":"https:\/\/vapebulkp.com\/vape-shop\/"},{"@type":"ListItem","position":3,"name":"Best Price WGA Crystal Pro Max 15k Puffs Original Vape"}]},{"@type":"WebSite","@id":"https:\/\/vapebulkp.com\/#website","url":"https:\/\/vapebulkp.com\/","name":"vapebulkp.com","description":"Buy Vape In Cheap Bulk Price Near you","publisher":{"@id":"https:\/\/vapebulkp.com\/#organization"},"potentialAction":[{"@type":"SearchAction","target":{"@type":"EntryPoint","urlTemplate":"https:\/\/vapebulkp.com\/?s={search_term_string}"},"query-input":"required name=search_term_string"}],"inLanguage":"et"},{"@type":"Organization","@id":"https:\/\/vapebulkp.com\/#organization","name":"vapebulkp.com","url":"https:\/\/vapebulkp.com\/","logo":{"@type":"ImageObject","inLanguage":"et","@id":"https:\/\/vapebulkp.com\/#\/schema\/logo\/image\/","url":"https:\/\/vapebulkp.com\/wp-content\/uploads\/2023\/09\/cropped-vapebulkp.png","contentUrl":"https:\/\/vapebulkp.com\/wp-content\/uploads\/2023\/09\/cropped-vapebulkp.png","width":516,"height":163,"caption":"vapebulkp.com"},"image":{"@id":"https:\/\/vapebulkp.com\/#\/schema\/logo\/image\/"}}]}},"uagb_featured_image_src":{"full":["https:\/\/vapebulkp.com\/wp-content\/uploads\/2024\/04\/WGA-crystal-Pro-Max-Extra-15000-puff-Discount-Price-scaled.jpg",1922,2560,false],"thumbnail":["https:\/\/vapebulkp.com\/wp-content\/uploads\/2024\/04\/WGA-crystal-Pro-Max-Extra-15000-puff-Discount-Price-150x150.jpg",150,150,true],"medium":["https:\/\/vapebulkp.com\/wp-content\/uploads\/2024\/04\/WGA-crystal-Pro-Max-Extra-15000-puff-Discount-Price-225x300.jpg",225,300,true],"medium_large":["https:\/\/vapebulkp.com\/wp-content\/uploads\/2024\/04\/WGA-crystal-Pro-Max-Extra-15000-puff-Discount-Price-768x1023.jpg",768,1023,true],"large":["https:\/\/vapebulkp.com\/wp-content\/uploads\/2024\/04\/WGA-crystal-Pro-Max-Extra-15000-puff-Discount-Price-769x1024.jpg",769,1024,true],"1536x1536":["https:\/\/vapebulkp.com\/wp-content\/uploads\/2024\/04\/WGA-crystal-Pro-Max-Extra-15000-puff-Discount-Price-1153x1536.jpg",1153,1536,true],"2048x2048":["https:\/\/vapebulkp.com\/wp-content\/uploads\/2024\/04\/WGA-crystal-Pro-Max-Extra-15000-puff-Discount-Price-1538x2048.jpg",1538,2048,true],"trp-custom-language-flag":["https:\/\/vapebulkp.com\/wp-content\/uploads\/2024\/04\/WGA-crystal-Pro-Max-Extra-15000-puff-Discount-Price-scaled.jpg",9,12,false],"woocommerce_thumbnail":["https:\/\/vapebulkp.com\/wp-content\/uploads\/2024\/04\/WGA-crystal-Pro-Max-Extra-15000-puff-Discount-Price-300x300.jpg",300,300,true],"woocommerce_single":["https:\/\/vapebulkp.com\/wp-content\/uploads\/2024\/04\/WGA-crystal-Pro-Max-Extra-15000-puff-Discount-Price-600x799.jpg",600,799,true],"woocommerce_gallery_thumbnail":["https:\/\/vapebulkp.com\/wp-content\/uploads\/2024\/04\/WGA-crystal-Pro-Max-Extra-15000-puff-Discount-Price-100x100.jpg",100,100,true],"wcpr-photo-reviews":["https:\/\/vapebulkp.com\/wp-content\/uploads\/2024\/04\/WGA-crystal-Pro-Max-Extra-15000-puff-Discount-Price-scaled.jpg",375,500,false]},"uagb_author_info":{"display_name":"Mandy vape bulk price","author_link":"https:\/\/vapebulkp.com\/et\/author\/"},"uagb_comment_info":1,"uagb_excerpt":"Tops Sale Vape WGA Crystal Pro Max 15k Puffs Pls Contact Mandy's WhatsApp For Discount Price+8618077105796 NOTE: Prices on our website does not include shipping costs Main reason for purchase 1. Excellent quality and unparalleled performance. 2. Competitive price and fast value. 3. Multiple options and timely delivery. 4. A satisfying shopping experience","_links":{"self":[{"href":"https:\/\/vapebulkp.com\/et\/wp-json\/wp\/v2\/product\/2336","targetHints":{"allow":["GET"]}}],"collection":[{"href":"https:\/\/vapebulkp.com\/et\/wp-json\/wp\/v2\/product"}],"about":[{"href":"https:\/\/vapebulkp.com\/et\/wp-json\/wp\/v2\/types\/product"}],"replies":[{"embeddable":true,"href":"https:\/\/vapebulkp.com\/et\/wp-json\/wp\/v2\/comments?post=2336"}],"wp:featuredmedia":[{"embeddable":true,"href":"https:\/\/vapebulkp.com\/et\/wp-json\/wp\/v2\/media\/2322"}],"wp:attachment":[{"href":"https:\/\/vapebulkp.com\/et\/wp-json\/wp\/v2\/media?parent=2336"}],"wp:term":[{"taxonomy":"product_cat","embeddable":true,"href":"https:\/\/vapebulkp.com\/et\/wp-json\/wp\/v2\/product_cat?post=2336"},{"taxonomy":"product_tag","embeddable":true,"href":"https:\/\/vapebulkp.com\/et\/wp-json\/wp\/v2\/product_tag?post=2336"}],"curies":[{"name":"wp","href":"https:\/\/api.w.org\/{rel}","templated":true}]}}