{"id":2400,"date":"2024-04-29T05:41:48","date_gmt":"2024-04-29T03:41:48","guid":{"rendered":"https:\/\/vapebulkp.com\/?post_type=product&#038;p=2400"},"modified":"2025-09-02T05:18:30","modified_gmt":"2025-09-02T03:18:30","slug":"fluumbox-digital-box-15k-puffs-rechargeable-vape-geek-bar","status":"publish","type":"product","link":"https:\/\/vapebulkp.com\/et\/product\/fluumbox-digital-box-15k-puffs-rechargeable-vape-geek-bar\/","title":{"rendered":"FLUUMBOX digiboks 15K Puffs laetav veip GEEK BAR"},"content":{"rendered":"<h2>FLUUMBOX digiboks 15K Puffs laetav veip GEEK BAR<\/h2>\n<p>&nbsp;<\/p>\n<p data-start=\"179\" data-end=\"552\">FLUUMBOX Digital Box 15K Puffs laetav veip on esmaklassiline <strong data-start=\"249\" data-end=\"281\">\u00a0veibipoks<\/strong>\u00a0mis on loodud Euroopa veibihuvilistele, kes otsivad mugavust, j\u00f5udlust ja stiili. Selle 25 ml e-vedeliku maht ja 2% v\u00f5i 5% nikotiinisoola valikud tagavad rikkaliku maitse ja rahuldust pakkuva kurgul\u00f6\u00f6gi iga t\u00f5mbega, muutes selle parimaks valikuks <strong data-start=\"527\" data-end=\"549\">nikotiinisoola vape<\/strong>.<\/p>\n<p data-start=\"554\" data-end=\"868\">See on varustatud 650 mAh laetava aku ja USB Type-C laadimisega ning pakub <strong data-start=\"642\" data-end=\"663\">kauakestev vape<\/strong> seansse ilma katkestusteta. T\u00f5mbega aktiveeritav s\u00fcsteem tagab sujuvad ja \u00fchtlased t\u00f5mbed, samas kui selle kompaktne, taskukohane disain teeb sellest ideaalse <strong data-start=\"817\" data-end=\"841\">kaasaskantav veibiseade<\/strong> igap\u00e4evaseks kasutamiseks v\u00f5i reisimiseks.<\/p>\n<p data-start=\"870\" data-end=\"1195\">Sobib ideaalselt hulgitellimusteks, <strong data-start=\"899\" data-end=\"951\">FLUUMBOX Digitaalne kast <a href=\"https:\/\/vapebulkp.com\/et\/product-category\/15000-puffs-disposable-vape\/\">15000 pahviga \u00fchekordselt kasutatav e-sigaret<\/a><\/strong> vastab jaem\u00fc\u00fcjate vajadustele, kes otsivad kasumlikku <strong data-start=\"1006\" data-end=\"1027\">hulgim\u00fc\u00fck vape EL<\/strong> v\u00f5imalust. Kuni 15 000 t\u00f5mmet seadme kohta, \u00fchendab see mugavuse, suure j\u00f5udluse ja mitmekesisuse, muutes selle silmapaistvaks valikuks nii juhuslikele kui ka p\u00fchendunud veipijatele.<\/p>\n<h6 style=\"text-align: left\"><img decoding=\"async\" class=\"alignnone wp-image-2360\" src=\"http:\/\/vapebulkp.com\/wp-content\/uploads\/2024\/04\/Raz-box-15000-Vape-Wholesale-Discount-scaled.jpg\" alt=\"Raz box 15000 Vape Hulgi allahindlus\" width=\"1056\" height=\"783\" srcset=\"https:\/\/vapebulkp.com\/wp-content\/uploads\/2024\/04\/Raz-box-15000-Vape-Wholesale-Discount-scaled.jpg 2560w, https:\/\/vapebulkp.com\/wp-content\/uploads\/2024\/04\/Raz-box-15000-Vape-Wholesale-Discount-300x222.jpg 300w, https:\/\/vapebulkp.com\/wp-content\/uploads\/2024\/04\/Raz-box-15000-Vape-Wholesale-Discount-1024x759.jpg 1024w, https:\/\/vapebulkp.com\/wp-content\/uploads\/2024\/04\/Raz-box-15000-Vape-Wholesale-Discount-768x569.jpg 768w, https:\/\/vapebulkp.com\/wp-content\/uploads\/2024\/04\/Raz-box-15000-Vape-Wholesale-Discount-1536x1139.jpg 1536w, https:\/\/vapebulkp.com\/wp-content\/uploads\/2024\/04\/Raz-box-15000-Vape-Wholesale-Discount-2048x1518.jpg 2048w, https:\/\/vapebulkp.com\/wp-content\/uploads\/2024\/04\/Raz-box-15000-Vape-Wholesale-Discount-600x445.jpg 600w\" sizes=\"(max-width: 1056px) 100vw, 1056px\" \/><\/h6>\n<p>&nbsp;<\/p>\n<h6>Soodushinna saamiseks v\u00f5tke \u00fchendust Mandy WhatsAppiga<a href=\"https:\/\/wa.me\/8618077105796\">+8618077105796<\/a><\/h6>\n<p><img decoding=\"async\" class=\"alignnone wp-image-2151\" src=\"http:\/\/vapebulkp.com\/wp-content\/uploads\/2024\/04\/Mandy-WhatsApp-Randm.jpg\" alt=\"Mandy WhatsAppi tutvustus\" width=\"340\" height=\"361\" srcset=\"https:\/\/vapebulkp.com\/wp-content\/uploads\/2024\/04\/Mandy-WhatsApp-Randm.jpg 916w, https:\/\/vapebulkp.com\/wp-content\/uploads\/2024\/04\/Mandy-WhatsApp-Randm-282x300.jpg 282w, https:\/\/vapebulkp.com\/wp-content\/uploads\/2024\/04\/Mandy-WhatsApp-Randm-768x817.jpg 768w, https:\/\/vapebulkp.com\/wp-content\/uploads\/2024\/04\/Mandy-WhatsApp-Randm-600x638.jpg 600w\" sizes=\"(max-width: 340px) 100vw, 340px\" \/><\/p>\n<h2><span style=\"vertical-align: inherit\">M\u00f5tlesime, et teile v\u00f5iks meeldida teada saada FLUUM BOX Digital box 15000 t\u00f5mbega \u00fchekordsest veibist Originaalveip:<\/span><\/h2>\n<p>&nbsp;<\/p>\n<h6 class=\"style-scope ytd-watch-metadata\">1. Kuidas kasutada FLUUM BOX Digital Box 15K Puffs Vape Box RAZZ BAR?<\/h6>\n<p>&nbsp;<\/p>\n<p>1. samm. Enne 15k t\u00f5mbe kasutamist eemaldage plasttoru.<\/p>\n<p>2. samm. Oodake umbes 3 minutit, et mahl j\u00f5uaks spiraali sisse.<\/p>\n<p>3. samm. Nautige<\/p>\n<h6>2. Kuidas laadida \u00fchekordset veipi FLUUM BOX Digital box 15000 t\u00f5mmet?<\/h6>\n<p>Kiirlaadimise laadijaid ei saa kasutada, ja \u00fchekordselt kasutatavate e-sigarettide standardne ohutu v\u00f5imsus on 5V 1A.<\/p>\n<p>Iga laadimisaeg ei tohi \u00fcletada 1 tund ja ohutu laadimisaeg on pool tundi.<\/p>\n<h6>3. Mitu t\u00f5mmet on FLUUM BOX Digital box 15000 t\u00f5mbega \u00fchekordsel veibil?<\/h6>\n<p>---15000 Pahvi<\/p>\n<p><span style=\"color: #ff6600\">M\u00e4rkus: ei tohi laadida terve \u00f6\u00f6!<\/span><\/p>\n<p>&nbsp;<\/p>\n<h3><strong><span style=\"vertical-align: inherit\">Spetsifikatsioonid FLUUM BOX Digital box 15k t\u00f5mbe kohta:<\/span><br \/>\n<\/strong><\/h3>\n<ul>\n<li>Aku: 650mAh (Type C)<\/li>\n<li>Maht: 25ml<\/li>\n<li>Ligikaudne imemaht: 15000 puffs<\/li>\n<li>Nikotiini tugevus: 21mg,51mg<\/li>\n<li>MOQ: 100 tk<\/li>\n<li class=\"text-body font-regular text-gray-800 leading-[24px] my-[5px] [&amp;&gt;ol]:!pt-0 [&amp;&gt;ol]:!pb-0 [&amp;&gt;ul]:!pt-0 [&amp;&gt;ul]:!pb-0\" value=\"5\"><strong><strong class=\"font-bold\">Takistus<\/strong><\/strong>: Ideaalne 1,1 oomi iga kord t\u00e4iusliku t\u00f5mbe jaoks<\/li>\n<li value=\"5\">Takistus: 1,1oom<\/li>\n<\/ul>\n<h3><strong>\u00a0Soodushind Vape FLUUM BOX Digital Box 15000 t\u00f5mmet Maitsenimekiri:<\/strong><\/h3>\n<p>1 maasika arbuus<br \/>\n2 maasika mango<br \/>\n3 kolmikmarja<br \/>\n4 arbuusi j\u00e4\u00e4<br \/>\n5 Mango virsik<br \/>\n6 mustika vaarikas<br \/>\n7 virsiku j\u00e4\u00e4<br \/>\n8 mustika j\u00e4\u00e4<br \/>\n9 hapu \u00f5un<br \/>\n10 maasika kiivi<br \/>\n11 Kiivi passionivilja guava<br \/>\n12 viinamarja j\u00e4\u00e4<\/p>\n<p><a href=\"https:\/\/vapebulkp.com\/et\/product\/popular-randm-tornado-7000puffs-disposable-vape-best-price\/\">https:\/\/vapebulkp.com\/product\/popular-randm-tornado-7000puffs-disposable-vape-best-price\/<\/a><\/p>\n<p><span style=\"vertical-align: inherit\">Leia rohkem tooteid, mis sulle meeldida v\u00f5iksid:<\/span><em><a href=\"https:\/\/wa.me\/8618077105796\"><span style=\"vertical-align: inherit\">\u00a0Osta kohe<\/span><\/a><\/em><\/p>\n<p><span style=\"vertical-align: inherit\">Teised e-sigaretid, mis sulle meeldida v\u00f5ivad:<\/span><a href=\"https:\/\/vapebulkp.com\/et\/product\/good-sale-randm-tornado-10000-puffs-plus\/\"><span style=\"vertical-align: inherit\">RandM 10000 mahvi<\/span><\/a><span style=\"vertical-align: inherit\">\u3001 <\/span><a href=\"https:\/\/vapebulkp.com\/et\/product\/wholesale-randm-tornado-9000-puffs-germany\/\"><span style=\"vertical-align: inherit\">RandM Tornado 9000 Mahvi<\/span><\/a><span style=\"vertical-align: inherit\">\/ <\/span><a href=\"https:\/\/vapebulkp.com\/et\/product\/popular-bang-king-10000-puffs-vape-good-price\/\"><span style=\"vertical-align: inherit\">Bang King 10000 Mahvi<\/span><\/a><span style=\"vertical-align: inherit\">\/ <\/span><a href=\"https:\/\/vapebulkp.com\/et\/product\/bang-with-a-vape-18000-puffs-crown-bar-hot-vape\/\"><span style=\"vertical-align: inherit\">Bang King 18000 mahvi<\/span><\/a><\/p>\n<p><span style=\"vertical-align: inherit\">Erilise kujuga e-sigareti pudel:<\/span><a href=\"https:\/\/vapebulkp.com\/et\/product\/popular-kulx-10000puffs-disposable-vape-good-price\/\"><span style=\"vertical-align: inherit\">Kulx vape 10000 pihustust <\/span><\/a><span style=\"vertical-align: inherit\">\/ <\/span><a href=\"https:\/\/vapebulkp.com\/et\/product\/bang-20000-puffs-hot-vape-top-sale-vape\/\"><span style=\"vertical-align: inherit\">Bang 20000 mahvi <\/span><\/a><span style=\"vertical-align: inherit\">\/<\/span><a href=\"https:\/\/vapebulkp.com\/et\/product\/popular-vape-bang-king-15000-puffs-bang-vape\/\"><span style=\"vertical-align: inherit\">Bang King 15000 pahvi<\/span><\/a><\/p>\n<h4>Saatmisinfo:<\/h4>\n<p><span style=\"color: #ff6600\">Tootmisaeg: 5-10 t\u00f6\u00f6p\u00e4eva<\/span><br \/>\n<span style=\"color: #ff6600\">Saatmisaeg: 8-14 t\u00f6\u00f6p\u00e4eva<\/span><\/p>\n<p>K\u00f5ik meie poe tooted on 100% originaalsed ja autentsed, seega on v\u00f5ltsitud kaupade eest k\u00fcmnekordne h\u00fcvitis meie poe poliitika. Kasutame kaupade teile tarnimiseks logistikakanaleid nagu UPS\/DHL\/FEDEX\/DPD.<\/p>\n<p>Eestisse saadetud pakkide kohalej\u00f5udmine v\u00f5tab tavaliselt aega 10 t\u00f6\u00f6p\u00e4eva. Euroopa riikidesse saatmine v\u00f5tab tavaliselt aega 12 kuni 15 t\u00f6\u00f6p\u00e4eva. Uuendame logistikainfot teie jaoks reaalajas.<\/p>","protected":false},"excerpt":{"rendered":"<p>FLUUM Digital Box 15K Puffs laetav veip<\/p>\n<p><img decoding=\"async\" class=\"alignnone wp-image-2151\" src=\"http:\/\/vapebulkp.com\/wp-content\/uploads\/2024\/04\/Mandy-WhatsApp-Randm.jpg\" alt=\"Mandy WhatsAppi tutvustus\" width=\"274\" height=\"291\" srcset=\"https:\/\/vapebulkp.com\/wp-content\/uploads\/2024\/04\/Mandy-WhatsApp-Randm.jpg 916w, https:\/\/vapebulkp.com\/wp-content\/uploads\/2024\/04\/Mandy-WhatsApp-Randm-282x300.jpg 282w, https:\/\/vapebulkp.com\/wp-content\/uploads\/2024\/04\/Mandy-WhatsApp-Randm-768x817.jpg 768w, https:\/\/vapebulkp.com\/wp-content\/uploads\/2024\/04\/Mandy-WhatsApp-Randm-600x638.jpg 600w\" sizes=\"(max-width: 274px) 100vw, 274px\" \/><\/p>\n<p>Soodushinna saamiseks v\u00f5tke \u00fchendust Mandy WhatsAppiga<a href=\"https:\/\/wa.me\/8618077105796\">+8618077105796<\/a><\/p>\n<p><span style=\"color: #ff0000\">M\u00c4RKUS: Meie veebisaidi hinnad ei sisalda saatmiskulusid<\/span><\/p>","protected":false},"featured_media":2346,"comment_status":"open","ping_status":"closed","template":"","meta":{"_uag_custom_page_level_css":"","_lmt_disableupdate":"no","_lmt_disable":"","site-sidebar-layout":"default","site-content-layout":"content-boxed-container","ast-site-content-layout":"normal-width-container","site-content-style":"boxed","site-sidebar-style":"unboxed","ast-global-header-display":"","ast-banner-title-visibility":"","ast-main-header-display":"","ast-hfb-above-header-display":"","ast-hfb-below-header-display":"","ast-hfb-mobile-header-display":"","site-post-title":"","ast-breadcrumbs-content":"","ast-featured-img":"","footer-sml-layout":"","theme-transparent-header-meta":"default","adv-header-id-meta":"","stick-header-meta":"","header-above-stick-meta":"","header-main-stick-meta":"","header-below-stick-meta":"","astra-migrate-meta-layouts":"set","_joinchat":[]},"product_cat":[165,153,155,33,59,100,87,34,158,157,154,152,58,84,156,32],"product_tag":[77,36,37,41,71,40],"class_list":["post-2400","product","type-product","status-publish","has-post-thumbnail","hentry","product_cat-15000-puffs-disposable-vape","product_cat-hot-disposable-vapes","product_cat-belgium-hot-disposable-vapes","product_cat-france-vape-hot-sale","product_cat-germany-hot-disposable-vape","product_cat-germany-wholesale-vape-shop","product_cat-minimum-order-quantity-50pcs","product_cat-netherlands-vape-good-sale","product_cat-norway-hot-disposable-vapes","product_cat-poland-hot-disposable-vapes","product_cat-portugal-hot-disposable-vapes","product_cat-spain-hot-disposable-vapes","product_cat-sweden-hot-disposable-vape","product_cat-sweden-wholesale-vape","product_cat-switzerland-hot-disposable-vapes","product_cat-vape-hot-sale-this-week","product_tag-15000-puffs","product_tag-good-vape","product_tag-hot-sale-disposable-vape","product_tag-poland-hot-vape","product_tag-randm","product_tag-sweden-hot-vape","desktop-align-left","tablet-align-left","mobile-align-left"],"yoast_head":"<!-- This site is optimized with the Yoast SEO plugin v21.1 - https:\/\/yoast.com\/wordpress\/plugins\/seo\/ -->\n<title>FLUUMBOX Digital Box 15K Puffs Rechargeable Vape GEEK BAR - vapebulkp.com<\/title>\n<meta name=\"description\" content=\"Premium FLUUMBOX Digital Box 15000 Puffs Disposable Vape with 650mAh rechargeable battery, 2\u20135% nicotine salt options, and USB Type-C charging. Long-lasting, portable rechargeable disposable vape.\" \/>\n<meta name=\"robots\" content=\"index, follow, max-snippet:-1, max-image-preview:large, max-video-preview:-1\" \/>\n<link rel=\"canonical\" href=\"https:\/\/vapebulkp.com\/et\/product\/fluumbox-digital-box-15k-puffs-rechargeable-vape-geek-bar\/\" \/>\n<meta property=\"og:locale\" content=\"et_EE\" \/>\n<meta property=\"og:type\" content=\"article\" \/>\n<meta property=\"og:title\" content=\"FLUUMBOX Digital Box 15K Puffs Rechargeable Vape GEEK BAR - vapebulkp.com\" \/>\n<meta property=\"og:description\" content=\"Premium FLUUMBOX Digital Box 15000 Puffs Disposable Vape with 650mAh rechargeable battery, 2\u20135% nicotine salt options, and USB Type-C charging. Long-lasting, portable rechargeable disposable vape.\" \/>\n<meta property=\"og:url\" content=\"https:\/\/vapebulkp.com\/et\/product\/fluumbox-digital-box-15k-puffs-rechargeable-vape-geek-bar\/\" \/>\n<meta property=\"og:site_name\" content=\"vapebulkp.com\" \/>\n<meta property=\"article:modified_time\" content=\"2025-09-02T03:18:30+00:00\" \/>\n<meta property=\"og:image\" content=\"http:\/\/vapebulkp.com\/wp-content\/uploads\/2024\/04\/Fluum-box-15k-Puffs-Wholesale-Discount.png\" \/>\n\t<meta property=\"og:image:width\" content=\"518\" \/>\n\t<meta property=\"og:image:height\" content=\"711\" \/>\n\t<meta property=\"og:image:type\" content=\"image\/png\" \/>\n<meta name=\"twitter:card\" content=\"summary_large_image\" \/>\n<meta name=\"twitter:label1\" content=\"Est. reading time\" \/>\n\t<meta name=\"twitter:data1\" content=\"3 minutit\" \/>\n<script type=\"application\/ld+json\" class=\"yoast-schema-graph\">{\"@context\":\"https:\/\/schema.org\",\"@graph\":[{\"@type\":\"WebPage\",\"@id\":\"https:\/\/vapebulkp.com\/product\/fluumbox-digital-box-15k-puffs-rechargeable-vape-geek-bar\/\",\"url\":\"https:\/\/vapebulkp.com\/product\/fluumbox-digital-box-15k-puffs-rechargeable-vape-geek-bar\/\",\"name\":\"FLUUMBOX Digital Box 15K Puffs Rechargeable Vape GEEK BAR - vapebulkp.com\",\"isPartOf\":{\"@id\":\"https:\/\/vapebulkp.com\/#website\"},\"datePublished\":\"2024-04-29T03:41:48+00:00\",\"dateModified\":\"2025-09-02T03:18:30+00:00\",\"description\":\"Premium FLUUMBOX Digital Box 15000 Puffs Disposable Vape with 650mAh rechargeable battery, 2\u20135% nicotine salt options, and USB Type-C charging. Long-lasting, portable rechargeable disposable vape.\",\"breadcrumb\":{\"@id\":\"https:\/\/vapebulkp.com\/product\/fluumbox-digital-box-15k-puffs-rechargeable-vape-geek-bar\/#breadcrumb\"},\"inLanguage\":\"et\",\"potentialAction\":[{\"@type\":\"ReadAction\",\"target\":[\"https:\/\/vapebulkp.com\/product\/fluumbox-digital-box-15k-puffs-rechargeable-vape-geek-bar\/\"]}]},{\"@type\":\"BreadcrumbList\",\"@id\":\"https:\/\/vapebulkp.com\/product\/fluumbox-digital-box-15k-puffs-rechargeable-vape-geek-bar\/#breadcrumb\",\"itemListElement\":[{\"@type\":\"ListItem\",\"position\":1,\"name\":\"Home\",\"item\":\"https:\/\/vapebulkp.com\/\"},{\"@type\":\"ListItem\",\"position\":2,\"name\":\"Hot Trend Vapes\",\"item\":\"https:\/\/vapebulkp.com\/vape-shop\/\"},{\"@type\":\"ListItem\",\"position\":3,\"name\":\"FLUUMBOX Digital Box 15K Puffs Rechargeable Vape GEEK BAR\"}]},{\"@type\":\"WebSite\",\"@id\":\"https:\/\/vapebulkp.com\/#website\",\"url\":\"https:\/\/vapebulkp.com\/\",\"name\":\"vapebulkp.com\",\"description\":\"Buy Vape In Cheap Bulk Price Near you\",\"publisher\":{\"@id\":\"https:\/\/vapebulkp.com\/#organization\"},\"potentialAction\":[{\"@type\":\"SearchAction\",\"target\":{\"@type\":\"EntryPoint\",\"urlTemplate\":\"https:\/\/vapebulkp.com\/?s={search_term_string}\"},\"query-input\":\"required name=search_term_string\"}],\"inLanguage\":\"et\"},{\"@type\":\"Organization\",\"@id\":\"https:\/\/vapebulkp.com\/#organization\",\"name\":\"vapebulkp.com\",\"url\":\"https:\/\/vapebulkp.com\/\",\"logo\":{\"@type\":\"ImageObject\",\"inLanguage\":\"et\",\"@id\":\"https:\/\/vapebulkp.com\/#\/schema\/logo\/image\/\",\"url\":\"https:\/\/vapebulkp.com\/wp-content\/uploads\/2023\/09\/cropped-vapebulkp.png\",\"contentUrl\":\"https:\/\/vapebulkp.com\/wp-content\/uploads\/2023\/09\/cropped-vapebulkp.png\",\"width\":516,\"height\":163,\"caption\":\"vapebulkp.com\"},\"image\":{\"@id\":\"https:\/\/vapebulkp.com\/#\/schema\/logo\/image\/\"}}]}<\/script>\n<!-- \/ Yoast SEO plugin. -->","yoast_head_json":{"title":"FLUUMBOX Digital Box 15K Puffs Rechargeable Vape GEEK BAR - vapebulkp.com","description":"Premium FLUUMBOX Digital Box 15000 Puffs Disposable Vape with 650mAh rechargeable battery, 2\u20135% nicotine salt options, and USB Type-C charging. Long-lasting, portable rechargeable disposable vape.","robots":{"index":"index","follow":"follow","max-snippet":"max-snippet:-1","max-image-preview":"max-image-preview:large","max-video-preview":"max-video-preview:-1"},"canonical":"https:\/\/vapebulkp.com\/et\/product\/fluumbox-digital-box-15k-puffs-rechargeable-vape-geek-bar\/","og_locale":"et_EE","og_type":"article","og_title":"FLUUMBOX Digital Box 15K Puffs Rechargeable Vape GEEK BAR - vapebulkp.com","og_description":"Premium FLUUMBOX Digital Box 15000 Puffs Disposable Vape with 650mAh rechargeable battery, 2\u20135% nicotine salt options, and USB Type-C charging. Long-lasting, portable rechargeable disposable vape.","og_url":"https:\/\/vapebulkp.com\/et\/product\/fluumbox-digital-box-15k-puffs-rechargeable-vape-geek-bar\/","og_site_name":"vapebulkp.com","article_modified_time":"2025-09-02T03:18:30+00:00","og_image":[{"width":518,"height":711,"url":"http:\/\/vapebulkp.com\/wp-content\/uploads\/2024\/04\/Fluum-box-15k-Puffs-Wholesale-Discount.png","type":"image\/png"}],"twitter_card":"summary_large_image","twitter_misc":{"Est. reading time":"3 minutit"},"schema":{"@context":"https:\/\/schema.org","@graph":[{"@type":"WebPage","@id":"https:\/\/vapebulkp.com\/product\/fluumbox-digital-box-15k-puffs-rechargeable-vape-geek-bar\/","url":"https:\/\/vapebulkp.com\/product\/fluumbox-digital-box-15k-puffs-rechargeable-vape-geek-bar\/","name":"FLUUMBOX Digital Box 15K Puffs Rechargeable Vape GEEK BAR - vapebulkp.com","isPartOf":{"@id":"https:\/\/vapebulkp.com\/#website"},"datePublished":"2024-04-29T03:41:48+00:00","dateModified":"2025-09-02T03:18:30+00:00","description":"Premium FLUUMBOX Digital Box 15000 Puffs Disposable Vape with 650mAh rechargeable battery, 2\u20135% nicotine salt options, and USB Type-C charging. Long-lasting, portable rechargeable disposable vape.","breadcrumb":{"@id":"https:\/\/vapebulkp.com\/product\/fluumbox-digital-box-15k-puffs-rechargeable-vape-geek-bar\/#breadcrumb"},"inLanguage":"et","potentialAction":[{"@type":"ReadAction","target":["https:\/\/vapebulkp.com\/product\/fluumbox-digital-box-15k-puffs-rechargeable-vape-geek-bar\/"]}]},{"@type":"BreadcrumbList","@id":"https:\/\/vapebulkp.com\/product\/fluumbox-digital-box-15k-puffs-rechargeable-vape-geek-bar\/#breadcrumb","itemListElement":[{"@type":"ListItem","position":1,"name":"Home","item":"https:\/\/vapebulkp.com\/"},{"@type":"ListItem","position":2,"name":"Hot Trend Vapes","item":"https:\/\/vapebulkp.com\/vape-shop\/"},{"@type":"ListItem","position":3,"name":"FLUUMBOX Digital Box 15K Puffs Rechargeable Vape GEEK BAR"}]},{"@type":"WebSite","@id":"https:\/\/vapebulkp.com\/#website","url":"https:\/\/vapebulkp.com\/","name":"vapebulkp.com","description":"Buy Vape In Cheap Bulk Price Near you","publisher":{"@id":"https:\/\/vapebulkp.com\/#organization"},"potentialAction":[{"@type":"SearchAction","target":{"@type":"EntryPoint","urlTemplate":"https:\/\/vapebulkp.com\/?s={search_term_string}"},"query-input":"required name=search_term_string"}],"inLanguage":"et"},{"@type":"Organization","@id":"https:\/\/vapebulkp.com\/#organization","name":"vapebulkp.com","url":"https:\/\/vapebulkp.com\/","logo":{"@type":"ImageObject","inLanguage":"et","@id":"https:\/\/vapebulkp.com\/#\/schema\/logo\/image\/","url":"https:\/\/vapebulkp.com\/wp-content\/uploads\/2023\/09\/cropped-vapebulkp.png","contentUrl":"https:\/\/vapebulkp.com\/wp-content\/uploads\/2023\/09\/cropped-vapebulkp.png","width":516,"height":163,"caption":"vapebulkp.com"},"image":{"@id":"https:\/\/vapebulkp.com\/#\/schema\/logo\/image\/"}}]}},"uagb_featured_image_src":{"full":["https:\/\/vapebulkp.com\/wp-content\/uploads\/2024\/04\/Fluum-box-15k-Puffs-Wholesale-Discount.png",518,711,false],"thumbnail":["https:\/\/vapebulkp.com\/wp-content\/uploads\/2024\/04\/Fluum-box-15k-Puffs-Wholesale-Discount-150x150.png",150,150,true],"medium":["https:\/\/vapebulkp.com\/wp-content\/uploads\/2024\/04\/Fluum-box-15k-Puffs-Wholesale-Discount-219x300.png",219,300,true],"medium_large":["https:\/\/vapebulkp.com\/wp-content\/uploads\/2024\/04\/Fluum-box-15k-Puffs-Wholesale-Discount.png",518,711,false],"large":["https:\/\/vapebulkp.com\/wp-content\/uploads\/2024\/04\/Fluum-box-15k-Puffs-Wholesale-Discount.png",518,711,false],"1536x1536":["https:\/\/vapebulkp.com\/wp-content\/uploads\/2024\/04\/Fluum-box-15k-Puffs-Wholesale-Discount.png",518,711,false],"2048x2048":["https:\/\/vapebulkp.com\/wp-content\/uploads\/2024\/04\/Fluum-box-15k-Puffs-Wholesale-Discount.png",518,711,false],"trp-custom-language-flag":["https:\/\/vapebulkp.com\/wp-content\/uploads\/2024\/04\/Fluum-box-15k-Puffs-Wholesale-Discount.png",9,12,false],"woocommerce_thumbnail":["https:\/\/vapebulkp.com\/wp-content\/uploads\/2024\/04\/Fluum-box-15k-Puffs-Wholesale-Discount-300x300.png",300,300,true],"woocommerce_single":["https:\/\/vapebulkp.com\/wp-content\/uploads\/2024\/04\/Fluum-box-15k-Puffs-Wholesale-Discount.png",518,711,false],"woocommerce_gallery_thumbnail":["https:\/\/vapebulkp.com\/wp-content\/uploads\/2024\/04\/Fluum-box-15k-Puffs-Wholesale-Discount-100x100.png",100,100,true],"wcpr-photo-reviews":["https:\/\/vapebulkp.com\/wp-content\/uploads\/2024\/04\/Fluum-box-15k-Puffs-Wholesale-Discount.png",364,500,false]},"uagb_author_info":{"display_name":"Mandy vape bulk price","author_link":"https:\/\/vapebulkp.com\/et\/author\/"},"uagb_comment_info":0,"uagb_excerpt":"FLUUM Digital Box 15K Puffs Rechargeable Vape Pls Contact Mandy's WhatsApp For Discount Price+8618077105796 NOTE: Prices on our website does not include shipping costs","_links":{"self":[{"href":"https:\/\/vapebulkp.com\/et\/wp-json\/wp\/v2\/product\/2400","targetHints":{"allow":["GET"]}}],"collection":[{"href":"https:\/\/vapebulkp.com\/et\/wp-json\/wp\/v2\/product"}],"about":[{"href":"https:\/\/vapebulkp.com\/et\/wp-json\/wp\/v2\/types\/product"}],"replies":[{"embeddable":true,"href":"https:\/\/vapebulkp.com\/et\/wp-json\/wp\/v2\/comments?post=2400"}],"wp:featuredmedia":[{"embeddable":true,"href":"https:\/\/vapebulkp.com\/et\/wp-json\/wp\/v2\/media\/2346"}],"wp:attachment":[{"href":"https:\/\/vapebulkp.com\/et\/wp-json\/wp\/v2\/media?parent=2400"}],"wp:term":[{"taxonomy":"product_cat","embeddable":true,"href":"https:\/\/vapebulkp.com\/et\/wp-json\/wp\/v2\/product_cat?post=2400"},{"taxonomy":"product_tag","embeddable":true,"href":"https:\/\/vapebulkp.com\/et\/wp-json\/wp\/v2\/product_tag?post=2400"}],"curies":[{"name":"wp","href":"https:\/\/api.w.org\/{rel}","templated":true}]}}