{"id":2403,"date":"2024-04-29T11:11:35","date_gmt":"2024-04-29T09:11:35","guid":{"rendered":"https:\/\/vapebulkp.com\/?post_type=product&#038;p=2403"},"modified":"2025-09-24T05:46:13","modified_gmt":"2025-09-24T03:46:13","slug":"vopk-shisha-15k-puffs-original-vape-jnr-shisha","status":"publish","type":"product","link":"https:\/\/vapebulkp.com\/et\/product\/vopk-shisha-15k-puffs-original-vape-jnr-shisha\/","title":{"rendered":"VOPK SHISHA 15K PUFFI Original Vape JNR SHISHA"},"content":{"rendered":"<h1>VOPK SHISHA 15K PUFFI Original Vape JNR SHISHA<\/h1>\n<p>&nbsp;<\/p>\n<p data-start=\"378\" data-end=\"758\">VOPK SHISHA 15K PUFFS Original Vape JNR SHISHA on esmaklassiline toode <a href=\"https:\/\/vapebulkp.com\/et\/product-category\/15000-puffs-disposable-vape\/\"><strong data-start=\"448\" data-end=\"479\">15000 pahviga \u00fchekordselt kasutatav e-sigaret<\/strong><\/a> stiilse kahev\u00e4rvilise disaini ja UV-tr\u00fckiga, mis n\u00e4itab suurep\u00e4rast k\u00e4sit\u00f6\u00f6d ja kvaliteetset ehitust. Varustatud 0,6\u03a9 v\u00f5rgusilma m\u00e4hisega, pakub see tihedat auru ja sujuvaid t\u00f5mbeid, muutes selle parimaks valikuks <strong data-start=\"697\" data-end=\"716\">v\u00f5rgusilma m\u00e4hisega veipide<\/strong> ja <strong data-start=\"721\" data-end=\"755\">suure mahutavusega \u00fchekordselt kasutatavad vape'id<\/strong>.<\/p>\n<p data-start=\"760\" data-end=\"1043\">Avar 20 ml e-vedeliku paak ja t\u00e4iustatud v\u00f5rgusilma m\u00e4hise s\u00fcdamik tagavad <strong data-start=\"829\" data-end=\"862\">nikotiinisoola \u00fchekordne veip<\/strong> iga pahviga \u00fchtlase ja rikkaliku maitse. 600 mAh laetava aku ja Type-C kiirlaadimise toel tagab see kauakestva j\u00f5udluse ja katkematud veipimise seansid.<\/p>\n<p data-start=\"1045\" data-end=\"1318\">Saadaval erinevates maitsetes, sealhulgas Double Apple, Grape Mint, Juicy Peach ja palju muud, pakub <strong data-start=\"1142\" data-end=\"1169\">VOPK Shisha 15000 suitsu<\/strong> erinevaid maitse-eelistusi. Kompaktne, stiilne ja kaasaskantav, sobib ideaalselt igap\u00e4evaseks kasutamiseks, seltskondlikes olukordades v\u00f5i <strong data-start=\"1285\" data-end=\"1308\">hulgiveipide hulgim\u00fc\u00fcgi<\/strong> tellimusteks.<\/p>\n<p data-start=\"1320\" data-end=\"1526\">Jaem\u00fc\u00fcjatele ja entusiastidele, kes otsivad <strong data-start=\"1358\" data-end=\"1386\">kvaliteetsete \u00fchekordsete veipide j\u00e4rele<\/strong>, <strong data-start=\"1392\" data-end=\"1419\">VOPK Shisha 15k suitsu<\/strong> pakub v\u00f5rreldamatut maitset, usaldusv\u00e4\u00e4rsust ja mugavust \u2014 hulgim\u00fc\u00fcgitellimuste jaoks on saadaval kiire saatmine Eestisse.<\/p>\n<p><img decoding=\"async\" class=\"alignnone wp-image-2362\" src=\"http:\/\/vapebulkp.com\/wp-content\/uploads\/2024\/04\/VOPK-Shisha-Vape-15K-PUFFS-Discount-Price-scaled.jpg\" alt=\"VOPK Shisha Vape 15K PUFFS Allahindlusega hind\" width=\"538\" height=\"538\" srcset=\"https:\/\/vapebulkp.com\/wp-content\/uploads\/2024\/04\/VOPK-Shisha-Vape-15K-PUFFS-Discount-Price-scaled.jpg 2560w, https:\/\/vapebulkp.com\/wp-content\/uploads\/2024\/04\/VOPK-Shisha-Vape-15K-PUFFS-Discount-Price-300x300.jpg 300w, https:\/\/vapebulkp.com\/wp-content\/uploads\/2024\/04\/VOPK-Shisha-Vape-15K-PUFFS-Discount-Price-1024x1024.jpg 1024w, https:\/\/vapebulkp.com\/wp-content\/uploads\/2024\/04\/VOPK-Shisha-Vape-15K-PUFFS-Discount-Price-150x150.jpg 150w, https:\/\/vapebulkp.com\/wp-content\/uploads\/2024\/04\/VOPK-Shisha-Vape-15K-PUFFS-Discount-Price-768x768.jpg 768w, https:\/\/vapebulkp.com\/wp-content\/uploads\/2024\/04\/VOPK-Shisha-Vape-15K-PUFFS-Discount-Price-1536x1536.jpg 1536w, https:\/\/vapebulkp.com\/wp-content\/uploads\/2024\/04\/VOPK-Shisha-Vape-15K-PUFFS-Discount-Price-2048x2048.jpg 2048w, https:\/\/vapebulkp.com\/wp-content\/uploads\/2024\/04\/VOPK-Shisha-Vape-15K-PUFFS-Discount-Price-600x600.jpg 600w, https:\/\/vapebulkp.com\/wp-content\/uploads\/2024\/04\/VOPK-Shisha-Vape-15K-PUFFS-Discount-Price-100x100.jpg 100w\" sizes=\"(max-width: 538px) 100vw, 538px\" \/><\/p>\n<h6 style=\"text-align: left\"><\/h6>\n<h6>Soodushinna saamiseks v\u00f5tke \u00fchendust Mandy WhatsAppiga<a href=\"https:\/\/wa.me\/8618077105796\">+8618077105796<\/a><\/h6>\n<p><img decoding=\"async\" class=\"alignnone wp-image-2151\" src=\"http:\/\/vapebulkp.com\/wp-content\/uploads\/2024\/04\/Mandy-WhatsApp-Randm.jpg\" alt=\"Mandy WhatsAppi tutvustus\" width=\"263\" height=\"280\" srcset=\"https:\/\/vapebulkp.com\/wp-content\/uploads\/2024\/04\/Mandy-WhatsApp-Randm.jpg 916w, https:\/\/vapebulkp.com\/wp-content\/uploads\/2024\/04\/Mandy-WhatsApp-Randm-282x300.jpg 282w, https:\/\/vapebulkp.com\/wp-content\/uploads\/2024\/04\/Mandy-WhatsApp-Randm-768x817.jpg 768w, https:\/\/vapebulkp.com\/wp-content\/uploads\/2024\/04\/Mandy-WhatsApp-Randm-600x638.jpg 600w\" sizes=\"(max-width: 263px) 100vw, 263px\" \/><\/p>\n<h2><span style=\"vertical-align: inherit\">M\u00f5tlesime, et teile v\u00f5iks huvi pakkuda teave VOPK shisha 15k Puff JNR Vape kohta:<\/span><\/h2>\n<p>&nbsp;<\/p>\n<h6 class=\"style-scope ytd-watch-metadata\">1. Kuidas kasutada JNR VOPK shisha 15000 Puffs SHISHA veibipliiatsit?<\/h6>\n<p>Esimene: rebige lahti suletud kott<br \/>\nTeine: rebige maha kleebis<br \/>\nKolmas: t\u00f5mmake v\u00e4lja silikoonkork ja laske sel seista 10 minutit, seej\u00e4rel saate kasutada JNR Shisha Vape'i<\/p>\n<h6>2.Kuidas laadida Original Vape VOPK shisha 15000 Puffs seadet?<\/h6>\n<p>Kiirlaadimise laadijaid ei saa kasutada, ja \u00fchekordselt kasutatavate e-sigarettide standardne ohutu v\u00f5imsus on 5V 1A.<\/p>\n<p>Iga laadimisaeg ei tohi \u00fcletada 1 tund ja ohutu laadimisaeg on pool tundi.<\/p>\n<h6>3.Mitu t\u00f5mmet on VOPK JNR shisha vape 15k Puffs \u00fchekordselt kasutataval veipil?<\/h6>\n<p>---15000 Pahvi<\/p>\n<p><span style=\"color: #ff6600\">M\u00e4rkus: ei tohi laadida terve \u00f6\u00f6!<\/span><\/p>\n<h6>4.Miks valida VOPK JNR shisha 15k Puffs JNR Vape?<\/h6>\n<p>&nbsp;<\/p>\n<p><span style=\"color: #ff0000\"><strong>V\u00f5rratu kvaliteet<\/strong><\/span>: VOPK Shisha 15k Puffs JNR Vape on valmistatud p\u00fchendunud t\u00e4helepanuga detailidele, tagades v\u00f5rratu kvaliteedi ja j\u00f5udluse.<\/p>\n<p><span style=\"color: #ff0000\"><strong>Uuenduslik disain<\/strong><\/span>: Stiilse kahetoonilise disaini ja UV-tr\u00fckiga VOPK shisha 15k Puffs JNR Vape paistab silma oma peene korpuse viimistlusega, mis eristab seda teistest.<\/p>\n<p><span style=\"color: #ff0000\"><strong>T\u00e4iustatud aurutootmine<\/strong>:<\/span> Varustatud 0.6ohm v\u00f5rgusilma m\u00e4hisega, tagab see veip t\u00e4iustatud aurutootmise, pakkudes sujuvat ja j\u00e4rjepidevat veipimiskogemust iga t\u00f5mbega.<\/p>\n<p><span style=\"color: #ff0000\"><strong>Kauakestev aku<\/strong>:<\/span> Tugeva 600mAh aku, 18250 aku mudeli ja mugava Type-C laadimispordi toega VOPK shisha 15k Puffs JNR Vape tagab pikema kasutusaja pikemaajaliseks nautimiseks.<\/p>\n<p><span style=\"color: #ff0000\"><strong>Rohke t\u00f5mmete arv<\/strong>:<\/span> Pakkudes muljetavaldavat 15 000 t\u00f5mmet, pakub see \u00fchekordselt kasutatav veip piisavalt veipimissessioone, muutes selle usaldusv\u00e4\u00e4rseks valikuks veibihuvilistele, kes otsivad pikaealisust.<\/p>\n<p><span style=\"color: #ff0000\"><strong>Lai maitsevalik<\/strong>:<\/span> Nautige laia valikut ahvatlevaid maitseid, sealhulgas Topelt\u00f5un, Viinamarjam\u00fcnt, Mahlane Virsik ja palju muud, mis vastavad erinevatele maitse-eelistustele ja tagavad k\u00f5igile rahuldustpakkuva veipimiskogemuse.<\/p>\n<p><span style=\"color: #ff0000\"><strong>Otse-kopsu sissehingamine<\/strong>:<\/span> Loodud otse-kopsu sissehingamiseks, pakub VOPK shisha 15k Puffs JNR Vape rahuldustpakkuvat t\u00f5mmet, mis sobib ideaalselt n\u00f5udlikele veipijatele, kes hindavad t\u00e4idlast veipimiskogemust.<\/p>\n<p><span style=\"color: #ff0000\"><strong>Hulgim\u00fc\u00fcgi valik<\/strong>:<\/span> Kasutage \u00e4ra meie hulgim\u00fc\u00fcgi pakkumist ja s\u00e4\u00e4stke kulusid, varudes seda esmaklassilist veipimistooteid, tagades, et teil on alati varu k\u00e4ep\u00e4rast endale v\u00f5i oma klientidele.<\/p>\n<p>&nbsp;<\/p>\n<h3>VOPK ShiSha Veibi omadused:<\/h3>\n<p>Mudel: VOPK SHISHA 15000 PUFFS Hea m\u00fc\u00fcgiga veip<br \/>\nPahvid: 15000 pahvi<br \/>\nAku mahtuvus: 650mAh<br \/>\nE-vedeliku maht: 23ml<br \/>\nNikotiini sisaldus: 2%\/\/5% nikotiinisool<br \/>\nPakend: 10 t\u00fckki 1 esinduskarbis<br \/>\nMinimaalne tellimiskogus (MOQ): 50 t\u00fckki<\/p>\n<h3><strong>\u00a0Originaal veip VOPK JNR shisha<\/strong> 15000 pahvi\u00a0 <strong>Maitsete nimekiri:<\/strong><\/h3>\n<p>1.Topelt \u00f5un<br \/>\n2.Topelt meloni m\u00fcnt<br \/>\n3.Viinamarja m\u00fcnt<br \/>\n4.Mahlane virsik<br \/>\n5. Lady Killa<br \/>\n6.Segamarja j\u00e4\u00e4<br \/>\n7.Ananass kookos<br \/>\n8.Punane marja l\u00f6rts<br \/>\n9.Arbuusi J\u00e4\u00e4<br \/>\n10.Valge Mamba<\/p>\n<p><a href=\"https:\/\/vapebulkp.com\/et\/product\/popular-randm-tornado-7000puffs-disposable-vape-best-price\/\">Randm Tornado 7000 mahvi<\/a><\/p>\n<p><span style=\"vertical-align: inherit\">Leia rohkem tooteid, mis sulle meeldida v\u00f5iksid:<\/span><em><a href=\"https:\/\/wa.me\/8618077105796\"><span style=\"vertical-align: inherit\">\u00a0Osta kohe<\/span><\/a><\/em><\/p>\n<p><span style=\"vertical-align: inherit\">Teised e-sigaretid, mis sulle meeldida v\u00f5ivad:<\/span><a href=\"https:\/\/vapebulkp.com\/et\/product\/good-sale-randm-tornado-10000-puffs-plus\/\"><span style=\"vertical-align: inherit\">RandM 10000 Mahvi<\/span><\/a><span style=\"vertical-align: inherit\">\u201410 000 mahvi mahutavusega on see seade veipimishuviliste lemmik.<\/span><\/p>\n<p><a href=\"https:\/\/vapebulkp.com\/et\/product\/wholesale-randm-tornado-9000-puffs-germany\/\"><span style=\"vertical-align: inherit\">RandM Tornado 9000 Mahvi<\/span><\/a><span style=\"vertical-align: inherit\">\u2014K\u00f5ige populaarseima e-sigaretina pakub Randm 9000 mahvi, mida saad nautida.<\/span><\/p>\n<p><a href=\"https:\/\/vapebulkp.com\/et\/product\/bang-20000-puffs-hot-vape-top-sale-vape\/\"><span style=\"vertical-align: inherit\">Bang 20000 t\u00f5mmet<\/span><\/a><span style=\"vertical-align: inherit\">\u2014Bang King on populaarne kaubam\u00e4rk unikaalsete mudelite ja 20000 t\u00f5mbega<\/span><\/p>\n<p><a href=\"https:\/\/vapebulkp.com\/et\/product\/bang-king-12000puffs\/\"><span style=\"vertical-align: inherit\">Bang King 12000 Mahvi<\/span><\/a>\u2014Bang King 12000 mahvi on populaarne kaubam\u00e4rk oma ainulaadsete mudelite ja 12 000 mahviga, mis on veel \u00fcks valik sinu veipimisvajaduste parandamiseks.<\/p>\n<p><span style=\"vertical-align: inherit\">Erilise kujuga e-sigareti pudel:<\/span><a href=\"https:\/\/vapebulkp.com\/et\/product\/original-vape-bang-tn-12000-puffs-bang-vape\/\"><span style=\"vertical-align: inherit\">Bang TN 12000 Puhviga<\/span><\/a><span style=\"vertical-align: inherit\">\/ <\/span><a href=\"https:\/\/vapebulkp.com\/et\/product\/vapme-crystal-7000-puffs-original-vape-good-flavor\/\"><span style=\"vertical-align: inherit\">Crystal 7000 mahvi<\/span><\/a><span style=\"vertical-align: inherit\">\/<\/span><a href=\"https:\/\/vapebulkp.com\/et\/product\/top-sale-waspe-12000puffs-disposable-vape-wholesale-france\/\"><span style=\"vertical-align: inherit\">WASPE 12000 suitsu<\/span><\/a><\/p>\n<p><a href=\"https:\/\/vapebulkp.com\/et\/product\/discount-price-cloud-bar-tn-15000-disposable-vape-raz-bar\/\">Cloud Bar TN 15000 suitsu algne vape<\/a><\/p>\n<p><a href=\"https:\/\/vapebulkp.com\/et\/product\/vopk-shisha-15k-puffs-original-vape-jnr-shisha\/\">VOPK shisha JNR SHISHA 15K suitsu<\/a><\/p>\n<p><a href=\"https:\/\/vapebulkp.com\/et\/product\/original-vape-bang-rocket-18000-puffs-good-sale\/\">Original Vape Bang Rocket 18000 pahvi hea m\u00fc\u00fck<\/a><\/p>\n<h4>Saatmisinfo:<\/h4>\n<p><span style=\"color: #ff6600\">Tootmisaeg: 5-10 t\u00f6\u00f6p\u00e4eva<\/span><br \/>\n<span style=\"color: #ff6600\">Saatmisaeg: 8-14 t\u00f6\u00f6p\u00e4eva<\/span><\/p>\n<p>K\u00f5ik meie poe tooted on 100% originaalsed ja autentsed, seega on v\u00f5ltsitud kaupade eest k\u00fcmnekordne h\u00fcvitis meie poe poliitika. Kasutame kaupade teile tarnimiseks logistikakanaleid nagu UPS\/DHL\/FEDEX\/DPD.<\/p>\n<p>Eestisse saadetud pakkide kohalej\u00f5udmine v\u00f5tab tavaliselt aega 10 t\u00f6\u00f6p\u00e4eva. Euroopa riikidesse saatmine v\u00f5tab tavaliselt aega 12 kuni 15 t\u00f6\u00f6p\u00e4eva. Uuendame logistikainfot teie jaoks reaalajas.<\/p>\n<p>V\u00f5ta meiega \u00fchendust ja me saame pakkuda sulle Hazebar 12000 mahvi ning viia sinu \u00e4ri uutele k\u00f5rgustele!<\/p>","protected":false},"excerpt":{"rendered":"<p>Sukelduge VOPK Shisha Hookah 15000 Puffs'iga v\u00f5rreldamatusse rahulolusse ja kvaliteeti<\/p>\n<p><img decoding=\"async\" class=\"alignnone wp-image-2151\" src=\"http:\/\/vapebulkp.com\/wp-content\/uploads\/2024\/04\/Mandy-WhatsApp-Randm.jpg\" alt=\"Mandy WhatsAppi tutvustus\" width=\"238\" height=\"253\" srcset=\"https:\/\/vapebulkp.com\/wp-content\/uploads\/2024\/04\/Mandy-WhatsApp-Randm.jpg 916w, https:\/\/vapebulkp.com\/wp-content\/uploads\/2024\/04\/Mandy-WhatsApp-Randm-282x300.jpg 282w, https:\/\/vapebulkp.com\/wp-content\/uploads\/2024\/04\/Mandy-WhatsApp-Randm-768x817.jpg 768w, https:\/\/vapebulkp.com\/wp-content\/uploads\/2024\/04\/Mandy-WhatsApp-Randm-600x638.jpg 600w\" sizes=\"(max-width: 238px) 100vw, 238px\" \/><\/p>\n<p>Soodushinna saamiseks v\u00f5tke \u00fchendust Mandy WhatsAppiga<a href=\"https:\/\/wa.me\/8618077105796\">+8618077105796<\/a><\/p>\n<p><span style=\"color: #ff0000\">M\u00c4RKUS: Meie veebisaidi hinnad ei sisalda saatmiskulusid<\/span><\/p>","protected":false},"featured_media":2375,"comment_status":"open","ping_status":"closed","template":"","meta":{"_uag_custom_page_level_css":"","_lmt_disableupdate":"no","_lmt_disable":"","site-sidebar-layout":"default","site-content-layout":"content-boxed-container","ast-site-content-layout":"normal-width-container","site-content-style":"boxed","site-sidebar-style":"unboxed","ast-global-header-display":"","ast-banner-title-visibility":"","ast-main-header-display":"","ast-hfb-above-header-display":"","ast-hfb-below-header-display":"","ast-hfb-mobile-header-display":"","site-post-title":"","ast-breadcrumbs-content":"","ast-featured-img":"","footer-sml-layout":"","theme-transparent-header-meta":"default","adv-header-id-meta":"","stick-header-meta":"","header-above-stick-meta":"","header-main-stick-meta":"","header-below-stick-meta":"","astra-migrate-meta-layouts":"set","_joinchat":[]},"product_cat":[165,153,155,33,59,100,87,34,158,157,154,152,58,84,156,363],"product_tag":[77,36,37,91,105,127,41,71,40],"class_list":["post-2403","product","type-product","status-publish","has-post-thumbnail","hentry","product_cat-15000-puffs-disposable-vape","product_cat-hot-disposable-vapes","product_cat-belgium-hot-disposable-vapes","product_cat-france-vape-hot-sale","product_cat-germany-hot-disposable-vape","product_cat-germany-wholesale-vape-shop","product_cat-minimum-order-quantity-50pcs","product_cat-netherlands-vape-good-sale","product_cat-norway-hot-disposable-vapes","product_cat-poland-hot-disposable-vapes","product_cat-portugal-hot-disposable-vapes","product_cat-spain-hot-disposable-vapes","product_cat-sweden-hot-disposable-vape","product_cat-sweden-wholesale-vape","product_cat-switzerland-hot-disposable-vapes","product_cat-vopk-vape","product_tag-15000-puffs","product_tag-good-vape","product_tag-hot-sale-disposable-vape","product_tag-italy-hot-vape","product_tag-jnr","product_tag-original-vape-inr-shisha","product_tag-poland-hot-vape","product_tag-randm","product_tag-sweden-hot-vape","pa_brand-vopk-vape","desktop-align-left","tablet-align-left","mobile-align-left"],"yoast_head":"<!-- This site is optimized with the Yoast SEO plugin v21.1 - https:\/\/yoast.com\/wordpress\/plugins\/seo\/ -->\n<title>VOPK SHISHA 15K PUFFS Original Vape JNR SHISHA - vapebulkp.com<\/title>\n<meta name=\"description\" content=\"Buy the VOPK SHISHA 15000 Puffs, a high-capacity 15000 Puffs Disposable Vape with mesh coil technology, rich nicotine salt flavors, and rechargeable battery. Perfect for daily use or wholesale orders \u2014 order now from EU warehouse!\" \/>\n<meta name=\"robots\" content=\"index, follow, max-snippet:-1, max-image-preview:large, max-video-preview:-1\" \/>\n<link rel=\"canonical\" href=\"https:\/\/vapebulkp.com\/et\/product\/vopk-shisha-15k-puffs-original-vape-jnr-shisha\/\" \/>\n<meta property=\"og:locale\" content=\"et_EE\" \/>\n<meta property=\"og:type\" content=\"article\" \/>\n<meta property=\"og:title\" content=\"VOPK SHISHA 15K PUFFS Original Vape JNR SHISHA - vapebulkp.com\" \/>\n<meta property=\"og:description\" content=\"Buy the VOPK SHISHA 15000 Puffs, a high-capacity 15000 Puffs Disposable Vape with mesh coil technology, rich nicotine salt flavors, and rechargeable battery. Perfect for daily use or wholesale orders \u2014 order now from EU warehouse!\" \/>\n<meta property=\"og:url\" content=\"https:\/\/vapebulkp.com\/et\/product\/vopk-shisha-15k-puffs-original-vape-jnr-shisha\/\" \/>\n<meta property=\"og:site_name\" content=\"vapebulkp.com\" \/>\n<meta property=\"article:modified_time\" content=\"2025-09-24T03:46:13+00:00\" \/>\n<meta property=\"og:image\" content=\"http:\/\/vapebulkp.com\/wp-content\/uploads\/2024\/04\/VOPK-SHISHA-15000-Puffs-Top-Sale.png\" \/>\n\t<meta property=\"og:image:width\" content=\"518\" \/>\n\t<meta property=\"og:image:height\" content=\"776\" \/>\n\t<meta property=\"og:image:type\" content=\"image\/png\" \/>\n<meta name=\"twitter:card\" content=\"summary_large_image\" \/>\n<meta name=\"twitter:label1\" content=\"Est. reading time\" \/>\n\t<meta name=\"twitter:data1\" content=\"5 minutit\" \/>\n<script type=\"application\/ld+json\" class=\"yoast-schema-graph\">{\"@context\":\"https:\/\/schema.org\",\"@graph\":[{\"@type\":\"WebPage\",\"@id\":\"https:\/\/vapebulkp.com\/product\/vopk-shisha-15k-puffs-original-vape-jnr-shisha\/\",\"url\":\"https:\/\/vapebulkp.com\/product\/vopk-shisha-15k-puffs-original-vape-jnr-shisha\/\",\"name\":\"VOPK SHISHA 15K PUFFS Original Vape JNR SHISHA - vapebulkp.com\",\"isPartOf\":{\"@id\":\"https:\/\/vapebulkp.com\/#website\"},\"datePublished\":\"2024-04-29T09:11:35+00:00\",\"dateModified\":\"2025-09-24T03:46:13+00:00\",\"description\":\"Buy the VOPK SHISHA 15000 Puffs, a high-capacity 15000 Puffs Disposable Vape with mesh coil technology, rich nicotine salt flavors, and rechargeable battery. Perfect for daily use or wholesale orders \u2014 order now from EU warehouse!\",\"breadcrumb\":{\"@id\":\"https:\/\/vapebulkp.com\/product\/vopk-shisha-15k-puffs-original-vape-jnr-shisha\/#breadcrumb\"},\"inLanguage\":\"et\",\"potentialAction\":[{\"@type\":\"ReadAction\",\"target\":[\"https:\/\/vapebulkp.com\/product\/vopk-shisha-15k-puffs-original-vape-jnr-shisha\/\"]}]},{\"@type\":\"BreadcrumbList\",\"@id\":\"https:\/\/vapebulkp.com\/product\/vopk-shisha-15k-puffs-original-vape-jnr-shisha\/#breadcrumb\",\"itemListElement\":[{\"@type\":\"ListItem\",\"position\":1,\"name\":\"Home\",\"item\":\"https:\/\/vapebulkp.com\/\"},{\"@type\":\"ListItem\",\"position\":2,\"name\":\"Hot Trend Vapes\",\"item\":\"https:\/\/vapebulkp.com\/vape-shop\/\"},{\"@type\":\"ListItem\",\"position\":3,\"name\":\"VOPK SHISHA 15K PUFFS Original Vape JNR SHISHA\"}]},{\"@type\":\"WebSite\",\"@id\":\"https:\/\/vapebulkp.com\/#website\",\"url\":\"https:\/\/vapebulkp.com\/\",\"name\":\"vapebulkp.com\",\"description\":\"Buy Vape In Cheap Bulk Price Near you\",\"publisher\":{\"@id\":\"https:\/\/vapebulkp.com\/#organization\"},\"potentialAction\":[{\"@type\":\"SearchAction\",\"target\":{\"@type\":\"EntryPoint\",\"urlTemplate\":\"https:\/\/vapebulkp.com\/?s={search_term_string}\"},\"query-input\":\"required name=search_term_string\"}],\"inLanguage\":\"et\"},{\"@type\":\"Organization\",\"@id\":\"https:\/\/vapebulkp.com\/#organization\",\"name\":\"vapebulkp.com\",\"url\":\"https:\/\/vapebulkp.com\/\",\"logo\":{\"@type\":\"ImageObject\",\"inLanguage\":\"et\",\"@id\":\"https:\/\/vapebulkp.com\/#\/schema\/logo\/image\/\",\"url\":\"https:\/\/vapebulkp.com\/wp-content\/uploads\/2023\/09\/cropped-vapebulkp.png\",\"contentUrl\":\"https:\/\/vapebulkp.com\/wp-content\/uploads\/2023\/09\/cropped-vapebulkp.png\",\"width\":516,\"height\":163,\"caption\":\"vapebulkp.com\"},\"image\":{\"@id\":\"https:\/\/vapebulkp.com\/#\/schema\/logo\/image\/\"}}]}<\/script>\n<!-- \/ Yoast SEO plugin. -->","yoast_head_json":{"title":"VOPK SHISHA 15K PUFFS Original Vape JNR SHISHA - vapebulkp.com","description":"Buy the VOPK SHISHA 15000 Puffs, a high-capacity 15000 Puffs Disposable Vape with mesh coil technology, rich nicotine salt flavors, and rechargeable battery. Perfect for daily use or wholesale orders \u2014 order now from EU warehouse!","robots":{"index":"index","follow":"follow","max-snippet":"max-snippet:-1","max-image-preview":"max-image-preview:large","max-video-preview":"max-video-preview:-1"},"canonical":"https:\/\/vapebulkp.com\/et\/product\/vopk-shisha-15k-puffs-original-vape-jnr-shisha\/","og_locale":"et_EE","og_type":"article","og_title":"VOPK SHISHA 15K PUFFS Original Vape JNR SHISHA - vapebulkp.com","og_description":"Buy the VOPK SHISHA 15000 Puffs, a high-capacity 15000 Puffs Disposable Vape with mesh coil technology, rich nicotine salt flavors, and rechargeable battery. Perfect for daily use or wholesale orders \u2014 order now from EU warehouse!","og_url":"https:\/\/vapebulkp.com\/et\/product\/vopk-shisha-15k-puffs-original-vape-jnr-shisha\/","og_site_name":"vapebulkp.com","article_modified_time":"2025-09-24T03:46:13+00:00","og_image":[{"width":518,"height":776,"url":"http:\/\/vapebulkp.com\/wp-content\/uploads\/2024\/04\/VOPK-SHISHA-15000-Puffs-Top-Sale.png","type":"image\/png"}],"twitter_card":"summary_large_image","twitter_misc":{"Est. reading time":"5 minutit"},"schema":{"@context":"https:\/\/schema.org","@graph":[{"@type":"WebPage","@id":"https:\/\/vapebulkp.com\/product\/vopk-shisha-15k-puffs-original-vape-jnr-shisha\/","url":"https:\/\/vapebulkp.com\/product\/vopk-shisha-15k-puffs-original-vape-jnr-shisha\/","name":"VOPK SHISHA 15K PUFFS Original Vape JNR SHISHA - vapebulkp.com","isPartOf":{"@id":"https:\/\/vapebulkp.com\/#website"},"datePublished":"2024-04-29T09:11:35+00:00","dateModified":"2025-09-24T03:46:13+00:00","description":"Buy the VOPK SHISHA 15000 Puffs, a high-capacity 15000 Puffs Disposable Vape with mesh coil technology, rich nicotine salt flavors, and rechargeable battery. Perfect for daily use or wholesale orders \u2014 order now from EU warehouse!","breadcrumb":{"@id":"https:\/\/vapebulkp.com\/product\/vopk-shisha-15k-puffs-original-vape-jnr-shisha\/#breadcrumb"},"inLanguage":"et","potentialAction":[{"@type":"ReadAction","target":["https:\/\/vapebulkp.com\/product\/vopk-shisha-15k-puffs-original-vape-jnr-shisha\/"]}]},{"@type":"BreadcrumbList","@id":"https:\/\/vapebulkp.com\/product\/vopk-shisha-15k-puffs-original-vape-jnr-shisha\/#breadcrumb","itemListElement":[{"@type":"ListItem","position":1,"name":"Home","item":"https:\/\/vapebulkp.com\/"},{"@type":"ListItem","position":2,"name":"Hot Trend Vapes","item":"https:\/\/vapebulkp.com\/vape-shop\/"},{"@type":"ListItem","position":3,"name":"VOPK SHISHA 15K PUFFS Original Vape JNR SHISHA"}]},{"@type":"WebSite","@id":"https:\/\/vapebulkp.com\/#website","url":"https:\/\/vapebulkp.com\/","name":"vapebulkp.com","description":"Buy Vape In Cheap Bulk Price Near you","publisher":{"@id":"https:\/\/vapebulkp.com\/#organization"},"potentialAction":[{"@type":"SearchAction","target":{"@type":"EntryPoint","urlTemplate":"https:\/\/vapebulkp.com\/?s={search_term_string}"},"query-input":"required name=search_term_string"}],"inLanguage":"et"},{"@type":"Organization","@id":"https:\/\/vapebulkp.com\/#organization","name":"vapebulkp.com","url":"https:\/\/vapebulkp.com\/","logo":{"@type":"ImageObject","inLanguage":"et","@id":"https:\/\/vapebulkp.com\/#\/schema\/logo\/image\/","url":"https:\/\/vapebulkp.com\/wp-content\/uploads\/2023\/09\/cropped-vapebulkp.png","contentUrl":"https:\/\/vapebulkp.com\/wp-content\/uploads\/2023\/09\/cropped-vapebulkp.png","width":516,"height":163,"caption":"vapebulkp.com"},"image":{"@id":"https:\/\/vapebulkp.com\/#\/schema\/logo\/image\/"}}]}},"uagb_featured_image_src":{"full":["https:\/\/vapebulkp.com\/wp-content\/uploads\/2024\/04\/VOPK-SHISHA-15000-Puffs-Top-Sale.png",518,776,false],"thumbnail":["https:\/\/vapebulkp.com\/wp-content\/uploads\/2024\/04\/VOPK-SHISHA-15000-Puffs-Top-Sale-150x150.png",150,150,true],"medium":["https:\/\/vapebulkp.com\/wp-content\/uploads\/2024\/04\/VOPK-SHISHA-15000-Puffs-Top-Sale-200x300.png",200,300,true],"medium_large":["https:\/\/vapebulkp.com\/wp-content\/uploads\/2024\/04\/VOPK-SHISHA-15000-Puffs-Top-Sale.png",518,776,false],"large":["https:\/\/vapebulkp.com\/wp-content\/uploads\/2024\/04\/VOPK-SHISHA-15000-Puffs-Top-Sale.png",518,776,false],"1536x1536":["https:\/\/vapebulkp.com\/wp-content\/uploads\/2024\/04\/VOPK-SHISHA-15000-Puffs-Top-Sale.png",518,776,false],"2048x2048":["https:\/\/vapebulkp.com\/wp-content\/uploads\/2024\/04\/VOPK-SHISHA-15000-Puffs-Top-Sale.png",518,776,false],"trp-custom-language-flag":["https:\/\/vapebulkp.com\/wp-content\/uploads\/2024\/04\/VOPK-SHISHA-15000-Puffs-Top-Sale.png",8,12,false],"woocommerce_thumbnail":["https:\/\/vapebulkp.com\/wp-content\/uploads\/2024\/04\/VOPK-SHISHA-15000-Puffs-Top-Sale-300x300.png",300,300,true],"woocommerce_single":["https:\/\/vapebulkp.com\/wp-content\/uploads\/2024\/04\/VOPK-SHISHA-15000-Puffs-Top-Sale.png",518,776,false],"woocommerce_gallery_thumbnail":["https:\/\/vapebulkp.com\/wp-content\/uploads\/2024\/04\/VOPK-SHISHA-15000-Puffs-Top-Sale-100x100.png",100,100,true],"wcpr-photo-reviews":["https:\/\/vapebulkp.com\/wp-content\/uploads\/2024\/04\/VOPK-SHISHA-15000-Puffs-Top-Sale.png",334,500,false]},"uagb_author_info":{"display_name":"Mandy vape bulk price","author_link":"https:\/\/vapebulkp.com\/et\/author\/"},"uagb_comment_info":0,"uagb_excerpt":"Immerse yourself in unparalleled satisfaction and quality with the VOPK Shisha Hookah 15000 Puffs Pls Contact Mandy's WhatsApp For Discount Price+8618077105796 NOTE: Prices on our website does not include shipping costs","_links":{"self":[{"href":"https:\/\/vapebulkp.com\/et\/wp-json\/wp\/v2\/product\/2403","targetHints":{"allow":["GET"]}}],"collection":[{"href":"https:\/\/vapebulkp.com\/et\/wp-json\/wp\/v2\/product"}],"about":[{"href":"https:\/\/vapebulkp.com\/et\/wp-json\/wp\/v2\/types\/product"}],"replies":[{"embeddable":true,"href":"https:\/\/vapebulkp.com\/et\/wp-json\/wp\/v2\/comments?post=2403"}],"wp:featuredmedia":[{"embeddable":true,"href":"https:\/\/vapebulkp.com\/et\/wp-json\/wp\/v2\/media\/2375"}],"wp:attachment":[{"href":"https:\/\/vapebulkp.com\/et\/wp-json\/wp\/v2\/media?parent=2403"}],"wp:term":[{"taxonomy":"product_cat","embeddable":true,"href":"https:\/\/vapebulkp.com\/et\/wp-json\/wp\/v2\/product_cat?post=2403"},{"taxonomy":"product_tag","embeddable":true,"href":"https:\/\/vapebulkp.com\/et\/wp-json\/wp\/v2\/product_tag?post=2403"}],"curies":[{"name":"wp","href":"https:\/\/api.w.org\/{rel}","templated":true}]}}