{"id":2423,"date":"2024-05-09T10:54:09","date_gmt":"2024-05-09T08:54:09","guid":{"rendered":"https:\/\/vapebulkp.com\/?post_type=product&#038;p=2423"},"modified":"2025-09-24T05:14:17","modified_gmt":"2025-09-24T03:14:17","slug":"original-vape-big-puffs-bang-vape-36000puffs","status":"publish","type":"product","link":"https:\/\/vapebulkp.com\/et\/toode\/original-vape-big-puffs-bang-vape-36000puffs\/","title":{"rendered":"Originaal Vape Big Puffs Bang Vape 36000Puffs"},"content":{"rendered":"<h1 style=\"text-align: left\">Originaal Vape Big Puffs Bang Vape 36000Puffs<\/h1>\n<p data-start=\"265\" data-end=\"592\">Veip <strong data-start=\"269\" data-end=\"309\">Bang 36000 Puhvetit \u00fchekordselt kasutatav vape pod<\/strong> on esmaklassiline <a href=\"https:\/\/vapebulkp.com\/et\/tootekategooria\/36000-puff-disposable-vape\/\"><strong data-start=\"323\" data-end=\"354\">36000 Puhvetit \u00fchekordselt kasutatav vape<\/strong><\/a> mis on loodud pikaajaliseks j\u00f5udluseks ja sujuvaks maitse edastamiseks. Eelnevalt t\u00e4idetud tohutu 40 ml e-vedeliku kasseti ja saadaval 2% v\u00f5i 5% nikotiinisoolaga, pakub see seade pidevat rahulolu nii juhuslikele kui ka tugevatele veipijatele.<\/p>\n<p data-start=\"594\" data-end=\"936\">T\u00e4nu vastupidavale 850 mAh laetavale akule ja Type-C kiirlaadimisele tagab see katkematu veipimise minimaalse seisakuga. Bang 36000 kasutab t\u00e4iustatud m\u00e4histehnoloogiat tiheda auru tootmiseks ja rikkaliku kurgul\u00f6\u00f6gi saavutamiseks 10 populaarse maitsega, muutes selle \u00fcheks k\u00f5ige usaldusv\u00e4\u00e4rsemaks <strong data-start=\"885\" data-end=\"919\">suure mahutavusega \u00fchekordselt kasutatavad vape'id<\/strong> turul.<\/p>\n<p data-start=\"938\" data-end=\"1150\">Kompaktne, stiilne ja v\u00f5imas <strong data-start=\"974\" data-end=\"1014\">Bang 36000 Puhvetit \u00fchekordselt kasutatav vape pod<\/strong> on ideaalne valik neile, kes otsivad <strong data-start=\"1061\" data-end=\"1096\">kauakestev nikotiinisoolaga vape<\/strong> mis \u00fchendab mugavuse esmaklassilise j\u00f5udlusega.<\/p>\n<p><img decoding=\"async\" class=\"alignnone wp-image-2270\" src=\"http:\/\/vapebulkp.com\/wp-content\/uploads\/2024\/04\/Bang-Vape-36000-Puffs-Wholesale-Discount.jpg\" alt=\"Bang Vape 36000 pahvi hulgim\u00fc\u00fcgisoodustus\" width=\"642\" height=\"875\" srcset=\"https:\/\/vapebulkp.com\/wp-content\/uploads\/2024\/04\/Bang-Vape-36000-Puffs-Wholesale-Discount.jpg 1080w, https:\/\/vapebulkp.com\/wp-content\/uploads\/2024\/04\/Bang-Vape-36000-Puffs-Wholesale-Discount-220x300.jpg 220w, https:\/\/vapebulkp.com\/wp-content\/uploads\/2024\/04\/Bang-Vape-36000-Puffs-Wholesale-Discount-751x1024.jpg 751w, https:\/\/vapebulkp.com\/wp-content\/uploads\/2024\/04\/Bang-Vape-36000-Puffs-Wholesale-Discount-768x1047.jpg 768w, https:\/\/vapebulkp.com\/wp-content\/uploads\/2024\/04\/Bang-Vape-36000-Puffs-Wholesale-Discount-600x818.jpg 600w\" sizes=\"(max-width: 642px) 100vw, 642px\" \/><\/p>\n<h6>Soodushinna saamiseks v\u00f5tke \u00fchendust Mandy WhatsAppiga<a href=\"https:\/\/wa.me\/8618077105796\">+8618077105796<\/a><\/h6>\n<p><img decoding=\"async\" class=\"alignnone wp-image-2151\" src=\"http:\/\/vapebulkp.com\/wp-content\/uploads\/2024\/04\/Mandy-WhatsApp-Randm.jpg\" alt=\"Mandy WhatsAppi tutvustus\" width=\"261\" height=\"277\" srcset=\"https:\/\/vapebulkp.com\/wp-content\/uploads\/2024\/04\/Mandy-WhatsApp-Randm.jpg 916w, https:\/\/vapebulkp.com\/wp-content\/uploads\/2024\/04\/Mandy-WhatsApp-Randm-282x300.jpg 282w, https:\/\/vapebulkp.com\/wp-content\/uploads\/2024\/04\/Mandy-WhatsApp-Randm-768x817.jpg 768w, https:\/\/vapebulkp.com\/wp-content\/uploads\/2024\/04\/Mandy-WhatsApp-Randm-600x638.jpg 600w\" sizes=\"(max-width: 261px) 100vw, 261px\" \/><\/p>\n<h2>Arvasin, et v\u00f5iksite teada Bang 36000Puffs Originaal Vape kohta:<\/h2>\n<h5>1. Kuidas kasutada Bang 36k Puhvetit Vape Pen?<\/h5>\n<p>Samm 1. Enne bang vape 36k puhvetite kasutamist eemaldage plasttoru.<\/p>\n<p>2. samm. Oodake umbes 3 minutit, et mahl j\u00f5uaks spiraali sisse.<\/p>\n<p>3. samm. Nautige<\/p>\n<h5>2. Kuidas laadida \u00fchekordselt kasutatavat vape Bang Vape 36k Puhvetit Sleek Vape?<\/h5>\n<p>Kiirlaadimise laadijaid ei saa kasutada, ja \u00fchekordselt kasutatavate e-sigarettide standardne ohutu v\u00f5imsus on 5V 1A.<\/p>\n<p>Iga laadimisaeg ei tohi \u00fcletada 1 tund ja ohutu laadimisaeg on pool tundi.<\/p>\n<p><span style=\"color: #ff0000\">M\u00e4rkus: ei tohi laadida terve \u00f6\u00f6!<\/span><\/p>\n<h5>3. Mis on Bang 36k Puhvetit Vape Pen'i e-vedeliku maht?<\/h5>\n<p>40ml<\/p>\n<h5>4. Mitu puhvetit ma saan sellest Bang 36000 Puhvetit \u00fchekordselt kasutatavast vape'ist v\u00f5tta?<\/h5>\n<p>\u2014\u201336 tuhat pahvi<\/p>\n<h3>Bang 36000 pahvi \u00fchekordselt kasutatava vape-podi omadused:<\/h3>\n<ul>\n<li>Pahvid: Kuni 36000 pahvi<\/li>\n<li>\u00a0Vedelik: 40 ml eelt\u00e4idetud e-vedeliku kassett<\/li>\n<li>Nikotiin: 2\/5% nikotiinisool<\/li>\n<li>\u00a0T\u00fc\u00fcbid: \u00dchekordselt kasutatav vape<\/li>\n<li>\u00a0850mAh aku<\/li>\n<li>\u00a0Type-c laetav<\/li>\n<li>\u00a0Saadaval 10 maitset<\/li>\n<\/ul>\n<h3><strong>Suured pahvid Vape Bang 36000 pahvi maitsete loendid?<\/strong><\/h3>\n<p>1.Maasikas Kiwi<br \/>\n2.Mango Virsik Arbuus<br \/>\n3.SEGA PUUVILJA<br \/>\n4.m\u00fcndij\u00e4\u00e4<br \/>\n5.Mango Virsik<br \/>\n6.viinamarjaj\u00e4\u00e4<br \/>\n7.topelt\u00f5un<br \/>\n8.mustikas vaarikas<br \/>\n9.Maasikas Arbuus<br \/>\n10.ARBUSIJ\u00c4\u00c4<br \/>\n11.maasikas mango<br \/>\n12.Mustika j\u00e4\u00e4tis<\/p>\n<p><a href=\"https:\/\/vapebulkp.com\/et\/toode\/popular-randm-tornado-7000puffs-disposable-vape-best-price\/\"><span style=\"vertical-align: inherit\">RandM Tornado 7000 Puhvrit <\/span><\/a><\/p>\n<p><span style=\"vertical-align: inherit\">Leia rohkem tooteid, mis sulle meeldida v\u00f5iksid:<\/span><em><a href=\"https:\/\/wa.me\/8618077105796\"><span style=\"vertical-align: inherit\">\u00a0Osta kohe<\/span><\/a><\/em><\/p>\n<p><span style=\"vertical-align: inherit\">Teised e-sigaretid, mis sulle meeldida v\u00f5ivad:<\/span><a href=\"https:\/\/vapebulkp.com\/et\/toode\/joymy-ultra15000puffs-best-disposable-vape-2023\/\"><span style=\"vertical-align: inherit\">JOYMY 15000 pahvi<\/span><\/a><span style=\"vertical-align: inherit\">\u3001<\/span><a href=\"https:\/\/vapebulkp.com\/et\/toode\/wholesale-randm-tornado-9000-puffs-germany\/\"><span style=\"vertical-align: inherit\">RandM 9000 Pahvi<\/span><\/a><span style=\"vertical-align: inherit\">\/ <\/span><a href=\"https:\/\/vapebulkp.com\/et\/toode\/bang-king-12000puffs\/\"><span style=\"vertical-align: inherit\">Bang King 12000 Mahvi<\/span><\/a><span style=\"vertical-align: inherit\">\/ <\/span><a href=\"https:\/\/vapebulkp.com\/et\/toode\/wholesale-tornado-rum-bar-9000-puffs-sweden\/\"><span style=\"vertical-align: inherit\">Rumbar 9000 pahvi<\/span><\/a><\/p>\n<p><span style=\"vertical-align: inherit\">Erilise kujuga e-sigareti pudel:<\/span><a href=\"https:\/\/vapebulkp.com\/et\/toode\/bang-with-a-vape-18000-puffs-crown-bar-hot-vape\/\"><span style=\"vertical-align: inherit\"> Bang 18000 pahvi<\/span><\/a><span style=\"vertical-align: inherit\">\/ <\/span><a href=\"https:\/\/vapebulkp.com\/et\/toode\/best-price-wga-crystal-pro-max-15k-puffs-original-vape\/\"><span style=\"vertical-align: inherit\">\u00a0WGA Crystal Pro Max 15000 pahvi <\/span><\/a><span style=\"vertical-align: inherit\">\/<\/span><a href=\"https:\/\/vapebulkp.com\/et\/toode\/disposable-vape-crystal-600-puffs\/\"><span style=\"vertical-align: inherit\"> Crystal 600 pahvi<\/span><\/a><\/p>\n<h5>Tootmise kvalifikatsioon:<\/h5>\n<p><img decoding=\"async\" class=\"alignnone size-full wp-image-1841\" src=\"http:\/\/vapebulkp.com\/wp-content\/uploads\/2023\/11\/Vape-production-process-2.jpeg\" alt=\"Veibi tootmisprotsess\" width=\"650\" height=\"434\" srcset=\"https:\/\/vapebulkp.com\/wp-content\/uploads\/2023\/11\/Vape-production-process-2.jpeg 650w, https:\/\/vapebulkp.com\/wp-content\/uploads\/2023\/11\/Vape-production-process-2-300x200.jpeg 300w, https:\/\/vapebulkp.com\/wp-content\/uploads\/2023\/11\/Vape-production-process-2-600x401.jpeg 600w\" sizes=\"(max-width: 650px) 100vw, 650px\" \/><\/p>\n<p><img decoding=\"async\" class=\"alignnone size-full wp-image-1843\" src=\"http:\/\/vapebulkp.com\/wp-content\/uploads\/2023\/11\/Vape-production-process.jpeg\" alt=\"Veibi tootmisprotsess\" width=\"641\" height=\"1026\" srcset=\"https:\/\/vapebulkp.com\/wp-content\/uploads\/2023\/11\/Vape-production-process.jpeg 641w, https:\/\/vapebulkp.com\/wp-content\/uploads\/2023\/11\/Vape-production-process-187x300.jpeg 187w, https:\/\/vapebulkp.com\/wp-content\/uploads\/2023\/11\/Vape-production-process-640x1024.jpeg 640w, https:\/\/vapebulkp.com\/wp-content\/uploads\/2023\/11\/Vape-production-process-600x960.jpeg 600w\" sizes=\"(max-width: 641px) 100vw, 641px\" \/><\/p>\n<h5>KKK:<\/h5>\n<p>K: Mis on Good Vape Bang 36000 pahvi MOQ?<br \/>\nA: Minu tellimus on 100 tk.<br \/>\nK: Mis on tellitud vape'i tarneaeg?<br \/>\nV: Tavaliselt 10-15 p\u00e4eva p\u00e4rast v\u00e4ljasaatmist<br \/>\nK: Kui palju on saatmiskulu?V: Saatmiskaal s\u00f5ltub kaalust. Erinevatel kogustel on erinevad saatmiskulud, saatmiskulu kinnitamiseks v\u00f5tke meiega \u00fchendust.<\/p>\n<h4>Saatmisinfo:<\/h4>\n<p><span style=\"color: #ff6600\">Tootmisaeg: 5-10 t\u00f6\u00f6p\u00e4eva<\/span><br \/>\n<span style=\"color: #ff6600\">Saatmisaeg: 8-14 t\u00f6\u00f6p\u00e4eva<\/span><\/p>\n<p>K\u00f5ik meie poe tooted on 100% originaalsed ja autentsed, seega on v\u00f5ltsitud kaupade eest k\u00fcmnekordne h\u00fcvitis meie poe poliitika. Kasutame kaupade teile tarnimiseks logistikakanaleid nagu UPS\/DHL\/FEDEX\/DPD.<\/p>\n<p>Eestisse saadetud pakkide kohalej\u00f5udmine v\u00f5tab tavaliselt aega 10 t\u00f6\u00f6p\u00e4eva. Euroopa riikidesse saatmine v\u00f5tab tavaliselt aega 12 kuni 15 t\u00f6\u00f6p\u00e4eva. Uuendame logistikainfot teie jaoks reaalajas.<\/p>","protected":false},"excerpt":{"rendered":"<p>Stiilne ja kompaktne vape Bang 36k Puhvetit \u00fchekordselt kasutatav vape<\/p>\n<p><img decoding=\"async\" class=\"alignnone wp-image-2151\" src=\"http:\/\/vapebulkp.com\/wp-content\/uploads\/2024\/04\/Mandy-WhatsApp-Randm.jpg\" alt=\"Mandy WhatsAppi tutvustus\" width=\"281\" height=\"299\" srcset=\"https:\/\/vapebulkp.com\/wp-content\/uploads\/2024\/04\/Mandy-WhatsApp-Randm.jpg 916w, https:\/\/vapebulkp.com\/wp-content\/uploads\/2024\/04\/Mandy-WhatsApp-Randm-282x300.jpg 282w, https:\/\/vapebulkp.com\/wp-content\/uploads\/2024\/04\/Mandy-WhatsApp-Randm-768x817.jpg 768w, https:\/\/vapebulkp.com\/wp-content\/uploads\/2024\/04\/Mandy-WhatsApp-Randm-600x638.jpg 600w\" sizes=\"(max-width: 281px) 100vw, 281px\" \/><\/p>\n<p>Soodushinna saamiseks v\u00f5tke \u00fchendust Mandy WhatsAppiga<a href=\"https:\/\/wa.me\/8618077105796\">+8618077105796<\/a><\/p>\n<p><span style=\"color: #ff0000\">M\u00c4RKUS: Meie veebisaidi hinnad ei sisalda saatmiskulusid<\/span><\/p>\n<p>&nbsp;<\/p>","protected":false},"featured_media":2270,"comment_status":"open","ping_status":"closed","template":"","meta":{"_uag_custom_page_level_css":"","_lmt_disableupdate":"no","_lmt_disable":"","site-sidebar-layout":"default","site-content-layout":"content-boxed-container","ast-site-content-layout":"normal-width-container","site-content-style":"boxed","site-sidebar-style":"unboxed","ast-global-header-display":"","ast-banner-title-visibility":"","ast-main-header-display":"","ast-hfb-above-header-display":"","ast-hfb-below-header-display":"","ast-hfb-mobile-header-display":"","site-post-title":"","ast-breadcrumbs-content":"","ast-featured-img":"","footer-sml-layout":"","theme-transparent-header-meta":"default","adv-header-id-meta":"","stick-header-meta":"","header-above-stick-meta":"","header-main-stick-meta":"","header-below-stick-meta":"","astra-migrate-meta-layouts":"set","_joinchat":[]},"product_cat":[159,153,345,155,33,59,100,87,34,158,157,154,152,58,84,156,63,32],"product_tag":[130,93,36,37,40],"class_list":["post-2423","product","type-product","status-publish","has-post-thumbnail","hentry","product_cat-36000-puff-disposable-vape","product_cat-hot-disposable-vapes","product_cat-bang-vapes","product_cat-belgium-hot-disposable-vapes","product_cat-france-vape-hot-sale","product_cat-germany-hot-disposable-vape","product_cat-germany-wholesale-vape-shop","product_cat-minimum-order-quantity-50pcs","product_cat-netherlands-vape-good-sale","product_cat-norway-hot-disposable-vapes","product_cat-poland-hot-disposable-vapes","product_cat-portugal-hot-disposable-vapes","product_cat-spain-hot-disposable-vapes","product_cat-sweden-hot-disposable-vape","product_cat-sweden-wholesale-vape","product_cat-switzerland-hot-disposable-vapes","product_cat-top-sale-disposable-vape","product_cat-vape-hot-sale-this-week","product_tag-36000puffs","product_tag-bang-vape","product_tag-good-vape","product_tag-hot-sale-disposable-vape","product_tag-sweden-hot-vape","pa_brand-bang-king-vape","desktop-align-left","tablet-align-left","mobile-align-left"],"yoast_head":"<!-- This site is optimized with the Yoast SEO plugin v21.1 - https:\/\/yoast.com\/wordpress\/plugins\/seo\/ -->\n<title>Original Vape Big Puffs Bang Vape 36000Puffs - vapebulkp.com<\/title>\n<meta name=\"description\" content=\"Enjoy the convenience of Sleek vape Original Vape Big Puffs Bang Vape 36000Puffs disposable e-cigarettes and quickly satisfy your high-puff needs\" \/>\n<meta name=\"robots\" content=\"index, follow, max-snippet:-1, max-image-preview:large, max-video-preview:-1\" \/>\n<link rel=\"canonical\" href=\"https:\/\/vapebulkp.com\/et\/toode\/original-vape-big-puffs-bang-vape-36000puffs\/\" \/>\n<meta property=\"og:locale\" content=\"et_EE\" \/>\n<meta property=\"og:type\" content=\"article\" \/>\n<meta property=\"og:title\" content=\"Original Vape Big Puffs Bang Vape 36000Puffs - vapebulkp.com\" \/>\n<meta property=\"og:description\" content=\"Enjoy the convenience of Sleek vape Original Vape Big Puffs Bang Vape 36000Puffs disposable e-cigarettes and quickly satisfy your high-puff needs\" \/>\n<meta property=\"og:url\" content=\"https:\/\/vapebulkp.com\/et\/toode\/original-vape-big-puffs-bang-vape-36000puffs\/\" \/>\n<meta property=\"og:site_name\" content=\"vapebulkp.com\" \/>\n<meta property=\"article:modified_time\" content=\"2025-09-24T03:14:17+00:00\" \/>\n<meta property=\"og:image\" content=\"http:\/\/vapebulkp.com\/wp-content\/uploads\/2024\/04\/Bang-Vape-36000-Puffs-Wholesale-Discount.jpg\" \/>\n\t<meta property=\"og:image:width\" content=\"1080\" \/>\n\t<meta property=\"og:image:height\" content=\"1472\" \/>\n\t<meta property=\"og:image:type\" content=\"image\/jpeg\" \/>\n<meta name=\"twitter:card\" content=\"summary_large_image\" \/>\n<meta name=\"twitter:label1\" content=\"Est. reading time\" \/>\n\t<meta name=\"twitter:data1\" content=\"4 minutit\" \/>\n<script type=\"application\/ld+json\" class=\"yoast-schema-graph\">{\"@context\":\"https:\/\/schema.org\",\"@graph\":[{\"@type\":\"WebPage\",\"@id\":\"https:\/\/vapebulkp.com\/product\/original-vape-big-puffs-bang-vape-36000puffs\/\",\"url\":\"https:\/\/vapebulkp.com\/product\/original-vape-big-puffs-bang-vape-36000puffs\/\",\"name\":\"Original Vape Big Puffs Bang Vape 36000Puffs - vapebulkp.com\",\"isPartOf\":{\"@id\":\"https:\/\/vapebulkp.com\/#website\"},\"datePublished\":\"2024-05-09T08:54:09+00:00\",\"dateModified\":\"2025-09-24T03:14:17+00:00\",\"description\":\"Enjoy the convenience of Sleek vape Original Vape Big Puffs Bang Vape 36000Puffs disposable e-cigarettes and quickly satisfy your high-puff needs\",\"breadcrumb\":{\"@id\":\"https:\/\/vapebulkp.com\/product\/original-vape-big-puffs-bang-vape-36000puffs\/#breadcrumb\"},\"inLanguage\":\"et\",\"potentialAction\":[{\"@type\":\"ReadAction\",\"target\":[\"https:\/\/vapebulkp.com\/product\/original-vape-big-puffs-bang-vape-36000puffs\/\"]}]},{\"@type\":\"BreadcrumbList\",\"@id\":\"https:\/\/vapebulkp.com\/product\/original-vape-big-puffs-bang-vape-36000puffs\/#breadcrumb\",\"itemListElement\":[{\"@type\":\"ListItem\",\"position\":1,\"name\":\"Home\",\"item\":\"https:\/\/vapebulkp.com\/\"},{\"@type\":\"ListItem\",\"position\":2,\"name\":\"Hot Trend Vapes\",\"item\":\"https:\/\/vapebulkp.com\/vape-shop\/\"},{\"@type\":\"ListItem\",\"position\":3,\"name\":\"Original Vape Big Puffs Bang Vape 36000Puffs\"}]},{\"@type\":\"WebSite\",\"@id\":\"https:\/\/vapebulkp.com\/#website\",\"url\":\"https:\/\/vapebulkp.com\/\",\"name\":\"vapebulkp.com\",\"description\":\"Buy Vape In Cheap Bulk Price Near you\",\"publisher\":{\"@id\":\"https:\/\/vapebulkp.com\/#organization\"},\"potentialAction\":[{\"@type\":\"SearchAction\",\"target\":{\"@type\":\"EntryPoint\",\"urlTemplate\":\"https:\/\/vapebulkp.com\/?s={search_term_string}\"},\"query-input\":\"required name=search_term_string\"}],\"inLanguage\":\"et\"},{\"@type\":\"Organization\",\"@id\":\"https:\/\/vapebulkp.com\/#organization\",\"name\":\"vapebulkp.com\",\"url\":\"https:\/\/vapebulkp.com\/\",\"logo\":{\"@type\":\"ImageObject\",\"inLanguage\":\"et\",\"@id\":\"https:\/\/vapebulkp.com\/#\/schema\/logo\/image\/\",\"url\":\"https:\/\/vapebulkp.com\/wp-content\/uploads\/2023\/09\/cropped-vapebulkp.png\",\"contentUrl\":\"https:\/\/vapebulkp.com\/wp-content\/uploads\/2023\/09\/cropped-vapebulkp.png\",\"width\":516,\"height\":163,\"caption\":\"vapebulkp.com\"},\"image\":{\"@id\":\"https:\/\/vapebulkp.com\/#\/schema\/logo\/image\/\"}}]}<\/script>\n<!-- \/ Yoast SEO plugin. -->","yoast_head_json":{"title":"Original Vape Big Puffs Bang Vape 36000Puffs - vapebulkp.com","description":"Enjoy the convenience of Sleek vape Original Vape Big Puffs Bang Vape 36000Puffs disposable e-cigarettes and quickly satisfy your high-puff needs","robots":{"index":"index","follow":"follow","max-snippet":"max-snippet:-1","max-image-preview":"max-image-preview:large","max-video-preview":"max-video-preview:-1"},"canonical":"https:\/\/vapebulkp.com\/et\/toode\/original-vape-big-puffs-bang-vape-36000puffs\/","og_locale":"et_EE","og_type":"article","og_title":"Original Vape Big Puffs Bang Vape 36000Puffs - vapebulkp.com","og_description":"Enjoy the convenience of Sleek vape Original Vape Big Puffs Bang Vape 36000Puffs disposable e-cigarettes and quickly satisfy your high-puff needs","og_url":"https:\/\/vapebulkp.com\/et\/toode\/original-vape-big-puffs-bang-vape-36000puffs\/","og_site_name":"vapebulkp.com","article_modified_time":"2025-09-24T03:14:17+00:00","og_image":[{"width":1080,"height":1472,"url":"http:\/\/vapebulkp.com\/wp-content\/uploads\/2024\/04\/Bang-Vape-36000-Puffs-Wholesale-Discount.jpg","type":"image\/jpeg"}],"twitter_card":"summary_large_image","twitter_misc":{"Est. reading time":"4 minutit"},"schema":{"@context":"https:\/\/schema.org","@graph":[{"@type":"WebPage","@id":"https:\/\/vapebulkp.com\/product\/original-vape-big-puffs-bang-vape-36000puffs\/","url":"https:\/\/vapebulkp.com\/product\/original-vape-big-puffs-bang-vape-36000puffs\/","name":"Original Vape Big Puffs Bang Vape 36000Puffs - vapebulkp.com","isPartOf":{"@id":"https:\/\/vapebulkp.com\/#website"},"datePublished":"2024-05-09T08:54:09+00:00","dateModified":"2025-09-24T03:14:17+00:00","description":"Enjoy the convenience of Sleek vape Original Vape Big Puffs Bang Vape 36000Puffs disposable e-cigarettes and quickly satisfy your high-puff needs","breadcrumb":{"@id":"https:\/\/vapebulkp.com\/product\/original-vape-big-puffs-bang-vape-36000puffs\/#breadcrumb"},"inLanguage":"et","potentialAction":[{"@type":"ReadAction","target":["https:\/\/vapebulkp.com\/product\/original-vape-big-puffs-bang-vape-36000puffs\/"]}]},{"@type":"BreadcrumbList","@id":"https:\/\/vapebulkp.com\/product\/original-vape-big-puffs-bang-vape-36000puffs\/#breadcrumb","itemListElement":[{"@type":"ListItem","position":1,"name":"Home","item":"https:\/\/vapebulkp.com\/"},{"@type":"ListItem","position":2,"name":"Hot Trend Vapes","item":"https:\/\/vapebulkp.com\/vape-shop\/"},{"@type":"ListItem","position":3,"name":"Original Vape Big Puffs Bang Vape 36000Puffs"}]},{"@type":"WebSite","@id":"https:\/\/vapebulkp.com\/#website","url":"https:\/\/vapebulkp.com\/","name":"vapebulkp.com","description":"Buy Vape In Cheap Bulk Price Near you","publisher":{"@id":"https:\/\/vapebulkp.com\/#organization"},"potentialAction":[{"@type":"SearchAction","target":{"@type":"EntryPoint","urlTemplate":"https:\/\/vapebulkp.com\/?s={search_term_string}"},"query-input":"required name=search_term_string"}],"inLanguage":"et"},{"@type":"Organization","@id":"https:\/\/vapebulkp.com\/#organization","name":"vapebulkp.com","url":"https:\/\/vapebulkp.com\/","logo":{"@type":"ImageObject","inLanguage":"et","@id":"https:\/\/vapebulkp.com\/#\/schema\/logo\/image\/","url":"https:\/\/vapebulkp.com\/wp-content\/uploads\/2023\/09\/cropped-vapebulkp.png","contentUrl":"https:\/\/vapebulkp.com\/wp-content\/uploads\/2023\/09\/cropped-vapebulkp.png","width":516,"height":163,"caption":"vapebulkp.com"},"image":{"@id":"https:\/\/vapebulkp.com\/#\/schema\/logo\/image\/"}}]}},"uagb_featured_image_src":{"full":["https:\/\/vapebulkp.com\/wp-content\/uploads\/2024\/04\/Bang-Vape-36000-Puffs-Wholesale-Discount.jpg",1080,1472,false],"thumbnail":["https:\/\/vapebulkp.com\/wp-content\/uploads\/2024\/04\/Bang-Vape-36000-Puffs-Wholesale-Discount-150x150.jpg",150,150,true],"medium":["https:\/\/vapebulkp.com\/wp-content\/uploads\/2024\/04\/Bang-Vape-36000-Puffs-Wholesale-Discount-220x300.jpg",220,300,true],"medium_large":["https:\/\/vapebulkp.com\/wp-content\/uploads\/2024\/04\/Bang-Vape-36000-Puffs-Wholesale-Discount-768x1047.jpg",768,1047,true],"large":["https:\/\/vapebulkp.com\/wp-content\/uploads\/2024\/04\/Bang-Vape-36000-Puffs-Wholesale-Discount-751x1024.jpg",751,1024,true],"1536x1536":["https:\/\/vapebulkp.com\/wp-content\/uploads\/2024\/04\/Bang-Vape-36000-Puffs-Wholesale-Discount.jpg",1080,1472,false],"2048x2048":["https:\/\/vapebulkp.com\/wp-content\/uploads\/2024\/04\/Bang-Vape-36000-Puffs-Wholesale-Discount.jpg",1080,1472,false],"trp-custom-language-flag":["https:\/\/vapebulkp.com\/wp-content\/uploads\/2024\/04\/Bang-Vape-36000-Puffs-Wholesale-Discount.jpg",9,12,false],"woocommerce_thumbnail":["https:\/\/vapebulkp.com\/wp-content\/uploads\/2024\/04\/Bang-Vape-36000-Puffs-Wholesale-Discount-300x300.jpg",300,300,true],"woocommerce_single":["https:\/\/vapebulkp.com\/wp-content\/uploads\/2024\/04\/Bang-Vape-36000-Puffs-Wholesale-Discount-600x818.jpg",600,818,true],"woocommerce_gallery_thumbnail":["https:\/\/vapebulkp.com\/wp-content\/uploads\/2024\/04\/Bang-Vape-36000-Puffs-Wholesale-Discount-100x100.jpg",100,100,true],"wcpr-photo-reviews":["https:\/\/vapebulkp.com\/wp-content\/uploads\/2024\/04\/Bang-Vape-36000-Puffs-Wholesale-Discount.jpg",367,500,false]},"uagb_author_info":{"display_name":"Mandy vape bulk price","author_link":"https:\/\/vapebulkp.com\/et\/author\/"},"uagb_comment_info":1,"uagb_excerpt":"Sleek and compact vape Bang 36k Puffs Disposable Vape Pls Contact Mandy's WhatsApp For Discount Price+8618077105796 NOTE: Prices on our website does not include shipping costs &nbsp;","_links":{"self":[{"href":"https:\/\/vapebulkp.com\/et\/wp-json\/wp\/v2\/product\/2423","targetHints":{"allow":["GET"]}}],"collection":[{"href":"https:\/\/vapebulkp.com\/et\/wp-json\/wp\/v2\/product"}],"about":[{"href":"https:\/\/vapebulkp.com\/et\/wp-json\/wp\/v2\/types\/product"}],"replies":[{"embeddable":true,"href":"https:\/\/vapebulkp.com\/et\/wp-json\/wp\/v2\/comments?post=2423"}],"wp:featuredmedia":[{"embeddable":true,"href":"https:\/\/vapebulkp.com\/et\/wp-json\/wp\/v2\/media\/2270"}],"wp:attachment":[{"href":"https:\/\/vapebulkp.com\/et\/wp-json\/wp\/v2\/media?parent=2423"}],"wp:term":[{"taxonomy":"product_cat","embeddable":true,"href":"https:\/\/vapebulkp.com\/et\/wp-json\/wp\/v2\/product_cat?post=2423"},{"taxonomy":"product_tag","embeddable":true,"href":"https:\/\/vapebulkp.com\/et\/wp-json\/wp\/v2\/product_tag?post=2423"}],"curies":[{"name":"wp","href":"https:\/\/api.w.org\/{rel}","templated":true}]}}