{"id":2472,"date":"2024-05-24T05:42:59","date_gmt":"2024-05-24T03:42:59","guid":{"rendered":"https:\/\/vapebulkp.com\/?post_type=product&#038;p=2472"},"modified":"2025-09-16T11:29:55","modified_gmt":"2025-09-16T09:29:55","slug":"uzy-qute-800-puffs-original-disposable-vape","status":"publish","type":"product","link":"https:\/\/vapebulkp.com\/et\/toode\/uzy-qute-800-puffs-original-disposable-vape\/","title":{"rendered":"UZY QUTE 800 Puhvrit Originaal \u00dchekordne Vape"},"content":{"rendered":"<h2>UZY QUTE 800 Puhvrit Originaal \u00dchekordne Vape<\/h2>\n<p data-start=\"359\" data-end=\"606\">Veip <strong>UZY QUTE<a href=\"https:\/\/vapebulkp.com\/et\/tootekategooria\/800-puffs-disposable-vape\/\"> 800 Puhviga \u00dchekordne Vape<\/a><\/strong> on disainitud veipijatele, kes soovivad lihtsust ja usaldusv\u00e4\u00e4rset j\u00f5udlust kompaktses vormis. Iga seade annab 3 ml eelt\u00e4idetud paagist kuni 800 puhvi, muutes selle praktiliseks valikuks igap\u00e4evaseks kasutamiseks.<\/p>\n<p data-start=\"608\" data-end=\"866\">550 mAh aku toitel see 800 puhviga <strong data-start=\"642\" data-end=\"681\">laetav \u00fchekordne e-sigaret<\/strong> kombineerib mugavust pikaajalise t\u00f6\u00f6kindlusega. Sisseehitatud <strong data-start=\"747\" data-end=\"772\">v\u00f5rgusilmaga m\u00e4hisega vape-seade<\/strong> tagab \u00fchtlase auru tootmise, rikkaliku maitse ja sujuva kurgutabamuse k\u00f5igi t\u00f5mmete ajal.<\/p>\n<p data-start=\"868\" data-end=\"1181\">Saadaval 21 mg\/ml ja 50 mg\/ml nikotiinitugevustega, UZY QUTE toimib mitmek\u00fclgse <strong data-start=\"957\" data-end=\"990\">nikotiinisoola \u00fchekordne veip<\/strong>, pakkudes 10 maitsevalikut, mis on kohandatud Euroopa veipimise eelistustele. Selle \u00f5huke, kerge korpus muudab selle ideaalseks <strong data-start=\"1106\" data-end=\"1140\">kompaktseks vape'iks Euroopa turule<\/strong>, sobides kergesti taskutesse ja kottidesse. Edasim\u00fc\u00fcjate ja hulgiklientide poolt usaldatud UZY QUTE paistab silma tulusana valikuna <strong data-start=\"1272\" data-end=\"1304\">hulgim\u00fc\u00fcgi \u00fchekordsete vape'ide ELi<\/strong> jaotamiseks.<\/p>\n<p><img decoding=\"async\" class=\"alignnone wp-image-2456\" src=\"http:\/\/vapebulkp.com\/wp-content\/uploads\/2024\/05\/UZY-QUTE-800-Puff-Disposable-Vape-Hot-Vape.png\" alt=\"UZY QUTE 800 Puhvi \u00dchekordne Vape Kuum Vape\" width=\"544\" height=\"1181\" \/><\/p>\n<h3 data-start=\"340\" data-end=\"409\">Miks osta UZY QUTE 800 Puhviga \u00dchekordne Vape Bar saidilt Vapebulkp.com?<\/h3>\n<p data-start=\"411\" data-end=\"808\">Vapebulkp.com-is, <strong data-start=\"433\" data-end=\"475\">UZY QUTE 800 Puffs \u00fchekordselt kasutatav vape-baar<\/strong> on \u00fcks usaldusv\u00e4\u00e4rsemaid valikuid Euroopa veipimisturul. Iga seade pakub kuni 800 pahvi, seda toidab 550 mAh aku ja sellel on <strong data-start=\"624\" data-end=\"649\">v\u00f5rgusilmaga m\u00e4hisega vape-seade<\/strong> sileda maitse kohaletoimetamiseks. Erinevalt tavalistest \u00fchekordselt kasutatavatest seadmetest, see <strong data-start=\"712\" data-end=\"751\">laetav \u00fchekordne e-sigaret<\/strong> pakub kasutajatele pikemat kasutusaega ja pidevat j\u00f5udlust.<\/p>\n<p data-start=\"810\" data-end=\"1043\">Koos <strong data-start=\"815\" data-end=\"848\">nikotiinisoola \u00fchekordne veip<\/strong> valikud 0% kuni 5% ja 10 maitsevalikut, UZY QUTE on kohandatud nii kergetele kui ka tavalistele veipijatele. Selle taskus\u00f5bralik disain muudab selle ideaalseks <strong data-start=\"1006\" data-end=\"1040\">kompaktseks vape'iks Euroopa turule<\/strong>.<\/p>\n<p data-start=\"1045\" data-end=\"1287\">Jaem\u00fc\u00fcjatele ja edasim\u00fc\u00fcjatele pakub Vapebulkp <strong data-start=\"1096\" data-end=\"1128\">hulgim\u00fc\u00fcgi vape <\/strong>\u00a0hinnad kiire ja usaldusv\u00e4\u00e4rse kohaletoimetamisega \u00fcle Eesti, Saksamaa, Prantsusmaa ja teiste EL-i riikide \u2013 tagades k\u00f5rged kasumimarginaalid ja klientide rahulolu.<\/p>\n<h6>Soodushinna saamiseks v\u00f5tke \u00fchendust Mandy WhatsAppiga<a href=\"https:\/\/wa.me\/8618077105796\">+8618077105796<\/a><\/h6>\n<h3><img decoding=\"async\" class=\"alignnone wp-image-2151\" src=\"http:\/\/vapebulkp.com\/wp-content\/uploads\/2024\/04\/Mandy-WhatsApp-Randm.jpg\" alt=\"Mandy WhatsAppi tutvustus\" width=\"260\" height=\"277\" srcset=\"https:\/\/vapebulkp.com\/wp-content\/uploads\/2024\/04\/Mandy-WhatsApp-Randm.jpg 916w, https:\/\/vapebulkp.com\/wp-content\/uploads\/2024\/04\/Mandy-WhatsApp-Randm-282x300.jpg 282w, https:\/\/vapebulkp.com\/wp-content\/uploads\/2024\/04\/Mandy-WhatsApp-Randm-768x817.jpg 768w, https:\/\/vapebulkp.com\/wp-content\/uploads\/2024\/04\/Mandy-WhatsApp-Randm-600x638.jpg 600w\" sizes=\"(max-width: 260px) 100vw, 260px\" \/><\/h3>\n<p>&nbsp;<\/p>\n<h3><strong style=\"font-size: 1.3em\"><span style=\"vertical-align: inherit\">Spetsifikatsioon UZY QUTE 8<\/span><\/strong><span style=\"font-size: 1.3em;font-weight: bold\">00 Puffs Vape Pencil<\/span><strong style=\"font-size: 1.3em\"><span style=\"vertical-align: inherit\">\uff1a<\/span><\/strong><\/h3>\n<blockquote><p>0% 2% 3% 5% Nikotiin<br \/>\n\u2611 Pahvid: 800<br \/>\n\u2611 Mahutavus: 3ml<br \/>\n\u2611 Saadaval 10 maitset<br \/>\n\u2611 550mah laetav<br \/>\n\u2611 Mesh Coil 1.2 \u03a9, LED v\u00e4rviline tuli<\/p><\/blockquote>\n<h3><strong>\u00a0Parima m\u00fc\u00fcgihinnaga Vape UZY QUTE<\/strong> 800 Puhviga <strong>Maitsete loend:<\/strong><\/h3>\n<blockquote><p>1.Kiivi passionvili<br \/>\n2. Sinine vaarikas j\u00e4\u00e4<br \/>\n3. Arbuusij\u00e4\u00e4<br \/>\n4. Sidrunim\u00fcnt<br \/>\n5. Kolmekordne mango<br \/>\n6. Segatud marjad<br \/>\n7. Viinamarjaj\u00e4\u00e4<br \/>\n8. Maasikaj\u00e4\u00e4<br \/>\n9. Koolaj\u00e4\u00e4<br \/>\n10. Redbull j\u00e4\u00e4<\/p><\/blockquote>\n<p>&nbsp;<\/p>\n<p><a href=\"https:\/\/vapebulkp.com\/et\/toode\/popular-randm-tornado-7000puffs-disposable-vape-best-price\/\"><span style=\"vertical-align: inherit\">RandM Tornado 7000 Puhvrit <\/span><\/a><\/p>\n<p><span style=\"vertical-align: inherit\">Leia rohkem tooteid, mis sulle meeldida v\u00f5iksid:<\/span><em><a href=\"https:\/\/wa.me\/8618077105796\"><span style=\"vertical-align: inherit\">\u00a0Osta kohe<\/span><\/a><\/em><\/p>\n<p><span style=\"vertical-align: inherit\">Teised e-sigaretid, mis sulle meeldida v\u00f5ivad:<\/span><a href=\"https:\/\/vapebulkp.com\/sv\/product\/fluumbox-digital-box-15k-puffs-rechargeable-vape-geek-bar\/\"><span style=\"vertical-align: inherit\">FLUUMBOX Digiboks 15000 Puhvi<\/span><\/a><span style=\"vertical-align: inherit\">\u3001<\/span><a href=\"https:\/\/vapebulkp.com\/et\/toode\/good-vape-waspe-digital-box-12000-puffs-fumot-box-12k-puffs-wholeslae-price\/\"><span style=\"vertical-align: inherit\">WASPE Digiboks 12000 Puhvi<\/span><\/a><span style=\"vertical-align: inherit\">\/ <\/span><a href=\"https:\/\/vapebulkp.com\/et\/toode\/wholesale-randm-tornado-9000-puffs-germany\/\"><span style=\"vertical-align: inherit\">RandM Tornado 9000 Mahvi<\/span><\/a><span style=\"vertical-align: inherit\">\/ <\/span><a href=\"https:\/\/vapebulkp.com\/et\/toode\/discount-price-bang-shisha-15k-puffs-jnr-shisha-disposable-vape\/\"><span style=\"vertical-align: inherit\">Bang shisha JNR SHISHA 15000 puhvi <\/span><\/a><\/p>\n<p><span style=\"vertical-align: inherit\">Erilise kujuga e-sigareti pudel:<\/span><a href=\"https:\/\/vapebulkp.com\/et\/toode\/good-sale-randm-tornado-10000-puffs-plus\/\"><span style=\"vertical-align: inherit\">RandM Tornado 10000 Puhvi Plus <\/span><\/a><span style=\"vertical-align: inherit\">\/<a href=\"https:\/\/vapebulkp.com\/sv\/product\/wholesale-price-randm-15k-waspe-15000-puffs-best-vape\/\"> Randm Tornado 15000 Puhvi<\/a><\/span><\/p>\n<h4>Tootmise kvalifikatsioon:<\/h4>\n<p><img decoding=\"async\" class=\"alignnone wp-image-1842\" src=\"http:\/\/vapebulkp.com\/wp-content\/uploads\/2023\/11\/Vape-production-process-2.jpg\" alt=\"Veibi tootmisprotsess\" width=\"671\" height=\"301\" srcset=\"https:\/\/vapebulkp.com\/wp-content\/uploads\/2023\/11\/Vape-production-process-2.jpg 800w, https:\/\/vapebulkp.com\/wp-content\/uploads\/2023\/11\/Vape-production-process-2-300x135.jpg 300w, https:\/\/vapebulkp.com\/wp-content\/uploads\/2023\/11\/Vape-production-process-2-768x345.jpg 768w, https:\/\/vapebulkp.com\/wp-content\/uploads\/2023\/11\/Vape-production-process-2-600x269.jpg 600w\" sizes=\"(max-width: 671px) 100vw, 671px\" \/><\/p>\n<p><img decoding=\"async\" class=\"alignnone wp-image-1843\" src=\"http:\/\/vapebulkp.com\/wp-content\/uploads\/2023\/11\/Vape-production-process.jpeg\" alt=\"Veibi tootmisprotsess\" width=\"671\" height=\"1074\" srcset=\"https:\/\/vapebulkp.com\/wp-content\/uploads\/2023\/11\/Vape-production-process.jpeg 641w, https:\/\/vapebulkp.com\/wp-content\/uploads\/2023\/11\/Vape-production-process-187x300.jpeg 187w, https:\/\/vapebulkp.com\/wp-content\/uploads\/2023\/11\/Vape-production-process-640x1024.jpeg 640w, https:\/\/vapebulkp.com\/wp-content\/uploads\/2023\/11\/Vape-production-process-600x960.jpeg 600w\" sizes=\"(max-width: 671px) 100vw, 671px\" \/><\/p>\n<h4>KKK:<\/h4>\n<p>K: Mis on Best Disposable Vape UZY QUTE 800 Puhvi MOQ?<br \/>\nA: Minu tellimus on 100 tk.<br \/>\nK: Mis on tellitud vape'i tarneaeg?<br \/>\nV: Tavaliselt 10-15 p\u00e4eva p\u00e4rast v\u00e4ljasaatmist<br \/>\nK: Kui palju on saatmiskulu?<\/p>\n<p>V: Saatmiskulu s\u00f5ltub kaalust. Erinevatel kogustel on erinevad saatmiskulud, v\u00f5tke meiega \u00fchendust, et kinnitada saatmiskulu.<\/p>\n<p>&nbsp;<\/p>\n<h4>Saatmisinfo:<\/h4>\n<p><span style=\"color: #ff6600\">Tootmisaeg: 5-10 t\u00f6\u00f6p\u00e4eva<\/span><br \/>\n<span style=\"color: #ff6600\">Saatmisaeg: 8-14 t\u00f6\u00f6p\u00e4eva<\/span><\/p>\n<p>K\u00f5ik meie poe tooted on 100% originaalsed ja autentsed, seega on v\u00f5ltsitud kaupade eest k\u00fcmnekordne h\u00fcvitis meie poe poliitika. Kasutame kaupade teile tarnimiseks logistikakanaleid nagu UPS\/DHL\/FEDEX\/DPD.<\/p>\n<p>Eestisse saadetud pakkide kohalej\u00f5udmine v\u00f5tab tavaliselt aega 10 t\u00f6\u00f6p\u00e4eva. Euroopa riikidesse saatmine v\u00f5tab tavaliselt aega 12 kuni 15 t\u00f6\u00f6p\u00e4eva. Uuendame logistikainfot teie jaoks reaalajas.<\/p>","protected":false},"excerpt":{"rendered":"<p>UZY QUTE 800 Puhviga Parim M\u00fc\u00fck VAPE<\/p>\n<p>800 Puhviga Originaal Vape UZY Crystal Vape<\/p>\n<p><img decoding=\"async\" class=\"alignnone wp-image-2151\" src=\"http:\/\/vapebulkp.com\/wp-content\/uploads\/2024\/04\/Mandy-WhatsApp-Randm.jpg\" alt=\"Mandy WhatsAppi tutvustus\" width=\"295\" height=\"314\" srcset=\"https:\/\/vapebulkp.com\/wp-content\/uploads\/2024\/04\/Mandy-WhatsApp-Randm.jpg 916w, https:\/\/vapebulkp.com\/wp-content\/uploads\/2024\/04\/Mandy-WhatsApp-Randm-282x300.jpg 282w, https:\/\/vapebulkp.com\/wp-content\/uploads\/2024\/04\/Mandy-WhatsApp-Randm-768x817.jpg 768w, https:\/\/vapebulkp.com\/wp-content\/uploads\/2024\/04\/Mandy-WhatsApp-Randm-600x638.jpg 600w\" sizes=\"(max-width: 295px) 100vw, 295px\" \/><\/p>\n<p>Soodushinna saamiseks v\u00f5tke \u00fchendust Mandy WhatsAppiga<a href=\"https:\/\/wa.me\/8618077105796\">+8618077105796<\/a><\/p>\n<p><span style=\"color: #ff0000\">M\u00c4RKUS: Meie veebisaidi hinnad ei sisalda saatmiskulusid<\/span><\/p>","protected":false},"featured_media":2461,"comment_status":"open","ping_status":"closed","template":"","meta":{"_uag_custom_page_level_css":"","_lmt_disableupdate":"no","_lmt_disable":"","site-sidebar-layout":"default","site-content-layout":"content-boxed-container","ast-site-content-layout":"normal-width-container","site-content-style":"boxed","site-sidebar-style":"unboxed","ast-global-header-display":"","ast-banner-title-visibility":"","ast-main-header-display":"","ast-hfb-above-header-display":"","ast-hfb-below-header-display":"","ast-hfb-mobile-header-display":"","site-post-title":"","ast-breadcrumbs-content":"","ast-featured-img":"","footer-sml-layout":"","theme-transparent-header-meta":"default","adv-header-id-meta":"","stick-header-meta":"","header-above-stick-meta":"","header-main-stick-meta":"","header-below-stick-meta":"","astra-migrate-meta-layouts":"set","_joinchat":[]},"product_cat":[153,155,33,59,100,87,34,158,157,154,152,58,84,156,63,361,32],"product_tag":[133,36,37,41,73,40],"class_list":["post-2472","product","type-product","status-publish","has-post-thumbnail","hentry","product_cat-hot-disposable-vapes","product_cat-belgium-hot-disposable-vapes","product_cat-france-vape-hot-sale","product_cat-germany-hot-disposable-vape","product_cat-germany-wholesale-vape-shop","product_cat-minimum-order-quantity-50pcs","product_cat-netherlands-vape-good-sale","product_cat-norway-hot-disposable-vapes","product_cat-poland-hot-disposable-vapes","product_cat-portugal-hot-disposable-vapes","product_cat-spain-hot-disposable-vapes","product_cat-sweden-hot-disposable-vape","product_cat-sweden-wholesale-vape","product_cat-switzerland-hot-disposable-vapes","product_cat-top-sale-disposable-vape","product_cat-uzy-vapes","product_cat-vape-hot-sale-this-week","product_tag-800-puffs","product_tag-good-vape","product_tag-hot-sale-disposable-vape","product_tag-poland-hot-vape","product_tag-randm-10000puffs-vape","product_tag-sweden-hot-vape","pa_brand-uzy-vape","desktop-align-left","tablet-align-left","mobile-align-left"],"yoast_head":"<!-- This site is optimized with the Yoast SEO plugin v21.1 - https:\/\/yoast.com\/wordpress\/plugins\/seo\/ -->\n<title>UZY QUTE 800 Puffs Original Disposable Vape - vapebulkp.com<\/title>\n<meta name=\"description\" content=\"The Wholesale Price UZY QUTE 800 Puffs Original Disposable Vape tailored for vapers seeking simplicity and ease of use. Offering up to 800 puffs, it ensures a satisfactory vaping period before needing a replacement.\" \/>\n<meta name=\"robots\" content=\"index, follow, max-snippet:-1, max-image-preview:large, max-video-preview:-1\" \/>\n<link rel=\"canonical\" href=\"https:\/\/vapebulkp.com\/et\/toode\/uzy-qute-800-puffs-original-disposable-vape\/\" \/>\n<meta property=\"og:locale\" content=\"et_EE\" \/>\n<meta property=\"og:type\" content=\"article\" \/>\n<meta property=\"og:title\" content=\"UZY QUTE 800 Puffs Original Disposable Vape - vapebulkp.com\" \/>\n<meta property=\"og:description\" content=\"The Wholesale Price UZY QUTE 800 Puffs Original Disposable Vape tailored for vapers seeking simplicity and ease of use. Offering up to 800 puffs, it ensures a satisfactory vaping period before needing a replacement.\" \/>\n<meta property=\"og:url\" content=\"https:\/\/vapebulkp.com\/et\/toode\/uzy-qute-800-puffs-original-disposable-vape\/\" \/>\n<meta property=\"og:site_name\" content=\"vapebulkp.com\" \/>\n<meta property=\"article:modified_time\" content=\"2025-09-16T09:29:55+00:00\" \/>\n<meta property=\"og:image\" content=\"http:\/\/vapebulkp.com\/wp-content\/uploads\/2024\/05\/UZY-QUTE-800-Puff-Disposable-Vape-Wholesale-Price.png\" \/>\n\t<meta property=\"og:image:width\" content=\"1920\" \/>\n\t<meta property=\"og:image:height\" content=\"1920\" \/>\n\t<meta property=\"og:image:type\" content=\"image\/png\" \/>\n<meta name=\"twitter:card\" content=\"summary_large_image\" \/>\n<meta name=\"twitter:label1\" content=\"Est. reading time\" \/>\n\t<meta name=\"twitter:data1\" content=\"4 minutit\" \/>\n<script type=\"application\/ld+json\" class=\"yoast-schema-graph\">{\"@context\":\"https:\/\/schema.org\",\"@graph\":[{\"@type\":\"WebPage\",\"@id\":\"https:\/\/vapebulkp.com\/product\/uzy-qute-800-puffs-original-disposable-vape\/\",\"url\":\"https:\/\/vapebulkp.com\/product\/uzy-qute-800-puffs-original-disposable-vape\/\",\"name\":\"UZY QUTE 800 Puffs Original Disposable Vape - vapebulkp.com\",\"isPartOf\":{\"@id\":\"https:\/\/vapebulkp.com\/#website\"},\"datePublished\":\"2024-05-24T03:42:59+00:00\",\"dateModified\":\"2025-09-16T09:29:55+00:00\",\"description\":\"The Wholesale Price UZY QUTE 800 Puffs Original Disposable Vape tailored for vapers seeking simplicity and ease of use. Offering up to 800 puffs, it ensures a satisfactory vaping period before needing a replacement.\",\"breadcrumb\":{\"@id\":\"https:\/\/vapebulkp.com\/product\/uzy-qute-800-puffs-original-disposable-vape\/#breadcrumb\"},\"inLanguage\":\"et\",\"potentialAction\":[{\"@type\":\"ReadAction\",\"target\":[\"https:\/\/vapebulkp.com\/product\/uzy-qute-800-puffs-original-disposable-vape\/\"]}]},{\"@type\":\"BreadcrumbList\",\"@id\":\"https:\/\/vapebulkp.com\/product\/uzy-qute-800-puffs-original-disposable-vape\/#breadcrumb\",\"itemListElement\":[{\"@type\":\"ListItem\",\"position\":1,\"name\":\"Home\",\"item\":\"https:\/\/vapebulkp.com\/\"},{\"@type\":\"ListItem\",\"position\":2,\"name\":\"Hot Trend Vapes\",\"item\":\"https:\/\/vapebulkp.com\/vape-shop\/\"},{\"@type\":\"ListItem\",\"position\":3,\"name\":\"UZY QUTE 800 Puffs Original Disposable Vape\"}]},{\"@type\":\"WebSite\",\"@id\":\"https:\/\/vapebulkp.com\/#website\",\"url\":\"https:\/\/vapebulkp.com\/\",\"name\":\"vapebulkp.com\",\"description\":\"Buy Vape In Cheap Bulk Price Near you\",\"publisher\":{\"@id\":\"https:\/\/vapebulkp.com\/#organization\"},\"potentialAction\":[{\"@type\":\"SearchAction\",\"target\":{\"@type\":\"EntryPoint\",\"urlTemplate\":\"https:\/\/vapebulkp.com\/?s={search_term_string}\"},\"query-input\":\"required name=search_term_string\"}],\"inLanguage\":\"et\"},{\"@type\":\"Organization\",\"@id\":\"https:\/\/vapebulkp.com\/#organization\",\"name\":\"vapebulkp.com\",\"url\":\"https:\/\/vapebulkp.com\/\",\"logo\":{\"@type\":\"ImageObject\",\"inLanguage\":\"et\",\"@id\":\"https:\/\/vapebulkp.com\/#\/schema\/logo\/image\/\",\"url\":\"https:\/\/vapebulkp.com\/wp-content\/uploads\/2023\/09\/cropped-vapebulkp.png\",\"contentUrl\":\"https:\/\/vapebulkp.com\/wp-content\/uploads\/2023\/09\/cropped-vapebulkp.png\",\"width\":516,\"height\":163,\"caption\":\"vapebulkp.com\"},\"image\":{\"@id\":\"https:\/\/vapebulkp.com\/#\/schema\/logo\/image\/\"}}]}<\/script>\n<!-- \/ Yoast SEO plugin. -->","yoast_head_json":{"title":"UZY QUTE 800 Puffs Original Disposable Vape - vapebulkp.com","description":"The Wholesale Price UZY QUTE 800 Puffs Original Disposable Vape tailored for vapers seeking simplicity and ease of use. Offering up to 800 puffs, it ensures a satisfactory vaping period before needing a replacement.","robots":{"index":"index","follow":"follow","max-snippet":"max-snippet:-1","max-image-preview":"max-image-preview:large","max-video-preview":"max-video-preview:-1"},"canonical":"https:\/\/vapebulkp.com\/et\/toode\/uzy-qute-800-puffs-original-disposable-vape\/","og_locale":"et_EE","og_type":"article","og_title":"UZY QUTE 800 Puffs Original Disposable Vape - vapebulkp.com","og_description":"The Wholesale Price UZY QUTE 800 Puffs Original Disposable Vape tailored for vapers seeking simplicity and ease of use. Offering up to 800 puffs, it ensures a satisfactory vaping period before needing a replacement.","og_url":"https:\/\/vapebulkp.com\/et\/toode\/uzy-qute-800-puffs-original-disposable-vape\/","og_site_name":"vapebulkp.com","article_modified_time":"2025-09-16T09:29:55+00:00","og_image":[{"width":1920,"height":1920,"url":"http:\/\/vapebulkp.com\/wp-content\/uploads\/2024\/05\/UZY-QUTE-800-Puff-Disposable-Vape-Wholesale-Price.png","type":"image\/png"}],"twitter_card":"summary_large_image","twitter_misc":{"Est. reading time":"4 minutit"},"schema":{"@context":"https:\/\/schema.org","@graph":[{"@type":"WebPage","@id":"https:\/\/vapebulkp.com\/product\/uzy-qute-800-puffs-original-disposable-vape\/","url":"https:\/\/vapebulkp.com\/product\/uzy-qute-800-puffs-original-disposable-vape\/","name":"UZY QUTE 800 Puffs Original Disposable Vape - vapebulkp.com","isPartOf":{"@id":"https:\/\/vapebulkp.com\/#website"},"datePublished":"2024-05-24T03:42:59+00:00","dateModified":"2025-09-16T09:29:55+00:00","description":"The Wholesale Price UZY QUTE 800 Puffs Original Disposable Vape tailored for vapers seeking simplicity and ease of use. Offering up to 800 puffs, it ensures a satisfactory vaping period before needing a replacement.","breadcrumb":{"@id":"https:\/\/vapebulkp.com\/product\/uzy-qute-800-puffs-original-disposable-vape\/#breadcrumb"},"inLanguage":"et","potentialAction":[{"@type":"ReadAction","target":["https:\/\/vapebulkp.com\/product\/uzy-qute-800-puffs-original-disposable-vape\/"]}]},{"@type":"BreadcrumbList","@id":"https:\/\/vapebulkp.com\/product\/uzy-qute-800-puffs-original-disposable-vape\/#breadcrumb","itemListElement":[{"@type":"ListItem","position":1,"name":"Home","item":"https:\/\/vapebulkp.com\/"},{"@type":"ListItem","position":2,"name":"Hot Trend Vapes","item":"https:\/\/vapebulkp.com\/vape-shop\/"},{"@type":"ListItem","position":3,"name":"UZY QUTE 800 Puffs Original Disposable Vape"}]},{"@type":"WebSite","@id":"https:\/\/vapebulkp.com\/#website","url":"https:\/\/vapebulkp.com\/","name":"vapebulkp.com","description":"Buy Vape In Cheap Bulk Price Near you","publisher":{"@id":"https:\/\/vapebulkp.com\/#organization"},"potentialAction":[{"@type":"SearchAction","target":{"@type":"EntryPoint","urlTemplate":"https:\/\/vapebulkp.com\/?s={search_term_string}"},"query-input":"required name=search_term_string"}],"inLanguage":"et"},{"@type":"Organization","@id":"https:\/\/vapebulkp.com\/#organization","name":"vapebulkp.com","url":"https:\/\/vapebulkp.com\/","logo":{"@type":"ImageObject","inLanguage":"et","@id":"https:\/\/vapebulkp.com\/#\/schema\/logo\/image\/","url":"https:\/\/vapebulkp.com\/wp-content\/uploads\/2023\/09\/cropped-vapebulkp.png","contentUrl":"https:\/\/vapebulkp.com\/wp-content\/uploads\/2023\/09\/cropped-vapebulkp.png","width":516,"height":163,"caption":"vapebulkp.com"},"image":{"@id":"https:\/\/vapebulkp.com\/#\/schema\/logo\/image\/"}}]}},"uagb_featured_image_src":{"full":["https:\/\/vapebulkp.com\/wp-content\/uploads\/2024\/05\/UZY-QUTE-800-Puff-Disposable-Vape-Wholesale-Price.png",1920,1920,false],"thumbnail":["https:\/\/vapebulkp.com\/wp-content\/uploads\/2024\/05\/UZY-QUTE-800-Puff-Disposable-Vape-Wholesale-Price-150x150.png",150,150,true],"medium":["https:\/\/vapebulkp.com\/wp-content\/uploads\/2024\/05\/UZY-QUTE-800-Puff-Disposable-Vape-Wholesale-Price-300x300.png",300,300,true],"medium_large":["https:\/\/vapebulkp.com\/wp-content\/uploads\/2024\/05\/UZY-QUTE-800-Puff-Disposable-Vape-Wholesale-Price-768x768.png",768,768,true],"large":["https:\/\/vapebulkp.com\/wp-content\/uploads\/2024\/05\/UZY-QUTE-800-Puff-Disposable-Vape-Wholesale-Price-1024x1024.png",1024,1024,true],"1536x1536":["https:\/\/vapebulkp.com\/wp-content\/uploads\/2024\/05\/UZY-QUTE-800-Puff-Disposable-Vape-Wholesale-Price-1536x1536.png",1536,1536,true],"2048x2048":["https:\/\/vapebulkp.com\/wp-content\/uploads\/2024\/05\/UZY-QUTE-800-Puff-Disposable-Vape-Wholesale-Price.png",1920,1920,false],"trp-custom-language-flag":["https:\/\/vapebulkp.com\/wp-content\/uploads\/2024\/05\/UZY-QUTE-800-Puff-Disposable-Vape-Wholesale-Price.png",12,12,false],"woocommerce_thumbnail":["https:\/\/vapebulkp.com\/wp-content\/uploads\/2024\/05\/UZY-QUTE-800-Puff-Disposable-Vape-Wholesale-Price-300x300.png",300,300,true],"woocommerce_single":["https:\/\/vapebulkp.com\/wp-content\/uploads\/2024\/05\/UZY-QUTE-800-Puff-Disposable-Vape-Wholesale-Price-600x600.png",600,600,true],"woocommerce_gallery_thumbnail":["https:\/\/vapebulkp.com\/wp-content\/uploads\/2024\/05\/UZY-QUTE-800-Puff-Disposable-Vape-Wholesale-Price-100x100.png",100,100,true],"wcpr-photo-reviews":["https:\/\/vapebulkp.com\/wp-content\/uploads\/2024\/05\/UZY-QUTE-800-Puff-Disposable-Vape-Wholesale-Price.png",500,500,false]},"uagb_author_info":{"display_name":"Mandy vape bulk price","author_link":"https:\/\/vapebulkp.com\/et\/author\/"},"uagb_comment_info":0,"uagb_excerpt":"UZY QUTE 800 Puffs Top Sale VAPE 800 Puffs Original Vape UZY Crystal\u00a0 Vape Pls Contact Mandy's WhatsApp For Discount Price+8618077105796 NOTE: Prices on our website does not include shipping costs","_links":{"self":[{"href":"https:\/\/vapebulkp.com\/et\/wp-json\/wp\/v2\/product\/2472","targetHints":{"allow":["GET"]}}],"collection":[{"href":"https:\/\/vapebulkp.com\/et\/wp-json\/wp\/v2\/product"}],"about":[{"href":"https:\/\/vapebulkp.com\/et\/wp-json\/wp\/v2\/types\/product"}],"replies":[{"embeddable":true,"href":"https:\/\/vapebulkp.com\/et\/wp-json\/wp\/v2\/comments?post=2472"}],"wp:featuredmedia":[{"embeddable":true,"href":"https:\/\/vapebulkp.com\/et\/wp-json\/wp\/v2\/media\/2461"}],"wp:attachment":[{"href":"https:\/\/vapebulkp.com\/et\/wp-json\/wp\/v2\/media?parent=2472"}],"wp:term":[{"taxonomy":"product_cat","embeddable":true,"href":"https:\/\/vapebulkp.com\/et\/wp-json\/wp\/v2\/product_cat?post=2472"},{"taxonomy":"product_tag","embeddable":true,"href":"https:\/\/vapebulkp.com\/et\/wp-json\/wp\/v2\/product_tag?post=2472"}],"curies":[{"name":"wp","href":"https:\/\/api.w.org\/{rel}","templated":true}]}}