{"id":2532,"date":"2024-06-06T11:02:46","date_gmt":"2024-06-06T09:02:46","guid":{"rendered":"https:\/\/vapebulkp.com\/?post_type=product&#038;p=2532"},"modified":"2025-09-24T05:21:02","modified_gmt":"2025-09-24T03:21:02","slug":"bang-25000puffs-lcd-screen-rechargeable-vape","status":"publish","type":"product","link":"https:\/\/vapebulkp.com\/et\/product\/bang-25000puffs-lcd-screen-rechargeable-vape\/","title":{"rendered":"Bang 25000Puffs LCD ekraaniga laetav e-sigaret"},"content":{"rendered":"<h2 style=\"text-align: left\">Bang 25000Puffs LCD ekraaniga laetav e-sigaret<\/h2>\n<p data-start=\"338\" data-end=\"645\">Enimm\u00fc\u00fcdud <strong data-start=\"342\" data-end=\"377\">Bang 25000 t\u00f5mmet \u00fchekordne e-sigaret<\/strong> on esmaklassiline valik Eesti veipimishuvilistele, kes n\u00f5uavad arenenud tehnoloogiat, suurt mahtuvust ja julget disaini. Integreeritud LCD-ekraaniga annab see reaalajas teavet aku t\u00f6\u00f6ea ja e-vedeliku taseme kohta, andes kasutajatele t\u00e4ieliku kontrolli iga seansi \u00fcle.<\/p>\n<p data-start=\"647\" data-end=\"968\">Iga seade on eelt\u00e4idetud <strong data-start=\"681\" data-end=\"715\">30 ml nikotiinisoolaga e-vedelikku<\/strong> 2% v\u00f5i 5% tugevusega, pakkudes sujuvat kurgut\u00f5mmet ja \u00fchtlast maitset esimesest viimase t\u00f5mbeni. Toiteallikaks on usaldusv\u00e4\u00e4rne 650 mAh laetav aku, mis <strong data-start=\"878\" data-end=\"902\">Type-C kiirlaadimisega<\/strong>, minimeerib seisakuid, tagades samal ajal pikaajalise j\u00f5udluse.<\/p>\n<p data-start=\"970\" data-end=\"1294\">T\u00e4iustatud <strong data-start=\"983\" data-end=\"1001\">1.0\u03a9 v\u00f5rgust k\u00fcttekeha<\/strong> toodab tihedaid aurupilvi ja parandab maitse edastamist, muutes selle sobivaks nii juhuslikele veipijatele kui ka kogenud kasutajatele. 12 hoolikalt valmistatud maitsega, sealhulgas puuvilja-, mentooli- ja klassikalised segud, pakub <strong data-start=\"1211\" data-end=\"1246\">Puhasta <a href=\"https:\/\/vapebulkp.com\/et\/product-category\/25000-puffs-disposable-vape\/\">25000 Puhviga \u00fchekordselt kasutatav vape<\/a><\/strong> mitmek\u00fclgsust erinevate eelistuste jaoks.<\/p>\n<p data-start=\"1296\" data-end=\"1564\">Mugavuse jaoks disainitud see <strong data-start=\"1327\" data-end=\"1350\">LCD \u00fchekordne e-sigaret<\/strong> \u00fchendab stiili praktilisusega. Selle kompaktset korpust on lihtne kaasas kanda, samas kui hulgim\u00fc\u00fcgi saadavus kogu Eestis tagab kiire levitamise jaem\u00fc\u00fcjatele sellistel turgudel nagu Eesti, L\u00e4ti, Leedu ja Soome.<\/p>\n<p data-start=\"1566\" data-end=\"1752\">E-sigareti puhul <strong data-start=\"1572\" data-end=\"1604\">laetav \u00fchekordselt kasutatav vape<\/strong> mis pakub mahtuvust, v\u00f5imsust ja esmaklassilist maitset, on <strong data-start=\"1660\" data-end=\"1695\">Bang 25k t\u00f5mmet E-sigareti hulgim\u00fc\u00fck<\/strong> Eesti turul usaldusv\u00e4\u00e4rne valik.<\/p>\n<p><img decoding=\"async\" class=\"alignnone wp-image-2523\" src=\"http:\/\/vapebulkp.com\/wp-content\/uploads\/2024\/06\/Big-Puffs-Bang-25000Puffs.jpg\" alt=\"Suure pahviga Bang 25000Puffs\" width=\"585\" height=\"585\" srcset=\"https:\/\/vapebulkp.com\/wp-content\/uploads\/2024\/06\/Big-Puffs-Bang-25000Puffs.jpg 1000w, https:\/\/vapebulkp.com\/wp-content\/uploads\/2024\/06\/Big-Puffs-Bang-25000Puffs-300x300.jpg 300w, https:\/\/vapebulkp.com\/wp-content\/uploads\/2024\/06\/Big-Puffs-Bang-25000Puffs-150x150.jpg 150w, https:\/\/vapebulkp.com\/wp-content\/uploads\/2024\/06\/Big-Puffs-Bang-25000Puffs-768x768.jpg 768w, https:\/\/vapebulkp.com\/wp-content\/uploads\/2024\/06\/Big-Puffs-Bang-25000Puffs-600x600.jpg 600w, https:\/\/vapebulkp.com\/wp-content\/uploads\/2024\/06\/Big-Puffs-Bang-25000Puffs-100x100.jpg 100w\" sizes=\"(max-width: 585px) 100vw, 585px\" \/><\/p>\n<h6>Soodushinna saamiseks v\u00f5tke \u00fchendust Mandy WhatsAppiga<a href=\"https:\/\/wa.me\/8618077105796\">+8618077105796<\/a><\/h6>\n<p><img decoding=\"async\" class=\"alignnone wp-image-2151\" src=\"http:\/\/vapebulkp.com\/wp-content\/uploads\/2024\/04\/Mandy-WhatsApp-Randm.jpg\" alt=\"Mandy WhatsAppi tutvustus\" width=\"324\" height=\"330\" \/><\/p>\n<h2>Arvasin, et teile v\u00f5iks meeldida teada Bang e-sigaretist 25000 t\u00f5mmet:<\/h2>\n<h5>1.Kuidas kasutada Bang 25k Puffs veip-pliiatsit?<\/h5>\n<p>1. samm. Enne 25k pahvi kasutamist eemaldage plasttoru.<\/p>\n<p>2. samm. Oodake umbes 3 minutit, et mahl j\u00f5uaks spiraali sisse.<\/p>\n<p>3. samm. Nautige<\/p>\n<h5>2.Kuidas laadida \u00fchekordselt kasutatavat veipi Bang King Vape 25k Puffs?<\/h5>\n<p>Kiirlaadimise laadijaid ei saa kasutada, ja \u00fchekordselt kasutatavate e-sigarettide standardne ohutu v\u00f5imsus on 5V 1A.<\/p>\n<p>Iga laadimisaeg ei tohi \u00fcletada 1 tund ja ohutu laadimisaeg on pool tundi.<\/p>\n<p><span style=\"color: #ff6600\">M\u00e4rkus: ei tohi laadida terve \u00f6\u00f6!<\/span><\/p>\n<h5>3.Mis on Bang 25000 Puffs Top Sale laetava veipi e-vedeliku maht?<\/h5>\n<p>30ml<\/p>\n<h5>4.Mitu pahvi saan teha sellest Big Bang 25k Puffsist?<\/h5>\n<p>\u2014\u201325000Pahvi<\/p>\n<h3>Bang With a Vape 25000 Puffs \u00fchekordselt kasutatava veip-seadme omadused:<\/h3>\n<p>&nbsp;<\/p>\n<ul>\n<li>\u00a0Vedelik: 30 ml eelt\u00e4idetud e-vedeliku kassett<\/li>\n<li>Nikotiin: 2\/5% Nikotiinisool<\/li>\n<li>\u00a0T\u00fc\u00fcbid: LCD \u00fchekordne vape<\/li>\n<li>\u00a0650 mAh aku<\/li>\n<li>\u00a01.0 v\u00f5rgu k\u00fcttekeha<\/li>\n<li>\u00a0Type-c laetav<\/li>\n<li>\u00a012 maitset saadaval<\/li>\n<\/ul>\n<p>&nbsp;<\/p>\n<h3><strong>Big Puff Bang Vape 25k Puffs maitsed?<\/strong><\/h3>\n<p>1.Mustika j\u00e4\u00e4<\/p>\n<p>2. Maasikas Kiwi<\/p>\n<p>3.Maasika arbuus<\/p>\n<p>4.Segapuuviljad<\/p>\n<p>5.Mustika-piparm\u00fcnt<\/p>\n<p>6.Tiigri veri<\/p>\n<p>7.Mango-virsik<\/p>\n<p>8.Viinamarja j\u00e4\u00e4<\/p>\n<p>9.Mustika-vaarikas<\/p>\n<p>10. Arbuusij\u00e4\u00e4<\/p>\n<p>11.Arbuusi n\u00e4rimiskumm<\/p>\n<p>12.Maasika j\u00e4\u00e4<\/p>\n<p><a href=\"https:\/\/vapebulkp.com\/et\/product\/popular-randm-tornado-7000puffs-disposable-vape-best-price\/\"><span style=\"vertical-align: inherit\">RandM Tornado 7000 Puhvrit <\/span><\/a><\/p>\n<p><span style=\"vertical-align: inherit\">Leia rohkem tooteid, mis sulle meeldida v\u00f5iksid:<\/span><em><a href=\"https:\/\/wa.me\/8618077105796\"><span style=\"vertical-align: inherit\">\u00a0Osta kohe<\/span><\/a><\/em><\/p>\n<p><span style=\"vertical-align: inherit\">Teised e-sigaretid, mis sulle meeldida v\u00f5ivad:<\/span><a href=\"https:\/\/vapebulkp.com\/et\/product\/bang-with-a-vape-gear-20000-puffs-discount-price\/\"><span style=\"vertical-align: inherit\">Bang Gear Vape 20000 Pahvi<\/span><\/a><span style=\"vertical-align: inherit\">\u3001<\/span><a href=\"https:\/\/vapebulkp.com\/et\/product\/vapme-crystal-30000-puffs-3in1-disposable-vape-wholesale-price\/\"><span style=\"vertical-align: inherit\">Vapme Crystal 30000 sissehingamist<\/span><\/a><span style=\"vertical-align: inherit\">\/ <\/span><a href=\"https:\/\/vapebulkp.com\/et\/product\/bang-king-12000puffs\/\"><span style=\"vertical-align: inherit\">Bang King 12000 Mahvi<\/span><\/a><span style=\"vertical-align: inherit\">\/ <\/span><a href=\"https:\/\/vapebulkp.com\/et\/product\/uzy-qute-800-puffs-original-disposable-vape\/\"><span style=\"vertical-align: inherit\">UZY QUTE 800 Puhvrit<\/span><\/a><\/p>\n<p><span style=\"vertical-align: inherit\">Erilise kujuga e-sigareti pudel:<\/span><a href=\"https:\/\/vapebulkp.com\/et\/product\/vozol-vista-40000-puffs-vape-wholesale-best-price\/\"><span style=\"vertical-align: inherit\"> Vozol Vista 40000 Puhang<\/span><\/a><span style=\"vertical-align: inherit\">\/ <\/span><a href=\"https:\/\/vapebulkp.com\/et\/fi\/product\/best-price-wga-crystal-pro-max-15k-puffs-original-vape\/\"><span style=\"vertical-align: inherit\">\u00a0WGA Crystal pro max 15k Puhviga <\/span><\/a><span style=\"vertical-align: inherit\">\/<\/span><a href=\"https:\/\/vapebulkp.com\/et\/product\/bood-lumo-60000-puffs-best-price-disposable-vape-2-5-nicotine\/\"><span style=\"vertical-align: inherit\"> BOOD LUMO 60000 mahvi<\/span><\/a><\/p>\n<h5>Tootmise kvalifikatsioon:<\/h5>\n<p><img decoding=\"async\" class=\"alignnone size-full wp-image-1841\" src=\"http:\/\/vapebulkp.com\/wp-content\/uploads\/2023\/11\/Vape-production-process-2.jpeg\" alt=\"Veibi tootmisprotsess\" width=\"650\" height=\"434\" srcset=\"https:\/\/vapebulkp.com\/wp-content\/uploads\/2023\/11\/Vape-production-process-2.jpeg 650w, https:\/\/vapebulkp.com\/wp-content\/uploads\/2023\/11\/Vape-production-process-2-300x200.jpeg 300w, https:\/\/vapebulkp.com\/wp-content\/uploads\/2023\/11\/Vape-production-process-2-600x401.jpeg 600w\" sizes=\"(max-width: 650px) 100vw, 650px\" \/><\/p>\n<p><img decoding=\"async\" class=\"alignnone size-full wp-image-1843\" src=\"http:\/\/vapebulkp.com\/wp-content\/uploads\/2023\/11\/Vape-production-process.jpeg\" alt=\"Veibi tootmisprotsess\" width=\"641\" height=\"1026\" srcset=\"https:\/\/vapebulkp.com\/wp-content\/uploads\/2023\/11\/Vape-production-process.jpeg 641w, https:\/\/vapebulkp.com\/wp-content\/uploads\/2023\/11\/Vape-production-process-187x300.jpeg 187w, https:\/\/vapebulkp.com\/wp-content\/uploads\/2023\/11\/Vape-production-process-640x1024.jpeg 640w, https:\/\/vapebulkp.com\/wp-content\/uploads\/2023\/11\/Vape-production-process-600x960.jpeg 600w\" sizes=\"(max-width: 641px) 100vw, 641px\" \/><\/p>\n<h4>KKK:<\/h4>\n<p>K: Mis on parima m\u00fc\u00fcgi Bang Vape 25000 Puffs minimaalne tellimiskogus?<br \/>\nA: Minu tellimus on 100 tk.<br \/>\nK: Mis on tellitud vape'i tarneaeg?<br \/>\nV: Tavaliselt 10-15 p\u00e4eva p\u00e4rast v\u00e4ljasaatmist<br \/>\nK: Kui palju on saatmiskulu?V: Saatmiskaal s\u00f5ltub kaalust. Erinevatel kogustel on erinevad saatmiskulud, saatmiskulu kinnitamiseks v\u00f5tke meiega \u00fchendust.<\/p>\n<h4>Saatmisinfo:<\/h4>\n<p><span style=\"color: #ff6600\">Tootmisaeg: 5-10 t\u00f6\u00f6p\u00e4eva<\/span><br \/>\n<span style=\"color: #ff6600\">Saatmisaeg: 8-14 t\u00f6\u00f6p\u00e4eva<\/span><\/p>\n<p>K\u00f5ik meie poe tooted on 100% originaalsed ja autentsed, seega on v\u00f5ltsitud kaupade eest k\u00fcmnekordne h\u00fcvitis meie poe poliitika. Kasutame kaupade teile tarnimiseks logistikakanaleid nagu UPS\/DHL\/FEDEX\/DPD.<\/p>\n<p>Eestisse saadetud pakkide kohalej\u00f5udmine v\u00f5tab tavaliselt aega 10 t\u00f6\u00f6p\u00e4eva. Euroopa riikidesse saatmine v\u00f5tab tavaliselt aega 12 kuni 15 t\u00f6\u00f6p\u00e4eva. Uuendame logistikainfot teie jaoks reaalajas.<\/p>","protected":false},"excerpt":{"rendered":"<p>Enimm\u00fc\u00fcdud e-sigaret Bang Vape 25000 t\u00f5mmet HQ Vape<\/p>\n<p>Soodushinna saamiseks v\u00f5tke \u00fchendust Mandy WhatsAppiga<a href=\"https:\/\/wa.me\/8618077105796\">+8618077105796<\/a><\/p>\n<p><img decoding=\"async\" class=\"alignnone wp-image-2151\" src=\"http:\/\/vapebulkp.com\/wp-content\/uploads\/2024\/04\/Mandy-WhatsApp-Randm.jpg\" alt=\"Mandy WhatsAppi tutvustus\" width=\"297\" height=\"316\" srcset=\"https:\/\/vapebulkp.com\/wp-content\/uploads\/2024\/04\/Mandy-WhatsApp-Randm.jpg 916w, https:\/\/vapebulkp.com\/wp-content\/uploads\/2024\/04\/Mandy-WhatsApp-Randm-282x300.jpg 282w, https:\/\/vapebulkp.com\/wp-content\/uploads\/2024\/04\/Mandy-WhatsApp-Randm-768x817.jpg 768w, https:\/\/vapebulkp.com\/wp-content\/uploads\/2024\/04\/Mandy-WhatsApp-Randm-600x638.jpg 600w\" sizes=\"(max-width: 297px) 100vw, 297px\" \/><\/p>\n<p><span style=\"color: #ff0000\">M\u00c4RKUS: Meie veebisaidi hinnad ei sisalda saatmiskulusid<\/span><\/p>\n<p>&nbsp;<\/p>","protected":false},"featured_media":2523,"comment_status":"open","ping_status":"closed","template":"","meta":{"_uag_custom_page_level_css":"","_lmt_disableupdate":"no","_lmt_disable":"","site-sidebar-layout":"default","site-content-layout":"content-boxed-container","ast-site-content-layout":"normal-width-container","site-content-style":"boxed","site-sidebar-style":"unboxed","ast-global-header-display":"","ast-banner-title-visibility":"","ast-main-header-display":"","ast-hfb-above-header-display":"","ast-hfb-below-header-display":"","ast-hfb-mobile-header-display":"","site-post-title":"","ast-breadcrumbs-content":"","ast-featured-img":"","footer-sml-layout":"","theme-transparent-header-meta":"default","adv-header-id-meta":"","stick-header-meta":"","header-above-stick-meta":"","header-main-stick-meta":"","header-below-stick-meta":"","astra-migrate-meta-layouts":"set","_joinchat":[]},"product_cat":[161,153,345,155,33,59,100,34,158,157,154,152,58,84,156,63,32],"product_tag":[137,36,37,41,40],"class_list":["post-2532","product","type-product","status-publish","has-post-thumbnail","hentry","product_cat-25000-puffs-disposable-vape","product_cat-hot-disposable-vapes","product_cat-bang-vapes","product_cat-belgium-hot-disposable-vapes","product_cat-france-vape-hot-sale","product_cat-germany-hot-disposable-vape","product_cat-germany-wholesale-vape-shop","product_cat-netherlands-vape-good-sale","product_cat-norway-hot-disposable-vapes","product_cat-poland-hot-disposable-vapes","product_cat-portugal-hot-disposable-vapes","product_cat-spain-hot-disposable-vapes","product_cat-sweden-hot-disposable-vape","product_cat-sweden-wholesale-vape","product_cat-switzerland-hot-disposable-vapes","product_cat-top-sale-disposable-vape","product_cat-vape-hot-sale-this-week","product_tag-25000puffs","product_tag-good-vape","product_tag-hot-sale-disposable-vape","product_tag-poland-hot-vape","product_tag-sweden-hot-vape","pa_brand-bang-king-vape","desktop-align-left","tablet-align-left","mobile-align-left"],"yoast_head":"<!-- This site is optimized with the Yoast SEO plugin v21.1 - https:\/\/yoast.com\/wordpress\/plugins\/seo\/ -->\n<title>Bang 25000Puffs LCD Screen Rechargeable Vape - vapebulkp.com<\/title>\n<meta name=\"description\" content=\"Bang Vape 25000 Puffs features an elegant design that is ergonomic, practical and stylish. It is equipped with a real-time battery and power display, a dual HD screen for a refined touch, a 650 mAh battery, and advanced model settings are usually included.\" \/>\n<meta name=\"robots\" content=\"index, follow, max-snippet:-1, max-image-preview:large, max-video-preview:-1\" \/>\n<link rel=\"canonical\" href=\"https:\/\/vapebulkp.com\/et\/product\/bang-25000puffs-lcd-screen-rechargeable-vape\/\" \/>\n<meta property=\"og:locale\" content=\"et_EE\" \/>\n<meta property=\"og:type\" content=\"article\" \/>\n<meta property=\"og:title\" content=\"Bang 25000Puffs LCD Screen Rechargeable Vape - vapebulkp.com\" \/>\n<meta property=\"og:description\" content=\"Bang Vape 25000 Puffs features an elegant design that is ergonomic, practical and stylish. It is equipped with a real-time battery and power display, a dual HD screen for a refined touch, a 650 mAh battery, and advanced model settings are usually included.\" \/>\n<meta property=\"og:url\" content=\"https:\/\/vapebulkp.com\/et\/product\/bang-25000puffs-lcd-screen-rechargeable-vape\/\" \/>\n<meta property=\"og:site_name\" content=\"vapebulkp.com\" \/>\n<meta property=\"article:modified_time\" content=\"2025-09-24T03:21:02+00:00\" \/>\n<meta property=\"og:image\" content=\"http:\/\/vapebulkp.com\/wp-content\/uploads\/2024\/06\/Big-Puffs-Bang-25000Puffs.jpg\" \/>\n\t<meta property=\"og:image:width\" content=\"1000\" \/>\n\t<meta property=\"og:image:height\" content=\"1000\" \/>\n\t<meta property=\"og:image:type\" content=\"image\/jpeg\" \/>\n<meta name=\"twitter:card\" content=\"summary_large_image\" \/>\n<meta name=\"twitter:label1\" content=\"Est. reading time\" \/>\n\t<meta name=\"twitter:data1\" content=\"4 minutit\" \/>\n<script type=\"application\/ld+json\" class=\"yoast-schema-graph\">{\"@context\":\"https:\/\/schema.org\",\"@graph\":[{\"@type\":\"WebPage\",\"@id\":\"https:\/\/vapebulkp.com\/product\/bang-25000puffs-lcd-screen-rechargeable-vape\/\",\"url\":\"https:\/\/vapebulkp.com\/product\/bang-25000puffs-lcd-screen-rechargeable-vape\/\",\"name\":\"Bang 25000Puffs LCD Screen Rechargeable Vape - vapebulkp.com\",\"isPartOf\":{\"@id\":\"https:\/\/vapebulkp.com\/#website\"},\"datePublished\":\"2024-06-06T09:02:46+00:00\",\"dateModified\":\"2025-09-24T03:21:02+00:00\",\"description\":\"Bang Vape 25000 Puffs features an elegant design that is ergonomic, practical and stylish. It is equipped with a real-time battery and power display, a dual HD screen for a refined touch, a 650 mAh battery, and advanced model settings are usually included.\",\"breadcrumb\":{\"@id\":\"https:\/\/vapebulkp.com\/product\/bang-25000puffs-lcd-screen-rechargeable-vape\/#breadcrumb\"},\"inLanguage\":\"et\",\"potentialAction\":[{\"@type\":\"ReadAction\",\"target\":[\"https:\/\/vapebulkp.com\/product\/bang-25000puffs-lcd-screen-rechargeable-vape\/\"]}]},{\"@type\":\"BreadcrumbList\",\"@id\":\"https:\/\/vapebulkp.com\/product\/bang-25000puffs-lcd-screen-rechargeable-vape\/#breadcrumb\",\"itemListElement\":[{\"@type\":\"ListItem\",\"position\":1,\"name\":\"Home\",\"item\":\"https:\/\/vapebulkp.com\/\"},{\"@type\":\"ListItem\",\"position\":2,\"name\":\"Hot Trend Vapes\",\"item\":\"https:\/\/vapebulkp.com\/vape-shop\/\"},{\"@type\":\"ListItem\",\"position\":3,\"name\":\"Bang 25000Puffs LCD Screen Rechargeable Vape\"}]},{\"@type\":\"WebSite\",\"@id\":\"https:\/\/vapebulkp.com\/#website\",\"url\":\"https:\/\/vapebulkp.com\/\",\"name\":\"vapebulkp.com\",\"description\":\"Buy Vape In Cheap Bulk Price Near you\",\"publisher\":{\"@id\":\"https:\/\/vapebulkp.com\/#organization\"},\"potentialAction\":[{\"@type\":\"SearchAction\",\"target\":{\"@type\":\"EntryPoint\",\"urlTemplate\":\"https:\/\/vapebulkp.com\/?s={search_term_string}\"},\"query-input\":\"required name=search_term_string\"}],\"inLanguage\":\"et\"},{\"@type\":\"Organization\",\"@id\":\"https:\/\/vapebulkp.com\/#organization\",\"name\":\"vapebulkp.com\",\"url\":\"https:\/\/vapebulkp.com\/\",\"logo\":{\"@type\":\"ImageObject\",\"inLanguage\":\"et\",\"@id\":\"https:\/\/vapebulkp.com\/#\/schema\/logo\/image\/\",\"url\":\"https:\/\/vapebulkp.com\/wp-content\/uploads\/2023\/09\/cropped-vapebulkp.png\",\"contentUrl\":\"https:\/\/vapebulkp.com\/wp-content\/uploads\/2023\/09\/cropped-vapebulkp.png\",\"width\":516,\"height\":163,\"caption\":\"vapebulkp.com\"},\"image\":{\"@id\":\"https:\/\/vapebulkp.com\/#\/schema\/logo\/image\/\"}}]}<\/script>\n<!-- \/ Yoast SEO plugin. -->","yoast_head_json":{"title":"Bang 25000Puffs LCD Screen Rechargeable Vape - vapebulkp.com","description":"Bang Vape 25000 Puffs features an elegant design that is ergonomic, practical and stylish. It is equipped with a real-time battery and power display, a dual HD screen for a refined touch, a 650 mAh battery, and advanced model settings are usually included.","robots":{"index":"index","follow":"follow","max-snippet":"max-snippet:-1","max-image-preview":"max-image-preview:large","max-video-preview":"max-video-preview:-1"},"canonical":"https:\/\/vapebulkp.com\/et\/product\/bang-25000puffs-lcd-screen-rechargeable-vape\/","og_locale":"et_EE","og_type":"article","og_title":"Bang 25000Puffs LCD Screen Rechargeable Vape - vapebulkp.com","og_description":"Bang Vape 25000 Puffs features an elegant design that is ergonomic, practical and stylish. It is equipped with a real-time battery and power display, a dual HD screen for a refined touch, a 650 mAh battery, and advanced model settings are usually included.","og_url":"https:\/\/vapebulkp.com\/et\/product\/bang-25000puffs-lcd-screen-rechargeable-vape\/","og_site_name":"vapebulkp.com","article_modified_time":"2025-09-24T03:21:02+00:00","og_image":[{"width":1000,"height":1000,"url":"http:\/\/vapebulkp.com\/wp-content\/uploads\/2024\/06\/Big-Puffs-Bang-25000Puffs.jpg","type":"image\/jpeg"}],"twitter_card":"summary_large_image","twitter_misc":{"Est. reading time":"4 minutit"},"schema":{"@context":"https:\/\/schema.org","@graph":[{"@type":"WebPage","@id":"https:\/\/vapebulkp.com\/product\/bang-25000puffs-lcd-screen-rechargeable-vape\/","url":"https:\/\/vapebulkp.com\/product\/bang-25000puffs-lcd-screen-rechargeable-vape\/","name":"Bang 25000Puffs LCD Screen Rechargeable Vape - vapebulkp.com","isPartOf":{"@id":"https:\/\/vapebulkp.com\/#website"},"datePublished":"2024-06-06T09:02:46+00:00","dateModified":"2025-09-24T03:21:02+00:00","description":"Bang Vape 25000 Puffs features an elegant design that is ergonomic, practical and stylish. It is equipped with a real-time battery and power display, a dual HD screen for a refined touch, a 650 mAh battery, and advanced model settings are usually included.","breadcrumb":{"@id":"https:\/\/vapebulkp.com\/product\/bang-25000puffs-lcd-screen-rechargeable-vape\/#breadcrumb"},"inLanguage":"et","potentialAction":[{"@type":"ReadAction","target":["https:\/\/vapebulkp.com\/product\/bang-25000puffs-lcd-screen-rechargeable-vape\/"]}]},{"@type":"BreadcrumbList","@id":"https:\/\/vapebulkp.com\/product\/bang-25000puffs-lcd-screen-rechargeable-vape\/#breadcrumb","itemListElement":[{"@type":"ListItem","position":1,"name":"Home","item":"https:\/\/vapebulkp.com\/"},{"@type":"ListItem","position":2,"name":"Hot Trend Vapes","item":"https:\/\/vapebulkp.com\/vape-shop\/"},{"@type":"ListItem","position":3,"name":"Bang 25000Puffs LCD Screen Rechargeable Vape"}]},{"@type":"WebSite","@id":"https:\/\/vapebulkp.com\/#website","url":"https:\/\/vapebulkp.com\/","name":"vapebulkp.com","description":"Buy Vape In Cheap Bulk Price Near you","publisher":{"@id":"https:\/\/vapebulkp.com\/#organization"},"potentialAction":[{"@type":"SearchAction","target":{"@type":"EntryPoint","urlTemplate":"https:\/\/vapebulkp.com\/?s={search_term_string}"},"query-input":"required name=search_term_string"}],"inLanguage":"et"},{"@type":"Organization","@id":"https:\/\/vapebulkp.com\/#organization","name":"vapebulkp.com","url":"https:\/\/vapebulkp.com\/","logo":{"@type":"ImageObject","inLanguage":"et","@id":"https:\/\/vapebulkp.com\/#\/schema\/logo\/image\/","url":"https:\/\/vapebulkp.com\/wp-content\/uploads\/2023\/09\/cropped-vapebulkp.png","contentUrl":"https:\/\/vapebulkp.com\/wp-content\/uploads\/2023\/09\/cropped-vapebulkp.png","width":516,"height":163,"caption":"vapebulkp.com"},"image":{"@id":"https:\/\/vapebulkp.com\/#\/schema\/logo\/image\/"}}]}},"uagb_featured_image_src":{"full":["https:\/\/vapebulkp.com\/wp-content\/uploads\/2024\/06\/Big-Puffs-Bang-25000Puffs.jpg",1000,1000,false],"thumbnail":["https:\/\/vapebulkp.com\/wp-content\/uploads\/2024\/06\/Big-Puffs-Bang-25000Puffs-150x150.jpg",150,150,true],"medium":["https:\/\/vapebulkp.com\/wp-content\/uploads\/2024\/06\/Big-Puffs-Bang-25000Puffs-300x300.jpg",300,300,true],"medium_large":["https:\/\/vapebulkp.com\/wp-content\/uploads\/2024\/06\/Big-Puffs-Bang-25000Puffs-768x768.jpg",768,768,true],"large":["https:\/\/vapebulkp.com\/wp-content\/uploads\/2024\/06\/Big-Puffs-Bang-25000Puffs.jpg",1000,1000,false],"1536x1536":["https:\/\/vapebulkp.com\/wp-content\/uploads\/2024\/06\/Big-Puffs-Bang-25000Puffs.jpg",1000,1000,false],"2048x2048":["https:\/\/vapebulkp.com\/wp-content\/uploads\/2024\/06\/Big-Puffs-Bang-25000Puffs.jpg",1000,1000,false],"trp-custom-language-flag":["https:\/\/vapebulkp.com\/wp-content\/uploads\/2024\/06\/Big-Puffs-Bang-25000Puffs.jpg",12,12,false],"woocommerce_thumbnail":["https:\/\/vapebulkp.com\/wp-content\/uploads\/2024\/06\/Big-Puffs-Bang-25000Puffs-300x300.jpg",300,300,true],"woocommerce_single":["https:\/\/vapebulkp.com\/wp-content\/uploads\/2024\/06\/Big-Puffs-Bang-25000Puffs-600x600.jpg",600,600,true],"woocommerce_gallery_thumbnail":["https:\/\/vapebulkp.com\/wp-content\/uploads\/2024\/06\/Big-Puffs-Bang-25000Puffs-100x100.jpg",100,100,true],"wcpr-photo-reviews":["https:\/\/vapebulkp.com\/wp-content\/uploads\/2024\/06\/Big-Puffs-Bang-25000Puffs.jpg",500,500,false]},"uagb_author_info":{"display_name":"Mandy vape bulk price","author_link":"https:\/\/vapebulkp.com\/et\/author\/"},"uagb_comment_info":0,"uagb_excerpt":"Top Sale Vape Bang Vape 25000Puffs\u00a0 HQ\u00a0 Vape Pls Contact Mandy's WhatsApp For Discount Price+8618077105796 NOTE: Prices on our website does not include shipping costs &nbsp;","_links":{"self":[{"href":"https:\/\/vapebulkp.com\/et\/wp-json\/wp\/v2\/product\/2532","targetHints":{"allow":["GET"]}}],"collection":[{"href":"https:\/\/vapebulkp.com\/et\/wp-json\/wp\/v2\/product"}],"about":[{"href":"https:\/\/vapebulkp.com\/et\/wp-json\/wp\/v2\/types\/product"}],"replies":[{"embeddable":true,"href":"https:\/\/vapebulkp.com\/et\/wp-json\/wp\/v2\/comments?post=2532"}],"wp:featuredmedia":[{"embeddable":true,"href":"https:\/\/vapebulkp.com\/et\/wp-json\/wp\/v2\/media\/2523"}],"wp:attachment":[{"href":"https:\/\/vapebulkp.com\/et\/wp-json\/wp\/v2\/media?parent=2532"}],"wp:term":[{"taxonomy":"product_cat","embeddable":true,"href":"https:\/\/vapebulkp.com\/et\/wp-json\/wp\/v2\/product_cat?post=2532"},{"taxonomy":"product_tag","embeddable":true,"href":"https:\/\/vapebulkp.com\/et\/wp-json\/wp\/v2\/product_tag?post=2532"}],"curies":[{"name":"wp","href":"https:\/\/api.w.org\/{rel}","templated":true}]}}