{"id":2542,"date":"2024-06-07T11:26:21","date_gmt":"2024-06-07T09:26:21","guid":{"rendered":"https:\/\/vapebulkp.com\/?post_type=product&#038;p=2542"},"modified":"2025-09-16T11:29:33","modified_gmt":"2025-09-16T09:29:33","slug":"bang-30k-puffs-new-double-taste-good-vape","status":"publish","type":"product","link":"https:\/\/vapebulkp.com\/et\/product\/bang-30k-puffs-new-double-taste-good-vape\/","title":{"rendered":"Bang 30k Puffs Uus Topeltmaitse Hea Vape"},"content":{"rendered":"<h2 style=\"text-align: left\">Bang 30k Puffs Uus Topeltmaitse Hea Vape<\/h2>\n<p>&nbsp;<\/p>\n<p>Bang 30k Puhviga Uus Topeltmaitse Hea Vape, mis on loodud teie aurutamiskogemuse t\u00e4iustamiseks. Uskumatu 30 000 puhvi mahutavusega see <a href=\"https:\/\/vapebulkp.com\/et\/product-category\/30000-puff-disposable-vape\/\"><strong>30000 pahvi \u00fchekordne vape<\/strong><\/a> on ideaalne p\u00fchendunud aurutajatele, kes otsivad pikaealisust.<\/p>\n<p>T\u00e4iustatud 1,0ohm v\u00f5rgusilma spiraaliga Bang 30000 annab pehme, \u00fchtlase auru, suurendades iga puhvi maitset. Suure 36 ml e-vedeliku mahutavusega ei pea te muretsema sagedaste t\u00e4itmiste p\u00e4rast, mis v\u00f5imaldab pikemaajalist kasutamist. Nikotiinitugevustega 0%, 2%, 3% ja 5% on see vape erinevate eelistustega kohandatav.<\/p>\n<p>Seadet toidab robustne 550mAh aku, mis tagab katkematud aurutamissessioonid. Type-C laadimispord pakub kiiret ja t\u00f5husat laadimist, nii et te ei pea kunagi ootama. Lisaks hoiab LED-digitaalne ekraan teid kursis aku t\u00f6\u00f6ea ja e-vedeliku tasemega, tagades, et olete alati teadlik.<\/p>\n<p>\u00dcks Bang 30000 silmapaistvamaid omadusi on selle Double Taste tehnoloogia, mis v\u00f5imaldab teil vahetada kahe erineva maitse vahel, et saada d\u00fcnaamiline aurutamiskogemus. See funktsioon lisab teie sessioonidele mitmek\u00fclgsust ja naudingut.<\/p>\n<p>Mugavust ja k\u00f5rget j\u00f5udlust \u00fchendav Bang 30000 Puffs Double Taste Disposable Vape on ideaalne nii algajatele kui ka kogenud aurutajatele. Selle suur maht, kasutuslihtsus ja suurep\u00e4rane maitse muudavad selle turul juhtivaks valikuks. Valige Bang 30000 kohandatava ja maitsva aurutamisteekonna jaoks.<\/p>\n<p><img decoding=\"async\" class=\"alignnone wp-image-2537\" src=\"http:\/\/vapebulkp.com\/wp-content\/uploads\/2024\/06\/Bang-30000-Puffs-Discount-Price-Sweden.jpg\" alt=\"Bang 30000 Puffs Soodushind Eesti\" width=\"515\" height=\"515\" srcset=\"https:\/\/vapebulkp.com\/wp-content\/uploads\/2024\/06\/Bang-30000-Puffs-Discount-Price-Sweden.jpg 1080w, https:\/\/vapebulkp.com\/wp-content\/uploads\/2024\/06\/Bang-30000-Puffs-Discount-Price-Sweden-300x300.jpg 300w, https:\/\/vapebulkp.com\/wp-content\/uploads\/2024\/06\/Bang-30000-Puffs-Discount-Price-Sweden-1024x1024.jpg 1024w, https:\/\/vapebulkp.com\/wp-content\/uploads\/2024\/06\/Bang-30000-Puffs-Discount-Price-Sweden-150x150.jpg 150w, https:\/\/vapebulkp.com\/wp-content\/uploads\/2024\/06\/Bang-30000-Puffs-Discount-Price-Sweden-768x768.jpg 768w, https:\/\/vapebulkp.com\/wp-content\/uploads\/2024\/06\/Bang-30000-Puffs-Discount-Price-Sweden-600x600.jpg 600w, https:\/\/vapebulkp.com\/wp-content\/uploads\/2024\/06\/Bang-30000-Puffs-Discount-Price-Sweden-100x100.jpg 100w\" sizes=\"(max-width: 515px) 100vw, 515px\" \/><\/p>\n<h6>Soodushinna saamiseks v\u00f5tke \u00fchendust Mandy WhatsAppiga<a href=\"https:\/\/wa.me\/8618077105796\">+8618077105796<\/a><\/h6>\n<p><img decoding=\"async\" class=\"alignnone wp-image-2151\" src=\"http:\/\/vapebulkp.com\/wp-content\/uploads\/2024\/04\/Mandy-WhatsApp-Randm.jpg\" alt=\"Mandy WhatsAppi tutvustus\" width=\"324\" height=\"330\" \/><\/p>\n<h2>Arvasin, et v\u00f5iksite teada Bangist koos vape 30000Puffs E-sigarettidega:<\/h2>\n<h5>1.Kuidas kasutada Bang 30k Puffs Vape Pen?<\/h5>\n<p>Samm 1. Enne 30k puhvide kasutamist eemaldage plasttoru.<\/p>\n<p>2. samm. Oodake umbes 3 minutit, et mahl j\u00f5uaks spiraali sisse.<\/p>\n<p>3. samm. Nautige<\/p>\n<h5>2.Kuidas laadida \u00fchekordset vape Bang King Vape 30k Puffs?<\/h5>\n<p>Kiirlaadimise laadijaid ei saa kasutada, ja \u00fchekordselt kasutatavate e-sigarettide standardne ohutu v\u00f5imsus on 5V 1A.<\/p>\n<p>Iga laadimisaeg ei tohi \u00fcletada 1 tund ja ohutu laadimisaeg on pool tundi.<\/p>\n<p><span style=\"color: #ff6600\">M\u00e4rkus: ei tohi laadida terve \u00f6\u00f6!<\/span><\/p>\n<h5>3.Mis on Bang 30000 Puffs Top Sale Rechargeable Vape e-vedeliku maht?<\/h5>\n<p>30ml<\/p>\n<h5>4.Mitu puhvi ma sellest Big Bang 30k Puffsist saan v\u00f5tta?<\/h5>\n<p>\u2014\u201330000Puhvi<\/p>\n<h3>Bang koos Vape 30000 Puffs \u00dchekordse Vape Podi omadustega:<\/h3>\n<p>&nbsp;<\/p>\n<ul>\n<li>\u00a0Vedelik: 36 ml eelnevalt t\u00e4idetud e-vedeliku kassett<\/li>\n<li>Nikotiin: 2\/5% Nikotiinisool<\/li>\n<li>Laadija <strong>:\u00a0<\/strong>T\u00fc\u00fcp C<\/li>\n<li>\u00a0550mAh aku<\/li>\n<li>\u00a01.0 v\u00f5rgu k\u00fcttekeha<\/li>\n<li>\u00a0Type-c laetav<\/li>\n<li>\u00a012 maitset saadaval<\/li>\n<\/ul>\n<p>&nbsp;<\/p>\n<h3><strong>Hulgim\u00fc\u00fck \u00dchekordselt kasutatav Vape Bang Vape 30k Puhvrid Maitseained:<\/strong><\/h3>\n<p>1. arbuusij\u00e4\u00e4<br \/>\n2. arbuusij\u00e4\u00e4<br \/>\n3. maasikas arbuus<br \/>\n4. maasikas ja arbuus<br \/>\n5. mustikaj\u00e4\u00e4<br \/>\n6. mustikaj\u00e4\u00e4<br \/>\n7. red bull<br \/>\n8. red bull<br \/>\n9. mustikas vaarikas<br \/>\n10. mustikas vaarikas<br \/>\n11. maasikas kiivi<br \/>\n12. maasikas kiivi<\/p>\n<p><a href=\"https:\/\/vapebulkp.com\/et\/product\/popular-randm-tornado-7000puffs-disposable-vape-best-price\/\"><span style=\"vertical-align: inherit\">RandM Tornado 7000 Puhvrit <\/span><\/a><\/p>\n<p><span style=\"vertical-align: inherit\">Leia rohkem tooteid, mis sulle meeldida v\u00f5iksid:<\/span><em><a href=\"https:\/\/wa.me\/8618077105796\"><span style=\"vertical-align: inherit\">\u00a0Osta kohe<\/span><\/a><\/em><\/p>\n<p><span style=\"vertical-align: inherit\">Teised e-sigaretid, mis sulle meeldida v\u00f5ivad:<\/span><a href=\"https:\/\/vapebulkp.com\/et\/product\/bang-with-a-vape-gear-20000-puffs-discount-price\/\"><span style=\"vertical-align: inherit\">Bang Gear Vape 20000 Pahvi<\/span><\/a><span style=\"vertical-align: inherit\">\u3001<\/span><a href=\"https:\/\/vapebulkp.com\/et\/product\/wholesale-randm-tornado-9000-puffs-germany\/\"><span style=\"vertical-align: inherit\">RandM 9000 Pahvi<\/span><\/a><span style=\"vertical-align: inherit\">\/ <\/span><a href=\"https:\/\/vapebulkp.com\/et\/product\/bang-king-12000puffs\/\"><span style=\"vertical-align: inherit\">Bang King 12000 Mahvi<\/span><\/a><span style=\"vertical-align: inherit\">\/ <\/span><a href=\"https:\/\/vapebulkp.com\/et\/product\/uzy-qute-800-puffs-original-disposable-vape\/\"><span style=\"vertical-align: inherit\">UZY QUTE 800 Puhvrit<\/span><\/a><\/p>\n<p><span style=\"vertical-align: inherit\">Erilise kujuga e-sigareti pudel:<\/span><a href=\"https:\/\/vapebulkp.com\/et\/product\/original-vape-bang-tn-12000-puffs-bang-vape\/\"><span style=\"vertical-align: inherit\"> Bang TN 12000 Puhviga<\/span><\/a><span style=\"vertical-align: inherit\">\/ <\/span><a href=\"https:\/\/vapebulkp.com\/et\/fi\/product\/best-price-wga-crystal-pro-max-15k-puffs-original-vape\/\"><span style=\"vertical-align: inherit\">\u00a0WGA Crystal pro max 15k Puhviga <\/span><\/a><span style=\"vertical-align: inherit\">\/<\/span><a href=\"https:\/\/vapebulkp.com\/et\/product\/bang-tornado-12000-puffs-rechargeable-disposable-pod\/\"><span style=\"vertical-align: inherit\"> Bang Tornado 12000 Puhangut<\/span><\/a><\/p>\n<h5>Tootmise kvalifikatsioon:<\/h5>\n<p><img decoding=\"async\" class=\"alignnone size-full wp-image-1841\" src=\"http:\/\/vapebulkp.com\/wp-content\/uploads\/2023\/11\/Vape-production-process-2.jpeg\" alt=\"Veibi tootmisprotsess\" width=\"650\" height=\"434\" srcset=\"https:\/\/vapebulkp.com\/wp-content\/uploads\/2023\/11\/Vape-production-process-2.jpeg 650w, https:\/\/vapebulkp.com\/wp-content\/uploads\/2023\/11\/Vape-production-process-2-300x200.jpeg 300w, https:\/\/vapebulkp.com\/wp-content\/uploads\/2023\/11\/Vape-production-process-2-600x401.jpeg 600w\" sizes=\"(max-width: 650px) 100vw, 650px\" \/><\/p>\n<p><img decoding=\"async\" class=\"alignnone size-full wp-image-1843\" src=\"http:\/\/vapebulkp.com\/wp-content\/uploads\/2023\/11\/Vape-production-process.jpeg\" alt=\"Veibi tootmisprotsess\" width=\"641\" height=\"1026\" srcset=\"https:\/\/vapebulkp.com\/wp-content\/uploads\/2023\/11\/Vape-production-process.jpeg 641w, https:\/\/vapebulkp.com\/wp-content\/uploads\/2023\/11\/Vape-production-process-187x300.jpeg 187w, https:\/\/vapebulkp.com\/wp-content\/uploads\/2023\/11\/Vape-production-process-640x1024.jpeg 640w, https:\/\/vapebulkp.com\/wp-content\/uploads\/2023\/11\/Vape-production-process-600x960.jpeg 600w\" sizes=\"(max-width: 641px) 100vw, 641px\" \/><\/p>\n<h4>KKK:<\/h4>\n<p>K: Mis on Best Sale Bang Vape 30000 Puhviga minimaalne tellimiskogus?<br \/>\nA: Minu tellimus on 100 tk.<br \/>\nK: Mis on tellitud vape'i tarneaeg?<br \/>\nV: Tavaliselt 10-15 p\u00e4eva p\u00e4rast v\u00e4ljasaatmist<br \/>\nK: Kui palju on saatmiskulu?V: Saatmiskaal s\u00f5ltub kaalust. Erinevatel kogustel on erinevad saatmiskulud, saatmiskulu kinnitamiseks v\u00f5tke meiega \u00fchendust.<\/p>\n<h4>Saatmisinfo:<\/h4>\n<p><span style=\"color: #ff6600\">Tootmisaeg: 5-10 t\u00f6\u00f6p\u00e4eva<\/span><br \/>\n<span style=\"color: #ff6600\">Saatmisaeg: 8-14 t\u00f6\u00f6p\u00e4eva<\/span><\/p>\n<p>K\u00f5ik meie poe tooted on 100% originaalsed ja autentsed, seega on v\u00f5ltsitud kaupade eest k\u00fcmnekordne h\u00fcvitis meie poe poliitika. Kasutame kaupade teile tarnimiseks logistikakanaleid nagu UPS\/DHL\/FEDEX\/DPD.<\/p>\n<p>Eestisse saadetud pakkide kohalej\u00f5udmine v\u00f5tab tavaliselt aega 10 t\u00f6\u00f6p\u00e4eva. Euroopa riikidesse saatmine v\u00f5tab tavaliselt aega 12 kuni 15 t\u00f6\u00f6p\u00e4eva. Uuendame logistikainfot teie jaoks reaalajas.<\/p>","protected":false},"excerpt":{"rendered":"<p><strong>Bang 30000 pahvi<\/strong> Topeltmaitse \u00dchekordne Vape Bang Vape 30k Puhviga<\/p>\n<p>Soodushinna saamiseks v\u00f5tke \u00fchendust Mandy WhatsAppiga<a href=\"https:\/\/wa.me\/8618077105796\">+8618077105796<\/a><\/p>\n<p><img decoding=\"async\" class=\"alignnone wp-image-2151\" src=\"http:\/\/vapebulkp.com\/wp-content\/uploads\/2024\/04\/Mandy-WhatsApp-Randm.jpg\" alt=\"Mandy WhatsAppi tutvustus\" width=\"297\" height=\"316\" srcset=\"https:\/\/vapebulkp.com\/wp-content\/uploads\/2024\/04\/Mandy-WhatsApp-Randm.jpg 916w, https:\/\/vapebulkp.com\/wp-content\/uploads\/2024\/04\/Mandy-WhatsApp-Randm-282x300.jpg 282w, https:\/\/vapebulkp.com\/wp-content\/uploads\/2024\/04\/Mandy-WhatsApp-Randm-768x817.jpg 768w, https:\/\/vapebulkp.com\/wp-content\/uploads\/2024\/04\/Mandy-WhatsApp-Randm-600x638.jpg 600w\" sizes=\"(max-width: 297px) 100vw, 297px\" \/><\/p>\n<p><span style=\"color: #ff0000\">M\u00c4RKUS: Meie veebisaidi hinnad ei sisalda saatmiskulusid<\/span><\/p>\n<p>&nbsp;<\/p>","protected":false},"featured_media":2539,"comment_status":"open","ping_status":"closed","template":"","meta":{"_uag_custom_page_level_css":"","_lmt_disableupdate":"no","_lmt_disable":"","site-sidebar-layout":"default","site-content-layout":"content-boxed-container","ast-site-content-layout":"normal-width-container","site-content-style":"boxed","site-sidebar-style":"unboxed","ast-global-header-display":"","ast-banner-title-visibility":"","ast-main-header-display":"","ast-hfb-above-header-display":"","ast-hfb-below-header-display":"","ast-hfb-mobile-header-display":"","site-post-title":"","ast-breadcrumbs-content":"","ast-featured-img":"","footer-sml-layout":"","theme-transparent-header-meta":"default","adv-header-id-meta":"","stick-header-meta":"","header-above-stick-meta":"","header-main-stick-meta":"","header-below-stick-meta":"","astra-migrate-meta-layouts":"set","_joinchat":[]},"product_cat":[160,153,345,155,33,59,100,34,158,157,154,152,58,84,156,63,32],"product_tag":[139,36,37,41,40],"class_list":["post-2542","product","type-product","status-publish","has-post-thumbnail","hentry","product_cat-30000-puff-disposable-vape","product_cat-hot-disposable-vapes","product_cat-bang-vapes","product_cat-belgium-hot-disposable-vapes","product_cat-france-vape-hot-sale","product_cat-germany-hot-disposable-vape","product_cat-germany-wholesale-vape-shop","product_cat-netherlands-vape-good-sale","product_cat-norway-hot-disposable-vapes","product_cat-poland-hot-disposable-vapes","product_cat-portugal-hot-disposable-vapes","product_cat-spain-hot-disposable-vapes","product_cat-sweden-hot-disposable-vape","product_cat-sweden-wholesale-vape","product_cat-switzerland-hot-disposable-vapes","product_cat-top-sale-disposable-vape","product_cat-vape-hot-sale-this-week","product_tag-30k-puffs","product_tag-good-vape","product_tag-hot-sale-disposable-vape","product_tag-poland-hot-vape","product_tag-sweden-hot-vape","pa_brand-bang-king-vape","desktop-align-left","tablet-align-left","mobile-align-left"],"yoast_head":"<!-- This site is optimized with the Yoast SEO plugin v21.1 - https:\/\/yoast.com\/wordpress\/plugins\/seo\/ -->\n<title>Bang 30k Puffs New Double Taste Good Vape - vapebulkp.com<\/title>\n<meta name=\"description\" content=\"The latest to hit the market is the Bang 30k Puffs New Double Taste Good Vape, a cutting-edge device designed for ultimate vaping enjoyment. This disposable electronic cigarette pen has an amazing 30,000 puffs suction power to ensure long-lasting use.\" \/>\n<meta name=\"robots\" content=\"index, follow, max-snippet:-1, max-image-preview:large, max-video-preview:-1\" \/>\n<link rel=\"canonical\" href=\"https:\/\/vapebulkp.com\/et\/product\/bang-30k-puffs-new-double-taste-good-vape\/\" \/>\n<meta property=\"og:locale\" content=\"et_EE\" \/>\n<meta property=\"og:type\" content=\"article\" \/>\n<meta property=\"og:title\" content=\"Bang 30k Puffs New Double Taste Good Vape - vapebulkp.com\" \/>\n<meta property=\"og:description\" content=\"The latest to hit the market is the Bang 30k Puffs New Double Taste Good Vape, a cutting-edge device designed for ultimate vaping enjoyment. This disposable electronic cigarette pen has an amazing 30,000 puffs suction power to ensure long-lasting use.\" \/>\n<meta property=\"og:url\" content=\"https:\/\/vapebulkp.com\/et\/product\/bang-30k-puffs-new-double-taste-good-vape\/\" \/>\n<meta property=\"og:site_name\" content=\"vapebulkp.com\" \/>\n<meta property=\"article:modified_time\" content=\"2025-09-16T09:29:33+00:00\" \/>\n<meta property=\"og:image\" content=\"http:\/\/vapebulkp.com\/wp-content\/uploads\/2024\/06\/Bang-30000-Puffs-Good-Sale-Vape.jpg\" \/>\n\t<meta property=\"og:image:width\" content=\"1080\" \/>\n\t<meta property=\"og:image:height\" content=\"1517\" \/>\n\t<meta property=\"og:image:type\" content=\"image\/jpeg\" \/>\n<meta name=\"twitter:card\" content=\"summary_large_image\" \/>\n<meta name=\"twitter:label1\" content=\"Est. reading time\" \/>\n\t<meta name=\"twitter:data1\" content=\"4 minutit\" \/>\n<script type=\"application\/ld+json\" class=\"yoast-schema-graph\">{\"@context\":\"https:\/\/schema.org\",\"@graph\":[{\"@type\":\"WebPage\",\"@id\":\"https:\/\/vapebulkp.com\/product\/bang-30k-puffs-new-double-taste-good-vape\/\",\"url\":\"https:\/\/vapebulkp.com\/product\/bang-30k-puffs-new-double-taste-good-vape\/\",\"name\":\"Bang 30k Puffs New Double Taste Good Vape - vapebulkp.com\",\"isPartOf\":{\"@id\":\"https:\/\/vapebulkp.com\/#website\"},\"datePublished\":\"2024-06-07T09:26:21+00:00\",\"dateModified\":\"2025-09-16T09:29:33+00:00\",\"description\":\"The latest to hit the market is the Bang 30k Puffs New Double Taste Good Vape, a cutting-edge device designed for ultimate vaping enjoyment. This disposable electronic cigarette pen has an amazing 30,000 puffs suction power to ensure long-lasting use.\",\"breadcrumb\":{\"@id\":\"https:\/\/vapebulkp.com\/product\/bang-30k-puffs-new-double-taste-good-vape\/#breadcrumb\"},\"inLanguage\":\"et\",\"potentialAction\":[{\"@type\":\"ReadAction\",\"target\":[\"https:\/\/vapebulkp.com\/product\/bang-30k-puffs-new-double-taste-good-vape\/\"]}]},{\"@type\":\"BreadcrumbList\",\"@id\":\"https:\/\/vapebulkp.com\/product\/bang-30k-puffs-new-double-taste-good-vape\/#breadcrumb\",\"itemListElement\":[{\"@type\":\"ListItem\",\"position\":1,\"name\":\"Home\",\"item\":\"https:\/\/vapebulkp.com\/\"},{\"@type\":\"ListItem\",\"position\":2,\"name\":\"Hot Trend Vapes\",\"item\":\"https:\/\/vapebulkp.com\/vape-shop\/\"},{\"@type\":\"ListItem\",\"position\":3,\"name\":\"Bang 30k Puffs New Double Taste Good Vape\"}]},{\"@type\":\"WebSite\",\"@id\":\"https:\/\/vapebulkp.com\/#website\",\"url\":\"https:\/\/vapebulkp.com\/\",\"name\":\"vapebulkp.com\",\"description\":\"Buy Vape In Cheap Bulk Price Near you\",\"publisher\":{\"@id\":\"https:\/\/vapebulkp.com\/#organization\"},\"potentialAction\":[{\"@type\":\"SearchAction\",\"target\":{\"@type\":\"EntryPoint\",\"urlTemplate\":\"https:\/\/vapebulkp.com\/?s={search_term_string}\"},\"query-input\":\"required name=search_term_string\"}],\"inLanguage\":\"et\"},{\"@type\":\"Organization\",\"@id\":\"https:\/\/vapebulkp.com\/#organization\",\"name\":\"vapebulkp.com\",\"url\":\"https:\/\/vapebulkp.com\/\",\"logo\":{\"@type\":\"ImageObject\",\"inLanguage\":\"et\",\"@id\":\"https:\/\/vapebulkp.com\/#\/schema\/logo\/image\/\",\"url\":\"https:\/\/vapebulkp.com\/wp-content\/uploads\/2023\/09\/cropped-vapebulkp.png\",\"contentUrl\":\"https:\/\/vapebulkp.com\/wp-content\/uploads\/2023\/09\/cropped-vapebulkp.png\",\"width\":516,\"height\":163,\"caption\":\"vapebulkp.com\"},\"image\":{\"@id\":\"https:\/\/vapebulkp.com\/#\/schema\/logo\/image\/\"}}]}<\/script>\n<!-- \/ Yoast SEO plugin. -->","yoast_head_json":{"title":"Bang 30k Puffs New Double Taste Good Vape - vapebulkp.com","description":"The latest to hit the market is the Bang 30k Puffs New Double Taste Good Vape, a cutting-edge device designed for ultimate vaping enjoyment. This disposable electronic cigarette pen has an amazing 30,000 puffs suction power to ensure long-lasting use.","robots":{"index":"index","follow":"follow","max-snippet":"max-snippet:-1","max-image-preview":"max-image-preview:large","max-video-preview":"max-video-preview:-1"},"canonical":"https:\/\/vapebulkp.com\/et\/product\/bang-30k-puffs-new-double-taste-good-vape\/","og_locale":"et_EE","og_type":"article","og_title":"Bang 30k Puffs New Double Taste Good Vape - vapebulkp.com","og_description":"The latest to hit the market is the Bang 30k Puffs New Double Taste Good Vape, a cutting-edge device designed for ultimate vaping enjoyment. This disposable electronic cigarette pen has an amazing 30,000 puffs suction power to ensure long-lasting use.","og_url":"https:\/\/vapebulkp.com\/et\/product\/bang-30k-puffs-new-double-taste-good-vape\/","og_site_name":"vapebulkp.com","article_modified_time":"2025-09-16T09:29:33+00:00","og_image":[{"width":1080,"height":1517,"url":"http:\/\/vapebulkp.com\/wp-content\/uploads\/2024\/06\/Bang-30000-Puffs-Good-Sale-Vape.jpg","type":"image\/jpeg"}],"twitter_card":"summary_large_image","twitter_misc":{"Est. reading time":"4 minutit"},"schema":{"@context":"https:\/\/schema.org","@graph":[{"@type":"WebPage","@id":"https:\/\/vapebulkp.com\/product\/bang-30k-puffs-new-double-taste-good-vape\/","url":"https:\/\/vapebulkp.com\/product\/bang-30k-puffs-new-double-taste-good-vape\/","name":"Bang 30k Puffs New Double Taste Good Vape - vapebulkp.com","isPartOf":{"@id":"https:\/\/vapebulkp.com\/#website"},"datePublished":"2024-06-07T09:26:21+00:00","dateModified":"2025-09-16T09:29:33+00:00","description":"The latest to hit the market is the Bang 30k Puffs New Double Taste Good Vape, a cutting-edge device designed for ultimate vaping enjoyment. This disposable electronic cigarette pen has an amazing 30,000 puffs suction power to ensure long-lasting use.","breadcrumb":{"@id":"https:\/\/vapebulkp.com\/product\/bang-30k-puffs-new-double-taste-good-vape\/#breadcrumb"},"inLanguage":"et","potentialAction":[{"@type":"ReadAction","target":["https:\/\/vapebulkp.com\/product\/bang-30k-puffs-new-double-taste-good-vape\/"]}]},{"@type":"BreadcrumbList","@id":"https:\/\/vapebulkp.com\/product\/bang-30k-puffs-new-double-taste-good-vape\/#breadcrumb","itemListElement":[{"@type":"ListItem","position":1,"name":"Home","item":"https:\/\/vapebulkp.com\/"},{"@type":"ListItem","position":2,"name":"Hot Trend Vapes","item":"https:\/\/vapebulkp.com\/vape-shop\/"},{"@type":"ListItem","position":3,"name":"Bang 30k Puffs New Double Taste Good Vape"}]},{"@type":"WebSite","@id":"https:\/\/vapebulkp.com\/#website","url":"https:\/\/vapebulkp.com\/","name":"vapebulkp.com","description":"Buy Vape In Cheap Bulk Price Near you","publisher":{"@id":"https:\/\/vapebulkp.com\/#organization"},"potentialAction":[{"@type":"SearchAction","target":{"@type":"EntryPoint","urlTemplate":"https:\/\/vapebulkp.com\/?s={search_term_string}"},"query-input":"required name=search_term_string"}],"inLanguage":"et"},{"@type":"Organization","@id":"https:\/\/vapebulkp.com\/#organization","name":"vapebulkp.com","url":"https:\/\/vapebulkp.com\/","logo":{"@type":"ImageObject","inLanguage":"et","@id":"https:\/\/vapebulkp.com\/#\/schema\/logo\/image\/","url":"https:\/\/vapebulkp.com\/wp-content\/uploads\/2023\/09\/cropped-vapebulkp.png","contentUrl":"https:\/\/vapebulkp.com\/wp-content\/uploads\/2023\/09\/cropped-vapebulkp.png","width":516,"height":163,"caption":"vapebulkp.com"},"image":{"@id":"https:\/\/vapebulkp.com\/#\/schema\/logo\/image\/"}}]}},"uagb_featured_image_src":{"full":["https:\/\/vapebulkp.com\/wp-content\/uploads\/2024\/06\/Bang-30000-Puffs-Good-Sale-Vape.jpg",1080,1517,false],"thumbnail":["https:\/\/vapebulkp.com\/wp-content\/uploads\/2024\/06\/Bang-30000-Puffs-Good-Sale-Vape-150x150.jpg",150,150,true],"medium":["https:\/\/vapebulkp.com\/wp-content\/uploads\/2024\/06\/Bang-30000-Puffs-Good-Sale-Vape-214x300.jpg",214,300,true],"medium_large":["https:\/\/vapebulkp.com\/wp-content\/uploads\/2024\/06\/Bang-30000-Puffs-Good-Sale-Vape-768x1079.jpg",768,1079,true],"large":["https:\/\/vapebulkp.com\/wp-content\/uploads\/2024\/06\/Bang-30000-Puffs-Good-Sale-Vape-729x1024.jpg",729,1024,true],"1536x1536":["https:\/\/vapebulkp.com\/wp-content\/uploads\/2024\/06\/Bang-30000-Puffs-Good-Sale-Vape.jpg",1080,1517,false],"2048x2048":["https:\/\/vapebulkp.com\/wp-content\/uploads\/2024\/06\/Bang-30000-Puffs-Good-Sale-Vape.jpg",1080,1517,false],"trp-custom-language-flag":["https:\/\/vapebulkp.com\/wp-content\/uploads\/2024\/06\/Bang-30000-Puffs-Good-Sale-Vape.jpg",9,12,false],"woocommerce_thumbnail":["https:\/\/vapebulkp.com\/wp-content\/uploads\/2024\/06\/Bang-30000-Puffs-Good-Sale-Vape-300x300.jpg",300,300,true],"woocommerce_single":["https:\/\/vapebulkp.com\/wp-content\/uploads\/2024\/06\/Bang-30000-Puffs-Good-Sale-Vape-600x843.jpg",600,843,true],"woocommerce_gallery_thumbnail":["https:\/\/vapebulkp.com\/wp-content\/uploads\/2024\/06\/Bang-30000-Puffs-Good-Sale-Vape-100x100.jpg",100,100,true],"wcpr-photo-reviews":["https:\/\/vapebulkp.com\/wp-content\/uploads\/2024\/06\/Bang-30000-Puffs-Good-Sale-Vape.jpg",356,500,false]},"uagb_author_info":{"display_name":"Mandy vape bulk price","author_link":"https:\/\/vapebulkp.com\/et\/author\/"},"uagb_comment_info":0,"uagb_excerpt":"Bang 30000 Puffs Double Taste Disposable Vape Bang Vape 30k Puffs Pls Contact Mandy's WhatsApp For Discount Price+8618077105796 NOTE: Prices on our website does not include shipping costs &nbsp;","_links":{"self":[{"href":"https:\/\/vapebulkp.com\/et\/wp-json\/wp\/v2\/product\/2542","targetHints":{"allow":["GET"]}}],"collection":[{"href":"https:\/\/vapebulkp.com\/et\/wp-json\/wp\/v2\/product"}],"about":[{"href":"https:\/\/vapebulkp.com\/et\/wp-json\/wp\/v2\/types\/product"}],"replies":[{"embeddable":true,"href":"https:\/\/vapebulkp.com\/et\/wp-json\/wp\/v2\/comments?post=2542"}],"wp:featuredmedia":[{"embeddable":true,"href":"https:\/\/vapebulkp.com\/et\/wp-json\/wp\/v2\/media\/2539"}],"wp:attachment":[{"href":"https:\/\/vapebulkp.com\/et\/wp-json\/wp\/v2\/media?parent=2542"}],"wp:term":[{"taxonomy":"product_cat","embeddable":true,"href":"https:\/\/vapebulkp.com\/et\/wp-json\/wp\/v2\/product_cat?post=2542"},{"taxonomy":"product_tag","embeddable":true,"href":"https:\/\/vapebulkp.com\/et\/wp-json\/wp\/v2\/product_tag?post=2542"}],"curies":[{"name":"wp","href":"https:\/\/api.w.org\/{rel}","templated":true}]}}