{"id":2571,"date":"2024-06-27T05:53:29","date_gmt":"2024-06-27T03:53:29","guid":{"rendered":"https:\/\/vapebulkp.com\/?post_type=product&#038;p=2571"},"modified":"2025-09-24T05:21:46","modified_gmt":"2025-09-24T03:21:46","slug":"bang-beach-20k-puffs-led-display-vape-discount-price","status":"publish","type":"product","link":"https:\/\/vapebulkp.com\/et\/product\/bang-beach-20k-puffs-led-display-vape-discount-price\/","title":{"rendered":"Bang Beach 20k Puffs LED-ekraaniga Vape Soodushind"},"content":{"rendered":"<h2 style=\"text-align: left\">Bang Beach 20k Puffs LED-ekraaniga Vape Soodushind<\/h2>\n<p data-start=\"206\" data-end=\"575\">Veip <strong data-start=\"210\" data-end=\"252\">Bang rand <a href=\"https:\/\/vapebulkp.com\/et\/product-category\/20000-puffs-disposable-vape\/\">20000 pahviga \u00fchekordselt kasutatav e-sigaret<\/a><\/strong> on loodud veipijatele Eestis, kes soovivad maksimaalset j\u00f5udlust kompaktsest seadmest. Massiivse <strong data-start=\"353\" data-end=\"379\">35ml e-vedeliku mahutavusega<\/strong> ja t\u00e4iustatud k\u00fcttekeha s\u00fcsteemiga, see <strong data-start=\"411\" data-end=\"433\">suure mahutavusega vape<\/strong> pakub kuni 20 000 sujuvat mahvi, muutes selle \u00fcheks k\u00f5ige usaldusv\u00e4\u00e4rsemaks valikuks nii isiklikuks kasutamiseks kui ka <strong data-start=\"539\" data-end=\"564\">hulgim\u00fc\u00fck vape Eesti<\/strong> turgudel.<\/p>\n<p data-start=\"577\" data-end=\"870\">Sisseehitatud <strong data-start=\"588\" data-end=\"619\">650mAh laetav aku<\/strong> tagab kauakestva energia, samas kui <strong data-start=\"654\" data-end=\"673\">Type-C laadimisega<\/strong> v\u00e4hendab seisakuid ja hoiab seadme alati valmis. Integreeritud <strong data-start=\"747\" data-end=\"767\">LED-ekraaniga veip<\/strong> funktsioon n\u00e4itab nii aku olekut kui ka e-vedeliku taset, pakkudes mugavust ja reaalajas kontrolli.<\/p>\n<p data-start=\"872\" data-end=\"1149\">Kasutades <strong data-start=\"878\" data-end=\"896\">v\u00f5rgusilma m\u00e4hisega vape'iga<\/strong> tehnoloogiat, loob Bang Beach iga t\u00f5mbega rikkaliku maitse ja tihedad pilved. Reguleeritav \u00f5huvool laseb kasutajatel aurutoodangut t\u00e4pselt h\u00e4\u00e4lestada, samas kui <strong data-start=\"1043\" data-end=\"1065\">nikotiinisoola vape<\/strong> 0%, 2%, 3% ja 5% nikotiinisisalduse valikud annavad paindlikkust nii kergetele kui ka rasketel suitsetajatele.<\/p>\n<p data-start=\"1151\" data-end=\"1519\">Saadaval 12 esmaklassilises maitses, Bang Beach 20k Puffs <strong data-start=\"1189\" data-end=\"1221\">laetav \u00fchekordselt kasutatav vape<\/strong> \u00fchendab j\u00f5udluse kaasaskantavusega. Selle elegantne ja ergonoomiline disain teeb selle lihtsaks kaasas kanda, pakkudes Eestis veipijatele stiilset ja usaldusv\u00e4\u00e4rset seadet. Jaem\u00fc\u00fcjatele, Bang Beach <strong>20000 Puffs Vape Seade<\/strong> paistab silma kui kasumlik t\u00e4iendus igale laoseisu <strong>20000 pahvi ja suure mahutavusega vape'id<\/strong>.<\/p>\n<p><img decoding=\"async\" class=\"alignnone wp-image-2545\" src=\"http:\/\/vapebulkp.com\/wp-content\/uploads\/2024\/06\/Bang-Beach-20k-Puffs-Bang-Vape-Disposable-Vape.png\" alt=\"Bang Beach 20k Puffs Bang Vape \u00dchekordselt kasutatav vape\" width=\"638\" height=\"425\" srcset=\"https:\/\/vapebulkp.com\/wp-content\/uploads\/2024\/06\/Bang-Beach-20k-Puffs-Bang-Vape-Disposable-Vape.png 3000w, https:\/\/vapebulkp.com\/wp-content\/uploads\/2024\/06\/Bang-Beach-20k-Puffs-Bang-Vape-Disposable-Vape-300x200.png 300w, https:\/\/vapebulkp.com\/wp-content\/uploads\/2024\/06\/Bang-Beach-20k-Puffs-Bang-Vape-Disposable-Vape-1024x683.png 1024w, https:\/\/vapebulkp.com\/wp-content\/uploads\/2024\/06\/Bang-Beach-20k-Puffs-Bang-Vape-Disposable-Vape-768x512.png 768w, https:\/\/vapebulkp.com\/wp-content\/uploads\/2024\/06\/Bang-Beach-20k-Puffs-Bang-Vape-Disposable-Vape-1536x1024.png 1536w, https:\/\/vapebulkp.com\/wp-content\/uploads\/2024\/06\/Bang-Beach-20k-Puffs-Bang-Vape-Disposable-Vape-2048x1365.png 2048w, https:\/\/vapebulkp.com\/wp-content\/uploads\/2024\/06\/Bang-Beach-20k-Puffs-Bang-Vape-Disposable-Vape-600x400.png 600w\" sizes=\"(max-width: 638px) 100vw, 638px\" \/><\/p>\n<h6>Soodushinna saamiseks v\u00f5tke \u00fchendust Mandy WhatsAppiga<a href=\"https:\/\/wa.me\/8618077105796\">+8618077105796<\/a><\/h6>\n<p><img decoding=\"async\" class=\"alignnone wp-image-2151\" src=\"http:\/\/vapebulkp.com\/wp-content\/uploads\/2024\/04\/Mandy-WhatsApp-Randm.jpg\" alt=\"Mandy WhatsAppi tutvustus\" width=\"324\" height=\"330\" \/><\/p>\n<h2>Arvasin, et v\u00f5iksite teada Bang Beach 20000 Puff hulgim\u00fc\u00fcgist:<\/h2>\n<h5>1. Kuidas kasutada Bang Beach 20k Puffs Vape Pen?<\/h5>\n<p>1. samm. Enne 20k pihustuste kasutamist eemaldage plasttoru.<\/p>\n<p>2. samm. Oodake umbes 3 minutit, et mahl j\u00f5uaks spiraali sisse.<\/p>\n<p>3. samm. Nautige<\/p>\n<h5>2. Kuidas laadida \u00fchekordset vape'i Bang King Vape 20k Puffs?<\/h5>\n<p>Kiirlaadimise laadijaid ei saa kasutada, ja \u00fchekordselt kasutatavate e-sigarettide standardne ohutu v\u00f5imsus on 5V 1A.<\/p>\n<p>Iga laadimisaeg ei tohi \u00fcletada 1 tund ja ohutu laadimisaeg on pool tundi.<\/p>\n<p><span style=\"color: #ff6600\">M\u00e4rkus: ei tohi laadida terve \u00f6\u00f6!<\/span><\/p>\n<h5>3. Mis on Bang Beach 20000 Puffs Top Sale Bang Vape e-vedeliku maht?<\/h5>\n<p>35ml<\/p>\n<h5>4. Mitu pahvi ma sellest Bang Beach 20k Puffs saan v\u00f5tta?<\/h5>\n<p>\u2014\u201320000Puffi<\/p>\n<h3>Bang Beach 20k Puffs \u00fchekordse vape podi omadused:<\/h3>\n<p>&nbsp;<\/p>\n<ul>\n<li>\u00a0Vedelik: 35 ml eelt\u00e4idetud e-vedeliku kassett<\/li>\n<li>Nikotiin: 2\/5% Nikotiinisool<\/li>\n<li>\u00a0T\u00fc\u00fcbid: LCD \u00fchekordne vape<\/li>\n<li>\u00a0650 mAh aku<\/li>\n<li>\u00a01.0 v\u00f5rgu k\u00fcttekeha<\/li>\n<li>\u00a0Type-c nutiekraan, topeltv\u00f5rkspiraal, \u00f5huvoolu reguleerimine<\/li>\n<li>\u00a012 maitset saadaval<\/li>\n<\/ul>\n<h3><\/h3>\n<h3><strong>Parim Vape Pod Bang Vape Beach 20000 Puffs maitsed:<\/strong><\/h3>\n<p>1) Kolme marja j\u00e4\u00e4<br \/>\n2) Roosa limonaad<br \/>\n3) Mustikas vaarikas<br \/>\n4) Segametsad<br \/>\n5) Maasikas arbuus<br \/>\n6) Maasikas j\u00e4\u00e4<br \/>\n7) Viinamarjaj\u00e4\u00e4<br \/>\n8) Virsiku-mango<br \/>\n9) Sinine vaarika j\u00e4\u00e4<br \/>\n10) Happeline \u00f5un<br \/>\n11) Arbuusi j\u00e4\u00e4<br \/>\n12) Virsiku j\u00e4\u00e4<\/p>\n<p><a href=\"https:\/\/vapebulkp.com\/et\/product\/popular-randm-tornado-7000puffs-disposable-vape-best-price\/\"><span style=\"vertical-align: inherit\">RandM Tornado 7000 Puhvrit <\/span><\/a><\/p>\n<p><span style=\"vertical-align: inherit\">Leia rohkem tooteid, mis sulle meeldida v\u00f5iksid:<\/span><em><a href=\"https:\/\/wa.me\/8618077105796\"><span style=\"vertical-align: inherit\">\u00a0Osta kohe<\/span><\/a><\/em><\/p>\n<p><span style=\"vertical-align: inherit\">Teised e-sigaretid, mis sulle meeldida v\u00f5ivad:<\/span><a href=\"https:\/\/vapebulkp.com\/et\/product\/bang-with-a-vape-gear-20000-puffs-discount-price\/\"><span style=\"vertical-align: inherit\">Bang Gear Vape 20000 Pahvi<\/span><\/a><span style=\"vertical-align: inherit\">\u3001<\/span><a href=\"https:\/\/vapebulkp.com\/et\/product\/wholesale-randm-tornado-9000-puffs-germany\/\"><span style=\"vertical-align: inherit\">RandM 9000 Pahvi<\/span><\/a><span style=\"vertical-align: inherit\">\/ <\/span><a href=\"https:\/\/vapebulkp.com\/et\/product\/bang-king-12000puffs\/\"><span style=\"vertical-align: inherit\">Bang King 12000 Mahvi<\/span><\/a><span style=\"vertical-align: inherit\">\/ <\/span><a href=\"https:\/\/vapebulkp.com\/et\/fi\/product\/uzy-bang-digital-12000puffs-led-display-e-cigarettes\/\"><span style=\"vertical-align: inherit\">UZY Bang Digital 15000 Pahvi<\/span><\/a><\/p>\n<p><span style=\"vertical-align: inherit\">Erilise kujuga e-sigareti pudel:<\/span><a href=\"https:\/\/vapebulkp.com\/et\/product\/original-vape-bang-tn-12000-puffs-bang-vape\/\"><span style=\"vertical-align: inherit\"> Bang TN 12000 Puhviga<\/span><\/a><span style=\"vertical-align: inherit\">\/ <\/span><a href=\"https:\/\/vapebulkp.com\/et\/fi\/product\/best-price-wga-crystal-pro-max-15k-puffs-original-vape\/\"><span style=\"vertical-align: inherit\">\u00a0WGA Crystal pro max 15k Puhviga <\/span><\/a><span style=\"vertical-align: inherit\">\/<\/span><a href=\"https:\/\/vapebulkp.com\/et\/product\/bang-tornado-12000-puffs-rechargeable-disposable-pod\/\"><span style=\"vertical-align: inherit\"> Bang Tornado 12000 Puhangut<\/span><\/a><\/p>\n<h5>Tootmise kvalifikatsioon:<\/h5>\n<p><img decoding=\"async\" class=\"alignnone size-full wp-image-1841\" src=\"http:\/\/vapebulkp.com\/wp-content\/uploads\/2023\/11\/Vape-production-process-2.jpeg\" alt=\"Veibi tootmisprotsess\" width=\"650\" height=\"434\" srcset=\"https:\/\/vapebulkp.com\/wp-content\/uploads\/2023\/11\/Vape-production-process-2.jpeg 650w, https:\/\/vapebulkp.com\/wp-content\/uploads\/2023\/11\/Vape-production-process-2-300x200.jpeg 300w, https:\/\/vapebulkp.com\/wp-content\/uploads\/2023\/11\/Vape-production-process-2-600x401.jpeg 600w\" sizes=\"(max-width: 650px) 100vw, 650px\" \/><\/p>\n<p><img decoding=\"async\" class=\"alignnone size-full wp-image-1843\" src=\"http:\/\/vapebulkp.com\/wp-content\/uploads\/2023\/11\/Vape-production-process.jpeg\" alt=\"Veibi tootmisprotsess\" width=\"641\" height=\"1026\" srcset=\"https:\/\/vapebulkp.com\/wp-content\/uploads\/2023\/11\/Vape-production-process.jpeg 641w, https:\/\/vapebulkp.com\/wp-content\/uploads\/2023\/11\/Vape-production-process-187x300.jpeg 187w, https:\/\/vapebulkp.com\/wp-content\/uploads\/2023\/11\/Vape-production-process-640x1024.jpeg 640w, https:\/\/vapebulkp.com\/wp-content\/uploads\/2023\/11\/Vape-production-process-600x960.jpeg 600w\" sizes=\"(max-width: 641px) 100vw, 641px\" \/><\/p>\n<h4>KKK:<\/h4>\n<p>K: Mis on Hulgim\u00fc\u00fck Vape Bang Beach 20k Puffs MOQ?<br \/>\nV: Minimaalne tellimiskogus on 50 tk.<br \/>\nK: Mis on tellitud vape'i tarneaeg?<br \/>\nV: Tavaliselt 10-15 p\u00e4eva p\u00e4rast v\u00e4ljasaatmist<br \/>\nK: Kui palju on saatmiskulu? V: Saatmiskulu s\u00f5ltub kaalust. Erinevatel kogustel on erinevad saatmiskulud, palun v\u00f5tke meiega \u00fchendust, et saatmiskulu kinnitada.<\/p>\n<h4>Saatmisinfo:<\/h4>\n<p><span style=\"color: #ff6600\">Tootmisaeg: 5-10 t\u00f6\u00f6p\u00e4eva<\/span><br \/>\n<span style=\"color: #ff6600\">Saatmisaeg: 8-14 t\u00f6\u00f6p\u00e4eva<\/span><\/p>\n<p>K\u00f5ik meie poe tooted on 100% originaalsed ja autentsed, seega on v\u00f5ltsitud kaupade eest k\u00fcmnekordne h\u00fcvitis meie poe poliitika. Kasutame kaupade teile tarnimiseks logistikakanaleid nagu UPS\/DHL\/FEDEX\/DPD.<\/p>\n<p>Eestisse saadetud pakkide kohalej\u00f5udmine v\u00f5tab tavaliselt aega 10 t\u00f6\u00f6p\u00e4eva. Euroopa riikidesse saatmine v\u00f5tab tavaliselt aega 12 kuni 15 t\u00f6\u00f6p\u00e4eva. Uuendame logistikainfot teie jaoks reaalajas.<\/p>","protected":false},"excerpt":{"rendered":"<p>Uus Mudel Vape Bang Beach 20k Puffs Bang Vape<\/p>\n<p>Soodushinna saamiseks v\u00f5tke \u00fchendust Mandy WhatsAppiga<a href=\"https:\/\/wa.me\/8618077105796\">+8618077105796<\/a><\/p>\n<p><img decoding=\"async\" class=\"alignnone wp-image-2151\" src=\"http:\/\/vapebulkp.com\/wp-content\/uploads\/2024\/04\/Mandy-WhatsApp-Randm.jpg\" alt=\"Mandy WhatsAppi tutvustus\" width=\"297\" height=\"316\" srcset=\"https:\/\/vapebulkp.com\/wp-content\/uploads\/2024\/04\/Mandy-WhatsApp-Randm.jpg 916w, https:\/\/vapebulkp.com\/wp-content\/uploads\/2024\/04\/Mandy-WhatsApp-Randm-282x300.jpg 282w, https:\/\/vapebulkp.com\/wp-content\/uploads\/2024\/04\/Mandy-WhatsApp-Randm-768x817.jpg 768w, https:\/\/vapebulkp.com\/wp-content\/uploads\/2024\/04\/Mandy-WhatsApp-Randm-600x638.jpg 600w\" sizes=\"(max-width: 297px) 100vw, 297px\" \/><\/p>\n<p><span style=\"color: #ff0000\">M\u00c4RKUS: Meie veebisaidi hinnad ei sisalda saatmiskulusid<\/span><\/p>\n<p>&nbsp;<\/p>","protected":false},"featured_media":2546,"comment_status":"open","ping_status":"closed","template":"","meta":{"_uag_custom_page_level_css":"","_lmt_disableupdate":"no","_lmt_disable":"","site-sidebar-layout":"default","site-content-layout":"content-boxed-container","ast-site-content-layout":"normal-width-container","site-content-style":"boxed","site-sidebar-style":"unboxed","ast-global-header-display":"","ast-banner-title-visibility":"","ast-main-header-display":"","ast-hfb-above-header-display":"","ast-hfb-below-header-display":"","ast-hfb-mobile-header-display":"","site-post-title":"","ast-breadcrumbs-content":"","ast-featured-img":"","footer-sml-layout":"","theme-transparent-header-meta":"default","adv-header-id-meta":"","stick-header-meta":"","header-above-stick-meta":"","header-main-stick-meta":"","header-below-stick-meta":"","astra-migrate-meta-layouts":"set","_joinchat":[]},"product_cat":[162,153,345,155,33,59,100,34,158,157,154,152,58,84,156,63,32],"product_tag":[141,36,37,41,40],"class_list":["post-2571","product","type-product","status-publish","has-post-thumbnail","hentry","product_cat-20000-puffs-disposable-vape","product_cat-hot-disposable-vapes","product_cat-bang-vapes","product_cat-belgium-hot-disposable-vapes","product_cat-france-vape-hot-sale","product_cat-germany-hot-disposable-vape","product_cat-germany-wholesale-vape-shop","product_cat-netherlands-vape-good-sale","product_cat-norway-hot-disposable-vapes","product_cat-poland-hot-disposable-vapes","product_cat-portugal-hot-disposable-vapes","product_cat-spain-hot-disposable-vapes","product_cat-sweden-hot-disposable-vape","product_cat-sweden-wholesale-vape","product_cat-switzerland-hot-disposable-vapes","product_cat-top-sale-disposable-vape","product_cat-vape-hot-sale-this-week","product_tag-20000puffs","product_tag-good-vape","product_tag-hot-sale-disposable-vape","product_tag-poland-hot-vape","product_tag-sweden-hot-vape","pa_brand-bang-king-vape","desktop-align-left","tablet-align-left","mobile-align-left"],"yoast_head":"<!-- This site is optimized with the Yoast SEO plugin v21.1 - https:\/\/yoast.com\/wordpress\/plugins\/seo\/ -->\n<title>Bang Beach 20k Puffs LED Display Vape Discount Price - vapebulkp.com<\/title>\n<meta name=\"description\" content=\"Choose Bang Beach 20k Puffs new LED display e-cigarette cartridges to experience the perfect combination of performance, convenience and flavor. Bang Beach Vape is your reliable and enjoyable smoking companion for a long time.\" \/>\n<meta name=\"robots\" content=\"index, follow, max-snippet:-1, max-image-preview:large, max-video-preview:-1\" \/>\n<link rel=\"canonical\" href=\"https:\/\/vapebulkp.com\/et\/product\/bang-beach-20k-puffs-led-display-vape-discount-price\/\" \/>\n<meta property=\"og:locale\" content=\"et_EE\" \/>\n<meta property=\"og:type\" content=\"article\" \/>\n<meta property=\"og:title\" content=\"Bang Beach 20k Puffs LED Display Vape Discount Price - vapebulkp.com\" \/>\n<meta property=\"og:description\" content=\"Choose Bang Beach 20k Puffs new LED display e-cigarette cartridges to experience the perfect combination of performance, convenience and flavor. Bang Beach Vape is your reliable and enjoyable smoking companion for a long time.\" \/>\n<meta property=\"og:url\" content=\"https:\/\/vapebulkp.com\/et\/product\/bang-beach-20k-puffs-led-display-vape-discount-price\/\" \/>\n<meta property=\"og:site_name\" content=\"vapebulkp.com\" \/>\n<meta property=\"article:modified_time\" content=\"2025-09-24T03:21:46+00:00\" \/>\n<meta property=\"og:image\" content=\"http:\/\/vapebulkp.com\/wp-content\/uploads\/2024\/06\/Bang-Beach-20k-Puffs-Discount-Price.jpg\" \/>\n\t<meta property=\"og:image:width\" content=\"1920\" \/>\n\t<meta property=\"og:image:height\" content=\"1080\" \/>\n\t<meta property=\"og:image:type\" content=\"image\/jpeg\" \/>\n<meta name=\"twitter:card\" content=\"summary_large_image\" \/>\n<meta name=\"twitter:label1\" content=\"Est. reading time\" \/>\n\t<meta name=\"twitter:data1\" content=\"4 minutit\" \/>\n<script type=\"application\/ld+json\" class=\"yoast-schema-graph\">{\"@context\":\"https:\/\/schema.org\",\"@graph\":[{\"@type\":\"WebPage\",\"@id\":\"https:\/\/vapebulkp.com\/product\/bang-beach-20k-puffs-led-display-vape-discount-price\/\",\"url\":\"https:\/\/vapebulkp.com\/product\/bang-beach-20k-puffs-led-display-vape-discount-price\/\",\"name\":\"Bang Beach 20k Puffs LED Display Vape Discount Price - vapebulkp.com\",\"isPartOf\":{\"@id\":\"https:\/\/vapebulkp.com\/#website\"},\"datePublished\":\"2024-06-27T03:53:29+00:00\",\"dateModified\":\"2025-09-24T03:21:46+00:00\",\"description\":\"Choose Bang Beach 20k Puffs new LED display e-cigarette cartridges to experience the perfect combination of performance, convenience and flavor. Bang Beach Vape is your reliable and enjoyable smoking companion for a long time.\",\"breadcrumb\":{\"@id\":\"https:\/\/vapebulkp.com\/product\/bang-beach-20k-puffs-led-display-vape-discount-price\/#breadcrumb\"},\"inLanguage\":\"et\",\"potentialAction\":[{\"@type\":\"ReadAction\",\"target\":[\"https:\/\/vapebulkp.com\/product\/bang-beach-20k-puffs-led-display-vape-discount-price\/\"]}]},{\"@type\":\"BreadcrumbList\",\"@id\":\"https:\/\/vapebulkp.com\/product\/bang-beach-20k-puffs-led-display-vape-discount-price\/#breadcrumb\",\"itemListElement\":[{\"@type\":\"ListItem\",\"position\":1,\"name\":\"Home\",\"item\":\"https:\/\/vapebulkp.com\/\"},{\"@type\":\"ListItem\",\"position\":2,\"name\":\"Hot Trend Vapes\",\"item\":\"https:\/\/vapebulkp.com\/vape-shop\/\"},{\"@type\":\"ListItem\",\"position\":3,\"name\":\"Bang Beach 20k Puffs LED Display Vape Discount Price\"}]},{\"@type\":\"WebSite\",\"@id\":\"https:\/\/vapebulkp.com\/#website\",\"url\":\"https:\/\/vapebulkp.com\/\",\"name\":\"vapebulkp.com\",\"description\":\"Buy Vape In Cheap Bulk Price Near you\",\"publisher\":{\"@id\":\"https:\/\/vapebulkp.com\/#organization\"},\"potentialAction\":[{\"@type\":\"SearchAction\",\"target\":{\"@type\":\"EntryPoint\",\"urlTemplate\":\"https:\/\/vapebulkp.com\/?s={search_term_string}\"},\"query-input\":\"required name=search_term_string\"}],\"inLanguage\":\"et\"},{\"@type\":\"Organization\",\"@id\":\"https:\/\/vapebulkp.com\/#organization\",\"name\":\"vapebulkp.com\",\"url\":\"https:\/\/vapebulkp.com\/\",\"logo\":{\"@type\":\"ImageObject\",\"inLanguage\":\"et\",\"@id\":\"https:\/\/vapebulkp.com\/#\/schema\/logo\/image\/\",\"url\":\"https:\/\/vapebulkp.com\/wp-content\/uploads\/2023\/09\/cropped-vapebulkp.png\",\"contentUrl\":\"https:\/\/vapebulkp.com\/wp-content\/uploads\/2023\/09\/cropped-vapebulkp.png\",\"width\":516,\"height\":163,\"caption\":\"vapebulkp.com\"},\"image\":{\"@id\":\"https:\/\/vapebulkp.com\/#\/schema\/logo\/image\/\"}}]}<\/script>\n<!-- \/ Yoast SEO plugin. -->","yoast_head_json":{"title":"Bang Beach 20k Puffs LED Display Vape Discount Price - vapebulkp.com","description":"Choose Bang Beach 20k Puffs new LED display e-cigarette cartridges to experience the perfect combination of performance, convenience and flavor. Bang Beach Vape is your reliable and enjoyable smoking companion for a long time.","robots":{"index":"index","follow":"follow","max-snippet":"max-snippet:-1","max-image-preview":"max-image-preview:large","max-video-preview":"max-video-preview:-1"},"canonical":"https:\/\/vapebulkp.com\/et\/product\/bang-beach-20k-puffs-led-display-vape-discount-price\/","og_locale":"et_EE","og_type":"article","og_title":"Bang Beach 20k Puffs LED Display Vape Discount Price - vapebulkp.com","og_description":"Choose Bang Beach 20k Puffs new LED display e-cigarette cartridges to experience the perfect combination of performance, convenience and flavor. Bang Beach Vape is your reliable and enjoyable smoking companion for a long time.","og_url":"https:\/\/vapebulkp.com\/et\/product\/bang-beach-20k-puffs-led-display-vape-discount-price\/","og_site_name":"vapebulkp.com","article_modified_time":"2025-09-24T03:21:46+00:00","og_image":[{"width":1920,"height":1080,"url":"http:\/\/vapebulkp.com\/wp-content\/uploads\/2024\/06\/Bang-Beach-20k-Puffs-Discount-Price.jpg","type":"image\/jpeg"}],"twitter_card":"summary_large_image","twitter_misc":{"Est. reading time":"4 minutit"},"schema":{"@context":"https:\/\/schema.org","@graph":[{"@type":"WebPage","@id":"https:\/\/vapebulkp.com\/product\/bang-beach-20k-puffs-led-display-vape-discount-price\/","url":"https:\/\/vapebulkp.com\/product\/bang-beach-20k-puffs-led-display-vape-discount-price\/","name":"Bang Beach 20k Puffs LED Display Vape Discount Price - vapebulkp.com","isPartOf":{"@id":"https:\/\/vapebulkp.com\/#website"},"datePublished":"2024-06-27T03:53:29+00:00","dateModified":"2025-09-24T03:21:46+00:00","description":"Choose Bang Beach 20k Puffs new LED display e-cigarette cartridges to experience the perfect combination of performance, convenience and flavor. Bang Beach Vape is your reliable and enjoyable smoking companion for a long time.","breadcrumb":{"@id":"https:\/\/vapebulkp.com\/product\/bang-beach-20k-puffs-led-display-vape-discount-price\/#breadcrumb"},"inLanguage":"et","potentialAction":[{"@type":"ReadAction","target":["https:\/\/vapebulkp.com\/product\/bang-beach-20k-puffs-led-display-vape-discount-price\/"]}]},{"@type":"BreadcrumbList","@id":"https:\/\/vapebulkp.com\/product\/bang-beach-20k-puffs-led-display-vape-discount-price\/#breadcrumb","itemListElement":[{"@type":"ListItem","position":1,"name":"Home","item":"https:\/\/vapebulkp.com\/"},{"@type":"ListItem","position":2,"name":"Hot Trend Vapes","item":"https:\/\/vapebulkp.com\/vape-shop\/"},{"@type":"ListItem","position":3,"name":"Bang Beach 20k Puffs LED Display Vape Discount Price"}]},{"@type":"WebSite","@id":"https:\/\/vapebulkp.com\/#website","url":"https:\/\/vapebulkp.com\/","name":"vapebulkp.com","description":"Buy Vape In Cheap Bulk Price Near you","publisher":{"@id":"https:\/\/vapebulkp.com\/#organization"},"potentialAction":[{"@type":"SearchAction","target":{"@type":"EntryPoint","urlTemplate":"https:\/\/vapebulkp.com\/?s={search_term_string}"},"query-input":"required name=search_term_string"}],"inLanguage":"et"},{"@type":"Organization","@id":"https:\/\/vapebulkp.com\/#organization","name":"vapebulkp.com","url":"https:\/\/vapebulkp.com\/","logo":{"@type":"ImageObject","inLanguage":"et","@id":"https:\/\/vapebulkp.com\/#\/schema\/logo\/image\/","url":"https:\/\/vapebulkp.com\/wp-content\/uploads\/2023\/09\/cropped-vapebulkp.png","contentUrl":"https:\/\/vapebulkp.com\/wp-content\/uploads\/2023\/09\/cropped-vapebulkp.png","width":516,"height":163,"caption":"vapebulkp.com"},"image":{"@id":"https:\/\/vapebulkp.com\/#\/schema\/logo\/image\/"}}]}},"uagb_featured_image_src":{"full":["https:\/\/vapebulkp.com\/wp-content\/uploads\/2024\/06\/Bang-Beach-20k-Puffs-Discount-Price.jpg",1920,1080,false],"thumbnail":["https:\/\/vapebulkp.com\/wp-content\/uploads\/2024\/06\/Bang-Beach-20k-Puffs-Discount-Price-150x150.jpg",150,150,true],"medium":["https:\/\/vapebulkp.com\/wp-content\/uploads\/2024\/06\/Bang-Beach-20k-Puffs-Discount-Price-300x169.jpg",300,169,true],"medium_large":["https:\/\/vapebulkp.com\/wp-content\/uploads\/2024\/06\/Bang-Beach-20k-Puffs-Discount-Price-768x432.jpg",768,432,true],"large":["https:\/\/vapebulkp.com\/wp-content\/uploads\/2024\/06\/Bang-Beach-20k-Puffs-Discount-Price-1024x576.jpg",1024,576,true],"1536x1536":["https:\/\/vapebulkp.com\/wp-content\/uploads\/2024\/06\/Bang-Beach-20k-Puffs-Discount-Price-1536x864.jpg",1536,864,true],"2048x2048":["https:\/\/vapebulkp.com\/wp-content\/uploads\/2024\/06\/Bang-Beach-20k-Puffs-Discount-Price.jpg",1920,1080,false],"trp-custom-language-flag":["https:\/\/vapebulkp.com\/wp-content\/uploads\/2024\/06\/Bang-Beach-20k-Puffs-Discount-Price.jpg",18,10,false],"woocommerce_thumbnail":["https:\/\/vapebulkp.com\/wp-content\/uploads\/2024\/06\/Bang-Beach-20k-Puffs-Discount-Price-300x300.jpg",300,300,true],"woocommerce_single":["https:\/\/vapebulkp.com\/wp-content\/uploads\/2024\/06\/Bang-Beach-20k-Puffs-Discount-Price-600x338.jpg",600,338,true],"woocommerce_gallery_thumbnail":["https:\/\/vapebulkp.com\/wp-content\/uploads\/2024\/06\/Bang-Beach-20k-Puffs-Discount-Price-100x100.jpg",100,100,true],"wcpr-photo-reviews":["https:\/\/vapebulkp.com\/wp-content\/uploads\/2024\/06\/Bang-Beach-20k-Puffs-Discount-Price.jpg",500,281,false]},"uagb_author_info":{"display_name":"Mandy vape bulk price","author_link":"https:\/\/vapebulkp.com\/et\/author\/"},"uagb_comment_info":1,"uagb_excerpt":"New Model\u00a0 Vape Bang Beach\u00a0 20k\u00a0 puffs\u00a0 Bang Vape Pls Contact Mandy's WhatsApp For Discount Price+8618077105796 NOTE: Prices on our website does not include shipping costs &nbsp;","_links":{"self":[{"href":"https:\/\/vapebulkp.com\/et\/wp-json\/wp\/v2\/product\/2571","targetHints":{"allow":["GET"]}}],"collection":[{"href":"https:\/\/vapebulkp.com\/et\/wp-json\/wp\/v2\/product"}],"about":[{"href":"https:\/\/vapebulkp.com\/et\/wp-json\/wp\/v2\/types\/product"}],"replies":[{"embeddable":true,"href":"https:\/\/vapebulkp.com\/et\/wp-json\/wp\/v2\/comments?post=2571"}],"wp:featuredmedia":[{"embeddable":true,"href":"https:\/\/vapebulkp.com\/et\/wp-json\/wp\/v2\/media\/2546"}],"wp:attachment":[{"href":"https:\/\/vapebulkp.com\/et\/wp-json\/wp\/v2\/media?parent=2571"}],"wp:term":[{"taxonomy":"product_cat","embeddable":true,"href":"https:\/\/vapebulkp.com\/et\/wp-json\/wp\/v2\/product_cat?post=2571"},{"taxonomy":"product_tag","embeddable":true,"href":"https:\/\/vapebulkp.com\/et\/wp-json\/wp\/v2\/product_tag?post=2571"}],"curies":[{"name":"wp","href":"https:\/\/api.w.org\/{rel}","templated":true}]}}