{"id":2677,"date":"2024-07-23T03:02:16","date_gmt":"2024-07-23T01:02:16","guid":{"rendered":"https:\/\/vapebulkp.com\/?post_type=product&#038;p=2677"},"modified":"2025-09-24T05:22:37","modified_gmt":"2025-09-24T03:22:37","slug":"hot-selling-brand-vape-mesii-visual-16000puffs-wholesale-price","status":"publish","type":"product","link":"https:\/\/vapebulkp.com\/et\/product\/hot-selling-brand-vape-mesii-visual-16000puffs-wholesale-price\/","title":{"rendered":"Kuumalt m\u00fc\u00fcdav kaubam\u00e4rk Vape Mesii Visual 16000 pahvi hulgihind"},"content":{"rendered":"<h2>Kuumalt m\u00fc\u00fcdav kaubam\u00e4rk Vape Mesii Visual 16000 pahvi hulgihind<\/h2>\n<p>Mesii Visual 16000 pahvi on suure j\u00f5udlusega ja suure mahutavusega \u00fchekordne e-sigaret, mis on loodud Euroopa aurustamishuvilistele, kes hindavad stiili, mugavust ja \u00fchtlast maitset. Varustatud v\u00f5imsa 600mAh aku ja t\u00e4iustatud v\u00f5rguk\u00fcttekeha tehnoloogiaga, pakub see sujuvat ja tihedat auru kuni 16 000 pahvi.<\/p>\n<p>Suure digitaalse ekraaniga 16000 pahvi \u00fchekordne e-sigaret annab reaalajas teavet aku laetuse, pahvide arvu ja reguleeritava pinge kohta, v\u00f5imaldades aurustajatel oma seansse peenh\u00e4\u00e4lestada t\u00e4iusliku t\u00f5mbe saavutamiseks. Eelt\u00e4idetud esmaklassiliste nikotiinisoola e-vedelikega, pakub see laia valikut esmaklassilisi maitseid, alates klassikalisest tubakast ja mentoolist kuni puuvilja- ja magustoidusegudeni, pakkudes rahuldustpakkuvat ja kauakestvat aurustamiskogemust.<\/p>\n<p>Kompaktne ja kaasaskantav, see kauakestev \u00fchekordne e-sigaret on ideaalne igap\u00e4evaseks kasutamiseks, reisimiseks v\u00f5i sotsiaalsetes olukordades. Kombineerides elegantset disaini, t\u00e4iustatud funktsionaalsust ja pikendatud aku t\u00f6\u00f6aega, pakub Mesii 16000 pahvi \u00fchekordne e-sigaret mitmek\u00fclgset ja usaldusv\u00e4\u00e4rset lahendust nii uutele kui ka kogenud aurustajatele.<\/p>\n<p><img decoding=\"async\" class=\"alignnone size-full wp-image-2667\" src=\"http:\/\/vapebulkp.com\/wp-content\/uploads\/2024\/07\/Hot-Vape-MESii-VISUAL-BOX-16000Puffs.jpg\" alt=\"Kuum Veip MESii VISUAL BOX 16000Puffs\" width=\"800\" height=\"800\" srcset=\"https:\/\/vapebulkp.com\/wp-content\/uploads\/2024\/07\/Hot-Vape-MESii-VISUAL-BOX-16000Puffs.jpg 800w, https:\/\/vapebulkp.com\/wp-content\/uploads\/2024\/07\/Hot-Vape-MESii-VISUAL-BOX-16000Puffs-300x300.jpg 300w, https:\/\/vapebulkp.com\/wp-content\/uploads\/2024\/07\/Hot-Vape-MESii-VISUAL-BOX-16000Puffs-150x150.jpg 150w, https:\/\/vapebulkp.com\/wp-content\/uploads\/2024\/07\/Hot-Vape-MESii-VISUAL-BOX-16000Puffs-768x768.jpg 768w, https:\/\/vapebulkp.com\/wp-content\/uploads\/2024\/07\/Hot-Vape-MESii-VISUAL-BOX-16000Puffs-600x600.jpg 600w, https:\/\/vapebulkp.com\/wp-content\/uploads\/2024\/07\/Hot-Vape-MESii-VISUAL-BOX-16000Puffs-100x100.jpg 100w\" sizes=\"(max-width: 800px) 100vw, 800px\" \/><\/p>\n<h6>Soodushinna saamiseks v\u00f5tke \u00fchendust Mandy WhatsAppiga<a href=\"https:\/\/wa.me\/8618077105796\">+8618077105796<\/a><\/h6>\n<p><img decoding=\"async\" class=\"alignnone wp-image-2151\" src=\"http:\/\/vapebulkp.com\/wp-content\/uploads\/2024\/04\/Mandy-WhatsApp-Randm.jpg\" alt=\"Mandy WhatsAppi tutvustus\" width=\"263\" height=\"280\" srcset=\"https:\/\/vapebulkp.com\/wp-content\/uploads\/2024\/04\/Mandy-WhatsApp-Randm.jpg 916w, https:\/\/vapebulkp.com\/wp-content\/uploads\/2024\/04\/Mandy-WhatsApp-Randm-282x300.jpg 282w, https:\/\/vapebulkp.com\/wp-content\/uploads\/2024\/04\/Mandy-WhatsApp-Randm-768x817.jpg 768w, https:\/\/vapebulkp.com\/wp-content\/uploads\/2024\/04\/Mandy-WhatsApp-Randm-600x638.jpg 600w\" sizes=\"(max-width: 263px) 100vw, 263px\" \/><\/p>\n<h2><span style=\"vertical-align: inherit\">M\u00f5tlesime, et teile v\u00f5iks huvi pakkuda MESii 16k pahvi kuum e-sigaret:<\/span><\/h2>\n<p>&nbsp;<\/p>\n<h6>1. Kuidas kasutada MESii VISUAL 16000 pahvi ekraaniga e-sigaretti: samm-sammuline juhend?<\/h6>\n<p>MESii VISUAL 16000 pahvi e-sigareti kasutamine on imelihtne. Optimaalse aurustamiskogemuse saavutamiseks j\u00e4rgige neid lihtsaid samme:<\/p>\n<p>Avage suletud pakend: Alustage kaitsepakendi lahti rebimisega, et tagada seadme v\u00e4rskus ja kasutusvalmidus.<\/p>\n<p>Eemaldage kleebis: Koori ettevaatlikult maha e-sigaretti kattev kaitsekleebis, et see aktiveerida.<\/p>\n<p>Valmistage e-sigaret ette: T\u00f5mmake ettevaatlikult silikoonkork suul\u00f5pult v\u00e4lja ja laske seadmel umbes 10 minutit seista. See v\u00f5imaldab e-vedelikul k\u00fcttekeha t\u00e4ielikult k\u00fcllastada, tagades sujuva auru juba esimesest pahvist.<\/p>\n<p>P\u00e4rast neid kiireid samme on teie MESii VISUAL 16000 pahvi ekraaniga e-sigaret kasutusvalmis!<\/p>\n<h6>2. Kuidas laadida MESii VISUAL 16k pahvi seadet?<\/h6>\n<p>MESii VISUAL 16000 pahvi seadme laadimine: ohutusjuhised<\/p>\n<p>MESii e-sigareti \u00f5ige laadimine tagab selle pikaealisuse ja ohutu kasutamise. Siin on olulised laadimise n\u00e4pun\u00e4ited:<\/p>\n<p>V\u00e4ltige kiirlaadijaid: Kiirlaadimisadapterid ei sobi \u00fchekordsetele e-sigarettidele. Kasutage standardset laadijat, mille ohutu v\u00e4ljundv\u00f5imsus on 5V ja 1A.<\/p>\n<p>J\u00e4lgige laadimisaega: Et v\u00e4ltida aku \u00fclekuumenemist v\u00f5i kahjustumist, piirake iga laadimisseanss 30 minutiga. \u00c4rge kunagi \u00fcletage tunni laadimisaega maksimaalse ohutuse ja aku tervise huvides.<\/p>\n<p>Nende juhiste j\u00e4rgimine tagab, et teie seade j\u00e4\u00e4b tipptasemel t\u00f6\u00f6korras.<\/p>\n<h6>3. Kui palju pahve saab MESii VISUAL 16000 pahvi e-sigaretist?<\/h6>\n<p>Nagu nimigi \u00fctleb, pakub MESii VISUAL e-sigaret muljetavaldavad 16 000 pahvi seadme kohta, muutes selle \u00fcheks k\u00f5ige vastupidavamaks ja kauakestvamaks \u00fchekordseks e-sigaretiks turul. Olenemata sellest, kas olete kerge v\u00f5i m\u00f5\u00f5dukas kasutaja, on see e-sigaret loodud kestma, pakkudes usaldusv\u00e4\u00e4rset ja maitsvat kogemust.<\/p>\n<p><span style=\"color: #ff6600\">M\u00e4rkus: ei tohi laadida terve \u00f6\u00f6!<\/span><\/p>\n<h6>4.Miks valida MESii VISUAL 16k Puffs Vape?<\/h6>\n<ul>\n<li><strong>Suur pahvikogus<\/strong>: 16 000 pahviga pakub see laiaulatuslikku veipimiskogemust, ilma et oleks vaja sagedasti vahetada.<\/li>\n<li><strong>Suur e-vedeliku maht<\/strong>: 16 ml e-vedeliku maht t\u00e4hendab v\u00e4hem t\u00e4itmiskordi, pakkudes mugavust kasutajatele, kes eelistavad v\u00e4hem hooldust.<\/li>\n<li><strong>Nikotiini valikud<\/strong>: See pakub paindlikkust nikotiinisisalduse osas, ulatudes 0% (nikotiinivaba) kuni 5% nikotiinisoolaga e-vedelikuni, sobides erinevatele eelistustele ja nikotiinitaluvuse tasemetele.<\/li>\n<li><strong>Aku kestvus<\/strong>: 600mAh aku tagab piisava v\u00f5imsuse, et toetada suurt pahvitarbimist, kindlustades usaldusv\u00e4\u00e4rse toimivuse kogu seadme eluea jooksul.<\/li>\n<li><strong>\u00dchekordselt kasutatav ja mugav<\/strong>: \u00dchekordselt kasutatava veibina v\u00e4listab see vajaduse t\u00e4itmise v\u00f5i laadimise j\u00e4rele, muutes selle ideaalseks reisimiseks v\u00f5i olukordades, kus mugavus on esmat\u00e4htis.<\/li>\n<li><strong>Kvaliteet ja usaldusv\u00e4\u00e4rsus<\/strong>: Kvaliteetsetest materjalidest disainitud ja v\u00f5imalik, et varustatud ohutuskaitsetega, tagab see ohutu ja nauditava veipimiskogemuse.<\/li>\n<\/ul>\n<h3>MESII VISUAL 16k Veibi omadused:<\/h3>\n<p>Mudel: MESII VISUAL 16000 Puffs hea m\u00fc\u00fcgiga veip<br \/>\nPahvid: 16000 pahvi<br \/>\nAku mahutavus: 600mAh<br \/>\nE-vedeliku maht: 16ml<br \/>\nNikotiini sisaldus: 2%\/\/5% nikotiinisool<br \/>\nPakend: 10 t\u00fckki 1 esinduskarbis<br \/>\nMinimaalne tellimiskogus (MOQ): 100 t\u00fckki<\/p>\n<h3><strong>\u00a0Algne veip MESII VISUAL<\/strong> 16000 Puhumist\u00a0 <strong>Maitsete nimekiri:<\/strong><\/h3>\n<p>1.Mustikasorm<br \/>\n2. Sinine vaarikas j\u00e4\u00e4<br \/>\n3.Miami piparm\u00fcnt<br \/>\n4.Pear Ice<br \/>\n5. Arbuusi j\u00e4\u00e4<br \/>\n6.Draakoni puuvilja banaani kirss<br \/>\n7.Segamarjad<br \/>\n8.Hapu \u00f5una j\u00e4\u00e4<br \/>\n9.CM\u00e4nnivili kookos<br \/>\n10.Vaarika arbuus<br \/>\n11.Arbuusi n\u00e4rimiskumm<br \/>\n12.Maasikas Arbuus<br \/>\n13.Maasika vaarika kirss<br \/>\n14.Viinamarja j\u00e4\u00e4<br \/>\n15.Maasika-kiivi<\/p>\n<p><a href=\"https:\/\/vapebulkp.com\/et\/product\/popular-randm-tornado-7000puffs-disposable-vape-best-price\/\">Randm Tornado 7000 mahvi<\/a><\/p>\n<p><span style=\"vertical-align: inherit\">Leia rohkem tooteid, mis sulle meeldida v\u00f5iksid:<\/span><em><a href=\"https:\/\/wa.me\/8618077105796\"><span style=\"vertical-align: inherit\">\u00a0Osta kohe<\/span><\/a><\/em><\/p>\n<p><span style=\"vertical-align: inherit\">Teised e-sigaretid, mis sulle meeldida v\u00f5ivad:<\/span><a href=\"https:\/\/vapebulkp.com\/et\/product\/good-sale-randm-tornado-10000-puffs-plus\/\"><span style=\"vertical-align: inherit\">RandM 10000 Mahvi<\/span><\/a><span style=\"vertical-align: inherit\">\u201410 000 mahvi mahutavusega on see seade veipimishuviliste lemmik.<\/span><\/p>\n<p><a href=\"https:\/\/vapebulkp.com\/et\/product\/wholesale-randm-tornado-9000-puffs-germany\/\"><span style=\"vertical-align: inherit\">RandM Tornado 9000 Mahvi<\/span><\/a><span style=\"vertical-align: inherit\">\u2014K\u00f5ige populaarseima e-sigaretina pakub Randm 9000 mahvi, mida saad nautida.<\/span><\/p>\n<p><a href=\"https:\/\/vapebulkp.com\/et\/product\/bang-20000-puffs-hot-vape-top-sale-vape\/\"><span style=\"vertical-align: inherit\">Bang 20000 t\u00f5mmet<\/span><\/a><span style=\"vertical-align: inherit\">\u2014Bang King on populaarne kaubam\u00e4rk unikaalsete mudelite ja 20000 t\u00f5mbega<\/span><\/p>\n<p><a href=\"https:\/\/vapebulkp.com\/et\/product\/bang-king-12000puffs\/\"><span style=\"vertical-align: inherit\">Bang King 12000 Mahvi<\/span><\/a>\u2014Bang King 12000 mahvi on populaarne kaubam\u00e4rk oma ainulaadsete mudelite ja 12 000 mahviga, mis on veel \u00fcks valik sinu veipimisvajaduste parandamiseks.<\/p>\n<p><span style=\"vertical-align: inherit\">Erilise kujuga e-sigareti pudel:<\/span><a href=\"https:\/\/vapebulkp.com\/et\/product\/original-vape-bang-tn-12000-puffs-bang-vape\/\"><span style=\"vertical-align: inherit\">Bang TN 12000 Puhviga<\/span><\/a><span style=\"vertical-align: inherit\">\/ <\/span><a href=\"https:\/\/vapebulkp.com\/et\/product\/vapme-crystal-7000-puffs-original-vape-good-flavor\/\"><span style=\"vertical-align: inherit\">Crystal 7000 mahvi<\/span><\/a><span style=\"vertical-align: inherit\">\/<\/span><a href=\"https:\/\/vapebulkp.com\/et\/product\/top-sale-waspe-12000puffs-disposable-vape-wholesale-france\/\"><span style=\"vertical-align: inherit\">WASPE 12000 suitsu<\/span><\/a><\/p>\n<p><a href=\"https:\/\/vapebulkp.com\/et\/product\/discount-price-cloud-bar-tn-15000-disposable-vape-raz-bar\/\">Cloud Bar TN 15000 suitsu algne vape<\/a><\/p>\n<h4>Saatmisinfo:<\/h4>\n<p><span style=\"color: #ff6600\">Tootmisaeg: 5-10 t\u00f6\u00f6p\u00e4eva<\/span><br \/>\n<span style=\"color: #ff6600\">Saatmisaeg: 8-14 t\u00f6\u00f6p\u00e4eva<\/span><\/p>\n<p>K\u00f5ik meie poe tooted on 100% originaalsed ja autentsed, seega on v\u00f5ltsitud kaupade eest k\u00fcmnekordne h\u00fcvitis meie poe poliitika. Kasutame kaupade teile tarnimiseks logistikakanaleid nagu UPS\/DHL\/FEDEX\/DPD.<\/p>\n<p>Eestisse saadetud pakkide kohalej\u00f5udmine v\u00f5tab tavaliselt aega 10 t\u00f6\u00f6p\u00e4eva. Euroopa riikidesse saatmine v\u00f5tab tavaliselt aega 12 kuni 15 t\u00f6\u00f6p\u00e4eva. Uuendame logistikainfot teie jaoks reaalajas.<\/p>\n<p>V\u00f5ta meiega \u00fchendust ja me saame pakkuda sulle Hazebar 12000 mahvi ning viia sinu \u00e4ri uutele k\u00f5rgustele!<\/p>","protected":false},"excerpt":{"rendered":"<p>Mesii Visual 16000 pahvi hulgim\u00fc\u00fcgihind \u00dchekordne e-sigaret<\/p>\n<p><img decoding=\"async\" class=\"alignnone wp-image-2151\" src=\"http:\/\/vapebulkp.com\/wp-content\/uploads\/2024\/04\/Mandy-WhatsApp-Randm.jpg\" alt=\"Mandy WhatsAppi tutvustus\" width=\"238\" height=\"253\" srcset=\"https:\/\/vapebulkp.com\/wp-content\/uploads\/2024\/04\/Mandy-WhatsApp-Randm.jpg 916w, https:\/\/vapebulkp.com\/wp-content\/uploads\/2024\/04\/Mandy-WhatsApp-Randm-282x300.jpg 282w, https:\/\/vapebulkp.com\/wp-content\/uploads\/2024\/04\/Mandy-WhatsApp-Randm-768x817.jpg 768w, https:\/\/vapebulkp.com\/wp-content\/uploads\/2024\/04\/Mandy-WhatsApp-Randm-600x638.jpg 600w\" sizes=\"(max-width: 238px) 100vw, 238px\" \/><\/p>\n<p>Soodushinna saamiseks v\u00f5tke \u00fchendust Mandy WhatsAppiga<a href=\"https:\/\/wa.me\/8618077105796\">+8618077105796<\/a><\/p>\n<p><span style=\"color: #ff0000\">M\u00c4RKUS: Meie veebisaidi hinnad ei sisalda saatmiskulusid<\/span><\/p>","protected":false},"featured_media":2664,"comment_status":"open","ping_status":"closed","template":"","meta":{"_uag_custom_page_level_css":"","_lmt_disableupdate":"no","_lmt_disable":"","site-sidebar-layout":"default","site-content-layout":"content-boxed-container","ast-site-content-layout":"normal-width-container","site-content-style":"boxed","site-sidebar-style":"unboxed","ast-global-header-display":"","ast-banner-title-visibility":"","ast-main-header-display":"","ast-hfb-above-header-display":"","ast-hfb-below-header-display":"","ast-hfb-mobile-header-display":"","site-post-title":"","ast-breadcrumbs-content":"","ast-featured-img":"","footer-sml-layout":"","theme-transparent-header-meta":"default","adv-header-id-meta":"","stick-header-meta":"","header-above-stick-meta":"","header-main-stick-meta":"","header-below-stick-meta":"","astra-migrate-meta-layouts":"set","_joinchat":[]},"product_cat":[164,153,155,33,59,100,354,87,34,158,157,154,152,58,84,156,63,32],"product_tag":[36,37,91,105,127,41,71,40],"class_list":["post-2677","product","type-product","status-publish","has-post-thumbnail","hentry","product_cat-16000-puffs-disposable-vape","product_cat-hot-disposable-vapes","product_cat-belgium-hot-disposable-vapes","product_cat-france-vape-hot-sale","product_cat-germany-hot-disposable-vape","product_cat-germany-wholesale-vape-shop","product_cat-mesii-vape","product_cat-minimum-order-quantity-50pcs","product_cat-netherlands-vape-good-sale","product_cat-norway-hot-disposable-vapes","product_cat-poland-hot-disposable-vapes","product_cat-portugal-hot-disposable-vapes","product_cat-spain-hot-disposable-vapes","product_cat-sweden-hot-disposable-vape","product_cat-sweden-wholesale-vape","product_cat-switzerland-hot-disposable-vapes","product_cat-top-sale-disposable-vape","product_cat-vape-hot-sale-this-week","product_tag-good-vape","product_tag-hot-sale-disposable-vape","product_tag-italy-hot-vape","product_tag-jnr","product_tag-original-vape-inr-shisha","product_tag-poland-hot-vape","product_tag-randm","product_tag-sweden-hot-vape","pa_brand-mesii-vape","desktop-align-left","tablet-align-left","mobile-align-left"],"yoast_head":"<!-- This site is optimized with the Yoast SEO plugin v21.1 - https:\/\/yoast.com\/wordpress\/plugins\/seo\/ -->\n<title>Hot Selling Brand Vape Mesii Visual 16000Puffs Wholesale Price - vapebulkp.com<\/title>\n<meta name=\"description\" content=\"Get the Mesii 16000 Puffs Disposable Vape \u2014 a sleek, high-capacity vape with long-lasting battery, adjustable controls, and premium flavors. Perfect for European vaping enthusiasts seeking style and performance.\" \/>\n<meta name=\"robots\" content=\"index, follow, max-snippet:-1, max-image-preview:large, max-video-preview:-1\" \/>\n<link rel=\"canonical\" href=\"https:\/\/vapebulkp.com\/et\/product\/hot-selling-brand-vape-mesii-visual-16000puffs-wholesale-price\/\" \/>\n<meta property=\"og:locale\" content=\"et_EE\" \/>\n<meta property=\"og:type\" content=\"article\" \/>\n<meta property=\"og:title\" content=\"Hot Selling Brand Vape Mesii Visual 16000Puffs Wholesale Price - vapebulkp.com\" \/>\n<meta property=\"og:description\" content=\"Get the Mesii 16000 Puffs Disposable Vape \u2014 a sleek, high-capacity vape with long-lasting battery, adjustable controls, and premium flavors. Perfect for European vaping enthusiasts seeking style and performance.\" \/>\n<meta property=\"og:url\" content=\"https:\/\/vapebulkp.com\/et\/product\/hot-selling-brand-vape-mesii-visual-16000puffs-wholesale-price\/\" \/>\n<meta property=\"og:site_name\" content=\"vapebulkp.com\" \/>\n<meta property=\"article:modified_time\" content=\"2025-09-24T03:22:37+00:00\" \/>\n<meta property=\"og:image\" content=\"http:\/\/vapebulkp.com\/wp-content\/uploads\/2024\/07\/Best-Vape-MESii-VISUAL-BOX-16000Puffs.jpg\" \/>\n\t<meta property=\"og:image:width\" content=\"800\" \/>\n\t<meta property=\"og:image:height\" content=\"800\" \/>\n\t<meta property=\"og:image:type\" content=\"image\/jpeg\" \/>\n<meta name=\"twitter:card\" content=\"summary_large_image\" \/>\n<meta name=\"twitter:label1\" content=\"Est. reading time\" \/>\n\t<meta name=\"twitter:data1\" content=\"5 minutit\" \/>\n<script type=\"application\/ld+json\" class=\"yoast-schema-graph\">{\"@context\":\"https:\/\/schema.org\",\"@graph\":[{\"@type\":\"WebPage\",\"@id\":\"https:\/\/vapebulkp.com\/product\/hot-selling-brand-vape-mesii-visual-16000puffs-wholesale-price\/\",\"url\":\"https:\/\/vapebulkp.com\/product\/hot-selling-brand-vape-mesii-visual-16000puffs-wholesale-price\/\",\"name\":\"Hot Selling Brand Vape Mesii Visual 16000Puffs Wholesale Price - vapebulkp.com\",\"isPartOf\":{\"@id\":\"https:\/\/vapebulkp.com\/#website\"},\"datePublished\":\"2024-07-23T01:02:16+00:00\",\"dateModified\":\"2025-09-24T03:22:37+00:00\",\"description\":\"Get the Mesii 16000 Puffs Disposable Vape \u2014 a sleek, high-capacity vape with long-lasting battery, adjustable controls, and premium flavors. Perfect for European vaping enthusiasts seeking style and performance.\",\"breadcrumb\":{\"@id\":\"https:\/\/vapebulkp.com\/product\/hot-selling-brand-vape-mesii-visual-16000puffs-wholesale-price\/#breadcrumb\"},\"inLanguage\":\"et\",\"potentialAction\":[{\"@type\":\"ReadAction\",\"target\":[\"https:\/\/vapebulkp.com\/product\/hot-selling-brand-vape-mesii-visual-16000puffs-wholesale-price\/\"]}]},{\"@type\":\"BreadcrumbList\",\"@id\":\"https:\/\/vapebulkp.com\/product\/hot-selling-brand-vape-mesii-visual-16000puffs-wholesale-price\/#breadcrumb\",\"itemListElement\":[{\"@type\":\"ListItem\",\"position\":1,\"name\":\"Home\",\"item\":\"https:\/\/vapebulkp.com\/\"},{\"@type\":\"ListItem\",\"position\":2,\"name\":\"Hot Trend Vapes\",\"item\":\"https:\/\/vapebulkp.com\/vape-shop\/\"},{\"@type\":\"ListItem\",\"position\":3,\"name\":\"Hot Selling Brand Vape Mesii Visual 16000Puffs Wholesale Price\"}]},{\"@type\":\"WebSite\",\"@id\":\"https:\/\/vapebulkp.com\/#website\",\"url\":\"https:\/\/vapebulkp.com\/\",\"name\":\"vapebulkp.com\",\"description\":\"Buy Vape In Cheap Bulk Price Near you\",\"publisher\":{\"@id\":\"https:\/\/vapebulkp.com\/#organization\"},\"potentialAction\":[{\"@type\":\"SearchAction\",\"target\":{\"@type\":\"EntryPoint\",\"urlTemplate\":\"https:\/\/vapebulkp.com\/?s={search_term_string}\"},\"query-input\":\"required name=search_term_string\"}],\"inLanguage\":\"et\"},{\"@type\":\"Organization\",\"@id\":\"https:\/\/vapebulkp.com\/#organization\",\"name\":\"vapebulkp.com\",\"url\":\"https:\/\/vapebulkp.com\/\",\"logo\":{\"@type\":\"ImageObject\",\"inLanguage\":\"et\",\"@id\":\"https:\/\/vapebulkp.com\/#\/schema\/logo\/image\/\",\"url\":\"https:\/\/vapebulkp.com\/wp-content\/uploads\/2023\/09\/cropped-vapebulkp.png\",\"contentUrl\":\"https:\/\/vapebulkp.com\/wp-content\/uploads\/2023\/09\/cropped-vapebulkp.png\",\"width\":516,\"height\":163,\"caption\":\"vapebulkp.com\"},\"image\":{\"@id\":\"https:\/\/vapebulkp.com\/#\/schema\/logo\/image\/\"}}]}<\/script>\n<!-- \/ Yoast SEO plugin. -->","yoast_head_json":{"title":"Hot Selling Brand Vape Mesii Visual 16000Puffs Wholesale Price - vapebulkp.com","description":"Get the Mesii 16000 Puffs Disposable Vape \u2014 a sleek, high-capacity vape with long-lasting battery, adjustable controls, and premium flavors. Perfect for European vaping enthusiasts seeking style and performance.","robots":{"index":"index","follow":"follow","max-snippet":"max-snippet:-1","max-image-preview":"max-image-preview:large","max-video-preview":"max-video-preview:-1"},"canonical":"https:\/\/vapebulkp.com\/et\/product\/hot-selling-brand-vape-mesii-visual-16000puffs-wholesale-price\/","og_locale":"et_EE","og_type":"article","og_title":"Hot Selling Brand Vape Mesii Visual 16000Puffs Wholesale Price - vapebulkp.com","og_description":"Get the Mesii 16000 Puffs Disposable Vape \u2014 a sleek, high-capacity vape with long-lasting battery, adjustable controls, and premium flavors. Perfect for European vaping enthusiasts seeking style and performance.","og_url":"https:\/\/vapebulkp.com\/et\/product\/hot-selling-brand-vape-mesii-visual-16000puffs-wholesale-price\/","og_site_name":"vapebulkp.com","article_modified_time":"2025-09-24T03:22:37+00:00","og_image":[{"width":800,"height":800,"url":"http:\/\/vapebulkp.com\/wp-content\/uploads\/2024\/07\/Best-Vape-MESii-VISUAL-BOX-16000Puffs.jpg","type":"image\/jpeg"}],"twitter_card":"summary_large_image","twitter_misc":{"Est. reading time":"5 minutit"},"schema":{"@context":"https:\/\/schema.org","@graph":[{"@type":"WebPage","@id":"https:\/\/vapebulkp.com\/product\/hot-selling-brand-vape-mesii-visual-16000puffs-wholesale-price\/","url":"https:\/\/vapebulkp.com\/product\/hot-selling-brand-vape-mesii-visual-16000puffs-wholesale-price\/","name":"Hot Selling Brand Vape Mesii Visual 16000Puffs Wholesale Price - vapebulkp.com","isPartOf":{"@id":"https:\/\/vapebulkp.com\/#website"},"datePublished":"2024-07-23T01:02:16+00:00","dateModified":"2025-09-24T03:22:37+00:00","description":"Get the Mesii 16000 Puffs Disposable Vape \u2014 a sleek, high-capacity vape with long-lasting battery, adjustable controls, and premium flavors. Perfect for European vaping enthusiasts seeking style and performance.","breadcrumb":{"@id":"https:\/\/vapebulkp.com\/product\/hot-selling-brand-vape-mesii-visual-16000puffs-wholesale-price\/#breadcrumb"},"inLanguage":"et","potentialAction":[{"@type":"ReadAction","target":["https:\/\/vapebulkp.com\/product\/hot-selling-brand-vape-mesii-visual-16000puffs-wholesale-price\/"]}]},{"@type":"BreadcrumbList","@id":"https:\/\/vapebulkp.com\/product\/hot-selling-brand-vape-mesii-visual-16000puffs-wholesale-price\/#breadcrumb","itemListElement":[{"@type":"ListItem","position":1,"name":"Home","item":"https:\/\/vapebulkp.com\/"},{"@type":"ListItem","position":2,"name":"Hot Trend Vapes","item":"https:\/\/vapebulkp.com\/vape-shop\/"},{"@type":"ListItem","position":3,"name":"Hot Selling Brand Vape Mesii Visual 16000Puffs Wholesale Price"}]},{"@type":"WebSite","@id":"https:\/\/vapebulkp.com\/#website","url":"https:\/\/vapebulkp.com\/","name":"vapebulkp.com","description":"Buy Vape In Cheap Bulk Price Near you","publisher":{"@id":"https:\/\/vapebulkp.com\/#organization"},"potentialAction":[{"@type":"SearchAction","target":{"@type":"EntryPoint","urlTemplate":"https:\/\/vapebulkp.com\/?s={search_term_string}"},"query-input":"required name=search_term_string"}],"inLanguage":"et"},{"@type":"Organization","@id":"https:\/\/vapebulkp.com\/#organization","name":"vapebulkp.com","url":"https:\/\/vapebulkp.com\/","logo":{"@type":"ImageObject","inLanguage":"et","@id":"https:\/\/vapebulkp.com\/#\/schema\/logo\/image\/","url":"https:\/\/vapebulkp.com\/wp-content\/uploads\/2023\/09\/cropped-vapebulkp.png","contentUrl":"https:\/\/vapebulkp.com\/wp-content\/uploads\/2023\/09\/cropped-vapebulkp.png","width":516,"height":163,"caption":"vapebulkp.com"},"image":{"@id":"https:\/\/vapebulkp.com\/#\/schema\/logo\/image\/"}}]}},"uagb_featured_image_src":{"full":["https:\/\/vapebulkp.com\/wp-content\/uploads\/2024\/07\/Best-Vape-MESii-VISUAL-BOX-16000Puffs.jpg",800,800,false],"thumbnail":["https:\/\/vapebulkp.com\/wp-content\/uploads\/2024\/07\/Best-Vape-MESii-VISUAL-BOX-16000Puffs-150x150.jpg",150,150,true],"medium":["https:\/\/vapebulkp.com\/wp-content\/uploads\/2024\/07\/Best-Vape-MESii-VISUAL-BOX-16000Puffs-300x300.jpg",300,300,true],"medium_large":["https:\/\/vapebulkp.com\/wp-content\/uploads\/2024\/07\/Best-Vape-MESii-VISUAL-BOX-16000Puffs-768x768.jpg",768,768,true],"large":["https:\/\/vapebulkp.com\/wp-content\/uploads\/2024\/07\/Best-Vape-MESii-VISUAL-BOX-16000Puffs.jpg",800,800,false],"1536x1536":["https:\/\/vapebulkp.com\/wp-content\/uploads\/2024\/07\/Best-Vape-MESii-VISUAL-BOX-16000Puffs.jpg",800,800,false],"2048x2048":["https:\/\/vapebulkp.com\/wp-content\/uploads\/2024\/07\/Best-Vape-MESii-VISUAL-BOX-16000Puffs.jpg",800,800,false],"trp-custom-language-flag":["https:\/\/vapebulkp.com\/wp-content\/uploads\/2024\/07\/Best-Vape-MESii-VISUAL-BOX-16000Puffs.jpg",12,12,false],"woocommerce_thumbnail":["https:\/\/vapebulkp.com\/wp-content\/uploads\/2024\/07\/Best-Vape-MESii-VISUAL-BOX-16000Puffs-300x300.jpg",300,300,true],"woocommerce_single":["https:\/\/vapebulkp.com\/wp-content\/uploads\/2024\/07\/Best-Vape-MESii-VISUAL-BOX-16000Puffs-600x600.jpg",600,600,true],"woocommerce_gallery_thumbnail":["https:\/\/vapebulkp.com\/wp-content\/uploads\/2024\/07\/Best-Vape-MESii-VISUAL-BOX-16000Puffs-100x100.jpg",100,100,true],"wcpr-photo-reviews":["https:\/\/vapebulkp.com\/wp-content\/uploads\/2024\/07\/Best-Vape-MESii-VISUAL-BOX-16000Puffs.jpg",500,500,false]},"uagb_author_info":{"display_name":"Mandy vape bulk price","author_link":"https:\/\/vapebulkp.com\/et\/author\/"},"uagb_comment_info":0,"uagb_excerpt":"Mesii Visual 16000Puffs Wholesale Price Disposable Vape Pls Contact Mandy's WhatsApp For Discount Price+8618077105796 NOTE: Prices on our website does not include shipping costs","_links":{"self":[{"href":"https:\/\/vapebulkp.com\/et\/wp-json\/wp\/v2\/product\/2677","targetHints":{"allow":["GET"]}}],"collection":[{"href":"https:\/\/vapebulkp.com\/et\/wp-json\/wp\/v2\/product"}],"about":[{"href":"https:\/\/vapebulkp.com\/et\/wp-json\/wp\/v2\/types\/product"}],"replies":[{"embeddable":true,"href":"https:\/\/vapebulkp.com\/et\/wp-json\/wp\/v2\/comments?post=2677"}],"wp:featuredmedia":[{"embeddable":true,"href":"https:\/\/vapebulkp.com\/et\/wp-json\/wp\/v2\/media\/2664"}],"wp:attachment":[{"href":"https:\/\/vapebulkp.com\/et\/wp-json\/wp\/v2\/media?parent=2677"}],"wp:term":[{"taxonomy":"product_cat","embeddable":true,"href":"https:\/\/vapebulkp.com\/et\/wp-json\/wp\/v2\/product_cat?post=2677"},{"taxonomy":"product_tag","embeddable":true,"href":"https:\/\/vapebulkp.com\/et\/wp-json\/wp\/v2\/product_tag?post=2677"}],"curies":[{"name":"wp","href":"https:\/\/api.w.org\/{rel}","templated":true}]}}