{"id":2913,"date":"2024-09-21T05:50:55","date_gmt":"2024-09-21T03:50:55","guid":{"rendered":"https:\/\/vapebulkp.com\/?post_type=product&#038;p=2913"},"modified":"2025-09-24T05:13:53","modified_gmt":"2025-09-24T03:13:53","slug":"wga-crystal-plus-16000-puffs-led-light-disposable-vape","status":"publish","type":"product","link":"https:\/\/vapebulkp.com\/et\/product\/wga-crystal-plus-16000-puffs-led-light-disposable-vape\/","title":{"rendered":"WGA Crystal Plus 16000 Puhumist LED-valgusega \u00fchekordne Vape\u00a0"},"content":{"rendered":"<h2>WGA Crystal Plus 16000 Puhviga LED-valgustusega \u00fchekordselt kasutatav vape<\/h2>\n<p>&nbsp;<\/p>\n<p data-start=\"314\" data-end=\"651\">Veip <strong data-start=\"318\" data-end=\"376\">WGA Crystal Plus 16000 Puhviga LED-valgustusega \u00fchekordselt kasutatav vape<\/strong> on esmaklassiline <strong data-start=\"390\" data-end=\"423\">suure mahutavusega \u00fchekordselt kasutatav vape<\/strong> disainitud Euroopa veipijatele, kes hindavad j\u00f5udlust, maitset ja mugavust. Oma <strong data-start=\"506\" data-end=\"522\">16 000 puhviga<\/strong> ja 20 unikaalse maitsega pakub see hulgim\u00fc\u00fcgivape igal t\u00f5mbel pehmet, tihedat auru ja \u00fchtlast maitset.<\/p>\n<p data-start=\"653\" data-end=\"1005\">T\u00f6\u00f6tab usaldusv\u00e4\u00e4rse <strong data-start=\"675\" data-end=\"706\">650mAh laetav aku<\/strong>, WGA Crystal Plus tagab katkematud seansid, samas kui LED-valgustuse ekraan lisab kaasaegse, stiilse puudutuse. Ideaalne nii juhuslikele kasutajatele kui ka kogenud veipijatele, see <strong data-start=\"878\" data-end=\"911\">nikotiinisoola \u00fchekordne veip<\/strong> kombineerib mugavust, k\u00f5rget j\u00f5udlust ja rikkalikku maitset rahuldava veipimiskogemuse saamiseks.<\/p>\n<p>&nbsp;<\/p>\n<h6 style=\"text-align: left\"><img decoding=\"async\" class=\"alignnone wp-image-2909\" src=\"http:\/\/vapebulkp.com\/wp-content\/uploads\/2024\/09\/WGA-crystal-Plus-Vape-16k-Puffs-Purchase-Price.jpg\" alt=\"WGA crystal Plus Vape 16k Puhvrit Ostuhind\" width=\"666\" height=\"520\" srcset=\"https:\/\/vapebulkp.com\/wp-content\/uploads\/2024\/09\/WGA-crystal-Plus-Vape-16k-Puffs-Purchase-Price.jpg 2000w, https:\/\/vapebulkp.com\/wp-content\/uploads\/2024\/09\/WGA-crystal-Plus-Vape-16k-Puffs-Purchase-Price-300x234.jpg 300w, https:\/\/vapebulkp.com\/wp-content\/uploads\/2024\/09\/WGA-crystal-Plus-Vape-16k-Puffs-Purchase-Price-1024x800.jpg 1024w, https:\/\/vapebulkp.com\/wp-content\/uploads\/2024\/09\/WGA-crystal-Plus-Vape-16k-Puffs-Purchase-Price-768x600.jpg 768w, https:\/\/vapebulkp.com\/wp-content\/uploads\/2024\/09\/WGA-crystal-Plus-Vape-16k-Puffs-Purchase-Price-1536x1200.jpg 1536w, https:\/\/vapebulkp.com\/wp-content\/uploads\/2024\/09\/WGA-crystal-Plus-Vape-16k-Puffs-Purchase-Price-600x469.jpg 600w\" sizes=\"(max-width: 666px) 100vw, 666px\" \/><\/h6>\n<p>&nbsp;<\/p>\n<h6>Soodushinna saamiseks v\u00f5tke \u00fchendust Mandy WhatsAppiga<a href=\"https:\/\/wa.me\/8618077105796\">+8618077105796<\/a><\/h6>\n<p><img decoding=\"async\" class=\"alignnone wp-image-2151\" src=\"http:\/\/vapebulkp.com\/wp-content\/uploads\/2024\/04\/Mandy-WhatsApp-Randm.jpg\" alt=\"Mandy WhatsAppi tutvustus\" width=\"271\" height=\"289\" srcset=\"https:\/\/vapebulkp.com\/wp-content\/uploads\/2024\/04\/Mandy-WhatsApp-Randm.jpg 916w, https:\/\/vapebulkp.com\/wp-content\/uploads\/2024\/04\/Mandy-WhatsApp-Randm-282x300.jpg 282w, https:\/\/vapebulkp.com\/wp-content\/uploads\/2024\/04\/Mandy-WhatsApp-Randm-768x817.jpg 768w, https:\/\/vapebulkp.com\/wp-content\/uploads\/2024\/04\/Mandy-WhatsApp-Randm-600x638.jpg 600w\" sizes=\"(max-width: 271px) 100vw, 271px\" \/><\/p>\n<h2><span style=\"vertical-align: inherit\">Arvasin, et v\u00f5iksite teada WGA Crystal Plus 16k Crystal Vapesist:<\/span><\/h2>\n<p>&nbsp;<\/p>\n<h6 class=\"style-scope ytd-watch-metadata\">1. Kuidas kasutada WGA Crystal Plus 16k Puhviga Crystal Vape'i?<\/h6>\n<p>Veip <strong>WGA Crystal Pro Plus 16K Puhviga<\/strong> omab \u00f5lis\u00fcdamiku eraldamise tehnoloogiat, mis aitab e-vedelikku s\u00e4ilitada, kuni see on kasutamiseks valmis. Palun j\u00e4rgige neid juhiseid:<\/p>\n<ul>\n<li><strong>1. samm<\/strong>: Rebige toote pakend lahti.<\/li>\n<li><strong>2. samm<\/strong>: Eemaldage alumine kleebis.<\/li>\n<li><strong>3. samm<\/strong>: Laske seadmel enne kasutamist 3 minutit seista, et e-vedelik saaks s\u00fcdamiku t\u00e4ielikult k\u00fcllastada.<\/li>\n<\/ul>\n<p>Nagu t\u00e4iusliku roa retsepti j\u00e4rgimine, tagavad need sammud optimaalse j\u00f5udluse ja maitse. \u201eKannatus on kibe, kuid selle vili on magus\u201c \u2013 see kehtib ka siin.<\/p>\n<h6>2.Kuidas laadida WGA Crystal 16000 Puffs Crystal Vape'i:<\/h6>\n<p>Laadimine on lihtne, kuid ohutus on v\u00f5tmet\u00e4htsusega. V\u00e4ltige kiirlaadijate kasutamist. \u00dchekordsete e-sigarettide laadimiseks ohutu standardv\u00f5imsus on <strong>5V 1A<\/strong>.<\/p>\n<ul>\n<li>Iga laadimissessioon ei tohiks \u00fcletada <strong>1 tund<\/strong>, kusjuures <strong>30 minutit<\/strong> on soovitatav ohutu laadimisaeg.<\/li>\n<li><strong>T\u00e4htis<\/strong>: \u00c4rge j\u00e4tke seadet \u00fcle\u00f6\u00f6 laadima.<\/li>\n<\/ul>\n<p>Pidage meeles, mida \u00f6eldakse: \u201eaeglane ja j\u00e4rjekindel v\u00f5idab v\u00f5idujooksu.\u201c See tagab teie vape'i pikaealisuse ja j\u00f5udluse.<\/p>\n<p><span style=\"color: #ff6600\">M\u00e4rkus: ei tohi laadida terve \u00f6\u00f6!<\/span><\/p>\n<h6>3.Mis on WGA Crystal Plus 16000 Puffs vape'i e-vedeliku maht?<\/h6>\n<p>WGA Crystal Plus 16K sisaldab m\u00e4rkimisv\u00e4\u00e4rset <strong>27ml<\/strong> e-vedelikku, tagades pikaajalise naudingu ilma sagedaste t\u00e4itmiste vajaduseta. Nagu \u00f6eldakse, \u201ehead asjad tulevad suurtes pakendites.\u201c<\/p>\n<h6>4.Kui kaua WGA Crystal Plus 16000 Puffs vape kestab:<\/h6>\n<p>Koos <strong>16 000 puhviga<\/strong>, see vape on ehitatud kestma m\u00e4rkimisv\u00e4\u00e4rse aja. M\u00f5\u00f5dukate kasutajate jaoks v\u00f5ib see kesta n\u00e4dalaid, pakkudes pidevat j\u00f5udlust. Nagu Aristoteles kunagi \u00fctles: \u201eKvaliteet ei ole tegu, see on harjumus\u201c \u2013 ja see vape pakub kvaliteeti paiskude kaupa.<\/p>\n<div class=\"faqs-answer\"><\/div>\n<h3><span style=\"vertical-align: inherit\">WGA Crystal Plus 16000 Puffs pikaajalise kasutuse spetsifikatsioon:<\/span><strong><br \/>\n<\/strong><\/h3>\n<ul>\n<li>Hea aku: 650mAh (Type C)<\/li>\n<li>Suur maht: 27ml<\/li>\n<li>Kuni 16000 pahvi<\/li>\n<li>MTL Vaping ja Triple Mesh Coil<\/li>\n<li>Reguleeritav \u00f5huvool ja LED-ekraan<\/li>\n<li>Mugav ja kaasaskantav, kompaktne seade<\/li>\n<li>51% nikotiini sisaldus<\/li>\n<\/ul>\n<h3>\u00a0Parimad vape WGA Crystal Vape 16k pahvi lihtne Type-C laadimisega maitsed Loetelu:<\/h3>\n<p>&nbsp;<\/p>\n<p>1. BANANA ICE<\/p>\n<p>2. BLUE RAZZ CHERRY<\/p>\n<p>3. BLUE RAZZ ICE<\/p>\n<p>4. BLUEBERRY CHERRY CRANBERRY<\/p>\n<p>5. BLUEBERRY RASPBERRY<\/p>\n<p>6. BLUEBERRY SOUR RASPBERRY<\/p>\n<p>7. CHERRY ICE<\/p>\n<p>8.GAASITATUD KIRSS<\/p>\n<p>9.V\u00c4RSKE MINT<\/p>\n<p>10.KUMMIKARU<\/p>\n<p>11.HUBBA BUBBA<\/p>\n<p>12.MAHLANE VIRSIK<\/p>\n<p>13.SITROON<\/p>\n<p>14.HR SININE<\/p>\n<p>15.PUNANE \u00d5UN J\u00c4\u00c4<\/p>\n<p>16.SKITTLES<\/p>\n<p>17.MAASIKAS-VAARIKAS-KIRSS<\/p>\n<p>18.SUVEUNISTUS<\/p>\n<p>19.VIMTO PULL<\/p>\n<p>20.ARBUSIJ\u00c4\u00c4<\/p>\n<p><a href=\"https:\/\/vapebulkp.com\/et\/product\/cloud-bar-tornado-9000puffs-randm-vape-original-vape\/\"><span style=\"vertical-align: inherit\">Hea m\u00fc\u00fck Vape Cloud Bar 9000 pahvi<\/span><\/a><\/p>\n<p><span style=\"vertical-align: inherit\">Leia rohkem tooteid, mis sulle meeldida v\u00f5iksid:<\/span><em><a href=\"https:\/\/wa.me\/8618077105796\"><span style=\"vertical-align: inherit\">\u00a0Osta kohe<\/span><\/a><\/em><\/p>\n<p><span style=\"vertical-align: inherit\">Teised e-sigaretid, mis sulle meeldida v\u00f5ivad:<\/span><a href=\"https:\/\/vapebulkp.com\/et\/product\/good-vape-jnr-shisha-15000-puffs-wholesale-vapme-shisha\/\"><span style=\"vertical-align: inherit\">JNR Vapme shisha 15000 pahvi<\/span><\/a><span style=\"vertical-align: inherit\">\u3001<\/span><a href=\"https:\/\/vapebulkp.com\/et\/product\/wholesale-price-randm-15k-waspe-15000-puffs-best-vape\/\"><span style=\"vertical-align: inherit\">Randm Tornado Vape WASPE 15000 suitsu<\/span><\/a><span style=\"vertical-align: inherit\">\/ <\/span><a href=\"https:\/\/vapebulkp.com\/et\/product\/popular-vape-bang-king-15000-puffs-bang-vape\/\"><span style=\"vertical-align: inherit\">Bang King 15000 pahvi<\/span><\/a><span style=\"vertical-align: inherit\">\/ <\/span><a href=\"https:\/\/vapebulkp.com\/et\/product\/popular-randm-tornado-7000puffs-disposable-vape-best-price\/\"><span style=\"vertical-align: inherit\">RandM Tornado 7000 T\u00f5mmet<\/span><\/a><\/p>\n<h4>Tootmise kvalifikatsioon:<\/h4>\n<p><img decoding=\"async\" class=\"alignnone size-full wp-image-1841\" src=\"http:\/\/vapebulkp.com\/wp-content\/uploads\/2023\/11\/Vape-production-process-2.jpeg\" alt=\"Veibi tootmisprotsess\" width=\"650\" height=\"434\" srcset=\"https:\/\/vapebulkp.com\/wp-content\/uploads\/2023\/11\/Vape-production-process-2.jpeg 650w, https:\/\/vapebulkp.com\/wp-content\/uploads\/2023\/11\/Vape-production-process-2-300x200.jpeg 300w, https:\/\/vapebulkp.com\/wp-content\/uploads\/2023\/11\/Vape-production-process-2-600x401.jpeg 600w\" sizes=\"(max-width: 650px) 100vw, 650px\" \/><\/p>\n<p><img decoding=\"async\" class=\"alignnone size-full wp-image-1843\" src=\"http:\/\/vapebulkp.com\/wp-content\/uploads\/2023\/11\/Vape-production-process.jpeg\" alt=\"Veibi tootmisprotsess\" width=\"641\" height=\"1026\" srcset=\"https:\/\/vapebulkp.com\/wp-content\/uploads\/2023\/11\/Vape-production-process.jpeg 641w, https:\/\/vapebulkp.com\/wp-content\/uploads\/2023\/11\/Vape-production-process-187x300.jpeg 187w, https:\/\/vapebulkp.com\/wp-content\/uploads\/2023\/11\/Vape-production-process-640x1024.jpeg 640w, https:\/\/vapebulkp.com\/wp-content\/uploads\/2023\/11\/Vape-production-process-600x960.jpeg 600w\" sizes=\"(max-width: 641px) 100vw, 641px\" \/><\/p>\n<p>&nbsp;<\/p>\n<h4>Saatmisinfo:<\/h4>\n<p><span style=\"color: #ff6600\">Tootmisaeg: 5-10 t\u00f6\u00f6p\u00e4eva<\/span><br \/>\n<span style=\"color: #ff6600\">Saatmisaeg: 8-14 t\u00f6\u00f6p\u00e4eva<\/span><\/p>\n<p>K\u00f5ik meie poe tooted on 100% originaalsed ja autentsed, seega on v\u00f5ltsitud kaupade eest k\u00fcmnekordne h\u00fcvitis meie poe poliitika. Kasutame kaupade teile tarnimiseks logistikakanaleid nagu UPS\/DHL\/FEDEX\/DPD.<\/p>\n<p>Eestisse saadetud pakkide kohalej\u00f5udmine v\u00f5tab tavaliselt aega 10 t\u00f6\u00f6p\u00e4eva. Euroopa riikidesse saatmine v\u00f5tab tavaliselt aega 12 kuni 15 t\u00f6\u00f6p\u00e4eva. Uuendame logistikainfot teie jaoks reaalajas.<\/p>","protected":false},"excerpt":{"rendered":"<p>Enimm\u00fc\u00fcdud WGA Crystal Plus 16K Puhviga \u00fchekordselt kasutatav vape<\/p>\n<p>Soodushinna saamiseks v\u00f5tke \u00fchendust Mandy WhatsAppiga<a href=\"https:\/\/wa.me\/8618077105796\">+8618077105796<\/a><\/p>\n<p><img decoding=\"async\" class=\"alignnone wp-image-2151\" src=\"http:\/\/vapebulkp.com\/wp-content\/uploads\/2024\/04\/Mandy-WhatsApp-Randm.jpg\" alt=\"Mandy WhatsAppi tutvustus\" width=\"297\" height=\"316\" srcset=\"https:\/\/vapebulkp.com\/wp-content\/uploads\/2024\/04\/Mandy-WhatsApp-Randm.jpg 916w, https:\/\/vapebulkp.com\/wp-content\/uploads\/2024\/04\/Mandy-WhatsApp-Randm-282x300.jpg 282w, https:\/\/vapebulkp.com\/wp-content\/uploads\/2024\/04\/Mandy-WhatsApp-Randm-768x817.jpg 768w, https:\/\/vapebulkp.com\/wp-content\/uploads\/2024\/04\/Mandy-WhatsApp-Randm-600x638.jpg 600w\" sizes=\"(max-width: 297px) 100vw, 297px\" \/><\/p>\n<p><span style=\"color: #ff0000\">M\u00c4RKUS: Meie veebisaidi hinnad ei sisalda saatmiskulusid<\/span><\/p>\n<p>Peamine ostup\u00f5hjus<br \/>\n1. Suurep\u00e4rane kvaliteet ja v\u00f5rreldamatu j\u00f5udlus.<\/p>\n<p>2. Konkurentsiv\u00f5imeline hind ja kiire v\u00e4\u00e4rtus.<\/p>\n<p>3. Mitmed valikud ja \u00f5igeaegne kohaletoimetamine.<\/p>\n<p>4. Rahulolu pakkuv ostukogemus<\/p>","protected":false},"featured_media":2905,"comment_status":"open","ping_status":"closed","template":"","meta":{"_uag_custom_page_level_css":"","_lmt_disableupdate":"no","_lmt_disable":"","site-sidebar-layout":"default","site-content-layout":"content-boxed-container","ast-site-content-layout":"normal-width-container","site-content-style":"boxed","site-sidebar-style":"unboxed","ast-global-header-display":"","ast-banner-title-visibility":"","ast-main-header-display":"","ast-hfb-above-header-display":"","ast-hfb-below-header-display":"","ast-hfb-mobile-header-display":"","site-post-title":"","ast-breadcrumbs-content":"","ast-featured-img":"","footer-sml-layout":"","theme-transparent-header-meta":"default","adv-header-id-meta":"","stick-header-meta":"","header-above-stick-meta":"","header-main-stick-meta":"","header-below-stick-meta":"","astra-migrate-meta-layouts":"set","_joinchat":[]},"product_cat":[164,153,155,33,59,100,87,34,158,157,154,152,58,84,156,63,32,366],"product_tag":[181,36,37,41,75,40],"class_list":["post-2913","product","type-product","status-publish","has-post-thumbnail","hentry","product_cat-16000-puffs-disposable-vape","product_cat-hot-disposable-vapes","product_cat-belgium-hot-disposable-vapes","product_cat-france-vape-hot-sale","product_cat-germany-hot-disposable-vape","product_cat-germany-wholesale-vape-shop","product_cat-minimum-order-quantity-50pcs","product_cat-netherlands-vape-good-sale","product_cat-norway-hot-disposable-vapes","product_cat-poland-hot-disposable-vapes","product_cat-portugal-hot-disposable-vapes","product_cat-spain-hot-disposable-vapes","product_cat-sweden-hot-disposable-vape","product_cat-sweden-wholesale-vape","product_cat-switzerland-hot-disposable-vapes","product_cat-top-sale-disposable-vape","product_cat-vape-hot-sale-this-week","product_cat-wga-vape","product_tag-16000-puffs","product_tag-good-vape","product_tag-hot-sale-disposable-vape","product_tag-poland-hot-vape","product_tag-randm-vape-9000-puffs","product_tag-sweden-hot-vape","pa_brand-wga-vape","desktop-align-left","tablet-align-left","mobile-align-left"],"yoast_head":"<!-- This site is optimized with the Yoast SEO plugin v21.1 - https:\/\/yoast.com\/wordpress\/plugins\/seo\/ -->\n<title>WGA\u00a0Crystal Plus 16000 Puffs LED Light Disposable Vape\u00a0 - vapebulkp.com<\/title>\n<meta name=\"description\" content=\"WGA Crystal Plus 16K Puffs Disposable Vape \u2013 27ml e-liquid, 650mAh rechargeable battery, 16,000 puffs, rich flavors, long-lasting high-capacity vape.\" \/>\n<meta name=\"robots\" content=\"index, follow, max-snippet:-1, max-image-preview:large, max-video-preview:-1\" \/>\n<link rel=\"canonical\" href=\"https:\/\/vapebulkp.com\/et\/product\/wga-crystal-plus-16000-puffs-led-light-disposable-vape\/\" \/>\n<meta property=\"og:locale\" content=\"et_EE\" \/>\n<meta property=\"og:type\" content=\"article\" \/>\n<meta property=\"og:title\" content=\"WGA\u00a0Crystal Plus 16000 Puffs LED Light Disposable Vape\u00a0 - vapebulkp.com\" \/>\n<meta property=\"og:description\" content=\"WGA Crystal Plus 16K Puffs Disposable Vape \u2013 27ml e-liquid, 650mAh rechargeable battery, 16,000 puffs, rich flavors, long-lasting high-capacity vape.\" \/>\n<meta property=\"og:url\" content=\"https:\/\/vapebulkp.com\/et\/product\/wga-crystal-plus-16000-puffs-led-light-disposable-vape\/\" \/>\n<meta property=\"og:site_name\" content=\"vapebulkp.com\" \/>\n<meta property=\"article:modified_time\" content=\"2025-09-24T03:13:53+00:00\" \/>\n<meta property=\"og:image\" content=\"http:\/\/vapebulkp.com\/wp-content\/uploads\/2024\/09\/Good-WGA-crystal-Plus-Vape-16000-Puffs-Wholesale-Price.jpg\" \/>\n\t<meta property=\"og:image:width\" content=\"1920\" \/>\n\t<meta property=\"og:image:height\" content=\"1580\" \/>\n\t<meta property=\"og:image:type\" content=\"image\/jpeg\" \/>\n<meta name=\"twitter:card\" content=\"summary_large_image\" \/>\n<meta name=\"twitter:label1\" content=\"Est. reading time\" \/>\n\t<meta name=\"twitter:data1\" content=\"4 minutit\" \/>\n<script type=\"application\/ld+json\" class=\"yoast-schema-graph\">{\"@context\":\"https:\/\/schema.org\",\"@graph\":[{\"@type\":\"WebPage\",\"@id\":\"https:\/\/vapebulkp.com\/product\/wga-crystal-plus-16000-puffs-led-light-disposable-vape\/\",\"url\":\"https:\/\/vapebulkp.com\/product\/wga-crystal-plus-16000-puffs-led-light-disposable-vape\/\",\"name\":\"WGA\u00a0Crystal Plus 16000 Puffs LED Light Disposable Vape\u00a0 - vapebulkp.com\",\"isPartOf\":{\"@id\":\"https:\/\/vapebulkp.com\/#website\"},\"datePublished\":\"2024-09-21T03:50:55+00:00\",\"dateModified\":\"2025-09-24T03:13:53+00:00\",\"description\":\"WGA Crystal Plus 16K Puffs Disposable Vape \u2013 27ml e-liquid, 650mAh rechargeable battery, 16,000 puffs, rich flavors, long-lasting high-capacity vape.\",\"breadcrumb\":{\"@id\":\"https:\/\/vapebulkp.com\/product\/wga-crystal-plus-16000-puffs-led-light-disposable-vape\/#breadcrumb\"},\"inLanguage\":\"et\",\"potentialAction\":[{\"@type\":\"ReadAction\",\"target\":[\"https:\/\/vapebulkp.com\/product\/wga-crystal-plus-16000-puffs-led-light-disposable-vape\/\"]}]},{\"@type\":\"BreadcrumbList\",\"@id\":\"https:\/\/vapebulkp.com\/product\/wga-crystal-plus-16000-puffs-led-light-disposable-vape\/#breadcrumb\",\"itemListElement\":[{\"@type\":\"ListItem\",\"position\":1,\"name\":\"Home\",\"item\":\"https:\/\/vapebulkp.com\/\"},{\"@type\":\"ListItem\",\"position\":2,\"name\":\"Hot Trend Vapes\",\"item\":\"https:\/\/vapebulkp.com\/vape-shop\/\"},{\"@type\":\"ListItem\",\"position\":3,\"name\":\"WGA\u00a0Crystal Plus 16000 Puffs LED Light Disposable Vape\u00a0\"}]},{\"@type\":\"WebSite\",\"@id\":\"https:\/\/vapebulkp.com\/#website\",\"url\":\"https:\/\/vapebulkp.com\/\",\"name\":\"vapebulkp.com\",\"description\":\"Buy Vape In Cheap Bulk Price Near you\",\"publisher\":{\"@id\":\"https:\/\/vapebulkp.com\/#organization\"},\"potentialAction\":[{\"@type\":\"SearchAction\",\"target\":{\"@type\":\"EntryPoint\",\"urlTemplate\":\"https:\/\/vapebulkp.com\/?s={search_term_string}\"},\"query-input\":\"required name=search_term_string\"}],\"inLanguage\":\"et\"},{\"@type\":\"Organization\",\"@id\":\"https:\/\/vapebulkp.com\/#organization\",\"name\":\"vapebulkp.com\",\"url\":\"https:\/\/vapebulkp.com\/\",\"logo\":{\"@type\":\"ImageObject\",\"inLanguage\":\"et\",\"@id\":\"https:\/\/vapebulkp.com\/#\/schema\/logo\/image\/\",\"url\":\"https:\/\/vapebulkp.com\/wp-content\/uploads\/2023\/09\/cropped-vapebulkp.png\",\"contentUrl\":\"https:\/\/vapebulkp.com\/wp-content\/uploads\/2023\/09\/cropped-vapebulkp.png\",\"width\":516,\"height\":163,\"caption\":\"vapebulkp.com\"},\"image\":{\"@id\":\"https:\/\/vapebulkp.com\/#\/schema\/logo\/image\/\"}}]}<\/script>\n<!-- \/ Yoast SEO plugin. -->","yoast_head_json":{"title":"WGA\u00a0Crystal Plus 16000 Puffs LED Light Disposable Vape\u00a0 - vapebulkp.com","description":"WGA Crystal Plus 16K Puffs Disposable Vape \u2013 27ml e-liquid, 650mAh rechargeable battery, 16,000 puffs, rich flavors, long-lasting high-capacity vape.","robots":{"index":"index","follow":"follow","max-snippet":"max-snippet:-1","max-image-preview":"max-image-preview:large","max-video-preview":"max-video-preview:-1"},"canonical":"https:\/\/vapebulkp.com\/et\/product\/wga-crystal-plus-16000-puffs-led-light-disposable-vape\/","og_locale":"et_EE","og_type":"article","og_title":"WGA\u00a0Crystal Plus 16000 Puffs LED Light Disposable Vape\u00a0 - vapebulkp.com","og_description":"WGA Crystal Plus 16K Puffs Disposable Vape \u2013 27ml e-liquid, 650mAh rechargeable battery, 16,000 puffs, rich flavors, long-lasting high-capacity vape.","og_url":"https:\/\/vapebulkp.com\/et\/product\/wga-crystal-plus-16000-puffs-led-light-disposable-vape\/","og_site_name":"vapebulkp.com","article_modified_time":"2025-09-24T03:13:53+00:00","og_image":[{"width":1920,"height":1580,"url":"http:\/\/vapebulkp.com\/wp-content\/uploads\/2024\/09\/Good-WGA-crystal-Plus-Vape-16000-Puffs-Wholesale-Price.jpg","type":"image\/jpeg"}],"twitter_card":"summary_large_image","twitter_misc":{"Est. reading time":"4 minutit"},"schema":{"@context":"https:\/\/schema.org","@graph":[{"@type":"WebPage","@id":"https:\/\/vapebulkp.com\/product\/wga-crystal-plus-16000-puffs-led-light-disposable-vape\/","url":"https:\/\/vapebulkp.com\/product\/wga-crystal-plus-16000-puffs-led-light-disposable-vape\/","name":"WGA\u00a0Crystal Plus 16000 Puffs LED Light Disposable Vape\u00a0 - vapebulkp.com","isPartOf":{"@id":"https:\/\/vapebulkp.com\/#website"},"datePublished":"2024-09-21T03:50:55+00:00","dateModified":"2025-09-24T03:13:53+00:00","description":"WGA Crystal Plus 16K Puffs Disposable Vape \u2013 27ml e-liquid, 650mAh rechargeable battery, 16,000 puffs, rich flavors, long-lasting high-capacity vape.","breadcrumb":{"@id":"https:\/\/vapebulkp.com\/product\/wga-crystal-plus-16000-puffs-led-light-disposable-vape\/#breadcrumb"},"inLanguage":"et","potentialAction":[{"@type":"ReadAction","target":["https:\/\/vapebulkp.com\/product\/wga-crystal-plus-16000-puffs-led-light-disposable-vape\/"]}]},{"@type":"BreadcrumbList","@id":"https:\/\/vapebulkp.com\/product\/wga-crystal-plus-16000-puffs-led-light-disposable-vape\/#breadcrumb","itemListElement":[{"@type":"ListItem","position":1,"name":"Home","item":"https:\/\/vapebulkp.com\/"},{"@type":"ListItem","position":2,"name":"Hot Trend Vapes","item":"https:\/\/vapebulkp.com\/vape-shop\/"},{"@type":"ListItem","position":3,"name":"WGA\u00a0Crystal Plus 16000 Puffs LED Light Disposable Vape\u00a0"}]},{"@type":"WebSite","@id":"https:\/\/vapebulkp.com\/#website","url":"https:\/\/vapebulkp.com\/","name":"vapebulkp.com","description":"Buy Vape In Cheap Bulk Price Near you","publisher":{"@id":"https:\/\/vapebulkp.com\/#organization"},"potentialAction":[{"@type":"SearchAction","target":{"@type":"EntryPoint","urlTemplate":"https:\/\/vapebulkp.com\/?s={search_term_string}"},"query-input":"required name=search_term_string"}],"inLanguage":"et"},{"@type":"Organization","@id":"https:\/\/vapebulkp.com\/#organization","name":"vapebulkp.com","url":"https:\/\/vapebulkp.com\/","logo":{"@type":"ImageObject","inLanguage":"et","@id":"https:\/\/vapebulkp.com\/#\/schema\/logo\/image\/","url":"https:\/\/vapebulkp.com\/wp-content\/uploads\/2023\/09\/cropped-vapebulkp.png","contentUrl":"https:\/\/vapebulkp.com\/wp-content\/uploads\/2023\/09\/cropped-vapebulkp.png","width":516,"height":163,"caption":"vapebulkp.com"},"image":{"@id":"https:\/\/vapebulkp.com\/#\/schema\/logo\/image\/"}}]}},"uagb_featured_image_src":{"full":["https:\/\/vapebulkp.com\/wp-content\/uploads\/2024\/09\/Good-WGA-crystal-Plus-Vape-16000-Puffs-Wholesale-Price.jpg",1920,1580,false],"thumbnail":["https:\/\/vapebulkp.com\/wp-content\/uploads\/2024\/09\/Good-WGA-crystal-Plus-Vape-16000-Puffs-Wholesale-Price-150x150.jpg",150,150,true],"medium":["https:\/\/vapebulkp.com\/wp-content\/uploads\/2024\/09\/Good-WGA-crystal-Plus-Vape-16000-Puffs-Wholesale-Price-300x247.jpg",300,247,true],"medium_large":["https:\/\/vapebulkp.com\/wp-content\/uploads\/2024\/09\/Good-WGA-crystal-Plus-Vape-16000-Puffs-Wholesale-Price-768x632.jpg",768,632,true],"large":["https:\/\/vapebulkp.com\/wp-content\/uploads\/2024\/09\/Good-WGA-crystal-Plus-Vape-16000-Puffs-Wholesale-Price-1024x843.jpg",1024,843,true],"1536x1536":["https:\/\/vapebulkp.com\/wp-content\/uploads\/2024\/09\/Good-WGA-crystal-Plus-Vape-16000-Puffs-Wholesale-Price-1536x1264.jpg",1536,1264,true],"2048x2048":["https:\/\/vapebulkp.com\/wp-content\/uploads\/2024\/09\/Good-WGA-crystal-Plus-Vape-16000-Puffs-Wholesale-Price.jpg",1920,1580,false],"trp-custom-language-flag":["https:\/\/vapebulkp.com\/wp-content\/uploads\/2024\/09\/Good-WGA-crystal-Plus-Vape-16000-Puffs-Wholesale-Price.jpg",15,12,false],"woocommerce_thumbnail":["https:\/\/vapebulkp.com\/wp-content\/uploads\/2024\/09\/Good-WGA-crystal-Plus-Vape-16000-Puffs-Wholesale-Price-300x300.jpg",300,300,true],"woocommerce_single":["https:\/\/vapebulkp.com\/wp-content\/uploads\/2024\/09\/Good-WGA-crystal-Plus-Vape-16000-Puffs-Wholesale-Price-600x494.jpg",600,494,true],"woocommerce_gallery_thumbnail":["https:\/\/vapebulkp.com\/wp-content\/uploads\/2024\/09\/Good-WGA-crystal-Plus-Vape-16000-Puffs-Wholesale-Price-100x100.jpg",100,100,true],"wcpr-photo-reviews":["https:\/\/vapebulkp.com\/wp-content\/uploads\/2024\/09\/Good-WGA-crystal-Plus-Vape-16000-Puffs-Wholesale-Price.jpg",500,411,false]},"uagb_author_info":{"display_name":"Mandy vape bulk price","author_link":"https:\/\/vapebulkp.com\/et\/author\/"},"uagb_comment_info":0,"uagb_excerpt":"Top-Selling WGA Crystal Plus 16K Puffs Disposable Vape Pls Contact Mandy's WhatsApp For Discount Price+8618077105796 NOTE: Prices on our website does not include shipping costs Main reason for purchase 1. Excellent quality and unparalleled performance. 2. Competitive price and fast value. 3. Multiple options and timely delivery. 4. A satisfying shopping experience","_links":{"self":[{"href":"https:\/\/vapebulkp.com\/et\/wp-json\/wp\/v2\/product\/2913","targetHints":{"allow":["GET"]}}],"collection":[{"href":"https:\/\/vapebulkp.com\/et\/wp-json\/wp\/v2\/product"}],"about":[{"href":"https:\/\/vapebulkp.com\/et\/wp-json\/wp\/v2\/types\/product"}],"replies":[{"embeddable":true,"href":"https:\/\/vapebulkp.com\/et\/wp-json\/wp\/v2\/comments?post=2913"}],"wp:featuredmedia":[{"embeddable":true,"href":"https:\/\/vapebulkp.com\/et\/wp-json\/wp\/v2\/media\/2905"}],"wp:attachment":[{"href":"https:\/\/vapebulkp.com\/et\/wp-json\/wp\/v2\/media?parent=2913"}],"wp:term":[{"taxonomy":"product_cat","embeddable":true,"href":"https:\/\/vapebulkp.com\/et\/wp-json\/wp\/v2\/product_cat?post=2913"},{"taxonomy":"product_tag","embeddable":true,"href":"https:\/\/vapebulkp.com\/et\/wp-json\/wp\/v2\/product_tag?post=2913"}],"curies":[{"name":"wp","href":"https:\/\/api.w.org\/{rel}","templated":true}]}}