{"id":2941,"date":"2024-09-25T10:02:50","date_gmt":"2024-09-25T08:02:50","guid":{"rendered":"https:\/\/vapebulkp.com\/?post_type=product&#038;p=2941"},"modified":"2025-09-24T05:47:17","modified_gmt":"2025-09-24T03:47:17","slug":"vozol-vista-20000-puff-rechargeable-vape-cheap-price-today","status":"publish","type":"product","link":"https:\/\/vapebulkp.com\/et\/product\/vozol-vista-20000-puff-rechargeable-vape-cheap-price-today\/","title":{"rendered":"Vozol Vista 20000 laetav veip, soodne hind t\u00e4na"},"content":{"rendered":"<h2 style=\"text-align: left\">Vozol Vista 20000 laetav veip, soodne hind t\u00e4na<\/h2>\n<p data-start=\"310\" data-end=\"689\">Veip <strong data-start=\"354\" data-end=\"397\">Vozol Vista 20000 Puhvi \u00fchekordne veip<\/strong> pakub kauakestvat j\u00f5udlust t\u00f5sistele Eesti veipijatele. \u00dcle 20 000 pahvi ja 650mAh taaslaetava akuga \u00fchendab see vastupidavuse ja mugavuse igap\u00e4evaseks kasutamiseks v\u00f5i reisimiseks. Sisseehitatud OLED-ekraan kuvab aku eluiga ja e-vedeliku taset, hoides iga seansi kontrolli all.<\/p>\n<p data-start=\"691\" data-end=\"1018\">Varustatud S.i.L.C Tech topeltv\u00f5rgusilma m\u00e4histega, toodab see <a href=\"https:\/\/vapebulkp.com\/et\/product-category\/20000-puffs-disposable-vape\/\"><strong data-start=\"740\" data-end=\"771\">20000 pahviga \u00fchekordselt kasutatav e-sigaret<\/strong><\/a> tihedat auru ja rikkalikku maitset, mis sobib ideaalselt suust-kopsu (MTL) veipimise entusiastidele. Kuus v\u00f5imsuse taset v\u00f5imaldavad maitse intensiivsuse ja pilvede tootmise t\u00e4pset reguleerimist, rahuldades nii m\u00f5\u00f5dukaid kui ka tugevaid nikotiinisoola veipimise eelistusi.<\/p>\n<p data-start=\"1020\" data-end=\"1278\">Valmistatud 65% PCR taaskasutatavatest materjalidest, pakub Vozol Vista 20k puffs Vape Pods keskkonnateadlikku varianti suure mahutavusega, <strong data-start=\"1127\" data-end=\"1159\">laetav \u00fchekordselt kasutatav vape<\/strong> kasutajatele. Kompaktne, elegantne ja hulgiostuks valmis, on see ideaalne Eesti jaem\u00fc\u00fcjatele, kes otsivad usaldusv\u00e4\u00e4rset ja suurt n\u00f5udlust pakkuvat toodet.<\/p>\n<h6 style=\"text-align: left\"><img decoding=\"async\" class=\"alignnone wp-image-2943\" src=\"http:\/\/vapebulkp.com\/wp-content\/uploads\/2024\/09\/VOZOL-VISTA-20000-Puffs-Top-Sale-Vape-1-1-e1727254794504.png\" alt=\"VOZOL VISTA 20000 Puffs Enim M\u00fc\u00fcdud Veip\" width=\"958\" height=\"385\" srcset=\"https:\/\/vapebulkp.com\/wp-content\/uploads\/2024\/09\/VOZOL-VISTA-20000-Puffs-Top-Sale-Vape-1-1-e1727254794504.png 3441w, https:\/\/vapebulkp.com\/wp-content\/uploads\/2024\/09\/VOZOL-VISTA-20000-Puffs-Top-Sale-Vape-1-1-e1727254794504-300x121.png 300w, https:\/\/vapebulkp.com\/wp-content\/uploads\/2024\/09\/VOZOL-VISTA-20000-Puffs-Top-Sale-Vape-1-1-e1727254794504-1024x412.png 1024w, https:\/\/vapebulkp.com\/wp-content\/uploads\/2024\/09\/VOZOL-VISTA-20000-Puffs-Top-Sale-Vape-1-1-e1727254794504-768x309.png 768w, https:\/\/vapebulkp.com\/wp-content\/uploads\/2024\/09\/VOZOL-VISTA-20000-Puffs-Top-Sale-Vape-1-1-e1727254794504-1536x618.png 1536w, https:\/\/vapebulkp.com\/wp-content\/uploads\/2024\/09\/VOZOL-VISTA-20000-Puffs-Top-Sale-Vape-1-1-e1727254794504-2048x824.png 2048w, https:\/\/vapebulkp.com\/wp-content\/uploads\/2024\/09\/VOZOL-VISTA-20000-Puffs-Top-Sale-Vape-1-1-e1727254794504-600x241.png 600w\" sizes=\"(max-width: 958px) 100vw, 958px\" \/><\/h6>\n<h6>Soodushinna saamiseks v\u00f5tke \u00fchendust Mandy WhatsAppiga<a href=\"https:\/\/wa.me\/8618077105796\">+8618077105796<\/a><\/h6>\n<p><img decoding=\"async\" class=\"alignnone wp-image-2151\" src=\"http:\/\/vapebulkp.com\/wp-content\/uploads\/2024\/04\/Mandy-WhatsApp-Randm.jpg\" alt=\"Mandy WhatsAppi tutvustus\" width=\"287\" height=\"305\" srcset=\"https:\/\/vapebulkp.com\/wp-content\/uploads\/2024\/04\/Mandy-WhatsApp-Randm.jpg 916w, https:\/\/vapebulkp.com\/wp-content\/uploads\/2024\/04\/Mandy-WhatsApp-Randm-282x300.jpg 282w, https:\/\/vapebulkp.com\/wp-content\/uploads\/2024\/04\/Mandy-WhatsApp-Randm-768x817.jpg 768w, https:\/\/vapebulkp.com\/wp-content\/uploads\/2024\/04\/Mandy-WhatsApp-Randm-600x638.jpg 600w\" sizes=\"(max-width: 287px) 100vw, 287px\" \/><\/p>\n<h2>Arvasin, et v\u00f5iksite teada <strong>VOZOL VISTA 20000 Puhvi vozol veipist<\/strong>\uff1a<\/h2>\n<p>&nbsp;<\/p>\n<ul>\n<li>\n<h6><strong>Mis on VOZOL VISTA 20k Puhvi OLED-ekraani eelised?<\/strong><\/h6>\n<p>OLED-ekraan v\u00f5imaldab kasutajatel h\u00f5lpsasti j\u00e4lgida aku eluiga ja e-vedeliku taset, tagades, et teil ei saa ootamatult aurustamis seansside ajal vedelik otsa.<\/li>\n<li>\n<h6><strong>Mitu pahvi v\u00f5in oodata VOZOL VISTA 20000 Puhvi \u00fchekordselt veibilt?<\/strong><\/h6>\n<p>See \u00fchekordne veip pakub muljetavaldavad 20 000+ pahvi, mis teeb sellest turul \u00fche kauakestvaima valiku neile, kes otsivad pikendatud kasutust.<\/li>\n<li>\n<h6><strong>Kas ma saan VOZOL VISTA v\u00f5imsust reguleerida?<\/strong><\/h6>\n<p>Jah, VOZOL VISTA-l on 6-tasemeline v\u00f5imsuse v\u00e4ljundi reguleerimine, mis v\u00f5imaldab teil kohandada oma veipimiskogemust vastavalt oma maitse ja aurutootmise eelistustele.<\/li>\n<li>\n<h6><strong>Kui kaua v\u00f5tab aega VOZOL VISTA 650 mAh aku t\u00e4ielik laadimine?<\/strong><\/h6>\n<p>650 mAh laetava aku saab t\u00e4is laadida vaid 45 minutiga, pakkudes kiiret mugavust inimestele, kes on alati liikvel.<\/li>\n<li>\n<h6><strong>Millist t\u00fc\u00fcpi m\u00e4hist kasutab VOZOL VISTA parema maitse saamiseks?<\/strong><\/h6>\n<p>See kasutab S.i.L.C Tech topeltv\u00f5rguga m\u00e4hist, mis parandab maitset ja auru tootmist, muutes selle suurep\u00e4raseks valikuks neile, kes naudivad rikkalikke veipimiskogemusi.<\/li>\n<li>\n<h6><strong>Kas VOZOL VISTA on keskkonnas\u00f5bralik?<\/strong><\/h6>\n<p>Jah, VOZOL VISTA valmistamisel kasutatud materjalid sisaldavad 65% PCR-i (taaskasutatav keskkonnas\u00f5bralik plastik), muutes selle s\u00e4\u00e4stvamaks valikuks teadlikele veipijatele.<\/li>\n<li>\n<h6><strong>Kas VOZOL VISTA sobib MTL veipimiseks?<\/strong><\/h6>\n<p>Kindlasti! Disain on optimeeritud suust-kopsu (MTL) veipimiseks, muutes selle ideaalseks nii uutele kui ka kogenud kasutajatele, kes eelistavad seda veipimisstiili.<\/li>\n<\/ul>\n<h3><strong>VOZOL VISTA 20000 Puffs \u00fchekordselt kasutatava e-sigareti omadused:<\/strong><\/h3>\n<ul>\n<li><strong>OLED-ekraan:<\/strong> Saate h\u00f5lpsalt j\u00e4lgida aku ja e-vedeliku taset optimaalse veipimiskogemuse saamiseks.<\/li>\n<li><strong>M\u00e4rkimisv\u00e4\u00e4rne mahutavus:<\/strong> Nautige \u00fcle 20 000 mahvi, mis teeb sellest \u00fche pikima kestvusega \u00fchekordselt kasutatava e-sigareti turul.<\/li>\n<li><strong>Reguleeritav v\u00f5imsus:<\/strong> Kohandage oma kogemust 6-astmelise v\u00f5imsuse reguleerimisega, et veipimine oleks isikup\u00e4rane.<\/li>\n<li><strong>Kiire laadimine:<\/strong> Varustatud 650 mAh laetava akuga, mis laeb t\u00e4is vaid 45 minutiga.<\/li>\n<li><strong>T\u00e4iustatud m\u00e4hise tehnoloogia:<\/strong> Varustatud S.i.L.C Tech topeltv\u00f5rguga m\u00e4hisega, mis parandab maitset ja auru tootmist.<\/li>\n<li><strong>Usaldusv\u00e4\u00e4rne protsessorikiip:<\/strong> Kasutab parema j\u00f5udluse ja ohutuse tagamiseks MCU-kiipi.<\/li>\n<li><strong>\u00d6koloogiliselt vastutustundlikud materjalid:<\/strong> Valmistatud 65% PCR-ist (taaskasutatavast looduss\u00f5bralikust plastist), et minimeerida keskkonnam\u00f5ju.<\/li>\n<li><strong>MTL-veipimine:<\/strong> M\u00f5eldud suust-kopsu veipimiseks, sobides nii algajatele kui ka kogenud kasutajatele.<\/li>\n<\/ul>\n<p>&nbsp;<\/p>\n<h3><strong>\u00a0 Populaarne veip <\/strong>Vozol Vista 20000 Puff Taskukohased veibivalikud<strong>\u00a0Maitsed:<\/strong><\/h3>\n<ol>\n<li>Sinine vaarika j\u00e4\u00e4<\/li>\n<li>Kirsi-kola<\/li>\n<li>Viinamarjaj\u00e4\u00e4<\/li>\n<li>Sidruni-laimi<\/li>\n<li>Mango J\u00e4\u00e4<\/li>\n<li>Miami m\u00fcnt<\/li>\n<li>Segatud marjad<\/li>\n<li>Virsiku Mango Arbuus<\/li>\n<li>Vaarika-arbuusi<\/li>\n<li>Hapu \u00d5un J\u00e4\u00e4<\/li>\n<li>Maasikas Mango<\/li>\n<li>Maasika Vaarika Kirss<\/li>\n<li>Vaniljekreemi Tubakas<\/li>\n<li>Arbuusi Mullikummi<\/li>\n<\/ol>\n<p><a href=\"https:\/\/vapebulkp.com\/et\/product\/popular-randm-tornado-7000puffs-disposable-vape-best-price\/\"><span style=\"vertical-align: inherit\">RandM Tornado 7000 Puhvrit <\/span><\/a><\/p>\n<p><span style=\"vertical-align: inherit\">Leia rohkem tooteid, mis sulle meeldida v\u00f5iksid:<\/span><em><a href=\"https:\/\/wa.me\/8618077105796\"><span style=\"vertical-align: inherit\">\u00a0Osta kohe<\/span><\/a><\/em><\/p>\n<p><span style=\"vertical-align: inherit\">Teised e-sigaretid, mis sulle meeldida v\u00f5ivad:<\/span><a href=\"https:\/\/vapebulkp.com\/et\/product\/uzy-bang-king-12k-disposable-vape-affordable-price\/\"><span style=\"vertical-align: inherit\">UZY Bang King 12000 pahvi<\/span><\/a><span style=\"vertical-align: inherit\">\u3001<\/span><a href=\"https:\/\/vapebulkp.com\/et\/product\/wholesale-randm-tornado-9000-puffs-germany\/\"><span style=\"vertical-align: inherit\">RandM 9000 Pahvi<\/span><\/a><span style=\"vertical-align: inherit\">\/ <\/span><a href=\"https:\/\/vapebulkp.com\/et\/product\/bang-king-12000puffs\/\"><span style=\"vertical-align: inherit\">Bang King 12000 Mahvi<\/span><\/a><span style=\"vertical-align: inherit\">\/ <\/span><a href=\"https:\/\/vapebulkp.com\/et\/product\/wholesale-tornado-rum-bar-9000-puffs-sweden\/\"><span style=\"vertical-align: inherit\">Rumbar 9000 pahvi<\/span><\/a><\/p>\n<p><span style=\"vertical-align: inherit\">Erilise kujuga e-sigareti pudel:<\/span><a href=\"https:\/\/vapebulkp.com\/et\/product\/wholesale-kulx-8000-puffs-disposable-vape\/\"><span style=\"vertical-align: inherit\">\u00a0Kulx 8000 pahvi<\/span><\/a><span style=\"vertical-align: inherit\">\/ <\/span><a href=\"https:\/\/vapebulkp.com\/et\/product\/original-bang-vape-box-20k-puff-disposable-vape\/\"><span style=\"vertical-align: inherit\">\u00a0Bang Box 20000 pahvi <\/span><\/a><span style=\"vertical-align: inherit\">\/<\/span><a href=\"https:\/\/vapebulkp.com\/et\/product\/wga-crystal-plus-16000-puffs-led-light-disposable-vape\/\"><span style=\"vertical-align: inherit\"> WGA Crystal 16000 Puhvrit<\/span><\/a><\/p>\n<h5>Tootmise kvalifikatsioon:<\/h5>\n<p><img decoding=\"async\" class=\"alignnone size-full wp-image-1841\" src=\"http:\/\/vapebulkp.com\/wp-content\/uploads\/2023\/11\/Vape-production-process-2.jpeg\" alt=\"Veibi tootmisprotsess\" width=\"650\" height=\"434\" srcset=\"https:\/\/vapebulkp.com\/wp-content\/uploads\/2023\/11\/Vape-production-process-2.jpeg 650w, https:\/\/vapebulkp.com\/wp-content\/uploads\/2023\/11\/Vape-production-process-2-300x200.jpeg 300w, https:\/\/vapebulkp.com\/wp-content\/uploads\/2023\/11\/Vape-production-process-2-600x401.jpeg 600w\" sizes=\"(max-width: 650px) 100vw, 650px\" \/><\/p>\n<p><img decoding=\"async\" class=\"alignnone size-full wp-image-1843\" src=\"http:\/\/vapebulkp.com\/wp-content\/uploads\/2023\/11\/Vape-production-process.jpeg\" alt=\"Veibi tootmisprotsess\" width=\"641\" height=\"1026\" srcset=\"https:\/\/vapebulkp.com\/wp-content\/uploads\/2023\/11\/Vape-production-process.jpeg 641w, https:\/\/vapebulkp.com\/wp-content\/uploads\/2023\/11\/Vape-production-process-187x300.jpeg 187w, https:\/\/vapebulkp.com\/wp-content\/uploads\/2023\/11\/Vape-production-process-640x1024.jpeg 640w, https:\/\/vapebulkp.com\/wp-content\/uploads\/2023\/11\/Vape-production-process-600x960.jpeg 600w\" sizes=\"(max-width: 641px) 100vw, 641px\" \/><\/p>\n<h5>KKK:<\/h5>\n<p>K: Mis on Vozol Vista 20000 Puffs minimaalne tellimiskogus?<br \/>\nV: Minimaalne tellimiskogus on 50 tk.<br \/>\nK: Mis on tellitud vape'i tarneaeg?<br \/>\nV: Tavaliselt 10-15 p\u00e4eva p\u00e4rast v\u00e4ljasaatmist<br \/>\nK: Kui palju on saatmiskulu?V: Saatmiskaal s\u00f5ltub kaalust. Erinevatel kogustel on erinevad saatmiskulud, saatmiskulu kinnitamiseks v\u00f5tke meiega \u00fchendust.<\/p>\n<h4>Saatmisinfo:<\/h4>\n<p><span style=\"color: #ff6600\">Tootmisaeg: 5-10 t\u00f6\u00f6p\u00e4eva<\/span><br \/>\n<span style=\"color: #ff6600\">Saatmisaeg: 8-14 t\u00f6\u00f6p\u00e4eva<\/span><\/p>\n<p>K\u00f5ik meie poe tooted on 100% originaalsed ja autentsed, seega on v\u00f5ltsitud kaupade eest k\u00fcmnekordne h\u00fcvitis meie poe poliitika. Kasutame kaupade teile tarnimiseks logistikakanaleid nagu UPS\/DHL\/FEDEX\/DPD.<\/p>\n<p>Eestisse saadetud pakkide kohalej\u00f5udmine v\u00f5tab tavaliselt aega 10 t\u00f6\u00f6p\u00e4eva. Euroopa riikidesse saatmine v\u00f5tab tavaliselt aega 12 kuni 15 t\u00f6\u00f6p\u00e4eva. Uuendame logistikainfot teie jaoks reaalajas.<\/p>","protected":false},"excerpt":{"rendered":"<p><strong>VOZOL VISTA 20000 Puhvi<\/strong> Suure mahutavusega veip Eestis<\/p>\n<p><strong>Kauakestev \u00fchekordne veip<\/strong> VOZOL VISTA 20k Puhvi<\/p>\n<p>Hulgihinnaga \u00fchekordne veip <strong>VOZOL VISTA 20k Puhvi<\/strong><\/p>\n<p><img decoding=\"async\" class=\"alignnone wp-image-2151\" src=\"http:\/\/vapebulkp.com\/wp-content\/uploads\/2024\/04\/Mandy-WhatsApp-Randm.jpg\" alt=\"Mandy WhatsAppi tutvustus\" width=\"234\" height=\"249\" srcset=\"https:\/\/vapebulkp.com\/wp-content\/uploads\/2024\/04\/Mandy-WhatsApp-Randm.jpg 916w, https:\/\/vapebulkp.com\/wp-content\/uploads\/2024\/04\/Mandy-WhatsApp-Randm-282x300.jpg 282w, https:\/\/vapebulkp.com\/wp-content\/uploads\/2024\/04\/Mandy-WhatsApp-Randm-768x817.jpg 768w, https:\/\/vapebulkp.com\/wp-content\/uploads\/2024\/04\/Mandy-WhatsApp-Randm-600x638.jpg 600w\" sizes=\"(max-width: 234px) 100vw, 234px\" \/><\/p>\n<p>Soodushinna saamiseks v\u00f5tke \u00fchendust Mandy WhatsAppiga<a href=\"https:\/\/wa.me\/8618077105796\">+8618077105796<\/a><\/p>\n<p><span style=\"color: #ff0000\">M\u00c4RKUS: Meie veebisaidi hinnad ei sisalda saatmiskulusid<\/span><\/p>\n<p>&nbsp;<\/p>","protected":false},"featured_media":2934,"comment_status":"open","ping_status":"closed","template":"","meta":{"_uag_custom_page_level_css":"","_lmt_disableupdate":"no","_lmt_disable":"","site-sidebar-layout":"default","site-content-layout":"content-boxed-container","ast-site-content-layout":"normal-width-container","site-content-style":"boxed","site-sidebar-style":"unboxed","ast-global-header-display":"","ast-banner-title-visibility":"","ast-main-header-display":"","ast-hfb-above-header-display":"","ast-hfb-below-header-display":"","ast-hfb-mobile-header-display":"","site-post-title":"","ast-breadcrumbs-content":"","ast-featured-img":"","footer-sml-layout":"","theme-transparent-header-meta":"default","adv-header-id-meta":"","stick-header-meta":"","header-above-stick-meta":"","header-main-stick-meta":"","header-below-stick-meta":"","astra-migrate-meta-layouts":"set","_joinchat":[]},"product_cat":[162,153,155,33,59,100,34,158,157,154,152,58,84,156,63,32,364],"product_tag":[109,36,37,41,40],"class_list":["post-2941","product","type-product","status-publish","has-post-thumbnail","hentry","product_cat-20000-puffs-disposable-vape","product_cat-hot-disposable-vapes","product_cat-belgium-hot-disposable-vapes","product_cat-france-vape-hot-sale","product_cat-germany-hot-disposable-vape","product_cat-germany-wholesale-vape-shop","product_cat-netherlands-vape-good-sale","product_cat-norway-hot-disposable-vapes","product_cat-poland-hot-disposable-vapes","product_cat-portugal-hot-disposable-vapes","product_cat-spain-hot-disposable-vapes","product_cat-sweden-hot-disposable-vape","product_cat-sweden-wholesale-vape","product_cat-switzerland-hot-disposable-vapes","product_cat-top-sale-disposable-vape","product_cat-vape-hot-sale-this-week","product_cat-vozol-vape","product_tag-20000-puffs","product_tag-good-vape","product_tag-hot-sale-disposable-vape","product_tag-poland-hot-vape","product_tag-sweden-hot-vape","pa_brand-vozol-vape","desktop-align-left","tablet-align-left","mobile-align-left"],"yoast_head":"<!-- This site is optimized with the Yoast SEO plugin v21.1 - https:\/\/yoast.com\/wordpress\/plugins\/seo\/ -->\n<title>Vozol Vista 20000 Puff Rechargeable Vape Cheap Price Today - vapebulkp.com<\/title>\n<meta name=\"description\" content=\"Order the Wholesale Price Vozol Vista 20000 Puffs Disposable Vape with dual mesh coils, adjustable wattage, and rechargeable battery.\" \/>\n<meta name=\"robots\" content=\"index, follow, max-snippet:-1, max-image-preview:large, max-video-preview:-1\" \/>\n<link rel=\"canonical\" href=\"https:\/\/vapebulkp.com\/et\/product\/vozol-vista-20000-puff-rechargeable-vape-cheap-price-today\/\" \/>\n<meta property=\"og:locale\" content=\"et_EE\" \/>\n<meta property=\"og:type\" content=\"article\" \/>\n<meta property=\"og:title\" content=\"Vozol Vista 20000 Puff Rechargeable Vape Cheap Price Today - vapebulkp.com\" \/>\n<meta property=\"og:description\" content=\"Order the Wholesale Price Vozol Vista 20000 Puffs Disposable Vape with dual mesh coils, adjustable wattage, and rechargeable battery.\" \/>\n<meta property=\"og:url\" content=\"https:\/\/vapebulkp.com\/et\/product\/vozol-vista-20000-puff-rechargeable-vape-cheap-price-today\/\" \/>\n<meta property=\"og:site_name\" content=\"vapebulkp.com\" \/>\n<meta property=\"article:modified_time\" content=\"2025-09-24T03:47:17+00:00\" \/>\n<meta property=\"og:image\" content=\"http:\/\/vapebulkp.com\/wp-content\/uploads\/2024\/09\/VOZOL-VISTA-20000-Puffs-Best-disposable-vape-Europe.png\" \/>\n\t<meta property=\"og:image:width\" content=\"575\" \/>\n\t<meta property=\"og:image:height\" content=\"873\" \/>\n\t<meta property=\"og:image:type\" content=\"image\/png\" \/>\n<meta name=\"twitter:card\" content=\"summary_large_image\" \/>\n<meta name=\"twitter:label1\" content=\"Est. reading time\" \/>\n\t<meta name=\"twitter:data1\" content=\"5 minutit\" \/>\n<script type=\"application\/ld+json\" class=\"yoast-schema-graph\">{\"@context\":\"https:\/\/schema.org\",\"@graph\":[{\"@type\":\"WebPage\",\"@id\":\"https:\/\/vapebulkp.com\/product\/vozol-vista-20000-puff-rechargeable-vape-cheap-price-today\/\",\"url\":\"https:\/\/vapebulkp.com\/product\/vozol-vista-20000-puff-rechargeable-vape-cheap-price-today\/\",\"name\":\"Vozol Vista 20000 Puff Rechargeable Vape Cheap Price Today - vapebulkp.com\",\"isPartOf\":{\"@id\":\"https:\/\/vapebulkp.com\/#website\"},\"datePublished\":\"2024-09-25T08:02:50+00:00\",\"dateModified\":\"2025-09-24T03:47:17+00:00\",\"description\":\"Order the Wholesale Price Vozol Vista 20000 Puffs Disposable Vape with dual mesh coils, adjustable wattage, and rechargeable battery.\",\"breadcrumb\":{\"@id\":\"https:\/\/vapebulkp.com\/product\/vozol-vista-20000-puff-rechargeable-vape-cheap-price-today\/#breadcrumb\"},\"inLanguage\":\"et\",\"potentialAction\":[{\"@type\":\"ReadAction\",\"target\":[\"https:\/\/vapebulkp.com\/product\/vozol-vista-20000-puff-rechargeable-vape-cheap-price-today\/\"]}]},{\"@type\":\"BreadcrumbList\",\"@id\":\"https:\/\/vapebulkp.com\/product\/vozol-vista-20000-puff-rechargeable-vape-cheap-price-today\/#breadcrumb\",\"itemListElement\":[{\"@type\":\"ListItem\",\"position\":1,\"name\":\"Home\",\"item\":\"https:\/\/vapebulkp.com\/\"},{\"@type\":\"ListItem\",\"position\":2,\"name\":\"Hot Trend Vapes\",\"item\":\"https:\/\/vapebulkp.com\/vape-shop\/\"},{\"@type\":\"ListItem\",\"position\":3,\"name\":\"Vozol Vista 20000 Puff Rechargeable Vape Cheap Price Today\"}]},{\"@type\":\"WebSite\",\"@id\":\"https:\/\/vapebulkp.com\/#website\",\"url\":\"https:\/\/vapebulkp.com\/\",\"name\":\"vapebulkp.com\",\"description\":\"Buy Vape In Cheap Bulk Price Near you\",\"publisher\":{\"@id\":\"https:\/\/vapebulkp.com\/#organization\"},\"potentialAction\":[{\"@type\":\"SearchAction\",\"target\":{\"@type\":\"EntryPoint\",\"urlTemplate\":\"https:\/\/vapebulkp.com\/?s={search_term_string}\"},\"query-input\":\"required name=search_term_string\"}],\"inLanguage\":\"et\"},{\"@type\":\"Organization\",\"@id\":\"https:\/\/vapebulkp.com\/#organization\",\"name\":\"vapebulkp.com\",\"url\":\"https:\/\/vapebulkp.com\/\",\"logo\":{\"@type\":\"ImageObject\",\"inLanguage\":\"et\",\"@id\":\"https:\/\/vapebulkp.com\/#\/schema\/logo\/image\/\",\"url\":\"https:\/\/vapebulkp.com\/wp-content\/uploads\/2023\/09\/cropped-vapebulkp.png\",\"contentUrl\":\"https:\/\/vapebulkp.com\/wp-content\/uploads\/2023\/09\/cropped-vapebulkp.png\",\"width\":516,\"height\":163,\"caption\":\"vapebulkp.com\"},\"image\":{\"@id\":\"https:\/\/vapebulkp.com\/#\/schema\/logo\/image\/\"}}]}<\/script>\n<!-- \/ Yoast SEO plugin. -->","yoast_head_json":{"title":"Vozol Vista 20000 Puff Rechargeable Vape Cheap Price Today - vapebulkp.com","description":"Order the Wholesale Price Vozol Vista 20000 Puffs Disposable Vape with dual mesh coils, adjustable wattage, and rechargeable battery.","robots":{"index":"index","follow":"follow","max-snippet":"max-snippet:-1","max-image-preview":"max-image-preview:large","max-video-preview":"max-video-preview:-1"},"canonical":"https:\/\/vapebulkp.com\/et\/product\/vozol-vista-20000-puff-rechargeable-vape-cheap-price-today\/","og_locale":"et_EE","og_type":"article","og_title":"Vozol Vista 20000 Puff Rechargeable Vape Cheap Price Today - vapebulkp.com","og_description":"Order the Wholesale Price Vozol Vista 20000 Puffs Disposable Vape with dual mesh coils, adjustable wattage, and rechargeable battery.","og_url":"https:\/\/vapebulkp.com\/et\/product\/vozol-vista-20000-puff-rechargeable-vape-cheap-price-today\/","og_site_name":"vapebulkp.com","article_modified_time":"2025-09-24T03:47:17+00:00","og_image":[{"width":575,"height":873,"url":"http:\/\/vapebulkp.com\/wp-content\/uploads\/2024\/09\/VOZOL-VISTA-20000-Puffs-Best-disposable-vape-Europe.png","type":"image\/png"}],"twitter_card":"summary_large_image","twitter_misc":{"Est. reading time":"5 minutit"},"schema":{"@context":"https:\/\/schema.org","@graph":[{"@type":"WebPage","@id":"https:\/\/vapebulkp.com\/product\/vozol-vista-20000-puff-rechargeable-vape-cheap-price-today\/","url":"https:\/\/vapebulkp.com\/product\/vozol-vista-20000-puff-rechargeable-vape-cheap-price-today\/","name":"Vozol Vista 20000 Puff Rechargeable Vape Cheap Price Today - vapebulkp.com","isPartOf":{"@id":"https:\/\/vapebulkp.com\/#website"},"datePublished":"2024-09-25T08:02:50+00:00","dateModified":"2025-09-24T03:47:17+00:00","description":"Order the Wholesale Price Vozol Vista 20000 Puffs Disposable Vape with dual mesh coils, adjustable wattage, and rechargeable battery.","breadcrumb":{"@id":"https:\/\/vapebulkp.com\/product\/vozol-vista-20000-puff-rechargeable-vape-cheap-price-today\/#breadcrumb"},"inLanguage":"et","potentialAction":[{"@type":"ReadAction","target":["https:\/\/vapebulkp.com\/product\/vozol-vista-20000-puff-rechargeable-vape-cheap-price-today\/"]}]},{"@type":"BreadcrumbList","@id":"https:\/\/vapebulkp.com\/product\/vozol-vista-20000-puff-rechargeable-vape-cheap-price-today\/#breadcrumb","itemListElement":[{"@type":"ListItem","position":1,"name":"Home","item":"https:\/\/vapebulkp.com\/"},{"@type":"ListItem","position":2,"name":"Hot Trend Vapes","item":"https:\/\/vapebulkp.com\/vape-shop\/"},{"@type":"ListItem","position":3,"name":"Vozol Vista 20000 Puff Rechargeable Vape Cheap Price Today"}]},{"@type":"WebSite","@id":"https:\/\/vapebulkp.com\/#website","url":"https:\/\/vapebulkp.com\/","name":"vapebulkp.com","description":"Buy Vape In Cheap Bulk Price Near you","publisher":{"@id":"https:\/\/vapebulkp.com\/#organization"},"potentialAction":[{"@type":"SearchAction","target":{"@type":"EntryPoint","urlTemplate":"https:\/\/vapebulkp.com\/?s={search_term_string}"},"query-input":"required name=search_term_string"}],"inLanguage":"et"},{"@type":"Organization","@id":"https:\/\/vapebulkp.com\/#organization","name":"vapebulkp.com","url":"https:\/\/vapebulkp.com\/","logo":{"@type":"ImageObject","inLanguage":"et","@id":"https:\/\/vapebulkp.com\/#\/schema\/logo\/image\/","url":"https:\/\/vapebulkp.com\/wp-content\/uploads\/2023\/09\/cropped-vapebulkp.png","contentUrl":"https:\/\/vapebulkp.com\/wp-content\/uploads\/2023\/09\/cropped-vapebulkp.png","width":516,"height":163,"caption":"vapebulkp.com"},"image":{"@id":"https:\/\/vapebulkp.com\/#\/schema\/logo\/image\/"}}]}},"uagb_featured_image_src":{"full":["https:\/\/vapebulkp.com\/wp-content\/uploads\/2024\/09\/VOZOL-VISTA-20000-Puffs-Best-disposable-vape-Europe.png",575,873,false],"thumbnail":["https:\/\/vapebulkp.com\/wp-content\/uploads\/2024\/09\/VOZOL-VISTA-20000-Puffs-Best-disposable-vape-Europe-150x150.png",150,150,true],"medium":["https:\/\/vapebulkp.com\/wp-content\/uploads\/2024\/09\/VOZOL-VISTA-20000-Puffs-Best-disposable-vape-Europe-198x300.png",198,300,true],"medium_large":["https:\/\/vapebulkp.com\/wp-content\/uploads\/2024\/09\/VOZOL-VISTA-20000-Puffs-Best-disposable-vape-Europe.png",575,873,false],"large":["https:\/\/vapebulkp.com\/wp-content\/uploads\/2024\/09\/VOZOL-VISTA-20000-Puffs-Best-disposable-vape-Europe.png",575,873,false],"1536x1536":["https:\/\/vapebulkp.com\/wp-content\/uploads\/2024\/09\/VOZOL-VISTA-20000-Puffs-Best-disposable-vape-Europe.png",575,873,false],"2048x2048":["https:\/\/vapebulkp.com\/wp-content\/uploads\/2024\/09\/VOZOL-VISTA-20000-Puffs-Best-disposable-vape-Europe.png",575,873,false],"trp-custom-language-flag":["https:\/\/vapebulkp.com\/wp-content\/uploads\/2024\/09\/VOZOL-VISTA-20000-Puffs-Best-disposable-vape-Europe.png",8,12,false],"woocommerce_thumbnail":["https:\/\/vapebulkp.com\/wp-content\/uploads\/2024\/09\/VOZOL-VISTA-20000-Puffs-Best-disposable-vape-Europe-300x300.png",300,300,true],"woocommerce_single":["https:\/\/vapebulkp.com\/wp-content\/uploads\/2024\/09\/VOZOL-VISTA-20000-Puffs-Best-disposable-vape-Europe.png",575,873,false],"woocommerce_gallery_thumbnail":["https:\/\/vapebulkp.com\/wp-content\/uploads\/2024\/09\/VOZOL-VISTA-20000-Puffs-Best-disposable-vape-Europe-100x100.png",100,100,true],"wcpr-photo-reviews":["https:\/\/vapebulkp.com\/wp-content\/uploads\/2024\/09\/VOZOL-VISTA-20000-Puffs-Best-disposable-vape-Europe.png",329,500,false]},"uagb_author_info":{"display_name":"Mandy vape bulk price","author_link":"https:\/\/vapebulkp.com\/et\/author\/"},"uagb_comment_info":0,"uagb_excerpt":"VOZOL VISTA 20000 Puffs High-capacity vape Germany Long-last disposable vape VOZOL VISTA 20k Puffs Bulk Price disposable vape VOZOL VISTA 20k Puffs Pls Contact Mandy's WhatsApp For Discount Price+8618077105796 NOTE: Prices on our website does not include shipping costs &nbsp;","_links":{"self":[{"href":"https:\/\/vapebulkp.com\/et\/wp-json\/wp\/v2\/product\/2941","targetHints":{"allow":["GET"]}}],"collection":[{"href":"https:\/\/vapebulkp.com\/et\/wp-json\/wp\/v2\/product"}],"about":[{"href":"https:\/\/vapebulkp.com\/et\/wp-json\/wp\/v2\/types\/product"}],"replies":[{"embeddable":true,"href":"https:\/\/vapebulkp.com\/et\/wp-json\/wp\/v2\/comments?post=2941"}],"wp:featuredmedia":[{"embeddable":true,"href":"https:\/\/vapebulkp.com\/et\/wp-json\/wp\/v2\/media\/2934"}],"wp:attachment":[{"href":"https:\/\/vapebulkp.com\/et\/wp-json\/wp\/v2\/media?parent=2941"}],"wp:term":[{"taxonomy":"product_cat","embeddable":true,"href":"https:\/\/vapebulkp.com\/et\/wp-json\/wp\/v2\/product_cat?post=2941"},{"taxonomy":"product_tag","embeddable":true,"href":"https:\/\/vapebulkp.com\/et\/wp-json\/wp\/v2\/product_tag?post=2941"}],"curies":[{"name":"wp","href":"https:\/\/api.w.org\/{rel}","templated":true}]}}